{"id":1622,"date":"2023-09-28T09:40:29","date_gmt":"2023-09-28T07:40:29","guid":{"rendered":"https:\/\/vapebulkp.com\/?post_type=product&#038;p=1622"},"modified":"2025-09-01T05:11:02","modified_gmt":"2025-09-01T03:11:02","slug":"wholesale-disposable-vape-sidia-12000puffs","status":"publish","type":"product","link":"https:\/\/vapebulkp.com\/sl\/product\/wholesale-disposable-vape-sidia-12000puffs\/","title":{"rendered":"Veleprodaja Vape za enkratno uporabo SIDIA 12000 Puffs"},"content":{"rendered":"<h2>Kaj je Vape za enkratno uporabo na debelo SIDIA 12000 Puffs?<\/h2>\n<p>&nbsp;<\/p>\n<p data-start=\"299\" data-end=\"613\">Vro\u010de prodajani vape <strong data-start=\"343\" data-end=\"363\">SIDIA 12000 vpihov<\/strong> je visoko zmogljiva <a href=\"https:\/\/vapebulkp.com\/sl\/product-category\/12000-puffs-disposable-vape\/\"><strong data-start=\"383\" data-end=\"414\">12000 vdihov e-cigareta za enkratno uporabo<\/strong><\/a> narejen za evropske uporabnike, ki zahtevajo dolgotrajno delovanje in bogat okus. Opremljen z napredno tehnologijo tuljave in 20-mililitrskim rezervoarjem za e-teko\u010dino, zagotavlja gladko, enakomerno paro pri vsakem vdihu.<\/p>\n<p data-start=\"615\" data-end=\"887\">Zasnovan za udobje, ta <strong data-start=\"646\" data-end=\"678\">za polnljiva jednokratna vape<\/strong> se pona\u0161a s kompaktnim, ergonomskim ohi\u0161jem, ki je enostavno za prena\u0161anje, zaradi \u010desar je popoln za vsakodnevno uporabo ali vejpanje na poti. Z mo\u017enostmi nikotinske soli od 2 % do 5 % ustreza tako zmernim kot mo\u010dnim udarcem.<\/p>\n<p data-start=\"889\" data-end=\"1163\">Od klasi\u010dnega tobaka do mentola in eksoti\u010dnih me\u0161anic okusov, ta <strong data-start=\"951\" data-end=\"971\">SIDIA 12000 vpihov<\/strong> proizvaja goste oblake in pristen okus za zadovoljivo vejpanje. Ta mo\u017enost, idealna za trgovce na drobno in kupce v razsutem stanju, je na voljo za po\u0161iljanje iz evropskih skladi\u0161\u010d. <strong data-start=\"1087\" data-end=\"1108\">veleprodajni vape EU<\/strong> mo\u017enost je na voljo za po\u0161iljanje iz evropskih skladi\u0161\u010d.<\/p>\n<p>&nbsp;<\/p>\n<p><img decoding=\"async\" class=\"alignnone wp-image-1732\" src=\"http:\/\/vapebulkp.com\/wp-content\/uploads\/2023\/09\/Hot-Selling-Sidia-12000-Puffs-20-Ml-Disposable_yyth-8-1.png\" alt=\"Vro\u010de prodajani Sidia 12000 Puffs 20 ml Vape za enkratno uporabo_yyth (8)\" width=\"706\" height=\"431\" srcset=\"https:\/\/vapebulkp.com\/wp-content\/uploads\/2023\/09\/Hot-Selling-Sidia-12000-Puffs-20-Ml-Disposable_yyth-8-1.png 1060w, https:\/\/vapebulkp.com\/wp-content\/uploads\/2023\/09\/Hot-Selling-Sidia-12000-Puffs-20-Ml-Disposable_yyth-8-1-300x183.png 300w, https:\/\/vapebulkp.com\/wp-content\/uploads\/2023\/09\/Hot-Selling-Sidia-12000-Puffs-20-Ml-Disposable_yyth-8-1-1024x625.png 1024w, https:\/\/vapebulkp.com\/wp-content\/uploads\/2023\/09\/Hot-Selling-Sidia-12000-Puffs-20-Ml-Disposable_yyth-8-1-768x469.png 768w, https:\/\/vapebulkp.com\/wp-content\/uploads\/2023\/09\/Hot-Selling-Sidia-12000-Puffs-20-Ml-Disposable_yyth-8-1-600x366.png 600w\" sizes=\"(max-width: 706px) 100vw, 706px\" \/><\/p>\n<h5 class=\"style-scope ytd-watch-metadata\">1.Kako uporabljati Vape Pen SIDIA 12000 Puffs pri nakupu v razsutem stanju?<\/h5>\n<p>Korak 1. Pred uporabo 12k vpihov odstranite plasti\u010dno cevko.<\/p>\n<p>Korak 2. Po\u010dakajte pribli\u017eno 3 minute, da se sok vpije v tuljavo znotraj.<\/p>\n<p>Korak 3. U\u017eivajte<\/p>\n<h5>2.KAKO POLNITI NAPRAVO ZA ENKRATNO UPORABO SIDIA 12000 PUFFS?<\/h5>\n<p>Polnilnikov za hitro polnjenje ni mogo\u010de uporabljati, standardna varna mo\u010d e-cigaret za enkratno uporabo pa je 5V 1A.<\/p>\n<p>Vsak \u010das polnjenja ne sme prese\u010di 1 ure, varen \u010das polnjenja pa je pol ure.<\/p>\n<p><span style=\"color: #ff6600\">Opomba: ne polnite celo no\u010d!<\/span><\/p>\n<h6 style=\"text-align: left\"><\/h6>\n<h6>Za popust se obrnite na Mandyin WhatsApp<a href=\"https:\/\/wa.me\/8618077105796\">+8618077105796<\/a><\/h6>\n<p><img decoding=\"async\" class=\"alignnone wp-image-2151\" src=\"http:\/\/vapebulkp.com\/wp-content\/uploads\/2024\/04\/Mandy-WhatsApp-Randm.jpg\" alt=\"Mandy WhatsApp Randm\" width=\"329\" height=\"350\" srcset=\"https:\/\/vapebulkp.com\/wp-content\/uploads\/2024\/04\/Mandy-WhatsApp-Randm.jpg 916w, https:\/\/vapebulkp.com\/wp-content\/uploads\/2024\/04\/Mandy-WhatsApp-Randm-282x300.jpg 282w, https:\/\/vapebulkp.com\/wp-content\/uploads\/2024\/04\/Mandy-WhatsApp-Randm-768x817.jpg 768w, https:\/\/vapebulkp.com\/wp-content\/uploads\/2024\/04\/Mandy-WhatsApp-Randm-600x638.jpg 600w\" sizes=\"(max-width: 329px) 100vw, 329px\" \/><\/p>\n<p>&nbsp;<\/p>\n<h3><strong><span style=\"vertical-align: inherit\">Specifikacija izdelka za veleprodajni Vape SIDIA 12K PUFF:<\/span><br \/>\n<\/strong><\/h3>\n<ul>\n<li>Baterija: 650mAh (Tip C)<br \/>\nKapaciteta:20ml<br \/>\nTuljava: 0,8 ohm mre\u017ena<br \/>\nPribli\u017ena prostornina sesanja: 12000 vpihov<br \/>\nPlus jakost nikotina: 2%, 5%<br \/>\nMOQ: 100 KOS<\/li>\n<\/ul>\n<h3><strong>Kateri so najbolj\u0161i okusi Vapa SIDIA 12000 Puffs?<\/strong><\/h3>\n<p>&nbsp;<\/p>\n<p>1.Sve\u017e led<br \/>\n2.Borovnica z ledom<br \/>\n3. Breskev z mentolom<br \/>\n4. Grape Ice<br \/>\n5.Me\u0161ane jagode<br \/>\n6.Jagoda lubenica<br \/>\n7.Jagoda in banana<br \/>\n8.Jagoda kivi<br \/>\n9.Energijska pija\u010da z ledom<br \/>\n10.Modra malinova limonada<br \/>\n11.Kivi Pasijonka Gvava<\/p>\n<p><a href=\"https:\/\/vapebulkp.com\/sl\/product\/wholesale-price-disposable-vape-crystal-600-puffs\/\"><span style=\"vertical-align: inherit\">Dober razprodaja Crystal 600 vdihov <\/span><\/a><\/p>\n<p><span style=\"vertical-align: inherit\">Poi\u0161\u010dite ve\u010d izdelkov, ki bi vam bili morda v\u0161e\u010d:<\/span><em><a href=\"https:\/\/wa.me\/8618077105796\"><span style=\"vertical-align: inherit\">\u00a0Kupite zdaj<\/span><\/a><\/em><\/p>\n<p><span style=\"vertical-align: inherit\">Drugi 'puffs', ki bi vam bili morda v\u0161e\u010d:<\/span><a href=\"https:\/\/vapebulkp.com\/sl\/product\/good-sale-bang-de-8500puffs-wholesale-price\/\"><span style=\"vertical-align: inherit\">Bang DE 8500 Vpihov<\/span><\/a><span style=\"vertical-align: inherit\">\u3001<\/span><a href=\"https:\/\/vapebulkp.com\/sl\/product\/good-sale-randm-tornado-10000-puffs-plus\/\"><span style=\"vertical-align: inherit\">Tornado 10000 Pufov Plus<\/span><\/a><span style=\"vertical-align: inherit\">\/ <\/span><a href=\"https:\/\/vapebulkp.com\/sl\/product\/popular-randm-tornado-7000puffs-disposable-vape-best-price\/\"><span style=\"vertical-align: inherit\">RandM Tornado 7000 Pih<\/span><\/a><span style=\"vertical-align: inherit\">\/ <\/span><a href=\"https:\/\/vapebulkp.com\/sl\/product\/wholesale-randm-tornado-9000-puffs-germany\/\"><span style=\"vertical-align: inherit\">RandM Tornado 9000 Puffs<\/span><\/a><\/p>\n<p><span style=\"vertical-align: inherit\">E-cigareta posebne oblike steklenice:<\/span><a href=\"https:\/\/vapebulkp.com\/sl\/product\/bulk-buy-kulx-8800-puffs-disposable-vape-wholesale-germany\/\"><span style=\"vertical-align: inherit\">Kulx 8800 vdihov <\/span><\/a><span style=\"vertical-align: inherit\">\/ <\/span><a href=\"https:\/\/vapebulkp.com\/sl\/product\/popular-bang-king-10000-puffs-vape-good-price\/\"><span style=\"vertical-align: inherit\">Bang King 12000 vlekov <\/span><\/a><span style=\"vertical-align: inherit\">\/<\/span><a href=\"https:\/\/vapebulkp.com\/sl\/product\/popular-kulx-10000puffs-disposable-vape-good-price\/\"><span style=\"vertical-align: inherit\">Kulx 10000 Puffs<\/span><\/a><\/p>\n<h5>Proizvodne kvalifikacije:<\/h5>\n<p><img decoding=\"async\" class=\"alignnone size-full wp-image-1841\" src=\"http:\/\/vapebulkp.com\/wp-content\/uploads\/2023\/11\/Vape-production-process-2.jpeg\" alt=\"Proces proizvodnje vape\" width=\"650\" height=\"434\" srcset=\"https:\/\/vapebulkp.com\/wp-content\/uploads\/2023\/11\/Vape-production-process-2.jpeg 650w, https:\/\/vapebulkp.com\/wp-content\/uploads\/2023\/11\/Vape-production-process-2-300x200.jpeg 300w, https:\/\/vapebulkp.com\/wp-content\/uploads\/2023\/11\/Vape-production-process-2-600x401.jpeg 600w\" sizes=\"(max-width: 650px) 100vw, 650px\" \/><\/p>\n<p><img decoding=\"async\" class=\"alignnone size-full wp-image-1843\" src=\"http:\/\/vapebulkp.com\/wp-content\/uploads\/2023\/11\/Vape-production-process.jpeg\" alt=\"Proces proizvodnje vape\" width=\"641\" height=\"1026\" srcset=\"https:\/\/vapebulkp.com\/wp-content\/uploads\/2023\/11\/Vape-production-process.jpeg 641w, https:\/\/vapebulkp.com\/wp-content\/uploads\/2023\/11\/Vape-production-process-187x300.jpeg 187w, https:\/\/vapebulkp.com\/wp-content\/uploads\/2023\/11\/Vape-production-process-640x1024.jpeg 640w, https:\/\/vapebulkp.com\/wp-content\/uploads\/2023\/11\/Vape-production-process-600x960.jpeg 600w\" sizes=\"(max-width: 641px) 100vw, 641px\" \/><\/p>\n<h5>Pogosta vpra\u0161anja:<\/h5>\n<p>V: Kak\u0161na je minimalna koli\u010dina naro\u010dila za SIDIA 12000 Puffs?<br \/>\nO: Najmanj\u0161e naro\u010dilo je 100 kosov.<br \/>\nV: Kak\u0161en je dobavni rok za naro\u010deno vape?<br \/>\nO: Obi\u010dajno je 10-15 dni po odpremi<br \/>\nV: Koliko stanejo stro\u0161ki po\u0161iljanja? O: Stro\u0161ki po\u0161iljanja so odvisni od te\u017ee. Stro\u0161ki po\u0161iljanja se razlikujejo glede na koli\u010dino in so v vsaki dr\u017eavi druga\u010dni. Preden oddate naro\u010dilo, se obrnite na nas, da potrdimo stro\u0161ke po\u0161iljanja. Zagotovili vam bomo zadovoljivo nakupovalno izku\u0161njo.<\/p>\n<p>&nbsp;<\/p>\n<h4>Podrobnosti dostave:<\/h4>\n<p><span style=\"color: #ff6600\">\u010cas proizvodnje: 5\u201310 delovnih dni<\/span><br \/>\n<span style=\"color: #ff6600\">\u010cas dostave: 8\u201314 delovnih dni<\/span><\/p>\n<p>Vsi izdelki v na\u0161i trgovini so 100% originalni in avtenti\u010dni, zato je na\u0161a politika desetkratno nadomestilo za ponarejeno blago. Za dostavo blaga vam uporabljamo logisti\u010dne kanale, kot so UPS\/DHL\/FEDEX\/DPD.<\/p>\n<p>Za pakete, poslane v Slovenijo, obi\u010dajno traja 10 delovnih dni. Po\u0161iljanje v evropske dr\u017eave obi\u010dajno traja 12 do 15 delovnih dni. Logisti\u010dne informacije vam bomo sproti posodabljali.<\/p>\n<h3>Dobra poprodajna storitev:<\/h3>\n<p>Obvestilo: Brez vra\u010dil ali zamenjav za te\u017eave, ki niso povezane s kakovostjo<br \/>\n1. Kupci lahko izberejo \u017eeleni okus, vendar \u010de okusa ni na zalogi, bo proizvodni oddelek izbral priljubljen okus za zamenjavo. Kupcem ni dovoljeno zahtevati vra\u010dila ali zamenjave na podlagi okusov.<\/p>\n<p>2. \u010ce pride do te\u017eav s kakovostjo, prosimo, predlo\u017eite podroben opis v obliki videa in slik.<br \/>\n\u010ce ne morete predlo\u017eiti dokazov, kot so videoposnetki in fotografije, blaga ni mogo\u010de zamenjati.<\/p>","protected":false},"excerpt":{"rendered":"<p>Vro\u010de prodajani SIDIA 12000 Puffs nudi trgovcem znatno mar\u017eo dobi\u010dka. Z impresivnimi 12.000 vdihi na napravo se bodo stranke vedno znova vra\u010dale po \u0161e ve\u010d. To pomeni ve\u010djo prodajo in zvestobo strank, kar se bo za va\u0161e podjetje preneslo v vi\u0161ji prihodek.<\/p>\n<p><img decoding=\"async\" class=\"alignnone wp-image-2151\" src=\"http:\/\/vapebulkp.com\/wp-content\/uploads\/2024\/04\/Mandy-WhatsApp-Randm.jpg\" alt=\"Mandy WhatsApp Randm\" width=\"276\" height=\"293\" srcset=\"https:\/\/vapebulkp.com\/wp-content\/uploads\/2024\/04\/Mandy-WhatsApp-Randm.jpg 916w, https:\/\/vapebulkp.com\/wp-content\/uploads\/2024\/04\/Mandy-WhatsApp-Randm-282x300.jpg 282w, https:\/\/vapebulkp.com\/wp-content\/uploads\/2024\/04\/Mandy-WhatsApp-Randm-768x817.jpg 768w, https:\/\/vapebulkp.com\/wp-content\/uploads\/2024\/04\/Mandy-WhatsApp-Randm-600x638.jpg 600w\" sizes=\"(max-width: 276px) 100vw, 276px\" \/><\/p>\n<p>Za popust se obrnite na Mandyin WhatsApp<a href=\"https:\/\/wa.me\/8618077105796\">+8618077105796<\/a><\/p>\n<p><span style=\"color: #ff0000\">OPOMBA: Cene na na\u0161i spletni strani ne vklju\u010dujejo stro\u0161kov po\u0161iljanja.<\/span><\/p>","protected":false},"featured_media":1727,"comment_status":"open","ping_status":"closed","template":"","meta":{"_uag_custom_page_level_css":"","_lmt_disableupdate":"no","_lmt_disable":"","site-sidebar-layout":"default","site-content-layout":"content-boxed-container","ast-site-content-layout":"normal-width-container","site-content-style":"boxed","site-sidebar-style":"unboxed","ast-global-header-display":"","ast-banner-title-visibility":"","ast-main-header-display":"","ast-hfb-above-header-display":"","ast-hfb-below-header-display":"","ast-hfb-mobile-header-display":"","site-post-title":"","ast-breadcrumbs-content":"","ast-featured-img":"","footer-sml-layout":"","theme-transparent-header-meta":"default","adv-header-id-meta":"","stick-header-meta":"","header-above-stick-meta":"","header-main-stick-meta":"","header-below-stick-meta":"","astra-migrate-meta-layouts":"set","_joinchat":[]},"product_cat":[166,153,155,33,59,100,34,158,157,154,152,58,84,156,63,32],"product_tag":[68,36,37,41,74,40],"class_list":["post-1622","product","type-product","status-publish","has-post-thumbnail","hentry","product_cat-12000-puffs-disposable-vape","product_cat-hot-disposable-vapes","product_cat-belgium-hot-disposable-vapes","product_cat-france-vape-hot-sale","product_cat-germany-hot-disposable-vape","product_cat-germany-wholesale-vape-shop","product_cat-netherlands-vape-good-sale","product_cat-norway-hot-disposable-vapes","product_cat-poland-hot-disposable-vapes","product_cat-portugal-hot-disposable-vapes","product_cat-spain-hot-disposable-vapes","product_cat-sweden-hot-disposable-vape","product_cat-sweden-wholesale-vape","product_cat-switzerland-hot-disposable-vapes","product_cat-top-sale-disposable-vape","product_cat-vape-hot-sale-this-week","product_tag-12000-puffs","product_tag-good-vape","product_tag-hot-sale-disposable-vape","product_tag-poland-hot-vape","product_tag-randm-vape","product_tag-sweden-hot-vape","desktop-align-left","tablet-align-left","mobile-align-left"],"yoast_head":"<!-- This site is optimized with the Yoast SEO plugin v21.1 - https:\/\/yoast.com\/wordpress\/plugins\/seo\/ -->\n<title>Wholesale Disposable Vape SIDIA 12000Puffs - vapebulkp.com<\/title>\n<meta name=\"description\" content=\"Wholesale Disposable Vape SIDIA 12000Puffs Top Sale is not just a high-performing product; it&#039;s also a visual delight. Its sleek design and attractive packaging make it a standout on your store shelves.\" \/>\n<meta name=\"robots\" content=\"index, follow, max-snippet:-1, max-image-preview:large, max-video-preview:-1\" \/>\n<link rel=\"canonical\" href=\"https:\/\/vapebulkp.com\/sl\/product\/wholesale-disposable-vape-sidia-12000puffs\/\" \/>\n<meta property=\"og:locale\" content=\"sl_SI\" \/>\n<meta property=\"og:type\" content=\"article\" \/>\n<meta property=\"og:title\" content=\"Wholesale Disposable Vape SIDIA 12000Puffs - vapebulkp.com\" \/>\n<meta property=\"og:description\" content=\"Wholesale Disposable Vape SIDIA 12000Puffs Top Sale is not just a high-performing product; it&#039;s also a visual delight. Its sleek design and attractive packaging make it a standout on your store shelves.\" \/>\n<meta property=\"og:url\" content=\"https:\/\/vapebulkp.com\/sl\/product\/wholesale-disposable-vape-sidia-12000puffs\/\" \/>\n<meta property=\"og:site_name\" content=\"vapebulkp.com\" \/>\n<meta property=\"article:modified_time\" content=\"2025-09-01T03:11:02+00:00\" \/>\n<meta property=\"og:image\" content=\"http:\/\/vapebulkp.com\/wp-content\/uploads\/2023\/09\/Hot-Selling-Sidia-12000-Puffs-20-Ml-Disposable_yyth-8.png\" \/>\n\t<meta property=\"og:image:width\" content=\"1060\" \/>\n\t<meta property=\"og:image:height\" content=\"647\" \/>\n\t<meta property=\"og:image:type\" content=\"image\/png\" \/>\n<meta name=\"twitter:card\" content=\"summary_large_image\" \/>\n<meta name=\"twitter:label1\" content=\"Est. reading time\" \/>\n\t<meta name=\"twitter:data1\" content=\"4 minute\" \/>\n<script type=\"application\/ld+json\" class=\"yoast-schema-graph\">{\"@context\":\"https:\/\/schema.org\",\"@graph\":[{\"@type\":\"WebPage\",\"@id\":\"https:\/\/vapebulkp.com\/product\/wholesale-disposable-vape-sidia-12000puffs\/\",\"url\":\"https:\/\/vapebulkp.com\/product\/wholesale-disposable-vape-sidia-12000puffs\/\",\"name\":\"Wholesale Disposable Vape SIDIA 12000Puffs - vapebulkp.com\",\"isPartOf\":{\"@id\":\"https:\/\/vapebulkp.com\/#website\"},\"datePublished\":\"2023-09-28T07:40:29+00:00\",\"dateModified\":\"2025-09-01T03:11:02+00:00\",\"description\":\"Wholesale Disposable Vape SIDIA 12000Puffs Top Sale is not just a high-performing product; it's also a visual delight. Its sleek design and attractive packaging make it a standout on your store shelves.\",\"breadcrumb\":{\"@id\":\"https:\/\/vapebulkp.com\/product\/wholesale-disposable-vape-sidia-12000puffs\/#breadcrumb\"},\"inLanguage\":\"sl-SI\",\"potentialAction\":[{\"@type\":\"ReadAction\",\"target\":[\"https:\/\/vapebulkp.com\/product\/wholesale-disposable-vape-sidia-12000puffs\/\"]}]},{\"@type\":\"BreadcrumbList\",\"@id\":\"https:\/\/vapebulkp.com\/product\/wholesale-disposable-vape-sidia-12000puffs\/#breadcrumb\",\"itemListElement\":[{\"@type\":\"ListItem\",\"position\":1,\"name\":\"Home\",\"item\":\"https:\/\/vapebulkp.com\/\"},{\"@type\":\"ListItem\",\"position\":2,\"name\":\"Hot Trend Vapes\",\"item\":\"https:\/\/vapebulkp.com\/vape-shop\/\"},{\"@type\":\"ListItem\",\"position\":3,\"name\":\"Wholesale Disposable Vape SIDIA 12000Puffs\"}]},{\"@type\":\"WebSite\",\"@id\":\"https:\/\/vapebulkp.com\/#website\",\"url\":\"https:\/\/vapebulkp.com\/\",\"name\":\"vapebulkp.com\",\"description\":\"Buy Vape In Cheap Bulk Price Near you\",\"publisher\":{\"@id\":\"https:\/\/vapebulkp.com\/#organization\"},\"potentialAction\":[{\"@type\":\"SearchAction\",\"target\":{\"@type\":\"EntryPoint\",\"urlTemplate\":\"https:\/\/vapebulkp.com\/?s={search_term_string}\"},\"query-input\":\"required name=search_term_string\"}],\"inLanguage\":\"sl-SI\"},{\"@type\":\"Organization\",\"@id\":\"https:\/\/vapebulkp.com\/#organization\",\"name\":\"vapebulkp.com\",\"url\":\"https:\/\/vapebulkp.com\/\",\"logo\":{\"@type\":\"ImageObject\",\"inLanguage\":\"sl-SI\",\"@id\":\"https:\/\/vapebulkp.com\/#\/schema\/logo\/image\/\",\"url\":\"https:\/\/vapebulkp.com\/wp-content\/uploads\/2023\/09\/cropped-vapebulkp.png\",\"contentUrl\":\"https:\/\/vapebulkp.com\/wp-content\/uploads\/2023\/09\/cropped-vapebulkp.png\",\"width\":516,\"height\":163,\"caption\":\"vapebulkp.com\"},\"image\":{\"@id\":\"https:\/\/vapebulkp.com\/#\/schema\/logo\/image\/\"}}]}<\/script>\n<!-- \/ Yoast SEO plugin. -->","yoast_head_json":{"title":"Wholesale Disposable Vape SIDIA 12000Puffs - vapebulkp.com","description":"Wholesale Disposable Vape SIDIA 12000Puffs Top Sale is not just a high-performing product; it's also a visual delight. Its sleek design and attractive packaging make it a standout on your store shelves.","robots":{"index":"index","follow":"follow","max-snippet":"max-snippet:-1","max-image-preview":"max-image-preview:large","max-video-preview":"max-video-preview:-1"},"canonical":"https:\/\/vapebulkp.com\/sl\/product\/wholesale-disposable-vape-sidia-12000puffs\/","og_locale":"sl_SI","og_type":"article","og_title":"Wholesale Disposable Vape SIDIA 12000Puffs - vapebulkp.com","og_description":"Wholesale Disposable Vape SIDIA 12000Puffs Top Sale is not just a high-performing product; it's also a visual delight. Its sleek design and attractive packaging make it a standout on your store shelves.","og_url":"https:\/\/vapebulkp.com\/sl\/product\/wholesale-disposable-vape-sidia-12000puffs\/","og_site_name":"vapebulkp.com","article_modified_time":"2025-09-01T03:11:02+00:00","og_image":[{"width":1060,"height":647,"url":"http:\/\/vapebulkp.com\/wp-content\/uploads\/2023\/09\/Hot-Selling-Sidia-12000-Puffs-20-Ml-Disposable_yyth-8.png","type":"image\/png"}],"twitter_card":"summary_large_image","twitter_misc":{"Est. reading time":"4 minute"},"schema":{"@context":"https:\/\/schema.org","@graph":[{"@type":"WebPage","@id":"https:\/\/vapebulkp.com\/product\/wholesale-disposable-vape-sidia-12000puffs\/","url":"https:\/\/vapebulkp.com\/product\/wholesale-disposable-vape-sidia-12000puffs\/","name":"Wholesale Disposable Vape SIDIA 12000Puffs - vapebulkp.com","isPartOf":{"@id":"https:\/\/vapebulkp.com\/#website"},"datePublished":"2023-09-28T07:40:29+00:00","dateModified":"2025-09-01T03:11:02+00:00","description":"Wholesale Disposable Vape SIDIA 12000Puffs Top Sale is not just a high-performing product; it's also a visual delight. Its sleek design and attractive packaging make it a standout on your store shelves.","breadcrumb":{"@id":"https:\/\/vapebulkp.com\/product\/wholesale-disposable-vape-sidia-12000puffs\/#breadcrumb"},"inLanguage":"sl-SI","potentialAction":[{"@type":"ReadAction","target":["https:\/\/vapebulkp.com\/product\/wholesale-disposable-vape-sidia-12000puffs\/"]}]},{"@type":"BreadcrumbList","@id":"https:\/\/vapebulkp.com\/product\/wholesale-disposable-vape-sidia-12000puffs\/#breadcrumb","itemListElement":[{"@type":"ListItem","position":1,"name":"Home","item":"https:\/\/vapebulkp.com\/"},{"@type":"ListItem","position":2,"name":"Hot Trend Vapes","item":"https:\/\/vapebulkp.com\/vape-shop\/"},{"@type":"ListItem","position":3,"name":"Wholesale Disposable Vape SIDIA 12000Puffs"}]},{"@type":"WebSite","@id":"https:\/\/vapebulkp.com\/#website","url":"https:\/\/vapebulkp.com\/","name":"vapebulkp.com","description":"Buy Vape In Cheap Bulk Price Near you","publisher":{"@id":"https:\/\/vapebulkp.com\/#organization"},"potentialAction":[{"@type":"SearchAction","target":{"@type":"EntryPoint","urlTemplate":"https:\/\/vapebulkp.com\/?s={search_term_string}"},"query-input":"required name=search_term_string"}],"inLanguage":"sl-SI"},{"@type":"Organization","@id":"https:\/\/vapebulkp.com\/#organization","name":"vapebulkp.com","url":"https:\/\/vapebulkp.com\/","logo":{"@type":"ImageObject","inLanguage":"sl-SI","@id":"https:\/\/vapebulkp.com\/#\/schema\/logo\/image\/","url":"https:\/\/vapebulkp.com\/wp-content\/uploads\/2023\/09\/cropped-vapebulkp.png","contentUrl":"https:\/\/vapebulkp.com\/wp-content\/uploads\/2023\/09\/cropped-vapebulkp.png","width":516,"height":163,"caption":"vapebulkp.com"},"image":{"@id":"https:\/\/vapebulkp.com\/#\/schema\/logo\/image\/"}}]}},"uagb_featured_image_src":{"full":["https:\/\/vapebulkp.com\/wp-content\/uploads\/2023\/09\/Hot-Selling-Sidia-12000-Puffs-20-Ml-Disposable_yyth-8.png",1060,647,false],"thumbnail":["https:\/\/vapebulkp.com\/wp-content\/uploads\/2023\/09\/Hot-Selling-Sidia-12000-Puffs-20-Ml-Disposable_yyth-8-150x150.png",150,150,true],"medium":["https:\/\/vapebulkp.com\/wp-content\/uploads\/2023\/09\/Hot-Selling-Sidia-12000-Puffs-20-Ml-Disposable_yyth-8-300x183.png",300,183,true],"medium_large":["https:\/\/vapebulkp.com\/wp-content\/uploads\/2023\/09\/Hot-Selling-Sidia-12000-Puffs-20-Ml-Disposable_yyth-8-768x469.png",768,469,true],"large":["https:\/\/vapebulkp.com\/wp-content\/uploads\/2023\/09\/Hot-Selling-Sidia-12000-Puffs-20-Ml-Disposable_yyth-8-1024x625.png",1024,625,true],"1536x1536":["https:\/\/vapebulkp.com\/wp-content\/uploads\/2023\/09\/Hot-Selling-Sidia-12000-Puffs-20-Ml-Disposable_yyth-8.png",1060,647,false],"2048x2048":["https:\/\/vapebulkp.com\/wp-content\/uploads\/2023\/09\/Hot-Selling-Sidia-12000-Puffs-20-Ml-Disposable_yyth-8.png",1060,647,false],"trp-custom-language-flag":["https:\/\/vapebulkp.com\/wp-content\/uploads\/2023\/09\/Hot-Selling-Sidia-12000-Puffs-20-Ml-Disposable_yyth-8.png",18,12,false],"woocommerce_thumbnail":["https:\/\/vapebulkp.com\/wp-content\/uploads\/2023\/09\/Hot-Selling-Sidia-12000-Puffs-20-Ml-Disposable_yyth-8-300x300.png",300,300,true],"woocommerce_single":["https:\/\/vapebulkp.com\/wp-content\/uploads\/2023\/09\/Hot-Selling-Sidia-12000-Puffs-20-Ml-Disposable_yyth-8-600x366.png",600,366,true],"woocommerce_gallery_thumbnail":["https:\/\/vapebulkp.com\/wp-content\/uploads\/2023\/09\/Hot-Selling-Sidia-12000-Puffs-20-Ml-Disposable_yyth-8-100x100.png",100,100,true],"wcpr-photo-reviews":["https:\/\/vapebulkp.com\/wp-content\/uploads\/2023\/09\/Hot-Selling-Sidia-12000-Puffs-20-Ml-Disposable_yyth-8.png",500,305,false]},"uagb_author_info":{"display_name":"Mandy vape bulk price","author_link":"https:\/\/vapebulkp.com\/sl\/author\/"},"uagb_comment_info":1,"uagb_excerpt":"The SIDIA 12000Puffs Top Sale offers a significant profit margin for retailers. With its impressive 12,000 puffs per device, customers will keep coming back for more. This means increased sales and customer loyalty, translating into higher revenue for your business. Pls Contact Mandy's WhatsApp For Discount Price+8618077105796 NOTE: Prices on our website does not include&hellip;","_links":{"self":[{"href":"https:\/\/vapebulkp.com\/sl\/wp-json\/wp\/v2\/product\/1622","targetHints":{"allow":["GET"]}}],"collection":[{"href":"https:\/\/vapebulkp.com\/sl\/wp-json\/wp\/v2\/product"}],"about":[{"href":"https:\/\/vapebulkp.com\/sl\/wp-json\/wp\/v2\/types\/product"}],"replies":[{"embeddable":true,"href":"https:\/\/vapebulkp.com\/sl\/wp-json\/wp\/v2\/comments?post=1622"}],"wp:featuredmedia":[{"embeddable":true,"href":"https:\/\/vapebulkp.com\/sl\/wp-json\/wp\/v2\/media\/1727"}],"wp:attachment":[{"href":"https:\/\/vapebulkp.com\/sl\/wp-json\/wp\/v2\/media?parent=1622"}],"wp:term":[{"taxonomy":"product_cat","embeddable":true,"href":"https:\/\/vapebulkp.com\/sl\/wp-json\/wp\/v2\/product_cat?post=1622"},{"taxonomy":"product_tag","embeddable":true,"href":"https:\/\/vapebulkp.com\/sl\/wp-json\/wp\/v2\/product_tag?post=1622"}],"curies":[{"name":"wp","href":"https:\/\/api.w.org\/{rel}","templated":true}]}}