{"id":1883,"date":"2023-11-22T10:39:51","date_gmt":"2023-11-22T09:39:51","guid":{"rendered":"https:\/\/vapebulkp.com\/?post_type=product&#038;p=1883"},"modified":"2025-09-01T09:09:34","modified_gmt":"2025-09-01T07:09:34","slug":"puff-flex-2800-puffs-authentic-vape-wholesale-italy","status":"publish","type":"product","link":"https:\/\/vapebulkp.com\/sl\/product\/puff-flex-2800-puffs-authentic-vape-wholesale-italy\/","title":{"rendered":"Puff Flex 2800 Puffs Pristna Vape Trgovina na debelo Slovenija"},"content":{"rendered":"<h2>Kaj je Puff Flex 2800 Puffs Authentic Vape Veleprodaja v Sloveniji?<\/h2>\n<p data-start=\"157\" data-end=\"486\">The <strong data-start=\"161\" data-end=\"201\">Puff Flex 2800 Puffs E-cigareta za enkratno uporabo<\/strong> je visokokakovostna, zanesljiva elektronska cigareta, zasnovana za evropske ljubitelje vapinga, ki cenijo okus, priro\u010dnost in zmogljivost. Izdelana iz vrhunskih me\u0161anih e-teko\u010din, vsaka naprava zagotavlja gladko, enakomerno paro in bogat okus skozi 2.800 vdihov, kar pusti osve\u017eujo\u010d pookus.<\/p>\n<p data-start=\"488\" data-end=\"772\">Lahek in prenosen, <strong data-start=\"518\" data-end=\"558\">Puff Flex 2800 Puffs E-cigareta za enkratno uporabo<\/strong> ima edinstven ergonomski ustnik za udobno uporabo kadarkoli in kjerkoli. Z 850 mAh predhodno napolnjeno baterijo ne potrebuje polnjenja, zaradi \u010desar je idealen za potovanja, dru\u017eabna sre\u010danja ali vsakodnevne seanse vapinga.<\/p>\n<p data-start=\"774\" data-end=\"1107\">Na voljo v \u0161tevilnih okusih, od klasi\u010dnega tobaka in mentola do me\u0161anic sadja in sladic, ta vape za enkratno uporabo ustreza razli\u010dnim \u017eeljam. Veleprodajni kupci po vsej Sloveniji in Evropi zaupajo tej <strong data-start=\"983\" data-end=\"1023\">Puff Flex 2800 Puffs E-cigareta za enkratno uporabo<\/strong> napravi, saj zdru\u017euje priro\u010dnost, slog in vrhunsko kakovost v elegantni, pripravljeni za uporabo napravi.<\/p>\n<h6 style=\"text-align: left\"><img decoding=\"async\" class=\"alignnone wp-image-1884\" src=\"http:\/\/vapebulkp.com\/wp-content\/uploads\/2023\/11\/Italy-Wholesale-Puff-Flex-2800-puffs-good-sale.png\" alt=\"Italija Veleprodaja Puff Flex 2800 vpihov dobra prodaja\" width=\"456\" height=\"456\" srcset=\"https:\/\/vapebulkp.com\/wp-content\/uploads\/2023\/11\/Italy-Wholesale-Puff-Flex-2800-puffs-good-sale.png 800w, https:\/\/vapebulkp.com\/wp-content\/uploads\/2023\/11\/Italy-Wholesale-Puff-Flex-2800-puffs-good-sale-300x300.png 300w, https:\/\/vapebulkp.com\/wp-content\/uploads\/2023\/11\/Italy-Wholesale-Puff-Flex-2800-puffs-good-sale-150x150.png 150w, https:\/\/vapebulkp.com\/wp-content\/uploads\/2023\/11\/Italy-Wholesale-Puff-Flex-2800-puffs-good-sale-768x768.png 768w, https:\/\/vapebulkp.com\/wp-content\/uploads\/2023\/11\/Italy-Wholesale-Puff-Flex-2800-puffs-good-sale-600x600.png 600w, https:\/\/vapebulkp.com\/wp-content\/uploads\/2023\/11\/Italy-Wholesale-Puff-Flex-2800-puffs-good-sale-100x100.png 100w\" sizes=\"(max-width: 456px) 100vw, 456px\" \/><\/h6>\n<h6>Za popust se obrnite na Mandyin WhatsApp<a href=\"https:\/\/wa.me\/8618077105796\">+8618077105796<\/a><\/h6>\n<p><img decoding=\"async\" class=\"alignnone wp-image-2151\" src=\"http:\/\/vapebulkp.com\/wp-content\/uploads\/2024\/04\/Mandy-WhatsApp-Randm.jpg\" alt=\"Mandy WhatsApp Randm\" width=\"265\" height=\"282\" srcset=\"https:\/\/vapebulkp.com\/wp-content\/uploads\/2024\/04\/Mandy-WhatsApp-Randm.jpg 916w, https:\/\/vapebulkp.com\/wp-content\/uploads\/2024\/04\/Mandy-WhatsApp-Randm-282x300.jpg 282w, https:\/\/vapebulkp.com\/wp-content\/uploads\/2024\/04\/Mandy-WhatsApp-Randm-768x817.jpg 768w, https:\/\/vapebulkp.com\/wp-content\/uploads\/2024\/04\/Mandy-WhatsApp-Randm-600x638.jpg 600w\" sizes=\"(max-width: 265px) 100vw, 265px\" \/><\/p>\n<h2><\/h2>\n<h2>Morda vas zanima kaj o Puff flex 2800 Vape za enkratno uporabo:<\/h2>\n<p><strong>1. Kateri okusi so na voljo za elektronsko cigareto Puff Flex 2800 za enkratno uporabo?<\/strong><\/p>\n<p>Odgovor: Elektronska cigareta Puff Flex 2800 za enkratno uporabo je na voljo v razli\u010dnih okusih, vklju\u010dno z mentolom, tobakom, sadnimi me\u0161anicami in okusi sladic, kot so jagoda, mango, lubenica in \u0161e ve\u010d.<\/p>\n<p><strong>2. Kako dolgo zdr\u017ei baterija na Puff Flex 2800?<\/strong><\/p>\n<p>Odgovor: \u017divljenjska doba baterije elektronske cigarete Puff Flex 2800 za enkratno uporabo se razlikuje glede na uporabo, v povpre\u010dju pa lahko zdr\u017ei do 2800 vdihov, kar zagotavlja podalj\u0161ano izku\u0161njo vapinga.<\/p>\n<p><strong>3. Ali je e-cigareta Puff Flex 2800 polnilna ali ponovno napolnjiva?<\/strong><\/p>\n<p>Odgovor: Ne, Puff Flex 2800 je elektronska cigareta za enkratno uporabo in ni polnilna ali ponovno napolnjiva. Ko se e-teko\u010dina izprazni ali se izte\u010de \u017eivljenjska doba baterije, se jo zavr\u017ee in zamenja z novo.<\/p>\n<p><strong>4. Katere mo\u010di nikotina so na voljo za Puff Flex 2800?<\/strong><\/p>\n<p>Odgovor: Elektronska cigareta Puff Flex 2800 za enkratno uporabo je na voljo v razli\u010dnih mo\u010deh nikotina, ki ustrezajo razli\u010dnim \u017eeljam, vklju\u010dno z mo\u017enostmi za vi\u0161je koncentracije nikotina in izbire z ni\u017ejim nikotinom ali brez nikotina.<\/p>\n<p><strong>5. Ali ima e-cigareta Puff Flex 2800 kak\u0161ne varnostne funkcije?<\/strong><\/p>\n<p>Odgovor: Da, elektronska cigareta Puff Flex 2800 za enkratno uporabo je zasnovana z varnostnimi funkcijami, kot sta za\u0161\u010dita pred pregrevanjem in za\u0161\u010dita pred kratkim stikom, da se zagotovi varna izku\u0161nja vapinga za uporabnike.<\/p>\n<p>&nbsp;<\/p>\n<p><span style=\"color: #ff6600\">Opomba: ne polnite celo no\u010d!<\/span><\/p>\n<p>&nbsp;<\/p>\n<h3>Cena Chap Vape Puff Flex 2800 Vpihov, Zna\u010dilnost izdelka:<\/h3>\n<ul>\n<li>vgrajeno baterijo 850 mAh<\/li>\n<li>Mo\u017enost polnjenja<\/li>\n<li>U\u010dinkovit, stalen prenos mo\u010di<\/li>\n<li>8 ml predhodno napolnjene e-teko\u010dine<\/li>\n<li>\u00a02% nikotina<\/li>\n<\/ul>\n<h3><strong>\u00a0Najbolj\u0161i okusi Vape Puff Flex 2800 Vpihov?<\/strong><\/h3>\n<p>1) Ledena lubenica<br \/>\n2) Jagoda banana<br \/>\n3) Ledena banana<br \/>\n4) Limonada z modro malino<br \/>\n5) Ledeno bujno<br \/>\n6) Ledeni mango<br \/>\n7) Pina Colada<br \/>\n8) Ledena breskev<br \/>\n9) Me\u0161ano jagodi\u010dje<br \/>\n10) Jagoda lubenica<br \/>\n11) Mamba<br \/>\n12) Hladna meta<br \/>\n13) Borovnica na ledu<br \/>\n14) Red Bull<br \/>\n15)Ledeni Gummy Bear<br \/>\n16)Ledena grozdna limonada<br \/>\n17)Ledeni Shake Shake<br \/>\n18)Sladkorna pena<br \/>\n19)Mavrica bonbonov<br \/>\n20)Energijska pija\u010da<br \/>\n21)Ledena kola<br \/>\n22)Ledeni jagoda<br \/>\n23)Ledena jagoda mango<br \/>\n24)Grozdje<br \/>\n25)Jagodni sladoled<\/p>\n<p><a href=\"https:\/\/vapebulkp.com\/sl\/product\/popular-randm-tornado-7000puffs-disposable-vape-best-price\/\">Randm tornado 7000 vpihov<\/a><\/p>\n<p><span style=\"vertical-align: inherit\">Poi\u0161\u010dite ve\u010d izdelkov, ki bi vam bili morda v\u0161e\u010d:<\/span><em><a href=\"https:\/\/wa.me\/8618077105796\"><span style=\"vertical-align: inherit\">\u00a0Kupite zdaj<\/span><\/a><\/em><\/p>\n<p><span style=\"vertical-align: inherit\">Drugi 'puffs', ki bi vam bili morda v\u0161e\u010d:<\/span><a href=\"https:\/\/vapebulkp.com\/sl\/product\/good-sale-randm-tornado-10000-puffs-plus\/\"><span style=\"vertical-align: inherit\">RandM 10000 vdihov<\/span><\/a><span style=\"vertical-align: inherit\">\u3001 <\/span><a href=\"https:\/\/vapebulkp.com\/sl\/product\/wholesale-randm-tornado-9000-puffs-germany\/\"><span style=\"vertical-align: inherit\">RandM Tornado 9000 vpihov<\/span><\/a><span style=\"vertical-align: inherit\">\/ <\/span><a href=\"https:\/\/vapebulkp.com\/sl\/product\/popular-bang-king-10000-puffs-vape-good-price\/\"><span style=\"vertical-align: inherit\">Bang King 10000 vpihov<\/span><\/a><span style=\"vertical-align: inherit\">\/ <\/span><a href=\"https:\/\/vapebulkp.com\/sl\/product\/bang-king-12000puffs\/\"><span style=\"vertical-align: inherit\">Bang King 12000 vpihov<\/span><\/a><\/p>\n<p><span style=\"vertical-align: inherit\">E-cigareta posebne oblike steklenice:<\/span><a href=\"https:\/\/vapebulkp.com\/sl\/product\/popular-kulx-10000puffs-disposable-vape-good-price\/\"><span style=\"vertical-align: inherit\">Kulx 10000 vpihov<\/span><\/a><span style=\"vertical-align: inherit\">\/ <\/span><a href=\"https:\/\/vapebulkp.com\/sl\/product\/disposable-vape-crystal-600-puffs\/\"><span style=\"vertical-align: inherit\">Crystal Legend 600 vpihov<\/span><\/a><span style=\"vertical-align: inherit\">\/<\/span><a href=\"https:\/\/vapebulkp.com\/sl\/product\/bang-box-12000puffs-good-vape-sweden-wholesale-price\/\"><span style=\"vertical-align: inherit\">Bang Box vape 12000 vdihov<\/span><\/a><\/p>\n<h4>Podrobnosti dostave:<\/h4>\n<p><span style=\"color: #ff6600\">\u010cas proizvodnje: 5\u201310 delovnih dni<\/span><br \/>\n<span style=\"color: #ff6600\">\u010cas dostave: 8\u201314 delovnih dni<\/span><\/p>\n<p>Vsi izdelki v na\u0161i trgovini so 100% originalni in avtenti\u010dni, zato je na\u0161a politika desetkratno nadomestilo za ponarejeno blago. Za dostavo blaga vam uporabljamo logisti\u010dne kanale, kot so UPS\/DHL\/FEDEX\/DPD.<\/p>\n<p>Za pakete, poslane v Slovenijo, obi\u010dajno traja 10 delovnih dni. Po\u0161iljanje v evropske dr\u017eave obi\u010dajno traja 12 do 15 delovnih dni. Logisti\u010dne informacije vam bomo sproti posodabljali.<\/p>","protected":false},"excerpt":{"rendered":"<p>Elektronska cigareta za enkratno uporabo PUFF FLXE je ena izmed najbolj priljubljenih znamk. Ta e-cigareta vam omogo\u010da kajenje brez polnjenja. Po kajenju elektronske cigarete za enkratno uporabo PUFF FLXE 2800 pusti v ustih dolgotrajen vonj, zaradi katerega se po\u010dutite izpopolnjene.<\/p>\n<p><img decoding=\"async\" class=\"alignnone wp-image-2151\" src=\"http:\/\/vapebulkp.com\/wp-content\/uploads\/2024\/04\/Mandy-WhatsApp-Randm.jpg\" alt=\"Mandy WhatsApp Randm\" width=\"280\" height=\"298\" srcset=\"https:\/\/vapebulkp.com\/wp-content\/uploads\/2024\/04\/Mandy-WhatsApp-Randm.jpg 916w, https:\/\/vapebulkp.com\/wp-content\/uploads\/2024\/04\/Mandy-WhatsApp-Randm-282x300.jpg 282w, https:\/\/vapebulkp.com\/wp-content\/uploads\/2024\/04\/Mandy-WhatsApp-Randm-768x817.jpg 768w, https:\/\/vapebulkp.com\/wp-content\/uploads\/2024\/04\/Mandy-WhatsApp-Randm-600x638.jpg 600w\" sizes=\"(max-width: 280px) 100vw, 280px\" \/><\/p>\n<p>Za popust se obrnite na Mandyin WhatsApp<a href=\"https:\/\/wa.me\/8618077105796\">+8618077105796<\/a><\/p>\n<p><span style=\"color: #ff0000\">OPOMBA: Cene na na\u0161i spletni strani ne vklju\u010dujejo stro\u0161kov po\u0161iljanja.<\/span><\/p>","protected":false},"featured_media":1895,"comment_status":"open","ping_status":"closed","template":"","meta":{"_uag_custom_page_level_css":"","_lmt_disableupdate":"no","_lmt_disable":"","site-sidebar-layout":"default","site-content-layout":"content-boxed-container","ast-site-content-layout":"normal-width-container","site-content-style":"boxed","site-sidebar-style":"unboxed","ast-global-header-display":"","ast-banner-title-visibility":"","ast-main-header-display":"","ast-hfb-above-header-display":"","ast-hfb-below-header-display":"","ast-hfb-mobile-header-display":"","site-post-title":"","ast-breadcrumbs-content":"","ast-featured-img":"","footer-sml-layout":"","theme-transparent-header-meta":"default","adv-header-id-meta":"","stick-header-meta":"","header-above-stick-meta":"","header-main-stick-meta":"","header-below-stick-meta":"","astra-migrate-meta-layouts":"set","_joinchat":[]},"product_cat":[153,155,33,59,100,34,158,157,154,152,58,84,156,63,32],"product_tag":[86,36,37,91,41,71,40],"class_list":["post-1883","product","type-product","status-publish","has-post-thumbnail","hentry","product_cat-hot-disposable-vapes","product_cat-belgium-hot-disposable-vapes","product_cat-france-vape-hot-sale","product_cat-germany-hot-disposable-vape","product_cat-germany-wholesale-vape-shop","product_cat-netherlands-vape-good-sale","product_cat-norway-hot-disposable-vapes","product_cat-poland-hot-disposable-vapes","product_cat-portugal-hot-disposable-vapes","product_cat-spain-hot-disposable-vapes","product_cat-sweden-hot-disposable-vape","product_cat-sweden-wholesale-vape","product_cat-switzerland-hot-disposable-vapes","product_cat-top-sale-disposable-vape","product_cat-vape-hot-sale-this-week","product_tag-2800-puffs","product_tag-good-vape","product_tag-hot-sale-disposable-vape","product_tag-italy-hot-vape","product_tag-poland-hot-vape","product_tag-randm","product_tag-sweden-hot-vape","desktop-align-left","tablet-align-left","mobile-align-left"],"yoast_head":"<!-- This site is optimized with the Yoast SEO plugin v21.1 - https:\/\/yoast.com\/wordpress\/plugins\/seo\/ -->\n<title>Puff Flex 2800 Puffs Authentic Vape Wholesale Italy - vapebulkp.com<\/title>\n<meta name=\"description\" content=\"Puff flex 2800 disposable e-cigarette is one of the most popular brands. This e-cigarette allows you to smoke without charging. After smoking Puff flex 2.8 puffs disposable e-cigarette, it can leave a lingering fragrance in your mouth, making you feel owned.\" \/>\n<meta name=\"robots\" content=\"index, follow, max-snippet:-1, max-image-preview:large, max-video-preview:-1\" \/>\n<link rel=\"canonical\" href=\"https:\/\/vapebulkp.com\/sl\/product\/puff-flex-2800-puffs-authentic-vape-wholesale-italy\/\" \/>\n<meta property=\"og:locale\" content=\"sl_SI\" \/>\n<meta property=\"og:type\" content=\"article\" \/>\n<meta property=\"og:title\" content=\"Puff Flex 2800 Puffs Authentic Vape Wholesale Italy - vapebulkp.com\" \/>\n<meta property=\"og:description\" content=\"Puff flex 2800 disposable e-cigarette is one of the most popular brands. This e-cigarette allows you to smoke without charging. After smoking Puff flex 2.8 puffs disposable e-cigarette, it can leave a lingering fragrance in your mouth, making you feel owned.\" \/>\n<meta property=\"og:url\" content=\"https:\/\/vapebulkp.com\/sl\/product\/puff-flex-2800-puffs-authentic-vape-wholesale-italy\/\" \/>\n<meta property=\"og:site_name\" content=\"vapebulkp.com\" \/>\n<meta property=\"article:modified_time\" content=\"2025-09-01T07:09:34+00:00\" \/>\n<meta property=\"og:image\" content=\"http:\/\/vapebulkp.com\/wp-content\/uploads\/2023\/11\/Wholesale-Puff-Flex-2800-puffs-1.jpg\" \/>\n\t<meta property=\"og:image:width\" content=\"1000\" \/>\n\t<meta property=\"og:image:height\" content=\"1000\" \/>\n\t<meta property=\"og:image:type\" content=\"image\/jpeg\" \/>\n<meta name=\"twitter:card\" content=\"summary_large_image\" \/>\n<meta name=\"twitter:label1\" content=\"Est. reading time\" \/>\n\t<meta name=\"twitter:data1\" content=\"3 minute\" \/>\n<script type=\"application\/ld+json\" class=\"yoast-schema-graph\">{\"@context\":\"https:\/\/schema.org\",\"@graph\":[{\"@type\":\"WebPage\",\"@id\":\"https:\/\/vapebulkp.com\/product\/puff-flex-2800-puffs-authentic-vape-wholesale-italy\/\",\"url\":\"https:\/\/vapebulkp.com\/product\/puff-flex-2800-puffs-authentic-vape-wholesale-italy\/\",\"name\":\"Puff Flex 2800 Puffs Authentic Vape Wholesale Italy - vapebulkp.com\",\"isPartOf\":{\"@id\":\"https:\/\/vapebulkp.com\/#website\"},\"datePublished\":\"2023-11-22T09:39:51+00:00\",\"dateModified\":\"2025-09-01T07:09:34+00:00\",\"description\":\"Puff flex 2800 disposable e-cigarette is one of the most popular brands. This e-cigarette allows you to smoke without charging. After smoking Puff flex 2.8 puffs disposable e-cigarette, it can leave a lingering fragrance in your mouth, making you feel owned.\",\"breadcrumb\":{\"@id\":\"https:\/\/vapebulkp.com\/product\/puff-flex-2800-puffs-authentic-vape-wholesale-italy\/#breadcrumb\"},\"inLanguage\":\"sl-SI\",\"potentialAction\":[{\"@type\":\"ReadAction\",\"target\":[\"https:\/\/vapebulkp.com\/product\/puff-flex-2800-puffs-authentic-vape-wholesale-italy\/\"]}]},{\"@type\":\"BreadcrumbList\",\"@id\":\"https:\/\/vapebulkp.com\/product\/puff-flex-2800-puffs-authentic-vape-wholesale-italy\/#breadcrumb\",\"itemListElement\":[{\"@type\":\"ListItem\",\"position\":1,\"name\":\"Home\",\"item\":\"https:\/\/vapebulkp.com\/\"},{\"@type\":\"ListItem\",\"position\":2,\"name\":\"Hot Trend Vapes\",\"item\":\"https:\/\/vapebulkp.com\/vape-shop\/\"},{\"@type\":\"ListItem\",\"position\":3,\"name\":\"Puff Flex 2800 Puffs Authentic Vape Wholesale Italy\"}]},{\"@type\":\"WebSite\",\"@id\":\"https:\/\/vapebulkp.com\/#website\",\"url\":\"https:\/\/vapebulkp.com\/\",\"name\":\"vapebulkp.com\",\"description\":\"Buy Vape In Cheap Bulk Price Near you\",\"publisher\":{\"@id\":\"https:\/\/vapebulkp.com\/#organization\"},\"potentialAction\":[{\"@type\":\"SearchAction\",\"target\":{\"@type\":\"EntryPoint\",\"urlTemplate\":\"https:\/\/vapebulkp.com\/?s={search_term_string}\"},\"query-input\":\"required name=search_term_string\"}],\"inLanguage\":\"sl-SI\"},{\"@type\":\"Organization\",\"@id\":\"https:\/\/vapebulkp.com\/#organization\",\"name\":\"vapebulkp.com\",\"url\":\"https:\/\/vapebulkp.com\/\",\"logo\":{\"@type\":\"ImageObject\",\"inLanguage\":\"sl-SI\",\"@id\":\"https:\/\/vapebulkp.com\/#\/schema\/logo\/image\/\",\"url\":\"https:\/\/vapebulkp.com\/wp-content\/uploads\/2023\/09\/cropped-vapebulkp.png\",\"contentUrl\":\"https:\/\/vapebulkp.com\/wp-content\/uploads\/2023\/09\/cropped-vapebulkp.png\",\"width\":516,\"height\":163,\"caption\":\"vapebulkp.com\"},\"image\":{\"@id\":\"https:\/\/vapebulkp.com\/#\/schema\/logo\/image\/\"}}]}<\/script>\n<!-- \/ Yoast SEO plugin. -->","yoast_head_json":{"title":"Puff Flex 2800 Puffs Authentic Vape Wholesale Italy - vapebulkp.com","description":"Puff flex 2800 disposable e-cigarette is one of the most popular brands. This e-cigarette allows you to smoke without charging. After smoking Puff flex 2.8 puffs disposable e-cigarette, it can leave a lingering fragrance in your mouth, making you feel owned.","robots":{"index":"index","follow":"follow","max-snippet":"max-snippet:-1","max-image-preview":"max-image-preview:large","max-video-preview":"max-video-preview:-1"},"canonical":"https:\/\/vapebulkp.com\/sl\/product\/puff-flex-2800-puffs-authentic-vape-wholesale-italy\/","og_locale":"sl_SI","og_type":"article","og_title":"Puff Flex 2800 Puffs Authentic Vape Wholesale Italy - vapebulkp.com","og_description":"Puff flex 2800 disposable e-cigarette is one of the most popular brands. This e-cigarette allows you to smoke without charging. After smoking Puff flex 2.8 puffs disposable e-cigarette, it can leave a lingering fragrance in your mouth, making you feel owned.","og_url":"https:\/\/vapebulkp.com\/sl\/product\/puff-flex-2800-puffs-authentic-vape-wholesale-italy\/","og_site_name":"vapebulkp.com","article_modified_time":"2025-09-01T07:09:34+00:00","og_image":[{"width":1000,"height":1000,"url":"http:\/\/vapebulkp.com\/wp-content\/uploads\/2023\/11\/Wholesale-Puff-Flex-2800-puffs-1.jpg","type":"image\/jpeg"}],"twitter_card":"summary_large_image","twitter_misc":{"Est. reading time":"3 minute"},"schema":{"@context":"https:\/\/schema.org","@graph":[{"@type":"WebPage","@id":"https:\/\/vapebulkp.com\/product\/puff-flex-2800-puffs-authentic-vape-wholesale-italy\/","url":"https:\/\/vapebulkp.com\/product\/puff-flex-2800-puffs-authentic-vape-wholesale-italy\/","name":"Puff Flex 2800 Puffs Authentic Vape Wholesale Italy - vapebulkp.com","isPartOf":{"@id":"https:\/\/vapebulkp.com\/#website"},"datePublished":"2023-11-22T09:39:51+00:00","dateModified":"2025-09-01T07:09:34+00:00","description":"Puff flex 2800 disposable e-cigarette is one of the most popular brands. This e-cigarette allows you to smoke without charging. After smoking Puff flex 2.8 puffs disposable e-cigarette, it can leave a lingering fragrance in your mouth, making you feel owned.","breadcrumb":{"@id":"https:\/\/vapebulkp.com\/product\/puff-flex-2800-puffs-authentic-vape-wholesale-italy\/#breadcrumb"},"inLanguage":"sl-SI","potentialAction":[{"@type":"ReadAction","target":["https:\/\/vapebulkp.com\/product\/puff-flex-2800-puffs-authentic-vape-wholesale-italy\/"]}]},{"@type":"BreadcrumbList","@id":"https:\/\/vapebulkp.com\/product\/puff-flex-2800-puffs-authentic-vape-wholesale-italy\/#breadcrumb","itemListElement":[{"@type":"ListItem","position":1,"name":"Home","item":"https:\/\/vapebulkp.com\/"},{"@type":"ListItem","position":2,"name":"Hot Trend Vapes","item":"https:\/\/vapebulkp.com\/vape-shop\/"},{"@type":"ListItem","position":3,"name":"Puff Flex 2800 Puffs Authentic Vape Wholesale Italy"}]},{"@type":"WebSite","@id":"https:\/\/vapebulkp.com\/#website","url":"https:\/\/vapebulkp.com\/","name":"vapebulkp.com","description":"Buy Vape In Cheap Bulk Price Near you","publisher":{"@id":"https:\/\/vapebulkp.com\/#organization"},"potentialAction":[{"@type":"SearchAction","target":{"@type":"EntryPoint","urlTemplate":"https:\/\/vapebulkp.com\/?s={search_term_string}"},"query-input":"required name=search_term_string"}],"inLanguage":"sl-SI"},{"@type":"Organization","@id":"https:\/\/vapebulkp.com\/#organization","name":"vapebulkp.com","url":"https:\/\/vapebulkp.com\/","logo":{"@type":"ImageObject","inLanguage":"sl-SI","@id":"https:\/\/vapebulkp.com\/#\/schema\/logo\/image\/","url":"https:\/\/vapebulkp.com\/wp-content\/uploads\/2023\/09\/cropped-vapebulkp.png","contentUrl":"https:\/\/vapebulkp.com\/wp-content\/uploads\/2023\/09\/cropped-vapebulkp.png","width":516,"height":163,"caption":"vapebulkp.com"},"image":{"@id":"https:\/\/vapebulkp.com\/#\/schema\/logo\/image\/"}}]}},"uagb_featured_image_src":{"full":["https:\/\/vapebulkp.com\/wp-content\/uploads\/2023\/11\/Wholesale-Puff-Flex-2800-puffs-1.jpg",1000,1000,false],"thumbnail":["https:\/\/vapebulkp.com\/wp-content\/uploads\/2023\/11\/Wholesale-Puff-Flex-2800-puffs-1-150x150.jpg",150,150,true],"medium":["https:\/\/vapebulkp.com\/wp-content\/uploads\/2023\/11\/Wholesale-Puff-Flex-2800-puffs-1-300x300.jpg",300,300,true],"medium_large":["https:\/\/vapebulkp.com\/wp-content\/uploads\/2023\/11\/Wholesale-Puff-Flex-2800-puffs-1-768x768.jpg",768,768,true],"large":["https:\/\/vapebulkp.com\/wp-content\/uploads\/2023\/11\/Wholesale-Puff-Flex-2800-puffs-1.jpg",1000,1000,false],"1536x1536":["https:\/\/vapebulkp.com\/wp-content\/uploads\/2023\/11\/Wholesale-Puff-Flex-2800-puffs-1.jpg",1000,1000,false],"2048x2048":["https:\/\/vapebulkp.com\/wp-content\/uploads\/2023\/11\/Wholesale-Puff-Flex-2800-puffs-1.jpg",1000,1000,false],"trp-custom-language-flag":["https:\/\/vapebulkp.com\/wp-content\/uploads\/2023\/11\/Wholesale-Puff-Flex-2800-puffs-1.jpg",12,12,false],"woocommerce_thumbnail":["https:\/\/vapebulkp.com\/wp-content\/uploads\/2023\/11\/Wholesale-Puff-Flex-2800-puffs-1-300x300.jpg",300,300,true],"woocommerce_single":["https:\/\/vapebulkp.com\/wp-content\/uploads\/2023\/11\/Wholesale-Puff-Flex-2800-puffs-1-600x600.jpg",600,600,true],"woocommerce_gallery_thumbnail":["https:\/\/vapebulkp.com\/wp-content\/uploads\/2023\/11\/Wholesale-Puff-Flex-2800-puffs-1-100x100.jpg",100,100,true],"wcpr-photo-reviews":["https:\/\/vapebulkp.com\/wp-content\/uploads\/2023\/11\/Wholesale-Puff-Flex-2800-puffs-1.jpg",500,500,false]},"uagb_author_info":{"display_name":"Mandy vape bulk price","author_link":"https:\/\/vapebulkp.com\/sl\/author\/"},"uagb_comment_info":0,"uagb_excerpt":"PUFF FLXE disposable e-cigarette is one of the most popular brands. This e-cigarette allows you to smoke without charging. After smoking PUFF FLXE 2800 disposable e-cigarette, it can leave a lingering fragrance in your mouth, making you feel owned. Pls Contact Mandy's WhatsApp For Discount Price+8618077105796 NOTE: Prices on our website does not include shipping&hellip;","_links":{"self":[{"href":"https:\/\/vapebulkp.com\/sl\/wp-json\/wp\/v2\/product\/1883","targetHints":{"allow":["GET"]}}],"collection":[{"href":"https:\/\/vapebulkp.com\/sl\/wp-json\/wp\/v2\/product"}],"about":[{"href":"https:\/\/vapebulkp.com\/sl\/wp-json\/wp\/v2\/types\/product"}],"replies":[{"embeddable":true,"href":"https:\/\/vapebulkp.com\/sl\/wp-json\/wp\/v2\/comments?post=1883"}],"wp:featuredmedia":[{"embeddable":true,"href":"https:\/\/vapebulkp.com\/sl\/wp-json\/wp\/v2\/media\/1895"}],"wp:attachment":[{"href":"https:\/\/vapebulkp.com\/sl\/wp-json\/wp\/v2\/media?parent=1883"}],"wp:term":[{"taxonomy":"product_cat","embeddable":true,"href":"https:\/\/vapebulkp.com\/sl\/wp-json\/wp\/v2\/product_cat?post=1883"},{"taxonomy":"product_tag","embeddable":true,"href":"https:\/\/vapebulkp.com\/sl\/wp-json\/wp\/v2\/product_tag?post=1883"}],"curies":[{"name":"wp","href":"https:\/\/api.w.org\/{rel}","templated":true}]}}