{"id":1896,"date":"2023-11-24T04:48:25","date_gmt":"2023-11-24T03:48:25","guid":{"rendered":"https:\/\/vapebulkp.com\/?post_type=product&#038;p=1896"},"modified":"2025-09-24T05:45:58","modified_gmt":"2025-09-24T03:45:58","slug":"elf-box-14000-puffs-2-5-nicotine-rechargeable-vape-sweden-wholesale","status":"publish","type":"product","link":"https:\/\/vapebulkp.com\/sl\/product\/elf-box-14000-puffs-2-5-nicotine-rechargeable-vape-sweden-wholesale\/","title":{"rendered":"ELF BOX 14000 vdihov polnilni vape Slovenija"},"content":{"rendered":"<h2 class=\"product_title entry-title\"><strong>ELF BOX 14000 vdihov polnilni vape Slovenija<\/strong><\/h2>\n<p>The <b>Polnilni Vape ELF BOX 14000 Puffs<\/b> je nov standard za prefinjene <b>naprave za uparjanje<\/b>. Zasnovan za zahtevnega uporabnika v Sloveniji, to ni zgolj e-cigareta za enkratno uporabo; je zaveza neprekinjenemu in globoko zadovoljujo\u010demu potovanju. Napredna zasnova in elegantna oblika naprave zagotavljata ogromen preskok v zmogljivosti, ki pu\u0161\u010da za seboj omejitve standardnega <strong>14000<\/strong><b>\u00a0vapa za enkratno uporabo<\/b>.<\/p>\n<p>V svojem bistvu je ta <b>vape pero<\/b> narejen za dolgotrajno uporabo. Mo\u010dna 850mAh polnilna baterija, ki jo napaja sodoben vmesnik tipa C, zagotavlja, da lahko v celoti izkoristite vsakega od 14.000 vdihov. 23-mililitrski rezervoar, napolnjen z vrhunsko <b>nikotinske soli<\/b> e-teko\u010dino deluje v sozvo\u010dju z visoko zmogljivo <b>mre\u017ena tuljava<\/b> za dosledno \u010dist in poglobljen okus \u017ee od prvega vdiha. Natan\u010dna atomizacija tuljave zagotavlja bogat in gladek oblak pare z vsakim vdihom.<\/p>\n<p>Ta <b>vape za dolgo uporabo<\/b> je popoln spremljevalec za vsak \u017eivljenjski slog. Njegova kompaktna zasnova omogo\u010da preprosto prenosljivost, ne da bi pri tem ogrozili mo\u010d ali okus. ELF BOX 14000 je sti\u010di\u0161\u010de najsodobnej\u0161e tehnologije in izjemnega okusa.<\/p>\n<p><img decoding=\"async\" class=\"alignnone size-full wp-image-1907\" src=\"http:\/\/vapebulkp.com\/wp-content\/uploads\/2023\/11\/Elf-Box-14000pufHot-Sale-vape-11.png\" alt=\"Elf Box 14000 puff Vro\u010da razprodaja Vape Francija\" width=\"715\" height=\"565\" \/><\/p>\n<p>&nbsp;<\/p>\n<h6 style=\"text-align: left\"><\/h6>\n<h6>Za popust se obrnite na Mandyin WhatsApp<a href=\"https:\/\/wa.me\/8618077105796\">+8618077105796<\/a><\/h6>\n<p><img decoding=\"async\" class=\"alignnone wp-image-2151\" src=\"http:\/\/vapebulkp.com\/wp-content\/uploads\/2024\/04\/Mandy-WhatsApp-Randm.jpg\" alt=\"Mandy WhatsApp Randm\" width=\"288\" height=\"306\" srcset=\"https:\/\/vapebulkp.com\/wp-content\/uploads\/2024\/04\/Mandy-WhatsApp-Randm.jpg 916w, https:\/\/vapebulkp.com\/wp-content\/uploads\/2024\/04\/Mandy-WhatsApp-Randm-282x300.jpg 282w, https:\/\/vapebulkp.com\/wp-content\/uploads\/2024\/04\/Mandy-WhatsApp-Randm-768x817.jpg 768w, https:\/\/vapebulkp.com\/wp-content\/uploads\/2024\/04\/Mandy-WhatsApp-Randm-600x638.jpg 600w\" sizes=\"(max-width: 288px) 100vw, 288px\" \/><\/p>\n<h2>Kaj morda \u017eelite vedeti o napravi ELF BOX 14K Puffs Vape:<\/h2>\n<h6>1. \u010ce oddam naro\u010dilo, ali ga je mogo\u010de poslati v mojo dr\u017eavo?<\/h6>\n<p>Odgovor je da, lahko po\u0161iljamo v ve\u010dino evropskih dr\u017eav, kot so Nizozemska, Nem\u010dija, Francija, \u0160panija, Italija, Belgija, Luksemburg, Avstrija, \u010ce\u0161ka, Slova\u0161ka, Mad\u017earska, Slovenija, Romunija, Bolgarija, Gr\u010dija, Poljska, \u0160vedska, Irska, Portugalska, Finska, Estonija, Latvija, Litva itd.<\/p>\n<h6>2. Kako napolnim priklju\u010dek ELF BOX 14000 Puffs, ko se naprava izprazni?<\/h6>\n<p>Uporabite lahko polnilnik Android tipa C namesto superhitrega polnilnika. Na dnu naprave bo svetila modro in se ugasnila, ko bo popolnoma napolnjena.<\/p>\n<h6>3. Koliko \u010dasa traja polnjenje ELF BOX 14000 Puffs?<\/h6>\n<p>Popolno polnjenje traja pribli\u017eno 30 minut. Ko je e-cigareta popolnoma napolnjena, bo modra lu\u010dka za polnjenje ugasnila.<\/p>\n<h3>Lastnosti poda za enkratno uporabo ELF BOX 14000 Puffs:<\/h3>\n<ul>\n<li>Teko\u010dina: 23 ml<\/li>\n<li>Baterija: 850 mAh<\/li>\n<li>USB: TIP-C<\/li>\n<li>VHOD: 5V 1A<\/li>\n<li>Material: PC<\/li>\n<li>Garancijska doba: 1 leto<\/li>\n<li>Datum proizvodnje: glej embala\u017eo<\/li>\n<li>Pakiranje: 1 \u0161katla 10 kosov<\/li>\n<li>Solni nikotin: 0 % - 2 % - 5 % (izbirno)<\/li>\n<li>Mre\u017ena tuljava<\/li>\n<li>LED barvna lu\u010d<\/li>\n<\/ul>\n<p>&nbsp;<\/p>\n<h3><strong>Kateri so najbolj\u0161i okusi za vape ELF BOX 14000 Puffs?<\/strong><\/h3>\n<p>1. Borovni\u010dev malinov led<br \/>\n2.Jagoda (led)<br \/>\n3. Grozdni led<br \/>\n4. Jagoda Lubenica<br \/>\n5. Ledena meta<br \/>\n6. Red Bull<br \/>\n7. Dvojno jabolko<br \/>\n8. Bujni led<br \/>\n9. Breskev Mango<br \/>\n10. \u010ce\u0161njeva soda<\/p>\n<p><a href=\"https:\/\/vapebulkp.com\/sl\/product\/popular-randm-tornado-7000puffs-disposable-vape-best-price\/\"><span style=\"vertical-align: inherit\">RandM Tornado 7000 Pufov <\/span><\/a><\/p>\n<p><span style=\"vertical-align: inherit\">Poi\u0161\u010dite ve\u010d izdelkov, ki bi vam bili morda v\u0161e\u010d:<\/span><em><a href=\"https:\/\/wa.me\/8618077105796\"><span style=\"vertical-align: inherit\">\u00a0Kupite zdaj<\/span><\/a><\/em><\/p>\n<p><span style=\"vertical-align: inherit\">Drugi 'puffs', ki bi vam bili morda v\u0161e\u010d:<\/span><a href=\"https:\/\/vapebulkp.com\/sl\/product\/joymy-ultra15000puffs-best-disposable-vape-2023\/\"><span style=\"vertical-align: inherit\">JOYMY 15000 Vpihov<\/span><\/a><span style=\"vertical-align: inherit\">\u3001<\/span><a href=\"https:\/\/vapebulkp.com\/sl\/product\/wholesale-randm-tornado-9000-puffs-germany\/\"><span style=\"vertical-align: inherit\">RandM 9000 Vpihov<\/span><\/a><span style=\"vertical-align: inherit\">\/ <\/span><a href=\"https:\/\/vapebulkp.com\/sl\/product\/bang-tornado-12000-puffs-rechargeable-disposable-pod\/\"><span style=\"vertical-align: inherit\">Bang Tornado 12000Puffs<\/span><\/a><span style=\"vertical-align: inherit\">\/ <\/span><a href=\"https:\/\/vapebulkp.com\/sl\/product\/wholesale-tornado-rum-bar-9000-puffs-sweden\/\"><span style=\"vertical-align: inherit\">Rumbar 9000Vdihov<\/span><\/a><\/p>\n<p><span style=\"vertical-align: inherit\">E-cigareta posebne oblike steklenice:<\/span><a href=\"https:\/\/vapebulkp.com\/sl\/product\/wholesale-kulx-8000-puffs-disposable-vape\/\"><span style=\"vertical-align: inherit\">\u00a0Kulx 8000 vdihov<\/span><\/a><span style=\"vertical-align: inherit\">\/ <\/span><a href=\"https:\/\/vapebulkp.com\/sl\/product\/popular-bang-king-10000-puffs-vape-good-price\/\"><span style=\"vertical-align: inherit\">\u00a0Bang King 10000 Vpihov <\/span><\/a><span style=\"vertical-align: inherit\">\/<\/span><a href=\"https:\/\/vapebulkp.com\/sl\/product\/disposable-vape-crystal-600-puffs\/\"><span style=\"vertical-align: inherit\"> Crystal 600 Vpihov<\/span><\/a><\/p>\n<h5>Proizvodne kvalifikacije:<\/h5>\n<p><img decoding=\"async\" class=\"alignnone size-full wp-image-1841\" src=\"http:\/\/vapebulkp.com\/wp-content\/uploads\/2023\/11\/Vape-production-process-2.jpeg\" alt=\"Proces proizvodnje vape\" width=\"650\" height=\"434\" srcset=\"https:\/\/vapebulkp.com\/wp-content\/uploads\/2023\/11\/Vape-production-process-2.jpeg 650w, https:\/\/vapebulkp.com\/wp-content\/uploads\/2023\/11\/Vape-production-process-2-300x200.jpeg 300w, https:\/\/vapebulkp.com\/wp-content\/uploads\/2023\/11\/Vape-production-process-2-600x401.jpeg 600w\" sizes=\"(max-width: 650px) 100vw, 650px\" \/><\/p>\n<p><img decoding=\"async\" class=\"alignnone size-full wp-image-1843\" src=\"http:\/\/vapebulkp.com\/wp-content\/uploads\/2023\/11\/Vape-production-process.jpeg\" alt=\"Proces proizvodnje vape\" width=\"641\" height=\"1026\" srcset=\"https:\/\/vapebulkp.com\/wp-content\/uploads\/2023\/11\/Vape-production-process.jpeg 641w, https:\/\/vapebulkp.com\/wp-content\/uploads\/2023\/11\/Vape-production-process-187x300.jpeg 187w, https:\/\/vapebulkp.com\/wp-content\/uploads\/2023\/11\/Vape-production-process-640x1024.jpeg 640w, https:\/\/vapebulkp.com\/wp-content\/uploads\/2023\/11\/Vape-production-process-600x960.jpeg 600w\" sizes=\"(max-width: 641px) 100vw, 641px\" \/><\/p>\n<h5>Pogosta vpra\u0161anja:<\/h5>\n<p>V: Kolik\u0161na je minimalna koli\u010dina naro\u010dila za ELF BOX 14000 Puffs?<br \/>\nO: Najmanj\u0161e naro\u010dilo je 100 kosov.<br \/>\nV: Kak\u0161en je \u010das dostave za naro\u010dene vejpe Elf Box?<br \/>\nO: Obi\u010dajno je 10-15 dni po odpremi<br \/>\nV: Koliko zna\u0161ajo stro\u0161ki po\u0161iljanja? O: Stro\u0161ki po\u0161iljanja so odvisni od te\u017ee. Razli\u010dne koli\u010dine imajo razli\u010dne stro\u0161ke po\u0161iljanja, prosimo, kontaktirajte nas za potrditev stro\u0161kov po\u0161iljanja.<\/p>\n<h4>Podrobnosti dostave:<\/h4>\n<p><span style=\"color: #ff6600\">\u010cas proizvodnje: 5\u201310 delovnih dni<\/span><br \/>\n<span style=\"color: #ff6600\">\u010cas dostave: 8\u201314 delovnih dni<\/span><\/p>\n<p>Vsi izdelki v na\u0161i trgovini so 100% originalni in avtenti\u010dni, zato je na\u0161a politika desetkratno nadomestilo za ponarejeno blago. Za dostavo blaga vam uporabljamo logisti\u010dne kanale, kot so UPS\/DHL\/FEDEX\/DPD.<\/p>\n<p>Za pakete, poslane v Slovenijo, obi\u010dajno traja 10 delovnih dni. Po\u0161iljanje v evropske dr\u017eave obi\u010dajno traja 12 do 15 delovnih dni. Logisti\u010dne informacije vam bomo sproti posodabljali.<\/p>\n<p><span style=\"color: #ff0000\"><a style=\"color: #ff0000\" href=\"https:\/\/vapebulkp.com\/sl\/faq-about-vape-bulk-order\/\">Dostava: 10~13 delovnih dni, izvedite ve\u010d!<\/a><\/span><\/p>","protected":false},"excerpt":{"rendered":"<p>ELF BOX 14000 Puffs instantna e-cigareta sprejema nov model dizajna, ki vam vsaki\u010d, ko jo uporabite, zagotovi jasno in prijetno izku\u0161njo.<\/p>\n<p><img decoding=\"async\" class=\"alignnone wp-image-2151\" src=\"http:\/\/vapebulkp.com\/wp-content\/uploads\/2024\/04\/Mandy-WhatsApp-Randm.jpg\" alt=\"Mandy WhatsApp Randm\" width=\"302\" height=\"321\" srcset=\"https:\/\/vapebulkp.com\/wp-content\/uploads\/2024\/04\/Mandy-WhatsApp-Randm.jpg 916w, https:\/\/vapebulkp.com\/wp-content\/uploads\/2024\/04\/Mandy-WhatsApp-Randm-282x300.jpg 282w, https:\/\/vapebulkp.com\/wp-content\/uploads\/2024\/04\/Mandy-WhatsApp-Randm-768x817.jpg 768w, https:\/\/vapebulkp.com\/wp-content\/uploads\/2024\/04\/Mandy-WhatsApp-Randm-600x638.jpg 600w\" sizes=\"(max-width: 302px) 100vw, 302px\" \/><\/p>\n<p>Za popust se obrnite na Mandyin WhatsApp<a href=\"https:\/\/wa.me\/8618077105796\">+8618077105796<\/a><\/p>\n<p><span style=\"color: #ff0000\">OPOMBA: Cene na na\u0161i spletni strani ne vklju\u010dujejo stro\u0161kov po\u0161iljanja.<\/span><\/p>","protected":false},"featured_media":1907,"comment_status":"open","ping_status":"closed","template":"","meta":{"_uag_custom_page_level_css":"","_lmt_disableupdate":"no","_lmt_disable":"","site-sidebar-layout":"default","site-content-layout":"content-boxed-container","ast-site-content-layout":"normal-width-container","site-content-style":"boxed","site-sidebar-style":"unboxed","ast-global-header-display":"","ast-banner-title-visibility":"","ast-main-header-display":"","ast-hfb-above-header-display":"","ast-hfb-below-header-display":"","ast-hfb-mobile-header-display":"","site-post-title":"","ast-breadcrumbs-content":"","ast-featured-img":"","footer-sml-layout":"","theme-transparent-header-meta":"default","adv-header-id-meta":"","stick-header-meta":"","header-above-stick-meta":"","header-main-stick-meta":"","header-below-stick-meta":"","astra-migrate-meta-layouts":"set","_joinchat":[]},"product_cat":[153,155,347,33,59,100,34,158,157,154,152,58,84,156,63,32],"product_tag":[90,36,37,41,40],"class_list":["post-1896","product","type-product","status-publish","has-post-thumbnail","hentry","product_cat-hot-disposable-vapes","product_cat-belgium-hot-disposable-vapes","product_cat-elf-box-vape","product_cat-france-vape-hot-sale","product_cat-germany-hot-disposable-vape","product_cat-germany-wholesale-vape-shop","product_cat-netherlands-vape-good-sale","product_cat-norway-hot-disposable-vapes","product_cat-poland-hot-disposable-vapes","product_cat-portugal-hot-disposable-vapes","product_cat-spain-hot-disposable-vapes","product_cat-sweden-hot-disposable-vape","product_cat-sweden-wholesale-vape","product_cat-switzerland-hot-disposable-vapes","product_cat-top-sale-disposable-vape","product_cat-vape-hot-sale-this-week","product_tag-14000-puffs","product_tag-good-vape","product_tag-hot-sale-disposable-vape","product_tag-poland-hot-vape","product_tag-sweden-hot-vape","pa_brand-elf-box-vape","desktop-align-left","tablet-align-left","mobile-align-left"],"yoast_head":"<!-- This site is optimized with the Yoast SEO plugin v21.1 - https:\/\/yoast.com\/wordpress\/plugins\/seo\/ -->\n<title>ELF BOX 14000 Puffs Rechargeable Vape Sweden - vapebulkp.com<\/title>\n<meta name=\"description\" content=\"ELF BOX 14000 Puffs instant e-cigarette adopts a new design model to provide you with a clear and pleasant experience every time you use it.\" \/>\n<meta name=\"robots\" content=\"index, follow, max-snippet:-1, max-image-preview:large, max-video-preview:-1\" \/>\n<link rel=\"canonical\" href=\"https:\/\/vapebulkp.com\/sl\/product\/elf-box-14000-puffs-2-5-nicotine-rechargeable-vape-sweden-wholesale\/\" \/>\n<meta property=\"og:locale\" content=\"sl_SI\" \/>\n<meta property=\"og:type\" content=\"article\" \/>\n<meta property=\"og:title\" content=\"ELF BOX 14000 Puffs Rechargeable Vape Sweden - vapebulkp.com\" \/>\n<meta property=\"og:description\" content=\"ELF BOX 14000 Puffs instant e-cigarette adopts a new design model to provide you with a clear and pleasant experience every time you use it.\" \/>\n<meta property=\"og:url\" content=\"https:\/\/vapebulkp.com\/sl\/product\/elf-box-14000-puffs-2-5-nicotine-rechargeable-vape-sweden-wholesale\/\" \/>\n<meta property=\"og:site_name\" content=\"vapebulkp.com\" \/>\n<meta property=\"article:modified_time\" content=\"2025-09-24T03:45:58+00:00\" \/>\n<meta property=\"og:image\" content=\"http:\/\/vapebulkp.com\/wp-content\/uploads\/2023\/11\/Elf-Box-14000pufHot-Sale-vape-11-e1702370505263.png\" \/>\n\t<meta property=\"og:image:width\" content=\"666\" \/>\n\t<meta property=\"og:image:height\" content=\"506\" \/>\n\t<meta property=\"og:image:type\" content=\"image\/png\" \/>\n<meta name=\"twitter:card\" content=\"summary_large_image\" \/>\n<meta name=\"twitter:label1\" content=\"Est. reading time\" \/>\n\t<meta name=\"twitter:data1\" content=\"4 minute\" \/>\n<script type=\"application\/ld+json\" class=\"yoast-schema-graph\">{\"@context\":\"https:\/\/schema.org\",\"@graph\":[{\"@type\":\"WebPage\",\"@id\":\"https:\/\/vapebulkp.com\/product\/elf-box-14000-puffs-2-5-nicotine-rechargeable-vape-sweden-wholesale\/\",\"url\":\"https:\/\/vapebulkp.com\/product\/elf-box-14000-puffs-2-5-nicotine-rechargeable-vape-sweden-wholesale\/\",\"name\":\"ELF BOX 14000 Puffs Rechargeable Vape Sweden - vapebulkp.com\",\"isPartOf\":{\"@id\":\"https:\/\/vapebulkp.com\/#website\"},\"datePublished\":\"2023-11-24T03:48:25+00:00\",\"dateModified\":\"2025-09-24T03:45:58+00:00\",\"description\":\"ELF BOX 14000 Puffs instant e-cigarette adopts a new design model to provide you with a clear and pleasant experience every time you use it.\",\"breadcrumb\":{\"@id\":\"https:\/\/vapebulkp.com\/product\/elf-box-14000-puffs-2-5-nicotine-rechargeable-vape-sweden-wholesale\/#breadcrumb\"},\"inLanguage\":\"sl-SI\",\"potentialAction\":[{\"@type\":\"ReadAction\",\"target\":[\"https:\/\/vapebulkp.com\/product\/elf-box-14000-puffs-2-5-nicotine-rechargeable-vape-sweden-wholesale\/\"]}]},{\"@type\":\"BreadcrumbList\",\"@id\":\"https:\/\/vapebulkp.com\/product\/elf-box-14000-puffs-2-5-nicotine-rechargeable-vape-sweden-wholesale\/#breadcrumb\",\"itemListElement\":[{\"@type\":\"ListItem\",\"position\":1,\"name\":\"Home\",\"item\":\"https:\/\/vapebulkp.com\/\"},{\"@type\":\"ListItem\",\"position\":2,\"name\":\"Hot Trend Vapes\",\"item\":\"https:\/\/vapebulkp.com\/vape-shop\/\"},{\"@type\":\"ListItem\",\"position\":3,\"name\":\"ELF BOX 14000 Puffs Rechargeable Vape Sweden\"}]},{\"@type\":\"WebSite\",\"@id\":\"https:\/\/vapebulkp.com\/#website\",\"url\":\"https:\/\/vapebulkp.com\/\",\"name\":\"vapebulkp.com\",\"description\":\"Buy Vape In Cheap Bulk Price Near you\",\"publisher\":{\"@id\":\"https:\/\/vapebulkp.com\/#organization\"},\"potentialAction\":[{\"@type\":\"SearchAction\",\"target\":{\"@type\":\"EntryPoint\",\"urlTemplate\":\"https:\/\/vapebulkp.com\/?s={search_term_string}\"},\"query-input\":\"required name=search_term_string\"}],\"inLanguage\":\"sl-SI\"},{\"@type\":\"Organization\",\"@id\":\"https:\/\/vapebulkp.com\/#organization\",\"name\":\"vapebulkp.com\",\"url\":\"https:\/\/vapebulkp.com\/\",\"logo\":{\"@type\":\"ImageObject\",\"inLanguage\":\"sl-SI\",\"@id\":\"https:\/\/vapebulkp.com\/#\/schema\/logo\/image\/\",\"url\":\"https:\/\/vapebulkp.com\/wp-content\/uploads\/2023\/09\/cropped-vapebulkp.png\",\"contentUrl\":\"https:\/\/vapebulkp.com\/wp-content\/uploads\/2023\/09\/cropped-vapebulkp.png\",\"width\":516,\"height\":163,\"caption\":\"vapebulkp.com\"},\"image\":{\"@id\":\"https:\/\/vapebulkp.com\/#\/schema\/logo\/image\/\"}}]}<\/script>\n<!-- \/ Yoast SEO plugin. -->","yoast_head_json":{"title":"ELF BOX 14000 Puffs Rechargeable Vape Sweden - vapebulkp.com","description":"ELF BOX 14000 Puffs instant e-cigarette adopts a new design model to provide you with a clear and pleasant experience every time you use it.","robots":{"index":"index","follow":"follow","max-snippet":"max-snippet:-1","max-image-preview":"max-image-preview:large","max-video-preview":"max-video-preview:-1"},"canonical":"https:\/\/vapebulkp.com\/sl\/product\/elf-box-14000-puffs-2-5-nicotine-rechargeable-vape-sweden-wholesale\/","og_locale":"sl_SI","og_type":"article","og_title":"ELF BOX 14000 Puffs Rechargeable Vape Sweden - vapebulkp.com","og_description":"ELF BOX 14000 Puffs instant e-cigarette adopts a new design model to provide you with a clear and pleasant experience every time you use it.","og_url":"https:\/\/vapebulkp.com\/sl\/product\/elf-box-14000-puffs-2-5-nicotine-rechargeable-vape-sweden-wholesale\/","og_site_name":"vapebulkp.com","article_modified_time":"2025-09-24T03:45:58+00:00","og_image":[{"width":666,"height":506,"url":"http:\/\/vapebulkp.com\/wp-content\/uploads\/2023\/11\/Elf-Box-14000pufHot-Sale-vape-11-e1702370505263.png","type":"image\/png"}],"twitter_card":"summary_large_image","twitter_misc":{"Est. reading time":"4 minute"},"schema":{"@context":"https:\/\/schema.org","@graph":[{"@type":"WebPage","@id":"https:\/\/vapebulkp.com\/product\/elf-box-14000-puffs-2-5-nicotine-rechargeable-vape-sweden-wholesale\/","url":"https:\/\/vapebulkp.com\/product\/elf-box-14000-puffs-2-5-nicotine-rechargeable-vape-sweden-wholesale\/","name":"ELF BOX 14000 Puffs Rechargeable Vape Sweden - vapebulkp.com","isPartOf":{"@id":"https:\/\/vapebulkp.com\/#website"},"datePublished":"2023-11-24T03:48:25+00:00","dateModified":"2025-09-24T03:45:58+00:00","description":"ELF BOX 14000 Puffs instant e-cigarette adopts a new design model to provide you with a clear and pleasant experience every time you use it.","breadcrumb":{"@id":"https:\/\/vapebulkp.com\/product\/elf-box-14000-puffs-2-5-nicotine-rechargeable-vape-sweden-wholesale\/#breadcrumb"},"inLanguage":"sl-SI","potentialAction":[{"@type":"ReadAction","target":["https:\/\/vapebulkp.com\/product\/elf-box-14000-puffs-2-5-nicotine-rechargeable-vape-sweden-wholesale\/"]}]},{"@type":"BreadcrumbList","@id":"https:\/\/vapebulkp.com\/product\/elf-box-14000-puffs-2-5-nicotine-rechargeable-vape-sweden-wholesale\/#breadcrumb","itemListElement":[{"@type":"ListItem","position":1,"name":"Home","item":"https:\/\/vapebulkp.com\/"},{"@type":"ListItem","position":2,"name":"Hot Trend Vapes","item":"https:\/\/vapebulkp.com\/vape-shop\/"},{"@type":"ListItem","position":3,"name":"ELF BOX 14000 Puffs Rechargeable Vape Sweden"}]},{"@type":"WebSite","@id":"https:\/\/vapebulkp.com\/#website","url":"https:\/\/vapebulkp.com\/","name":"vapebulkp.com","description":"Buy Vape In Cheap Bulk Price Near you","publisher":{"@id":"https:\/\/vapebulkp.com\/#organization"},"potentialAction":[{"@type":"SearchAction","target":{"@type":"EntryPoint","urlTemplate":"https:\/\/vapebulkp.com\/?s={search_term_string}"},"query-input":"required name=search_term_string"}],"inLanguage":"sl-SI"},{"@type":"Organization","@id":"https:\/\/vapebulkp.com\/#organization","name":"vapebulkp.com","url":"https:\/\/vapebulkp.com\/","logo":{"@type":"ImageObject","inLanguage":"sl-SI","@id":"https:\/\/vapebulkp.com\/#\/schema\/logo\/image\/","url":"https:\/\/vapebulkp.com\/wp-content\/uploads\/2023\/09\/cropped-vapebulkp.png","contentUrl":"https:\/\/vapebulkp.com\/wp-content\/uploads\/2023\/09\/cropped-vapebulkp.png","width":516,"height":163,"caption":"vapebulkp.com"},"image":{"@id":"https:\/\/vapebulkp.com\/#\/schema\/logo\/image\/"}}]}},"uagb_featured_image_src":{"full":["https:\/\/vapebulkp.com\/wp-content\/uploads\/2023\/11\/Elf-Box-14000pufHot-Sale-vape-11-e1702370505263.png",666,506,false],"thumbnail":["https:\/\/vapebulkp.com\/wp-content\/uploads\/2023\/11\/Elf-Box-14000pufHot-Sale-vape-11-e1702370505263-150x150.png",150,150,true],"medium":["https:\/\/vapebulkp.com\/wp-content\/uploads\/2023\/11\/Elf-Box-14000pufHot-Sale-vape-11-e1702370505263-300x228.png",300,228,true],"medium_large":["https:\/\/vapebulkp.com\/wp-content\/uploads\/2023\/11\/Elf-Box-14000pufHot-Sale-vape-11-e1702370505263.png",666,506,false],"large":["https:\/\/vapebulkp.com\/wp-content\/uploads\/2023\/11\/Elf-Box-14000pufHot-Sale-vape-11-e1702370505263.png",666,506,false],"1536x1536":["https:\/\/vapebulkp.com\/wp-content\/uploads\/2023\/11\/Elf-Box-14000pufHot-Sale-vape-11-e1702370505263.png",666,506,false],"2048x2048":["https:\/\/vapebulkp.com\/wp-content\/uploads\/2023\/11\/Elf-Box-14000pufHot-Sale-vape-11-e1702370505263.png",666,506,false],"trp-custom-language-flag":["https:\/\/vapebulkp.com\/wp-content\/uploads\/2023\/11\/Elf-Box-14000pufHot-Sale-vape-11-e1702370505263.png",16,12,false],"woocommerce_thumbnail":["https:\/\/vapebulkp.com\/wp-content\/uploads\/2023\/11\/Elf-Box-14000pufHot-Sale-vape-11-e1702370505263-300x300.png",300,300,true],"woocommerce_single":["https:\/\/vapebulkp.com\/wp-content\/uploads\/2023\/11\/Elf-Box-14000pufHot-Sale-vape-11-e1702370505263-600x456.png",600,456,true],"woocommerce_gallery_thumbnail":["https:\/\/vapebulkp.com\/wp-content\/uploads\/2023\/11\/Elf-Box-14000pufHot-Sale-vape-11-e1702370505263-100x100.png",100,100,true],"wcpr-photo-reviews":["https:\/\/vapebulkp.com\/wp-content\/uploads\/2023\/11\/Elf-Box-14000pufHot-Sale-vape-11-e1702370505263.png",500,380,false]},"uagb_author_info":{"display_name":"Mandy vape bulk price","author_link":"https:\/\/vapebulkp.com\/sl\/author\/"},"uagb_comment_info":0,"uagb_excerpt":"ELF BOX 14000 Puffs instant e-cigarette adopts a new design model to provide you with a clear and pleasant experience every time you use it. Pls Contact Mandy's WhatsApp For Discount Price+8618077105796 NOTE: Prices on our website does not include shipping costs","_links":{"self":[{"href":"https:\/\/vapebulkp.com\/sl\/wp-json\/wp\/v2\/product\/1896","targetHints":{"allow":["GET"]}}],"collection":[{"href":"https:\/\/vapebulkp.com\/sl\/wp-json\/wp\/v2\/product"}],"about":[{"href":"https:\/\/vapebulkp.com\/sl\/wp-json\/wp\/v2\/types\/product"}],"replies":[{"embeddable":true,"href":"https:\/\/vapebulkp.com\/sl\/wp-json\/wp\/v2\/comments?post=1896"}],"wp:featuredmedia":[{"embeddable":true,"href":"https:\/\/vapebulkp.com\/sl\/wp-json\/wp\/v2\/media\/1907"}],"wp:attachment":[{"href":"https:\/\/vapebulkp.com\/sl\/wp-json\/wp\/v2\/media?parent=1896"}],"wp:term":[{"taxonomy":"product_cat","embeddable":true,"href":"https:\/\/vapebulkp.com\/sl\/wp-json\/wp\/v2\/product_cat?post=1896"},{"taxonomy":"product_tag","embeddable":true,"href":"https:\/\/vapebulkp.com\/sl\/wp-json\/wp\/v2\/product_tag?post=1896"}],"curies":[{"name":"wp","href":"https:\/\/api.w.org\/{rel}","templated":true}]}}