{"id":1949,"date":"2023-12-14T04:08:11","date_gmt":"2023-12-14T03:08:11","guid":{"rendered":"https:\/\/vapebulkp.com\/?post_type=product&#038;p=1949"},"modified":"2025-09-17T10:37:22","modified_gmt":"2025-09-17T08:37:22","slug":"vapme-crystal-7000-puffs-original-vape-good-flavor","status":"publish","type":"product","link":"https:\/\/vapebulkp.com\/sl\/product\/vapme-crystal-7000-puffs-original-vape-good-flavor\/","title":{"rendered":"Vapme Crystal 7000 Pihov Original Vape Dober Okus"},"content":{"rendered":"<h2>Vapme Crystal 7000 Pihov Original Vape Dober Okus<\/h2>\n<p data-start=\"338\" data-end=\"673\">The <strong data-start=\"342\" data-end=\"370\">Vapme Crystal 7000 Vpihov<\/strong> je <strong data-start=\"376\" data-end=\"403\">vrhunski vape za enkratno uporabo<\/strong> zasnovan za <strong data-start=\"417\" data-end=\"448\"><a href=\"https:\/\/vapebulkp.com\/sl\/puffs-stock-europe-warehouse\/\">evropsko vapenj<\/a> navdu\u0161ence<\/strong> ki i\u0161\u010dejo zanesljivo delovanje in bogat okus. Ta <strong data-start=\"500\" data-end=\"530\">7000 Puffs za enkratno uporabo Vape<\/strong> ima vgrajeno baterijo 650mAh in 14ml visokokakovostne e-teko\u010dine, kar omogo\u010da dolgotrajne seje brez pogostega polnjenja.<\/p>\n<p data-start=\"675\" data-end=\"908\">Kot <strong data-start=\"680\" data-end=\"712\">za polnljiva jednokratna vape<\/strong>, zdru\u017euje priro\u010dnost z dosledno proizvodnjo pare. Naprava podpira mo\u017enosti nikotinske soli 2% in 5%, kar jo naredi vsestransko <strong data-start=\"847\" data-end=\"869\">nicotinska solna vape<\/strong> za zmerne in mo\u010dnej\u0161e udarce.<\/p>\n<p data-start=\"910\" data-end=\"1149\">Izbirajte med 12 razli\u010dnimi <strong data-start=\"934\" data-end=\"973\">sadnimi, mentolovimi in toba\u010dnimi okusi<\/strong>, vsak je zasnovan tako, da zagotavlja gladko paro in zadovoljujo\u010d udarec v grlo. RGB svetlobna zasnova dodaja moderen pridih, zaradi \u010desar je elegantna mo\u017enost za dru\u017eabna sre\u010danja ali uporabo na poti.<\/p>\n<p data-start=\"1151\" data-end=\"1367\">Pakiran v razstavne \u0161katle po 10 kosov, <strong data-start=\"1188\" data-end=\"1232\">Vapme Crystal 7000 Puff Vape za enkratno uporabo<\/strong> je kot nala\u0161\u010d za veleprodajne kupce in trgovce na drobno, saj ponuja zanesljivo, visokokakovostno re\u0161itev, ki ustreza zahtevam evropskih vaperjev.<\/p>\n<p><img decoding=\"async\" class=\"alignnone wp-image-1955\" src=\"http:\/\/vapebulkp.com\/wp-content\/uploads\/2023\/12\/VAPME-CRYSTAL-7000-PUFFS-WHOLESALE-Germany.jpg\" alt=\"VAPME CRYSTAL 7000 VPIHOV VELEPRODAJA Slovenija\" width=\"474\" height=\"474\" srcset=\"https:\/\/vapebulkp.com\/wp-content\/uploads\/2023\/12\/VAPME-CRYSTAL-7000-PUFFS-WHOLESALE-Germany.jpg 1001w, https:\/\/vapebulkp.com\/wp-content\/uploads\/2023\/12\/VAPME-CRYSTAL-7000-PUFFS-WHOLESALE-Germany-300x300.jpg 300w, https:\/\/vapebulkp.com\/wp-content\/uploads\/2023\/12\/VAPME-CRYSTAL-7000-PUFFS-WHOLESALE-Germany-150x150.jpg 150w, https:\/\/vapebulkp.com\/wp-content\/uploads\/2023\/12\/VAPME-CRYSTAL-7000-PUFFS-WHOLESALE-Germany-768x768.jpg 768w, https:\/\/vapebulkp.com\/wp-content\/uploads\/2023\/12\/VAPME-CRYSTAL-7000-PUFFS-WHOLESALE-Germany-600x600.jpg 600w, https:\/\/vapebulkp.com\/wp-content\/uploads\/2023\/12\/VAPME-CRYSTAL-7000-PUFFS-WHOLESALE-Germany-100x100.jpg 100w\" sizes=\"(max-width: 474px) 100vw, 474px\" \/><\/p>\n<p><img decoding=\"async\" class=\"alignnone wp-image-1956\" src=\"http:\/\/vapebulkp.com\/wp-content\/uploads\/2023\/12\/VAPME-CRYSTAL-7000-PUFFS-WHOLESALE-France.jpg\" alt=\"VAPME CRYSTAL 7000 VPIHOV VELEPRODAJA Slovenija\" width=\"472\" height=\"472\" srcset=\"https:\/\/vapebulkp.com\/wp-content\/uploads\/2023\/12\/VAPME-CRYSTAL-7000-PUFFS-WHOLESALE-France.jpg 1001w, https:\/\/vapebulkp.com\/wp-content\/uploads\/2023\/12\/VAPME-CRYSTAL-7000-PUFFS-WHOLESALE-France-300x300.jpg 300w, https:\/\/vapebulkp.com\/wp-content\/uploads\/2023\/12\/VAPME-CRYSTAL-7000-PUFFS-WHOLESALE-France-150x150.jpg 150w, https:\/\/vapebulkp.com\/wp-content\/uploads\/2023\/12\/VAPME-CRYSTAL-7000-PUFFS-WHOLESALE-France-768x768.jpg 768w, https:\/\/vapebulkp.com\/wp-content\/uploads\/2023\/12\/VAPME-CRYSTAL-7000-PUFFS-WHOLESALE-France-600x600.jpg 600w, https:\/\/vapebulkp.com\/wp-content\/uploads\/2023\/12\/VAPME-CRYSTAL-7000-PUFFS-WHOLESALE-France-100x100.jpg 100w\" sizes=\"(max-width: 472px) 100vw, 472px\" \/><\/p>\n<h6 style=\"text-align: left\"><\/h6>\n<h6>Za popust se obrnite na Mandyin WhatsApp<a href=\"https:\/\/wa.me\/8618077105796\">+8618077105796<\/a><\/h6>\n<p><img decoding=\"async\" class=\"alignnone wp-image-2151\" src=\"http:\/\/vapebulkp.com\/wp-content\/uploads\/2024\/04\/Mandy-WhatsApp-Randm.jpg\" alt=\"Mandy WhatsApp Randm\" width=\"328\" height=\"349\" srcset=\"https:\/\/vapebulkp.com\/wp-content\/uploads\/2024\/04\/Mandy-WhatsApp-Randm.jpg 916w, https:\/\/vapebulkp.com\/wp-content\/uploads\/2024\/04\/Mandy-WhatsApp-Randm-282x300.jpg 282w, https:\/\/vapebulkp.com\/wp-content\/uploads\/2024\/04\/Mandy-WhatsApp-Randm-768x817.jpg 768w, https:\/\/vapebulkp.com\/wp-content\/uploads\/2024\/04\/Mandy-WhatsApp-Randm-600x638.jpg 600w\" sizes=\"(max-width: 328px) 100vw, 328px\" \/><\/p>\n<h2><span style=\"vertical-align: inherit\">Mislili smo, da bi vam bilo v\u0161e\u010d vedeti o Vapme Crystal 7000 Puff Vape za enkratno uporabo:<\/span><\/h2>\n<p>&nbsp;<\/p>\n<h4>1. Ali lahko Vapme Crystal 7k puff po\u0161ljete v mojo dr\u017eavo?<\/h4>\n<p>Seveda! Zagotavljamo storitve po\u0161iljanja v razli\u010dne evropske dr\u017eave, vklju\u010dno z Nizozemsko, Nem\u010dijo, Francijo, \u0160panijo, Italijo, Belgijo, Luksemburgom, Avstrijo, \u010ce\u0161ko, Slova\u0161ko, Mad\u017earsko, Slovenijo, Romunijo, Bolgarijo, Gr\u010dijo, Poljsko, \u0160vedsko, Irsko, Portugalsko, Finsko, Estonijo, Latvijo, Litvo in drugimi.<\/p>\n<h4>2. Kak\u0161en je postopek polnjenja za Vapme Crystal 7000 vpihov?<\/h4>\n<p>Polnjenje Vapme Crystal 7000 vpihov je enostavno. Preprosto uporabite polnilnik Android Type-C (ne super hitri polnilnik). Med polnjenjem se na dnu naprave pri\u017ege modra lu\u010dka. Lu\u010dka se ugasne, ko je naprava popolnoma napolnjena in pripravljena za uporabo.<\/p>\n<h4>3. Kako dolgo traja, da se Vapme Crystal 7000 vpihov popolnoma napolni?<\/h4>\n<p>Vapme Crystal 7000 vpihov se obi\u010dajno popolnoma napolni v pribli\u017eno 30 minutah. Opazujte, kako modra indikatorska lu\u010dka ugasne, kar pomeni, da je va\u0161a naprava za vaping popolnoma napolnjena in pripravljena za uporabo!<\/p>\n<p><span style=\"color: #ff6600\">Opomba: ne polnite celo no\u010d!<\/span><\/p>\n<p>&nbsp;<\/p>\n<h3>Veleprodajna funkcija Vapme Crystal 7000 vpihov:<\/h3>\n<p>Model: RGB lu\u010dka Vapme Crystal 7000 vpihov<\/p>\n<p>Vpihi: 7000<br \/>\nKapaciteta baterije: 650mAh<br \/>\nProstornina e-teko\u010dine: 14 ml<br \/>\nVsebnost nikotina: 21 % \/ 5 % nikotinske soli<br \/>\nPakiranje: 10 kosov v 1 izlo\u017ebeni \u0161katli<br \/>\nNajmanj\u0161a koli\u010dina naro\u010dila (MOQ):\u00a0<strong>100 kosov<\/strong><\/p>\n<h3>Prednosti Vapme Crystal 7000 vpihov vape palice:<\/h3>\n<ol>\n<li>Inovativno, RGB lu\u010dka<\/li>\n<li>Visoka kakovost<\/li>\n<li>Eleganten<\/li>\n<li>Proizvodnja oblakov<\/li>\n<li>Enostaven za uporabo<\/li>\n<li>Predhodno napolnjen<\/li>\n<li>Brez vzdr\u017eevanja<\/li>\n<li>Diskretno<\/li>\n<li>Brez napora<\/li>\n<li>Bogata aroma<\/li>\n<li>Nikotinske soli<\/li>\n<li>Nikotinska zadovoljitev<\/li>\n<li>Dostava nikotina<\/li>\n<li>Izbolj\u0161ana izku\u0161nja<\/li>\n<\/ol>\n<h3><strong>Kaj je najbolj\u0161e <\/strong>Vapme crystal 7000 vpihov <strong>Okusi?<\/strong><\/h3>\n<p>1. Borovnica Malina<br \/>\n2. Grozdne jagode<br \/>\n3. Jagoda lubenica bubblegum<br \/>\n4. Jagoda malina sladkarije<br \/>\n5. Jagoda banana<br \/>\n6. Jagoda mango<br \/>\n7. Breskev mango ananas<br \/>\n8.led z lubenico<br \/>\n9. Trojni mango<br \/>\n10. \u010ce\u0161nja led<br \/>\n11. Pasijonka melona led<br \/>\n12. Kivi pasijonka guava<br \/>\n13. Jagoda led<br \/>\n14. Breskev led<br \/>\n15. Modra malina limonada<br \/>\n16. Jagoda kivi<br \/>\n17. Energijska pija\u010da<br \/>\n18. \u010ce\u0161nja kola<br \/>\n19. Me\u0161ane jagode led<br \/>\n20. Limona<br \/>\n21. Jagoda grozdje<br \/>\n22. \u010crni ribez led<br \/>\n23.brusnica \u010de\u0161nja<br \/>\n24.lubenica kivi led<br \/>\n25.\u010de\u0161nja jagoda<br \/>\n26.meta<br \/>\n27.tropski sadni udarec<br \/>\n28.gospod modri<br \/>\n29.dvojno jabolko<br \/>\n30.banana led<br \/>\n31.gospa morilec<br \/>\n32.lubenica bik<br \/>\n33.ananas kivi led<br \/>\n34.jagoda zmajevo sadje led<br \/>\n35.lubenica limona<br \/>\n36.trojna melona led<br \/>\n37.borovnica malina breskev<br \/>\n38.jagoda malina led<br \/>\n39.lubenica bonbon<br \/>\n40.jagoda gumijast medvedek<br \/>\n41.jagoda rde\u010di bik<br \/>\n42.\u010drni zmaj led<br \/>\n43. Grozdna ledena<\/p>\n<p><span style=\"vertical-align: inherit\">Poi\u0161\u010dite ve\u010d izdelkov, ki bi vam bili morda v\u0161e\u010d:<\/span><em><a href=\"https:\/\/wa.me\/8618077105796\"><span style=\"vertical-align: inherit\">\u00a0Kupite zdaj<\/span><\/a><\/em><\/p>\n<p><span style=\"vertical-align: inherit\">Druge Puhlice, ki bi vam bile v\u0161e\u010d:<\/span><\/p>\n<p><a href=\"https:\/\/vapebulkp.com\/sl\/product\/wholesale-randm-tornado-9000-puffs-germany\/\"><span style=\"vertical-align: inherit\">RandM Tornado 9000 vpihov<\/span><\/a><span style=\"vertical-align: inherit\">\u2014Kot najbolj priljubljena e-cigareta, ima Randm 9000 vpihov, v katerih lahko u\u017eivate<\/span><\/p>\n<p><a href=\"https:\/\/vapebulkp.com\/sl\/product\/popular-bang-king-10000-puffs-vape-good-price\/\"><span style=\"vertical-align: inherit\">Bang King 10000 vpihov<\/span><\/a><span style=\"vertical-align: inherit\">\u2014Bang King je priljubljena blagovna znamka z edinstvenimi modeli in 10000 vpihi<\/span><\/p>\n<p><a href=\"https:\/\/vapebulkp.com\/sl\/product\/bang-king-12000puffs\/\"><span style=\"vertical-align: inherit\">Bang King 12000 vpihov<\/span><\/a>\u2014-Bang King 12000 vpihov je priljubljena blagovna znamka z edinstvenimi modeli in 12.000 vpihi, \u0161e ena mo\u017enost za izbolj\u0161anje va\u0161ih potreb po vapingu<\/p>\n<h4>Kaj bi vas morda zanimalo o elektronskih cigaretah (e-cigarete):<\/h4>\n<p>V: Zakaj elektronske cigarete pu\u0161\u010dajo olje?<br \/>\nO: Pu\u0161\u010danje olja iz e-cigarete je lahko posledica nepravilne namestitve tuljave uparjalnika ali po\u0161kodovanega tesnilnega obro\u010da med polnjenjem. Poskrbite, da pri polnjenju olja ne stisnete preve\u010d in preverite, ali je tesnilni obro\u010d nepo\u0161kodovan, kar lahko u\u010dinkovito zmanj\u0161a pu\u0161\u010danje olja.<\/p>\n<p>V: Zakaj ima e-cigareta vonj po \u017eganem?<br \/>\nO: Vonj po \u017eganem je obi\u010dajno posledica suhega kurjenja tuljave uparjalnika ali pomanjkanja olja. Priporo\u010dljivo je redno menjavanje tuljave uparjalnika in zagotovitev zadostne koli\u010dine olja, da se izognete suhemu kurjenju.<\/p>\n<p>V: Zakaj je sesalna mo\u010d e-cigaret \u0161ibkej\u0161a?<br \/>\nO: \u0160ibkej\u0161a sesalna mo\u010d je lahko posledica nezadostne napolnjenosti baterije, staranja tuljave uparjalnika ali zama\u0161itve tuljave uparjalnika. Poskusite napolniti baterijo ali zamenjati tuljavo uparjalnika z novo, da re\u0161ite problem \u0161ibkej\u0161e sesalne mo\u010di.<\/p>\n<p>V: Kako o\u010distiti opremo za e-cigarete?<br \/>\nO: Redno \u010di\u0161\u010denje opreme za e-cigarete bo ohranilo njeno zmogljivost in okus. Z mehko krpo ne\u017eno obri\u0161ite povr\u0161ino naprave in s vatiranimi pal\u010dkami o\u010distite spoje ali notranje povr\u0161ine, vendar bodite previdni, da se izognete po\u0161kodbam.<\/p>\n<p>V: So e-cigarete \u0161kodljive za zdravje?<br \/>\nO: \u010ceprav lahko e-cigarete vsebujejo manj \u0161kodljivih snovi kot tradicionalne cigarete, to ne pomeni, da so popolnoma ne\u0161kodljive. Dolgotrajna uporaba e-cigaret ima lahko \u0161e vedno dolo\u010dene u\u010dinke na zdravje. Najbolje je omejiti uporabo in poiskati nasvet zdravstvenega strokovnjaka.<\/p>\n<h4>Podrobnosti dostave:<\/h4>\n<p><span style=\"color: #ff6600\">\u010cas proizvodnje: 5\u201310 delovnih dni<\/span><br \/>\n<span style=\"color: #ff6600\">\u010cas dostave: 8\u201314 delovnih dni<\/span><\/p>\n<p>Vsi izdelki v na\u0161i trgovini so 100% originalni in avtenti\u010dni, zato je na\u0161a politika desetkratno nadomestilo za ponarejeno blago. Za dostavo blaga vam uporabljamo logisti\u010dne kanale, kot so UPS\/DHL\/FEDEX\/DPD.<\/p>\n<p>Za pakete, poslane v Slovenijo, obi\u010dajno traja 10 delovnih dni. Po\u0161iljanje v evropske dr\u017eave obi\u010dajno traja 12 do 15 delovnih dni. Logisti\u010dne informacije vam bomo sproti posodabljali.<\/p>\n<p>Kontaktirajte nas in ponudimo vam lahko Hazebar 12000 Puff ter dvignemo va\u0161e poslovanje na vi\u0161jo raven!<\/p>","protected":false},"excerpt":{"rendered":"<p>Kupite Vapme Crystal 7000 Vpihov Za Enkratno Uporabo Pod Vape v ve\u010djih koli\u010dinah po neverjetnih cenah. Izbolj\u0161ajte svojo pot vapenja z obse\u017enimi 7000 vpihi, baterijo 850mAh za podalj\u0161ano uporabo in velikodu\u0161no prostornino 14ml e-teko\u010dine. Ta vrhunski izdelek je na voljo v mo\u017enostih nikotinske soli 2% in 5%. Zagotovite si ga \u0161e danes in svojim strankam ponudite vrhunske izdelke za vapenj. Razi\u0161\u010dite veleprodajne mo\u017enosti za VAPME VAPE 7000 PUFF in CRYSTAL PRO VAPE po veleprodajnih cenah.<\/p>\n<p><img decoding=\"async\" class=\"alignnone wp-image-2151\" src=\"http:\/\/vapebulkp.com\/wp-content\/uploads\/2024\/04\/Mandy-WhatsApp-Randm.jpg\" alt=\"Mandy WhatsApp Randm\" width=\"277\" height=\"294\" srcset=\"https:\/\/vapebulkp.com\/wp-content\/uploads\/2024\/04\/Mandy-WhatsApp-Randm.jpg 916w, https:\/\/vapebulkp.com\/wp-content\/uploads\/2024\/04\/Mandy-WhatsApp-Randm-282x300.jpg 282w, https:\/\/vapebulkp.com\/wp-content\/uploads\/2024\/04\/Mandy-WhatsApp-Randm-768x817.jpg 768w, https:\/\/vapebulkp.com\/wp-content\/uploads\/2024\/04\/Mandy-WhatsApp-Randm-600x638.jpg 600w\" sizes=\"(max-width: 277px) 100vw, 277px\" \/><\/p>\n<p>Za popust se obrnite na Mandyin WhatsApp<a href=\"https:\/\/wa.me\/8618077105796\">+8618077105796<\/a><\/p>\n<p><span style=\"color: #ff0000\">OPOMBA: Cene na na\u0161i spletni strani ne vklju\u010dujejo stro\u0161kov po\u0161iljanja.<\/span><\/p>","protected":false},"featured_media":1950,"comment_status":"open","ping_status":"closed","template":"","meta":{"_uag_custom_page_level_css":"","_lmt_disableupdate":"no","_lmt_disable":"","site-sidebar-layout":"default","site-content-layout":"content-boxed-container","ast-site-content-layout":"normal-width-container","site-content-style":"boxed","site-sidebar-style":"unboxed","ast-global-header-display":"","ast-banner-title-visibility":"","ast-main-header-display":"","ast-hfb-above-header-display":"","ast-hfb-below-header-display":"","ast-hfb-mobile-header-display":"","site-post-title":"","ast-breadcrumbs-content":"","ast-featured-img":"","footer-sml-layout":"","theme-transparent-header-meta":"default","adv-header-id-meta":"","stick-header-meta":"","header-above-stick-meta":"","header-main-stick-meta":"","header-below-stick-meta":"","astra-migrate-meta-layouts":"set","_joinchat":[]},"product_cat":[170,153,155,33,59,100,98,34,158,157,154,152,58,84,156,63,32,368],"product_tag":[39,36,37,91,41,71,40],"class_list":["post-1949","product","type-product","status-publish","has-post-thumbnail","hentry","product_cat-7000-puffs-disposable-vape","product_cat-hot-disposable-vapes","product_cat-belgium-hot-disposable-vapes","product_cat-france-vape-hot-sale","product_cat-germany-hot-disposable-vape","product_cat-germany-wholesale-vape-shop","product_cat-moq-100pcs","product_cat-netherlands-vape-good-sale","product_cat-norway-hot-disposable-vapes","product_cat-poland-hot-disposable-vapes","product_cat-portugal-hot-disposable-vapes","product_cat-spain-hot-disposable-vapes","product_cat-sweden-hot-disposable-vape","product_cat-sweden-wholesale-vape","product_cat-switzerland-hot-disposable-vapes","product_cat-top-sale-disposable-vape","product_cat-vape-hot-sale-this-week","product_cat-vapme-vape","product_tag-7000-puffs","product_tag-good-vape","product_tag-hot-sale-disposable-vape","product_tag-italy-hot-vape","product_tag-poland-hot-vape","product_tag-randm","product_tag-sweden-hot-vape","pa_brand-vapme-vape","desktop-align-left","tablet-align-left","mobile-align-left"],"yoast_head":"<!-- This site is optimized with the Yoast SEO plugin v21.1 - https:\/\/yoast.com\/wordpress\/plugins\/seo\/ -->\n<title>Vapme Crystal 7000 Puffs Original Vape Good Flavor - vapebulkp.com<\/title>\n<meta name=\"description\" content=\"Shop Vapme Crystal 7000 puffs, an 850mAh battery for prolonged use, and a generous 14ml e-liquid capacity. This premium product is available in both 2% and 5% Nicotine Salt options.\" \/>\n<meta name=\"robots\" content=\"index, follow, max-snippet:-1, max-image-preview:large, max-video-preview:-1\" \/>\n<link rel=\"canonical\" href=\"https:\/\/vapebulkp.com\/sl\/product\/vapme-crystal-7000-puffs-original-vape-good-flavor\/\" \/>\n<meta property=\"og:locale\" content=\"sl_SI\" \/>\n<meta property=\"og:type\" content=\"article\" \/>\n<meta property=\"og:title\" content=\"Vapme Crystal 7000 Puffs Original Vape Good Flavor - vapebulkp.com\" \/>\n<meta property=\"og:description\" content=\"Shop Vapme Crystal 7000 puffs, an 850mAh battery for prolonged use, and a generous 14ml e-liquid capacity. This premium product is available in both 2% and 5% Nicotine Salt options.\" \/>\n<meta property=\"og:url\" content=\"https:\/\/vapebulkp.com\/sl\/product\/vapme-crystal-7000-puffs-original-vape-good-flavor\/\" \/>\n<meta property=\"og:site_name\" content=\"vapebulkp.com\" \/>\n<meta property=\"article:modified_time\" content=\"2025-09-17T08:37:22+00:00\" \/>\n<meta property=\"og:image\" content=\"http:\/\/vapebulkp.com\/wp-content\/uploads\/2023\/12\/CRYSTAL-VAPE-VAPE-WHOLESALE-PUFF-000.png\" \/>\n\t<meta property=\"og:image:width\" content=\"353\" \/>\n\t<meta property=\"og:image:height\" content=\"519\" \/>\n\t<meta property=\"og:image:type\" content=\"image\/png\" \/>\n<meta name=\"twitter:card\" content=\"summary_large_image\" \/>\n<meta name=\"twitter:label1\" content=\"Est. reading time\" \/>\n\t<meta name=\"twitter:data1\" content=\"5 minut\" \/>\n<script type=\"application\/ld+json\" class=\"yoast-schema-graph\">{\"@context\":\"https:\/\/schema.org\",\"@graph\":[{\"@type\":\"WebPage\",\"@id\":\"https:\/\/vapebulkp.com\/product\/vapme-crystal-7000-puffs-original-vape-good-flavor\/\",\"url\":\"https:\/\/vapebulkp.com\/product\/vapme-crystal-7000-puffs-original-vape-good-flavor\/\",\"name\":\"Vapme Crystal 7000 Puffs Original Vape Good Flavor - vapebulkp.com\",\"isPartOf\":{\"@id\":\"https:\/\/vapebulkp.com\/#website\"},\"datePublished\":\"2023-12-14T03:08:11+00:00\",\"dateModified\":\"2025-09-17T08:37:22+00:00\",\"description\":\"Shop Vapme Crystal 7000 puffs, an 850mAh battery for prolonged use, and a generous 14ml e-liquid capacity. This premium product is available in both 2% and 5% Nicotine Salt options.\",\"breadcrumb\":{\"@id\":\"https:\/\/vapebulkp.com\/product\/vapme-crystal-7000-puffs-original-vape-good-flavor\/#breadcrumb\"},\"inLanguage\":\"sl-SI\",\"potentialAction\":[{\"@type\":\"ReadAction\",\"target\":[\"https:\/\/vapebulkp.com\/product\/vapme-crystal-7000-puffs-original-vape-good-flavor\/\"]}]},{\"@type\":\"BreadcrumbList\",\"@id\":\"https:\/\/vapebulkp.com\/product\/vapme-crystal-7000-puffs-original-vape-good-flavor\/#breadcrumb\",\"itemListElement\":[{\"@type\":\"ListItem\",\"position\":1,\"name\":\"Home\",\"item\":\"https:\/\/vapebulkp.com\/\"},{\"@type\":\"ListItem\",\"position\":2,\"name\":\"Hot Trend Vapes\",\"item\":\"https:\/\/vapebulkp.com\/vape-shop\/\"},{\"@type\":\"ListItem\",\"position\":3,\"name\":\"Vapme Crystal 7000 Puffs Original Vape Good Flavor\"}]},{\"@type\":\"WebSite\",\"@id\":\"https:\/\/vapebulkp.com\/#website\",\"url\":\"https:\/\/vapebulkp.com\/\",\"name\":\"vapebulkp.com\",\"description\":\"Buy Vape In Cheap Bulk Price Near you\",\"publisher\":{\"@id\":\"https:\/\/vapebulkp.com\/#organization\"},\"potentialAction\":[{\"@type\":\"SearchAction\",\"target\":{\"@type\":\"EntryPoint\",\"urlTemplate\":\"https:\/\/vapebulkp.com\/?s={search_term_string}\"},\"query-input\":\"required name=search_term_string\"}],\"inLanguage\":\"sl-SI\"},{\"@type\":\"Organization\",\"@id\":\"https:\/\/vapebulkp.com\/#organization\",\"name\":\"vapebulkp.com\",\"url\":\"https:\/\/vapebulkp.com\/\",\"logo\":{\"@type\":\"ImageObject\",\"inLanguage\":\"sl-SI\",\"@id\":\"https:\/\/vapebulkp.com\/#\/schema\/logo\/image\/\",\"url\":\"https:\/\/vapebulkp.com\/wp-content\/uploads\/2023\/09\/cropped-vapebulkp.png\",\"contentUrl\":\"https:\/\/vapebulkp.com\/wp-content\/uploads\/2023\/09\/cropped-vapebulkp.png\",\"width\":516,\"height\":163,\"caption\":\"vapebulkp.com\"},\"image\":{\"@id\":\"https:\/\/vapebulkp.com\/#\/schema\/logo\/image\/\"}}]}<\/script>\n<!-- \/ Yoast SEO plugin. -->","yoast_head_json":{"title":"Vapme Crystal 7000 Puffs Original Vape Good Flavor - vapebulkp.com","description":"Shop Vapme Crystal 7000 puffs, an 850mAh battery for prolonged use, and a generous 14ml e-liquid capacity. This premium product is available in both 2% and 5% Nicotine Salt options.","robots":{"index":"index","follow":"follow","max-snippet":"max-snippet:-1","max-image-preview":"max-image-preview:large","max-video-preview":"max-video-preview:-1"},"canonical":"https:\/\/vapebulkp.com\/sl\/product\/vapme-crystal-7000-puffs-original-vape-good-flavor\/","og_locale":"sl_SI","og_type":"article","og_title":"Vapme Crystal 7000 Puffs Original Vape Good Flavor - vapebulkp.com","og_description":"Shop Vapme Crystal 7000 puffs, an 850mAh battery for prolonged use, and a generous 14ml e-liquid capacity. This premium product is available in both 2% and 5% Nicotine Salt options.","og_url":"https:\/\/vapebulkp.com\/sl\/product\/vapme-crystal-7000-puffs-original-vape-good-flavor\/","og_site_name":"vapebulkp.com","article_modified_time":"2025-09-17T08:37:22+00:00","og_image":[{"width":353,"height":519,"url":"http:\/\/vapebulkp.com\/wp-content\/uploads\/2023\/12\/CRYSTAL-VAPE-VAPE-WHOLESALE-PUFF-000.png","type":"image\/png"}],"twitter_card":"summary_large_image","twitter_misc":{"Est. reading time":"5 minut"},"schema":{"@context":"https:\/\/schema.org","@graph":[{"@type":"WebPage","@id":"https:\/\/vapebulkp.com\/product\/vapme-crystal-7000-puffs-original-vape-good-flavor\/","url":"https:\/\/vapebulkp.com\/product\/vapme-crystal-7000-puffs-original-vape-good-flavor\/","name":"Vapme Crystal 7000 Puffs Original Vape Good Flavor - vapebulkp.com","isPartOf":{"@id":"https:\/\/vapebulkp.com\/#website"},"datePublished":"2023-12-14T03:08:11+00:00","dateModified":"2025-09-17T08:37:22+00:00","description":"Shop Vapme Crystal 7000 puffs, an 850mAh battery for prolonged use, and a generous 14ml e-liquid capacity. This premium product is available in both 2% and 5% Nicotine Salt options.","breadcrumb":{"@id":"https:\/\/vapebulkp.com\/product\/vapme-crystal-7000-puffs-original-vape-good-flavor\/#breadcrumb"},"inLanguage":"sl-SI","potentialAction":[{"@type":"ReadAction","target":["https:\/\/vapebulkp.com\/product\/vapme-crystal-7000-puffs-original-vape-good-flavor\/"]}]},{"@type":"BreadcrumbList","@id":"https:\/\/vapebulkp.com\/product\/vapme-crystal-7000-puffs-original-vape-good-flavor\/#breadcrumb","itemListElement":[{"@type":"ListItem","position":1,"name":"Home","item":"https:\/\/vapebulkp.com\/"},{"@type":"ListItem","position":2,"name":"Hot Trend Vapes","item":"https:\/\/vapebulkp.com\/vape-shop\/"},{"@type":"ListItem","position":3,"name":"Vapme Crystal 7000 Puffs Original Vape Good Flavor"}]},{"@type":"WebSite","@id":"https:\/\/vapebulkp.com\/#website","url":"https:\/\/vapebulkp.com\/","name":"vapebulkp.com","description":"Buy Vape In Cheap Bulk Price Near you","publisher":{"@id":"https:\/\/vapebulkp.com\/#organization"},"potentialAction":[{"@type":"SearchAction","target":{"@type":"EntryPoint","urlTemplate":"https:\/\/vapebulkp.com\/?s={search_term_string}"},"query-input":"required name=search_term_string"}],"inLanguage":"sl-SI"},{"@type":"Organization","@id":"https:\/\/vapebulkp.com\/#organization","name":"vapebulkp.com","url":"https:\/\/vapebulkp.com\/","logo":{"@type":"ImageObject","inLanguage":"sl-SI","@id":"https:\/\/vapebulkp.com\/#\/schema\/logo\/image\/","url":"https:\/\/vapebulkp.com\/wp-content\/uploads\/2023\/09\/cropped-vapebulkp.png","contentUrl":"https:\/\/vapebulkp.com\/wp-content\/uploads\/2023\/09\/cropped-vapebulkp.png","width":516,"height":163,"caption":"vapebulkp.com"},"image":{"@id":"https:\/\/vapebulkp.com\/#\/schema\/logo\/image\/"}}]}},"uagb_featured_image_src":{"full":["https:\/\/vapebulkp.com\/wp-content\/uploads\/2023\/12\/CRYSTAL-VAPE-VAPE-WHOLESALE-PUFF-000.png",353,519,false],"thumbnail":["https:\/\/vapebulkp.com\/wp-content\/uploads\/2023\/12\/CRYSTAL-VAPE-VAPE-WHOLESALE-PUFF-000-150x150.png",150,150,true],"medium":["https:\/\/vapebulkp.com\/wp-content\/uploads\/2023\/12\/CRYSTAL-VAPE-VAPE-WHOLESALE-PUFF-000-204x300.png",204,300,true],"medium_large":["https:\/\/vapebulkp.com\/wp-content\/uploads\/2023\/12\/CRYSTAL-VAPE-VAPE-WHOLESALE-PUFF-000.png",353,519,false],"large":["https:\/\/vapebulkp.com\/wp-content\/uploads\/2023\/12\/CRYSTAL-VAPE-VAPE-WHOLESALE-PUFF-000.png",353,519,false],"1536x1536":["https:\/\/vapebulkp.com\/wp-content\/uploads\/2023\/12\/CRYSTAL-VAPE-VAPE-WHOLESALE-PUFF-000.png",353,519,false],"2048x2048":["https:\/\/vapebulkp.com\/wp-content\/uploads\/2023\/12\/CRYSTAL-VAPE-VAPE-WHOLESALE-PUFF-000.png",353,519,false],"trp-custom-language-flag":["https:\/\/vapebulkp.com\/wp-content\/uploads\/2023\/12\/CRYSTAL-VAPE-VAPE-WHOLESALE-PUFF-000.png",8,12,false],"woocommerce_thumbnail":["https:\/\/vapebulkp.com\/wp-content\/uploads\/2023\/12\/CRYSTAL-VAPE-VAPE-WHOLESALE-PUFF-000-300x300.png",300,300,true],"woocommerce_single":["https:\/\/vapebulkp.com\/wp-content\/uploads\/2023\/12\/CRYSTAL-VAPE-VAPE-WHOLESALE-PUFF-000.png",353,519,false],"woocommerce_gallery_thumbnail":["https:\/\/vapebulkp.com\/wp-content\/uploads\/2023\/12\/CRYSTAL-VAPE-VAPE-WHOLESALE-PUFF-000-100x100.png",100,100,true],"wcpr-photo-reviews":["https:\/\/vapebulkp.com\/wp-content\/uploads\/2023\/12\/CRYSTAL-VAPE-VAPE-WHOLESALE-PUFF-000.png",340,500,false]},"uagb_author_info":{"display_name":"Mandy vape bulk price","author_link":"https:\/\/vapebulkp.com\/sl\/author\/"},"uagb_comment_info":5,"uagb_excerpt":"Purchase the Vapme Crystal 7000 Puffs Disposable Vape Pod in larger quantities at incredible prices. Elevate your vaping journey with an extensive 7000 puffs, an 850mAh battery for prolonged use, and a generous 14ml e-liquid capacity. This premium product is available in both 2% and 5% Nicotine Salt options. Secure yours today and introduce top-tier&hellip;","_links":{"self":[{"href":"https:\/\/vapebulkp.com\/sl\/wp-json\/wp\/v2\/product\/1949","targetHints":{"allow":["GET"]}}],"collection":[{"href":"https:\/\/vapebulkp.com\/sl\/wp-json\/wp\/v2\/product"}],"about":[{"href":"https:\/\/vapebulkp.com\/sl\/wp-json\/wp\/v2\/types\/product"}],"replies":[{"embeddable":true,"href":"https:\/\/vapebulkp.com\/sl\/wp-json\/wp\/v2\/comments?post=1949"}],"wp:featuredmedia":[{"embeddable":true,"href":"https:\/\/vapebulkp.com\/sl\/wp-json\/wp\/v2\/media\/1950"}],"wp:attachment":[{"href":"https:\/\/vapebulkp.com\/sl\/wp-json\/wp\/v2\/media?parent=1949"}],"wp:term":[{"taxonomy":"product_cat","embeddable":true,"href":"https:\/\/vapebulkp.com\/sl\/wp-json\/wp\/v2\/product_cat?post=1949"},{"taxonomy":"product_tag","embeddable":true,"href":"https:\/\/vapebulkp.com\/sl\/wp-json\/wp\/v2\/product_tag?post=1949"}],"curies":[{"name":"wp","href":"https:\/\/api.w.org\/{rel}","templated":true}]}}