{"id":1957,"date":"2023-12-14T09:21:57","date_gmt":"2023-12-14T08:21:57","guid":{"rendered":"https:\/\/vapebulkp.com\/?post_type=product&#038;p=1957"},"modified":"2025-09-08T05:34:08","modified_gmt":"2025-09-08T03:34:08","slug":"prime-bar-8000-disposable-pod-device-wholesale-price","status":"publish","type":"product","link":"https:\/\/vapebulkp.com\/sl\/product\/prime-bar-8000-disposable-pod-device-wholesale-price\/","title":{"rendered":"Veleprodajna cena naprave Prime Bar 8000 Disposable Pod"},"content":{"rendered":"<h2>Veleprodajna cena naprave Prime Bar 8000 Disposable Pod<\/h2>\n<p>Pod naprava za enkratno uporabo Prime Bar 8000, izdelana za zahtevne evropske vejpere, postavlja nov standard za razko\u0161je in zmogljivost pri vejpanju za enkratno uporabo. Poganja ga napredna vgrajena baterija 650 mAh in najsodobnej\u0161a tehnologija mre\u017easte tuljave, kar zagotavlja izjemno gladko in bogato proizvodnjo pare od prvega do zadnjega vdiha.<\/p>\n<p>Napolnjen z vrhunsko e-teko\u010dino z nikotinsko soljo zagotavlja intenzivno in zadovoljivo izku\u0161njo okusa v prefinjeni paleti profilov \u2013 od prefinjenega tobaka in ledene mentola do eksoti\u010dnega sadja in sladkih me\u0161anic za sladice. Vsaka razli\u010dica je zasnovana tako, da izpolnjuje visoka pri\u010dakovanja sodobnih evropskih navdu\u0161encev nad vejpanjem, ki cenijo tako okus kot doslednost.<\/p>\n<p>S svojo ergonomsko in elegantno zasnovo je vejp za enkratno uporabo 8000 Puffs preprosto prenosljiv, zaradi \u010desar je idealen spremljevalec za potovanja, ve\u010derne izhode ali vsakodnevno uporabo. Njegov uporabniku prijazen mehanizem, ki se aktivira z vdihom, ne zahteva vzdr\u017eevanja ali polnjenja, kar zagotavlja zadovoljstvo brez te\u017eav kadarkoli in kjer koli.<\/p>\n<p>Ta naprava, zasnovana za dolgo \u017eivljenjsko dobo in zanesljivost, izstopa kot najbolj\u0161a izbira za posamezne uporabnike in veleprodajne kupce, ki i\u0161\u010dejo vrhunske vejpe za enkratno uporabo, prilagojene evropskemu trgu. Izkusite neprimerljiv okus in zmogljivost z vejpom za enkratno uporabo 8000 Puffs \u2013 kjer se inovacija sre\u010da z eleganco.<\/p>\n<p><img decoding=\"async\" class=\"alignnone wp-image-1965\" src=\"http:\/\/vapebulkp.com\/wp-content\/uploads\/2023\/12\/PRIME-BAR-WHOLESALE-PRICE-PUFF-8000.jpg\" alt=\"VELEPRODAJNA CENA ZA PRIME BAR 8000 VDIHOV\" width=\"551\" height=\"551\" srcset=\"https:\/\/vapebulkp.com\/wp-content\/uploads\/2023\/12\/PRIME-BAR-WHOLESALE-PRICE-PUFF-8000.jpg 1001w, https:\/\/vapebulkp.com\/wp-content\/uploads\/2023\/12\/PRIME-BAR-WHOLESALE-PRICE-PUFF-8000-300x300.jpg 300w, https:\/\/vapebulkp.com\/wp-content\/uploads\/2023\/12\/PRIME-BAR-WHOLESALE-PRICE-PUFF-8000-150x150.jpg 150w, https:\/\/vapebulkp.com\/wp-content\/uploads\/2023\/12\/PRIME-BAR-WHOLESALE-PRICE-PUFF-8000-768x768.jpg 768w, https:\/\/vapebulkp.com\/wp-content\/uploads\/2023\/12\/PRIME-BAR-WHOLESALE-PRICE-PUFF-8000-600x600.jpg 600w, https:\/\/vapebulkp.com\/wp-content\/uploads\/2023\/12\/PRIME-BAR-WHOLESALE-PRICE-PUFF-8000-100x100.jpg 100w\" sizes=\"(max-width: 551px) 100vw, 551px\" \/><\/p>\n<p>&nbsp;<\/p>\n<h6 style=\"text-align: left\"><\/h6>\n<h6>Za popust se obrnite na Mandyin WhatsApp<a href=\"https:\/\/wa.me\/8618077105796\">+8618077105796<\/a><\/h6>\n<p><img decoding=\"async\" class=\"alignnone wp-image-2151\" src=\"http:\/\/vapebulkp.com\/wp-content\/uploads\/2024\/04\/Mandy-WhatsApp-Randm.jpg\" alt=\"Mandy WhatsApp Randm\" width=\"305\" height=\"325\" srcset=\"https:\/\/vapebulkp.com\/wp-content\/uploads\/2024\/04\/Mandy-WhatsApp-Randm.jpg 916w, https:\/\/vapebulkp.com\/wp-content\/uploads\/2024\/04\/Mandy-WhatsApp-Randm-282x300.jpg 282w, https:\/\/vapebulkp.com\/wp-content\/uploads\/2024\/04\/Mandy-WhatsApp-Randm-768x817.jpg 768w, https:\/\/vapebulkp.com\/wp-content\/uploads\/2024\/04\/Mandy-WhatsApp-Randm-600x638.jpg 600w\" sizes=\"(max-width: 305px) 100vw, 305px\" \/><\/p>\n<h2><span style=\"vertical-align: inherit\">Mislili smo, da bi vas morda zanimalo <\/span>Prime Bar 8000 <span style=\"vertical-align: inherit\">Veip za enkratno uporabo:<\/span><\/h2>\n<p>&nbsp;<\/p>\n<h5>1. Ali se lahko Prime Bar 8k vpihov <span style=\"vertical-align: inherit\">Enkratna elektronska cigareta <\/span>po\u0161lje v mojo dr\u017eavo?<\/h5>\n<p>Seveda! Zagotavljamo storitve po\u0161iljanja v razli\u010dne evropske dr\u017eave, vklju\u010dno z Nizozemsko, Nem\u010dijo, Francijo, \u0160panijo, Italijo, Belgijo, Luksemburgom, Avstrijo, \u010ce\u0161ko, Slova\u0161ko, Mad\u017earsko, Slovenijo, Romunijo, Bolgarijo, Gr\u010dijo, Poljsko, \u0160vedsko, Irsko, Portugalsko, Finsko, Estonijo, Latvijo, Litvo in drugimi.<\/p>\n<h5>2. Kak\u0161en je postopek polnjenja za Prime Bar 8k vpihov?<\/h5>\n<p>Polnjenje Prime Bar 8k vpihov je preprosto. Preprosto uporabite polnilec Android Type-C (ne super hitri polnilec). Med polnjenjem bo na dnu naprave zasvetila modra lu\u010dka. Lu\u010dka bo ugasnila, ko bo naprava popolnoma napolnjena in pripravljena za uporabo.<\/p>\n<h5>3. Kako dolgo traja, da se Prime Bar 8000 vpihov popolnoma napolni?<\/h5>\n<p>Prime Bar 8000 vpihov se obi\u010dajno popolnoma napolni v pribli\u017eno 30 minutah. Pazite, da modra indikatorska lu\u010dka ugasne, kar pomeni, da je va\u0161a naprava za vejpanje popolnoma napolnjena in pripravljena za uporabo!<\/p>\n<p><span style=\"color: #ff6600\">Opomba: ne polnite celo no\u010d!<\/span><\/p>\n<p>&nbsp;<\/p>\n<h3>Najbolj\u0161i vejp Prime Bar 8000 Puff Glavna zna\u010dilnost:<\/h3>\n<p>Model: RGB lu\u010d Prime Bar 8000 Puffs<\/p>\n<p>Mere: 110 mm x 25 mm x 15 mm<\/p>\n<p>Neto te\u017ea: 40 g<\/p>\n<p>Mo\u010d nikotina: 20 mg (2%)<\/p>\n<p>Kapaciteta e-teko\u010dine: 2 ml<\/p>\n<p>Kapaciteta baterije: 1500 mAh<\/p>\n<p>Vhod za polnjenje: Type-C<\/p>\n<p>Vpihi: do 8000<\/p>\n<h3>Prednosti vape bara Prime Bar 8000 vpihov:<\/h3>\n<p>1. Limona in limeta<br \/>\n2. Gummy Bear<br \/>\n3. Ice Pop<br \/>\n4. Strawberry Raspberry Cherry Ice<br \/>\n5. Fizzy Cherry<br \/>\n6. Tropical Punch<br \/>\n7. Blue Raspberry<br \/>\n8. Mr Blue<br \/>\n9. Meta Moon<br \/>\n10. Strawberry Watermelon<br \/>\n11. Peach Mango<br \/>\n12. Mango Orange<br \/>\n13. Grape<br \/>\n14. Blue Slush<br \/>\n15. Blueberry Cherry Cranberry<br \/>\n16. Cherry Slush<br \/>\n17. Hubba Bubba<br \/>\n18.Ananas<br \/>\n19.Malinova Slush<br \/>\n20.Jagodna Slush<br \/>\n21.Lubenica Slush<\/p>\n<h3>Prime Bar 8000 vdihov <strong>Seznam okusov:<\/strong><\/h3>\n<p>1. Borovnica Malina<br \/>\n2.Grozdje jagodi\u010devje<br \/>\n3. Jagoda lubenica bubblegum<br \/>\n4. Jagoda malina sladkarije<br \/>\n5.Jagoda banana<br \/>\n6.Jagoda Mango<br \/>\n7.Breskev Mango Ananas<br \/>\n8.Lubenica Led<br \/>\n9.Trojni Mango<br \/>\n10. \u010ce\u0161njev led<br \/>\n11. Led z okusom pasijonke in melone<br \/>\n12. Kivi, pasijonka, guava<\/p>\n<p><a href=\"https:\/\/vapebulkp.com\/sl\/product\/popular-randm-tornado-7000puffs-disposable-vape-best-price\/\">Randm tornado 7000 vpihov<\/a><\/p>\n<p><span style=\"vertical-align: inherit\">Poi\u0161\u010dite ve\u010d izdelkov, ki bi vam bili morda v\u0161e\u010d:<\/span><em><a href=\"https:\/\/wa.me\/8618077105796\"><span style=\"vertical-align: inherit\">\u00a0Kupite zdaj<\/span><\/a><\/em><\/p>\n<p><span style=\"vertical-align: inherit\">Drugi 'puffs', ki bi vam bili morda v\u0161e\u010d:<\/span><a href=\"https:\/\/vapebulkp.com\/sl\/product\/good-sale-randm-tornado-10000-puffs-plus\/\"><span style=\"vertical-align: inherit\">RandM 10000 vpihov<\/span><\/a><span style=\"vertical-align: inherit\">\u2014Z zmogljivostjo 10.000 vpihov je ta naprava priljubljena med navdu\u0161enci nad vapingom.<\/span><\/p>\n<p><a href=\"https:\/\/vapebulkp.com\/sl\/product\/wholesale-randm-tornado-9000-puffs-germany\/\"><span style=\"vertical-align: inherit\">RandM Tornado 9000 vpihov<\/span><\/a><span style=\"vertical-align: inherit\">\u2014Kot najbolj priljubljena e-cigareta, ima Randm 9000 vpihov, v katerih lahko u\u017eivate<\/span><\/p>\n<p><a href=\"https:\/\/vapebulkp.com\/sl\/product\/popular-bang-king-10000-puffs-vape-good-price\/\"><span style=\"vertical-align: inherit\">Bang King 10000 vpihov<\/span><\/a><span style=\"vertical-align: inherit\">\u2014Bang King je priljubljena blagovna znamka z edinstvenimi modeli in 10000 vpihi<\/span><\/p>\n<p><a href=\"https:\/\/vapebulkp.com\/sl\/product\/bang-king-12000puffs\/\"><span style=\"vertical-align: inherit\">Bang King 12000 vpihov<\/span><\/a>\u2014-Bang King 12000 vpihov je priljubljena blagovna znamka z edinstvenimi modeli in 12.000 vpihi, \u0161e ena mo\u017enost za izbolj\u0161anje va\u0161ih potreb po vapingu<\/p>\n<p><span style=\"vertical-align: inherit\">E-cigareta posebne oblike steklenice:<\/span><a href=\"https:\/\/vapebulkp.com\/sl\/product\/popular-kulx-10000puffs-disposable-vape-good-price\/\"><span style=\"vertical-align: inherit\">Kulx 10000 vpihov<\/span><\/a><span style=\"vertical-align: inherit\">\/ <\/span><a href=\"https:\/\/vapebulkp.com\/sl\/product\/disposable-vape-crystal-600-puffs\/\"><span style=\"vertical-align: inherit\">Crystal Legend 600 vpihov<\/span><\/a><span style=\"vertical-align: inherit\">\/<\/span><a href=\"https:\/\/vapebulkp.com\/sl\/product\/bang-box-12000puffs-good-vape-sweden-wholesale-price\/\"><span style=\"vertical-align: inherit\">Bang Box vape 12000 vdihov<\/span><\/a><\/p>\n<h4>Kaj bi vas morda zanimalo o elektronskih cigaretah (e-cigarete):<\/h4>\n<p>V: Zakaj elektronske cigarete pu\u0161\u010dajo olje?<br \/>\nO: Pu\u0161\u010danje olja iz e-cigarete je lahko posledica nepravilne namestitve tuljave uparjalnika ali po\u0161kodovanega tesnilnega obro\u010da med polnjenjem. Poskrbite, da pri polnjenju olja ne stisnete preve\u010d in preverite, ali je tesnilni obro\u010d nepo\u0161kodovan, kar lahko u\u010dinkovito zmanj\u0161a pu\u0161\u010danje olja.<\/p>\n<p>V: Zakaj ima e-cigareta vonj po \u017eganem?<br \/>\nO: Vonj po \u017eganem je obi\u010dajno posledica suhega kurjenja tuljave uparjalnika ali pomanjkanja olja. Priporo\u010dljivo je redno menjavanje tuljave uparjalnika in zagotovitev zadostne koli\u010dine olja, da se izognete suhemu kurjenju.<\/p>\n<p>V: Zakaj je sesalna mo\u010d e-cigaret \u0161ibkej\u0161a?<br \/>\nO: \u0160ibkej\u0161a sesalna mo\u010d je lahko posledica nezadostne napolnjenosti baterije, staranja tuljave uparjalnika ali zama\u0161itve tuljave uparjalnika. Poskusite napolniti baterijo ali zamenjati tuljavo uparjalnika z novo, da re\u0161ite problem \u0161ibkej\u0161e sesalne mo\u010di.<\/p>\n<p>V: Kako o\u010distiti opremo za e-cigarete?<br \/>\nO: Redno \u010di\u0161\u010denje opreme za e-cigarete bo ohranilo njeno zmogljivost in okus. Z mehko krpo ne\u017eno obri\u0161ite povr\u0161ino naprave in s vatiranimi pal\u010dkami o\u010distite spoje ali notranje povr\u0161ine, vendar bodite previdni, da se izognete po\u0161kodbam.<\/p>\n<p>V: So e-cigarete \u0161kodljive za zdravje?<br \/>\nO: \u010ceprav lahko e-cigarete vsebujejo manj \u0161kodljivih snovi kot tradicionalne cigarete, to ne pomeni, da so popolnoma ne\u0161kodljive. Dolgotrajna uporaba e-cigaret ima lahko \u0161e vedno dolo\u010dene u\u010dinke na zdravje. Najbolje je omejiti uporabo in poiskati nasvet zdravstvenega strokovnjaka.<\/p>\n<h4>Podrobnosti dostave:<\/h4>\n<p><span style=\"color: #ff6600\">\u010cas proizvodnje: 5\u201310 delovnih dni<\/span><br \/>\n<span style=\"color: #ff6600\">\u010cas dostave: 8\u201314 delovnih dni<\/span><\/p>\n<p>Vsi izdelki v na\u0161i trgovini so 100% originalni in avtenti\u010dni, zato je na\u0161a politika desetkratno nadomestilo za ponarejeno blago. Za dostavo blaga vam uporabljamo logisti\u010dne kanale, kot so UPS\/DHL\/FEDEX\/DPD.<\/p>\n<p>Za pakete, poslane v Slovenijo, obi\u010dajno traja 10 delovnih dni. Po\u0161iljanje v evropske dr\u017eave obi\u010dajno traja 12 do 15 delovnih dni. Logisti\u010dne informacije vam bomo sproti posodabljali.<\/p>\n<p>Kontaktirajte nas in ponudimo vam lahko Hazebar 12000 Puff ter dvignemo va\u0161e poslovanje na vi\u0161jo raven!<\/p>","protected":false},"excerpt":{"rendered":"<p>U\u017eivajte v vejpanju na poti z vejpom za enkratno uporabo Prime Bar 8000 Puffs Veleprodaja. Prime Bar 8000 Puffs je e-cigareta za enkratno uporabo, ki si jo zaslu\u017eite.<\/p>\n<p><img decoding=\"async\" class=\"alignnone wp-image-2151\" src=\"http:\/\/vapebulkp.com\/wp-content\/uploads\/2024\/04\/Mandy-WhatsApp-Randm.jpg\" alt=\"Mandy WhatsApp Randm\" width=\"310\" height=\"329\" srcset=\"https:\/\/vapebulkp.com\/wp-content\/uploads\/2024\/04\/Mandy-WhatsApp-Randm.jpg 916w, https:\/\/vapebulkp.com\/wp-content\/uploads\/2024\/04\/Mandy-WhatsApp-Randm-282x300.jpg 282w, https:\/\/vapebulkp.com\/wp-content\/uploads\/2024\/04\/Mandy-WhatsApp-Randm-768x817.jpg 768w, https:\/\/vapebulkp.com\/wp-content\/uploads\/2024\/04\/Mandy-WhatsApp-Randm-600x638.jpg 600w\" sizes=\"(max-width: 310px) 100vw, 310px\" \/><\/p>\n<p>Za popust se obrnite na Mandyin WhatsApp<a href=\"https:\/\/wa.me\/8618077105796\">+8618077105796<\/a><\/p>\n<p><span style=\"color: #ff0000\">OPOMBA: Cene na na\u0161i spletni strani ne vklju\u010dujejo stro\u0161kov po\u0161iljanja.<\/span><\/p>","protected":false},"featured_media":1958,"comment_status":"open","ping_status":"closed","template":"","meta":{"_uag_custom_page_level_css":"","_lmt_disableupdate":"no","_lmt_disable":"","site-sidebar-layout":"default","site-content-layout":"content-boxed-container","ast-site-content-layout":"normal-width-container","site-content-style":"boxed","site-sidebar-style":"unboxed","ast-global-header-display":"","ast-banner-title-visibility":"","ast-main-header-display":"","ast-hfb-above-header-display":"","ast-hfb-below-header-display":"","ast-hfb-mobile-header-display":"","site-post-title":"","ast-breadcrumbs-content":"","ast-featured-img":"","footer-sml-layout":"","theme-transparent-header-meta":"default","adv-header-id-meta":"","stick-header-meta":"","header-above-stick-meta":"","header-main-stick-meta":"","header-below-stick-meta":"","astra-migrate-meta-layouts":"set","_joinchat":[]},"product_cat":[169,153,155,33,59,100,34,158,157,154,152,58,84,156,63,32],"product_tag":[52,36,37,91,41,71,40],"class_list":["post-1957","product","type-product","status-publish","has-post-thumbnail","hentry","product_cat-8000-puffs-disposable-vape","product_cat-hot-disposable-vapes","product_cat-belgium-hot-disposable-vapes","product_cat-france-vape-hot-sale","product_cat-germany-hot-disposable-vape","product_cat-germany-wholesale-vape-shop","product_cat-netherlands-vape-good-sale","product_cat-norway-hot-disposable-vapes","product_cat-poland-hot-disposable-vapes","product_cat-portugal-hot-disposable-vapes","product_cat-spain-hot-disposable-vapes","product_cat-sweden-hot-disposable-vape","product_cat-sweden-wholesale-vape","product_cat-switzerland-hot-disposable-vapes","product_cat-top-sale-disposable-vape","product_cat-vape-hot-sale-this-week","product_tag-8000-puffs","product_tag-good-vape","product_tag-hot-sale-disposable-vape","product_tag-italy-hot-vape","product_tag-poland-hot-vape","product_tag-randm","product_tag-sweden-hot-vape","desktop-align-left","tablet-align-left","mobile-align-left"],"yoast_head":"<!-- This site is optimized with the Yoast SEO plugin v21.1 - https:\/\/yoast.com\/wordpress\/plugins\/seo\/ -->\n<title>Prime Bar 8000 Disposable Pod Device Wholesale Price - vapebulkp.com<\/title>\n<meta name=\"description\" content=\"Elevate your vaping experience withPrime Bar 8000 Disposable Pod\u2014a premium disposable vape designed for flavour and reliability. Enjoy intense tastes and extended puffs with no charging needed. Your perfect everyday vaping companion in the EU.\" \/>\n<meta name=\"robots\" content=\"index, follow, max-snippet:-1, max-image-preview:large, max-video-preview:-1\" \/>\n<link rel=\"canonical\" href=\"https:\/\/vapebulkp.com\/sl\/product\/prime-bar-8000-disposable-pod-device-wholesale-price\/\" \/>\n<meta property=\"og:locale\" content=\"sl_SI\" \/>\n<meta property=\"og:type\" content=\"article\" \/>\n<meta property=\"og:title\" content=\"Prime Bar 8000 Disposable Pod Device Wholesale Price - vapebulkp.com\" \/>\n<meta property=\"og:description\" content=\"Elevate your vaping experience withPrime Bar 8000 Disposable Pod\u2014a premium disposable vape designed for flavour and reliability. Enjoy intense tastes and extended puffs with no charging needed. Your perfect everyday vaping companion in the EU.\" \/>\n<meta property=\"og:url\" content=\"https:\/\/vapebulkp.com\/sl\/product\/prime-bar-8000-disposable-pod-device-wholesale-price\/\" \/>\n<meta property=\"og:site_name\" content=\"vapebulkp.com\" \/>\n<meta property=\"article:modified_time\" content=\"2025-09-08T03:34:08+00:00\" \/>\n<meta property=\"og:image\" content=\"http:\/\/vapebulkp.com\/wp-content\/uploads\/2023\/12\/PRIME-BAR-BULK-PRICE-PUFF-8000.jpg\" \/>\n\t<meta property=\"og:image:width\" content=\"1001\" \/>\n\t<meta property=\"og:image:height\" content=\"1001\" \/>\n\t<meta property=\"og:image:type\" content=\"image\/jpeg\" \/>\n<meta name=\"twitter:card\" content=\"summary_large_image\" \/>\n<meta name=\"twitter:label1\" content=\"Est. reading time\" \/>\n\t<meta name=\"twitter:data1\" content=\"5 minut\" \/>\n<script type=\"application\/ld+json\" class=\"yoast-schema-graph\">{\"@context\":\"https:\/\/schema.org\",\"@graph\":[{\"@type\":\"WebPage\",\"@id\":\"https:\/\/vapebulkp.com\/product\/prime-bar-8000-disposable-pod-device-wholesale-price\/\",\"url\":\"https:\/\/vapebulkp.com\/product\/prime-bar-8000-disposable-pod-device-wholesale-price\/\",\"name\":\"Prime Bar 8000 Disposable Pod Device Wholesale Price - vapebulkp.com\",\"isPartOf\":{\"@id\":\"https:\/\/vapebulkp.com\/#website\"},\"datePublished\":\"2023-12-14T08:21:57+00:00\",\"dateModified\":\"2025-09-08T03:34:08+00:00\",\"description\":\"Elevate your vaping experience withPrime Bar 8000 Disposable Pod\u2014a premium disposable vape designed for flavour and reliability. Enjoy intense tastes and extended puffs with no charging needed. Your perfect everyday vaping companion in the EU.\",\"breadcrumb\":{\"@id\":\"https:\/\/vapebulkp.com\/product\/prime-bar-8000-disposable-pod-device-wholesale-price\/#breadcrumb\"},\"inLanguage\":\"sl-SI\",\"potentialAction\":[{\"@type\":\"ReadAction\",\"target\":[\"https:\/\/vapebulkp.com\/product\/prime-bar-8000-disposable-pod-device-wholesale-price\/\"]}]},{\"@type\":\"BreadcrumbList\",\"@id\":\"https:\/\/vapebulkp.com\/product\/prime-bar-8000-disposable-pod-device-wholesale-price\/#breadcrumb\",\"itemListElement\":[{\"@type\":\"ListItem\",\"position\":1,\"name\":\"Home\",\"item\":\"https:\/\/vapebulkp.com\/\"},{\"@type\":\"ListItem\",\"position\":2,\"name\":\"Hot Trend Vapes\",\"item\":\"https:\/\/vapebulkp.com\/vape-shop\/\"},{\"@type\":\"ListItem\",\"position\":3,\"name\":\"Prime Bar 8000 Disposable Pod Device Wholesale Price\"}]},{\"@type\":\"WebSite\",\"@id\":\"https:\/\/vapebulkp.com\/#website\",\"url\":\"https:\/\/vapebulkp.com\/\",\"name\":\"vapebulkp.com\",\"description\":\"Buy Vape In Cheap Bulk Price Near you\",\"publisher\":{\"@id\":\"https:\/\/vapebulkp.com\/#organization\"},\"potentialAction\":[{\"@type\":\"SearchAction\",\"target\":{\"@type\":\"EntryPoint\",\"urlTemplate\":\"https:\/\/vapebulkp.com\/?s={search_term_string}\"},\"query-input\":\"required name=search_term_string\"}],\"inLanguage\":\"sl-SI\"},{\"@type\":\"Organization\",\"@id\":\"https:\/\/vapebulkp.com\/#organization\",\"name\":\"vapebulkp.com\",\"url\":\"https:\/\/vapebulkp.com\/\",\"logo\":{\"@type\":\"ImageObject\",\"inLanguage\":\"sl-SI\",\"@id\":\"https:\/\/vapebulkp.com\/#\/schema\/logo\/image\/\",\"url\":\"https:\/\/vapebulkp.com\/wp-content\/uploads\/2023\/09\/cropped-vapebulkp.png\",\"contentUrl\":\"https:\/\/vapebulkp.com\/wp-content\/uploads\/2023\/09\/cropped-vapebulkp.png\",\"width\":516,\"height\":163,\"caption\":\"vapebulkp.com\"},\"image\":{\"@id\":\"https:\/\/vapebulkp.com\/#\/schema\/logo\/image\/\"}}]}<\/script>\n<!-- \/ Yoast SEO plugin. -->","yoast_head_json":{"title":"Prime Bar 8000 Disposable Pod Device Wholesale Price - vapebulkp.com","description":"Elevate your vaping experience withPrime Bar 8000 Disposable Pod\u2014a premium disposable vape designed for flavour and reliability. Enjoy intense tastes and extended puffs with no charging needed. Your perfect everyday vaping companion in the EU.","robots":{"index":"index","follow":"follow","max-snippet":"max-snippet:-1","max-image-preview":"max-image-preview:large","max-video-preview":"max-video-preview:-1"},"canonical":"https:\/\/vapebulkp.com\/sl\/product\/prime-bar-8000-disposable-pod-device-wholesale-price\/","og_locale":"sl_SI","og_type":"article","og_title":"Prime Bar 8000 Disposable Pod Device Wholesale Price - vapebulkp.com","og_description":"Elevate your vaping experience withPrime Bar 8000 Disposable Pod\u2014a premium disposable vape designed for flavour and reliability. Enjoy intense tastes and extended puffs with no charging needed. Your perfect everyday vaping companion in the EU.","og_url":"https:\/\/vapebulkp.com\/sl\/product\/prime-bar-8000-disposable-pod-device-wholesale-price\/","og_site_name":"vapebulkp.com","article_modified_time":"2025-09-08T03:34:08+00:00","og_image":[{"width":1001,"height":1001,"url":"http:\/\/vapebulkp.com\/wp-content\/uploads\/2023\/12\/PRIME-BAR-BULK-PRICE-PUFF-8000.jpg","type":"image\/jpeg"}],"twitter_card":"summary_large_image","twitter_misc":{"Est. reading time":"5 minut"},"schema":{"@context":"https:\/\/schema.org","@graph":[{"@type":"WebPage","@id":"https:\/\/vapebulkp.com\/product\/prime-bar-8000-disposable-pod-device-wholesale-price\/","url":"https:\/\/vapebulkp.com\/product\/prime-bar-8000-disposable-pod-device-wholesale-price\/","name":"Prime Bar 8000 Disposable Pod Device Wholesale Price - vapebulkp.com","isPartOf":{"@id":"https:\/\/vapebulkp.com\/#website"},"datePublished":"2023-12-14T08:21:57+00:00","dateModified":"2025-09-08T03:34:08+00:00","description":"Elevate your vaping experience withPrime Bar 8000 Disposable Pod\u2014a premium disposable vape designed for flavour and reliability. Enjoy intense tastes and extended puffs with no charging needed. Your perfect everyday vaping companion in the EU.","breadcrumb":{"@id":"https:\/\/vapebulkp.com\/product\/prime-bar-8000-disposable-pod-device-wholesale-price\/#breadcrumb"},"inLanguage":"sl-SI","potentialAction":[{"@type":"ReadAction","target":["https:\/\/vapebulkp.com\/product\/prime-bar-8000-disposable-pod-device-wholesale-price\/"]}]},{"@type":"BreadcrumbList","@id":"https:\/\/vapebulkp.com\/product\/prime-bar-8000-disposable-pod-device-wholesale-price\/#breadcrumb","itemListElement":[{"@type":"ListItem","position":1,"name":"Home","item":"https:\/\/vapebulkp.com\/"},{"@type":"ListItem","position":2,"name":"Hot Trend Vapes","item":"https:\/\/vapebulkp.com\/vape-shop\/"},{"@type":"ListItem","position":3,"name":"Prime Bar 8000 Disposable Pod Device Wholesale Price"}]},{"@type":"WebSite","@id":"https:\/\/vapebulkp.com\/#website","url":"https:\/\/vapebulkp.com\/","name":"vapebulkp.com","description":"Buy Vape In Cheap Bulk Price Near you","publisher":{"@id":"https:\/\/vapebulkp.com\/#organization"},"potentialAction":[{"@type":"SearchAction","target":{"@type":"EntryPoint","urlTemplate":"https:\/\/vapebulkp.com\/?s={search_term_string}"},"query-input":"required name=search_term_string"}],"inLanguage":"sl-SI"},{"@type":"Organization","@id":"https:\/\/vapebulkp.com\/#organization","name":"vapebulkp.com","url":"https:\/\/vapebulkp.com\/","logo":{"@type":"ImageObject","inLanguage":"sl-SI","@id":"https:\/\/vapebulkp.com\/#\/schema\/logo\/image\/","url":"https:\/\/vapebulkp.com\/wp-content\/uploads\/2023\/09\/cropped-vapebulkp.png","contentUrl":"https:\/\/vapebulkp.com\/wp-content\/uploads\/2023\/09\/cropped-vapebulkp.png","width":516,"height":163,"caption":"vapebulkp.com"},"image":{"@id":"https:\/\/vapebulkp.com\/#\/schema\/logo\/image\/"}}]}},"uagb_featured_image_src":{"full":["https:\/\/vapebulkp.com\/wp-content\/uploads\/2023\/12\/PRIME-BAR-BULK-PRICE-PUFF-8000.jpg",1001,1001,false],"thumbnail":["https:\/\/vapebulkp.com\/wp-content\/uploads\/2023\/12\/PRIME-BAR-BULK-PRICE-PUFF-8000-150x150.jpg",150,150,true],"medium":["https:\/\/vapebulkp.com\/wp-content\/uploads\/2023\/12\/PRIME-BAR-BULK-PRICE-PUFF-8000-300x300.jpg",300,300,true],"medium_large":["https:\/\/vapebulkp.com\/wp-content\/uploads\/2023\/12\/PRIME-BAR-BULK-PRICE-PUFF-8000-768x768.jpg",768,768,true],"large":["https:\/\/vapebulkp.com\/wp-content\/uploads\/2023\/12\/PRIME-BAR-BULK-PRICE-PUFF-8000.jpg",1001,1001,false],"1536x1536":["https:\/\/vapebulkp.com\/wp-content\/uploads\/2023\/12\/PRIME-BAR-BULK-PRICE-PUFF-8000.jpg",1001,1001,false],"2048x2048":["https:\/\/vapebulkp.com\/wp-content\/uploads\/2023\/12\/PRIME-BAR-BULK-PRICE-PUFF-8000.jpg",1001,1001,false],"trp-custom-language-flag":["https:\/\/vapebulkp.com\/wp-content\/uploads\/2023\/12\/PRIME-BAR-BULK-PRICE-PUFF-8000.jpg",12,12,false],"woocommerce_thumbnail":["https:\/\/vapebulkp.com\/wp-content\/uploads\/2023\/12\/PRIME-BAR-BULK-PRICE-PUFF-8000-300x300.jpg",300,300,true],"woocommerce_single":["https:\/\/vapebulkp.com\/wp-content\/uploads\/2023\/12\/PRIME-BAR-BULK-PRICE-PUFF-8000-600x600.jpg",600,600,true],"woocommerce_gallery_thumbnail":["https:\/\/vapebulkp.com\/wp-content\/uploads\/2023\/12\/PRIME-BAR-BULK-PRICE-PUFF-8000-100x100.jpg",100,100,true],"wcpr-photo-reviews":["https:\/\/vapebulkp.com\/wp-content\/uploads\/2023\/12\/PRIME-BAR-BULK-PRICE-PUFF-8000.jpg",500,500,false]},"uagb_author_info":{"display_name":"Mandy vape bulk price","author_link":"https:\/\/vapebulkp.com\/sl\/author\/"},"uagb_comment_info":0,"uagb_excerpt":"Enjoy vaping on the go with the Prime Bar 8000 Disposable Vape Puff\u00a0 Wholesale. Prime Bar 8000 Puffs is the disposable e-cigarette you deserve. Pls Contact Mandy's WhatsApp For Discount Price+8618077105796 NOTE: Prices on our website does not include shipping costs","_links":{"self":[{"href":"https:\/\/vapebulkp.com\/sl\/wp-json\/wp\/v2\/product\/1957","targetHints":{"allow":["GET"]}}],"collection":[{"href":"https:\/\/vapebulkp.com\/sl\/wp-json\/wp\/v2\/product"}],"about":[{"href":"https:\/\/vapebulkp.com\/sl\/wp-json\/wp\/v2\/types\/product"}],"replies":[{"embeddable":true,"href":"https:\/\/vapebulkp.com\/sl\/wp-json\/wp\/v2\/comments?post=1957"}],"wp:featuredmedia":[{"embeddable":true,"href":"https:\/\/vapebulkp.com\/sl\/wp-json\/wp\/v2\/media\/1958"}],"wp:attachment":[{"href":"https:\/\/vapebulkp.com\/sl\/wp-json\/wp\/v2\/media?parent=1957"}],"wp:term":[{"taxonomy":"product_cat","embeddable":true,"href":"https:\/\/vapebulkp.com\/sl\/wp-json\/wp\/v2\/product_cat?post=1957"},{"taxonomy":"product_tag","embeddable":true,"href":"https:\/\/vapebulkp.com\/sl\/wp-json\/wp\/v2\/product_tag?post=1957"}],"curies":[{"name":"wp","href":"https:\/\/api.w.org\/{rel}","templated":true}]}}