{"id":2047,"date":"2024-02-23T04:43:11","date_gmt":"2024-02-23T03:43:11","guid":{"rendered":"https:\/\/vapebulkp.com\/?post_type=product&#038;p=2047"},"modified":"2025-09-24T05:44:54","modified_gmt":"2025-09-24T03:44:54","slug":"top-sale-bang-king-digital-box15k-puffs-bang-vape","status":"publish","type":"product","link":"https:\/\/vapebulkp.com\/sl\/product\/top-sale-bang-king-digital-box15k-puffs-bang-vape\/","title":{"rendered":"Najbolj prodajan Bang King Digital box15k Puffs Bang Vape"},"content":{"rendered":"<h2>Najbolj prodajan Bang King Digital box15k Puffs Bang Vape<\/h2>\n<div class=\"flex-1 overflow-hidden\">\n<div class=\"react-scroll-to-bottom--css-jqipn-79elbk h-full\">\n<div class=\"react-scroll-to-bottom--css-jqipn-1n7m0yu\">\n<div class=\"flex flex-col pb-9 text-sm\">\n<div class=\"w-full text-token-text-primary\" data-testid=\"conversation-turn-3\">\n<div class=\"px-4 py-2 justify-center text-base md:gap-6 m-auto\">\n<div class=\"flex flex-1 text-base mx-auto gap-3 md:px-5 lg:px-1 xl:px-5 md:max-w-3xl lg:max-w-[40rem] xl:max-w-[48rem] group final-completion\">\n<div class=\"relative flex w-full flex-col agent-turn\">\n<div class=\"flex-col gap-1 md:gap-3\">\n<div class=\"flex flex-grow flex-col max-w-full\">\n<div class=\"min-h-[20px] text-message flex flex-col items-start gap-3 whitespace-pre-wrap break-words [.text-message+&amp;]:mt-5 overflow-x-auto\" data-message-author-role=\"assistant\" data-message-id=\"9a8e65ba-92ac-4923-990c-b23dc8c2bd86\">\n<div class=\"markdown prose w-full break-words dark:prose-invert light\">\n<p>Bang King Digital box15k Puffs na novo definira standard za sodobne e-cigarete. Je izjemen kos, zasnovan za zahtevne vejperje, ki zahtevajo tako napredno tehnologijo kot prefinjeno delovanje. Ta naprava je dokon\u010dna re\u0161itev za tiste, ki i\u0161\u010dejo <strong>vrhunsko<\/strong> <b>za enkratno uporabo<\/b> napravo, ki zdru\u017euje podalj\u0161ano \u017eivljenjsko dobo z lahkotno prefinjenostjo.<\/p>\n<p>S svojo monumentalno <b>kapaciteto 15000 vdihov<\/b>, ta naprava za vejpa zagotavlja neverjetno dolgotrajno izku\u0161njo brez kompromisov glede celovitosti okusa. V svojem jedru, vgrajena 650mAh visoko u\u010dinkovita napajalna celica zagotavlja zanesljivo, neprekinjeno delovanje, ki se brez te\u017eav polni prek sodobnega priklju\u010dka Type-C. Ta raven trajnosti jo naredi za izbiro \u0161tevilka ena za ljubitelje vejpanja v <b>UK<\/b>, <strong>Sloveniji in po vsej Evropi.<\/strong><\/p>\n<p>Veleprodaja Vape Bang King Digital Box se odlikuje z intuitivnim digitalnim zaslonom, ki v realnem \u010dasu prikazuje \u0161tevilo vdihov in \u017eivljenjsko dobo baterije za popoln nadzor nad va\u0161o sejo. Strokovno zme\u0161ana e-teko\u010dina, ki je na voljo v <b>21 mg in 51 mg nikotinskih mo\u010deh<\/b>, se popolnoma atomizira z natan\u010dno zasnovano tuljavo, ki zagotavlja izjemno gladko in dosledno paro.<\/p>\n<p>Za poznavalce, ki gradijo portfelj z visoko zmogljivostjo, naprava bang vape stoji kot temelj skupaj z mo\u017enostmi, kot je <a href=\"https:\/\/vapebulkp.com\/sl\/product-category\/15000-puffs-disposable-vape\/\"><strong>15<\/strong><b>000 Ustreznikov za enkratno uporabo Vape<\/b><\/a>, ki ponuja vrhunsko kakovost in vodilno zmogljivost na trgu. To je najbolj\u0161a izbira za vsako <b>trgovino z vejp opremo<\/b> ki \u017eeli zagotoviti neprekosljivo uporabni\u0161ko izku\u0161njo.<\/p>\n<\/div>\n<\/div>\n<\/div>\n<div class=\"mt-1 flex justify-start gap-3 empty:hidden\">\n<div class=\"text-gray-400 flex self-end lg:self-center justify-center lg:justify-start mt-0 -ml-1 h-7 visible\">\n<p>&nbsp;<\/p>\n<div class=\"flex\"><img decoding=\"async\" class=\"alignnone size-full wp-image-2048\" src=\"http:\/\/vapebulkp.com\/wp-content\/uploads\/2024\/02\/Good-sale-Bang-King-Digital-box-15000-puffs.jpg\" alt=\"Dobra prodaja Bang King Digital Box 15000 vpihov\" width=\"1001\" height=\"469\" srcset=\"https:\/\/vapebulkp.com\/wp-content\/uploads\/2024\/02\/Good-sale-Bang-King-Digital-box-15000-puffs.jpg 1001w, https:\/\/vapebulkp.com\/wp-content\/uploads\/2024\/02\/Good-sale-Bang-King-Digital-box-15000-puffs-300x141.jpg 300w, https:\/\/vapebulkp.com\/wp-content\/uploads\/2024\/02\/Good-sale-Bang-King-Digital-box-15000-puffs-768x360.jpg 768w, https:\/\/vapebulkp.com\/wp-content\/uploads\/2024\/02\/Good-sale-Bang-King-Digital-box-15000-puffs-600x281.jpg 600w\" sizes=\"(max-width: 1001px) 100vw, 1001px\" \/><\/div>\n<\/div>\n<\/div>\n<\/div>\n<div class=\"absolute\">\n<div class=\"flex w-full gap-2 items-center justify-center\"><\/div>\n<\/div>\n<\/div>\n<\/div>\n<\/div>\n<\/div>\n<\/div>\n<\/div>\n<\/div>\n<\/div>\n<div class=\"w-full pt-2 md:pt-0 dark:border-white\/20 md:border-transparent md:dark:border-transparent md:w-[calc(100%-.5rem)]\">\n<div class=\"relative flex h-full flex-1 flex-col\">\n<div class=\"flex w-full items-center\"><\/div>\n<\/div>\n<\/div>\n<p>&nbsp;<\/p>\n<h6>Za popust se obrnite na Mandyin WhatsApp<a href=\"https:\/\/wa.me\/8618077105796\">+8618077105796<\/a><\/h6>\n<h3><img decoding=\"async\" class=\"alignnone wp-image-2151\" src=\"http:\/\/vapebulkp.com\/wp-content\/uploads\/2024\/04\/Mandy-WhatsApp-Randm.jpg\" alt=\"Mandy WhatsApp Randm\" width=\"243\" height=\"259\" srcset=\"https:\/\/vapebulkp.com\/wp-content\/uploads\/2024\/04\/Mandy-WhatsApp-Randm.jpg 916w, https:\/\/vapebulkp.com\/wp-content\/uploads\/2024\/04\/Mandy-WhatsApp-Randm-282x300.jpg 282w, https:\/\/vapebulkp.com\/wp-content\/uploads\/2024\/04\/Mandy-WhatsApp-Randm-768x817.jpg 768w, https:\/\/vapebulkp.com\/wp-content\/uploads\/2024\/04\/Mandy-WhatsApp-Randm-600x638.jpg 600w\" sizes=\"(max-width: 243px) 100vw, 243px\" \/><\/h3>\n<h2>Morda vas zanima ve\u010d o Bang vape za enkratno uporabo 15000 vdihov\uff1a<\/h2>\n<p>&nbsp;<\/p>\n<h5>1. KAK\u0160NA JE KAPACITETA E-TEKO\u010cINE V Bang Vape 15000 Puffs E-cigareti z okusom?<\/h5>\n<p>Ta naprava ima 25 ml e-teko\u010dine.<\/p>\n<h5>2. Kako dolgo traja ta puff bang king?<\/h5>\n<p>500 vdihov\/dan, lahko traja 30 dni<br \/>\n1000 vdihov\/dan, lahko traja 15 dni<br \/>\n2000 vdihov\/dan, lahko traja 7,5 dni<\/p>\n<h5>3. KAKO NAPOLNITI NAPRAVO ZA VEJPE ZA ENKRATNO UPORABO Bang Vape 15000 Puffs?<\/h5>\n<p>Hitri polnilci se ne smejo uporabljati. Standardna varna mo\u010d e-cigaret za enkratno uporabo je 5V 1A. Vsak \u010das polnjenja ne sme prese\u010di 1 ure, varen \u010das polnjenja pa je pol ure.<\/p>\n<p><span style=\"color: #ff6600\">Opomba: ne polnite celo no\u010d!<\/span><\/p>\n<h5>4. Kako uporabljati stekleni\u010dko Bang Digital box Vape 15000 Puff?<\/h5>\n<p>1: Prosimo, odprite embala\u017eo pred uporabo 15k vdihljajev.<br \/>\n2: Nato postavite tesnilo na dno vape-ja<br \/>\n3: Za\u010dnite u\u017eivati<\/p>\n<h3><strong><span style=\"vertical-align: inherit\">Specifikacije za poceni elektronske cigarete za enkratno uporabo Bang King Digital box 15000<\/span><\/strong>Vdihov<strong><span style=\"vertical-align: inherit\">\uff1a<\/span><br \/>\n<\/strong><\/h3>\n<ul>\n<li>Vgrajena baterija 650 mAh<\/li>\n<li>Polnilno<\/li>\n<li>U\u010dinkovita in dosledna dobava energije<\/li>\n<li>25 ml vnaprej napolnjene e-teko\u010dine<\/li>\n<li>0% 2% 3% 5% raven nikotina<\/li>\n<li>Zagotavlja skoraj 15000 vdihljajev<\/li>\n<li>Nastavljiv pretok zraka<\/li>\n<li>MOQ: 100 KOS<\/li>\n<\/ul>\n<h3><strong>Elektronska cigareta vse-v-enem za enkratno uporabo Best bang king Digital box <\/strong>15k vdihljajev<strong>okusi:<\/strong><\/h3>\n<p>&nbsp;<\/p>\n<p>1. modra zmrzal<br \/>\n2. jagodna EKSPLOZIJA<br \/>\n3. modra \u010de\u0161nja limona<br \/>\n4. breskova zmrzal<br \/>\n5. grozdna zmrzal<br \/>\n6. breskva jagoda<br \/>\n7. kislo jabolko borovnica<br \/>\n8. tropsko sadje<br \/>\n9. bujni led<br \/>\n10.Jagoda lubenica<br \/>\n11. Hladna meta<br \/>\n12.Jagoda li\u010di<\/p>\n<p><a href=\"https:\/\/vapebulkp.com\/sl\/product\/popular-randm-tornado-7000puffs-disposable-vape-best-price\/\"><span style=\"vertical-align: inherit\">RandM Tornado 7000 Pufov <\/span><\/a><\/p>\n<p><span style=\"vertical-align: inherit\">Poi\u0161\u010dite ve\u010d izdelkov, ki bi vam bili morda v\u0161e\u010d:<\/span><em><a href=\"https:\/\/wa.me\/8618077105796\"><span style=\"vertical-align: inherit\">\u00a0Kupite zdaj<\/span><\/a><\/em><\/p>\n<p><span style=\"vertical-align: inherit\">Drugi 'puffs', ki bi vam bili morda v\u0161e\u010d:<\/span><a href=\"https:\/\/vapebulkp.com\/sl\/product\/bang-box-12000puffs-good-vape-sweden-wholesale-price\/\"><span style=\"vertical-align: inherit\">Bang Box 12000 Puffs<\/span><\/a><span style=\"vertical-align: inherit\">\u3001<\/span><a href=\"https:\/\/vapebulkp.com\/sl\/product\/top-sale-waspe-12000puffs-disposable-vape-wholesale-france\/\"><span style=\"vertical-align: inherit\">WASPE 12000 Pih<\/span><\/a><span style=\"vertical-align: inherit\">\/ <\/span><a href=\"https:\/\/vapebulkp.com\/sl\/product\/wholesale-randm-tornado-9000-puffs-germany\/\"><span style=\"vertical-align: inherit\">RandM Tornado 9000 vpihov<\/span><\/a><span style=\"vertical-align: inherit\">\/ <\/span><a href=\"https:\/\/vapebulkp.com\/sl\/product\/wholesale-price-og-super-smash-10000-puffs-disposable-vape\/\"><span style=\"vertical-align: inherit\">Og Super smash 10000 vpihov<\/span><\/a><\/p>\n<p><span style=\"vertical-align: inherit\">E-cigareta posebne oblike steklenice:<\/span><a href=\"https:\/\/vapebulkp.com\/sl\/product\/good-sale-randm-tornado-10000-puffs-plus\/\"><span style=\"vertical-align: inherit\">RandM Tornado 10000 Vpihov Plus <\/span><\/a><span style=\"vertical-align: inherit\">\/<\/span><a href=\"https:\/\/vapebulkp.com\/sl\/product\/fumot-digital-box-12000-disposable-vape-wholesale\/\"><span style=\"vertical-align: inherit\">Fumot Digitalna \u0160katla 12000 Vpihov<\/span><\/a><\/p>\n<h4>Proizvodne kvalifikacije:<\/h4>\n<p><img decoding=\"async\" class=\"alignnone wp-image-1842\" src=\"http:\/\/vapebulkp.com\/wp-content\/uploads\/2023\/11\/Vape-production-process-2.jpg\" alt=\"Proces proizvodnje vape\" width=\"671\" height=\"301\" srcset=\"https:\/\/vapebulkp.com\/wp-content\/uploads\/2023\/11\/Vape-production-process-2.jpg 800w, https:\/\/vapebulkp.com\/wp-content\/uploads\/2023\/11\/Vape-production-process-2-300x135.jpg 300w, https:\/\/vapebulkp.com\/wp-content\/uploads\/2023\/11\/Vape-production-process-2-768x345.jpg 768w, https:\/\/vapebulkp.com\/wp-content\/uploads\/2023\/11\/Vape-production-process-2-600x269.jpg 600w\" sizes=\"(max-width: 671px) 100vw, 671px\" \/><\/p>\n<p><img decoding=\"async\" class=\"alignnone wp-image-1843\" src=\"http:\/\/vapebulkp.com\/wp-content\/uploads\/2023\/11\/Vape-production-process.jpeg\" alt=\"Proces proizvodnje vape\" width=\"671\" height=\"1074\" srcset=\"https:\/\/vapebulkp.com\/wp-content\/uploads\/2023\/11\/Vape-production-process.jpeg 641w, https:\/\/vapebulkp.com\/wp-content\/uploads\/2023\/11\/Vape-production-process-187x300.jpeg 187w, https:\/\/vapebulkp.com\/wp-content\/uploads\/2023\/11\/Vape-production-process-640x1024.jpeg 640w, https:\/\/vapebulkp.com\/wp-content\/uploads\/2023\/11\/Vape-production-process-600x960.jpeg 600w\" sizes=\"(max-width: 671px) 100vw, 671px\" \/><\/p>\n<h5>Pogosta vpra\u0161anja:<\/h5>\n<p>V: Kak\u0161na je najmanj\u0161a koli\u010dina naro\u010dila za Bang King Digital Box 15000 vpihov?<br \/>\nO: Najmanj\u0161e naro\u010dilo je 100 kosov.<br \/>\nV: Kak\u0161en je dobavni rok za naro\u010deno vape?<br \/>\nO: Obi\u010dajno je 10-15 dni po odpremi<br \/>\nV: Koliko zna\u0161ajo stro\u0161ki po\u0161iljanja? O: Stro\u0161ki po\u0161iljanja so odvisni od te\u017ee. Razli\u010dne koli\u010dine imajo razli\u010dne stro\u0161ke po\u0161iljanja, prosimo, kontaktirajte nas za potrditev stro\u0161kov po\u0161iljanja.<\/p>\n<p>&nbsp;<\/p>\n<h4>Podrobnosti dostave:<\/h4>\n<p><span style=\"color: #ff6600\">\u010cas proizvodnje: 5\u201310 delovnih dni<\/span><br \/>\n<span style=\"color: #ff6600\">\u010cas dostave: 8\u201314 delovnih dni<\/span><\/p>\n<p>Vsi izdelki v na\u0161i trgovini so 100% originalni in avtenti\u010dni, zato je na\u0161a politika desetkratno nadomestilo za ponarejeno blago. Za dostavo blaga vam uporabljamo logisti\u010dne kanale, kot so UPS\/DHL\/FEDEX\/DPD.<\/p>\n<p>Za pakete, poslane v Slovenijo, obi\u010dajno traja 10 delovnih dni. Po\u0161iljanje v evropske dr\u017eave obi\u010dajno traja 12 do 15 delovnih dni. Logisti\u010dne informacije vam bomo sproti posodabljali.<\/p>\n<h3>Dobra poprodajna storitev:<\/h3>\n<p><span style=\"color: #ff6600\">Obvestilo: Brez vra\u010dil ali zamenjav za te\u017eave, ki niso povezane s kakovostjo<\/span><br \/>\n1. Kupci lahko izberejo \u017eeleni okus, vendar \u010de okusa ni na zalogi, bo proizvodni oddelek izbral priljubljen okus za zamenjavo. Kupcem ni dovoljeno zahtevati vra\u010dila ali zamenjave na podlagi okusov.<\/p>\n<p>2. \u010ce pride do te\u017eav s kakovostjo, prosimo, predlo\u017eite podroben opis v obliki videa in slik.<br \/>\n\u010ce ne morete predlo\u017eiti dokazov, kot so videoposnetki in fotografije, blaga ni mogo\u010de zamenjati.<\/p>","protected":false},"excerpt":{"rendered":"<p>Ta priljubljena elektronska cigareta Bang King digital box 15000 Puffs je zelo priljubljena med strankami. Ta e-cigareta, ki zagotavlja do 15.000 gladkih in zadovoljivih vdihov, je naprava za ponovno polnjenje, ki si jo zaslu\u017eite.<\/p>\n<p><img decoding=\"async\" class=\"alignnone wp-image-2151\" src=\"http:\/\/vapebulkp.com\/wp-content\/uploads\/2024\/04\/Mandy-WhatsApp-Randm.jpg\" alt=\"Mandy WhatsApp Randm\" width=\"264\" height=\"281\" srcset=\"https:\/\/vapebulkp.com\/wp-content\/uploads\/2024\/04\/Mandy-WhatsApp-Randm.jpg 916w, https:\/\/vapebulkp.com\/wp-content\/uploads\/2024\/04\/Mandy-WhatsApp-Randm-282x300.jpg 282w, https:\/\/vapebulkp.com\/wp-content\/uploads\/2024\/04\/Mandy-WhatsApp-Randm-768x817.jpg 768w, https:\/\/vapebulkp.com\/wp-content\/uploads\/2024\/04\/Mandy-WhatsApp-Randm-600x638.jpg 600w\" sizes=\"(max-width: 264px) 100vw, 264px\" \/><\/p>\n<p>Za popust se obrnite na Mandyin WhatsApp<a href=\"https:\/\/wa.me\/8618077105796\">+8618077105796<\/a><\/p>\n<p><span style=\"color: #ff0000\">OPOMBA: Cene na na\u0161i spletni strani ne vklju\u010dujejo stro\u0161kov po\u0161iljanja.<\/span><\/p>","protected":false},"featured_media":2048,"comment_status":"open","ping_status":"closed","template":"","meta":{"_uag_custom_page_level_css":"","_lmt_disableupdate":"no","_lmt_disable":"","site-sidebar-layout":"default","site-content-layout":"content-boxed-container","ast-site-content-layout":"normal-width-container","site-content-style":"boxed","site-sidebar-style":"unboxed","ast-global-header-display":"","ast-banner-title-visibility":"","ast-main-header-display":"","ast-hfb-above-header-display":"","ast-hfb-below-header-display":"","ast-hfb-mobile-header-display":"","site-post-title":"","ast-breadcrumbs-content":"","ast-featured-img":"","footer-sml-layout":"","theme-transparent-header-meta":"default","adv-header-id-meta":"","stick-header-meta":"","header-above-stick-meta":"","header-main-stick-meta":"","header-below-stick-meta":"","astra-migrate-meta-layouts":"set","_joinchat":[]},"product_cat":[165,153,344,155,33,59,100,34,158,157,154,152,58,84,156,63,32],"product_tag":[77,36,37,41,40],"class_list":["post-2047","product","type-product","status-publish","has-post-thumbnail","hentry","product_cat-15000-puffs-disposable-vape","product_cat-hot-disposable-vapes","product_cat-bang-king-vape","product_cat-belgium-hot-disposable-vapes","product_cat-france-vape-hot-sale","product_cat-germany-hot-disposable-vape","product_cat-germany-wholesale-vape-shop","product_cat-netherlands-vape-good-sale","product_cat-norway-hot-disposable-vapes","product_cat-poland-hot-disposable-vapes","product_cat-portugal-hot-disposable-vapes","product_cat-spain-hot-disposable-vapes","product_cat-sweden-hot-disposable-vape","product_cat-sweden-wholesale-vape","product_cat-switzerland-hot-disposable-vapes","product_cat-top-sale-disposable-vape","product_cat-vape-hot-sale-this-week","product_tag-15000-puffs","product_tag-good-vape","product_tag-hot-sale-disposable-vape","product_tag-poland-hot-vape","product_tag-sweden-hot-vape","pa_brand-bang-king-vape","desktop-align-left","tablet-align-left","mobile-align-left"],"yoast_head":"<!-- This site is optimized with the Yoast SEO plugin v21.1 - https:\/\/yoast.com\/wordpress\/plugins\/seo\/ -->\n<title>Top sale Bang King Digital box15k Puffs Bang Vape - vapebulkp.com<\/title>\n<meta name=\"description\" content=\"This popular electronic cigarette Bang King digital box 15000 Puffs is very popular among customers. Delivering up to 15,000 smooth, satisfying puffs, this e-cigarette is a rechargeable device you deserve.\" \/>\n<meta name=\"robots\" content=\"index, follow, max-snippet:-1, max-image-preview:large, max-video-preview:-1\" \/>\n<link rel=\"canonical\" href=\"https:\/\/vapebulkp.com\/sl\/product\/top-sale-bang-king-digital-box15k-puffs-bang-vape\/\" \/>\n<meta property=\"og:locale\" content=\"sl_SI\" \/>\n<meta property=\"og:type\" content=\"article\" \/>\n<meta property=\"og:title\" content=\"Top sale Bang King Digital box15k Puffs Bang Vape - vapebulkp.com\" \/>\n<meta property=\"og:description\" content=\"This popular electronic cigarette Bang King digital box 15000 Puffs is very popular among customers. Delivering up to 15,000 smooth, satisfying puffs, this e-cigarette is a rechargeable device you deserve.\" \/>\n<meta property=\"og:url\" content=\"https:\/\/vapebulkp.com\/sl\/product\/top-sale-bang-king-digital-box15k-puffs-bang-vape\/\" \/>\n<meta property=\"og:site_name\" content=\"vapebulkp.com\" \/>\n<meta property=\"article:modified_time\" content=\"2025-09-24T03:44:54+00:00\" \/>\n<meta property=\"og:image\" content=\"http:\/\/vapebulkp.com\/wp-content\/uploads\/2024\/02\/Good-sale-Bang-King-Digital-box-15000-puffs.jpg\" \/>\n\t<meta property=\"og:image:width\" content=\"1001\" \/>\n\t<meta property=\"og:image:height\" content=\"469\" \/>\n\t<meta property=\"og:image:type\" content=\"image\/jpeg\" \/>\n<meta name=\"twitter:card\" content=\"summary_large_image\" \/>\n<meta name=\"twitter:label1\" content=\"Est. reading time\" \/>\n\t<meta name=\"twitter:data1\" content=\"4 minute\" \/>\n<script type=\"application\/ld+json\" class=\"yoast-schema-graph\">{\"@context\":\"https:\/\/schema.org\",\"@graph\":[{\"@type\":\"WebPage\",\"@id\":\"https:\/\/vapebulkp.com\/product\/top-sale-bang-king-digital-box15k-puffs-bang-vape\/\",\"url\":\"https:\/\/vapebulkp.com\/product\/top-sale-bang-king-digital-box15k-puffs-bang-vape\/\",\"name\":\"Top sale Bang King Digital box15k Puffs Bang Vape - vapebulkp.com\",\"isPartOf\":{\"@id\":\"https:\/\/vapebulkp.com\/#website\"},\"datePublished\":\"2024-02-23T03:43:11+00:00\",\"dateModified\":\"2025-09-24T03:44:54+00:00\",\"description\":\"This popular electronic cigarette Bang King digital box 15000 Puffs is very popular among customers. Delivering up to 15,000 smooth, satisfying puffs, this e-cigarette is a rechargeable device you deserve.\",\"breadcrumb\":{\"@id\":\"https:\/\/vapebulkp.com\/product\/top-sale-bang-king-digital-box15k-puffs-bang-vape\/#breadcrumb\"},\"inLanguage\":\"sl-SI\",\"potentialAction\":[{\"@type\":\"ReadAction\",\"target\":[\"https:\/\/vapebulkp.com\/product\/top-sale-bang-king-digital-box15k-puffs-bang-vape\/\"]}]},{\"@type\":\"BreadcrumbList\",\"@id\":\"https:\/\/vapebulkp.com\/product\/top-sale-bang-king-digital-box15k-puffs-bang-vape\/#breadcrumb\",\"itemListElement\":[{\"@type\":\"ListItem\",\"position\":1,\"name\":\"Home\",\"item\":\"https:\/\/vapebulkp.com\/\"},{\"@type\":\"ListItem\",\"position\":2,\"name\":\"Hot Trend Vapes\",\"item\":\"https:\/\/vapebulkp.com\/vape-shop\/\"},{\"@type\":\"ListItem\",\"position\":3,\"name\":\"Top sale Bang King Digital box15k Puffs Bang Vape\"}]},{\"@type\":\"WebSite\",\"@id\":\"https:\/\/vapebulkp.com\/#website\",\"url\":\"https:\/\/vapebulkp.com\/\",\"name\":\"vapebulkp.com\",\"description\":\"Buy Vape In Cheap Bulk Price Near you\",\"publisher\":{\"@id\":\"https:\/\/vapebulkp.com\/#organization\"},\"potentialAction\":[{\"@type\":\"SearchAction\",\"target\":{\"@type\":\"EntryPoint\",\"urlTemplate\":\"https:\/\/vapebulkp.com\/?s={search_term_string}\"},\"query-input\":\"required name=search_term_string\"}],\"inLanguage\":\"sl-SI\"},{\"@type\":\"Organization\",\"@id\":\"https:\/\/vapebulkp.com\/#organization\",\"name\":\"vapebulkp.com\",\"url\":\"https:\/\/vapebulkp.com\/\",\"logo\":{\"@type\":\"ImageObject\",\"inLanguage\":\"sl-SI\",\"@id\":\"https:\/\/vapebulkp.com\/#\/schema\/logo\/image\/\",\"url\":\"https:\/\/vapebulkp.com\/wp-content\/uploads\/2023\/09\/cropped-vapebulkp.png\",\"contentUrl\":\"https:\/\/vapebulkp.com\/wp-content\/uploads\/2023\/09\/cropped-vapebulkp.png\",\"width\":516,\"height\":163,\"caption\":\"vapebulkp.com\"},\"image\":{\"@id\":\"https:\/\/vapebulkp.com\/#\/schema\/logo\/image\/\"}}]}<\/script>\n<!-- \/ Yoast SEO plugin. -->","yoast_head_json":{"title":"Top sale Bang King Digital box15k Puffs Bang Vape - vapebulkp.com","description":"This popular electronic cigarette Bang King digital box 15000 Puffs is very popular among customers. Delivering up to 15,000 smooth, satisfying puffs, this e-cigarette is a rechargeable device you deserve.","robots":{"index":"index","follow":"follow","max-snippet":"max-snippet:-1","max-image-preview":"max-image-preview:large","max-video-preview":"max-video-preview:-1"},"canonical":"https:\/\/vapebulkp.com\/sl\/product\/top-sale-bang-king-digital-box15k-puffs-bang-vape\/","og_locale":"sl_SI","og_type":"article","og_title":"Top sale Bang King Digital box15k Puffs Bang Vape - vapebulkp.com","og_description":"This popular electronic cigarette Bang King digital box 15000 Puffs is very popular among customers. Delivering up to 15,000 smooth, satisfying puffs, this e-cigarette is a rechargeable device you deserve.","og_url":"https:\/\/vapebulkp.com\/sl\/product\/top-sale-bang-king-digital-box15k-puffs-bang-vape\/","og_site_name":"vapebulkp.com","article_modified_time":"2025-09-24T03:44:54+00:00","og_image":[{"width":1001,"height":469,"url":"http:\/\/vapebulkp.com\/wp-content\/uploads\/2024\/02\/Good-sale-Bang-King-Digital-box-15000-puffs.jpg","type":"image\/jpeg"}],"twitter_card":"summary_large_image","twitter_misc":{"Est. reading time":"4 minute"},"schema":{"@context":"https:\/\/schema.org","@graph":[{"@type":"WebPage","@id":"https:\/\/vapebulkp.com\/product\/top-sale-bang-king-digital-box15k-puffs-bang-vape\/","url":"https:\/\/vapebulkp.com\/product\/top-sale-bang-king-digital-box15k-puffs-bang-vape\/","name":"Top sale Bang King Digital box15k Puffs Bang Vape - vapebulkp.com","isPartOf":{"@id":"https:\/\/vapebulkp.com\/#website"},"datePublished":"2024-02-23T03:43:11+00:00","dateModified":"2025-09-24T03:44:54+00:00","description":"This popular electronic cigarette Bang King digital box 15000 Puffs is very popular among customers. Delivering up to 15,000 smooth, satisfying puffs, this e-cigarette is a rechargeable device you deserve.","breadcrumb":{"@id":"https:\/\/vapebulkp.com\/product\/top-sale-bang-king-digital-box15k-puffs-bang-vape\/#breadcrumb"},"inLanguage":"sl-SI","potentialAction":[{"@type":"ReadAction","target":["https:\/\/vapebulkp.com\/product\/top-sale-bang-king-digital-box15k-puffs-bang-vape\/"]}]},{"@type":"BreadcrumbList","@id":"https:\/\/vapebulkp.com\/product\/top-sale-bang-king-digital-box15k-puffs-bang-vape\/#breadcrumb","itemListElement":[{"@type":"ListItem","position":1,"name":"Home","item":"https:\/\/vapebulkp.com\/"},{"@type":"ListItem","position":2,"name":"Hot Trend Vapes","item":"https:\/\/vapebulkp.com\/vape-shop\/"},{"@type":"ListItem","position":3,"name":"Top sale Bang King Digital box15k Puffs Bang Vape"}]},{"@type":"WebSite","@id":"https:\/\/vapebulkp.com\/#website","url":"https:\/\/vapebulkp.com\/","name":"vapebulkp.com","description":"Buy Vape In Cheap Bulk Price Near you","publisher":{"@id":"https:\/\/vapebulkp.com\/#organization"},"potentialAction":[{"@type":"SearchAction","target":{"@type":"EntryPoint","urlTemplate":"https:\/\/vapebulkp.com\/?s={search_term_string}"},"query-input":"required name=search_term_string"}],"inLanguage":"sl-SI"},{"@type":"Organization","@id":"https:\/\/vapebulkp.com\/#organization","name":"vapebulkp.com","url":"https:\/\/vapebulkp.com\/","logo":{"@type":"ImageObject","inLanguage":"sl-SI","@id":"https:\/\/vapebulkp.com\/#\/schema\/logo\/image\/","url":"https:\/\/vapebulkp.com\/wp-content\/uploads\/2023\/09\/cropped-vapebulkp.png","contentUrl":"https:\/\/vapebulkp.com\/wp-content\/uploads\/2023\/09\/cropped-vapebulkp.png","width":516,"height":163,"caption":"vapebulkp.com"},"image":{"@id":"https:\/\/vapebulkp.com\/#\/schema\/logo\/image\/"}}]}},"uagb_featured_image_src":{"full":["https:\/\/vapebulkp.com\/wp-content\/uploads\/2024\/02\/Good-sale-Bang-King-Digital-box-15000-puffs.jpg",1001,469,false],"thumbnail":["https:\/\/vapebulkp.com\/wp-content\/uploads\/2024\/02\/Good-sale-Bang-King-Digital-box-15000-puffs-150x150.jpg",150,150,true],"medium":["https:\/\/vapebulkp.com\/wp-content\/uploads\/2024\/02\/Good-sale-Bang-King-Digital-box-15000-puffs-300x141.jpg",300,141,true],"medium_large":["https:\/\/vapebulkp.com\/wp-content\/uploads\/2024\/02\/Good-sale-Bang-King-Digital-box-15000-puffs-768x360.jpg",768,360,true],"large":["https:\/\/vapebulkp.com\/wp-content\/uploads\/2024\/02\/Good-sale-Bang-King-Digital-box-15000-puffs.jpg",1001,469,false],"1536x1536":["https:\/\/vapebulkp.com\/wp-content\/uploads\/2024\/02\/Good-sale-Bang-King-Digital-box-15000-puffs.jpg",1001,469,false],"2048x2048":["https:\/\/vapebulkp.com\/wp-content\/uploads\/2024\/02\/Good-sale-Bang-King-Digital-box-15000-puffs.jpg",1001,469,false],"trp-custom-language-flag":["https:\/\/vapebulkp.com\/wp-content\/uploads\/2024\/02\/Good-sale-Bang-King-Digital-box-15000-puffs.jpg",18,8,false],"woocommerce_thumbnail":["https:\/\/vapebulkp.com\/wp-content\/uploads\/2024\/02\/Good-sale-Bang-King-Digital-box-15000-puffs-300x300.jpg",300,300,true],"woocommerce_single":["https:\/\/vapebulkp.com\/wp-content\/uploads\/2024\/02\/Good-sale-Bang-King-Digital-box-15000-puffs-600x281.jpg",600,281,true],"woocommerce_gallery_thumbnail":["https:\/\/vapebulkp.com\/wp-content\/uploads\/2024\/02\/Good-sale-Bang-King-Digital-box-15000-puffs-100x100.jpg",100,100,true],"wcpr-photo-reviews":["https:\/\/vapebulkp.com\/wp-content\/uploads\/2024\/02\/Good-sale-Bang-King-Digital-box-15000-puffs.jpg",500,234,false]},"uagb_author_info":{"display_name":"Mandy vape bulk price","author_link":"https:\/\/vapebulkp.com\/sl\/author\/"},"uagb_comment_info":2,"uagb_excerpt":"This popular electronic cigarette Bang King digital box 15000 Puffs is very popular among customers. Delivering up to 15,000 smooth, satisfying puffs, this e-cigarette is a rechargeable device you deserve. Pls Contact Mandy's WhatsApp For Discount Price+8618077105796 NOTE: Prices on our website does not include shipping costs","_links":{"self":[{"href":"https:\/\/vapebulkp.com\/sl\/wp-json\/wp\/v2\/product\/2047","targetHints":{"allow":["GET"]}}],"collection":[{"href":"https:\/\/vapebulkp.com\/sl\/wp-json\/wp\/v2\/product"}],"about":[{"href":"https:\/\/vapebulkp.com\/sl\/wp-json\/wp\/v2\/types\/product"}],"replies":[{"embeddable":true,"href":"https:\/\/vapebulkp.com\/sl\/wp-json\/wp\/v2\/comments?post=2047"}],"wp:featuredmedia":[{"embeddable":true,"href":"https:\/\/vapebulkp.com\/sl\/wp-json\/wp\/v2\/media\/2048"}],"wp:attachment":[{"href":"https:\/\/vapebulkp.com\/sl\/wp-json\/wp\/v2\/media?parent=2047"}],"wp:term":[{"taxonomy":"product_cat","embeddable":true,"href":"https:\/\/vapebulkp.com\/sl\/wp-json\/wp\/v2\/product_cat?post=2047"},{"taxonomy":"product_tag","embeddable":true,"href":"https:\/\/vapebulkp.com\/sl\/wp-json\/wp\/v2\/product_tag?post=2047"}],"curies":[{"name":"wp","href":"https:\/\/api.w.org\/{rel}","templated":true}]}}