{"id":2106,"date":"2024-03-21T09:56:58","date_gmt":"2024-03-21T08:56:58","guid":{"rendered":"https:\/\/vapebulkp.com\/?post_type=product&#038;p=2106"},"modified":"2025-09-24T05:42:13","modified_gmt":"2025-09-24T03:42:13","slug":"bang-with-a-vape-18000-puffs-crown-bar-hot-vape","status":"publish","type":"product","link":"https:\/\/vapebulkp.com\/sl\/product\/bang-with-a-vape-18000-puffs-crown-bar-hot-vape\/","title":{"rendered":"Bang z Vape 18000 vdihov CROWN BAR Hot Vape"},"content":{"rendered":"<h2 style=\"text-align: left\">Bang z Vape 18000 vdihov CROWN BAR Hot Vape<\/h2>\n<p data-start=\"280\" data-end=\"543\">The <strong data-start=\"284\" data-end=\"330\">Bang CROWN BAR 18000 Puffs Razpr\u0161ilnik za enkratno uporabo<\/strong> zdru\u017euje visoko zmogljivost, gladek okus in sodoben dizajn, prilagojen za evropske vaperje. Z do <strong data-start=\"436\" data-end=\"452\">18.000 vdihov<\/strong>, izstopa kot zanesljiva izbira za uporabnike, ki \u017eelijo tako vzdr\u017eljivost kot vrhunski okus.<\/p>\n<p data-start=\"545\" data-end=\"918\">Ta <strong data-start=\"550\" data-end=\"582\">za polnljiva jednokratna vape<\/strong> napaja baterija s 650 mAh s hitrim polnjenjem Type-C, kar zagotavlja dosledno delovanje z minimalnim \u010dasom nedelovanja. Sistem <strong data-start=\"698\" data-end=\"716\">mre\u017easte tuljave za vape<\/strong> izbolj\u0161a prenos okusa in gostoto pare, medtem ko funkcija <strong data-start=\"778\" data-end=\"816\">nastavljivega pretoka zraka za enkratno uporabo<\/strong> omogo\u010da uporabnikom, da natan\u010dno prilagodijo svoj vlek \u2013 od mo\u010dnega, trdega zadetka do la\u017ejega, bolj odprtega vdihavanja.<\/p>\n<p data-start=\"920\" data-end=\"1289\">Predhodno napolnjen z 20 ml visokokakovostne <strong data-start=\"957\" data-end=\"982\">vape z nikotinsko soljo v Sloveniji<\/strong> formule, ponuja gladek udarec v grlo in je na voljo z 2% in 5% vsebnostjo nikotina. Pametni indikator baterije in e-teko\u010dine ohranja vsako sejo predvidljivo in brez stresa. S 16 prefinjenimi okusi, od sadnih me\u0161anic do hladilnega mentola, ta vape ustreza raznolikim preferencam po vsej Evropi.<\/p>\n<p data-start=\"1291\" data-end=\"1564\">Zasnovan za prenosljivost in udobje, je <strong data-start=\"1337\" data-end=\"1383\">Bang CROWN BAR <a href=\"https:\/\/vapebulkp.com\/sl\/product-category\/18000-puffs-disposable-vape\/\">18000 vdihov e-cigareta za enkratno uporabo<\/a><\/strong> ne le priljubljen pri potro\u0161nikih, ampak tudi mo\u010dna mo\u017enost za <strong data-start=\"1445\" data-end=\"1470\">trgovina na debelo vape Evropa<\/strong>, saj trgovcem na drobno ponuja donosen izdelek, ki zagotavlja zmogljivost in stil.<\/p>\n<p><img decoding=\"async\" class=\"alignnone wp-image-2102\" src=\"http:\/\/vapebulkp.com\/wp-content\/uploads\/2024\/03\/Good-sale-vape-Bang-18000-puffs-top-sale-3.jpg\" alt=\"Dobra prodaja vape Bang 18000 vdihov vrhunska prodaja\" width=\"421\" height=\"561\" srcset=\"https:\/\/vapebulkp.com\/wp-content\/uploads\/2024\/03\/Good-sale-vape-Bang-18000-puffs-top-sale-3.jpg 1080w, https:\/\/vapebulkp.com\/wp-content\/uploads\/2024\/03\/Good-sale-vape-Bang-18000-puffs-top-sale-3-225x300.jpg 225w, https:\/\/vapebulkp.com\/wp-content\/uploads\/2024\/03\/Good-sale-vape-Bang-18000-puffs-top-sale-3-769x1024.jpg 769w, https:\/\/vapebulkp.com\/wp-content\/uploads\/2024\/03\/Good-sale-vape-Bang-18000-puffs-top-sale-3-768x1023.jpg 768w, https:\/\/vapebulkp.com\/wp-content\/uploads\/2024\/03\/Good-sale-vape-Bang-18000-puffs-top-sale-3-600x799.jpg 600w\" sizes=\"(max-width: 421px) 100vw, 421px\" \/><\/p>\n<h6>Za popust se obrnite na Mandyin WhatsApp<a href=\"https:\/\/wa.me\/8618077105796\">+8618077105796<\/a><\/h6>\n<p><img decoding=\"async\" class=\"alignnone wp-image-2151\" src=\"http:\/\/vapebulkp.com\/wp-content\/uploads\/2024\/04\/Mandy-WhatsApp-Randm.jpg\" alt=\"Mandy WhatsApp Randm\" width=\"324\" height=\"330\" \/><\/p>\n<h2>Morda bi vas zanimalo o Bang 18000Puffs Disposable VAPE:<\/h2>\n<h5>1.Kako uporabljati Bang 18k Puffs Vape Pen?<\/h5>\n<p>Korak 1. Pred uporabo 18k vlekov iztaknite plasti\u010dno cevko.<\/p>\n<p>Korak 2. Po\u010dakajte pribli\u017eno 3 minute, da se sok vpije v tuljavo znotraj.<\/p>\n<p>Korak 3. U\u017eivajte<\/p>\n<h5>2.KAKO POLNITI NAPRAVO ZA ENKRATNO UPORABO Bang 18k PUFFS?<\/h5>\n<p>Polnilnikov za hitro polnjenje ni mogo\u010de uporabljati, standardna varna mo\u010d e-cigaret za enkratno uporabo pa je 5V 1A.<\/p>\n<p>Vsak \u010das polnjenja ne sme prese\u010di 1 ure, varen \u010das polnjenja pa je pol ure.<\/p>\n<p><span style=\"color: #ff6600\">Opomba: ne polnite celo no\u010d!<\/span><\/p>\n<h5>3.Kak\u0161na je prostornina e-teko\u010dine v Bang 18000 Puffs WAPE?<\/h5>\n<p>\u2014\u201420ml<\/p>\n<h5>4.Koliko vdihljajev lahko naredim s tem Bang 18000 Puffs?<\/h5>\n<p>\u2014\u201318k vdihov<\/p>\n<h3>Bang 18000 Puffs Vape Pod funkcije:<\/h3>\n<ul>\n<li>Vdihov: DO 18000 vdihov<\/li>\n<li>\u00a0Teko\u010dina: 20 ml predhodno napolnjena kartu\u0161a z e-teko\u010dino<\/li>\n<li>Nikotin: 2\/5% nikotinske soli<\/li>\n<li>\u00a0Vrste: Za enkratno uporabo<\/li>\n<li>\u00a0650 mAh baterijo<\/li>\n<li>\u00a00.6 Mesh Coil, NASTAVLJIV PRETOK ZRAKA<\/li>\n<li>\u00a0Polnilni kabel Type-c<\/li>\n<li>\u00a0Na voljo je 16 okusov<\/li>\n<\/ul>\n<p>&nbsp;<\/p>\n<h3><strong>Kateri je najbolj\u0161i Vape Bang z 18000 Puffs okusi?<\/strong><\/h3>\n<p>1.BRESKEV MANGO<br \/>\n2.KISLO JABOLKO<br \/>\n3.GROZDJE<br \/>\n4.TIGROVA KRI<br \/>\n5. BLUEBERRY RASPBERRY<br \/>\n6.BOROVNICA GROZDJE<br \/>\n7.ME\u0160ANO SADJE<br \/>\n8.JAGODA LUBENICA<br \/>\n9.JAGODA KIVI<br \/>\n10.JAGODA MANGO<br \/>\n11.ANANAS KOKOS<br \/>\n12.META LED<br \/>\n13.LUBENICA<br \/>\n14.BOROVNICA LED<br \/>\n15.BRESKEV LED<br \/>\n16.LUBENICA \u017dVE\u010cILNI GUMI<\/p>\n<p><a href=\"https:\/\/vapebulkp.com\/sl\/product\/popular-randm-tornado-7000puffs-disposable-vape-best-price\/\"><span style=\"vertical-align: inherit\">RandM Tornado 7000 Pufov <\/span><\/a><\/p>\n<p><span style=\"vertical-align: inherit\">Poi\u0161\u010dite ve\u010d izdelkov, ki bi vam bili morda v\u0161e\u010d:<\/span><em><a href=\"https:\/\/wa.me\/8618077105796\"><span style=\"vertical-align: inherit\">\u00a0Kupite zdaj<\/span><\/a><\/em><\/p>\n<p><span style=\"vertical-align: inherit\">Drugi 'puffs', ki bi vam bili morda v\u0161e\u010d:<\/span><a href=\"https:\/\/vapebulkp.com\/sl\/product\/joymy-ultra15000puffs-best-disposable-vape-2023\/\"><span style=\"vertical-align: inherit\">JOYMY 15000 Vpihov<\/span><\/a><span style=\"vertical-align: inherit\">\u3001<\/span><a href=\"https:\/\/vapebulkp.com\/sl\/product\/wholesale-randm-tornado-9000-puffs-germany\/\"><span style=\"vertical-align: inherit\">RandM 9000 Vpihov<\/span><\/a><span style=\"vertical-align: inherit\">\/ <\/span><a href=\"https:\/\/vapebulkp.com\/sl\/product\/bang-king-12000puffs\/\"><span style=\"vertical-align: inherit\">Bang King 12000 vpihov<\/span><\/a><span style=\"vertical-align: inherit\">\/ <\/span><a href=\"https:\/\/vapebulkp.com\/sl\/product\/wholesale-tornado-rum-bar-9000-puffs-sweden\/\"><span style=\"vertical-align: inherit\">Rumbar 9000Vdihov<\/span><\/a><\/p>\n<p><span style=\"vertical-align: inherit\">E-cigareta posebne oblike steklenice:<\/span><a href=\"https:\/\/vapebulkp.com\/sl\/product\/original-vape-bang-tn-12000-puffs-bang-vape\/\"><span style=\"vertical-align: inherit\"> Bang TN 12000 Vdihov<\/span><\/a><span style=\"vertical-align: inherit\">\/ <\/span><a href=\"https:\/\/vapebulkp.com\/sl\/product\/popular-bang-king-10000-puffs-vape-good-price\/\"><span style=\"vertical-align: inherit\">\u00a0Bang King 10000 Vpihov <\/span><\/a><span style=\"vertical-align: inherit\">\/<\/span><a href=\"https:\/\/vapebulkp.com\/sl\/product\/bang-tornado-12000-puffs-rechargeable-disposable-pod\/\"><span style=\"vertical-align: inherit\"> Bang Tornado 12000 vdihov<\/span><\/a><\/p>\n<h5>Proizvodne kvalifikacije:<\/h5>\n<p><img decoding=\"async\" class=\"alignnone size-full wp-image-1841\" src=\"http:\/\/vapebulkp.com\/wp-content\/uploads\/2023\/11\/Vape-production-process-2.jpeg\" alt=\"Proces proizvodnje vape\" width=\"650\" height=\"434\" srcset=\"https:\/\/vapebulkp.com\/wp-content\/uploads\/2023\/11\/Vape-production-process-2.jpeg 650w, https:\/\/vapebulkp.com\/wp-content\/uploads\/2023\/11\/Vape-production-process-2-300x200.jpeg 300w, https:\/\/vapebulkp.com\/wp-content\/uploads\/2023\/11\/Vape-production-process-2-600x401.jpeg 600w\" sizes=\"(max-width: 650px) 100vw, 650px\" \/><\/p>\n<p><img decoding=\"async\" class=\"alignnone size-full wp-image-1843\" src=\"http:\/\/vapebulkp.com\/wp-content\/uploads\/2023\/11\/Vape-production-process.jpeg\" alt=\"Proces proizvodnje vape\" width=\"641\" height=\"1026\" srcset=\"https:\/\/vapebulkp.com\/wp-content\/uploads\/2023\/11\/Vape-production-process.jpeg 641w, https:\/\/vapebulkp.com\/wp-content\/uploads\/2023\/11\/Vape-production-process-187x300.jpeg 187w, https:\/\/vapebulkp.com\/wp-content\/uploads\/2023\/11\/Vape-production-process-640x1024.jpeg 640w, https:\/\/vapebulkp.com\/wp-content\/uploads\/2023\/11\/Vape-production-process-600x960.jpeg 600w\" sizes=\"(max-width: 641px) 100vw, 641px\" \/><\/p>\n<h5>Pogosta vpra\u0161anja:<\/h5>\n<p>V: Kak\u0161na je MOQ za Bang 18000 Puffs?<br \/>\nO: Najmanj\u0161e naro\u010dilo je 100 kosov.<br \/>\nV: Kak\u0161en je dobavni rok za naro\u010deno vape?<br \/>\nO: Obi\u010dajno je 10-15 dni po odpremi<br \/>\nV: Koliko zna\u0161ajo stro\u0161ki po\u0161iljanja? O: Stro\u0161ki po\u0161iljanja so odvisni od te\u017ee. Razli\u010dne koli\u010dine imajo razli\u010dne stro\u0161ke po\u0161iljanja, prosimo, kontaktirajte nas za potrditev stro\u0161kov po\u0161iljanja.<\/p>\n<h4>Podrobnosti dostave:<\/h4>\n<p><span style=\"color: #ff6600\">\u010cas proizvodnje: 5\u201310 delovnih dni<\/span><br \/>\n<span style=\"color: #ff6600\">\u010cas dostave: 8\u201314 delovnih dni<\/span><\/p>\n<p>Vsi izdelki v na\u0161i trgovini so 100% originalni in avtenti\u010dni, zato je na\u0161a politika desetkratno nadomestilo za ponarejeno blago. Za dostavo blaga vam uporabljamo logisti\u010dne kanale, kot so UPS\/DHL\/FEDEX\/DPD.<\/p>\n<p>Za pakete, poslane v Slovenijo, obi\u010dajno traja 10 delovnih dni. Po\u0161iljanje v evropske dr\u017eave obi\u010dajno traja 12 do 15 delovnih dni. Logisti\u010dne informacije vam bomo sproti posodabljali.<\/p>","protected":false},"excerpt":{"rendered":"<p>Novo predstavljen Bang z 18000 vdihljaji je vreden nakupa!<\/p>\n<p>Za popust se obrnite na Mandyin WhatsApp<a href=\"https:\/\/wa.me\/8618077105796\">+8618077105796<\/a><\/p>\n<p><img decoding=\"async\" class=\"alignnone wp-image-2151\" src=\"http:\/\/vapebulkp.com\/wp-content\/uploads\/2024\/04\/Mandy-WhatsApp-Randm.jpg\" alt=\"Mandy WhatsApp Randm\" width=\"297\" height=\"316\" srcset=\"https:\/\/vapebulkp.com\/wp-content\/uploads\/2024\/04\/Mandy-WhatsApp-Randm.jpg 916w, https:\/\/vapebulkp.com\/wp-content\/uploads\/2024\/04\/Mandy-WhatsApp-Randm-282x300.jpg 282w, https:\/\/vapebulkp.com\/wp-content\/uploads\/2024\/04\/Mandy-WhatsApp-Randm-768x817.jpg 768w, https:\/\/vapebulkp.com\/wp-content\/uploads\/2024\/04\/Mandy-WhatsApp-Randm-600x638.jpg 600w\" sizes=\"(max-width: 297px) 100vw, 297px\" \/><\/p>\n<p><span style=\"color: #ff0000\">OPOMBA: Cene na na\u0161i spletni strani ne vklju\u010dujejo stro\u0161kov po\u0161iljanja.<\/span><\/p>\n<p>&nbsp;<\/p>","protected":false},"featured_media":2104,"comment_status":"open","ping_status":"closed","template":"","meta":{"_uag_custom_page_level_css":"","_lmt_disableupdate":"no","_lmt_disable":"","site-sidebar-layout":"default","site-content-layout":"content-boxed-container","ast-site-content-layout":"normal-width-container","site-content-style":"boxed","site-sidebar-style":"unboxed","ast-global-header-display":"","ast-banner-title-visibility":"","ast-main-header-display":"","ast-hfb-above-header-display":"","ast-hfb-below-header-display":"","ast-hfb-mobile-header-display":"","site-post-title":"","ast-breadcrumbs-content":"","ast-featured-img":"","footer-sml-layout":"","theme-transparent-header-meta":"default","adv-header-id-meta":"","stick-header-meta":"","header-above-stick-meta":"","header-main-stick-meta":"","header-below-stick-meta":"","astra-migrate-meta-layouts":"set","_joinchat":[]},"product_cat":[163,153,345,155,33,59,100,87,34,158,157,154,152,58,84,156,63,32],"product_tag":[111,36,37,41,40],"class_list":["post-2106","product","type-product","status-publish","has-post-thumbnail","hentry","product_cat-18000-puffs-disposable-vape","product_cat-hot-disposable-vapes","product_cat-bang-vapes","product_cat-belgium-hot-disposable-vapes","product_cat-france-vape-hot-sale","product_cat-germany-hot-disposable-vape","product_cat-germany-wholesale-vape-shop","product_cat-minimum-order-quantity-50pcs","product_cat-netherlands-vape-good-sale","product_cat-norway-hot-disposable-vapes","product_cat-poland-hot-disposable-vapes","product_cat-portugal-hot-disposable-vapes","product_cat-spain-hot-disposable-vapes","product_cat-sweden-hot-disposable-vape","product_cat-sweden-wholesale-vape","product_cat-switzerland-hot-disposable-vapes","product_cat-top-sale-disposable-vape","product_cat-vape-hot-sale-this-week","product_tag-18000puffs","product_tag-good-vape","product_tag-hot-sale-disposable-vape","product_tag-poland-hot-vape","product_tag-sweden-hot-vape","pa_brand-bang-king-vape","desktop-align-left","tablet-align-left","mobile-align-left"],"yoast_head":"<!-- This site is optimized with the Yoast SEO plugin v21.1 - https:\/\/yoast.com\/wordpress\/plugins\/seo\/ -->\n<title>Bang With A Vape 18000 puffs CROWN BAR Hot Vape - vapebulkp.com<\/title>\n<meta name=\"description\" content=\"Bang With A Vape 18000 puffs CROWN BAR Hot Vape, this disposable e-cigarette allows you to experience the unique e-cigarette flavor, and the new design will make you fall in love with it\" \/>\n<meta name=\"robots\" content=\"index, follow, max-snippet:-1, max-image-preview:large, max-video-preview:-1\" \/>\n<link rel=\"canonical\" href=\"https:\/\/vapebulkp.com\/sl\/product\/bang-with-a-vape-18000-puffs-crown-bar-hot-vape\/\" \/>\n<meta property=\"og:locale\" content=\"sl_SI\" \/>\n<meta property=\"og:type\" content=\"article\" \/>\n<meta property=\"og:title\" content=\"Bang With A Vape 18000 puffs CROWN BAR Hot Vape - vapebulkp.com\" \/>\n<meta property=\"og:description\" content=\"Bang With A Vape 18000 puffs CROWN BAR Hot Vape, this disposable e-cigarette allows you to experience the unique e-cigarette flavor, and the new design will make you fall in love with it\" \/>\n<meta property=\"og:url\" content=\"https:\/\/vapebulkp.com\/sl\/product\/bang-with-a-vape-18000-puffs-crown-bar-hot-vape\/\" \/>\n<meta property=\"og:site_name\" content=\"vapebulkp.com\" \/>\n<meta property=\"article:modified_time\" content=\"2025-09-24T03:42:13+00:00\" \/>\n<meta property=\"og:image\" content=\"http:\/\/vapebulkp.com\/wp-content\/uploads\/2024\/03\/Good-sale-vape-Bang-18000-puffs-top-sale-5.jpg\" \/>\n\t<meta property=\"og:image:width\" content=\"1080\" \/>\n\t<meta property=\"og:image:height\" content=\"1555\" \/>\n\t<meta property=\"og:image:type\" content=\"image\/jpeg\" \/>\n<meta name=\"twitter:card\" content=\"summary_large_image\" \/>\n<meta name=\"twitter:label1\" content=\"Est. reading time\" \/>\n\t<meta name=\"twitter:data1\" content=\"4 minute\" \/>\n<script type=\"application\/ld+json\" class=\"yoast-schema-graph\">{\"@context\":\"https:\/\/schema.org\",\"@graph\":[{\"@type\":\"WebPage\",\"@id\":\"https:\/\/vapebulkp.com\/product\/bang-with-a-vape-18000-puffs-crown-bar-hot-vape\/\",\"url\":\"https:\/\/vapebulkp.com\/product\/bang-with-a-vape-18000-puffs-crown-bar-hot-vape\/\",\"name\":\"Bang With A Vape 18000 puffs CROWN BAR Hot Vape - vapebulkp.com\",\"isPartOf\":{\"@id\":\"https:\/\/vapebulkp.com\/#website\"},\"datePublished\":\"2024-03-21T08:56:58+00:00\",\"dateModified\":\"2025-09-24T03:42:13+00:00\",\"description\":\"Bang With A Vape 18000 puffs CROWN BAR Hot Vape, this disposable e-cigarette allows you to experience the unique e-cigarette flavor, and the new design will make you fall in love with it\",\"breadcrumb\":{\"@id\":\"https:\/\/vapebulkp.com\/product\/bang-with-a-vape-18000-puffs-crown-bar-hot-vape\/#breadcrumb\"},\"inLanguage\":\"sl-SI\",\"potentialAction\":[{\"@type\":\"ReadAction\",\"target\":[\"https:\/\/vapebulkp.com\/product\/bang-with-a-vape-18000-puffs-crown-bar-hot-vape\/\"]}]},{\"@type\":\"BreadcrumbList\",\"@id\":\"https:\/\/vapebulkp.com\/product\/bang-with-a-vape-18000-puffs-crown-bar-hot-vape\/#breadcrumb\",\"itemListElement\":[{\"@type\":\"ListItem\",\"position\":1,\"name\":\"Home\",\"item\":\"https:\/\/vapebulkp.com\/\"},{\"@type\":\"ListItem\",\"position\":2,\"name\":\"Hot Trend Vapes\",\"item\":\"https:\/\/vapebulkp.com\/vape-shop\/\"},{\"@type\":\"ListItem\",\"position\":3,\"name\":\"Bang With A Vape 18000 puffs CROWN BAR Hot Vape\"}]},{\"@type\":\"WebSite\",\"@id\":\"https:\/\/vapebulkp.com\/#website\",\"url\":\"https:\/\/vapebulkp.com\/\",\"name\":\"vapebulkp.com\",\"description\":\"Buy Vape In Cheap Bulk Price Near you\",\"publisher\":{\"@id\":\"https:\/\/vapebulkp.com\/#organization\"},\"potentialAction\":[{\"@type\":\"SearchAction\",\"target\":{\"@type\":\"EntryPoint\",\"urlTemplate\":\"https:\/\/vapebulkp.com\/?s={search_term_string}\"},\"query-input\":\"required name=search_term_string\"}],\"inLanguage\":\"sl-SI\"},{\"@type\":\"Organization\",\"@id\":\"https:\/\/vapebulkp.com\/#organization\",\"name\":\"vapebulkp.com\",\"url\":\"https:\/\/vapebulkp.com\/\",\"logo\":{\"@type\":\"ImageObject\",\"inLanguage\":\"sl-SI\",\"@id\":\"https:\/\/vapebulkp.com\/#\/schema\/logo\/image\/\",\"url\":\"https:\/\/vapebulkp.com\/wp-content\/uploads\/2023\/09\/cropped-vapebulkp.png\",\"contentUrl\":\"https:\/\/vapebulkp.com\/wp-content\/uploads\/2023\/09\/cropped-vapebulkp.png\",\"width\":516,\"height\":163,\"caption\":\"vapebulkp.com\"},\"image\":{\"@id\":\"https:\/\/vapebulkp.com\/#\/schema\/logo\/image\/\"}}]}<\/script>\n<!-- \/ Yoast SEO plugin. -->","yoast_head_json":{"title":"Bang With A Vape 18000 puffs CROWN BAR Hot Vape - vapebulkp.com","description":"Bang With A Vape 18000 puffs CROWN BAR Hot Vape, this disposable e-cigarette allows you to experience the unique e-cigarette flavor, and the new design will make you fall in love with it","robots":{"index":"index","follow":"follow","max-snippet":"max-snippet:-1","max-image-preview":"max-image-preview:large","max-video-preview":"max-video-preview:-1"},"canonical":"https:\/\/vapebulkp.com\/sl\/product\/bang-with-a-vape-18000-puffs-crown-bar-hot-vape\/","og_locale":"sl_SI","og_type":"article","og_title":"Bang With A Vape 18000 puffs CROWN BAR Hot Vape - vapebulkp.com","og_description":"Bang With A Vape 18000 puffs CROWN BAR Hot Vape, this disposable e-cigarette allows you to experience the unique e-cigarette flavor, and the new design will make you fall in love with it","og_url":"https:\/\/vapebulkp.com\/sl\/product\/bang-with-a-vape-18000-puffs-crown-bar-hot-vape\/","og_site_name":"vapebulkp.com","article_modified_time":"2025-09-24T03:42:13+00:00","og_image":[{"width":1080,"height":1555,"url":"http:\/\/vapebulkp.com\/wp-content\/uploads\/2024\/03\/Good-sale-vape-Bang-18000-puffs-top-sale-5.jpg","type":"image\/jpeg"}],"twitter_card":"summary_large_image","twitter_misc":{"Est. reading time":"4 minute"},"schema":{"@context":"https:\/\/schema.org","@graph":[{"@type":"WebPage","@id":"https:\/\/vapebulkp.com\/product\/bang-with-a-vape-18000-puffs-crown-bar-hot-vape\/","url":"https:\/\/vapebulkp.com\/product\/bang-with-a-vape-18000-puffs-crown-bar-hot-vape\/","name":"Bang With A Vape 18000 puffs CROWN BAR Hot Vape - vapebulkp.com","isPartOf":{"@id":"https:\/\/vapebulkp.com\/#website"},"datePublished":"2024-03-21T08:56:58+00:00","dateModified":"2025-09-24T03:42:13+00:00","description":"Bang With A Vape 18000 puffs CROWN BAR Hot Vape, this disposable e-cigarette allows you to experience the unique e-cigarette flavor, and the new design will make you fall in love with it","breadcrumb":{"@id":"https:\/\/vapebulkp.com\/product\/bang-with-a-vape-18000-puffs-crown-bar-hot-vape\/#breadcrumb"},"inLanguage":"sl-SI","potentialAction":[{"@type":"ReadAction","target":["https:\/\/vapebulkp.com\/product\/bang-with-a-vape-18000-puffs-crown-bar-hot-vape\/"]}]},{"@type":"BreadcrumbList","@id":"https:\/\/vapebulkp.com\/product\/bang-with-a-vape-18000-puffs-crown-bar-hot-vape\/#breadcrumb","itemListElement":[{"@type":"ListItem","position":1,"name":"Home","item":"https:\/\/vapebulkp.com\/"},{"@type":"ListItem","position":2,"name":"Hot Trend Vapes","item":"https:\/\/vapebulkp.com\/vape-shop\/"},{"@type":"ListItem","position":3,"name":"Bang With A Vape 18000 puffs CROWN BAR Hot Vape"}]},{"@type":"WebSite","@id":"https:\/\/vapebulkp.com\/#website","url":"https:\/\/vapebulkp.com\/","name":"vapebulkp.com","description":"Buy Vape In Cheap Bulk Price Near you","publisher":{"@id":"https:\/\/vapebulkp.com\/#organization"},"potentialAction":[{"@type":"SearchAction","target":{"@type":"EntryPoint","urlTemplate":"https:\/\/vapebulkp.com\/?s={search_term_string}"},"query-input":"required name=search_term_string"}],"inLanguage":"sl-SI"},{"@type":"Organization","@id":"https:\/\/vapebulkp.com\/#organization","name":"vapebulkp.com","url":"https:\/\/vapebulkp.com\/","logo":{"@type":"ImageObject","inLanguage":"sl-SI","@id":"https:\/\/vapebulkp.com\/#\/schema\/logo\/image\/","url":"https:\/\/vapebulkp.com\/wp-content\/uploads\/2023\/09\/cropped-vapebulkp.png","contentUrl":"https:\/\/vapebulkp.com\/wp-content\/uploads\/2023\/09\/cropped-vapebulkp.png","width":516,"height":163,"caption":"vapebulkp.com"},"image":{"@id":"https:\/\/vapebulkp.com\/#\/schema\/logo\/image\/"}}]}},"uagb_featured_image_src":{"full":["https:\/\/vapebulkp.com\/wp-content\/uploads\/2024\/03\/Good-sale-vape-Bang-18000-puffs-top-sale-5.jpg",1080,1555,false],"thumbnail":["https:\/\/vapebulkp.com\/wp-content\/uploads\/2024\/03\/Good-sale-vape-Bang-18000-puffs-top-sale-5-150x150.jpg",150,150,true],"medium":["https:\/\/vapebulkp.com\/wp-content\/uploads\/2024\/03\/Good-sale-vape-Bang-18000-puffs-top-sale-5-208x300.jpg",208,300,true],"medium_large":["https:\/\/vapebulkp.com\/wp-content\/uploads\/2024\/03\/Good-sale-vape-Bang-18000-puffs-top-sale-5-768x1106.jpg",768,1106,true],"large":["https:\/\/vapebulkp.com\/wp-content\/uploads\/2024\/03\/Good-sale-vape-Bang-18000-puffs-top-sale-5-711x1024.jpg",711,1024,true],"1536x1536":["https:\/\/vapebulkp.com\/wp-content\/uploads\/2024\/03\/Good-sale-vape-Bang-18000-puffs-top-sale-5-1067x1536.jpg",1067,1536,true],"2048x2048":["https:\/\/vapebulkp.com\/wp-content\/uploads\/2024\/03\/Good-sale-vape-Bang-18000-puffs-top-sale-5.jpg",1080,1555,false],"trp-custom-language-flag":["https:\/\/vapebulkp.com\/wp-content\/uploads\/2024\/03\/Good-sale-vape-Bang-18000-puffs-top-sale-5.jpg",8,12,false],"woocommerce_thumbnail":["https:\/\/vapebulkp.com\/wp-content\/uploads\/2024\/03\/Good-sale-vape-Bang-18000-puffs-top-sale-5-300x300.jpg",300,300,true],"woocommerce_single":["https:\/\/vapebulkp.com\/wp-content\/uploads\/2024\/03\/Good-sale-vape-Bang-18000-puffs-top-sale-5-600x864.jpg",600,864,true],"woocommerce_gallery_thumbnail":["https:\/\/vapebulkp.com\/wp-content\/uploads\/2024\/03\/Good-sale-vape-Bang-18000-puffs-top-sale-5-100x100.jpg",100,100,true],"wcpr-photo-reviews":["https:\/\/vapebulkp.com\/wp-content\/uploads\/2024\/03\/Good-sale-vape-Bang-18000-puffs-top-sale-5.jpg",347,500,false]},"uagb_author_info":{"display_name":"Mandy vape bulk price","author_link":"https:\/\/vapebulkp.com\/sl\/author\/"},"uagb_comment_info":2,"uagb_excerpt":"The newly launched Bang with a vape 18000 puffs is worth owning\uff01 Pls Contact Mandy's WhatsApp For Discount Price+8618077105796 NOTE: Prices on our website does not include shipping costs &nbsp;","_links":{"self":[{"href":"https:\/\/vapebulkp.com\/sl\/wp-json\/wp\/v2\/product\/2106","targetHints":{"allow":["GET"]}}],"collection":[{"href":"https:\/\/vapebulkp.com\/sl\/wp-json\/wp\/v2\/product"}],"about":[{"href":"https:\/\/vapebulkp.com\/sl\/wp-json\/wp\/v2\/types\/product"}],"replies":[{"embeddable":true,"href":"https:\/\/vapebulkp.com\/sl\/wp-json\/wp\/v2\/comments?post=2106"}],"wp:featuredmedia":[{"embeddable":true,"href":"https:\/\/vapebulkp.com\/sl\/wp-json\/wp\/v2\/media\/2104"}],"wp:attachment":[{"href":"https:\/\/vapebulkp.com\/sl\/wp-json\/wp\/v2\/media?parent=2106"}],"wp:term":[{"taxonomy":"product_cat","embeddable":true,"href":"https:\/\/vapebulkp.com\/sl\/wp-json\/wp\/v2\/product_cat?post=2106"},{"taxonomy":"product_tag","embeddable":true,"href":"https:\/\/vapebulkp.com\/sl\/wp-json\/wp\/v2\/product_tag?post=2106"}],"curies":[{"name":"wp","href":"https:\/\/api.w.org\/{rel}","templated":true}]}}