{"id":2261,"date":"2024-04-23T09:35:00","date_gmt":"2024-04-23T07:35:00","guid":{"rendered":"https:\/\/vapebulkp.com\/?post_type=product&#038;p=2261"},"modified":"2025-09-01T11:20:18","modified_gmt":"2025-09-01T09:20:18","slug":"top-sale-utco-tornado-9000-puffs-good-disposable-vape","status":"publish","type":"product","link":"https:\/\/vapebulkp.com\/sl\/product\/top-sale-utco-tornado-9000-puffs-good-disposable-vape\/","title":{"rendered":"Vrhunska prodaja UTCO Tornado 9000 Puffs dober vape za enkratno uporabo"},"content":{"rendered":"<h2>Vrhunska prodaja UTCO Tornado 9000 Puffs dober vape za enkratno uporabo<\/h2>\n<p>UTCO Tornado 9000 Puffs postavlja nov standard za zmogljivost in priro\u010dnost v industriji vapinga. Zasnovan je za tiste, ki zahtevajo odli\u010dnost, ta <b>Vape za enkratno uporabo 9000 Puffs<\/b> zagotavlja monumentalno vaping izku\u0161njo brez kompromisov. Vsaka naprava je predhodno napolnjena z obse\u017eno koli\u010dino <b>18 ml vrhunske e-teko\u010dine<\/b>, ki ponuja brezhibno in dolgotrajno izku\u0161njo. <b>2% in 5% mo\u017enosti nikotinske soli<\/b> zagotavljajo gladek in zadovoljiv udarec v grlo pri vsakem vdihu.<\/p>\n<p>UTCO 9000 v svojem jedru poganja integrirana <b>850mAh baterijo za ponovno polnjenje<\/b>, kar zagotavlja zanesljivo napajanje za celotno \u017eivljenjsko dobo. Inovativna <b>tehnologijo mre\u017ene tuljave<\/b> je natan\u010dno izdelana za ustvarjanje goste pare in optimalne zvestobe okusa. S svojo <b>polnilna vrata tipa C<\/b>, naprava zagotavlja hitro obnovitev mo\u010di, kar zmanj\u0161uje kakr\u0161no koli prekinitev va\u0161e seje vapinga.<\/p>\n<p>Ta naprava je strate\u0161ka izbira za trgovce in zahtevne vaperje. Izbor 12 \u017eivahnih okusov ustreza raznoliki klienteli, od osve\u017eilnega sadja do sve\u017eega mentola. UTCO Tornado 9000 ponuja neprimerljivo me\u0161anico priro\u010dnosti, zanesljivosti in okusa, kar utrjuje njegov polo\u017eaj vodilnega na trgu.<\/p>\n<h3>Slike izdelka UTCO 9k Puffs:<\/h3>\n<p><img decoding=\"async\" class=\"alignnone wp-image-2257\" src=\"http:\/\/vapebulkp.com\/wp-content\/uploads\/2024\/04\/UTCO-Vape-9000PUFFS-Discount-price-France.jpg\" alt=\"UTCO Vape 9000 PUFFS diskontna cena Slovenija.\" width=\"625\" height=\"489\" srcset=\"https:\/\/vapebulkp.com\/wp-content\/uploads\/2024\/04\/UTCO-Vape-9000PUFFS-Discount-price-France.jpg 2058w, https:\/\/vapebulkp.com\/wp-content\/uploads\/2024\/04\/UTCO-Vape-9000PUFFS-Discount-price-France-300x235.jpg 300w, https:\/\/vapebulkp.com\/wp-content\/uploads\/2024\/04\/UTCO-Vape-9000PUFFS-Discount-price-France-1024x802.jpg 1024w, https:\/\/vapebulkp.com\/wp-content\/uploads\/2024\/04\/UTCO-Vape-9000PUFFS-Discount-price-France-768x601.jpg 768w, https:\/\/vapebulkp.com\/wp-content\/uploads\/2024\/04\/UTCO-Vape-9000PUFFS-Discount-price-France-1536x1202.jpg 1536w, https:\/\/vapebulkp.com\/wp-content\/uploads\/2024\/04\/UTCO-Vape-9000PUFFS-Discount-price-France-2048x1603.jpg 2048w, https:\/\/vapebulkp.com\/wp-content\/uploads\/2024\/04\/UTCO-Vape-9000PUFFS-Discount-price-France-600x470.jpg 600w\" sizes=\"(max-width: 625px) 100vw, 625px\" \/><\/p>\n<p>&nbsp;<\/p>\n<h6 style=\"text-align: left\"><\/h6>\n<h6>Za popust se obrnite na Mandyin WhatsApp<a href=\"https:\/\/wa.me\/8618077105796\">+8618077105796<\/a><\/h6>\n<p><img decoding=\"async\" class=\"alignnone wp-image-2151\" src=\"http:\/\/vapebulkp.com\/wp-content\/uploads\/2024\/04\/Mandy-WhatsApp-Randm.jpg\" alt=\"Mandy WhatsApp Randm\" width=\"301\" height=\"292\" \/><\/p>\n<h2><span style=\"vertical-align: inherit\">Morda vas zanima ve\u010d o UTCO 9k Puffs Vape za enkratno uporabo:<\/span><\/h2>\n<p>&nbsp;<\/p>\n<h6>1. Kak\u0161na je prostornina e-teko\u010dine v UTCO 9k Puffs Vape za enkratno uporabo?<\/h6>\n<p>Ta naprava ima 18 ml e-teko\u010dine.<\/p>\n<h6>2. Kako dolgo zdr\u017ei dober vape UTCO tornado 9000 Puffs?<\/h6>\n<p>(1) 500 vdihov\/dan, zdr\u017ei 18 dni<br \/>\n(2) 1000 vdihov\/dan, zdr\u017ei 9 dni<br \/>\n(3) 2000 vdihov\/dan, zdr\u017ei 4,5 dni<\/p>\n<h6>3. Kako napolniti dober vape za enkratno uporabo, napravo UTCO Tornado Vape 9k Puffs?<\/h6>\n<p>Polnilnikov za hitro polnjenje ni mogo\u010de uporabiti. Standardna varna mo\u010d za enkratne e-cigarete je 5V 1A. Vsak \u010das polnjenja ne sme prese\u010di 1 ure, varen \u010das polnjenja pa je pol ure.<\/p>\n<p><span style=\"color: #ff6600\">Opomba: ne polnite celo no\u010d!<\/span><\/p>\n<h6>4. Kako uporabljati UTCO Tornado 9k Puffs Vape za enkratno uporabo?<\/h6>\n<p>Korak 1: Izvlecite silikonski \u010dep<\/p>\n<p>Nagnite napravo postrani in po\u010dasi povlecite silikonski \u010dep navzgor, da se odpre luknja na tuljavi za pretok olja.<\/p>\n<p>Korak 2: Odstranite nalepko<\/p>\n<p>Pustite stati 2 minuti po odstranitvi nalepke, nato jo lahko uporabite.<\/p>\n<h3><strong><span style=\"vertical-align: inherit\">Specifikacija <\/span><\/strong>Za najbolj\u0161i Tornado Vape UTCO 9000:<\/h3>\n<h6><\/h6>\n<ul>\n<li>2%\/5% nikotinska sol<\/li>\n<li>18 ml e-teko\u010dine<\/li>\n<li>9000 vdihov na napravo<\/li>\n<li>Regulacija pretoka zraka<\/li>\n<li>Polnjenje Type-C<\/li>\n<li>Baterija za ponovno polnjenje<\/li>\n<li>Vgrajena baterija 850 mAh<\/li>\n<li>Na voljo 22 okusov<\/li>\n<li>10 kosov v razstavni \u0161katli<\/li>\n<\/ul>\n<h3><strong>Najbolj\u0161i okusi UTCO 9k Puffs za enkratno uporabo:<\/strong><\/h3>\n<p>1 Borovnica Malina<br \/>\n2 Gospod Modri<br \/>\n3 Jagoda Lubenica<br \/>\n4 Oran\u017ena Soda<br \/>\n5 Lubenina \u017dve\u010dilni Gumi<br \/>\n6 Mavri\u010dni Bonboni<br \/>\n7 Ro\u017enata Limonada<br \/>\n8 Breskev Mango Ananas<br \/>\n9 Jagoda Banana<br \/>\n10 Ledena Lubenica<br \/>\n11 \u010crni Zmaj Led<br \/>\n12 Aloe Grozdje<br \/>\n13 Jagoda Grozdje<br \/>\n14 Limona Limeta<br \/>\n15 Ledena Lizika<br \/>\n16 Borovnica na Ledu<br \/>\n17 Modra Malina Led<br \/>\n18 Me\u0161ano Jagodi\u010devje<br \/>\n19 \u010ce\u0161nja Cola<br \/>\n20 Jagoda Mango<br \/>\n21 Kivi Pasijonka Guava<br \/>\n22 \u010crni Led<\/p>\n<p><a href=\"https:\/\/vapebulkp.com\/sl\/product\/top-sale-vape-vapme-crown-bar-18000-puffs-pro-max\/\"><span style=\"vertical-align: inherit\">Dobra prodaja Vapme Crown bar 18000 Puffs <\/span><\/a><\/p>\n<p><span style=\"vertical-align: inherit\">Poi\u0161\u010dite ve\u010d izdelkov, ki bi vam bili morda v\u0161e\u010d:<\/span><em><a href=\"https:\/\/wa.me\/8618077105796\"><span style=\"vertical-align: inherit\">\u00a0Kupite zdaj<\/span><\/a><\/em><\/p>\n<p><span style=\"vertical-align: inherit\">Drugi 'puffs', ki bi vam bili morda v\u0161e\u010d:<\/span><a href=\"https:\/\/vapebulkp.com\/sl\/product\/bang-with-a-vape-18000-puffs-crown-bar-hot-vape\/\"><span style=\"vertical-align: inherit\">Bang 18000 vpihov<\/span><\/a><span style=\"vertical-align: inherit\">\u3001<\/span><a href=\"https:\/\/vapebulkp.com\/sl\/product\/best-price-vape-randm-15000-puffs-good-vape\/\"><span style=\"vertical-align: inherit\">Randm Tornado 15000 Puffs<\/span><\/a><span style=\"vertical-align: inherit\">\/ <\/span><a href=\"https:\/\/vapebulkp.com\/it\/product\/bang-tornado-12000-puffs-rechargeable-disposable-pod\/\"><span style=\"vertical-align: inherit\">Bang Tornado 12000 vdihov<\/span><\/a><span style=\"vertical-align: inherit\">\/ <\/span><a href=\"https:\/\/vapebulkp.com\/sl\/product\/vapme-crystal-7000-puffs-original-vape-good-flavor\/\"><span style=\"vertical-align: inherit\">Vapme Crystal 7000 Puffs<\/span><\/a><\/p>\n<p><span style=\"vertical-align: inherit\">E-cigareta posebne oblike steklenice:<\/span><a href=\"https:\/\/vapebulkp.com\/it\/product\/popular-kulx-10000puffs-disposable-vape-good-price\/\"><span style=\"vertical-align: inherit\">Kulx vape 10000 vdihov<\/span><\/a><span style=\"vertical-align: inherit\">\/ <\/span><a href=\"https:\/\/vapebulkp.com\/it\/product\/randm-tornado-9000-puffs-disposable-vape-kit-18ml\/\"><span style=\"vertical-align: inherit\">Randm tornado 9000 vdihov<\/span><\/a><span style=\"vertical-align: inherit\">\/<\/span><a href=\"https:\/\/vapebulkp.com\/it\/product\/randm-tornado-7000puffs-disposable-vape-pen-best-price\/\"><span style=\"vertical-align: inherit\">Randm tornado 7000 vpihov <\/span><\/a><\/p>\n<h5>Proizvodne kvalifikacije:<\/h5>\n<p><img decoding=\"async\" class=\"alignnone size-full wp-image-1841\" src=\"http:\/\/vapebulkp.com\/wp-content\/uploads\/2023\/11\/Vape-production-process-2.jpeg\" alt=\"Proces proizvodnje vape\" width=\"650\" height=\"434\" srcset=\"https:\/\/vapebulkp.com\/wp-content\/uploads\/2023\/11\/Vape-production-process-2.jpeg 650w, https:\/\/vapebulkp.com\/wp-content\/uploads\/2023\/11\/Vape-production-process-2-300x200.jpeg 300w, https:\/\/vapebulkp.com\/wp-content\/uploads\/2023\/11\/Vape-production-process-2-600x401.jpeg 600w\" sizes=\"(max-width: 650px) 100vw, 650px\" \/><\/p>\n<p><img decoding=\"async\" class=\"alignnone wp-image-1843\" src=\"http:\/\/vapebulkp.com\/wp-content\/uploads\/2023\/11\/Vape-production-process.jpeg\" alt=\"Proces proizvodnje vape\" width=\"648\" height=\"1037\" srcset=\"https:\/\/vapebulkp.com\/wp-content\/uploads\/2023\/11\/Vape-production-process.jpeg 641w, https:\/\/vapebulkp.com\/wp-content\/uploads\/2023\/11\/Vape-production-process-187x300.jpeg 187w, https:\/\/vapebulkp.com\/wp-content\/uploads\/2023\/11\/Vape-production-process-640x1024.jpeg 640w, https:\/\/vapebulkp.com\/wp-content\/uploads\/2023\/11\/Vape-production-process-600x960.jpeg 600w\" sizes=\"(max-width: 648px) 100vw, 648px\" \/><\/p>\n<p>&nbsp;<\/p>\n<h5>Pogosta vpra\u0161anja:<\/h5>\n<p>V: Kak\u0161na je MOQ za UTCO Tornado 9000 Puffs Good Vape?<br \/>\nO: Najmanj\u0161e naro\u010dilo je 50 kosov.<br \/>\nV: Kak\u0161en je dobavni rok za naro\u010deno vape?<br \/>\nO: Obi\u010dajno je 10-15 dni po odpremi<br \/>\nV: Koliko zna\u0161ajo stro\u0161ki po\u0161iljanja? O: Stro\u0161ki po\u0161iljanja so odvisni od te\u017ee. Razli\u010dne koli\u010dine imajo razli\u010dne stro\u0161ke po\u0161iljanja, prosimo, kontaktirajte nas za potrditev stro\u0161kov po\u0161iljanja.<\/p>\n<h4>Podrobnosti dostave:<\/h4>\n<p>\u010cas proizvodnje: 5\u201310 delovnih dni<br \/>\n\u010cas dostave: 8\u201314 delovnih dni<\/p>\n<p>Vsi izdelki v na\u0161i trgovini so 100% originalni in avtenti\u010dni, zato je na\u0161a politika desetkratno nadomestilo za ponarejeno blago. Za dostavo blaga vam uporabljamo logisti\u010dne kanale, kot so UPS\/DHL\/FEDEX\/DPD.<\/p>\n<p>Za pakete, poslane v Slovenijo, obi\u010dajno traja 10 delovnih dni. Po\u0161iljanje v evropske dr\u017eave obi\u010dajno traja 12 do 15 delovnih dni. Logisti\u010dne informacije vam bomo sproti posodabljali.<\/p>\n<h3>Dobra poprodajna storitev:<\/h3>\n<p>Obvestilo: Brez vra\u010dil ali zamenjav za te\u017eave, ki niso povezane s kakovostjo<br \/>\n1. Kupci lahko izberejo \u017eeleni okus, vendar \u010de okusa ni na zalogi, bo proizvodni oddelek izbral priljubljen okus za zamenjavo. Kupcem ni dovoljeno zahtevati vra\u010dila ali zamenjave na podlagi okusov.<\/p>\n<p>2. \u010ce pride do te\u017eav s kakovostjo, prosimo, predlo\u017eite podroben opis v obliki videa in slik.<br \/>\n\u010ce ne morete predlo\u017eiti dokazov, kot so videoposnetki in fotografije, blaga ni mogo\u010de zamenjati.<\/p>","protected":false},"excerpt":{"rendered":"<p>UTCO 9000 vpihov, dobra vape, veleprodajna cena<\/p>\n<p>Cena zni\u017eana UTCO 9K, vrhunska prodaja ta teden<\/p>\n<p>Nizozemska veleprodaja, dobra jednokratna vape UTCO 9000 vpihov<\/p>\n<p><img decoding=\"async\" class=\"alignnone wp-image-2151\" src=\"http:\/\/vapebulkp.com\/wp-content\/uploads\/2024\/04\/Mandy-WhatsApp-Randm.jpg\" alt=\"Mandy WhatsApp Randm\" width=\"328\" height=\"348\" srcset=\"https:\/\/vapebulkp.com\/wp-content\/uploads\/2024\/04\/Mandy-WhatsApp-Randm.jpg 916w, https:\/\/vapebulkp.com\/wp-content\/uploads\/2024\/04\/Mandy-WhatsApp-Randm-282x300.jpg 282w, https:\/\/vapebulkp.com\/wp-content\/uploads\/2024\/04\/Mandy-WhatsApp-Randm-768x817.jpg 768w, https:\/\/vapebulkp.com\/wp-content\/uploads\/2024\/04\/Mandy-WhatsApp-Randm-600x638.jpg 600w\" sizes=\"(max-width: 328px) 100vw, 328px\" \/><\/p>\n<p>Za popust se obrnite na Mandyin WhatsApp<a href=\"https:\/\/wa.me\/8618077105796\">+8618077105796<\/a><\/p>\n<p><span style=\"color: #ff0000\">OPOMBA: Cene na na\u0161i spletni strani ne vklju\u010dujejo stro\u0161kov po\u0161iljanja.<\/span><\/p>","protected":false},"featured_media":2250,"comment_status":"open","ping_status":"closed","template":"","meta":{"_uag_custom_page_level_css":"","_lmt_disableupdate":"no","_lmt_disable":"","site-sidebar-layout":"default","site-content-layout":"content-boxed-container","ast-site-content-layout":"normal-width-container","site-content-style":"boxed","site-sidebar-style":"unboxed","ast-global-header-display":"","ast-banner-title-visibility":"","ast-main-header-display":"","ast-hfb-above-header-display":"","ast-hfb-below-header-display":"","ast-hfb-mobile-header-display":"","site-post-title":"","ast-breadcrumbs-content":"","ast-featured-img":"","footer-sml-layout":"","theme-transparent-header-meta":"default","adv-header-id-meta":"","stick-header-meta":"","header-above-stick-meta":"","header-main-stick-meta":"","header-below-stick-meta":"","astra-migrate-meta-layouts":"set","_joinchat":[]},"product_cat":[168,153,155,33,59,100,87,34,158,157,154,152,58,84,156,63,32],"product_tag":[116,36,37,41,97,71,40],"class_list":["post-2261","product","type-product","status-publish","has-post-thumbnail","hentry","product_cat-9000-puffs-disposable-vape","product_cat-hot-disposable-vapes","product_cat-belgium-hot-disposable-vapes","product_cat-france-vape-hot-sale","product_cat-germany-hot-disposable-vape","product_cat-germany-wholesale-vape-shop","product_cat-minimum-order-quantity-50pcs","product_cat-netherlands-vape-good-sale","product_cat-norway-hot-disposable-vapes","product_cat-poland-hot-disposable-vapes","product_cat-portugal-hot-disposable-vapes","product_cat-spain-hot-disposable-vapes","product_cat-sweden-hot-disposable-vape","product_cat-sweden-wholesale-vape","product_cat-switzerland-hot-disposable-vapes","product_cat-top-sale-disposable-vape","product_cat-vape-hot-sale-this-week","product_tag-9000-puffs","product_tag-good-vape","product_tag-hot-sale-disposable-vape","product_tag-poland-hot-vape","product_tag-r-and-m-tornado-7k","product_tag-randm","product_tag-sweden-hot-vape","desktop-align-left","tablet-align-left","mobile-align-left"],"yoast_head":"<!-- This site is optimized with the Yoast SEO plugin v21.1 - https:\/\/yoast.com\/wordpress\/plugins\/seo\/ -->\n<title>Top Sale UTCO Tornado 9000 Puffs Good Disposable Vape - vapebulkp.com<\/title>\n<meta name=\"description\" content=\"Top Sale UTCO Tornado 9000 Puffs Good Disposable Vape is your best choice. This state-of-the-art device delivers an unparalleled experience and holds an impressive 9,000 puffs for longer flavor adventures.\" \/>\n<meta name=\"robots\" content=\"index, follow, max-snippet:-1, max-image-preview:large, max-video-preview:-1\" \/>\n<link rel=\"canonical\" href=\"https:\/\/vapebulkp.com\/sl\/product\/top-sale-utco-tornado-9000-puffs-good-disposable-vape\/\" \/>\n<meta property=\"og:locale\" content=\"sl_SI\" \/>\n<meta property=\"og:type\" content=\"article\" \/>\n<meta property=\"og:title\" content=\"Top Sale UTCO Tornado 9000 Puffs Good Disposable Vape - vapebulkp.com\" \/>\n<meta property=\"og:description\" content=\"Top Sale UTCO Tornado 9000 Puffs Good Disposable Vape is your best choice. This state-of-the-art device delivers an unparalleled experience and holds an impressive 9,000 puffs for longer flavor adventures.\" \/>\n<meta property=\"og:url\" content=\"https:\/\/vapebulkp.com\/sl\/product\/top-sale-utco-tornado-9000-puffs-good-disposable-vape\/\" \/>\n<meta property=\"og:site_name\" content=\"vapebulkp.com\" \/>\n<meta property=\"article:modified_time\" content=\"2025-09-01T09:20:18+00:00\" \/>\n<meta property=\"og:image\" content=\"http:\/\/vapebulkp.com\/wp-content\/uploads\/2024\/04\/UTCO-9000PUFFS-Good-Sale-Germany.jpg\" \/>\n\t<meta property=\"og:image:width\" content=\"1600\" \/>\n\t<meta property=\"og:image:height\" content=\"1600\" \/>\n\t<meta property=\"og:image:type\" content=\"image\/jpeg\" \/>\n<meta name=\"twitter:card\" content=\"summary_large_image\" \/>\n<meta name=\"twitter:label1\" content=\"Est. reading time\" \/>\n\t<meta name=\"twitter:data1\" content=\"5 minut\" \/>\n<script type=\"application\/ld+json\" class=\"yoast-schema-graph\">{\"@context\":\"https:\/\/schema.org\",\"@graph\":[{\"@type\":\"WebPage\",\"@id\":\"https:\/\/vapebulkp.com\/product\/top-sale-utco-tornado-9000-puffs-good-disposable-vape\/\",\"url\":\"https:\/\/vapebulkp.com\/product\/top-sale-utco-tornado-9000-puffs-good-disposable-vape\/\",\"name\":\"Top Sale UTCO Tornado 9000 Puffs Good Disposable Vape - vapebulkp.com\",\"isPartOf\":{\"@id\":\"https:\/\/vapebulkp.com\/#website\"},\"datePublished\":\"2024-04-23T07:35:00+00:00\",\"dateModified\":\"2025-09-01T09:20:18+00:00\",\"description\":\"Top Sale UTCO Tornado 9000 Puffs Good Disposable Vape is your best choice. This state-of-the-art device delivers an unparalleled experience and holds an impressive 9,000 puffs for longer flavor adventures.\",\"breadcrumb\":{\"@id\":\"https:\/\/vapebulkp.com\/product\/top-sale-utco-tornado-9000-puffs-good-disposable-vape\/#breadcrumb\"},\"inLanguage\":\"sl-SI\",\"potentialAction\":[{\"@type\":\"ReadAction\",\"target\":[\"https:\/\/vapebulkp.com\/product\/top-sale-utco-tornado-9000-puffs-good-disposable-vape\/\"]}]},{\"@type\":\"BreadcrumbList\",\"@id\":\"https:\/\/vapebulkp.com\/product\/top-sale-utco-tornado-9000-puffs-good-disposable-vape\/#breadcrumb\",\"itemListElement\":[{\"@type\":\"ListItem\",\"position\":1,\"name\":\"Home\",\"item\":\"https:\/\/vapebulkp.com\/\"},{\"@type\":\"ListItem\",\"position\":2,\"name\":\"Hot Trend Vapes\",\"item\":\"https:\/\/vapebulkp.com\/vape-shop\/\"},{\"@type\":\"ListItem\",\"position\":3,\"name\":\"Top Sale UTCO Tornado 9000 Puffs Good Disposable Vape\"}]},{\"@type\":\"WebSite\",\"@id\":\"https:\/\/vapebulkp.com\/#website\",\"url\":\"https:\/\/vapebulkp.com\/\",\"name\":\"vapebulkp.com\",\"description\":\"Buy Vape In Cheap Bulk Price Near you\",\"publisher\":{\"@id\":\"https:\/\/vapebulkp.com\/#organization\"},\"potentialAction\":[{\"@type\":\"SearchAction\",\"target\":{\"@type\":\"EntryPoint\",\"urlTemplate\":\"https:\/\/vapebulkp.com\/?s={search_term_string}\"},\"query-input\":\"required name=search_term_string\"}],\"inLanguage\":\"sl-SI\"},{\"@type\":\"Organization\",\"@id\":\"https:\/\/vapebulkp.com\/#organization\",\"name\":\"vapebulkp.com\",\"url\":\"https:\/\/vapebulkp.com\/\",\"logo\":{\"@type\":\"ImageObject\",\"inLanguage\":\"sl-SI\",\"@id\":\"https:\/\/vapebulkp.com\/#\/schema\/logo\/image\/\",\"url\":\"https:\/\/vapebulkp.com\/wp-content\/uploads\/2023\/09\/cropped-vapebulkp.png\",\"contentUrl\":\"https:\/\/vapebulkp.com\/wp-content\/uploads\/2023\/09\/cropped-vapebulkp.png\",\"width\":516,\"height\":163,\"caption\":\"vapebulkp.com\"},\"image\":{\"@id\":\"https:\/\/vapebulkp.com\/#\/schema\/logo\/image\/\"}}]}<\/script>\n<!-- \/ Yoast SEO plugin. -->","yoast_head_json":{"title":"Top Sale UTCO Tornado 9000 Puffs Good Disposable Vape - vapebulkp.com","description":"Top Sale UTCO Tornado 9000 Puffs Good Disposable Vape is your best choice. This state-of-the-art device delivers an unparalleled experience and holds an impressive 9,000 puffs for longer flavor adventures.","robots":{"index":"index","follow":"follow","max-snippet":"max-snippet:-1","max-image-preview":"max-image-preview:large","max-video-preview":"max-video-preview:-1"},"canonical":"https:\/\/vapebulkp.com\/sl\/product\/top-sale-utco-tornado-9000-puffs-good-disposable-vape\/","og_locale":"sl_SI","og_type":"article","og_title":"Top Sale UTCO Tornado 9000 Puffs Good Disposable Vape - vapebulkp.com","og_description":"Top Sale UTCO Tornado 9000 Puffs Good Disposable Vape is your best choice. This state-of-the-art device delivers an unparalleled experience and holds an impressive 9,000 puffs for longer flavor adventures.","og_url":"https:\/\/vapebulkp.com\/sl\/product\/top-sale-utco-tornado-9000-puffs-good-disposable-vape\/","og_site_name":"vapebulkp.com","article_modified_time":"2025-09-01T09:20:18+00:00","og_image":[{"width":1600,"height":1600,"url":"http:\/\/vapebulkp.com\/wp-content\/uploads\/2024\/04\/UTCO-9000PUFFS-Good-Sale-Germany.jpg","type":"image\/jpeg"}],"twitter_card":"summary_large_image","twitter_misc":{"Est. reading time":"5 minut"},"schema":{"@context":"https:\/\/schema.org","@graph":[{"@type":"WebPage","@id":"https:\/\/vapebulkp.com\/product\/top-sale-utco-tornado-9000-puffs-good-disposable-vape\/","url":"https:\/\/vapebulkp.com\/product\/top-sale-utco-tornado-9000-puffs-good-disposable-vape\/","name":"Top Sale UTCO Tornado 9000 Puffs Good Disposable Vape - vapebulkp.com","isPartOf":{"@id":"https:\/\/vapebulkp.com\/#website"},"datePublished":"2024-04-23T07:35:00+00:00","dateModified":"2025-09-01T09:20:18+00:00","description":"Top Sale UTCO Tornado 9000 Puffs Good Disposable Vape is your best choice. This state-of-the-art device delivers an unparalleled experience and holds an impressive 9,000 puffs for longer flavor adventures.","breadcrumb":{"@id":"https:\/\/vapebulkp.com\/product\/top-sale-utco-tornado-9000-puffs-good-disposable-vape\/#breadcrumb"},"inLanguage":"sl-SI","potentialAction":[{"@type":"ReadAction","target":["https:\/\/vapebulkp.com\/product\/top-sale-utco-tornado-9000-puffs-good-disposable-vape\/"]}]},{"@type":"BreadcrumbList","@id":"https:\/\/vapebulkp.com\/product\/top-sale-utco-tornado-9000-puffs-good-disposable-vape\/#breadcrumb","itemListElement":[{"@type":"ListItem","position":1,"name":"Home","item":"https:\/\/vapebulkp.com\/"},{"@type":"ListItem","position":2,"name":"Hot Trend Vapes","item":"https:\/\/vapebulkp.com\/vape-shop\/"},{"@type":"ListItem","position":3,"name":"Top Sale UTCO Tornado 9000 Puffs Good Disposable Vape"}]},{"@type":"WebSite","@id":"https:\/\/vapebulkp.com\/#website","url":"https:\/\/vapebulkp.com\/","name":"vapebulkp.com","description":"Buy Vape In Cheap Bulk Price Near you","publisher":{"@id":"https:\/\/vapebulkp.com\/#organization"},"potentialAction":[{"@type":"SearchAction","target":{"@type":"EntryPoint","urlTemplate":"https:\/\/vapebulkp.com\/?s={search_term_string}"},"query-input":"required name=search_term_string"}],"inLanguage":"sl-SI"},{"@type":"Organization","@id":"https:\/\/vapebulkp.com\/#organization","name":"vapebulkp.com","url":"https:\/\/vapebulkp.com\/","logo":{"@type":"ImageObject","inLanguage":"sl-SI","@id":"https:\/\/vapebulkp.com\/#\/schema\/logo\/image\/","url":"https:\/\/vapebulkp.com\/wp-content\/uploads\/2023\/09\/cropped-vapebulkp.png","contentUrl":"https:\/\/vapebulkp.com\/wp-content\/uploads\/2023\/09\/cropped-vapebulkp.png","width":516,"height":163,"caption":"vapebulkp.com"},"image":{"@id":"https:\/\/vapebulkp.com\/#\/schema\/logo\/image\/"}}]}},"uagb_featured_image_src":{"full":["https:\/\/vapebulkp.com\/wp-content\/uploads\/2024\/04\/UTCO-9000PUFFS-Good-Sale-Germany.jpg",1600,1600,false],"thumbnail":["https:\/\/vapebulkp.com\/wp-content\/uploads\/2024\/04\/UTCO-9000PUFFS-Good-Sale-Germany-150x150.jpg",150,150,true],"medium":["https:\/\/vapebulkp.com\/wp-content\/uploads\/2024\/04\/UTCO-9000PUFFS-Good-Sale-Germany-300x300.jpg",300,300,true],"medium_large":["https:\/\/vapebulkp.com\/wp-content\/uploads\/2024\/04\/UTCO-9000PUFFS-Good-Sale-Germany-768x768.jpg",768,768,true],"large":["https:\/\/vapebulkp.com\/wp-content\/uploads\/2024\/04\/UTCO-9000PUFFS-Good-Sale-Germany-1024x1024.jpg",1024,1024,true],"1536x1536":["https:\/\/vapebulkp.com\/wp-content\/uploads\/2024\/04\/UTCO-9000PUFFS-Good-Sale-Germany-1536x1536.jpg",1536,1536,true],"2048x2048":["https:\/\/vapebulkp.com\/wp-content\/uploads\/2024\/04\/UTCO-9000PUFFS-Good-Sale-Germany.jpg",1600,1600,false],"trp-custom-language-flag":["https:\/\/vapebulkp.com\/wp-content\/uploads\/2024\/04\/UTCO-9000PUFFS-Good-Sale-Germany.jpg",12,12,false],"woocommerce_thumbnail":["https:\/\/vapebulkp.com\/wp-content\/uploads\/2024\/04\/UTCO-9000PUFFS-Good-Sale-Germany-300x300.jpg",300,300,true],"woocommerce_single":["https:\/\/vapebulkp.com\/wp-content\/uploads\/2024\/04\/UTCO-9000PUFFS-Good-Sale-Germany-600x600.jpg",600,600,true],"woocommerce_gallery_thumbnail":["https:\/\/vapebulkp.com\/wp-content\/uploads\/2024\/04\/UTCO-9000PUFFS-Good-Sale-Germany-100x100.jpg",100,100,true],"wcpr-photo-reviews":["https:\/\/vapebulkp.com\/wp-content\/uploads\/2024\/04\/UTCO-9000PUFFS-Good-Sale-Germany.jpg",500,500,false]},"uagb_author_info":{"display_name":"Mandy vape bulk price","author_link":"https:\/\/vapebulkp.com\/sl\/author\/"},"uagb_comment_info":0,"uagb_excerpt":"UTCO 9000 Puffs Good Vape Bulk Price Discount Price UTCO 9K Top Sale This Week Netherland\u00a0 wholesale Good\u00a0 disposable vape UTCO 9000 Puffs Pls Contact Mandy's WhatsApp For Discount Price+8618077105796 NOTE: Prices on our website does not include shipping costs","_links":{"self":[{"href":"https:\/\/vapebulkp.com\/sl\/wp-json\/wp\/v2\/product\/2261","targetHints":{"allow":["GET"]}}],"collection":[{"href":"https:\/\/vapebulkp.com\/sl\/wp-json\/wp\/v2\/product"}],"about":[{"href":"https:\/\/vapebulkp.com\/sl\/wp-json\/wp\/v2\/types\/product"}],"replies":[{"embeddable":true,"href":"https:\/\/vapebulkp.com\/sl\/wp-json\/wp\/v2\/comments?post=2261"}],"wp:featuredmedia":[{"embeddable":true,"href":"https:\/\/vapebulkp.com\/sl\/wp-json\/wp\/v2\/media\/2250"}],"wp:attachment":[{"href":"https:\/\/vapebulkp.com\/sl\/wp-json\/wp\/v2\/media?parent=2261"}],"wp:term":[{"taxonomy":"product_cat","embeddable":true,"href":"https:\/\/vapebulkp.com\/sl\/wp-json\/wp\/v2\/product_cat?post=2261"},{"taxonomy":"product_tag","embeddable":true,"href":"https:\/\/vapebulkp.com\/sl\/wp-json\/wp\/v2\/product_tag?post=2261"}],"curies":[{"name":"wp","href":"https:\/\/api.w.org\/{rel}","templated":true}]}}