{"id":2303,"date":"2024-04-24T11:58:02","date_gmt":"2024-04-24T09:58:02","guid":{"rendered":"https:\/\/vapebulkp.com\/?post_type=product&#038;p=2303"},"modified":"2025-09-24T05:19:58","modified_gmt":"2025-09-24T03:19:58","slug":"original-vape-bang-rocket-18000-puffs-good-sale","status":"publish","type":"product","link":"https:\/\/vapebulkp.com\/sl\/izdelek\/original-vape-bang-rocket-18000-puffs-good-sale\/","title":{"rendered":"Original Vape Bang Rocket 18000 Uparov Dobro prodaja"},"content":{"rendered":"<h2 style=\"text-align: left\">Original Vape Bang Rocket 18000 Uparov Dobro prodaja<\/h2>\n<p data-start=\"128\" data-end=\"456\">The <strong data-start=\"132\" data-end=\"173\">Originalni Vape Bang Rocket 18000 Vlekov<\/strong> je vrhunski <a href=\"https:\/\/vapebulkp.com\/sl\/kategorija-izdelka\/18000-puffs-disposable-vape\/\"><strong data-start=\"187\" data-end=\"218\">18000 vdihov e-cigareta za enkratno uporabo<\/strong><\/a> zasnovan za dolgotrajno delovanje in gladko, okusno vle\u010denje. Opremljen z 650mAh polnilno baterijo, ta <strong data-start=\"338\" data-end=\"370\">za polnljiva jednokratna vape<\/strong> zagotavlja neprekinjene seanse, zaradi \u010desar je idealen za vsakodnevno uporabo ali dalj\u0161e izlete.<\/p>\n<p data-start=\"458\" data-end=\"745\">Njegova <strong data-start=\"462\" data-end=\"485\">dvojna mre\u017ena tuljava vape<\/strong> zasnova izbolj\u0161a gostoto pare in intenzivnost okusa, kar ustvarja bogate, zadovoljive oblake od za\u010detka do konca. Kapaciteta 20 ml e-teko\u010dine in opcije nikotinske soli od 0% do 5% zagotavljajo <strong data-start=\"669\" data-end=\"702\">visokozmogljiv vape za enkratno uporabo<\/strong> izku\u0161njo, prilagojeno vsaki \u017eelji.<\/p>\n<p data-start=\"747\" data-end=\"1012\">Kompakten in eleganten, <strong data-start=\"770\" data-end=\"813\">polnilni vape Bang Rocket 18k Vlekov<\/strong> je popoln za slovenske veleprodajne kupce, ki i\u0161\u010dejo zanesljiv izdelek z velikim povpra\u0161evanjem. S \u0161iroko paleto okusov in modernim dizajnom je najbolj\u0161a izbira za slovenske vaperje, ki cenijo kakovost in udobje.<\/p>\n<p><img decoding=\"async\" class=\"alignnone size-full wp-image-2278\" src=\"http:\/\/vapebulkp.com\/wp-content\/uploads\/2024\/04\/Bang-Rocket-18000-Puffs-Disposable-Vape-Germany.png\" alt=\"Bang Rocket 18000 Puffs Vape za enkratno uporabo Slovenija\" width=\"1000\" height=\"1000\" srcset=\"https:\/\/vapebulkp.com\/wp-content\/uploads\/2024\/04\/Bang-Rocket-18000-Puffs-Disposable-Vape-Germany.png 1000w, https:\/\/vapebulkp.com\/wp-content\/uploads\/2024\/04\/Bang-Rocket-18000-Puffs-Disposable-Vape-Germany-300x300.png 300w, https:\/\/vapebulkp.com\/wp-content\/uploads\/2024\/04\/Bang-Rocket-18000-Puffs-Disposable-Vape-Germany-150x150.png 150w, https:\/\/vapebulkp.com\/wp-content\/uploads\/2024\/04\/Bang-Rocket-18000-Puffs-Disposable-Vape-Germany-768x768.png 768w, https:\/\/vapebulkp.com\/wp-content\/uploads\/2024\/04\/Bang-Rocket-18000-Puffs-Disposable-Vape-Germany-600x600.png 600w, https:\/\/vapebulkp.com\/wp-content\/uploads\/2024\/04\/Bang-Rocket-18000-Puffs-Disposable-Vape-Germany-100x100.png 100w\" sizes=\"(max-width: 1000px) 100vw, 1000px\" \/><\/p>\n<h6>Za popust se obrnite na Mandyin WhatsApp<a href=\"https:\/\/wa.me\/8618077105796\">+8618077105796<\/a><\/h6>\n<p><img decoding=\"async\" class=\"alignnone wp-image-2151\" src=\"http:\/\/vapebulkp.com\/wp-content\/uploads\/2024\/04\/Mandy-WhatsApp-Randm.jpg\" alt=\"Mandy WhatsApp Randm\" width=\"324\" height=\"330\" \/><\/p>\n<h2>Morda bi radi vedeli o Bang Rocket 18000 Vlekov Vape za enkratno uporabo:<\/h2>\n<h5>1.Kako uporabiti vape pisalo Bang Rocket 18k Vlekov?<\/h5>\n<p>Korak 1. Pred uporabo 18k vlekov iztaknite plasti\u010dno cevko.<\/p>\n<p>Korak 2. Po\u010dakajte pribli\u017eno 3 minute, da se sok vpije v tuljavo znotraj.<\/p>\n<p>Korak 3. U\u017eivajte<\/p>\n<h5>2.Kako napolniti vape za enkratno uporabo Bang Rocket 18k Vlekov?<\/h5>\n<p>Polnilnikov za hitro polnjenje ni mogo\u010de uporabljati, standardna varna mo\u010d e-cigaret za enkratno uporabo pa je 5V 1A.<\/p>\n<p>Vsak \u010das polnjenja ne sme prese\u010di 1 ure, varen \u010das polnjenja pa je pol ure.<\/p>\n<p><span style=\"color: #ff6600\">Opomba: ne polnite celo no\u010d!<\/span><\/p>\n<h5>3.Kak\u0161na je kapaciteta e-teko\u010dine v Bang Rocket 18000 Vlekov Dober Vape?<\/h5>\n<p>\u2014\u201420ml<\/p>\n<h5>4.Koliko vlekov lahko naredim s tem Bang Rocket 18000 Vlekov?<\/h5>\n<p>\u2014\u20139000-18000 Vlekov<\/p>\n<h3>Lastnosti vape pod-a za enkratno uporabo Bang Rocket 18000 Vlekov:<\/h3>\n<p>&nbsp;<\/p>\n<ul>\n<li>\u00a0Teko\u010dina: 20 ml predhodno napolnjena kartu\u0161a z e-teko\u010dino<\/li>\n<li>Nikotin: 2\/5% nikotinske soli<\/li>\n<li>\u00a0Vrste: Za enkratno uporabo<\/li>\n<li>\u00a0650 mAh baterijo<\/li>\n<li>\u00a00.6 Mesh Coil, NASTAVLJIV PRETOK ZRAKA<\/li>\n<li>\u00a0Polnilni kabel Type-c<\/li>\n<li>\u00a0Na voljo 12 okusov<\/li>\n<\/ul>\n<p>&nbsp;<\/p>\n<h3><strong>Seznam najbolj\u0161ih okusov vape Bang Rocket 18k Puffs:<\/strong><\/h3>\n<p>1. Cheery Bomb<br \/>\n2. Juicy Peach Ice<br \/>\n3. Tropsko sadje<br \/>\n4. Grape Ice<br \/>\n5. Breskev Mango<br \/>\n6. Jagoda Banana<br \/>\n7. Jagoda Mango<br \/>\n8. Triple Berry Ice<br \/>\n9. Jagoda Lubenica<br \/>\n10. Watermelon Ice<br \/>\n11. Blue Razz Ice<br \/>\n12. Sour Apple Ice<\/p>\n<p><a href=\"https:\/\/vapebulkp.com\/sl\/izdelek\/popular-randm-tornado-7000puffs-disposable-vape-best-price\/\"><span style=\"vertical-align: inherit\">RandM Tornado 7000 Pufov <\/span><\/a><\/p>\n<p><span style=\"vertical-align: inherit\">Poi\u0161\u010dite ve\u010d izdelkov, ki bi vam bili morda v\u0161e\u010d:<\/span><em><a href=\"https:\/\/wa.me\/8618077105796\"><span style=\"vertical-align: inherit\">\u00a0Kupite zdaj<\/span><\/a><\/em><\/p>\n<p><span style=\"vertical-align: inherit\">Drugi 'puffs', ki bi vam bili morda v\u0161e\u010d:<\/span><a href=\"https:\/\/vapebulkp.com\/sl\/izdelek\/joymy-ultra15000puffs-best-disposable-vape-2023\/\"><span style=\"vertical-align: inherit\">JOYMY 15000 Vpihov<\/span><\/a><span style=\"vertical-align: inherit\">\u3001<\/span><a href=\"https:\/\/vapebulkp.com\/sl\/izdelek\/wholesale-randm-tornado-9000-puffs-germany\/\"><span style=\"vertical-align: inherit\">RandM 9000 Vpihov<\/span><\/a><span style=\"vertical-align: inherit\">\/ <\/span><a href=\"https:\/\/vapebulkp.com\/sl\/izdelek\/bang-king-12000puffs\/\"><span style=\"vertical-align: inherit\">Bang King 12000 vpihov<\/span><\/a><span style=\"vertical-align: inherit\">\/ <\/span><a href=\"https:\/\/vapebulkp.com\/sl\/izdelek\/wholesale-tornado-rum-bar-9000-puffs-sweden\/\"><span style=\"vertical-align: inherit\">Rumbar 9000Vdihov<\/span><\/a><\/p>\n<p><span style=\"vertical-align: inherit\">E-cigareta posebne oblike steklenice:<\/span><a href=\"https:\/\/vapebulkp.com\/sl\/izdelek\/original-vape-bang-tn-12000-puffs-bang-vape\/\"><span style=\"vertical-align: inherit\"> Bang TN 12000 Vdihov<\/span><\/a><span style=\"vertical-align: inherit\">\/ <\/span><a href=\"https:\/\/vapebulkp.com\/sl\/izdelek\/popular-bang-king-10000-puffs-vape-good-price\/\"><span style=\"vertical-align: inherit\">\u00a0Bang King 10000 Vpihov <\/span><\/a><span style=\"vertical-align: inherit\">\/<\/span><a href=\"https:\/\/vapebulkp.com\/sl\/izdelek\/bang-tornado-12000-puffs-rechargeable-disposable-pod\/\"><span style=\"vertical-align: inherit\"> Bang Tornado 12000 vdihov<\/span><\/a><\/p>\n<h5>Proizvodne kvalifikacije:<\/h5>\n<p><img decoding=\"async\" class=\"alignnone size-full wp-image-1841\" src=\"http:\/\/vapebulkp.com\/wp-content\/uploads\/2023\/11\/Vape-production-process-2.jpeg\" alt=\"Proces proizvodnje vape\" width=\"650\" height=\"434\" srcset=\"https:\/\/vapebulkp.com\/wp-content\/uploads\/2023\/11\/Vape-production-process-2.jpeg 650w, https:\/\/vapebulkp.com\/wp-content\/uploads\/2023\/11\/Vape-production-process-2-300x200.jpeg 300w, https:\/\/vapebulkp.com\/wp-content\/uploads\/2023\/11\/Vape-production-process-2-600x401.jpeg 600w\" sizes=\"(max-width: 650px) 100vw, 650px\" \/><\/p>\n<p><img decoding=\"async\" class=\"alignnone size-full wp-image-1843\" src=\"http:\/\/vapebulkp.com\/wp-content\/uploads\/2023\/11\/Vape-production-process.jpeg\" alt=\"Proces proizvodnje vape\" width=\"641\" height=\"1026\" srcset=\"https:\/\/vapebulkp.com\/wp-content\/uploads\/2023\/11\/Vape-production-process.jpeg 641w, https:\/\/vapebulkp.com\/wp-content\/uploads\/2023\/11\/Vape-production-process-187x300.jpeg 187w, https:\/\/vapebulkp.com\/wp-content\/uploads\/2023\/11\/Vape-production-process-640x1024.jpeg 640w, https:\/\/vapebulkp.com\/wp-content\/uploads\/2023\/11\/Vape-production-process-600x960.jpeg 600w\" sizes=\"(max-width: 641px) 100vw, 641px\" \/><\/p>\n<h5>Pogosta vpra\u0161anja:<\/h5>\n<p>V: Kak\u0161na je najmanj\u0161a koli\u010dina naro\u010dila za Bang Rocket 18000 Puffs?<br \/>\nO: Najmanj\u0161e naro\u010dilo je 100 kosov.<br \/>\nV: Kak\u0161en je dobavni rok za naro\u010deno vape?<br \/>\nO: Obi\u010dajno je 10-15 dni po odpremi<br \/>\nV: Koliko zna\u0161ajo stro\u0161ki po\u0161iljanja? O: Stro\u0161ki po\u0161iljanja so odvisni od te\u017ee. Razli\u010dne koli\u010dine imajo razli\u010dne stro\u0161ke po\u0161iljanja, prosimo, kontaktirajte nas za potrditev stro\u0161kov po\u0161iljanja.<\/p>\n<h4>Podrobnosti dostave:<\/h4>\n<p><span style=\"color: #ff6600\">\u010cas proizvodnje: 5\u201310 delovnih dni<\/span><br \/>\n<span style=\"color: #ff6600\">\u010cas dostave: 8\u201314 delovnih dni<\/span><\/p>\n<p>Vsi izdelki v na\u0161i trgovini so 100% originalni in avtenti\u010dni, zato je na\u0161a politika desetkratno nadomestilo za ponarejeno blago. Za dostavo blaga vam uporabljamo logisti\u010dne kanale, kot so UPS\/DHL\/FEDEX\/DPD.<\/p>\n<p>Za pakete, poslane v Slovenijo, obi\u010dajno traja 10 delovnih dni. Po\u0161iljanje v evropske dr\u017eave obi\u010dajno traja 12 do 15 delovnih dni. Logisti\u010dne informacije vam bomo sproti posodabljali.<\/p>","protected":false},"excerpt":{"rendered":"<p><a href=\"https:\/\/vapebulkp.com\/sl\/izdelek\/original-vape-bang-rocket-18000-puffs-good-sale\/\">Dober Vape Bang Rocket 18000 Vlekov je vreden nakupa!<\/a><\/p>\n<p>Za popust se obrnite na Mandyin WhatsApp<a href=\"https:\/\/wa.me\/8618077105796\">+8618077105796<\/a><\/p>\n<p><img decoding=\"async\" class=\"alignnone wp-image-2151\" src=\"http:\/\/vapebulkp.com\/wp-content\/uploads\/2024\/04\/Mandy-WhatsApp-Randm.jpg\" alt=\"Mandy WhatsApp Randm\" width=\"297\" height=\"316\" srcset=\"https:\/\/vapebulkp.com\/wp-content\/uploads\/2024\/04\/Mandy-WhatsApp-Randm.jpg 916w, https:\/\/vapebulkp.com\/wp-content\/uploads\/2024\/04\/Mandy-WhatsApp-Randm-282x300.jpg 282w, https:\/\/vapebulkp.com\/wp-content\/uploads\/2024\/04\/Mandy-WhatsApp-Randm-768x817.jpg 768w, https:\/\/vapebulkp.com\/wp-content\/uploads\/2024\/04\/Mandy-WhatsApp-Randm-600x638.jpg 600w\" sizes=\"(max-width: 297px) 100vw, 297px\" \/><\/p>\n<p><span style=\"color: #ff0000\">OPOMBA: Cene na na\u0161i spletni strani ne vklju\u010dujejo stro\u0161kov po\u0161iljanja.<\/span><\/p>\n<p>&nbsp;<\/p>","protected":false},"featured_media":2279,"comment_status":"open","ping_status":"closed","template":"","meta":{"_uag_custom_page_level_css":"","_lmt_disableupdate":"no","_lmt_disable":"","site-sidebar-layout":"default","site-content-layout":"content-boxed-container","ast-site-content-layout":"normal-width-container","site-content-style":"boxed","site-sidebar-style":"unboxed","ast-global-header-display":"","ast-banner-title-visibility":"","ast-main-header-display":"","ast-hfb-above-header-display":"","ast-hfb-below-header-display":"","ast-hfb-mobile-header-display":"","site-post-title":"","ast-breadcrumbs-content":"","ast-featured-img":"","footer-sml-layout":"","theme-transparent-header-meta":"default","adv-header-id-meta":"","stick-header-meta":"","header-above-stick-meta":"","header-main-stick-meta":"","header-below-stick-meta":"","astra-migrate-meta-layouts":"set","_joinchat":[]},"product_cat":[163,153,345,155,33,59,100,34,158,157,154,152,58,84,156,63,32],"product_tag":[111,36,37,41,40],"class_list":["post-2303","product","type-product","status-publish","has-post-thumbnail","hentry","product_cat-18000-puffs-disposable-vape","product_cat-hot-disposable-vapes","product_cat-bang-vapes","product_cat-belgium-hot-disposable-vapes","product_cat-france-vape-hot-sale","product_cat-germany-hot-disposable-vape","product_cat-germany-wholesale-vape-shop","product_cat-netherlands-vape-good-sale","product_cat-norway-hot-disposable-vapes","product_cat-poland-hot-disposable-vapes","product_cat-portugal-hot-disposable-vapes","product_cat-spain-hot-disposable-vapes","product_cat-sweden-hot-disposable-vape","product_cat-sweden-wholesale-vape","product_cat-switzerland-hot-disposable-vapes","product_cat-top-sale-disposable-vape","product_cat-vape-hot-sale-this-week","product_tag-18000puffs","product_tag-good-vape","product_tag-hot-sale-disposable-vape","product_tag-poland-hot-vape","product_tag-sweden-hot-vape","pa_brand-bang-vape","desktop-align-left","tablet-align-left","mobile-align-left"],"yoast_head":"<!-- This site is optimized with the Yoast SEO plugin v21.1 - https:\/\/yoast.com\/wordpress\/plugins\/seo\/ -->\n<title>Original Vape Bang Rocket 18000 Puffs Good Sale - vapebulkp.com<\/title>\n<meta name=\"description\" content=\"Bang Rocket 18000 Puffs vape with a robust 650mAh battery and a whopping 20ml e-liquid capacity, this device ensures long-lasting satisfaction..\" \/>\n<meta name=\"robots\" content=\"index, follow, max-snippet:-1, max-image-preview:large, max-video-preview:-1\" \/>\n<link rel=\"canonical\" href=\"https:\/\/vapebulkp.com\/sl\/izdelek\/original-vape-bang-rocket-18000-puffs-good-sale\/\" \/>\n<meta property=\"og:locale\" content=\"sl_SI\" \/>\n<meta property=\"og:type\" content=\"article\" \/>\n<meta property=\"og:title\" content=\"Original Vape Bang Rocket 18000 Puffs Good Sale - vapebulkp.com\" \/>\n<meta property=\"og:description\" content=\"Bang Rocket 18000 Puffs vape with a robust 650mAh battery and a whopping 20ml e-liquid capacity, this device ensures long-lasting satisfaction..\" \/>\n<meta property=\"og:url\" content=\"https:\/\/vapebulkp.com\/sl\/izdelek\/original-vape-bang-rocket-18000-puffs-good-sale\/\" \/>\n<meta property=\"og:site_name\" content=\"vapebulkp.com\" \/>\n<meta property=\"article:modified_time\" content=\"2025-09-24T03:19:58+00:00\" \/>\n<meta property=\"og:image\" content=\"http:\/\/vapebulkp.com\/wp-content\/uploads\/2024\/04\/Bang-Rocket-18000-Puffs-Disposable-Vape-Nehterlands-1024x1024.png\" \/>\n\t<meta property=\"og:image:width\" content=\"1024\" \/>\n\t<meta property=\"og:image:height\" content=\"1024\" \/>\n\t<meta property=\"og:image:type\" content=\"image\/png\" \/>\n<meta name=\"twitter:card\" content=\"summary_large_image\" \/>\n<meta name=\"twitter:label1\" content=\"Est. reading time\" \/>\n\t<meta name=\"twitter:data1\" content=\"4 minute\" \/>\n<script type=\"application\/ld+json\" class=\"yoast-schema-graph\">{\"@context\":\"https:\/\/schema.org\",\"@graph\":[{\"@type\":\"WebPage\",\"@id\":\"https:\/\/vapebulkp.com\/product\/original-vape-bang-rocket-18000-puffs-good-sale\/\",\"url\":\"https:\/\/vapebulkp.com\/product\/original-vape-bang-rocket-18000-puffs-good-sale\/\",\"name\":\"Original Vape Bang Rocket 18000 Puffs Good Sale - vapebulkp.com\",\"isPartOf\":{\"@id\":\"https:\/\/vapebulkp.com\/#website\"},\"datePublished\":\"2024-04-24T09:58:02+00:00\",\"dateModified\":\"2025-09-24T03:19:58+00:00\",\"description\":\"Bang Rocket 18000 Puffs vape with a robust 650mAh battery and a whopping 20ml e-liquid capacity, this device ensures long-lasting satisfaction..\",\"breadcrumb\":{\"@id\":\"https:\/\/vapebulkp.com\/product\/original-vape-bang-rocket-18000-puffs-good-sale\/#breadcrumb\"},\"inLanguage\":\"sl-SI\",\"potentialAction\":[{\"@type\":\"ReadAction\",\"target\":[\"https:\/\/vapebulkp.com\/product\/original-vape-bang-rocket-18000-puffs-good-sale\/\"]}]},{\"@type\":\"BreadcrumbList\",\"@id\":\"https:\/\/vapebulkp.com\/product\/original-vape-bang-rocket-18000-puffs-good-sale\/#breadcrumb\",\"itemListElement\":[{\"@type\":\"ListItem\",\"position\":1,\"name\":\"Home\",\"item\":\"https:\/\/vapebulkp.com\/\"},{\"@type\":\"ListItem\",\"position\":2,\"name\":\"Hot Trend Vapes\",\"item\":\"https:\/\/vapebulkp.com\/vape-shop\/\"},{\"@type\":\"ListItem\",\"position\":3,\"name\":\"Original Vape Bang Rocket 18000 Puffs Good Sale\"}]},{\"@type\":\"WebSite\",\"@id\":\"https:\/\/vapebulkp.com\/#website\",\"url\":\"https:\/\/vapebulkp.com\/\",\"name\":\"vapebulkp.com\",\"description\":\"Buy Vape In Cheap Bulk Price Near you\",\"publisher\":{\"@id\":\"https:\/\/vapebulkp.com\/#organization\"},\"potentialAction\":[{\"@type\":\"SearchAction\",\"target\":{\"@type\":\"EntryPoint\",\"urlTemplate\":\"https:\/\/vapebulkp.com\/?s={search_term_string}\"},\"query-input\":\"required name=search_term_string\"}],\"inLanguage\":\"sl-SI\"},{\"@type\":\"Organization\",\"@id\":\"https:\/\/vapebulkp.com\/#organization\",\"name\":\"vapebulkp.com\",\"url\":\"https:\/\/vapebulkp.com\/\",\"logo\":{\"@type\":\"ImageObject\",\"inLanguage\":\"sl-SI\",\"@id\":\"https:\/\/vapebulkp.com\/#\/schema\/logo\/image\/\",\"url\":\"https:\/\/vapebulkp.com\/wp-content\/uploads\/2023\/09\/cropped-vapebulkp.png\",\"contentUrl\":\"https:\/\/vapebulkp.com\/wp-content\/uploads\/2023\/09\/cropped-vapebulkp.png\",\"width\":516,\"height\":163,\"caption\":\"vapebulkp.com\"},\"image\":{\"@id\":\"https:\/\/vapebulkp.com\/#\/schema\/logo\/image\/\"}}]}<\/script>\n<!-- \/ Yoast SEO plugin. -->","yoast_head_json":{"title":"Original Vape Bang Rocket 18000 Puffs Good Sale - vapebulkp.com","description":"Bang Rocket 18000 Puffs vape with a robust 650mAh battery and a whopping 20ml e-liquid capacity, this device ensures long-lasting satisfaction..","robots":{"index":"index","follow":"follow","max-snippet":"max-snippet:-1","max-image-preview":"max-image-preview:large","max-video-preview":"max-video-preview:-1"},"canonical":"https:\/\/vapebulkp.com\/sl\/izdelek\/original-vape-bang-rocket-18000-puffs-good-sale\/","og_locale":"sl_SI","og_type":"article","og_title":"Original Vape Bang Rocket 18000 Puffs Good Sale - vapebulkp.com","og_description":"Bang Rocket 18000 Puffs vape with a robust 650mAh battery and a whopping 20ml e-liquid capacity, this device ensures long-lasting satisfaction..","og_url":"https:\/\/vapebulkp.com\/sl\/izdelek\/original-vape-bang-rocket-18000-puffs-good-sale\/","og_site_name":"vapebulkp.com","article_modified_time":"2025-09-24T03:19:58+00:00","og_image":[{"width":1024,"height":1024,"url":"http:\/\/vapebulkp.com\/wp-content\/uploads\/2024\/04\/Bang-Rocket-18000-Puffs-Disposable-Vape-Nehterlands-1024x1024.png","type":"image\/png"}],"twitter_card":"summary_large_image","twitter_misc":{"Est. reading time":"4 minute"},"schema":{"@context":"https:\/\/schema.org","@graph":[{"@type":"WebPage","@id":"https:\/\/vapebulkp.com\/product\/original-vape-bang-rocket-18000-puffs-good-sale\/","url":"https:\/\/vapebulkp.com\/product\/original-vape-bang-rocket-18000-puffs-good-sale\/","name":"Original Vape Bang Rocket 18000 Puffs Good Sale - vapebulkp.com","isPartOf":{"@id":"https:\/\/vapebulkp.com\/#website"},"datePublished":"2024-04-24T09:58:02+00:00","dateModified":"2025-09-24T03:19:58+00:00","description":"Bang Rocket 18000 Puffs vape with a robust 650mAh battery and a whopping 20ml e-liquid capacity, this device ensures long-lasting satisfaction..","breadcrumb":{"@id":"https:\/\/vapebulkp.com\/product\/original-vape-bang-rocket-18000-puffs-good-sale\/#breadcrumb"},"inLanguage":"sl-SI","potentialAction":[{"@type":"ReadAction","target":["https:\/\/vapebulkp.com\/product\/original-vape-bang-rocket-18000-puffs-good-sale\/"]}]},{"@type":"BreadcrumbList","@id":"https:\/\/vapebulkp.com\/product\/original-vape-bang-rocket-18000-puffs-good-sale\/#breadcrumb","itemListElement":[{"@type":"ListItem","position":1,"name":"Home","item":"https:\/\/vapebulkp.com\/"},{"@type":"ListItem","position":2,"name":"Hot Trend Vapes","item":"https:\/\/vapebulkp.com\/vape-shop\/"},{"@type":"ListItem","position":3,"name":"Original Vape Bang Rocket 18000 Puffs Good Sale"}]},{"@type":"WebSite","@id":"https:\/\/vapebulkp.com\/#website","url":"https:\/\/vapebulkp.com\/","name":"vapebulkp.com","description":"Buy Vape In Cheap Bulk Price Near you","publisher":{"@id":"https:\/\/vapebulkp.com\/#organization"},"potentialAction":[{"@type":"SearchAction","target":{"@type":"EntryPoint","urlTemplate":"https:\/\/vapebulkp.com\/?s={search_term_string}"},"query-input":"required name=search_term_string"}],"inLanguage":"sl-SI"},{"@type":"Organization","@id":"https:\/\/vapebulkp.com\/#organization","name":"vapebulkp.com","url":"https:\/\/vapebulkp.com\/","logo":{"@type":"ImageObject","inLanguage":"sl-SI","@id":"https:\/\/vapebulkp.com\/#\/schema\/logo\/image\/","url":"https:\/\/vapebulkp.com\/wp-content\/uploads\/2023\/09\/cropped-vapebulkp.png","contentUrl":"https:\/\/vapebulkp.com\/wp-content\/uploads\/2023\/09\/cropped-vapebulkp.png","width":516,"height":163,"caption":"vapebulkp.com"},"image":{"@id":"https:\/\/vapebulkp.com\/#\/schema\/logo\/image\/"}}]}},"uagb_featured_image_src":{"full":["https:\/\/vapebulkp.com\/wp-content\/uploads\/2024\/04\/Bang-Rocket-18000-Puffs-Disposable-Vape-Nehterlands.png",1500,1500,false],"thumbnail":["https:\/\/vapebulkp.com\/wp-content\/uploads\/2024\/04\/Bang-Rocket-18000-Puffs-Disposable-Vape-Nehterlands-150x150.png",150,150,true],"medium":["https:\/\/vapebulkp.com\/wp-content\/uploads\/2024\/04\/Bang-Rocket-18000-Puffs-Disposable-Vape-Nehterlands-300x300.png",300,300,true],"medium_large":["https:\/\/vapebulkp.com\/wp-content\/uploads\/2024\/04\/Bang-Rocket-18000-Puffs-Disposable-Vape-Nehterlands-768x768.png",768,768,true],"large":["https:\/\/vapebulkp.com\/wp-content\/uploads\/2024\/04\/Bang-Rocket-18000-Puffs-Disposable-Vape-Nehterlands-1024x1024.png",1024,1024,true],"1536x1536":["https:\/\/vapebulkp.com\/wp-content\/uploads\/2024\/04\/Bang-Rocket-18000-Puffs-Disposable-Vape-Nehterlands.png",1500,1500,false],"2048x2048":["https:\/\/vapebulkp.com\/wp-content\/uploads\/2024\/04\/Bang-Rocket-18000-Puffs-Disposable-Vape-Nehterlands.png",1500,1500,false],"trp-custom-language-flag":["https:\/\/vapebulkp.com\/wp-content\/uploads\/2024\/04\/Bang-Rocket-18000-Puffs-Disposable-Vape-Nehterlands.png",12,12,false],"woocommerce_thumbnail":["https:\/\/vapebulkp.com\/wp-content\/uploads\/2024\/04\/Bang-Rocket-18000-Puffs-Disposable-Vape-Nehterlands-300x300.png",300,300,true],"woocommerce_single":["https:\/\/vapebulkp.com\/wp-content\/uploads\/2024\/04\/Bang-Rocket-18000-Puffs-Disposable-Vape-Nehterlands-600x600.png",600,600,true],"woocommerce_gallery_thumbnail":["https:\/\/vapebulkp.com\/wp-content\/uploads\/2024\/04\/Bang-Rocket-18000-Puffs-Disposable-Vape-Nehterlands-100x100.png",100,100,true],"wcpr-photo-reviews":["https:\/\/vapebulkp.com\/wp-content\/uploads\/2024\/04\/Bang-Rocket-18000-Puffs-Disposable-Vape-Nehterlands.png",500,500,false]},"uagb_author_info":{"display_name":"Mandy vape bulk price","author_link":"https:\/\/vapebulkp.com\/sl\/author\/"},"uagb_comment_info":2,"uagb_excerpt":"The Good Vape\u00a0 Bang Rocket 18000 puffs is worth owning\uff01 Pls Contact Mandy's WhatsApp For Discount Price+8618077105796 NOTE: Prices on our website does not include shipping costs &nbsp;","_links":{"self":[{"href":"https:\/\/vapebulkp.com\/sl\/wp-json\/wp\/v2\/product\/2303","targetHints":{"allow":["GET"]}}],"collection":[{"href":"https:\/\/vapebulkp.com\/sl\/wp-json\/wp\/v2\/product"}],"about":[{"href":"https:\/\/vapebulkp.com\/sl\/wp-json\/wp\/v2\/types\/product"}],"replies":[{"embeddable":true,"href":"https:\/\/vapebulkp.com\/sl\/wp-json\/wp\/v2\/comments?post=2303"}],"wp:featuredmedia":[{"embeddable":true,"href":"https:\/\/vapebulkp.com\/sl\/wp-json\/wp\/v2\/media\/2279"}],"wp:attachment":[{"href":"https:\/\/vapebulkp.com\/sl\/wp-json\/wp\/v2\/media?parent=2303"}],"wp:term":[{"taxonomy":"product_cat","embeddable":true,"href":"https:\/\/vapebulkp.com\/sl\/wp-json\/wp\/v2\/product_cat?post=2303"},{"taxonomy":"product_tag","embeddable":true,"href":"https:\/\/vapebulkp.com\/sl\/wp-json\/wp\/v2\/product_tag?post=2303"}],"curies":[{"name":"wp","href":"https:\/\/api.w.org\/{rel}","templated":true}]}}