{"id":233,"date":"2021-08-18T03:20:53","date_gmt":"2021-08-18T01:20:53","guid":{"rendered":"https:\/\/vapebulkp.com\/product\/pachira-braid\/"},"modified":"2025-09-01T10:39:43","modified_gmt":"2025-09-01T08:39:43","slug":"disposable-vape-crystal-600-puffs","status":"publish","type":"product","link":"https:\/\/vapebulkp.com\/sl\/product\/disposable-vape-crystal-600-puffs\/","title":{"rendered":"Veleprodajna cena za enkratno uporabo Vape Crystal 600 Puffs"},"content":{"rendered":"<h2 style=\"text-align: left\">Veleprodajna cena za enkratno uporabo Vape Crystal 600 Puffs<\/h2>\n<p data-start=\"152\" data-end=\"466\">The <strong data-start=\"156\" data-end=\"197\">SKI Crystal 600 vdihov e-cigareta za enkratno uporabo<\/strong> zagotavlja gladke, zadovoljive vdihe v kompaktni zasnovi, pripravljeni za potovanje. Vsaka naprava ima 2 ml prostornine e-teko\u010dine z vrhunskimi me\u0161anicami, ki ponujajo razli\u010dne okuse od mo\u010dnega tobaka in hladilnega mentola do sladkih in sadnih mo\u017enosti, zasnovanih za vsak okus.<\/p>\n<p data-start=\"468\" data-end=\"772\">Opremljena z mre\u017easto tuljavo 0,8\u03a9 in polnilno baterijo Type-C 50 mAh, ta <strong data-start=\"544\" data-end=\"573\">e-cigareta za enkratno uporabo 600 vdihov<\/strong> zagotavlja dosledno proizvodnjo pare in bogat okus z vsakim vdihom. Njena ergonomska zasnova zagotavlja udoben oprijem, medtem ko je zaradi svoje lahke oblike, ki se prilega v \u017eep, idealna za uparjanje na poti.<\/p>\n<p data-start=\"774\" data-end=\"1128\">Na voljo z mo\u010djo nikotina 2 % ali 5 %, ta e-cigareta za enkratno uporabo zdru\u017euje udobje in zmogljivost za navdu\u0161ence nad uparjanjem v Evropi, ki i\u0161\u010dejo visokokakovostne naprave, pripravljene za uporabo. Popoln za vsakodnevno uporabo, dru\u017eabne prilo\u017enosti ali veleprodajno distribucijo, <strong data-start=\"1026\" data-end=\"1067\">SKI Crystal 600 vdihov polnilna e-cigareta<\/strong> izstopa po zanesljivosti, stilu in doslednosti okusa.<\/p>\n<p><img decoding=\"async\" class=\"alignnone wp-image-1683\" src=\"http:\/\/vapebulkp.com\/wp-content\/uploads\/2021\/08\/Crystal-600-Flavors-Factory.png\" alt=\"Crystal 600 Okusi Ugodna Cena\" width=\"426\" height=\"426\" srcset=\"https:\/\/vapebulkp.com\/wp-content\/uploads\/2021\/08\/Crystal-600-Flavors-Factory.png 500w, https:\/\/vapebulkp.com\/wp-content\/uploads\/2021\/08\/Crystal-600-Flavors-Factory-300x300.png 300w, https:\/\/vapebulkp.com\/wp-content\/uploads\/2021\/08\/Crystal-600-Flavors-Factory-150x150.png 150w, https:\/\/vapebulkp.com\/wp-content\/uploads\/2021\/08\/Crystal-600-Flavors-Factory-100x100.png 100w\" sizes=\"(max-width: 426px) 100vw, 426px\" \/><\/p>\n<h6 style=\"text-align: left\"><\/h6>\n<h6>Za popust se obrnite na Mandyin WhatsApp<a href=\"https:\/\/wa.me\/8618077105796\">+8618077105796<\/a><\/h6>\n<p><img decoding=\"async\" class=\"alignnone size-medium wp-image-1455\" src=\"http:\/\/vapebulkp.com\/wp-content\/uploads\/2021\/08\/WhatsApp-300x279.jpg\" alt=\"\" width=\"300\" height=\"279\" srcset=\"https:\/\/vapebulkp.com\/wp-content\/uploads\/2021\/08\/WhatsApp-300x279.jpg 300w, https:\/\/vapebulkp.com\/wp-content\/uploads\/2021\/08\/WhatsApp-1024x951.jpg 1024w, https:\/\/vapebulkp.com\/wp-content\/uploads\/2021\/08\/WhatsApp-768x713.jpg 768w, https:\/\/vapebulkp.com\/wp-content\/uploads\/2021\/08\/WhatsApp-600x557.jpg 600w, https:\/\/vapebulkp.com\/wp-content\/uploads\/2021\/08\/WhatsApp.jpg 1080w\" sizes=\"(max-width: 300px) 100vw, 300px\" \/><\/p>\n<h2><span style=\"vertical-align: inherit\">Morda vas zanima vedeti o dobrih Crystal 600 vdihov:<\/span><\/h2>\n<p>&nbsp;<\/p>\n<h4 class=\"style-scope ytd-watch-metadata\">1. Kako uporabljati pisalo za vejp Crystal 600 vdihov?<\/h4>\n<p>1. korak. Preden uporabite 600 vdihov, izvlecite plasti\u010dno cevko.<\/p>\n<p>Korak 2. Po\u010dakajte pribli\u017eno 3 minute, da se sok vpije v tuljavo znotraj.<\/p>\n<p>Korak 3. U\u017eivajte<\/p>\n<h6>2. KAKO POLNITI NAPRAVO ZA ENKRATNO UPORABO VEJP CRYSTAL 600 VDIHOV?<\/h6>\n<p>Polnilnikov za hitro polnjenje ni mogo\u010de uporabljati, standardna varna mo\u010d e-cigaret za enkratno uporabo pa je 5V 1A.<\/p>\n<p>Vsak \u010das polnjenja ne sme prese\u010di 1 ure, varen \u010das polnjenja pa je pol ure.<\/p>\n<p><span style=\"color: #ff6600\">Opomba: ne polnite celo no\u010d!<\/span><\/p>\n<h4>3. Kolik\u0161na je prostornina e-teko\u010dine Crystal 600 vdihov VEJP?<\/h4>\n<p>\u2014\u20142 ml<\/p>\n<h4>4. Koliko vdihov lahko vzamem s tem Crystal 600 vdihov?<\/h4>\n<p>\u2014\u2014600 vdihov<\/p>\n<h3><strong><span style=\"vertical-align: inherit\">Specifikacija za SKI Crystal 600 Puffs Vape napravo:<\/span><br \/>\n<\/strong><\/h3>\n<p>Baterija: 50mAh (tip C)<br \/>\nProstornina: 2ml<br \/>\nTuljava: 0,8 ohm mre\u017ena<br \/>\nPribli\u017eno \u0161tevilo vdihov: 600<br \/>\nPlus jakost nikotina: 2%, 5%<br \/>\nMOQ: 100 KOS<\/p>\n<h3><strong>Veleprodaja okusov za Vape Crystal 600 Puffs:<\/strong><\/h3>\n<p>1. Mentol s \u010drnim ribezom<br \/>\n2. Borovnica malina<br \/>\n3. Coca-cola limeta<br \/>\n4. Gazirana \u010de\u0161nja<br \/>\n5. Lubenica led<br \/>\n6. Grozdje jabolko Redbull<br \/>\n7. Gumijasti medvedek<br \/>\n8. Limona limeta<br \/>\n9. Kivi pasijonka guava<br \/>\n10. Nora modra<br \/>\n11. Pasijonka mango led<br \/>\n12. Redbull led<br \/>\n13. Sakura grozdje<br \/>\n14. Jagoda malina led<br \/>\n15. Lubeni\u010dni bonbon<br \/>\n16.Divje Jagode<br \/>\n17.Ro\u017enata Limonada<br \/>\n18.\u010ce\u0161njeva Kola<br \/>\n19.Ma\u010dke<br \/>\n20.Sladka Meta<\/p>\n<p><a href=\"https:\/\/vapebulkp.com\/sl\/product\/popular-randm-tornado-7000puffs-disposable-vape-best-price\/\"><span style=\"vertical-align: inherit\">RandM Tornado 7000 Pih <\/span><\/a><\/p>\n<p><span style=\"vertical-align: inherit\">Poi\u0161\u010dite ve\u010d izdelkov, ki bi vam bili morda v\u0161e\u010d:<\/span><em><a href=\"https:\/\/wa.me\/8618077105796\"><span style=\"vertical-align: inherit\">\u00a0Kupite zdaj<\/span><\/a><\/em><\/p>\n<p><span style=\"vertical-align: inherit\">Drugi 'puffs', ki bi vam bili morda v\u0161e\u010d:<\/span><a href=\"https:\/\/vapebulkp.com\/sl\/product\/bulk-buy-kulx-8800-puffs-disposable-vape-wholesale-germany\/\"><span style=\"vertical-align: inherit\">Kulx 8800 vdihov<\/span><\/a><span style=\"vertical-align: inherit\">\u3001<\/span><a href=\"https:\/\/sigvape.com\/product\/wholesale-randm-tornado-10000-plus\/\"><span style=\"vertical-align: inherit\">Bang King 12000 Vpihov<\/span><\/a><span style=\"vertical-align: inherit\">\/ <\/span><a href=\"https:\/\/vapebulkp.com\/sl\/product\/good-sale-randm-tornado-10000-puffs-plus\/\"><span style=\"vertical-align: inherit\">RandM Tornado 10000 Vlekov<\/span><\/a><span style=\"vertical-align: inherit\">\/ <\/span><a href=\"https:\/\/sigvape.com\/product\/netherlands-vape-pod-crystal-8000-puffs-wholesale-price\/\"><span style=\"vertical-align: inherit\">Crystal 8000 Vlekov<\/span><\/a><\/p>\n<p><span style=\"vertical-align: inherit\">E-cigareta posebne oblike steklenice:<\/span><a href=\"https:\/\/vapebulkp.com\/sl\/product\/wholesale-kulx-8000-puffs-disposable-vape\/\"><span style=\"vertical-align: inherit\">Oblika kole<\/span><\/a><span style=\"vertical-align: inherit\">\/ <\/span><a href=\"https:\/\/vapebulkp.com\/sl\/product\/popular-bang-king-10000-puffs-vape-good-price\/\"><span style=\"vertical-align: inherit\">RGB lu\u010di<\/span><\/a><span style=\"vertical-align: inherit\">\/<\/span><a href=\"https:\/\/sigvape.com\/product\/netherlands-vape-pod-crystal-8000-puffs-wholesale-price\/\"><span style=\"vertical-align: inherit\">\u010dude\u017eni kristal<\/span><\/a><\/p>\n<h4>Proizvodne kvalifikacije:<\/h4>\n<p><img decoding=\"async\" class=\"alignnone size-full wp-image-1841\" src=\"http:\/\/vapebulkp.com\/wp-content\/uploads\/2023\/11\/Vape-production-process-2.jpeg\" alt=\"Proces proizvodnje vape\" width=\"650\" height=\"434\" srcset=\"https:\/\/vapebulkp.com\/wp-content\/uploads\/2023\/11\/Vape-production-process-2.jpeg 650w, https:\/\/vapebulkp.com\/wp-content\/uploads\/2023\/11\/Vape-production-process-2-300x200.jpeg 300w, https:\/\/vapebulkp.com\/wp-content\/uploads\/2023\/11\/Vape-production-process-2-600x401.jpeg 600w\" sizes=\"(max-width: 650px) 100vw, 650px\" \/><\/p>\n<p><img decoding=\"async\" class=\"alignnone size-full wp-image-1843\" src=\"http:\/\/vapebulkp.com\/wp-content\/uploads\/2023\/11\/Vape-production-process.jpeg\" alt=\"Proces proizvodnje vape\" width=\"641\" height=\"1026\" srcset=\"https:\/\/vapebulkp.com\/wp-content\/uploads\/2023\/11\/Vape-production-process.jpeg 641w, https:\/\/vapebulkp.com\/wp-content\/uploads\/2023\/11\/Vape-production-process-187x300.jpeg 187w, https:\/\/vapebulkp.com\/wp-content\/uploads\/2023\/11\/Vape-production-process-640x1024.jpeg 640w, https:\/\/vapebulkp.com\/wp-content\/uploads\/2023\/11\/Vape-production-process-600x960.jpeg 600w\" sizes=\"(max-width: 641px) 100vw, 641px\" \/><\/p>\n<h4>Podrobnosti dostave:<\/h4>\n<p><span style=\"color: #ff6600\">\u010cas proizvodnje: 5\u201310 delovnih dni<\/span><br \/>\n<span style=\"color: #ff6600\">\u010cas dostave: 8\u201314 delovnih dni<\/span><\/p>\n<p>Vsi izdelki v na\u0161i trgovini so 100% originalni in avtenti\u010dni, zato je na\u0161a politika desetkratno nadomestilo za ponarejeno blago. Za dostavo blaga vam uporabljamo logisti\u010dne kanale, kot so UPS\/DHL\/FEDEX\/DPD.<\/p>\n<p>Za pakete, poslane v Slovenijo, obi\u010dajno traja 10 delovnih dni. Po\u0161iljanje v evropske dr\u017eave obi\u010dajno traja 12 do 15 delovnih dni. Logisti\u010dne informacije vam bomo sproti posodabljali.<\/p>\n<p>Pogosta vpra\u0161anja<br \/>\nV: Kolik\u0161na je minimalna koli\u010dina naro\u010dila za Crystal 600 Vlekov?<br \/>\nO: Najmanj\u0161e naro\u010dilo je 100 kosov.<br \/>\nV: Kak\u0161en je dobavni rok za naro\u010deno vape?<br \/>\nO: Obi\u010dajno je 10-15 dni po odpremi<br \/>\nV: Koliko zna\u0161ajo stro\u0161ki po\u0161iljanja? O: Stro\u0161ki po\u0161iljanja so odvisni od te\u017ee. Razli\u010dne koli\u010dine imajo razli\u010dne stro\u0161ke po\u0161iljanja, prosimo, kontaktirajte nas za potrditev stro\u0161kov po\u0161iljanja.<\/p>","protected":false},"excerpt":{"rendered":"<p>Zasnovana z mislijo na prenosljivost, je Crystal 600 kompaktna in ergonomska, udobno se prilega va\u0161i roki ali \u017eepu. Je va\u0161 idealen spremljevalec za uparjanje na poti, ki vam zagotavlja, da lahko u\u017eivate v svojih najljub\u0161ih okusih, kamor koli vas \u017eivljenje ponese. Poslovite se od zapletenosti tradicionalnega uparjanja. Crystal 600 ne zahteva polnjenja, ponovnega polnjenja ali zamenjave tuljav. Preprosto odpakirajte, vdihnite in u\u017eivajte v izjemni pari. Povzdignite svojo igro uparjanja na nove vi\u0161ine z e-cigareto za enkratno uporabo Crystal 600.<\/p>\n<p><img decoding=\"async\" class=\"alignnone size-medium wp-image-1455\" src=\"http:\/\/vapebulkp.com\/wp-content\/uploads\/2021\/08\/WhatsApp-300x279.jpg\" alt=\"\" width=\"300\" height=\"279\" srcset=\"https:\/\/vapebulkp.com\/wp-content\/uploads\/2021\/08\/WhatsApp-300x279.jpg 300w, https:\/\/vapebulkp.com\/wp-content\/uploads\/2021\/08\/WhatsApp-1024x951.jpg 1024w, https:\/\/vapebulkp.com\/wp-content\/uploads\/2021\/08\/WhatsApp-768x713.jpg 768w, https:\/\/vapebulkp.com\/wp-content\/uploads\/2021\/08\/WhatsApp-600x557.jpg 600w, https:\/\/vapebulkp.com\/wp-content\/uploads\/2021\/08\/WhatsApp.jpg 1080w\" sizes=\"(max-width: 300px) 100vw, 300px\" \/><\/p>\n<p>Za popust se obrnite na Mandyin WhatsApp<a href=\"https:\/\/wa.me\/8618077105796\">+8618077105796<\/a><\/p>\n<p><span style=\"color: #ff0000\">OPOMBA: Cene na na\u0161i spletni strani ne vklju\u010dujejo stro\u0161kov po\u0161iljanja.<\/span><\/p>","protected":false},"featured_media":1684,"comment_status":"open","ping_status":"closed","template":"","meta":{"_uag_custom_page_level_css":"","_lmt_disableupdate":"no","_lmt_disable":"","site-sidebar-layout":"default","site-content-layout":"content-boxed-container","ast-site-content-layout":"normal-width-container","site-content-style":"boxed","site-sidebar-style":"unboxed","ast-global-header-display":"","ast-banner-title-visibility":"","ast-main-header-display":"","ast-hfb-above-header-display":"","ast-hfb-below-header-display":"","ast-hfb-mobile-header-display":"","site-post-title":"","ast-breadcrumbs-content":"","ast-featured-img":"","footer-sml-layout":"","theme-transparent-header-meta":"default","adv-header-id-meta":"","stick-header-meta":"","header-above-stick-meta":"","header-main-stick-meta":"","header-below-stick-meta":"","astra-migrate-meta-layouts":"set","_joinchat":[]},"product_cat":[153,155,30,33,59,100,34,158,157,154,152,58,84,156,63,32],"product_tag":[35,36,37,74],"class_list":["post-233","product","type-product","status-publish","has-post-thumbnail","hentry","product_cat-hot-disposable-vapes","product_cat-belgium-hot-disposable-vapes","product_cat-crystal-600-vape","product_cat-france-vape-hot-sale","product_cat-germany-hot-disposable-vape","product_cat-germany-wholesale-vape-shop","product_cat-netherlands-vape-good-sale","product_cat-norway-hot-disposable-vapes","product_cat-poland-hot-disposable-vapes","product_cat-portugal-hot-disposable-vapes","product_cat-spain-hot-disposable-vapes","product_cat-sweden-hot-disposable-vape","product_cat-sweden-wholesale-vape","product_cat-switzerland-hot-disposable-vapes","product_cat-top-sale-disposable-vape","product_cat-vape-hot-sale-this-week","product_tag-600puffs","product_tag-good-vape","product_tag-hot-sale-disposable-vape","product_tag-randm-vape","desktop-align-left","tablet-align-left","mobile-align-left"],"yoast_head":"<!-- This site is optimized with the Yoast SEO plugin v21.1 - https:\/\/yoast.com\/wordpress\/plugins\/seo\/ -->\n<title>Wholesale Price Disposable Vape Crystal 600 Puffs - vapebulkp.com<\/title>\n<meta name=\"description\" content=\"Enjoy smooth, convenient vaping with the 600 Puffs Disposable Vape, featuring rich flavors and a portable, ready-to-use design for European vapers.\" \/>\n<meta name=\"robots\" content=\"index, follow, max-snippet:-1, max-image-preview:large, max-video-preview:-1\" \/>\n<link rel=\"canonical\" href=\"https:\/\/vapebulkp.com\/sl\/product\/disposable-vape-crystal-600-puffs\/\" \/>\n<meta property=\"og:locale\" content=\"sl_SI\" \/>\n<meta property=\"og:type\" content=\"article\" \/>\n<meta property=\"og:title\" content=\"Wholesale Price Disposable Vape Crystal 600 Puffs - vapebulkp.com\" \/>\n<meta property=\"og:description\" content=\"Enjoy smooth, convenient vaping with the 600 Puffs Disposable Vape, featuring rich flavors and a portable, ready-to-use design for European vapers.\" \/>\n<meta property=\"og:url\" content=\"https:\/\/vapebulkp.com\/sl\/product\/disposable-vape-crystal-600-puffs\/\" \/>\n<meta property=\"og:site_name\" content=\"vapebulkp.com\" \/>\n<meta property=\"article:modified_time\" content=\"2025-09-01T08:39:43+00:00\" \/>\n<meta property=\"og:image\" content=\"http:\/\/vapebulkp.com\/wp-content\/uploads\/2021\/08\/Crystal-600-Manufacturers.png\" \/>\n\t<meta property=\"og:image:width\" content=\"500\" \/>\n\t<meta property=\"og:image:height\" content=\"500\" \/>\n\t<meta property=\"og:image:type\" content=\"image\/png\" \/>\n<meta name=\"twitter:card\" content=\"summary_large_image\" \/>\n<meta name=\"twitter:label1\" content=\"Est. reading time\" \/>\n\t<meta name=\"twitter:data1\" content=\"4 minute\" \/>\n<script type=\"application\/ld+json\" class=\"yoast-schema-graph\">{\"@context\":\"https:\/\/schema.org\",\"@graph\":[{\"@type\":\"WebPage\",\"@id\":\"https:\/\/vapebulkp.com\/product\/disposable-vape-crystal-600-puffs\/\",\"url\":\"https:\/\/vapebulkp.com\/product\/disposable-vape-crystal-600-puffs\/\",\"name\":\"Wholesale Price Disposable Vape Crystal 600 Puffs - vapebulkp.com\",\"isPartOf\":{\"@id\":\"https:\/\/vapebulkp.com\/#website\"},\"datePublished\":\"2021-08-18T01:20:53+00:00\",\"dateModified\":\"2025-09-01T08:39:43+00:00\",\"description\":\"Enjoy smooth, convenient vaping with the 600 Puffs Disposable Vape, featuring rich flavors and a portable, ready-to-use design for European vapers.\",\"breadcrumb\":{\"@id\":\"https:\/\/vapebulkp.com\/product\/disposable-vape-crystal-600-puffs\/#breadcrumb\"},\"inLanguage\":\"sl-SI\",\"potentialAction\":[{\"@type\":\"ReadAction\",\"target\":[\"https:\/\/vapebulkp.com\/product\/disposable-vape-crystal-600-puffs\/\"]}]},{\"@type\":\"BreadcrumbList\",\"@id\":\"https:\/\/vapebulkp.com\/product\/disposable-vape-crystal-600-puffs\/#breadcrumb\",\"itemListElement\":[{\"@type\":\"ListItem\",\"position\":1,\"name\":\"Home\",\"item\":\"https:\/\/vapebulkp.com\/\"},{\"@type\":\"ListItem\",\"position\":2,\"name\":\"Hot Trend Vapes\",\"item\":\"https:\/\/vapebulkp.com\/vape-shop\/\"},{\"@type\":\"ListItem\",\"position\":3,\"name\":\"Wholesale Price Disposable Vape Crystal 600 Puffs\"}]},{\"@type\":\"WebSite\",\"@id\":\"https:\/\/vapebulkp.com\/#website\",\"url\":\"https:\/\/vapebulkp.com\/\",\"name\":\"vapebulkp.com\",\"description\":\"Buy Vape In Cheap Bulk Price Near you\",\"publisher\":{\"@id\":\"https:\/\/vapebulkp.com\/#organization\"},\"potentialAction\":[{\"@type\":\"SearchAction\",\"target\":{\"@type\":\"EntryPoint\",\"urlTemplate\":\"https:\/\/vapebulkp.com\/?s={search_term_string}\"},\"query-input\":\"required name=search_term_string\"}],\"inLanguage\":\"sl-SI\"},{\"@type\":\"Organization\",\"@id\":\"https:\/\/vapebulkp.com\/#organization\",\"name\":\"vapebulkp.com\",\"url\":\"https:\/\/vapebulkp.com\/\",\"logo\":{\"@type\":\"ImageObject\",\"inLanguage\":\"sl-SI\",\"@id\":\"https:\/\/vapebulkp.com\/#\/schema\/logo\/image\/\",\"url\":\"https:\/\/vapebulkp.com\/wp-content\/uploads\/2023\/09\/cropped-vapebulkp.png\",\"contentUrl\":\"https:\/\/vapebulkp.com\/wp-content\/uploads\/2023\/09\/cropped-vapebulkp.png\",\"width\":516,\"height\":163,\"caption\":\"vapebulkp.com\"},\"image\":{\"@id\":\"https:\/\/vapebulkp.com\/#\/schema\/logo\/image\/\"}}]}<\/script>\n<!-- \/ Yoast SEO plugin. -->","yoast_head_json":{"title":"Wholesale Price Disposable Vape Crystal 600 Puffs - vapebulkp.com","description":"Enjoy smooth, convenient vaping with the 600 Puffs Disposable Vape, featuring rich flavors and a portable, ready-to-use design for European vapers.","robots":{"index":"index","follow":"follow","max-snippet":"max-snippet:-1","max-image-preview":"max-image-preview:large","max-video-preview":"max-video-preview:-1"},"canonical":"https:\/\/vapebulkp.com\/sl\/product\/disposable-vape-crystal-600-puffs\/","og_locale":"sl_SI","og_type":"article","og_title":"Wholesale Price Disposable Vape Crystal 600 Puffs - vapebulkp.com","og_description":"Enjoy smooth, convenient vaping with the 600 Puffs Disposable Vape, featuring rich flavors and a portable, ready-to-use design for European vapers.","og_url":"https:\/\/vapebulkp.com\/sl\/product\/disposable-vape-crystal-600-puffs\/","og_site_name":"vapebulkp.com","article_modified_time":"2025-09-01T08:39:43+00:00","og_image":[{"width":500,"height":500,"url":"http:\/\/vapebulkp.com\/wp-content\/uploads\/2021\/08\/Crystal-600-Manufacturers.png","type":"image\/png"}],"twitter_card":"summary_large_image","twitter_misc":{"Est. reading time":"4 minute"},"schema":{"@context":"https:\/\/schema.org","@graph":[{"@type":"WebPage","@id":"https:\/\/vapebulkp.com\/product\/disposable-vape-crystal-600-puffs\/","url":"https:\/\/vapebulkp.com\/product\/disposable-vape-crystal-600-puffs\/","name":"Wholesale Price Disposable Vape Crystal 600 Puffs - vapebulkp.com","isPartOf":{"@id":"https:\/\/vapebulkp.com\/#website"},"datePublished":"2021-08-18T01:20:53+00:00","dateModified":"2025-09-01T08:39:43+00:00","description":"Enjoy smooth, convenient vaping with the 600 Puffs Disposable Vape, featuring rich flavors and a portable, ready-to-use design for European vapers.","breadcrumb":{"@id":"https:\/\/vapebulkp.com\/product\/disposable-vape-crystal-600-puffs\/#breadcrumb"},"inLanguage":"sl-SI","potentialAction":[{"@type":"ReadAction","target":["https:\/\/vapebulkp.com\/product\/disposable-vape-crystal-600-puffs\/"]}]},{"@type":"BreadcrumbList","@id":"https:\/\/vapebulkp.com\/product\/disposable-vape-crystal-600-puffs\/#breadcrumb","itemListElement":[{"@type":"ListItem","position":1,"name":"Home","item":"https:\/\/vapebulkp.com\/"},{"@type":"ListItem","position":2,"name":"Hot Trend Vapes","item":"https:\/\/vapebulkp.com\/vape-shop\/"},{"@type":"ListItem","position":3,"name":"Wholesale Price Disposable Vape Crystal 600 Puffs"}]},{"@type":"WebSite","@id":"https:\/\/vapebulkp.com\/#website","url":"https:\/\/vapebulkp.com\/","name":"vapebulkp.com","description":"Buy Vape In Cheap Bulk Price Near you","publisher":{"@id":"https:\/\/vapebulkp.com\/#organization"},"potentialAction":[{"@type":"SearchAction","target":{"@type":"EntryPoint","urlTemplate":"https:\/\/vapebulkp.com\/?s={search_term_string}"},"query-input":"required name=search_term_string"}],"inLanguage":"sl-SI"},{"@type":"Organization","@id":"https:\/\/vapebulkp.com\/#organization","name":"vapebulkp.com","url":"https:\/\/vapebulkp.com\/","logo":{"@type":"ImageObject","inLanguage":"sl-SI","@id":"https:\/\/vapebulkp.com\/#\/schema\/logo\/image\/","url":"https:\/\/vapebulkp.com\/wp-content\/uploads\/2023\/09\/cropped-vapebulkp.png","contentUrl":"https:\/\/vapebulkp.com\/wp-content\/uploads\/2023\/09\/cropped-vapebulkp.png","width":516,"height":163,"caption":"vapebulkp.com"},"image":{"@id":"https:\/\/vapebulkp.com\/#\/schema\/logo\/image\/"}}]}},"uagb_featured_image_src":{"full":["https:\/\/vapebulkp.com\/wp-content\/uploads\/2021\/08\/Crystal-600-Manufacturers.png",500,500,false],"thumbnail":["https:\/\/vapebulkp.com\/wp-content\/uploads\/2021\/08\/Crystal-600-Manufacturers-150x150.png",150,150,true],"medium":["https:\/\/vapebulkp.com\/wp-content\/uploads\/2021\/08\/Crystal-600-Manufacturers-300x300.png",300,300,true],"medium_large":["https:\/\/vapebulkp.com\/wp-content\/uploads\/2021\/08\/Crystal-600-Manufacturers.png",500,500,false],"large":["https:\/\/vapebulkp.com\/wp-content\/uploads\/2021\/08\/Crystal-600-Manufacturers.png",500,500,false],"1536x1536":["https:\/\/vapebulkp.com\/wp-content\/uploads\/2021\/08\/Crystal-600-Manufacturers.png",500,500,false],"2048x2048":["https:\/\/vapebulkp.com\/wp-content\/uploads\/2021\/08\/Crystal-600-Manufacturers.png",500,500,false],"trp-custom-language-flag":["https:\/\/vapebulkp.com\/wp-content\/uploads\/2021\/08\/Crystal-600-Manufacturers.png",12,12,false],"woocommerce_thumbnail":["https:\/\/vapebulkp.com\/wp-content\/uploads\/2021\/08\/Crystal-600-Manufacturers-300x300.png",300,300,true],"woocommerce_single":["https:\/\/vapebulkp.com\/wp-content\/uploads\/2021\/08\/Crystal-600-Manufacturers.png",500,500,false],"woocommerce_gallery_thumbnail":["https:\/\/vapebulkp.com\/wp-content\/uploads\/2021\/08\/Crystal-600-Manufacturers-100x100.png",100,100,true],"wcpr-photo-reviews":["https:\/\/vapebulkp.com\/wp-content\/uploads\/2021\/08\/Crystal-600-Manufacturers.png",500,500,false]},"uagb_author_info":{"display_name":"vapebulkp.com","author_link":"https:\/\/vapebulkp.com\/sl\/author\/"},"uagb_comment_info":1,"uagb_excerpt":"Designed with portability in mind, the Crystal 600 is compact and ergonomic, fitting comfortably in your hand or pocket. It's your ideal companion for vaping on the go, ensuring you can enjoy your favorite flavors wherever life takes you.Bid farewell to the complexities of traditional vaping. The Crystal 600 requires no charging, refilling, or coil&hellip;","_links":{"self":[{"href":"https:\/\/vapebulkp.com\/sl\/wp-json\/wp\/v2\/product\/233","targetHints":{"allow":["GET"]}}],"collection":[{"href":"https:\/\/vapebulkp.com\/sl\/wp-json\/wp\/v2\/product"}],"about":[{"href":"https:\/\/vapebulkp.com\/sl\/wp-json\/wp\/v2\/types\/product"}],"replies":[{"embeddable":true,"href":"https:\/\/vapebulkp.com\/sl\/wp-json\/wp\/v2\/comments?post=233"}],"wp:featuredmedia":[{"embeddable":true,"href":"https:\/\/vapebulkp.com\/sl\/wp-json\/wp\/v2\/media\/1684"}],"wp:attachment":[{"href":"https:\/\/vapebulkp.com\/sl\/wp-json\/wp\/v2\/media?parent=233"}],"wp:term":[{"taxonomy":"product_cat","embeddable":true,"href":"https:\/\/vapebulkp.com\/sl\/wp-json\/wp\/v2\/product_cat?post=233"},{"taxonomy":"product_tag","embeddable":true,"href":"https:\/\/vapebulkp.com\/sl\/wp-json\/wp\/v2\/product_tag?post=233"}],"curies":[{"name":"wp","href":"https:\/\/api.w.org\/{rel}","templated":true}]}}