{"id":2399,"date":"2024-04-28T11:43:52","date_gmt":"2024-04-28T09:43:52","guid":{"rendered":"https:\/\/vapebulkp.com\/?post_type=product&#038;p=2399"},"modified":"2025-09-02T05:11:26","modified_gmt":"2025-09-02T03:11:26","slug":"discount-price-cloud-bar-tn-15000-disposable-vape-raz-bar","status":"publish","type":"product","link":"https:\/\/vapebulkp.com\/sl\/product\/discount-price-cloud-bar-tn-15000-disposable-vape-raz-bar\/","title":{"rendered":"Cena zni\u017eana Cloud Bar TN 15000 Puffs Disposable Vape RAZ BAR"},"content":{"rendered":"<h2>Cena zni\u017eana Cloud Bar TN 15000 Puffs Disposable Vape RAZ BAR<\/h2>\n<p data-start=\"379\" data-end=\"689\">The <strong data-start=\"383\" data-end=\"435\">Cloud Bar TN 15000 Puffs Vape za enkratno uporabo RAZ BAR<\/strong> je <strong data-start=\"441\" data-end=\"470\">e-cigareta z visoko zmogljivostjo<\/strong> zasnovan za dolgotrajno delovanje in bogat okus. Z 23-mililitrskim rezervoarjem za e-teko\u010dino in 650 mAh baterijo za ponovno polnjenje je <strong data-start=\"592\" data-end=\"624\">za polnljiva jednokratna vape<\/strong> zasnovan za zagotavljanje doslednega zadovoljstva pri vsaki uporabi.<\/p>\n<p data-start=\"691\" data-end=\"943\">Opremljen z <strong data-start=\"705\" data-end=\"734\">vape za enkratno uporabo z mre\u017easto tuljavo<\/strong> tehnologijo, proizvaja gladko paro in \u010dist okus, hkrati pa pove\u010duje intenzivnost vsakega vdiha. Digitalni zaslon spremlja raven e-teko\u010dine in baterije, kar uporabnikom omogo\u010da popoln nadzor brez prekinitev.<\/p>\n<p data-start=\"945\" data-end=\"1198\">Napolnjen s <strong data-start=\"961\" data-end=\"983\">nicotinska solna vape<\/strong> mo\u017enosti, ustreza razli\u010dnim \u017eeljam, ne glede na to, ali \u017eelite mo\u010dan udarec v grlo ali bolj gladko vle\u010denje. Na voljo v ve\u010d <strong data-start=\"1108\" data-end=\"1132\">okusov vrhunski vape<\/strong>, je vsestranska izbira za vsakodnevno uporabo in dru\u017eabne prilo\u017enosti.<\/p>\n<p data-start=\"1200\" data-end=\"1407\">Popolno za <strong data-start=\"1212\" data-end=\"1237\">trgovina na debelo vape Evropa<\/strong>, <strong data-start=\"1243\" data-end=\"1287\">Obla\u010dni bar TN <a href=\"https:\/\/vapebulkp.com\/sl\/product-category\/15000-puffs-disposable-vape\/\">15000 vdihov e-cigareta za enkratno uporabo<\/a><\/strong> zdru\u017euje stil, udobje in zmogljivost, zaradi \u010desar je zanesljiva mo\u017enost za trgovce na drobno in kupce v velikem obsegu po vsej EU.<\/p>\n<h6 style=\"text-align: left\"><img decoding=\"async\" class=\"alignnone wp-image-2335\" src=\"http:\/\/vapebulkp.com\/wp-content\/uploads\/2024\/04\/Wholesale-Price-Cloud-TN-15000Puffs-Good-Vape-scaled.jpg\" alt=\"Veleprodajna cena Cloud TN 15000Puffs dobra vape naprava\" width=\"848\" height=\"1129\" srcset=\"https:\/\/vapebulkp.com\/wp-content\/uploads\/2024\/04\/Wholesale-Price-Cloud-TN-15000Puffs-Good-Vape-scaled.jpg 1922w, https:\/\/vapebulkp.com\/wp-content\/uploads\/2024\/04\/Wholesale-Price-Cloud-TN-15000Puffs-Good-Vape-225x300.jpg 225w, https:\/\/vapebulkp.com\/wp-content\/uploads\/2024\/04\/Wholesale-Price-Cloud-TN-15000Puffs-Good-Vape-769x1024.jpg 769w, https:\/\/vapebulkp.com\/wp-content\/uploads\/2024\/04\/Wholesale-Price-Cloud-TN-15000Puffs-Good-Vape-768x1023.jpg 768w, https:\/\/vapebulkp.com\/wp-content\/uploads\/2024\/04\/Wholesale-Price-Cloud-TN-15000Puffs-Good-Vape-1153x1536.jpg 1153w, https:\/\/vapebulkp.com\/wp-content\/uploads\/2024\/04\/Wholesale-Price-Cloud-TN-15000Puffs-Good-Vape-1538x2048.jpg 1538w, https:\/\/vapebulkp.com\/wp-content\/uploads\/2024\/04\/Wholesale-Price-Cloud-TN-15000Puffs-Good-Vape-600x799.jpg 600w\" sizes=\"(max-width: 848px) 100vw, 848px\" \/><\/h6>\n<p>&nbsp;<\/p>\n<h6>Za popust se obrnite na Mandyin WhatsApp<a href=\"https:\/\/wa.me\/8618077105796\">+8618077105796<\/a><\/h6>\n<p><img decoding=\"async\" class=\"alignnone wp-image-2151\" src=\"http:\/\/vapebulkp.com\/wp-content\/uploads\/2024\/04\/Mandy-WhatsApp-Randm.jpg\" alt=\"Mandy WhatsApp Randm\" width=\"287\" height=\"305\" srcset=\"https:\/\/vapebulkp.com\/wp-content\/uploads\/2024\/04\/Mandy-WhatsApp-Randm.jpg 916w, https:\/\/vapebulkp.com\/wp-content\/uploads\/2024\/04\/Mandy-WhatsApp-Randm-282x300.jpg 282w, https:\/\/vapebulkp.com\/wp-content\/uploads\/2024\/04\/Mandy-WhatsApp-Randm-768x817.jpg 768w, https:\/\/vapebulkp.com\/wp-content\/uploads\/2024\/04\/Mandy-WhatsApp-Randm-600x638.jpg 600w\" sizes=\"(max-width: 287px) 100vw, 287px\" \/><\/p>\n<div class=\"faqs-answer\"><\/div>\n<h2><strong><span style=\"vertical-align: inherit\">Veleprodaja Vape Cloud bar TN 15k Puffs GEEK BAR specifikacija:<\/span><br \/>\n<\/strong><\/h2>\n<p>Model: Cloud Bar TN 15k vdihljajev<br \/>\nVdihljaji: 15000 vdihljajev<br \/>\nKapaciteta baterije: 650mAh<br \/>\nProstornina e-teko\u010dine: 23ml<br \/>\nVsebnost nikotina: 2%\/\/5% nikotinska sol<br \/>\nPakiranje: 10 kosov v 1 izlo\u017ebeni \u0161katli<br \/>\nNajmanj\u0161a koli\u010dina naro\u010dila (MOQ): 50 kosov<\/p>\n<p>&nbsp;<\/p>\n<h2><strong>GEEK BAR Cloud Bar TN 15k Vdihljajev Izbor okusov Vape:<\/strong><\/h2>\n<p>1. Borovnica Malina<br \/>\n2. Gospod Modri<br \/>\n3. Jagodna lubenica<br \/>\n4. Breskev Mango Ananas<br \/>\n5. Lush Ice (ledena lubenica)<br \/>\n6. Me\u0161ano jagodi\u010dje<br \/>\n7. Ledena jagoda<br \/>\n8. Modri malinov led<br \/>\n9. Ledeni \u010drni zmaj<br \/>\n10. Breskov led<br \/>\n11. \u010ce\u0161nja<br \/>\n12. Ledena jagodna malina s \u010de\u0161njo<\/p>\n<p><a href=\"https:\/\/vapebulkp.com\/sl\/product\/good-sale-bang-de-8500puffs-wholesale-price\/\"><span style=\"vertical-align: inherit\">Dobra prodaja Vape Bang SI 8500 Vpihov<\/span><\/a><\/p>\n<p><span style=\"vertical-align: inherit\">Poi\u0161\u010dite ve\u010d izdelkov, ki bi vam bili morda v\u0161e\u010d:<\/span><em><a href=\"https:\/\/wa.me\/8618077105796\"><span style=\"vertical-align: inherit\">\u00a0Kupite zdaj<\/span><\/a><\/em><\/p>\n<p><span style=\"vertical-align: inherit\">Drugi 'puffs', ki bi vam bili morda v\u0161e\u010d:<\/span><a href=\"https:\/\/vapebulkp.com\/sl\/product\/bulk-buy-kulx-8800-puffs-disposable-vape-wholesale-germany\/\"><span style=\"vertical-align: inherit\">Kulx 8800 vdihov<\/span><\/a><span style=\"vertical-align: inherit\">\u3001<\/span><a href=\"https:\/\/vapebulkp.com\/sl\/product\/good-sale-randm-tornado-10000-puffs-plus\/\"><span style=\"vertical-align: inherit\">Randm 10000 Pih<\/span><\/a><span style=\"vertical-align: inherit\">\/ <\/span><a href=\"https:\/\/vapebulkp.com\/sl\/product\/popular-kulx-10000puffs-disposable-vape-good-price\/\"><span style=\"vertical-align: inherit\">Kulx 10000 vpihov<\/span><\/a><span style=\"vertical-align: inherit\">\/ <\/span><a href=\"https:\/\/vapebulkp.com\/sl\/product\/popular-randm-tornado-7000puffs-disposable-vape-best-price\/\"><span style=\"vertical-align: inherit\">RandM Tornado 7000 Pih<\/span><\/a><\/p>\n<p><span style=\"vertical-align: inherit\">E-cigareta posebne oblike steklenice:<\/span><a href=\"https:\/\/vapebulkp.com\/sl\/product\/bang-box-12000puffs-good-vape-sweden-wholesale-price\/\"><span style=\"vertical-align: inherit\">Bang Box 12000 Pih <\/span><\/a><span style=\"vertical-align: inherit\">\/ <\/span><a href=\"https:\/\/vapebulkp.com\/sl\/product\/wholesale-tornado-rum-bar-9000-puffs-sweden\/\"><span style=\"vertical-align: inherit\">Rumbar 9000Vdihov<\/span><\/a><span style=\"vertical-align: inherit\">\/<\/span><a href=\"https:\/\/vapebulkp.com\/sl\/product\/top-sale-waspe-12000puffs-disposable-vape-wholesale-france\/\"><span style=\"vertical-align: inherit\">WASPE 12000 Pih<\/span><\/a><\/p>\n<h3>Proizvodne kvalifikacije:<\/h3>\n<p><img decoding=\"async\" class=\"alignnone size-full wp-image-1841\" src=\"http:\/\/vapebulkp.com\/wp-content\/uploads\/2023\/11\/Vape-production-process-2.jpeg\" alt=\"Proces proizvodnje vape\" width=\"650\" height=\"434\" srcset=\"https:\/\/vapebulkp.com\/wp-content\/uploads\/2023\/11\/Vape-production-process-2.jpeg 650w, https:\/\/vapebulkp.com\/wp-content\/uploads\/2023\/11\/Vape-production-process-2-300x200.jpeg 300w, https:\/\/vapebulkp.com\/wp-content\/uploads\/2023\/11\/Vape-production-process-2-600x401.jpeg 600w\" sizes=\"(max-width: 650px) 100vw, 650px\" \/><\/p>\n<p><img decoding=\"async\" class=\"alignnone size-full wp-image-1843\" src=\"http:\/\/vapebulkp.com\/wp-content\/uploads\/2023\/11\/Vape-production-process.jpeg\" alt=\"Proces proizvodnje vape\" width=\"641\" height=\"1026\" srcset=\"https:\/\/vapebulkp.com\/wp-content\/uploads\/2023\/11\/Vape-production-process.jpeg 641w, https:\/\/vapebulkp.com\/wp-content\/uploads\/2023\/11\/Vape-production-process-187x300.jpeg 187w, https:\/\/vapebulkp.com\/wp-content\/uploads\/2023\/11\/Vape-production-process-640x1024.jpeg 640w, https:\/\/vapebulkp.com\/wp-content\/uploads\/2023\/11\/Vape-production-process-600x960.jpeg 600w\" sizes=\"(max-width: 641px) 100vw, 641px\" \/><\/p>\n<h4>Pogosta vpra\u0161anja:<\/h4>\n<h4>1. Ali lahko sam napolnim e-teko\u010dino za Cloud bar TN 15k Puffs?<\/h4>\n<p>Ne, komplet za enkratno uporabo e-cigarete Cloud bar TN 15k Puffs je namenjen samo za enkratno uporabo in ga ni mogo\u010de ponovno napolniti. Je predhodno napolnjen z vrhunskimi okusi e-teko\u010din, kar zagotavlja enostavno in dosledno izku\u0161njo kajenja. Ko je e-teko\u010dina porabljena, morate napravo le odgovorno zavre\u010di.<\/p>\n<h4>2. Ali lahko na letalo prinesem Cloud bar TN 15k Puffs v gros e-cigareto za enkratno uporabo?<\/h4>\n<p>Komplet Cloud bar TN 15000 Puffs Disposable Vape Kit je kompakten in primeren za potovanja, vendar je vredno preveriti predpise letalske dru\u017ebe, preden ga vzamete na letalo. Nekatere letalske dru\u017ebe imajo posebne predpise glede prevoza naprav za vejpanje, zato je najbolje, da se vnaprej pozanimate, da se izognete nev\u0161e\u010dnostim med potovanjem.<\/p>\n<h4>3. Kaj naj storim z rabljenim kompletom za enkratno uporabo e-cigarete Cloud bar vape 15K RAZ BAR?<\/h4>\n<p>Za odgovorno odstranjevanje rabljenega kompleta za enkratno uporabo e-cigarete Cloud bar tornado 15k puffs morate preveriti lokalne predpise o e-odpadkih ali e-recikliranju. \u0160tevilne trgovine z vejp napravami in centri za recikliranje sprejemajo rabljene naprave, da se zagotovi njihovo varno in odgovorno odstranjevanje.<\/p>\n<h4>Podrobnosti dostave:<\/h4>\n<p><span style=\"color: #ff6600\">\u010cas proizvodnje: 5\u201310 delovnih dni<\/span><br \/>\n<span style=\"color: #ff6600\">\u010cas dostave: 8\u201314 delovnih dni<\/span><\/p>\n<p>Vsi izdelki v na\u0161i trgovini so 100% originalni in avtenti\u010dni, zato je na\u0161a politika desetkratno nadomestilo za ponarejeno blago. Za dostavo blaga vam uporabljamo logisti\u010dne kanale, kot so UPS\/DHL\/FEDEX\/DPD.<\/p>\n<p>Za pakete, poslane v Slovenijo, obi\u010dajno traja 10 delovnih dni. Po\u0161iljanje v evropske dr\u017eave obi\u010dajno traja 12 do 15 delovnih dni. Logisti\u010dne informacije vam bomo sproti posodabljali.<\/p>","protected":false},"excerpt":{"rendered":"<p>Veleprodajna cena Cloud Bar RAZ BAR 15k Puffs<\/p>\n<p>Cloud Bar TN 15000 vdihljajev Najbolj\u0161a prodaja Slovenija<\/p>\n<p>Cloud Bar GEEK BAR 15K vdihljajev Vape za enkratno uporabo Vro\u010da prodaja ta teden<\/p>\n<p><img decoding=\"async\" class=\"alignnone wp-image-2151\" src=\"http:\/\/vapebulkp.com\/wp-content\/uploads\/2024\/04\/Mandy-WhatsApp-Randm.jpg\" alt=\"Mandy WhatsApp Randm\" width=\"269\" height=\"286\" srcset=\"https:\/\/vapebulkp.com\/wp-content\/uploads\/2024\/04\/Mandy-WhatsApp-Randm.jpg 916w, https:\/\/vapebulkp.com\/wp-content\/uploads\/2024\/04\/Mandy-WhatsApp-Randm-282x300.jpg 282w, https:\/\/vapebulkp.com\/wp-content\/uploads\/2024\/04\/Mandy-WhatsApp-Randm-768x817.jpg 768w, https:\/\/vapebulkp.com\/wp-content\/uploads\/2024\/04\/Mandy-WhatsApp-Randm-600x638.jpg 600w\" sizes=\"(max-width: 269px) 100vw, 269px\" \/><\/p>\n<p>Za popust se obrnite na Mandyin WhatsApp<a href=\"https:\/\/wa.me\/8618077105796\">+8618077105796<\/a><\/p>\n<p><span style=\"color: #ff0000\">OPOMBA: Cene na na\u0161i spletni strani ne vklju\u010dujejo stro\u0161kov po\u0161iljanja.<\/span><\/p>\n<p>Glavni razlog za nakup<br \/>\n1. Odli\u010dna kakovost in neprimerljiva zmogljivost.<\/p>\n<p>2. Konkuren\u010dna cena in hitra vrednost.<\/p>\n<p>3. Ve\u010d mo\u017enosti in pravo\u010dasna dostava.<\/p>\n<p>4. Zadovoljujo\u010da nakupovalna izku\u0161nja.<\/p>","protected":false},"featured_media":2334,"comment_status":"open","ping_status":"closed","template":"","meta":{"_uag_custom_page_level_css":"","_lmt_disableupdate":"no","_lmt_disable":"","site-sidebar-layout":"default","site-content-layout":"content-boxed-container","ast-site-content-layout":"normal-width-container","site-content-style":"boxed","site-sidebar-style":"unboxed","ast-global-header-display":"","ast-banner-title-visibility":"","ast-main-header-display":"","ast-hfb-above-header-display":"","ast-hfb-below-header-display":"","ast-hfb-mobile-header-display":"","site-post-title":"","ast-breadcrumbs-content":"","ast-featured-img":"","footer-sml-layout":"","theme-transparent-header-meta":"default","adv-header-id-meta":"","stick-header-meta":"","header-above-stick-meta":"","header-main-stick-meta":"","header-below-stick-meta":"","astra-migrate-meta-layouts":"set","_joinchat":[]},"product_cat":[165,153,155,33,59,100,87,34,158,157,154,152,58,84,156,63,32],"product_tag":[122,123,36,37,41,75,40],"class_list":["post-2399","product","type-product","status-publish","has-post-thumbnail","hentry","product_cat-15000-puffs-disposable-vape","product_cat-hot-disposable-vapes","product_cat-belgium-hot-disposable-vapes","product_cat-france-vape-hot-sale","product_cat-germany-hot-disposable-vape","product_cat-germany-wholesale-vape-shop","product_cat-minimum-order-quantity-50pcs","product_cat-netherlands-vape-good-sale","product_cat-norway-hot-disposable-vapes","product_cat-poland-hot-disposable-vapes","product_cat-portugal-hot-disposable-vapes","product_cat-spain-hot-disposable-vapes","product_cat-sweden-hot-disposable-vape","product_cat-sweden-wholesale-vape","product_cat-switzerland-hot-disposable-vapes","product_cat-top-sale-disposable-vape","product_cat-vape-hot-sale-this-week","product_tag-15000puffs","product_tag-cloud-bar-tn-15000-disposable-vape-raz-bar","product_tag-good-vape","product_tag-hot-sale-disposable-vape","product_tag-poland-hot-vape","product_tag-randm-vape-9000-puffs","product_tag-sweden-hot-vape","desktop-align-left","tablet-align-left","mobile-align-left"],"yoast_head":"<!-- This site is optimized with the Yoast SEO plugin v21.1 - https:\/\/yoast.com\/wordpress\/plugins\/seo\/ -->\n<title>Discount Price Cloud Bar TN 15000 Puffs Disposable Vape RAZ BAR - vapebulkp.com<\/title>\n<meta name=\"description\" content=\"Discount Price Cloud Bar TN 15000 Disposable Vape RAZ BAR with an unprecedented 23ml e-juice reservoir and a robust 650mAh battery, this intelligent device redefines convenience and performance.\" \/>\n<meta name=\"robots\" content=\"index, follow, max-snippet:-1, max-image-preview:large, max-video-preview:-1\" \/>\n<link rel=\"canonical\" href=\"https:\/\/vapebulkp.com\/sl\/product\/discount-price-cloud-bar-tn-15000-disposable-vape-raz-bar\/\" \/>\n<meta property=\"og:locale\" content=\"sl_SI\" \/>\n<meta property=\"og:type\" content=\"article\" \/>\n<meta property=\"og:title\" content=\"Discount Price Cloud Bar TN 15000 Puffs Disposable Vape RAZ BAR - vapebulkp.com\" \/>\n<meta property=\"og:description\" content=\"Discount Price Cloud Bar TN 15000 Disposable Vape RAZ BAR with an unprecedented 23ml e-juice reservoir and a robust 650mAh battery, this intelligent device redefines convenience and performance.\" \/>\n<meta property=\"og:url\" content=\"https:\/\/vapebulkp.com\/sl\/product\/discount-price-cloud-bar-tn-15000-disposable-vape-raz-bar\/\" \/>\n<meta property=\"og:site_name\" content=\"vapebulkp.com\" \/>\n<meta property=\"article:modified_time\" content=\"2025-09-02T03:11:26+00:00\" \/>\n<meta property=\"og:image\" content=\"http:\/\/vapebulkp.com\/wp-content\/uploads\/2024\/04\/Good-Price-Cloud-TN-15k-Puffs-Good-Vape.png\" \/>\n\t<meta property=\"og:image:width\" content=\"800\" \/>\n\t<meta property=\"og:image:height\" content=\"800\" \/>\n\t<meta property=\"og:image:type\" content=\"image\/png\" \/>\n<meta name=\"twitter:card\" content=\"summary_large_image\" \/>\n<meta name=\"twitter:label1\" content=\"Est. reading time\" \/>\n\t<meta name=\"twitter:data1\" content=\"4 minute\" \/>\n<script type=\"application\/ld+json\" class=\"yoast-schema-graph\">{\"@context\":\"https:\/\/schema.org\",\"@graph\":[{\"@type\":\"WebPage\",\"@id\":\"https:\/\/vapebulkp.com\/product\/discount-price-cloud-bar-tn-15000-disposable-vape-raz-bar\/\",\"url\":\"https:\/\/vapebulkp.com\/product\/discount-price-cloud-bar-tn-15000-disposable-vape-raz-bar\/\",\"name\":\"Discount Price Cloud Bar TN 15000 Puffs Disposable Vape RAZ BAR - vapebulkp.com\",\"isPartOf\":{\"@id\":\"https:\/\/vapebulkp.com\/#website\"},\"datePublished\":\"2024-04-28T09:43:52+00:00\",\"dateModified\":\"2025-09-02T03:11:26+00:00\",\"description\":\"Discount Price Cloud Bar TN 15000 Disposable Vape RAZ BAR with an unprecedented 23ml e-juice reservoir and a robust 650mAh battery, this intelligent device redefines convenience and performance.\",\"breadcrumb\":{\"@id\":\"https:\/\/vapebulkp.com\/product\/discount-price-cloud-bar-tn-15000-disposable-vape-raz-bar\/#breadcrumb\"},\"inLanguage\":\"sl-SI\",\"potentialAction\":[{\"@type\":\"ReadAction\",\"target\":[\"https:\/\/vapebulkp.com\/product\/discount-price-cloud-bar-tn-15000-disposable-vape-raz-bar\/\"]}]},{\"@type\":\"BreadcrumbList\",\"@id\":\"https:\/\/vapebulkp.com\/product\/discount-price-cloud-bar-tn-15000-disposable-vape-raz-bar\/#breadcrumb\",\"itemListElement\":[{\"@type\":\"ListItem\",\"position\":1,\"name\":\"Home\",\"item\":\"https:\/\/vapebulkp.com\/\"},{\"@type\":\"ListItem\",\"position\":2,\"name\":\"Hot Trend Vapes\",\"item\":\"https:\/\/vapebulkp.com\/vape-shop\/\"},{\"@type\":\"ListItem\",\"position\":3,\"name\":\"Discount Price Cloud Bar TN 15000 Puffs Disposable Vape RAZ BAR\"}]},{\"@type\":\"WebSite\",\"@id\":\"https:\/\/vapebulkp.com\/#website\",\"url\":\"https:\/\/vapebulkp.com\/\",\"name\":\"vapebulkp.com\",\"description\":\"Buy Vape In Cheap Bulk Price Near you\",\"publisher\":{\"@id\":\"https:\/\/vapebulkp.com\/#organization\"},\"potentialAction\":[{\"@type\":\"SearchAction\",\"target\":{\"@type\":\"EntryPoint\",\"urlTemplate\":\"https:\/\/vapebulkp.com\/?s={search_term_string}\"},\"query-input\":\"required name=search_term_string\"}],\"inLanguage\":\"sl-SI\"},{\"@type\":\"Organization\",\"@id\":\"https:\/\/vapebulkp.com\/#organization\",\"name\":\"vapebulkp.com\",\"url\":\"https:\/\/vapebulkp.com\/\",\"logo\":{\"@type\":\"ImageObject\",\"inLanguage\":\"sl-SI\",\"@id\":\"https:\/\/vapebulkp.com\/#\/schema\/logo\/image\/\",\"url\":\"https:\/\/vapebulkp.com\/wp-content\/uploads\/2023\/09\/cropped-vapebulkp.png\",\"contentUrl\":\"https:\/\/vapebulkp.com\/wp-content\/uploads\/2023\/09\/cropped-vapebulkp.png\",\"width\":516,\"height\":163,\"caption\":\"vapebulkp.com\"},\"image\":{\"@id\":\"https:\/\/vapebulkp.com\/#\/schema\/logo\/image\/\"}}]}<\/script>\n<!-- \/ Yoast SEO plugin. -->","yoast_head_json":{"title":"Discount Price Cloud Bar TN 15000 Puffs Disposable Vape RAZ BAR - vapebulkp.com","description":"Discount Price Cloud Bar TN 15000 Disposable Vape RAZ BAR with an unprecedented 23ml e-juice reservoir and a robust 650mAh battery, this intelligent device redefines convenience and performance.","robots":{"index":"index","follow":"follow","max-snippet":"max-snippet:-1","max-image-preview":"max-image-preview:large","max-video-preview":"max-video-preview:-1"},"canonical":"https:\/\/vapebulkp.com\/sl\/product\/discount-price-cloud-bar-tn-15000-disposable-vape-raz-bar\/","og_locale":"sl_SI","og_type":"article","og_title":"Discount Price Cloud Bar TN 15000 Puffs Disposable Vape RAZ BAR - vapebulkp.com","og_description":"Discount Price Cloud Bar TN 15000 Disposable Vape RAZ BAR with an unprecedented 23ml e-juice reservoir and a robust 650mAh battery, this intelligent device redefines convenience and performance.","og_url":"https:\/\/vapebulkp.com\/sl\/product\/discount-price-cloud-bar-tn-15000-disposable-vape-raz-bar\/","og_site_name":"vapebulkp.com","article_modified_time":"2025-09-02T03:11:26+00:00","og_image":[{"width":800,"height":800,"url":"http:\/\/vapebulkp.com\/wp-content\/uploads\/2024\/04\/Good-Price-Cloud-TN-15k-Puffs-Good-Vape.png","type":"image\/png"}],"twitter_card":"summary_large_image","twitter_misc":{"Est. reading time":"4 minute"},"schema":{"@context":"https:\/\/schema.org","@graph":[{"@type":"WebPage","@id":"https:\/\/vapebulkp.com\/product\/discount-price-cloud-bar-tn-15000-disposable-vape-raz-bar\/","url":"https:\/\/vapebulkp.com\/product\/discount-price-cloud-bar-tn-15000-disposable-vape-raz-bar\/","name":"Discount Price Cloud Bar TN 15000 Puffs Disposable Vape RAZ BAR - vapebulkp.com","isPartOf":{"@id":"https:\/\/vapebulkp.com\/#website"},"datePublished":"2024-04-28T09:43:52+00:00","dateModified":"2025-09-02T03:11:26+00:00","description":"Discount Price Cloud Bar TN 15000 Disposable Vape RAZ BAR with an unprecedented 23ml e-juice reservoir and a robust 650mAh battery, this intelligent device redefines convenience and performance.","breadcrumb":{"@id":"https:\/\/vapebulkp.com\/product\/discount-price-cloud-bar-tn-15000-disposable-vape-raz-bar\/#breadcrumb"},"inLanguage":"sl-SI","potentialAction":[{"@type":"ReadAction","target":["https:\/\/vapebulkp.com\/product\/discount-price-cloud-bar-tn-15000-disposable-vape-raz-bar\/"]}]},{"@type":"BreadcrumbList","@id":"https:\/\/vapebulkp.com\/product\/discount-price-cloud-bar-tn-15000-disposable-vape-raz-bar\/#breadcrumb","itemListElement":[{"@type":"ListItem","position":1,"name":"Home","item":"https:\/\/vapebulkp.com\/"},{"@type":"ListItem","position":2,"name":"Hot Trend Vapes","item":"https:\/\/vapebulkp.com\/vape-shop\/"},{"@type":"ListItem","position":3,"name":"Discount Price Cloud Bar TN 15000 Puffs Disposable Vape RAZ BAR"}]},{"@type":"WebSite","@id":"https:\/\/vapebulkp.com\/#website","url":"https:\/\/vapebulkp.com\/","name":"vapebulkp.com","description":"Buy Vape In Cheap Bulk Price Near you","publisher":{"@id":"https:\/\/vapebulkp.com\/#organization"},"potentialAction":[{"@type":"SearchAction","target":{"@type":"EntryPoint","urlTemplate":"https:\/\/vapebulkp.com\/?s={search_term_string}"},"query-input":"required name=search_term_string"}],"inLanguage":"sl-SI"},{"@type":"Organization","@id":"https:\/\/vapebulkp.com\/#organization","name":"vapebulkp.com","url":"https:\/\/vapebulkp.com\/","logo":{"@type":"ImageObject","inLanguage":"sl-SI","@id":"https:\/\/vapebulkp.com\/#\/schema\/logo\/image\/","url":"https:\/\/vapebulkp.com\/wp-content\/uploads\/2023\/09\/cropped-vapebulkp.png","contentUrl":"https:\/\/vapebulkp.com\/wp-content\/uploads\/2023\/09\/cropped-vapebulkp.png","width":516,"height":163,"caption":"vapebulkp.com"},"image":{"@id":"https:\/\/vapebulkp.com\/#\/schema\/logo\/image\/"}}]}},"uagb_featured_image_src":{"full":["https:\/\/vapebulkp.com\/wp-content\/uploads\/2024\/04\/Good-Price-Cloud-TN-15k-Puffs-Good-Vape.png",800,800,false],"thumbnail":["https:\/\/vapebulkp.com\/wp-content\/uploads\/2024\/04\/Good-Price-Cloud-TN-15k-Puffs-Good-Vape-150x150.png",150,150,true],"medium":["https:\/\/vapebulkp.com\/wp-content\/uploads\/2024\/04\/Good-Price-Cloud-TN-15k-Puffs-Good-Vape-300x300.png",300,300,true],"medium_large":["https:\/\/vapebulkp.com\/wp-content\/uploads\/2024\/04\/Good-Price-Cloud-TN-15k-Puffs-Good-Vape-768x768.png",768,768,true],"large":["https:\/\/vapebulkp.com\/wp-content\/uploads\/2024\/04\/Good-Price-Cloud-TN-15k-Puffs-Good-Vape.png",800,800,false],"1536x1536":["https:\/\/vapebulkp.com\/wp-content\/uploads\/2024\/04\/Good-Price-Cloud-TN-15k-Puffs-Good-Vape.png",800,800,false],"2048x2048":["https:\/\/vapebulkp.com\/wp-content\/uploads\/2024\/04\/Good-Price-Cloud-TN-15k-Puffs-Good-Vape.png",800,800,false],"trp-custom-language-flag":["https:\/\/vapebulkp.com\/wp-content\/uploads\/2024\/04\/Good-Price-Cloud-TN-15k-Puffs-Good-Vape.png",12,12,false],"woocommerce_thumbnail":["https:\/\/vapebulkp.com\/wp-content\/uploads\/2024\/04\/Good-Price-Cloud-TN-15k-Puffs-Good-Vape-300x300.png",300,300,true],"woocommerce_single":["https:\/\/vapebulkp.com\/wp-content\/uploads\/2024\/04\/Good-Price-Cloud-TN-15k-Puffs-Good-Vape-600x600.png",600,600,true],"woocommerce_gallery_thumbnail":["https:\/\/vapebulkp.com\/wp-content\/uploads\/2024\/04\/Good-Price-Cloud-TN-15k-Puffs-Good-Vape-100x100.png",100,100,true],"wcpr-photo-reviews":["https:\/\/vapebulkp.com\/wp-content\/uploads\/2024\/04\/Good-Price-Cloud-TN-15k-Puffs-Good-Vape.png",500,500,false]},"uagb_author_info":{"display_name":"Mandy vape bulk price","author_link":"https:\/\/vapebulkp.com\/sl\/author\/"},"uagb_comment_info":1,"uagb_excerpt":"Wholesale price Cloud Bar RAZ BAR 15k Puffs Cloud Bar TN 15000 puffs Top Sale Sweden Cloud Bar GEEK BAR 15K puffs Disposbale Vape Hot Sale This Week Pls Contact Mandy's WhatsApp For Discount Price+8618077105796 NOTE: Prices on our website does not include shipping costs Main reason for purchase 1. Excellent quality and unparalleled performance.&hellip;","_links":{"self":[{"href":"https:\/\/vapebulkp.com\/sl\/wp-json\/wp\/v2\/product\/2399","targetHints":{"allow":["GET"]}}],"collection":[{"href":"https:\/\/vapebulkp.com\/sl\/wp-json\/wp\/v2\/product"}],"about":[{"href":"https:\/\/vapebulkp.com\/sl\/wp-json\/wp\/v2\/types\/product"}],"replies":[{"embeddable":true,"href":"https:\/\/vapebulkp.com\/sl\/wp-json\/wp\/v2\/comments?post=2399"}],"wp:featuredmedia":[{"embeddable":true,"href":"https:\/\/vapebulkp.com\/sl\/wp-json\/wp\/v2\/media\/2334"}],"wp:attachment":[{"href":"https:\/\/vapebulkp.com\/sl\/wp-json\/wp\/v2\/media?parent=2399"}],"wp:term":[{"taxonomy":"product_cat","embeddable":true,"href":"https:\/\/vapebulkp.com\/sl\/wp-json\/wp\/v2\/product_cat?post=2399"},{"taxonomy":"product_tag","embeddable":true,"href":"https:\/\/vapebulkp.com\/sl\/wp-json\/wp\/v2\/product_tag?post=2399"}],"curies":[{"name":"wp","href":"https:\/\/api.w.org\/{rel}","templated":true}]}}