{"id":2403,"date":"2024-04-29T11:11:35","date_gmt":"2024-04-29T09:11:35","guid":{"rendered":"https:\/\/vapebulkp.com\/?post_type=product&#038;p=2403"},"modified":"2025-09-24T05:46:13","modified_gmt":"2025-09-24T03:46:13","slug":"vopk-shisha-15k-puffs-original-vape-jnr-shisha","status":"publish","type":"product","link":"https:\/\/vapebulkp.com\/sl\/product\/vopk-shisha-15k-puffs-original-vape-jnr-shisha\/","title":{"rendered":"VOPK SHISHA 15K VDIHOV Original Vape JNR SHISHA"},"content":{"rendered":"<h1>VOPK SHISHA 15K VDIHOV Original Vape JNR SHISHA<\/h1>\n<p>&nbsp;<\/p>\n<p data-start=\"378\" data-end=\"758\">VOPK SHISHA 15K VDIHOV Originalna Vape JNR SHISHA je premium <a href=\"https:\/\/vapebulkp.com\/sl\/product-category\/15000-puffs-disposable-vape\/\"><strong data-start=\"448\" data-end=\"479\">15000 vdihov e-cigareta za enkratno uporabo<\/strong><\/a> z elegantnim dvobarvnim dizajnom in UV tiskom, ki prikazuje vrhunsko izdelavo in visoko kakovostno konstrukcijo. Opremljen z 0,6\u03a9 mre\u017easto tuljavo, zagotavlja gosto paro in gladko vle\u010denje, zaradi \u010desar je najbolj\u0161a izbira med <strong data-start=\"697\" data-end=\"716\">vapes z mre\u017easto tuljavo<\/strong> in <strong data-start=\"721\" data-end=\"755\">visokokapacitetni vape za enkratno uporabo<\/strong>.<\/p>\n<p data-start=\"760\" data-end=\"1043\">Z prostornim 20-mililitrskim rezervoarjem za e-teko\u010dino in naprednim jedrom z mre\u017easto tuljavo, ta <strong data-start=\"829\" data-end=\"862\">za enkratno uporabo z nikotinsko soljo<\/strong> zagotavlja dosleden, bogat okus z vsakim vdihom. Poganja ga 600mAh polnilna baterija in hitro polnjenje Type-C, kar zagotavlja dolgotrajno delovanje in neprekinjeno vaping.<\/p>\n<p data-start=\"1045\" data-end=\"1318\">Na voljo v razli\u010dnih okusih, vklju\u010dno z Dvojnim Jabolkom, Mentolom Grozdja, So\u010dno Breskvijo in drugimi, <strong data-start=\"1142\" data-end=\"1169\">VOPK SHISHA 15000 Vdihov<\/strong> zadovolji raznolike okusne preference. Kompaktna, elegantna in prenosna, je idealna za vsakodnevno uporabo, dru\u017eabne dogodke ali <strong data-start=\"1285\" data-end=\"1308\">veleprodajne naro\u010dil za vape<\/strong> naro\u010dila.<\/p>\n<p data-start=\"1320\" data-end=\"1526\">Za trgovce in navdu\u0161ence, ki i\u0161\u010dejo <strong data-start=\"1358\" data-end=\"1386\">vrhunskih vapih za enkratno uporabo<\/strong>, <strong data-start=\"1392\" data-end=\"1419\">VOPK SHISHA 15k Vdihov<\/strong> ponuja neprimerljiv okus, zanesljivost in priro\u010dnost \u2014 hitra dostava v Slovenijo na voljo za veleprodajna naro\u010dila.<\/p>\n<p><img decoding=\"async\" class=\"alignnone wp-image-2362\" src=\"http:\/\/vapebulkp.com\/wp-content\/uploads\/2024\/04\/VOPK-Shisha-Vape-15K-PUFFS-Discount-Price-scaled.jpg\" alt=\"VOPK Shisha Vape 15K PUFFS Zni\u017eana cena\" width=\"538\" height=\"538\" srcset=\"https:\/\/vapebulkp.com\/wp-content\/uploads\/2024\/04\/VOPK-Shisha-Vape-15K-PUFFS-Discount-Price-scaled.jpg 2560w, https:\/\/vapebulkp.com\/wp-content\/uploads\/2024\/04\/VOPK-Shisha-Vape-15K-PUFFS-Discount-Price-300x300.jpg 300w, https:\/\/vapebulkp.com\/wp-content\/uploads\/2024\/04\/VOPK-Shisha-Vape-15K-PUFFS-Discount-Price-1024x1024.jpg 1024w, https:\/\/vapebulkp.com\/wp-content\/uploads\/2024\/04\/VOPK-Shisha-Vape-15K-PUFFS-Discount-Price-150x150.jpg 150w, https:\/\/vapebulkp.com\/wp-content\/uploads\/2024\/04\/VOPK-Shisha-Vape-15K-PUFFS-Discount-Price-768x768.jpg 768w, https:\/\/vapebulkp.com\/wp-content\/uploads\/2024\/04\/VOPK-Shisha-Vape-15K-PUFFS-Discount-Price-1536x1536.jpg 1536w, https:\/\/vapebulkp.com\/wp-content\/uploads\/2024\/04\/VOPK-Shisha-Vape-15K-PUFFS-Discount-Price-2048x2048.jpg 2048w, https:\/\/vapebulkp.com\/wp-content\/uploads\/2024\/04\/VOPK-Shisha-Vape-15K-PUFFS-Discount-Price-600x600.jpg 600w, https:\/\/vapebulkp.com\/wp-content\/uploads\/2024\/04\/VOPK-Shisha-Vape-15K-PUFFS-Discount-Price-100x100.jpg 100w\" sizes=\"(max-width: 538px) 100vw, 538px\" \/><\/p>\n<h6 style=\"text-align: left\"><\/h6>\n<h6>Za popust se obrnite na Mandyin WhatsApp<a href=\"https:\/\/wa.me\/8618077105796\">+8618077105796<\/a><\/h6>\n<p><img decoding=\"async\" class=\"alignnone wp-image-2151\" src=\"http:\/\/vapebulkp.com\/wp-content\/uploads\/2024\/04\/Mandy-WhatsApp-Randm.jpg\" alt=\"Mandy WhatsApp Randm\" width=\"263\" height=\"280\" srcset=\"https:\/\/vapebulkp.com\/wp-content\/uploads\/2024\/04\/Mandy-WhatsApp-Randm.jpg 916w, https:\/\/vapebulkp.com\/wp-content\/uploads\/2024\/04\/Mandy-WhatsApp-Randm-282x300.jpg 282w, https:\/\/vapebulkp.com\/wp-content\/uploads\/2024\/04\/Mandy-WhatsApp-Randm-768x817.jpg 768w, https:\/\/vapebulkp.com\/wp-content\/uploads\/2024\/04\/Mandy-WhatsApp-Randm-600x638.jpg 600w\" sizes=\"(max-width: 263px) 100vw, 263px\" \/><\/p>\n<h2><span style=\"vertical-align: inherit\">Morda bi vas zanimalo o VOPK shisha 15k Vdihov JNR Vape:<\/span><\/h2>\n<p>&nbsp;<\/p>\n<h6 class=\"style-scope ytd-watch-metadata\">1. Kako uporabljati JNR VOPK shisha 15000 Vdihov SHISHA Vape Pen?<\/h6>\n<p>Ena: Odprite zape\u010dateno vre\u010dko<br \/>\nDva: Odlepite nalepko<br \/>\nTri: Izvlecite silikonski \u010dep in pustite stati 10 minut, nato lahko uporabite JNR Shisha Vape<\/p>\n<h6>2.Kako napolniti napravo Original Vape VOPK shisha 15000 Puffs?<\/h6>\n<p>Polnilnikov za hitro polnjenje ni mogo\u010de uporabljati, standardna varna mo\u010d e-cigaret za enkratno uporabo pa je 5V 1A.<\/p>\n<p>Vsak \u010das polnjenja ne sme prese\u010di 1 ure, varen \u010das polnjenja pa je pol ure.<\/p>\n<h6>3.Koliko vdihov ima VOPK JNR shisha vape 15k Puffs elektronska cigareta za enkratno uporabo?<\/h6>\n<p>----15000 Vpihov<\/p>\n<p><span style=\"color: #ff6600\">Opomba: ne polnite celo no\u010d!<\/span><\/p>\n<h6>4.Zakaj izbrati VOPK JNR shisha 15k Puffs JNR Vape?<\/h6>\n<p>&nbsp;<\/p>\n<p><span style=\"color: #ff0000\"><strong>Neprekosljiva kakovost<\/strong><\/span>: VOPK Shisha 15k Puffs JNR Vape je izdelan z izjemno natan\u010dnostjo, kar zagotavlja neprimerljivo kakovost in zmogljivost.<\/p>\n<p><span style=\"color: #ff0000\"><strong>Inovativen dizajn<\/strong><\/span>: S stilskim dvobarvnim dizajnom z UV-tiskom in izvrstno izdelavo ohi\u0161ja, VOPK shisha 15k Puffs JNR Vape izstopa in se razlikuje od ostalih.<\/p>\n<p><span style=\"color: #ff0000\"><strong>Izbolj\u0161ana proizvodnja pare<\/strong>:<\/span> Opremljen z 0.6ohm mre\u017easto tuljavo, ta elektronska cigareta zagotavlja izbolj\u0161ano proizvodnjo pare, kar omogo\u010da gladko in dosledno izku\u0161njo vapinga ob vsakem vdihu.<\/p>\n<p><span style=\"color: #ff0000\"><strong>Dolgotrajna baterija<\/strong>:<\/span> Zmogljiva 600mAh baterija, ki jo podpira model baterije 18250 in priro\u010den polnilni priklju\u010dek Type-C, zagotavlja dalj\u0161o uporabo za podalj\u0161ano u\u017eivanje.<\/p>\n<p><span style=\"color: #ff0000\"><strong>Velikokratna koli\u010dina puffov<\/strong>:<\/span> Ponuja impresivnih 15.000 vdihov, kar zagotavlja \u0161tevilne seanse vapinga, s \u010dimer je zanesljiva izbira za navdu\u0161ence nad vapingom, ki i\u0161\u010dejo dolgotrajnost.<\/p>\n<p><span style=\"color: #ff0000\"><strong>\u0160irok izbor okusov<\/strong>:<\/span> Prepustite se raznoliki paleti mamljivih okusov, vklju\u010dno z Dvojnim Jabolkom, Grozdno Meto, So\u010dno Breskvijo in drugimi, ki ustrezajo razli\u010dnim okusom in zagotavljajo zadovoljivo izku\u0161njo vapinga za vse.<\/p>\n<p><span style=\"color: #ff0000\"><strong>Vdihavanje neposredno v plju\u010da<\/strong>:<\/span> Zasnovan za vdihavanje neposredno v plju\u010da, VOPK shisha 15k Puffs JNR Vape ponuja zadovoljiv poteg, kar je popolno za zahtevne vaperje, ki cenijo polno izku\u0161njo vapinga.<\/p>\n<p><span style=\"color: #ff0000\"><strong>Mo\u017enost veleprodaje v razsutem stanju<\/strong>:<\/span> Izkoristite na\u0161o veleprodajno ponudbo v razsutem stanju in u\u017eivajte v prihranku stro\u0161kov, medtem ko se zalo\u017eite s tem vrhunskim izdelkom za vaping, kar zagotavlja, da imate vedno zalogo pri roki zase ali za svoje stranke.<\/p>\n<p>&nbsp;<\/p>\n<h3>Lastnosti VOPK ShiSha Vape:<\/h3>\n<p>Model: VOPK SHISHA 15000 PUFFS Dobro prodajana elektronska cigareta<br \/>\nVdihi: 15000 vdihov<br \/>\nKapaciteta baterije: 650mAh<br \/>\nProstornina e-teko\u010dine: 23ml<br \/>\nVsebnost nikotina: 2%\/\/5% nikotinska sol<br \/>\nPakiranje: 10 kosov v 1 izlo\u017ebeni \u0161katli<br \/>\nNajmanj\u0161a koli\u010dina naro\u010dila (MOQ): 50 kosov<\/p>\n<h3><strong>\u00a0Originalna vape VOPK JNR shisha<\/strong> 15000 vpihov\u00a0 <strong>Seznam okusov:<\/strong><\/h3>\n<p>1.Dvojno Jabolko<br \/>\n2.Dvojna Melona Meta<br \/>\n3.Grozdna Meta<br \/>\n4.So\u010dna Breskev<br \/>\nLady Killa<br \/>\n6.Me\u0161ano Jagodi\u010dje Led<br \/>\n7.Ananas Kokos<br \/>\n8.Robidov Slush<br \/>\n9.Lubenica Led<br \/>\n10.Bela Mamba<\/p>\n<p><a href=\"https:\/\/vapebulkp.com\/sl\/product\/popular-randm-tornado-7000puffs-disposable-vape-best-price\/\">Randm tornado 7000 vpihov<\/a><\/p>\n<p><span style=\"vertical-align: inherit\">Poi\u0161\u010dite ve\u010d izdelkov, ki bi vam bili morda v\u0161e\u010d:<\/span><em><a href=\"https:\/\/wa.me\/8618077105796\"><span style=\"vertical-align: inherit\">\u00a0Kupite zdaj<\/span><\/a><\/em><\/p>\n<p><span style=\"vertical-align: inherit\">Drugi 'puffs', ki bi vam bili morda v\u0161e\u010d:<\/span><a href=\"https:\/\/vapebulkp.com\/sl\/product\/good-sale-randm-tornado-10000-puffs-plus\/\"><span style=\"vertical-align: inherit\">RandM 10000 vpihov<\/span><\/a><span style=\"vertical-align: inherit\">\u2014Z zmogljivostjo 10.000 vpihov je ta naprava priljubljena med navdu\u0161enci nad vapingom.<\/span><\/p>\n<p><a href=\"https:\/\/vapebulkp.com\/sl\/product\/wholesale-randm-tornado-9000-puffs-germany\/\"><span style=\"vertical-align: inherit\">RandM Tornado 9000 vpihov<\/span><\/a><span style=\"vertical-align: inherit\">\u2014Kot najbolj priljubljena e-cigareta, ima Randm 9000 vpihov, v katerih lahko u\u017eivate<\/span><\/p>\n<p><a href=\"https:\/\/vapebulkp.com\/sl\/product\/bang-20000-puffs-hot-vape-top-sale-vape\/\"><span style=\"vertical-align: inherit\">Bang 20000 Vdihov<\/span><\/a><span style=\"vertical-align: inherit\">\u2014Bang King je priljubljena blagovna znamka z edinstvenimi modeli in 20000 vdihi<\/span><\/p>\n<p><a href=\"https:\/\/vapebulkp.com\/sl\/product\/bang-king-12000puffs\/\"><span style=\"vertical-align: inherit\">Bang King 12000 vpihov<\/span><\/a>\u2014-Bang King 12000 vpihov je priljubljena blagovna znamka z edinstvenimi modeli in 12.000 vpihi, \u0161e ena mo\u017enost za izbolj\u0161anje va\u0161ih potreb po vapingu<\/p>\n<p><span style=\"vertical-align: inherit\">E-cigareta posebne oblike steklenice:<\/span><a href=\"https:\/\/vapebulkp.com\/sl\/product\/original-vape-bang-tn-12000-puffs-bang-vape\/\"><span style=\"vertical-align: inherit\">Bang TN 12000 Vdihov<\/span><\/a><span style=\"vertical-align: inherit\">\/ <\/span><a href=\"https:\/\/vapebulkp.com\/sl\/product\/vapme-crystal-7000-puffs-original-vape-good-flavor\/\"><span style=\"vertical-align: inherit\">Crystal 7000 vdihov<\/span><\/a><span style=\"vertical-align: inherit\">\/<\/span><a href=\"https:\/\/vapebulkp.com\/sl\/product\/top-sale-waspe-12000puffs-disposable-vape-wholesale-france\/\"><span style=\"vertical-align: inherit\">WASPE 12000 Pih<\/span><\/a><\/p>\n<p><a href=\"https:\/\/vapebulkp.com\/sl\/product\/discount-price-cloud-bar-tn-15000-disposable-vape-raz-bar\/\">Cloud Bar TN 15000 Puffs Originalni vape<\/a><\/p>\n<p><a href=\"https:\/\/vapebulkp.com\/sl\/product\/vopk-shisha-15k-puffs-original-vape-jnr-shisha\/\">VOPK shisha JNR SHISHA 15K VDIHOV<\/a><\/p>\n<p><a href=\"https:\/\/vapebulkp.com\/sl\/product\/original-vape-bang-rocket-18000-puffs-good-sale\/\">Originalni Vape Bang Rocket 18000 vdihov Dobra ponudba<\/a><\/p>\n<h4>Podrobnosti dostave:<\/h4>\n<p><span style=\"color: #ff6600\">\u010cas proizvodnje: 5\u201310 delovnih dni<\/span><br \/>\n<span style=\"color: #ff6600\">\u010cas dostave: 8\u201314 delovnih dni<\/span><\/p>\n<p>Vsi izdelki v na\u0161i trgovini so 100% originalni in avtenti\u010dni, zato je na\u0161a politika desetkratno nadomestilo za ponarejeno blago. Za dostavo blaga vam uporabljamo logisti\u010dne kanale, kot so UPS\/DHL\/FEDEX\/DPD.<\/p>\n<p>Za pakete, poslane v Slovenijo, obi\u010dajno traja 10 delovnih dni. Po\u0161iljanje v evropske dr\u017eave obi\u010dajno traja 12 do 15 delovnih dni. Logisti\u010dne informacije vam bomo sproti posodabljali.<\/p>\n<p>Kontaktirajte nas in ponudimo vam lahko Hazebar 12000 Puff ter dvignemo va\u0161e poslovanje na vi\u0161jo raven!<\/p>","protected":false},"excerpt":{"rendered":"<p>Potopite se v neprimerljivo zadovoljstvo in kakovost z VOPK Shisha Hookah 15000 Vdihov<\/p>\n<p><img decoding=\"async\" class=\"alignnone wp-image-2151\" src=\"http:\/\/vapebulkp.com\/wp-content\/uploads\/2024\/04\/Mandy-WhatsApp-Randm.jpg\" alt=\"Mandy WhatsApp Randm\" width=\"238\" height=\"253\" srcset=\"https:\/\/vapebulkp.com\/wp-content\/uploads\/2024\/04\/Mandy-WhatsApp-Randm.jpg 916w, https:\/\/vapebulkp.com\/wp-content\/uploads\/2024\/04\/Mandy-WhatsApp-Randm-282x300.jpg 282w, https:\/\/vapebulkp.com\/wp-content\/uploads\/2024\/04\/Mandy-WhatsApp-Randm-768x817.jpg 768w, https:\/\/vapebulkp.com\/wp-content\/uploads\/2024\/04\/Mandy-WhatsApp-Randm-600x638.jpg 600w\" sizes=\"(max-width: 238px) 100vw, 238px\" \/><\/p>\n<p>Za popust se obrnite na Mandyin WhatsApp<a href=\"https:\/\/wa.me\/8618077105796\">+8618077105796<\/a><\/p>\n<p><span style=\"color: #ff0000\">OPOMBA: Cene na na\u0161i spletni strani ne vklju\u010dujejo stro\u0161kov po\u0161iljanja.<\/span><\/p>","protected":false},"featured_media":2375,"comment_status":"open","ping_status":"closed","template":"","meta":{"_uag_custom_page_level_css":"","_lmt_disableupdate":"no","_lmt_disable":"","site-sidebar-layout":"default","site-content-layout":"content-boxed-container","ast-site-content-layout":"normal-width-container","site-content-style":"boxed","site-sidebar-style":"unboxed","ast-global-header-display":"","ast-banner-title-visibility":"","ast-main-header-display":"","ast-hfb-above-header-display":"","ast-hfb-below-header-display":"","ast-hfb-mobile-header-display":"","site-post-title":"","ast-breadcrumbs-content":"","ast-featured-img":"","footer-sml-layout":"","theme-transparent-header-meta":"default","adv-header-id-meta":"","stick-header-meta":"","header-above-stick-meta":"","header-main-stick-meta":"","header-below-stick-meta":"","astra-migrate-meta-layouts":"set","_joinchat":[]},"product_cat":[165,153,155,33,59,100,87,34,158,157,154,152,58,84,156,363],"product_tag":[77,36,37,91,105,127,41,71,40],"class_list":["post-2403","product","type-product","status-publish","has-post-thumbnail","hentry","product_cat-15000-puffs-disposable-vape","product_cat-hot-disposable-vapes","product_cat-belgium-hot-disposable-vapes","product_cat-france-vape-hot-sale","product_cat-germany-hot-disposable-vape","product_cat-germany-wholesale-vape-shop","product_cat-minimum-order-quantity-50pcs","product_cat-netherlands-vape-good-sale","product_cat-norway-hot-disposable-vapes","product_cat-poland-hot-disposable-vapes","product_cat-portugal-hot-disposable-vapes","product_cat-spain-hot-disposable-vapes","product_cat-sweden-hot-disposable-vape","product_cat-sweden-wholesale-vape","product_cat-switzerland-hot-disposable-vapes","product_cat-vopk-vape","product_tag-15000-puffs","product_tag-good-vape","product_tag-hot-sale-disposable-vape","product_tag-italy-hot-vape","product_tag-jnr","product_tag-original-vape-inr-shisha","product_tag-poland-hot-vape","product_tag-randm","product_tag-sweden-hot-vape","pa_brand-vopk-vape","desktop-align-left","tablet-align-left","mobile-align-left"],"yoast_head":"<!-- This site is optimized with the Yoast SEO plugin v21.1 - https:\/\/yoast.com\/wordpress\/plugins\/seo\/ -->\n<title>VOPK SHISHA 15K PUFFS Original Vape JNR SHISHA - vapebulkp.com<\/title>\n<meta name=\"description\" content=\"Buy the VOPK SHISHA 15000 Puffs, a high-capacity 15000 Puffs Disposable Vape with mesh coil technology, rich nicotine salt flavors, and rechargeable battery. Perfect for daily use or wholesale orders \u2014 order now from EU warehouse!\" \/>\n<meta name=\"robots\" content=\"index, follow, max-snippet:-1, max-image-preview:large, max-video-preview:-1\" \/>\n<link rel=\"canonical\" href=\"https:\/\/vapebulkp.com\/sl\/product\/vopk-shisha-15k-puffs-original-vape-jnr-shisha\/\" \/>\n<meta property=\"og:locale\" content=\"sl_SI\" \/>\n<meta property=\"og:type\" content=\"article\" \/>\n<meta property=\"og:title\" content=\"VOPK SHISHA 15K PUFFS Original Vape JNR SHISHA - vapebulkp.com\" \/>\n<meta property=\"og:description\" content=\"Buy the VOPK SHISHA 15000 Puffs, a high-capacity 15000 Puffs Disposable Vape with mesh coil technology, rich nicotine salt flavors, and rechargeable battery. Perfect for daily use or wholesale orders \u2014 order now from EU warehouse!\" \/>\n<meta property=\"og:url\" content=\"https:\/\/vapebulkp.com\/sl\/product\/vopk-shisha-15k-puffs-original-vape-jnr-shisha\/\" \/>\n<meta property=\"og:site_name\" content=\"vapebulkp.com\" \/>\n<meta property=\"article:modified_time\" content=\"2025-09-24T03:46:13+00:00\" \/>\n<meta property=\"og:image\" content=\"http:\/\/vapebulkp.com\/wp-content\/uploads\/2024\/04\/VOPK-SHISHA-15000-Puffs-Top-Sale.png\" \/>\n\t<meta property=\"og:image:width\" content=\"518\" \/>\n\t<meta property=\"og:image:height\" content=\"776\" \/>\n\t<meta property=\"og:image:type\" content=\"image\/png\" \/>\n<meta name=\"twitter:card\" content=\"summary_large_image\" \/>\n<meta name=\"twitter:label1\" content=\"Est. reading time\" \/>\n\t<meta name=\"twitter:data1\" content=\"5 minut\" \/>\n<script type=\"application\/ld+json\" class=\"yoast-schema-graph\">{\"@context\":\"https:\/\/schema.org\",\"@graph\":[{\"@type\":\"WebPage\",\"@id\":\"https:\/\/vapebulkp.com\/product\/vopk-shisha-15k-puffs-original-vape-jnr-shisha\/\",\"url\":\"https:\/\/vapebulkp.com\/product\/vopk-shisha-15k-puffs-original-vape-jnr-shisha\/\",\"name\":\"VOPK SHISHA 15K PUFFS Original Vape JNR SHISHA - vapebulkp.com\",\"isPartOf\":{\"@id\":\"https:\/\/vapebulkp.com\/#website\"},\"datePublished\":\"2024-04-29T09:11:35+00:00\",\"dateModified\":\"2025-09-24T03:46:13+00:00\",\"description\":\"Buy the VOPK SHISHA 15000 Puffs, a high-capacity 15000 Puffs Disposable Vape with mesh coil technology, rich nicotine salt flavors, and rechargeable battery. Perfect for daily use or wholesale orders \u2014 order now from EU warehouse!\",\"breadcrumb\":{\"@id\":\"https:\/\/vapebulkp.com\/product\/vopk-shisha-15k-puffs-original-vape-jnr-shisha\/#breadcrumb\"},\"inLanguage\":\"sl-SI\",\"potentialAction\":[{\"@type\":\"ReadAction\",\"target\":[\"https:\/\/vapebulkp.com\/product\/vopk-shisha-15k-puffs-original-vape-jnr-shisha\/\"]}]},{\"@type\":\"BreadcrumbList\",\"@id\":\"https:\/\/vapebulkp.com\/product\/vopk-shisha-15k-puffs-original-vape-jnr-shisha\/#breadcrumb\",\"itemListElement\":[{\"@type\":\"ListItem\",\"position\":1,\"name\":\"Home\",\"item\":\"https:\/\/vapebulkp.com\/\"},{\"@type\":\"ListItem\",\"position\":2,\"name\":\"Hot Trend Vapes\",\"item\":\"https:\/\/vapebulkp.com\/vape-shop\/\"},{\"@type\":\"ListItem\",\"position\":3,\"name\":\"VOPK SHISHA 15K PUFFS Original Vape JNR SHISHA\"}]},{\"@type\":\"WebSite\",\"@id\":\"https:\/\/vapebulkp.com\/#website\",\"url\":\"https:\/\/vapebulkp.com\/\",\"name\":\"vapebulkp.com\",\"description\":\"Buy Vape In Cheap Bulk Price Near you\",\"publisher\":{\"@id\":\"https:\/\/vapebulkp.com\/#organization\"},\"potentialAction\":[{\"@type\":\"SearchAction\",\"target\":{\"@type\":\"EntryPoint\",\"urlTemplate\":\"https:\/\/vapebulkp.com\/?s={search_term_string}\"},\"query-input\":\"required name=search_term_string\"}],\"inLanguage\":\"sl-SI\"},{\"@type\":\"Organization\",\"@id\":\"https:\/\/vapebulkp.com\/#organization\",\"name\":\"vapebulkp.com\",\"url\":\"https:\/\/vapebulkp.com\/\",\"logo\":{\"@type\":\"ImageObject\",\"inLanguage\":\"sl-SI\",\"@id\":\"https:\/\/vapebulkp.com\/#\/schema\/logo\/image\/\",\"url\":\"https:\/\/vapebulkp.com\/wp-content\/uploads\/2023\/09\/cropped-vapebulkp.png\",\"contentUrl\":\"https:\/\/vapebulkp.com\/wp-content\/uploads\/2023\/09\/cropped-vapebulkp.png\",\"width\":516,\"height\":163,\"caption\":\"vapebulkp.com\"},\"image\":{\"@id\":\"https:\/\/vapebulkp.com\/#\/schema\/logo\/image\/\"}}]}<\/script>\n<!-- \/ Yoast SEO plugin. -->","yoast_head_json":{"title":"VOPK SHISHA 15K PUFFS Original Vape JNR SHISHA - vapebulkp.com","description":"Buy the VOPK SHISHA 15000 Puffs, a high-capacity 15000 Puffs Disposable Vape with mesh coil technology, rich nicotine salt flavors, and rechargeable battery. Perfect for daily use or wholesale orders \u2014 order now from EU warehouse!","robots":{"index":"index","follow":"follow","max-snippet":"max-snippet:-1","max-image-preview":"max-image-preview:large","max-video-preview":"max-video-preview:-1"},"canonical":"https:\/\/vapebulkp.com\/sl\/product\/vopk-shisha-15k-puffs-original-vape-jnr-shisha\/","og_locale":"sl_SI","og_type":"article","og_title":"VOPK SHISHA 15K PUFFS Original Vape JNR SHISHA - vapebulkp.com","og_description":"Buy the VOPK SHISHA 15000 Puffs, a high-capacity 15000 Puffs Disposable Vape with mesh coil technology, rich nicotine salt flavors, and rechargeable battery. Perfect for daily use or wholesale orders \u2014 order now from EU warehouse!","og_url":"https:\/\/vapebulkp.com\/sl\/product\/vopk-shisha-15k-puffs-original-vape-jnr-shisha\/","og_site_name":"vapebulkp.com","article_modified_time":"2025-09-24T03:46:13+00:00","og_image":[{"width":518,"height":776,"url":"http:\/\/vapebulkp.com\/wp-content\/uploads\/2024\/04\/VOPK-SHISHA-15000-Puffs-Top-Sale.png","type":"image\/png"}],"twitter_card":"summary_large_image","twitter_misc":{"Est. reading time":"5 minut"},"schema":{"@context":"https:\/\/schema.org","@graph":[{"@type":"WebPage","@id":"https:\/\/vapebulkp.com\/product\/vopk-shisha-15k-puffs-original-vape-jnr-shisha\/","url":"https:\/\/vapebulkp.com\/product\/vopk-shisha-15k-puffs-original-vape-jnr-shisha\/","name":"VOPK SHISHA 15K PUFFS Original Vape JNR SHISHA - vapebulkp.com","isPartOf":{"@id":"https:\/\/vapebulkp.com\/#website"},"datePublished":"2024-04-29T09:11:35+00:00","dateModified":"2025-09-24T03:46:13+00:00","description":"Buy the VOPK SHISHA 15000 Puffs, a high-capacity 15000 Puffs Disposable Vape with mesh coil technology, rich nicotine salt flavors, and rechargeable battery. Perfect for daily use or wholesale orders \u2014 order now from EU warehouse!","breadcrumb":{"@id":"https:\/\/vapebulkp.com\/product\/vopk-shisha-15k-puffs-original-vape-jnr-shisha\/#breadcrumb"},"inLanguage":"sl-SI","potentialAction":[{"@type":"ReadAction","target":["https:\/\/vapebulkp.com\/product\/vopk-shisha-15k-puffs-original-vape-jnr-shisha\/"]}]},{"@type":"BreadcrumbList","@id":"https:\/\/vapebulkp.com\/product\/vopk-shisha-15k-puffs-original-vape-jnr-shisha\/#breadcrumb","itemListElement":[{"@type":"ListItem","position":1,"name":"Home","item":"https:\/\/vapebulkp.com\/"},{"@type":"ListItem","position":2,"name":"Hot Trend Vapes","item":"https:\/\/vapebulkp.com\/vape-shop\/"},{"@type":"ListItem","position":3,"name":"VOPK SHISHA 15K PUFFS Original Vape JNR SHISHA"}]},{"@type":"WebSite","@id":"https:\/\/vapebulkp.com\/#website","url":"https:\/\/vapebulkp.com\/","name":"vapebulkp.com","description":"Buy Vape In Cheap Bulk Price Near you","publisher":{"@id":"https:\/\/vapebulkp.com\/#organization"},"potentialAction":[{"@type":"SearchAction","target":{"@type":"EntryPoint","urlTemplate":"https:\/\/vapebulkp.com\/?s={search_term_string}"},"query-input":"required name=search_term_string"}],"inLanguage":"sl-SI"},{"@type":"Organization","@id":"https:\/\/vapebulkp.com\/#organization","name":"vapebulkp.com","url":"https:\/\/vapebulkp.com\/","logo":{"@type":"ImageObject","inLanguage":"sl-SI","@id":"https:\/\/vapebulkp.com\/#\/schema\/logo\/image\/","url":"https:\/\/vapebulkp.com\/wp-content\/uploads\/2023\/09\/cropped-vapebulkp.png","contentUrl":"https:\/\/vapebulkp.com\/wp-content\/uploads\/2023\/09\/cropped-vapebulkp.png","width":516,"height":163,"caption":"vapebulkp.com"},"image":{"@id":"https:\/\/vapebulkp.com\/#\/schema\/logo\/image\/"}}]}},"uagb_featured_image_src":{"full":["https:\/\/vapebulkp.com\/wp-content\/uploads\/2024\/04\/VOPK-SHISHA-15000-Puffs-Top-Sale.png",518,776,false],"thumbnail":["https:\/\/vapebulkp.com\/wp-content\/uploads\/2024\/04\/VOPK-SHISHA-15000-Puffs-Top-Sale-150x150.png",150,150,true],"medium":["https:\/\/vapebulkp.com\/wp-content\/uploads\/2024\/04\/VOPK-SHISHA-15000-Puffs-Top-Sale-200x300.png",200,300,true],"medium_large":["https:\/\/vapebulkp.com\/wp-content\/uploads\/2024\/04\/VOPK-SHISHA-15000-Puffs-Top-Sale.png",518,776,false],"large":["https:\/\/vapebulkp.com\/wp-content\/uploads\/2024\/04\/VOPK-SHISHA-15000-Puffs-Top-Sale.png",518,776,false],"1536x1536":["https:\/\/vapebulkp.com\/wp-content\/uploads\/2024\/04\/VOPK-SHISHA-15000-Puffs-Top-Sale.png",518,776,false],"2048x2048":["https:\/\/vapebulkp.com\/wp-content\/uploads\/2024\/04\/VOPK-SHISHA-15000-Puffs-Top-Sale.png",518,776,false],"trp-custom-language-flag":["https:\/\/vapebulkp.com\/wp-content\/uploads\/2024\/04\/VOPK-SHISHA-15000-Puffs-Top-Sale.png",8,12,false],"woocommerce_thumbnail":["https:\/\/vapebulkp.com\/wp-content\/uploads\/2024\/04\/VOPK-SHISHA-15000-Puffs-Top-Sale-300x300.png",300,300,true],"woocommerce_single":["https:\/\/vapebulkp.com\/wp-content\/uploads\/2024\/04\/VOPK-SHISHA-15000-Puffs-Top-Sale.png",518,776,false],"woocommerce_gallery_thumbnail":["https:\/\/vapebulkp.com\/wp-content\/uploads\/2024\/04\/VOPK-SHISHA-15000-Puffs-Top-Sale-100x100.png",100,100,true],"wcpr-photo-reviews":["https:\/\/vapebulkp.com\/wp-content\/uploads\/2024\/04\/VOPK-SHISHA-15000-Puffs-Top-Sale.png",334,500,false]},"uagb_author_info":{"display_name":"Mandy vape bulk price","author_link":"https:\/\/vapebulkp.com\/sl\/author\/"},"uagb_comment_info":0,"uagb_excerpt":"Immerse yourself in unparalleled satisfaction and quality with the VOPK Shisha Hookah 15000 Puffs Pls Contact Mandy's WhatsApp For Discount Price+8618077105796 NOTE: Prices on our website does not include shipping costs","_links":{"self":[{"href":"https:\/\/vapebulkp.com\/sl\/wp-json\/wp\/v2\/product\/2403","targetHints":{"allow":["GET"]}}],"collection":[{"href":"https:\/\/vapebulkp.com\/sl\/wp-json\/wp\/v2\/product"}],"about":[{"href":"https:\/\/vapebulkp.com\/sl\/wp-json\/wp\/v2\/types\/product"}],"replies":[{"embeddable":true,"href":"https:\/\/vapebulkp.com\/sl\/wp-json\/wp\/v2\/comments?post=2403"}],"wp:featuredmedia":[{"embeddable":true,"href":"https:\/\/vapebulkp.com\/sl\/wp-json\/wp\/v2\/media\/2375"}],"wp:attachment":[{"href":"https:\/\/vapebulkp.com\/sl\/wp-json\/wp\/v2\/media?parent=2403"}],"wp:term":[{"taxonomy":"product_cat","embeddable":true,"href":"https:\/\/vapebulkp.com\/sl\/wp-json\/wp\/v2\/product_cat?post=2403"},{"taxonomy":"product_tag","embeddable":true,"href":"https:\/\/vapebulkp.com\/sl\/wp-json\/wp\/v2\/product_tag?post=2403"}],"curies":[{"name":"wp","href":"https:\/\/api.w.org\/{rel}","templated":true}]}}