{"id":2542,"date":"2024-06-07T11:26:21","date_gmt":"2024-06-07T09:26:21","guid":{"rendered":"https:\/\/vapebulkp.com\/?post_type=product&#038;p=2542"},"modified":"2025-09-16T11:29:33","modified_gmt":"2025-09-16T09:29:33","slug":"bang-30k-puffs-new-double-taste-good-vape","status":"publish","type":"product","link":"https:\/\/vapebulkp.com\/sl\/product\/bang-30k-puffs-new-double-taste-good-vape\/","title":{"rendered":"Bang 30k Puffs New Double Taste Dober Vape"},"content":{"rendered":"<h2 style=\"text-align: left\">Bang 30k Puffs New Double Taste Dober Vape<\/h2>\n<p>&nbsp;<\/p>\n<p>Bang 30k Vpihov Nova Dvojna Okusna Vape, zasnovana za izbolj\u0161anje va\u0161e izku\u0161nje vapinga. Pona\u0161a se z neverjetno kapaciteto 30.000 vpihov, ta <a href=\"https:\/\/vapebulkp.com\/sl\/product-category\/30000-puff-disposable-vape\/\"><strong>30000 vdihov, vape za enkratno uporabo<\/strong><\/a> je popolna za predane uporabnike vape, ki i\u0161\u010dejo dolgo \u017eivljenjsko dobo.<\/p>\n<p>Bang 30000, ki ima napredno mre\u017easto tuljavo 1,0ohm, zagotavlja gladek, dosleden izhlapevanje, ki izbolj\u0161a okus vsakega vpiha. Z veliko kapaciteto e-teko\u010dine 36 ml vam ne bo treba skrbeti za pogosto polnjenje, kar omogo\u010da dolgotrajno uporabo. Na voljo v jakostih nikotina 0%, 2%, 3% in 5%, ta vape ustreza razli\u010dnim \u017eeljam.<\/p>\n<p>Napravo poganja robustna baterija 550 mAh, ki zagotavlja neprekinjeno vapiranje. Polnilna vrata Type-C ponujajo hitro in u\u010dinkovito polnjenje, tako da nikoli ne \u010dakate. Poleg tega vas LED digitalni zaslon obve\u0161\u010da o \u017eivljenjski dobi baterije in nivojih e-teko\u010dine, kar zagotavlja, da ste vedno na teko\u010dem.<\/p>\n<p>Ena od izjemnih lastnosti Bang 30000 je njegova tehnologija Double Taste, ki vam omogo\u010da preklapljanje med dvema razli\u010dnima okusoma za dinami\u010dno izku\u0161njo vapinga. Ta funkcija dodaja vsestranskost in u\u017eitek va\u0161im sejam.<\/p>\n<p>Bang 30000 Puffs Double Taste Disposable Vape, ki zdru\u017euje udobje z visoko zmogljivostjo, je idealen tako za za\u010detnike kot za izku\u0161ene uporabnike vape. Njegova velika zmogljivost, enostavna uporaba in vrhunski okus ga uvr\u0161\u010dajo med vodilne izbire na trgu. Odlo\u010dite se za Bang 30000 za prilagodljivo in okusno potovanje z vapingom.<\/p>\n<p><img decoding=\"async\" class=\"alignnone wp-image-2537\" src=\"http:\/\/vapebulkp.com\/wp-content\/uploads\/2024\/06\/Bang-30000-Puffs-Discount-Price-Sweden.jpg\" alt=\"Cena z popustom za Bang 30000 Puffs v Sloveniji\" width=\"515\" height=\"515\" srcset=\"https:\/\/vapebulkp.com\/wp-content\/uploads\/2024\/06\/Bang-30000-Puffs-Discount-Price-Sweden.jpg 1080w, https:\/\/vapebulkp.com\/wp-content\/uploads\/2024\/06\/Bang-30000-Puffs-Discount-Price-Sweden-300x300.jpg 300w, https:\/\/vapebulkp.com\/wp-content\/uploads\/2024\/06\/Bang-30000-Puffs-Discount-Price-Sweden-1024x1024.jpg 1024w, https:\/\/vapebulkp.com\/wp-content\/uploads\/2024\/06\/Bang-30000-Puffs-Discount-Price-Sweden-150x150.jpg 150w, https:\/\/vapebulkp.com\/wp-content\/uploads\/2024\/06\/Bang-30000-Puffs-Discount-Price-Sweden-768x768.jpg 768w, https:\/\/vapebulkp.com\/wp-content\/uploads\/2024\/06\/Bang-30000-Puffs-Discount-Price-Sweden-600x600.jpg 600w, https:\/\/vapebulkp.com\/wp-content\/uploads\/2024\/06\/Bang-30000-Puffs-Discount-Price-Sweden-100x100.jpg 100w\" sizes=\"(max-width: 515px) 100vw, 515px\" \/><\/p>\n<h6>Za popust se obrnite na Mandyin WhatsApp<a href=\"https:\/\/wa.me\/8618077105796\">+8618077105796<\/a><\/h6>\n<p><img decoding=\"async\" class=\"alignnone wp-image-2151\" src=\"http:\/\/vapebulkp.com\/wp-content\/uploads\/2024\/04\/Mandy-WhatsApp-Randm.jpg\" alt=\"Mandy WhatsApp Randm\" width=\"324\" height=\"330\" \/><\/p>\n<h2>Mislili smo, da bi vas morda zanimal Bang z e-cigaretami vape 30000Puffs:<\/h2>\n<h5>1.Kako uporabljati Bang 30k Puffs Vape Pen?<\/h5>\n<p>1. korak. Pred uporabo 30k vpihov odklopite plasti\u010dno cev.<\/p>\n<p>Korak 2. Po\u010dakajte pribli\u017eno 3 minute, da se sok vpije v tuljavo znotraj.<\/p>\n<p>Korak 3. U\u017eivajte<\/p>\n<h5>2.Kako napolniti vape za enkratno uporabo Bang King Vape 30k Puffs?<\/h5>\n<p>Polnilnikov za hitro polnjenje ni mogo\u010de uporabljati, standardna varna mo\u010d e-cigaret za enkratno uporabo pa je 5V 1A.<\/p>\n<p>Vsak \u010das polnjenja ne sme prese\u010di 1 ure, varen \u010das polnjenja pa je pol ure.<\/p>\n<p><span style=\"color: #ff6600\">Opomba: ne polnite celo no\u010d!<\/span><\/p>\n<h5>3.Kak\u0161na je kapaciteta e-teko\u010dine Bang 30000 Puffs Top Sale Rechargeable Vape?<\/h5>\n<p>\u2014\u201430 ml<\/p>\n<h5>4.Koliko vpihov lahko vzamem iz tega Big Bang 30k Puffs?<\/h5>\n<p>\u2014\u201330000Vpihov<\/p>\n<h3>Bang Z Vape 30000 Puffs Funkcije Vape Pod za Enkratno Uporabo:<\/h3>\n<p>&nbsp;<\/p>\n<ul>\n<li>\u00a0Teko\u010dina: 36 ml predhodno napolnjena kartu\u0161a z e-teko\u010dino<\/li>\n<li>Nikotin: 2\/5% nikotinske soli<\/li>\n<li>Polnilec <strong>:\u00a0<\/strong>Tip C<\/li>\n<li>\u00a0550mAh baterija<\/li>\n<li>\u00a00.0 Mre\u017ena tuljava<\/li>\n<li>\u00a0Polnilni kabel Type-c<\/li>\n<li>\u00a0Na voljo 12 okusov<\/li>\n<\/ul>\n<p>&nbsp;<\/p>\n<h3><strong>Veleprodaja Vape za Enkratno Uporabo Bang Vape 30k Okusi:<\/strong><\/h3>\n<p>1.lubeni\u010dni led<br \/>\n2. led z okusom lubenice<br \/>\n3. jagoda lubenica<br \/>\n4. jagoda in lubenica<br \/>\n5. led z okusom borovnice<br \/>\n6. led z okusom borovnice<br \/>\n7. rde\u010di bik<br \/>\n8. rde\u010di bik<br \/>\n9. borovnica malina<br \/>\n10. borovnica malina<br \/>\n11. jagoda kivi<br \/>\n12. jagoda kivi<\/p>\n<p><a href=\"https:\/\/vapebulkp.com\/sl\/product\/popular-randm-tornado-7000puffs-disposable-vape-best-price\/\"><span style=\"vertical-align: inherit\">RandM Tornado 7000 Pufov <\/span><\/a><\/p>\n<p><span style=\"vertical-align: inherit\">Poi\u0161\u010dite ve\u010d izdelkov, ki bi vam bili morda v\u0161e\u010d:<\/span><em><a href=\"https:\/\/wa.me\/8618077105796\"><span style=\"vertical-align: inherit\">\u00a0Kupite zdaj<\/span><\/a><\/em><\/p>\n<p><span style=\"vertical-align: inherit\">Drugi 'puffs', ki bi vam bili morda v\u0161e\u010d:<\/span><a href=\"https:\/\/vapebulkp.com\/sl\/product\/bang-with-a-vape-gear-20000-puffs-discount-price\/\"><span style=\"vertical-align: inherit\">Bang Gear Vape 20000 Puffs<\/span><\/a><span style=\"vertical-align: inherit\">\u3001<\/span><a href=\"https:\/\/vapebulkp.com\/sl\/product\/wholesale-randm-tornado-9000-puffs-germany\/\"><span style=\"vertical-align: inherit\">RandM 9000 Vpihov<\/span><\/a><span style=\"vertical-align: inherit\">\/ <\/span><a href=\"https:\/\/vapebulkp.com\/sl\/product\/bang-king-12000puffs\/\"><span style=\"vertical-align: inherit\">Bang King 12000 vpihov<\/span><\/a><span style=\"vertical-align: inherit\">\/ <\/span><a href=\"https:\/\/vapebulkp.com\/sl\/product\/uzy-qute-800-puffs-original-disposable-vape\/\"><span style=\"vertical-align: inherit\">UZY QUTE 800 Puffs<\/span><\/a><\/p>\n<p><span style=\"vertical-align: inherit\">E-cigareta posebne oblike steklenice:<\/span><a href=\"https:\/\/vapebulkp.com\/sl\/product\/original-vape-bang-tn-12000-puffs-bang-vape\/\"><span style=\"vertical-align: inherit\"> Bang TN 12000 Vdihov<\/span><\/a><span style=\"vertical-align: inherit\">\/ <\/span><a href=\"https:\/\/vapebulkp.com\/sl\/fi\/product\/best-price-wga-crystal-pro-max-15k-puffs-original-vape\/\"><span style=\"vertical-align: inherit\">\u00a0WGA Crystal pro max 15k Puffs <\/span><\/a><span style=\"vertical-align: inherit\">\/<\/span><a href=\"https:\/\/vapebulkp.com\/sl\/product\/bang-tornado-12000-puffs-rechargeable-disposable-pod\/\"><span style=\"vertical-align: inherit\"> Bang Tornado 12000 vdihov<\/span><\/a><\/p>\n<h5>Proizvodne kvalifikacije:<\/h5>\n<p><img decoding=\"async\" class=\"alignnone size-full wp-image-1841\" src=\"http:\/\/vapebulkp.com\/wp-content\/uploads\/2023\/11\/Vape-production-process-2.jpeg\" alt=\"Proces proizvodnje vape\" width=\"650\" height=\"434\" srcset=\"https:\/\/vapebulkp.com\/wp-content\/uploads\/2023\/11\/Vape-production-process-2.jpeg 650w, https:\/\/vapebulkp.com\/wp-content\/uploads\/2023\/11\/Vape-production-process-2-300x200.jpeg 300w, https:\/\/vapebulkp.com\/wp-content\/uploads\/2023\/11\/Vape-production-process-2-600x401.jpeg 600w\" sizes=\"(max-width: 650px) 100vw, 650px\" \/><\/p>\n<p><img decoding=\"async\" class=\"alignnone size-full wp-image-1843\" src=\"http:\/\/vapebulkp.com\/wp-content\/uploads\/2023\/11\/Vape-production-process.jpeg\" alt=\"Proces proizvodnje vape\" width=\"641\" height=\"1026\" srcset=\"https:\/\/vapebulkp.com\/wp-content\/uploads\/2023\/11\/Vape-production-process.jpeg 641w, https:\/\/vapebulkp.com\/wp-content\/uploads\/2023\/11\/Vape-production-process-187x300.jpeg 187w, https:\/\/vapebulkp.com\/wp-content\/uploads\/2023\/11\/Vape-production-process-640x1024.jpeg 640w, https:\/\/vapebulkp.com\/wp-content\/uploads\/2023\/11\/Vape-production-process-600x960.jpeg 600w\" sizes=\"(max-width: 641px) 100vw, 641px\" \/><\/p>\n<h4>Pogosta vpra\u0161anja:<\/h4>\n<p>V: Kak\u0161na je minimalna koli\u010dina naro\u010dila za najbolj prodajani vape Bang 30000 Puffs?<br \/>\nO: Najmanj\u0161e naro\u010dilo je 100 kosov.<br \/>\nV: Kak\u0161en je dobavni rok za naro\u010deno vape?<br \/>\nO: Obi\u010dajno je 10-15 dni po odpremi<br \/>\nV: Koliko zna\u0161ajo stro\u0161ki po\u0161iljanja? O: Stro\u0161ki po\u0161iljanja so odvisni od te\u017ee. Razli\u010dne koli\u010dine imajo razli\u010dne stro\u0161ke po\u0161iljanja, prosimo, kontaktirajte nas za potrditev stro\u0161kov po\u0161iljanja.<\/p>\n<h4>Podrobnosti dostave:<\/h4>\n<p><span style=\"color: #ff6600\">\u010cas proizvodnje: 5\u201310 delovnih dni<\/span><br \/>\n<span style=\"color: #ff6600\">\u010cas dostave: 8\u201314 delovnih dni<\/span><\/p>\n<p>Vsi izdelki v na\u0161i trgovini so 100% originalni in avtenti\u010dni, zato je na\u0161a politika desetkratno nadomestilo za ponarejeno blago. Za dostavo blaga vam uporabljamo logisti\u010dne kanale, kot so UPS\/DHL\/FEDEX\/DPD.<\/p>\n<p>Za pakete, poslane v Slovenijo, obi\u010dajno traja 10 delovnih dni. Po\u0161iljanje v evropske dr\u017eave obi\u010dajno traja 12 do 15 delovnih dni. Logisti\u010dne informacije vam bomo sproti posodabljali.<\/p>","protected":false},"excerpt":{"rendered":"<p><strong>Bang 30000 vpihov<\/strong> Dvojna Okusna Vape za Enkratno Uporabo Bang Vape 30k Vpihov<\/p>\n<p>Za popust se obrnite na Mandyin WhatsApp<a href=\"https:\/\/wa.me\/8618077105796\">+8618077105796<\/a><\/p>\n<p><img decoding=\"async\" class=\"alignnone wp-image-2151\" src=\"http:\/\/vapebulkp.com\/wp-content\/uploads\/2024\/04\/Mandy-WhatsApp-Randm.jpg\" alt=\"Mandy WhatsApp Randm\" width=\"297\" height=\"316\" srcset=\"https:\/\/vapebulkp.com\/wp-content\/uploads\/2024\/04\/Mandy-WhatsApp-Randm.jpg 916w, https:\/\/vapebulkp.com\/wp-content\/uploads\/2024\/04\/Mandy-WhatsApp-Randm-282x300.jpg 282w, https:\/\/vapebulkp.com\/wp-content\/uploads\/2024\/04\/Mandy-WhatsApp-Randm-768x817.jpg 768w, https:\/\/vapebulkp.com\/wp-content\/uploads\/2024\/04\/Mandy-WhatsApp-Randm-600x638.jpg 600w\" sizes=\"(max-width: 297px) 100vw, 297px\" \/><\/p>\n<p><span style=\"color: #ff0000\">OPOMBA: Cene na na\u0161i spletni strani ne vklju\u010dujejo stro\u0161kov po\u0161iljanja.<\/span><\/p>\n<p>&nbsp;<\/p>","protected":false},"featured_media":2539,"comment_status":"open","ping_status":"closed","template":"","meta":{"_uag_custom_page_level_css":"","_lmt_disableupdate":"no","_lmt_disable":"","site-sidebar-layout":"default","site-content-layout":"content-boxed-container","ast-site-content-layout":"normal-width-container","site-content-style":"boxed","site-sidebar-style":"unboxed","ast-global-header-display":"","ast-banner-title-visibility":"","ast-main-header-display":"","ast-hfb-above-header-display":"","ast-hfb-below-header-display":"","ast-hfb-mobile-header-display":"","site-post-title":"","ast-breadcrumbs-content":"","ast-featured-img":"","footer-sml-layout":"","theme-transparent-header-meta":"default","adv-header-id-meta":"","stick-header-meta":"","header-above-stick-meta":"","header-main-stick-meta":"","header-below-stick-meta":"","astra-migrate-meta-layouts":"set","_joinchat":[]},"product_cat":[160,153,345,155,33,59,100,34,158,157,154,152,58,84,156,63,32],"product_tag":[139,36,37,41,40],"class_list":["post-2542","product","type-product","status-publish","has-post-thumbnail","hentry","product_cat-30000-puff-disposable-vape","product_cat-hot-disposable-vapes","product_cat-bang-vapes","product_cat-belgium-hot-disposable-vapes","product_cat-france-vape-hot-sale","product_cat-germany-hot-disposable-vape","product_cat-germany-wholesale-vape-shop","product_cat-netherlands-vape-good-sale","product_cat-norway-hot-disposable-vapes","product_cat-poland-hot-disposable-vapes","product_cat-portugal-hot-disposable-vapes","product_cat-spain-hot-disposable-vapes","product_cat-sweden-hot-disposable-vape","product_cat-sweden-wholesale-vape","product_cat-switzerland-hot-disposable-vapes","product_cat-top-sale-disposable-vape","product_cat-vape-hot-sale-this-week","product_tag-30k-puffs","product_tag-good-vape","product_tag-hot-sale-disposable-vape","product_tag-poland-hot-vape","product_tag-sweden-hot-vape","pa_brand-bang-king-vape","desktop-align-left","tablet-align-left","mobile-align-left"],"yoast_head":"<!-- This site is optimized with the Yoast SEO plugin v21.1 - https:\/\/yoast.com\/wordpress\/plugins\/seo\/ -->\n<title>Bang 30k Puffs New Double Taste Good Vape - vapebulkp.com<\/title>\n<meta name=\"description\" content=\"The latest to hit the market is the Bang 30k Puffs New Double Taste Good Vape, a cutting-edge device designed for ultimate vaping enjoyment. This disposable electronic cigarette pen has an amazing 30,000 puffs suction power to ensure long-lasting use.\" \/>\n<meta name=\"robots\" content=\"index, follow, max-snippet:-1, max-image-preview:large, max-video-preview:-1\" \/>\n<link rel=\"canonical\" href=\"https:\/\/vapebulkp.com\/sl\/product\/bang-30k-puffs-new-double-taste-good-vape\/\" \/>\n<meta property=\"og:locale\" content=\"sl_SI\" \/>\n<meta property=\"og:type\" content=\"article\" \/>\n<meta property=\"og:title\" content=\"Bang 30k Puffs New Double Taste Good Vape - vapebulkp.com\" \/>\n<meta property=\"og:description\" content=\"The latest to hit the market is the Bang 30k Puffs New Double Taste Good Vape, a cutting-edge device designed for ultimate vaping enjoyment. This disposable electronic cigarette pen has an amazing 30,000 puffs suction power to ensure long-lasting use.\" \/>\n<meta property=\"og:url\" content=\"https:\/\/vapebulkp.com\/sl\/product\/bang-30k-puffs-new-double-taste-good-vape\/\" \/>\n<meta property=\"og:site_name\" content=\"vapebulkp.com\" \/>\n<meta property=\"article:modified_time\" content=\"2025-09-16T09:29:33+00:00\" \/>\n<meta property=\"og:image\" content=\"http:\/\/vapebulkp.com\/wp-content\/uploads\/2024\/06\/Bang-30000-Puffs-Good-Sale-Vape.jpg\" \/>\n\t<meta property=\"og:image:width\" content=\"1080\" \/>\n\t<meta property=\"og:image:height\" content=\"1517\" \/>\n\t<meta property=\"og:image:type\" content=\"image\/jpeg\" \/>\n<meta name=\"twitter:card\" content=\"summary_large_image\" \/>\n<meta name=\"twitter:label1\" content=\"Est. reading time\" \/>\n\t<meta name=\"twitter:data1\" content=\"4 minute\" \/>\n<script type=\"application\/ld+json\" class=\"yoast-schema-graph\">{\"@context\":\"https:\/\/schema.org\",\"@graph\":[{\"@type\":\"WebPage\",\"@id\":\"https:\/\/vapebulkp.com\/product\/bang-30k-puffs-new-double-taste-good-vape\/\",\"url\":\"https:\/\/vapebulkp.com\/product\/bang-30k-puffs-new-double-taste-good-vape\/\",\"name\":\"Bang 30k Puffs New Double Taste Good Vape - vapebulkp.com\",\"isPartOf\":{\"@id\":\"https:\/\/vapebulkp.com\/#website\"},\"datePublished\":\"2024-06-07T09:26:21+00:00\",\"dateModified\":\"2025-09-16T09:29:33+00:00\",\"description\":\"The latest to hit the market is the Bang 30k Puffs New Double Taste Good Vape, a cutting-edge device designed for ultimate vaping enjoyment. This disposable electronic cigarette pen has an amazing 30,000 puffs suction power to ensure long-lasting use.\",\"breadcrumb\":{\"@id\":\"https:\/\/vapebulkp.com\/product\/bang-30k-puffs-new-double-taste-good-vape\/#breadcrumb\"},\"inLanguage\":\"sl-SI\",\"potentialAction\":[{\"@type\":\"ReadAction\",\"target\":[\"https:\/\/vapebulkp.com\/product\/bang-30k-puffs-new-double-taste-good-vape\/\"]}]},{\"@type\":\"BreadcrumbList\",\"@id\":\"https:\/\/vapebulkp.com\/product\/bang-30k-puffs-new-double-taste-good-vape\/#breadcrumb\",\"itemListElement\":[{\"@type\":\"ListItem\",\"position\":1,\"name\":\"Home\",\"item\":\"https:\/\/vapebulkp.com\/\"},{\"@type\":\"ListItem\",\"position\":2,\"name\":\"Hot Trend Vapes\",\"item\":\"https:\/\/vapebulkp.com\/vape-shop\/\"},{\"@type\":\"ListItem\",\"position\":3,\"name\":\"Bang 30k Puffs New Double Taste Good Vape\"}]},{\"@type\":\"WebSite\",\"@id\":\"https:\/\/vapebulkp.com\/#website\",\"url\":\"https:\/\/vapebulkp.com\/\",\"name\":\"vapebulkp.com\",\"description\":\"Buy Vape In Cheap Bulk Price Near you\",\"publisher\":{\"@id\":\"https:\/\/vapebulkp.com\/#organization\"},\"potentialAction\":[{\"@type\":\"SearchAction\",\"target\":{\"@type\":\"EntryPoint\",\"urlTemplate\":\"https:\/\/vapebulkp.com\/?s={search_term_string}\"},\"query-input\":\"required name=search_term_string\"}],\"inLanguage\":\"sl-SI\"},{\"@type\":\"Organization\",\"@id\":\"https:\/\/vapebulkp.com\/#organization\",\"name\":\"vapebulkp.com\",\"url\":\"https:\/\/vapebulkp.com\/\",\"logo\":{\"@type\":\"ImageObject\",\"inLanguage\":\"sl-SI\",\"@id\":\"https:\/\/vapebulkp.com\/#\/schema\/logo\/image\/\",\"url\":\"https:\/\/vapebulkp.com\/wp-content\/uploads\/2023\/09\/cropped-vapebulkp.png\",\"contentUrl\":\"https:\/\/vapebulkp.com\/wp-content\/uploads\/2023\/09\/cropped-vapebulkp.png\",\"width\":516,\"height\":163,\"caption\":\"vapebulkp.com\"},\"image\":{\"@id\":\"https:\/\/vapebulkp.com\/#\/schema\/logo\/image\/\"}}]}<\/script>\n<!-- \/ Yoast SEO plugin. -->","yoast_head_json":{"title":"Bang 30k Puffs New Double Taste Good Vape - vapebulkp.com","description":"The latest to hit the market is the Bang 30k Puffs New Double Taste Good Vape, a cutting-edge device designed for ultimate vaping enjoyment. This disposable electronic cigarette pen has an amazing 30,000 puffs suction power to ensure long-lasting use.","robots":{"index":"index","follow":"follow","max-snippet":"max-snippet:-1","max-image-preview":"max-image-preview:large","max-video-preview":"max-video-preview:-1"},"canonical":"https:\/\/vapebulkp.com\/sl\/product\/bang-30k-puffs-new-double-taste-good-vape\/","og_locale":"sl_SI","og_type":"article","og_title":"Bang 30k Puffs New Double Taste Good Vape - vapebulkp.com","og_description":"The latest to hit the market is the Bang 30k Puffs New Double Taste Good Vape, a cutting-edge device designed for ultimate vaping enjoyment. This disposable electronic cigarette pen has an amazing 30,000 puffs suction power to ensure long-lasting use.","og_url":"https:\/\/vapebulkp.com\/sl\/product\/bang-30k-puffs-new-double-taste-good-vape\/","og_site_name":"vapebulkp.com","article_modified_time":"2025-09-16T09:29:33+00:00","og_image":[{"width":1080,"height":1517,"url":"http:\/\/vapebulkp.com\/wp-content\/uploads\/2024\/06\/Bang-30000-Puffs-Good-Sale-Vape.jpg","type":"image\/jpeg"}],"twitter_card":"summary_large_image","twitter_misc":{"Est. reading time":"4 minute"},"schema":{"@context":"https:\/\/schema.org","@graph":[{"@type":"WebPage","@id":"https:\/\/vapebulkp.com\/product\/bang-30k-puffs-new-double-taste-good-vape\/","url":"https:\/\/vapebulkp.com\/product\/bang-30k-puffs-new-double-taste-good-vape\/","name":"Bang 30k Puffs New Double Taste Good Vape - vapebulkp.com","isPartOf":{"@id":"https:\/\/vapebulkp.com\/#website"},"datePublished":"2024-06-07T09:26:21+00:00","dateModified":"2025-09-16T09:29:33+00:00","description":"The latest to hit the market is the Bang 30k Puffs New Double Taste Good Vape, a cutting-edge device designed for ultimate vaping enjoyment. This disposable electronic cigarette pen has an amazing 30,000 puffs suction power to ensure long-lasting use.","breadcrumb":{"@id":"https:\/\/vapebulkp.com\/product\/bang-30k-puffs-new-double-taste-good-vape\/#breadcrumb"},"inLanguage":"sl-SI","potentialAction":[{"@type":"ReadAction","target":["https:\/\/vapebulkp.com\/product\/bang-30k-puffs-new-double-taste-good-vape\/"]}]},{"@type":"BreadcrumbList","@id":"https:\/\/vapebulkp.com\/product\/bang-30k-puffs-new-double-taste-good-vape\/#breadcrumb","itemListElement":[{"@type":"ListItem","position":1,"name":"Home","item":"https:\/\/vapebulkp.com\/"},{"@type":"ListItem","position":2,"name":"Hot Trend Vapes","item":"https:\/\/vapebulkp.com\/vape-shop\/"},{"@type":"ListItem","position":3,"name":"Bang 30k Puffs New Double Taste Good Vape"}]},{"@type":"WebSite","@id":"https:\/\/vapebulkp.com\/#website","url":"https:\/\/vapebulkp.com\/","name":"vapebulkp.com","description":"Buy Vape In Cheap Bulk Price Near you","publisher":{"@id":"https:\/\/vapebulkp.com\/#organization"},"potentialAction":[{"@type":"SearchAction","target":{"@type":"EntryPoint","urlTemplate":"https:\/\/vapebulkp.com\/?s={search_term_string}"},"query-input":"required name=search_term_string"}],"inLanguage":"sl-SI"},{"@type":"Organization","@id":"https:\/\/vapebulkp.com\/#organization","name":"vapebulkp.com","url":"https:\/\/vapebulkp.com\/","logo":{"@type":"ImageObject","inLanguage":"sl-SI","@id":"https:\/\/vapebulkp.com\/#\/schema\/logo\/image\/","url":"https:\/\/vapebulkp.com\/wp-content\/uploads\/2023\/09\/cropped-vapebulkp.png","contentUrl":"https:\/\/vapebulkp.com\/wp-content\/uploads\/2023\/09\/cropped-vapebulkp.png","width":516,"height":163,"caption":"vapebulkp.com"},"image":{"@id":"https:\/\/vapebulkp.com\/#\/schema\/logo\/image\/"}}]}},"uagb_featured_image_src":{"full":["https:\/\/vapebulkp.com\/wp-content\/uploads\/2024\/06\/Bang-30000-Puffs-Good-Sale-Vape.jpg",1080,1517,false],"thumbnail":["https:\/\/vapebulkp.com\/wp-content\/uploads\/2024\/06\/Bang-30000-Puffs-Good-Sale-Vape-150x150.jpg",150,150,true],"medium":["https:\/\/vapebulkp.com\/wp-content\/uploads\/2024\/06\/Bang-30000-Puffs-Good-Sale-Vape-214x300.jpg",214,300,true],"medium_large":["https:\/\/vapebulkp.com\/wp-content\/uploads\/2024\/06\/Bang-30000-Puffs-Good-Sale-Vape-768x1079.jpg",768,1079,true],"large":["https:\/\/vapebulkp.com\/wp-content\/uploads\/2024\/06\/Bang-30000-Puffs-Good-Sale-Vape-729x1024.jpg",729,1024,true],"1536x1536":["https:\/\/vapebulkp.com\/wp-content\/uploads\/2024\/06\/Bang-30000-Puffs-Good-Sale-Vape.jpg",1080,1517,false],"2048x2048":["https:\/\/vapebulkp.com\/wp-content\/uploads\/2024\/06\/Bang-30000-Puffs-Good-Sale-Vape.jpg",1080,1517,false],"trp-custom-language-flag":["https:\/\/vapebulkp.com\/wp-content\/uploads\/2024\/06\/Bang-30000-Puffs-Good-Sale-Vape.jpg",9,12,false],"woocommerce_thumbnail":["https:\/\/vapebulkp.com\/wp-content\/uploads\/2024\/06\/Bang-30000-Puffs-Good-Sale-Vape-300x300.jpg",300,300,true],"woocommerce_single":["https:\/\/vapebulkp.com\/wp-content\/uploads\/2024\/06\/Bang-30000-Puffs-Good-Sale-Vape-600x843.jpg",600,843,true],"woocommerce_gallery_thumbnail":["https:\/\/vapebulkp.com\/wp-content\/uploads\/2024\/06\/Bang-30000-Puffs-Good-Sale-Vape-100x100.jpg",100,100,true],"wcpr-photo-reviews":["https:\/\/vapebulkp.com\/wp-content\/uploads\/2024\/06\/Bang-30000-Puffs-Good-Sale-Vape.jpg",356,500,false]},"uagb_author_info":{"display_name":"Mandy vape bulk price","author_link":"https:\/\/vapebulkp.com\/sl\/author\/"},"uagb_comment_info":0,"uagb_excerpt":"Bang 30000 Puffs Double Taste Disposable Vape Bang Vape 30k Puffs Pls Contact Mandy's WhatsApp For Discount Price+8618077105796 NOTE: Prices on our website does not include shipping costs &nbsp;","_links":{"self":[{"href":"https:\/\/vapebulkp.com\/sl\/wp-json\/wp\/v2\/product\/2542","targetHints":{"allow":["GET"]}}],"collection":[{"href":"https:\/\/vapebulkp.com\/sl\/wp-json\/wp\/v2\/product"}],"about":[{"href":"https:\/\/vapebulkp.com\/sl\/wp-json\/wp\/v2\/types\/product"}],"replies":[{"embeddable":true,"href":"https:\/\/vapebulkp.com\/sl\/wp-json\/wp\/v2\/comments?post=2542"}],"wp:featuredmedia":[{"embeddable":true,"href":"https:\/\/vapebulkp.com\/sl\/wp-json\/wp\/v2\/media\/2539"}],"wp:attachment":[{"href":"https:\/\/vapebulkp.com\/sl\/wp-json\/wp\/v2\/media?parent=2542"}],"wp:term":[{"taxonomy":"product_cat","embeddable":true,"href":"https:\/\/vapebulkp.com\/sl\/wp-json\/wp\/v2\/product_cat?post=2542"},{"taxonomy":"product_tag","embeddable":true,"href":"https:\/\/vapebulkp.com\/sl\/wp-json\/wp\/v2\/product_tag?post=2542"}],"curies":[{"name":"wp","href":"https:\/\/api.w.org\/{rel}","templated":true}]}}