{"id":2701,"date":"2024-07-26T08:28:10","date_gmt":"2024-07-26T06:28:10","guid":{"rendered":"https:\/\/vapebulkp.com\/?post_type=product&#038;p=2701"},"modified":"2025-09-24T05:15:20","modified_gmt":"2025-09-24T03:15:20","slug":"vapsolo-super-15k-puffs-wholesale-price-e-cigarette","status":"publish","type":"product","link":"https:\/\/vapebulkp.com\/sl\/product\/vapsolo-super-15k-puffs-wholesale-price-e-cigarette\/","title":{"rendered":"Vapsolo SUPER 15K Puffs Veleprodajna cena E-cigareta"},"content":{"rendered":"<h2 style=\"text-align: left\">Vapsolo SUPER 15K Puffs Veleprodajna cena E-cigareta<\/h2>\n<p>&nbsp;<\/p>\n<p data-start=\"203\" data-end=\"636\"><strong data-start=\"203\" data-end=\"246\">Vapsolo SUPER 15K Puffs Vape za enkratno uporabo<\/strong> je zasnovan za evropski trg vapinga, saj ponuja popolno ravnovesje priro\u010dnosti in u\u010dinkovitosti za mlade odrasle uporabnike. Ta <a href=\"https:\/\/vapebulkp.com\/sl\/product-category\/15000-puffs-disposable-vape\/\"><strong data-start=\"379\" data-end=\"408\">Vape za enkratno uporabo s 15k Puffs<\/strong><\/a> ima zmogljivo 650mAh polnilno baterijo in 25ml prostornino e-teko\u010dine, kar zagotavlja dolgotrajno uporabo in stabilen izhod pare. Z <strong data-start=\"545\" data-end=\"572\">2% in 5% nikotinsko paro<\/strong> mo\u017enostmi, ustreza razli\u010dnim potrebam in \u017eeljam glede vapinga.<\/p>\n<p data-start=\"638\" data-end=\"1016\">S 15 najbolj prodajanimi okusi, ta <a href=\"https:\/\/vapebulkp.com\/sl\/product-category\/germany-hot-disposable-vape\/\"><strong data-start=\"678\" data-end=\"707\">veleprodajna e-cigareta za enkratno uporabo<\/strong><\/a> zagotavlja gladke udarce v grlo in dosledno zadovoljstvo, zaradi \u010desar je zanesljiva <strong data-start=\"786\" data-end=\"808\">naprava za e-cigarete<\/strong> za trgovce na drobno in potro\u0161nike. Zasnovan za intenzivno uporabo in stro\u0161kovno u\u010dinkovitost, je <strong data-start=\"891\" data-end=\"923\">Vapsolo SUPER 15K Vdihov Vape<\/strong> pametna izbira za veletrgovce, ki ciljajo na mo\u0161ki tr\u017eni segment starosti 25-35 let po vsej Sloveniji.<\/p>\n<p><img decoding=\"async\" class=\"alignnone wp-image-2699\" src=\"http:\/\/vapebulkp.com\/wp-content\/uploads\/2024\/07\/Vapsolo-SUPER-15K-Puffs.jpg\" alt=\"Vapsolo SUPER 15K Vdihov\" width=\"783\" height=\"589\" srcset=\"https:\/\/vapebulkp.com\/wp-content\/uploads\/2024\/07\/Vapsolo-SUPER-15K-Puffs.jpg 896w, https:\/\/vapebulkp.com\/wp-content\/uploads\/2024\/07\/Vapsolo-SUPER-15K-Puffs-300x226.jpg 300w, https:\/\/vapebulkp.com\/wp-content\/uploads\/2024\/07\/Vapsolo-SUPER-15K-Puffs-768x578.jpg 768w, https:\/\/vapebulkp.com\/wp-content\/uploads\/2024\/07\/Vapsolo-SUPER-15K-Puffs-600x451.jpg 600w\" sizes=\"(max-width: 783px) 100vw, 783px\" \/><\/p>\n<h6>Za popust se obrnite na Mandyin WhatsApp<a href=\"https:\/\/wa.me\/8618077105796\">+8618077105796<\/a><\/h6>\n<p>&nbsp;<\/p>\n<p><img decoding=\"async\" class=\"alignnone wp-image-2151\" src=\"http:\/\/vapebulkp.com\/wp-content\/uploads\/2024\/04\/Mandy-WhatsApp-Randm.jpg\" alt=\"Mandy WhatsApp Randm\" width=\"324\" height=\"330\" \/><\/p>\n<h5>Morda vas bo zanimalo o Vapsolo super 15000Puffs Vape:<\/h5>\n<h5>1.Kako uporabljati Vapsolo super 15k Puffs Vape Pen?<\/h5>\n<p>Korak 1. Pred uporabo 15k vdihov izvlecite plasti\u010dno cev.<\/p>\n<p>Korak 2. Po\u010dakajte pribli\u017eno 3 minute, da se sok vpije v tuljavo znotraj.<\/p>\n<p>Korak 3. U\u017eivajte<\/p>\n<h5>2.Kako napolniti Vapsolo SUPER Vape 15k Puffs?<\/h5>\n<p>Polnilnikov za hitro polnjenje ni mogo\u010de uporabljati, standardna varna mo\u010d e-cigaret za enkratno uporabo pa je 5V 1A.<\/p>\n<p>Vsak \u010das polnjenja ne sme prese\u010di 1 ure, varen \u010das polnjenja pa je pol ure.<\/p>\n<p><span style=\"color: #ff6600\">Opomba: ne polnite celo no\u010d!<\/span><\/p>\n<h5>3.Kolik\u0161na je prostornina e-teko\u010dine Vapsolo SUPER 15000 Puffs Super Vape?<\/h5>\n<p>\u2014\u201425ml<\/p>\n<h5>4.Koliko potegov lahko naredim s tem Vapsolo super 15k Puffs?<\/h5>\n<p>\u2014\u201315000Vdihov<\/p>\n<h5>Vapsolo SUPER 15k Puffs Lastnosti Vape Pod za enkratno uporabo:<\/h5>\n<p>&nbsp;<\/p>\n<ul>\n<li>\u00a0Teko\u010dina: 25 ml vnaprej napolnjena e-teko\u010dina<\/li>\n<li>Nikotin: 2\/5% nikotinske soli<\/li>\n<li>\u00a0650 mAh baterijo<\/li>\n<li>\u00a0Type-c pametni VAPE<\/li>\n<li>\u00a0Na voljo 15 okusov<\/li>\n<\/ul>\n<p>&nbsp;<\/p>\n<h5><strong>Kateri so najbolj prodajani okusi Vapsolo SUPER 15000 Puffs?<\/strong><\/h5>\n<p>1. MODRA MALINA<br \/>\n2.BOROVNICA LED<br \/>\n3. DVOJNO JABOLKO<br \/>\n4. LUBENICA LED<br \/>\n5. JAGODA KIVI<br \/>\n6. ME\u0160ANO JAGODI\u010cEVJE<br \/>\n7. RDE\u010cI BIK<br \/>\n8. BOROVNICA \u010cE\u0160NJA BRUSNICA<br \/>\n9. LIMONA LIMETA<br \/>\n10. SKITTLES<br \/>\n11. \u010crni led zmajev sade\u017e jagoda<br \/>\n12. Borovnica \u010de\u0161nja kola<br \/>\n13. Malina lubenica<br \/>\n14. Jagoda banana<br \/>\n15. Poletne sanje<\/p>\n<p><a href=\"https:\/\/vapebulkp.com\/sl\/product\/popular-randm-tornado-7000puffs-disposable-vape-best-price\/\"><span style=\"vertical-align: inherit\">RandM Tornado 7000 Pufov <\/span><\/a><\/p>\n<p><span style=\"vertical-align: inherit\">Poi\u0161\u010dite ve\u010d izdelkov, ki bi vam bili morda v\u0161e\u010d:<\/span><em><a href=\"https:\/\/wa.me\/8618077105796\"><span style=\"vertical-align: inherit\">\u00a0Kupite zdaj<\/span><\/a><\/em><\/p>\n<p><span style=\"vertical-align: inherit\">Drugi 'puffs', ki bi vam bili morda v\u0161e\u010d:<\/span><a href=\"https:\/\/vapebulkp.com\/sl\/product\/bang-with-a-vape-gear-20000-puffs-discount-price\/\"><span style=\"vertical-align: inherit\">Bang Gear Vape 20000 Puffs<\/span><\/a><span style=\"vertical-align: inherit\">\u3001<\/span><a href=\"https:\/\/vapebulkp.com\/sl\/product\/wholesale-randm-tornado-9000-puffs-germany\/\"><span style=\"vertical-align: inherit\">RandM 9000 Vpihov<\/span><\/a><span style=\"vertical-align: inherit\">\/ <\/span><a href=\"https:\/\/vapebulkp.com\/sl\/fi\/product\/bang-30k-puffs-new-double-taste-good-vape\/\"><span style=\"vertical-align: inherit\">Bang Vape 30000Vpihov<\/span><\/a><span style=\"vertical-align: inherit\">\/ <\/span><a href=\"https:\/\/vapebulkp.com\/sl\/fi\/product\/uzy-bang-digital-12000puffs-led-display-e-cigarettes\/\"><span style=\"vertical-align: inherit\">UZY Bang Digital 15000 Pihov<\/span><\/a><\/p>\n<p><span style=\"vertical-align: inherit\">E-cigareta posebne oblike steklenice:<\/span><a href=\"https:\/\/vapebulkp.com\/sl\/fi\/product\/bang-beach-22k-puffs-new-electronic-cigarette\/\"><span style=\"vertical-align: inherit\"> Bang Beach 22000 vdihov<\/span><\/a><span style=\"vertical-align: inherit\">\/ <\/span><a href=\"https:\/\/vapebulkp.com\/sl\/fi\/product\/best-price-wga-crystal-pro-max-15k-puffs-original-vape\/\"><span style=\"vertical-align: inherit\">\u00a0WGA Crystal pro max 15k Puffs <\/span><\/a><span style=\"vertical-align: inherit\">\/<\/span><a href=\"https:\/\/vapebulkp.com\/sl\/product\/bang-tornado-12000-puffs-rechargeable-disposable-pod\/\"><span style=\"vertical-align: inherit\"> Bang Tornado 12000 vdihov<\/span><\/a><\/p>\n<h5>Proizvodne kvalifikacije:<\/h5>\n<p><img decoding=\"async\" class=\"alignnone size-full wp-image-1841\" src=\"http:\/\/vapebulkp.com\/wp-content\/uploads\/2023\/11\/Vape-production-process-2.jpeg\" alt=\"Proces proizvodnje vape\" width=\"650\" height=\"434\" srcset=\"https:\/\/vapebulkp.com\/wp-content\/uploads\/2023\/11\/Vape-production-process-2.jpeg 650w, https:\/\/vapebulkp.com\/wp-content\/uploads\/2023\/11\/Vape-production-process-2-300x200.jpeg 300w, https:\/\/vapebulkp.com\/wp-content\/uploads\/2023\/11\/Vape-production-process-2-600x401.jpeg 600w\" sizes=\"(max-width: 650px) 100vw, 650px\" \/><\/p>\n<p><img decoding=\"async\" class=\"alignnone size-full wp-image-1843\" src=\"http:\/\/vapebulkp.com\/wp-content\/uploads\/2023\/11\/Vape-production-process.jpeg\" alt=\"Proces proizvodnje vape\" width=\"641\" height=\"1026\" srcset=\"https:\/\/vapebulkp.com\/wp-content\/uploads\/2023\/11\/Vape-production-process.jpeg 641w, https:\/\/vapebulkp.com\/wp-content\/uploads\/2023\/11\/Vape-production-process-187x300.jpeg 187w, https:\/\/vapebulkp.com\/wp-content\/uploads\/2023\/11\/Vape-production-process-640x1024.jpeg 640w, https:\/\/vapebulkp.com\/wp-content\/uploads\/2023\/11\/Vape-production-process-600x960.jpeg 600w\" sizes=\"(max-width: 641px) 100vw, 641px\" \/><\/p>\n<h5>Pogosta vpra\u0161anja:<\/h5>\n<p>V: Kolik\u0161na je minimalna koli\u010dina naro\u010dila za Vapsolo SUPER 15000 Puffs?<br \/>\nO: Najmanj\u0161e naro\u010dilo je 100 kosov.<br \/>\nV: Kak\u0161en je dobavni rok za naro\u010deno vape?<br \/>\nO: Obi\u010dajno je 10-15 dni po odpremi<br \/>\nV: Koliko zna\u0161ajo stro\u0161ki po\u0161iljanja? O: Stro\u0161ki po\u0161iljanja so odvisni od te\u017ee. Razli\u010dne koli\u010dine imajo razli\u010dne stro\u0161ke po\u0161iljanja, za potrditev stro\u0161kov po\u0161iljanja nas kontaktirajte.<\/p>\n<h4>Podrobnosti dostave:<\/h4>\n<p><span style=\"color: #ff6600\">\u010cas proizvodnje: 5\u201310 delovnih dni<\/span><br \/>\n<span style=\"color: #ff6600\">\u010cas dostave: 8\u201314 delovnih dni<\/span><\/p>\n<p>Vsi izdelki v na\u0161i trgovini so 100% originalni in avtenti\u010dni, zato je na\u0161a politika desetkratno nadomestilo za ponarejeno blago. Za dostavo blaga vam uporabljamo logisti\u010dne kanale, kot so UPS\/DHL\/FEDEX\/DPD.<\/p>\n<p>Za pakete, poslane v Slovenijo, obi\u010dajno traja 10 delovnih dni. Po\u0161iljanje v evropske dr\u017eave obi\u010dajno traja 12 do 15 delovnih dni. Logisti\u010dne informacije vam bomo sproti posodabljali.<\/p>","protected":false},"excerpt":{"rendered":"<p>Zni\u017eana cena Vapsolo 15k Puffs Novi model Vape<\/p>\n<h6>Za popust se obrnite na Mandyin WhatsApp<a href=\"https:\/\/wa.me\/8618077105796\">+8618077105796<\/a><\/h6>\n<p>&nbsp;<\/p>\n<p><img decoding=\"async\" class=\"alignnone wp-image-2151\" src=\"http:\/\/vapebulkp.com\/wp-content\/uploads\/2024\/04\/Mandy-WhatsApp-Randm.jpg\" alt=\"Mandy WhatsApp Randm\" width=\"297\" height=\"316\" srcset=\"https:\/\/vapebulkp.com\/wp-content\/uploads\/2024\/04\/Mandy-WhatsApp-Randm.jpg 916w, https:\/\/vapebulkp.com\/wp-content\/uploads\/2024\/04\/Mandy-WhatsApp-Randm-282x300.jpg 282w, https:\/\/vapebulkp.com\/wp-content\/uploads\/2024\/04\/Mandy-WhatsApp-Randm-768x817.jpg 768w, https:\/\/vapebulkp.com\/wp-content\/uploads\/2024\/04\/Mandy-WhatsApp-Randm-600x638.jpg 600w\" sizes=\"(max-width: 297px) 100vw, 297px\" \/><\/p>\n<p><span style=\"color: #ff0000\">OPOMBA: Cene na na\u0161i spletni strani ne vklju\u010dujejo stro\u0161kov po\u0161iljanja.<\/span><\/p>\n<p>&nbsp;<\/p>","protected":false},"featured_media":2692,"comment_status":"open","ping_status":"closed","template":"","meta":{"_uag_custom_page_level_css":"","_lmt_disableupdate":"no","_lmt_disable":"","site-sidebar-layout":"default","site-content-layout":"content-boxed-container","ast-site-content-layout":"normal-width-container","site-content-style":"boxed","site-sidebar-style":"unboxed","ast-global-header-display":"","ast-banner-title-visibility":"","ast-main-header-display":"","ast-hfb-above-header-display":"","ast-hfb-below-header-display":"","ast-hfb-mobile-header-display":"","site-post-title":"","ast-breadcrumbs-content":"","ast-featured-img":"","footer-sml-layout":"","theme-transparent-header-meta":"default","adv-header-id-meta":"","stick-header-meta":"","header-above-stick-meta":"","header-main-stick-meta":"","header-below-stick-meta":"","astra-migrate-meta-layouts":"set","_joinchat":[]},"product_cat":[165,153,155,33,59,100,87,34,158,157,154,152,58,84,156,63,32,362],"product_tag":[36,37,41,40],"class_list":["post-2701","product","type-product","status-publish","has-post-thumbnail","hentry","product_cat-15000-puffs-disposable-vape","product_cat-hot-disposable-vapes","product_cat-belgium-hot-disposable-vapes","product_cat-france-vape-hot-sale","product_cat-germany-hot-disposable-vape","product_cat-germany-wholesale-vape-shop","product_cat-minimum-order-quantity-50pcs","product_cat-netherlands-vape-good-sale","product_cat-norway-hot-disposable-vapes","product_cat-poland-hot-disposable-vapes","product_cat-portugal-hot-disposable-vapes","product_cat-spain-hot-disposable-vapes","product_cat-sweden-hot-disposable-vape","product_cat-sweden-wholesale-vape","product_cat-switzerland-hot-disposable-vapes","product_cat-top-sale-disposable-vape","product_cat-vape-hot-sale-this-week","product_cat-vapsolo-vape","product_tag-good-vape","product_tag-hot-sale-disposable-vape","product_tag-poland-hot-vape","product_tag-sweden-hot-vape","pa_brand-vapsolo-vape","desktop-align-left","tablet-align-left","mobile-align-left"],"yoast_head":"<!-- This site is optimized with the Yoast SEO plugin v21.1 - https:\/\/yoast.com\/wordpress\/plugins\/seo\/ -->\n<title>Vapsolo SUPER 15K Puffs Wholesale Price E-Cigarette - vapebulkp.com<\/title>\n<meta name=\"description\" content=\"Buy Vapsolo SUPER 15K Puffs Disposable Vape at wholesale prices. Long-lasting 15k Puffs vape device with rich flavors and nicotine options. Perfect for EU distributors\u2014order today!\" \/>\n<meta name=\"robots\" content=\"index, follow, max-snippet:-1, max-image-preview:large, max-video-preview:-1\" \/>\n<link rel=\"canonical\" href=\"https:\/\/vapebulkp.com\/sl\/product\/vapsolo-super-15k-puffs-wholesale-price-e-cigarette\/\" \/>\n<meta property=\"og:locale\" content=\"sl_SI\" \/>\n<meta property=\"og:type\" content=\"article\" \/>\n<meta property=\"og:title\" content=\"Vapsolo SUPER 15K Puffs Wholesale Price E-Cigarette - vapebulkp.com\" \/>\n<meta property=\"og:description\" content=\"Buy Vapsolo SUPER 15K Puffs Disposable Vape at wholesale prices. Long-lasting 15k Puffs vape device with rich flavors and nicotine options. Perfect for EU distributors\u2014order today!\" \/>\n<meta property=\"og:url\" content=\"https:\/\/vapebulkp.com\/sl\/product\/vapsolo-super-15k-puffs-wholesale-price-e-cigarette\/\" \/>\n<meta property=\"og:site_name\" content=\"vapebulkp.com\" \/>\n<meta property=\"article:modified_time\" content=\"2025-09-24T03:15:20+00:00\" \/>\n<meta property=\"og:image\" content=\"http:\/\/vapebulkp.com\/wp-content\/uploads\/2024\/07\/Vapsolo-SUPER-15K-Puffs-Good-Price.jpg\" \/>\n\t<meta property=\"og:image:width\" content=\"1276\" \/>\n\t<meta property=\"og:image:height\" content=\"1702\" \/>\n\t<meta property=\"og:image:type\" content=\"image\/jpeg\" \/>\n<meta name=\"twitter:card\" content=\"summary_large_image\" \/>\n<meta name=\"twitter:label1\" content=\"Est. reading time\" \/>\n\t<meta name=\"twitter:data1\" content=\"4 minute\" \/>\n<script type=\"application\/ld+json\" class=\"yoast-schema-graph\">{\"@context\":\"https:\/\/schema.org\",\"@graph\":[{\"@type\":\"WebPage\",\"@id\":\"https:\/\/vapebulkp.com\/product\/vapsolo-super-15k-puffs-wholesale-price-e-cigarette\/\",\"url\":\"https:\/\/vapebulkp.com\/product\/vapsolo-super-15k-puffs-wholesale-price-e-cigarette\/\",\"name\":\"Vapsolo SUPER 15K Puffs Wholesale Price E-Cigarette - vapebulkp.com\",\"isPartOf\":{\"@id\":\"https:\/\/vapebulkp.com\/#website\"},\"datePublished\":\"2024-07-26T06:28:10+00:00\",\"dateModified\":\"2025-09-24T03:15:20+00:00\",\"description\":\"Buy Vapsolo SUPER 15K Puffs Disposable Vape at wholesale prices. Long-lasting 15k Puffs vape device with rich flavors and nicotine options. Perfect for EU distributors\u2014order today!\",\"breadcrumb\":{\"@id\":\"https:\/\/vapebulkp.com\/product\/vapsolo-super-15k-puffs-wholesale-price-e-cigarette\/#breadcrumb\"},\"inLanguage\":\"sl-SI\",\"potentialAction\":[{\"@type\":\"ReadAction\",\"target\":[\"https:\/\/vapebulkp.com\/product\/vapsolo-super-15k-puffs-wholesale-price-e-cigarette\/\"]}]},{\"@type\":\"BreadcrumbList\",\"@id\":\"https:\/\/vapebulkp.com\/product\/vapsolo-super-15k-puffs-wholesale-price-e-cigarette\/#breadcrumb\",\"itemListElement\":[{\"@type\":\"ListItem\",\"position\":1,\"name\":\"Home\",\"item\":\"https:\/\/vapebulkp.com\/\"},{\"@type\":\"ListItem\",\"position\":2,\"name\":\"Hot Trend Vapes\",\"item\":\"https:\/\/vapebulkp.com\/vape-shop\/\"},{\"@type\":\"ListItem\",\"position\":3,\"name\":\"Vapsolo SUPER 15K Puffs Wholesale Price E-Cigarette\"}]},{\"@type\":\"WebSite\",\"@id\":\"https:\/\/vapebulkp.com\/#website\",\"url\":\"https:\/\/vapebulkp.com\/\",\"name\":\"vapebulkp.com\",\"description\":\"Buy Vape In Cheap Bulk Price Near you\",\"publisher\":{\"@id\":\"https:\/\/vapebulkp.com\/#organization\"},\"potentialAction\":[{\"@type\":\"SearchAction\",\"target\":{\"@type\":\"EntryPoint\",\"urlTemplate\":\"https:\/\/vapebulkp.com\/?s={search_term_string}\"},\"query-input\":\"required name=search_term_string\"}],\"inLanguage\":\"sl-SI\"},{\"@type\":\"Organization\",\"@id\":\"https:\/\/vapebulkp.com\/#organization\",\"name\":\"vapebulkp.com\",\"url\":\"https:\/\/vapebulkp.com\/\",\"logo\":{\"@type\":\"ImageObject\",\"inLanguage\":\"sl-SI\",\"@id\":\"https:\/\/vapebulkp.com\/#\/schema\/logo\/image\/\",\"url\":\"https:\/\/vapebulkp.com\/wp-content\/uploads\/2023\/09\/cropped-vapebulkp.png\",\"contentUrl\":\"https:\/\/vapebulkp.com\/wp-content\/uploads\/2023\/09\/cropped-vapebulkp.png\",\"width\":516,\"height\":163,\"caption\":\"vapebulkp.com\"},\"image\":{\"@id\":\"https:\/\/vapebulkp.com\/#\/schema\/logo\/image\/\"}}]}<\/script>\n<!-- \/ Yoast SEO plugin. -->","yoast_head_json":{"title":"Vapsolo SUPER 15K Puffs Wholesale Price E-Cigarette - vapebulkp.com","description":"Buy Vapsolo SUPER 15K Puffs Disposable Vape at wholesale prices. Long-lasting 15k Puffs vape device with rich flavors and nicotine options. Perfect for EU distributors\u2014order today!","robots":{"index":"index","follow":"follow","max-snippet":"max-snippet:-1","max-image-preview":"max-image-preview:large","max-video-preview":"max-video-preview:-1"},"canonical":"https:\/\/vapebulkp.com\/sl\/product\/vapsolo-super-15k-puffs-wholesale-price-e-cigarette\/","og_locale":"sl_SI","og_type":"article","og_title":"Vapsolo SUPER 15K Puffs Wholesale Price E-Cigarette - vapebulkp.com","og_description":"Buy Vapsolo SUPER 15K Puffs Disposable Vape at wholesale prices. Long-lasting 15k Puffs vape device with rich flavors and nicotine options. Perfect for EU distributors\u2014order today!","og_url":"https:\/\/vapebulkp.com\/sl\/product\/vapsolo-super-15k-puffs-wholesale-price-e-cigarette\/","og_site_name":"vapebulkp.com","article_modified_time":"2025-09-24T03:15:20+00:00","og_image":[{"width":1276,"height":1702,"url":"http:\/\/vapebulkp.com\/wp-content\/uploads\/2024\/07\/Vapsolo-SUPER-15K-Puffs-Good-Price.jpg","type":"image\/jpeg"}],"twitter_card":"summary_large_image","twitter_misc":{"Est. reading time":"4 minute"},"schema":{"@context":"https:\/\/schema.org","@graph":[{"@type":"WebPage","@id":"https:\/\/vapebulkp.com\/product\/vapsolo-super-15k-puffs-wholesale-price-e-cigarette\/","url":"https:\/\/vapebulkp.com\/product\/vapsolo-super-15k-puffs-wholesale-price-e-cigarette\/","name":"Vapsolo SUPER 15K Puffs Wholesale Price E-Cigarette - vapebulkp.com","isPartOf":{"@id":"https:\/\/vapebulkp.com\/#website"},"datePublished":"2024-07-26T06:28:10+00:00","dateModified":"2025-09-24T03:15:20+00:00","description":"Buy Vapsolo SUPER 15K Puffs Disposable Vape at wholesale prices. Long-lasting 15k Puffs vape device with rich flavors and nicotine options. Perfect for EU distributors\u2014order today!","breadcrumb":{"@id":"https:\/\/vapebulkp.com\/product\/vapsolo-super-15k-puffs-wholesale-price-e-cigarette\/#breadcrumb"},"inLanguage":"sl-SI","potentialAction":[{"@type":"ReadAction","target":["https:\/\/vapebulkp.com\/product\/vapsolo-super-15k-puffs-wholesale-price-e-cigarette\/"]}]},{"@type":"BreadcrumbList","@id":"https:\/\/vapebulkp.com\/product\/vapsolo-super-15k-puffs-wholesale-price-e-cigarette\/#breadcrumb","itemListElement":[{"@type":"ListItem","position":1,"name":"Home","item":"https:\/\/vapebulkp.com\/"},{"@type":"ListItem","position":2,"name":"Hot Trend Vapes","item":"https:\/\/vapebulkp.com\/vape-shop\/"},{"@type":"ListItem","position":3,"name":"Vapsolo SUPER 15K Puffs Wholesale Price E-Cigarette"}]},{"@type":"WebSite","@id":"https:\/\/vapebulkp.com\/#website","url":"https:\/\/vapebulkp.com\/","name":"vapebulkp.com","description":"Buy Vape In Cheap Bulk Price Near you","publisher":{"@id":"https:\/\/vapebulkp.com\/#organization"},"potentialAction":[{"@type":"SearchAction","target":{"@type":"EntryPoint","urlTemplate":"https:\/\/vapebulkp.com\/?s={search_term_string}"},"query-input":"required name=search_term_string"}],"inLanguage":"sl-SI"},{"@type":"Organization","@id":"https:\/\/vapebulkp.com\/#organization","name":"vapebulkp.com","url":"https:\/\/vapebulkp.com\/","logo":{"@type":"ImageObject","inLanguage":"sl-SI","@id":"https:\/\/vapebulkp.com\/#\/schema\/logo\/image\/","url":"https:\/\/vapebulkp.com\/wp-content\/uploads\/2023\/09\/cropped-vapebulkp.png","contentUrl":"https:\/\/vapebulkp.com\/wp-content\/uploads\/2023\/09\/cropped-vapebulkp.png","width":516,"height":163,"caption":"vapebulkp.com"},"image":{"@id":"https:\/\/vapebulkp.com\/#\/schema\/logo\/image\/"}}]}},"uagb_featured_image_src":{"full":["https:\/\/vapebulkp.com\/wp-content\/uploads\/2024\/07\/Vapsolo-SUPER-15K-Puffs-Good-Price.jpg",1276,1702,false],"thumbnail":["https:\/\/vapebulkp.com\/wp-content\/uploads\/2024\/07\/Vapsolo-SUPER-15K-Puffs-Good-Price-150x150.jpg",150,150,true],"medium":["https:\/\/vapebulkp.com\/wp-content\/uploads\/2024\/07\/Vapsolo-SUPER-15K-Puffs-Good-Price-225x300.jpg",225,300,true],"medium_large":["https:\/\/vapebulkp.com\/wp-content\/uploads\/2024\/07\/Vapsolo-SUPER-15K-Puffs-Good-Price-768x1024.jpg",768,1024,true],"large":["https:\/\/vapebulkp.com\/wp-content\/uploads\/2024\/07\/Vapsolo-SUPER-15K-Puffs-Good-Price-768x1024.jpg",768,1024,true],"1536x1536":["https:\/\/vapebulkp.com\/wp-content\/uploads\/2024\/07\/Vapsolo-SUPER-15K-Puffs-Good-Price-1152x1536.jpg",1152,1536,true],"2048x2048":["https:\/\/vapebulkp.com\/wp-content\/uploads\/2024\/07\/Vapsolo-SUPER-15K-Puffs-Good-Price.jpg",1276,1702,false],"trp-custom-language-flag":["https:\/\/vapebulkp.com\/wp-content\/uploads\/2024\/07\/Vapsolo-SUPER-15K-Puffs-Good-Price.jpg",9,12,false],"woocommerce_thumbnail":["https:\/\/vapebulkp.com\/wp-content\/uploads\/2024\/07\/Vapsolo-SUPER-15K-Puffs-Good-Price-300x300.jpg",300,300,true],"woocommerce_single":["https:\/\/vapebulkp.com\/wp-content\/uploads\/2024\/07\/Vapsolo-SUPER-15K-Puffs-Good-Price-600x800.jpg",600,800,true],"woocommerce_gallery_thumbnail":["https:\/\/vapebulkp.com\/wp-content\/uploads\/2024\/07\/Vapsolo-SUPER-15K-Puffs-Good-Price-100x100.jpg",100,100,true],"wcpr-photo-reviews":["https:\/\/vapebulkp.com\/wp-content\/uploads\/2024\/07\/Vapsolo-SUPER-15K-Puffs-Good-Price.jpg",375,500,false]},"uagb_author_info":{"display_name":"Mandy vape bulk price","author_link":"https:\/\/vapebulkp.com\/sl\/author\/"},"uagb_comment_info":0,"uagb_excerpt":"Discount Price Vapsolo\u00a0 15k Puffs\u00a0 New Model\u00a0 Vape Pls Contact Mandy's WhatsApp For Discount Price+8618077105796 &nbsp; NOTE: Prices on our website does not include shipping costs &nbsp;","_links":{"self":[{"href":"https:\/\/vapebulkp.com\/sl\/wp-json\/wp\/v2\/product\/2701","targetHints":{"allow":["GET"]}}],"collection":[{"href":"https:\/\/vapebulkp.com\/sl\/wp-json\/wp\/v2\/product"}],"about":[{"href":"https:\/\/vapebulkp.com\/sl\/wp-json\/wp\/v2\/types\/product"}],"replies":[{"embeddable":true,"href":"https:\/\/vapebulkp.com\/sl\/wp-json\/wp\/v2\/comments?post=2701"}],"wp:featuredmedia":[{"embeddable":true,"href":"https:\/\/vapebulkp.com\/sl\/wp-json\/wp\/v2\/media\/2692"}],"wp:attachment":[{"href":"https:\/\/vapebulkp.com\/sl\/wp-json\/wp\/v2\/media?parent=2701"}],"wp:term":[{"taxonomy":"product_cat","embeddable":true,"href":"https:\/\/vapebulkp.com\/sl\/wp-json\/wp\/v2\/product_cat?post=2701"},{"taxonomy":"product_tag","embeddable":true,"href":"https:\/\/vapebulkp.com\/sl\/wp-json\/wp\/v2\/product_tag?post=2701"}],"curies":[{"name":"wp","href":"https:\/\/api.w.org\/{rel}","templated":true}]}}