{"id":2823,"date":"2024-08-30T04:42:55","date_gmt":"2024-08-30T02:42:55","guid":{"rendered":"https:\/\/vapebulkp.com\/?post_type=product&#038;p=2823"},"modified":"2025-09-24T05:48:16","modified_gmt":"2025-09-24T03:48:16","slug":"randm-fihp-9000puffs-disposable-vape-hot-selling","status":"publish","type":"product","link":"https:\/\/vapebulkp.com\/sl\/product\/randm-fihp-9000puffs-disposable-vape-hot-selling\/","title":{"rendered":"Randm FIHP 9000Puffs Za enkratno uporabo Vape Vro\u010da prodaja"},"content":{"rendered":"<h2>Randm FIHP 9000Puffs Za enkratno uporabo Vape Vro\u010da prodaja<\/h2>\n<p>&nbsp;<\/p>\n<p data-start=\"97\" data-end=\"416\">The <strong data-start=\"101\" data-end=\"141\">Randm FIHP 9000Vpufov Vrhunska E-Cig<\/strong> je e-cig z veliko kapaciteto, zasnovan za udobje in dosledno delovanje. Z 18-mililitrskim rezervoarjem za e-teko\u010dino zagotavlja do 9.000 gladkih vpihov, kar ga naredi idealnega za dolgotrajno uporabo. Njegova kompaktna, lahka zasnova (90 g) zagotavlja prenosljivost ob ohranjanju vrhunskega ob\u010dutka.<\/p>\n<p data-start=\"418\" data-end=\"675\">Opremljen s 650mAh polnilno baterijo, <strong data-start=\"467\" data-end=\"485\">FIHP 9000Vpufov<\/strong> zagotavlja zanesljivo napajanje za dalj\u0161e seanse. Izbirajte med 12 sadnimi okusi in 2% ali 5% nikotinsko soljo, ki ustreza va\u0161im \u017eeljam, ter zagotavlja bogat okus in zadovoljivo paro v vsakem vpihu.<\/p>\n<p data-start=\"677\" data-end=\"922\">Ta vrhunska e-cig podpira tudi OEM prilagajanje, kot nala\u0161\u010d za blagovne znamke, ki i\u0161\u010dejo kakovostne izdelke za veleprodajo. Pakiran v \u0161katle po 10 kosov in kartone po 200 enot, Veleprodajna Cena <strong data-start=\"844\" data-end=\"878\">FIHP 9000Vpufov Vrhunska E-Cig<\/strong> je pripravljen za velika naro\u010dila in po\u0161iljanje v EU.<\/p>\n<p>&nbsp;<\/p>\n<h6 style=\"text-align: left\"><img decoding=\"async\" class=\"alignnone wp-image-2805\" src=\"http:\/\/vapebulkp.com\/wp-content\/uploads\/2024\/08\/FIHP-9000-Puffs-Top-Sale-Bulk-vape-Germany-.jpg\" alt=\"FIHP 9000 Vpihov Najbolj\u0161a Razprodaja Debelo vape Slovenija\" width=\"696\" height=\"696\" srcset=\"https:\/\/vapebulkp.com\/wp-content\/uploads\/2024\/08\/FIHP-9000-Puffs-Top-Sale-Bulk-vape-Germany-.jpg 800w, https:\/\/vapebulkp.com\/wp-content\/uploads\/2024\/08\/FIHP-9000-Puffs-Top-Sale-Bulk-vape-Germany--300x300.jpg 300w, https:\/\/vapebulkp.com\/wp-content\/uploads\/2024\/08\/FIHP-9000-Puffs-Top-Sale-Bulk-vape-Germany--150x150.jpg 150w, https:\/\/vapebulkp.com\/wp-content\/uploads\/2024\/08\/FIHP-9000-Puffs-Top-Sale-Bulk-vape-Germany--768x768.jpg 768w, https:\/\/vapebulkp.com\/wp-content\/uploads\/2024\/08\/FIHP-9000-Puffs-Top-Sale-Bulk-vape-Germany--600x600.jpg 600w, https:\/\/vapebulkp.com\/wp-content\/uploads\/2024\/08\/FIHP-9000-Puffs-Top-Sale-Bulk-vape-Germany--100x100.jpg 100w\" sizes=\"(max-width: 696px) 100vw, 696px\" \/><\/h6>\n<h6>Za popust se obrnite na Mandyin WhatsApp<a href=\"https:\/\/wa.me\/8618077105796\">+8618077105796<\/a><\/h6>\n<p><img decoding=\"async\" class=\"alignnone wp-image-2151\" src=\"http:\/\/vapebulkp.com\/wp-content\/uploads\/2024\/04\/Mandy-WhatsApp-Randm.jpg\" alt=\"Mandy WhatsApp Randm\" width=\"287\" height=\"305\" srcset=\"https:\/\/vapebulkp.com\/wp-content\/uploads\/2024\/04\/Mandy-WhatsApp-Randm.jpg 916w, https:\/\/vapebulkp.com\/wp-content\/uploads\/2024\/04\/Mandy-WhatsApp-Randm-282x300.jpg 282w, https:\/\/vapebulkp.com\/wp-content\/uploads\/2024\/04\/Mandy-WhatsApp-Randm-768x817.jpg 768w, https:\/\/vapebulkp.com\/wp-content\/uploads\/2024\/04\/Mandy-WhatsApp-Randm-600x638.jpg 600w\" sizes=\"(max-width: 287px) 100vw, 287px\" \/><\/p>\n<div class=\"faqs-answer\"><strong style=\"font-size: 1.3em\"><span style=\"vertical-align: inherit\">FIHP 9k Vpufov Tornado E-Cig Specifikacije:<\/span><\/strong><\/div>\n<p>Model: FIHP Tornado 9k Vpufov<br \/>\nVpufi: 9k Vpufov<br \/>\nKapaciteta baterije: 650mAh<br \/>\nProstornina E-teko\u010dine: 18ml<br \/>\nVsebnost nikotina: 2%\/\/5% nikotinska sol<br \/>\nNajmanj\u0161a koli\u010dina naro\u010dila (MOQ): 50 kosov<\/p>\n<p>Dimenzije D\/\u0160\/V 34 * 34 * 146 mm (brez embala\u017ee)<br \/>\nTe\u017ea 90g\/kos<br \/>\nOkusi 12 okusov<br \/>\nEmbala\u017ea 10 kosov\/\u0161katla<br \/>\nKarton 200 kosov\/karton<\/p>\n<p>&nbsp;<\/p>\n<h5><\/h5>\n<h5><strong>Seznam okusov FIHP Tornado 9000 Randm Vape:<\/strong><\/h5>\n<p>&nbsp;<\/p>\n<p>01. Jagoda Kivi<br \/>\n02. Kivi Pasijonka Gvava<br \/>\n03. Mango Led<br \/>\n04. Me\u0161ane Jagode<br \/>\n05. Lubenica Led<br \/>\n06. Energijska Pija\u010da<br \/>\n07. Jagoda Banana<br \/>\n08. Jagoda Zmajev sad<br \/>\n09. Jagoda Lubenica<br \/>\n10. Mango Breskev<br \/>\n11. Borovni\u010deva Limonada<br \/>\n12. Hladna Meta<\/p>\n<p><a href=\"https:\/\/vapebulkp.com\/sl\/product\/good-vape-jnr-shisha-15000-puffs-wholesale-vapme-shisha\/\"><span style=\"vertical-align: inherit\">Vapme JNR nargile 15000 vpihov<\/span><\/a><\/p>\n<p><span style=\"vertical-align: inherit\">Poi\u0161\u010dite ve\u010d izdelkov, ki bi vam bili morda v\u0161e\u010d:<\/span><em><a href=\"https:\/\/wa.me\/8618077105796\"><span style=\"vertical-align: inherit\">\u00a0Kupite zdaj<\/span><\/a><\/em><\/p>\n<p><span style=\"vertical-align: inherit\">Drugi 'puffs', ki bi vam bili morda v\u0161e\u010d:<\/span><a href=\"https:\/\/vapebulkp.com\/sl\/product\/vapsolo-super-15k-puffs-wholesale-price-e-cigarette\/\"><span style=\"vertical-align: inherit\">Vapsolo super 15k <\/span><\/a><span style=\"vertical-align: inherit\">\u3001<\/span><a href=\"https:\/\/vapebulkp.com\/sl\/product\/good-sale-randm-tornado-10000-puffs-plus\/\"><span style=\"vertical-align: inherit\">Randm 10000 Pih<\/span><\/a><span style=\"vertical-align: inherit\">\/ <\/span><a href=\"https:\/\/vapebulkp.com\/sl\/product\/best-price-wga-crystal-pro-max-15k-puffs-original-vape\/\"><span style=\"vertical-align: inherit\">WGA Crystal Pro Max 15000 vpihov<\/span><\/a><span style=\"vertical-align: inherit\">\/ <\/span><a href=\"https:\/\/vapebulkp.com\/sl\/product\/popular-randm-tornado-7000puffs-disposable-vape-best-price\/\"><span style=\"vertical-align: inherit\">RandM Tornado 7000 Pih<\/span><\/a><\/p>\n<p><span style=\"vertical-align: inherit\">E-cigareta posebne oblike steklenice:<\/span><a href=\"https:\/\/vapebulkp.com\/sl\/product\/bang-box-12000puffs-good-vape-sweden-wholesale-price\/\"><span style=\"vertical-align: inherit\">Bang Box 12000 Pih <\/span><\/a><span style=\"vertical-align: inherit\">\/ <\/span><a href=\"https:\/\/vapebulkp.com\/sl\/product\/wholesale-tornado-rum-bar-9000-puffs-sweden\/\"><span style=\"vertical-align: inherit\">Rumbar 9000Vdihov<\/span><\/a><span style=\"vertical-align: inherit\">\/<\/span><a href=\"https:\/\/vapebulkp.com\/sl\/product\/bang-30k-puffs-new-double-taste-good-vape\/\"><span style=\"vertical-align: inherit\">Bang 30000 vpihov<\/span><\/a><\/p>\n<h4>Proizvodne kvalifikacije:<\/h4>\n<p><img decoding=\"async\" class=\"alignnone size-full wp-image-1841\" src=\"http:\/\/vapebulkp.com\/wp-content\/uploads\/2023\/11\/Vape-production-process-2.jpeg\" alt=\"Proces proizvodnje vape\" width=\"650\" height=\"434\" srcset=\"https:\/\/vapebulkp.com\/wp-content\/uploads\/2023\/11\/Vape-production-process-2.jpeg 650w, https:\/\/vapebulkp.com\/wp-content\/uploads\/2023\/11\/Vape-production-process-2-300x200.jpeg 300w, https:\/\/vapebulkp.com\/wp-content\/uploads\/2023\/11\/Vape-production-process-2-600x401.jpeg 600w\" sizes=\"(max-width: 650px) 100vw, 650px\" \/><\/p>\n<p><img decoding=\"async\" class=\"alignnone size-full wp-image-1843\" src=\"http:\/\/vapebulkp.com\/wp-content\/uploads\/2023\/11\/Vape-production-process.jpeg\" alt=\"Proces proizvodnje vape\" width=\"641\" height=\"1026\" srcset=\"https:\/\/vapebulkp.com\/wp-content\/uploads\/2023\/11\/Vape-production-process.jpeg 641w, https:\/\/vapebulkp.com\/wp-content\/uploads\/2023\/11\/Vape-production-process-187x300.jpeg 187w, https:\/\/vapebulkp.com\/wp-content\/uploads\/2023\/11\/Vape-production-process-640x1024.jpeg 640w, https:\/\/vapebulkp.com\/wp-content\/uploads\/2023\/11\/Vape-production-process-600x960.jpeg 600w\" sizes=\"(max-width: 641px) 100vw, 641px\" \/><\/p>\n<h5>Pogosta vpra\u0161anja:<\/h5>\n<p><strong>1. Ali lahko napravo Randm FIHP 9000 Puffs ponovno napolnim z e-teko\u010dino?<\/strong><\/p>\n<p>Ne, za enkratno uporabo zasnovana vape naprava Randm FIHP 9000 Puffs je namenjena samo enkratni uporabi in ne podpira ponovnega polnjenja. Vsaka naprava je predhodno napolnjena z visokokakovostno e-teko\u010dino, kar zagotavlja brezhibno in dosledno izku\u0161njo vapinga. Ko se e-teko\u010dina izprazni, je treba napravo odgovorno zavre\u010di.<\/p>\n<p><strong>2. Ali je mogo\u010de napravo Randm Tornado FIHP 9k Puffs Disposable Vape vzeti na letalo?<\/strong><\/p>\n<p>Da, naprava Randm FIHP 9000 Puffs Disposable Vape je prenosna in priro\u010dna za potovanja, vendar je pomembno, da pred vkrcanjem preverite posebne smernice va\u0161e letalske dru\u017ebe. Letalske dru\u017ebe imajo lahko posebna pravila glede prevoza izdelkov za vaping, zato lahko predhodno preverjanje prepre\u010di morebitne zaplete med va\u0161im letom.<\/p>\n<p><strong>3. Kako pravilno odstranim rabljeno napravo Randm FIHP 9k Puffs disposable vape?<\/strong><\/p>\n<p>Za okolju prijazno odstranjevanje rabljene naprave Randm FIHP 9000 Puffs disposable vape se obrnite na lokalne predpise o e-odpadkih ali elektronskem recikliranju. \u0160tevilni prodajalci vape in recikla\u017eni centri sprejemajo stare naprave, s \u010dimer zagotavljajo, da se z njimi ravna in jih odstranjuje na varen in okoljsko ozave\u0161\u010den na\u010din.<\/p>\n<h3>Podrobnosti dostave:<\/h3>\n<p><span style=\"color: #ff6600\">\u010cas proizvodnje: 5\u201310 delovnih dni<\/span><br \/>\n<span style=\"color: #ff6600\">\u010cas dostave: 8\u201314 delovnih dni<\/span><\/p>\n<p>Vsi izdelki v na\u0161i trgovini so 100% originalni in avtenti\u010dni, zato je na\u0161a politika desetkratno nadomestilo za ponarejeno blago. Za dostavo blaga vam uporabljamo logisti\u010dne kanale, kot so UPS\/DHL\/FEDEX\/DPD.<\/p>\n<p>Za pakete, poslane v Slovenijo, obi\u010dajno traja 10 delovnih dni. Po\u0161iljanje v evropske dr\u017eave obi\u010dajno traja 12 do 15 delovnih dni. Logisti\u010dne informacije vam bomo sproti posodabljali.<\/p>\n<h3><span style=\"color: #ff6600\"><strong>Zakaj izbrati <a style=\"color: #ff6600\" href=\"http:\/\/vapebulkp.com\/sl\/\">vapebulkp<\/a>\u00a0za va\u0161e potrebe po jednokratnih vape napravah?<\/strong><\/span><\/h3>\n<p>Ko gre za nakup <strong>kakovostnih jednokratnih vape naprav<\/strong>, Vapebulkp izstopa kot zaupanja vredna izbira iz ve\u010d prepri\u010dljivih razlogov. Tukaj je razlog, zakaj stranke \u0161e naprej izbirajo Vapebulkp za vse svoje potrebe po vapingu:<\/p>\n<ol>\n<li><strong>\u0160irok izbor vrhunskih blagovnih znamk<\/strong>: Pri Vapebulkp ponujamo obse\u017eno ponudbo <strong>najbolj\u0161ih blagovnih znamk jednokratnih vape naprav<\/strong>. Ne glede na to, ali i\u0161\u010dete najnovej\u0161e v tehnologiji vapinga ali klasi\u010dne priljubljene, imamo nekaj za vsakogar.<\/li>\n<li><strong>Konkuren\u010dne cene in popusti za ve\u010dje koli\u010dine<\/strong>: Zavedamo se pomena zagotavljanja odli\u010dne vrednosti za va\u0161 denar. Zato Vapebulkp ponuja <strong>konkuren\u010dne cene<\/strong> na vse izdelke, skupaj s privla\u010dnimi <strong>popusti pri nakupu ve\u010dje koli\u010dine<\/strong>, kar omogo\u010da ugodnej\u0161e zalaganje va\u0161ih najljub\u0161ih vapesov.<\/li>\n<li><strong>Zanesljiva in hitra dostava<\/strong>: Vapebulkp je ponosen na ponudbo <strong>hitrih in zanesljivih storitev dostave<\/strong> . Zavedamo se, da \u017eelite svoje izdelke prejeti hitro, zato zagotavljamo pravo\u010dasno dostavo, da boste zadovoljni.<\/li>\n<li><strong>Zagotavljanje verodostojnosti in kakovosti<\/strong>: Vsak izdelek, prodan na Vapebulkp, je 100 % verodostojen in najvi\u0161je kakovosti. S proizvajalci sodelujemo neposredno, da zagotovimo, da vsi <strong>za enkratno uporabo vapes<\/strong> izpolnjujejo stroge standarde kakovosti, kar vam zagotavlja varno in prijetno izku\u0161njo vapenja.<\/li>\n<li><strong>Odli\u010dna podpora strankam<\/strong>: Pri Vapebulkp je zadovoljstvo strank na\u0161a glavna prednostna naloga. Na\u0161a <strong>namenska ekipa za podporo strankam<\/strong> je vedno na voljo za pomo\u010d pri va\u0161ih vpra\u0161anjih ali pomislekih, kar zagotavlja nemoteno in prijetno nakupovalno izku\u0161njo.<\/li>\n<li><strong>Varno spletno nakupovanje<\/strong>: Nakupujte z zaupanjem na Vapebulkp. Na\u0161e spletno mesto je opremljeno z najnovej\u0161imi varnostnimi ukrepi, ki zagotavljajo, da so va\u0161i osebni podatki ves \u010das za\u0161\u010diteni med va\u0161im <strong>spletnim nakupovanjem<\/strong> izku\u0161nje.<\/li>\n<li><strong>Ekskluzivne ponudbe in promocije<\/strong>: Ne pozabite preveriti na\u0161ih rednih <strong>ekskluzivnih ponudb<\/strong> in <strong>promocij<\/strong>. Vapebulkp pogosto ponuja posebne ponudbe za priljubljene izdelke, kar vam pomaga prihraniti \u0161e ve\u010d pri va\u0161ih nakupih.<\/li>\n<\/ol>","protected":false},"excerpt":{"rendered":"<p>Randm FIHP Tornado 9k Vpufov E-Cig s Popustom<\/p>\n<p>Randm FIHP 90000 Vpufov E-Cig Vro\u010da Razprodaja po Tovarni\u0161ki Ceni<\/p>\n<p><img decoding=\"async\" class=\"alignnone wp-image-2151\" src=\"http:\/\/vapebulkp.com\/wp-content\/uploads\/2024\/04\/Mandy-WhatsApp-Randm.jpg\" alt=\"Mandy WhatsApp Randm\" width=\"269\" height=\"286\" srcset=\"https:\/\/vapebulkp.com\/wp-content\/uploads\/2024\/04\/Mandy-WhatsApp-Randm.jpg 916w, https:\/\/vapebulkp.com\/wp-content\/uploads\/2024\/04\/Mandy-WhatsApp-Randm-282x300.jpg 282w, https:\/\/vapebulkp.com\/wp-content\/uploads\/2024\/04\/Mandy-WhatsApp-Randm-768x817.jpg 768w, https:\/\/vapebulkp.com\/wp-content\/uploads\/2024\/04\/Mandy-WhatsApp-Randm-600x638.jpg 600w\" sizes=\"(max-width: 269px) 100vw, 269px\" \/><\/p>\n<p>Za popust se obrnite na Mandyin WhatsApp<a href=\"https:\/\/wa.me\/8618077105796\">+8618077105796<\/a><\/p>\n<p><span style=\"color: #ff0000\">OPOMBA: Cene na na\u0161i spletni strani ne vklju\u010dujejo stro\u0161kov po\u0161iljanja.<\/span><\/p>\n<p>Glavni razlog za nakup<br \/>\n1. Odli\u010dna kakovost in neprimerljiva zmogljivost.<\/p>\n<p>2. Konkuren\u010dna cena in hitra vrednost.<\/p>\n<p>3. Ve\u010d mo\u017enosti in pravo\u010dasna dostava.<\/p>\n<p>4. Zadovoljujo\u010da nakupovalna izku\u0161nja.<\/p>","protected":false},"featured_media":2819,"comment_status":"open","ping_status":"closed","template":"","meta":{"_uag_custom_page_level_css":"","_lmt_disableupdate":"no","_lmt_disable":"","site-sidebar-layout":"default","site-content-layout":"content-boxed-container","ast-site-content-layout":"normal-width-container","site-content-style":"boxed","site-sidebar-style":"unboxed","ast-global-header-display":"","ast-banner-title-visibility":"","ast-main-header-display":"","ast-hfb-above-header-display":"","ast-hfb-below-header-display":"","ast-hfb-mobile-header-display":"","site-post-title":"","ast-breadcrumbs-content":"","ast-featured-img":"","footer-sml-layout":"","theme-transparent-header-meta":"default","adv-header-id-meta":"","stick-header-meta":"","header-above-stick-meta":"","header-main-stick-meta":"","header-below-stick-meta":"","astra-migrate-meta-layouts":"set","_joinchat":[]},"product_cat":[168,350,33,59,100,87,34,158,157,154,152,58,84,156,63,32],"product_tag":[47,36,37,41,75,40],"class_list":["post-2823","product","type-product","status-publish","has-post-thumbnail","hentry","product_cat-9000-puffs-disposable-vape","product_cat-fihp-vape","product_cat-france-vape-hot-sale","product_cat-germany-hot-disposable-vape","product_cat-germany-wholesale-vape-shop","product_cat-minimum-order-quantity-50pcs","product_cat-netherlands-vape-good-sale","product_cat-norway-hot-disposable-vapes","product_cat-poland-hot-disposable-vapes","product_cat-portugal-hot-disposable-vapes","product_cat-spain-hot-disposable-vapes","product_cat-sweden-hot-disposable-vape","product_cat-sweden-wholesale-vape","product_cat-switzerland-hot-disposable-vapes","product_cat-top-sale-disposable-vape","product_cat-vape-hot-sale-this-week","product_tag-9000puffs","product_tag-good-vape","product_tag-hot-sale-disposable-vape","product_tag-poland-hot-vape","product_tag-randm-vape-9000-puffs","product_tag-sweden-hot-vape","pa_brand-fihp-vape","desktop-align-left","tablet-align-left","mobile-align-left"],"yoast_head":"<!-- This site is optimized with the Yoast SEO plugin v21.1 - https:\/\/yoast.com\/wordpress\/plugins\/seo\/ -->\n<title>Randm FIHP 9000Puffs Disposable Vape Hot Selling - vapebulkp.com<\/title>\n<meta name=\"description\" content=\"Randm FIHP 9000Puffs Disposable Vape Hot Selling is an all-in-one, pre-filled disposable e-cigarette with a rechargeable design, offering a wide selection of 12 flavors.\" \/>\n<meta name=\"robots\" content=\"index, follow, max-snippet:-1, max-image-preview:large, max-video-preview:-1\" \/>\n<link rel=\"canonical\" href=\"https:\/\/vapebulkp.com\/sl\/product\/randm-fihp-9000puffs-disposable-vape-hot-selling\/\" \/>\n<meta property=\"og:locale\" content=\"sl_SI\" \/>\n<meta property=\"og:type\" content=\"article\" \/>\n<meta property=\"og:title\" content=\"Randm FIHP 9000Puffs Disposable Vape Hot Selling - vapebulkp.com\" \/>\n<meta property=\"og:description\" content=\"Randm FIHP 9000Puffs Disposable Vape Hot Selling is an all-in-one, pre-filled disposable e-cigarette with a rechargeable design, offering a wide selection of 12 flavors.\" \/>\n<meta property=\"og:url\" content=\"https:\/\/vapebulkp.com\/sl\/product\/randm-fihp-9000puffs-disposable-vape-hot-selling\/\" \/>\n<meta property=\"og:site_name\" content=\"vapebulkp.com\" \/>\n<meta property=\"article:modified_time\" content=\"2025-09-24T03:48:16+00:00\" \/>\n<meta property=\"og:image\" content=\"http:\/\/vapebulkp.com\/wp-content\/uploads\/2024\/08\/Randm-Tornado-9K-Puffs-Wholeale-Bulk-vape-Sweden-.png\" \/>\n\t<meta property=\"og:image:width\" content=\"802\" \/>\n\t<meta property=\"og:image:height\" content=\"799\" \/>\n\t<meta property=\"og:image:type\" content=\"image\/png\" \/>\n<meta name=\"twitter:card\" content=\"summary_large_image\" \/>\n<meta name=\"twitter:label1\" content=\"Est. reading time\" \/>\n\t<meta name=\"twitter:data1\" content=\"5 minut\" \/>\n<script type=\"application\/ld+json\" class=\"yoast-schema-graph\">{\"@context\":\"https:\/\/schema.org\",\"@graph\":[{\"@type\":\"WebPage\",\"@id\":\"https:\/\/vapebulkp.com\/product\/randm-fihp-9000puffs-disposable-vape-hot-selling\/\",\"url\":\"https:\/\/vapebulkp.com\/product\/randm-fihp-9000puffs-disposable-vape-hot-selling\/\",\"name\":\"Randm FIHP 9000Puffs Disposable Vape Hot Selling - vapebulkp.com\",\"isPartOf\":{\"@id\":\"https:\/\/vapebulkp.com\/#website\"},\"datePublished\":\"2024-08-30T02:42:55+00:00\",\"dateModified\":\"2025-09-24T03:48:16+00:00\",\"description\":\"Randm FIHP 9000Puffs Disposable Vape Hot Selling is an all-in-one, pre-filled disposable e-cigarette with a rechargeable design, offering a wide selection of 12 flavors.\",\"breadcrumb\":{\"@id\":\"https:\/\/vapebulkp.com\/product\/randm-fihp-9000puffs-disposable-vape-hot-selling\/#breadcrumb\"},\"inLanguage\":\"sl-SI\",\"potentialAction\":[{\"@type\":\"ReadAction\",\"target\":[\"https:\/\/vapebulkp.com\/product\/randm-fihp-9000puffs-disposable-vape-hot-selling\/\"]}]},{\"@type\":\"BreadcrumbList\",\"@id\":\"https:\/\/vapebulkp.com\/product\/randm-fihp-9000puffs-disposable-vape-hot-selling\/#breadcrumb\",\"itemListElement\":[{\"@type\":\"ListItem\",\"position\":1,\"name\":\"Home\",\"item\":\"https:\/\/vapebulkp.com\/\"},{\"@type\":\"ListItem\",\"position\":2,\"name\":\"Hot Trend Vapes\",\"item\":\"https:\/\/vapebulkp.com\/vape-shop\/\"},{\"@type\":\"ListItem\",\"position\":3,\"name\":\"Randm FIHP 9000Puffs Disposable Vape Hot Selling\"}]},{\"@type\":\"WebSite\",\"@id\":\"https:\/\/vapebulkp.com\/#website\",\"url\":\"https:\/\/vapebulkp.com\/\",\"name\":\"vapebulkp.com\",\"description\":\"Buy Vape In Cheap Bulk Price Near you\",\"publisher\":{\"@id\":\"https:\/\/vapebulkp.com\/#organization\"},\"potentialAction\":[{\"@type\":\"SearchAction\",\"target\":{\"@type\":\"EntryPoint\",\"urlTemplate\":\"https:\/\/vapebulkp.com\/?s={search_term_string}\"},\"query-input\":\"required name=search_term_string\"}],\"inLanguage\":\"sl-SI\"},{\"@type\":\"Organization\",\"@id\":\"https:\/\/vapebulkp.com\/#organization\",\"name\":\"vapebulkp.com\",\"url\":\"https:\/\/vapebulkp.com\/\",\"logo\":{\"@type\":\"ImageObject\",\"inLanguage\":\"sl-SI\",\"@id\":\"https:\/\/vapebulkp.com\/#\/schema\/logo\/image\/\",\"url\":\"https:\/\/vapebulkp.com\/wp-content\/uploads\/2023\/09\/cropped-vapebulkp.png\",\"contentUrl\":\"https:\/\/vapebulkp.com\/wp-content\/uploads\/2023\/09\/cropped-vapebulkp.png\",\"width\":516,\"height\":163,\"caption\":\"vapebulkp.com\"},\"image\":{\"@id\":\"https:\/\/vapebulkp.com\/#\/schema\/logo\/image\/\"}}]}<\/script>\n<!-- \/ Yoast SEO plugin. -->","yoast_head_json":{"title":"Randm FIHP 9000Puffs Disposable Vape Hot Selling - vapebulkp.com","description":"Randm FIHP 9000Puffs Disposable Vape Hot Selling is an all-in-one, pre-filled disposable e-cigarette with a rechargeable design, offering a wide selection of 12 flavors.","robots":{"index":"index","follow":"follow","max-snippet":"max-snippet:-1","max-image-preview":"max-image-preview:large","max-video-preview":"max-video-preview:-1"},"canonical":"https:\/\/vapebulkp.com\/sl\/product\/randm-fihp-9000puffs-disposable-vape-hot-selling\/","og_locale":"sl_SI","og_type":"article","og_title":"Randm FIHP 9000Puffs Disposable Vape Hot Selling - vapebulkp.com","og_description":"Randm FIHP 9000Puffs Disposable Vape Hot Selling is an all-in-one, pre-filled disposable e-cigarette with a rechargeable design, offering a wide selection of 12 flavors.","og_url":"https:\/\/vapebulkp.com\/sl\/product\/randm-fihp-9000puffs-disposable-vape-hot-selling\/","og_site_name":"vapebulkp.com","article_modified_time":"2025-09-24T03:48:16+00:00","og_image":[{"width":802,"height":799,"url":"http:\/\/vapebulkp.com\/wp-content\/uploads\/2024\/08\/Randm-Tornado-9K-Puffs-Wholeale-Bulk-vape-Sweden-.png","type":"image\/png"}],"twitter_card":"summary_large_image","twitter_misc":{"Est. reading time":"5 minut"},"schema":{"@context":"https:\/\/schema.org","@graph":[{"@type":"WebPage","@id":"https:\/\/vapebulkp.com\/product\/randm-fihp-9000puffs-disposable-vape-hot-selling\/","url":"https:\/\/vapebulkp.com\/product\/randm-fihp-9000puffs-disposable-vape-hot-selling\/","name":"Randm FIHP 9000Puffs Disposable Vape Hot Selling - vapebulkp.com","isPartOf":{"@id":"https:\/\/vapebulkp.com\/#website"},"datePublished":"2024-08-30T02:42:55+00:00","dateModified":"2025-09-24T03:48:16+00:00","description":"Randm FIHP 9000Puffs Disposable Vape Hot Selling is an all-in-one, pre-filled disposable e-cigarette with a rechargeable design, offering a wide selection of 12 flavors.","breadcrumb":{"@id":"https:\/\/vapebulkp.com\/product\/randm-fihp-9000puffs-disposable-vape-hot-selling\/#breadcrumb"},"inLanguage":"sl-SI","potentialAction":[{"@type":"ReadAction","target":["https:\/\/vapebulkp.com\/product\/randm-fihp-9000puffs-disposable-vape-hot-selling\/"]}]},{"@type":"BreadcrumbList","@id":"https:\/\/vapebulkp.com\/product\/randm-fihp-9000puffs-disposable-vape-hot-selling\/#breadcrumb","itemListElement":[{"@type":"ListItem","position":1,"name":"Home","item":"https:\/\/vapebulkp.com\/"},{"@type":"ListItem","position":2,"name":"Hot Trend Vapes","item":"https:\/\/vapebulkp.com\/vape-shop\/"},{"@type":"ListItem","position":3,"name":"Randm FIHP 9000Puffs Disposable Vape Hot Selling"}]},{"@type":"WebSite","@id":"https:\/\/vapebulkp.com\/#website","url":"https:\/\/vapebulkp.com\/","name":"vapebulkp.com","description":"Buy Vape In Cheap Bulk Price Near you","publisher":{"@id":"https:\/\/vapebulkp.com\/#organization"},"potentialAction":[{"@type":"SearchAction","target":{"@type":"EntryPoint","urlTemplate":"https:\/\/vapebulkp.com\/?s={search_term_string}"},"query-input":"required name=search_term_string"}],"inLanguage":"sl-SI"},{"@type":"Organization","@id":"https:\/\/vapebulkp.com\/#organization","name":"vapebulkp.com","url":"https:\/\/vapebulkp.com\/","logo":{"@type":"ImageObject","inLanguage":"sl-SI","@id":"https:\/\/vapebulkp.com\/#\/schema\/logo\/image\/","url":"https:\/\/vapebulkp.com\/wp-content\/uploads\/2023\/09\/cropped-vapebulkp.png","contentUrl":"https:\/\/vapebulkp.com\/wp-content\/uploads\/2023\/09\/cropped-vapebulkp.png","width":516,"height":163,"caption":"vapebulkp.com"},"image":{"@id":"https:\/\/vapebulkp.com\/#\/schema\/logo\/image\/"}}]}},"uagb_featured_image_src":{"full":["https:\/\/vapebulkp.com\/wp-content\/uploads\/2024\/08\/Randm-Tornado-9K-Puffs-Wholeale-Bulk-vape-Sweden-.png",802,799,false],"thumbnail":["https:\/\/vapebulkp.com\/wp-content\/uploads\/2024\/08\/Randm-Tornado-9K-Puffs-Wholeale-Bulk-vape-Sweden--150x150.png",150,150,true],"medium":["https:\/\/vapebulkp.com\/wp-content\/uploads\/2024\/08\/Randm-Tornado-9K-Puffs-Wholeale-Bulk-vape-Sweden--300x300.png",300,300,true],"medium_large":["https:\/\/vapebulkp.com\/wp-content\/uploads\/2024\/08\/Randm-Tornado-9K-Puffs-Wholeale-Bulk-vape-Sweden--768x765.png",768,765,true],"large":["https:\/\/vapebulkp.com\/wp-content\/uploads\/2024\/08\/Randm-Tornado-9K-Puffs-Wholeale-Bulk-vape-Sweden-.png",802,799,false],"1536x1536":["https:\/\/vapebulkp.com\/wp-content\/uploads\/2024\/08\/Randm-Tornado-9K-Puffs-Wholeale-Bulk-vape-Sweden-.png",802,799,false],"2048x2048":["https:\/\/vapebulkp.com\/wp-content\/uploads\/2024\/08\/Randm-Tornado-9K-Puffs-Wholeale-Bulk-vape-Sweden-.png",802,799,false],"trp-custom-language-flag":["https:\/\/vapebulkp.com\/wp-content\/uploads\/2024\/08\/Randm-Tornado-9K-Puffs-Wholeale-Bulk-vape-Sweden-.png",12,12,false],"woocommerce_thumbnail":["https:\/\/vapebulkp.com\/wp-content\/uploads\/2024\/08\/Randm-Tornado-9K-Puffs-Wholeale-Bulk-vape-Sweden--300x300.png",300,300,true],"woocommerce_single":["https:\/\/vapebulkp.com\/wp-content\/uploads\/2024\/08\/Randm-Tornado-9K-Puffs-Wholeale-Bulk-vape-Sweden--600x598.png",600,598,true],"woocommerce_gallery_thumbnail":["https:\/\/vapebulkp.com\/wp-content\/uploads\/2024\/08\/Randm-Tornado-9K-Puffs-Wholeale-Bulk-vape-Sweden--100x100.png",100,100,true],"wcpr-photo-reviews":["https:\/\/vapebulkp.com\/wp-content\/uploads\/2024\/08\/Randm-Tornado-9K-Puffs-Wholeale-Bulk-vape-Sweden-.png",500,498,false]},"uagb_author_info":{"display_name":"Mandy vape bulk price","author_link":"https:\/\/vapebulkp.com\/sl\/author\/"},"uagb_comment_info":0,"uagb_excerpt":"Discount Price Ranmd FIHP Tornado 9k puffs Vape Bulk Price Hot Sale Vape Randm Vape FIHP 90000 Puffs Pls Contact Mandy's WhatsApp For Discount Price+8618077105796 NOTE: Prices on our website does not include shipping costs Main reason for purchase 1. Excellent quality and unparalleled performance. 2. Competitive price and fast value. 3. Multiple options and&hellip;","_links":{"self":[{"href":"https:\/\/vapebulkp.com\/sl\/wp-json\/wp\/v2\/product\/2823","targetHints":{"allow":["GET"]}}],"collection":[{"href":"https:\/\/vapebulkp.com\/sl\/wp-json\/wp\/v2\/product"}],"about":[{"href":"https:\/\/vapebulkp.com\/sl\/wp-json\/wp\/v2\/types\/product"}],"replies":[{"embeddable":true,"href":"https:\/\/vapebulkp.com\/sl\/wp-json\/wp\/v2\/comments?post=2823"}],"wp:featuredmedia":[{"embeddable":true,"href":"https:\/\/vapebulkp.com\/sl\/wp-json\/wp\/v2\/media\/2819"}],"wp:attachment":[{"href":"https:\/\/vapebulkp.com\/sl\/wp-json\/wp\/v2\/media?parent=2823"}],"wp:term":[{"taxonomy":"product_cat","embeddable":true,"href":"https:\/\/vapebulkp.com\/sl\/wp-json\/wp\/v2\/product_cat?post=2823"},{"taxonomy":"product_tag","embeddable":true,"href":"https:\/\/vapebulkp.com\/sl\/wp-json\/wp\/v2\/product_tag?post=2823"}],"curies":[{"name":"wp","href":"https:\/\/api.w.org\/{rel}","templated":true}]}}