{"id":2941,"date":"2024-09-25T10:02:50","date_gmt":"2024-09-25T08:02:50","guid":{"rendered":"https:\/\/vapebulkp.com\/?post_type=product&#038;p=2941"},"modified":"2025-09-24T05:47:17","modified_gmt":"2025-09-24T03:47:17","slug":"vozol-vista-20000-puff-rechargeable-vape-cheap-price-today","status":"publish","type":"product","link":"https:\/\/vapebulkp.com\/sl\/product\/vozol-vista-20000-puff-rechargeable-vape-cheap-price-today\/","title":{"rendered":"Vozol Vista 20000 Puff ponovno polnljiv Vejp Ugodna Cena Danes"},"content":{"rendered":"<h2 style=\"text-align: left\">Vozol Vista 20000 Puff ponovno polnljiv Vejp Ugodna Cena Danes<\/h2>\n<p data-start=\"310\" data-end=\"689\">The <strong data-start=\"354\" data-end=\"397\">Vozol Vista 20000 Vpihov Vape za Enkratno Uporabo<\/strong> zagotavlja dolgotrajno delovanje za resne slovenske uporabnike vape naprav. Z ve\u010d kot 20.000 vpihi in 650mAh polnilno baterijo zdru\u017euje vzdr\u017eljivost s priro\u010dnostjo za vsakodnevno uporabo ali potovanja. Vgrajen OLED zaslon prikazuje \u017eivljenjsko dobo baterije in nivoje e-teko\u010dine, s \u010dimer ohranja vsako sejo pod nadzorom.<\/p>\n<p data-start=\"691\" data-end=\"1018\">Opremljen z S.i.L.C Tech dvojnimi mre\u017eastimi grelci, ta <a href=\"https:\/\/vapebulkp.com\/sl\/product-category\/20000-puffs-disposable-vape\/\"><strong data-start=\"740\" data-end=\"771\">20000 vdihov e-cigareta za enkratno uporabo<\/strong><\/a> proizvaja gosto paro in bogat okus, popoln za navdu\u0161ence nad MTL (usta v plju\u010da) vapingom. \u0160est stopenj mo\u010di omogo\u010da natan\u010dno nastavitev intenzivnosti okusa in proizvodnje oblakov, kar ustreza tako zmernim kot mo\u010dnim preferencam za vape s solmi nikotina.<\/p>\n<p data-start=\"1020\" data-end=\"1278\">Izdelan iz 65% PCR recikliranih materialov, Vozol Vista 20k vpihov Vape Pods ponuja okolju prijazno mo\u017enost za visoko zmogljive, <strong data-start=\"1127\" data-end=\"1159\">za polnljiva jednokratna vape<\/strong> uporabnike. Kompakten, eleganten in pripravljen za veleprodajo, je idealen za slovenske trgovce na drobno, ki i\u0161\u010dejo zanesljiv izdelek z visokim povpra\u0161evanjem.<\/p>\n<h6 style=\"text-align: left\"><img decoding=\"async\" class=\"alignnone wp-image-2943\" src=\"http:\/\/vapebulkp.com\/wp-content\/uploads\/2024\/09\/VOZOL-VISTA-20000-Puffs-Top-Sale-Vape-1-1-e1727254794504.png\" alt=\"VOZOL VISTA 20000 Vpihov Najbolje prodajana Vape\" width=\"958\" height=\"385\" srcset=\"https:\/\/vapebulkp.com\/wp-content\/uploads\/2024\/09\/VOZOL-VISTA-20000-Puffs-Top-Sale-Vape-1-1-e1727254794504.png 3441w, https:\/\/vapebulkp.com\/wp-content\/uploads\/2024\/09\/VOZOL-VISTA-20000-Puffs-Top-Sale-Vape-1-1-e1727254794504-300x121.png 300w, https:\/\/vapebulkp.com\/wp-content\/uploads\/2024\/09\/VOZOL-VISTA-20000-Puffs-Top-Sale-Vape-1-1-e1727254794504-1024x412.png 1024w, https:\/\/vapebulkp.com\/wp-content\/uploads\/2024\/09\/VOZOL-VISTA-20000-Puffs-Top-Sale-Vape-1-1-e1727254794504-768x309.png 768w, https:\/\/vapebulkp.com\/wp-content\/uploads\/2024\/09\/VOZOL-VISTA-20000-Puffs-Top-Sale-Vape-1-1-e1727254794504-1536x618.png 1536w, https:\/\/vapebulkp.com\/wp-content\/uploads\/2024\/09\/VOZOL-VISTA-20000-Puffs-Top-Sale-Vape-1-1-e1727254794504-2048x824.png 2048w, https:\/\/vapebulkp.com\/wp-content\/uploads\/2024\/09\/VOZOL-VISTA-20000-Puffs-Top-Sale-Vape-1-1-e1727254794504-600x241.png 600w\" sizes=\"(max-width: 958px) 100vw, 958px\" \/><\/h6>\n<h6>Za popust se obrnite na Mandyin WhatsApp<a href=\"https:\/\/wa.me\/8618077105796\">+8618077105796<\/a><\/h6>\n<p><img decoding=\"async\" class=\"alignnone wp-image-2151\" src=\"http:\/\/vapebulkp.com\/wp-content\/uploads\/2024\/04\/Mandy-WhatsApp-Randm.jpg\" alt=\"Mandy WhatsApp Randm\" width=\"287\" height=\"305\" srcset=\"https:\/\/vapebulkp.com\/wp-content\/uploads\/2024\/04\/Mandy-WhatsApp-Randm.jpg 916w, https:\/\/vapebulkp.com\/wp-content\/uploads\/2024\/04\/Mandy-WhatsApp-Randm-282x300.jpg 282w, https:\/\/vapebulkp.com\/wp-content\/uploads\/2024\/04\/Mandy-WhatsApp-Randm-768x817.jpg 768w, https:\/\/vapebulkp.com\/wp-content\/uploads\/2024\/04\/Mandy-WhatsApp-Randm-600x638.jpg 600w\" sizes=\"(max-width: 287px) 100vw, 287px\" \/><\/p>\n<h2>Mislili smo, da bi vas morda zanimalo <strong>VOZOL VISTA 20000 Vpihov vozol vape<\/strong>\uff1a<\/h2>\n<p>&nbsp;<\/p>\n<ul>\n<li>\n<h6><strong>Kak\u0161na je prednost OLED zaslona na VOZOL VISTA 20k Vpihov?<\/strong><\/h6>\n<p>OLED zaslon uporabnikom omogo\u010da enostavno spremljanje \u017eivljenjske dobe baterije in nivojev e-teko\u010dine, kar zagotavlja, da vam med vapanjem nikoli ne bo nepri\u010dakovano zmanjkalo.<\/li>\n<li>\n<h6><strong>Koliko vpihov lahko pri\u010dakujem od VOZOL VISTA 20000 Vpihov vape naprave za enkratno uporabo?<\/strong><\/h6>\n<p>Ta vape naprava za enkratno uporabo ponuja impresivnih 20.000+ vpihov, zaradi \u010desar je ena najdlje trajajo\u010dih mo\u017enosti na trgu za tiste, ki i\u0161\u010dejo dolgotrajno uporabo.<\/li>\n<li>\n<h6><strong>Ali lahko prilagodim mo\u010d na VOZOL VISTA?<\/strong><\/h6>\n<p>Da, VOZOL VISTA ima 6-stopenjsko nastavitev mo\u010di, ki vam omogo\u010da, da prilagodite svojo izku\u0161njo vapinga glede na va\u0161e \u017eelje glede okusa in proizvodnje pare.<\/li>\n<li>\n<h6><strong>Koliko \u010dasa traja, da se popolnoma napolni baterija VOZOL VISTA 650mAh?<\/strong><\/h6>\n<p>650 mAh baterija za ponovno polnjenje se lahko popolnoma napolni v samo 45 minutah, kar zagotavlja hitro udobje za uporabnike, ki so vedno na poti.<\/li>\n<li>\n<h6><strong>Kak\u0161no vrsto tuljave uporablja VOZOL VISTA za bolj\u0161i okus?<\/strong><\/h6>\n<p>Uporablja dvojno mre\u017easto tuljavo S.i.L.C Tech, ki izbolj\u0161a okus in proizvodnjo pare, zaradi \u010desar je odli\u010dna izbira za tiste, ki u\u017eivajo v bogatih izku\u0161njah z vejpanjem.<\/li>\n<li>\n<h6><strong>Ali je VOZOL VISTA okolju prijazen?<\/strong><\/h6>\n<p>Da, materiali, uporabljeni za VOZOL VISTA, vklju\u010dujejo 65% PCR (reciklirana okolju prijazna plastika), zaradi \u010desar je bolj trajnostna mo\u017enost za ozave\u0161\u010dene vejpere.<\/li>\n<li>\n<h6><strong>Ali je VOZOL VISTA primeren za MTL vejpanje?<\/strong><\/h6>\n<p>Vsekakor! Zasnova je optimizirana za vejpanje od ust do plju\u010d (MTL), zaradi \u010desar je idealna tako za nove kot za izku\u0161ene uporabnike, ki imajo raje ta slog vejpanja.<\/li>\n<\/ul>\n<h3><strong>Lastnosti e-cigarete VOZOL VISTA 20000 Puffs za enkratno uporabo:<\/strong><\/h3>\n<ul>\n<li><strong>Zaslon OLED:<\/strong> Preprosto spremljajte \u017eivljenjsko dobo baterije in raven e-teko\u010dine za optimalno izku\u0161njo z vejpanjem.<\/li>\n<li><strong>Impresivno \u0161tevilo vdihov:<\/strong> U\u017eivajte v ve\u010d kot 20.000 vdihih, zaradi \u010desar je ena izmed najdlje trajajo\u010dih e-cigaret za enkratno uporabo na voljo.<\/li>\n<li><strong>Nastavljiva mo\u010d:<\/strong> Prilagodite si svojo izku\u0161njo z 6-stopenjsko nastavitvijo izhodne mo\u010di za prilagojeno vejpanje.<\/li>\n<li><strong>Hitro polnjenje:<\/strong> Vklju\u010duje 650 mAh baterijo za ponovno polnjenje, ki se popolnoma napolni v samo 45 minutah za ve\u010dje udobje.<\/li>\n<li><strong>Napredna tehnologija tuljave:<\/strong> Opremljen z dvojno mre\u017easto tuljavo S.i.L.C Tech za izbolj\u0161an okus in proizvodnjo pare.<\/li>\n<li><strong>Zanesljiv procesni \u010dip:<\/strong> Uporablja \u010dip MCU za izbolj\u0161ano delovanje in varnost.<\/li>\n<li><strong>Okolju prijazni materiali:<\/strong> Izdelano iz 65% PCR (recikliranega okolju prijaznega plastike) za zmanj\u0161anje vpliva na okolje.<\/li>\n<li><strong>MTL vejpanje:<\/strong> Zasnovano za vejpanje iz ust v plju\u010da, primerno za za\u010detnike in izku\u0161ene uporabnike.<\/li>\n<\/ul>\n<p>&nbsp;<\/p>\n<h3><strong>\u00a0 Priljubljen Vape <\/strong>Vozol Vista 20000 Puff Ugodne mo\u017enosti vejpanja<strong>\u00a0Okusi:<\/strong><\/h3>\n<ol>\n<li>Modri Razz led<\/li>\n<li>\u010ce\u0161nja Kola<\/li>\n<li>Grozdni led<\/li>\n<li>Limona, limeta<\/li>\n<li>Ledeni mango<\/li>\n<li>Miamijska meta<\/li>\n<li>Me\u0161ano jagodi\u010devje<\/li>\n<li>Breskev Mango Lubenica<\/li>\n<li>Malina, lubenica<\/li>\n<li>Kislo Jabolko Led<\/li>\n<li>Jagoda Mango<\/li>\n<li>Jagoda Malina \u010ce\u0161nja<\/li>\n<li>Vanilijeva Krema Tobak<\/li>\n<li>\u017dve\u010dilni gumi z okusom lubenice<\/li>\n<\/ol>\n<p><a href=\"https:\/\/vapebulkp.com\/sl\/product\/popular-randm-tornado-7000puffs-disposable-vape-best-price\/\"><span style=\"vertical-align: inherit\">RandM Tornado 7000 Pufov <\/span><\/a><\/p>\n<p><span style=\"vertical-align: inherit\">Poi\u0161\u010dite ve\u010d izdelkov, ki bi vam bili morda v\u0161e\u010d:<\/span><em><a href=\"https:\/\/wa.me\/8618077105796\"><span style=\"vertical-align: inherit\">\u00a0Kupite zdaj<\/span><\/a><\/em><\/p>\n<p><span style=\"vertical-align: inherit\">Drugi 'puffs', ki bi vam bili morda v\u0161e\u010d:<\/span><a href=\"https:\/\/vapebulkp.com\/sl\/product\/uzy-bang-king-12k-disposable-vape-affordable-price\/\"><span style=\"vertical-align: inherit\">UZY Bang King 12000Puffs<\/span><\/a><span style=\"vertical-align: inherit\">\u3001<\/span><a href=\"https:\/\/vapebulkp.com\/sl\/product\/wholesale-randm-tornado-9000-puffs-germany\/\"><span style=\"vertical-align: inherit\">RandM 9000 Vpihov<\/span><\/a><span style=\"vertical-align: inherit\">\/ <\/span><a href=\"https:\/\/vapebulkp.com\/sl\/product\/bang-king-12000puffs\/\"><span style=\"vertical-align: inherit\">Bang King 12000 vpihov<\/span><\/a><span style=\"vertical-align: inherit\">\/ <\/span><a href=\"https:\/\/vapebulkp.com\/sl\/product\/wholesale-tornado-rum-bar-9000-puffs-sweden\/\"><span style=\"vertical-align: inherit\">Rumbar 9000Vdihov<\/span><\/a><\/p>\n<p><span style=\"vertical-align: inherit\">E-cigareta posebne oblike steklenice:<\/span><a href=\"https:\/\/vapebulkp.com\/sl\/product\/wholesale-kulx-8000-puffs-disposable-vape\/\"><span style=\"vertical-align: inherit\">\u00a0Kulx 8000 vdihov<\/span><\/a><span style=\"vertical-align: inherit\">\/ <\/span><a href=\"https:\/\/vapebulkp.com\/sl\/product\/original-bang-vape-box-20k-puff-disposable-vape\/\"><span style=\"vertical-align: inherit\">\u00a0Bang Box 20000 Puffs <\/span><\/a><span style=\"vertical-align: inherit\">\/<\/span><a href=\"https:\/\/vapebulkp.com\/sl\/product\/wga-crystal-plus-16000-puffs-led-light-disposable-vape\/\"><span style=\"vertical-align: inherit\"> WGA Crystal 16000 Vpihov<\/span><\/a><\/p>\n<h5>Proizvodne kvalifikacije:<\/h5>\n<p><img decoding=\"async\" class=\"alignnone size-full wp-image-1841\" src=\"http:\/\/vapebulkp.com\/wp-content\/uploads\/2023\/11\/Vape-production-process-2.jpeg\" alt=\"Proces proizvodnje vape\" width=\"650\" height=\"434\" srcset=\"https:\/\/vapebulkp.com\/wp-content\/uploads\/2023\/11\/Vape-production-process-2.jpeg 650w, https:\/\/vapebulkp.com\/wp-content\/uploads\/2023\/11\/Vape-production-process-2-300x200.jpeg 300w, https:\/\/vapebulkp.com\/wp-content\/uploads\/2023\/11\/Vape-production-process-2-600x401.jpeg 600w\" sizes=\"(max-width: 650px) 100vw, 650px\" \/><\/p>\n<p><img decoding=\"async\" class=\"alignnone size-full wp-image-1843\" src=\"http:\/\/vapebulkp.com\/wp-content\/uploads\/2023\/11\/Vape-production-process.jpeg\" alt=\"Proces proizvodnje vape\" width=\"641\" height=\"1026\" srcset=\"https:\/\/vapebulkp.com\/wp-content\/uploads\/2023\/11\/Vape-production-process.jpeg 641w, https:\/\/vapebulkp.com\/wp-content\/uploads\/2023\/11\/Vape-production-process-187x300.jpeg 187w, https:\/\/vapebulkp.com\/wp-content\/uploads\/2023\/11\/Vape-production-process-640x1024.jpeg 640w, https:\/\/vapebulkp.com\/wp-content\/uploads\/2023\/11\/Vape-production-process-600x960.jpeg 600w\" sizes=\"(max-width: 641px) 100vw, 641px\" \/><\/p>\n<h5>Pogosta vpra\u0161anja:<\/h5>\n<p>V: Kak\u0161na je MOQ za Vozol Vista 20000 Puff?<br \/>\nO: Najmanj\u0161e naro\u010dilo je 50 kosov.<br \/>\nV: Kak\u0161en je dobavni rok za naro\u010deno vape?<br \/>\nO: Obi\u010dajno je 10-15 dni po odpremi<br \/>\nV: Koliko zna\u0161ajo stro\u0161ki po\u0161iljanja? O: Stro\u0161ki po\u0161iljanja so odvisni od te\u017ee. Razli\u010dne koli\u010dine imajo razli\u010dne stro\u0161ke po\u0161iljanja, prosimo, kontaktirajte nas za potrditev stro\u0161kov po\u0161iljanja.<\/p>\n<h4>Podrobnosti dostave:<\/h4>\n<p><span style=\"color: #ff6600\">\u010cas proizvodnje: 5\u201310 delovnih dni<\/span><br \/>\n<span style=\"color: #ff6600\">\u010cas dostave: 8\u201314 delovnih dni<\/span><\/p>\n<p>Vsi izdelki v na\u0161i trgovini so 100% originalni in avtenti\u010dni, zato je na\u0161a politika desetkratno nadomestilo za ponarejeno blago. Za dostavo blaga vam uporabljamo logisti\u010dne kanale, kot so UPS\/DHL\/FEDEX\/DPD.<\/p>\n<p>Za pakete, poslane v Slovenijo, obi\u010dajno traja 10 delovnih dni. Po\u0161iljanje v evropske dr\u017eave obi\u010dajno traja 12 do 15 delovnih dni. Logisti\u010dne informacije vam bomo sproti posodabljali.<\/p>","protected":false},"excerpt":{"rendered":"<p><strong>VOZOL VISTA 20000 vdihov<\/strong> Visoko zmogljiva vape naprava Nem\u010dija<\/p>\n<p><strong>Dolgotrajna vape naprava za enkratno uporabo<\/strong> VOZOL VISTA 20k Vpihov<\/p>\n<p>Vape naprava za enkratno uporabo po veleprodajni ceni <strong>VOZOL VISTA 20k Vpihov<\/strong><\/p>\n<p><img decoding=\"async\" class=\"alignnone wp-image-2151\" src=\"http:\/\/vapebulkp.com\/wp-content\/uploads\/2024\/04\/Mandy-WhatsApp-Randm.jpg\" alt=\"Mandy WhatsApp Randm\" width=\"234\" height=\"249\" srcset=\"https:\/\/vapebulkp.com\/wp-content\/uploads\/2024\/04\/Mandy-WhatsApp-Randm.jpg 916w, https:\/\/vapebulkp.com\/wp-content\/uploads\/2024\/04\/Mandy-WhatsApp-Randm-282x300.jpg 282w, https:\/\/vapebulkp.com\/wp-content\/uploads\/2024\/04\/Mandy-WhatsApp-Randm-768x817.jpg 768w, https:\/\/vapebulkp.com\/wp-content\/uploads\/2024\/04\/Mandy-WhatsApp-Randm-600x638.jpg 600w\" sizes=\"(max-width: 234px) 100vw, 234px\" \/><\/p>\n<p>Za popust se obrnite na Mandyin WhatsApp<a href=\"https:\/\/wa.me\/8618077105796\">+8618077105796<\/a><\/p>\n<p><span style=\"color: #ff0000\">OPOMBA: Cene na na\u0161i spletni strani ne vklju\u010dujejo stro\u0161kov po\u0161iljanja.<\/span><\/p>\n<p>&nbsp;<\/p>","protected":false},"featured_media":2934,"comment_status":"open","ping_status":"closed","template":"","meta":{"_uag_custom_page_level_css":"","_lmt_disableupdate":"no","_lmt_disable":"","site-sidebar-layout":"default","site-content-layout":"content-boxed-container","ast-site-content-layout":"normal-width-container","site-content-style":"boxed","site-sidebar-style":"unboxed","ast-global-header-display":"","ast-banner-title-visibility":"","ast-main-header-display":"","ast-hfb-above-header-display":"","ast-hfb-below-header-display":"","ast-hfb-mobile-header-display":"","site-post-title":"","ast-breadcrumbs-content":"","ast-featured-img":"","footer-sml-layout":"","theme-transparent-header-meta":"default","adv-header-id-meta":"","stick-header-meta":"","header-above-stick-meta":"","header-main-stick-meta":"","header-below-stick-meta":"","astra-migrate-meta-layouts":"set","_joinchat":[]},"product_cat":[162,153,155,33,59,100,34,158,157,154,152,58,84,156,63,32,364],"product_tag":[109,36,37,41,40],"class_list":["post-2941","product","type-product","status-publish","has-post-thumbnail","hentry","product_cat-20000-puffs-disposable-vape","product_cat-hot-disposable-vapes","product_cat-belgium-hot-disposable-vapes","product_cat-france-vape-hot-sale","product_cat-germany-hot-disposable-vape","product_cat-germany-wholesale-vape-shop","product_cat-netherlands-vape-good-sale","product_cat-norway-hot-disposable-vapes","product_cat-poland-hot-disposable-vapes","product_cat-portugal-hot-disposable-vapes","product_cat-spain-hot-disposable-vapes","product_cat-sweden-hot-disposable-vape","product_cat-sweden-wholesale-vape","product_cat-switzerland-hot-disposable-vapes","product_cat-top-sale-disposable-vape","product_cat-vape-hot-sale-this-week","product_cat-vozol-vape","product_tag-20000-puffs","product_tag-good-vape","product_tag-hot-sale-disposable-vape","product_tag-poland-hot-vape","product_tag-sweden-hot-vape","pa_brand-vozol-vape","desktop-align-left","tablet-align-left","mobile-align-left"],"yoast_head":"<!-- This site is optimized with the Yoast SEO plugin v21.1 - https:\/\/yoast.com\/wordpress\/plugins\/seo\/ -->\n<title>Vozol Vista 20000 Puff Rechargeable Vape Cheap Price Today - vapebulkp.com<\/title>\n<meta name=\"description\" content=\"Order the Wholesale Price Vozol Vista 20000 Puffs Disposable Vape with dual mesh coils, adjustable wattage, and rechargeable battery.\" \/>\n<meta name=\"robots\" content=\"index, follow, max-snippet:-1, max-image-preview:large, max-video-preview:-1\" \/>\n<link rel=\"canonical\" href=\"https:\/\/vapebulkp.com\/sl\/product\/vozol-vista-20000-puff-rechargeable-vape-cheap-price-today\/\" \/>\n<meta property=\"og:locale\" content=\"sl_SI\" \/>\n<meta property=\"og:type\" content=\"article\" \/>\n<meta property=\"og:title\" content=\"Vozol Vista 20000 Puff Rechargeable Vape Cheap Price Today - vapebulkp.com\" \/>\n<meta property=\"og:description\" content=\"Order the Wholesale Price Vozol Vista 20000 Puffs Disposable Vape with dual mesh coils, adjustable wattage, and rechargeable battery.\" \/>\n<meta property=\"og:url\" content=\"https:\/\/vapebulkp.com\/sl\/product\/vozol-vista-20000-puff-rechargeable-vape-cheap-price-today\/\" \/>\n<meta property=\"og:site_name\" content=\"vapebulkp.com\" \/>\n<meta property=\"article:modified_time\" content=\"2025-09-24T03:47:17+00:00\" \/>\n<meta property=\"og:image\" content=\"http:\/\/vapebulkp.com\/wp-content\/uploads\/2024\/09\/VOZOL-VISTA-20000-Puffs-Best-disposable-vape-Europe.png\" \/>\n\t<meta property=\"og:image:width\" content=\"575\" \/>\n\t<meta property=\"og:image:height\" content=\"873\" \/>\n\t<meta property=\"og:image:type\" content=\"image\/png\" \/>\n<meta name=\"twitter:card\" content=\"summary_large_image\" \/>\n<meta name=\"twitter:label1\" content=\"Est. reading time\" \/>\n\t<meta name=\"twitter:data1\" content=\"5 minut\" \/>\n<script type=\"application\/ld+json\" class=\"yoast-schema-graph\">{\"@context\":\"https:\/\/schema.org\",\"@graph\":[{\"@type\":\"WebPage\",\"@id\":\"https:\/\/vapebulkp.com\/product\/vozol-vista-20000-puff-rechargeable-vape-cheap-price-today\/\",\"url\":\"https:\/\/vapebulkp.com\/product\/vozol-vista-20000-puff-rechargeable-vape-cheap-price-today\/\",\"name\":\"Vozol Vista 20000 Puff Rechargeable Vape Cheap Price Today - vapebulkp.com\",\"isPartOf\":{\"@id\":\"https:\/\/vapebulkp.com\/#website\"},\"datePublished\":\"2024-09-25T08:02:50+00:00\",\"dateModified\":\"2025-09-24T03:47:17+00:00\",\"description\":\"Order the Wholesale Price Vozol Vista 20000 Puffs Disposable Vape with dual mesh coils, adjustable wattage, and rechargeable battery.\",\"breadcrumb\":{\"@id\":\"https:\/\/vapebulkp.com\/product\/vozol-vista-20000-puff-rechargeable-vape-cheap-price-today\/#breadcrumb\"},\"inLanguage\":\"sl-SI\",\"potentialAction\":[{\"@type\":\"ReadAction\",\"target\":[\"https:\/\/vapebulkp.com\/product\/vozol-vista-20000-puff-rechargeable-vape-cheap-price-today\/\"]}]},{\"@type\":\"BreadcrumbList\",\"@id\":\"https:\/\/vapebulkp.com\/product\/vozol-vista-20000-puff-rechargeable-vape-cheap-price-today\/#breadcrumb\",\"itemListElement\":[{\"@type\":\"ListItem\",\"position\":1,\"name\":\"Home\",\"item\":\"https:\/\/vapebulkp.com\/\"},{\"@type\":\"ListItem\",\"position\":2,\"name\":\"Hot Trend Vapes\",\"item\":\"https:\/\/vapebulkp.com\/vape-shop\/\"},{\"@type\":\"ListItem\",\"position\":3,\"name\":\"Vozol Vista 20000 Puff Rechargeable Vape Cheap Price Today\"}]},{\"@type\":\"WebSite\",\"@id\":\"https:\/\/vapebulkp.com\/#website\",\"url\":\"https:\/\/vapebulkp.com\/\",\"name\":\"vapebulkp.com\",\"description\":\"Buy Vape In Cheap Bulk Price Near you\",\"publisher\":{\"@id\":\"https:\/\/vapebulkp.com\/#organization\"},\"potentialAction\":[{\"@type\":\"SearchAction\",\"target\":{\"@type\":\"EntryPoint\",\"urlTemplate\":\"https:\/\/vapebulkp.com\/?s={search_term_string}\"},\"query-input\":\"required name=search_term_string\"}],\"inLanguage\":\"sl-SI\"},{\"@type\":\"Organization\",\"@id\":\"https:\/\/vapebulkp.com\/#organization\",\"name\":\"vapebulkp.com\",\"url\":\"https:\/\/vapebulkp.com\/\",\"logo\":{\"@type\":\"ImageObject\",\"inLanguage\":\"sl-SI\",\"@id\":\"https:\/\/vapebulkp.com\/#\/schema\/logo\/image\/\",\"url\":\"https:\/\/vapebulkp.com\/wp-content\/uploads\/2023\/09\/cropped-vapebulkp.png\",\"contentUrl\":\"https:\/\/vapebulkp.com\/wp-content\/uploads\/2023\/09\/cropped-vapebulkp.png\",\"width\":516,\"height\":163,\"caption\":\"vapebulkp.com\"},\"image\":{\"@id\":\"https:\/\/vapebulkp.com\/#\/schema\/logo\/image\/\"}}]}<\/script>\n<!-- \/ Yoast SEO plugin. -->","yoast_head_json":{"title":"Vozol Vista 20000 Puff Rechargeable Vape Cheap Price Today - vapebulkp.com","description":"Order the Wholesale Price Vozol Vista 20000 Puffs Disposable Vape with dual mesh coils, adjustable wattage, and rechargeable battery.","robots":{"index":"index","follow":"follow","max-snippet":"max-snippet:-1","max-image-preview":"max-image-preview:large","max-video-preview":"max-video-preview:-1"},"canonical":"https:\/\/vapebulkp.com\/sl\/product\/vozol-vista-20000-puff-rechargeable-vape-cheap-price-today\/","og_locale":"sl_SI","og_type":"article","og_title":"Vozol Vista 20000 Puff Rechargeable Vape Cheap Price Today - vapebulkp.com","og_description":"Order the Wholesale Price Vozol Vista 20000 Puffs Disposable Vape with dual mesh coils, adjustable wattage, and rechargeable battery.","og_url":"https:\/\/vapebulkp.com\/sl\/product\/vozol-vista-20000-puff-rechargeable-vape-cheap-price-today\/","og_site_name":"vapebulkp.com","article_modified_time":"2025-09-24T03:47:17+00:00","og_image":[{"width":575,"height":873,"url":"http:\/\/vapebulkp.com\/wp-content\/uploads\/2024\/09\/VOZOL-VISTA-20000-Puffs-Best-disposable-vape-Europe.png","type":"image\/png"}],"twitter_card":"summary_large_image","twitter_misc":{"Est. reading time":"5 minut"},"schema":{"@context":"https:\/\/schema.org","@graph":[{"@type":"WebPage","@id":"https:\/\/vapebulkp.com\/product\/vozol-vista-20000-puff-rechargeable-vape-cheap-price-today\/","url":"https:\/\/vapebulkp.com\/product\/vozol-vista-20000-puff-rechargeable-vape-cheap-price-today\/","name":"Vozol Vista 20000 Puff Rechargeable Vape Cheap Price Today - vapebulkp.com","isPartOf":{"@id":"https:\/\/vapebulkp.com\/#website"},"datePublished":"2024-09-25T08:02:50+00:00","dateModified":"2025-09-24T03:47:17+00:00","description":"Order the Wholesale Price Vozol Vista 20000 Puffs Disposable Vape with dual mesh coils, adjustable wattage, and rechargeable battery.","breadcrumb":{"@id":"https:\/\/vapebulkp.com\/product\/vozol-vista-20000-puff-rechargeable-vape-cheap-price-today\/#breadcrumb"},"inLanguage":"sl-SI","potentialAction":[{"@type":"ReadAction","target":["https:\/\/vapebulkp.com\/product\/vozol-vista-20000-puff-rechargeable-vape-cheap-price-today\/"]}]},{"@type":"BreadcrumbList","@id":"https:\/\/vapebulkp.com\/product\/vozol-vista-20000-puff-rechargeable-vape-cheap-price-today\/#breadcrumb","itemListElement":[{"@type":"ListItem","position":1,"name":"Home","item":"https:\/\/vapebulkp.com\/"},{"@type":"ListItem","position":2,"name":"Hot Trend Vapes","item":"https:\/\/vapebulkp.com\/vape-shop\/"},{"@type":"ListItem","position":3,"name":"Vozol Vista 20000 Puff Rechargeable Vape Cheap Price Today"}]},{"@type":"WebSite","@id":"https:\/\/vapebulkp.com\/#website","url":"https:\/\/vapebulkp.com\/","name":"vapebulkp.com","description":"Buy Vape In Cheap Bulk Price Near you","publisher":{"@id":"https:\/\/vapebulkp.com\/#organization"},"potentialAction":[{"@type":"SearchAction","target":{"@type":"EntryPoint","urlTemplate":"https:\/\/vapebulkp.com\/?s={search_term_string}"},"query-input":"required name=search_term_string"}],"inLanguage":"sl-SI"},{"@type":"Organization","@id":"https:\/\/vapebulkp.com\/#organization","name":"vapebulkp.com","url":"https:\/\/vapebulkp.com\/","logo":{"@type":"ImageObject","inLanguage":"sl-SI","@id":"https:\/\/vapebulkp.com\/#\/schema\/logo\/image\/","url":"https:\/\/vapebulkp.com\/wp-content\/uploads\/2023\/09\/cropped-vapebulkp.png","contentUrl":"https:\/\/vapebulkp.com\/wp-content\/uploads\/2023\/09\/cropped-vapebulkp.png","width":516,"height":163,"caption":"vapebulkp.com"},"image":{"@id":"https:\/\/vapebulkp.com\/#\/schema\/logo\/image\/"}}]}},"uagb_featured_image_src":{"full":["https:\/\/vapebulkp.com\/wp-content\/uploads\/2024\/09\/VOZOL-VISTA-20000-Puffs-Best-disposable-vape-Europe.png",575,873,false],"thumbnail":["https:\/\/vapebulkp.com\/wp-content\/uploads\/2024\/09\/VOZOL-VISTA-20000-Puffs-Best-disposable-vape-Europe-150x150.png",150,150,true],"medium":["https:\/\/vapebulkp.com\/wp-content\/uploads\/2024\/09\/VOZOL-VISTA-20000-Puffs-Best-disposable-vape-Europe-198x300.png",198,300,true],"medium_large":["https:\/\/vapebulkp.com\/wp-content\/uploads\/2024\/09\/VOZOL-VISTA-20000-Puffs-Best-disposable-vape-Europe.png",575,873,false],"large":["https:\/\/vapebulkp.com\/wp-content\/uploads\/2024\/09\/VOZOL-VISTA-20000-Puffs-Best-disposable-vape-Europe.png",575,873,false],"1536x1536":["https:\/\/vapebulkp.com\/wp-content\/uploads\/2024\/09\/VOZOL-VISTA-20000-Puffs-Best-disposable-vape-Europe.png",575,873,false],"2048x2048":["https:\/\/vapebulkp.com\/wp-content\/uploads\/2024\/09\/VOZOL-VISTA-20000-Puffs-Best-disposable-vape-Europe.png",575,873,false],"trp-custom-language-flag":["https:\/\/vapebulkp.com\/wp-content\/uploads\/2024\/09\/VOZOL-VISTA-20000-Puffs-Best-disposable-vape-Europe.png",8,12,false],"woocommerce_thumbnail":["https:\/\/vapebulkp.com\/wp-content\/uploads\/2024\/09\/VOZOL-VISTA-20000-Puffs-Best-disposable-vape-Europe-300x300.png",300,300,true],"woocommerce_single":["https:\/\/vapebulkp.com\/wp-content\/uploads\/2024\/09\/VOZOL-VISTA-20000-Puffs-Best-disposable-vape-Europe.png",575,873,false],"woocommerce_gallery_thumbnail":["https:\/\/vapebulkp.com\/wp-content\/uploads\/2024\/09\/VOZOL-VISTA-20000-Puffs-Best-disposable-vape-Europe-100x100.png",100,100,true],"wcpr-photo-reviews":["https:\/\/vapebulkp.com\/wp-content\/uploads\/2024\/09\/VOZOL-VISTA-20000-Puffs-Best-disposable-vape-Europe.png",329,500,false]},"uagb_author_info":{"display_name":"Mandy vape bulk price","author_link":"https:\/\/vapebulkp.com\/sl\/author\/"},"uagb_comment_info":0,"uagb_excerpt":"VOZOL VISTA 20000 Puffs High-capacity vape Germany Long-last disposable vape VOZOL VISTA 20k Puffs Bulk Price disposable vape VOZOL VISTA 20k Puffs Pls Contact Mandy's WhatsApp For Discount Price+8618077105796 NOTE: Prices on our website does not include shipping costs &nbsp;","_links":{"self":[{"href":"https:\/\/vapebulkp.com\/sl\/wp-json\/wp\/v2\/product\/2941","targetHints":{"allow":["GET"]}}],"collection":[{"href":"https:\/\/vapebulkp.com\/sl\/wp-json\/wp\/v2\/product"}],"about":[{"href":"https:\/\/vapebulkp.com\/sl\/wp-json\/wp\/v2\/types\/product"}],"replies":[{"embeddable":true,"href":"https:\/\/vapebulkp.com\/sl\/wp-json\/wp\/v2\/comments?post=2941"}],"wp:featuredmedia":[{"embeddable":true,"href":"https:\/\/vapebulkp.com\/sl\/wp-json\/wp\/v2\/media\/2934"}],"wp:attachment":[{"href":"https:\/\/vapebulkp.com\/sl\/wp-json\/wp\/v2\/media?parent=2941"}],"wp:term":[{"taxonomy":"product_cat","embeddable":true,"href":"https:\/\/vapebulkp.com\/sl\/wp-json\/wp\/v2\/product_cat?post=2941"},{"taxonomy":"product_tag","embeddable":true,"href":"https:\/\/vapebulkp.com\/sl\/wp-json\/wp\/v2\/product_tag?post=2941"}],"curies":[{"name":"wp","href":"https:\/\/api.w.org\/{rel}","templated":true}]}}