{"id":2986,"date":"2024-10-08T09:21:41","date_gmt":"2024-10-08T07:21:41","guid":{"rendered":"https:\/\/vapebulkp.com\/?post_type=product&#038;p=2986"},"modified":"2025-09-24T05:04:22","modified_gmt":"2025-09-24T03:04:22","slug":"bang-box-30k-puff-led-display-wholesale-disposable-vape","status":"publish","type":"product","link":"https:\/\/vapebulkp.com\/sl\/product\/bang-box-30k-puff-led-display-wholesale-disposable-vape\/","title":{"rendered":"Bang Box 30k Puff LED Zaslon Trgovina na debelo za enkratno uporabo Vape"},"content":{"rendered":"<h2 style=\"text-align: left\">Bang Box 30k Puff LED Zaslon Veleprodaja Jednokratna Vape<\/h2>\n<p>Bang Box 30k Puff LED Zaslon je vrhunski <a href=\"https:\/\/vapebulkp.com\/sl\/product-category\/30000-puff-disposable-vape\/\">30000 vdihov, vape za enkratno uporabo<\/a> zasnovan za vaperje v Evropi, ki \u017eelijo zmogljivost, okus in vzdr\u017eljivost v eni napravi. Z ogromno kapaciteto 35 ml prednapolnjene e-teko\u010dine in mo\u017enostmi nikotina 21 mg (20 mg) in 50 mg (50 mg) zagotavlja dolgotrajno zadovoljstvo tako za zmerne kot za mo\u010dne uporabnike.<\/p>\n<p>850mAh baterija za ponovno polnjenje z USB Type-C hitrim polnjenjem zagotavlja dosledno napajanje, medtem ko tehnologija dvojne mre\u017easte tuljave proizvaja bogato paro in poln okus skozi vseh 30.000 vpihov. Zasnova, aktivirana z vleko, omogo\u010da enostavno uporabo, brez gumbov ali zapletenih nastavitev.<\/p>\n<p>Vgrajen LED zaslon prikazuje nivoje e-teko\u010dine in baterije, kar vam omogo\u010da, da imate ves \u010das nadzor. Z 12 mo\u017enostmi okusov, ki segajo od osve\u017eujo\u010dih sadnih me\u0161anic do gladkega mentola in klasi\u010dnih toba\u010dnih profilov, je Bang Box 30k Puff Jednokratna Vape prilagojena mladim odraslim vaperjem in veleprodajnim kupcem po vsej EU.<\/p>\n<p>Zdru\u017euje elegantno zasnovo, napreden sistem tuljav in zmogljivost z visoko kapaciteto, Bang Box 30k je popolna polnilna jednokratna vape za trgovce na drobno in navdu\u0161ence, ki i\u0161\u010dejo zanesljive, dolgotrajne naprave, poslane neposredno iz skladi\u0161\u010d v EU.<\/p>\n<p><img decoding=\"async\" class=\"alignnone wp-image-2982\" src=\"http:\/\/vapebulkp.com\/wp-content\/uploads\/2024\/10\/Bang-Box-30000-Puffs-Vape-KIT-Wholesale-Price-Long-LAST-VAPE-scaled.jpg\" alt=\"Bang Box 30000 Pihov Vape KIT Veleprodajna cena Dolgotrajna VAPA\" width=\"471\" height=\"591\" srcset=\"https:\/\/vapebulkp.com\/wp-content\/uploads\/2024\/10\/Bang-Box-30000-Puffs-Vape-KIT-Wholesale-Price-Long-LAST-VAPE-scaled.jpg 2040w, https:\/\/vapebulkp.com\/wp-content\/uploads\/2024\/10\/Bang-Box-30000-Puffs-Vape-KIT-Wholesale-Price-Long-LAST-VAPE-239x300.jpg 239w, https:\/\/vapebulkp.com\/wp-content\/uploads\/2024\/10\/Bang-Box-30000-Puffs-Vape-KIT-Wholesale-Price-Long-LAST-VAPE-816x1024.jpg 816w, https:\/\/vapebulkp.com\/wp-content\/uploads\/2024\/10\/Bang-Box-30000-Puffs-Vape-KIT-Wholesale-Price-Long-LAST-VAPE-768x964.jpg 768w, https:\/\/vapebulkp.com\/wp-content\/uploads\/2024\/10\/Bang-Box-30000-Puffs-Vape-KIT-Wholesale-Price-Long-LAST-VAPE-1224x1536.jpg 1224w, https:\/\/vapebulkp.com\/wp-content\/uploads\/2024\/10\/Bang-Box-30000-Puffs-Vape-KIT-Wholesale-Price-Long-LAST-VAPE-1632x2048.jpg 1632w, https:\/\/vapebulkp.com\/wp-content\/uploads\/2024\/10\/Bang-Box-30000-Puffs-Vape-KIT-Wholesale-Price-Long-LAST-VAPE-600x753.jpg 600w\" sizes=\"(max-width: 471px) 100vw, 471px\" \/><\/p>\n<h6>Za popust se obrnite na Mandyin WhatsApp<a href=\"https:\/\/wa.me\/8618077105796\">+8618077105796<\/a><\/h6>\n<p><img decoding=\"async\" class=\"alignnone wp-image-2151\" src=\"http:\/\/vapebulkp.com\/wp-content\/uploads\/2024\/04\/Mandy-WhatsApp-Randm.jpg\" alt=\"Mandy WhatsApp Randm\" width=\"324\" height=\"330\" \/><\/p>\n<h2>Mislili smo, da bi vas morda zanimala prodajna uspe\u0161nica vape Bang Box 30000 Puffs:<\/h2>\n<p>&nbsp;<\/p>\n<h6><strong>V1: Kak\u0161na je kapaciteta e-teko\u010dine v Bang Box Vape?<\/strong><\/h6>\n<p>O: Bang Box Vape 30K Puffs ima impresivno prednapolnjeno kapaciteto 35 ml, kar omogo\u010da dalj\u0161e seje vapinga brez potrebe po pogostem polnjenju.<\/p>\n<p>&nbsp;<\/p>\n<h6><strong>V2. Kak\u0161no baterijo uporablja Bang Box Vape in kako jo napolnim?<\/strong><\/h6>\n<p>The <strong>Bang Box Vape<\/strong> je napajana z vzdr\u017eljivo <strong>850mAh baterijo<\/strong> in ima <strong>USB Type-C polnilni priklju\u010dek<\/strong>, kar zagotavlja hitro in u\u010dinkovito polnjenje za nemoteno uporabo.<\/p>\n<p><span style=\"color: #ff6600\">Opomba: ne polnite celo no\u010d!<\/span><\/p>\n<h6><strong>V3: Kak\u0161no tehnologijo tuljav uporablja Bang Box Vape?<\/strong><\/h6>\n<p><strong>A:<\/strong> Opremljen z vgrajeno <strong>dvostruko mre\u017easto tuljavo<\/strong>, Bang Box Vape zagotavlja dosledno proizvodnjo pare in bogat okus z vsakim vpihom.<\/p>\n<h6><strong>V4: Ali ima Bang Box Vape zaslon?<\/strong><\/h6>\n<p>O: Da, Bang Box Vape 30.000 Puffs ima zaslon, ki prikazuje pomembne informacije, vklju\u010dno z indikatorji napolnjenosti baterije in nivoja e-teko\u010dine, tako da lahko enostavno spremljate stanje va\u0161e naprave za vaping.<\/p>\n<h2>Lastnosti Bang Box 30k Puffs Disposable Vape:<\/h2>\n<ul>\n<li><strong>Najve\u010dje \u0161tevilo vpihov<\/strong>: U\u017eivajte do <strong>30.000 vpihov<\/strong>, kar zagotavlja podalj\u0161ano izku\u0161njo vapinga brez potrebe po pogostih zamenjavah.<\/li>\n<li><strong>Mo\u017enosti jakosti nikotina<\/strong>: Na voljo v <strong>2% (20 mg)<\/strong> in <strong>5% (50 mg)<\/strong> ravni nikotina, kar uporabnikom omogo\u010da izbiro \u017eelene jakosti.<\/li>\n<li><strong>Prednapolnjena prostornina e-teko\u010dine<\/strong>: Vsebuje velikodu\u0161no <strong>35 ml prednapolnjene prostornine e-teko\u010dine<\/strong>, kar zagotavlja dovolj okusa in pare za dolgotrajno u\u017eivanje.<\/li>\n<li><strong>Kapaciteta baterije<\/strong>: Ima vgrajen <strong>850mAh baterijo<\/strong>, ki ponuja zanesljivo delovanje skozi celotno \u017eivljenjsko dobo za maksimiranje va\u0161ih sej vapenja.<\/li>\n<li><strong>Polnilna Vrata<\/strong>: Opremljen z <strong>USB Type-C polnilni priklju\u010dek<\/strong> za hitro in u\u010dinkovito polnjenje, kar omogo\u010da priro\u010dno uporabo na poti.<\/li>\n<li><strong>Na\u010din delovanja<\/strong>: Uporablja <strong>aktivacijo z vlekom<\/strong>, kar uporabnikom omogo\u010da enostavno aktivacijo naprave s preprostim vdihom.<\/li>\n<li><strong>Integrirana dvojna mre\u017ena tuljava<\/strong>: Ta napredna tehnologija tuljave izbolj\u0161a dostavo okusa in proizvodnjo pare, kar ima za posledico bogatej\u0161o izku\u0161njo vapenja.<\/li>\n<li><strong>Zaslon<\/strong>: Vgrajen zaslonski prikaz ponuja bistvene informacije na prvi pogled, kar izbolj\u0161uje uporabni\u0161ko izku\u0161njo.<\/li>\n<li><strong>Indikator napolnjenosti baterije<\/strong>: Preprosto preverite \u017eivljenjsko dobo baterije z vgrajenim indikatorjem napolnjenosti baterije, da zagotovite, da ste vedno pripravljeni na vapiranje.<\/li>\n<li><strong>Indikator nivoja e-teko\u010dine<\/strong>: Indikator nivoja e-teko\u010dine uporabnikom omogo\u010da spremljanje preostale e-teko\u010dine, kar zagotavlja, da vam nikoli ne zmanjka nepri\u010dakovano.<\/li>\n<li><strong>Izbira okusa<\/strong>: Izbirajte med <strong>12 slastnimi okusi<\/strong>, ki ustrezajo razli\u010dnim \u017eeljam in izbolj\u0161ujejo va\u0161o celotno izku\u0161njo vapiranja.<\/li>\n<\/ul>\n<p>&nbsp;<\/p>\n<h2><strong>\u00a0Original Vape Bang Vape 30k Puffs Okus:<\/strong><\/h2>\n<p>1. jagoda kivi<br \/>\n2. \u010drni izbruh<br \/>\n3. jagoda lubenica<br \/>\n4. pasijonka<br \/>\n5. borovnica kisla malina led<br \/>\n6. lubenica led<br \/>\n7. borovnica granatno jabolko<br \/>\n8. jabolko breskev<br \/>\n9. borovnica led<br \/>\n10. dvojno grozdje<br \/>\n11.modra eksplozija<br \/>\n12.d\u017eungelski sok<\/p>\n<p><span style=\"vertical-align: inherit\">Poi\u0161\u010dite ve\u010d izdelkov, ki bi vam bili morda v\u0161e\u010d:<\/span><em><a href=\"https:\/\/wa.me\/8618077105796\"><span style=\"vertical-align: inherit\">\u00a0Kupite zdaj<\/span><\/a><\/em><\/p>\n<p><span style=\"vertical-align: inherit\">Drugi 'puffs', ki bi vam bili morda v\u0161e\u010d:<\/span><a href=\"https:\/\/vapebulkp.com\/sl\/product\/vopk-80000-puffs-wholesale-price-4-in-1-flavor-switch-vape-device\/\"><span style=\"vertical-align: inherit\">Vro\u010da razprodaja Vape VOPK 80000 Pihov<\/span><\/a><span style=\"vertical-align: inherit\">\u3001<\/span><a href=\"https:\/\/vapebulkp.com\/sl\/product\/aivono-fat-bear-80000-puffs-3-flavors-modes-disposable-vape-bulk-wholesale\/\"><span style=\"vertical-align: inherit\">AIVONAO Fat Bear 80000 Pihov<\/span><\/a><span style=\"vertical-align: inherit\">\/ <\/span><a href=\"https:\/\/vapebulkp.com\/sl\/product\/elf-bar-30000-puffs-ice-king-vape-device-hot-sale\/\"><span style=\"vertical-align: inherit\">ELFBAR 30000 Pihov<\/span><\/a><span style=\"vertical-align: inherit\">\/ <\/span><a href=\"https:\/\/vapebulkp.com\/sl\/product\/vapme-shisha-30000-puffs-hot-sale-rechargeable-e-cigarette\/\"><span style=\"vertical-align: inherit\">Vapme SHISHA 30K Pihov<\/span><\/a><\/p>\n<h3>Proizvodne kvalifikacije:<\/h3>\n<p><img decoding=\"async\" class=\"alignnone size-full wp-image-1841\" src=\"http:\/\/vapebulkp.com\/wp-content\/uploads\/2023\/11\/Vape-production-process-2.jpeg\" alt=\"Proces proizvodnje vape\" width=\"650\" height=\"434\" srcset=\"https:\/\/vapebulkp.com\/wp-content\/uploads\/2023\/11\/Vape-production-process-2.jpeg 650w, https:\/\/vapebulkp.com\/wp-content\/uploads\/2023\/11\/Vape-production-process-2-300x200.jpeg 300w, https:\/\/vapebulkp.com\/wp-content\/uploads\/2023\/11\/Vape-production-process-2-600x401.jpeg 600w\" sizes=\"(max-width: 650px) 100vw, 650px\" \/><\/p>\n<p><img decoding=\"async\" class=\"alignnone size-full wp-image-1843\" src=\"http:\/\/vapebulkp.com\/wp-content\/uploads\/2023\/11\/Vape-production-process.jpeg\" alt=\"Proces proizvodnje vape\" width=\"641\" height=\"1026\" srcset=\"https:\/\/vapebulkp.com\/wp-content\/uploads\/2023\/11\/Vape-production-process.jpeg 641w, https:\/\/vapebulkp.com\/wp-content\/uploads\/2023\/11\/Vape-production-process-187x300.jpeg 187w, https:\/\/vapebulkp.com\/wp-content\/uploads\/2023\/11\/Vape-production-process-640x1024.jpeg 640w, https:\/\/vapebulkp.com\/wp-content\/uploads\/2023\/11\/Vape-production-process-600x960.jpeg 600w\" sizes=\"(max-width: 641px) 100vw, 641px\" \/><\/p>\n<h4>Pogosta vpra\u0161anja:<\/h4>\n<p>V: Kak\u0161en je MOQ naprave za vape Bang Box 30000 Pihov?<br \/>\nO: Najmanj\u0161e naro\u010dilo je 50 kosov.<br \/>\nV: Kak\u0161en je dobavni rok za naro\u010deno vape?<br \/>\nO: Obi\u010dajno je 10-15 dni po odpremi<br \/>\nV: Koliko zna\u0161ajo stro\u0161ki po\u0161iljanja? O: Stro\u0161ki po\u0161iljanja so odvisni od te\u017ee. Razli\u010dne koli\u010dine imajo razli\u010dne stro\u0161ke po\u0161iljanja, prosimo, kontaktirajte nas za potrditev stro\u0161kov po\u0161iljanja.<\/p>\n<h4>Podrobnosti dostave:<\/h4>\n<p><span style=\"color: #ff6600\">\u010cas proizvodnje: 5\u201310 delovnih dni<\/span><br \/>\n<span style=\"color: #ff6600\">\u010cas dostave: 8\u201314 delovnih dni<\/span><\/p>\n<p>Vsi izdelki v na\u0161i trgovini so 100% originalni in avtenti\u010dni, zato je na\u0161a politika desetkratno nadomestilo za ponarejeno blago. Za dostavo blaga vam uporabljamo logisti\u010dne kanale, kot so UPS\/DHL\/FEDEX\/DPD.<\/p>\n<p>Za pakete, poslane v Slovenijo, obi\u010dajno traja 10 delovnih dni. Po\u0161iljanje v evropske dr\u017eave obi\u010dajno traja 12 do 15 delovnih dni. Logisti\u010dne informacije vam bomo sproti posodabljali.<\/p>","protected":false},"excerpt":{"rendered":"<p>The <strong>Bang Box 30000 Puffs Najbolj\u0161a Jednokratna Vape<\/strong> zdru\u017euje zmogljive funkcije z uporabniku prijazno zasnovo, zaradi \u010desar je izjemna izbira za vsakogar, ki \u017eeli izbolj\u0161ati svojo izku\u0161njo vapinga.<\/p>\n<p>Za popust se obrnite na Mandyin WhatsApp<a href=\"https:\/\/wa.me\/8618077105796\">+8618077105796<\/a><\/p>\n<p><img decoding=\"async\" class=\"alignnone wp-image-2151\" src=\"http:\/\/vapebulkp.com\/wp-content\/uploads\/2024\/04\/Mandy-WhatsApp-Randm.jpg\" alt=\"Mandy WhatsApp Randm\" width=\"297\" height=\"316\" srcset=\"https:\/\/vapebulkp.com\/wp-content\/uploads\/2024\/04\/Mandy-WhatsApp-Randm.jpg 916w, https:\/\/vapebulkp.com\/wp-content\/uploads\/2024\/04\/Mandy-WhatsApp-Randm-282x300.jpg 282w, https:\/\/vapebulkp.com\/wp-content\/uploads\/2024\/04\/Mandy-WhatsApp-Randm-768x817.jpg 768w, https:\/\/vapebulkp.com\/wp-content\/uploads\/2024\/04\/Mandy-WhatsApp-Randm-600x638.jpg 600w\" sizes=\"(max-width: 297px) 100vw, 297px\" \/><\/p>\n<p><span style=\"color: #ff0000\">OPOMBA: Cene na na\u0161i spletni strani ne vklju\u010dujejo stro\u0161kov po\u0161iljanja.<\/span><\/p>\n<p>&nbsp;<\/p>","protected":false},"featured_media":2979,"comment_status":"open","ping_status":"closed","template":"","meta":{"_uag_custom_page_level_css":"","_lmt_disableupdate":"no","_lmt_disable":"","site-sidebar-layout":"default","site-content-layout":"content-boxed-container","ast-site-content-layout":"normal-width-container","site-content-style":"boxed","site-sidebar-style":"unboxed","ast-global-header-display":"","ast-banner-title-visibility":"","ast-main-header-display":"","ast-hfb-above-header-display":"","ast-hfb-below-header-display":"","ast-hfb-mobile-header-display":"","site-post-title":"","ast-breadcrumbs-content":"","ast-featured-img":"","footer-sml-layout":"","theme-transparent-header-meta":"default","adv-header-id-meta":"","stick-header-meta":"","header-above-stick-meta":"","header-main-stick-meta":"","header-below-stick-meta":"","astra-migrate-meta-layouts":"set","_joinchat":[]},"product_cat":[160,153,345,155,33,59,100,34,158,157,154,152,58,84,156,63,32],"product_tag":[139,36,37,41,40],"class_list":["post-2986","product","type-product","status-publish","has-post-thumbnail","hentry","product_cat-30000-puff-disposable-vape","product_cat-hot-disposable-vapes","product_cat-bang-vapes","product_cat-belgium-hot-disposable-vapes","product_cat-france-vape-hot-sale","product_cat-germany-hot-disposable-vape","product_cat-germany-wholesale-vape-shop","product_cat-netherlands-vape-good-sale","product_cat-norway-hot-disposable-vapes","product_cat-poland-hot-disposable-vapes","product_cat-portugal-hot-disposable-vapes","product_cat-spain-hot-disposable-vapes","product_cat-sweden-hot-disposable-vape","product_cat-sweden-wholesale-vape","product_cat-switzerland-hot-disposable-vapes","product_cat-top-sale-disposable-vape","product_cat-vape-hot-sale-this-week","product_tag-30k-puffs","product_tag-good-vape","product_tag-hot-sale-disposable-vape","product_tag-poland-hot-vape","product_tag-sweden-hot-vape","pa_brand-bang-vape","desktop-align-left","tablet-align-left","mobile-align-left"],"yoast_head":"<!-- This site is optimized with the Yoast SEO plugin v21.1 - https:\/\/yoast.com\/wordpress\/plugins\/seo\/ -->\n<title>Bang Box 30k Puff LED Display Wholesale Disposable Vape - vapebulkp.com<\/title>\n<meta name=\"description\" content=\"Buy Bang Box 30k Puff LED Display, a premium 30000 Puffs Disposable Vape with 35ml e-liquid, 2% or 5% nicotine, dual mesh coil, and fast Type-C charging. Wholesale orders available across Europe.\" \/>\n<meta name=\"robots\" content=\"index, follow, max-snippet:-1, max-image-preview:large, max-video-preview:-1\" \/>\n<link rel=\"canonical\" href=\"https:\/\/vapebulkp.com\/sl\/product\/bang-box-30k-puff-led-display-wholesale-disposable-vape\/\" \/>\n<meta property=\"og:locale\" content=\"sl_SI\" \/>\n<meta property=\"og:type\" content=\"article\" \/>\n<meta property=\"og:title\" content=\"Bang Box 30k Puff LED Display Wholesale Disposable Vape - vapebulkp.com\" \/>\n<meta property=\"og:description\" content=\"Buy Bang Box 30k Puff LED Display, a premium 30000 Puffs Disposable Vape with 35ml e-liquid, 2% or 5% nicotine, dual mesh coil, and fast Type-C charging. Wholesale orders available across Europe.\" \/>\n<meta property=\"og:url\" content=\"https:\/\/vapebulkp.com\/sl\/product\/bang-box-30k-puff-led-display-wholesale-disposable-vape\/\" \/>\n<meta property=\"og:site_name\" content=\"vapebulkp.com\" \/>\n<meta property=\"article:modified_time\" content=\"2025-09-24T03:04:22+00:00\" \/>\n<meta property=\"og:image\" content=\"http:\/\/vapebulkp.com\/wp-content\/uploads\/2024\/10\/Bang-Box-30k-Vape-Box-Discount-Price-Long-LAST-VAPE-scaled.jpg\" \/>\n\t<meta property=\"og:image:width\" content=\"1920\" \/>\n\t<meta property=\"og:image:height\" content=\"2560\" \/>\n\t<meta property=\"og:image:type\" content=\"image\/jpeg\" \/>\n<meta name=\"twitter:card\" content=\"summary_large_image\" \/>\n<meta name=\"twitter:label1\" content=\"Est. reading time\" \/>\n\t<meta name=\"twitter:data1\" content=\"5 minut\" \/>\n<script type=\"application\/ld+json\" class=\"yoast-schema-graph\">{\"@context\":\"https:\/\/schema.org\",\"@graph\":[{\"@type\":\"WebPage\",\"@id\":\"https:\/\/vapebulkp.com\/product\/bang-box-30k-puff-led-display-wholesale-disposable-vape\/\",\"url\":\"https:\/\/vapebulkp.com\/product\/bang-box-30k-puff-led-display-wholesale-disposable-vape\/\",\"name\":\"Bang Box 30k Puff LED Display Wholesale Disposable Vape - vapebulkp.com\",\"isPartOf\":{\"@id\":\"https:\/\/vapebulkp.com\/#website\"},\"datePublished\":\"2024-10-08T07:21:41+00:00\",\"dateModified\":\"2025-09-24T03:04:22+00:00\",\"description\":\"Buy Bang Box 30k Puff LED Display, a premium 30000 Puffs Disposable Vape with 35ml e-liquid, 2% or 5% nicotine, dual mesh coil, and fast Type-C charging. Wholesale orders available across Europe.\",\"breadcrumb\":{\"@id\":\"https:\/\/vapebulkp.com\/product\/bang-box-30k-puff-led-display-wholesale-disposable-vape\/#breadcrumb\"},\"inLanguage\":\"sl-SI\",\"potentialAction\":[{\"@type\":\"ReadAction\",\"target\":[\"https:\/\/vapebulkp.com\/product\/bang-box-30k-puff-led-display-wholesale-disposable-vape\/\"]}]},{\"@type\":\"BreadcrumbList\",\"@id\":\"https:\/\/vapebulkp.com\/product\/bang-box-30k-puff-led-display-wholesale-disposable-vape\/#breadcrumb\",\"itemListElement\":[{\"@type\":\"ListItem\",\"position\":1,\"name\":\"Home\",\"item\":\"https:\/\/vapebulkp.com\/\"},{\"@type\":\"ListItem\",\"position\":2,\"name\":\"Hot Trend Vapes\",\"item\":\"https:\/\/vapebulkp.com\/vape-shop\/\"},{\"@type\":\"ListItem\",\"position\":3,\"name\":\"Bang Box 30k Puff LED Display Wholesale Disposable Vape\"}]},{\"@type\":\"WebSite\",\"@id\":\"https:\/\/vapebulkp.com\/#website\",\"url\":\"https:\/\/vapebulkp.com\/\",\"name\":\"vapebulkp.com\",\"description\":\"Buy Vape In Cheap Bulk Price Near you\",\"publisher\":{\"@id\":\"https:\/\/vapebulkp.com\/#organization\"},\"potentialAction\":[{\"@type\":\"SearchAction\",\"target\":{\"@type\":\"EntryPoint\",\"urlTemplate\":\"https:\/\/vapebulkp.com\/?s={search_term_string}\"},\"query-input\":\"required name=search_term_string\"}],\"inLanguage\":\"sl-SI\"},{\"@type\":\"Organization\",\"@id\":\"https:\/\/vapebulkp.com\/#organization\",\"name\":\"vapebulkp.com\",\"url\":\"https:\/\/vapebulkp.com\/\",\"logo\":{\"@type\":\"ImageObject\",\"inLanguage\":\"sl-SI\",\"@id\":\"https:\/\/vapebulkp.com\/#\/schema\/logo\/image\/\",\"url\":\"https:\/\/vapebulkp.com\/wp-content\/uploads\/2023\/09\/cropped-vapebulkp.png\",\"contentUrl\":\"https:\/\/vapebulkp.com\/wp-content\/uploads\/2023\/09\/cropped-vapebulkp.png\",\"width\":516,\"height\":163,\"caption\":\"vapebulkp.com\"},\"image\":{\"@id\":\"https:\/\/vapebulkp.com\/#\/schema\/logo\/image\/\"}}]}<\/script>\n<!-- \/ Yoast SEO plugin. -->","yoast_head_json":{"title":"Bang Box 30k Puff LED Display Wholesale Disposable Vape - vapebulkp.com","description":"Buy Bang Box 30k Puff LED Display, a premium 30000 Puffs Disposable Vape with 35ml e-liquid, 2% or 5% nicotine, dual mesh coil, and fast Type-C charging. Wholesale orders available across Europe.","robots":{"index":"index","follow":"follow","max-snippet":"max-snippet:-1","max-image-preview":"max-image-preview:large","max-video-preview":"max-video-preview:-1"},"canonical":"https:\/\/vapebulkp.com\/sl\/product\/bang-box-30k-puff-led-display-wholesale-disposable-vape\/","og_locale":"sl_SI","og_type":"article","og_title":"Bang Box 30k Puff LED Display Wholesale Disposable Vape - vapebulkp.com","og_description":"Buy Bang Box 30k Puff LED Display, a premium 30000 Puffs Disposable Vape with 35ml e-liquid, 2% or 5% nicotine, dual mesh coil, and fast Type-C charging. Wholesale orders available across Europe.","og_url":"https:\/\/vapebulkp.com\/sl\/product\/bang-box-30k-puff-led-display-wholesale-disposable-vape\/","og_site_name":"vapebulkp.com","article_modified_time":"2025-09-24T03:04:22+00:00","og_image":[{"width":1920,"height":2560,"url":"http:\/\/vapebulkp.com\/wp-content\/uploads\/2024\/10\/Bang-Box-30k-Vape-Box-Discount-Price-Long-LAST-VAPE-scaled.jpg","type":"image\/jpeg"}],"twitter_card":"summary_large_image","twitter_misc":{"Est. reading time":"5 minut"},"schema":{"@context":"https:\/\/schema.org","@graph":[{"@type":"WebPage","@id":"https:\/\/vapebulkp.com\/product\/bang-box-30k-puff-led-display-wholesale-disposable-vape\/","url":"https:\/\/vapebulkp.com\/product\/bang-box-30k-puff-led-display-wholesale-disposable-vape\/","name":"Bang Box 30k Puff LED Display Wholesale Disposable Vape - vapebulkp.com","isPartOf":{"@id":"https:\/\/vapebulkp.com\/#website"},"datePublished":"2024-10-08T07:21:41+00:00","dateModified":"2025-09-24T03:04:22+00:00","description":"Buy Bang Box 30k Puff LED Display, a premium 30000 Puffs Disposable Vape with 35ml e-liquid, 2% or 5% nicotine, dual mesh coil, and fast Type-C charging. Wholesale orders available across Europe.","breadcrumb":{"@id":"https:\/\/vapebulkp.com\/product\/bang-box-30k-puff-led-display-wholesale-disposable-vape\/#breadcrumb"},"inLanguage":"sl-SI","potentialAction":[{"@type":"ReadAction","target":["https:\/\/vapebulkp.com\/product\/bang-box-30k-puff-led-display-wholesale-disposable-vape\/"]}]},{"@type":"BreadcrumbList","@id":"https:\/\/vapebulkp.com\/product\/bang-box-30k-puff-led-display-wholesale-disposable-vape\/#breadcrumb","itemListElement":[{"@type":"ListItem","position":1,"name":"Home","item":"https:\/\/vapebulkp.com\/"},{"@type":"ListItem","position":2,"name":"Hot Trend Vapes","item":"https:\/\/vapebulkp.com\/vape-shop\/"},{"@type":"ListItem","position":3,"name":"Bang Box 30k Puff LED Display Wholesale Disposable Vape"}]},{"@type":"WebSite","@id":"https:\/\/vapebulkp.com\/#website","url":"https:\/\/vapebulkp.com\/","name":"vapebulkp.com","description":"Buy Vape In Cheap Bulk Price Near you","publisher":{"@id":"https:\/\/vapebulkp.com\/#organization"},"potentialAction":[{"@type":"SearchAction","target":{"@type":"EntryPoint","urlTemplate":"https:\/\/vapebulkp.com\/?s={search_term_string}"},"query-input":"required name=search_term_string"}],"inLanguage":"sl-SI"},{"@type":"Organization","@id":"https:\/\/vapebulkp.com\/#organization","name":"vapebulkp.com","url":"https:\/\/vapebulkp.com\/","logo":{"@type":"ImageObject","inLanguage":"sl-SI","@id":"https:\/\/vapebulkp.com\/#\/schema\/logo\/image\/","url":"https:\/\/vapebulkp.com\/wp-content\/uploads\/2023\/09\/cropped-vapebulkp.png","contentUrl":"https:\/\/vapebulkp.com\/wp-content\/uploads\/2023\/09\/cropped-vapebulkp.png","width":516,"height":163,"caption":"vapebulkp.com"},"image":{"@id":"https:\/\/vapebulkp.com\/#\/schema\/logo\/image\/"}}]}},"uagb_featured_image_src":{"full":["https:\/\/vapebulkp.com\/wp-content\/uploads\/2024\/10\/Bang-Box-30k-Vape-Box-Discount-Price-Long-LAST-VAPE-scaled.jpg",1920,2560,false],"thumbnail":["https:\/\/vapebulkp.com\/wp-content\/uploads\/2024\/10\/Bang-Box-30k-Vape-Box-Discount-Price-Long-LAST-VAPE-150x150.jpg",150,150,true],"medium":["https:\/\/vapebulkp.com\/wp-content\/uploads\/2024\/10\/Bang-Box-30k-Vape-Box-Discount-Price-Long-LAST-VAPE-225x300.jpg",225,300,true],"medium_large":["https:\/\/vapebulkp.com\/wp-content\/uploads\/2024\/10\/Bang-Box-30k-Vape-Box-Discount-Price-Long-LAST-VAPE-768x1024.jpg",768,1024,true],"large":["https:\/\/vapebulkp.com\/wp-content\/uploads\/2024\/10\/Bang-Box-30k-Vape-Box-Discount-Price-Long-LAST-VAPE-768x1024.jpg",768,1024,true],"1536x1536":["https:\/\/vapebulkp.com\/wp-content\/uploads\/2024\/10\/Bang-Box-30k-Vape-Box-Discount-Price-Long-LAST-VAPE-1152x1536.jpg",1152,1536,true],"2048x2048":["https:\/\/vapebulkp.com\/wp-content\/uploads\/2024\/10\/Bang-Box-30k-Vape-Box-Discount-Price-Long-LAST-VAPE-1536x2048.jpg",1536,2048,true],"trp-custom-language-flag":["https:\/\/vapebulkp.com\/wp-content\/uploads\/2024\/10\/Bang-Box-30k-Vape-Box-Discount-Price-Long-LAST-VAPE-scaled.jpg",9,12,false],"woocommerce_thumbnail":["https:\/\/vapebulkp.com\/wp-content\/uploads\/2024\/10\/Bang-Box-30k-Vape-Box-Discount-Price-Long-LAST-VAPE-300x300.jpg",300,300,true],"woocommerce_single":["https:\/\/vapebulkp.com\/wp-content\/uploads\/2024\/10\/Bang-Box-30k-Vape-Box-Discount-Price-Long-LAST-VAPE-600x800.jpg",600,800,true],"woocommerce_gallery_thumbnail":["https:\/\/vapebulkp.com\/wp-content\/uploads\/2024\/10\/Bang-Box-30k-Vape-Box-Discount-Price-Long-LAST-VAPE-100x100.jpg",100,100,true],"wcpr-photo-reviews":["https:\/\/vapebulkp.com\/wp-content\/uploads\/2024\/10\/Bang-Box-30k-Vape-Box-Discount-Price-Long-LAST-VAPE-scaled.jpg",375,500,false]},"uagb_author_info":{"display_name":"Mandy vape bulk price","author_link":"https:\/\/vapebulkp.com\/sl\/author\/"},"uagb_comment_info":0,"uagb_excerpt":"The Bang Box 30000 Puffs Best Disposable Vape combines high-performance features with user-centric design, making it a standout choice for anyone looking to elevate their vaping journey. Pls Contact Mandy's WhatsApp For Discount Price+8618077105796 NOTE: Prices on our website does not include shipping costs &nbsp;","_links":{"self":[{"href":"https:\/\/vapebulkp.com\/sl\/wp-json\/wp\/v2\/product\/2986","targetHints":{"allow":["GET"]}}],"collection":[{"href":"https:\/\/vapebulkp.com\/sl\/wp-json\/wp\/v2\/product"}],"about":[{"href":"https:\/\/vapebulkp.com\/sl\/wp-json\/wp\/v2\/types\/product"}],"replies":[{"embeddable":true,"href":"https:\/\/vapebulkp.com\/sl\/wp-json\/wp\/v2\/comments?post=2986"}],"wp:featuredmedia":[{"embeddable":true,"href":"https:\/\/vapebulkp.com\/sl\/wp-json\/wp\/v2\/media\/2979"}],"wp:attachment":[{"href":"https:\/\/vapebulkp.com\/sl\/wp-json\/wp\/v2\/media?parent=2986"}],"wp:term":[{"taxonomy":"product_cat","embeddable":true,"href":"https:\/\/vapebulkp.com\/sl\/wp-json\/wp\/v2\/product_cat?post=2986"},{"taxonomy":"product_tag","embeddable":true,"href":"https:\/\/vapebulkp.com\/sl\/wp-json\/wp\/v2\/product_tag?post=2986"}],"curies":[{"name":"wp","href":"https:\/\/api.w.org\/{rel}","templated":true}]}}