{"id":3006,"date":"2024-10-14T08:38:55","date_gmt":"2024-10-14T06:38:55","guid":{"rendered":"https:\/\/vapebulkp.com\/?post_type=product&#038;p=3006"},"modified":"2025-09-24T05:06:26","modified_gmt":"2025-09-24T03:06:26","slug":"bang-vape-36k-puffs-lcd-screen-fingerprint-recognition-disposable-vape","status":"publish","type":"product","link":"https:\/\/vapebulkp.com\/sl\/product\/bang-vape-36k-puffs-lcd-screen-fingerprint-recognition-disposable-vape\/","title":{"rendered":"Bang Vape 36K Puffs LCD zaslon Prepoznavanje prstnih odtisov Vape za enkratno uporabo"},"content":{"rendered":"<h2 style=\"text-align: left\">Bang Vape 36K Puffs LCD zaslon Prepoznavanje prstnih odtisov Vape za enkratno uporabo<\/h2>\n<p>&nbsp;<\/p>\n<div class=\"flex max-w-full flex-col flex-grow\">\n<div class=\"min-h-8 text-message flex w-full flex-col items-end gap-2 whitespace-normal break-words [.text-message+&amp;]:mt-5\" dir=\"auto\" data-message-author-role=\"assistant\" data-message-id=\"804b3ea8-e167-4bec-b4d0-906786e28244\" data-message-model-slug=\"gpt-4o-mini\">\n<div class=\"flex w-full flex-col gap-1 empty:hidden first:pt-[3px]\">\n<div class=\"markdown prose w-full break-words dark:prose-invert light\">\n<p>Bang Vape 36k Puffs je vrhunska naprava <a href=\"https:\/\/vapebulkp.com\/sl\/product-category\/36000-puff-disposable-vape\/\">Vape za enkratno uporabo 36000 vpihov<\/a> zasnovana za evropske vaperje, ki zahtevajo visoko zmogljivost in priro\u010dnost. Opremljena je z 36 ml vnaprej napolnjene kartu\u0161e z e-teko\u010dino s soljo nikotina, ki zagotavlja gladko paro polnega okusa za dolgotrajno uporabo. Z mo\u017enostmi nikotina 2 % ali 5 % ta naprava zagotavlja zadovoljiv zadetek vsaki\u010d.<\/p>\n<p>Ta vrhunski polnilni vape za enkratno uporabo 36K PUFF VAPE Pods ima 850 mAh baterijo s hitrim polnjenjem Type-C, ki ohranja va\u0161o napravo napolnjeno za neprekinjeno uparjanje. Vgrajen LCD zaslon prikazuje \u0161tevilo vdihov, raven baterije in informacije o uporabi na prvi pogled, medtem ko tehnologija prepoznavanja prstnih odtisov dodaja varno in personalizirano izku\u0161njo.<\/p>\n<p>Zasnovan za tiste, ki i\u0161\u010dejo vape z visoko zmogljivostjo, zdru\u017euje prenosljivost in stil, zaradi \u010desar je popoln za vsakodnevno uporabo, dru\u017eabne prilo\u017enosti ali potovanja. Eleganten, zanesljiv in poln tehnologije, je 36000 Puffs Disposable Vape idealna izbira za slovenske trgovce na drobno in veleprodajne kupce, ki i\u0161\u010dejo dolgotrajne, tehnolo\u0161ko usmerjene re\u0161itve za uparjanje.<\/p>\n<\/div>\n<\/div>\n<\/div>\n<\/div>\n<div class=\"mb-2 flex gap-3 empty:hidden -ml-2\">\n<div class=\"items-center justify-start rounded-xl p-1 flex\">\n<div class=\"flex items-center\">\n<div class=\"flex items-center pb-0\"><\/div>\n<\/div>\n<\/div>\n<\/div>\n<p><img decoding=\"async\" class=\"alignnone wp-image-2991\" src=\"http:\/\/vapebulkp.com\/wp-content\/uploads\/2024\/10\/Bang-36000-Puffs-Best-Vape-LCD-screen-Crystal-Vape.jpg\" alt=\"Bang 36000 Vlekov Najbolj\u0161i Vape LCD zaslon Kristalni Vape\" width=\"573\" height=\"573\" srcset=\"https:\/\/vapebulkp.com\/wp-content\/uploads\/2024\/10\/Bang-36000-Puffs-Best-Vape-LCD-screen-Crystal-Vape.jpg 1000w, https:\/\/vapebulkp.com\/wp-content\/uploads\/2024\/10\/Bang-36000-Puffs-Best-Vape-LCD-screen-Crystal-Vape-300x300.jpg 300w, https:\/\/vapebulkp.com\/wp-content\/uploads\/2024\/10\/Bang-36000-Puffs-Best-Vape-LCD-screen-Crystal-Vape-150x150.jpg 150w, https:\/\/vapebulkp.com\/wp-content\/uploads\/2024\/10\/Bang-36000-Puffs-Best-Vape-LCD-screen-Crystal-Vape-768x768.jpg 768w, https:\/\/vapebulkp.com\/wp-content\/uploads\/2024\/10\/Bang-36000-Puffs-Best-Vape-LCD-screen-Crystal-Vape-600x600.jpg 600w, https:\/\/vapebulkp.com\/wp-content\/uploads\/2024\/10\/Bang-36000-Puffs-Best-Vape-LCD-screen-Crystal-Vape-100x100.jpg 100w\" sizes=\"(max-width: 573px) 100vw, 573px\" \/><\/p>\n<h6>Za popust se obrnite na Mandyin WhatsApp<a href=\"https:\/\/wa.me\/8618077105796\">+8618077105796<\/a><\/h6>\n<p>&nbsp;<\/p>\n<p><img decoding=\"async\" class=\"alignnone wp-image-2151\" src=\"http:\/\/vapebulkp.com\/wp-content\/uploads\/2024\/04\/Mandy-WhatsApp-Randm.jpg\" alt=\"Mandy WhatsApp Randm\" width=\"261\" height=\"277\" srcset=\"https:\/\/vapebulkp.com\/wp-content\/uploads\/2024\/04\/Mandy-WhatsApp-Randm.jpg 916w, https:\/\/vapebulkp.com\/wp-content\/uploads\/2024\/04\/Mandy-WhatsApp-Randm-282x300.jpg 282w, https:\/\/vapebulkp.com\/wp-content\/uploads\/2024\/04\/Mandy-WhatsApp-Randm-768x817.jpg 768w, https:\/\/vapebulkp.com\/wp-content\/uploads\/2024\/04\/Mandy-WhatsApp-Randm-600x638.jpg 600w\" sizes=\"(max-width: 261px) 100vw, 261px\" \/><\/p>\n<h4>Morda vas zanimajo evropski trendi vapov Bang s vapom 36k Puffs:<\/h4>\n<h6>1. <strong>Kako deluje funkcija prepoznavanja prstnih odtisov na Bang Vape 36k Puffs?<\/strong><\/h6>\n<p><strong>Odgovor:<\/strong>Funkcija prepoznavanja prstnih odtisov dodaja va\u0161emu vapu plast varnosti, saj zagotavlja, da ga lahko aktivirate samo vi. Ta funkcija je zasnovana tako, da prepre\u010duje nepoobla\u0161\u010deno uporabo, zato je idealna za uporabnike, ki cenijo zasebnost in varnost pri svoji izku\u0161nji uparjanja.<\/p>\n<h6>2. <strong>Ali je prepoznavanje prstnih odtisov na Bang s vapom res nujno?<\/strong><\/h6>\n<p><strong>Odgovor:<\/strong>\u010ceprav ni bistvena, postaja funkcija prepoznavanja prstnih odtisov priljubljen trend med tehnolo\u0161ko ve\u0161\u010dimi vaperji, ki cenijo inovacije in izbolj\u0161ano varnost. Zagotavlja, da je va\u0161 vape za\u0161\u010diten pred zlorabo, zlasti v dru\u017eabnih okoljih, kjer si lahko naprave zlahka delite ali jih izgubite.<\/p>\n<h6>3. <strong>Ali funkcija prstnih odtisov vpliva na delovanje Bang Vape 36k Puffs?<\/strong><\/h6>\n<p><strong>Odgovor<\/strong>: Ne, prepoznavanje prstnih odtisov ne vpliva na delovanje. Deluje gladko v ozadju, kar vam omogo\u010da, da odklenete napravo s hitrim skeniranjem, medtem ko u\u017eivate v enaki visoki kakovosti delovanja in okusu do 36.000 vdihov.<\/p>\n<h6>4. Ali funkcija prstnih odtisov hitreje prazni baterijo Bang 36k Puffs?<\/h6>\n<p><strong>Odgovor:<\/strong>The <strong>850mAh baterijo<\/strong> je zasnovan za obvladovanje potreb po mo\u010di senzorja prstnih odtisov in LCD zaslona brez bistvenega vpliva na \u017eivljenjsko dobo baterije. Preden ga boste morali ponovno napolniti, boste lahko u\u017eivali v dolgotrajni uporabi.<\/p>\n<h5>Bang LCD Vape 36000 Puffs Zna\u010dilnosti:<\/h5>\n<p><img decoding=\"async\" class=\"alignnone size-full wp-image-3008\" src=\"http:\/\/vapebulkp.com\/wp-content\/uploads\/2024\/10\/Bang-LCD-Vape-36000-Puffs-north-vapes-Features.png\" alt=\"Bang LCD Vape 36000 Puffs north vapes Lastnosti\" width=\"797\" height=\"295\" srcset=\"https:\/\/vapebulkp.com\/wp-content\/uploads\/2024\/10\/Bang-LCD-Vape-36000-Puffs-north-vapes-Features.png 797w, https:\/\/vapebulkp.com\/wp-content\/uploads\/2024\/10\/Bang-LCD-Vape-36000-Puffs-north-vapes-Features-300x111.png 300w, https:\/\/vapebulkp.com\/wp-content\/uploads\/2024\/10\/Bang-LCD-Vape-36000-Puffs-north-vapes-Features-768x284.png 768w, https:\/\/vapebulkp.com\/wp-content\/uploads\/2024\/10\/Bang-LCD-Vape-36000-Puffs-north-vapes-Features-600x222.png 600w\" sizes=\"(max-width: 797px) 100vw, 797px\" \/><\/p>\n<p>&nbsp;<\/p>\n<h5><strong>Nov stil <\/strong><strong>36k Puffs Bang Vape okusi:<\/strong><\/h5>\n<p>1.ME\u0160ANO SADJE<br \/>\n2.TROJNO JAGODI\u010cEVJE<br \/>\n3.BRESKEV MANGO LUBENICA<br \/>\n4.BOROVNICA MALINA<br \/>\n5.LEDENI \u010cRNI ZMAJ<br \/>\n6.LEDENO GROZDJE<br \/>\n7.LEDENA BOROVNICA<br \/>\n8.JAGODA LUBENICA<br \/>\n9.JAGODA BANANA<br \/>\n10.JAGODA KIVI<br \/>\n11.JAGODA MANGO<br \/>\n12.LEDENA LUBENICA<\/p>\n<p><a href=\"https:\/\/vapebulkp.com\/sl\/product\/popular-randm-tornado-7000puffs-disposable-vape-best-price\/\"><span style=\"vertical-align: inherit\">RandM Tornado 7000 Pufov <\/span><\/a><\/p>\n<p><span style=\"vertical-align: inherit\">Poi\u0161\u010dite ve\u010d izdelkov, ki bi vam bili morda v\u0161e\u010d:<\/span><em><a href=\"https:\/\/wa.me\/8618077105796\"><span style=\"vertical-align: inherit\">\u00a0Kupite zdaj<\/span><\/a><\/em><\/p>\n<p><span style=\"vertical-align: inherit\">Drugi 'puffs', ki bi vam bili morda v\u0161e\u010d:<\/span><a href=\"https:\/\/vapebulkp.com\/sl\/product\/joymy-ultra15000puffs-best-disposable-vape-2023\/\"><span style=\"vertical-align: inherit\">JOYMY 15000 Vpihov<\/span><\/a><span style=\"vertical-align: inherit\">\u3001<\/span><a href=\"https:\/\/vapebulkp.com\/sl\/product\/wholesale-randm-tornado-9000-puffs-germany\/\"><span style=\"vertical-align: inherit\">RandM 9000 Vpihov<\/span><\/a><span style=\"vertical-align: inherit\">\/ <\/span><a href=\"https:\/\/vapebulkp.com\/sl\/product\/bang-king-12000puffs\/\"><span style=\"vertical-align: inherit\">Bang King 12000 vpihov<\/span><\/a><span style=\"vertical-align: inherit\">\/ <\/span><a href=\"https:\/\/vapebulkp.com\/sl\/product\/wholesale-tornado-rum-bar-9000-puffs-sweden\/\"><span style=\"vertical-align: inherit\">Rumbar 9000Vdihov<\/span><\/a><\/p>\n<h5>Pogosta vpra\u0161anja:<\/h5>\n<p>V: Kak\u0161na je najmanj\u0161a koli\u010dina naro\u010dila za okolju prijazen vape Bang 36000 Puffs?<br \/>\nO: Najmanj\u0161e naro\u010dilo je 100 kosov.<br \/>\nV: Kak\u0161en je \u010das dostave za naro\u010deni vape?<br \/>\nO: Obi\u010dajno je 10-15 dni po odpremi<br \/>\nV: Koliko zna\u0161ajo stro\u0161ki po\u0161iljanja? O: Stro\u0161ki po\u0161iljanja so odvisni od te\u017ee. Razli\u010dne koli\u010dine imajo razli\u010dne stro\u0161ke po\u0161iljanja, za potrditev stro\u0161kov po\u0161iljanja nas kontaktirajte.<\/p>\n<h4>Podrobnosti dostave:<\/h4>\n<p><span style=\"color: #ff6600\">\u010cas proizvodnje: 5\u201310 delovnih dni<\/span><br \/>\n<span style=\"color: #ff6600\">\u010cas dostave: 8\u201314 delovnih dni<\/span><\/p>\n<p>Vsi izdelki v na\u0161i trgovini so 100% originalni in avtenti\u010dni, zato je na\u0161a politika desetkratno nadomestilo za ponarejeno blago. Za dostavo blaga vam uporabljamo logisti\u010dne kanale, kot so UPS\/DHL\/FEDEX\/DPD.<\/p>\n<p>Za pakete, poslane v Slovenijo, obi\u010dajno traja 10 delovnih dni. Po\u0161iljanje v evropske dr\u017eave obi\u010dajno traja 12 do 15 delovnih dni. Logisti\u010dne informacije vam bomo sproti posodabljali.<\/p>","protected":false},"excerpt":{"rendered":"<p>Najbolj\u0161i Vape za enkratno uporabo 2025 Bang 36k Puffs Veleprodajna cena Vape<\/p>\n<p><img decoding=\"async\" class=\"alignnone wp-image-2151\" src=\"http:\/\/vapebulkp.com\/wp-content\/uploads\/2024\/04\/Mandy-WhatsApp-Randm.jpg\" alt=\"Mandy WhatsApp Randm\" width=\"281\" height=\"299\" srcset=\"https:\/\/vapebulkp.com\/wp-content\/uploads\/2024\/04\/Mandy-WhatsApp-Randm.jpg 916w, https:\/\/vapebulkp.com\/wp-content\/uploads\/2024\/04\/Mandy-WhatsApp-Randm-282x300.jpg 282w, https:\/\/vapebulkp.com\/wp-content\/uploads\/2024\/04\/Mandy-WhatsApp-Randm-768x817.jpg 768w, https:\/\/vapebulkp.com\/wp-content\/uploads\/2024\/04\/Mandy-WhatsApp-Randm-600x638.jpg 600w\" sizes=\"(max-width: 281px) 100vw, 281px\" \/><\/p>\n<p>Za popust se obrnite na Mandyin WhatsApp<a href=\"https:\/\/wa.me\/8618077105796\">+8618077105796<\/a><\/p>\n<p><span style=\"color: #ff0000\">OPOMBA: Cene na na\u0161i spletni strani ne vklju\u010dujejo stro\u0161kov po\u0161iljanja.<\/span><\/p>\n<p>&nbsp;<\/p>","protected":false},"featured_media":3003,"comment_status":"open","ping_status":"closed","template":"","meta":{"_uag_custom_page_level_css":"","_lmt_disableupdate":"no","_lmt_disable":"","site-sidebar-layout":"default","site-content-layout":"content-boxed-container","ast-site-content-layout":"normal-width-container","site-content-style":"boxed","site-sidebar-style":"unboxed","ast-global-header-display":"","ast-banner-title-visibility":"","ast-main-header-display":"","ast-hfb-above-header-display":"","ast-hfb-below-header-display":"","ast-hfb-mobile-header-display":"","site-post-title":"","ast-breadcrumbs-content":"","ast-featured-img":"","footer-sml-layout":"","theme-transparent-header-meta":"default","adv-header-id-meta":"","stick-header-meta":"","header-above-stick-meta":"","header-main-stick-meta":"","header-below-stick-meta":"","astra-migrate-meta-layouts":"set","_joinchat":[]},"product_cat":[159,153,345,155,33,59,100,87,34,158,157,154,152,58,84,156,63,32],"product_tag":[130,93,36,37,91,41,40],"class_list":["post-3006","product","type-product","status-publish","has-post-thumbnail","hentry","product_cat-36000-puff-disposable-vape","product_cat-hot-disposable-vapes","product_cat-bang-vapes","product_cat-belgium-hot-disposable-vapes","product_cat-france-vape-hot-sale","product_cat-germany-hot-disposable-vape","product_cat-germany-wholesale-vape-shop","product_cat-minimum-order-quantity-50pcs","product_cat-netherlands-vape-good-sale","product_cat-norway-hot-disposable-vapes","product_cat-poland-hot-disposable-vapes","product_cat-portugal-hot-disposable-vapes","product_cat-spain-hot-disposable-vapes","product_cat-sweden-hot-disposable-vape","product_cat-sweden-wholesale-vape","product_cat-switzerland-hot-disposable-vapes","product_cat-top-sale-disposable-vape","product_cat-vape-hot-sale-this-week","product_tag-36000puffs","product_tag-bang-vape","product_tag-good-vape","product_tag-hot-sale-disposable-vape","product_tag-italy-hot-vape","product_tag-poland-hot-vape","product_tag-sweden-hot-vape","pa_brand-bang-vape","desktop-align-left","tablet-align-left","mobile-align-left"],"yoast_head":"<!-- This site is optimized with the Yoast SEO plugin v21.1 - https:\/\/yoast.com\/wordpress\/plugins\/seo\/ -->\n<title>Bang Vape 36k Puffs LCD Screen Fingerprint Recognition Disposable Vape - vapebulkp.com<\/title>\n<meta name=\"description\" content=\"Wholesale Price Bang Vape 36k Puffs Disposable Vape with LCD screen, fingerprint recognition, 850mAh rechargeable battery, 12 flavors, and 2\u20135% nicotine. Buy now!\" \/>\n<meta name=\"robots\" content=\"index, follow, max-snippet:-1, max-image-preview:large, max-video-preview:-1\" \/>\n<link rel=\"canonical\" href=\"https:\/\/vapebulkp.com\/sl\/product\/bang-vape-36k-puffs-lcd-screen-fingerprint-recognition-disposable-vape\/\" \/>\n<meta property=\"og:locale\" content=\"sl_SI\" \/>\n<meta property=\"og:type\" content=\"article\" \/>\n<meta property=\"og:title\" content=\"Bang Vape 36k Puffs LCD Screen Fingerprint Recognition Disposable Vape - vapebulkp.com\" \/>\n<meta property=\"og:description\" content=\"Wholesale Price Bang Vape 36k Puffs Disposable Vape with LCD screen, fingerprint recognition, 850mAh rechargeable battery, 12 flavors, and 2\u20135% nicotine. Buy now!\" \/>\n<meta property=\"og:url\" content=\"https:\/\/vapebulkp.com\/sl\/product\/bang-vape-36k-puffs-lcd-screen-fingerprint-recognition-disposable-vape\/\" \/>\n<meta property=\"og:site_name\" content=\"vapebulkp.com\" \/>\n<meta property=\"article:modified_time\" content=\"2025-09-24T03:06:26+00:00\" \/>\n<meta property=\"og:image\" content=\"http:\/\/vapebulkp.com\/wp-content\/uploads\/2024\/10\/Bang-Vape-36000-Puffs-Disposable-Vape-LCD-screen-Big-Puffs-Tornado-Vape.jpg\" \/>\n\t<meta property=\"og:image:width\" content=\"1000\" \/>\n\t<meta property=\"og:image:height\" content=\"1000\" \/>\n\t<meta property=\"og:image:type\" content=\"image\/jpeg\" \/>\n<meta name=\"twitter:card\" content=\"summary_large_image\" \/>\n<meta name=\"twitter:label1\" content=\"Est. reading time\" \/>\n\t<meta name=\"twitter:data1\" content=\"4 minute\" \/>\n<script type=\"application\/ld+json\" class=\"yoast-schema-graph\">{\"@context\":\"https:\/\/schema.org\",\"@graph\":[{\"@type\":\"WebPage\",\"@id\":\"https:\/\/vapebulkp.com\/product\/bang-vape-36k-puffs-lcd-screen-fingerprint-recognition-disposable-vape\/\",\"url\":\"https:\/\/vapebulkp.com\/product\/bang-vape-36k-puffs-lcd-screen-fingerprint-recognition-disposable-vape\/\",\"name\":\"Bang Vape 36k Puffs LCD Screen Fingerprint Recognition Disposable Vape - vapebulkp.com\",\"isPartOf\":{\"@id\":\"https:\/\/vapebulkp.com\/#website\"},\"datePublished\":\"2024-10-14T06:38:55+00:00\",\"dateModified\":\"2025-09-24T03:06:26+00:00\",\"description\":\"Wholesale Price Bang Vape 36k Puffs Disposable Vape with LCD screen, fingerprint recognition, 850mAh rechargeable battery, 12 flavors, and 2\u20135% nicotine. Buy now!\",\"breadcrumb\":{\"@id\":\"https:\/\/vapebulkp.com\/product\/bang-vape-36k-puffs-lcd-screen-fingerprint-recognition-disposable-vape\/#breadcrumb\"},\"inLanguage\":\"sl-SI\",\"potentialAction\":[{\"@type\":\"ReadAction\",\"target\":[\"https:\/\/vapebulkp.com\/product\/bang-vape-36k-puffs-lcd-screen-fingerprint-recognition-disposable-vape\/\"]}]},{\"@type\":\"BreadcrumbList\",\"@id\":\"https:\/\/vapebulkp.com\/product\/bang-vape-36k-puffs-lcd-screen-fingerprint-recognition-disposable-vape\/#breadcrumb\",\"itemListElement\":[{\"@type\":\"ListItem\",\"position\":1,\"name\":\"Home\",\"item\":\"https:\/\/vapebulkp.com\/\"},{\"@type\":\"ListItem\",\"position\":2,\"name\":\"Hot Trend Vapes\",\"item\":\"https:\/\/vapebulkp.com\/vape-shop\/\"},{\"@type\":\"ListItem\",\"position\":3,\"name\":\"Bang Vape 36k Puffs LCD Screen Fingerprint Recognition Disposable Vape\"}]},{\"@type\":\"WebSite\",\"@id\":\"https:\/\/vapebulkp.com\/#website\",\"url\":\"https:\/\/vapebulkp.com\/\",\"name\":\"vapebulkp.com\",\"description\":\"Buy Vape In Cheap Bulk Price Near you\",\"publisher\":{\"@id\":\"https:\/\/vapebulkp.com\/#organization\"},\"potentialAction\":[{\"@type\":\"SearchAction\",\"target\":{\"@type\":\"EntryPoint\",\"urlTemplate\":\"https:\/\/vapebulkp.com\/?s={search_term_string}\"},\"query-input\":\"required name=search_term_string\"}],\"inLanguage\":\"sl-SI\"},{\"@type\":\"Organization\",\"@id\":\"https:\/\/vapebulkp.com\/#organization\",\"name\":\"vapebulkp.com\",\"url\":\"https:\/\/vapebulkp.com\/\",\"logo\":{\"@type\":\"ImageObject\",\"inLanguage\":\"sl-SI\",\"@id\":\"https:\/\/vapebulkp.com\/#\/schema\/logo\/image\/\",\"url\":\"https:\/\/vapebulkp.com\/wp-content\/uploads\/2023\/09\/cropped-vapebulkp.png\",\"contentUrl\":\"https:\/\/vapebulkp.com\/wp-content\/uploads\/2023\/09\/cropped-vapebulkp.png\",\"width\":516,\"height\":163,\"caption\":\"vapebulkp.com\"},\"image\":{\"@id\":\"https:\/\/vapebulkp.com\/#\/schema\/logo\/image\/\"}}]}<\/script>\n<!-- \/ Yoast SEO plugin. -->","yoast_head_json":{"title":"Bang Vape 36k Puffs LCD Screen Fingerprint Recognition Disposable Vape - vapebulkp.com","description":"Wholesale Price Bang Vape 36k Puffs Disposable Vape with LCD screen, fingerprint recognition, 850mAh rechargeable battery, 12 flavors, and 2\u20135% nicotine. Buy now!","robots":{"index":"index","follow":"follow","max-snippet":"max-snippet:-1","max-image-preview":"max-image-preview:large","max-video-preview":"max-video-preview:-1"},"canonical":"https:\/\/vapebulkp.com\/sl\/product\/bang-vape-36k-puffs-lcd-screen-fingerprint-recognition-disposable-vape\/","og_locale":"sl_SI","og_type":"article","og_title":"Bang Vape 36k Puffs LCD Screen Fingerprint Recognition Disposable Vape - vapebulkp.com","og_description":"Wholesale Price Bang Vape 36k Puffs Disposable Vape with LCD screen, fingerprint recognition, 850mAh rechargeable battery, 12 flavors, and 2\u20135% nicotine. Buy now!","og_url":"https:\/\/vapebulkp.com\/sl\/product\/bang-vape-36k-puffs-lcd-screen-fingerprint-recognition-disposable-vape\/","og_site_name":"vapebulkp.com","article_modified_time":"2025-09-24T03:06:26+00:00","og_image":[{"width":1000,"height":1000,"url":"http:\/\/vapebulkp.com\/wp-content\/uploads\/2024\/10\/Bang-Vape-36000-Puffs-Disposable-Vape-LCD-screen-Big-Puffs-Tornado-Vape.jpg","type":"image\/jpeg"}],"twitter_card":"summary_large_image","twitter_misc":{"Est. reading time":"4 minute"},"schema":{"@context":"https:\/\/schema.org","@graph":[{"@type":"WebPage","@id":"https:\/\/vapebulkp.com\/product\/bang-vape-36k-puffs-lcd-screen-fingerprint-recognition-disposable-vape\/","url":"https:\/\/vapebulkp.com\/product\/bang-vape-36k-puffs-lcd-screen-fingerprint-recognition-disposable-vape\/","name":"Bang Vape 36k Puffs LCD Screen Fingerprint Recognition Disposable Vape - vapebulkp.com","isPartOf":{"@id":"https:\/\/vapebulkp.com\/#website"},"datePublished":"2024-10-14T06:38:55+00:00","dateModified":"2025-09-24T03:06:26+00:00","description":"Wholesale Price Bang Vape 36k Puffs Disposable Vape with LCD screen, fingerprint recognition, 850mAh rechargeable battery, 12 flavors, and 2\u20135% nicotine. Buy now!","breadcrumb":{"@id":"https:\/\/vapebulkp.com\/product\/bang-vape-36k-puffs-lcd-screen-fingerprint-recognition-disposable-vape\/#breadcrumb"},"inLanguage":"sl-SI","potentialAction":[{"@type":"ReadAction","target":["https:\/\/vapebulkp.com\/product\/bang-vape-36k-puffs-lcd-screen-fingerprint-recognition-disposable-vape\/"]}]},{"@type":"BreadcrumbList","@id":"https:\/\/vapebulkp.com\/product\/bang-vape-36k-puffs-lcd-screen-fingerprint-recognition-disposable-vape\/#breadcrumb","itemListElement":[{"@type":"ListItem","position":1,"name":"Home","item":"https:\/\/vapebulkp.com\/"},{"@type":"ListItem","position":2,"name":"Hot Trend Vapes","item":"https:\/\/vapebulkp.com\/vape-shop\/"},{"@type":"ListItem","position":3,"name":"Bang Vape 36k Puffs LCD Screen Fingerprint Recognition Disposable Vape"}]},{"@type":"WebSite","@id":"https:\/\/vapebulkp.com\/#website","url":"https:\/\/vapebulkp.com\/","name":"vapebulkp.com","description":"Buy Vape In Cheap Bulk Price Near you","publisher":{"@id":"https:\/\/vapebulkp.com\/#organization"},"potentialAction":[{"@type":"SearchAction","target":{"@type":"EntryPoint","urlTemplate":"https:\/\/vapebulkp.com\/?s={search_term_string}"},"query-input":"required name=search_term_string"}],"inLanguage":"sl-SI"},{"@type":"Organization","@id":"https:\/\/vapebulkp.com\/#organization","name":"vapebulkp.com","url":"https:\/\/vapebulkp.com\/","logo":{"@type":"ImageObject","inLanguage":"sl-SI","@id":"https:\/\/vapebulkp.com\/#\/schema\/logo\/image\/","url":"https:\/\/vapebulkp.com\/wp-content\/uploads\/2023\/09\/cropped-vapebulkp.png","contentUrl":"https:\/\/vapebulkp.com\/wp-content\/uploads\/2023\/09\/cropped-vapebulkp.png","width":516,"height":163,"caption":"vapebulkp.com"},"image":{"@id":"https:\/\/vapebulkp.com\/#\/schema\/logo\/image\/"}}]}},"uagb_featured_image_src":{"full":["https:\/\/vapebulkp.com\/wp-content\/uploads\/2024\/10\/Bang-Vape-36000-Puffs-Disposable-Vape-LCD-screen-Big-Puffs-Tornado-Vape.jpg",1000,1000,false],"thumbnail":["https:\/\/vapebulkp.com\/wp-content\/uploads\/2024\/10\/Bang-Vape-36000-Puffs-Disposable-Vape-LCD-screen-Big-Puffs-Tornado-Vape-150x150.jpg",150,150,true],"medium":["https:\/\/vapebulkp.com\/wp-content\/uploads\/2024\/10\/Bang-Vape-36000-Puffs-Disposable-Vape-LCD-screen-Big-Puffs-Tornado-Vape-300x300.jpg",300,300,true],"medium_large":["https:\/\/vapebulkp.com\/wp-content\/uploads\/2024\/10\/Bang-Vape-36000-Puffs-Disposable-Vape-LCD-screen-Big-Puffs-Tornado-Vape-768x768.jpg",768,768,true],"large":["https:\/\/vapebulkp.com\/wp-content\/uploads\/2024\/10\/Bang-Vape-36000-Puffs-Disposable-Vape-LCD-screen-Big-Puffs-Tornado-Vape.jpg",1000,1000,false],"1536x1536":["https:\/\/vapebulkp.com\/wp-content\/uploads\/2024\/10\/Bang-Vape-36000-Puffs-Disposable-Vape-LCD-screen-Big-Puffs-Tornado-Vape.jpg",1000,1000,false],"2048x2048":["https:\/\/vapebulkp.com\/wp-content\/uploads\/2024\/10\/Bang-Vape-36000-Puffs-Disposable-Vape-LCD-screen-Big-Puffs-Tornado-Vape.jpg",1000,1000,false],"trp-custom-language-flag":["https:\/\/vapebulkp.com\/wp-content\/uploads\/2024\/10\/Bang-Vape-36000-Puffs-Disposable-Vape-LCD-screen-Big-Puffs-Tornado-Vape.jpg",12,12,false],"woocommerce_thumbnail":["https:\/\/vapebulkp.com\/wp-content\/uploads\/2024\/10\/Bang-Vape-36000-Puffs-Disposable-Vape-LCD-screen-Big-Puffs-Tornado-Vape-300x300.jpg",300,300,true],"woocommerce_single":["https:\/\/vapebulkp.com\/wp-content\/uploads\/2024\/10\/Bang-Vape-36000-Puffs-Disposable-Vape-LCD-screen-Big-Puffs-Tornado-Vape-600x600.jpg",600,600,true],"woocommerce_gallery_thumbnail":["https:\/\/vapebulkp.com\/wp-content\/uploads\/2024\/10\/Bang-Vape-36000-Puffs-Disposable-Vape-LCD-screen-Big-Puffs-Tornado-Vape-100x100.jpg",100,100,true],"wcpr-photo-reviews":["https:\/\/vapebulkp.com\/wp-content\/uploads\/2024\/10\/Bang-Vape-36000-Puffs-Disposable-Vape-LCD-screen-Big-Puffs-Tornado-Vape.jpg",500,500,false]},"uagb_author_info":{"display_name":"Mandy vape bulk price","author_link":"https:\/\/vapebulkp.com\/sl\/author\/"},"uagb_comment_info":0,"uagb_excerpt":"Best Disposable Vape 2025 Bang 36k puffs Wholesale Price Vape Pls Contact Mandy's WhatsApp For Discount Price+8618077105796 NOTE: Prices on our website does not include shipping costs &nbsp;","_links":{"self":[{"href":"https:\/\/vapebulkp.com\/sl\/wp-json\/wp\/v2\/product\/3006","targetHints":{"allow":["GET"]}}],"collection":[{"href":"https:\/\/vapebulkp.com\/sl\/wp-json\/wp\/v2\/product"}],"about":[{"href":"https:\/\/vapebulkp.com\/sl\/wp-json\/wp\/v2\/types\/product"}],"replies":[{"embeddable":true,"href":"https:\/\/vapebulkp.com\/sl\/wp-json\/wp\/v2\/comments?post=3006"}],"wp:featuredmedia":[{"embeddable":true,"href":"https:\/\/vapebulkp.com\/sl\/wp-json\/wp\/v2\/media\/3003"}],"wp:attachment":[{"href":"https:\/\/vapebulkp.com\/sl\/wp-json\/wp\/v2\/media?parent=3006"}],"wp:term":[{"taxonomy":"product_cat","embeddable":true,"href":"https:\/\/vapebulkp.com\/sl\/wp-json\/wp\/v2\/product_cat?post=3006"},{"taxonomy":"product_tag","embeddable":true,"href":"https:\/\/vapebulkp.com\/sl\/wp-json\/wp\/v2\/product_tag?post=3006"}],"curies":[{"name":"wp","href":"https:\/\/api.w.org\/{rel}","templated":true}]}}