{"id":3047,"date":"2024-10-23T09:54:46","date_gmt":"2024-10-23T07:54:46","guid":{"rendered":"https:\/\/vapebulkp.com\/?post_type=product&#038;p=3047"},"modified":"2025-09-08T05:08:08","modified_gmt":"2025-09-08T03:08:08","slug":"vapme-shisha-pro-max-20k-type-c-rechargeable-vape","status":"publish","type":"product","link":"https:\/\/vapebulkp.com\/sl\/product\/vapme-shisha-pro-max-20k-type-c-rechargeable-vape\/","title":{"rendered":"Vapme Shisha PRO Max 20k Vape za ponovno polnjenje s Type-C"},"content":{"rendered":"<h2>Vapme Shisha PRO Max 20k Vape za ponovno polnjenje s Type-C<\/h2>\n<div class=\"flex max-w-full flex-col flex-grow\">\n<div class=\"min-h-8 text-message flex w-full flex-col items-end gap-2 whitespace-normal break-words [.text-message+&amp;]:mt-5\" dir=\"auto\" data-message-author-role=\"assistant\" data-message-id=\"d4e5856e-b87d-43e1-bf1b-fe5b0e62d5d8\" data-message-model-slug=\"gpt-4o\">\n<div class=\"flex w-full flex-col gap-1 empty:hidden first:pt-[3px]\">\n<div class=\"markdown prose w-full break-words dark:prose-invert light\">\n<p>Vapme Shisha PRO Max 20k je visoko zmogljiva <a href=\"https:\/\/vapebulkp.com\/sl\/product-category\/20000-puffs-disposable-vape\/\">20000 vdihov e-cigareta za enkratno uporabo<\/a> zasnovan za evropske vaperje, ki zahtevajo tako okus kot zanesljivost. Kot polnilna naprava ima baterijo tipa C za hitro polnjenje, kar zagotavlja nemoteno uporabo \u010dez cel dan.<\/p>\n<p>Ta visokokapacitetna prednapolnjena vape nargila z 20000 vpihi ima 28-mililitrski rezervoar za e-teko\u010dino in 0,6\u03a9 mre\u017easto tuljavo, ki zagotavlja gladek dim in dosleden okus z vsakim vpihom. Njegova DTL (neposredno v plju\u010da) zasnova ga naredi popolnega za navdu\u0161ence nad oblaki dima, saj proizvaja goste oblake in intenziven udarec v grlo z vsakim vlekom.<\/p>\n<p>Na voljo v 24 vrhunskih okusih z 2% jakostjo nikotina, ta vrhunska evropska prenosna naprava za uparjanje zadovolji \u0161irok spekter okusov. Lahka, ergonomska in elegantna, Vapme Shisha PRO Max 20k puff zdru\u017euje udobje, slog in zmogljivost. Idealna za evropske trgovce na drobno in kupce v razsutem stanju, izstopa na trgu polnilnih naprav za enkratno uporabo zaradi svoje velike zmogljivosti in zmo\u017enosti ustvarjanja oblakov.<\/p>\n<\/div>\n<\/div>\n<\/div>\n<\/div>\n<p><img decoding=\"async\" class=\"alignnone wp-image-3044\" src=\"http:\/\/vapebulkp.com\/wp-content\/uploads\/2024\/10\/Original-Vapme-Shisha-PRO-Max-20000-Puffs-Disposable-Vape.jpg\" alt=\"Original Vapme Shisha PRO Max 20000 Puffs za enkratno uporabo Vape\" width=\"544\" height=\"374\" srcset=\"https:\/\/vapebulkp.com\/wp-content\/uploads\/2024\/10\/Original-Vapme-Shisha-PRO-Max-20000-Puffs-Disposable-Vape.jpg 1060w, https:\/\/vapebulkp.com\/wp-content\/uploads\/2024\/10\/Original-Vapme-Shisha-PRO-Max-20000-Puffs-Disposable-Vape-300x206.jpg 300w, https:\/\/vapebulkp.com\/wp-content\/uploads\/2024\/10\/Original-Vapme-Shisha-PRO-Max-20000-Puffs-Disposable-Vape-1024x704.jpg 1024w, https:\/\/vapebulkp.com\/wp-content\/uploads\/2024\/10\/Original-Vapme-Shisha-PRO-Max-20000-Puffs-Disposable-Vape-768x528.jpg 768w, https:\/\/vapebulkp.com\/wp-content\/uploads\/2024\/10\/Original-Vapme-Shisha-PRO-Max-20000-Puffs-Disposable-Vape-600x413.jpg 600w\" sizes=\"(max-width: 544px) 100vw, 544px\" \/><\/p>\n<h6 style=\"text-align: left\"><\/h6>\n<h6>Za popust se obrnite na Mandyin WhatsApp<a href=\"https:\/\/wa.me\/8618077105796\">+8618077105796<\/a><\/h6>\n<p><img decoding=\"async\" class=\"alignnone wp-image-2151\" src=\"http:\/\/vapebulkp.com\/wp-content\/uploads\/2024\/04\/Mandy-WhatsApp-Randm.jpg\" alt=\"Mandy WhatsApp Randm\" width=\"263\" height=\"280\" srcset=\"https:\/\/vapebulkp.com\/wp-content\/uploads\/2024\/04\/Mandy-WhatsApp-Randm.jpg 916w, https:\/\/vapebulkp.com\/wp-content\/uploads\/2024\/04\/Mandy-WhatsApp-Randm-282x300.jpg 282w, https:\/\/vapebulkp.com\/wp-content\/uploads\/2024\/04\/Mandy-WhatsApp-Randm-768x817.jpg 768w, https:\/\/vapebulkp.com\/wp-content\/uploads\/2024\/04\/Mandy-WhatsApp-Randm-600x638.jpg 600w\" sizes=\"(max-width: 263px) 100vw, 263px\" \/><\/p>\n<h2><span style=\"vertical-align: inherit\">Mislil sem, da bi vam bilo v\u0161e\u010d, \u010de bi izvedeli za Vapme shisha Pro Max 20k Puff:<\/span><\/h2>\n<p>&nbsp;<\/p>\n<h5><strong>Ali je mogo\u010de Vapme Shisha Pro Max 20k Puffs ponovno napolniti?<\/strong><\/h5>\n<p><strong>Odgovor: <\/strong>Da, Vapme Shisha Pro Max 20k puff ima polnilna vrata tipa C za hitro in priro\u010dno polnjenje. To vam omogo\u010da, da napravo ohranite napolnjeno skozi celotno \u017eivljenjsko dobo.<\/p>\n<h5><strong>2.Kako napolnim Vapme Shisha Pro Max 20k Puffs?<\/strong><\/h5>\n<p><strong>Odgovor: <\/strong>Za ponovno polnjenje naprave preprosto priklju\u010dite kabel Type-C v vrata in ga vklopite v vir napajanja USB. Priporo\u010damo uporabo standardnega polnilnika, da se izognete prekomernemu polnjenju ali po\u0161kodbi baterije.<\/p>\n<h5><strong>3. Na kaj moram biti pozoren pri polnjenju moje dolgotrajne jednokratne elektronske cigarete 20000 vpihov Vapme shisha?<\/strong><\/h5>\n<p><strong>Odgovor: <\/strong>Prepri\u010dajte se, da uporabljate zdru\u017eljiv polnilni kabel Type-C in se izogibajte prekomernemu polnjenju baterije. Za ohranitev \u017eivljenjske dobe baterije je najbolje, da polnilnik odklopite, ko je naprava popolnoma napolnjena.<\/p>\n<h5><strong>4. Kak\u0161na tuljava se uporablja v Vapme shisha Pro Max 20000 Puff?<\/strong><\/h5>\n<p><strong>Odgovor: <\/strong>Ta naprava je opremljena z 0,6\u03a9 mre\u017easto tuljavo, zasnovano za izbolj\u0161anje okusa in proizvodnje pare, kar zagotavlja gladko in zadovoljivo izku\u0161njo vapinga.<\/p>\n<h5><strong>5. Ali prenosna Mesh Coil Vape Europe Vapme shisha vape Pro Max 20k puff podpira vapiranje Direct-to-Lung (DTL)?<\/strong><\/h5>\n<p><strong>Odgovor: <\/strong>Da, Vapme Shisha Pro Max 20k je zasnovan posebej za neposredno vdihavanje v plju\u010da (DTL), kar ponuja intenzivne arome in ve\u010dje oblake pare.<\/p>\n<h5><strong>6. Kak\u0161ni so na voljo okusi in jakosti nikotina za Vapme shisha 20k Puffs Vapes?<\/strong><\/h5>\n<p><strong>Odgovor: <\/strong>Vapme Shisha Pro Max 20k je na voljo v 24 razli\u010dnih okusih, od sadnih do mentolnih in bogatih me\u0161anic. Ponuja 2% jakost nikotina, kar ustreza vaperjem, ki i\u0161\u010dejo zmerno vsebnost nikotina.<\/p>\n<h5><strong>7. Kako vem, kdaj napolniti moj JNR SHISHA Vapme shisha Pro Max 20000 Puffs?<\/strong><\/h5>\n<p><strong>Odgovor:<\/strong> \u010ce opazite zmanj\u0161anje proizvodnje pare ali \u0161ibkej\u0161i okus, je morda \u010das za ponovno polnjenje. Preprosto priklju\u010dite napravo s kablom Type-C, da zagotovite, da je pripravljena za uporabo.<\/p>\n<p><span style=\"color: #ff6600\">Opomba: ne polnite celo no\u010d!<\/span><\/p>\n<p>&nbsp;<\/p>\n<h3><strong>Najbolj\u0161a direktna inhalacija za plju\u010da za enkratno uporabo Vape Pen Vapme shisha Pro Max 20000 Puffs \u2013 Tehni\u010dne specifikacije izdelka:<\/strong><\/h3>\n<ul>\n<li><strong>Kapaciteta vdihov<\/strong>: 20.000+ vdihov<\/li>\n<li><strong>Baterija<\/strong>: 850mAh, opremljen s priklju\u010dkom Type-C za hitro in priro\u010dno polnjenje<\/li>\n<li><strong>Kapaciteta e-teko\u010dine<\/strong>: 28mL teko\u010dine za vape<\/li>\n<li><strong>Tehnologija grelca<\/strong>: 0,6\u03a9 mre\u017ena tuljava za izbolj\u0161an okus in proizvodnjo pare<\/li>\n<li><strong>Vsebnost nikotina<\/strong>: 2%<\/li>\n<li><strong>Okusi<\/strong>: 24 razpolo\u017eljivih mo\u017enosti<\/li>\n<li><strong>Slog vapinga<\/strong>: Direktna inhalacija za plju\u010da (DTL) za intenziven okus in ve\u010djo proizvodnjo oblakov<\/li>\n<li><strong>Embala\u017ea<\/strong>: 160 kosov na \u0161katlo, s skupno te\u017eo 19,2 kg na \u0161katlo<\/li>\n<\/ul>\n<h5>Vape z mre\u017easto tuljavo z bogatim okusom za ljubitelje Vapme shisha 20k Puffs:<\/h5>\n<p>1. Borovni\u010dev mehur\u010dek<br \/>\n2. Kivi pasijonka guava<br \/>\n3. Limonada z modro malino<br \/>\n4.jagoda kivi<br \/>\n5.Me\u0161ano jagodi\u010devje<br \/>\n6.jagoda lubenica<br \/>\n7. Grozdni udarec<br \/>\n8.led z lubenico<br \/>\n9.breskev mango ananas<br \/>\n10.led z jagodo<br \/>\n11. So\u010dna breskev<br \/>\n12. Lady Killa<br \/>\n13. \u010ce\u0161nja in jagoda<br \/>\n14.Borovnica malina<br \/>\n15.Love 66<br \/>\n16.Lubeni\u010dni bik<br \/>\n17.Jagoda grozdje<br \/>\n18.Jagoda malina sladkarije<br \/>\n19.Bela mamba<br \/>\n20.Lubeni\u010dna \u010de\u0161nja<br \/>\n21.Zamrznjeno jabolko<br \/>\n22.Limona meta<br \/>\n23.\u010crni ribez led<br \/>\n24.Ananasov napitek<\/p>\n<p><span style=\"vertical-align: inherit\">Poi\u0161\u010dite ve\u010d izdelkov, ki bi vam bili morda v\u0161e\u010d:<\/span><em><a href=\"https:\/\/wa.me\/8618077105796\"><span style=\"vertical-align: inherit\">\u00a0Kupite zdaj<\/span><\/a><\/em><\/p>\n<p><span style=\"vertical-align: inherit\">Drugi 'puffs', ki bi vam bili morda v\u0161e\u010d:<\/span><a href=\"https:\/\/vapebulkp.com\/sl\/product\/fumot-tornado-25k-puffs-cheap-price-disposable-vape\/\"><span style=\"vertical-align: inherit\">RandM Fumot Tornado 25000Pufov<\/span><\/a><\/p>\n<p><a href=\"https:\/\/vapebulkp.com\/sl\/product\/wholesale-randm-tornado-9000-puffs-germany\/\"><span style=\"vertical-align: inherit\">RandM Tornado 9000 vpihov<\/span><\/a><\/p>\n<p><a href=\"https:\/\/vapebulkp.com\/sl\/product\/uwin-crystal-10k-puff-long-lasting-disposable-vape-for-europe\/\"><span style=\"vertical-align: inherit\">UWIN Crystal 10000 Puffs<\/span><\/a><\/p>\n<p><a href=\"https:\/\/vapebulkp.com\/sl\/product\/randm-fumot-tornado-30k-puffs-rechargeable-vapes-best-sale\/\"><span style=\"vertical-align: inherit\">Randm Vape 30k Pufov<\/span><\/a><\/p>\n<p><span style=\"vertical-align: inherit\">E-cigareta posebne oblike steklenice:<\/span><a href=\"https:\/\/vapebulkp.com\/sl\/product\/bang-king-pro-30k-puffs-top-selling-vape-in-europe\/\"><span style=\"vertical-align: inherit\">Bang King Pro 30000 vpihov<\/span><\/a><span style=\"vertical-align: inherit\">\/ <\/span><a href=\"https:\/\/vapebulkp.com\/sl\/product\/waspe-tornado-vape-30k-puffs-fihp-best-long-lasting-vape\/\"><span style=\"vertical-align: inherit\">WASPE Tornado 30000 Puffs<\/span><\/a><span style=\"vertical-align: inherit\">\/<\/span><a href=\"https:\/\/vapebulkp.com\/sl\/product\/uzy-bang-digital-15000puffs-led-display-e-cigarettes\/\"><span style=\"vertical-align: inherit\">UZY Bang Digital Box 15000 Puffs<\/span><\/a><\/p>\n<h4>Podrobnosti dostave:<\/h4>\n<p><span style=\"color: #ff6600\">\u010cas proizvodnje: 5\u201310 delovnih dni<\/span><br \/>\n<span style=\"color: #ff6600\">\u010cas dostave: 8\u201314 delovnih dni<\/span><\/p>\n<p>Vsi izdelki v na\u0161i trgovini so 100% originalni in avtenti\u010dni, zato je na\u0161a politika desetkratno nadomestilo za ponarejeno blago. Za dostavo blaga vam uporabljamo logisti\u010dne kanale, kot so UPS\/DHL\/FEDEX\/DPD.<\/p>\n<p>Za pakete, poslane v Slovenijo, obi\u010dajno traja 10 delovnih dni. Po\u0161iljanje v evropske dr\u017eave obi\u010dajno traja 12 do 15 delovnih dni. Logisti\u010dne informacije vam bomo sproti posodabljali.<\/p>\n<p>Kontaktirajte nas in ponudimo vam lahko Hazebar 12000 Puff ter dvignemo va\u0161e poslovanje na vi\u0161jo raven!<\/p>","protected":false},"excerpt":{"rendered":"<p>Vapme Shisha Pro Max 20k Puffs za slovenske trgovce<\/p>\n<p>850mAh polnilna VAPME nargile Vape 20000 vpihov<br \/>\n<img decoding=\"async\" class=\"alignnone wp-image-2151\" src=\"http:\/\/vapebulkp.com\/wp-content\/uploads\/2024\/04\/Mandy-WhatsApp-Randm.jpg\" alt=\"Mandy WhatsApp Randm\" width=\"238\" height=\"253\" srcset=\"https:\/\/vapebulkp.com\/wp-content\/uploads\/2024\/04\/Mandy-WhatsApp-Randm.jpg 916w, https:\/\/vapebulkp.com\/wp-content\/uploads\/2024\/04\/Mandy-WhatsApp-Randm-282x300.jpg 282w, https:\/\/vapebulkp.com\/wp-content\/uploads\/2024\/04\/Mandy-WhatsApp-Randm-768x817.jpg 768w, https:\/\/vapebulkp.com\/wp-content\/uploads\/2024\/04\/Mandy-WhatsApp-Randm-600x638.jpg 600w\" sizes=\"(max-width: 238px) 100vw, 238px\" \/><\/p>\n<p>Za popust se obrnite na Mandyin WhatsApp<a href=\"https:\/\/wa.me\/8618077105796\">+8618077105796<\/a><\/p>\n<p><span style=\"color: #ff0000\">OPOMBA: Cene na na\u0161i spletni strani ne vklju\u010dujejo stro\u0161kov po\u0161iljanja.<\/span><\/p>","protected":false},"featured_media":3045,"comment_status":"open","ping_status":"closed","template":"","meta":{"_uag_custom_page_level_css":"","_lmt_disableupdate":"no","_lmt_disable":"","site-sidebar-layout":"default","site-content-layout":"content-boxed-container","ast-site-content-layout":"normal-width-container","site-content-style":"boxed","site-sidebar-style":"unboxed","ast-global-header-display":"","ast-banner-title-visibility":"","ast-main-header-display":"","ast-hfb-above-header-display":"","ast-hfb-below-header-display":"","ast-hfb-mobile-header-display":"","site-post-title":"","ast-breadcrumbs-content":"","ast-featured-img":"","footer-sml-layout":"","theme-transparent-header-meta":"default","adv-header-id-meta":"","stick-header-meta":"","header-above-stick-meta":"","header-main-stick-meta":"","header-below-stick-meta":"","astra-migrate-meta-layouts":"set","_joinchat":[]},"product_cat":[162,153,155,33,59,100,34,158,157,154,152,58,84,156,63,32],"product_tag":[77,36,37,91,105,41,71,40],"class_list":["post-3047","product","type-product","status-publish","has-post-thumbnail","hentry","product_cat-20000-puffs-disposable-vape","product_cat-hot-disposable-vapes","product_cat-belgium-hot-disposable-vapes","product_cat-france-vape-hot-sale","product_cat-germany-hot-disposable-vape","product_cat-germany-wholesale-vape-shop","product_cat-netherlands-vape-good-sale","product_cat-norway-hot-disposable-vapes","product_cat-poland-hot-disposable-vapes","product_cat-portugal-hot-disposable-vapes","product_cat-spain-hot-disposable-vapes","product_cat-sweden-hot-disposable-vape","product_cat-sweden-wholesale-vape","product_cat-switzerland-hot-disposable-vapes","product_cat-top-sale-disposable-vape","product_cat-vape-hot-sale-this-week","product_tag-15000-puffs","product_tag-good-vape","product_tag-hot-sale-disposable-vape","product_tag-italy-hot-vape","product_tag-jnr","product_tag-poland-hot-vape","product_tag-randm","product_tag-sweden-hot-vape","desktop-align-left","tablet-align-left","mobile-align-left"],"yoast_head":"<!-- This site is optimized with the Yoast SEO plugin v21.1 - https:\/\/yoast.com\/wordpress\/plugins\/seo\/ -->\n<title>Vapme Shisha PRO Max 20k Type-C Rechargeable Vape - vapebulkp.com<\/title>\n<meta name=\"description\" content=\"Vapme Shisha Pro Max 20k Puffs is a high-capacity rechargeable vape pen with 28mL e-liquid, 24 flavors, and 2% nicotine. Featuring mesh coil and DTL design for rich clouds, it\u2019s perfect for European retailers and cloud-chasing enthusiasts.\" \/>\n<meta name=\"robots\" content=\"index, follow, max-snippet:-1, max-image-preview:large, max-video-preview:-1\" \/>\n<link rel=\"canonical\" href=\"https:\/\/vapebulkp.com\/sl\/product\/vapme-shisha-pro-max-20k-type-c-rechargeable-vape\/\" \/>\n<meta property=\"og:locale\" content=\"sl_SI\" \/>\n<meta property=\"og:type\" content=\"article\" \/>\n<meta property=\"og:title\" content=\"Vapme Shisha PRO Max 20k Type-C Rechargeable Vape - vapebulkp.com\" \/>\n<meta property=\"og:description\" content=\"Vapme Shisha Pro Max 20k Puffs is a high-capacity rechargeable vape pen with 28mL e-liquid, 24 flavors, and 2% nicotine. Featuring mesh coil and DTL design for rich clouds, it\u2019s perfect for European retailers and cloud-chasing enthusiasts.\" \/>\n<meta property=\"og:url\" content=\"https:\/\/vapebulkp.com\/sl\/product\/vapme-shisha-pro-max-20k-type-c-rechargeable-vape\/\" \/>\n<meta property=\"og:site_name\" content=\"vapebulkp.com\" \/>\n<meta property=\"article:modified_time\" content=\"2025-09-08T03:08:08+00:00\" \/>\n<meta property=\"og:image\" content=\"http:\/\/vapebulkp.com\/wp-content\/uploads\/2024\/10\/Vapme-Shisha-PRO-Max-20000-Puffs-Disposable-Vape-20k-Puffs-Vape.jpg\" \/>\n\t<meta property=\"og:image:width\" content=\"550\" \/>\n\t<meta property=\"og:image:height\" content=\"550\" \/>\n\t<meta property=\"og:image:type\" content=\"image\/jpeg\" \/>\n<meta name=\"twitter:card\" content=\"summary_large_image\" \/>\n<meta name=\"twitter:label1\" content=\"Est. reading time\" \/>\n\t<meta name=\"twitter:data1\" content=\"4 minute\" \/>\n<script type=\"application\/ld+json\" class=\"yoast-schema-graph\">{\"@context\":\"https:\/\/schema.org\",\"@graph\":[{\"@type\":\"WebPage\",\"@id\":\"https:\/\/vapebulkp.com\/product\/vapme-shisha-pro-max-20k-type-c-rechargeable-vape\/\",\"url\":\"https:\/\/vapebulkp.com\/product\/vapme-shisha-pro-max-20k-type-c-rechargeable-vape\/\",\"name\":\"Vapme Shisha PRO Max 20k Type-C Rechargeable Vape - vapebulkp.com\",\"isPartOf\":{\"@id\":\"https:\/\/vapebulkp.com\/#website\"},\"datePublished\":\"2024-10-23T07:54:46+00:00\",\"dateModified\":\"2025-09-08T03:08:08+00:00\",\"description\":\"Vapme Shisha Pro Max 20k Puffs is a high-capacity rechargeable vape pen with 28mL e-liquid, 24 flavors, and 2% nicotine. Featuring mesh coil and DTL design for rich clouds, it\u2019s perfect for European retailers and cloud-chasing enthusiasts.\",\"breadcrumb\":{\"@id\":\"https:\/\/vapebulkp.com\/product\/vapme-shisha-pro-max-20k-type-c-rechargeable-vape\/#breadcrumb\"},\"inLanguage\":\"sl-SI\",\"potentialAction\":[{\"@type\":\"ReadAction\",\"target\":[\"https:\/\/vapebulkp.com\/product\/vapme-shisha-pro-max-20k-type-c-rechargeable-vape\/\"]}]},{\"@type\":\"BreadcrumbList\",\"@id\":\"https:\/\/vapebulkp.com\/product\/vapme-shisha-pro-max-20k-type-c-rechargeable-vape\/#breadcrumb\",\"itemListElement\":[{\"@type\":\"ListItem\",\"position\":1,\"name\":\"Home\",\"item\":\"https:\/\/vapebulkp.com\/\"},{\"@type\":\"ListItem\",\"position\":2,\"name\":\"Hot Trend Vapes\",\"item\":\"https:\/\/vapebulkp.com\/vape-shop\/\"},{\"@type\":\"ListItem\",\"position\":3,\"name\":\"Vapme Shisha PRO Max 20k Type-C Rechargeable Vape\"}]},{\"@type\":\"WebSite\",\"@id\":\"https:\/\/vapebulkp.com\/#website\",\"url\":\"https:\/\/vapebulkp.com\/\",\"name\":\"vapebulkp.com\",\"description\":\"Buy Vape In Cheap Bulk Price Near you\",\"publisher\":{\"@id\":\"https:\/\/vapebulkp.com\/#organization\"},\"potentialAction\":[{\"@type\":\"SearchAction\",\"target\":{\"@type\":\"EntryPoint\",\"urlTemplate\":\"https:\/\/vapebulkp.com\/?s={search_term_string}\"},\"query-input\":\"required name=search_term_string\"}],\"inLanguage\":\"sl-SI\"},{\"@type\":\"Organization\",\"@id\":\"https:\/\/vapebulkp.com\/#organization\",\"name\":\"vapebulkp.com\",\"url\":\"https:\/\/vapebulkp.com\/\",\"logo\":{\"@type\":\"ImageObject\",\"inLanguage\":\"sl-SI\",\"@id\":\"https:\/\/vapebulkp.com\/#\/schema\/logo\/image\/\",\"url\":\"https:\/\/vapebulkp.com\/wp-content\/uploads\/2023\/09\/cropped-vapebulkp.png\",\"contentUrl\":\"https:\/\/vapebulkp.com\/wp-content\/uploads\/2023\/09\/cropped-vapebulkp.png\",\"width\":516,\"height\":163,\"caption\":\"vapebulkp.com\"},\"image\":{\"@id\":\"https:\/\/vapebulkp.com\/#\/schema\/logo\/image\/\"}}]}<\/script>\n<!-- \/ Yoast SEO plugin. -->","yoast_head_json":{"title":"Vapme Shisha PRO Max 20k Type-C Rechargeable Vape - vapebulkp.com","description":"Vapme Shisha Pro Max 20k Puffs is a high-capacity rechargeable vape pen with 28mL e-liquid, 24 flavors, and 2% nicotine. Featuring mesh coil and DTL design for rich clouds, it\u2019s perfect for European retailers and cloud-chasing enthusiasts.","robots":{"index":"index","follow":"follow","max-snippet":"max-snippet:-1","max-image-preview":"max-image-preview:large","max-video-preview":"max-video-preview:-1"},"canonical":"https:\/\/vapebulkp.com\/sl\/product\/vapme-shisha-pro-max-20k-type-c-rechargeable-vape\/","og_locale":"sl_SI","og_type":"article","og_title":"Vapme Shisha PRO Max 20k Type-C Rechargeable Vape - vapebulkp.com","og_description":"Vapme Shisha Pro Max 20k Puffs is a high-capacity rechargeable vape pen with 28mL e-liquid, 24 flavors, and 2% nicotine. Featuring mesh coil and DTL design for rich clouds, it\u2019s perfect for European retailers and cloud-chasing enthusiasts.","og_url":"https:\/\/vapebulkp.com\/sl\/product\/vapme-shisha-pro-max-20k-type-c-rechargeable-vape\/","og_site_name":"vapebulkp.com","article_modified_time":"2025-09-08T03:08:08+00:00","og_image":[{"width":550,"height":550,"url":"http:\/\/vapebulkp.com\/wp-content\/uploads\/2024\/10\/Vapme-Shisha-PRO-Max-20000-Puffs-Disposable-Vape-20k-Puffs-Vape.jpg","type":"image\/jpeg"}],"twitter_card":"summary_large_image","twitter_misc":{"Est. reading time":"4 minute"},"schema":{"@context":"https:\/\/schema.org","@graph":[{"@type":"WebPage","@id":"https:\/\/vapebulkp.com\/product\/vapme-shisha-pro-max-20k-type-c-rechargeable-vape\/","url":"https:\/\/vapebulkp.com\/product\/vapme-shisha-pro-max-20k-type-c-rechargeable-vape\/","name":"Vapme Shisha PRO Max 20k Type-C Rechargeable Vape - vapebulkp.com","isPartOf":{"@id":"https:\/\/vapebulkp.com\/#website"},"datePublished":"2024-10-23T07:54:46+00:00","dateModified":"2025-09-08T03:08:08+00:00","description":"Vapme Shisha Pro Max 20k Puffs is a high-capacity rechargeable vape pen with 28mL e-liquid, 24 flavors, and 2% nicotine. Featuring mesh coil and DTL design for rich clouds, it\u2019s perfect for European retailers and cloud-chasing enthusiasts.","breadcrumb":{"@id":"https:\/\/vapebulkp.com\/product\/vapme-shisha-pro-max-20k-type-c-rechargeable-vape\/#breadcrumb"},"inLanguage":"sl-SI","potentialAction":[{"@type":"ReadAction","target":["https:\/\/vapebulkp.com\/product\/vapme-shisha-pro-max-20k-type-c-rechargeable-vape\/"]}]},{"@type":"BreadcrumbList","@id":"https:\/\/vapebulkp.com\/product\/vapme-shisha-pro-max-20k-type-c-rechargeable-vape\/#breadcrumb","itemListElement":[{"@type":"ListItem","position":1,"name":"Home","item":"https:\/\/vapebulkp.com\/"},{"@type":"ListItem","position":2,"name":"Hot Trend Vapes","item":"https:\/\/vapebulkp.com\/vape-shop\/"},{"@type":"ListItem","position":3,"name":"Vapme Shisha PRO Max 20k Type-C Rechargeable Vape"}]},{"@type":"WebSite","@id":"https:\/\/vapebulkp.com\/#website","url":"https:\/\/vapebulkp.com\/","name":"vapebulkp.com","description":"Buy Vape In Cheap Bulk Price Near you","publisher":{"@id":"https:\/\/vapebulkp.com\/#organization"},"potentialAction":[{"@type":"SearchAction","target":{"@type":"EntryPoint","urlTemplate":"https:\/\/vapebulkp.com\/?s={search_term_string}"},"query-input":"required name=search_term_string"}],"inLanguage":"sl-SI"},{"@type":"Organization","@id":"https:\/\/vapebulkp.com\/#organization","name":"vapebulkp.com","url":"https:\/\/vapebulkp.com\/","logo":{"@type":"ImageObject","inLanguage":"sl-SI","@id":"https:\/\/vapebulkp.com\/#\/schema\/logo\/image\/","url":"https:\/\/vapebulkp.com\/wp-content\/uploads\/2023\/09\/cropped-vapebulkp.png","contentUrl":"https:\/\/vapebulkp.com\/wp-content\/uploads\/2023\/09\/cropped-vapebulkp.png","width":516,"height":163,"caption":"vapebulkp.com"},"image":{"@id":"https:\/\/vapebulkp.com\/#\/schema\/logo\/image\/"}}]}},"uagb_featured_image_src":{"full":["https:\/\/vapebulkp.com\/wp-content\/uploads\/2024\/10\/Vapme-Shisha-PRO-Max-20000-Puffs-Disposable-Vape-20k-Puffs-Vape.jpg",550,550,false],"thumbnail":["https:\/\/vapebulkp.com\/wp-content\/uploads\/2024\/10\/Vapme-Shisha-PRO-Max-20000-Puffs-Disposable-Vape-20k-Puffs-Vape-150x150.jpg",150,150,true],"medium":["https:\/\/vapebulkp.com\/wp-content\/uploads\/2024\/10\/Vapme-Shisha-PRO-Max-20000-Puffs-Disposable-Vape-20k-Puffs-Vape-300x300.jpg",300,300,true],"medium_large":["https:\/\/vapebulkp.com\/wp-content\/uploads\/2024\/10\/Vapme-Shisha-PRO-Max-20000-Puffs-Disposable-Vape-20k-Puffs-Vape.jpg",550,550,false],"large":["https:\/\/vapebulkp.com\/wp-content\/uploads\/2024\/10\/Vapme-Shisha-PRO-Max-20000-Puffs-Disposable-Vape-20k-Puffs-Vape.jpg",550,550,false],"1536x1536":["https:\/\/vapebulkp.com\/wp-content\/uploads\/2024\/10\/Vapme-Shisha-PRO-Max-20000-Puffs-Disposable-Vape-20k-Puffs-Vape.jpg",550,550,false],"2048x2048":["https:\/\/vapebulkp.com\/wp-content\/uploads\/2024\/10\/Vapme-Shisha-PRO-Max-20000-Puffs-Disposable-Vape-20k-Puffs-Vape.jpg",550,550,false],"trp-custom-language-flag":["https:\/\/vapebulkp.com\/wp-content\/uploads\/2024\/10\/Vapme-Shisha-PRO-Max-20000-Puffs-Disposable-Vape-20k-Puffs-Vape.jpg",12,12,false],"woocommerce_thumbnail":["https:\/\/vapebulkp.com\/wp-content\/uploads\/2024\/10\/Vapme-Shisha-PRO-Max-20000-Puffs-Disposable-Vape-20k-Puffs-Vape-300x300.jpg",300,300,true],"woocommerce_single":["https:\/\/vapebulkp.com\/wp-content\/uploads\/2024\/10\/Vapme-Shisha-PRO-Max-20000-Puffs-Disposable-Vape-20k-Puffs-Vape.jpg",550,550,false],"woocommerce_gallery_thumbnail":["https:\/\/vapebulkp.com\/wp-content\/uploads\/2024\/10\/Vapme-Shisha-PRO-Max-20000-Puffs-Disposable-Vape-20k-Puffs-Vape-100x100.jpg",100,100,true],"wcpr-photo-reviews":["https:\/\/vapebulkp.com\/wp-content\/uploads\/2024\/10\/Vapme-Shisha-PRO-Max-20000-Puffs-Disposable-Vape-20k-Puffs-Vape.jpg",500,500,false]},"uagb_author_info":{"display_name":"Mandy vape bulk price","author_link":"https:\/\/vapebulkp.com\/sl\/author\/"},"uagb_comment_info":0,"uagb_excerpt":"Vapme Shisha Pro Max 20k Puffs for European Retailers 850mAh Rechargeable VAPME shisha Vape 20000 Puffs Pls Contact Mandy's WhatsApp For Discount Price+8618077105796 NOTE: Prices on our website does not include shipping costs","_links":{"self":[{"href":"https:\/\/vapebulkp.com\/sl\/wp-json\/wp\/v2\/product\/3047","targetHints":{"allow":["GET"]}}],"collection":[{"href":"https:\/\/vapebulkp.com\/sl\/wp-json\/wp\/v2\/product"}],"about":[{"href":"https:\/\/vapebulkp.com\/sl\/wp-json\/wp\/v2\/types\/product"}],"replies":[{"embeddable":true,"href":"https:\/\/vapebulkp.com\/sl\/wp-json\/wp\/v2\/comments?post=3047"}],"wp:featuredmedia":[{"embeddable":true,"href":"https:\/\/vapebulkp.com\/sl\/wp-json\/wp\/v2\/media\/3045"}],"wp:attachment":[{"href":"https:\/\/vapebulkp.com\/sl\/wp-json\/wp\/v2\/media?parent=3047"}],"wp:term":[{"taxonomy":"product_cat","embeddable":true,"href":"https:\/\/vapebulkp.com\/sl\/wp-json\/wp\/v2\/product_cat?post=3047"},{"taxonomy":"product_tag","embeddable":true,"href":"https:\/\/vapebulkp.com\/sl\/wp-json\/wp\/v2\/product_tag?post=3047"}],"curies":[{"name":"wp","href":"https:\/\/api.w.org\/{rel}","templated":true}]}}