{"id":3075,"date":"2024-10-28T08:28:39","date_gmt":"2024-10-28T07:28:39","guid":{"rendered":"https:\/\/vapebulkp.com\/?post_type=product&#038;p=3075"},"modified":"2025-09-24T05:14:42","modified_gmt":"2025-09-24T03:14:42","slug":"poco-bl-10000-puffs-hot-selling-high-puff-type-c-disposable-vape","status":"publish","type":"product","link":"https:\/\/vapebulkp.com\/sl\/product\/poco-bl-10000-puffs-hot-selling-high-puff-type-c-disposable-vape\/","title":{"rendered":"POCO Bl 10000 Puffs Vro\u010de prodajan, visokopla\u0161ni\u0161ki vape za enkratno uporabo tipa C"},"content":{"rendered":"<h1 style=\"text-align: left\">POCO Bl 10000 Puffs Vro\u010de prodajan, visokopla\u0161ni\u0161ki vape za enkratno uporabo tipa C<\/h1>\n<p>&nbsp;<\/p>\n<p data-start=\"393\" data-end=\"710\">The <strong data-start=\"437\" data-end=\"460\">POCO BL 10000 Pufov<\/strong> je visoko zmogljiva <a href=\"https:\/\/vapebulkp.com\/sl\/product-category\/10000-puffs-disposable-vape\/\"><strong data-start=\"480\" data-end=\"511\">10000 vdihov e-cigareta za enkratno uporabo<\/strong><\/a> zasnovan za vaperje, ki zahtevajo okus, zmogljivost in udobje. Napolnjen je z 20 ml vrhunske e-teko\u010dine z nikotinsko soljo (5 %), kar zagotavlja gladko in zadovoljivo paro do 10.000 vpihov.<\/p>\n<p data-start=\"712\" data-end=\"993\">Napaja ga 650 mAh baterija za ponovno polnjenje s hitrim polnjenjem tipa C, kar <strong data-start=\"784\" data-end=\"807\">POCO BL 10000 Pufov<\/strong> zagotavlja dolgotrajno delovanje. Tehnologija mre\u017easte tuljave izbolj\u0161a vsak vpih, saj ustvarja bogat okus in gosto paro iz 15 priljubljenih mo\u017enosti \u2014 vklju\u010dno s sadnimi, metinimi in sladicami.<\/p>\n<p data-start=\"995\" data-end=\"1255\">Z elegantno osvetlitvijo RGB je ta naprava eleganten dodatek, ki hkrati zagotavlja dosledno mo\u010d vapinga. Kompaktna, zanesljiva in vsestranska naprava <strong data-start=\"1147\" data-end=\"1186\">POCO BL 10000 Puffs vape za enkratno uporabo<\/strong> je popolna izbira za veletrgovce in kon\u010dne uporabnike po vsej Evropi.<\/p>\n<p data-start=\"1257\" data-end=\"1378\">Kupite <strong data-start=\"1265\" data-end=\"1288\">POCO BL 10000 Pufov<\/strong> zdaj po veleprodajnih cenah iz <a href=\"https:\/\/vapebulkp.com\/sl\/vape-shop\/\">vapebulkp.com<\/a> s hitro dostavo.<\/p>\n<p><img decoding=\"async\" class=\"alignnone wp-image-3071\" src=\"http:\/\/vapebulkp.com\/wp-content\/uploads\/2024\/10\/EU-Warehouse-Poco-BL10000-Puffs-Disposable-Vape-Pod-Puff-10k-Minimum-Order-50pcs.png\" alt=\"Skladi\u0161\u010de v Sloveniji Poco BL10000 Puffs Vape Pod Puff za enkratno uporabo 10k Minimalno naro\u010dilo 50 kosov\" width=\"585\" height=\"585\" srcset=\"https:\/\/vapebulkp.com\/wp-content\/uploads\/2024\/10\/EU-Warehouse-Poco-BL10000-Puffs-Disposable-Vape-Pod-Puff-10k-Minimum-Order-50pcs.png 800w, https:\/\/vapebulkp.com\/wp-content\/uploads\/2024\/10\/EU-Warehouse-Poco-BL10000-Puffs-Disposable-Vape-Pod-Puff-10k-Minimum-Order-50pcs-300x300.png 300w, https:\/\/vapebulkp.com\/wp-content\/uploads\/2024\/10\/EU-Warehouse-Poco-BL10000-Puffs-Disposable-Vape-Pod-Puff-10k-Minimum-Order-50pcs-150x150.png 150w, https:\/\/vapebulkp.com\/wp-content\/uploads\/2024\/10\/EU-Warehouse-Poco-BL10000-Puffs-Disposable-Vape-Pod-Puff-10k-Minimum-Order-50pcs-768x768.png 768w, https:\/\/vapebulkp.com\/wp-content\/uploads\/2024\/10\/EU-Warehouse-Poco-BL10000-Puffs-Disposable-Vape-Pod-Puff-10k-Minimum-Order-50pcs-600x600.png 600w, https:\/\/vapebulkp.com\/wp-content\/uploads\/2024\/10\/EU-Warehouse-Poco-BL10000-Puffs-Disposable-Vape-Pod-Puff-10k-Minimum-Order-50pcs-100x100.png 100w\" sizes=\"(max-width: 585px) 100vw, 585px\" \/><\/p>\n<h6>Za popust se obrnite na Mandyin WhatsApp<a href=\"https:\/\/wa.me\/8618077105796\">+8618077105796<\/a><\/h6>\n<p><img decoding=\"async\" class=\"alignnone wp-image-2151\" src=\"http:\/\/vapebulkp.com\/wp-content\/uploads\/2024\/04\/Mandy-WhatsApp-Randm.jpg\" alt=\"Mandy WhatsApp Randm\" width=\"324\" height=\"330\" \/><\/p>\n<h5><\/h5>\n<h2>Zakaj izbrati POCO BL 10000 Puffs vape za enkratno uporabo?<\/h2>\n<ol>\n<li><strong>Izjemna prostornina e-teko\u010dine<\/strong><br \/>\nZ velikodu\u0161no <strong>20 ml prostornino e-teko\u010dine<\/strong>, POCO BL omogo\u010da podalj\u0161ano u\u017eivanje brez pogostih zamenjav, zaradi \u010desar je idealen za navdu\u0161ene vaperje.<\/li>\n<li><strong>Impresivno \u0161tevilo vpihov<\/strong><br \/>\nPonuja do <strong>10.000 vdihov<\/strong>, ta naprava zagotavlja, da boste kar najbolje izkoristili vsako sejo, kar predstavlja izjemno vrednost za va\u0161o nalo\u017ebo.<\/li>\n<li><strong>Bogat izbor okusov<\/strong><br \/>\nPOCO BL vklju\u010duje <strong>15 edinstvenih okusov<\/strong>, strokovno ustvarjenih za zadovoljitev razli\u010dnih okusov. Ne glede na to, ali imate raje sadne, mentolove ali sladke okuse, se najde nekaj za vsakogar.<\/li>\n<li><strong>Napredna tehnologija mre\u017easte tuljave<\/strong><br \/>\nOpremljen z <strong>tehnologijo mre\u017ene tuljave<\/strong>, POCO BL zagotavlja dosledno gladko in okusno izku\u0161njo vapinga, ki izbolj\u0161a tako okus kot proizvodnjo pare.<\/li>\n<li><strong>Nastavljiv pretok zraka<\/strong><br \/>\nFunkcija nastavljivega pretoka zraka vam omogo\u010da, da si prilagodite izku\u0161njo vapinga po svojih \u017eeljah, kar zagotavlja optimalen okus in gostoto pare za va\u0161e preference.<\/li>\n<li><strong>Eleganten in stilski dizajn<\/strong><br \/>\nS svojo moderno estetiko in <strong>RGB osvetlitvijo<\/strong>, POCO BL izstopa kot modni dodatek, popoln za tiste, ki cenijo tako funkcionalnost kot stil.<\/li>\n<li><strong>Dolgotrajna polnilna baterija<\/strong><br \/>\nThe <strong>650-mAh polnilno baterijo<\/strong> zagotavlja zanesljivo delovanje, kar vam omogo\u010da, da u\u017eivate v neprekinjenih sejah vapinga brez te\u017eav s stalnimi zamenjavami.<\/li>\n<li><strong>Uporabniku prijazna izku\u0161nja<\/strong><br \/>\nZasnovan tako za novince kot za izku\u0161ene uporabnike, POCO BL ponuja intuitivno in enostavno izku\u0161njo vapinga, kar omogo\u010da preprosto uporabo na poti.<\/li>\n<\/ol>\n<p>&nbsp;<\/p>\n<h3><\/h3>\n<h3>POCO BL10000 Puffs 5% Polnilni vape za enkratno uporabo z nastavljivim pretokom zraka lastnosti:<\/h3>\n<ul>\n<li><strong>Vsebnost nikotina<\/strong>: <strong>5% Nikotinska sol<\/strong> za gladko in zadovoljivo izku\u0161njo.<\/li>\n<li><strong>Kapaciteta e-teko\u010dine<\/strong>: Velikodu\u0161en <strong>20 ml e-teko\u010dine<\/strong>, kar zagotavlja dolgotrajno u\u017eivanje brez pogostih menjav.<\/li>\n<li><strong>\u0160tevilo vpihov<\/strong>: Do <strong>10.000 vdihov na napravo<\/strong>, kar prina\u0161a izjemno vrednost za va\u0161e vaping seanse.<\/li>\n<li><strong>Svetlobne funkcije<\/strong>: Opremljen z <strong>6 barvna RGB lu\u010d<\/strong>, ki va\u0161i izku\u0161nji vapinga dodaja eleganten pridih.<\/li>\n<li><strong>Tip baterije<\/strong>: <strong>650mAh polnilna baterija<\/strong> za dolgotrajno delovanje in priro\u010dnost.<\/li>\n<li><strong>Pestrost Okusov<\/strong>: Izbirajte med <strong>15 neustavljivih okusov<\/strong>, strokovno izdelanih, da zadovoljijo vsakega okusa.<\/li>\n<\/ul>\n<h3>Najbolj\u0161i okusi za POCO BL 10000 Puffs Disposable Vape Veleprodajna cena:<\/h3>\n<p>1.Mango pomaran\u010da grenivka<br \/>\n2.Breskev borovnica mehki bonboni<br \/>\n3.Hladna meta<br \/>\n4.Aloe grozdje<br \/>\n5.Jagoda mango<br \/>\n6.Pasijonka kivi guava<br \/>\n7.Jagoda Lubenica<br \/>\n8.Jabol\u010dna breskev<br \/>\n9.Borovnica malina<br \/>\n10.Grozdna soda s \u010drnim ribezom<br \/>\n11.Jagoda kivi<br \/>\n12.Borovnica \u010de\u0161nja kola<br \/>\n13.\u010crni led zmajev sade\u017e jagoda<br \/>\n14.Malina lubenica<br \/>\n15.Jagoda banana<\/p>\n<p><a href=\"https:\/\/vapebulkp.com\/sl\/product\/uwin-crystal-10k-puff-long-lasting-disposable-vape-for-europe\/\"><span style=\"vertical-align: inherit\">UWIN Vapme Crystal 10000 Vpihov <\/span><\/a><\/p>\n<p><span style=\"vertical-align: inherit\">Poi\u0161\u010dite ve\u010d izdelkov, ki bi vam bili morda v\u0161e\u010d:<\/span><em><a href=\"https:\/\/wa.me\/8618077105796\"><span style=\"vertical-align: inherit\">\u00a0Kupite zdaj<\/span><\/a><\/em><\/p>\n<p><span style=\"vertical-align: inherit\">Drugi 'puffs', ki bi vam bili morda v\u0161e\u010d:<\/span><a href=\"https:\/\/vapebulkp.com\/sl\/product\/bang-box-30k-puff-led-display-wholesale-disposable-vape\/\"><span style=\"vertical-align: inherit\">Bang Box LED Zaslon vape 30000 Vpihov<\/span><\/a><span style=\"vertical-align: inherit\">\u3001<\/span><a href=\"https:\/\/vapebulkp.com\/sl\/product\/wholesale-randm-tornado-9000-puffs-germany\/\"><span style=\"vertical-align: inherit\">RandM 9000 Vpihov<\/span><\/a><span style=\"vertical-align: inherit\">\/ <\/span><a href=\"https:\/\/vapebulkp.com\/sl\/product\/vozol-vista-20000-puff-rechargeable-vape-cheap-price-today\/\"><span style=\"vertical-align: inherit\">Vozol vista 20000 Vpihov<\/span><\/a><span style=\"vertical-align: inherit\">\/ <\/span><a href=\"https:\/\/vapebulkp.com\/sl\/product\/wga-crystal-plus-16000-puffs-led-light-disposable-vape\/\"><span style=\"vertical-align: inherit\">WGA Crystal 16000 Vpihov<\/span><\/a><\/p>\n<p><span style=\"vertical-align: inherit\">E-cigareta posebne oblike steklenice:<\/span><a href=\"https:\/\/vapebulkp.com\/sl\/product\/vapsolo-super-15k-puffs-wholesale-price-e-cigarette\/\"><span style=\"vertical-align: inherit\"> Vapsolo super 15k Vpihov<\/span><\/a><span style=\"vertical-align: inherit\">\/ <\/span><a href=\"https:\/\/vapebulkp.com\/sl\/product\/randm-fumot-tornado-30k-puffs-rechargeable-vapes-best-sale\/\"><span style=\"vertical-align: inherit\">\u00a0Fumot Tornado music 30000 Vpihov <\/span><\/a><span style=\"vertical-align: inherit\">\/<\/span><a href=\"https:\/\/vapebulkp.com\/sl\/product\/vapme-shisha-pro-max-20k-type-c-rechargeable-vape\/\"><span style=\"vertical-align: inherit\">Vapme shisha pro max 20000 Vpihov<\/span><\/a><\/p>\n<p>&nbsp;<\/p>\n<h4>Pogosta vpra\u0161anja:<\/h4>\n<p>V1: Kaj je MOQ elegantnega in stilskega dizajna POCO BL 10000 Puffs Disposable Vape?<br \/>\nO: Najmanj\u0161e naro\u010dilo je 50 kosov.<br \/>\nV2: Ali ima vape POCO BL 10000 Puffs <strong>nastavljivim pretokom zraka<\/strong>\u00a0 kak\u0161ne varnostne funkcije?<br \/>\nO: Da, POCO BL vklju\u010duje ve\u010d varnostnih funkcij, kot sta za\u0161\u010dita pred kratkim stikom in za\u0161\u010dita pred prenapolnjenjem, kar zagotavlja varno izku\u0161njo vapinga.<br \/>\nV3: Kak\u0161en je dobavni rok za naro\u010deno vape?<br \/>\nO: Obi\u010dajno je 10-15 dni po odpremi<br \/>\nV4: Koliko stane po\u0161tnina?<br \/>\nO: Stro\u0161ki po\u0161iljanja so odvisni od te\u017ee. Razli\u010dne koli\u010dine imajo razli\u010dne stro\u0161ke po\u0161iljanja, za potrditev stro\u0161kov po\u0161iljanja nas kontaktirajte.<\/p>\n<h4>Podrobnosti dostave:<\/h4>\n<p><span style=\"color: #ff6600\">\u010cas proizvodnje: 5\u201310 delovnih dni<\/span><br \/>\n<span style=\"color: #ff6600\">\u010cas dostave: 8\u201314 delovnih dni<\/span><\/p>\n<p>Vsi izdelki v na\u0161i trgovini so 100% originalni in avtenti\u010dni, zato je na\u0161a politika desetkratno nadomestilo za ponarejeno blago. Za dostavo blaga vam uporabljamo logisti\u010dne kanale, kot so UPS\/DHL\/FEDEX\/DPD.<\/p>\n<p>Za pakete, poslane v Slovenijo, obi\u010dajno traja 10 delovnih dni. Po\u0161iljanje v evropske dr\u017eave obi\u010dajno traja 12 do 15 delovnih dni. Logisti\u010dne informacije vam bomo sproti posodabljali.<\/p>","protected":false},"excerpt":{"rendered":"<p>Nakup POCO BL 10000 Puffs vape za enkratno uporabo na spletu<br \/>\nIzbira POCO BL 10000 Puffs vape za enkratno uporabo pomeni odlo\u010ditev za visokokakovostno, vsestransko napravo, ki ustreza va\u0161im potrebam po vapingu, hkrati pa zagotavlja elegantno in prijetno izku\u0161njo.<\/p>\n<p>Za popust se obrnite na Mandyin WhatsApp<a href=\"https:\/\/wa.me\/8618077105796\">+8618077105796<\/a><\/p>\n<p><img decoding=\"async\" class=\"alignnone wp-image-2151\" src=\"http:\/\/vapebulkp.com\/wp-content\/uploads\/2024\/04\/Mandy-WhatsApp-Randm.jpg\" alt=\"Mandy WhatsApp Randm\" width=\"297\" height=\"316\" srcset=\"https:\/\/vapebulkp.com\/wp-content\/uploads\/2024\/04\/Mandy-WhatsApp-Randm.jpg 916w, https:\/\/vapebulkp.com\/wp-content\/uploads\/2024\/04\/Mandy-WhatsApp-Randm-282x300.jpg 282w, https:\/\/vapebulkp.com\/wp-content\/uploads\/2024\/04\/Mandy-WhatsApp-Randm-768x817.jpg 768w, https:\/\/vapebulkp.com\/wp-content\/uploads\/2024\/04\/Mandy-WhatsApp-Randm-600x638.jpg 600w\" sizes=\"(max-width: 297px) 100vw, 297px\" \/><\/p>\n<p><span style=\"color: #ff0000\">OPOMBA: Cene na na\u0161i spletni strani ne vklju\u010dujejo stro\u0161kov po\u0161iljanja.<\/span><\/p>\n<p>&nbsp;<\/p>","protected":false},"featured_media":3073,"comment_status":"open","ping_status":"closed","template":"","meta":{"_uag_custom_page_level_css":"","_lmt_disableupdate":"no","_lmt_disable":"","site-sidebar-layout":"default","site-content-layout":"content-boxed-container","ast-site-content-layout":"normal-width-container","site-content-style":"boxed","site-sidebar-style":"unboxed","ast-global-header-display":"","ast-banner-title-visibility":"","ast-main-header-display":"","ast-hfb-above-header-display":"","ast-hfb-below-header-display":"","ast-hfb-mobile-header-display":"","site-post-title":"","ast-breadcrumbs-content":"","ast-featured-img":"","footer-sml-layout":"","theme-transparent-header-meta":"default","adv-header-id-meta":"","stick-header-meta":"","header-above-stick-meta":"","header-main-stick-meta":"","header-below-stick-meta":"","astra-migrate-meta-layouts":"set","_joinchat":[]},"product_cat":[167,153,155,33,59,100,34,158,357,157,154,152,58,84,156,63,32],"product_tag":[139,36,37,41,40],"class_list":["post-3075","product","type-product","status-publish","has-post-thumbnail","hentry","product_cat-10000-puffs-disposable-vape","product_cat-hot-disposable-vapes","product_cat-belgium-hot-disposable-vapes","product_cat-france-vape-hot-sale","product_cat-germany-hot-disposable-vape","product_cat-germany-wholesale-vape-shop","product_cat-netherlands-vape-good-sale","product_cat-norway-hot-disposable-vapes","product_cat-poco-vape","product_cat-poland-hot-disposable-vapes","product_cat-portugal-hot-disposable-vapes","product_cat-spain-hot-disposable-vapes","product_cat-sweden-hot-disposable-vape","product_cat-sweden-wholesale-vape","product_cat-switzerland-hot-disposable-vapes","product_cat-top-sale-disposable-vape","product_cat-vape-hot-sale-this-week","product_tag-30k-puffs","product_tag-good-vape","product_tag-hot-sale-disposable-vape","product_tag-poland-hot-vape","product_tag-sweden-hot-vape","pa_brand-poco-vape","desktop-align-left","tablet-align-left","mobile-align-left"],"yoast_head":"<!-- This site is optimized with the Yoast SEO plugin v21.1 - https:\/\/yoast.com\/wordpress\/plugins\/seo\/ -->\n<title>POCO Bl 10000 Puffs Hot Selling High Puff Type-C Disposable Vape - vapebulkp.com<\/title>\n<meta name=\"description\" content=\"Shop POCO BL 10000 Puffs Disposable Vape with mesh coil, 20ml nicotine salt e-liquid &amp; Type-C charging. Long-lasting rechargeable vape \u2014 order wholesale now!\" \/>\n<meta name=\"robots\" content=\"index, follow, max-snippet:-1, max-image-preview:large, max-video-preview:-1\" \/>\n<link rel=\"canonical\" href=\"https:\/\/vapebulkp.com\/sl\/product\/poco-bl-10000-puffs-hot-selling-high-puff-type-c-disposable-vape\/\" \/>\n<meta property=\"og:locale\" content=\"sl_SI\" \/>\n<meta property=\"og:type\" content=\"article\" \/>\n<meta property=\"og:title\" content=\"POCO Bl 10000 Puffs Hot Selling High Puff Type-C Disposable Vape - vapebulkp.com\" \/>\n<meta property=\"og:description\" content=\"Shop POCO BL 10000 Puffs Disposable Vape with mesh coil, 20ml nicotine salt e-liquid &amp; Type-C charging. Long-lasting rechargeable vape \u2014 order wholesale now!\" \/>\n<meta property=\"og:url\" content=\"https:\/\/vapebulkp.com\/sl\/product\/poco-bl-10000-puffs-hot-selling-high-puff-type-c-disposable-vape\/\" \/>\n<meta property=\"og:site_name\" content=\"vapebulkp.com\" \/>\n<meta property=\"article:modified_time\" content=\"2025-09-24T03:14:42+00:00\" \/>\n<meta property=\"og:image\" content=\"http:\/\/vapebulkp.com\/wp-content\/uploads\/2024\/10\/EU-Warehouse-Poco-BL10000-Puffs-Disposable-Vape-Pod-Puff-10k-Top-Sale-poco-Vape.png\" \/>\n\t<meta property=\"og:image:width\" content=\"500\" \/>\n\t<meta property=\"og:image:height\" content=\"563\" \/>\n\t<meta property=\"og:image:type\" content=\"image\/png\" \/>\n<meta name=\"twitter:card\" content=\"summary_large_image\" \/>\n<meta name=\"twitter:label1\" content=\"Est. reading time\" \/>\n\t<meta name=\"twitter:data1\" content=\"4 minute\" \/>\n<script type=\"application\/ld+json\" class=\"yoast-schema-graph\">{\"@context\":\"https:\/\/schema.org\",\"@graph\":[{\"@type\":\"WebPage\",\"@id\":\"https:\/\/vapebulkp.com\/product\/poco-bl-10000-puffs-hot-selling-high-puff-type-c-disposable-vape\/\",\"url\":\"https:\/\/vapebulkp.com\/product\/poco-bl-10000-puffs-hot-selling-high-puff-type-c-disposable-vape\/\",\"name\":\"POCO Bl 10000 Puffs Hot Selling High Puff Type-C Disposable Vape - vapebulkp.com\",\"isPartOf\":{\"@id\":\"https:\/\/vapebulkp.com\/#website\"},\"datePublished\":\"2024-10-28T07:28:39+00:00\",\"dateModified\":\"2025-09-24T03:14:42+00:00\",\"description\":\"Shop POCO BL 10000 Puffs Disposable Vape with mesh coil, 20ml nicotine salt e-liquid & Type-C charging. Long-lasting rechargeable vape \u2014 order wholesale now!\",\"breadcrumb\":{\"@id\":\"https:\/\/vapebulkp.com\/product\/poco-bl-10000-puffs-hot-selling-high-puff-type-c-disposable-vape\/#breadcrumb\"},\"inLanguage\":\"sl-SI\",\"potentialAction\":[{\"@type\":\"ReadAction\",\"target\":[\"https:\/\/vapebulkp.com\/product\/poco-bl-10000-puffs-hot-selling-high-puff-type-c-disposable-vape\/\"]}]},{\"@type\":\"BreadcrumbList\",\"@id\":\"https:\/\/vapebulkp.com\/product\/poco-bl-10000-puffs-hot-selling-high-puff-type-c-disposable-vape\/#breadcrumb\",\"itemListElement\":[{\"@type\":\"ListItem\",\"position\":1,\"name\":\"Home\",\"item\":\"https:\/\/vapebulkp.com\/\"},{\"@type\":\"ListItem\",\"position\":2,\"name\":\"Hot Trend Vapes\",\"item\":\"https:\/\/vapebulkp.com\/vape-shop\/\"},{\"@type\":\"ListItem\",\"position\":3,\"name\":\"POCO Bl 10000 Puffs Hot Selling High Puff Type-C Disposable Vape\"}]},{\"@type\":\"WebSite\",\"@id\":\"https:\/\/vapebulkp.com\/#website\",\"url\":\"https:\/\/vapebulkp.com\/\",\"name\":\"vapebulkp.com\",\"description\":\"Buy Vape In Cheap Bulk Price Near you\",\"publisher\":{\"@id\":\"https:\/\/vapebulkp.com\/#organization\"},\"potentialAction\":[{\"@type\":\"SearchAction\",\"target\":{\"@type\":\"EntryPoint\",\"urlTemplate\":\"https:\/\/vapebulkp.com\/?s={search_term_string}\"},\"query-input\":\"required name=search_term_string\"}],\"inLanguage\":\"sl-SI\"},{\"@type\":\"Organization\",\"@id\":\"https:\/\/vapebulkp.com\/#organization\",\"name\":\"vapebulkp.com\",\"url\":\"https:\/\/vapebulkp.com\/\",\"logo\":{\"@type\":\"ImageObject\",\"inLanguage\":\"sl-SI\",\"@id\":\"https:\/\/vapebulkp.com\/#\/schema\/logo\/image\/\",\"url\":\"https:\/\/vapebulkp.com\/wp-content\/uploads\/2023\/09\/cropped-vapebulkp.png\",\"contentUrl\":\"https:\/\/vapebulkp.com\/wp-content\/uploads\/2023\/09\/cropped-vapebulkp.png\",\"width\":516,\"height\":163,\"caption\":\"vapebulkp.com\"},\"image\":{\"@id\":\"https:\/\/vapebulkp.com\/#\/schema\/logo\/image\/\"}}]}<\/script>\n<!-- \/ Yoast SEO plugin. -->","yoast_head_json":{"title":"POCO Bl 10000 Puffs Hot Selling High Puff Type-C Disposable Vape - vapebulkp.com","description":"Shop POCO BL 10000 Puffs Disposable Vape with mesh coil, 20ml nicotine salt e-liquid & Type-C charging. Long-lasting rechargeable vape \u2014 order wholesale now!","robots":{"index":"index","follow":"follow","max-snippet":"max-snippet:-1","max-image-preview":"max-image-preview:large","max-video-preview":"max-video-preview:-1"},"canonical":"https:\/\/vapebulkp.com\/sl\/product\/poco-bl-10000-puffs-hot-selling-high-puff-type-c-disposable-vape\/","og_locale":"sl_SI","og_type":"article","og_title":"POCO Bl 10000 Puffs Hot Selling High Puff Type-C Disposable Vape - vapebulkp.com","og_description":"Shop POCO BL 10000 Puffs Disposable Vape with mesh coil, 20ml nicotine salt e-liquid & Type-C charging. Long-lasting rechargeable vape \u2014 order wholesale now!","og_url":"https:\/\/vapebulkp.com\/sl\/product\/poco-bl-10000-puffs-hot-selling-high-puff-type-c-disposable-vape\/","og_site_name":"vapebulkp.com","article_modified_time":"2025-09-24T03:14:42+00:00","og_image":[{"width":500,"height":563,"url":"http:\/\/vapebulkp.com\/wp-content\/uploads\/2024\/10\/EU-Warehouse-Poco-BL10000-Puffs-Disposable-Vape-Pod-Puff-10k-Top-Sale-poco-Vape.png","type":"image\/png"}],"twitter_card":"summary_large_image","twitter_misc":{"Est. reading time":"4 minute"},"schema":{"@context":"https:\/\/schema.org","@graph":[{"@type":"WebPage","@id":"https:\/\/vapebulkp.com\/product\/poco-bl-10000-puffs-hot-selling-high-puff-type-c-disposable-vape\/","url":"https:\/\/vapebulkp.com\/product\/poco-bl-10000-puffs-hot-selling-high-puff-type-c-disposable-vape\/","name":"POCO Bl 10000 Puffs Hot Selling High Puff Type-C Disposable Vape - vapebulkp.com","isPartOf":{"@id":"https:\/\/vapebulkp.com\/#website"},"datePublished":"2024-10-28T07:28:39+00:00","dateModified":"2025-09-24T03:14:42+00:00","description":"Shop POCO BL 10000 Puffs Disposable Vape with mesh coil, 20ml nicotine salt e-liquid & Type-C charging. Long-lasting rechargeable vape \u2014 order wholesale now!","breadcrumb":{"@id":"https:\/\/vapebulkp.com\/product\/poco-bl-10000-puffs-hot-selling-high-puff-type-c-disposable-vape\/#breadcrumb"},"inLanguage":"sl-SI","potentialAction":[{"@type":"ReadAction","target":["https:\/\/vapebulkp.com\/product\/poco-bl-10000-puffs-hot-selling-high-puff-type-c-disposable-vape\/"]}]},{"@type":"BreadcrumbList","@id":"https:\/\/vapebulkp.com\/product\/poco-bl-10000-puffs-hot-selling-high-puff-type-c-disposable-vape\/#breadcrumb","itemListElement":[{"@type":"ListItem","position":1,"name":"Home","item":"https:\/\/vapebulkp.com\/"},{"@type":"ListItem","position":2,"name":"Hot Trend Vapes","item":"https:\/\/vapebulkp.com\/vape-shop\/"},{"@type":"ListItem","position":3,"name":"POCO Bl 10000 Puffs Hot Selling High Puff Type-C Disposable Vape"}]},{"@type":"WebSite","@id":"https:\/\/vapebulkp.com\/#website","url":"https:\/\/vapebulkp.com\/","name":"vapebulkp.com","description":"Buy Vape In Cheap Bulk Price Near you","publisher":{"@id":"https:\/\/vapebulkp.com\/#organization"},"potentialAction":[{"@type":"SearchAction","target":{"@type":"EntryPoint","urlTemplate":"https:\/\/vapebulkp.com\/?s={search_term_string}"},"query-input":"required name=search_term_string"}],"inLanguage":"sl-SI"},{"@type":"Organization","@id":"https:\/\/vapebulkp.com\/#organization","name":"vapebulkp.com","url":"https:\/\/vapebulkp.com\/","logo":{"@type":"ImageObject","inLanguage":"sl-SI","@id":"https:\/\/vapebulkp.com\/#\/schema\/logo\/image\/","url":"https:\/\/vapebulkp.com\/wp-content\/uploads\/2023\/09\/cropped-vapebulkp.png","contentUrl":"https:\/\/vapebulkp.com\/wp-content\/uploads\/2023\/09\/cropped-vapebulkp.png","width":516,"height":163,"caption":"vapebulkp.com"},"image":{"@id":"https:\/\/vapebulkp.com\/#\/schema\/logo\/image\/"}}]}},"uagb_featured_image_src":{"full":["https:\/\/vapebulkp.com\/wp-content\/uploads\/2024\/10\/EU-Warehouse-Poco-BL10000-Puffs-Disposable-Vape-Pod-Puff-10k-Top-Sale-poco-Vape.png",500,563,false],"thumbnail":["https:\/\/vapebulkp.com\/wp-content\/uploads\/2024\/10\/EU-Warehouse-Poco-BL10000-Puffs-Disposable-Vape-Pod-Puff-10k-Top-Sale-poco-Vape-150x150.png",150,150,true],"medium":["https:\/\/vapebulkp.com\/wp-content\/uploads\/2024\/10\/EU-Warehouse-Poco-BL10000-Puffs-Disposable-Vape-Pod-Puff-10k-Top-Sale-poco-Vape-266x300.png",266,300,true],"medium_large":["https:\/\/vapebulkp.com\/wp-content\/uploads\/2024\/10\/EU-Warehouse-Poco-BL10000-Puffs-Disposable-Vape-Pod-Puff-10k-Top-Sale-poco-Vape.png",500,563,false],"large":["https:\/\/vapebulkp.com\/wp-content\/uploads\/2024\/10\/EU-Warehouse-Poco-BL10000-Puffs-Disposable-Vape-Pod-Puff-10k-Top-Sale-poco-Vape.png",500,563,false],"1536x1536":["https:\/\/vapebulkp.com\/wp-content\/uploads\/2024\/10\/EU-Warehouse-Poco-BL10000-Puffs-Disposable-Vape-Pod-Puff-10k-Top-Sale-poco-Vape.png",500,563,false],"2048x2048":["https:\/\/vapebulkp.com\/wp-content\/uploads\/2024\/10\/EU-Warehouse-Poco-BL10000-Puffs-Disposable-Vape-Pod-Puff-10k-Top-Sale-poco-Vape.png",500,563,false],"trp-custom-language-flag":["https:\/\/vapebulkp.com\/wp-content\/uploads\/2024\/10\/EU-Warehouse-Poco-BL10000-Puffs-Disposable-Vape-Pod-Puff-10k-Top-Sale-poco-Vape.png",11,12,false],"woocommerce_thumbnail":["https:\/\/vapebulkp.com\/wp-content\/uploads\/2024\/10\/EU-Warehouse-Poco-BL10000-Puffs-Disposable-Vape-Pod-Puff-10k-Top-Sale-poco-Vape-300x300.png",300,300,true],"woocommerce_single":["https:\/\/vapebulkp.com\/wp-content\/uploads\/2024\/10\/EU-Warehouse-Poco-BL10000-Puffs-Disposable-Vape-Pod-Puff-10k-Top-Sale-poco-Vape.png",500,563,false],"woocommerce_gallery_thumbnail":["https:\/\/vapebulkp.com\/wp-content\/uploads\/2024\/10\/EU-Warehouse-Poco-BL10000-Puffs-Disposable-Vape-Pod-Puff-10k-Top-Sale-poco-Vape-100x100.png",100,100,true],"wcpr-photo-reviews":["https:\/\/vapebulkp.com\/wp-content\/uploads\/2024\/10\/EU-Warehouse-Poco-BL10000-Puffs-Disposable-Vape-Pod-Puff-10k-Top-Sale-poco-Vape.png",444,500,false]},"uagb_author_info":{"display_name":"Mandy vape bulk price","author_link":"https:\/\/vapebulkp.com\/sl\/author\/"},"uagb_comment_info":0,"uagb_excerpt":"Buy POCO BL 10000 Puffs disposable vape online Choosing the POCO BL 10000 Puffs Disposable Vape means opting for a high-quality, versatile device that meets your vaping needs while providing a stylish and enjoyable experience. Pls Contact Mandy's WhatsApp For Discount Price+8618077105796 NOTE: Prices on our website does not include shipping costs &nbsp;","_links":{"self":[{"href":"https:\/\/vapebulkp.com\/sl\/wp-json\/wp\/v2\/product\/3075","targetHints":{"allow":["GET"]}}],"collection":[{"href":"https:\/\/vapebulkp.com\/sl\/wp-json\/wp\/v2\/product"}],"about":[{"href":"https:\/\/vapebulkp.com\/sl\/wp-json\/wp\/v2\/types\/product"}],"replies":[{"embeddable":true,"href":"https:\/\/vapebulkp.com\/sl\/wp-json\/wp\/v2\/comments?post=3075"}],"wp:featuredmedia":[{"embeddable":true,"href":"https:\/\/vapebulkp.com\/sl\/wp-json\/wp\/v2\/media\/3073"}],"wp:attachment":[{"href":"https:\/\/vapebulkp.com\/sl\/wp-json\/wp\/v2\/media?parent=3075"}],"wp:term":[{"taxonomy":"product_cat","embeddable":true,"href":"https:\/\/vapebulkp.com\/sl\/wp-json\/wp\/v2\/product_cat?post=3075"},{"taxonomy":"product_tag","embeddable":true,"href":"https:\/\/vapebulkp.com\/sl\/wp-json\/wp\/v2\/product_tag?post=3075"}],"curies":[{"name":"wp","href":"https:\/\/api.w.org\/{rel}","templated":true}]}}