{"id":3084,"date":"2024-10-29T09:45:41","date_gmt":"2024-10-29T08:45:41","guid":{"rendered":"https:\/\/vapebulkp.com\/?post_type=product&#038;p=3084"},"modified":"2025-09-24T05:13:38","modified_gmt":"2025-09-24T03:13:38","slug":"bang-vape-36k-puffs-adjustable-ice-premium-disposable-vape","status":"publish","type":"product","link":"https:\/\/vapebulkp.com\/sl\/product\/bang-vape-36k-puffs-adjustable-ice-premium-disposable-vape\/","title":{"rendered":"Bang Vape 36K Puffs Nastavljiv Ice Premium Vape za enkratno uporabo"},"content":{"rendered":"<h2 style=\"text-align: left\">Bang Vape 36K Puffs Nastavljiv Ice Premium Vape za enkratno uporabo<\/h2>\n<div class=\"flex max-w-full flex-col flex-grow\">\n<div class=\"min-h-8 text-message flex w-full flex-col items-end gap-2 whitespace-normal break-words [.text-message+&amp;]:mt-5\" dir=\"auto\" data-message-author-role=\"assistant\" data-message-id=\"804b3ea8-e167-4bec-b4d0-906786e28244\" data-message-model-slug=\"gpt-4o-mini\">\n<div class=\"flex w-full flex-col gap-1 empty:hidden first:pt-[3px]\">\n<div class=\"markdown prose w-full break-words dark:prose-invert light\">\n<p data-start=\"150\" data-end=\"411\">The <strong data-start=\"154\" data-end=\"192\">Bang Vape 36K Puffs Nastavljiv led<\/strong> je visoko zmogljiva <strong data-start=\"212\" data-end=\"239\">vrhunski vape za enkratno uporabo<\/strong> zasnovano za dolgotrajno delovanje in vrhunski okus. Z do 36.000 vdihi, tehnologija z dvojno mre\u017easto tuljavo zagotavlja gladko paro in stalen okus z vsakim vdihom.<\/p>\n<p data-start=\"413\" data-end=\"677\">Opremljen z 850 mAh polnilno baterijo in hitrim polnjenjem Type-C, ta <strong data-start=\"489\" data-end=\"521\">za polnljiva jednokratna vape<\/strong> zagotavlja neprekinjeno vapenje. Dvojni rezervoarji za e-teko\u010dino (30 ml + 10 ml) omogo\u010dajo mo\u010dne ali subtilne mo\u017enosti okusa, kar je idealno za uporabnike, ki u\u017eivajo v raznolikosti.<\/p>\n<p data-start=\"679\" data-end=\"976\">Nastavljiva tehnologija ledu vam omogo\u010da, da nadzirate raven hlajenja za osve\u017eujo\u010d vdih, medtem ko regulacija pritiska prstnega odtisa zagotavlja varen in oseben oprijem. Izbirajte med \u0161iroko paleto priljubljenih okusov, vklju\u010dno z jagodo in kivijem ter drugimi vrhunskimi me\u0161anicami, za tedne doslednega u\u017eitka.<\/p>\n<p data-start=\"978\" data-end=\"1130\">Kompakten, eleganten in zmogljiv, <strong data-start=\"1022\" data-end=\"1045\">Bang Vape <a href=\"https:\/\/vapebulkp.com\/sl\/product-category\/36000-puff-disposable-vape\/\">Vape za enkratno uporabo 36000 vpihov<\/a><\/strong>\u00a0je idealen za vsakodnevno uporabo, dru\u017eabne dogodke in veleprodajno distribucijo po vsej Evropi.<\/p>\n<\/div>\n<\/div>\n<\/div>\n<\/div>\n<div class=\"mb-2 flex gap-3 empty:hidden -ml-2\">\n<div class=\"items-center justify-start rounded-xl p-1 flex\">\n<div class=\"flex items-center\">\n<div class=\"flex items-center pb-0\"><\/div>\n<\/div>\n<\/div>\n<\/div>\n<p><img decoding=\"async\" class=\"alignnone size-full wp-image-3081\" src=\"http:\/\/vapebulkp.com\/wp-content\/uploads\/2024\/10\/Bang-Vape-36k-Adjustable-Ice-Disposable-Electronic-Cigarette.png\" alt=\"Bang Vape 36k Nastavljiva Ice Elektronska cigareta za enkratno uporabo\" width=\"367\" height=\"593\" srcset=\"https:\/\/vapebulkp.com\/wp-content\/uploads\/2024\/10\/Bang-Vape-36k-Adjustable-Ice-Disposable-Electronic-Cigarette.png 367w, https:\/\/vapebulkp.com\/wp-content\/uploads\/2024\/10\/Bang-Vape-36k-Adjustable-Ice-Disposable-Electronic-Cigarette-186x300.png 186w\" sizes=\"(max-width: 367px) 100vw, 367px\" \/><\/p>\n<h6>Za popust se obrnite na Mandyin WhatsApp<a href=\"https:\/\/wa.me\/8618077105796\">+8618077105796<\/a><\/h6>\n<p><img decoding=\"async\" class=\"alignnone wp-image-2151\" src=\"http:\/\/vapebulkp.com\/wp-content\/uploads\/2024\/04\/Mandy-WhatsApp-Randm.jpg\" alt=\"Mandy WhatsApp Randm\" width=\"261\" height=\"277\" srcset=\"https:\/\/vapebulkp.com\/wp-content\/uploads\/2024\/04\/Mandy-WhatsApp-Randm.jpg 916w, https:\/\/vapebulkp.com\/wp-content\/uploads\/2024\/04\/Mandy-WhatsApp-Randm-282x300.jpg 282w, https:\/\/vapebulkp.com\/wp-content\/uploads\/2024\/04\/Mandy-WhatsApp-Randm-768x817.jpg 768w, https:\/\/vapebulkp.com\/wp-content\/uploads\/2024\/04\/Mandy-WhatsApp-Randm-600x638.jpg 600w\" sizes=\"(max-width: 261px) 100vw, 261px\" \/><\/p>\n<h2>Morda vas zanima kaj ve\u010d o Adjustable Ice bang vapes 36k Puffs:<\/h2>\n<ol>\n<li><strong>V: Kaj lo\u010di Bang Vape 36k Puffs Disposable E-Cigarette od drugih e-cigaret za enkratno uporabo z veliko kapaciteto?<\/strong><br \/>\n<strong>A:<\/strong> Model Bang Vape 36k Puffs je zasnovan s tehnologijo nastavljivega hlajenja, ki uporabnikom omogo\u010da prilagajanje izku\u0161nje hlajenja. Ta vrhunska funkcija, skupaj s 36.000 vpihi, zagotavlja neprimerljivo konsistenco okusa in zadovoljstvo pri vejpanju.<\/li>\n<li><strong>Q: Ali je vape z bang 36k Nastavljiva Ice Disposable E-Cigarette primerna za dolgotrajno uporabo?<\/strong><br \/>\n<strong>A:<\/strong> Absolutno. Z impresivnimi 36.000 vdihi in inovativnim nastavljivim mehanizmom za led je Bang Vape 36k zasnovan tako, da traja dlje, hkrati pa ohranja sve\u017e, osve\u017eilen profil okusa skozi vsako uporabo.<\/li>\n<li><strong>Q: Kako nastavljiva funkcija ledu izbolj\u0161a izku\u0161njo e-cigarete za enkratno uporabo Bang Energy Vape 36k?<\/strong><br \/>\n<strong>A:<\/strong> Prilagodljiva funkcija ledu vam omogo\u010da, da prilagodite intenzivnost hlajenja vsakega vdiha, kar ponuja bolj osebno in prefinjeno izku\u0161njo vapinga. Ta vrhunska funkcija prilagajanja je idealna za uporabnike, ki \u017eelijo izbolj\u0161an nadzor nad dinamiko okusa svoje vape naprave.<\/li>\n<li><strong>Kateri tip vaperja bi imel najve\u010d koristi od modela Bang Vape 36k Puffs Adjustable Ice?<\/strong><br \/>\n<strong>A:<\/strong> Vaperji, ki jim je pomembna dolga zmogljivost, vrhunska kakovost okusa in prilagojeni u\u010dinki hlajenja, bodo cenili model Bang Vape 36k Adjustable Ice. Njegova zasnova z visoko kapaciteto in inovacije, osredoto\u010dene na uporabnika, so namenjene tako ob\u010dasnim kot izku\u0161enim vaperjem.<\/li>\n<li><strong>V: Ali je Bang Vape 36k Puffs Disposable E-Cigarette zanesljiva mo\u017enost za vaping na poti?<\/strong><br \/>\n<strong>A:<\/strong> Da, Bang Vape 36k je idealna izbira za navdu\u0161ence na poti. S svojo veliko kapaciteto vdihov in prenosno zasnovo ponuja priro\u010dnost brez sklepanja kompromisov glede vrhunskih funkcij, kot je nastavljiv nadzor ledu, ki zagotavlja, da je vsaka seja vapinga prilagojena va\u0161im \u017eeljam.<\/li>\n<\/ol>\n<p>&nbsp;<\/p>\n<h3>Vro\u010da ponudba 2024 BangVape 36000 vdihov Visokozmogljiv Vejp za Evropo Zna\u010dilnosti:<\/h3>\n<ul>\n<li><strong>\u0160tevilo vpihov<\/strong>: 36.000 vdihov<\/li>\n<li><strong>Kapaciteta baterije<\/strong>: 850 mAh<\/li>\n<li><strong>Polnilna Vrata<\/strong>: Tip-C<\/li>\n<li><strong>Kapaciteta e-teko\u010dine<\/strong>: Dvojni rezervoarji (30 ml za L-rezervoar za olje in 10 ml za R-rezervoar za olje)<\/li>\n<li><strong>Tehnologija grelca<\/strong>: Dvojna mre\u017eica<\/li>\n<li><strong>Prilagoditev ledu<\/strong>: Funkcija za prilagoditev ledu<\/li>\n<li><strong>Uravnavanje pritiska s prstnim odtisom<\/strong>: Vklju\u010deno za prilagojene nastavitve<\/li>\n<li><strong>Prikazan okus<\/strong>: 12 OKUSOV<\/li>\n<\/ul>\n<p>&nbsp;<\/p>\n<h3><strong>Najbolje ocenjene blagovne znamke vejpov za enkratno uporabo\u00a0<\/strong><strong>36k Vdihov bang vejp okusi:<\/strong><\/h3>\n<p>1.LUBENICA LED<br \/>\n2. JAGODA KIVI<br \/>\n3. JAGODA MANGO<br \/>\n4. Red Bull<br \/>\n5. TROJNO JAGODI\u010cJE<br \/>\n6. JAGODA LUBENICA<br \/>\n7.JAGODNI LED<br \/>\n8. BOROVNICA LED<br \/>\n9. BOROVNICA MALINA<br \/>\n10. JAGODA BANANA<br \/>\n11. LOVE66<br \/>\n12. ananas kokos<\/p>\n<p><a href=\"https:\/\/vapebulkp.com\/sl\/product\/popular-randm-tornado-7000puffs-disposable-vape-best-price\/\"><span style=\"vertical-align: inherit\">RandM Tornado 7000 Pufov <\/span><\/a><\/p>\n<p><span style=\"vertical-align: inherit\">Poi\u0161\u010dite ve\u010d izdelkov, ki bi vam bili morda v\u0161e\u010d:<\/span><em><a href=\"https:\/\/wa.me\/8618077105796\"><span style=\"vertical-align: inherit\">\u00a0Kupite zdaj<\/span><\/a><\/em><\/p>\n<p><span style=\"vertical-align: inherit\">Drugi 'puffs', ki bi vam bili morda v\u0161e\u010d:<\/span><a href=\"https:\/\/vapebulkp.com\/sl\/product\/hot-selling-brand-vape-mesii-visual-16000puffs-wholesale-price\/\"><span style=\"vertical-align: inherit\">MESII VISUAL 16000 Vpihov<\/span><\/a><span style=\"vertical-align: inherit\">\u3001<\/span><a href=\"https:\/\/vapebulkp.com\/sl\/product\/wholesale-randm-tornado-9000-puffs-germany\/\"><span style=\"vertical-align: inherit\">RandM 9000 Vpihov<\/span><\/a><span style=\"vertical-align: inherit\">\/ <\/span><a href=\"https:\/\/vapebulkp.com\/sl\/product\/aivono-aim-boom-25000-puff-hot-sale-disposable-vape-razz-bar\/\"><span style=\"vertical-align: inherit\">AIVONO AIM BOOM 25K Vpihov<\/span><\/a><span style=\"vertical-align: inherit\">\/ <\/span><a href=\"https:\/\/vapebulkp.com\/sl\/product\/waspe-tornado-vape-30k-puffs-fihp-best-long-lasting-vape\/\"><span style=\"vertical-align: inherit\">WASPE Tornado 30k Vpihov<\/span><\/a><\/p>\n<p><span style=\"vertical-align: inherit\">E-cigareta posebne oblike steklenice:<\/span><a href=\"https:\/\/vapebulkp.com\/sl\/product\/bang-vape-36k-puffs-lcd-screen-fingerprint-recognition-disposable-vape\/\"><span style=\"vertical-align: inherit\"> Bang vape 36000 Vpihov<\/span><\/a><span style=\"vertical-align: inherit\">\/ <\/span><a href=\"https:\/\/vapebulkp.com\/sl\/product\/best-price-wga-crystal-pro-max-15k-puffs-original-vape\/\"><span style=\"vertical-align: inherit\">\u00a0WGA Crystal Pro Max 15000 vpihov <\/span><\/a><span style=\"vertical-align: inherit\">\/<\/span><a href=\"https:\/\/vapebulkp.com\/sl\/product\/poco-bl-10000-puffs-hot-selling-high-puff-type-c-disposable-vape\/\"><span style=\"vertical-align: inherit\"> POCO BL 10000 Pufov<\/span><\/a><\/p>\n<h5>Pogosta vpra\u0161anja:<\/h5>\n<p>V: Kak\u0161na je MOQ za Bang vape palice 36000 Vpihov?<br \/>\nO: Najmanj\u0161e naro\u010dilo je 100 kosov.<br \/>\nV: Kak\u0161en je \u010das dostave za naro\u010deni vape?<br \/>\nO: Obi\u010dajno je 10-15 dni po odpremi<br \/>\nV: Koliko zna\u0161ajo stro\u0161ki po\u0161iljanja? O: Stro\u0161ki po\u0161iljanja so odvisni od te\u017ee. Razli\u010dne koli\u010dine imajo razli\u010dne stro\u0161ke po\u0161iljanja, za potrditev stro\u0161kov po\u0161iljanja nas kontaktirajte.<\/p>\n<h4>Podrobnosti dostave:<\/h4>\n<p><span style=\"color: #ff6600\">\u010cas proizvodnje: 5\u201310 delovnih dni<\/span><br \/>\n<span style=\"color: #ff6600\">\u010cas dostave: 8\u201314 delovnih dni<\/span><\/p>\n<p>Vsi izdelki v na\u0161i trgovini so 100% originalni in avtenti\u010dni, zato je na\u0161a politika desetkratno nadomestilo za ponarejeno blago. Za dostavo blaga vam uporabljamo logisti\u010dne kanale, kot so UPS\/DHL\/FEDEX\/DPD.<\/p>\n<p>Za pakete, poslane v Slovenijo, obi\u010dajno traja 10 delovnih dni. Po\u0161iljanje v evropske dr\u017eave obi\u010dajno traja 12 do 15 delovnih dni. Logisti\u010dne informacije vam bomo sproti posodabljali.<\/p>","protected":false},"excerpt":{"rendered":"<p>Bang Vape 36k Nastavljiva Ice E-cigareta za enkratno uporabo \u2013 vrhunska re\u0161itev za dolgotrajno izku\u0161njo vapinga<\/p>\n<p><img decoding=\"async\" class=\"alignnone wp-image-2151\" src=\"http:\/\/vapebulkp.com\/wp-content\/uploads\/2024\/04\/Mandy-WhatsApp-Randm.jpg\" alt=\"Mandy WhatsApp Randm\" width=\"281\" height=\"299\" srcset=\"https:\/\/vapebulkp.com\/wp-content\/uploads\/2024\/04\/Mandy-WhatsApp-Randm.jpg 916w, https:\/\/vapebulkp.com\/wp-content\/uploads\/2024\/04\/Mandy-WhatsApp-Randm-282x300.jpg 282w, https:\/\/vapebulkp.com\/wp-content\/uploads\/2024\/04\/Mandy-WhatsApp-Randm-768x817.jpg 768w, https:\/\/vapebulkp.com\/wp-content\/uploads\/2024\/04\/Mandy-WhatsApp-Randm-600x638.jpg 600w\" sizes=\"(max-width: 281px) 100vw, 281px\" \/><\/p>\n<p>Za popust se obrnite na Mandyin WhatsApp<a href=\"https:\/\/wa.me\/8618077105796\">+8618077105796<\/a><\/p>\n<p><span style=\"color: #ff0000\">OPOMBA: Cene na na\u0161i spletni strani ne vklju\u010dujejo stro\u0161kov po\u0161iljanja.<\/span><\/p>\n<p>&nbsp;<\/p>","protected":false},"featured_media":3082,"comment_status":"open","ping_status":"closed","template":"","meta":{"_uag_custom_page_level_css":"","_lmt_disableupdate":"no","_lmt_disable":"","site-sidebar-layout":"default","site-content-layout":"content-boxed-container","ast-site-content-layout":"normal-width-container","site-content-style":"boxed","site-sidebar-style":"unboxed","ast-global-header-display":"","ast-banner-title-visibility":"","ast-main-header-display":"","ast-hfb-above-header-display":"","ast-hfb-below-header-display":"","ast-hfb-mobile-header-display":"","site-post-title":"","ast-breadcrumbs-content":"","ast-featured-img":"","footer-sml-layout":"","theme-transparent-header-meta":"default","adv-header-id-meta":"","stick-header-meta":"","header-above-stick-meta":"","header-main-stick-meta":"","header-below-stick-meta":"","astra-migrate-meta-layouts":"set","_joinchat":[]},"product_cat":[159,153,345,155,33,59,100,87,34,158,157,154,152,58,84,156,63,32],"product_tag":[130,93,36,37,91,41,40],"class_list":["post-3084","product","type-product","status-publish","has-post-thumbnail","hentry","product_cat-36000-puff-disposable-vape","product_cat-hot-disposable-vapes","product_cat-bang-vapes","product_cat-belgium-hot-disposable-vapes","product_cat-france-vape-hot-sale","product_cat-germany-hot-disposable-vape","product_cat-germany-wholesale-vape-shop","product_cat-minimum-order-quantity-50pcs","product_cat-netherlands-vape-good-sale","product_cat-norway-hot-disposable-vapes","product_cat-poland-hot-disposable-vapes","product_cat-portugal-hot-disposable-vapes","product_cat-spain-hot-disposable-vapes","product_cat-sweden-hot-disposable-vape","product_cat-sweden-wholesale-vape","product_cat-switzerland-hot-disposable-vapes","product_cat-top-sale-disposable-vape","product_cat-vape-hot-sale-this-week","product_tag-36000puffs","product_tag-bang-vape","product_tag-good-vape","product_tag-hot-sale-disposable-vape","product_tag-italy-hot-vape","product_tag-poland-hot-vape","product_tag-sweden-hot-vape","pa_brand-bang-king-vape","desktop-align-left","tablet-align-left","mobile-align-left"],"yoast_head":"<!-- This site is optimized with the Yoast SEO plugin v21.1 - https:\/\/yoast.com\/wordpress\/plugins\/seo\/ -->\n<title>Bang Vape 36K Puffs Adjustable Ice Premium Disposable Vape - vapebulkp.com<\/title>\n<meta name=\"description\" content=\"Buy the Bang Vape 36K Puffs, a 36K Puffs Disposable Vape with smooth vapor, customizable cooling, and long-lasting rechargeable battery.\" \/>\n<meta name=\"robots\" content=\"index, follow, max-snippet:-1, max-image-preview:large, max-video-preview:-1\" \/>\n<link rel=\"canonical\" href=\"https:\/\/vapebulkp.com\/sl\/product\/bang-vape-36k-puffs-adjustable-ice-premium-disposable-vape\/\" \/>\n<meta property=\"og:locale\" content=\"sl_SI\" \/>\n<meta property=\"og:type\" content=\"article\" \/>\n<meta property=\"og:title\" content=\"Bang Vape 36K Puffs Adjustable Ice Premium Disposable Vape - vapebulkp.com\" \/>\n<meta property=\"og:description\" content=\"Buy the Bang Vape 36K Puffs, a 36K Puffs Disposable Vape with smooth vapor, customizable cooling, and long-lasting rechargeable battery.\" \/>\n<meta property=\"og:url\" content=\"https:\/\/vapebulkp.com\/sl\/product\/bang-vape-36k-puffs-adjustable-ice-premium-disposable-vape\/\" \/>\n<meta property=\"og:site_name\" content=\"vapebulkp.com\" \/>\n<meta property=\"article:modified_time\" content=\"2025-09-24T03:13:38+00:00\" \/>\n<meta property=\"og:image\" content=\"http:\/\/vapebulkp.com\/wp-content\/uploads\/2024\/10\/Bang-Vape-36k-Adjustable-Ice-Disposable-Vape-Your-Ultimate-Vaping-Solution.png\" \/>\n\t<meta property=\"og:image:width\" content=\"1000\" \/>\n\t<meta property=\"og:image:height\" content=\"1000\" \/>\n\t<meta property=\"og:image:type\" content=\"image\/png\" \/>\n<meta name=\"twitter:card\" content=\"summary_large_image\" \/>\n<meta name=\"twitter:label1\" content=\"Est. reading time\" \/>\n\t<meta name=\"twitter:data1\" content=\"4 minute\" \/>\n<script type=\"application\/ld+json\" class=\"yoast-schema-graph\">{\"@context\":\"https:\/\/schema.org\",\"@graph\":[{\"@type\":\"WebPage\",\"@id\":\"https:\/\/vapebulkp.com\/product\/bang-vape-36k-puffs-adjustable-ice-premium-disposable-vape\/\",\"url\":\"https:\/\/vapebulkp.com\/product\/bang-vape-36k-puffs-adjustable-ice-premium-disposable-vape\/\",\"name\":\"Bang Vape 36K Puffs Adjustable Ice Premium Disposable Vape - vapebulkp.com\",\"isPartOf\":{\"@id\":\"https:\/\/vapebulkp.com\/#website\"},\"datePublished\":\"2024-10-29T08:45:41+00:00\",\"dateModified\":\"2025-09-24T03:13:38+00:00\",\"description\":\"Buy the Bang Vape 36K Puffs, a 36K Puffs Disposable Vape with smooth vapor, customizable cooling, and long-lasting rechargeable battery.\",\"breadcrumb\":{\"@id\":\"https:\/\/vapebulkp.com\/product\/bang-vape-36k-puffs-adjustable-ice-premium-disposable-vape\/#breadcrumb\"},\"inLanguage\":\"sl-SI\",\"potentialAction\":[{\"@type\":\"ReadAction\",\"target\":[\"https:\/\/vapebulkp.com\/product\/bang-vape-36k-puffs-adjustable-ice-premium-disposable-vape\/\"]}]},{\"@type\":\"BreadcrumbList\",\"@id\":\"https:\/\/vapebulkp.com\/product\/bang-vape-36k-puffs-adjustable-ice-premium-disposable-vape\/#breadcrumb\",\"itemListElement\":[{\"@type\":\"ListItem\",\"position\":1,\"name\":\"Home\",\"item\":\"https:\/\/vapebulkp.com\/\"},{\"@type\":\"ListItem\",\"position\":2,\"name\":\"Hot Trend Vapes\",\"item\":\"https:\/\/vapebulkp.com\/vape-shop\/\"},{\"@type\":\"ListItem\",\"position\":3,\"name\":\"Bang Vape 36K Puffs Adjustable Ice Premium Disposable Vape\"}]},{\"@type\":\"WebSite\",\"@id\":\"https:\/\/vapebulkp.com\/#website\",\"url\":\"https:\/\/vapebulkp.com\/\",\"name\":\"vapebulkp.com\",\"description\":\"Buy Vape In Cheap Bulk Price Near you\",\"publisher\":{\"@id\":\"https:\/\/vapebulkp.com\/#organization\"},\"potentialAction\":[{\"@type\":\"SearchAction\",\"target\":{\"@type\":\"EntryPoint\",\"urlTemplate\":\"https:\/\/vapebulkp.com\/?s={search_term_string}\"},\"query-input\":\"required name=search_term_string\"}],\"inLanguage\":\"sl-SI\"},{\"@type\":\"Organization\",\"@id\":\"https:\/\/vapebulkp.com\/#organization\",\"name\":\"vapebulkp.com\",\"url\":\"https:\/\/vapebulkp.com\/\",\"logo\":{\"@type\":\"ImageObject\",\"inLanguage\":\"sl-SI\",\"@id\":\"https:\/\/vapebulkp.com\/#\/schema\/logo\/image\/\",\"url\":\"https:\/\/vapebulkp.com\/wp-content\/uploads\/2023\/09\/cropped-vapebulkp.png\",\"contentUrl\":\"https:\/\/vapebulkp.com\/wp-content\/uploads\/2023\/09\/cropped-vapebulkp.png\",\"width\":516,\"height\":163,\"caption\":\"vapebulkp.com\"},\"image\":{\"@id\":\"https:\/\/vapebulkp.com\/#\/schema\/logo\/image\/\"}}]}<\/script>\n<!-- \/ Yoast SEO plugin. -->","yoast_head_json":{"title":"Bang Vape 36K Puffs Adjustable Ice Premium Disposable Vape - vapebulkp.com","description":"Buy the Bang Vape 36K Puffs, a 36K Puffs Disposable Vape with smooth vapor, customizable cooling, and long-lasting rechargeable battery.","robots":{"index":"index","follow":"follow","max-snippet":"max-snippet:-1","max-image-preview":"max-image-preview:large","max-video-preview":"max-video-preview:-1"},"canonical":"https:\/\/vapebulkp.com\/sl\/product\/bang-vape-36k-puffs-adjustable-ice-premium-disposable-vape\/","og_locale":"sl_SI","og_type":"article","og_title":"Bang Vape 36K Puffs Adjustable Ice Premium Disposable Vape - vapebulkp.com","og_description":"Buy the Bang Vape 36K Puffs, a 36K Puffs Disposable Vape with smooth vapor, customizable cooling, and long-lasting rechargeable battery.","og_url":"https:\/\/vapebulkp.com\/sl\/product\/bang-vape-36k-puffs-adjustable-ice-premium-disposable-vape\/","og_site_name":"vapebulkp.com","article_modified_time":"2025-09-24T03:13:38+00:00","og_image":[{"width":1000,"height":1000,"url":"http:\/\/vapebulkp.com\/wp-content\/uploads\/2024\/10\/Bang-Vape-36k-Adjustable-Ice-Disposable-Vape-Your-Ultimate-Vaping-Solution.png","type":"image\/png"}],"twitter_card":"summary_large_image","twitter_misc":{"Est. reading time":"4 minute"},"schema":{"@context":"https:\/\/schema.org","@graph":[{"@type":"WebPage","@id":"https:\/\/vapebulkp.com\/product\/bang-vape-36k-puffs-adjustable-ice-premium-disposable-vape\/","url":"https:\/\/vapebulkp.com\/product\/bang-vape-36k-puffs-adjustable-ice-premium-disposable-vape\/","name":"Bang Vape 36K Puffs Adjustable Ice Premium Disposable Vape - vapebulkp.com","isPartOf":{"@id":"https:\/\/vapebulkp.com\/#website"},"datePublished":"2024-10-29T08:45:41+00:00","dateModified":"2025-09-24T03:13:38+00:00","description":"Buy the Bang Vape 36K Puffs, a 36K Puffs Disposable Vape with smooth vapor, customizable cooling, and long-lasting rechargeable battery.","breadcrumb":{"@id":"https:\/\/vapebulkp.com\/product\/bang-vape-36k-puffs-adjustable-ice-premium-disposable-vape\/#breadcrumb"},"inLanguage":"sl-SI","potentialAction":[{"@type":"ReadAction","target":["https:\/\/vapebulkp.com\/product\/bang-vape-36k-puffs-adjustable-ice-premium-disposable-vape\/"]}]},{"@type":"BreadcrumbList","@id":"https:\/\/vapebulkp.com\/product\/bang-vape-36k-puffs-adjustable-ice-premium-disposable-vape\/#breadcrumb","itemListElement":[{"@type":"ListItem","position":1,"name":"Home","item":"https:\/\/vapebulkp.com\/"},{"@type":"ListItem","position":2,"name":"Hot Trend Vapes","item":"https:\/\/vapebulkp.com\/vape-shop\/"},{"@type":"ListItem","position":3,"name":"Bang Vape 36K Puffs Adjustable Ice Premium Disposable Vape"}]},{"@type":"WebSite","@id":"https:\/\/vapebulkp.com\/#website","url":"https:\/\/vapebulkp.com\/","name":"vapebulkp.com","description":"Buy Vape In Cheap Bulk Price Near you","publisher":{"@id":"https:\/\/vapebulkp.com\/#organization"},"potentialAction":[{"@type":"SearchAction","target":{"@type":"EntryPoint","urlTemplate":"https:\/\/vapebulkp.com\/?s={search_term_string}"},"query-input":"required name=search_term_string"}],"inLanguage":"sl-SI"},{"@type":"Organization","@id":"https:\/\/vapebulkp.com\/#organization","name":"vapebulkp.com","url":"https:\/\/vapebulkp.com\/","logo":{"@type":"ImageObject","inLanguage":"sl-SI","@id":"https:\/\/vapebulkp.com\/#\/schema\/logo\/image\/","url":"https:\/\/vapebulkp.com\/wp-content\/uploads\/2023\/09\/cropped-vapebulkp.png","contentUrl":"https:\/\/vapebulkp.com\/wp-content\/uploads\/2023\/09\/cropped-vapebulkp.png","width":516,"height":163,"caption":"vapebulkp.com"},"image":{"@id":"https:\/\/vapebulkp.com\/#\/schema\/logo\/image\/"}}]}},"uagb_featured_image_src":{"full":["https:\/\/vapebulkp.com\/wp-content\/uploads\/2024\/10\/Bang-Vape-36k-Adjustable-Ice-Disposable-Vape-Your-Ultimate-Vaping-Solution.png",1000,1000,false],"thumbnail":["https:\/\/vapebulkp.com\/wp-content\/uploads\/2024\/10\/Bang-Vape-36k-Adjustable-Ice-Disposable-Vape-Your-Ultimate-Vaping-Solution-150x150.png",150,150,true],"medium":["https:\/\/vapebulkp.com\/wp-content\/uploads\/2024\/10\/Bang-Vape-36k-Adjustable-Ice-Disposable-Vape-Your-Ultimate-Vaping-Solution-300x300.png",300,300,true],"medium_large":["https:\/\/vapebulkp.com\/wp-content\/uploads\/2024\/10\/Bang-Vape-36k-Adjustable-Ice-Disposable-Vape-Your-Ultimate-Vaping-Solution-768x768.png",768,768,true],"large":["https:\/\/vapebulkp.com\/wp-content\/uploads\/2024\/10\/Bang-Vape-36k-Adjustable-Ice-Disposable-Vape-Your-Ultimate-Vaping-Solution.png",1000,1000,false],"1536x1536":["https:\/\/vapebulkp.com\/wp-content\/uploads\/2024\/10\/Bang-Vape-36k-Adjustable-Ice-Disposable-Vape-Your-Ultimate-Vaping-Solution.png",1000,1000,false],"2048x2048":["https:\/\/vapebulkp.com\/wp-content\/uploads\/2024\/10\/Bang-Vape-36k-Adjustable-Ice-Disposable-Vape-Your-Ultimate-Vaping-Solution.png",1000,1000,false],"trp-custom-language-flag":["https:\/\/vapebulkp.com\/wp-content\/uploads\/2024\/10\/Bang-Vape-36k-Adjustable-Ice-Disposable-Vape-Your-Ultimate-Vaping-Solution.png",12,12,false],"woocommerce_thumbnail":["https:\/\/vapebulkp.com\/wp-content\/uploads\/2024\/10\/Bang-Vape-36k-Adjustable-Ice-Disposable-Vape-Your-Ultimate-Vaping-Solution-300x300.png",300,300,true],"woocommerce_single":["https:\/\/vapebulkp.com\/wp-content\/uploads\/2024\/10\/Bang-Vape-36k-Adjustable-Ice-Disposable-Vape-Your-Ultimate-Vaping-Solution-600x600.png",600,600,true],"woocommerce_gallery_thumbnail":["https:\/\/vapebulkp.com\/wp-content\/uploads\/2024\/10\/Bang-Vape-36k-Adjustable-Ice-Disposable-Vape-Your-Ultimate-Vaping-Solution-100x100.png",100,100,true],"wcpr-photo-reviews":["https:\/\/vapebulkp.com\/wp-content\/uploads\/2024\/10\/Bang-Vape-36k-Adjustable-Ice-Disposable-Vape-Your-Ultimate-Vaping-Solution.png",500,500,false]},"uagb_author_info":{"display_name":"Mandy vape bulk price","author_link":"https:\/\/vapebulkp.com\/sl\/author\/"},"uagb_comment_info":0,"uagb_excerpt":"Bang Vape 36k Adjustable Ice Disposable E-Cigarette The High-End Solution for a Long-Lasting Vaping Experience Pls Contact Mandy's WhatsApp For Discount Price+8618077105796 NOTE: Prices on our website does not include shipping costs &nbsp;","_links":{"self":[{"href":"https:\/\/vapebulkp.com\/sl\/wp-json\/wp\/v2\/product\/3084","targetHints":{"allow":["GET"]}}],"collection":[{"href":"https:\/\/vapebulkp.com\/sl\/wp-json\/wp\/v2\/product"}],"about":[{"href":"https:\/\/vapebulkp.com\/sl\/wp-json\/wp\/v2\/types\/product"}],"replies":[{"embeddable":true,"href":"https:\/\/vapebulkp.com\/sl\/wp-json\/wp\/v2\/comments?post=3084"}],"wp:featuredmedia":[{"embeddable":true,"href":"https:\/\/vapebulkp.com\/sl\/wp-json\/wp\/v2\/media\/3082"}],"wp:attachment":[{"href":"https:\/\/vapebulkp.com\/sl\/wp-json\/wp\/v2\/media?parent=3084"}],"wp:term":[{"taxonomy":"product_cat","embeddable":true,"href":"https:\/\/vapebulkp.com\/sl\/wp-json\/wp\/v2\/product_cat?post=3084"},{"taxonomy":"product_tag","embeddable":true,"href":"https:\/\/vapebulkp.com\/sl\/wp-json\/wp\/v2\/product_tag?post=3084"}],"curies":[{"name":"wp","href":"https:\/\/api.w.org\/{rel}","templated":true}]}}