{"id":3085,"date":"2024-10-30T04:30:39","date_gmt":"2024-10-30T03:30:39","guid":{"rendered":"https:\/\/vapebulkp.com\/?post_type=product&#038;p=3085"},"modified":"2025-09-24T05:06:05","modified_gmt":"2025-09-24T03:06:05","slug":"elfworld-plus-20000-puffs-disposable-vape-22ml-eliquid-capacity","status":"publish","type":"product","link":"https:\/\/vapebulkp.com\/sl\/product\/elfworld-plus-20000-puffs-disposable-vape-22ml-eliquid-capacity\/","title":{"rendered":"ELFWORLD Plus 20000 Puffs Vape za enkratno uporabo 22 ml E-teko\u010dine"},"content":{"rendered":"<h2>ELFWORLD Plus 20000 Puffs Disposable Vape 22ml E-teko\u010dina Kapaciteta<\/h2>\n<p>ELFWORLD Plus <a href=\"https:\/\/vapebulkp.com\/de\/product-category\/20000-puffs-disposable-vape\/\">20000 vdihov e-cigareta za enkratno uporabo<\/a> je e-cigareta za enkratno uporabo z veliko kapaciteto, izdelana za slovenske uporabnike, ki zahtevajo dolgotrajno zmogljivost in vrhunsko kakovost. Z rezervoarjem za vrhunsko e-teko\u010dino s prostornino 22 ml omogo\u010da dolgotrajno uporabo z bogatim okusom in gladko paro.<\/p>\n<p>Z napredno tehnologijo mre\u017easte tuljave ta naprava zagotavlja intenziven okus in zadovoljivo vle\u010denje ob vsakem vdihu. Ponuja mo\u017enosti nikotinske soli 0 %, 2 %, 3 % in 5 %, kar uporabnikom omogo\u010da prilagajanje jakosti za prilagojeno izku\u0161njo vapinga.<\/p>\n<p>Napaja jo 650 mAh polnilna baterija, ki se hitro polni prek Type-C vhoda, kar zagotavlja neprekinjeno u\u017eivanje, kamor koli greste. Komplet ELFWORLD Plus 20000 Puffs E-cigaret je na voljo v 15 edinstvenih okusih, od sadnih me\u0161anic do hladnih mentolov in drznih okusov pija\u010d, zasnovanih za vsak okus.<\/p>\n<p>Idealna za maloprodajo ali nakup na veliko, ta veleprodajna e-cigareta zdru\u017euje prenosljivost, slog in visoko zmogljivost, zaradi \u010desar je nakup 20 tiso\u010d Puffs E-cigaret za enkratno uporabo najbolj\u0161a izbira za uporabnike, ki i\u0161\u010dejo udobje in vrhunski okus v napravi, pripravljeni za uporabo.<\/p>\n<p><img decoding=\"async\" class=\"alignnone wp-image-3061\" style=\"font-style: inherit;font-weight: inherit\" src=\"http:\/\/vapebulkp.com\/wp-content\/uploads\/2024\/10\/Elf-World-Plus-20-000-puffs-Blueberry-Watermelon-Disposable-Vape.png\" alt=\"Elf World Plus 20000 vdihov, borovnica-lubenica razpolo\u017eljiv vape\" width=\"672\" height=\"442\" srcset=\"https:\/\/vapebulkp.com\/wp-content\/uploads\/2024\/10\/Elf-World-Plus-20-000-puffs-Blueberry-Watermelon-Disposable-Vape.png 1200w, https:\/\/vapebulkp.com\/wp-content\/uploads\/2024\/10\/Elf-World-Plus-20-000-puffs-Blueberry-Watermelon-Disposable-Vape-300x197.png 300w, https:\/\/vapebulkp.com\/wp-content\/uploads\/2024\/10\/Elf-World-Plus-20-000-puffs-Blueberry-Watermelon-Disposable-Vape-1024x673.png 1024w, https:\/\/vapebulkp.com\/wp-content\/uploads\/2024\/10\/Elf-World-Plus-20-000-puffs-Blueberry-Watermelon-Disposable-Vape-768x505.png 768w, https:\/\/vapebulkp.com\/wp-content\/uploads\/2024\/10\/Elf-World-Plus-20-000-puffs-Blueberry-Watermelon-Disposable-Vape-600x395.png 600w\" sizes=\"(max-width: 672px) 100vw, 672px\" \/><\/p>\n<h6 style=\"text-align: left\"><\/h6>\n<h6>Za popust se obrnite na Mandyin WhatsApp<a href=\"https:\/\/wa.me\/8618077105796\">+8618077105796<\/a><\/h6>\n<p><img decoding=\"async\" class=\"alignnone wp-image-2151\" src=\"http:\/\/vapebulkp.com\/wp-content\/uploads\/2024\/04\/Mandy-WhatsApp-Randm.jpg\" alt=\"Mandy WhatsApp Randm\" width=\"263\" height=\"280\" srcset=\"https:\/\/vapebulkp.com\/wp-content\/uploads\/2024\/04\/Mandy-WhatsApp-Randm.jpg 916w, https:\/\/vapebulkp.com\/wp-content\/uploads\/2024\/04\/Mandy-WhatsApp-Randm-282x300.jpg 282w, https:\/\/vapebulkp.com\/wp-content\/uploads\/2024\/04\/Mandy-WhatsApp-Randm-768x817.jpg 768w, https:\/\/vapebulkp.com\/wp-content\/uploads\/2024\/04\/Mandy-WhatsApp-Randm-600x638.jpg 600w\" sizes=\"(max-width: 263px) 100vw, 263px\" \/><\/p>\n<h3>Zakaj izbrati uporabniku prijazno napravo za vaping ELFWORLD Plus 20K?<\/h3>\n<p>The <strong>ELFWORLD Plus 20.000 Puffs E-cigareta za enkratno uporabo<\/strong> izstopa kot vrhunska izbira za zahtevne uporabnike zaradi impresivne kombinacije <strong>naprednih funkcij, sofisticiranega dizajna<\/strong>in <strong>brezkompromisne kakovosti<\/strong>. Tukaj je razlog, zakaj je nad vsemi drugimi:<\/p>\n<ol>\n<li><span style=\"color: #ff0000\"><strong>Izjemna kapaciteta vdihov<\/strong><\/span><br \/>\nZ neverjetno <strong>kapaciteto 20.000 vdihov<\/strong>ELFWORLD Plus na novo definira standard za dolgotrajne e-cigarete za enkratno uporabo. Zasnovana je tako, da sledi va\u0161emu \u017eivljenjskemu slogu in ponuja brezhibno in dolgotrajno izku\u0161njo vapinga brez pogostih menjav.<\/li>\n<li><span style=\"color: #ff0000\"><strong>Kapaciteta premium e-teko\u010dine<\/strong><\/span><br \/>\nTa naprava se pona\u0161a z znatnim <strong>rezervoarjem za e-teko\u010dino s prostornino 20 ml<\/strong>, kar zagotavlja bogat in konsistenten okus skozi celotno uporabo. Velika prostornina pomeni ve\u010d \u010dasa za u\u017eivanje in manj skrbi glede ponovnega polnjenja ali izpraznitve.<\/li>\n<li><span style=\"color: #ff0000\"><strong>Vsestranske mo\u017enosti nikotina<\/strong><\/span><br \/>\nKer se zavedamo, da so \u017eelje vsakega vaperja edinstvene, ELFWORLD Plus ponuja <strong>2% in 5% jakost nikotina<\/strong> variante, ki omogo\u010dajo prilagodljivo izku\u0161njo, prilagojeno va\u0161i \u017eeleni intenzivnosti.<\/li>\n<li><span style=\"color: #ff0000\"><strong>Raznolika paleta okusov<\/strong><\/span><br \/>\nELFWORLD Plus ponuja vrsto skrbno izbranih okusov, od katerih je vsak izdelan z <strong>visokokakovostnimi sestavinami<\/strong> da zagotovi prefinjen okus. Ne glede na to, ali imate raje \u017eivahne sadne me\u0161anice, hladen mentol ali razko\u0161ne sladicne note, se najde nekaj za vsak okus.<\/li>\n<li><span style=\"color: #ff0000\"><strong>Poenostavljeno udobje<\/strong><\/span><br \/>\nZasnovan za enostavno uporabo, ELFWORLD Plus ne potrebuje vzdr\u017eevanja ali polnjenja. Preprosto ga vzemite iz embala\u017ee in u\u017eivajte \u2013 brez gumbov, brez zapletenosti, le \u010disto u\u017eivanje. Popoln je za tiste, ki i\u0161\u010dejo <strong>vapiranje brez te\u017eav<\/strong> ne da bi pri tem ogrozili zmogljivost.<\/li>\n<\/ol>\n<h3>Pogosta vpra\u0161anja o napravi za vejpanje brez te\u017eav ELFWORLD Plus 20k puffs Disposable Vape:<\/h3>\n<p><strong>1. Kak\u0161na je zmogljivost ELFWORLD Plus Disposable Vape?<\/strong><br \/>\nELFWORLD Plus Disposable Vape je zasnovan tako, da zagotavlja impresivno <strong>20.000 vpihov<\/strong>, zaradi \u010desar je dolgotrajna izbira za vejpere, ki i\u0161\u010dejo udobje in kakovost.<\/p>\n<p><strong>2. Kak\u0161na je prostornina e-teko\u010dine v napravi ELFWORLD Plus?<\/strong><br \/>\nTa naprava ima znatno prostornino za e-teko\u010dino, ki sprejme do <strong>20 ml<\/strong> vrhunske e-teko\u010dine, kar zagotavlja, da lahko u\u017eivate v svojih najljub\u0161ih okusih brez pogostega ponovnega polnjenja.<\/p>\n<p><strong>3. Katere so mo\u017enosti nikotina za ELFWORLD Plus?<\/strong><br \/>\nElektronska cigareta za enkratno uporabo ELFWORLD Plus ponuja vsestranske mo\u017enosti nikotinske soli, vklju\u010dno z <strong>2% in 5%<\/strong>, kar uporabnikom omogo\u010da, da izberejo \u017eeleno mo\u010d za prilagojeno izku\u0161njo vapinga.<\/p>\n<p><strong>4. Kako uporabljam elektronsko cigareto za enkratno uporabo ELFWORLD Bar Plus?<\/strong><br \/>\nUporaba ELFWORLD Plus je preprosta. Napravo preprosto vzemite iz embala\u017ee, povlecite in u\u017eivajte v aromati\u010dni pari. Ni gumbov ali zapletenih nastavitev \u2013 pripravljena je za uporabo!<\/p>\n<p><strong>5. Zakaj je ELFWORLD Plus 20000 vdihov vrhunska e-cigareta za enkratno uporabo?<\/strong><br \/>\nELFWORLD Plus zdru\u017euje napredno tehnologijo z vrhunskim dizajnom, ponuja izjemno zmogljivost, elegantno estetiko in razli\u010dne okuse, zaradi \u010desar je izjemna mo\u017enost na trgu e-cigaret za enkratno uporabo.<\/p>\n<h3><strong>ELFWORLD Plus 20.000 vdihov e-cigareta za enkratno uporabo \u2013 Specifikacije izdelka<\/strong><\/h3>\n<ul>\n<li><strong>Mo\u017enosti nikotinske soli:<\/strong> 0%, 2%, 3%, 5% za prilagodljive \u017eelje glede mo\u010di.<\/li>\n<li><strong>Kapaciteta e-teko\u010dine:<\/strong> Vnaprej napolnjeno z 22 ml vrhunske e-teko\u010dine za podalj\u0161ano izku\u0161njo vapinga.<\/li>\n<li><strong>Tehnologija tuljav:<\/strong> Opremljen z napredno mre\u017easto tuljavo za izbolj\u0161ano dostavo okusa in gosto proizvodnjo pare.<\/li>\n<li><strong>Paleta okusov:<\/strong> Na voljo v 15 skrbno izbranih okusih, ki ustrezajo vsakemu okusu.<\/li>\n<li><strong>Baterija za ponovno polnjenje:<\/strong> Vgrajena 650 mAh baterija, zasnovana za vzdr\u017eljivost in dosledno delovanje.<\/li>\n<li><strong>Polnilni Vmesnik:<\/strong> Mo\u017enost hitrega polnjenja Type-C zagotavlja u\u010dinkovito in zanesljivo obnavljanje energije.<\/li>\n<\/ul>\n<h3><strong>ELFWORLD Plus 20.000 vdihov Seznami okusov:<\/strong><\/h3>\n<p>1. Grozdje Limona<br \/>\n2. Fcuking Fab<br \/>\n3. \u010ce\u0161nja Bomba<br \/>\n4. So\u010dna breskev led<br \/>\n5. Jagodna bla\u017eenost<br \/>\n6. Modra Razz led<br \/>\n7. Zmajeva melona<br \/>\n8.Borovnica lubenica<br \/>\n9. Ro\u017enata limonada<br \/>\n10. Mehi\u0161ki mango<br \/>\n11.Jagoda banana<br \/>\n12.Lubenica led<br \/>\n13. Beli Gummy led<br \/>\n14. Jagoda Mango<br \/>\n15. Miami Mint<\/p>\n<p><span style=\"vertical-align: inherit\">Poi\u0161\u010dite ve\u010d izdelkov, ki bi vam bili morda v\u0161e\u010d:<\/span><em><a href=\"https:\/\/wa.me\/8618077105796\"><span style=\"vertical-align: inherit\">\u00a0Kupite zdaj<\/span><\/a><\/em><\/p>\n<p><span style=\"vertical-align: inherit\">Drugi 'puffs', ki bi vam bili morda v\u0161e\u010d:<\/span><a href=\"https:\/\/vapebulkp.com\/sl\/product\/fumot-tornado-25k-puffs-cheap-price-disposable-vape\/\"><span style=\"vertical-align: inherit\">RandM Fumot Tornado 25000Pufov<\/span><\/a><\/p>\n<p><a href=\"https:\/\/vapebulkp.com\/sl\/product\/poco-bl-10000-puffs-hot-selling-high-puff-type-c-disposable-vape\/\"><span style=\"vertical-align: inherit\">POCO BL 10000 vdihov Vape za enkratno uporabo<\/span><\/a><\/p>\n<p><a href=\"https:\/\/vapebulkp.com\/sl\/product\/uwin-crystal-10k-puff-long-lasting-disposable-vape-for-europe\/\"><span style=\"vertical-align: inherit\">UWIN Crystal 10000 Puffs<\/span><\/a><\/p>\n<p><a href=\"https:\/\/vapebulkp.com\/sl\/product\/randm-fumot-tornado-30k-puffs-rechargeable-vapes-best-sale\/\"><span style=\"vertical-align: inherit\">Randm Vape 30k Pufov<\/span><\/a><\/p>\n<h4>Podrobnosti dostave:<\/h4>\n<p><span style=\"color: #ff6600\">\u010cas proizvodnje: 5\u201310 delovnih dni<\/span><br \/>\n<span style=\"color: #ff6600\">\u010cas dostave: 8\u201314 delovnih dni<\/span><\/p>\n<p>Vsi izdelki v na\u0161i trgovini so 100% originalni in avtenti\u010dni, zato je na\u0161a politika desetkratno nadomestilo za ponarejeno blago. Za dostavo blaga vam uporabljamo logisti\u010dne kanale, kot so UPS\/DHL\/FEDEX\/DPD.<\/p>\n<p>Za pakete, poslane v Slovenijo, obi\u010dajno traja 10 delovnih dni. Po\u0161iljanje v evropske dr\u017eave obi\u010dajno traja 12 do 15 delovnih dni. Logisti\u010dne informacije vam bomo sproti posodabljali.<\/p>\n<p>Kontaktirajte nas in ponudimo vam lahko Hazebar 12000 Puff ter dvignemo va\u0161e poslovanje na vi\u0161jo raven!<\/p>","protected":false},"excerpt":{"rendered":"<p>ELFWORLD Plus 20.000 Puffs E-cigareta za enkratno uporabo je skrbno izdelana, visokokakovostna e-cigareta za enkratno uporabo, zasnovana za uporabnike, ki i\u0161\u010dejo dolgotrajno kakovost in visoko zmogljivost.<br \/>\n<img decoding=\"async\" class=\"alignnone wp-image-2151\" src=\"http:\/\/vapebulkp.com\/wp-content\/uploads\/2024\/04\/Mandy-WhatsApp-Randm.jpg\" alt=\"Mandy WhatsApp Randm\" width=\"238\" height=\"253\" srcset=\"https:\/\/vapebulkp.com\/wp-content\/uploads\/2024\/04\/Mandy-WhatsApp-Randm.jpg 916w, https:\/\/vapebulkp.com\/wp-content\/uploads\/2024\/04\/Mandy-WhatsApp-Randm-282x300.jpg 282w, https:\/\/vapebulkp.com\/wp-content\/uploads\/2024\/04\/Mandy-WhatsApp-Randm-768x817.jpg 768w, https:\/\/vapebulkp.com\/wp-content\/uploads\/2024\/04\/Mandy-WhatsApp-Randm-600x638.jpg 600w\" sizes=\"(max-width: 238px) 100vw, 238px\" \/><\/p>\n<p>Za popust se obrnite na Mandyin WhatsApp<a href=\"https:\/\/wa.me\/8618077105796\">+8618077105796<\/a><\/p>\n<p><span style=\"color: #ff0000\">OPOMBA: Cene na na\u0161i spletni strani ne vklju\u010dujejo stro\u0161kov po\u0161iljanja.<\/span><\/p>","protected":false},"featured_media":3066,"comment_status":"open","ping_status":"closed","template":"","meta":{"_uag_custom_page_level_css":"","_lmt_disableupdate":"no","_lmt_disable":"","site-sidebar-layout":"default","site-content-layout":"content-boxed-container","ast-site-content-layout":"normal-width-container","site-content-style":"boxed","site-sidebar-style":"unboxed","ast-global-header-display":"","ast-banner-title-visibility":"","ast-main-header-display":"","ast-hfb-above-header-display":"","ast-hfb-below-header-display":"","ast-hfb-mobile-header-display":"","site-post-title":"","ast-breadcrumbs-content":"","ast-featured-img":"","footer-sml-layout":"","theme-transparent-header-meta":"default","adv-header-id-meta":"","stick-header-meta":"","header-above-stick-meta":"","header-main-stick-meta":"","header-below-stick-meta":"","astra-migrate-meta-layouts":"set","_joinchat":[]},"product_cat":[162,153,155,348,33,59,100,34,158,157,154,152,58,84,156,63,32],"product_tag":[77,36,37,91,105,41,71,40],"class_list":["post-3085","product","type-product","status-publish","has-post-thumbnail","hentry","product_cat-20000-puffs-disposable-vape","product_cat-hot-disposable-vapes","product_cat-belgium-hot-disposable-vapes","product_cat-elf-world-vape","product_cat-france-vape-hot-sale","product_cat-germany-hot-disposable-vape","product_cat-germany-wholesale-vape-shop","product_cat-netherlands-vape-good-sale","product_cat-norway-hot-disposable-vapes","product_cat-poland-hot-disposable-vapes","product_cat-portugal-hot-disposable-vapes","product_cat-spain-hot-disposable-vapes","product_cat-sweden-hot-disposable-vape","product_cat-sweden-wholesale-vape","product_cat-switzerland-hot-disposable-vapes","product_cat-top-sale-disposable-vape","product_cat-vape-hot-sale-this-week","product_tag-15000-puffs","product_tag-good-vape","product_tag-hot-sale-disposable-vape","product_tag-italy-hot-vape","product_tag-jnr","product_tag-poland-hot-vape","product_tag-randm","product_tag-sweden-hot-vape","pa_brand-elf-world-vape","desktop-align-left","tablet-align-left","mobile-align-left"],"yoast_head":"<!-- This site is optimized with the Yoast SEO plugin v21.1 - https:\/\/yoast.com\/wordpress\/plugins\/seo\/ -->\n<title>ELFWORLD Plus 20000 Puffs Disposable Vape 22ml E-Liquid Capacity - vapebulkp.com<\/title>\n<meta name=\"description\" content=\"Shop the ELFWORLD Plus 20000 Puffs Disposable Vape with 22ml premium e-liquid and 2\u20135% nicotine. Smooth vapor, vibrant flavors, and long-lasting performance \u2014 perfect for European vapers. Order now!\" \/>\n<meta name=\"robots\" content=\"index, follow, max-snippet:-1, max-image-preview:large, max-video-preview:-1\" \/>\n<link rel=\"canonical\" href=\"https:\/\/vapebulkp.com\/sl\/product\/elfworld-plus-20000-puffs-disposable-vape-22ml-eliquid-capacity\/\" \/>\n<meta property=\"og:locale\" content=\"sl_SI\" \/>\n<meta property=\"og:type\" content=\"article\" \/>\n<meta property=\"og:title\" content=\"ELFWORLD Plus 20000 Puffs Disposable Vape 22ml E-Liquid Capacity - vapebulkp.com\" \/>\n<meta property=\"og:description\" content=\"Shop the ELFWORLD Plus 20000 Puffs Disposable Vape with 22ml premium e-liquid and 2\u20135% nicotine. Smooth vapor, vibrant flavors, and long-lasting performance \u2014 perfect for European vapers. Order now!\" \/>\n<meta property=\"og:url\" content=\"https:\/\/vapebulkp.com\/sl\/product\/elfworld-plus-20000-puffs-disposable-vape-22ml-eliquid-capacity\/\" \/>\n<meta property=\"og:site_name\" content=\"vapebulkp.com\" \/>\n<meta property=\"article:modified_time\" content=\"2025-09-24T03:06:05+00:00\" \/>\n<meta property=\"og:image\" content=\"http:\/\/vapebulkp.com\/wp-content\/uploads\/2024\/10\/Elf-World-Plus-Disposable-Vape-with-Accessories.png\" \/>\n\t<meta property=\"og:image:width\" content=\"800\" \/>\n\t<meta property=\"og:image:height\" content=\"800\" \/>\n\t<meta property=\"og:image:type\" content=\"image\/png\" \/>\n<meta name=\"twitter:card\" content=\"summary_large_image\" \/>\n<meta name=\"twitter:label1\" content=\"Est. reading time\" \/>\n\t<meta name=\"twitter:data1\" content=\"5 minut\" \/>\n<script type=\"application\/ld+json\" class=\"yoast-schema-graph\">{\"@context\":\"https:\/\/schema.org\",\"@graph\":[{\"@type\":\"WebPage\",\"@id\":\"https:\/\/vapebulkp.com\/product\/elfworld-plus-20000-puffs-disposable-vape-22ml-eliquid-capacity\/\",\"url\":\"https:\/\/vapebulkp.com\/product\/elfworld-plus-20000-puffs-disposable-vape-22ml-eliquid-capacity\/\",\"name\":\"ELFWORLD Plus 20000 Puffs Disposable Vape 22ml E-Liquid Capacity - vapebulkp.com\",\"isPartOf\":{\"@id\":\"https:\/\/vapebulkp.com\/#website\"},\"datePublished\":\"2024-10-30T03:30:39+00:00\",\"dateModified\":\"2025-09-24T03:06:05+00:00\",\"description\":\"Shop the ELFWORLD Plus 20000 Puffs Disposable Vape with 22ml premium e-liquid and 2\u20135% nicotine. Smooth vapor, vibrant flavors, and long-lasting performance \u2014 perfect for European vapers. Order now!\",\"breadcrumb\":{\"@id\":\"https:\/\/vapebulkp.com\/product\/elfworld-plus-20000-puffs-disposable-vape-22ml-eliquid-capacity\/#breadcrumb\"},\"inLanguage\":\"sl-SI\",\"potentialAction\":[{\"@type\":\"ReadAction\",\"target\":[\"https:\/\/vapebulkp.com\/product\/elfworld-plus-20000-puffs-disposable-vape-22ml-eliquid-capacity\/\"]}]},{\"@type\":\"BreadcrumbList\",\"@id\":\"https:\/\/vapebulkp.com\/product\/elfworld-plus-20000-puffs-disposable-vape-22ml-eliquid-capacity\/#breadcrumb\",\"itemListElement\":[{\"@type\":\"ListItem\",\"position\":1,\"name\":\"Home\",\"item\":\"https:\/\/vapebulkp.com\/\"},{\"@type\":\"ListItem\",\"position\":2,\"name\":\"Hot Trend Vapes\",\"item\":\"https:\/\/vapebulkp.com\/vape-shop\/\"},{\"@type\":\"ListItem\",\"position\":3,\"name\":\"ELFWORLD Plus 20000 Puffs Disposable Vape 22ml E-Liquid Capacity\"}]},{\"@type\":\"WebSite\",\"@id\":\"https:\/\/vapebulkp.com\/#website\",\"url\":\"https:\/\/vapebulkp.com\/\",\"name\":\"vapebulkp.com\",\"description\":\"Buy Vape In Cheap Bulk Price Near you\",\"publisher\":{\"@id\":\"https:\/\/vapebulkp.com\/#organization\"},\"potentialAction\":[{\"@type\":\"SearchAction\",\"target\":{\"@type\":\"EntryPoint\",\"urlTemplate\":\"https:\/\/vapebulkp.com\/?s={search_term_string}\"},\"query-input\":\"required name=search_term_string\"}],\"inLanguage\":\"sl-SI\"},{\"@type\":\"Organization\",\"@id\":\"https:\/\/vapebulkp.com\/#organization\",\"name\":\"vapebulkp.com\",\"url\":\"https:\/\/vapebulkp.com\/\",\"logo\":{\"@type\":\"ImageObject\",\"inLanguage\":\"sl-SI\",\"@id\":\"https:\/\/vapebulkp.com\/#\/schema\/logo\/image\/\",\"url\":\"https:\/\/vapebulkp.com\/wp-content\/uploads\/2023\/09\/cropped-vapebulkp.png\",\"contentUrl\":\"https:\/\/vapebulkp.com\/wp-content\/uploads\/2023\/09\/cropped-vapebulkp.png\",\"width\":516,\"height\":163,\"caption\":\"vapebulkp.com\"},\"image\":{\"@id\":\"https:\/\/vapebulkp.com\/#\/schema\/logo\/image\/\"}}]}<\/script>\n<!-- \/ Yoast SEO plugin. -->","yoast_head_json":{"title":"ELFWORLD Plus 20000 Puffs Disposable Vape 22ml E-Liquid Capacity - vapebulkp.com","description":"Shop the ELFWORLD Plus 20000 Puffs Disposable Vape with 22ml premium e-liquid and 2\u20135% nicotine. Smooth vapor, vibrant flavors, and long-lasting performance \u2014 perfect for European vapers. Order now!","robots":{"index":"index","follow":"follow","max-snippet":"max-snippet:-1","max-image-preview":"max-image-preview:large","max-video-preview":"max-video-preview:-1"},"canonical":"https:\/\/vapebulkp.com\/sl\/product\/elfworld-plus-20000-puffs-disposable-vape-22ml-eliquid-capacity\/","og_locale":"sl_SI","og_type":"article","og_title":"ELFWORLD Plus 20000 Puffs Disposable Vape 22ml E-Liquid Capacity - vapebulkp.com","og_description":"Shop the ELFWORLD Plus 20000 Puffs Disposable Vape with 22ml premium e-liquid and 2\u20135% nicotine. Smooth vapor, vibrant flavors, and long-lasting performance \u2014 perfect for European vapers. Order now!","og_url":"https:\/\/vapebulkp.com\/sl\/product\/elfworld-plus-20000-puffs-disposable-vape-22ml-eliquid-capacity\/","og_site_name":"vapebulkp.com","article_modified_time":"2025-09-24T03:06:05+00:00","og_image":[{"width":800,"height":800,"url":"http:\/\/vapebulkp.com\/wp-content\/uploads\/2024\/10\/Elf-World-Plus-Disposable-Vape-with-Accessories.png","type":"image\/png"}],"twitter_card":"summary_large_image","twitter_misc":{"Est. reading time":"5 minut"},"schema":{"@context":"https:\/\/schema.org","@graph":[{"@type":"WebPage","@id":"https:\/\/vapebulkp.com\/product\/elfworld-plus-20000-puffs-disposable-vape-22ml-eliquid-capacity\/","url":"https:\/\/vapebulkp.com\/product\/elfworld-plus-20000-puffs-disposable-vape-22ml-eliquid-capacity\/","name":"ELFWORLD Plus 20000 Puffs Disposable Vape 22ml E-Liquid Capacity - vapebulkp.com","isPartOf":{"@id":"https:\/\/vapebulkp.com\/#website"},"datePublished":"2024-10-30T03:30:39+00:00","dateModified":"2025-09-24T03:06:05+00:00","description":"Shop the ELFWORLD Plus 20000 Puffs Disposable Vape with 22ml premium e-liquid and 2\u20135% nicotine. Smooth vapor, vibrant flavors, and long-lasting performance \u2014 perfect for European vapers. Order now!","breadcrumb":{"@id":"https:\/\/vapebulkp.com\/product\/elfworld-plus-20000-puffs-disposable-vape-22ml-eliquid-capacity\/#breadcrumb"},"inLanguage":"sl-SI","potentialAction":[{"@type":"ReadAction","target":["https:\/\/vapebulkp.com\/product\/elfworld-plus-20000-puffs-disposable-vape-22ml-eliquid-capacity\/"]}]},{"@type":"BreadcrumbList","@id":"https:\/\/vapebulkp.com\/product\/elfworld-plus-20000-puffs-disposable-vape-22ml-eliquid-capacity\/#breadcrumb","itemListElement":[{"@type":"ListItem","position":1,"name":"Home","item":"https:\/\/vapebulkp.com\/"},{"@type":"ListItem","position":2,"name":"Hot Trend Vapes","item":"https:\/\/vapebulkp.com\/vape-shop\/"},{"@type":"ListItem","position":3,"name":"ELFWORLD Plus 20000 Puffs Disposable Vape 22ml E-Liquid Capacity"}]},{"@type":"WebSite","@id":"https:\/\/vapebulkp.com\/#website","url":"https:\/\/vapebulkp.com\/","name":"vapebulkp.com","description":"Buy Vape In Cheap Bulk Price Near you","publisher":{"@id":"https:\/\/vapebulkp.com\/#organization"},"potentialAction":[{"@type":"SearchAction","target":{"@type":"EntryPoint","urlTemplate":"https:\/\/vapebulkp.com\/?s={search_term_string}"},"query-input":"required name=search_term_string"}],"inLanguage":"sl-SI"},{"@type":"Organization","@id":"https:\/\/vapebulkp.com\/#organization","name":"vapebulkp.com","url":"https:\/\/vapebulkp.com\/","logo":{"@type":"ImageObject","inLanguage":"sl-SI","@id":"https:\/\/vapebulkp.com\/#\/schema\/logo\/image\/","url":"https:\/\/vapebulkp.com\/wp-content\/uploads\/2023\/09\/cropped-vapebulkp.png","contentUrl":"https:\/\/vapebulkp.com\/wp-content\/uploads\/2023\/09\/cropped-vapebulkp.png","width":516,"height":163,"caption":"vapebulkp.com"},"image":{"@id":"https:\/\/vapebulkp.com\/#\/schema\/logo\/image\/"}}]}},"uagb_featured_image_src":{"full":["https:\/\/vapebulkp.com\/wp-content\/uploads\/2024\/10\/Elf-World-Plus-Disposable-Vape-with-Accessories.png",800,800,false],"thumbnail":["https:\/\/vapebulkp.com\/wp-content\/uploads\/2024\/10\/Elf-World-Plus-Disposable-Vape-with-Accessories-150x150.png",150,150,true],"medium":["https:\/\/vapebulkp.com\/wp-content\/uploads\/2024\/10\/Elf-World-Plus-Disposable-Vape-with-Accessories-300x300.png",300,300,true],"medium_large":["https:\/\/vapebulkp.com\/wp-content\/uploads\/2024\/10\/Elf-World-Plus-Disposable-Vape-with-Accessories-768x768.png",768,768,true],"large":["https:\/\/vapebulkp.com\/wp-content\/uploads\/2024\/10\/Elf-World-Plus-Disposable-Vape-with-Accessories.png",800,800,false],"1536x1536":["https:\/\/vapebulkp.com\/wp-content\/uploads\/2024\/10\/Elf-World-Plus-Disposable-Vape-with-Accessories.png",800,800,false],"2048x2048":["https:\/\/vapebulkp.com\/wp-content\/uploads\/2024\/10\/Elf-World-Plus-Disposable-Vape-with-Accessories.png",800,800,false],"trp-custom-language-flag":["https:\/\/vapebulkp.com\/wp-content\/uploads\/2024\/10\/Elf-World-Plus-Disposable-Vape-with-Accessories.png",12,12,false],"woocommerce_thumbnail":["https:\/\/vapebulkp.com\/wp-content\/uploads\/2024\/10\/Elf-World-Plus-Disposable-Vape-with-Accessories-300x300.png",300,300,true],"woocommerce_single":["https:\/\/vapebulkp.com\/wp-content\/uploads\/2024\/10\/Elf-World-Plus-Disposable-Vape-with-Accessories-600x600.png",600,600,true],"woocommerce_gallery_thumbnail":["https:\/\/vapebulkp.com\/wp-content\/uploads\/2024\/10\/Elf-World-Plus-Disposable-Vape-with-Accessories-100x100.png",100,100,true],"wcpr-photo-reviews":["https:\/\/vapebulkp.com\/wp-content\/uploads\/2024\/10\/Elf-World-Plus-Disposable-Vape-with-Accessories.png",500,500,false]},"uagb_author_info":{"display_name":"Mandy vape bulk price","author_link":"https:\/\/vapebulkp.com\/sl\/author\/"},"uagb_comment_info":0,"uagb_excerpt":"ELFWORLD Plus 20,000 Puffs Disposable Vape is a carefully crafted, high-end disposable e-cigarette designed for consumers who seek long-lasting quality and high performance. Pls Contact Mandy's WhatsApp For Discount Price+8618077105796 NOTE: Prices on our website does not include shipping costs","_links":{"self":[{"href":"https:\/\/vapebulkp.com\/sl\/wp-json\/wp\/v2\/product\/3085","targetHints":{"allow":["GET"]}}],"collection":[{"href":"https:\/\/vapebulkp.com\/sl\/wp-json\/wp\/v2\/product"}],"about":[{"href":"https:\/\/vapebulkp.com\/sl\/wp-json\/wp\/v2\/types\/product"}],"replies":[{"embeddable":true,"href":"https:\/\/vapebulkp.com\/sl\/wp-json\/wp\/v2\/comments?post=3085"}],"wp:featuredmedia":[{"embeddable":true,"href":"https:\/\/vapebulkp.com\/sl\/wp-json\/wp\/v2\/media\/3066"}],"wp:attachment":[{"href":"https:\/\/vapebulkp.com\/sl\/wp-json\/wp\/v2\/media?parent=3085"}],"wp:term":[{"taxonomy":"product_cat","embeddable":true,"href":"https:\/\/vapebulkp.com\/sl\/wp-json\/wp\/v2\/product_cat?post=3085"},{"taxonomy":"product_tag","embeddable":true,"href":"https:\/\/vapebulkp.com\/sl\/wp-json\/wp\/v2\/product_tag?post=3085"}],"curies":[{"name":"wp","href":"https:\/\/api.w.org\/{rel}","templated":true}]}}