{"id":3118,"date":"2024-11-14T03:50:51","date_gmt":"2024-11-14T02:50:51","guid":{"rendered":"https:\/\/vapebulkp.com\/?post_type=product&#038;p=3118"},"modified":"2025-09-24T05:37:29","modified_gmt":"2025-09-24T03:37:29","slug":"jnr-media-max-40000-puffs-high-capacity-1000mah-disposable-vape","status":"publish","type":"product","link":"https:\/\/vapebulkp.com\/sl\/product\/jnr-media-max-40000-puffs-high-capacity-1000mah-disposable-vape\/","title":{"rendered":"JNR Media Max 40000 Vpihov Visoka Kapaciteta 1000mAh Vape za Enkratno Uporabo"},"content":{"rendered":"<h1 style=\"text-align: left\">JNR Media Max 40000 Vpihov Visoka Kapaciteta 1000mAh Vape za Enkratno Uporabo<\/h1>\n<p data-start=\"342\" data-end=\"608\">The <strong data-start=\"386\" data-end=\"415\">JNR Media Max 40000 Vdihov<\/strong> je visoko zmogljiva <a href=\"https:\/\/vapebulkp.com\/sl\/product-category\/40000-puffs-disposable-vape\/\"><strong data-start=\"435\" data-end=\"466\">40000 vdihov e-cigareta za enkratno uporabo<\/strong><\/a> narejen za mlade Slovence. Z 21 ml predhodno napolnjene e-teko\u010dine in 5% nikotinske soli zagotavlja bogato, gladko paro za dolgotrajne seje.<\/p>\n<p data-start=\"610\" data-end=\"957\">Napaja ga 1000 mAh polnilna baterija, podpira obi\u010dajni na\u010din do 40.000 vpihov in pulzni na\u010din pribli\u017eno 20.000 vpihov, kar zagotavlja podalj\u0161ano vapiranje brez pogostega polnjenja. 2,4-pal\u010dni HD zaslon na dotik prikazuje \u0161tevilo vpihov, baterijo in obvestila. Pametne funkcije, kot sta daljinski nadzor kamere in \u00bbPoi\u0161\u010di svoj telefon\u00ab, dodajajo prakti\u010dno funkcionalnost.<\/p>\n<p data-start=\"959\" data-end=\"1231\">Kompakten, eleganten in tehnolo\u0161ko dovr\u0161en, <strong data-start=\"999\" data-end=\"1028\">JNR Media Max 40000 Vdihov<\/strong> ponuja zanesljivo delovanje in priro\u010dnost. Odposlano iz skladi\u0161\u010d EU za hitro dostavo in visoko kakovost. Popoln za tiste, ki i\u0161\u010dejo vrhunski <strong data-start=\"1173\" data-end=\"1205\">za polnljiva jednokratna vape<\/strong> z naprednimi funkcijami.<\/p>\n<p><img decoding=\"async\" class=\"wp-image-3112\" src=\"http:\/\/vapebulkp.com\/wp-content\/uploads\/2024\/11\/Experience-40000-Puffs-with-JNR-MediaMax-Long-Lasting-1000mAh-Battery.jpg\" alt=\"Do\u017eivite 40000 vdihov z JNR MediaMax dolgotrajno baterijo 1000mAh\" width=\"633\" height=\"633\" srcset=\"https:\/\/vapebulkp.com\/wp-content\/uploads\/2024\/11\/Experience-40000-Puffs-with-JNR-MediaMax-Long-Lasting-1000mAh-Battery.jpg 800w, https:\/\/vapebulkp.com\/wp-content\/uploads\/2024\/11\/Experience-40000-Puffs-with-JNR-MediaMax-Long-Lasting-1000mAh-Battery-300x300.jpg 300w, https:\/\/vapebulkp.com\/wp-content\/uploads\/2024\/11\/Experience-40000-Puffs-with-JNR-MediaMax-Long-Lasting-1000mAh-Battery-150x150.jpg 150w, https:\/\/vapebulkp.com\/wp-content\/uploads\/2024\/11\/Experience-40000-Puffs-with-JNR-MediaMax-Long-Lasting-1000mAh-Battery-768x768.jpg 768w, https:\/\/vapebulkp.com\/wp-content\/uploads\/2024\/11\/Experience-40000-Puffs-with-JNR-MediaMax-Long-Lasting-1000mAh-Battery-600x600.jpg 600w, https:\/\/vapebulkp.com\/wp-content\/uploads\/2024\/11\/Experience-40000-Puffs-with-JNR-MediaMax-Long-Lasting-1000mAh-Battery-100x100.jpg 100w\" sizes=\"(max-width: 633px) 100vw, 633px\" \/><\/p>\n<p>&nbsp;<\/p>\n<h6>Za popust se obrnite na Mandyin WhatsApp<a href=\"https:\/\/wa.me\/8618077105796\">+8618077105796<\/a><\/h6>\n<p><img decoding=\"async\" class=\"alignnone wp-image-2151\" src=\"http:\/\/vapebulkp.com\/wp-content\/uploads\/2024\/04\/Mandy-WhatsApp-Randm.jpg\" alt=\"Mandy WhatsApp Randm\" width=\"287\" height=\"305\" srcset=\"https:\/\/vapebulkp.com\/wp-content\/uploads\/2024\/04\/Mandy-WhatsApp-Randm.jpg 916w, https:\/\/vapebulkp.com\/wp-content\/uploads\/2024\/04\/Mandy-WhatsApp-Randm-282x300.jpg 282w, https:\/\/vapebulkp.com\/wp-content\/uploads\/2024\/04\/Mandy-WhatsApp-Randm-768x817.jpg 768w, https:\/\/vapebulkp.com\/wp-content\/uploads\/2024\/04\/Mandy-WhatsApp-Randm-600x638.jpg 600w\" sizes=\"(max-width: 287px) 100vw, 287px\" \/><\/p>\n<h3><strong>Zakaj izbrati nakup JNR Media Max 40000 vpihov pri <a href=\"https:\/\/vapebulkp.com\/sl\/\">Vapebulkp.com<\/a>?<\/strong><\/h3>\n<p>Na Vapebulkp.com ponujamo izjemen izbor visokokakovostnih vapeov za enkratno uporabo, JNR Media Max 40000 Puffs pa ni nobena izjema. Z nakupom te napredne naprave na na\u0161i platformi vam je zagotovljena ne le vrhunska kakovost izdelkov, temve\u010d tudi konkuren\u010dne cene, hitra dostava in brezhibna nakupovalna izku\u0161nja. <a href=\"https:\/\/vapebulkp.com\/sl\/\">Vapebulkp.com<\/a> zagotavlja varno in uporabniku prijazno okolje za ljubitelje vapinga, ki i\u0161\u010dejo vrhunske naprave, vklju\u010dno z JNR Media Max 40000 Puffs s svojimi impresivnimi funkcijami, kot so 21 ml prostornine e-teko\u010dine, 1000 mAh polnilna baterija in 40.000 vpihov v obi\u010dajnem na\u010dinu.<\/p>\n<p>Poleg tega Vapebulkp.com ponuja \u0161iroko paleto drugih priljubljenih blagovnih znamk, ki ustrezajo va\u0161im \u017eeljam glede vapinga. Nekatere od na\u0161ih najbolje prodajanih vklju\u010dujejo <a href=\"https:\/\/vapebulkp.com\/sl\/product\/bang-king-pro-30k-puffs-top-selling-vape-in-europe\/\"><strong>Bang King 30000 Vdihov<\/strong><\/a>, <strong>Vapme Crystal 20000 Vdihov<\/strong>, in <a href=\"https:\/\/vapebulkp.com\/sl\/product\/fumot-tornado-25k-puffs-cheap-price-disposable-vape\/\"><strong>Fumot Tornado 25000 Vdihov<\/strong><\/a>. Ponujamo tudi <strong>Waspe Aivou 25000 Vdihov<\/strong>, <strong>FIHP 9000 Vdihov<\/strong>, in <a href=\"https:\/\/vapebulkp.com\/sl\/product\/vapsolo-super-15k-puffs-wholesale-price-e-cigarette\/\"><strong>Vapsolo Super 15000 Vpihov<\/strong><\/a> vape za enkratno uporabo. Z na\u0161o \u0161iroko izbiro, konkuren\u010dnimi cenami in izjemnimi storitvami za stranke je Vapebulkp.com destinacija za vse va\u0161e potrebe glede vapinga.<\/p>\n<p>&nbsp;<\/p>\n<h3><strong>Veleprodajna cena JNR Media Max 40000 Puff Specifikacije:<\/strong><\/h3>\n<ul>\n<li><strong>Kapaciteta vdihov<\/strong>: Do 40.000 vpihov v obi\u010dajnem na\u010dinu \/ 20.000 vpihov v pulznem na\u010dinu<\/li>\n<li><strong>Prostornina e-teko\u010dine<\/strong>: 21 ml predhodno napolnjenega e-soka za dolgotrajno uporabo<\/li>\n<li><strong>Vsebnost nikotina<\/strong>5% (50 mg)<\/li>\n<li><strong>Baterija<\/strong>: 1000mAh polnilna baterija za podalj\u0161ano mo\u010d<\/li>\n<li><strong>Zaslon<\/strong>: 2,4-pal\u010dni HD zaslon na dotik za enostavno navigacijo<\/li>\n<li><strong>Na\u010dini<\/strong>: Obi\u010dajni in pulzni na\u010din za prilagodljivo izku\u0161njo vapinga<\/li>\n<li><strong>Povezljivost<\/strong>: Obvestila o klicih in sporo\u010dilih<\/li>\n<li><strong>Funkcija kamere<\/strong>: Daljinski nadzor kamere za prostoro\u010dne fotografije<\/li>\n<li><strong>Funkcija sledenja<\/strong>: Funkcija \u00bbPoi\u0161\u010di svoj telefon\u00ab za udobje<\/li>\n<li><strong>Slog vapinga<\/strong>: Zasnovan za MTL (usta-plju\u010da) vaping<\/li>\n<\/ul>\n<h3><strong>Long Last JNR Vape Media Max 40k Vpihov<\/strong>\u00a0<strong>Seznam Okusov:<\/strong><\/h3>\n<p>1. Blue Razz lce<br \/>\n2. Strawberry lce<br \/>\n3. Watermelon lce<br \/>\n4. Miami Mint<br \/>\n5. Sour Apple lce<br \/>\n6. Blueberry Watermelon<br \/>\n7. Fcuking Fab<br \/>\n8. Cherry strawberryraspberry<br \/>\n9. Breskev Mango Lubenica<br \/>\n10. Jagoda Banana<\/p>\n<p><a href=\"https:\/\/vapebulkp.com\/sl\/product\/popular-randm-tornado-7000puffs-disposable-vape-best-price\/\"><span style=\"vertical-align: inherit\">RandM Tornado 7000 Pufov <\/span><\/a><\/p>\n<p><span style=\"vertical-align: inherit\">Poi\u0161\u010dite ve\u010d izdelkov, ki bi vam bili morda v\u0161e\u010d:<\/span><em><a href=\"https:\/\/wa.me\/8618077105796\"><span style=\"vertical-align: inherit\">\u00a0Kupite zdaj<\/span><\/a><\/em><\/p>\n<p><span style=\"vertical-align: inherit\">Drugi 'puffs', ki bi vam bili morda v\u0161e\u010d:<\/span><a href=\"https:\/\/vapebulkp.com\/sl\/product\/uzy-bang-king-12k-disposable-vape-affordable-price\/\"><span style=\"vertical-align: inherit\">UZY Bang King 12000Puffs<\/span><\/a><span style=\"vertical-align: inherit\">\u3001<\/span><a href=\"https:\/\/vapebulkp.com\/sl\/product\/wholesale-randm-tornado-9000-puffs-germany\/\"><span style=\"vertical-align: inherit\">RandM 9000 Vpihov<\/span><\/a><span style=\"vertical-align: inherit\">\/ <\/span><a href=\"https:\/\/vapebulkp.com\/sl\/product\/bang-king-12000puffs\/\"><span style=\"vertical-align: inherit\">Bang King 12000 vpihov<\/span><\/a><span style=\"vertical-align: inherit\">\/ <\/span><a href=\"https:\/\/vapebulkp.com\/sl\/product\/wholesale-tornado-rum-bar-9000-puffs-sweden\/\"><span style=\"vertical-align: inherit\">Rumbar 9000Vdihov<\/span><\/a><\/p>\n<p><span style=\"vertical-align: inherit\">E-cigareta posebne oblike steklenice:<\/span><a href=\"https:\/\/vapebulkp.com\/sl\/product\/wholesale-kulx-8000-puffs-disposable-vape\/\"><span style=\"vertical-align: inherit\">\u00a0Kulx 8000 vdihov<\/span><\/a><span style=\"vertical-align: inherit\">\/ <\/span><a href=\"https:\/\/vapebulkp.com\/sl\/product\/original-bang-vape-box-20k-puff-disposable-vape\/\"><span style=\"vertical-align: inherit\">\u00a0Bang Box 20000 Puffs <\/span><\/a><span style=\"vertical-align: inherit\">\/<\/span><a href=\"https:\/\/vapebulkp.com\/sl\/product\/wga-crystal-plus-16000-puffs-led-light-disposable-vape\/\"><span style=\"vertical-align: inherit\"> WGA Crystal 16000 Vpihov<\/span><\/a><\/p>\n<h5><\/h5>\n<h5>Pogosta vpra\u0161anja:<\/h5>\n<ul>\n<li><strong>Kako dolgo bo zdr\u017eala veleprodaja vape JNR Media Max 40000 Puff?<\/strong><br \/>\nJNR Media Max ponuja do 40.000 vdihov v obi\u010dajnem na\u010dinu in pribli\u017eno 20.000 vdihov v pulznem na\u010dinu, zaradi \u010desar je eden najdlje trajajo\u010dih vape za enkratno uporabo, ki so na voljo.<\/li>\n<li><strong>Kak\u0161na je jakost nikotina pri JNR Media Max 40k Puffs?<\/strong><br \/>\nJNR Media Max ima jakost nikotina 5 % (50 mg), kar zagotavlja zadovoljiv udarec v grlo za tiste, ki imajo raje vi\u0161jo koncentracijo nikotina.<\/li>\n<li><strong>Koliko e-teko\u010dine vsebuje JNR Media Max 40000 Puffs?<\/strong><br \/>\nTa vape za enkratno uporabo vsebuje 21 ml predhodno napolnjene e-teko\u010dine, ki je zasnovana za dolgotrajno uporabo brez potrebe po ponovnem polnjenju.<\/li>\n<li><strong>Kako napolnim JNR Media Max 40000 Puffs?<\/strong><br \/>\nNaprava je opremljena s 1000 mAh polnilno baterijo. Preprosto jo napolnite prek priklju\u010dka USB-C, da u\u017eivate v podalj\u0161anih sejah vapinga.<\/li>\n<\/ul>\n<h4>Podrobnosti dostave:<\/h4>\n<p><span style=\"color: #ff6600\">\u010cas proizvodnje: 5\u201310 delovnih dni<\/span><br \/>\n<span style=\"color: #ff6600\">\u010cas dostave: 8\u201314 delovnih dni<\/span><\/p>\n<p>Vsi izdelki v na\u0161i trgovini so 100% originalni in avtenti\u010dni, zato je na\u0161a politika desetkratno nadomestilo za ponarejeno blago. Za dostavo blaga vam uporabljamo logisti\u010dne kanale, kot so UPS\/DHL\/FEDEX\/DPD.<\/p>\n<p>Za pakete, poslane v Slovenijo, obi\u010dajno traja 10 delovnih dni. Po\u0161iljanje v evropske dr\u017eave obi\u010dajno traja 12 do 15 delovnih dni. Logisti\u010dne informacije vam bomo sproti posodabljali.<\/p>","protected":false},"excerpt":{"rendered":"<p>JNR Media Max 40000 Vpihov Vape za enkratno uporabo, visokozmogljiva naprava, pre\u017eeta s tehnologijo, s 5% nikotina, 21 ml e-teko\u010dine in inovativnimi funkcijami za neprimerljivo izku\u0161njo vapinga.<\/p>\n<p><img decoding=\"async\" class=\"alignnone wp-image-2151\" src=\"http:\/\/vapebulkp.com\/wp-content\/uploads\/2024\/04\/Mandy-WhatsApp-Randm.jpg\" alt=\"Mandy WhatsApp Randm\" width=\"234\" height=\"249\" srcset=\"https:\/\/vapebulkp.com\/wp-content\/uploads\/2024\/04\/Mandy-WhatsApp-Randm.jpg 916w, https:\/\/vapebulkp.com\/wp-content\/uploads\/2024\/04\/Mandy-WhatsApp-Randm-282x300.jpg 282w, https:\/\/vapebulkp.com\/wp-content\/uploads\/2024\/04\/Mandy-WhatsApp-Randm-768x817.jpg 768w, https:\/\/vapebulkp.com\/wp-content\/uploads\/2024\/04\/Mandy-WhatsApp-Randm-600x638.jpg 600w\" sizes=\"(max-width: 234px) 100vw, 234px\" \/><\/p>\n<p>&nbsp;<\/p>\n<p>Za popust se obrnite na Mandyin WhatsApp<a href=\"https:\/\/wa.me\/8618077105796\">+8618077105796<\/a><\/p>\n<p><span style=\"color: #ff0000\">OPOMBA: Cene na na\u0161i spletni strani ne vklju\u010dujejo stro\u0161kov po\u0161iljanja.<\/span><\/p>\n<p>&nbsp;<\/p>","protected":false},"featured_media":3112,"comment_status":"open","ping_status":"closed","template":"","meta":{"_uag_custom_page_level_css":"","_lmt_disableupdate":"no","_lmt_disable":"","site-sidebar-layout":"default","site-content-layout":"content-boxed-container","ast-site-content-layout":"normal-width-container","site-content-style":"boxed","site-sidebar-style":"unboxed","ast-global-header-display":"","ast-banner-title-visibility":"","ast-main-header-display":"","ast-hfb-above-header-display":"","ast-hfb-below-header-display":"","ast-hfb-mobile-header-display":"","site-post-title":"","ast-breadcrumbs-content":"","ast-featured-img":"","footer-sml-layout":"","theme-transparent-header-meta":"default","adv-header-id-meta":"","stick-header-meta":"","header-above-stick-meta":"","header-main-stick-meta":"","header-below-stick-meta":"","astra-migrate-meta-layouts":"set","_joinchat":[]},"product_cat":[182,153,155,33,59,100,353,34,158,157,154,152,58,84,156,63,32],"product_tag":[109,36,37,41,40],"class_list":["post-3118","product","type-product","status-publish","has-post-thumbnail","hentry","product_cat-40000-puffs-disposable-vape","product_cat-hot-disposable-vapes","product_cat-belgium-hot-disposable-vapes","product_cat-france-vape-hot-sale","product_cat-germany-hot-disposable-vape","product_cat-germany-wholesale-vape-shop","product_cat-jnr-vape","product_cat-netherlands-vape-good-sale","product_cat-norway-hot-disposable-vapes","product_cat-poland-hot-disposable-vapes","product_cat-portugal-hot-disposable-vapes","product_cat-spain-hot-disposable-vapes","product_cat-sweden-hot-disposable-vape","product_cat-sweden-wholesale-vape","product_cat-switzerland-hot-disposable-vapes","product_cat-top-sale-disposable-vape","product_cat-vape-hot-sale-this-week","product_tag-20000-puffs","product_tag-good-vape","product_tag-hot-sale-disposable-vape","product_tag-poland-hot-vape","product_tag-sweden-hot-vape","pa_brand-jnr-vape","desktop-align-left","tablet-align-left","mobile-align-left"],"yoast_head":"<!-- This site is optimized with the Yoast SEO plugin v21.1 - https:\/\/yoast.com\/wordpress\/plugins\/seo\/ -->\n<title>JNR Media Max 40000 Puffs High Capacity 1000mAh Disposable Vape - vapebulkp.com % %<\/title>\n<meta name=\"description\" content=\"Buy the JNR Media Max 40000 Puffs, a high-capacity 40000 Puffs Disposable Vape with 1000mAh battery and 21ml e-liquid. Fast EU shipping \u2014 order yours today!\" \/>\n<meta name=\"robots\" content=\"index, follow, max-snippet:-1, max-image-preview:large, max-video-preview:-1\" \/>\n<link rel=\"canonical\" href=\"https:\/\/vapebulkp.com\/sl\/product\/jnr-media-max-40000-puffs-high-capacity-1000mah-disposable-vape\/\" \/>\n<meta property=\"og:locale\" content=\"sl_SI\" \/>\n<meta property=\"og:type\" content=\"article\" \/>\n<meta property=\"og:title\" content=\"JNR Media Max 40000 Puffs High Capacity 1000mAh Disposable Vape - vapebulkp.com % %\" \/>\n<meta property=\"og:description\" content=\"Buy the JNR Media Max 40000 Puffs, a high-capacity 40000 Puffs Disposable Vape with 1000mAh battery and 21ml e-liquid. Fast EU shipping \u2014 order yours today!\" \/>\n<meta property=\"og:url\" content=\"https:\/\/vapebulkp.com\/sl\/product\/jnr-media-max-40000-puffs-high-capacity-1000mah-disposable-vape\/\" \/>\n<meta property=\"og:site_name\" content=\"vapebulkp.com\" \/>\n<meta property=\"article:modified_time\" content=\"2025-09-24T03:37:29+00:00\" \/>\n<meta property=\"og:image\" content=\"http:\/\/vapebulkp.com\/wp-content\/uploads\/2024\/11\/Experience-40000-Puffs-with-JNR-MediaMax-Long-Lasting-1000mAh-Battery.jpg\" \/>\n\t<meta property=\"og:image:width\" content=\"800\" \/>\n\t<meta property=\"og:image:height\" content=\"800\" \/>\n\t<meta property=\"og:image:type\" content=\"image\/jpeg\" \/>\n<meta name=\"twitter:card\" content=\"summary_large_image\" \/>\n<meta name=\"twitter:label1\" content=\"Est. reading time\" \/>\n\t<meta name=\"twitter:data1\" content=\"4 minute\" \/>\n<script type=\"application\/ld+json\" class=\"yoast-schema-graph\">{\"@context\":\"https:\/\/schema.org\",\"@graph\":[{\"@type\":\"WebPage\",\"@id\":\"https:\/\/vapebulkp.com\/product\/jnr-media-max-40000-puffs-high-capacity-1000mah-disposable-vape\/\",\"url\":\"https:\/\/vapebulkp.com\/product\/jnr-media-max-40000-puffs-high-capacity-1000mah-disposable-vape\/\",\"name\":\"JNR Media Max 40000 Puffs High Capacity 1000mAh Disposable Vape - vapebulkp.com % %\",\"isPartOf\":{\"@id\":\"https:\/\/vapebulkp.com\/#website\"},\"datePublished\":\"2024-11-14T02:50:51+00:00\",\"dateModified\":\"2025-09-24T03:37:29+00:00\",\"description\":\"Buy the JNR Media Max 40000 Puffs, a high-capacity 40000 Puffs Disposable Vape with 1000mAh battery and 21ml e-liquid. Fast EU shipping \u2014 order yours today!\",\"breadcrumb\":{\"@id\":\"https:\/\/vapebulkp.com\/product\/jnr-media-max-40000-puffs-high-capacity-1000mah-disposable-vape\/#breadcrumb\"},\"inLanguage\":\"sl-SI\",\"potentialAction\":[{\"@type\":\"ReadAction\",\"target\":[\"https:\/\/vapebulkp.com\/product\/jnr-media-max-40000-puffs-high-capacity-1000mah-disposable-vape\/\"]}]},{\"@type\":\"BreadcrumbList\",\"@id\":\"https:\/\/vapebulkp.com\/product\/jnr-media-max-40000-puffs-high-capacity-1000mah-disposable-vape\/#breadcrumb\",\"itemListElement\":[{\"@type\":\"ListItem\",\"position\":1,\"name\":\"Home\",\"item\":\"https:\/\/vapebulkp.com\/\"},{\"@type\":\"ListItem\",\"position\":2,\"name\":\"Hot Trend Vapes\",\"item\":\"https:\/\/vapebulkp.com\/vape-shop\/\"},{\"@type\":\"ListItem\",\"position\":3,\"name\":\"JNR Media Max 40000 Puffs High Capacity 1000mAh Disposable Vape\"}]},{\"@type\":\"WebSite\",\"@id\":\"https:\/\/vapebulkp.com\/#website\",\"url\":\"https:\/\/vapebulkp.com\/\",\"name\":\"vapebulkp.com\",\"description\":\"Buy Vape In Cheap Bulk Price Near you\",\"publisher\":{\"@id\":\"https:\/\/vapebulkp.com\/#organization\"},\"potentialAction\":[{\"@type\":\"SearchAction\",\"target\":{\"@type\":\"EntryPoint\",\"urlTemplate\":\"https:\/\/vapebulkp.com\/?s={search_term_string}\"},\"query-input\":\"required name=search_term_string\"}],\"inLanguage\":\"sl-SI\"},{\"@type\":\"Organization\",\"@id\":\"https:\/\/vapebulkp.com\/#organization\",\"name\":\"vapebulkp.com\",\"url\":\"https:\/\/vapebulkp.com\/\",\"logo\":{\"@type\":\"ImageObject\",\"inLanguage\":\"sl-SI\",\"@id\":\"https:\/\/vapebulkp.com\/#\/schema\/logo\/image\/\",\"url\":\"https:\/\/vapebulkp.com\/wp-content\/uploads\/2023\/09\/cropped-vapebulkp.png\",\"contentUrl\":\"https:\/\/vapebulkp.com\/wp-content\/uploads\/2023\/09\/cropped-vapebulkp.png\",\"width\":516,\"height\":163,\"caption\":\"vapebulkp.com\"},\"image\":{\"@id\":\"https:\/\/vapebulkp.com\/#\/schema\/logo\/image\/\"}}]}<\/script>\n<!-- \/ Yoast SEO plugin. -->","yoast_head_json":{"title":"JNR Media Max 40000 Puffs High Capacity 1000mAh Disposable Vape - vapebulkp.com % %","description":"Buy the JNR Media Max 40000 Puffs, a high-capacity 40000 Puffs Disposable Vape with 1000mAh battery and 21ml e-liquid. Fast EU shipping \u2014 order yours today!","robots":{"index":"index","follow":"follow","max-snippet":"max-snippet:-1","max-image-preview":"max-image-preview:large","max-video-preview":"max-video-preview:-1"},"canonical":"https:\/\/vapebulkp.com\/sl\/product\/jnr-media-max-40000-puffs-high-capacity-1000mah-disposable-vape\/","og_locale":"sl_SI","og_type":"article","og_title":"JNR Media Max 40000 Puffs High Capacity 1000mAh Disposable Vape - vapebulkp.com % %","og_description":"Buy the JNR Media Max 40000 Puffs, a high-capacity 40000 Puffs Disposable Vape with 1000mAh battery and 21ml e-liquid. Fast EU shipping \u2014 order yours today!","og_url":"https:\/\/vapebulkp.com\/sl\/product\/jnr-media-max-40000-puffs-high-capacity-1000mah-disposable-vape\/","og_site_name":"vapebulkp.com","article_modified_time":"2025-09-24T03:37:29+00:00","og_image":[{"width":800,"height":800,"url":"http:\/\/vapebulkp.com\/wp-content\/uploads\/2024\/11\/Experience-40000-Puffs-with-JNR-MediaMax-Long-Lasting-1000mAh-Battery.jpg","type":"image\/jpeg"}],"twitter_card":"summary_large_image","twitter_misc":{"Est. reading time":"4 minute"},"schema":{"@context":"https:\/\/schema.org","@graph":[{"@type":"WebPage","@id":"https:\/\/vapebulkp.com\/product\/jnr-media-max-40000-puffs-high-capacity-1000mah-disposable-vape\/","url":"https:\/\/vapebulkp.com\/product\/jnr-media-max-40000-puffs-high-capacity-1000mah-disposable-vape\/","name":"JNR Media Max 40000 Puffs High Capacity 1000mAh Disposable Vape - vapebulkp.com % %","isPartOf":{"@id":"https:\/\/vapebulkp.com\/#website"},"datePublished":"2024-11-14T02:50:51+00:00","dateModified":"2025-09-24T03:37:29+00:00","description":"Buy the JNR Media Max 40000 Puffs, a high-capacity 40000 Puffs Disposable Vape with 1000mAh battery and 21ml e-liquid. Fast EU shipping \u2014 order yours today!","breadcrumb":{"@id":"https:\/\/vapebulkp.com\/product\/jnr-media-max-40000-puffs-high-capacity-1000mah-disposable-vape\/#breadcrumb"},"inLanguage":"sl-SI","potentialAction":[{"@type":"ReadAction","target":["https:\/\/vapebulkp.com\/product\/jnr-media-max-40000-puffs-high-capacity-1000mah-disposable-vape\/"]}]},{"@type":"BreadcrumbList","@id":"https:\/\/vapebulkp.com\/product\/jnr-media-max-40000-puffs-high-capacity-1000mah-disposable-vape\/#breadcrumb","itemListElement":[{"@type":"ListItem","position":1,"name":"Home","item":"https:\/\/vapebulkp.com\/"},{"@type":"ListItem","position":2,"name":"Hot Trend Vapes","item":"https:\/\/vapebulkp.com\/vape-shop\/"},{"@type":"ListItem","position":3,"name":"JNR Media Max 40000 Puffs High Capacity 1000mAh Disposable Vape"}]},{"@type":"WebSite","@id":"https:\/\/vapebulkp.com\/#website","url":"https:\/\/vapebulkp.com\/","name":"vapebulkp.com","description":"Buy Vape In Cheap Bulk Price Near you","publisher":{"@id":"https:\/\/vapebulkp.com\/#organization"},"potentialAction":[{"@type":"SearchAction","target":{"@type":"EntryPoint","urlTemplate":"https:\/\/vapebulkp.com\/?s={search_term_string}"},"query-input":"required name=search_term_string"}],"inLanguage":"sl-SI"},{"@type":"Organization","@id":"https:\/\/vapebulkp.com\/#organization","name":"vapebulkp.com","url":"https:\/\/vapebulkp.com\/","logo":{"@type":"ImageObject","inLanguage":"sl-SI","@id":"https:\/\/vapebulkp.com\/#\/schema\/logo\/image\/","url":"https:\/\/vapebulkp.com\/wp-content\/uploads\/2023\/09\/cropped-vapebulkp.png","contentUrl":"https:\/\/vapebulkp.com\/wp-content\/uploads\/2023\/09\/cropped-vapebulkp.png","width":516,"height":163,"caption":"vapebulkp.com"},"image":{"@id":"https:\/\/vapebulkp.com\/#\/schema\/logo\/image\/"}}]}},"uagb_featured_image_src":{"full":["https:\/\/vapebulkp.com\/wp-content\/uploads\/2024\/11\/Experience-40000-Puffs-with-JNR-MediaMax-Long-Lasting-1000mAh-Battery.jpg",800,800,false],"thumbnail":["https:\/\/vapebulkp.com\/wp-content\/uploads\/2024\/11\/Experience-40000-Puffs-with-JNR-MediaMax-Long-Lasting-1000mAh-Battery-150x150.jpg",150,150,true],"medium":["https:\/\/vapebulkp.com\/wp-content\/uploads\/2024\/11\/Experience-40000-Puffs-with-JNR-MediaMax-Long-Lasting-1000mAh-Battery-300x300.jpg",300,300,true],"medium_large":["https:\/\/vapebulkp.com\/wp-content\/uploads\/2024\/11\/Experience-40000-Puffs-with-JNR-MediaMax-Long-Lasting-1000mAh-Battery-768x768.jpg",768,768,true],"large":["https:\/\/vapebulkp.com\/wp-content\/uploads\/2024\/11\/Experience-40000-Puffs-with-JNR-MediaMax-Long-Lasting-1000mAh-Battery.jpg",800,800,false],"1536x1536":["https:\/\/vapebulkp.com\/wp-content\/uploads\/2024\/11\/Experience-40000-Puffs-with-JNR-MediaMax-Long-Lasting-1000mAh-Battery.jpg",800,800,false],"2048x2048":["https:\/\/vapebulkp.com\/wp-content\/uploads\/2024\/11\/Experience-40000-Puffs-with-JNR-MediaMax-Long-Lasting-1000mAh-Battery.jpg",800,800,false],"trp-custom-language-flag":["https:\/\/vapebulkp.com\/wp-content\/uploads\/2024\/11\/Experience-40000-Puffs-with-JNR-MediaMax-Long-Lasting-1000mAh-Battery.jpg",12,12,false],"woocommerce_thumbnail":["https:\/\/vapebulkp.com\/wp-content\/uploads\/2024\/11\/Experience-40000-Puffs-with-JNR-MediaMax-Long-Lasting-1000mAh-Battery-300x300.jpg",300,300,true],"woocommerce_single":["https:\/\/vapebulkp.com\/wp-content\/uploads\/2024\/11\/Experience-40000-Puffs-with-JNR-MediaMax-Long-Lasting-1000mAh-Battery-600x600.jpg",600,600,true],"woocommerce_gallery_thumbnail":["https:\/\/vapebulkp.com\/wp-content\/uploads\/2024\/11\/Experience-40000-Puffs-with-JNR-MediaMax-Long-Lasting-1000mAh-Battery-100x100.jpg",100,100,true],"wcpr-photo-reviews":["https:\/\/vapebulkp.com\/wp-content\/uploads\/2024\/11\/Experience-40000-Puffs-with-JNR-MediaMax-Long-Lasting-1000mAh-Battery.jpg",500,500,false]},"uagb_author_info":{"display_name":"Mandy vape bulk price","author_link":"https:\/\/vapebulkp.com\/sl\/author\/"},"uagb_comment_info":0,"uagb_excerpt":"JNR Media Max 40000 Puffs Disposable Vapea ,high-capacity, tech-infused device with 5% nicotine, 21ml e-liquid, and innovative features for an unparalleled vaping experience. &nbsp; Pls Contact Mandy's WhatsApp For Discount Price+8618077105796 NOTE: Prices on our website does not include shipping costs &nbsp;","_links":{"self":[{"href":"https:\/\/vapebulkp.com\/sl\/wp-json\/wp\/v2\/product\/3118","targetHints":{"allow":["GET"]}}],"collection":[{"href":"https:\/\/vapebulkp.com\/sl\/wp-json\/wp\/v2\/product"}],"about":[{"href":"https:\/\/vapebulkp.com\/sl\/wp-json\/wp\/v2\/types\/product"}],"replies":[{"embeddable":true,"href":"https:\/\/vapebulkp.com\/sl\/wp-json\/wp\/v2\/comments?post=3118"}],"wp:featuredmedia":[{"embeddable":true,"href":"https:\/\/vapebulkp.com\/sl\/wp-json\/wp\/v2\/media\/3112"}],"wp:attachment":[{"href":"https:\/\/vapebulkp.com\/sl\/wp-json\/wp\/v2\/media?parent=3118"}],"wp:term":[{"taxonomy":"product_cat","embeddable":true,"href":"https:\/\/vapebulkp.com\/sl\/wp-json\/wp\/v2\/product_cat?post=3118"},{"taxonomy":"product_tag","embeddable":true,"href":"https:\/\/vapebulkp.com\/sl\/wp-json\/wp\/v2\/product_tag?post=3118"}],"curies":[{"name":"wp","href":"https:\/\/api.w.org\/{rel}","templated":true}]}}