{"id":3148,"date":"2024-11-25T09:29:17","date_gmt":"2024-11-25T08:29:17","guid":{"rendered":"https:\/\/vapebulkp.com\/?post_type=product&#038;p=3148"},"modified":"2025-09-24T05:50:41","modified_gmt":"2025-09-24T03:50:41","slug":"jnr-vape-mega-box-25000-puff-discount-price-vape-pods","status":"publish","type":"product","link":"https:\/\/vapebulkp.com\/sl\/product\/jnr-vape-mega-box-25000-puff-discount-price-vape-pods\/","title":{"rendered":"JNR Vape Mega Box 25000 vpihov diskontna cena Vape Podi"},"content":{"rendered":"<h1 style=\"text-align: left\">JNR Vape Mega Box 25000 vpihov diskontna cena Vape Podi<\/h1>\n<p>&nbsp;<\/p>\n<p data-start=\"321\" data-end=\"634\">The <strong data-start=\"365\" data-end=\"397\">JNR Vape Mega Box 25000 Vdihov<\/strong> je vrhunski <strong data-start=\"411\" data-end=\"444\">visokozmogljiv vape za enkratno uporabo<\/strong> ustvarjen za mlade v Sloveniji, ki i\u0161\u010dejo mo\u010d, slog in zanesljivost. Z ogromno 30-mililitrsko posodo za e-teko\u010dino in sistemom z dvojno mre\u017easto tuljavo zagotavlja gladek okus in gosto paro z vsakim vdihom.<\/p>\n<p data-start=\"636\" data-end=\"896\">Naprava, ki jo poganja polnilna baterija 850 mAh in hitro polnjenje Type-C, ponuja do <strong data-start=\"729\" data-end=\"745\">25.000 vpihov<\/strong> za dolgotrajno zadovoljstvo. Kompaktna in prenosna, ta <strong data-start=\"803\" data-end=\"835\">Vape Mega Box JNR<\/strong> 25000 Vdihov Vape Veleprodaja je popoln za vsakodnevno vaping, dru\u017eabne prilo\u017enosti in potovanja.<\/p>\n<p data-start=\"898\" data-end=\"1163\">Na voljo v ve\u010d okusih z mo\u017enostmi nikotinske soli, izstopa med <a href=\"https:\/\/vapebulkp.com\/sl\/product-category\/25000-puffs-disposable-vape\/\"><strong>25000 Vdihov Vape za enkratno uporabo<\/strong><\/a> in drugimi dolgotrajnimi sistemi, ki ponujajo izjemno vrednost po veleprodajnih cenah. Dostavljeno neposredno iz skladi\u0161\u010d v EU za hitro in zanesljivo dostavo.<\/p>\n<p><img decoding=\"async\" class=\"alignnone wp-image-3147\" src=\"http:\/\/vapebulkp.com\/wp-content\/uploads\/2024\/11\/JNR-Mega-Box-25000-puffs-Hot-Sale-Vape.jpg\" alt=\"JNR Mega Box 25000 puffs Vro\u010da prodaja Vape\" width=\"368\" height=\"368\" srcset=\"https:\/\/vapebulkp.com\/wp-content\/uploads\/2024\/11\/JNR-Mega-Box-25000-puffs-Hot-Sale-Vape.jpg 800w, https:\/\/vapebulkp.com\/wp-content\/uploads\/2024\/11\/JNR-Mega-Box-25000-puffs-Hot-Sale-Vape-300x300.jpg 300w, https:\/\/vapebulkp.com\/wp-content\/uploads\/2024\/11\/JNR-Mega-Box-25000-puffs-Hot-Sale-Vape-150x150.jpg 150w, https:\/\/vapebulkp.com\/wp-content\/uploads\/2024\/11\/JNR-Mega-Box-25000-puffs-Hot-Sale-Vape-768x768.jpg 768w, https:\/\/vapebulkp.com\/wp-content\/uploads\/2024\/11\/JNR-Mega-Box-25000-puffs-Hot-Sale-Vape-600x600.jpg 600w, https:\/\/vapebulkp.com\/wp-content\/uploads\/2024\/11\/JNR-Mega-Box-25000-puffs-Hot-Sale-Vape-100x100.jpg 100w\" sizes=\"(max-width: 368px) 100vw, 368px\" \/><\/p>\n<p>&nbsp;<\/p>\n<h6>Za popust se obrnite na Mandyin WhatsApp<a href=\"https:\/\/wa.me\/8618077105796\">+8618077105796<\/a><\/h6>\n<p><img decoding=\"async\" class=\"alignnone wp-image-2151\" src=\"http:\/\/vapebulkp.com\/wp-content\/uploads\/2024\/04\/Mandy-WhatsApp-Randm.jpg\" alt=\"Mandy WhatsApp Randm\" width=\"287\" height=\"305\" srcset=\"https:\/\/vapebulkp.com\/wp-content\/uploads\/2024\/04\/Mandy-WhatsApp-Randm.jpg 916w, https:\/\/vapebulkp.com\/wp-content\/uploads\/2024\/04\/Mandy-WhatsApp-Randm-282x300.jpg 282w, https:\/\/vapebulkp.com\/wp-content\/uploads\/2024\/04\/Mandy-WhatsApp-Randm-768x817.jpg 768w, https:\/\/vapebulkp.com\/wp-content\/uploads\/2024\/04\/Mandy-WhatsApp-Randm-600x638.jpg 600w\" sizes=\"(max-width: 287px) 100vw, 287px\" \/><\/p>\n<h2><strong>Zakaj kupiti JNR Vape Mega Box 25k vdihov pri <a href=\"https:\/\/vapebulkp.com\/sl\/\">Vapebulkp.com<\/a>?<\/strong><\/h2>\n<ol>\n<li><strong>Dolgotrajna zmogljivost<\/strong>: Z impresivnim \u0161tevilom vdihov in vzdr\u017eljivo baterijo je ta vape zasnovan tako za vsakodnevno uporabo kot za posebne prilo\u017enosti.<\/li>\n<li><strong>Elegantna oblika<\/strong>: Kompakten, a eleganten, JNR Vape Mega Box je enostaven za prena\u0161anje in s svojo moderno estetiko dopolnjuje va\u0161 \u017eivljenjski slog.<\/li>\n<li><strong>Uporabniku prijazno delovanje<\/strong>: Ne zahteva zapletenih nastavitev ali ponovnega polnjenja \u2013 preprosto u\u017eivajte v brezhibni izku\u0161nji vapinga takoj iz \u0161katle.<\/li>\n<li><strong>Bogati, gladki okusi<\/strong>: V kombinaciji z napredno tehnologijo grelne glave, Mega Box ponuja enakomerno in polno paro z vsakim vdihom.<\/li>\n<\/ol>\n<p>&nbsp;<\/p>\n<h3><strong>Glavne zna\u010dilnosti vro\u010de prodajane e-cigarete <a href=\"https:\/\/vapebulkp.com\/sl\/product\/jnr-vape-mega-box-25000-puff-discount-price-vape-pods\/\">JNR Mega Box 25000 vdihov\u00a0<\/a><\/strong><\/h3>\n<div class=\"mb-2 flex gap-3 empty:hidden -ml-2\">\n<div class=\"items-center justify-start rounded-xl p-1 flex\">\n<ul>\n<li><strong>Neprekosljiva dolgo\u017eivost<\/strong>: Z masivnimi <strong>25000 vdihi<\/strong>, ta naprava zagotavlja podalj\u0161ano uporabo, zaradi \u010desar je popolna za dolgoro\u010dno uparjanje brez pogostih menjav.<\/li>\n<li><strong>Izjemna prostornina e-teko\u010dine<\/strong>: Opremljen z <strong>30ml predhodno napolnjene e-teko\u010dine<\/strong>, zagotavlja dosleden okus skozi celotno \u017eivljenjsko dobo.<\/li>\n<li><strong>Zmogljiva baterija<\/strong>: Vgrajena <strong>850mAh baterijo za ponovno polnjenje<\/strong> ponuja zanesljivo delovanje, kar zagotavlja, da boste u\u017eivali v vsakem vdihu.<\/li>\n<li><strong>Zadovoljstvo z nikotinom<\/strong>: Vsebuje <strong>2% nikotinske soli<\/strong>, kar zagotavlja gladek ob\u010dutek v grlu, idealen za tiste, ki prehajajo s tradicionalnega kajenja ali i\u0161\u010dejo uravnote\u017eeno izku\u0161njo uparjanja.<\/li>\n<li><strong>Kompaktna in elegantna oblika<\/strong>: Eleganten, a robusten, ta vape pod je zasnovan tako, da se brezhibno vklju\u010di v va\u0161 \u017eivljenjski slog, bodisi doma, na dru\u017eabnih dogodkih ali na poti.<\/li>\n<\/ul>\n<\/div>\n<\/div>\n<h3><strong>JNR Mega Box 25.000 vdihov Vape<\/strong> <strong>Seznam Okusov:<\/strong><\/h3>\n<p>1. Pene\u010da \u010de\u0161nja kola<br \/>\n2.Jagoda banana<br \/>\n3.Kislo Jabolko<br \/>\n4.Borovni\u010dev \u017dve\u010dilni Gumi<br \/>\n5.Kivi Lubenica Led<br \/>\n6.Trojni Mango<br \/>\n7.Malina Lubenica<br \/>\n8.Jagoda Malina Led<br \/>\n9.Borovnica Kisla Malina Jagoda<br \/>\n10.Jagoda Malina \u010ce\u0161nja Led<br \/>\n11.Modra Malina \u010ce\u0161nja<br \/>\n12.So\u010dna Breskev<br \/>\n13. \u010ce\u0161nja in jagoda<br \/>\n14.Limona<br \/>\n15.Me\u0161ano jagodi\u010devje<br \/>\n16.Gospod Modri<br \/>\n17.Jagodni led<br \/>\n18.Borovni\u010dev led<br \/>\n19.Lubenica z ledom<br \/>\n20.Skittles<\/p>\n<p><a href=\"https:\/\/vapebulkp.com\/sl\/product\/jnr-media-max-40000-puffs-high-capacity-1000mah-disposable-vape\/\"><span style=\"vertical-align: inherit\">JNR MEDIA MAX 40000 vdihov <\/span><\/a><\/p>\n<p><span style=\"vertical-align: inherit\">Poi\u0161\u010dite ve\u010d izdelkov, ki bi vam bili morda v\u0161e\u010d:<\/span><em><a href=\"https:\/\/wa.me\/8618077105796\"><span style=\"vertical-align: inherit\">\u00a0Kupite zdaj<\/span><\/a><\/em><\/p>\n<p><span style=\"vertical-align: inherit\">Drugi 'puffs', ki bi vam bili morda v\u0161e\u010d:<\/span><span style=\"vertical-align: inherit\">\u00a0<\/span><a href=\"https:\/\/vapebulkp.com\/sl\/product\/vapme-crystal-disposable-vape-20000-puffs-big-smok-2-nicotine\/\"><span style=\"vertical-align: inherit\">Vapme Crystal 20k vdihov<\/span><\/a><\/p>\n<p><span style=\"vertical-align: inherit\">E-cigareta posebne oblike steklenice:<\/span><a href=\"https:\/\/vapebulkp.com\/sl\/product\/randm-fumot-tornado-30k-puffs-rechargeable-vapes-best-sale\/\"><span style=\"vertical-align: inherit\"> Fumot Tornado 30000 vdihov<\/span><\/a><span style=\"vertical-align: inherit\">\/ <\/span><a href=\"https:\/\/vapebulkp.com\/sl\/product\/jnr-alien-10000-puffs-randm-vape-wholesale-price\/\"><span style=\"vertical-align: inherit\">\u00a0JNR Alien 10000 Vdihov <\/span><\/a><span style=\"vertical-align: inherit\">\/<\/span><a href=\"https:\/\/vapebulkp.com\/sl\/product\/wga-crystal-plus-16000-puffs-led-light-disposable-vape\/\"><span style=\"vertical-align: inherit\"> WGA Crystal 16000 Vpihov<\/span><\/a><\/p>\n<h4><\/h4>\n<h4><strong>Pogosta vpra\u0161anja o JNR Mega Box Long last Vape 25000 vdihov<\/strong><\/h4>\n<p><strong>1. Kak\u0161na je prostornina e-teko\u010dine JNR Vapes Mega Box 25k vdihov?<\/strong><br \/>\nJNR Vape Mega Box ima <strong>30 ml prostornine za e-teko\u010dino<\/strong>, kar zagotavlja dolgotrajno izku\u0161njo vapinga z bogatimi in zadovoljivimi okusi.<\/p>\n<p><strong>2. Koliko vdihov lahko pri\u010dakujem od najbolje prodajanega JNR Vape Box 25000 vdihov?<\/strong><br \/>\nTa vape za enkratno uporabo omogo\u010da impresivnih <strong>25.000 vpihov<\/strong>25.000 vdihov<\/p>\n<p><strong>, zaradi \u010desar je idealen za dolgotrajno uporabo in pogoste vaperje.<\/strong><br \/>\n3. Kak\u0161no baterijo uporablja JNR Vape Mega Box 25k? <strong>850mAh baterijo za ponovno polnjenje<\/strong>Opremljen je z zmogljivo<\/p>\n<p><strong>4. Ali je JNR Hot Vape Mega Box 25000 Puffs primeren za slovenske veperje?<\/strong><br \/>\nDa, JNR Vape Mega Box je zasnovan tako, da ustreza \u017eeljam evropskih uporabnikov s <strong>gladko paro<\/strong>, <strong>razli\u010dnimi okusi<\/strong>, in elegantno, prenosno obliko.<\/p>\n<p><strong>5. Kaj naredi JNR Good Vape Mega Box 25k Puffs vrhunski vape za enkratno uporabo?<\/strong><br \/>\nJNR Vape Mega Box ponuja kombinacijo <strong>vrhunske kakovosti izdelave<\/strong>, <strong>veliko \u0161tevilo vpihov<\/strong>, <strong>velike kapacitete e-teko\u010dine<\/strong>, in <strong>eleganten dizajn<\/strong>, zaradi \u010desar je izjemna izbira med vapami za enkratno uporabo z visoko kapaciteto.<\/p>\n<h4>Podrobnosti dostave:<\/h4>\n<p><span style=\"color: #ff6600\">\u010cas proizvodnje: 5\u201310 delovnih dni<\/span><br \/>\n<span style=\"color: #ff6600\">\u010cas dostave: 8\u201314 delovnih dni<\/span><\/p>\n<p>Vsi izdelki v na\u0161i trgovini so 100% originalni in avtenti\u010dni, zato je na\u0161a politika desetkratno nadomestilo za ponarejeno blago. Za dostavo blaga vam uporabljamo logisti\u010dne kanale, kot so UPS\/DHL\/FEDEX\/DPD.<\/p>\n<p>Za pakete, poslane v Slovenijo, obi\u010dajno traja 10 delovnih dni. Po\u0161iljanje v evropske dr\u017eave obi\u010dajno traja 12 do 15 delovnih dni. Logisti\u010dne informacije vam bomo sproti posodabljali.<\/p>","protected":false},"excerpt":{"rendered":"<p>JNR Vape Mega Box 25000 Vdihov ponuja izjemno izku\u0161njo vapinga z veliko prostornino 30 ml e-teko\u010dine, dolgotrajno baterijo 850 mAh in impresivnimi 25.000 vdihi. Ta visokokakovosten vape pod za enkratno uporabo, idealen za uporabnike, ki i\u0161\u010dejo dosledno in prijetno izku\u0161njo vapinga, zagotavlja gladke vdihe in mo\u010dan okus. Z napredno tehnologijo mre\u017easte tuljave in ve\u010d mo\u017enostmi jakosti nikotina je popoln za tiste, ki zahtevajo udobje, ne da bi pri tem ogrozili zmogljivost.<\/p>\n<p><img decoding=\"async\" class=\"alignnone wp-image-2151\" src=\"http:\/\/vapebulkp.com\/wp-content\/uploads\/2024\/04\/Mandy-WhatsApp-Randm.jpg\" alt=\"Mandy WhatsApp Randm\" width=\"234\" height=\"249\" srcset=\"https:\/\/vapebulkp.com\/wp-content\/uploads\/2024\/04\/Mandy-WhatsApp-Randm.jpg 916w, https:\/\/vapebulkp.com\/wp-content\/uploads\/2024\/04\/Mandy-WhatsApp-Randm-282x300.jpg 282w, https:\/\/vapebulkp.com\/wp-content\/uploads\/2024\/04\/Mandy-WhatsApp-Randm-768x817.jpg 768w, https:\/\/vapebulkp.com\/wp-content\/uploads\/2024\/04\/Mandy-WhatsApp-Randm-600x638.jpg 600w\" sizes=\"(max-width: 234px) 100vw, 234px\" \/><\/p>\n<p>Za popust se obrnite na Mandyin WhatsApp<a href=\"https:\/\/wa.me\/8618077105796\">+8618077105796<\/a><\/p>\n<p><span style=\"color: #ff0000\">OPOMBA: Cene na na\u0161i spletni strani ne vklju\u010dujejo stro\u0161kov po\u0161iljanja.<\/span><\/p>\n<p>&nbsp;<\/p>","protected":false},"featured_media":3147,"comment_status":"open","ping_status":"closed","template":"","meta":{"_uag_custom_page_level_css":"","_lmt_disableupdate":"no","_lmt_disable":"","site-sidebar-layout":"default","site-content-layout":"content-boxed-container","ast-site-content-layout":"normal-width-container","site-content-style":"boxed","site-sidebar-style":"unboxed","ast-global-header-display":"","ast-banner-title-visibility":"","ast-main-header-display":"","ast-hfb-above-header-display":"","ast-hfb-below-header-display":"","ast-hfb-mobile-header-display":"","site-post-title":"","ast-breadcrumbs-content":"","ast-featured-img":"","footer-sml-layout":"","theme-transparent-header-meta":"default","adv-header-id-meta":"","stick-header-meta":"","header-above-stick-meta":"","header-main-stick-meta":"","header-below-stick-meta":"","astra-migrate-meta-layouts":"set","_joinchat":[]},"product_cat":[161,153,155,33,59,100,353,34,158,157,154,152,58,84,156,63,32],"product_tag":[36,37,184,41,40],"class_list":["post-3148","product","type-product","status-publish","has-post-thumbnail","hentry","product_cat-25000-puffs-disposable-vape","product_cat-hot-disposable-vapes","product_cat-belgium-hot-disposable-vapes","product_cat-france-vape-hot-sale","product_cat-germany-hot-disposable-vape","product_cat-germany-wholesale-vape-shop","product_cat-jnr-vape","product_cat-netherlands-vape-good-sale","product_cat-norway-hot-disposable-vapes","product_cat-poland-hot-disposable-vapes","product_cat-portugal-hot-disposable-vapes","product_cat-spain-hot-disposable-vapes","product_cat-sweden-hot-disposable-vape","product_cat-sweden-wholesale-vape","product_cat-switzerland-hot-disposable-vapes","product_cat-top-sale-disposable-vape","product_cat-vape-hot-sale-this-week","product_tag-good-vape","product_tag-hot-sale-disposable-vape","product_tag-jnr-mega-box-25000-puffs","product_tag-poland-hot-vape","product_tag-sweden-hot-vape","pa_brand-jnr-vape","desktop-align-left","tablet-align-left","mobile-align-left"],"yoast_head":"<!-- This site is optimized with the Yoast SEO plugin v21.1 - https:\/\/yoast.com\/wordpress\/plugins\/seo\/ -->\n<title>JNR Vape Mega Box 25000 Puff Discount Price Vape Pods - vapebulkp.com % %<\/title>\n<meta name=\"description\" content=\"Buy the JNR Vape Mega Box 25000 Puff, a high-capacity disposable vape with 30ml e-liquid and rechargeable battery. Fast EU shipping \u2014 order your 25000 Puff Vape Pod today!\" \/>\n<meta name=\"robots\" content=\"index, follow, max-snippet:-1, max-image-preview:large, max-video-preview:-1\" \/>\n<link rel=\"canonical\" href=\"https:\/\/vapebulkp.com\/sl\/product\/jnr-vape-mega-box-25000-puff-discount-price-vape-pods\/\" \/>\n<meta property=\"og:locale\" content=\"sl_SI\" \/>\n<meta property=\"og:type\" content=\"article\" \/>\n<meta property=\"og:title\" content=\"JNR Vape Mega Box 25000 Puff Discount Price Vape Pods - vapebulkp.com % %\" \/>\n<meta property=\"og:description\" content=\"Buy the JNR Vape Mega Box 25000 Puff, a high-capacity disposable vape with 30ml e-liquid and rechargeable battery. Fast EU shipping \u2014 order your 25000 Puff Vape Pod today!\" \/>\n<meta property=\"og:url\" content=\"https:\/\/vapebulkp.com\/sl\/product\/jnr-vape-mega-box-25000-puff-discount-price-vape-pods\/\" \/>\n<meta property=\"og:site_name\" content=\"vapebulkp.com\" \/>\n<meta property=\"article:modified_time\" content=\"2025-09-24T03:50:41+00:00\" \/>\n<meta property=\"og:image\" content=\"http:\/\/vapebulkp.com\/wp-content\/uploads\/2024\/11\/JNR-Mega-Box-25000-puffs-Hot-Sale-Vape.jpg\" \/>\n\t<meta property=\"og:image:width\" content=\"800\" \/>\n\t<meta property=\"og:image:height\" content=\"800\" \/>\n\t<meta property=\"og:image:type\" content=\"image\/jpeg\" \/>\n<meta name=\"twitter:card\" content=\"summary_large_image\" \/>\n<meta name=\"twitter:label1\" content=\"Est. reading time\" \/>\n\t<meta name=\"twitter:data1\" content=\"4 minute\" \/>\n<script type=\"application\/ld+json\" class=\"yoast-schema-graph\">{\"@context\":\"https:\/\/schema.org\",\"@graph\":[{\"@type\":\"WebPage\",\"@id\":\"https:\/\/vapebulkp.com\/product\/jnr-vape-mega-box-25000-puff-discount-price-vape-pods\/\",\"url\":\"https:\/\/vapebulkp.com\/product\/jnr-vape-mega-box-25000-puff-discount-price-vape-pods\/\",\"name\":\"JNR Vape Mega Box 25000 Puff Discount Price Vape Pods - vapebulkp.com % %\",\"isPartOf\":{\"@id\":\"https:\/\/vapebulkp.com\/#website\"},\"datePublished\":\"2024-11-25T08:29:17+00:00\",\"dateModified\":\"2025-09-24T03:50:41+00:00\",\"description\":\"Buy the JNR Vape Mega Box 25000 Puff, a high-capacity disposable vape with 30ml e-liquid and rechargeable battery. Fast EU shipping \u2014 order your 25000 Puff Vape Pod today!\",\"breadcrumb\":{\"@id\":\"https:\/\/vapebulkp.com\/product\/jnr-vape-mega-box-25000-puff-discount-price-vape-pods\/#breadcrumb\"},\"inLanguage\":\"sl-SI\",\"potentialAction\":[{\"@type\":\"ReadAction\",\"target\":[\"https:\/\/vapebulkp.com\/product\/jnr-vape-mega-box-25000-puff-discount-price-vape-pods\/\"]}]},{\"@type\":\"BreadcrumbList\",\"@id\":\"https:\/\/vapebulkp.com\/product\/jnr-vape-mega-box-25000-puff-discount-price-vape-pods\/#breadcrumb\",\"itemListElement\":[{\"@type\":\"ListItem\",\"position\":1,\"name\":\"Home\",\"item\":\"https:\/\/vapebulkp.com\/\"},{\"@type\":\"ListItem\",\"position\":2,\"name\":\"Hot Trend Vapes\",\"item\":\"https:\/\/vapebulkp.com\/vape-shop\/\"},{\"@type\":\"ListItem\",\"position\":3,\"name\":\"JNR Vape Mega Box 25000 Puff Discount Price Vape Pods\"}]},{\"@type\":\"WebSite\",\"@id\":\"https:\/\/vapebulkp.com\/#website\",\"url\":\"https:\/\/vapebulkp.com\/\",\"name\":\"vapebulkp.com\",\"description\":\"Buy Vape In Cheap Bulk Price Near you\",\"publisher\":{\"@id\":\"https:\/\/vapebulkp.com\/#organization\"},\"potentialAction\":[{\"@type\":\"SearchAction\",\"target\":{\"@type\":\"EntryPoint\",\"urlTemplate\":\"https:\/\/vapebulkp.com\/?s={search_term_string}\"},\"query-input\":\"required name=search_term_string\"}],\"inLanguage\":\"sl-SI\"},{\"@type\":\"Organization\",\"@id\":\"https:\/\/vapebulkp.com\/#organization\",\"name\":\"vapebulkp.com\",\"url\":\"https:\/\/vapebulkp.com\/\",\"logo\":{\"@type\":\"ImageObject\",\"inLanguage\":\"sl-SI\",\"@id\":\"https:\/\/vapebulkp.com\/#\/schema\/logo\/image\/\",\"url\":\"https:\/\/vapebulkp.com\/wp-content\/uploads\/2023\/09\/cropped-vapebulkp.png\",\"contentUrl\":\"https:\/\/vapebulkp.com\/wp-content\/uploads\/2023\/09\/cropped-vapebulkp.png\",\"width\":516,\"height\":163,\"caption\":\"vapebulkp.com\"},\"image\":{\"@id\":\"https:\/\/vapebulkp.com\/#\/schema\/logo\/image\/\"}}]}<\/script>\n<!-- \/ Yoast SEO plugin. -->","yoast_head_json":{"title":"JNR Vape Mega Box 25000 Puff Discount Price Vape Pods - vapebulkp.com % %","description":"Buy the JNR Vape Mega Box 25000 Puff, a high-capacity disposable vape with 30ml e-liquid and rechargeable battery. Fast EU shipping \u2014 order your 25000 Puff Vape Pod today!","robots":{"index":"index","follow":"follow","max-snippet":"max-snippet:-1","max-image-preview":"max-image-preview:large","max-video-preview":"max-video-preview:-1"},"canonical":"https:\/\/vapebulkp.com\/sl\/product\/jnr-vape-mega-box-25000-puff-discount-price-vape-pods\/","og_locale":"sl_SI","og_type":"article","og_title":"JNR Vape Mega Box 25000 Puff Discount Price Vape Pods - vapebulkp.com % %","og_description":"Buy the JNR Vape Mega Box 25000 Puff, a high-capacity disposable vape with 30ml e-liquid and rechargeable battery. Fast EU shipping \u2014 order your 25000 Puff Vape Pod today!","og_url":"https:\/\/vapebulkp.com\/sl\/product\/jnr-vape-mega-box-25000-puff-discount-price-vape-pods\/","og_site_name":"vapebulkp.com","article_modified_time":"2025-09-24T03:50:41+00:00","og_image":[{"width":800,"height":800,"url":"http:\/\/vapebulkp.com\/wp-content\/uploads\/2024\/11\/JNR-Mega-Box-25000-puffs-Hot-Sale-Vape.jpg","type":"image\/jpeg"}],"twitter_card":"summary_large_image","twitter_misc":{"Est. reading time":"4 minute"},"schema":{"@context":"https:\/\/schema.org","@graph":[{"@type":"WebPage","@id":"https:\/\/vapebulkp.com\/product\/jnr-vape-mega-box-25000-puff-discount-price-vape-pods\/","url":"https:\/\/vapebulkp.com\/product\/jnr-vape-mega-box-25000-puff-discount-price-vape-pods\/","name":"JNR Vape Mega Box 25000 Puff Discount Price Vape Pods - vapebulkp.com % %","isPartOf":{"@id":"https:\/\/vapebulkp.com\/#website"},"datePublished":"2024-11-25T08:29:17+00:00","dateModified":"2025-09-24T03:50:41+00:00","description":"Buy the JNR Vape Mega Box 25000 Puff, a high-capacity disposable vape with 30ml e-liquid and rechargeable battery. Fast EU shipping \u2014 order your 25000 Puff Vape Pod today!","breadcrumb":{"@id":"https:\/\/vapebulkp.com\/product\/jnr-vape-mega-box-25000-puff-discount-price-vape-pods\/#breadcrumb"},"inLanguage":"sl-SI","potentialAction":[{"@type":"ReadAction","target":["https:\/\/vapebulkp.com\/product\/jnr-vape-mega-box-25000-puff-discount-price-vape-pods\/"]}]},{"@type":"BreadcrumbList","@id":"https:\/\/vapebulkp.com\/product\/jnr-vape-mega-box-25000-puff-discount-price-vape-pods\/#breadcrumb","itemListElement":[{"@type":"ListItem","position":1,"name":"Home","item":"https:\/\/vapebulkp.com\/"},{"@type":"ListItem","position":2,"name":"Hot Trend Vapes","item":"https:\/\/vapebulkp.com\/vape-shop\/"},{"@type":"ListItem","position":3,"name":"JNR Vape Mega Box 25000 Puff Discount Price Vape Pods"}]},{"@type":"WebSite","@id":"https:\/\/vapebulkp.com\/#website","url":"https:\/\/vapebulkp.com\/","name":"vapebulkp.com","description":"Buy Vape In Cheap Bulk Price Near you","publisher":{"@id":"https:\/\/vapebulkp.com\/#organization"},"potentialAction":[{"@type":"SearchAction","target":{"@type":"EntryPoint","urlTemplate":"https:\/\/vapebulkp.com\/?s={search_term_string}"},"query-input":"required name=search_term_string"}],"inLanguage":"sl-SI"},{"@type":"Organization","@id":"https:\/\/vapebulkp.com\/#organization","name":"vapebulkp.com","url":"https:\/\/vapebulkp.com\/","logo":{"@type":"ImageObject","inLanguage":"sl-SI","@id":"https:\/\/vapebulkp.com\/#\/schema\/logo\/image\/","url":"https:\/\/vapebulkp.com\/wp-content\/uploads\/2023\/09\/cropped-vapebulkp.png","contentUrl":"https:\/\/vapebulkp.com\/wp-content\/uploads\/2023\/09\/cropped-vapebulkp.png","width":516,"height":163,"caption":"vapebulkp.com"},"image":{"@id":"https:\/\/vapebulkp.com\/#\/schema\/logo\/image\/"}}]}},"uagb_featured_image_src":{"full":["https:\/\/vapebulkp.com\/wp-content\/uploads\/2024\/11\/JNR-Mega-Box-25000-puffs-Hot-Sale-Vape.jpg",800,800,false],"thumbnail":["https:\/\/vapebulkp.com\/wp-content\/uploads\/2024\/11\/JNR-Mega-Box-25000-puffs-Hot-Sale-Vape-150x150.jpg",150,150,true],"medium":["https:\/\/vapebulkp.com\/wp-content\/uploads\/2024\/11\/JNR-Mega-Box-25000-puffs-Hot-Sale-Vape-300x300.jpg",300,300,true],"medium_large":["https:\/\/vapebulkp.com\/wp-content\/uploads\/2024\/11\/JNR-Mega-Box-25000-puffs-Hot-Sale-Vape-768x768.jpg",768,768,true],"large":["https:\/\/vapebulkp.com\/wp-content\/uploads\/2024\/11\/JNR-Mega-Box-25000-puffs-Hot-Sale-Vape.jpg",800,800,false],"1536x1536":["https:\/\/vapebulkp.com\/wp-content\/uploads\/2024\/11\/JNR-Mega-Box-25000-puffs-Hot-Sale-Vape.jpg",800,800,false],"2048x2048":["https:\/\/vapebulkp.com\/wp-content\/uploads\/2024\/11\/JNR-Mega-Box-25000-puffs-Hot-Sale-Vape.jpg",800,800,false],"trp-custom-language-flag":["https:\/\/vapebulkp.com\/wp-content\/uploads\/2024\/11\/JNR-Mega-Box-25000-puffs-Hot-Sale-Vape.jpg",12,12,false],"woocommerce_thumbnail":["https:\/\/vapebulkp.com\/wp-content\/uploads\/2024\/11\/JNR-Mega-Box-25000-puffs-Hot-Sale-Vape-300x300.jpg",300,300,true],"woocommerce_single":["https:\/\/vapebulkp.com\/wp-content\/uploads\/2024\/11\/JNR-Mega-Box-25000-puffs-Hot-Sale-Vape-600x600.jpg",600,600,true],"woocommerce_gallery_thumbnail":["https:\/\/vapebulkp.com\/wp-content\/uploads\/2024\/11\/JNR-Mega-Box-25000-puffs-Hot-Sale-Vape-100x100.jpg",100,100,true],"wcpr-photo-reviews":["https:\/\/vapebulkp.com\/wp-content\/uploads\/2024\/11\/JNR-Mega-Box-25000-puffs-Hot-Sale-Vape.jpg",500,500,false]},"uagb_author_info":{"display_name":"Mandy vape bulk price","author_link":"https:\/\/vapebulkp.com\/sl\/author\/"},"uagb_comment_info":0,"uagb_excerpt":"The JNR Vape Mega Box 25000 Puff offers an exceptional vaping experience with its large 30mL e-liquid capacity, long-lasting 850mAh battery, and impressive 25,000 puffs. Ideal for users who seek consistent and enjoyable vaping, this high-quality disposable vape pod ensures smooth hits and robust flavor. With advanced mesh coil technology and multiple nicotine strength options,&hellip;","_links":{"self":[{"href":"https:\/\/vapebulkp.com\/sl\/wp-json\/wp\/v2\/product\/3148","targetHints":{"allow":["GET"]}}],"collection":[{"href":"https:\/\/vapebulkp.com\/sl\/wp-json\/wp\/v2\/product"}],"about":[{"href":"https:\/\/vapebulkp.com\/sl\/wp-json\/wp\/v2\/types\/product"}],"replies":[{"embeddable":true,"href":"https:\/\/vapebulkp.com\/sl\/wp-json\/wp\/v2\/comments?post=3148"}],"wp:featuredmedia":[{"embeddable":true,"href":"https:\/\/vapebulkp.com\/sl\/wp-json\/wp\/v2\/media\/3147"}],"wp:attachment":[{"href":"https:\/\/vapebulkp.com\/sl\/wp-json\/wp\/v2\/media?parent=3148"}],"wp:term":[{"taxonomy":"product_cat","embeddable":true,"href":"https:\/\/vapebulkp.com\/sl\/wp-json\/wp\/v2\/product_cat?post=3148"},{"taxonomy":"product_tag","embeddable":true,"href":"https:\/\/vapebulkp.com\/sl\/wp-json\/wp\/v2\/product_tag?post=3148"}],"curies":[{"name":"wp","href":"https:\/\/api.w.org\/{rel}","templated":true}]}}