{"id":3168,"date":"2024-11-26T08:13:47","date_gmt":"2024-11-26T07:13:47","guid":{"rendered":"https:\/\/vapebulkp.com\/?post_type=product&#038;p=3168"},"modified":"2025-08-29T05:07:15","modified_gmt":"2025-08-29T03:07:15","slug":"hzko-supernova-30000-puff-eu-warehouse-vape-disposable-vape","status":"publish","type":"product","link":"https:\/\/vapebulkp.com\/sl\/product\/hzko-supernova-30000-puff-eu-warehouse-vape-disposable-vape\/","title":{"rendered":"HZKO Supernova 30000 Vpihov EU Skladi\u0161\u010de Vape Zaslon za enkratno uporabo"},"content":{"rendered":"<h1>HZKO Supernova 30000 Vpihov EU Skladi\u0161\u010de Vape Zaslon za enkratno uporabo<\/h1>\n<p>The <b>HZKO Supernova 30000 Vpihov<\/b> je narejen za sodobnega evropskega uporabnika vape. Ta naprava postavlja nov standard za priro\u010dnost in zmogljivost s svojo drzno zasnovo in naprednimi funkcijami. Integriran digitalni zaslon vam omogo\u010da takoj\u0161nje posodobitve v realnem \u010dasu o va\u0161em <a href=\"https:\/\/vapebulkp.com\/sl\/product-category\/30000-puff-disposable-vape\/\"><b>30000 vdihov, vape za enkratno uporabo<\/b><\/a>, vklju\u010dno z \u017eivljenjsko dobo baterije in nivoji e-teko\u010dine. Vedno imate popoln nadzor.<\/p>\n<p>Ta <b>polnilni vape<\/b> poganja zanesljiva baterija 850 mAh s hitrim polnjenjem Type-C. Njegove dvojne mre\u017easte tuljave in 23 ml e-teko\u010dine zagotavljajo bogat, dosleden okus od prvega do zadnjega vpiha. Prilagodite svoj vpih z nastavljivim pretokom zraka in izbirajte med 12 razli\u010dnimi okusi z mo\u017enostmi 2% ali 5% nikotinske soli.<\/p>\n<p>Na voljo neposredno iz na\u0161ega skladi\u0161\u010da v EU, ta <a href=\"https:\/\/vapebulkp.com\/sl\/product\/hzko-supernova-30000-puff-eu-warehouse-vape-disposable-vape\/\"><b>HZKO Supernova 30000 Vpihov<\/b><\/a> zagotavlja hitro dostavo po celotnem <a href=\"https:\/\/vapebulkp.com\/sl\/puffs-stock-europe-warehouse\/\">Evropskem trgu vape<\/a>. To je vrhunski <b>komplet za vape<\/b> za tiste, ki zahtevajo tehnologijo, stil in <b>veliko \u0161tevilo vpihov<\/b> v eni elegantni, u\u010dinkoviti e-cigareti.<\/p>\n<p><img decoding=\"async\" class=\"alignnone wp-image-3165\" src=\"http:\/\/vapebulkp.com\/wp-content\/uploads\/2024\/11\/HZKO-supernova-30000-puffs-Randm-Vapes.jpg\" alt=\"HZKO supernova 30000 vdihov Randm Vape\" width=\"507\" height=\"507\" srcset=\"https:\/\/vapebulkp.com\/wp-content\/uploads\/2024\/11\/HZKO-supernova-30000-puffs-Randm-Vapes.jpg 800w, https:\/\/vapebulkp.com\/wp-content\/uploads\/2024\/11\/HZKO-supernova-30000-puffs-Randm-Vapes-300x300.jpg 300w, https:\/\/vapebulkp.com\/wp-content\/uploads\/2024\/11\/HZKO-supernova-30000-puffs-Randm-Vapes-150x150.jpg 150w, https:\/\/vapebulkp.com\/wp-content\/uploads\/2024\/11\/HZKO-supernova-30000-puffs-Randm-Vapes-768x768.jpg 768w, https:\/\/vapebulkp.com\/wp-content\/uploads\/2024\/11\/HZKO-supernova-30000-puffs-Randm-Vapes-600x600.jpg 600w, https:\/\/vapebulkp.com\/wp-content\/uploads\/2024\/11\/HZKO-supernova-30000-puffs-Randm-Vapes-100x100.jpg 100w\" sizes=\"(max-width: 507px) 100vw, 507px\" \/><\/p>\n<h6 style=\"text-align: left\"><\/h6>\n<h6>Za popust se obrnite na Mandyin WhatsApp<a href=\"https:\/\/wa.me\/8618077105796\">+8618077105796<\/a><\/h6>\n<p><img decoding=\"async\" class=\"alignnone wp-image-2151\" src=\"http:\/\/vapebulkp.com\/wp-content\/uploads\/2024\/04\/Mandy-WhatsApp-Randm.jpg\" alt=\"Mandy WhatsApp Randm\" width=\"263\" height=\"280\" srcset=\"https:\/\/vapebulkp.com\/wp-content\/uploads\/2024\/04\/Mandy-WhatsApp-Randm.jpg 916w, https:\/\/vapebulkp.com\/wp-content\/uploads\/2024\/04\/Mandy-WhatsApp-Randm-282x300.jpg 282w, https:\/\/vapebulkp.com\/wp-content\/uploads\/2024\/04\/Mandy-WhatsApp-Randm-768x817.jpg 768w, https:\/\/vapebulkp.com\/wp-content\/uploads\/2024\/04\/Mandy-WhatsApp-Randm-600x638.jpg 600w\" sizes=\"(max-width: 263px) 100vw, 263px\" \/><\/p>\n<p>&nbsp;<\/p>\n<h2><strong>Pogosta vpra\u0161anja o HZKO Supernova 30K Vpihi Vape za Enkratno Uporabo<\/strong><\/h2>\n<p><strong>1. Koliko vpihov zagotavlja HZKO Supernova 30k vpihov?<\/strong><br \/>\nHZKO Supernova ponuja impresivno <strong>30.000 vpihov<\/strong>, zaradi \u010desar je vrhunska izbira za dolgotrajno vapiranje.<\/p>\n<p><strong>2. Ali je HZKO Supernova vape 30000 puffs polnljiv?<\/strong><br \/>\nDa, ima <strong>polnilna baterija 850mAh<\/strong> z <strong>polnilna vrata tipa C<\/strong> za hitro in priro\u010dno polnjenje.<\/p>\n<p><strong>3. Ali je 30000 puffs HZKO Vape na voljo za hitro dostavo v Evropi?<\/strong><br \/>\nSeveda! Z zalogo v <strong>skladi\u0161\u010du EU<\/strong>, evropske stranke u\u017eivajo <strong>hitra dostava<\/strong>.<\/p>\n<h4><\/h4>\n<h2><strong>Zakaj kupiti poceni HZKO Supernova 30K Puff Hot Vape pri <a href=\"https:\/\/vapebulkp.com\/sl\/\">Vapebulkp<\/a>?<\/strong><\/h2>\n<ol>\n<li><strong>Ekskluzivne cene<\/strong>: Vapebulkp ponuja konkuren\u010dne veleprodajne cene, ki zagotavljajo najbolj\u0161o vrednost za visokokakovostne izdelke, kot je HZKO Supernova 30000 Puff.<\/li>\n<li><strong>Razpolo\u017eljivost v skladi\u0161\u010du EU<\/strong>: U\u017eivajte v hitri in zanesljivi dostavi po vsej Evropi z lokalno zalogo, kar zmanj\u0161uje \u010dakalne dobe in zagotavlja brezhibno nakupovalno izku\u0161njo.<\/li>\n<li><strong>Zagotovljena pristnost<\/strong>: Vapebulkp je zaupanja vreden dobavitelj originalnih izdelkov za vaping, tako da lahko nakupujete z zaupanjem, saj veste, da dobivate pravo stvar.<\/li>\n<li><strong>Raznolika izbira okusov<\/strong>: Izbirajte med 12 edinstvenimi okusi, prilagojenimi preferencam evropskih uporabnikov vape, skupaj s prilagodljivimi mo\u017enostmi nikotinske soli (0%, 2%, 3%, 5%).<\/li>\n<li><strong>Podpora, osredoto\u010dena na stranke<\/strong>: <a href=\"https:\/\/vapebulkp.com\/sl\/\">Vapebulkp<\/a> se pona\u0161a z izjemno storitvijo za stranke, ki je pripravljena pomagati pri poizvedbah in mno\u017ei\u010dnih naro\u010dilih za posameznike ali trgovce na drobno.<\/li>\n<li><strong>Okolju prijazne funkcije<\/strong>: HZKO Supernova 30000 vdihov, ki ga je mogo\u010de ponovno napolniti prek priklju\u010dka Type-C in ga napaja baterija s kapaciteto 850 mAh, spodbuja trajnostno vejpanje, kar je v skladu z zavezo podjetja Vapebulkp modernim in okoljsko ozave\u0161\u010denim izdelkom.<\/li>\n<\/ol>\n<h3><strong>Lastnosti izdelka za enkratno uporabo evropske e-cigarete Supernova 30000 vdihov<\/strong><\/h3>\n<ul>\n<li><strong>Popoln digitalni zaslon<\/strong>: Spremlja \u0161tevilo vdihov, \u017eivljenjsko dobo baterije in druge bistvene podrobnosti.<\/li>\n<li><strong>Nastavljiv pretok zraka<\/strong>: Prilagodite svoj vdih za prilagojeno izku\u0161njo vejpanja.<\/li>\n<li><strong>Mo\u017enosti nikotinske soli<\/strong>: Na voljo v 0 %, 2 %, 3 % in 5 % za prilagodljive preference glede nikotina.<\/li>\n<li><strong>Velika prostornina e-teko\u010dine<\/strong>: Predhodno napolnjen s 23 ml e-teko\u010dine za dolgotrajno uporabo.<\/li>\n<li><strong>Tehnologija dvojne mre\u017easte tuljave<\/strong>: Zagotavlja dosleden okus in gladko proizvodnjo pare.<\/li>\n<li><strong>12 mo\u017enosti okusa<\/strong>: \u0160irok izbor okusov, ki ustreza vsakemu razpolo\u017eenju.<\/li>\n<li><strong>Baterija za ponovno polnjenje<\/strong>: Opremljena z integrirano baterijo 850 mAh za podalj\u0161ano delovanje.<\/li>\n<li><strong>Vrata za polnjenje tipa C<\/strong>: Hitro in priro\u010dno polnjenje za minimalne izpade.<\/li>\n<li><strong>Izjemno \u0161tevilo vdihov<\/strong>: Ponuja do 30.000 vdihov za neprimerljivo dolgo \u017eivljenjsko dobo.<\/li>\n<\/ul>\n<h3 class=\"sr-proMainInfo-baseInfoH1 J-baseInfo-name\">Seznam okusov hookah vape HZKO supernova 30000 vdihov:<\/h3>\n<p>1. Modri Raze Led<br \/>\n2. Miamijska Meta<br \/>\nLubenica Led<br \/>\n4. Limeta Jagoda Pomaran\u010da<br \/>\n5. Jagodna B-Pop<br \/>\n6. Kisla Jabol\u010dna Led<br \/>\n7. Robidna B-pop<br \/>\n8. Osve\u017eilec Grenivke<br \/>\n9. Malina Breskev Limeta<br \/>\n10. Kisla mango ananas<br \/>\n11. Me\u0161ano jagodi\u010devje<br \/>\n12. Breskova modra ledena pija\u010da<\/p>\n<p><a href=\"https:\/\/vapebulkp.com\/sl\/product\/wga-crystal-plus-16000-puffs-led-light-disposable-vape\/\">WGA Crystal Plus 16000 vdihov<\/a><\/p>\n<p><span style=\"vertical-align: inherit\">Poi\u0161\u010dite ve\u010d izdelkov, ki bi vam bili morda v\u0161e\u010d:<\/span><em><a href=\"https:\/\/wa.me\/8618077105796\"><span style=\"vertical-align: inherit\">\u00a0Kupite zdaj<\/span><\/a><\/em><\/p>\n<p><span style=\"vertical-align: inherit\">Drugi 'puffs', ki bi vam bili morda v\u0161e\u010d:<\/span><a href=\"https:\/\/vapebulkp.com\/sl\/product\/good-sale-randm-tornado-10000-puffs-plus\/\"><span style=\"vertical-align: inherit\">RandM 10000 vpihov<\/span><\/a><span style=\"vertical-align: inherit\">\u2014Z zmogljivostjo 10.000 vpihov je ta naprava priljubljena med navdu\u0161enci nad vapingom.<\/span><\/p>\n<p><a href=\"https:\/\/vapebulkp.com\/sl\/product\/wholesale-randm-tornado-9000-puffs-germany\/\"><span style=\"vertical-align: inherit\">RandM Tornado 9000 vpihov<\/span><\/a><span style=\"vertical-align: inherit\">\u2014Kot najbolj priljubljena e-cigareta, ima Randm 9000 vpihov, v katerih lahko u\u017eivate<\/span><\/p>\n<p><a href=\"https:\/\/vapebulkp.com\/sl\/product\/bang-20000-puffs-hot-vape-top-sale-vape\/\"><span style=\"vertical-align: inherit\">Bang 20000 Vdihov<\/span><\/a><span style=\"vertical-align: inherit\">\u2014Bang King je priljubljena blagovna znamka z edinstvenimi modeli in 20000 vdihi<\/span><\/p>\n<p><a href=\"https:\/\/vapebulkp.com\/sl\/product\/bang-king-12000puffs\/\"><span style=\"vertical-align: inherit\">Bang King 12000 vpihov<\/span><\/a>\u2014-Bang King 12000 vpihov je priljubljena blagovna znamka z edinstvenimi modeli in 12.000 vpihi, \u0161e ena mo\u017enost za izbolj\u0161anje va\u0161ih potreb po vapingu<\/p>\n<p><span style=\"vertical-align: inherit\">E-cigareta posebne oblike steklenice:<\/span><a href=\"https:\/\/vapebulkp.com\/sl\/product\/fumot-tornado-25k-puffs-cheap-price-disposable-vape\/\"><span style=\"vertical-align: inherit\">Fumot Tornado 25000 Vdihov<\/span><\/a><span style=\"vertical-align: inherit\">\/ <\/span><a href=\"https:\/\/vapebulkp.com\/sl\/product\/vapme-crystal-7000-puffs-original-vape-good-flavor\/\"><span style=\"vertical-align: inherit\">Crystal 7000 vdihov<\/span><\/a><span style=\"vertical-align: inherit\">\/<\/span><a href=\"https:\/\/vapebulkp.com\/sl\/product\/vozol-gear-power-disposable-vape-20000-puffs-dual-mode-5-nicotine\/\"><span style=\"vertical-align: inherit\">VOZOL Gear power 20000 Vdihov<\/span><\/a><\/p>\n<p><a href=\"https:\/\/vapebulkp.com\/sl\/product\/waspe-vape-40000-puff-fihp-double-flavour-disposable-vape\/\">\u00a0WASPE FIHP 40000 Vdihov Original vape<\/a><\/p>\n<p><a href=\"https:\/\/vapebulkp.com\/sl\/product\/jnr-vape-mega-box-25000-puff-discount-price-vape-pods\/\">\u00a0JNR MEGA BOX 25K VDIHOV<\/a><\/p>\n<p><a href=\"https:\/\/vapebulkp.com\/sl\/product\/jnr-vape-mega-box-25000-puff-discount-price-vape-pods\/\">JNR VAPE MEGA BOX 25000 Vdihov <\/a><\/p>\n<h4>Podrobnosti dostave:<\/h4>\n<p><span style=\"color: #ff6600\">\u010cas proizvodnje: 5\u201310 delovnih dni<\/span><br \/>\n<span style=\"color: #ff6600\">\u010cas dostave: 8\u201314 delovnih dni<\/span><\/p>\n<p>Vsi izdelki v na\u0161i trgovini so 100% originalni in avtenti\u010dni, zato je na\u0161a politika desetkratno nadomestilo za ponarejeno blago. Za dostavo blaga vam uporabljamo logisti\u010dne kanale, kot so UPS\/DHL\/FEDEX\/DPD.<\/p>\n<p>Za pakete, poslane v Slovenijo, obi\u010dajno traja 10 delovnih dni. Po\u0161iljanje v evropske dr\u017eave obi\u010dajno traja 12 do 15 delovnih dni. Logisti\u010dne informacije vam bomo sproti posodabljali.<\/p>","protected":false},"excerpt":{"rendered":"<p>HZKO Supernova 30000 Vpihov ponuja Vape Pode z neprimerljivo dolgo \u017eivljenjsko dobo, bogatimi okusi, nastavljivim pretokom zraka in digitalnim zaslonom \u2013 zdru\u017euje inovativnost in priro\u010dnost za vrhunsko izku\u0161njo vapinga.<\/p>\n<p><img decoding=\"async\" class=\"alignnone wp-image-2151\" src=\"http:\/\/vapebulkp.com\/wp-content\/uploads\/2024\/04\/Mandy-WhatsApp-Randm.jpg\" alt=\"Mandy WhatsApp Randm\" width=\"238\" height=\"253\" srcset=\"https:\/\/vapebulkp.com\/wp-content\/uploads\/2024\/04\/Mandy-WhatsApp-Randm.jpg 916w, https:\/\/vapebulkp.com\/wp-content\/uploads\/2024\/04\/Mandy-WhatsApp-Randm-282x300.jpg 282w, https:\/\/vapebulkp.com\/wp-content\/uploads\/2024\/04\/Mandy-WhatsApp-Randm-768x817.jpg 768w, https:\/\/vapebulkp.com\/wp-content\/uploads\/2024\/04\/Mandy-WhatsApp-Randm-600x638.jpg 600w\" sizes=\"(max-width: 238px) 100vw, 238px\" \/><\/p>\n<p>Za popust se obrnite na Mandyin WhatsApp<a href=\"https:\/\/wa.me\/8618077105796\">+8618077105796<\/a><\/p>\n<p><span style=\"color: #ff0000\">OPOMBA: Cene na na\u0161i spletni strani ne vklju\u010dujejo stro\u0161kov po\u0161iljanja.<\/span><\/p>","protected":false},"featured_media":3164,"comment_status":"open","ping_status":"closed","template":"","meta":{"_uag_custom_page_level_css":"","_lmt_disableupdate":"no","_lmt_disable":"","site-sidebar-layout":"default","site-content-layout":"content-boxed-container","ast-site-content-layout":"normal-width-container","site-content-style":"boxed","site-sidebar-style":"unboxed","ast-global-header-display":"","ast-banner-title-visibility":"","ast-main-header-display":"","ast-hfb-above-header-display":"","ast-hfb-below-header-display":"","ast-hfb-mobile-header-display":"","site-post-title":"","ast-breadcrumbs-content":"","ast-featured-img":"","footer-sml-layout":"","theme-transparent-header-meta":"default","adv-header-id-meta":"","stick-header-meta":"","header-above-stick-meta":"","header-main-stick-meta":"","header-below-stick-meta":"","astra-migrate-meta-layouts":"set","_joinchat":[]},"product_cat":[160,153,155,33,59,100,87,34,158,157,154,152,58,84,156,63,32],"product_tag":[139,36,37,91,127,41,40],"class_list":["post-3168","product","type-product","status-publish","has-post-thumbnail","hentry","product_cat-30000-puff-disposable-vape","product_cat-hot-disposable-vapes","product_cat-belgium-hot-disposable-vapes","product_cat-france-vape-hot-sale","product_cat-germany-hot-disposable-vape","product_cat-germany-wholesale-vape-shop","product_cat-minimum-order-quantity-50pcs","product_cat-netherlands-vape-good-sale","product_cat-norway-hot-disposable-vapes","product_cat-poland-hot-disposable-vapes","product_cat-portugal-hot-disposable-vapes","product_cat-spain-hot-disposable-vapes","product_cat-sweden-hot-disposable-vape","product_cat-sweden-wholesale-vape","product_cat-switzerland-hot-disposable-vapes","product_cat-top-sale-disposable-vape","product_cat-vape-hot-sale-this-week","product_tag-30k-puffs","product_tag-good-vape","product_tag-hot-sale-disposable-vape","product_tag-italy-hot-vape","product_tag-original-vape-inr-shisha","product_tag-poland-hot-vape","product_tag-sweden-hot-vape","desktop-align-left","tablet-align-left","mobile-align-left"],"yoast_head":"<!-- This site is optimized with the Yoast SEO plugin v21.1 - https:\/\/yoast.com\/wordpress\/plugins\/seo\/ -->\n<title>HZKO Supernova 30000 Puff EU Warehouse Vape Display Screen Disposable Vape - vapebulkp.com<\/title>\n<meta name=\"description\" content=\"Get the HZKO Supernova 30000 Puff Disposable Vape. Features a digital screen, dual mesh coils, and 30,000 puffs. Order from our EU warehouse for fast shipping.\" \/>\n<meta name=\"robots\" content=\"index, follow, max-snippet:-1, max-image-preview:large, max-video-preview:-1\" \/>\n<link rel=\"canonical\" href=\"https:\/\/vapebulkp.com\/sl\/product\/hzko-supernova-30000-puff-eu-warehouse-vape-disposable-vape\/\" \/>\n<meta property=\"og:locale\" content=\"sl_SI\" \/>\n<meta property=\"og:type\" content=\"article\" \/>\n<meta property=\"og:title\" content=\"HZKO Supernova 30000 Puff EU Warehouse Vape Display Screen Disposable Vape - vapebulkp.com\" \/>\n<meta property=\"og:description\" content=\"Get the HZKO Supernova 30000 Puff Disposable Vape. Features a digital screen, dual mesh coils, and 30,000 puffs. Order from our EU warehouse for fast shipping.\" \/>\n<meta property=\"og:url\" content=\"https:\/\/vapebulkp.com\/sl\/product\/hzko-supernova-30000-puff-eu-warehouse-vape-disposable-vape\/\" \/>\n<meta property=\"og:site_name\" content=\"vapebulkp.com\" \/>\n<meta property=\"article:modified_time\" content=\"2025-08-29T03:07:15+00:00\" \/>\n<meta property=\"og:image\" content=\"http:\/\/vapebulkp.com\/wp-content\/uploads\/2024\/11\/HZKO-supernova-30000-puffs-Hot-Sale-Vape.jpg\" \/>\n\t<meta property=\"og:image:width\" content=\"800\" \/>\n\t<meta property=\"og:image:height\" content=\"800\" \/>\n\t<meta property=\"og:image:type\" content=\"image\/jpeg\" \/>\n<meta name=\"twitter:card\" content=\"summary_large_image\" \/>\n<meta name=\"twitter:label1\" content=\"Est. reading time\" \/>\n\t<meta name=\"twitter:data1\" content=\"4 minute\" \/>\n<script type=\"application\/ld+json\" class=\"yoast-schema-graph\">{\"@context\":\"https:\/\/schema.org\",\"@graph\":[{\"@type\":\"WebPage\",\"@id\":\"https:\/\/vapebulkp.com\/product\/hzko-supernova-30000-puff-eu-warehouse-vape-disposable-vape\/\",\"url\":\"https:\/\/vapebulkp.com\/product\/hzko-supernova-30000-puff-eu-warehouse-vape-disposable-vape\/\",\"name\":\"HZKO Supernova 30000 Puff EU Warehouse Vape Display Screen Disposable Vape - vapebulkp.com\",\"isPartOf\":{\"@id\":\"https:\/\/vapebulkp.com\/#website\"},\"datePublished\":\"2024-11-26T07:13:47+00:00\",\"dateModified\":\"2025-08-29T03:07:15+00:00\",\"description\":\"Get the HZKO Supernova 30000 Puff Disposable Vape. Features a digital screen, dual mesh coils, and 30,000 puffs. Order from our EU warehouse for fast shipping.\",\"breadcrumb\":{\"@id\":\"https:\/\/vapebulkp.com\/product\/hzko-supernova-30000-puff-eu-warehouse-vape-disposable-vape\/#breadcrumb\"},\"inLanguage\":\"sl-SI\",\"potentialAction\":[{\"@type\":\"ReadAction\",\"target\":[\"https:\/\/vapebulkp.com\/product\/hzko-supernova-30000-puff-eu-warehouse-vape-disposable-vape\/\"]}]},{\"@type\":\"BreadcrumbList\",\"@id\":\"https:\/\/vapebulkp.com\/product\/hzko-supernova-30000-puff-eu-warehouse-vape-disposable-vape\/#breadcrumb\",\"itemListElement\":[{\"@type\":\"ListItem\",\"position\":1,\"name\":\"Home\",\"item\":\"https:\/\/vapebulkp.com\/\"},{\"@type\":\"ListItem\",\"position\":2,\"name\":\"Hot Trend Vapes\",\"item\":\"https:\/\/vapebulkp.com\/vape-shop\/\"},{\"@type\":\"ListItem\",\"position\":3,\"name\":\"HZKO Supernova 30000 Puff EU Warehouse Vape Display Screen Disposable Vape\"}]},{\"@type\":\"WebSite\",\"@id\":\"https:\/\/vapebulkp.com\/#website\",\"url\":\"https:\/\/vapebulkp.com\/\",\"name\":\"vapebulkp.com\",\"description\":\"Buy Vape In Cheap Bulk Price Near you\",\"publisher\":{\"@id\":\"https:\/\/vapebulkp.com\/#organization\"},\"potentialAction\":[{\"@type\":\"SearchAction\",\"target\":{\"@type\":\"EntryPoint\",\"urlTemplate\":\"https:\/\/vapebulkp.com\/?s={search_term_string}\"},\"query-input\":\"required name=search_term_string\"}],\"inLanguage\":\"sl-SI\"},{\"@type\":\"Organization\",\"@id\":\"https:\/\/vapebulkp.com\/#organization\",\"name\":\"vapebulkp.com\",\"url\":\"https:\/\/vapebulkp.com\/\",\"logo\":{\"@type\":\"ImageObject\",\"inLanguage\":\"sl-SI\",\"@id\":\"https:\/\/vapebulkp.com\/#\/schema\/logo\/image\/\",\"url\":\"https:\/\/vapebulkp.com\/wp-content\/uploads\/2023\/09\/cropped-vapebulkp.png\",\"contentUrl\":\"https:\/\/vapebulkp.com\/wp-content\/uploads\/2023\/09\/cropped-vapebulkp.png\",\"width\":516,\"height\":163,\"caption\":\"vapebulkp.com\"},\"image\":{\"@id\":\"https:\/\/vapebulkp.com\/#\/schema\/logo\/image\/\"}}]}<\/script>\n<!-- \/ Yoast SEO plugin. -->","yoast_head_json":{"title":"HZKO Supernova 30000 Puff EU Warehouse Vape Display Screen Disposable Vape - vapebulkp.com","description":"Get the HZKO Supernova 30000 Puff Disposable Vape. Features a digital screen, dual mesh coils, and 30,000 puffs. Order from our EU warehouse for fast shipping.","robots":{"index":"index","follow":"follow","max-snippet":"max-snippet:-1","max-image-preview":"max-image-preview:large","max-video-preview":"max-video-preview:-1"},"canonical":"https:\/\/vapebulkp.com\/sl\/product\/hzko-supernova-30000-puff-eu-warehouse-vape-disposable-vape\/","og_locale":"sl_SI","og_type":"article","og_title":"HZKO Supernova 30000 Puff EU Warehouse Vape Display Screen Disposable Vape - vapebulkp.com","og_description":"Get the HZKO Supernova 30000 Puff Disposable Vape. Features a digital screen, dual mesh coils, and 30,000 puffs. Order from our EU warehouse for fast shipping.","og_url":"https:\/\/vapebulkp.com\/sl\/product\/hzko-supernova-30000-puff-eu-warehouse-vape-disposable-vape\/","og_site_name":"vapebulkp.com","article_modified_time":"2025-08-29T03:07:15+00:00","og_image":[{"width":800,"height":800,"url":"http:\/\/vapebulkp.com\/wp-content\/uploads\/2024\/11\/HZKO-supernova-30000-puffs-Hot-Sale-Vape.jpg","type":"image\/jpeg"}],"twitter_card":"summary_large_image","twitter_misc":{"Est. reading time":"4 minute"},"schema":{"@context":"https:\/\/schema.org","@graph":[{"@type":"WebPage","@id":"https:\/\/vapebulkp.com\/product\/hzko-supernova-30000-puff-eu-warehouse-vape-disposable-vape\/","url":"https:\/\/vapebulkp.com\/product\/hzko-supernova-30000-puff-eu-warehouse-vape-disposable-vape\/","name":"HZKO Supernova 30000 Puff EU Warehouse Vape Display Screen Disposable Vape - vapebulkp.com","isPartOf":{"@id":"https:\/\/vapebulkp.com\/#website"},"datePublished":"2024-11-26T07:13:47+00:00","dateModified":"2025-08-29T03:07:15+00:00","description":"Get the HZKO Supernova 30000 Puff Disposable Vape. Features a digital screen, dual mesh coils, and 30,000 puffs. Order from our EU warehouse for fast shipping.","breadcrumb":{"@id":"https:\/\/vapebulkp.com\/product\/hzko-supernova-30000-puff-eu-warehouse-vape-disposable-vape\/#breadcrumb"},"inLanguage":"sl-SI","potentialAction":[{"@type":"ReadAction","target":["https:\/\/vapebulkp.com\/product\/hzko-supernova-30000-puff-eu-warehouse-vape-disposable-vape\/"]}]},{"@type":"BreadcrumbList","@id":"https:\/\/vapebulkp.com\/product\/hzko-supernova-30000-puff-eu-warehouse-vape-disposable-vape\/#breadcrumb","itemListElement":[{"@type":"ListItem","position":1,"name":"Home","item":"https:\/\/vapebulkp.com\/"},{"@type":"ListItem","position":2,"name":"Hot Trend Vapes","item":"https:\/\/vapebulkp.com\/vape-shop\/"},{"@type":"ListItem","position":3,"name":"HZKO Supernova 30000 Puff EU Warehouse Vape Display Screen Disposable Vape"}]},{"@type":"WebSite","@id":"https:\/\/vapebulkp.com\/#website","url":"https:\/\/vapebulkp.com\/","name":"vapebulkp.com","description":"Buy Vape In Cheap Bulk Price Near you","publisher":{"@id":"https:\/\/vapebulkp.com\/#organization"},"potentialAction":[{"@type":"SearchAction","target":{"@type":"EntryPoint","urlTemplate":"https:\/\/vapebulkp.com\/?s={search_term_string}"},"query-input":"required name=search_term_string"}],"inLanguage":"sl-SI"},{"@type":"Organization","@id":"https:\/\/vapebulkp.com\/#organization","name":"vapebulkp.com","url":"https:\/\/vapebulkp.com\/","logo":{"@type":"ImageObject","inLanguage":"sl-SI","@id":"https:\/\/vapebulkp.com\/#\/schema\/logo\/image\/","url":"https:\/\/vapebulkp.com\/wp-content\/uploads\/2023\/09\/cropped-vapebulkp.png","contentUrl":"https:\/\/vapebulkp.com\/wp-content\/uploads\/2023\/09\/cropped-vapebulkp.png","width":516,"height":163,"caption":"vapebulkp.com"},"image":{"@id":"https:\/\/vapebulkp.com\/#\/schema\/logo\/image\/"}}]}},"uagb_featured_image_src":{"full":["https:\/\/vapebulkp.com\/wp-content\/uploads\/2024\/11\/HZKO-supernova-30000-puffs-Hot-Sale-Vape.jpg",800,800,false],"thumbnail":["https:\/\/vapebulkp.com\/wp-content\/uploads\/2024\/11\/HZKO-supernova-30000-puffs-Hot-Sale-Vape-150x150.jpg",150,150,true],"medium":["https:\/\/vapebulkp.com\/wp-content\/uploads\/2024\/11\/HZKO-supernova-30000-puffs-Hot-Sale-Vape-300x300.jpg",300,300,true],"medium_large":["https:\/\/vapebulkp.com\/wp-content\/uploads\/2024\/11\/HZKO-supernova-30000-puffs-Hot-Sale-Vape-768x768.jpg",768,768,true],"large":["https:\/\/vapebulkp.com\/wp-content\/uploads\/2024\/11\/HZKO-supernova-30000-puffs-Hot-Sale-Vape.jpg",800,800,false],"1536x1536":["https:\/\/vapebulkp.com\/wp-content\/uploads\/2024\/11\/HZKO-supernova-30000-puffs-Hot-Sale-Vape.jpg",800,800,false],"2048x2048":["https:\/\/vapebulkp.com\/wp-content\/uploads\/2024\/11\/HZKO-supernova-30000-puffs-Hot-Sale-Vape.jpg",800,800,false],"trp-custom-language-flag":["https:\/\/vapebulkp.com\/wp-content\/uploads\/2024\/11\/HZKO-supernova-30000-puffs-Hot-Sale-Vape.jpg",12,12,false],"woocommerce_thumbnail":["https:\/\/vapebulkp.com\/wp-content\/uploads\/2024\/11\/HZKO-supernova-30000-puffs-Hot-Sale-Vape-300x300.jpg",300,300,true],"woocommerce_single":["https:\/\/vapebulkp.com\/wp-content\/uploads\/2024\/11\/HZKO-supernova-30000-puffs-Hot-Sale-Vape-600x600.jpg",600,600,true],"woocommerce_gallery_thumbnail":["https:\/\/vapebulkp.com\/wp-content\/uploads\/2024\/11\/HZKO-supernova-30000-puffs-Hot-Sale-Vape-100x100.jpg",100,100,true],"wcpr-photo-reviews":["https:\/\/vapebulkp.com\/wp-content\/uploads\/2024\/11\/HZKO-supernova-30000-puffs-Hot-Sale-Vape.jpg",500,500,false]},"uagb_author_info":{"display_name":"Mandy vape bulk price","author_link":"https:\/\/vapebulkp.com\/sl\/author\/"},"uagb_comment_info":0,"uagb_excerpt":"The HZKO Supernova 30000 Puffs offers Vape Pods unparalleled longevity, rich flavors, adjustable airflow, and a digital display\u2014combining innovation and convenience for the ultimate vaping experience. Pls Contact Mandy's WhatsApp For Discount Price+8618077105796 NOTE: Prices on our website does not include shipping costs","_links":{"self":[{"href":"https:\/\/vapebulkp.com\/sl\/wp-json\/wp\/v2\/product\/3168","targetHints":{"allow":["GET"]}}],"collection":[{"href":"https:\/\/vapebulkp.com\/sl\/wp-json\/wp\/v2\/product"}],"about":[{"href":"https:\/\/vapebulkp.com\/sl\/wp-json\/wp\/v2\/types\/product"}],"replies":[{"embeddable":true,"href":"https:\/\/vapebulkp.com\/sl\/wp-json\/wp\/v2\/comments?post=3168"}],"wp:featuredmedia":[{"embeddable":true,"href":"https:\/\/vapebulkp.com\/sl\/wp-json\/wp\/v2\/media\/3164"}],"wp:attachment":[{"href":"https:\/\/vapebulkp.com\/sl\/wp-json\/wp\/v2\/media?parent=3168"}],"wp:term":[{"taxonomy":"product_cat","embeddable":true,"href":"https:\/\/vapebulkp.com\/sl\/wp-json\/wp\/v2\/product_cat?post=3168"},{"taxonomy":"product_tag","embeddable":true,"href":"https:\/\/vapebulkp.com\/sl\/wp-json\/wp\/v2\/product_tag?post=3168"}],"curies":[{"name":"wp","href":"https:\/\/api.w.org\/{rel}","templated":true}]}}