{"id":3207,"date":"2024-12-02T04:31:56","date_gmt":"2024-12-02T03:31:56","guid":{"rendered":"https:\/\/vapebulkp.com\/?post_type=product&#038;p=3207"},"modified":"2025-09-24T05:17:27","modified_gmt":"2025-09-24T03:17:27","slug":"wholesale-price-bang-kingdoms-rex-32000-puffs-vape-pod","status":"publish","type":"product","link":"https:\/\/vapebulkp.com\/sl\/izdelek\/wholesale-price-bang-kingdoms-rex-32000-puffs-vape-pod\/","title":{"rendered":"Veleprodajna cena Bang Kingdoms rex 32000 Puffs Vape Pod"},"content":{"rendered":"<h2 style=\"text-align: left\">Veleprodajna cena Bang Kingdoms rex 32000 Puffs Vape Pod<\/h2>\n<p>&nbsp;<\/p>\n<p data-start=\"244\" data-end=\"534\">The <strong data-start=\"248\" data-end=\"297\">Bang Kingdoms rex 32000 Puffs za enkratno uporabo Vape<\/strong> je zasnovan za dolgotrajno delovanje in vrhunsko zadovoljstvo pri vapingu. Z <strong data-start=\"379\" data-end=\"410\">dvojnimi 28ml komorami za e-teko\u010dino<\/strong> in mo\u017enostmi <strong data-start=\"426\" data-end=\"456\">2% ali 5% nikotinske jakosti<\/strong>, zagotavlja gladek in mo\u010dan udarec, prilagojen \u017eeljam mladih odraslih.<\/p>\n<p data-start=\"536\" data-end=\"815\">Opremljen z <strong data-start=\"552\" data-end=\"583\">650-mAh polnilno baterijo<\/strong> in <strong data-start=\"588\" data-end=\"612\">s hitrim polnjenjem Type-C<\/strong>, ta naprava zagotavlja nemotene seje vapinga. Sistem ogrevanja z <strong data-start=\"669\" data-end=\"702\">1.0\u03a9 mre\u017easto tuljavo<\/strong> zagotavlja dosledno paro in bogat okus, zaradi \u010desar je zanesljiva izbira za vsakodnevno uporabo ali dru\u017eabne prilo\u017enosti.<\/p>\n<p data-start=\"817\" data-end=\"1123\">Zasnovan z mislijo na veletrgovce in trgovce na drobno, <a href=\"https:\/\/vapebulkp.com\/sl\/izdelek\/wholesale-price-bang-kingdoms-rex-32000-puffs-vape-pod\/\">Bang Kingdoms rex 32000 Pufov<\/a> podpira <strong data-start=\"909\" data-end=\"938\">OEM in ODM prilagajanje<\/strong>, kar zagotavlja prilagodljive re\u0161itve za slovenski trg.<\/p>\n<p data-start=\"1125\" data-end=\"1329\">Poleg drugih priljubljenih modelov, kot je Bang Kingdoms rex 32000 Puffs in <a href=\"https:\/\/vapebulkp.com\/sl\/kategorija-izdelka\/32000-puffs-disposable-vape\/\"><strong>32000 vdihov e-cigareta za enkratno uporabo<\/strong><\/a>, Bang Kingdoms rex 32000 Puffs utrjuje svoj polo\u017eaj kot najbolje prodajani izdelek na trgih EU.<\/p>\n<p><img decoding=\"async\" class=\"wp-image-3206\" src=\"http:\/\/vapebulkp.com\/wp-content\/uploads\/2024\/12\/bang-kingdoms-rex-32000-Puffs-good-Vape-pod-Bulk-price.jpg\" alt=\"bang kingdoms rex 32000 Vpihov dobra cena za Vape Pod na debelo\" width=\"508\" height=\"508\" srcset=\"https:\/\/vapebulkp.com\/wp-content\/uploads\/2024\/12\/bang-kingdoms-rex-32000-Puffs-good-Vape-pod-Bulk-price.jpg 800w, https:\/\/vapebulkp.com\/wp-content\/uploads\/2024\/12\/bang-kingdoms-rex-32000-Puffs-good-Vape-pod-Bulk-price-300x300.jpg 300w, https:\/\/vapebulkp.com\/wp-content\/uploads\/2024\/12\/bang-kingdoms-rex-32000-Puffs-good-Vape-pod-Bulk-price-150x150.jpg 150w, https:\/\/vapebulkp.com\/wp-content\/uploads\/2024\/12\/bang-kingdoms-rex-32000-Puffs-good-Vape-pod-Bulk-price-768x768.jpg 768w, https:\/\/vapebulkp.com\/wp-content\/uploads\/2024\/12\/bang-kingdoms-rex-32000-Puffs-good-Vape-pod-Bulk-price-600x600.jpg 600w, https:\/\/vapebulkp.com\/wp-content\/uploads\/2024\/12\/bang-kingdoms-rex-32000-Puffs-good-Vape-pod-Bulk-price-100x100.jpg 100w\" sizes=\"(max-width: 508px) 100vw, 508px\" \/><\/p>\n<h6><\/h6>\n<p><img decoding=\"async\" class=\"alignnone wp-image-2151\" src=\"http:\/\/vapebulkp.com\/wp-content\/uploads\/2024\/04\/Mandy-WhatsApp-Randm.jpg\" alt=\"Mandy WhatsApp Randm\" width=\"324\" height=\"330\" \/><\/p>\n<h6>Za popust se obrnite na Mandyin WhatsApp<a href=\"https:\/\/wa.me\/8618077105796\">+8618077105796<\/a><\/h6>\n<p>&nbsp;<\/p>\n<h2>Zakaj izbrati poceni Bang Kingdoms Rex 32.000 vpihov, velike vpihe Vape z Vapebulkp.com?<\/h2>\n<h3><\/h3>\n<ul>\n<li><strong>Nepremagljivo \u0161tevilo vpihov<\/strong><br \/>\nZ <strong>32.000 vpihov<\/strong>, ta naprava zagotavlja dolgotrajno zadovoljstvo, zaradi \u010desar je stro\u0161kovno u\u010dinkovita in priro\u010dna izbira za redne uporabnike.<\/li>\n<li><strong>Dvojna prostornina e-teko\u010dine<\/strong><br \/>\nOpremljen z <strong>28 ml x 2 rezervoarja za e-teko\u010dino<\/strong>, ta naprava zagotavlja dosleden okus in podalj\u0161ano uporabo brez pogostega polnjenja.<\/li>\n<li><strong>Mo\u017enosti nikotina<\/strong><br \/>\nNa voljo v <strong>21 mg in 51 mg nikotinskih mo\u010deh<\/strong>, Bang Kingdoms Rex ustreza \u0161irokemu spektru preferenc in zagotavlja prilagojeno izku\u0161njo vapinga.<\/li>\n<li><strong>Zmogljiva baterija<\/strong><br \/>\nThe <strong>13300 baterijsko jedro<\/strong> v kombinaciji z <strong>650-mAh polnilno baterijo<\/strong> zagotavlja podalj\u0161ano uporabo, podprto z u\u010dinkovito in zanesljivo mo\u010djo.<\/li>\n<li><strong>Napredna tehnologija gretja<\/strong><br \/>\nZ vgrajeno <strong>1.0\u03a9 mre\u017easto tuljavo<\/strong>, ta vape zagotavlja enakomerno segrevanje za bolj gladko proizvodnjo pare in izbolj\u0161ano dostavo okusa.<\/li>\n<\/ul>\n<p>Ne glede na to, ali ste izku\u0161en vaper ali prvi\u010d preizku\u0161ate enkratne naprave, <strong>Bang Kingdoms Rex 32.000 vpihov<\/strong> je va\u0161a najbolj\u0161a re\u0161itev za vrhunsko izku\u0161njo vapinga. Nakupujte zdaj na Vapebulkp.com za najbolj\u0161e ponudbe!<\/p>\n<h3><\/h3>\n<h3>Pogosta vpra\u0161anja o veleprodaji Bang Vapes Kingdoms Rex 32.000 vdihov:<\/h3>\n<p><strong>V: Kak\u0161na je najmanj\u0161a koli\u010dina naro\u010dila (MOQ) za Bang Vape Kingdoms Rex 32.000 vdihov?<\/strong><br \/>\nO: Najmanj\u0161e naro\u010dilo je 50 kosov.<\/p>\n<p><strong>V: Kako dolgo traja dostava za Bang Kingdoms Rex 32k vdihov?<\/strong><br \/>\nO: Dostava obi\u010dajno traja 10-15 dni od datuma odpreme.<\/p>\n<p><strong>V: Kak\u0161ni so stro\u0161ki po\u0161iljanja za najbolje prodajane Bang Vape Kingdoms Rex 32.000 vdihov?<\/strong><br \/>\nO: Stro\u0161ki po\u0161iljanja se razlikujejo glede na skupno te\u017eo naro\u010dila. Ve\u010dje koli\u010dine imajo lahko druga\u010dne cene. Za natan\u010dno oceno stro\u0161kov po\u0161iljanja nas kontaktirajte.<\/p>\n<p><strong>V: Kateri okusi so na voljo za veleprodajo dolgotrajnih vape Bang Vape Kingdoms Rex 32k vdihov?<\/strong><br \/>\nO: Ta model ponuja vrsto vrhunskih okusov, vklju\u010dno s tropskim sadjem, osve\u017eujo\u010dim mentolom in okusi, navdihnjenimi s sladicami. Za popoln seznam razpolo\u017eljivih okusov nas kontaktirajte.<\/p>\n<p><strong>V: Je Bang Vape Kingdoms Rex 32.000 vdihov primeren za veleprodajne kupce?<\/strong><br \/>\nO: Da, odli\u010dna je izbira za veleprodajne nakupe. Ponujamo konkuren\u010dne cene za velike naro\u010dila. Za ve\u010d podrobnosti nas kontaktirajte.<\/p>\n<p>&nbsp;<\/p>\n<h3><strong>Bang Vape Kingdoms Rex 32.000 vdihov\u00a0 <\/strong>Lastnosti izdelka<\/h3>\n<ul>\n<li><strong>Neprekosljivo \u0161tevilo vdihov:<\/strong> 32.000 vdihov za podalj\u0161ano zadovoljstvo pri vapingu.<\/li>\n<li><strong>Dvojne komore za e-teko\u010dino:<\/strong> 28 ml x 2 prostornine za dosledno kakovost okusa in pare.<\/li>\n<li><strong>Baterija za ponovno polnjenje:<\/strong> 650 mAh baterija s priklju\u010dkom Type-C Huawei za hitro, zanesljivo polnjenje.<\/li>\n<li><strong>Napredna tehnologija mre\u017eastega jedra:<\/strong> 1,0 \u03a9 grelna \u017eica za gladko, bogato paro.<\/li>\n<li><strong>Re\u0161itve po meri:<\/strong> Podpora OEM\/ODM za podjetja, ki i\u0161\u010dejo edinstvene prilo\u017enosti za blagovno znamko.<\/li>\n<\/ul>\n<h3><strong>Bang Kingdoms rex 32000 vdihov Poceni vapi Okus:<\/strong><\/h3>\n<p>1. LUBENICA Z MENTOLOM, BOROVNI\u010cEV MENTOL<br \/>\n2. LUBENICA Z MENTOLOM, JAGODA IN MANGO<br \/>\n3. JAGODA IN LUBENICA, KIVI MARAKUJA GUAVA<br \/>\n4. JAGODA IN LUBENICA, GROZDJE Z MENTOLOM<br \/>\n5. BOROVNICA MALINA, BRESKEV MANGO LUBENICA<br \/>\n6. BOROVNICA LUBENICA, JAGODA MANGO<br \/>\n7. BOROVNI\u010cEV LED, \u010cRNI ZMAJEV LED<br \/>\n8. BOROVNI\u010cEV LED, JAGODA IN BANANA<br \/>\n9. RED BULL, BOROVNI\u010cEVA LUBENICA<br \/>\n10. RED BULL, LUBENI\u010cNA MEHUR\u010cNA BOMBONA<br \/>\n11. JAGODA KIVI, PE\u010cEN LED<br \/>\n12. JAGODA KIVI, KISEL JABOL\u010cNI MALIN<\/p>\n<p><a href=\"https:\/\/vapebulkp.com\/sl\/izdelek\/best-price-vape-randm-15000-puffs-good-vape\/\"><span style=\"vertical-align: inherit\">RandM Tornado 15000 Vpihov <\/span><\/a><\/p>\n<p><span style=\"vertical-align: inherit\">Poi\u0161\u010dite ve\u010d izdelkov, ki bi vam bili morda v\u0161e\u010d:<\/span><em><a href=\"https:\/\/wa.me\/8618077105796\"><span style=\"vertical-align: inherit\">\u00a0Kupite zdaj<\/span><\/a><\/em><\/p>\n<p><span style=\"vertical-align: inherit\">Drugi 'puffs', ki bi vam bili morda v\u0161e\u010d:<\/span><a href=\"https:\/\/vapebulkp.com\/sl\/izdelek\/wga-legend-30000-puffs-factory-price-disposable-vape-europe-warehouse\/\"><span style=\"vertical-align: inherit\">WGA 30K Vpihov <\/span><\/a><span style=\"vertical-align: inherit\">\u3001<\/span><a href=\"https:\/\/vapebulkp.com\/sl\/izdelek\/wholesale-randm-tornado-9000-puffs-germany\/\"><span style=\"vertical-align: inherit\">RandM 9000 Vpihov<\/span><\/a><span style=\"vertical-align: inherit\">\/ <\/span><a href=\"https:\/\/vapebulkp.com\/sl\/izdelek\/vozol-vista-20000-puff-rechargeable-vape-cheap-price-today\/\"><span style=\"vertical-align: inherit\">Vozol vista 20000 Vpihov<\/span><\/a><span style=\"vertical-align: inherit\">\/ <\/span><a href=\"https:\/\/vapebulkp.com\/sl\/izdelek\/wga-crystal-plus-16000-puffs-led-light-disposable-vape\/\"><span style=\"vertical-align: inherit\">WGA Crystal 16000 Vpihov<\/span><\/a><\/p>\n<p><span style=\"vertical-align: inherit\">E-cigareta posebne oblike steklenice:<\/span><a href=\"https:\/\/vapebulkp.com\/sl\/izdelek\/bang-beach-20k-puffs-led-display-vape-discount-price\/\"><span style=\"vertical-align: inherit\"> Bang Beach 20000 Vpihov<\/span><\/a><span style=\"vertical-align: inherit\">\/ <\/span><a href=\"https:\/\/vapebulkp.com\/sl\/izdelek\/jnr-vape-watch-18-30k-puffs-2-nic-wholesale-price-disposable-vape\/\"><span style=\"vertical-align: inherit\">\u00a0JNR Ura Vpihov <\/span><\/a><span style=\"vertical-align: inherit\">\/<\/span><a href=\"https:\/\/vapebulkp.com\/sl\/izdelek\/uzy-bang-digital-15000puffs-led-display-e-cigarettes\/\"><span style=\"vertical-align: inherit\">UZY Bang Digital Box 15000 Vpihov<\/span><\/a><\/p>\n<h5>Proizvodne kvalifikacije:<\/h5>\n<p><img decoding=\"async\" class=\"alignnone size-full wp-image-1841\" src=\"http:\/\/vapebulkp.com\/wp-content\/uploads\/2023\/11\/Vape-production-process-2.jpeg\" alt=\"Proces proizvodnje vape\" width=\"650\" height=\"434\" srcset=\"https:\/\/vapebulkp.com\/wp-content\/uploads\/2023\/11\/Vape-production-process-2.jpeg 650w, https:\/\/vapebulkp.com\/wp-content\/uploads\/2023\/11\/Vape-production-process-2-300x200.jpeg 300w, https:\/\/vapebulkp.com\/wp-content\/uploads\/2023\/11\/Vape-production-process-2-600x401.jpeg 600w\" sizes=\"(max-width: 650px) 100vw, 650px\" \/><\/p>\n<h4>Podrobnosti dostave:<\/h4>\n<p><span style=\"color: #ff6600\">\u010cas proizvodnje: 5\u201310 delovnih dni<\/span><br \/>\n<span style=\"color: #ff6600\">\u010cas dostave: 8\u201314 delovnih dni<\/span><\/p>\n<p>Vsi izdelki v na\u0161i trgovini so 100% originalni in avtenti\u010dni, zato je na\u0161a politika desetkratno nadomestilo za ponarejeno blago. Za dostavo blaga vam uporabljamo logisti\u010dne kanale, kot so UPS\/DHL\/FEDEX\/DPD.<\/p>\n<p>Za pakete, poslane v Slovenijo, obi\u010dajno traja 10 delovnih dni. Po\u0161iljanje v evropske dr\u017eave obi\u010dajno traja 12 do 15 delovnih dni. Logisti\u010dne informacije vam bomo sproti posodabljali.<\/p>","protected":false},"excerpt":{"rendered":"<p>Veleprodajna Bang Kingdoms Rex 32.000 Puffs polnilna Vape Pod, dvojni 28ml komori, bogati okusi, dolgotrajna zmogljivost. Kupite v razsutem stanju zdaj!<\/p>\n<p>Za popust se obrnite na Mandyin WhatsApp<a href=\"https:\/\/wa.me\/8618077105796\">+8618077105796<\/a><\/p>\n<p><img decoding=\"async\" class=\"alignnone wp-image-2151\" src=\"http:\/\/vapebulkp.com\/wp-content\/uploads\/2024\/04\/Mandy-WhatsApp-Randm.jpg\" alt=\"Mandy WhatsApp Randm\" width=\"297\" height=\"316\" srcset=\"https:\/\/vapebulkp.com\/wp-content\/uploads\/2024\/04\/Mandy-WhatsApp-Randm.jpg 916w, https:\/\/vapebulkp.com\/wp-content\/uploads\/2024\/04\/Mandy-WhatsApp-Randm-282x300.jpg 282w, https:\/\/vapebulkp.com\/wp-content\/uploads\/2024\/04\/Mandy-WhatsApp-Randm-768x817.jpg 768w, https:\/\/vapebulkp.com\/wp-content\/uploads\/2024\/04\/Mandy-WhatsApp-Randm-600x638.jpg 600w\" sizes=\"(max-width: 297px) 100vw, 297px\" \/><\/p>\n<p><span style=\"color: #ff0000\">OPOMBA: Cene na na\u0161i spletni strani ne vklju\u010dujejo stro\u0161kov po\u0161iljanja.<\/span><\/p>\n<p>&nbsp;<\/p>","protected":false},"featured_media":3206,"comment_status":"open","ping_status":"closed","template":"","meta":{"_uag_custom_page_level_css":"","_lmt_disableupdate":"no","_lmt_disable":"","site-sidebar-layout":"default","site-content-layout":"content-boxed-container","ast-site-content-layout":"normal-width-container","site-content-style":"boxed","site-sidebar-style":"unboxed","ast-global-header-display":"","ast-banner-title-visibility":"","ast-main-header-display":"","ast-hfb-above-header-display":"","ast-hfb-below-header-display":"","ast-hfb-mobile-header-display":"","site-post-title":"","ast-breadcrumbs-content":"","ast-featured-img":"","footer-sml-layout":"","theme-transparent-header-meta":"default","adv-header-id-meta":"","stick-header-meta":"","header-above-stick-meta":"","header-main-stick-meta":"","header-below-stick-meta":"","astra-migrate-meta-layouts":"set","_joinchat":[]},"product_cat":[188,153,345,155,33,59,100,34,158,157,154,152,58,84,156,63,32],"product_tag":[189,36,37,41,40],"class_list":["post-3207","product","type-product","status-publish","has-post-thumbnail","hentry","product_cat-32000-puffs-disposable-vape","product_cat-hot-disposable-vapes","product_cat-bang-vapes","product_cat-belgium-hot-disposable-vapes","product_cat-france-vape-hot-sale","product_cat-germany-hot-disposable-vape","product_cat-germany-wholesale-vape-shop","product_cat-netherlands-vape-good-sale","product_cat-norway-hot-disposable-vapes","product_cat-poland-hot-disposable-vapes","product_cat-portugal-hot-disposable-vapes","product_cat-spain-hot-disposable-vapes","product_cat-sweden-hot-disposable-vape","product_cat-sweden-wholesale-vape","product_cat-switzerland-hot-disposable-vapes","product_cat-top-sale-disposable-vape","product_cat-vape-hot-sale-this-week","product_tag-32000-puffs","product_tag-good-vape","product_tag-hot-sale-disposable-vape","product_tag-poland-hot-vape","product_tag-sweden-hot-vape","pa_brand-bang-king-vape","desktop-align-left","tablet-align-left","mobile-align-left"],"yoast_head":"<!-- This site is optimized with the Yoast SEO plugin v21.1 - https:\/\/yoast.com\/wordpress\/plugins\/seo\/ -->\n<title>Wholesale Price Bang Kingdoms rex 32000 Puffs Vape Pod - vapebulkp.com<\/title>\n<meta name=\"description\" content=\"Wholesale Bang Kingdoms rex 32000 Puffs Disposable Vape. 32,000 puffs, rechargeable, OEM\/ODM options. Ideal for EU distributors\u2014place your bulk order today!\" \/>\n<meta name=\"robots\" content=\"index, follow, max-snippet:-1, max-image-preview:large, max-video-preview:-1\" \/>\n<link rel=\"canonical\" href=\"https:\/\/vapebulkp.com\/sl\/izdelek\/wholesale-price-bang-kingdoms-rex-32000-puffs-vape-pod\/\" \/>\n<meta property=\"og:locale\" content=\"sl_SI\" \/>\n<meta property=\"og:type\" content=\"article\" \/>\n<meta property=\"og:title\" content=\"Wholesale Price Bang Kingdoms rex 32000 Puffs Vape Pod - vapebulkp.com\" \/>\n<meta property=\"og:description\" content=\"Wholesale Bang Kingdoms rex 32000 Puffs Disposable Vape. 32,000 puffs, rechargeable, OEM\/ODM options. Ideal for EU distributors\u2014place your bulk order today!\" \/>\n<meta property=\"og:url\" content=\"https:\/\/vapebulkp.com\/sl\/izdelek\/wholesale-price-bang-kingdoms-rex-32000-puffs-vape-pod\/\" \/>\n<meta property=\"og:site_name\" content=\"vapebulkp.com\" \/>\n<meta property=\"article:modified_time\" content=\"2025-09-24T03:17:27+00:00\" \/>\n<meta property=\"og:image\" content=\"http:\/\/vapebulkp.com\/wp-content\/uploads\/2024\/12\/bang-kingdoms-rex-32000-Puffs-good-Vape-pod-Bulk-price.jpg\" \/>\n\t<meta property=\"og:image:width\" content=\"800\" \/>\n\t<meta property=\"og:image:height\" content=\"800\" \/>\n\t<meta property=\"og:image:type\" content=\"image\/jpeg\" \/>\n<meta name=\"twitter:card\" content=\"summary_large_image\" \/>\n<meta name=\"twitter:label1\" content=\"Est. reading time\" \/>\n\t<meta name=\"twitter:data1\" content=\"4 minute\" \/>\n<script type=\"application\/ld+json\" class=\"yoast-schema-graph\">{\"@context\":\"https:\/\/schema.org\",\"@graph\":[{\"@type\":\"WebPage\",\"@id\":\"https:\/\/vapebulkp.com\/product\/wholesale-price-bang-kingdoms-rex-32000-puffs-vape-pod\/\",\"url\":\"https:\/\/vapebulkp.com\/product\/wholesale-price-bang-kingdoms-rex-32000-puffs-vape-pod\/\",\"name\":\"Wholesale Price Bang Kingdoms rex 32000 Puffs Vape Pod - vapebulkp.com\",\"isPartOf\":{\"@id\":\"https:\/\/vapebulkp.com\/#website\"},\"datePublished\":\"2024-12-02T03:31:56+00:00\",\"dateModified\":\"2025-09-24T03:17:27+00:00\",\"description\":\"Wholesale Bang Kingdoms rex 32000 Puffs Disposable Vape. 32,000 puffs, rechargeable, OEM\/ODM options. Ideal for EU distributors\u2014place your bulk order today!\",\"breadcrumb\":{\"@id\":\"https:\/\/vapebulkp.com\/product\/wholesale-price-bang-kingdoms-rex-32000-puffs-vape-pod\/#breadcrumb\"},\"inLanguage\":\"sl-SI\",\"potentialAction\":[{\"@type\":\"ReadAction\",\"target\":[\"https:\/\/vapebulkp.com\/product\/wholesale-price-bang-kingdoms-rex-32000-puffs-vape-pod\/\"]}]},{\"@type\":\"BreadcrumbList\",\"@id\":\"https:\/\/vapebulkp.com\/product\/wholesale-price-bang-kingdoms-rex-32000-puffs-vape-pod\/#breadcrumb\",\"itemListElement\":[{\"@type\":\"ListItem\",\"position\":1,\"name\":\"Home\",\"item\":\"https:\/\/vapebulkp.com\/\"},{\"@type\":\"ListItem\",\"position\":2,\"name\":\"Hot Trend Vapes\",\"item\":\"https:\/\/vapebulkp.com\/vape-shop\/\"},{\"@type\":\"ListItem\",\"position\":3,\"name\":\"Wholesale Price Bang Kingdoms rex 32000 Puffs Vape Pod\"}]},{\"@type\":\"WebSite\",\"@id\":\"https:\/\/vapebulkp.com\/#website\",\"url\":\"https:\/\/vapebulkp.com\/\",\"name\":\"vapebulkp.com\",\"description\":\"Buy Vape In Cheap Bulk Price Near you\",\"publisher\":{\"@id\":\"https:\/\/vapebulkp.com\/#organization\"},\"potentialAction\":[{\"@type\":\"SearchAction\",\"target\":{\"@type\":\"EntryPoint\",\"urlTemplate\":\"https:\/\/vapebulkp.com\/?s={search_term_string}\"},\"query-input\":\"required name=search_term_string\"}],\"inLanguage\":\"sl-SI\"},{\"@type\":\"Organization\",\"@id\":\"https:\/\/vapebulkp.com\/#organization\",\"name\":\"vapebulkp.com\",\"url\":\"https:\/\/vapebulkp.com\/\",\"logo\":{\"@type\":\"ImageObject\",\"inLanguage\":\"sl-SI\",\"@id\":\"https:\/\/vapebulkp.com\/#\/schema\/logo\/image\/\",\"url\":\"https:\/\/vapebulkp.com\/wp-content\/uploads\/2023\/09\/cropped-vapebulkp.png\",\"contentUrl\":\"https:\/\/vapebulkp.com\/wp-content\/uploads\/2023\/09\/cropped-vapebulkp.png\",\"width\":516,\"height\":163,\"caption\":\"vapebulkp.com\"},\"image\":{\"@id\":\"https:\/\/vapebulkp.com\/#\/schema\/logo\/image\/\"}}]}<\/script>\n<!-- \/ Yoast SEO plugin. -->","yoast_head_json":{"title":"Wholesale Price Bang Kingdoms rex 32000 Puffs Vape Pod - vapebulkp.com","description":"Wholesale Bang Kingdoms rex 32000 Puffs Disposable Vape. 32,000 puffs, rechargeable, OEM\/ODM options. Ideal for EU distributors\u2014place your bulk order today!","robots":{"index":"index","follow":"follow","max-snippet":"max-snippet:-1","max-image-preview":"max-image-preview:large","max-video-preview":"max-video-preview:-1"},"canonical":"https:\/\/vapebulkp.com\/sl\/izdelek\/wholesale-price-bang-kingdoms-rex-32000-puffs-vape-pod\/","og_locale":"sl_SI","og_type":"article","og_title":"Wholesale Price Bang Kingdoms rex 32000 Puffs Vape Pod - vapebulkp.com","og_description":"Wholesale Bang Kingdoms rex 32000 Puffs Disposable Vape. 32,000 puffs, rechargeable, OEM\/ODM options. Ideal for EU distributors\u2014place your bulk order today!","og_url":"https:\/\/vapebulkp.com\/sl\/izdelek\/wholesale-price-bang-kingdoms-rex-32000-puffs-vape-pod\/","og_site_name":"vapebulkp.com","article_modified_time":"2025-09-24T03:17:27+00:00","og_image":[{"width":800,"height":800,"url":"http:\/\/vapebulkp.com\/wp-content\/uploads\/2024\/12\/bang-kingdoms-rex-32000-Puffs-good-Vape-pod-Bulk-price.jpg","type":"image\/jpeg"}],"twitter_card":"summary_large_image","twitter_misc":{"Est. reading time":"4 minute"},"schema":{"@context":"https:\/\/schema.org","@graph":[{"@type":"WebPage","@id":"https:\/\/vapebulkp.com\/product\/wholesale-price-bang-kingdoms-rex-32000-puffs-vape-pod\/","url":"https:\/\/vapebulkp.com\/product\/wholesale-price-bang-kingdoms-rex-32000-puffs-vape-pod\/","name":"Wholesale Price Bang Kingdoms rex 32000 Puffs Vape Pod - vapebulkp.com","isPartOf":{"@id":"https:\/\/vapebulkp.com\/#website"},"datePublished":"2024-12-02T03:31:56+00:00","dateModified":"2025-09-24T03:17:27+00:00","description":"Wholesale Bang Kingdoms rex 32000 Puffs Disposable Vape. 32,000 puffs, rechargeable, OEM\/ODM options. Ideal for EU distributors\u2014place your bulk order today!","breadcrumb":{"@id":"https:\/\/vapebulkp.com\/product\/wholesale-price-bang-kingdoms-rex-32000-puffs-vape-pod\/#breadcrumb"},"inLanguage":"sl-SI","potentialAction":[{"@type":"ReadAction","target":["https:\/\/vapebulkp.com\/product\/wholesale-price-bang-kingdoms-rex-32000-puffs-vape-pod\/"]}]},{"@type":"BreadcrumbList","@id":"https:\/\/vapebulkp.com\/product\/wholesale-price-bang-kingdoms-rex-32000-puffs-vape-pod\/#breadcrumb","itemListElement":[{"@type":"ListItem","position":1,"name":"Home","item":"https:\/\/vapebulkp.com\/"},{"@type":"ListItem","position":2,"name":"Hot Trend Vapes","item":"https:\/\/vapebulkp.com\/vape-shop\/"},{"@type":"ListItem","position":3,"name":"Wholesale Price Bang Kingdoms rex 32000 Puffs Vape Pod"}]},{"@type":"WebSite","@id":"https:\/\/vapebulkp.com\/#website","url":"https:\/\/vapebulkp.com\/","name":"vapebulkp.com","description":"Buy Vape In Cheap Bulk Price Near you","publisher":{"@id":"https:\/\/vapebulkp.com\/#organization"},"potentialAction":[{"@type":"SearchAction","target":{"@type":"EntryPoint","urlTemplate":"https:\/\/vapebulkp.com\/?s={search_term_string}"},"query-input":"required name=search_term_string"}],"inLanguage":"sl-SI"},{"@type":"Organization","@id":"https:\/\/vapebulkp.com\/#organization","name":"vapebulkp.com","url":"https:\/\/vapebulkp.com\/","logo":{"@type":"ImageObject","inLanguage":"sl-SI","@id":"https:\/\/vapebulkp.com\/#\/schema\/logo\/image\/","url":"https:\/\/vapebulkp.com\/wp-content\/uploads\/2023\/09\/cropped-vapebulkp.png","contentUrl":"https:\/\/vapebulkp.com\/wp-content\/uploads\/2023\/09\/cropped-vapebulkp.png","width":516,"height":163,"caption":"vapebulkp.com"},"image":{"@id":"https:\/\/vapebulkp.com\/#\/schema\/logo\/image\/"}}]}},"uagb_featured_image_src":{"full":["https:\/\/vapebulkp.com\/wp-content\/uploads\/2024\/12\/bang-kingdoms-rex-32000-Puffs-good-Vape-pod-Bulk-price.jpg",800,800,false],"thumbnail":["https:\/\/vapebulkp.com\/wp-content\/uploads\/2024\/12\/bang-kingdoms-rex-32000-Puffs-good-Vape-pod-Bulk-price-150x150.jpg",150,150,true],"medium":["https:\/\/vapebulkp.com\/wp-content\/uploads\/2024\/12\/bang-kingdoms-rex-32000-Puffs-good-Vape-pod-Bulk-price-300x300.jpg",300,300,true],"medium_large":["https:\/\/vapebulkp.com\/wp-content\/uploads\/2024\/12\/bang-kingdoms-rex-32000-Puffs-good-Vape-pod-Bulk-price-768x768.jpg",768,768,true],"large":["https:\/\/vapebulkp.com\/wp-content\/uploads\/2024\/12\/bang-kingdoms-rex-32000-Puffs-good-Vape-pod-Bulk-price.jpg",800,800,false],"1536x1536":["https:\/\/vapebulkp.com\/wp-content\/uploads\/2024\/12\/bang-kingdoms-rex-32000-Puffs-good-Vape-pod-Bulk-price.jpg",800,800,false],"2048x2048":["https:\/\/vapebulkp.com\/wp-content\/uploads\/2024\/12\/bang-kingdoms-rex-32000-Puffs-good-Vape-pod-Bulk-price.jpg",800,800,false],"trp-custom-language-flag":["https:\/\/vapebulkp.com\/wp-content\/uploads\/2024\/12\/bang-kingdoms-rex-32000-Puffs-good-Vape-pod-Bulk-price.jpg",12,12,false],"woocommerce_thumbnail":["https:\/\/vapebulkp.com\/wp-content\/uploads\/2024\/12\/bang-kingdoms-rex-32000-Puffs-good-Vape-pod-Bulk-price-300x300.jpg",300,300,true],"woocommerce_single":["https:\/\/vapebulkp.com\/wp-content\/uploads\/2024\/12\/bang-kingdoms-rex-32000-Puffs-good-Vape-pod-Bulk-price-600x600.jpg",600,600,true],"woocommerce_gallery_thumbnail":["https:\/\/vapebulkp.com\/wp-content\/uploads\/2024\/12\/bang-kingdoms-rex-32000-Puffs-good-Vape-pod-Bulk-price-100x100.jpg",100,100,true],"wcpr-photo-reviews":["https:\/\/vapebulkp.com\/wp-content\/uploads\/2024\/12\/bang-kingdoms-rex-32000-Puffs-good-Vape-pod-Bulk-price.jpg",500,500,false]},"uagb_author_info":{"display_name":"Mandy vape bulk price","author_link":"https:\/\/vapebulkp.com\/sl\/author\/"},"uagb_comment_info":0,"uagb_excerpt":"Wholesale Bang Kingdoms Rex 32,000 Puffs Rechargeable Vape Pod, dual 28ml chambers, rich flavors, long-lasting performance. Buy in bulk now! Pls Contact Mandy's WhatsApp For Discount Price+8618077105796 NOTE: Prices on our website does not include shipping costs &nbsp;","_links":{"self":[{"href":"https:\/\/vapebulkp.com\/sl\/wp-json\/wp\/v2\/product\/3207","targetHints":{"allow":["GET"]}}],"collection":[{"href":"https:\/\/vapebulkp.com\/sl\/wp-json\/wp\/v2\/product"}],"about":[{"href":"https:\/\/vapebulkp.com\/sl\/wp-json\/wp\/v2\/types\/product"}],"replies":[{"embeddable":true,"href":"https:\/\/vapebulkp.com\/sl\/wp-json\/wp\/v2\/comments?post=3207"}],"wp:featuredmedia":[{"embeddable":true,"href":"https:\/\/vapebulkp.com\/sl\/wp-json\/wp\/v2\/media\/3206"}],"wp:attachment":[{"href":"https:\/\/vapebulkp.com\/sl\/wp-json\/wp\/v2\/media?parent=3207"}],"wp:term":[{"taxonomy":"product_cat","embeddable":true,"href":"https:\/\/vapebulkp.com\/sl\/wp-json\/wp\/v2\/product_cat?post=3207"},{"taxonomy":"product_tag","embeddable":true,"href":"https:\/\/vapebulkp.com\/sl\/wp-json\/wp\/v2\/product_tag?post=3207"}],"curies":[{"name":"wp","href":"https:\/\/api.w.org\/{rel}","templated":true}]}}