{"id":3254,"date":"2024-12-18T10:08:48","date_gmt":"2024-12-18T09:08:48","guid":{"rendered":"https:\/\/vapebulkp.com\/?post_type=product&#038;p=3254"},"modified":"2025-09-24T05:22:09","modified_gmt":"2025-09-24T03:22:09","slug":"vapsolo-best-quality-viking-12k-puffs-disposable-vapes","status":"publish","type":"product","link":"https:\/\/vapebulkp.com\/sl\/product\/vapsolo-best-quality-viking-12k-puffs-disposable-vapes\/","title":{"rendered":"Vapsolo Best Quality Viking 12K Puffs Vape za enkratno uporabo"},"content":{"rendered":"<h2 style=\"text-align: left\">Vapsolo Best Quality Viking 12K Puffs Vape za enkratno uporabo<\/h2>\n<p>&nbsp;<\/p>\n<p data-start=\"146\" data-end=\"493\">The <strong data-start=\"150\" data-end=\"196\">Vapsolo Viking 12000 Puffs vape za enkratno uporabo<\/strong> je <strong data-start=\"202\" data-end=\"235\">visokokapacitetni vape za enkratno uporabo<\/strong> zasnovan za slovenske navdu\u0161ence nad uparjanjem, ki \u017eelijo dolgotrajno delovanje in bogat, zadovoljiv okus. Z ogromnim 22-mililitrskim rezervoarjem z vnaprej napolnjeno e-teko\u010dino in <strong data-start=\"391\" data-end=\"409\">mre\u017easte tuljave za vape<\/strong> tehnologijo, proizvaja gladko, gosto paro, hkrati pa izbolj\u0161a vsako noto okusa.<\/p>\n<p data-start=\"495\" data-end=\"800\">Ta najbolje prodajan <a href=\"https:\/\/vapebulkp.com\/sl\/product-category\/12000-puffs-disposable-vape\/\"><strong>vape z 12000 vdihi za enkratno uporabo<\/strong> <\/a>ima 650mAh <strong data-start=\"550\" data-end=\"582\">polnilni vape<\/strong> baterijo s hitrim polnjenjem Type-C, kar zagotavlja neprekinjeno uporabo in minimalne izpade. Nastavljiv pretok zraka in LCD zaslon omogo\u010data natan\u010den nadzor, kar uporabnikom omogo\u010da, da prilagodijo svojo izku\u0161njo uparjanja za maksimalno zadovoljstvo.<\/p>\n<p data-start=\"802\" data-end=\"1221\">Na voljo v 2% in 5% <strong data-start=\"825\" data-end=\"847\">\u0161katla z nikotinsko soljo<\/strong> jakosti, ta naprava poskrbi tako za zmerne kot mo\u010dnej\u0161e zadetke. Lahek, kompakten in prenosen, je popoln za vsakodnevno uporabo, potovanja ali dru\u017eabne prilo\u017enosti. \u0160irok izbor sadnih okusov, mentola in okusov, navdihnjenih s sladicami, naredi 12-tiso\u010d vdihi <strong data-start=\"1085\" data-end=\"1106\">vape<\/strong> idealen za slovenske veleprodajne kupce ali posamezne vaperje, ki i\u0161\u010dejo udobje in zmogljivost v eni napravi.<\/p>\n<p><img decoding=\"async\" class=\"wp-image-3255\" src=\"http:\/\/vapebulkp.com\/wp-content\/uploads\/2024\/12\/Vapsolo-Viking-12K-puffs-Cheap-Price-Vapes.png\" alt=\"Vapsolo Viking 12K vpihov Poceni cena Vapes\" width=\"674\" height=\"505\" srcset=\"https:\/\/vapebulkp.com\/wp-content\/uploads\/2024\/12\/Vapsolo-Viking-12K-puffs-Cheap-Price-Vapes.png 1002w, https:\/\/vapebulkp.com\/wp-content\/uploads\/2024\/12\/Vapsolo-Viking-12K-puffs-Cheap-Price-Vapes-300x225.png 300w, https:\/\/vapebulkp.com\/wp-content\/uploads\/2024\/12\/Vapsolo-Viking-12K-puffs-Cheap-Price-Vapes-768x575.png 768w, https:\/\/vapebulkp.com\/wp-content\/uploads\/2024\/12\/Vapsolo-Viking-12K-puffs-Cheap-Price-Vapes-600x449.png 600w\" sizes=\"(max-width: 674px) 100vw, 674px\" \/><\/p>\n<h6>Za popust se obrnite na Mandyin WhatsApp<a href=\"https:\/\/wa.me\/8618077105796\">+8618077105796<\/a><\/h6>\n<p>&nbsp;<\/p>\n<p><img decoding=\"async\" class=\"alignnone wp-image-2151\" src=\"http:\/\/vapebulkp.com\/wp-content\/uploads\/2024\/04\/Mandy-WhatsApp-Randm.jpg\" alt=\"Mandy WhatsApp Randm\" width=\"324\" height=\"330\" \/><\/p>\n<div class=\"flex max-w-full flex-col flex-grow\">\n<div class=\"min-h-8 text-message flex w-full flex-col items-end gap-2 whitespace-normal break-words text-start [.text-message+&amp;]:mt-5\" dir=\"auto\" data-message-author-role=\"assistant\" data-message-id=\"1fe1b7df-f0be-476c-874a-f466adf11ab9\" data-message-model-slug=\"gpt-4o\">\n<div class=\"flex w-full flex-col gap-1 empty:hidden first:pt-[3px]\">\n<div class=\"markdown prose w-full break-words dark:prose-invert light\">\n<p>&nbsp;<\/p>\n<\/div>\n<\/div>\n<\/div>\n<\/div>\n<h3>Vapsolo Viking 12000 Puffs specifikacije vape<\/h3>\n<ul>\n<li><strong>Kapaciteta e-teko\u010dine<\/strong>: 22 ml \u2013 Zasnovan za podalj\u0161ane seje uparjanja z minimalnimi ponovnimi polnjenji.<\/li>\n<li><strong>Baterija<\/strong>: 650 mAh polnilna baterija \u2013 Omogo\u010da do 12.000 vpihov z enim polnjenjem.<\/li>\n<li><strong>Tehnologija grelca<\/strong>: Napredna mre\u017ena tuljava \u2013 Zagotavlja dosledno proizvodnjo pare in intenzivno dostavo okusa.<\/li>\n<li><strong>Upornost grelca<\/strong>: 1.0\u03a9 \u2013 Optimizirano za uravnote\u017eeno paro in okus.<\/li>\n<li><strong>Vmesnik za polnjenje<\/strong>: Hitro polnjenje Type-C \u2013 U\u010dinkovito in priro\u010dno polnjenje za minimalen \u010das izpada.<\/li>\n<li><strong>Zaslon<\/strong>: LCD zaslon \u2013 Na prvi pogled preprosto spremljajte \u017eivljenjsko dobo baterije in nastavitve.<\/li>\n<li><strong>Mo\u017enosti pretoka zraka<\/strong>: \u0160tirje nastavljivi nivoji pretoka zraka \u2013 Prilagodite svojo izku\u0161njo vapinga z natan\u010dnostjo.<\/li>\n<li><strong>Prenosljivost<\/strong>: Lahka in kompaktna zasnova \u2013 Tehta le 86 g za enostavno prena\u0161anje.<\/li>\n<li><strong>Vsebnost nikotina<\/strong>: Na voljo v 21% in 51% mo\u017enostih \u2013 Izberite glede na svoje \u017eelje.<\/li>\n<\/ul>\n<h3>Veleprodajna cena Vapsolo Viking 12000 Puffs okus<\/h3>\n<p>1.borovnica malina<br \/>\n2.borovnica<br \/>\n3.pene\u010da \u010de\u0161nja<br \/>\n4.ledena lubenica<br \/>\n5.jagoda kivi<br \/>\n6.jagoda lubenica<br \/>\n7.poletne sanje<br \/>\n8.borovnica \u010de\u0161nja brusnica<br \/>\n9.limona limeta<br \/>\n10.gumijasti medvedek<br \/>\n11.Jagoda banana<br \/>\n12.Sve\u017ea meta<br \/>\n13.Jagoda malina led<br \/>\n14.Limona breskev<br \/>\n15.Ledeno rde\u010de jabolko<\/p>\n<p><a href=\"https:\/\/vapebulkp.com\/sl\/product\/jnr-vape-mega-box-25000-puff-discount-price-vape-pods\/\"><span style=\"vertical-align: inherit\">JNR VAPE Mega Box 25000 vdihov <\/span><\/a><\/p>\n<p><span style=\"vertical-align: inherit\">Poi\u0161\u010dite ve\u010d izdelkov, ki bi vam bili morda v\u0161e\u010d:<\/span><em><a href=\"https:\/\/wa.me\/8618077105796\"><span style=\"vertical-align: inherit\">\u00a0Kupite zdaj<\/span><\/a><\/em><\/p>\n<p><span style=\"vertical-align: inherit\">Drugi 'puffs', ki bi vam bili morda v\u0161e\u010d:<\/span><a href=\"https:\/\/vapebulkp.com\/sl\/product\/waspe-vape-40000-puff-fihp-double-flavour-disposable-vape\/\"><span style=\"vertical-align: inherit\">WASPE FIHP 40000 Vpihov<\/span><\/a><span style=\"vertical-align: inherit\">\u3001<\/span><a href=\"https:\/\/vapebulkp.com\/sl\/product\/wholesale-randm-tornado-9000-puffs-germany\/\"><span style=\"vertical-align: inherit\">RandM 9000 Vpihov<\/span><\/a><span style=\"vertical-align: inherit\">\/ <\/span><a href=\"https:\/\/vapebulkp.com\/sl\/fi\/product\/bang-30k-puffs-new-double-taste-good-vape\/\"><span style=\"vertical-align: inherit\">Bang Vape 30000Vpihov<\/span><\/a><span style=\"vertical-align: inherit\">\/ <\/span><a href=\"https:\/\/vapebulkp.com\/sl\/product\/jnr-alien-10000-puffs-randm-vape-wholesale-price\/\"><span style=\"vertical-align: inherit\">JNR VAPE Alien 10000 vdihov<\/span><\/a><\/p>\n<p><span style=\"vertical-align: inherit\">E-cigareta posebne oblike steklenice:<\/span><a href=\"https:\/\/vapebulkp.com\/sl\/fi\/product\/bang-beach-22k-puffs-new-electronic-cigarette\/\"><span style=\"vertical-align: inherit\"> Bang Beach 22000 vdihov<\/span><\/a><span style=\"vertical-align: inherit\">\/ <\/span><a href=\"https:\/\/vapebulkp.com\/sl\/fi\/product\/best-price-wga-crystal-pro-max-15k-puffs-original-vape\/\"><span style=\"vertical-align: inherit\">\u00a0WGA Crystal pro max 15k Puffs <\/span><\/a><span style=\"vertical-align: inherit\">\/<\/span><a href=\"https:\/\/vapebulkp.com\/sl\/product\/wholesale-price-bangking-36000-puffs-hot-sale-vape-pod\/\"><span style=\"vertical-align: inherit\"> Bang King 36000 vdihov<\/span><\/a><\/p>\n<h3>Zakaj izbrati <a href=\"https:\/\/vapebulkp.com\/sl\/vape-shop\/\">Vapebulkp<\/a>?<\/h3>\n<p>Vapebulkp izstopa kot zaupanja vredna veleprodajna platforma za vrhunske blagovne znamke e-cigaret. Z obse\u017enim strokovnim znanjem v industriji si je pridobil sloves zanesljivega vira za podjetja in posamezne stranke.<\/p>\n<p><strong>\u0160irok izbor vrhunskih izdelkov<\/strong><br \/>\nPri Vapebulkp lahko najdete raznoliko ponudbo visokokakovostnih blagovnih znamk e-cigaret, kar zagotavlja celovito nakupovalno izku\u0161njo za vsakega kupca.<\/p>\n<p><strong>Stro\u0161kovno ugodne veleprodajne cene<\/strong><br \/>\nVapebulkp ponuja konkuren\u010dne cene za vse izdelke, kar nudi odli\u010dno vrednost, ne da bi pri tem ogrozili kakovost, ki jo kupci pri\u010dakujejo.<\/p>\n<p><strong>Hitra in zanesljiva dostava z izjemno podporo<\/strong><br \/>\nVapebulkp se osredoto\u010da na zagotavljanje hitrega in zanesljivega po\u0161iljanja, z namensko ekipo za podporo strankam, ki je na voljo za takoj\u0161nje re\u0161evanje vseh vpra\u0161anj ali pomislekov.<\/p>\n<h3><strong>Pogosta vpra\u0161anja o Vapsolo Viking 12000 Puffs<\/strong><\/h3>\n<ol>\n<li><strong>Kako dolgo bo trajal Vapsolo Viking vape?<\/strong><br \/>\nVapsolo Viking zdr\u017ei do 12.000 vdihov, odvisno od pogostosti va\u0161e uporabe.<\/li>\n<li><strong>Ali lahko Vapsolo Viking 12k Puffs uporabljam za MTL ali DTL vaping?<\/strong><br \/>\nVapsolo Viking je zasnovan za MTL (Mouth-to-Lung) vaping, ki ponuja gladek in aromati\u010den vdih.<\/li>\n<li><strong>Ali je uporaba Vapsolo Viking 12k puff varna?<\/strong><br \/>\nDa, Vapsolo Viking je izdelan iz kakovostnih materialov in je podvr\u017een strogim varnostnim standardom, da se zagotovi varna izku\u0161nja vapinga.<\/li>\n<li><strong>Kje lahko kupim Vapsolo Viking 12000 Puffs vape za enkratno uporabo?<\/strong><br \/>\nVapsolo Viking 12000 Puffs lahko kupite na Vapebulkp.com, kjer boste na\u0161li konkuren\u010dne cene in zanesljive mo\u017enosti po\u0161iljanja.<\/li>\n<li><strong>Kaj naj storim, \u010de imam te\u017eave s svojim Vapsolo Viking vape-om?<\/strong><br \/>\n\u010ce naletite na kakr\u0161ne koli te\u017eave z va\u0161im Vapsolo Vikingom, vam je na\u0161a ekipa za podporo strankam pripravljena pomagati. Prosimo, obrnite se na nas za kakr\u0161no koli odpravljanje te\u017eav ali vpra\u0161anja o garanciji.<\/li>\n<\/ol>\n<h3>Podrobnosti dostave:<\/h3>\n<p><span style=\"color: #ff6600\">\u010cas proizvodnje: 5\u201310 delovnih dni<\/span><br \/>\n<span style=\"color: #ff6600\">\u010cas dostave: 8\u201314 delovnih dni<\/span><\/p>\n<p>Vsi izdelki v na\u0161i trgovini so 100% originalni in avtenti\u010dni, zato je na\u0161a politika desetkratno nadomestilo za ponarejeno blago. Za dostavo blaga vam uporabljamo logisti\u010dne kanale, kot so UPS\/DHL\/FEDEX\/DPD.<\/p>\n<p>Za pakete, poslane v Slovenijo, obi\u010dajno traja 10 delovnih dni. Po\u0161iljanje v evropske dr\u017eave obi\u010dajno traja 12 do 15 delovnih dni. Logisti\u010dne informacije vam bomo sproti posodabljali.<\/p>","protected":false},"excerpt":{"rendered":"<p>Vape pod Vapsolo Viking 12000 Puffs ponuja dolgotrajno in okusno uparjanje z razli\u010dnimi mo\u017enostmi nikotina in gladko delovanje.<\/p>\n<p>Za popust se obrnite na Mandyin WhatsApp<a href=\"https:\/\/wa.me\/8618077105796\">+8618077105796<\/a><\/p>\n<p>&nbsp;<\/p>\n<p><img decoding=\"async\" class=\"alignnone wp-image-2151\" src=\"http:\/\/vapebulkp.com\/wp-content\/uploads\/2024\/04\/Mandy-WhatsApp-Randm.jpg\" alt=\"Mandy WhatsApp Randm\" width=\"297\" height=\"316\" srcset=\"https:\/\/vapebulkp.com\/wp-content\/uploads\/2024\/04\/Mandy-WhatsApp-Randm.jpg 916w, https:\/\/vapebulkp.com\/wp-content\/uploads\/2024\/04\/Mandy-WhatsApp-Randm-282x300.jpg 282w, https:\/\/vapebulkp.com\/wp-content\/uploads\/2024\/04\/Mandy-WhatsApp-Randm-768x817.jpg 768w, https:\/\/vapebulkp.com\/wp-content\/uploads\/2024\/04\/Mandy-WhatsApp-Randm-600x638.jpg 600w\" sizes=\"(max-width: 297px) 100vw, 297px\" \/><\/p>\n<p><span style=\"color: #ff0000\">OPOMBA: Cene na na\u0161i spletni strani ne vklju\u010dujejo stro\u0161kov po\u0161iljanja.<\/span><\/p>\n<p>&nbsp;<\/p>","protected":false},"featured_media":3246,"comment_status":"open","ping_status":"closed","template":"","meta":{"_uag_custom_page_level_css":"","_lmt_disableupdate":"no","_lmt_disable":"","site-sidebar-layout":"default","site-content-layout":"content-boxed-container","ast-site-content-layout":"normal-width-container","site-content-style":"boxed","site-sidebar-style":"unboxed","ast-global-header-display":"","ast-banner-title-visibility":"","ast-main-header-display":"","ast-hfb-above-header-display":"","ast-hfb-below-header-display":"","ast-hfb-mobile-header-display":"","site-post-title":"","ast-breadcrumbs-content":"","ast-featured-img":"","footer-sml-layout":"","theme-transparent-header-meta":"default","adv-header-id-meta":"","stick-header-meta":"","header-above-stick-meta":"","header-main-stick-meta":"","header-below-stick-meta":"","astra-migrate-meta-layouts":"set","_joinchat":[]},"product_cat":[166,153,155,33,59,100,87,34,158,157,154,152,58,84,156,63,32,362],"product_tag":[36,37,41,40,192],"class_list":["post-3254","product","type-product","status-publish","has-post-thumbnail","hentry","product_cat-12000-puffs-disposable-vape","product_cat-hot-disposable-vapes","product_cat-belgium-hot-disposable-vapes","product_cat-france-vape-hot-sale","product_cat-germany-hot-disposable-vape","product_cat-germany-wholesale-vape-shop","product_cat-minimum-order-quantity-50pcs","product_cat-netherlands-vape-good-sale","product_cat-norway-hot-disposable-vapes","product_cat-poland-hot-disposable-vapes","product_cat-portugal-hot-disposable-vapes","product_cat-spain-hot-disposable-vapes","product_cat-sweden-hot-disposable-vape","product_cat-sweden-wholesale-vape","product_cat-switzerland-hot-disposable-vapes","product_cat-top-sale-disposable-vape","product_cat-vape-hot-sale-this-week","product_cat-vapsolo-vape","product_tag-good-vape","product_tag-hot-sale-disposable-vape","product_tag-poland-hot-vape","product_tag-sweden-hot-vape","product_tag-vapsolo-viking-12k-puffs","pa_brand-vapsolo-vape","desktop-align-left","tablet-align-left","mobile-align-left"],"yoast_head":"<!-- This site is optimized with the Yoast SEO plugin v21.1 - https:\/\/yoast.com\/wordpress\/plugins\/seo\/ -->\n<title>Vapsolo Best Quality Viking 12K Puffs Disposable Vapes - vapebulkp.com<\/title>\n<meta name=\"description\" content=\"Top Sale Vapsolo Viking 12000 Puffs: Premium disposable vape, smooth DTL experience, 12,000 puffs, multiple nicotine options\" \/>\n<meta name=\"robots\" content=\"index, follow, max-snippet:-1, max-image-preview:large, max-video-preview:-1\" \/>\n<link rel=\"canonical\" href=\"https:\/\/vapebulkp.com\/sl\/product\/vapsolo-best-quality-viking-12k-puffs-disposable-vapes\/\" \/>\n<meta property=\"og:locale\" content=\"sl_SI\" \/>\n<meta property=\"og:type\" content=\"article\" \/>\n<meta property=\"og:title\" content=\"Vapsolo Best Quality Viking 12K Puffs Disposable Vapes - vapebulkp.com\" \/>\n<meta property=\"og:description\" content=\"Top Sale Vapsolo Viking 12000 Puffs: Premium disposable vape, smooth DTL experience, 12,000 puffs, multiple nicotine options\" \/>\n<meta property=\"og:url\" content=\"https:\/\/vapebulkp.com\/sl\/product\/vapsolo-best-quality-viking-12k-puffs-disposable-vapes\/\" \/>\n<meta property=\"og:site_name\" content=\"vapebulkp.com\" \/>\n<meta property=\"article:modified_time\" content=\"2025-09-24T03:22:09+00:00\" \/>\n<meta property=\"og:image\" content=\"http:\/\/vapebulkp.com\/wp-content\/uploads\/2024\/12\/Vapsolo-Viking-12K-puffs-Germany-Hot-Vape.png\" \/>\n\t<meta property=\"og:image:width\" content=\"800\" \/>\n\t<meta property=\"og:image:height\" content=\"800\" \/>\n\t<meta property=\"og:image:type\" content=\"image\/png\" \/>\n<meta name=\"twitter:card\" content=\"summary_large_image\" \/>\n<meta name=\"twitter:label1\" content=\"Est. reading time\" \/>\n\t<meta name=\"twitter:data1\" content=\"4 minute\" \/>\n<script type=\"application\/ld+json\" class=\"yoast-schema-graph\">{\"@context\":\"https:\/\/schema.org\",\"@graph\":[{\"@type\":\"WebPage\",\"@id\":\"https:\/\/vapebulkp.com\/product\/vapsolo-best-quality-viking-12k-puffs-disposable-vapes\/\",\"url\":\"https:\/\/vapebulkp.com\/product\/vapsolo-best-quality-viking-12k-puffs-disposable-vapes\/\",\"name\":\"Vapsolo Best Quality Viking 12K Puffs Disposable Vapes - vapebulkp.com\",\"isPartOf\":{\"@id\":\"https:\/\/vapebulkp.com\/#website\"},\"datePublished\":\"2024-12-18T09:08:48+00:00\",\"dateModified\":\"2025-09-24T03:22:09+00:00\",\"description\":\"Top Sale Vapsolo Viking 12000 Puffs: Premium disposable vape, smooth DTL experience, 12,000 puffs, multiple nicotine options\",\"breadcrumb\":{\"@id\":\"https:\/\/vapebulkp.com\/product\/vapsolo-best-quality-viking-12k-puffs-disposable-vapes\/#breadcrumb\"},\"inLanguage\":\"sl-SI\",\"potentialAction\":[{\"@type\":\"ReadAction\",\"target\":[\"https:\/\/vapebulkp.com\/product\/vapsolo-best-quality-viking-12k-puffs-disposable-vapes\/\"]}]},{\"@type\":\"BreadcrumbList\",\"@id\":\"https:\/\/vapebulkp.com\/product\/vapsolo-best-quality-viking-12k-puffs-disposable-vapes\/#breadcrumb\",\"itemListElement\":[{\"@type\":\"ListItem\",\"position\":1,\"name\":\"Home\",\"item\":\"https:\/\/vapebulkp.com\/\"},{\"@type\":\"ListItem\",\"position\":2,\"name\":\"Hot Trend Vapes\",\"item\":\"https:\/\/vapebulkp.com\/vape-shop\/\"},{\"@type\":\"ListItem\",\"position\":3,\"name\":\"Vapsolo Best Quality Viking 12K Puffs Disposable Vapes\"}]},{\"@type\":\"WebSite\",\"@id\":\"https:\/\/vapebulkp.com\/#website\",\"url\":\"https:\/\/vapebulkp.com\/\",\"name\":\"vapebulkp.com\",\"description\":\"Buy Vape In Cheap Bulk Price Near you\",\"publisher\":{\"@id\":\"https:\/\/vapebulkp.com\/#organization\"},\"potentialAction\":[{\"@type\":\"SearchAction\",\"target\":{\"@type\":\"EntryPoint\",\"urlTemplate\":\"https:\/\/vapebulkp.com\/?s={search_term_string}\"},\"query-input\":\"required name=search_term_string\"}],\"inLanguage\":\"sl-SI\"},{\"@type\":\"Organization\",\"@id\":\"https:\/\/vapebulkp.com\/#organization\",\"name\":\"vapebulkp.com\",\"url\":\"https:\/\/vapebulkp.com\/\",\"logo\":{\"@type\":\"ImageObject\",\"inLanguage\":\"sl-SI\",\"@id\":\"https:\/\/vapebulkp.com\/#\/schema\/logo\/image\/\",\"url\":\"https:\/\/vapebulkp.com\/wp-content\/uploads\/2023\/09\/cropped-vapebulkp.png\",\"contentUrl\":\"https:\/\/vapebulkp.com\/wp-content\/uploads\/2023\/09\/cropped-vapebulkp.png\",\"width\":516,\"height\":163,\"caption\":\"vapebulkp.com\"},\"image\":{\"@id\":\"https:\/\/vapebulkp.com\/#\/schema\/logo\/image\/\"}}]}<\/script>\n<!-- \/ Yoast SEO plugin. -->","yoast_head_json":{"title":"Vapsolo Best Quality Viking 12K Puffs Disposable Vapes - vapebulkp.com","description":"Top Sale Vapsolo Viking 12000 Puffs: Premium disposable vape, smooth DTL experience, 12,000 puffs, multiple nicotine options","robots":{"index":"index","follow":"follow","max-snippet":"max-snippet:-1","max-image-preview":"max-image-preview:large","max-video-preview":"max-video-preview:-1"},"canonical":"https:\/\/vapebulkp.com\/sl\/product\/vapsolo-best-quality-viking-12k-puffs-disposable-vapes\/","og_locale":"sl_SI","og_type":"article","og_title":"Vapsolo Best Quality Viking 12K Puffs Disposable Vapes - vapebulkp.com","og_description":"Top Sale Vapsolo Viking 12000 Puffs: Premium disposable vape, smooth DTL experience, 12,000 puffs, multiple nicotine options","og_url":"https:\/\/vapebulkp.com\/sl\/product\/vapsolo-best-quality-viking-12k-puffs-disposable-vapes\/","og_site_name":"vapebulkp.com","article_modified_time":"2025-09-24T03:22:09+00:00","og_image":[{"width":800,"height":800,"url":"http:\/\/vapebulkp.com\/wp-content\/uploads\/2024\/12\/Vapsolo-Viking-12K-puffs-Germany-Hot-Vape.png","type":"image\/png"}],"twitter_card":"summary_large_image","twitter_misc":{"Est. reading time":"4 minute"},"schema":{"@context":"https:\/\/schema.org","@graph":[{"@type":"WebPage","@id":"https:\/\/vapebulkp.com\/product\/vapsolo-best-quality-viking-12k-puffs-disposable-vapes\/","url":"https:\/\/vapebulkp.com\/product\/vapsolo-best-quality-viking-12k-puffs-disposable-vapes\/","name":"Vapsolo Best Quality Viking 12K Puffs Disposable Vapes - vapebulkp.com","isPartOf":{"@id":"https:\/\/vapebulkp.com\/#website"},"datePublished":"2024-12-18T09:08:48+00:00","dateModified":"2025-09-24T03:22:09+00:00","description":"Top Sale Vapsolo Viking 12000 Puffs: Premium disposable vape, smooth DTL experience, 12,000 puffs, multiple nicotine options","breadcrumb":{"@id":"https:\/\/vapebulkp.com\/product\/vapsolo-best-quality-viking-12k-puffs-disposable-vapes\/#breadcrumb"},"inLanguage":"sl-SI","potentialAction":[{"@type":"ReadAction","target":["https:\/\/vapebulkp.com\/product\/vapsolo-best-quality-viking-12k-puffs-disposable-vapes\/"]}]},{"@type":"BreadcrumbList","@id":"https:\/\/vapebulkp.com\/product\/vapsolo-best-quality-viking-12k-puffs-disposable-vapes\/#breadcrumb","itemListElement":[{"@type":"ListItem","position":1,"name":"Home","item":"https:\/\/vapebulkp.com\/"},{"@type":"ListItem","position":2,"name":"Hot Trend Vapes","item":"https:\/\/vapebulkp.com\/vape-shop\/"},{"@type":"ListItem","position":3,"name":"Vapsolo Best Quality Viking 12K Puffs Disposable Vapes"}]},{"@type":"WebSite","@id":"https:\/\/vapebulkp.com\/#website","url":"https:\/\/vapebulkp.com\/","name":"vapebulkp.com","description":"Buy Vape In Cheap Bulk Price Near you","publisher":{"@id":"https:\/\/vapebulkp.com\/#organization"},"potentialAction":[{"@type":"SearchAction","target":{"@type":"EntryPoint","urlTemplate":"https:\/\/vapebulkp.com\/?s={search_term_string}"},"query-input":"required name=search_term_string"}],"inLanguage":"sl-SI"},{"@type":"Organization","@id":"https:\/\/vapebulkp.com\/#organization","name":"vapebulkp.com","url":"https:\/\/vapebulkp.com\/","logo":{"@type":"ImageObject","inLanguage":"sl-SI","@id":"https:\/\/vapebulkp.com\/#\/schema\/logo\/image\/","url":"https:\/\/vapebulkp.com\/wp-content\/uploads\/2023\/09\/cropped-vapebulkp.png","contentUrl":"https:\/\/vapebulkp.com\/wp-content\/uploads\/2023\/09\/cropped-vapebulkp.png","width":516,"height":163,"caption":"vapebulkp.com"},"image":{"@id":"https:\/\/vapebulkp.com\/#\/schema\/logo\/image\/"}}]}},"uagb_featured_image_src":{"full":["https:\/\/vapebulkp.com\/wp-content\/uploads\/2024\/12\/Vapsolo-Viking-12K-puffs-Germany-Hot-Vape.png",800,800,false],"thumbnail":["https:\/\/vapebulkp.com\/wp-content\/uploads\/2024\/12\/Vapsolo-Viking-12K-puffs-Germany-Hot-Vape-150x150.png",150,150,true],"medium":["https:\/\/vapebulkp.com\/wp-content\/uploads\/2024\/12\/Vapsolo-Viking-12K-puffs-Germany-Hot-Vape-300x300.png",300,300,true],"medium_large":["https:\/\/vapebulkp.com\/wp-content\/uploads\/2024\/12\/Vapsolo-Viking-12K-puffs-Germany-Hot-Vape-768x768.png",768,768,true],"large":["https:\/\/vapebulkp.com\/wp-content\/uploads\/2024\/12\/Vapsolo-Viking-12K-puffs-Germany-Hot-Vape.png",800,800,false],"1536x1536":["https:\/\/vapebulkp.com\/wp-content\/uploads\/2024\/12\/Vapsolo-Viking-12K-puffs-Germany-Hot-Vape.png",800,800,false],"2048x2048":["https:\/\/vapebulkp.com\/wp-content\/uploads\/2024\/12\/Vapsolo-Viking-12K-puffs-Germany-Hot-Vape.png",800,800,false],"trp-custom-language-flag":["https:\/\/vapebulkp.com\/wp-content\/uploads\/2024\/12\/Vapsolo-Viking-12K-puffs-Germany-Hot-Vape.png",12,12,false],"woocommerce_thumbnail":["https:\/\/vapebulkp.com\/wp-content\/uploads\/2024\/12\/Vapsolo-Viking-12K-puffs-Germany-Hot-Vape-300x300.png",300,300,true],"woocommerce_single":["https:\/\/vapebulkp.com\/wp-content\/uploads\/2024\/12\/Vapsolo-Viking-12K-puffs-Germany-Hot-Vape-600x600.png",600,600,true],"woocommerce_gallery_thumbnail":["https:\/\/vapebulkp.com\/wp-content\/uploads\/2024\/12\/Vapsolo-Viking-12K-puffs-Germany-Hot-Vape-100x100.png",100,100,true],"wcpr-photo-reviews":["https:\/\/vapebulkp.com\/wp-content\/uploads\/2024\/12\/Vapsolo-Viking-12K-puffs-Germany-Hot-Vape.png",500,500,false]},"uagb_author_info":{"display_name":"Mandy vape bulk price","author_link":"https:\/\/vapebulkp.com\/sl\/author\/"},"uagb_comment_info":0,"uagb_excerpt":"The Vapsolo Viking 12000 Puffs Vape Pod offers long-lasting, flavorful vaping with a variety of nicotine options and smooth performance. Pls Contact Mandy's WhatsApp For Discount Price+8618077105796 &nbsp; NOTE: Prices on our website does not include shipping costs &nbsp;","_links":{"self":[{"href":"https:\/\/vapebulkp.com\/sl\/wp-json\/wp\/v2\/product\/3254","targetHints":{"allow":["GET"]}}],"collection":[{"href":"https:\/\/vapebulkp.com\/sl\/wp-json\/wp\/v2\/product"}],"about":[{"href":"https:\/\/vapebulkp.com\/sl\/wp-json\/wp\/v2\/types\/product"}],"replies":[{"embeddable":true,"href":"https:\/\/vapebulkp.com\/sl\/wp-json\/wp\/v2\/comments?post=3254"}],"wp:featuredmedia":[{"embeddable":true,"href":"https:\/\/vapebulkp.com\/sl\/wp-json\/wp\/v2\/media\/3246"}],"wp:attachment":[{"href":"https:\/\/vapebulkp.com\/sl\/wp-json\/wp\/v2\/media?parent=3254"}],"wp:term":[{"taxonomy":"product_cat","embeddable":true,"href":"https:\/\/vapebulkp.com\/sl\/wp-json\/wp\/v2\/product_cat?post=3254"},{"taxonomy":"product_tag","embeddable":true,"href":"https:\/\/vapebulkp.com\/sl\/wp-json\/wp\/v2\/product_tag?post=3254"}],"curies":[{"name":"wp","href":"https:\/\/api.w.org\/{rel}","templated":true}]}}