{"id":3268,"date":"2024-12-20T09:24:34","date_gmt":"2024-12-20T08:24:34","guid":{"rendered":"https:\/\/vapebulkp.com\/?post_type=product&#038;p=3268"},"modified":"2025-09-03T05:31:08","modified_gmt":"2025-09-03T03:31:08","slug":"vookbar-30000-puffs-touch-screen-disposable-vapes-wholesale-price","status":"publish","type":"product","link":"https:\/\/vapebulkp.com\/sl\/product\/vookbar-30000-puffs-touch-screen-disposable-vapes-wholesale-price\/","title":{"rendered":"Vookbar 30000 Puffs Vapes za enkratno uporabo z zaslonom na dotik Veleprodajna cena"},"content":{"rendered":"<h1 style=\"text-align: left\">Vookbar 30000 Puffs Vapes za enkratno uporabo z zaslonom na dotik Veleprodajna cena<\/h1>\n<p>&nbsp;<\/p>\n<p>The <strong>Vape Vookbar Cyber PRO 30,000 Puffs z zaslonom na dotik za enkratno uporabo<\/strong> je vrhunska izbira za vejpere, ki i\u0161\u010dejo inovativnost, zmogljivost in udobje. Z naprednim <strong>2,01-pal\u010dnim zaslonom na dotik<\/strong>, ta naprava ponuja natan\u010den nadzor nad nastavitvami, medtem ko njegova <strong>tehnologija dvojne mre\u017easte tuljave<\/strong> zagotavlja bogat okus in gladke oblake. Prednapolnjen z <strong>22 ml vrhunske e-teko\u010dine<\/strong> in ponuja <strong>5-odstotno koncentracijo nikotinske soli<\/strong>, Vookbar ponuja do <strong>30.000 vpihov<\/strong> v obi\u010dajnem na\u010dinu (Norm Mode) ali <strong>15.000 vdihov<\/strong> v na\u010dinu mo\u010di (Power Mode). Zasnovan z <strong>850mAh baterijo za ponovno polnjenje<\/strong> in <strong>s hitrim polnjenjem Type-C<\/strong>, zdru\u017euje dolgotrajno mo\u010d s hitrim polnjenjem. Idealen za osebno uporabo in <strong>kupci na debelo<\/strong>, Vookbar Cyber PRO izstopa s svojo kompaktno velikostjo, elegantnim dizajnom in neprekosljivo zmogljivostjo. Poi\u0161\u010dite svoj <strong>veleprodajni Vookbar Cyber PRO <a href=\"https:\/\/vapebulkp.com\/sl\/product-category\/30000-puff-disposable-vape\/\">30000 vdihov, vape za enkratno uporabo <\/a><\/strong>\u00a0po konkuren\u010dnih cenah \u0161e danes!<\/p>\n<p>&nbsp;<\/p>\n<h6>Za popust se obrnite na Mandyin WhatsApp<a href=\"https:\/\/wa.me\/8618077105796\">+8618077105796<\/a><\/h6>\n<p>&nbsp;<\/p>\n<p><img decoding=\"async\" class=\"alignnone wp-image-2151\" src=\"http:\/\/vapebulkp.com\/wp-content\/uploads\/2024\/04\/Mandy-WhatsApp-Randm.jpg\" alt=\"Mandy WhatsApp Randm\" width=\"324\" height=\"330\" \/><\/p>\n<div class=\"flex max-w-full flex-col flex-grow\">\n<div class=\"min-h-8 text-message flex w-full flex-col items-end gap-2 whitespace-normal break-words text-start [.text-message+&amp;]:mt-5\" dir=\"auto\" data-message-author-role=\"assistant\" data-message-id=\"1fe1b7df-f0be-476c-874a-f466adf11ab9\" data-message-model-slug=\"gpt-4o\">\n<div class=\"flex w-full flex-col gap-1 empty:hidden first:pt-[3px]\">\n<div class=\"markdown prose w-full break-words dark:prose-invert light\">\n<h2>Zakaj kupiti veleprodajni Vape Vookbar Cyber PRO 30k Puffs na Vapebulkp.com?<\/h2>\n<p><strong>1. Ogromno \u0161tevilo vdihov:<\/strong><br \/>\nZ impresivnimi <strong>30.000 vdihov v obi\u010dajnem na\u010dinu (Norm Mode)<\/strong> in <strong>15.000 vdihov v na\u010dinu Power Mode<\/strong>, ta naprava je zasnovana za dolgotrajno uporabo brez kompromisov.<\/p>\n<p><strong>2. Vrhunska tehnologija:<\/strong><br \/>\nThe <strong>sistem z dvojno mre\u017easto tuljavo<\/strong> zagotavlja izjemen okus in gosto paro, medtem ko <strong>2,01-pal\u010dni HD zaslon<\/strong> izbolj\u0161uje uporabnost z nastavitvami in obvestili v realnem \u010dasu.<\/p>\n<p><strong>3. Velika kapaciteta e-teko\u010dine:<\/strong><br \/>\nPoln <strong>22 ml vrhunske e-teko\u010dine<\/strong> in <strong>5% mo\u010djo nikotina<\/strong>, kar zagotavlja gladke, zadovoljive vdihe ob vsakem potegu.<\/p>\n<p><strong>4. Dolgotrajna baterija:<\/strong><br \/>\nThe <strong>850mAh baterijo za ponovno polnjenje<\/strong> zagotavlja zanesljivo mo\u010d, ki jo dopolnjuje <strong>s hitrim polnjenjem Type-C<\/strong> za hitro in u\u010dinkovito polnjenje.<\/p>\n<p><strong>5. Pametne funkcije:<\/strong><br \/>\nVklju\u010duje <strong>Bluetooth zdru\u017eljivost<\/strong>, <strong>na\u010din gibanja<\/strong>in <strong>stranski gumb za upravljanje<\/strong>, zaradi \u010desar je vsestranski in priro\u010den za sodobne uporabnike.<\/p>\n<p><strong>6. Kompakten in prenosen:<\/strong><br \/>\nNjegove elegantne dimenzije (<strong>49x24x93 mm<\/strong>) ga je enostavno prena\u0161ati, kar je idealno za vsakodnevno uparjanje ali potovanja.<\/p>\n<p><strong>7. Ekskluzivne ugodnosti na Vapebulkp.com:<\/strong><\/p>\n<ul>\n<li><strong>Ugodne cene<\/strong> z razpolo\u017eljivimi popusti za ve\u010dje koli\u010dine.<\/li>\n<li><strong>Hitro in zanesljivo po\u0161iljanje<\/strong> po evropskih dr\u017eavah.<\/li>\n<li>Celovita podpora strankam za vse va\u0161e potrebe.<\/li>\n<\/ul>\n<p>Za zanesljivo re\u0161itev za uparjanje z bogatimi funkcijami, zaupajte Vapebulkp.com, da vam bo dobavil <strong>Vookbar Cyber PRO 30k Vdihov<\/strong> po neprekosljivi vrednosti!<\/p>\n<\/div>\n<\/div>\n<\/div>\n<\/div>\n<h3>Specifikacije Vookbar 30000 Puffs Disposable Vapes<\/h3>\n<ul>\n<li><strong>Dimenzije:<\/strong> 49 mm x 24 mm x 93 mm (kompaktno in prenosno).<\/li>\n<li><strong>Zaslon:<\/strong> 2,01-pal\u010dni HD zaslon za jasne slike in enostavno navigacijo.<\/li>\n<li><strong>Vrsta Grela:<\/strong> Dvojna mre\u017easta tuljava za bogat okus in gosto paro.<\/li>\n<li><strong>Kapaciteta e-teko\u010dine:<\/strong> 22 ml vnaprej napolnjene vrhunske teko\u010dine za vape.<\/li>\n<li><strong>Jakost Nikotina:<\/strong> 5%, ki zagotavlja gladko in zadovoljivo izku\u0161njo.<\/li>\n<li><strong>Baterija:<\/strong> 850 mAh polnilna baterija s hitrim polnjenjem Type-C.<\/li>\n<li><strong>Na\u010dini vdihavanja:<\/strong>\n<ul>\n<li>Normalni na\u010din: do 30.000 vdihov.<\/li>\n<li>Na\u010din mo\u010di: do 15.000 vdihov.<\/li>\n<\/ul>\n<\/li>\n<li><strong>Delovanje:<\/strong> Enostavno upravljanje s stranskim gumbom za vklop in prilagoditve.<\/li>\n<li><strong>Polnilni Vmesnik:<\/strong> Type-C za hitro in u\u010dinkovito polnjenje.<\/li>\n<li><strong>Napredne funkcije:<\/strong>\n<ul>\n<li>Povezljivost Bluetooth.<\/li>\n<li>Na\u010din gibanja za izbolj\u0161ano funkcionalnost.<\/li>\n<li>Prilagodljive nastavitve vapinga.<\/li>\n<\/ul>\n<\/li>\n<li><strong>Dizajn:<\/strong> Elegantna, vzdr\u017eljiva in potovalna konstrukcija.<\/li>\n<\/ul>\n<h3>Vookbar 30000 Puffs Vape Pods Okusi<\/h3>\n<p>1.Modra malina led<br \/>\n2. Breskev led<br \/>\n3. Grozdni led<br \/>\n4.Jagoda lubenica<br \/>\n5. Jagoda banana<br \/>\n6.\u010ce\u0161nja lubenica<br \/>\n7.Ledena lubenica<br \/>\n8. Breskov mango<br \/>\n9. Jagoda kivi<br \/>\n10.Bela jagoda led<br \/>\n11.Bela gumijasti bonboni led<br \/>\n12.Zamrznjena pinacolada<br \/>\n13.Presneto dobro<br \/>\n14.Mojito me\u0161ani gozdni sade\u017ei<\/p>\n<p><a href=\"https:\/\/vapebulkp.com\/sl\/product\/jnr-vape-mega-box-25000-puff-discount-price-vape-pods\/\"><span style=\"vertical-align: inherit\">JNR VAPE Mega Box 25000 vdihov <\/span><\/a><\/p>\n<p><span style=\"vertical-align: inherit\">Poi\u0161\u010dite ve\u010d izdelkov, ki bi vam bili morda v\u0161e\u010d:<\/span><em><a href=\"https:\/\/wa.me\/8618077105796\"><span style=\"vertical-align: inherit\">\u00a0Kupite zdaj<\/span><\/a><\/em><\/p>\n<p><span style=\"vertical-align: inherit\">Drugi 'puffs', ki bi vam bili morda v\u0161e\u010d:<\/span><a href=\"https:\/\/vapebulkp.com\/sl\/product\/waspe-vape-40000-puff-fihp-double-flavour-disposable-vape\/\"><span style=\"vertical-align: inherit\">WASPE FIHP 40000 Vpihov<\/span><\/a><span style=\"vertical-align: inherit\">\u3001<\/span><a href=\"https:\/\/vapebulkp.com\/sl\/product\/wholesale-randm-tornado-9000-puffs-germany\/\"><span style=\"vertical-align: inherit\">RandM 9000 Vpihov<\/span><\/a><span style=\"vertical-align: inherit\">\/ <\/span><a href=\"https:\/\/vapebulkp.com\/sl\/fi\/product\/bang-30k-puffs-new-double-taste-good-vape\/\"><span style=\"vertical-align: inherit\">Bang Vape 30000Vpihov<\/span><\/a><span style=\"vertical-align: inherit\">\/ <\/span><a href=\"https:\/\/vapebulkp.com\/sl\/product\/jnr-alien-10000-puffs-randm-vape-wholesale-price\/\"><span style=\"vertical-align: inherit\">JNR VAPE Alien 10000 vdihov<\/span><\/a><\/p>\n<p>&nbsp;<\/p>\n<p>&nbsp;<\/p>\n<h3><strong>Pogosta vpra\u0161anja o najbolj prodajanem vapeu <\/strong>Vookbar 30000 Vpihov<\/h3>\n<p><strong>1. Koliko vdihov lahko dobim od Vookbar Vape 30.000 vdihov?<\/strong><\/p>\n<ul>\n<li>Vookbar ponuja do <strong>30.000 vpihov<\/strong> in <strong>Normalen na\u010din<\/strong> in <strong>15.000 vdihov<\/strong> in <strong>Power Na\u010din<\/strong>, kar zagotavlja dolgotrajno uporabo.<\/li>\n<\/ul>\n<p><strong>2. Kak\u0161na je vsebnost nikotina v Vookbar 30.000 Vdihov?<\/strong><\/p>\n<ul>\n<li>Naprava vsebuje <strong>5% nikotinske soli<\/strong>, kar zagotavlja gladek in zadovoljiv vlek z vsakim potegom.<\/li>\n<\/ul>\n<p><strong>3. Kako dolgo zdr\u017ei baterija Vookbarja?<\/strong><\/p>\n<ul>\n<li>Z <strong>850mAh baterijo za ponovno polnjenje<\/strong> in <strong>s hitrim polnjenjem Type-C<\/strong>, Vookbar zagotavlja zanesljivo mo\u010d in hitro polnjenje za neprekinjeno uporabo.<\/li>\n<\/ul>\n<p><strong>4. Kak\u0161no vrsto tuljave uporablja Vookbar 30.000 vdihov?<\/strong><\/p>\n<ul>\n<li>Naprava je opremljena z <strong>dvojno mre\u017easto tuljavo<\/strong>, kar zagotavlja bogat okus in gosto paro z vsakim vdihom.<\/li>\n<\/ul>\n<p><strong>5. Ali lahko prilagodim nastavitve na napravi Vookbar 30,000 Puffs?<\/strong><\/p>\n<ul>\n<li>Da, naprava ima <strong>2,01-pal\u010dnim zaslonom na dotik<\/strong>, kar vam omogo\u010da enostavno prilagajanje nastavitev in nadzor nad izku\u0161njo vapinga.<\/li>\n<\/ul>\n<h3>Podrobnosti dostave:<\/h3>\n<p><span style=\"color: #ff6600\">\u010cas proizvodnje: 5\u201310 delovnih dni<\/span><br \/>\n<span style=\"color: #ff6600\">\u010cas dostave: 8\u201314 delovnih dni<\/span><\/p>\n<p>Vsi izdelki v na\u0161i trgovini so 100% originalni in avtenti\u010dni, zato je na\u0161a politika desetkratno nadomestilo za ponarejeno blago. Za dostavo blaga vam uporabljamo logisti\u010dne kanale, kot so UPS\/DHL\/FEDEX\/DPD.<\/p>\n<p>Za pakete, poslane v Slovenijo, obi\u010dajno traja 10 delovnih dni. Po\u0161iljanje v evropske dr\u017eave obi\u010dajno traja 12 do 15 delovnih dni. Logisti\u010dne informacije vam bomo sproti posodabljali.<\/p>","protected":false},"excerpt":{"rendered":"<p>Vape Vookbar 30000 Puffs s zaslonom na dotik za enkratno uporabo po veleprodajnih cenah. Dolgotrajna, visokokakovostna in inovativna re\u0161itev za vejpanje. Na voljo za mno\u017ei\u010dna naro\u010dila.<\/p>\n<p>Za popust se obrnite na Mandyin WhatsApp<a href=\"https:\/\/wa.me\/8618077105796\">+8618077105796<\/a><\/p>\n<p>&nbsp;<\/p>\n<p><img decoding=\"async\" class=\"alignnone wp-image-2151\" src=\"http:\/\/vapebulkp.com\/wp-content\/uploads\/2024\/04\/Mandy-WhatsApp-Randm.jpg\" alt=\"Mandy WhatsApp Randm\" width=\"297\" height=\"316\" srcset=\"https:\/\/vapebulkp.com\/wp-content\/uploads\/2024\/04\/Mandy-WhatsApp-Randm.jpg 916w, https:\/\/vapebulkp.com\/wp-content\/uploads\/2024\/04\/Mandy-WhatsApp-Randm-282x300.jpg 282w, https:\/\/vapebulkp.com\/wp-content\/uploads\/2024\/04\/Mandy-WhatsApp-Randm-768x817.jpg 768w, https:\/\/vapebulkp.com\/wp-content\/uploads\/2024\/04\/Mandy-WhatsApp-Randm-600x638.jpg 600w\" sizes=\"(max-width: 297px) 100vw, 297px\" \/><\/p>\n<p><span style=\"color: #ff0000\">OPOMBA: Cene na na\u0161i spletni strani ne vklju\u010dujejo stro\u0161kov po\u0161iljanja.<\/span><\/p>\n<p>&nbsp;<\/p>","protected":false},"featured_media":3266,"comment_status":"open","ping_status":"closed","template":"","meta":{"_uag_custom_page_level_css":"","_lmt_disableupdate":"no","_lmt_disable":"","site-sidebar-layout":"default","site-content-layout":"content-boxed-container","ast-site-content-layout":"normal-width-container","site-content-style":"boxed","site-sidebar-style":"unboxed","ast-global-header-display":"","ast-banner-title-visibility":"","ast-main-header-display":"","ast-hfb-above-header-display":"","ast-hfb-below-header-display":"","ast-hfb-mobile-header-display":"","site-post-title":"","ast-breadcrumbs-content":"","ast-featured-img":"","footer-sml-layout":"","theme-transparent-header-meta":"default","adv-header-id-meta":"","stick-header-meta":"","header-above-stick-meta":"","header-main-stick-meta":"","header-below-stick-meta":"","astra-migrate-meta-layouts":"set","_joinchat":[]},"product_cat":[160,153,155,33,59,100,87,34,158,157,154,152,58,84,156,63,32],"product_tag":[36,37,41,40,193],"class_list":["post-3268","product","type-product","status-publish","has-post-thumbnail","hentry","product_cat-30000-puff-disposable-vape","product_cat-hot-disposable-vapes","product_cat-belgium-hot-disposable-vapes","product_cat-france-vape-hot-sale","product_cat-germany-hot-disposable-vape","product_cat-germany-wholesale-vape-shop","product_cat-minimum-order-quantity-50pcs","product_cat-netherlands-vape-good-sale","product_cat-norway-hot-disposable-vapes","product_cat-poland-hot-disposable-vapes","product_cat-portugal-hot-disposable-vapes","product_cat-spain-hot-disposable-vapes","product_cat-sweden-hot-disposable-vape","product_cat-sweden-wholesale-vape","product_cat-switzerland-hot-disposable-vapes","product_cat-top-sale-disposable-vape","product_cat-vape-hot-sale-this-week","product_tag-good-vape","product_tag-hot-sale-disposable-vape","product_tag-poland-hot-vape","product_tag-sweden-hot-vape","product_tag-vookbar-30000-puffs","desktop-align-left","tablet-align-left","mobile-align-left"],"yoast_head":"<!-- This site is optimized with the Yoast SEO plugin v21.1 - https:\/\/yoast.com\/wordpress\/plugins\/seo\/ -->\n<title>Vookbar 30000 Puffs Touch Screen Disposable Vapes Wholesale Price - vapebulkp.com<\/title>\n<meta name=\"description\" content=\"Shop Vookbar 30000 Puffs Touch Screen Disposable Vapes at wholesale prices. High-capacity, sleek design, and advanced features for premium vaping.\" \/>\n<meta name=\"robots\" content=\"index, follow, max-snippet:-1, max-image-preview:large, max-video-preview:-1\" \/>\n<link rel=\"canonical\" href=\"https:\/\/vapebulkp.com\/sl\/product\/vookbar-30000-puffs-touch-screen-disposable-vapes-wholesale-price\/\" \/>\n<meta property=\"og:locale\" content=\"sl_SI\" \/>\n<meta property=\"og:type\" content=\"article\" \/>\n<meta property=\"og:title\" content=\"Vookbar 30000 Puffs Touch Screen Disposable Vapes Wholesale Price - vapebulkp.com\" \/>\n<meta property=\"og:description\" content=\"Shop Vookbar 30000 Puffs Touch Screen Disposable Vapes at wholesale prices. High-capacity, sleek design, and advanced features for premium vaping.\" \/>\n<meta property=\"og:url\" content=\"https:\/\/vapebulkp.com\/sl\/product\/vookbar-30000-puffs-touch-screen-disposable-vapes-wholesale-price\/\" \/>\n<meta property=\"og:site_name\" content=\"vapebulkp.com\" \/>\n<meta property=\"article:modified_time\" content=\"2025-09-03T03:31:08+00:00\" \/>\n<meta property=\"og:image\" content=\"http:\/\/vapebulkp.com\/wp-content\/uploads\/2024\/12\/Vookbar-30000-Puffs-Top-Sale-Vape.png\" \/>\n\t<meta property=\"og:image:width\" content=\"800\" \/>\n\t<meta property=\"og:image:height\" content=\"800\" \/>\n\t<meta property=\"og:image:type\" content=\"image\/png\" \/>\n<meta name=\"twitter:card\" content=\"summary_large_image\" \/>\n<meta name=\"twitter:label1\" content=\"Est. reading time\" \/>\n\t<meta name=\"twitter:data1\" content=\"4 minute\" \/>\n<script type=\"application\/ld+json\" class=\"yoast-schema-graph\">{\"@context\":\"https:\/\/schema.org\",\"@graph\":[{\"@type\":\"WebPage\",\"@id\":\"https:\/\/vapebulkp.com\/product\/vookbar-30000-puffs-touch-screen-disposable-vapes-wholesale-price\/\",\"url\":\"https:\/\/vapebulkp.com\/product\/vookbar-30000-puffs-touch-screen-disposable-vapes-wholesale-price\/\",\"name\":\"Vookbar 30000 Puffs Touch Screen Disposable Vapes Wholesale Price - vapebulkp.com\",\"isPartOf\":{\"@id\":\"https:\/\/vapebulkp.com\/#website\"},\"datePublished\":\"2024-12-20T08:24:34+00:00\",\"dateModified\":\"2025-09-03T03:31:08+00:00\",\"description\":\"Shop Vookbar 30000 Puffs Touch Screen Disposable Vapes at wholesale prices. High-capacity, sleek design, and advanced features for premium vaping.\",\"breadcrumb\":{\"@id\":\"https:\/\/vapebulkp.com\/product\/vookbar-30000-puffs-touch-screen-disposable-vapes-wholesale-price\/#breadcrumb\"},\"inLanguage\":\"sl-SI\",\"potentialAction\":[{\"@type\":\"ReadAction\",\"target\":[\"https:\/\/vapebulkp.com\/product\/vookbar-30000-puffs-touch-screen-disposable-vapes-wholesale-price\/\"]}]},{\"@type\":\"BreadcrumbList\",\"@id\":\"https:\/\/vapebulkp.com\/product\/vookbar-30000-puffs-touch-screen-disposable-vapes-wholesale-price\/#breadcrumb\",\"itemListElement\":[{\"@type\":\"ListItem\",\"position\":1,\"name\":\"Home\",\"item\":\"https:\/\/vapebulkp.com\/\"},{\"@type\":\"ListItem\",\"position\":2,\"name\":\"Hot Trend Vapes\",\"item\":\"https:\/\/vapebulkp.com\/vape-shop\/\"},{\"@type\":\"ListItem\",\"position\":3,\"name\":\"Vookbar 30000 Puffs Touch Screen Disposable Vapes Wholesale Price\"}]},{\"@type\":\"WebSite\",\"@id\":\"https:\/\/vapebulkp.com\/#website\",\"url\":\"https:\/\/vapebulkp.com\/\",\"name\":\"vapebulkp.com\",\"description\":\"Buy Vape In Cheap Bulk Price Near you\",\"publisher\":{\"@id\":\"https:\/\/vapebulkp.com\/#organization\"},\"potentialAction\":[{\"@type\":\"SearchAction\",\"target\":{\"@type\":\"EntryPoint\",\"urlTemplate\":\"https:\/\/vapebulkp.com\/?s={search_term_string}\"},\"query-input\":\"required name=search_term_string\"}],\"inLanguage\":\"sl-SI\"},{\"@type\":\"Organization\",\"@id\":\"https:\/\/vapebulkp.com\/#organization\",\"name\":\"vapebulkp.com\",\"url\":\"https:\/\/vapebulkp.com\/\",\"logo\":{\"@type\":\"ImageObject\",\"inLanguage\":\"sl-SI\",\"@id\":\"https:\/\/vapebulkp.com\/#\/schema\/logo\/image\/\",\"url\":\"https:\/\/vapebulkp.com\/wp-content\/uploads\/2023\/09\/cropped-vapebulkp.png\",\"contentUrl\":\"https:\/\/vapebulkp.com\/wp-content\/uploads\/2023\/09\/cropped-vapebulkp.png\",\"width\":516,\"height\":163,\"caption\":\"vapebulkp.com\"},\"image\":{\"@id\":\"https:\/\/vapebulkp.com\/#\/schema\/logo\/image\/\"}}]}<\/script>\n<!-- \/ Yoast SEO plugin. -->","yoast_head_json":{"title":"Vookbar 30000 Puffs Touch Screen Disposable Vapes Wholesale Price - vapebulkp.com","description":"Shop Vookbar 30000 Puffs Touch Screen Disposable Vapes at wholesale prices. High-capacity, sleek design, and advanced features for premium vaping.","robots":{"index":"index","follow":"follow","max-snippet":"max-snippet:-1","max-image-preview":"max-image-preview:large","max-video-preview":"max-video-preview:-1"},"canonical":"https:\/\/vapebulkp.com\/sl\/product\/vookbar-30000-puffs-touch-screen-disposable-vapes-wholesale-price\/","og_locale":"sl_SI","og_type":"article","og_title":"Vookbar 30000 Puffs Touch Screen Disposable Vapes Wholesale Price - vapebulkp.com","og_description":"Shop Vookbar 30000 Puffs Touch Screen Disposable Vapes at wholesale prices. High-capacity, sleek design, and advanced features for premium vaping.","og_url":"https:\/\/vapebulkp.com\/sl\/product\/vookbar-30000-puffs-touch-screen-disposable-vapes-wholesale-price\/","og_site_name":"vapebulkp.com","article_modified_time":"2025-09-03T03:31:08+00:00","og_image":[{"width":800,"height":800,"url":"http:\/\/vapebulkp.com\/wp-content\/uploads\/2024\/12\/Vookbar-30000-Puffs-Top-Sale-Vape.png","type":"image\/png"}],"twitter_card":"summary_large_image","twitter_misc":{"Est. reading time":"4 minute"},"schema":{"@context":"https:\/\/schema.org","@graph":[{"@type":"WebPage","@id":"https:\/\/vapebulkp.com\/product\/vookbar-30000-puffs-touch-screen-disposable-vapes-wholesale-price\/","url":"https:\/\/vapebulkp.com\/product\/vookbar-30000-puffs-touch-screen-disposable-vapes-wholesale-price\/","name":"Vookbar 30000 Puffs Touch Screen Disposable Vapes Wholesale Price - vapebulkp.com","isPartOf":{"@id":"https:\/\/vapebulkp.com\/#website"},"datePublished":"2024-12-20T08:24:34+00:00","dateModified":"2025-09-03T03:31:08+00:00","description":"Shop Vookbar 30000 Puffs Touch Screen Disposable Vapes at wholesale prices. High-capacity, sleek design, and advanced features for premium vaping.","breadcrumb":{"@id":"https:\/\/vapebulkp.com\/product\/vookbar-30000-puffs-touch-screen-disposable-vapes-wholesale-price\/#breadcrumb"},"inLanguage":"sl-SI","potentialAction":[{"@type":"ReadAction","target":["https:\/\/vapebulkp.com\/product\/vookbar-30000-puffs-touch-screen-disposable-vapes-wholesale-price\/"]}]},{"@type":"BreadcrumbList","@id":"https:\/\/vapebulkp.com\/product\/vookbar-30000-puffs-touch-screen-disposable-vapes-wholesale-price\/#breadcrumb","itemListElement":[{"@type":"ListItem","position":1,"name":"Home","item":"https:\/\/vapebulkp.com\/"},{"@type":"ListItem","position":2,"name":"Hot Trend Vapes","item":"https:\/\/vapebulkp.com\/vape-shop\/"},{"@type":"ListItem","position":3,"name":"Vookbar 30000 Puffs Touch Screen Disposable Vapes Wholesale Price"}]},{"@type":"WebSite","@id":"https:\/\/vapebulkp.com\/#website","url":"https:\/\/vapebulkp.com\/","name":"vapebulkp.com","description":"Buy Vape In Cheap Bulk Price Near you","publisher":{"@id":"https:\/\/vapebulkp.com\/#organization"},"potentialAction":[{"@type":"SearchAction","target":{"@type":"EntryPoint","urlTemplate":"https:\/\/vapebulkp.com\/?s={search_term_string}"},"query-input":"required name=search_term_string"}],"inLanguage":"sl-SI"},{"@type":"Organization","@id":"https:\/\/vapebulkp.com\/#organization","name":"vapebulkp.com","url":"https:\/\/vapebulkp.com\/","logo":{"@type":"ImageObject","inLanguage":"sl-SI","@id":"https:\/\/vapebulkp.com\/#\/schema\/logo\/image\/","url":"https:\/\/vapebulkp.com\/wp-content\/uploads\/2023\/09\/cropped-vapebulkp.png","contentUrl":"https:\/\/vapebulkp.com\/wp-content\/uploads\/2023\/09\/cropped-vapebulkp.png","width":516,"height":163,"caption":"vapebulkp.com"},"image":{"@id":"https:\/\/vapebulkp.com\/#\/schema\/logo\/image\/"}}]}},"uagb_featured_image_src":{"full":["https:\/\/vapebulkp.com\/wp-content\/uploads\/2024\/12\/Vookbar-30000-Puffs-Top-Sale-Vape.png",800,800,false],"thumbnail":["https:\/\/vapebulkp.com\/wp-content\/uploads\/2024\/12\/Vookbar-30000-Puffs-Top-Sale-Vape-150x150.png",150,150,true],"medium":["https:\/\/vapebulkp.com\/wp-content\/uploads\/2024\/12\/Vookbar-30000-Puffs-Top-Sale-Vape-300x300.png",300,300,true],"medium_large":["https:\/\/vapebulkp.com\/wp-content\/uploads\/2024\/12\/Vookbar-30000-Puffs-Top-Sale-Vape-768x768.png",768,768,true],"large":["https:\/\/vapebulkp.com\/wp-content\/uploads\/2024\/12\/Vookbar-30000-Puffs-Top-Sale-Vape.png",800,800,false],"1536x1536":["https:\/\/vapebulkp.com\/wp-content\/uploads\/2024\/12\/Vookbar-30000-Puffs-Top-Sale-Vape.png",800,800,false],"2048x2048":["https:\/\/vapebulkp.com\/wp-content\/uploads\/2024\/12\/Vookbar-30000-Puffs-Top-Sale-Vape.png",800,800,false],"trp-custom-language-flag":["https:\/\/vapebulkp.com\/wp-content\/uploads\/2024\/12\/Vookbar-30000-Puffs-Top-Sale-Vape.png",12,12,false],"woocommerce_thumbnail":["https:\/\/vapebulkp.com\/wp-content\/uploads\/2024\/12\/Vookbar-30000-Puffs-Top-Sale-Vape-300x300.png",300,300,true],"woocommerce_single":["https:\/\/vapebulkp.com\/wp-content\/uploads\/2024\/12\/Vookbar-30000-Puffs-Top-Sale-Vape-600x600.png",600,600,true],"woocommerce_gallery_thumbnail":["https:\/\/vapebulkp.com\/wp-content\/uploads\/2024\/12\/Vookbar-30000-Puffs-Top-Sale-Vape-100x100.png",100,100,true],"wcpr-photo-reviews":["https:\/\/vapebulkp.com\/wp-content\/uploads\/2024\/12\/Vookbar-30000-Puffs-Top-Sale-Vape.png",500,500,false]},"uagb_author_info":{"display_name":"Mandy vape bulk price","author_link":"https:\/\/vapebulkp.com\/sl\/author\/"},"uagb_comment_info":0,"uagb_excerpt":"Vookbar 30000 Puffs Touch Screen Disposable Vapes at wholesale prices. Long-lasting, high-quality, and innovative vaping solution. Bulk orders available. Pls Contact Mandy's WhatsApp For Discount Price+8618077105796 &nbsp; NOTE: Prices on our website does not include shipping costs &nbsp;","_links":{"self":[{"href":"https:\/\/vapebulkp.com\/sl\/wp-json\/wp\/v2\/product\/3268","targetHints":{"allow":["GET"]}}],"collection":[{"href":"https:\/\/vapebulkp.com\/sl\/wp-json\/wp\/v2\/product"}],"about":[{"href":"https:\/\/vapebulkp.com\/sl\/wp-json\/wp\/v2\/types\/product"}],"replies":[{"embeddable":true,"href":"https:\/\/vapebulkp.com\/sl\/wp-json\/wp\/v2\/comments?post=3268"}],"wp:featuredmedia":[{"embeddable":true,"href":"https:\/\/vapebulkp.com\/sl\/wp-json\/wp\/v2\/media\/3266"}],"wp:attachment":[{"href":"https:\/\/vapebulkp.com\/sl\/wp-json\/wp\/v2\/media?parent=3268"}],"wp:term":[{"taxonomy":"product_cat","embeddable":true,"href":"https:\/\/vapebulkp.com\/sl\/wp-json\/wp\/v2\/product_cat?post=3268"},{"taxonomy":"product_tag","embeddable":true,"href":"https:\/\/vapebulkp.com\/sl\/wp-json\/wp\/v2\/product_tag?post=3268"}],"curies":[{"name":"wp","href":"https:\/\/api.w.org\/{rel}","templated":true}]}}