{"id":3344,"date":"2025-01-03T09:08:05","date_gmt":"2025-01-03T08:08:05","guid":{"rendered":"https:\/\/vapebulkp.com\/?post_type=product&#038;p=3344"},"modified":"2025-09-24T05:06:40","modified_gmt":"2025-09-24T03:06:40","slug":"razz-bar-25000-puffs-wholesale-price-vape-eu-warehouse","status":"publish","type":"product","link":"https:\/\/vapebulkp.com\/sl\/product\/razz-bar-25000-puffs-wholesale-price-vape-eu-warehouse\/","title":{"rendered":"RAZZ BAR 25000 Vpihov Cena na debelo Vape EU Skladi\u0161\u010de"},"content":{"rendered":"<h2 style=\"text-align: left\">RAZZ BAR 25000 Vpihov Cena na debelo Vape EU Skladi\u0161\u010de<\/h2>\n<p>RAZZ BAR <a href=\"https:\/\/vapebulkp.com\/sl\/product-category\/25000-puffs-disposable-vape\/\">25000 Pihov za enkratno uporabo<\/a> zagotavlja dolgotrajno delovanje in bogat okus, zasnovan za evropske trgovce na drobno in vaperje, ki zahtevajo kakovost. Ta polnilna za enkratno uporabo vape, ki jo napaja 650 mAh baterija z vgrajenim polnilnikom Type-C za hitro polnjenje, zagotavlja gladko, dosledno paro zahvaljujo\u010d napredni tehnologiji mre\u017ene tuljave.<\/p>\n<p>Z 25.000 vpihi na napravo in 16 skrbno izbranimi okusi zadovolji tako ob\u010dasne uporabnike kot izku\u0161ene vaperje. Njegova elegantna, kompaktna zasnova zagotavlja prenosljivost in slog, medtem ko trpe\u017ena konstrukcija podpira dalj\u0161o uporabo.<\/p>\n<p>Kot nala\u0161\u010d za veleprodajo vape v EU, vsaka \u0161katla vsebuje 200 enot, kar jo naredi idealno izbiro za velike nakupe, po\u0161iljanje iz skladi\u0161\u010da v EU pa zagotavlja hitro, stro\u0161kovno u\u010dinkovito dostavo. Dodajte RAZZ BAR 25000 Vpihov v svoj inventar in ponudite mo\u017enost vapinga z veliko kapaciteto, za katero se bodo va\u0161e stranke vra\u010dale.<\/p>\n<figure id=\"attachment_3338\" aria-describedby=\"caption-attachment-3338\" style=\"width: 652px\" class=\"wp-caption alignnone\"><img decoding=\"async\" class=\"wp-image-3338\" src=\"http:\/\/vapebulkp.com\/wp-content\/uploads\/2025\/01\/RAZZ-BAR-25000-Puff-Love-66.webp\" alt=\"RAZZ BAR 25000 Vpihov Love 66\" width=\"652\" height=\"652\" srcset=\"https:\/\/vapebulkp.com\/wp-content\/uploads\/2025\/01\/RAZZ-BAR-25000-Puff-Love-66.webp 800w, https:\/\/vapebulkp.com\/wp-content\/uploads\/2025\/01\/RAZZ-BAR-25000-Puff-Love-66-300x300.webp 300w, https:\/\/vapebulkp.com\/wp-content\/uploads\/2025\/01\/RAZZ-BAR-25000-Puff-Love-66-150x150.webp 150w, https:\/\/vapebulkp.com\/wp-content\/uploads\/2025\/01\/RAZZ-BAR-25000-Puff-Love-66-768x768.webp 768w, https:\/\/vapebulkp.com\/wp-content\/uploads\/2025\/01\/RAZZ-BAR-25000-Puff-Love-66-600x600.webp 600w, https:\/\/vapebulkp.com\/wp-content\/uploads\/2025\/01\/RAZZ-BAR-25000-Puff-Love-66-100x100.webp 100w\" sizes=\"(max-width: 652px) 100vw, 652px\" \/><figcaption id=\"caption-attachment-3338\" class=\"wp-caption-text\">RAZZ BAR 25000 Vpihov Love 66<\/figcaption><\/figure>\n<h6><span style=\"color: #ff0000\">Za popust se obrnite na Mandyin WhatsApp<a style=\"color: #ff0000\" href=\"https:\/\/wa.me\/8618077105796\">+8618077105796<\/a><\/span><\/h6>\n<p><img decoding=\"async\" class=\"alignnone wp-image-2151\" src=\"http:\/\/vapebulkp.com\/wp-content\/uploads\/2024\/04\/Mandy-WhatsApp-Randm.jpg\" alt=\"Mandy WhatsApp Randm\" width=\"324\" height=\"330\" \/><\/p>\n<div class=\"flex max-w-full flex-col flex-grow\">\n<div class=\"min-h-8 text-message flex w-full flex-col items-end gap-2 whitespace-normal break-words text-start [.text-message+&amp;]:mt-5\" dir=\"auto\" data-message-author-role=\"assistant\" data-message-id=\"d24cf626-c018-4805-80f5-44de047f2ba0\" data-message-model-slug=\"gpt-4o\">\n<div class=\"flex w-full flex-col gap-1 empty:hidden first:pt-[3px]\">\n<div class=\"markdown prose w-full break-words dark:prose-invert light\">\n<h2>Zakaj izbrati RAZZ BAR VAPES 25000 PUFF pri <a href=\"https:\/\/vapebulkp.com\/sl\/vape-shop\/\">Vapebulkp.com<\/a>?<\/h2>\n<ul>\n<li><strong>Ekskluzivne veleprodajne cene:<\/strong> Vapebulkp.com ponuja neprekosljive veleprodajne cene za <strong>RAZZ BAR 25000 Vpihov<\/strong>, kar zagotavlja najve\u010djo vrednost za trgovce na drobno in distributerje.<\/li>\n<li><strong>Izbor vrhunskih izdelkov:<\/strong> The <strong>RAZZ BAR Vapes<\/strong> vsebuje napredno tehnologijo mre\u017easte tuljave, 650mAh baterije za ponovno polnjenje in do <strong>25.000 vpihov<\/strong>, kar zagotavlja visokokakovostno izku\u0161njo vapinga.<\/li>\n<li><strong>\u0160iroka paleta okusov:<\/strong> Z <strong>16 edinstvenimi okusi<\/strong>, Vapebulkp.com skrbi za razli\u010dne preference strank, kar olaj\u0161a zalaganje privla\u010dnih mo\u017enosti.<\/li>\n<li><strong>Poenostavljena nakupovalna izku\u0161nja:<\/strong> U\u017eivajte v intuitivnem vmesniku, podrobnih opisih izdelkov in varnih mo\u017enostih pla\u010dila za nakupe brez te\u017eav.<\/li>\n<li><strong>Po\u0161iljanje po Sloveniji:<\/strong> Vapebulkp.com zagotavlja zanesljivo in u\u010dinkovito dostavo po Sloveniji in drugih regijah, kar zagotavlja pravo\u010dasno izpolnjevanje naro\u010dil.<\/li>\n<li><strong>Zaupanja vredna kakovost:<\/strong> Vsak izdelek RAZZ BAR je podvr\u017een strogemu nadzoru kakovosti, da izpolnjuje visoke standarde in pove\u010da zadovoljstvo strank.<\/li>\n<li><strong>Mo\u017enosti OEM\/ODM:<\/strong> Mo\u017enosti prilagajanja omogo\u010dajo podjetjem, da ustvarijo blagovne re\u0161itve s personalizirano embala\u017eo ali logotipi.<\/li>\n<li><strong>Podpora, osredoto\u010dena na stranke:<\/strong> Vapebulkp.com ponuja namensko podporo strankam za obravnavanje poizvedb in zagotavljanje nemotenih transakcij.<\/li>\n<\/ul>\n<\/div>\n<\/div>\n<\/div>\n<\/div>\n<h2>Veleprodaja Vape Razz Bar 25k Puffs Klju\u010dne specifikacije:<\/h2>\n<ul>\n<li><strong>Kapaciteta pr\u0161ila:<\/strong> Do 25.000 vpihov<\/li>\n<li><strong>Mo\u017enosti nikotina:<\/strong> 2% in 5% nikotinska sol<\/li>\n<li><strong>Baterija:<\/strong> 650mAh polnilna<\/li>\n<li><strong>Polnjenje:<\/strong> s hitrim polnjenjem Type-C<\/li>\n<li><strong>Tehnologija tuljav:<\/strong> Mre\u017easta tuljava za bolj gladko paro in izbolj\u0161an okus<\/li>\n<li><strong>Okusi:<\/strong> 16 edinstvenih mo\u017enosti<\/li>\n<li><strong>Pakiranje:<\/strong> 200 kosov na \u0161katlo<\/li>\n<\/ul>\n<h2>Grosisti\u010dni nakup Vape Razz Bar 25000 vpihov <strong>Seznam okusov<\/strong><\/h2>\n<p>1.So\u010dna breskev z mentolom<br \/>\n2.Jagoda banana<br \/>\n3.Rde\u010di bik grozdje<br \/>\n4.Borovnica z mentolom<br \/>\n5.Lubenic\u0430 z mentolom<br \/>\n6.Bujna lubenica z mentolom<br \/>\n7.Tropsko sadje<br \/>\n8.Jagoda kivi<br \/>\n9.Jagoda z mentolom<br \/>\n10.Me\u0161ane jagode<br \/>\n11.Jagoda malina \u010de\u0161nja z mentolom<br \/>\n12.Ljubezen 66<br \/>\n13.\u010crni zmaj z mentolom<br \/>\n14.Limona limeta<br \/>\n15.Borovnica kisla malina<br \/>\n16.Jagoda lubenica \u017eve\u010dilni gumi<\/p>\n<p><a href=\"https:\/\/vapebulkp.com\/sl\/product\/aivono-curved-smart-screen-35000-puffs-disposable-vape-wholesale-price\/\"><span style=\"vertical-align: inherit\">Aivono 35000\u00a0 Vpihov <\/span><\/a><\/p>\n<p><span style=\"vertical-align: inherit\">Poi\u0161\u010dite ve\u010d izdelkov, ki bi vam bili morda v\u0161e\u010d:<\/span><em><a href=\"https:\/\/wa.me\/8618077105796\"><span style=\"vertical-align: inherit\">\u00a0Kupite zdaj<\/span><\/a><\/em><\/p>\n<p><span style=\"vertical-align: inherit\">Drugi 'puffs', ki bi vam bili morda v\u0161e\u010d:<\/span><a href=\"https:\/\/vapebulkp.com\/sl\/product\/wholesale-price-bang-kingdoms-rex-32000-puffs-vape-pod\/\"><span style=\"vertical-align: inherit\">Bang Kingdoms\u00a0 32000Vpihov<\/span><\/a><span style=\"vertical-align: inherit\">\u3001<\/span><a href=\"https:\/\/vapebulkp.com\/sl\/product\/bood-pulse-pro-25k-50k-disposable-vape-bar-5000-puffs-nicotine-free\/\"><span style=\"vertical-align: inherit\">Bood pulse pro 50000 vpihov<\/span><\/a><span style=\"vertical-align: inherit\">\/ <\/span><a href=\"https:\/\/vapebulkp.com\/sl\/product\/vapsolo-best-quality-viking-12k-puffs-disposable-vapes\/\"><span style=\"vertical-align: inherit\">Vapsolo viking 12000 Pih<\/span><\/a><span style=\"vertical-align: inherit\">\/ <\/span><a href=\"https:\/\/vapebulkp.com\/sl\/product\/waspe-vape-40000-puff-fihp-double-flavour-disposable-vape\/\"><span style=\"vertical-align: inherit\">WASPE 40000 Pih<\/span><\/a><\/p>\n<p><span style=\"vertical-align: inherit\">E-cigareta posebne oblike steklenice:<\/span><a href=\"https:\/\/vapebulkp.com\/sl\/product\/vapsolo-feed-bar-shisha-vape-15000-puffs-wholesale-price\/\"><span style=\"vertical-align: inherit\"> Vapsolo nargila 15000 vpihov<\/span><\/a><span style=\"vertical-align: inherit\">\/ <\/span><a href=\"https:\/\/vapebulkp.com\/sl\/product\/vopk-ultra-30000-puffs-rgb-light-mesh-coil-rechargeable-vape-wholesale-price\/\"><span style=\"vertical-align: inherit\">\u00a0VOPK ULTRA 30000 vpihov <\/span><\/a><span style=\"vertical-align: inherit\">\/<\/span><a href=\"https:\/\/vapebulkp.com\/sl\/product\/bang-box-35000-puffs-touch-switch-digital-screen-rechargeable-vape\/\"><span style=\"vertical-align: inherit\"> Bang Box 35000 Vpihov<\/span><\/a><\/p>\n<h2><\/h2>\n<h3>FAQ za RAZZ BAR 25000 Vpihov Najbolj\u0161e enkratne vape<\/h3>\n<p>&nbsp;<\/p>\n<p><strong>V: Koliko vpihov zagotavljajo veleprodajne RAZZ BAR 25000 vape?<\/strong><br \/>\n<strong>A:<\/strong> Naprava zagotavlja do <strong>25.000 vpihov<\/strong>, kar zagotavlja dolgotrajno u\u017eivanje.<\/p>\n<p><strong>V: Ali lahko RAZZ BAR 25000 Vpihov ponovno napolnim?<\/strong><br \/>\n<strong>A:<\/strong> Da, ima <strong>650-mAh polnilno baterijo<\/strong> z <strong>Polnjenje Type-C<\/strong> za hitro in u\u010dinkovito polnjenje.<\/p>\n<p><strong>V: Koliko okusov je na voljo za RAZZ VAPE 25000 Vpihov?<\/strong><br \/>\n<strong>A:<\/strong> RAZZ BAR je na voljo v <strong>16 razli\u010dnih okusih<\/strong>, ki ustrezajo \u0161irokemu spektru okusov.<\/p>\n<p><strong>V: Ali RAZZ BAR uporablja napredno tehnologijo grelne tuljave?<\/strong><br \/>\n<strong>A:<\/strong> Da, opremljen je z <strong>mre\u017ena tuljava<\/strong>, kar zagotavlja bolj gladko paro in bogatej\u0161i okus.<\/p>\n<p><strong>V: Ali so pod vape RAZZ BAR 25000 vpihov napolnjivi?<\/strong><br \/>\n<strong>A:<\/strong> Ne, RAZZ BAR 25k vpihov je enkratna vape in je prilo\u017eena prednapolnjena z e-teko\u010dino.<\/p>\n<p><strong>V: Ali obstajajo kak\u0161ni varnostni ukrepi pri uporabi vape RAZZBAR 25000 vpihov?<\/strong><br \/>\n<strong>A:<\/strong> Izogibajte se prekomernemu polnjenju in napravo shranjujte v hladnem in suhem prostoru. Po uporabi jo ustrezno zavrzite.<\/p>\n<h4>Podrobnosti dostave:<\/h4>\n<p><span style=\"color: #ff6600\">\u010cas proizvodnje: 5\u201310 delovnih dni<\/span><br \/>\n<span style=\"color: #ff6600\">\u010cas dostave: 8\u201314 delovnih dni<\/span><\/p>\n<p>Vsi izdelki v na\u0161i trgovini so 100% originalni in avtenti\u010dni, zato je na\u0161a politika desetkratno nadomestilo za ponarejeno blago. Za dostavo blaga vam uporabljamo logisti\u010dne kanale, kot so UPS\/DHL\/FEDEX\/DPD.<\/p>\n<p>Za pakete, poslane v Slovenijo, obi\u010dajno traja 10 delovnih dni. Po\u0161iljanje v evropske dr\u017eave obi\u010dajno traja 12 do 15 delovnih dni. Logisti\u010dne informacije vam bomo sproti posodabljali.<\/p>","protected":false},"excerpt":{"rendered":"<div class=\"flex-shrink-0 flex flex-col relative items-end\">\n<div>\n<div class=\"pt-0\">\n<div class=\"gizmo-bot-avatar flex h-8 w-8 items-center justify-center overflow-hidden rounded-full\">\n<div class=\"relative p-1 rounded-sm flex items-center justify-center bg-token-main-surface-primary text-token-text-primary h-8 w-8\"><strong style=\"font-size: 16px\">Razz Bar 25000 Vpihov:<\/strong><span style=\"font-size: 16px\"> Lastnosti <\/span><strong style=\"font-size: 16px\">2\/5% nikotinska sol<\/strong><span style=\"font-size: 16px\">, <\/span><strong style=\"font-size: 16px\">25.000 vpihov<\/strong><span style=\"font-size: 16px\">, <\/span><strong style=\"font-size: 16px\">650-mAh polnilno baterijo<\/strong><span style=\"font-size: 16px\">, <\/span><strong style=\"font-size: 16px\">mre\u017ena tuljava<\/strong><span style=\"font-size: 16px\">, <\/span><strong style=\"font-size: 16px\">Polnjenje Type-C<\/strong><span style=\"font-size: 16px\">, <\/span><strong style=\"font-size: 16px\">16 okusov<\/strong><span style=\"font-size: 16px\">in <\/span><strong style=\"font-size: 16px\">200 kosov na \u0161katlo<\/strong><span style=\"font-size: 16px\"> za vrhunsko priro\u010dnost.<\/span><\/div>\n<\/div>\n<\/div>\n<\/div>\n<\/div>\n<p>Za popust se obrnite na Mandyin WhatsApp<a href=\"https:\/\/wa.me\/8618077105796\">+8618077105796<\/a><\/p>\n<p><img decoding=\"async\" class=\"alignnone wp-image-2151\" src=\"http:\/\/vapebulkp.com\/wp-content\/uploads\/2024\/04\/Mandy-WhatsApp-Randm.jpg\" alt=\"Mandy WhatsApp Randm\" width=\"297\" height=\"316\" srcset=\"https:\/\/vapebulkp.com\/wp-content\/uploads\/2024\/04\/Mandy-WhatsApp-Randm.jpg 916w, https:\/\/vapebulkp.com\/wp-content\/uploads\/2024\/04\/Mandy-WhatsApp-Randm-282x300.jpg 282w, https:\/\/vapebulkp.com\/wp-content\/uploads\/2024\/04\/Mandy-WhatsApp-Randm-768x817.jpg 768w, https:\/\/vapebulkp.com\/wp-content\/uploads\/2024\/04\/Mandy-WhatsApp-Randm-600x638.jpg 600w\" sizes=\"(max-width: 297px) 100vw, 297px\" \/><\/p>\n<p><span style=\"color: #ff0000\">OPOMBA: Cene na na\u0161i spletni strani ne vklju\u010dujejo stro\u0161kov po\u0161iljanja.<\/span><\/p>\n<p>&nbsp;<\/p>","protected":false},"featured_media":3340,"comment_status":"open","ping_status":"closed","template":"","meta":{"_uag_custom_page_level_css":"","_lmt_disableupdate":"no","_lmt_disable":"","site-sidebar-layout":"default","site-content-layout":"content-boxed-container","ast-site-content-layout":"normal-width-container","site-content-style":"boxed","site-sidebar-style":"unboxed","ast-global-header-display":"","ast-banner-title-visibility":"","ast-main-header-display":"","ast-hfb-above-header-display":"","ast-hfb-below-header-display":"","ast-hfb-mobile-header-display":"","site-post-title":"","ast-breadcrumbs-content":"","ast-featured-img":"","footer-sml-layout":"","theme-transparent-header-meta":"default","adv-header-id-meta":"","stick-header-meta":"","header-above-stick-meta":"","header-main-stick-meta":"","header-below-stick-meta":"","astra-migrate-meta-layouts":"set","_joinchat":[]},"product_cat":[161,153,155,33,59,100,87,34,158,157,154,358,152,58,84,156,63,32],"product_tag":[180,36,37,41,197,40],"class_list":["post-3344","product","type-product","status-publish","has-post-thumbnail","hentry","product_cat-25000-puffs-disposable-vape","product_cat-hot-disposable-vapes","product_cat-belgium-hot-disposable-vapes","product_cat-france-vape-hot-sale","product_cat-germany-hot-disposable-vape","product_cat-germany-wholesale-vape-shop","product_cat-minimum-order-quantity-50pcs","product_cat-netherlands-vape-good-sale","product_cat-norway-hot-disposable-vapes","product_cat-poland-hot-disposable-vapes","product_cat-portugal-hot-disposable-vapes","product_cat-razzbar-vape","product_cat-spain-hot-disposable-vapes","product_cat-sweden-hot-disposable-vape","product_cat-sweden-wholesale-vape","product_cat-switzerland-hot-disposable-vapes","product_cat-top-sale-disposable-vape","product_cat-vape-hot-sale-this-week","product_tag-25000-puffs","product_tag-good-vape","product_tag-hot-sale-disposable-vape","product_tag-poland-hot-vape","product_tag-razz-bar-25000-puffs","product_tag-sweden-hot-vape","pa_brand-razzbar-vape","desktop-align-left","tablet-align-left","mobile-align-left"],"yoast_head":"<!-- This site is optimized with the Yoast SEO plugin v21.1 - https:\/\/yoast.com\/wordpress\/plugins\/seo\/ -->\n<title>RAZZ BAR 25000 Puffs Wholesale Price Vape EU Warehouse - vapebulkp.com<\/title>\n<meta name=\"description\" content=\"Stock the RAZZ BAR 25000 Puffs vape with EU warehouse availability! Features 650mAh rechargeable battery, Type-C charging, 16 flavors. Perfect for bulk orders.\" \/>\n<meta name=\"robots\" content=\"index, follow, max-snippet:-1, max-image-preview:large, max-video-preview:-1\" \/>\n<link rel=\"canonical\" href=\"https:\/\/vapebulkp.com\/sl\/product\/razz-bar-25000-puffs-wholesale-price-vape-eu-warehouse\/\" \/>\n<meta property=\"og:locale\" content=\"sl_SI\" \/>\n<meta property=\"og:type\" content=\"article\" \/>\n<meta property=\"og:title\" content=\"RAZZ BAR 25000 Puffs Wholesale Price Vape EU Warehouse - vapebulkp.com\" \/>\n<meta property=\"og:description\" content=\"Stock the RAZZ BAR 25000 Puffs vape with EU warehouse availability! Features 650mAh rechargeable battery, Type-C charging, 16 flavors. Perfect for bulk orders.\" \/>\n<meta property=\"og:url\" content=\"https:\/\/vapebulkp.com\/sl\/product\/razz-bar-25000-puffs-wholesale-price-vape-eu-warehouse\/\" \/>\n<meta property=\"og:site_name\" content=\"vapebulkp.com\" \/>\n<meta property=\"article:modified_time\" content=\"2025-09-24T03:06:40+00:00\" \/>\n<meta property=\"og:image\" content=\"http:\/\/vapebulkp.com\/wp-content\/uploads\/2025\/01\/RAZZ-BAR-25000-Puffs-Lemon-Lime.webp\" \/>\n\t<meta property=\"og:image:width\" content=\"800\" \/>\n\t<meta property=\"og:image:height\" content=\"800\" \/>\n\t<meta property=\"og:image:type\" content=\"image\/webp\" \/>\n<meta name=\"twitter:card\" content=\"summary_large_image\" \/>\n<meta name=\"twitter:label1\" content=\"Est. reading time\" \/>\n\t<meta name=\"twitter:data1\" content=\"4 minute\" \/>\n<script type=\"application\/ld+json\" class=\"yoast-schema-graph\">{\"@context\":\"https:\/\/schema.org\",\"@graph\":[{\"@type\":\"WebPage\",\"@id\":\"https:\/\/vapebulkp.com\/product\/razz-bar-25000-puffs-wholesale-price-vape-eu-warehouse\/\",\"url\":\"https:\/\/vapebulkp.com\/product\/razz-bar-25000-puffs-wholesale-price-vape-eu-warehouse\/\",\"name\":\"RAZZ BAR 25000 Puffs Wholesale Price Vape EU Warehouse - vapebulkp.com\",\"isPartOf\":{\"@id\":\"https:\/\/vapebulkp.com\/#website\"},\"datePublished\":\"2025-01-03T08:08:05+00:00\",\"dateModified\":\"2025-09-24T03:06:40+00:00\",\"description\":\"Stock the RAZZ BAR 25000 Puffs vape with EU warehouse availability! Features 650mAh rechargeable battery, Type-C charging, 16 flavors. Perfect for bulk orders.\",\"breadcrumb\":{\"@id\":\"https:\/\/vapebulkp.com\/product\/razz-bar-25000-puffs-wholesale-price-vape-eu-warehouse\/#breadcrumb\"},\"inLanguage\":\"sl-SI\",\"potentialAction\":[{\"@type\":\"ReadAction\",\"target\":[\"https:\/\/vapebulkp.com\/product\/razz-bar-25000-puffs-wholesale-price-vape-eu-warehouse\/\"]}]},{\"@type\":\"BreadcrumbList\",\"@id\":\"https:\/\/vapebulkp.com\/product\/razz-bar-25000-puffs-wholesale-price-vape-eu-warehouse\/#breadcrumb\",\"itemListElement\":[{\"@type\":\"ListItem\",\"position\":1,\"name\":\"Home\",\"item\":\"https:\/\/vapebulkp.com\/\"},{\"@type\":\"ListItem\",\"position\":2,\"name\":\"Hot Trend Vapes\",\"item\":\"https:\/\/vapebulkp.com\/vape-shop\/\"},{\"@type\":\"ListItem\",\"position\":3,\"name\":\"RAZZ BAR 25000 Puffs Wholesale Price Vape EU Warehouse\"}]},{\"@type\":\"WebSite\",\"@id\":\"https:\/\/vapebulkp.com\/#website\",\"url\":\"https:\/\/vapebulkp.com\/\",\"name\":\"vapebulkp.com\",\"description\":\"Buy Vape In Cheap Bulk Price Near you\",\"publisher\":{\"@id\":\"https:\/\/vapebulkp.com\/#organization\"},\"potentialAction\":[{\"@type\":\"SearchAction\",\"target\":{\"@type\":\"EntryPoint\",\"urlTemplate\":\"https:\/\/vapebulkp.com\/?s={search_term_string}\"},\"query-input\":\"required name=search_term_string\"}],\"inLanguage\":\"sl-SI\"},{\"@type\":\"Organization\",\"@id\":\"https:\/\/vapebulkp.com\/#organization\",\"name\":\"vapebulkp.com\",\"url\":\"https:\/\/vapebulkp.com\/\",\"logo\":{\"@type\":\"ImageObject\",\"inLanguage\":\"sl-SI\",\"@id\":\"https:\/\/vapebulkp.com\/#\/schema\/logo\/image\/\",\"url\":\"https:\/\/vapebulkp.com\/wp-content\/uploads\/2023\/09\/cropped-vapebulkp.png\",\"contentUrl\":\"https:\/\/vapebulkp.com\/wp-content\/uploads\/2023\/09\/cropped-vapebulkp.png\",\"width\":516,\"height\":163,\"caption\":\"vapebulkp.com\"},\"image\":{\"@id\":\"https:\/\/vapebulkp.com\/#\/schema\/logo\/image\/\"}}]}<\/script>\n<!-- \/ Yoast SEO plugin. -->","yoast_head_json":{"title":"RAZZ BAR 25000 Puffs Wholesale Price Vape EU Warehouse - vapebulkp.com","description":"Stock the RAZZ BAR 25000 Puffs vape with EU warehouse availability! Features 650mAh rechargeable battery, Type-C charging, 16 flavors. Perfect for bulk orders.","robots":{"index":"index","follow":"follow","max-snippet":"max-snippet:-1","max-image-preview":"max-image-preview:large","max-video-preview":"max-video-preview:-1"},"canonical":"https:\/\/vapebulkp.com\/sl\/product\/razz-bar-25000-puffs-wholesale-price-vape-eu-warehouse\/","og_locale":"sl_SI","og_type":"article","og_title":"RAZZ BAR 25000 Puffs Wholesale Price Vape EU Warehouse - vapebulkp.com","og_description":"Stock the RAZZ BAR 25000 Puffs vape with EU warehouse availability! Features 650mAh rechargeable battery, Type-C charging, 16 flavors. Perfect for bulk orders.","og_url":"https:\/\/vapebulkp.com\/sl\/product\/razz-bar-25000-puffs-wholesale-price-vape-eu-warehouse\/","og_site_name":"vapebulkp.com","article_modified_time":"2025-09-24T03:06:40+00:00","og_image":[{"width":800,"height":800,"url":"http:\/\/vapebulkp.com\/wp-content\/uploads\/2025\/01\/RAZZ-BAR-25000-Puffs-Lemon-Lime.webp","type":"image\/webp"}],"twitter_card":"summary_large_image","twitter_misc":{"Est. reading time":"4 minute"},"schema":{"@context":"https:\/\/schema.org","@graph":[{"@type":"WebPage","@id":"https:\/\/vapebulkp.com\/product\/razz-bar-25000-puffs-wholesale-price-vape-eu-warehouse\/","url":"https:\/\/vapebulkp.com\/product\/razz-bar-25000-puffs-wholesale-price-vape-eu-warehouse\/","name":"RAZZ BAR 25000 Puffs Wholesale Price Vape EU Warehouse - vapebulkp.com","isPartOf":{"@id":"https:\/\/vapebulkp.com\/#website"},"datePublished":"2025-01-03T08:08:05+00:00","dateModified":"2025-09-24T03:06:40+00:00","description":"Stock the RAZZ BAR 25000 Puffs vape with EU warehouse availability! Features 650mAh rechargeable battery, Type-C charging, 16 flavors. Perfect for bulk orders.","breadcrumb":{"@id":"https:\/\/vapebulkp.com\/product\/razz-bar-25000-puffs-wholesale-price-vape-eu-warehouse\/#breadcrumb"},"inLanguage":"sl-SI","potentialAction":[{"@type":"ReadAction","target":["https:\/\/vapebulkp.com\/product\/razz-bar-25000-puffs-wholesale-price-vape-eu-warehouse\/"]}]},{"@type":"BreadcrumbList","@id":"https:\/\/vapebulkp.com\/product\/razz-bar-25000-puffs-wholesale-price-vape-eu-warehouse\/#breadcrumb","itemListElement":[{"@type":"ListItem","position":1,"name":"Home","item":"https:\/\/vapebulkp.com\/"},{"@type":"ListItem","position":2,"name":"Hot Trend Vapes","item":"https:\/\/vapebulkp.com\/vape-shop\/"},{"@type":"ListItem","position":3,"name":"RAZZ BAR 25000 Puffs Wholesale Price Vape EU Warehouse"}]},{"@type":"WebSite","@id":"https:\/\/vapebulkp.com\/#website","url":"https:\/\/vapebulkp.com\/","name":"vapebulkp.com","description":"Buy Vape In Cheap Bulk Price Near you","publisher":{"@id":"https:\/\/vapebulkp.com\/#organization"},"potentialAction":[{"@type":"SearchAction","target":{"@type":"EntryPoint","urlTemplate":"https:\/\/vapebulkp.com\/?s={search_term_string}"},"query-input":"required name=search_term_string"}],"inLanguage":"sl-SI"},{"@type":"Organization","@id":"https:\/\/vapebulkp.com\/#organization","name":"vapebulkp.com","url":"https:\/\/vapebulkp.com\/","logo":{"@type":"ImageObject","inLanguage":"sl-SI","@id":"https:\/\/vapebulkp.com\/#\/schema\/logo\/image\/","url":"https:\/\/vapebulkp.com\/wp-content\/uploads\/2023\/09\/cropped-vapebulkp.png","contentUrl":"https:\/\/vapebulkp.com\/wp-content\/uploads\/2023\/09\/cropped-vapebulkp.png","width":516,"height":163,"caption":"vapebulkp.com"},"image":{"@id":"https:\/\/vapebulkp.com\/#\/schema\/logo\/image\/"}}]}},"uagb_featured_image_src":{"full":["https:\/\/vapebulkp.com\/wp-content\/uploads\/2025\/01\/RAZZ-BAR-25000-Puffs-Lemon-Lime.webp",800,800,false],"thumbnail":["https:\/\/vapebulkp.com\/wp-content\/uploads\/2025\/01\/RAZZ-BAR-25000-Puffs-Lemon-Lime-150x150.webp",150,150,true],"medium":["https:\/\/vapebulkp.com\/wp-content\/uploads\/2025\/01\/RAZZ-BAR-25000-Puffs-Lemon-Lime-300x300.webp",300,300,true],"medium_large":["https:\/\/vapebulkp.com\/wp-content\/uploads\/2025\/01\/RAZZ-BAR-25000-Puffs-Lemon-Lime-768x768.webp",768,768,true],"large":["https:\/\/vapebulkp.com\/wp-content\/uploads\/2025\/01\/RAZZ-BAR-25000-Puffs-Lemon-Lime.webp",800,800,false],"1536x1536":["https:\/\/vapebulkp.com\/wp-content\/uploads\/2025\/01\/RAZZ-BAR-25000-Puffs-Lemon-Lime.webp",800,800,false],"2048x2048":["https:\/\/vapebulkp.com\/wp-content\/uploads\/2025\/01\/RAZZ-BAR-25000-Puffs-Lemon-Lime.webp",800,800,false],"trp-custom-language-flag":["https:\/\/vapebulkp.com\/wp-content\/uploads\/2025\/01\/RAZZ-BAR-25000-Puffs-Lemon-Lime.webp",12,12,false],"woocommerce_thumbnail":["https:\/\/vapebulkp.com\/wp-content\/uploads\/2025\/01\/RAZZ-BAR-25000-Puffs-Lemon-Lime-300x300.webp",300,300,true],"woocommerce_single":["https:\/\/vapebulkp.com\/wp-content\/uploads\/2025\/01\/RAZZ-BAR-25000-Puffs-Lemon-Lime-600x600.webp",600,600,true],"woocommerce_gallery_thumbnail":["https:\/\/vapebulkp.com\/wp-content\/uploads\/2025\/01\/RAZZ-BAR-25000-Puffs-Lemon-Lime-100x100.webp",100,100,true],"wcpr-photo-reviews":["https:\/\/vapebulkp.com\/wp-content\/uploads\/2025\/01\/RAZZ-BAR-25000-Puffs-Lemon-Lime.webp",500,500,false]},"uagb_author_info":{"display_name":"Mandy vape bulk price","author_link":"https:\/\/vapebulkp.com\/sl\/author\/"},"uagb_comment_info":0,"uagb_excerpt":"Razz Bar 25000 Puffs: Features 2\/5% salt nicotine, 25,000 puffs, 650mAh rechargeable battery, mesh coil, Type-C charging, 16 flavors, and 200 pcs per carton for ultimate convenience. Pls Contact Mandy's WhatsApp For Discount Price+8618077105796 NOTE: Prices on our website does not include shipping costs &nbsp;","_links":{"self":[{"href":"https:\/\/vapebulkp.com\/sl\/wp-json\/wp\/v2\/product\/3344","targetHints":{"allow":["GET"]}}],"collection":[{"href":"https:\/\/vapebulkp.com\/sl\/wp-json\/wp\/v2\/product"}],"about":[{"href":"https:\/\/vapebulkp.com\/sl\/wp-json\/wp\/v2\/types\/product"}],"replies":[{"embeddable":true,"href":"https:\/\/vapebulkp.com\/sl\/wp-json\/wp\/v2\/comments?post=3344"}],"wp:featuredmedia":[{"embeddable":true,"href":"https:\/\/vapebulkp.com\/sl\/wp-json\/wp\/v2\/media\/3340"}],"wp:attachment":[{"href":"https:\/\/vapebulkp.com\/sl\/wp-json\/wp\/v2\/media?parent=3344"}],"wp:term":[{"taxonomy":"product_cat","embeddable":true,"href":"https:\/\/vapebulkp.com\/sl\/wp-json\/wp\/v2\/product_cat?post=3344"},{"taxonomy":"product_tag","embeddable":true,"href":"https:\/\/vapebulkp.com\/sl\/wp-json\/wp\/v2\/product_tag?post=3344"}],"curies":[{"name":"wp","href":"https:\/\/api.w.org\/{rel}","templated":true}]}}