{"id":3391,"date":"2025-02-01T09:07:22","date_gmt":"2025-02-01T08:07:22","guid":{"rendered":"https:\/\/vapebulkp.com\/?post_type=product&#038;p=3391"},"modified":"2025-09-16T11:28:40","modified_gmt":"2025-09-16T09:28:40","slug":"waspe-crystal-vape-40000-puffs-disposable-e-cigarette-dual-flavors-wholesale-price","status":"publish","type":"product","link":"https:\/\/vapebulkp.com\/sl\/product\/waspe-crystal-vape-40000-puffs-disposable-e-cigarette-dual-flavors-wholesale-price\/","title":{"rendered":"Waspe Crystal Vape 40000 vpihov za enkratno uporabo E-cigareta Dvojni okusi Veleprodajna cena"},"content":{"rendered":"<h2 style=\"text-align: left\">Waspe Crystal Vape 40000 vpihov za enkratno uporabo E-cigareta Dvojni okusi Veleprodajna cena<\/h2>\n<div class=\"flex max-w-full flex-col flex-grow\">\n<div class=\"min-h-8 text-message flex w-full flex-col items-end gap-2 whitespace-normal break-words text-start [.text-message+&amp;]:mt-5\" dir=\"auto\" data-message-author-role=\"assistant\" data-message-id=\"ebeef09e-6d27-4a31-bd63-f94c3e7cadb1\" data-message-model-slug=\"gpt-4o\">\n<div class=\"flex w-full flex-col gap-1 empty:hidden first:pt-[3px]\">\n<div class=\"markdown prose w-full break-words dark:prose-invert light\">\n<p>The <strong>E-cigareta za enkratno uporabo Waspe Crystal Vape 40000 Puffs <\/strong>ponovno definira udobje in inovativnost pri uparjanju. Ta naprava, zasnovana tako za ob\u010dasne kot izku\u0161ene uporabnike, ponuja <strong>dvojne okuse<\/strong> do <strong>20000 vdihov na okus<\/strong>, kar zagotavlja brezhibno in okusno izku\u0161njo. Z <strong>32 ml vnaprej napolnjeno e-teko\u010dino<\/strong> in prilagodljivo vsebnostjo nikotina <strong>\u00a02% in 5%<\/strong>, waspe crystal 40000 puff ustreza razli\u010dnim preferencam.<\/p>\n<p>Opremljen z vgrajeno <strong>850mAh baterijo za ponovno polnjenje<\/strong> in <strong>USB Type-C polnjenjem<\/strong>, Waspe Crystal Vape zagotavlja dolgotrajno delovanje in hitro ponovno polnjenje. Napredna <strong>0.9\u03a9 dvojna mre\u017easta tuljava<\/strong> izbolj\u0161a proizvodnjo pare in jasnost okusa, medtem ko <strong>delovanje z vlekom<\/strong> zagotavlja enostavno uporabo. Integriran <strong>LED zaslon<\/strong> vas obve\u0161\u010da o ravni baterije in e-teko\u010dine, kar elegantnemu dizajnu dodaja pridih sodobne funkcionalnosti.<\/p>\n<p>Popolno za <strong>potovanja, dru\u017eabna sre\u010danja ali vsakodnevno uporabo<\/strong>, ta WASPE <a href=\"https:\/\/vapebulkp.com\/sl\/product-category\/40000-puffs-disposable-vape\/\">40000 vdihov e-cigareta za enkratno uporabo<\/a> zdru\u017euje slog, zmogljivost in prakti\u010dnost, zaradi \u010desar je najbolj\u0161a izbira za vape za enkratno uporabo. Na voljo so tudi veleprodajne cene, idealne za trgovce na drobno, ki \u017eelijo imeti na zalogi ta izjemno iskan izdelek.<\/p>\n<\/div>\n<\/div>\n<\/div>\n<\/div>\n<h6>Za popust se obrnite na Mandyin WhatsApp<a href=\"https:\/\/wa.me\/8618077105796\">+8618077105796<\/a><\/h6>\n<p><img decoding=\"async\" class=\"alignnone wp-image-2151\" src=\"http:\/\/vapebulkp.com\/wp-content\/uploads\/2024\/04\/Mandy-WhatsApp-Randm.jpg\" alt=\"Mandy WhatsApp Randm\" width=\"324\" height=\"330\" \/><\/p>\n<div class=\"flex max-w-full flex-col flex-grow\">\n<div class=\"min-h-8 text-message flex w-full flex-col items-end gap-2 whitespace-normal break-words text-start [.text-message+&amp;]:mt-5\" dir=\"auto\" data-message-author-role=\"assistant\" data-message-id=\"d24cf626-c018-4805-80f5-44de047f2ba0\" data-message-model-slug=\"gpt-4o\">\n<div class=\"flex w-full flex-col gap-1 empty:hidden first:pt-[3px]\">\n<div class=\"markdown prose w-full break-words dark:prose-invert light\">\n<h2>Zakaj izbrati ugodno ceno WASPE CRYSTAL 40k Puffs<strong>\u00a0<\/strong>at <a href=\"https:\/\/vapebulkp.com\/sl\/vape-shop\/\">Vapebulkp.com<\/a>?<\/h2>\n<p>Ko gre za visokokakovostne vape za enkratno uporabo, <strong>WASPE CRYSTAL 40.000 vdihov<\/strong> izstopa kot vrhunska izbira. Na voljo pri <strong>Vapebulkp.com<\/strong>, ta inovativna e-cigareta ponuja neprekosljivo zmogljivost, raznolikost okusov in uporabniku prijazne funkcije. Tukaj je razlog, zakaj je najbolj\u0161a izbira za navdu\u0161ence nad vapingom:<\/p>\n<ol>\n<li><strong>Izjemno \u0161tevilo vdihov<\/strong>: U\u017eivajte do <strong>40.000 vdihov<\/strong>, razdeljeno na <strong>20.000 vdihov na okus<\/strong>, kar zagotavlja dalj\u0161o uporabo in neverjetno vrednost.<\/li>\n<li><strong>Tehnologija dvojnega okusa<\/strong>: Nemoteno preklapljajte med dvema razli\u010dnima okusoma, kar ponuja vsestransko izku\u0161njo vapinga, prilagojeno va\u0161emu razpolo\u017eenju.<\/li>\n<li><strong>Prilagodljive ravni nikotina<\/strong>: Izbirajte med <strong>0%, 2%, 3% ali 5% nikotina<\/strong> ki ustreza va\u0161im osebnim \u017eeljam in \u017eivljenjskemu slogu.<\/li>\n<li><strong>Ogromna kapaciteta e-teko\u010dine<\/strong>: S prednapolnjenim rezervoarjem s <strong>32 ml<\/strong>, ta vape zagotavlja dolgotrajno u\u017eivanje brez pogostih zamenjav.<\/li>\n<li><strong>Baterija za ponovno polnjenje<\/strong>: Naprava, ki jo poganja <strong>850 mAh USB Type-C polnilna baterija<\/strong>, zagotavlja zanesljivo delovanje s hitrim in priro\u010dnim polnjenjem.<\/li>\n<li><strong>Napredne funkcije<\/strong>: The <strong>0.9\u03a9 dvojna mre\u017easta tuljava<\/strong> zagotavlja bogato proizvodnjo pare, medtem ko <strong>LED zaslon<\/strong> vas obve\u0161\u010da o stanju baterije in e-teko\u010dine.<\/li>\n<li><strong>Veleprodajne mo\u017enosti<\/strong>: Vapebulkp.com ponuja konkuren\u010dne veleprodajne cene, kar je idealna platforma za posamezne kupce in trgovce.<\/li>\n<li><strong>Hitra in zanesljiva dostava po vsej Evropi<\/strong>: Z osredoto\u010denostjo na slovenske kupce, Vapebulkp.com zagotavlja hitro dostavo in izjemno storitev za stranke.<\/li>\n<\/ol>\n<p>Ne glede na to, ali i\u0161\u010dete <strong>dolgotrajni vape za enkratno uporabo<\/strong> ali \u017eelite na zalogo dodati najbolje prodajan izdelek, <strong>WASPE CRYSTAL 40.000 vdihov<\/strong> na Vapebulkp.com je najbolj\u0161a izbira za okus, kakovost in priro\u010dnost.<\/p>\n<h3>Funkcije vape WASPE CRYSTAL 40000 vdihov<\/h3>\n<ul>\n<li><strong>Vdihov<\/strong>: Do 40.000 (20.000 na okus)<\/li>\n<li><strong>Nikotin<\/strong>: 0%, 2%, 3%, 5%<\/li>\n<li><strong>E-teko\u010dina<\/strong>: 32mL napolnjene prostornine<\/li>\n<li><strong>Baterija<\/strong>: 850mAh, polnjenje prek USB Type-C<\/li>\n<li><strong>Tuljava<\/strong>: 0.9\u03a9 dvojna mre\u017easta tuljava<\/li>\n<li><strong>Delovanje<\/strong>: Aktiviranje z vdihom<\/li>\n<li><strong>Lastnosti<\/strong>: LED zaslon, baterija<\/li>\n<\/ul>\n<h3>Seznam okusov za e-cigarete za enkratno uporabo WASPE CRYSTAL 40000 Puffs<\/h3>\n<\/div>\n<\/div>\n<\/div>\n<\/div>\n<p>1. Lubenica led<br \/>\n2. Red Bull led<br \/>\n3. Jagoda Red Bull<br \/>\n4. Borovni\u010dev bonbon<br \/>\n5. Jagoda kivi<br \/>\n6. Borovnica malina<br \/>\n7. Jagoda malina \u010de\u0161nja<br \/>\n8. Breskev led<br \/>\n9. Jagoda banana<br \/>\n10. Grozdje led<br \/>\n11. Me\u0161ani gozdni sade\u017ei<br \/>\n12. Borovnica led<\/p>\n<p><a href=\"https:\/\/vapebulkp.com\/sl\/product\/bang-king-35000-puffs-wholesale-puff-tornado-vape\/\"><span style=\"vertical-align: inherit\">Bang King 35000 Vdihov <\/span><\/a><\/p>\n<p><span style=\"vertical-align: inherit\">Poi\u0161\u010dite ve\u010d izdelkov, ki bi vam bili morda v\u0161e\u010d:<\/span><em><a href=\"https:\/\/wa.me\/8618077105796\"><span style=\"vertical-align: inherit\">\u00a0Kupite zdaj<\/span><\/a><\/em><\/p>\n<p><span style=\"vertical-align: inherit\">Drugi 'puffs', ki bi vam bili morda v\u0161e\u010d:<\/span><a href=\"https:\/\/vapebulkp.com\/sl\/product\/wholesale-price-bang-kingdoms-rex-32000-puffs-vape-pod\/\"><span style=\"vertical-align: inherit\">Bang Kingdoms\u00a0 32000Vpihov<\/span><\/a><span style=\"vertical-align: inherit\">\u3001<\/span><a href=\"https:\/\/vapebulkp.com\/sl\/product\/razz-bar-25000-puffs-wholesale-price-vape-eu-warehouse\/\"><span style=\"vertical-align: inherit\">RAZZBAR 25000 Puffs<\/span><\/a><span style=\"vertical-align: inherit\">\/ <\/span><a href=\"https:\/\/vapebulkp.com\/sl\/product\/vapsolo-best-quality-viking-12k-puffs-disposable-vapes\/\"><span style=\"vertical-align: inherit\">Vapsolo viking 12000 Pih<\/span><\/a><span style=\"vertical-align: inherit\">\/ <\/span><a href=\"https:\/\/vapebulkp.com\/sl\/product\/uwin-tornado-music-35k-puffs-vape-wholesale-nicotine-free\/\"><span style=\"vertical-align: inherit\">UWIN Tornado Music 35000 Vdihov<\/span><\/a><\/p>\n<h4>Pogosta vpra\u0161anja za veleprodajo e-cigaret WASPE CRYSTAL 40000 Puffs<\/h4>\n<div class=\"flex max-w-full flex-col flex-grow\">\n<div class=\"min-h-8 text-message flex w-full flex-col items-end gap-2 whitespace-normal break-words text-start [.text-message+&amp;]:mt-5\" dir=\"auto\" data-message-author-role=\"assistant\" data-message-id=\"67b557fa-6250-453f-85c1-f724d371f19e\" data-message-model-slug=\"gpt-4o-mini\">\n<div class=\"flex w-full flex-col gap-1 empty:hidden first:pt-[3px]\">\n<div class=\"markdown prose w-full break-words dark:prose-invert light\">\n<p><strong>1. Koliko vdihov ima WASPE CRYSTAL 40.000 Puffs?<\/strong><br \/>\nThe <strong>WASPE CRYSTAL 40.000 vdihov<\/strong> ponuja impresivnih <strong>40.000 vdihov<\/strong>, s <strong>20.000 vdihov na okus<\/strong>, kar zagotavlja podalj\u0161ano izku\u0161njo vapinga, ki traja dlje kot ve\u010dina e-cigaret za enkratno uporabo.<\/p>\n<p><strong>2. Katere mo\u017enosti nikotina so na voljo za WASPE CRYSTAL 40.000 puffvape?<\/strong><br \/>\nThe <strong>WASPE KRISTAL<\/strong> ponuja prilagodljive jakosti nikotina, ki ustrezajo va\u0161im \u017eeljam, vklju\u010dno z <strong>0%, 2%, 3% in 5% nikotina<\/strong> opcije, ki vam omogo\u010dajo, da prilagodite svojo izku\u0161njo vapinga.<\/p>\n<p><strong>3. Ali je WASPE Vape CRYSTAL 40.000 Puffs primeren za dolgotrajno uporabo?<\/strong><br \/>\nDa, s svojim <strong>dvojnih okusov<\/strong>, <strong>velike kapacitete e-teko\u010dine<\/strong>, in podalj\u0161anim \u0161tevilom vdihov je <strong>WASPE KRISTAL<\/strong> zasnovan za dolgotrajno uporabo, saj ponuja <strong>priro\u010dna in zanesljiva re\u0161itev za vaping<\/strong> za vsakodnevno u\u017eivanje.<\/p>\n<p><strong>4. Kak\u0161ne so prednosti izbire WASPE CRYSTAL 40.000 Puffs v razsutem stanju z Vapebulkp.com?<\/strong><br \/>\nZ nakupom pri <strong>Vapebulkp.com<\/strong>, dobite <strong>konkuren\u010dne veleprodajne cene<\/strong>, <strong>odli\u010dna storitev za stranke<\/strong>in <strong>hitra dostava<\/strong> po vsej Sloveniji. Poleg tega <strong>WASPE CRYSTAL 40.000 vdihov<\/strong> ponuja neprimerljivo <strong>kakovost<\/strong>, <strong>raznolikost okusov<\/strong>in <strong>dolgotrajno delovanje<\/strong>.<\/p>\n<p>Ne glede na to, ali ste ob\u010dasni vaper ali trgovec na drobno, ki i\u0161\u010de visokokakovosten in dolgotrajen izdelek, <strong>WASPE CRYSTAL 40.000 vdihov<\/strong> je vrhunska izbira, ki je na voljo na <strong>Vapebulkp.com.<\/strong><\/p>\n<\/div>\n<\/div>\n<\/div>\n<\/div>\n<h4>Podrobnosti dostave:<\/h4>\n<p><span style=\"color: #ff6600\">\u010cas proizvodnje: 5\u201310 delovnih dni<\/span><br \/>\n<span style=\"color: #ff6600\">\u010cas dostave: 8\u201314 delovnih dni<\/span><\/p>\n<p>Vsi izdelki v na\u0161i trgovini so 100% originalni in avtenti\u010dni, zato je na\u0161a politika desetkratno nadomestilo za ponarejeno blago. Za dostavo blaga vam uporabljamo logisti\u010dne kanale, kot so UPS\/DHL\/FEDEX\/DPD.<\/p>\n<p>Za pakete, poslane v Slovenijo, obi\u010dajno traja 10 delovnih dni. Po\u0161iljanje v evropske dr\u017eave obi\u010dajno traja 12 do 15 delovnih dni. Logisti\u010dne informacije vam bomo sproti posodabljali.<\/p>","protected":false},"excerpt":{"rendered":"<div class=\"flex-shrink-0 flex flex-col relative items-end\">\n<div class=\"pt-0\">\n<div class=\"gizmo-bot-avatar flex h-8 w-8 items-center justify-center overflow-hidden rounded-full\">\n<div class=\"relative p-1 rounded-sm flex items-center justify-center bg-token-main-surface-primary text-token-text-primary h-8 w-8\">\n<ul>\n<li><strong>Vape Pen WASPE CRYSTAL 40000 Puffs z dvojnimi okusi za dolgotrajne seanse<\/strong><\/li>\n<li><strong>Polnilna e-cigareta za enkratno uporabo WASPE CRYSTAL 40,000 Puffs za dolgotrajno uparjanje<\/strong><\/li>\n<li><strong>Elektronska vape WASPE CRYSTAL 40k Puffs z nastavljivim nikotinom in hladilnimi okusi<\/strong><\/li>\n<\/ul>\n<\/div>\n<\/div>\n<\/div>\n<\/div>\n<p>Za popust se obrnite na Mandyin WhatsApp<a href=\"https:\/\/wa.me\/8618077105796\">+8618077105796<\/a><\/p>\n<p><img decoding=\"async\" class=\"alignnone wp-image-2151\" src=\"http:\/\/vapebulkp.com\/wp-content\/uploads\/2024\/04\/Mandy-WhatsApp-Randm.jpg\" alt=\"Mandy WhatsApp Randm\" width=\"297\" height=\"316\" srcset=\"https:\/\/vapebulkp.com\/wp-content\/uploads\/2024\/04\/Mandy-WhatsApp-Randm.jpg 916w, https:\/\/vapebulkp.com\/wp-content\/uploads\/2024\/04\/Mandy-WhatsApp-Randm-282x300.jpg 282w, https:\/\/vapebulkp.com\/wp-content\/uploads\/2024\/04\/Mandy-WhatsApp-Randm-768x817.jpg 768w, https:\/\/vapebulkp.com\/wp-content\/uploads\/2024\/04\/Mandy-WhatsApp-Randm-600x638.jpg 600w\" sizes=\"(max-width: 297px) 100vw, 297px\" \/><\/p>\n<p><span style=\"color: #ff0000\">OPOMBA: Cene na na\u0161i spletni strani ne vklju\u010dujejo stro\u0161kov po\u0161iljanja.<\/span><\/p>\n<p>&nbsp;<\/p>","protected":false},"featured_media":3389,"comment_status":"open","ping_status":"closed","template":"","meta":{"_uag_custom_page_level_css":"","_lmt_disableupdate":"no","_lmt_disable":"","site-sidebar-layout":"default","site-content-layout":"content-boxed-container","ast-site-content-layout":"normal-width-container","site-content-style":"boxed","site-sidebar-style":"unboxed","ast-global-header-display":"","ast-banner-title-visibility":"","ast-main-header-display":"","ast-hfb-above-header-display":"","ast-hfb-below-header-display":"","ast-hfb-mobile-header-display":"","site-post-title":"","ast-breadcrumbs-content":"","ast-featured-img":"","footer-sml-layout":"","theme-transparent-header-meta":"default","adv-header-id-meta":"","stick-header-meta":"","header-above-stick-meta":"","header-main-stick-meta":"","header-below-stick-meta":"","astra-migrate-meta-layouts":"set","_joinchat":[]},"product_cat":[182,153,155,33,59,100,87,34,158,157,154,152,58,84,156,63,32,365],"product_tag":[36,37,41,40,203],"class_list":["post-3391","product","type-product","status-publish","has-post-thumbnail","hentry","product_cat-40000-puffs-disposable-vape","product_cat-hot-disposable-vapes","product_cat-belgium-hot-disposable-vapes","product_cat-france-vape-hot-sale","product_cat-germany-hot-disposable-vape","product_cat-germany-wholesale-vape-shop","product_cat-minimum-order-quantity-50pcs","product_cat-netherlands-vape-good-sale","product_cat-norway-hot-disposable-vapes","product_cat-poland-hot-disposable-vapes","product_cat-portugal-hot-disposable-vapes","product_cat-spain-hot-disposable-vapes","product_cat-sweden-hot-disposable-vape","product_cat-sweden-wholesale-vape","product_cat-switzerland-hot-disposable-vapes","product_cat-top-sale-disposable-vape","product_cat-vape-hot-sale-this-week","product_cat-waspe-vape","product_tag-good-vape","product_tag-hot-sale-disposable-vape","product_tag-poland-hot-vape","product_tag-sweden-hot-vape","product_tag-waspe-crystal-vape-40000-puffs","pa_brand-waspe-vape","desktop-align-left","tablet-align-left","mobile-align-left"],"yoast_head":"<!-- This site is optimized with the Yoast SEO plugin v21.1 - https:\/\/yoast.com\/wordpress\/plugins\/seo\/ -->\n<title>Waspe Crystal Vape 40000 Puffs Disposable E-Cigarette Dual Flavors Wholesale Price - vapebulkp.com<\/title>\n<meta name=\"description\" content=\"Shop Waspe Crystal Vape 40000 Puffs with dual flavors, rechargeable design, and wholesale pricing at Vapebulkp.com!\" \/>\n<meta name=\"robots\" content=\"index, follow, max-snippet:-1, max-image-preview:large, max-video-preview:-1\" \/>\n<link rel=\"canonical\" href=\"https:\/\/vapebulkp.com\/sl\/product\/waspe-crystal-vape-40000-puffs-disposable-e-cigarette-dual-flavors-wholesale-price\/\" \/>\n<meta property=\"og:locale\" content=\"sl_SI\" \/>\n<meta property=\"og:type\" content=\"article\" \/>\n<meta property=\"og:title\" content=\"Waspe Crystal Vape 40000 Puffs Disposable E-Cigarette Dual Flavors Wholesale Price - vapebulkp.com\" \/>\n<meta property=\"og:description\" content=\"Shop Waspe Crystal Vape 40000 Puffs with dual flavors, rechargeable design, and wholesale pricing at Vapebulkp.com!\" \/>\n<meta property=\"og:url\" content=\"https:\/\/vapebulkp.com\/sl\/product\/waspe-crystal-vape-40000-puffs-disposable-e-cigarette-dual-flavors-wholesale-price\/\" \/>\n<meta property=\"og:site_name\" content=\"vapebulkp.com\" \/>\n<meta property=\"article:modified_time\" content=\"2025-09-16T09:28:40+00:00\" \/>\n<meta property=\"og:image\" content=\"http:\/\/vapebulkp.com\/wp-content\/uploads\/2025\/01\/WASPE-CRYSTAL-VAPE-40000-PUFF-VAPE-PODS.jpg\" \/>\n\t<meta property=\"og:image:width\" content=\"800\" \/>\n\t<meta property=\"og:image:height\" content=\"800\" \/>\n\t<meta property=\"og:image:type\" content=\"image\/jpeg\" \/>\n<meta name=\"twitter:card\" content=\"summary_large_image\" \/>\n<meta name=\"twitter:label1\" content=\"Est. reading time\" \/>\n\t<meta name=\"twitter:data1\" content=\"4 minute\" \/>\n<script type=\"application\/ld+json\" class=\"yoast-schema-graph\">{\"@context\":\"https:\/\/schema.org\",\"@graph\":[{\"@type\":\"WebPage\",\"@id\":\"https:\/\/vapebulkp.com\/product\/waspe-crystal-vape-40000-puffs-disposable-e-cigarette-dual-flavors-wholesale-price\/\",\"url\":\"https:\/\/vapebulkp.com\/product\/waspe-crystal-vape-40000-puffs-disposable-e-cigarette-dual-flavors-wholesale-price\/\",\"name\":\"Waspe Crystal Vape 40000 Puffs Disposable E-Cigarette Dual Flavors Wholesale Price - vapebulkp.com\",\"isPartOf\":{\"@id\":\"https:\/\/vapebulkp.com\/#website\"},\"datePublished\":\"2025-02-01T08:07:22+00:00\",\"dateModified\":\"2025-09-16T09:28:40+00:00\",\"description\":\"Shop Waspe Crystal Vape 40000 Puffs with dual flavors, rechargeable design, and wholesale pricing at Vapebulkp.com!\",\"breadcrumb\":{\"@id\":\"https:\/\/vapebulkp.com\/product\/waspe-crystal-vape-40000-puffs-disposable-e-cigarette-dual-flavors-wholesale-price\/#breadcrumb\"},\"inLanguage\":\"sl-SI\",\"potentialAction\":[{\"@type\":\"ReadAction\",\"target\":[\"https:\/\/vapebulkp.com\/product\/waspe-crystal-vape-40000-puffs-disposable-e-cigarette-dual-flavors-wholesale-price\/\"]}]},{\"@type\":\"BreadcrumbList\",\"@id\":\"https:\/\/vapebulkp.com\/product\/waspe-crystal-vape-40000-puffs-disposable-e-cigarette-dual-flavors-wholesale-price\/#breadcrumb\",\"itemListElement\":[{\"@type\":\"ListItem\",\"position\":1,\"name\":\"Home\",\"item\":\"https:\/\/vapebulkp.com\/\"},{\"@type\":\"ListItem\",\"position\":2,\"name\":\"Hot Trend Vapes\",\"item\":\"https:\/\/vapebulkp.com\/vape-shop\/\"},{\"@type\":\"ListItem\",\"position\":3,\"name\":\"Waspe Crystal Vape 40000 Puffs Disposable E-Cigarette Dual Flavors Wholesale Price\"}]},{\"@type\":\"WebSite\",\"@id\":\"https:\/\/vapebulkp.com\/#website\",\"url\":\"https:\/\/vapebulkp.com\/\",\"name\":\"vapebulkp.com\",\"description\":\"Buy Vape In Cheap Bulk Price Near you\",\"publisher\":{\"@id\":\"https:\/\/vapebulkp.com\/#organization\"},\"potentialAction\":[{\"@type\":\"SearchAction\",\"target\":{\"@type\":\"EntryPoint\",\"urlTemplate\":\"https:\/\/vapebulkp.com\/?s={search_term_string}\"},\"query-input\":\"required name=search_term_string\"}],\"inLanguage\":\"sl-SI\"},{\"@type\":\"Organization\",\"@id\":\"https:\/\/vapebulkp.com\/#organization\",\"name\":\"vapebulkp.com\",\"url\":\"https:\/\/vapebulkp.com\/\",\"logo\":{\"@type\":\"ImageObject\",\"inLanguage\":\"sl-SI\",\"@id\":\"https:\/\/vapebulkp.com\/#\/schema\/logo\/image\/\",\"url\":\"https:\/\/vapebulkp.com\/wp-content\/uploads\/2023\/09\/cropped-vapebulkp.png\",\"contentUrl\":\"https:\/\/vapebulkp.com\/wp-content\/uploads\/2023\/09\/cropped-vapebulkp.png\",\"width\":516,\"height\":163,\"caption\":\"vapebulkp.com\"},\"image\":{\"@id\":\"https:\/\/vapebulkp.com\/#\/schema\/logo\/image\/\"}}]}<\/script>\n<!-- \/ Yoast SEO plugin. -->","yoast_head_json":{"title":"Waspe Crystal Vape 40000 Puffs Disposable E-Cigarette Dual Flavors Wholesale Price - vapebulkp.com","description":"Shop Waspe Crystal Vape 40000 Puffs with dual flavors, rechargeable design, and wholesale pricing at Vapebulkp.com!","robots":{"index":"index","follow":"follow","max-snippet":"max-snippet:-1","max-image-preview":"max-image-preview:large","max-video-preview":"max-video-preview:-1"},"canonical":"https:\/\/vapebulkp.com\/sl\/product\/waspe-crystal-vape-40000-puffs-disposable-e-cigarette-dual-flavors-wholesale-price\/","og_locale":"sl_SI","og_type":"article","og_title":"Waspe Crystal Vape 40000 Puffs Disposable E-Cigarette Dual Flavors Wholesale Price - vapebulkp.com","og_description":"Shop Waspe Crystal Vape 40000 Puffs with dual flavors, rechargeable design, and wholesale pricing at Vapebulkp.com!","og_url":"https:\/\/vapebulkp.com\/sl\/product\/waspe-crystal-vape-40000-puffs-disposable-e-cigarette-dual-flavors-wholesale-price\/","og_site_name":"vapebulkp.com","article_modified_time":"2025-09-16T09:28:40+00:00","og_image":[{"width":800,"height":800,"url":"http:\/\/vapebulkp.com\/wp-content\/uploads\/2025\/01\/WASPE-CRYSTAL-VAPE-40000-PUFF-VAPE-PODS.jpg","type":"image\/jpeg"}],"twitter_card":"summary_large_image","twitter_misc":{"Est. reading time":"4 minute"},"schema":{"@context":"https:\/\/schema.org","@graph":[{"@type":"WebPage","@id":"https:\/\/vapebulkp.com\/product\/waspe-crystal-vape-40000-puffs-disposable-e-cigarette-dual-flavors-wholesale-price\/","url":"https:\/\/vapebulkp.com\/product\/waspe-crystal-vape-40000-puffs-disposable-e-cigarette-dual-flavors-wholesale-price\/","name":"Waspe Crystal Vape 40000 Puffs Disposable E-Cigarette Dual Flavors Wholesale Price - vapebulkp.com","isPartOf":{"@id":"https:\/\/vapebulkp.com\/#website"},"datePublished":"2025-02-01T08:07:22+00:00","dateModified":"2025-09-16T09:28:40+00:00","description":"Shop Waspe Crystal Vape 40000 Puffs with dual flavors, rechargeable design, and wholesale pricing at Vapebulkp.com!","breadcrumb":{"@id":"https:\/\/vapebulkp.com\/product\/waspe-crystal-vape-40000-puffs-disposable-e-cigarette-dual-flavors-wholesale-price\/#breadcrumb"},"inLanguage":"sl-SI","potentialAction":[{"@type":"ReadAction","target":["https:\/\/vapebulkp.com\/product\/waspe-crystal-vape-40000-puffs-disposable-e-cigarette-dual-flavors-wholesale-price\/"]}]},{"@type":"BreadcrumbList","@id":"https:\/\/vapebulkp.com\/product\/waspe-crystal-vape-40000-puffs-disposable-e-cigarette-dual-flavors-wholesale-price\/#breadcrumb","itemListElement":[{"@type":"ListItem","position":1,"name":"Home","item":"https:\/\/vapebulkp.com\/"},{"@type":"ListItem","position":2,"name":"Hot Trend Vapes","item":"https:\/\/vapebulkp.com\/vape-shop\/"},{"@type":"ListItem","position":3,"name":"Waspe Crystal Vape 40000 Puffs Disposable E-Cigarette Dual Flavors Wholesale Price"}]},{"@type":"WebSite","@id":"https:\/\/vapebulkp.com\/#website","url":"https:\/\/vapebulkp.com\/","name":"vapebulkp.com","description":"Buy Vape In Cheap Bulk Price Near you","publisher":{"@id":"https:\/\/vapebulkp.com\/#organization"},"potentialAction":[{"@type":"SearchAction","target":{"@type":"EntryPoint","urlTemplate":"https:\/\/vapebulkp.com\/?s={search_term_string}"},"query-input":"required name=search_term_string"}],"inLanguage":"sl-SI"},{"@type":"Organization","@id":"https:\/\/vapebulkp.com\/#organization","name":"vapebulkp.com","url":"https:\/\/vapebulkp.com\/","logo":{"@type":"ImageObject","inLanguage":"sl-SI","@id":"https:\/\/vapebulkp.com\/#\/schema\/logo\/image\/","url":"https:\/\/vapebulkp.com\/wp-content\/uploads\/2023\/09\/cropped-vapebulkp.png","contentUrl":"https:\/\/vapebulkp.com\/wp-content\/uploads\/2023\/09\/cropped-vapebulkp.png","width":516,"height":163,"caption":"vapebulkp.com"},"image":{"@id":"https:\/\/vapebulkp.com\/#\/schema\/logo\/image\/"}}]}},"uagb_featured_image_src":{"full":["https:\/\/vapebulkp.com\/wp-content\/uploads\/2025\/01\/WASPE-CRYSTAL-VAPE-40000-PUFF-VAPE-PODS.jpg",800,800,false],"thumbnail":["https:\/\/vapebulkp.com\/wp-content\/uploads\/2025\/01\/WASPE-CRYSTAL-VAPE-40000-PUFF-VAPE-PODS-150x150.jpg",150,150,true],"medium":["https:\/\/vapebulkp.com\/wp-content\/uploads\/2025\/01\/WASPE-CRYSTAL-VAPE-40000-PUFF-VAPE-PODS-300x300.jpg",300,300,true],"medium_large":["https:\/\/vapebulkp.com\/wp-content\/uploads\/2025\/01\/WASPE-CRYSTAL-VAPE-40000-PUFF-VAPE-PODS-768x768.jpg",768,768,true],"large":["https:\/\/vapebulkp.com\/wp-content\/uploads\/2025\/01\/WASPE-CRYSTAL-VAPE-40000-PUFF-VAPE-PODS.jpg",800,800,false],"1536x1536":["https:\/\/vapebulkp.com\/wp-content\/uploads\/2025\/01\/WASPE-CRYSTAL-VAPE-40000-PUFF-VAPE-PODS.jpg",800,800,false],"2048x2048":["https:\/\/vapebulkp.com\/wp-content\/uploads\/2025\/01\/WASPE-CRYSTAL-VAPE-40000-PUFF-VAPE-PODS.jpg",800,800,false],"trp-custom-language-flag":["https:\/\/vapebulkp.com\/wp-content\/uploads\/2025\/01\/WASPE-CRYSTAL-VAPE-40000-PUFF-VAPE-PODS.jpg",12,12,false],"woocommerce_thumbnail":["https:\/\/vapebulkp.com\/wp-content\/uploads\/2025\/01\/WASPE-CRYSTAL-VAPE-40000-PUFF-VAPE-PODS-300x300.jpg",300,300,true],"woocommerce_single":["https:\/\/vapebulkp.com\/wp-content\/uploads\/2025\/01\/WASPE-CRYSTAL-VAPE-40000-PUFF-VAPE-PODS-600x600.jpg",600,600,true],"woocommerce_gallery_thumbnail":["https:\/\/vapebulkp.com\/wp-content\/uploads\/2025\/01\/WASPE-CRYSTAL-VAPE-40000-PUFF-VAPE-PODS-100x100.jpg",100,100,true],"wcpr-photo-reviews":["https:\/\/vapebulkp.com\/wp-content\/uploads\/2025\/01\/WASPE-CRYSTAL-VAPE-40000-PUFF-VAPE-PODS.jpg",500,500,false]},"uagb_author_info":{"display_name":"Mandy vape bulk price","author_link":"https:\/\/vapebulkp.com\/sl\/author\/"},"uagb_comment_info":0,"uagb_excerpt":"WASPE CRYSTAL 40000 Puffs Vape Pen with Dual Flavors for Long-Lasting Sessions Rechargeable WASPE CRYSTAL 40,000 Puff Disposable E-Cigarette for Prolonged Vaping WASPE CRYSTAL 40k Puffs Electronic Vape with Adjustable Nicotine and Cooling Flavors Pls Contact Mandy's WhatsApp For Discount Price+8618077105796 NOTE: Prices on our website does not include shipping costs &nbsp;","_links":{"self":[{"href":"https:\/\/vapebulkp.com\/sl\/wp-json\/wp\/v2\/product\/3391","targetHints":{"allow":["GET"]}}],"collection":[{"href":"https:\/\/vapebulkp.com\/sl\/wp-json\/wp\/v2\/product"}],"about":[{"href":"https:\/\/vapebulkp.com\/sl\/wp-json\/wp\/v2\/types\/product"}],"replies":[{"embeddable":true,"href":"https:\/\/vapebulkp.com\/sl\/wp-json\/wp\/v2\/comments?post=3391"}],"wp:featuredmedia":[{"embeddable":true,"href":"https:\/\/vapebulkp.com\/sl\/wp-json\/wp\/v2\/media\/3389"}],"wp:attachment":[{"href":"https:\/\/vapebulkp.com\/sl\/wp-json\/wp\/v2\/media?parent=3391"}],"wp:term":[{"taxonomy":"product_cat","embeddable":true,"href":"https:\/\/vapebulkp.com\/sl\/wp-json\/wp\/v2\/product_cat?post=3391"},{"taxonomy":"product_tag","embeddable":true,"href":"https:\/\/vapebulkp.com\/sl\/wp-json\/wp\/v2\/product_tag?post=3391"}],"curies":[{"name":"wp","href":"https:\/\/api.w.org\/{rel}","templated":true}]}}