{"id":3412,"date":"2025-01-30T09:00:36","date_gmt":"2025-01-30T08:00:36","guid":{"rendered":"https:\/\/vapebulkp.com\/?post_type=product&#038;p=3412"},"modified":"2025-09-03T09:21:22","modified_gmt":"2025-09-03T07:21:22","slug":"evappe-deluxe-bar-18000-puffs-high-performance-waka-vape-pod","status":"publish","type":"product","link":"https:\/\/vapebulkp.com\/sl\/product\/evappe-deluxe-bar-18000-puffs-high-performance-waka-vape-pod\/","title":{"rendered":"Evappe Deluxe Bar 18000 Puffs Visoko zmogljiv Waka Vape Pod"},"content":{"rendered":"<h2 style=\"text-align: left\">Evappe Deluxe Bar 18000 Puffs Visoko zmogljiv Waka Vape Pod<\/h2>\n<p>&nbsp;<\/p>\n<p>The <strong>Evappe Deluxe Bar 18000 Puffs visoko zmogljiv vape pod<\/strong> ponuja izjemno, vrhunsko izku\u0161njo vapinga, zasnovano za zahtevne uporabnike. Z inovativno zasnovo in vrhunsko tehnologijo ta vape za enkratno uporabo zagotavlja do 18.000 vdihov dosledne, visokokakovostne pare. Ne glede na to, ali i\u0161\u010dete gladek, zadovoljiv nikotinski udarec ali poglobljen profil okusa, 18000 vdihi Evappe Deluxe Bar zagotavlja oboje, zaradi \u010desar je idealna izbira tako za napredne vaperje kot za za\u010detnike.<\/p>\n<p>Prednapolnjen z radodarnimi 25 ml e-teko\u010dine in na voljo v 2% in 5% vsebnosti nikotina, ponuja prilagodljivost za izpolnjevanje osebnih preferenc. Njegova napredna tehnologija 0,6\u03a9 mre\u017easte tuljave zagotavlja hitro proizvodnjo pare, optimiziranje okusa in zagotavljanje gladkega udarca v grlo. Vklju\u010ditev 750 mAh polnilne baterije s polnilnim priklju\u010dkom Type-C zagotavlja dalj\u0161e in zanesljivej\u0161e delovanje, popolno za dolgotrajno uporabo.<\/p>\n<p>Zasnovan z mislijo na slog in prakti\u010dnost, Top Sale Vape Evappe Deluxe Bar 18k vdihi ima eleganten, sodoben videz, medtem ko DTL (Direct-to-Lung) zaslon zagotavlja podatke o uporabi v realnem \u010dasu. Ta vape pod je izdelan za najve\u010djo priro\u010dnost, saj ponuja okolju prijazno in uporabniku prijazno re\u0161itev za vaping, ne da bi pri tem ogrozil okus ali kakovost.<\/p>\n<p>Izberite <strong>Visoko zmogljiv <\/strong><strong>Evappe Deluxe Bar <a href=\"https:\/\/vapebulkp.com\/sl\/product-category\/18000-puffs-disposable-vape\/\">18000 vdihov e-cigareta za enkratno uporabo <\/a><\/strong>za izjemno izku\u0161njo vapinga z vrhunsko zasnovo, vrhunsko tehnologijo in doslednim delovanjem.<\/p>\n<h6>Za popust se obrnite na Mandyin WhatsApp<a href=\"https:\/\/wa.me\/8618077105796\">+8618077105796<\/a><\/h6>\n<p><img decoding=\"async\" class=\"alignnone wp-image-2151\" src=\"http:\/\/vapebulkp.com\/wp-content\/uploads\/2024\/04\/Mandy-WhatsApp-Randm.jpg\" alt=\"Mandy WhatsApp Randm\" width=\"324\" height=\"330\" \/><\/p>\n<h2><strong>Evappe Deluxe Bar 18000 Puffs vape za enkratno uporabo Pogosta vpra\u0161anja:<\/strong><\/h2>\n<p><strong>V1: Kako dolgo traja Evappe Deluxe Bar 18k vdihov?<\/strong><br \/>\nNaprava je zasnovana tako, da zagotavlja do 18.000 vdihov, odvisno od vzorcev uporabe, zaradi \u010desar je idealna za dalj\u0161e seje vapinga.<\/p>\n<p><strong>V2: Ali je Evappe Deluxe Bar ponovno polnljiv?<\/strong><br \/>\nDa, ima 750 mAh polnilno baterijo s polnilnim priklju\u010dkom Type-C za hitro in priro\u010dno polnjenje.<\/p>\n<p><strong>V5: Koliko e-teko\u010dine lahko sprejme naprava?<\/strong><br \/>\nVsak Evappe Deluxe Bar je predhodno napolnjen s 25 ml visokokakovostne e-teko\u010dine, kar zagotavlja dolgotrajno uporabo.<\/p>\n<p><strong>V9: Ali ima Evappe Deluxe Bar zaslon?<\/strong><br \/>\nDa, vklju\u010duje DTL zaslon za priro\u010dno spremljanje va\u0161ih vejperskih sej.<\/p>\n<p><strong>V10: Kje lahko kupim Evappe Deluxe Bar?<\/strong><br \/>\nEvappe Deluxe Bar lahko kupite pri poobla\u0161\u010denih trgovcih ali spletnih trgovinah, kot je Vapebulkp.com.<\/p>\n<h2><\/h2>\n<h3><strong>Zna\u010dilnosti veleprodajnega Evappe Deluxe Bar 18000 Puffs:<\/strong><\/h3>\n<ul>\n<li><strong>\u0160tevilo vpihov:<\/strong> Do 18.000 vdihov z DTL (direct-to-lung) izku\u0161njo vapinga.<\/li>\n<li><strong>Jakost Nikotina:<\/strong> Na voljo z 2% in 5% nikotina za razli\u010dne preference.<\/li>\n<li><strong>Kapaciteta e-teko\u010dine:<\/strong> Predhodno napolnjeno s 25 ml vrhunske e-teko\u010dine za dalj\u0161o uporabo.<\/li>\n<li><strong>Baterija:<\/strong> 750 mAh polnilna baterija za zanesljivo in dolgotrajno delovanje.<\/li>\n<li><strong>Vmesnik za polnjenje:<\/strong> Opremljen z vhodom Type-C za hitro in u\u010dinkovito polnjenje.<\/li>\n<li><strong>Tehnologija tuljav:<\/strong> Ima 0,6\u03a9 mre\u017easto tuljavo za izbolj\u0161an okus in gladko proizvodnjo pare.<\/li>\n<li><strong>Pakiranje:<\/strong> Na voljo v \u0161katlah, ki vsebujejo 10 enot, idealno za ve\u010dje nakupe ali maloprodajne zaslone.<\/li>\n<\/ul>\n<h3>Mo\u017enosti okusov pri mno\u017ei\u010dnem nakupu Evappe Deluxe Bar 18k Puffs:<\/h3>\n<p>1.Dve Jabolki<br \/>\n2.Grozdna Meta<br \/>\n3.Bujni led<br \/>\n4.Jagodni led<br \/>\n5.Borovni\u010dev Gumi<br \/>\n6.\u010ce\u0161nja Malina<br \/>\n7.Breskov led<br \/>\n8.Love 66<br \/>\n9.Sanjarija<br \/>\n10.Jagodni pun\u010d<\/p>\n<p><a href=\"https:\/\/vapebulkp.com\/sl\/product\/fumot-tornado-25k-puffs-cheap-price-disposable-vape\/\"><span style=\"vertical-align: inherit\">RandM Tornado 25000 Pihov <\/span><\/a><\/p>\n<p><span style=\"vertical-align: inherit\">Poi\u0161\u010dite ve\u010d izdelkov, ki bi vam bili morda v\u0161e\u010d:<\/span><em><a href=\"https:\/\/wa.me\/8618077105796\"><span style=\"vertical-align: inherit\">\u00a0Kupite zdaj<\/span><\/a><\/em><\/p>\n<p><span style=\"vertical-align: inherit\">Drugi 'puffs', ki bi vam bili morda v\u0161e\u010d:<\/span><a href=\"https:\/\/vapebulkp.com\/sl\/product\/uwin-tornado-music-35k-puffs-vape-wholesale-nicotine-free\/\"><span style=\"vertical-align: inherit\">UWIN Tornado 35000 Vpihov<\/span><\/a><span style=\"vertical-align: inherit\">\u3001<\/span><a href=\"https:\/\/vapebulkp.com\/sl\/product\/wholesale-randm-tornado-9000-puffs-germany\/\"><span style=\"vertical-align: inherit\">RandM 9000 Vpihov<\/span><\/a><span style=\"vertical-align: inherit\">\/ <\/span><a href=\"https:\/\/vapebulkp.com\/sl\/product\/wholesale-price-bang-kingdoms-rex-32000-puffs-vape-pod\/\"><span style=\"vertical-align: inherit\">Bang King doms rex 32000 Pihov<\/span><\/a><span style=\"vertical-align: inherit\">\/ <\/span><a href=\"https:\/\/vapebulkp.com\/sl\/fi\/product\/uzy-bang-digital-12000puffs-led-display-e-cigarettes\/\"><span style=\"vertical-align: inherit\">UZY Bang Digital 15000 Pihov<\/span><\/a><\/p>\n<p><span style=\"vertical-align: inherit\">E-cigareta posebne oblike steklenice:<\/span><a href=\"https:\/\/vapebulkp.com\/sl\/product\/vapsolo-feed-bar-shisha-vape-15000-puffs-wholesale-price\/\"><span style=\"vertical-align: inherit\"> Vapsolo Feed Bar shisha 15000 vpihov<\/span><\/a><span style=\"vertical-align: inherit\">\/ <\/span><a href=\"https:\/\/vapebulkp.com\/sl\/product\/bang-28000-puffs-disposable-vape-pen-with-adjustable-ice-level\/\"><span style=\"vertical-align: inherit\">\u00a0Bang 28000 vpihov <\/span><\/a><span style=\"vertical-align: inherit\">\/<\/span><a href=\"https:\/\/vapebulkp.com\/sl\/product\/waspe-crystal-vape-40000-puffs-disposable-e-cigarette-dual-flavors-wholesale-price\/\"><span style=\"vertical-align: inherit\"> WASPE Crystal 40000 vdihov<\/span><\/a><\/p>\n<p>&nbsp;<\/p>\n<h4><strong>Zakaj izbrati Evappe Deluxe Bar 18000 vpihov v <a href=\"https:\/\/vapebulkp.com\/sl\/vape-shop\/\">Vapebulkp.com<\/a>?<\/strong><\/h4>\n<p>Pri Vapebulkp.com nudimo le najkakovostnej\u0161e izdelke za vejpanje in <strong>Evappe Deluxe Bar 18000 vdihov<\/strong> ni izjema. Tukaj je razlog, zakaj je to popolna izbira za va\u0161e potrebe po vejpanju:<\/p>\n<ol>\n<li><strong>Vrhunska kakovost<\/strong> \u2013 Evappe Deluxe Bar je izdelan z napredno tehnologijo, ki zagotavlja gladko paro, intenziven okus in dolgotrajno delovanje. Z do 18.000 vpihi in zanesljivo 750 mAh baterijo za ponovno polnjenje ta naprava zagotavlja dosledno in zadovoljivo izku\u0161njo vsaki\u010d.<\/li>\n<li><strong>Konkuren\u010dne cene<\/strong> \u2013 Vapebulkp.com ponuja <strong>Evappe Deluxe Bar 18000 Puffs<\/strong>\u00a0po konkuren\u010dnih cenah, zaradi \u010desar je vrhunsko vejpmanje dostopno brez \u017ertvovanja kakovosti. Na voljo so tudi mo\u017enosti nakupa v velikih koli\u010dinah za stro\u0161kovno u\u010dinkovite re\u0161itve.<\/li>\n<li><strong>\u0160irok izbor<\/strong> \u2013 Ponujamo razli\u010dne jakosti nikotina (2% in 5%), ki ustrezajo razli\u010dnim \u017eeljam. Ne glede na to, ali ste za\u010detnik ali izku\u0161en vejper, imamo idealno konfiguracijo, ki ustreza va\u0161im potrebam.<\/li>\n<li><strong>Hitro<\/strong> \u2013 Na\u0161a hitra in zanesljiva storitev po\u0161iljanja zagotavlja, da prejmete svoj Evappe Deluxe Bar hitro in varno, kjer koli ste v Evropi.<\/li>\n<li><strong>Storitev osredoto\u010dena na stranke<\/strong> \u2013 Na\u0161a namenska ekipa za podporo strankam vam je pripravljena pomagati pri kakr\u0161nih koli vpra\u0161anjih in zagotoviti, da bo va\u0161a nakupovalna izku\u0161nja brezhibna od za\u010detka do konca.<\/li>\n<\/ol>\n<h5>Podrobnosti dostave:<\/h5>\n<p><span style=\"color: #ff6600\">\u010cas proizvodnje: 5\u201310 delovnih dni<\/span><br \/>\n<span style=\"color: #ff6600\">\u010cas dostave: 8\u201314 delovnih dni<\/span><\/p>\n<p>Vsi izdelki v na\u0161i trgovini so 100% originalni in avtenti\u010dni, zato je na\u0161a politika desetkratno nadomestilo za ponarejeno blago. Za dostavo blaga vam uporabljamo logisti\u010dne kanale, kot so UPS\/DHL\/FEDEX\/DPD.<\/p>\n<p>Za pakete, poslane v Slovenijo, obi\u010dajno traja 10 delovnih dni. Po\u0161iljanje v evropske dr\u017eave obi\u010dajno traja 12 do 15 delovnih dni. Logisti\u010dne informacije vam bomo sproti posodabljali.<\/p>","protected":false},"excerpt":{"rendered":"<ul>\n<li><strong>Evappe Deluxe Bar 18000 Puffs visoko zmogljiv vape pod za enkratno uporabo z mre\u017easto tuljavo in polnilno baterijo Type-C<\/strong><\/li>\n<li><strong>Premium Evappe Deluxe Bar 18000 Puffs vape za enkratno uporabo s 25 ml e-teko\u010dine in 2%\/5% vsebnostjo nikotina<\/strong><\/li>\n<li><strong>Evappe Deluxe Bar 18000 Puffs visokokakovosten vape pod za DTL vaping z dolgotrajno zmogljivostjo in polnilno baterijo<\/strong><\/li>\n<\/ul>\n<p>Za popust se obrnite na Mandyin WhatsApp<a href=\"https:\/\/wa.me\/8618077105796\">+8618077105796<\/a><\/p>\n<p><img decoding=\"async\" class=\"alignnone wp-image-2151\" src=\"http:\/\/vapebulkp.com\/wp-content\/uploads\/2024\/04\/Mandy-WhatsApp-Randm.jpg\" alt=\"Mandy WhatsApp Randm\" width=\"297\" height=\"316\" srcset=\"https:\/\/vapebulkp.com\/wp-content\/uploads\/2024\/04\/Mandy-WhatsApp-Randm.jpg 916w, https:\/\/vapebulkp.com\/wp-content\/uploads\/2024\/04\/Mandy-WhatsApp-Randm-282x300.jpg 282w, https:\/\/vapebulkp.com\/wp-content\/uploads\/2024\/04\/Mandy-WhatsApp-Randm-768x817.jpg 768w, https:\/\/vapebulkp.com\/wp-content\/uploads\/2024\/04\/Mandy-WhatsApp-Randm-600x638.jpg 600w\" sizes=\"(max-width: 297px) 100vw, 297px\" \/><\/p>\n<p><span style=\"color: #ff0000\">OPOMBA: Cene na na\u0161i spletni strani ne vklju\u010dujejo stro\u0161kov po\u0161iljanja.<\/span><\/p>\n<p>&nbsp;<\/p>","protected":false},"featured_media":3413,"comment_status":"open","ping_status":"closed","template":"","meta":{"_uag_custom_page_level_css":"","_lmt_disableupdate":"no","_lmt_disable":"","site-sidebar-layout":"default","site-content-layout":"content-boxed-container","ast-site-content-layout":"normal-width-container","site-content-style":"boxed","site-sidebar-style":"unboxed","ast-global-header-display":"","ast-banner-title-visibility":"","ast-main-header-display":"","ast-hfb-above-header-display":"","ast-hfb-below-header-display":"","ast-hfb-mobile-header-display":"","site-post-title":"","ast-breadcrumbs-content":"","ast-featured-img":"","footer-sml-layout":"","theme-transparent-header-meta":"default","adv-header-id-meta":"","stick-header-meta":"","header-above-stick-meta":"","header-main-stick-meta":"","header-below-stick-meta":"","astra-migrate-meta-layouts":"set","_joinchat":[]},"product_cat":[163,153,155,33,59,100,87,34,158,157,154,152,58,84,156],"product_tag":[205,36,37,41,40],"class_list":["post-3412","product","type-product","status-publish","has-post-thumbnail","hentry","product_cat-18000-puffs-disposable-vape","product_cat-hot-disposable-vapes","product_cat-belgium-hot-disposable-vapes","product_cat-france-vape-hot-sale","product_cat-germany-hot-disposable-vape","product_cat-germany-wholesale-vape-shop","product_cat-minimum-order-quantity-50pcs","product_cat-netherlands-vape-good-sale","product_cat-norway-hot-disposable-vapes","product_cat-poland-hot-disposable-vapes","product_cat-portugal-hot-disposable-vapes","product_cat-spain-hot-disposable-vapes","product_cat-sweden-hot-disposable-vape","product_cat-sweden-wholesale-vape","product_cat-switzerland-hot-disposable-vapes","product_tag-evappe-deluxe-bar-18000-puffs","product_tag-good-vape","product_tag-hot-sale-disposable-vape","product_tag-poland-hot-vape","product_tag-sweden-hot-vape","desktop-align-left","tablet-align-left","mobile-align-left"],"yoast_head":"<!-- This site is optimized with the Yoast SEO plugin v21.1 - https:\/\/yoast.com\/wordpress\/plugins\/seo\/ -->\n<title>Evappe Deluxe Bar 18000 Puffs High-Performance Waka Vape Pod - vapebulkp.com<\/title>\n<meta name=\"description\" content=\"Best Sale Evappe Deluxe Bar 18000 Puffs offers long-lasting, smooth vapor with 25ml e-liquid and rechargeable convenience for premium vaping.\" \/>\n<meta name=\"robots\" content=\"index, follow, max-snippet:-1, max-image-preview:large, max-video-preview:-1\" \/>\n<link rel=\"canonical\" href=\"https:\/\/vapebulkp.com\/sl\/product\/evappe-deluxe-bar-18000-puffs-high-performance-waka-vape-pod\/\" \/>\n<meta property=\"og:locale\" content=\"sl_SI\" \/>\n<meta property=\"og:type\" content=\"article\" \/>\n<meta property=\"og:title\" content=\"Evappe Deluxe Bar 18000 Puffs High-Performance Waka Vape Pod - vapebulkp.com\" \/>\n<meta property=\"og:description\" content=\"Best Sale Evappe Deluxe Bar 18000 Puffs offers long-lasting, smooth vapor with 25ml e-liquid and rechargeable convenience for premium vaping.\" \/>\n<meta property=\"og:url\" content=\"https:\/\/vapebulkp.com\/sl\/product\/evappe-deluxe-bar-18000-puffs-high-performance-waka-vape-pod\/\" \/>\n<meta property=\"og:site_name\" content=\"vapebulkp.com\" \/>\n<meta property=\"article:modified_time\" content=\"2025-09-03T07:21:22+00:00\" \/>\n<meta property=\"og:image\" content=\"http:\/\/vapebulkp.com\/wp-content\/uploads\/2025\/01\/Evappe-Deluxe-Bar-18000-Puff-Advanced-Vaping-Solution.webp\" \/>\n\t<meta property=\"og:image:width\" content=\"800\" \/>\n\t<meta property=\"og:image:height\" content=\"800\" \/>\n\t<meta property=\"og:image:type\" content=\"image\/webp\" \/>\n<meta name=\"twitter:card\" content=\"summary_large_image\" \/>\n<meta name=\"twitter:label1\" content=\"Est. reading time\" \/>\n\t<meta name=\"twitter:data1\" content=\"4 minute\" \/>\n<script type=\"application\/ld+json\" class=\"yoast-schema-graph\">{\"@context\":\"https:\/\/schema.org\",\"@graph\":[{\"@type\":\"WebPage\",\"@id\":\"https:\/\/vapebulkp.com\/product\/evappe-deluxe-bar-18000-puffs-high-performance-waka-vape-pod\/\",\"url\":\"https:\/\/vapebulkp.com\/product\/evappe-deluxe-bar-18000-puffs-high-performance-waka-vape-pod\/\",\"name\":\"Evappe Deluxe Bar 18000 Puffs High-Performance Waka Vape Pod - vapebulkp.com\",\"isPartOf\":{\"@id\":\"https:\/\/vapebulkp.com\/#website\"},\"datePublished\":\"2025-01-30T08:00:36+00:00\",\"dateModified\":\"2025-09-03T07:21:22+00:00\",\"description\":\"Best Sale Evappe Deluxe Bar 18000 Puffs offers long-lasting, smooth vapor with 25ml e-liquid and rechargeable convenience for premium vaping.\",\"breadcrumb\":{\"@id\":\"https:\/\/vapebulkp.com\/product\/evappe-deluxe-bar-18000-puffs-high-performance-waka-vape-pod\/#breadcrumb\"},\"inLanguage\":\"sl-SI\",\"potentialAction\":[{\"@type\":\"ReadAction\",\"target\":[\"https:\/\/vapebulkp.com\/product\/evappe-deluxe-bar-18000-puffs-high-performance-waka-vape-pod\/\"]}]},{\"@type\":\"BreadcrumbList\",\"@id\":\"https:\/\/vapebulkp.com\/product\/evappe-deluxe-bar-18000-puffs-high-performance-waka-vape-pod\/#breadcrumb\",\"itemListElement\":[{\"@type\":\"ListItem\",\"position\":1,\"name\":\"Home\",\"item\":\"https:\/\/vapebulkp.com\/\"},{\"@type\":\"ListItem\",\"position\":2,\"name\":\"Hot Trend Vapes\",\"item\":\"https:\/\/vapebulkp.com\/vape-shop\/\"},{\"@type\":\"ListItem\",\"position\":3,\"name\":\"Evappe Deluxe Bar 18000 Puffs High-Performance Waka Vape Pod\"}]},{\"@type\":\"WebSite\",\"@id\":\"https:\/\/vapebulkp.com\/#website\",\"url\":\"https:\/\/vapebulkp.com\/\",\"name\":\"vapebulkp.com\",\"description\":\"Buy Vape In Cheap Bulk Price Near you\",\"publisher\":{\"@id\":\"https:\/\/vapebulkp.com\/#organization\"},\"potentialAction\":[{\"@type\":\"SearchAction\",\"target\":{\"@type\":\"EntryPoint\",\"urlTemplate\":\"https:\/\/vapebulkp.com\/?s={search_term_string}\"},\"query-input\":\"required name=search_term_string\"}],\"inLanguage\":\"sl-SI\"},{\"@type\":\"Organization\",\"@id\":\"https:\/\/vapebulkp.com\/#organization\",\"name\":\"vapebulkp.com\",\"url\":\"https:\/\/vapebulkp.com\/\",\"logo\":{\"@type\":\"ImageObject\",\"inLanguage\":\"sl-SI\",\"@id\":\"https:\/\/vapebulkp.com\/#\/schema\/logo\/image\/\",\"url\":\"https:\/\/vapebulkp.com\/wp-content\/uploads\/2023\/09\/cropped-vapebulkp.png\",\"contentUrl\":\"https:\/\/vapebulkp.com\/wp-content\/uploads\/2023\/09\/cropped-vapebulkp.png\",\"width\":516,\"height\":163,\"caption\":\"vapebulkp.com\"},\"image\":{\"@id\":\"https:\/\/vapebulkp.com\/#\/schema\/logo\/image\/\"}}]}<\/script>\n<!-- \/ Yoast SEO plugin. -->","yoast_head_json":{"title":"Evappe Deluxe Bar 18000 Puffs High-Performance Waka Vape Pod - vapebulkp.com","description":"Best Sale Evappe Deluxe Bar 18000 Puffs offers long-lasting, smooth vapor with 25ml e-liquid and rechargeable convenience for premium vaping.","robots":{"index":"index","follow":"follow","max-snippet":"max-snippet:-1","max-image-preview":"max-image-preview:large","max-video-preview":"max-video-preview:-1"},"canonical":"https:\/\/vapebulkp.com\/sl\/product\/evappe-deluxe-bar-18000-puffs-high-performance-waka-vape-pod\/","og_locale":"sl_SI","og_type":"article","og_title":"Evappe Deluxe Bar 18000 Puffs High-Performance Waka Vape Pod - vapebulkp.com","og_description":"Best Sale Evappe Deluxe Bar 18000 Puffs offers long-lasting, smooth vapor with 25ml e-liquid and rechargeable convenience for premium vaping.","og_url":"https:\/\/vapebulkp.com\/sl\/product\/evappe-deluxe-bar-18000-puffs-high-performance-waka-vape-pod\/","og_site_name":"vapebulkp.com","article_modified_time":"2025-09-03T07:21:22+00:00","og_image":[{"width":800,"height":800,"url":"http:\/\/vapebulkp.com\/wp-content\/uploads\/2025\/01\/Evappe-Deluxe-Bar-18000-Puff-Advanced-Vaping-Solution.webp","type":"image\/webp"}],"twitter_card":"summary_large_image","twitter_misc":{"Est. reading time":"4 minute"},"schema":{"@context":"https:\/\/schema.org","@graph":[{"@type":"WebPage","@id":"https:\/\/vapebulkp.com\/product\/evappe-deluxe-bar-18000-puffs-high-performance-waka-vape-pod\/","url":"https:\/\/vapebulkp.com\/product\/evappe-deluxe-bar-18000-puffs-high-performance-waka-vape-pod\/","name":"Evappe Deluxe Bar 18000 Puffs High-Performance Waka Vape Pod - vapebulkp.com","isPartOf":{"@id":"https:\/\/vapebulkp.com\/#website"},"datePublished":"2025-01-30T08:00:36+00:00","dateModified":"2025-09-03T07:21:22+00:00","description":"Best Sale Evappe Deluxe Bar 18000 Puffs offers long-lasting, smooth vapor with 25ml e-liquid and rechargeable convenience for premium vaping.","breadcrumb":{"@id":"https:\/\/vapebulkp.com\/product\/evappe-deluxe-bar-18000-puffs-high-performance-waka-vape-pod\/#breadcrumb"},"inLanguage":"sl-SI","potentialAction":[{"@type":"ReadAction","target":["https:\/\/vapebulkp.com\/product\/evappe-deluxe-bar-18000-puffs-high-performance-waka-vape-pod\/"]}]},{"@type":"BreadcrumbList","@id":"https:\/\/vapebulkp.com\/product\/evappe-deluxe-bar-18000-puffs-high-performance-waka-vape-pod\/#breadcrumb","itemListElement":[{"@type":"ListItem","position":1,"name":"Home","item":"https:\/\/vapebulkp.com\/"},{"@type":"ListItem","position":2,"name":"Hot Trend Vapes","item":"https:\/\/vapebulkp.com\/vape-shop\/"},{"@type":"ListItem","position":3,"name":"Evappe Deluxe Bar 18000 Puffs High-Performance Waka Vape Pod"}]},{"@type":"WebSite","@id":"https:\/\/vapebulkp.com\/#website","url":"https:\/\/vapebulkp.com\/","name":"vapebulkp.com","description":"Buy Vape In Cheap Bulk Price Near you","publisher":{"@id":"https:\/\/vapebulkp.com\/#organization"},"potentialAction":[{"@type":"SearchAction","target":{"@type":"EntryPoint","urlTemplate":"https:\/\/vapebulkp.com\/?s={search_term_string}"},"query-input":"required name=search_term_string"}],"inLanguage":"sl-SI"},{"@type":"Organization","@id":"https:\/\/vapebulkp.com\/#organization","name":"vapebulkp.com","url":"https:\/\/vapebulkp.com\/","logo":{"@type":"ImageObject","inLanguage":"sl-SI","@id":"https:\/\/vapebulkp.com\/#\/schema\/logo\/image\/","url":"https:\/\/vapebulkp.com\/wp-content\/uploads\/2023\/09\/cropped-vapebulkp.png","contentUrl":"https:\/\/vapebulkp.com\/wp-content\/uploads\/2023\/09\/cropped-vapebulkp.png","width":516,"height":163,"caption":"vapebulkp.com"},"image":{"@id":"https:\/\/vapebulkp.com\/#\/schema\/logo\/image\/"}}]}},"uagb_featured_image_src":{"full":["https:\/\/vapebulkp.com\/wp-content\/uploads\/2025\/01\/Evappe-Deluxe-Bar-18000-Puff-Advanced-Vaping-Solution.webp",800,800,false],"thumbnail":["https:\/\/vapebulkp.com\/wp-content\/uploads\/2025\/01\/Evappe-Deluxe-Bar-18000-Puff-Advanced-Vaping-Solution-150x150.webp",150,150,true],"medium":["https:\/\/vapebulkp.com\/wp-content\/uploads\/2025\/01\/Evappe-Deluxe-Bar-18000-Puff-Advanced-Vaping-Solution-300x300.webp",300,300,true],"medium_large":["https:\/\/vapebulkp.com\/wp-content\/uploads\/2025\/01\/Evappe-Deluxe-Bar-18000-Puff-Advanced-Vaping-Solution-768x768.webp",768,768,true],"large":["https:\/\/vapebulkp.com\/wp-content\/uploads\/2025\/01\/Evappe-Deluxe-Bar-18000-Puff-Advanced-Vaping-Solution.webp",800,800,false],"1536x1536":["https:\/\/vapebulkp.com\/wp-content\/uploads\/2025\/01\/Evappe-Deluxe-Bar-18000-Puff-Advanced-Vaping-Solution.webp",800,800,false],"2048x2048":["https:\/\/vapebulkp.com\/wp-content\/uploads\/2025\/01\/Evappe-Deluxe-Bar-18000-Puff-Advanced-Vaping-Solution.webp",800,800,false],"trp-custom-language-flag":["https:\/\/vapebulkp.com\/wp-content\/uploads\/2025\/01\/Evappe-Deluxe-Bar-18000-Puff-Advanced-Vaping-Solution.webp",12,12,false],"woocommerce_thumbnail":["https:\/\/vapebulkp.com\/wp-content\/uploads\/2025\/01\/Evappe-Deluxe-Bar-18000-Puff-Advanced-Vaping-Solution-300x300.webp",300,300,true],"woocommerce_single":["https:\/\/vapebulkp.com\/wp-content\/uploads\/2025\/01\/Evappe-Deluxe-Bar-18000-Puff-Advanced-Vaping-Solution-600x600.webp",600,600,true],"woocommerce_gallery_thumbnail":["https:\/\/vapebulkp.com\/wp-content\/uploads\/2025\/01\/Evappe-Deluxe-Bar-18000-Puff-Advanced-Vaping-Solution-100x100.webp",100,100,true],"wcpr-photo-reviews":["https:\/\/vapebulkp.com\/wp-content\/uploads\/2025\/01\/Evappe-Deluxe-Bar-18000-Puff-Advanced-Vaping-Solution.webp",500,500,false]},"uagb_author_info":{"display_name":"Mandy vape bulk price","author_link":"https:\/\/vapebulkp.com\/sl\/author\/"},"uagb_comment_info":0,"uagb_excerpt":"Evappe Deluxe Bar 18000 Puffs High-Performance Disposable Vape Pod with Mesh Coil and Type-C Rechargeable Battery Premium Evappe Deluxe Bar 18000 Puff Disposable Vape with 25ml E-liquid and 2%\/5% Nicotine Strength Evappe Deluxe Bar 18000 Puffs High-Quality Vape Pod for DTL Vaping with Long-Lasting Performance and Rechargeable Battery Pls Contact Mandy's WhatsApp For Discount Price+8618077105796&hellip;","_links":{"self":[{"href":"https:\/\/vapebulkp.com\/sl\/wp-json\/wp\/v2\/product\/3412","targetHints":{"allow":["GET"]}}],"collection":[{"href":"https:\/\/vapebulkp.com\/sl\/wp-json\/wp\/v2\/product"}],"about":[{"href":"https:\/\/vapebulkp.com\/sl\/wp-json\/wp\/v2\/types\/product"}],"replies":[{"embeddable":true,"href":"https:\/\/vapebulkp.com\/sl\/wp-json\/wp\/v2\/comments?post=3412"}],"wp:featuredmedia":[{"embeddable":true,"href":"https:\/\/vapebulkp.com\/sl\/wp-json\/wp\/v2\/media\/3413"}],"wp:attachment":[{"href":"https:\/\/vapebulkp.com\/sl\/wp-json\/wp\/v2\/media?parent=3412"}],"wp:term":[{"taxonomy":"product_cat","embeddable":true,"href":"https:\/\/vapebulkp.com\/sl\/wp-json\/wp\/v2\/product_cat?post=3412"},{"taxonomy":"product_tag","embeddable":true,"href":"https:\/\/vapebulkp.com\/sl\/wp-json\/wp\/v2\/product_tag?post=3412"}],"curies":[{"name":"wp","href":"https:\/\/api.w.org\/{rel}","templated":true}]}}