{"id":3429,"date":"2025-02-07T10:00:01","date_gmt":"2025-02-07T09:00:01","guid":{"rendered":"https:\/\/vapebulkp.com\/?post_type=product&#038;p=3429"},"modified":"2025-09-24T05:51:45","modified_gmt":"2025-09-24T03:51:45","slug":"jnr-power-mate-30000-puffs-wholesale-pocket-hookah-disposable-vape","status":"publish","type":"product","link":"https:\/\/vapebulkp.com\/sl\/product\/jnr-power-mate-30000-puffs-wholesale-pocket-hookah-disposable-vape\/","title":{"rendered":"JNR Power Mate 30000 vdihov na debelo \u017eepna hookah enkratna vape naprava"},"content":{"rendered":"<h2 style=\"text-align: left\">JNR Power Mate 30000 vdihov na debelo \u017eepna hookah enkratna vape naprava<\/h2>\n<p>The <strong>JNR Power Mate 30000 vdihov na debelo \u017eepna hookah enkratna vape naprava<\/strong> je vrhunska naprava, izdelana za vaperje, ki zahtevajo odli\u010dnost. Z impresivnim <strong>30.000 vpihov<\/strong>, ponuja neprimerljivo dolgo \u017eivljenjsko dobo in zadovoljstvo. Prednapolnjena z <strong>19 ml e-teko\u010dine<\/strong> in <strong>21% nikotinske jakosti<\/strong>, zagotavlja gladke, dosledne okuse za izbolj\u0161ano izku\u0161njo vapinga.<\/p>\n<p>Opremljen z <strong>5000 mAh napajalna enota<\/strong>, deluje tudi kot prenosni polnilnik za vrhunsko priro\u010dnost. Vgrajena <strong>dvojno mre\u017easto tuljavo<\/strong> zagotavlja izbolj\u0161ano produkcijo okusa, medtem ko <strong>pametni zaslon<\/strong> prikazuje \u0161tevilo vpihov in stanje baterije za enostavno uporabo. S skritimi <strong>kabli Type-C in Lightning<\/strong>, ta <strong>\u017eepna nargila za enkratno uporabo<\/strong> je kot nala\u0161\u010d za polnjenje na poti.<\/p>\n<p>Na voljo po <strong>veleprodajnih cenah<\/strong>, JNR Power Mate <strong><a href=\"https:\/\/vapebulkp.com\/sl\/product-category\/30000-puff-disposable-vape\/\">30000 vdihov, vape za enkratno uporabo<\/a><\/strong> je idealen za kupce na debelo, ki i\u0161\u010dejo visokozmogljive vape za enkratno uporabo. Eleganten, funkcionalen in zanesljiv, to je kon\u010dna re\u0161itev za vrhunski vaping.<\/p>\n<p>&nbsp;<\/p>\n<h6>Za popust se obrnite na Mandyin WhatsApp<a href=\"https:\/\/wa.me\/8618077105796\">+8618077105796<\/a><\/h6>\n<p><img decoding=\"async\" class=\"alignnone wp-image-2151\" src=\"http:\/\/vapebulkp.com\/wp-content\/uploads\/2024\/04\/Mandy-WhatsApp-Randm.jpg\" alt=\"Mandy WhatsApp Randm\" width=\"287\" height=\"305\" srcset=\"https:\/\/vapebulkp.com\/wp-content\/uploads\/2024\/04\/Mandy-WhatsApp-Randm.jpg 916w, https:\/\/vapebulkp.com\/wp-content\/uploads\/2024\/04\/Mandy-WhatsApp-Randm-282x300.jpg 282w, https:\/\/vapebulkp.com\/wp-content\/uploads\/2024\/04\/Mandy-WhatsApp-Randm-768x817.jpg 768w, https:\/\/vapebulkp.com\/wp-content\/uploads\/2024\/04\/Mandy-WhatsApp-Randm-600x638.jpg 600w\" sizes=\"(max-width: 287px) 100vw, 287px\" \/><\/p>\n<h2><strong>Zakaj izbrati JNR Power Mate 30k Puffs Vape za enkratno uporabo s spletne strani Vapebulkp.com?<\/strong><\/h2>\n<ul>\n<li><strong>Neprekosljiva kakovost izdelkov<\/strong><br \/>\nPri Vapebulkp.com dajemo prednost vrhunskim napravam za vaping, kot je JNR Power Mate 30000 Puffs. Ta naprava zdru\u017euje izjemno kakovost izdelave in dolgotrajno delovanje.<\/li>\n<li><strong>Konkuren\u010dne veleprodajne cene<\/strong><br \/>\nVapebulkp.com ponuja JNR Power Mate po neprekosljivih cenah za posamezne in velike nakupe. Kupci na debelo imajo koristi od stro\u0161kovno u\u010dinkovitih ponudb, ki zagotavljajo veliko vrednost brez kompromisov glede kakovosti.<\/li>\n<li><strong>Zanesljiva dostava po Evropi<\/strong><br \/>\nSpecializirani smo za hitro in varno po\u0161iljanje v evropske dr\u017eave, kar zagotavlja, da va\u0161e naprave JNR Power Mate prispejo pravo\u010dasno in v odli\u010dnem stanju.<\/li>\n<li><strong>Namenska podpora strankam<\/strong><br \/>\nNa\u0161a ekipa za podporo strankam je vedno pripravljena pomagati pri vpra\u0161anjih o JNR Power Mate ali drugih izdelkih. Od oddaje naro\u010dila do podpore po nakupu vam zagotavljamo brezhibno nakupovalno izku\u0161njo.<\/li>\n<li><strong>Zaupanja vreden vir vrhunskih izdelkov za vaping<\/strong><br \/>\nKot zaupanja vreden dobavitelj Vapebulkp.com ponuja obse\u017eno paleto vrhunskih za enkratno uporabo, prilagojenih va\u0161im potrebam. JNR Power Mate ponazarja na\u0161o zavezanost zagotavljanju najsodobnej\u0161ih re\u0161itev za vaping.<\/li>\n<\/ul>\n<h3><\/h3>\n<div class=\"mb-2 flex gap-3 empty:hidden -ml-2\">\n<div class=\"items-center justify-start rounded-xl p-1 flex\">\n<h3><strong>Specifikacije JNR Vape Power Mate 30000 Puff<\/strong><\/h3>\n<ul>\n<li><strong>Kapaciteta pr\u0161ila:<\/strong> Zagotavlja do 30.000 vpihov za raz\u0161irjeno, brezskrbno vaping.<\/li>\n<li><strong>Prostornina e-teko\u010dine:<\/strong> Prednapolnjeno z 19 ml vrhunske e-teko\u010dine, kar odpravlja potrebo po pogostem polnjenju.<\/li>\n<li><strong>Jakost Nikotina:<\/strong> Na voljo s 5% koncentracijo nikotina za gladko in zadovoljivo izku\u0161njo.<\/li>\n<li><strong>Napredna dvojna mre\u017ena tuljava:<\/strong> Integrirana dvojna mre\u017ena tuljava 1,0\u03a9 zagotavlja enakomerno segrevanje in izjemno proizvodnjo okusa.<\/li>\n<li><strong>Pametni zaslon:<\/strong> Vklju\u010duje uporabniku prijazen zaslon, ki prikazuje \u0161tevilo vpihov, stanje baterije in bistvene podatke o napravi.<\/li>\n<li><strong>Izjemen okus:<\/strong> Zagotavlja gladke, dosledne in ne\u017ene okuse za vrhunsko izku\u0161njo vapinga.<\/li>\n<li><strong>Hitro polnjenje Type-C:<\/strong> Podpira tehnologijo hitrega polnjenja Type-C za hitro in u\u010dinkovito napajanje.<\/li>\n<\/ul>\n<\/div>\n<\/div>\n<h3 style=\"text-align: left\"><strong>Seznam okusov JNR Power Mate 30000 Puffs Vape Pod:<\/strong><\/h3>\n<p>1.Modra malina (led)<br \/>\n2.Jagoda (led)<br \/>\nLubenica Led<br \/>\n4. Jagoda Banana<br \/>\n5. \u010ce\u0161nja jagoda malina<br \/>\n6. Breskev mango lubenica<br \/>\n7. Jagoda Kivi<br \/>\n8. Me\u0161ano jagodi\u010devje<br \/>\n9. Fizzy \u010de\u0161nja cola<br \/>\n10. Kivi lubenica led<\/p>\n<p><a href=\"https:\/\/vapebulkp.com\/sl\/product\/waspe-vape-40000-puff-fihp-double-flavour-disposable-vape\/\"><span style=\"vertical-align: inherit\">WASPE 40000 Vpihov<\/span><\/a><\/p>\n<p><span style=\"vertical-align: inherit\">Poi\u0161\u010dite ve\u010d izdelkov, ki bi vam bili morda v\u0161e\u010d:<\/span><em><a href=\"https:\/\/wa.me\/8618077105796\"><span style=\"vertical-align: inherit\">\u00a0Kupite zdaj<\/span><\/a><\/em><\/p>\n<p><span style=\"vertical-align: inherit\">Drugi 'puffs', ki bi vam bili morda v\u0161e\u010d:<\/span><a href=\"https:\/\/vapebulkp.com\/sl\/product\/uzy-bang-king-12k-disposable-vape-affordable-price\/\"><span style=\"vertical-align: inherit\">UZY Bang King 12000Puffs<\/span><\/a><span style=\"vertical-align: inherit\">\u3001<\/span><a href=\"https:\/\/vapebulkp.com\/sl\/product\/wholesale-randm-tornado-9000-puffs-germany\/\"><span style=\"vertical-align: inherit\">RandM 9000 Vpihov<\/span><\/a><span style=\"vertical-align: inherit\">\/ <\/span><a href=\"https:\/\/vapebulkp.com\/sl\/product\/uwin-crystal-10k-puff-long-lasting-disposable-vape-for-europe\/\"><span style=\"vertical-align: inherit\">UWIN Crystal 7000 Vpihov<\/span><\/a><span style=\"vertical-align: inherit\">\/ <\/span><a href=\"https:\/\/vapebulkp.com\/sl\/product\/jnr-vape-watch-18-30k-puffs-2-nic-wholesale-price-disposable-vape\/\"><span style=\"vertical-align: inherit\">JNR VAPE WATCH 30K VPIHOV\u00a0<\/span><\/a><\/p>\n<p>&nbsp;<\/p>\n<div class=\"flex max-w-full flex-col flex-grow\">\n<div class=\"min-h-8 text-message flex w-full flex-col items-end gap-2 whitespace-normal break-words text-start [.text-message+&amp;]:mt-5\" dir=\"auto\" data-message-author-role=\"assistant\" data-message-id=\"71ffd1de-0990-4a6b-8410-6423ec699d47\" data-message-model-slug=\"gpt-4o-mini\">\n<div class=\"flex w-full flex-col gap-1 empty:hidden first:pt-[3px]\">\n<div class=\"markdown prose w-full break-words dark:prose-invert light\">\n<h3><strong>Pogosta vpra\u0161anja o <\/strong><strong>JNR Power Mate 30000 Vpihov <\/strong><strong>Za enkratno uporabo vape<\/strong><\/h3>\n<p><strong>1. Koliko vpihov ponuja JNR Power Mate 30000?<\/strong><br \/>\nJNR Power Mate ponuja do 30.000 vpihov, kar ga naredi odli\u010dno izbiro za tiste, ki i\u0161\u010dejo dolgotrajno delovanje brez pogostih zamenjav.<\/p>\n<p><strong>2. Kak\u0161na je koncentracija nikotina v tej napravi?<\/strong><br \/>\nTa vape za enkratno uporabo ima 2% nikotinsko mo\u010d, kar zagotavlja gladek in zadovoljiv udarec v grlo tako za nove kot za izku\u0161ene vaperje.<\/p>\n<p><strong>3. Kak\u0161na je kapaciteta e-teko\u010dine JNR Vape?<\/strong><br \/>\nDobavljen je s prednapolnjenimi 19 ml visokokakovostne e-teko\u010dine, kar zagotavlja dalj\u0161o uporabo brez potrebe po ponovnem polnjenju.<\/p>\n<p><strong>4. Kaj je edinstvenega pri JNR Power Mate puff 30000?<\/strong><br \/>\nNaprava zdru\u017euje vgrajeno napajalno banko s kapaciteto 5000 mAh z magnetnim sistemom povezovanja, dvojnimi polnilnimi kabli (Type-C in Lightning) ter pametnim zaslonom za dodatno funkcionalnost in udobje.<\/p>\n<\/div>\n<\/div>\n<\/div>\n<\/div>\n<h3><strong>Podrobnosti o po\u0161iljanju<\/strong>:<\/h3>\n<ul>\n<li><strong>\u010cas obdelave<\/strong>: 5-10 delovnih dni<\/li>\n<li><strong>\u010cas po\u0161iljanja<\/strong>: 8-14 delovnih dni<\/li>\n<li><strong>Logisti\u010dni kanali<\/strong>: Uporabljamo zaupanja vredne prevoznike, kot so <strong>UPS, DHL in FedEx<\/strong> za varno dostavo.<\/li>\n<li><strong>Po\u0161iljanje v Evropo<\/strong>: Naro\u010dila v evropske dr\u017eave obi\u010dajno prispejo v 12-15 delovnih dneh.<\/li>\n<\/ul>","protected":false},"excerpt":{"rendered":"<ul>\n<li>JNR Power Mate 30000 Puffs visokozmogljiva \u017eepna nargila za enkratno uporabo za veleprodajo<\/li>\n<li>Vrhunska JNR Power Mate 30000 Puffs za enkratno uporabo z vgrajeno napajalno enoto<\/li>\n<\/ul>\n<p><img decoding=\"async\" class=\"alignnone wp-image-2151\" src=\"http:\/\/vapebulkp.com\/wp-content\/uploads\/2024\/04\/Mandy-WhatsApp-Randm.jpg\" alt=\"Mandy WhatsApp Randm\" width=\"234\" height=\"249\" srcset=\"https:\/\/vapebulkp.com\/wp-content\/uploads\/2024\/04\/Mandy-WhatsApp-Randm.jpg 916w, https:\/\/vapebulkp.com\/wp-content\/uploads\/2024\/04\/Mandy-WhatsApp-Randm-282x300.jpg 282w, https:\/\/vapebulkp.com\/wp-content\/uploads\/2024\/04\/Mandy-WhatsApp-Randm-768x817.jpg 768w, https:\/\/vapebulkp.com\/wp-content\/uploads\/2024\/04\/Mandy-WhatsApp-Randm-600x638.jpg 600w\" sizes=\"(max-width: 234px) 100vw, 234px\" \/><\/p>\n<p>Za popust se obrnite na Mandyin WhatsApp<a href=\"https:\/\/wa.me\/8618077105796\">+8618077105796<\/a><\/p>\n<p><span style=\"color: #ff0000\">OPOMBA: Cene na na\u0161i spletni strani ne vklju\u010dujejo stro\u0161kov po\u0161iljanja.<\/span><\/p>\n<p>&nbsp;<\/p>","protected":false},"featured_media":3425,"comment_status":"open","ping_status":"closed","template":"","meta":{"_uag_custom_page_level_css":"","_lmt_disableupdate":"no","_lmt_disable":"","site-sidebar-layout":"default","site-content-layout":"content-boxed-container","ast-site-content-layout":"normal-width-container","site-content-style":"boxed","site-sidebar-style":"unboxed","ast-global-header-display":"","ast-banner-title-visibility":"","ast-main-header-display":"","ast-hfb-above-header-display":"","ast-hfb-below-header-display":"","ast-hfb-mobile-header-display":"","site-post-title":"","ast-breadcrumbs-content":"","ast-featured-img":"","footer-sml-layout":"","theme-transparent-header-meta":"default","adv-header-id-meta":"","stick-header-meta":"","header-above-stick-meta":"","header-main-stick-meta":"","header-below-stick-meta":"","astra-migrate-meta-layouts":"set","_joinchat":[]},"product_cat":[160,153,155,33,59,100,353,34,158,157,154,152,58,84,156,63,32],"product_tag":[187,36,37,206,41,40],"class_list":["post-3429","product","type-product","status-publish","has-post-thumbnail","hentry","product_cat-30000-puff-disposable-vape","product_cat-hot-disposable-vapes","product_cat-belgium-hot-disposable-vapes","product_cat-france-vape-hot-sale","product_cat-germany-hot-disposable-vape","product_cat-germany-wholesale-vape-shop","product_cat-jnr-vape","product_cat-netherlands-vape-good-sale","product_cat-norway-hot-disposable-vapes","product_cat-poland-hot-disposable-vapes","product_cat-portugal-hot-disposable-vapes","product_cat-spain-hot-disposable-vapes","product_cat-sweden-hot-disposable-vape","product_cat-sweden-wholesale-vape","product_cat-switzerland-hot-disposable-vapes","product_cat-top-sale-disposable-vape","product_cat-vape-hot-sale-this-week","product_tag-30000-puffs","product_tag-good-vape","product_tag-hot-sale-disposable-vape","product_tag-jnr-power-mate-30000-puffs","product_tag-poland-hot-vape","product_tag-sweden-hot-vape","pa_brand-jnr-vape","desktop-align-left","tablet-align-left","mobile-align-left"],"yoast_head":"<!-- This site is optimized with the Yoast SEO plugin v21.1 - https:\/\/yoast.com\/wordpress\/plugins\/seo\/ -->\n<title>JNR Power Mate 30000 Puffs Wholesale Pocket Hookah Disposable Vape - vapebulkp.com % %<\/title>\n<meta name=\"description\" content=\"Shop the Wholesale Price JNR Power Mate 30000 Puffs Pocket Hookah Vape, featuring 19ml e-liquid, 5000mAh power bank, and smooth flavor performance.&quot;\" \/>\n<meta name=\"robots\" content=\"index, follow, max-snippet:-1, max-image-preview:large, max-video-preview:-1\" \/>\n<link rel=\"canonical\" href=\"https:\/\/vapebulkp.com\/sl\/product\/jnr-power-mate-30000-puffs-wholesale-pocket-hookah-disposable-vape\/\" \/>\n<meta property=\"og:locale\" content=\"sl_SI\" \/>\n<meta property=\"og:type\" content=\"article\" \/>\n<meta property=\"og:title\" content=\"JNR Power Mate 30000 Puffs Wholesale Pocket Hookah Disposable Vape - vapebulkp.com % %\" \/>\n<meta property=\"og:description\" content=\"Shop the Wholesale Price JNR Power Mate 30000 Puffs Pocket Hookah Vape, featuring 19ml e-liquid, 5000mAh power bank, and smooth flavor performance.&quot;\" \/>\n<meta property=\"og:url\" content=\"https:\/\/vapebulkp.com\/sl\/product\/jnr-power-mate-30000-puffs-wholesale-pocket-hookah-disposable-vape\/\" \/>\n<meta property=\"og:site_name\" content=\"vapebulkp.com\" \/>\n<meta property=\"article:modified_time\" content=\"2025-09-24T03:51:45+00:00\" \/>\n<meta property=\"og:image\" content=\"http:\/\/vapebulkp.com\/wp-content\/uploads\/2025\/01\/Jnr-Power-Mate-30000-Puffs-Disposable-Vapes.webp\" \/>\n\t<meta property=\"og:image:width\" content=\"800\" \/>\n\t<meta property=\"og:image:height\" content=\"800\" \/>\n\t<meta property=\"og:image:type\" content=\"image\/webp\" \/>\n<meta name=\"twitter:card\" content=\"summary_large_image\" \/>\n<meta name=\"twitter:label1\" content=\"Est. reading time\" \/>\n\t<meta name=\"twitter:data1\" content=\"4 minute\" \/>\n<script type=\"application\/ld+json\" class=\"yoast-schema-graph\">{\"@context\":\"https:\/\/schema.org\",\"@graph\":[{\"@type\":\"WebPage\",\"@id\":\"https:\/\/vapebulkp.com\/product\/jnr-power-mate-30000-puffs-wholesale-pocket-hookah-disposable-vape\/\",\"url\":\"https:\/\/vapebulkp.com\/product\/jnr-power-mate-30000-puffs-wholesale-pocket-hookah-disposable-vape\/\",\"name\":\"JNR Power Mate 30000 Puffs Wholesale Pocket Hookah Disposable Vape - vapebulkp.com % %\",\"isPartOf\":{\"@id\":\"https:\/\/vapebulkp.com\/#website\"},\"datePublished\":\"2025-02-07T09:00:01+00:00\",\"dateModified\":\"2025-09-24T03:51:45+00:00\",\"description\":\"Shop the Wholesale Price JNR Power Mate 30000 Puffs Pocket Hookah Vape, featuring 19ml e-liquid, 5000mAh power bank, and smooth flavor performance.\\\"\",\"breadcrumb\":{\"@id\":\"https:\/\/vapebulkp.com\/product\/jnr-power-mate-30000-puffs-wholesale-pocket-hookah-disposable-vape\/#breadcrumb\"},\"inLanguage\":\"sl-SI\",\"potentialAction\":[{\"@type\":\"ReadAction\",\"target\":[\"https:\/\/vapebulkp.com\/product\/jnr-power-mate-30000-puffs-wholesale-pocket-hookah-disposable-vape\/\"]}]},{\"@type\":\"BreadcrumbList\",\"@id\":\"https:\/\/vapebulkp.com\/product\/jnr-power-mate-30000-puffs-wholesale-pocket-hookah-disposable-vape\/#breadcrumb\",\"itemListElement\":[{\"@type\":\"ListItem\",\"position\":1,\"name\":\"Home\",\"item\":\"https:\/\/vapebulkp.com\/\"},{\"@type\":\"ListItem\",\"position\":2,\"name\":\"Hot Trend Vapes\",\"item\":\"https:\/\/vapebulkp.com\/vape-shop\/\"},{\"@type\":\"ListItem\",\"position\":3,\"name\":\"JNR Power Mate 30000 Puffs Wholesale Pocket Hookah Disposable Vape\"}]},{\"@type\":\"WebSite\",\"@id\":\"https:\/\/vapebulkp.com\/#website\",\"url\":\"https:\/\/vapebulkp.com\/\",\"name\":\"vapebulkp.com\",\"description\":\"Buy Vape In Cheap Bulk Price Near you\",\"publisher\":{\"@id\":\"https:\/\/vapebulkp.com\/#organization\"},\"potentialAction\":[{\"@type\":\"SearchAction\",\"target\":{\"@type\":\"EntryPoint\",\"urlTemplate\":\"https:\/\/vapebulkp.com\/?s={search_term_string}\"},\"query-input\":\"required name=search_term_string\"}],\"inLanguage\":\"sl-SI\"},{\"@type\":\"Organization\",\"@id\":\"https:\/\/vapebulkp.com\/#organization\",\"name\":\"vapebulkp.com\",\"url\":\"https:\/\/vapebulkp.com\/\",\"logo\":{\"@type\":\"ImageObject\",\"inLanguage\":\"sl-SI\",\"@id\":\"https:\/\/vapebulkp.com\/#\/schema\/logo\/image\/\",\"url\":\"https:\/\/vapebulkp.com\/wp-content\/uploads\/2023\/09\/cropped-vapebulkp.png\",\"contentUrl\":\"https:\/\/vapebulkp.com\/wp-content\/uploads\/2023\/09\/cropped-vapebulkp.png\",\"width\":516,\"height\":163,\"caption\":\"vapebulkp.com\"},\"image\":{\"@id\":\"https:\/\/vapebulkp.com\/#\/schema\/logo\/image\/\"}}]}<\/script>\n<!-- \/ Yoast SEO plugin. -->","yoast_head_json":{"title":"JNR Power Mate 30000 Puffs Wholesale Pocket Hookah Disposable Vape - vapebulkp.com % %","description":"Shop the Wholesale Price JNR Power Mate 30000 Puffs Pocket Hookah Vape, featuring 19ml e-liquid, 5000mAh power bank, and smooth flavor performance.\"","robots":{"index":"index","follow":"follow","max-snippet":"max-snippet:-1","max-image-preview":"max-image-preview:large","max-video-preview":"max-video-preview:-1"},"canonical":"https:\/\/vapebulkp.com\/sl\/product\/jnr-power-mate-30000-puffs-wholesale-pocket-hookah-disposable-vape\/","og_locale":"sl_SI","og_type":"article","og_title":"JNR Power Mate 30000 Puffs Wholesale Pocket Hookah Disposable Vape - vapebulkp.com % %","og_description":"Shop the Wholesale Price JNR Power Mate 30000 Puffs Pocket Hookah Vape, featuring 19ml e-liquid, 5000mAh power bank, and smooth flavor performance.\"","og_url":"https:\/\/vapebulkp.com\/sl\/product\/jnr-power-mate-30000-puffs-wholesale-pocket-hookah-disposable-vape\/","og_site_name":"vapebulkp.com","article_modified_time":"2025-09-24T03:51:45+00:00","og_image":[{"width":800,"height":800,"url":"http:\/\/vapebulkp.com\/wp-content\/uploads\/2025\/01\/Jnr-Power-Mate-30000-Puffs-Disposable-Vapes.webp","type":"image\/webp"}],"twitter_card":"summary_large_image","twitter_misc":{"Est. reading time":"4 minute"},"schema":{"@context":"https:\/\/schema.org","@graph":[{"@type":"WebPage","@id":"https:\/\/vapebulkp.com\/product\/jnr-power-mate-30000-puffs-wholesale-pocket-hookah-disposable-vape\/","url":"https:\/\/vapebulkp.com\/product\/jnr-power-mate-30000-puffs-wholesale-pocket-hookah-disposable-vape\/","name":"JNR Power Mate 30000 Puffs Wholesale Pocket Hookah Disposable Vape - vapebulkp.com % %","isPartOf":{"@id":"https:\/\/vapebulkp.com\/#website"},"datePublished":"2025-02-07T09:00:01+00:00","dateModified":"2025-09-24T03:51:45+00:00","description":"Shop the Wholesale Price JNR Power Mate 30000 Puffs Pocket Hookah Vape, featuring 19ml e-liquid, 5000mAh power bank, and smooth flavor performance.\"","breadcrumb":{"@id":"https:\/\/vapebulkp.com\/product\/jnr-power-mate-30000-puffs-wholesale-pocket-hookah-disposable-vape\/#breadcrumb"},"inLanguage":"sl-SI","potentialAction":[{"@type":"ReadAction","target":["https:\/\/vapebulkp.com\/product\/jnr-power-mate-30000-puffs-wholesale-pocket-hookah-disposable-vape\/"]}]},{"@type":"BreadcrumbList","@id":"https:\/\/vapebulkp.com\/product\/jnr-power-mate-30000-puffs-wholesale-pocket-hookah-disposable-vape\/#breadcrumb","itemListElement":[{"@type":"ListItem","position":1,"name":"Home","item":"https:\/\/vapebulkp.com\/"},{"@type":"ListItem","position":2,"name":"Hot Trend Vapes","item":"https:\/\/vapebulkp.com\/vape-shop\/"},{"@type":"ListItem","position":3,"name":"JNR Power Mate 30000 Puffs Wholesale Pocket Hookah Disposable Vape"}]},{"@type":"WebSite","@id":"https:\/\/vapebulkp.com\/#website","url":"https:\/\/vapebulkp.com\/","name":"vapebulkp.com","description":"Buy Vape In Cheap Bulk Price Near you","publisher":{"@id":"https:\/\/vapebulkp.com\/#organization"},"potentialAction":[{"@type":"SearchAction","target":{"@type":"EntryPoint","urlTemplate":"https:\/\/vapebulkp.com\/?s={search_term_string}"},"query-input":"required name=search_term_string"}],"inLanguage":"sl-SI"},{"@type":"Organization","@id":"https:\/\/vapebulkp.com\/#organization","name":"vapebulkp.com","url":"https:\/\/vapebulkp.com\/","logo":{"@type":"ImageObject","inLanguage":"sl-SI","@id":"https:\/\/vapebulkp.com\/#\/schema\/logo\/image\/","url":"https:\/\/vapebulkp.com\/wp-content\/uploads\/2023\/09\/cropped-vapebulkp.png","contentUrl":"https:\/\/vapebulkp.com\/wp-content\/uploads\/2023\/09\/cropped-vapebulkp.png","width":516,"height":163,"caption":"vapebulkp.com"},"image":{"@id":"https:\/\/vapebulkp.com\/#\/schema\/logo\/image\/"}}]}},"uagb_featured_image_src":{"full":["https:\/\/vapebulkp.com\/wp-content\/uploads\/2025\/01\/Jnr-Power-Mate-30000-Puffs-Disposable-Vapes.webp",800,800,false],"thumbnail":["https:\/\/vapebulkp.com\/wp-content\/uploads\/2025\/01\/Jnr-Power-Mate-30000-Puffs-Disposable-Vapes-150x150.webp",150,150,true],"medium":["https:\/\/vapebulkp.com\/wp-content\/uploads\/2025\/01\/Jnr-Power-Mate-30000-Puffs-Disposable-Vapes-300x300.webp",300,300,true],"medium_large":["https:\/\/vapebulkp.com\/wp-content\/uploads\/2025\/01\/Jnr-Power-Mate-30000-Puffs-Disposable-Vapes-768x768.webp",768,768,true],"large":["https:\/\/vapebulkp.com\/wp-content\/uploads\/2025\/01\/Jnr-Power-Mate-30000-Puffs-Disposable-Vapes.webp",800,800,false],"1536x1536":["https:\/\/vapebulkp.com\/wp-content\/uploads\/2025\/01\/Jnr-Power-Mate-30000-Puffs-Disposable-Vapes.webp",800,800,false],"2048x2048":["https:\/\/vapebulkp.com\/wp-content\/uploads\/2025\/01\/Jnr-Power-Mate-30000-Puffs-Disposable-Vapes.webp",800,800,false],"trp-custom-language-flag":["https:\/\/vapebulkp.com\/wp-content\/uploads\/2025\/01\/Jnr-Power-Mate-30000-Puffs-Disposable-Vapes.webp",12,12,false],"woocommerce_thumbnail":["https:\/\/vapebulkp.com\/wp-content\/uploads\/2025\/01\/Jnr-Power-Mate-30000-Puffs-Disposable-Vapes-300x300.webp",300,300,true],"woocommerce_single":["https:\/\/vapebulkp.com\/wp-content\/uploads\/2025\/01\/Jnr-Power-Mate-30000-Puffs-Disposable-Vapes-600x600.webp",600,600,true],"woocommerce_gallery_thumbnail":["https:\/\/vapebulkp.com\/wp-content\/uploads\/2025\/01\/Jnr-Power-Mate-30000-Puffs-Disposable-Vapes-100x100.webp",100,100,true],"wcpr-photo-reviews":["https:\/\/vapebulkp.com\/wp-content\/uploads\/2025\/01\/Jnr-Power-Mate-30000-Puffs-Disposable-Vapes.webp",500,500,false]},"uagb_author_info":{"display_name":"Mandy vape bulk price","author_link":"https:\/\/vapebulkp.com\/sl\/author\/"},"uagb_comment_info":0,"uagb_excerpt":"JNR Power Mate 30000 Puffs High-Capacity Pocket Hookah Vape for Wholesale Premium JNR Power Mate 30000 Puffs Disposable Vape with Built-in Power Bank Pls Contact Mandy's WhatsApp For Discount Price+8618077105796 NOTE: Prices on our website does not include shipping costs &nbsp;","_links":{"self":[{"href":"https:\/\/vapebulkp.com\/sl\/wp-json\/wp\/v2\/product\/3429","targetHints":{"allow":["GET"]}}],"collection":[{"href":"https:\/\/vapebulkp.com\/sl\/wp-json\/wp\/v2\/product"}],"about":[{"href":"https:\/\/vapebulkp.com\/sl\/wp-json\/wp\/v2\/types\/product"}],"replies":[{"embeddable":true,"href":"https:\/\/vapebulkp.com\/sl\/wp-json\/wp\/v2\/comments?post=3429"}],"wp:featuredmedia":[{"embeddable":true,"href":"https:\/\/vapebulkp.com\/sl\/wp-json\/wp\/v2\/media\/3425"}],"wp:attachment":[{"href":"https:\/\/vapebulkp.com\/sl\/wp-json\/wp\/v2\/media?parent=3429"}],"wp:term":[{"taxonomy":"product_cat","embeddable":true,"href":"https:\/\/vapebulkp.com\/sl\/wp-json\/wp\/v2\/product_cat?post=3429"},{"taxonomy":"product_tag","embeddable":true,"href":"https:\/\/vapebulkp.com\/sl\/wp-json\/wp\/v2\/product_tag?post=3429"}],"curies":[{"name":"wp","href":"https:\/\/api.w.org\/{rel}","templated":true}]}}