{"id":3446,"date":"2025-02-11T09:18:23","date_gmt":"2025-02-11T08:18:23","guid":{"rendered":"https:\/\/vapebulkp.com\/?post_type=product&#038;p=3446"},"modified":"2025-09-24T05:28:02","modified_gmt":"2025-09-24T03:28:02","slug":"bang-refillable-40000-puffs-long-lasting-vape-adjustable-airflow","status":"publish","type":"product","link":"https:\/\/vapebulkp.com\/sl\/product\/bang-refillable-40000-puffs-long-lasting-vape-adjustable-airflow\/","title":{"rendered":"Bang Vape za ponovno polnjenje 40000 Vpihov Dolgotrajna Vape Nastavljiv Pretok Zraka"},"content":{"rendered":"<h2 style=\"text-align: left\">Bang Vape za ponovno polnjenje 40000 Vpihov Dolgotrajna Vape Nastavljiv Pretok Zraka<\/h2>\n<p data-start=\"292\" data-end=\"596\">The <strong data-start=\"296\" data-end=\"332\">Udarec <a href=\"https:\/\/vapebulkp.com\/sl\/product-category\/40000-puffs-disposable-vape\/\">40000 vdihov e-cigareta za enkratno uporabo<\/a><\/strong> je narejen za uporabnike vape v Sloveniji, ki \u017eelijo mo\u010d, stil in dolgotrajno delovanje. Ponuja do 40.000 vpihov, ta <strong data-start=\"450\" data-end=\"482\">za polnljiva jednokratna vape<\/strong> je zasnovan z vrhunskimi materiali in napredno tehnologijo za zagotavljanje doslednega okusa od za\u010detka do konca.<\/p>\n<p data-start=\"598\" data-end=\"928\">Zasnovan kot <strong data-start=\"612\" data-end=\"638\">polnilna naprava za vape<\/strong> z 10ml rezervoarjem in prilo\u017eeno stekleni\u010dko e-teko\u010dine odpravlja potrebo po nenehnih zamenjavah, zaradi \u010desar je prakti\u010dna in stro\u0161kovno u\u010dinkovita za vsakodnevno uporabo. Integriran <strong data-start=\"810\" data-end=\"828\">mre\u017easte tuljave za vape<\/strong> sistem izbolj\u0161uje gostoto pare in intenzivnost okusa, kar zagotavlja, da je vsak vpih gladek in zadovoljiv.<\/p>\n<p data-start=\"930\" data-end=\"1276\">An <strong data-start=\"933\" data-end=\"960\">vape z nastavljivim pretokom zraka<\/strong> funkcija omogo\u010da uporabnikom, da prilagodijo vsak vdih, od tesnega in mo\u010dnega do lahkega in zra\u010dnega. Napaja ga 650mAh baterija s hitrim polnjenjem Type-C, ta naprava zagotavlja zanesljivost tako za ob\u010dasne kot za strastne uporabnike vape. Za dodatno varnost je vgrajen sistem za zaklepanje za otroke, ki zagotavlja brezskrbnost brez ogro\u017eanja dizajna.<\/p>\n<p data-start=\"1278\" data-end=\"1579\">Na voljo z razli\u010dnimi <strong data-start=\"1302\" data-end=\"1324\">nicotinska solna vape<\/strong> jakostmi, <strong data-start=\"1340\" data-end=\"1376\">Bang 40000 Vpihov Najbolj\u0161a Vape<\/strong> zadovoljuje razli\u010dne preference in je odli\u010dna mo\u017enost za kupce na debelo. S hitro dostavo po Sloveniji je najbolj\u0161a izbira za <strong data-start=\"1509\" data-end=\"1530\">veleprodajni vape EU<\/strong> trge, ki i\u0161\u010dejo visoko povpra\u0161evanje in vrhunske izdelke.<\/p>\n<h6>Za popust se obrnite na Mandyin WhatsApp<a href=\"https:\/\/wa.me\/8618077105796\">+8618077105796<\/a><\/h6>\n<p><img decoding=\"async\" class=\"alignnone wp-image-2151\" src=\"http:\/\/vapebulkp.com\/wp-content\/uploads\/2024\/04\/Mandy-WhatsApp-Randm.jpg\" alt=\"Mandy WhatsApp Randm\" width=\"324\" height=\"330\" \/><\/p>\n<div class=\"flex max-w-full flex-col flex-grow\">\n<div class=\"min-h-8 text-message flex w-full flex-col items-end gap-2 whitespace-normal break-words text-start [.text-message+&amp;]:mt-5\" dir=\"auto\" data-message-author-role=\"assistant\" data-message-id=\"d24cf626-c018-4805-80f5-44de047f2ba0\" data-message-model-slug=\"gpt-4o\">\n<div class=\"flex w-full flex-col gap-1 empty:hidden first:pt-[3px]\">\n<div class=\"markdown prose w-full break-words dark:prose-invert light\">\n<h2><strong>Zakaj Izbrati Poceni Ceno <\/strong>Bang 40K Polnilna Vape <strong>na Vapebulkp.com?<\/strong><\/h2>\n<ul>\n<li data-start=\"73\" data-end=\"185\"><strong data-start=\"76\" data-end=\"108\">Ogromna kapaciteta 40.000 vdihov<\/strong> \u2013 U\u017eivajte v podalj\u0161anih sejah vapinga brez pogostega polnjenja ali zamenjav.<\/li>\n<li data-start=\"186\" data-end=\"289\"><strong data-start=\"189\" data-end=\"236\">Zasnova za ponovno polnjenje z 10 ml stekleni\u010dko e-teko\u010dine<\/strong> \u2013 Prilagodite svoj vape z va\u0161imi najljub\u0161imi okusi.<\/li>\n<li data-start=\"290\" data-end=\"388\"><strong data-start=\"293\" data-end=\"324\">650mAh polnilna baterija<\/strong> \u2013 Zagotavlja dolgotrajno delovanje s hitrim polnjenjem Type-C.<\/li>\n<li data-start=\"389\" data-end=\"471\"><strong data-start=\"392\" data-end=\"421\">1.0\u03a9 tehnologija mre\u017easte tuljave<\/strong> \u2013 Zagotavlja bogat, gladek in dosleden okus.<\/li>\n<li data-start=\"472\" data-end=\"568\"><strong data-start=\"475\" data-end=\"510\">Nastavljiv pretok zraka<\/strong> \u2013 Nadzirajte svojo izku\u0161njo vapinga, hkrati pa zagotovite varnost.<\/li>\n<li data-start=\"569\" data-end=\"669\"><strong data-start=\"572\" data-end=\"595\">Konkuren\u010dne cene<\/strong> \u2013 Zagotovite si najbolj\u0161e ponudbe na Vapebulkp.com z razpolo\u017eljivimi mo\u017enostmi veleprodaje.<\/li>\n<li data-start=\"670\" data-end=\"764\"><strong data-start=\"673\" data-end=\"708\">Zanesljiva dostava po Evropi<\/strong> \u2013 Hitra in varna dostava za nakup brez te\u017eav.<\/li>\n<\/ul>\n<h3 data-start=\"0\" data-end=\"40\"><strong data-start=\"0\" data-end=\"38\">Vrhunska prodaja Bang Vape Refillable 40K specifikacije<\/strong><\/h3>\n<ul data-start=\"42\" data-end=\"431\" data-is-last-node=\"\">\n<li data-start=\"42\" data-end=\"80\"><strong data-start=\"44\" data-end=\"59\">\u0160tevilo vpihov:<\/strong> Do 40.000 vdihov<\/li>\n<li data-start=\"81\" data-end=\"157\"><strong data-start=\"83\" data-end=\"103\">Zaloga e-teko\u010dine:<\/strong> 10 ml pod za ponovno polnjenje (vklju\u010duje dodatno stekleni\u010dko)<\/li>\n<li data-start=\"158\" data-end=\"201\"><strong data-start=\"160\" data-end=\"178\">Mo\u010d baterije:<\/strong> 650 mAh (model 16350)<\/li>\n<li data-start=\"202\" data-end=\"270\"><strong data-start=\"204\" data-end=\"223\">Struktura tuljave:<\/strong> 1.0\u03a9 mre\u017ena tuljava za optimizirano dovajanje okusa<\/li>\n<li data-start=\"271\" data-end=\"348\"><strong data-start=\"273\" data-end=\"293\">Na\u010din polnjenja:<\/strong> Hitro polnjenje Type-C za u\u010dinkovito obnovo energije<\/li>\n<li data-start=\"349\" data-end=\"431\" data-is-last-node=\"\"><strong data-start=\"351\" data-end=\"373\">Izbolj\u0161ane funkcije:<\/strong> Nastavljiv nadzor pretoka zraka in vgrajena otro\u0161ka varnostna klju\u010davnica<\/li>\n<\/ul>\n<h3>\u00a0<strong>Bang 40000 vpihov Vape za ponovno polnjenje <\/strong>Seznam okusov<\/h3>\n<\/div>\n<\/div>\n<\/div>\n<\/div>\n<p>1.lubenica led<br \/>\n2. jagoda mango<br \/>\n3. jagoda lubenica<br \/>\n4. ledeno grozdje<br \/>\n5.breskev mango lubenica<br \/>\n6.borovnica malina<br \/>\n7.borovnica led<br \/>\n8.jagoda banana<br \/>\n9.borovnica lubenica<br \/>\n10.rde\u010di bik<br \/>\n11.jagoda kivi<\/p>\n<p><a href=\"https:\/\/vapebulkp.com\/sl\/product\/bang-28000-puffs-disposable-vape-pen-with-adjustable-ice-level\/\"><span style=\"vertical-align: inherit\">Bang Vape 28000 vdihov <\/span><\/a><\/p>\n<p><span style=\"vertical-align: inherit\">Poi\u0161\u010dite ve\u010d izdelkov, ki bi vam bili morda v\u0161e\u010d:<\/span><em><a href=\"https:\/\/wa.me\/8618077105796\"><span style=\"vertical-align: inherit\">\u00a0Kupite zdaj<\/span><\/a><\/em><\/p>\n<p><span style=\"vertical-align: inherit\">Drugi 'puffs', ki bi vam bili morda v\u0161e\u010d:<\/span><a href=\"https:\/\/vapebulkp.com\/sl\/product\/waspe-crystal-vape-40000-puffs-disposable-e-cigarette-dual-flavors-wholesale-price\/\"><span style=\"vertical-align: inherit\">WASPE Crystal 40000 vdihov<\/span><\/a><span style=\"vertical-align: inherit\">\u3001<\/span><a href=\"https:\/\/vapebulkp.com\/sl\/product\/razz-bar-25000-puffs-wholesale-price-vape-eu-warehouse\/\"><span style=\"vertical-align: inherit\">RAZZBAR 25000 Puffs<\/span><\/a><span style=\"vertical-align: inherit\">\/ <\/span><a href=\"https:\/\/vapebulkp.com\/sl\/product\/2025-new-vape-ai-22000-puffs-elfworld-disposable-vape-digital-display-vape\/\"><span style=\"vertical-align: inherit\">ELFWORLD AI 22000 vdihov<\/span><\/a><span style=\"vertical-align: inherit\">\/ <\/span><a href=\"https:\/\/vapebulkp.com\/sl\/product\/uwin-tornado-music-35k-puffs-vape-wholesale-nicotine-free\/\"><span style=\"vertical-align: inherit\">UWIN Tornado Music 35000 Vdihov<\/span><\/a><\/p>\n<h4><\/h4>\n<h4>Pogosta vpra\u0161anja za Bang 40000 Puffs Vapes Pod :<\/h4>\n<div class=\"flex max-w-full flex-col flex-grow\">\n<div class=\"min-h-8 text-message flex w-full flex-col items-end gap-2 whitespace-normal break-words text-start [.text-message+&amp;]:mt-5\" dir=\"auto\" data-message-author-role=\"assistant\" data-message-id=\"67b557fa-6250-453f-85c1-f724d371f19e\" data-message-model-slug=\"gpt-4o-mini\">\n<div class=\"flex w-full flex-col gap-1 empty:hidden first:pt-[3px]\">\n<div class=\"markdown prose w-full break-words dark:prose-invert light\">\n<p data-start=\"50\" data-end=\"115\">1. <strong data-start=\"57\" data-end=\"113\">Koliko vdihov zagotavlja Bang Refillable 40k vapes?<\/strong><\/p>\n<p data-start=\"116\" data-end=\"226\">Bang Refillable 40K ponuja do <strong data-start=\"153\" data-end=\"169\">40.000 vdihov<\/strong>, kar zagotavlja dolgotrajno uporabo z vnovi\u010dnim polnjenjem.<\/p>\n<p data-start=\"228\" data-end=\"286\">2. <strong data-start=\"235\" data-end=\"284\">Kolik\u0161na je prostornina e-teko\u010dine v bangvape 40000 puffs?<\/strong><\/p>\n<p data-start=\"287\" data-end=\"377\">Prilo\u017een je <strong data-start=\"303\" data-end=\"326\">10 ml pod s ponovnim polnjenjem<\/strong> in dodatna stekleni\u010dka za enostavno ponovno polnjenje.<\/p>\n<p data-start=\"1074\" data-end=\"1128\">3. <strong data-start=\"1081\" data-end=\"1126\">Ali lahko uporabim katero koli e-teko\u010dino z vro\u010do prodajo Bang 40K Puffs vape?<\/strong><\/p>\n<p data-start=\"1129\" data-end=\"1220\">Da, strok lahko napolnite z <strong data-start=\"1160\" data-end=\"1187\">va\u0161o najljub\u0161o e-teko\u010dino<\/strong>, kar ga naredi vsestransko izbiro.<\/p>\n<p data-start=\"1222\" data-end=\"1273\">4. <strong data-start=\"1229\" data-end=\"1271\">Kako pogosto moram ponovno napolniti vape strok Bang 40000 puffs?<\/strong><\/p>\n<p data-start=\"1274\" data-end=\"1383\">Ponovno polnjenje je odvisno od va\u0161e uporabe, vendar <strong data-start=\"1315\" data-end=\"1356\">10ml strok zagotavlja dolgotrajno vaping izku\u0161njo<\/strong> preden ga je treba ponovno napolniti.<\/p>\n<\/div>\n<\/div>\n<\/div>\n<\/div>\n<h4>Podrobnosti dostave:<\/h4>\n<p><span style=\"color: #ff6600\">\u010cas proizvodnje: 5\u201310 delovnih dni<\/span><br \/>\n<span style=\"color: #ff6600\">\u010cas dostave: 8\u201314 delovnih dni<\/span><\/p>\n<p>Vsi izdelki v na\u0161i trgovini so 100% originalni in avtenti\u010dni, zato je na\u0161a politika desetkratno nadomestilo za ponarejeno blago. Za dostavo blaga vam uporabljamo logisti\u010dne kanale, kot so UPS\/DHL\/FEDEX\/DPD.<\/p>\n<p>Za pakete, poslane v Slovenijo, obi\u010dajno traja 10 delovnih dni. Po\u0161iljanje v evropske dr\u017eave obi\u010dajno traja 12 do 15 delovnih dni. Logisti\u010dne informacije vam bomo sproti posodabljali.<\/p>","protected":false},"excerpt":{"rendered":"<div class=\"flex-shrink-0 flex flex-col relative items-end\">\n<div class=\"pt-0\">\n<div class=\"gizmo-bot-avatar flex h-8 w-8 items-center justify-center overflow-hidden rounded-full\">\n<div class=\"relative p-1 rounded-sm flex items-center justify-center bg-token-main-surface-primary text-token-text-primary h-8 w-8\">\n<ul>\n<li data-start=\"87\" data-end=\"175\"><strong data-start=\"90\" data-end=\"173\">Bang 40K Polnilna Vape \u2013 Baterija Visoke Kapacitete<\/strong><\/li>\n<li data-start=\"176\" data-end=\"270\"><strong data-start=\"179\" data-end=\"268\">Bang Polnilna 40K: Napredna Vape s 40.000 Vpihi z Varnostnimi Funkcijami<\/strong><\/li>\n<li data-start=\"271\" data-end=\"354\" data-is-last-node=\"\"><strong data-start=\"274\" data-end=\"352\">Bang 40K Vape \u2013 Polnilna Zasnova, 10ml Kapaciteta E-teko\u010dine<\/strong><\/li>\n<\/ul>\n<\/div>\n<\/div>\n<\/div>\n<\/div>\n<p>Za popust se obrnite na Mandyin WhatsApp<a href=\"https:\/\/wa.me\/8618077105796\">+8618077105796<\/a><\/p>\n<p><img decoding=\"async\" class=\"alignnone wp-image-2151\" src=\"http:\/\/vapebulkp.com\/wp-content\/uploads\/2024\/04\/Mandy-WhatsApp-Randm.jpg\" alt=\"Mandy WhatsApp Randm\" width=\"297\" height=\"316\" srcset=\"https:\/\/vapebulkp.com\/wp-content\/uploads\/2024\/04\/Mandy-WhatsApp-Randm.jpg 916w, https:\/\/vapebulkp.com\/wp-content\/uploads\/2024\/04\/Mandy-WhatsApp-Randm-282x300.jpg 282w, https:\/\/vapebulkp.com\/wp-content\/uploads\/2024\/04\/Mandy-WhatsApp-Randm-768x817.jpg 768w, https:\/\/vapebulkp.com\/wp-content\/uploads\/2024\/04\/Mandy-WhatsApp-Randm-600x638.jpg 600w\" sizes=\"(max-width: 297px) 100vw, 297px\" \/><\/p>\n<p><span style=\"color: #ff0000\">OPOMBA: Cene na na\u0161i spletni strani ne vklju\u010dujejo stro\u0161kov po\u0161iljanja.<\/span><\/p>\n<p>&nbsp;<\/p>","protected":false},"featured_media":3447,"comment_status":"open","ping_status":"closed","template":"","meta":{"_uag_custom_page_level_css":"","_lmt_disableupdate":"no","_lmt_disable":"","site-sidebar-layout":"default","site-content-layout":"content-boxed-container","ast-site-content-layout":"normal-width-container","site-content-style":"boxed","site-sidebar-style":"unboxed","ast-global-header-display":"","ast-banner-title-visibility":"","ast-main-header-display":"","ast-hfb-above-header-display":"","ast-hfb-below-header-display":"","ast-hfb-mobile-header-display":"","site-post-title":"","ast-breadcrumbs-content":"","ast-featured-img":"","footer-sml-layout":"","theme-transparent-header-meta":"default","adv-header-id-meta":"","stick-header-meta":"","header-above-stick-meta":"","header-main-stick-meta":"","header-below-stick-meta":"","astra-migrate-meta-layouts":"set","_joinchat":[]},"product_cat":[182,153,345,155,33,59,100,87,34,158,157,154,152,58,84,156,63,32],"product_tag":[209,36,37,41,40],"class_list":["post-3446","product","type-product","status-publish","has-post-thumbnail","hentry","product_cat-40000-puffs-disposable-vape","product_cat-hot-disposable-vapes","product_cat-bang-vapes","product_cat-belgium-hot-disposable-vapes","product_cat-france-vape-hot-sale","product_cat-germany-hot-disposable-vape","product_cat-germany-wholesale-vape-shop","product_cat-minimum-order-quantity-50pcs","product_cat-netherlands-vape-good-sale","product_cat-norway-hot-disposable-vapes","product_cat-poland-hot-disposable-vapes","product_cat-portugal-hot-disposable-vapes","product_cat-spain-hot-disposable-vapes","product_cat-sweden-hot-disposable-vape","product_cat-sweden-wholesale-vape","product_cat-switzerland-hot-disposable-vapes","product_cat-top-sale-disposable-vape","product_cat-vape-hot-sale-this-week","product_tag-bang-refillable-40000-puffs","product_tag-good-vape","product_tag-hot-sale-disposable-vape","product_tag-poland-hot-vape","product_tag-sweden-hot-vape","pa_brand-bang-vape","desktop-align-left","tablet-align-left","mobile-align-left"],"yoast_head":"<!-- This site is optimized with the Yoast SEO plugin v21.1 - https:\/\/yoast.com\/wordpress\/plugins\/seo\/ -->\n<title>Bang Refillable 40000 Puffs Long-Lasting Vape Adjustable Airflow - vapebulkp.com<\/title>\n<meta name=\"description\" content=\"Bang Refillable 40000 Puffs Vape with adjustable airflow, 650mAh rechargeable battery. Enjoy smooth vapor with Type-C fast charging for uninterrupted use.\" \/>\n<meta name=\"robots\" content=\"index, follow, max-snippet:-1, max-image-preview:large, max-video-preview:-1\" \/>\n<link rel=\"canonical\" href=\"https:\/\/vapebulkp.com\/sl\/product\/bang-refillable-40000-puffs-long-lasting-vape-adjustable-airflow\/\" \/>\n<meta property=\"og:locale\" content=\"sl_SI\" \/>\n<meta property=\"og:type\" content=\"article\" \/>\n<meta property=\"og:title\" content=\"Bang Refillable 40000 Puffs Long-Lasting Vape Adjustable Airflow - vapebulkp.com\" \/>\n<meta property=\"og:description\" content=\"Bang Refillable 40000 Puffs Vape with adjustable airflow, 650mAh rechargeable battery. Enjoy smooth vapor with Type-C fast charging for uninterrupted use.\" \/>\n<meta property=\"og:url\" content=\"https:\/\/vapebulkp.com\/sl\/product\/bang-refillable-40000-puffs-long-lasting-vape-adjustable-airflow\/\" \/>\n<meta property=\"og:site_name\" content=\"vapebulkp.com\" \/>\n<meta property=\"article:modified_time\" content=\"2025-09-24T03:28:02+00:00\" \/>\n<meta property=\"og:image\" content=\"http:\/\/vapebulkp.com\/wp-content\/uploads\/2025\/02\/40000-Puffs-Vape-Bang-Wholesale-Price.webp\" \/>\n\t<meta property=\"og:image:width\" content=\"800\" \/>\n\t<meta property=\"og:image:height\" content=\"800\" \/>\n\t<meta property=\"og:image:type\" content=\"image\/webp\" \/>\n<meta name=\"twitter:card\" content=\"summary_large_image\" \/>\n<meta name=\"twitter:label1\" content=\"Est. reading time\" \/>\n\t<meta name=\"twitter:data1\" content=\"3 minute\" \/>\n<script type=\"application\/ld+json\" class=\"yoast-schema-graph\">{\"@context\":\"https:\/\/schema.org\",\"@graph\":[{\"@type\":\"WebPage\",\"@id\":\"https:\/\/vapebulkp.com\/product\/bang-refillable-40000-puffs-long-lasting-vape-adjustable-airflow\/\",\"url\":\"https:\/\/vapebulkp.com\/product\/bang-refillable-40000-puffs-long-lasting-vape-adjustable-airflow\/\",\"name\":\"Bang Refillable 40000 Puffs Long-Lasting Vape Adjustable Airflow - vapebulkp.com\",\"isPartOf\":{\"@id\":\"https:\/\/vapebulkp.com\/#website\"},\"datePublished\":\"2025-02-11T08:18:23+00:00\",\"dateModified\":\"2025-09-24T03:28:02+00:00\",\"description\":\"Bang Refillable 40000 Puffs Vape with adjustable airflow, 650mAh rechargeable battery. Enjoy smooth vapor with Type-C fast charging for uninterrupted use.\",\"breadcrumb\":{\"@id\":\"https:\/\/vapebulkp.com\/product\/bang-refillable-40000-puffs-long-lasting-vape-adjustable-airflow\/#breadcrumb\"},\"inLanguage\":\"sl-SI\",\"potentialAction\":[{\"@type\":\"ReadAction\",\"target\":[\"https:\/\/vapebulkp.com\/product\/bang-refillable-40000-puffs-long-lasting-vape-adjustable-airflow\/\"]}]},{\"@type\":\"BreadcrumbList\",\"@id\":\"https:\/\/vapebulkp.com\/product\/bang-refillable-40000-puffs-long-lasting-vape-adjustable-airflow\/#breadcrumb\",\"itemListElement\":[{\"@type\":\"ListItem\",\"position\":1,\"name\":\"Home\",\"item\":\"https:\/\/vapebulkp.com\/\"},{\"@type\":\"ListItem\",\"position\":2,\"name\":\"Hot Trend Vapes\",\"item\":\"https:\/\/vapebulkp.com\/vape-shop\/\"},{\"@type\":\"ListItem\",\"position\":3,\"name\":\"Bang Refillable 40000 Puffs Long-Lasting Vape Adjustable Airflow\"}]},{\"@type\":\"WebSite\",\"@id\":\"https:\/\/vapebulkp.com\/#website\",\"url\":\"https:\/\/vapebulkp.com\/\",\"name\":\"vapebulkp.com\",\"description\":\"Buy Vape In Cheap Bulk Price Near you\",\"publisher\":{\"@id\":\"https:\/\/vapebulkp.com\/#organization\"},\"potentialAction\":[{\"@type\":\"SearchAction\",\"target\":{\"@type\":\"EntryPoint\",\"urlTemplate\":\"https:\/\/vapebulkp.com\/?s={search_term_string}\"},\"query-input\":\"required name=search_term_string\"}],\"inLanguage\":\"sl-SI\"},{\"@type\":\"Organization\",\"@id\":\"https:\/\/vapebulkp.com\/#organization\",\"name\":\"vapebulkp.com\",\"url\":\"https:\/\/vapebulkp.com\/\",\"logo\":{\"@type\":\"ImageObject\",\"inLanguage\":\"sl-SI\",\"@id\":\"https:\/\/vapebulkp.com\/#\/schema\/logo\/image\/\",\"url\":\"https:\/\/vapebulkp.com\/wp-content\/uploads\/2023\/09\/cropped-vapebulkp.png\",\"contentUrl\":\"https:\/\/vapebulkp.com\/wp-content\/uploads\/2023\/09\/cropped-vapebulkp.png\",\"width\":516,\"height\":163,\"caption\":\"vapebulkp.com\"},\"image\":{\"@id\":\"https:\/\/vapebulkp.com\/#\/schema\/logo\/image\/\"}}]}<\/script>\n<!-- \/ Yoast SEO plugin. -->","yoast_head_json":{"title":"Bang Refillable 40000 Puffs Long-Lasting Vape Adjustable Airflow - vapebulkp.com","description":"Bang Refillable 40000 Puffs Vape with adjustable airflow, 650mAh rechargeable battery. Enjoy smooth vapor with Type-C fast charging for uninterrupted use.","robots":{"index":"index","follow":"follow","max-snippet":"max-snippet:-1","max-image-preview":"max-image-preview:large","max-video-preview":"max-video-preview:-1"},"canonical":"https:\/\/vapebulkp.com\/sl\/product\/bang-refillable-40000-puffs-long-lasting-vape-adjustable-airflow\/","og_locale":"sl_SI","og_type":"article","og_title":"Bang Refillable 40000 Puffs Long-Lasting Vape Adjustable Airflow - vapebulkp.com","og_description":"Bang Refillable 40000 Puffs Vape with adjustable airflow, 650mAh rechargeable battery. Enjoy smooth vapor with Type-C fast charging for uninterrupted use.","og_url":"https:\/\/vapebulkp.com\/sl\/product\/bang-refillable-40000-puffs-long-lasting-vape-adjustable-airflow\/","og_site_name":"vapebulkp.com","article_modified_time":"2025-09-24T03:28:02+00:00","og_image":[{"width":800,"height":800,"url":"http:\/\/vapebulkp.com\/wp-content\/uploads\/2025\/02\/40000-Puffs-Vape-Bang-Wholesale-Price.webp","type":"image\/webp"}],"twitter_card":"summary_large_image","twitter_misc":{"Est. reading time":"3 minute"},"schema":{"@context":"https:\/\/schema.org","@graph":[{"@type":"WebPage","@id":"https:\/\/vapebulkp.com\/product\/bang-refillable-40000-puffs-long-lasting-vape-adjustable-airflow\/","url":"https:\/\/vapebulkp.com\/product\/bang-refillable-40000-puffs-long-lasting-vape-adjustable-airflow\/","name":"Bang Refillable 40000 Puffs Long-Lasting Vape Adjustable Airflow - vapebulkp.com","isPartOf":{"@id":"https:\/\/vapebulkp.com\/#website"},"datePublished":"2025-02-11T08:18:23+00:00","dateModified":"2025-09-24T03:28:02+00:00","description":"Bang Refillable 40000 Puffs Vape with adjustable airflow, 650mAh rechargeable battery. Enjoy smooth vapor with Type-C fast charging for uninterrupted use.","breadcrumb":{"@id":"https:\/\/vapebulkp.com\/product\/bang-refillable-40000-puffs-long-lasting-vape-adjustable-airflow\/#breadcrumb"},"inLanguage":"sl-SI","potentialAction":[{"@type":"ReadAction","target":["https:\/\/vapebulkp.com\/product\/bang-refillable-40000-puffs-long-lasting-vape-adjustable-airflow\/"]}]},{"@type":"BreadcrumbList","@id":"https:\/\/vapebulkp.com\/product\/bang-refillable-40000-puffs-long-lasting-vape-adjustable-airflow\/#breadcrumb","itemListElement":[{"@type":"ListItem","position":1,"name":"Home","item":"https:\/\/vapebulkp.com\/"},{"@type":"ListItem","position":2,"name":"Hot Trend Vapes","item":"https:\/\/vapebulkp.com\/vape-shop\/"},{"@type":"ListItem","position":3,"name":"Bang Refillable 40000 Puffs Long-Lasting Vape Adjustable Airflow"}]},{"@type":"WebSite","@id":"https:\/\/vapebulkp.com\/#website","url":"https:\/\/vapebulkp.com\/","name":"vapebulkp.com","description":"Buy Vape In Cheap Bulk Price Near you","publisher":{"@id":"https:\/\/vapebulkp.com\/#organization"},"potentialAction":[{"@type":"SearchAction","target":{"@type":"EntryPoint","urlTemplate":"https:\/\/vapebulkp.com\/?s={search_term_string}"},"query-input":"required name=search_term_string"}],"inLanguage":"sl-SI"},{"@type":"Organization","@id":"https:\/\/vapebulkp.com\/#organization","name":"vapebulkp.com","url":"https:\/\/vapebulkp.com\/","logo":{"@type":"ImageObject","inLanguage":"sl-SI","@id":"https:\/\/vapebulkp.com\/#\/schema\/logo\/image\/","url":"https:\/\/vapebulkp.com\/wp-content\/uploads\/2023\/09\/cropped-vapebulkp.png","contentUrl":"https:\/\/vapebulkp.com\/wp-content\/uploads\/2023\/09\/cropped-vapebulkp.png","width":516,"height":163,"caption":"vapebulkp.com"},"image":{"@id":"https:\/\/vapebulkp.com\/#\/schema\/logo\/image\/"}}]}},"uagb_featured_image_src":{"full":["https:\/\/vapebulkp.com\/wp-content\/uploads\/2025\/02\/40000-Puffs-Vape-Bang-Wholesale-Price.webp",800,800,false],"thumbnail":["https:\/\/vapebulkp.com\/wp-content\/uploads\/2025\/02\/40000-Puffs-Vape-Bang-Wholesale-Price-150x150.webp",150,150,true],"medium":["https:\/\/vapebulkp.com\/wp-content\/uploads\/2025\/02\/40000-Puffs-Vape-Bang-Wholesale-Price-300x300.webp",300,300,true],"medium_large":["https:\/\/vapebulkp.com\/wp-content\/uploads\/2025\/02\/40000-Puffs-Vape-Bang-Wholesale-Price-768x768.webp",768,768,true],"large":["https:\/\/vapebulkp.com\/wp-content\/uploads\/2025\/02\/40000-Puffs-Vape-Bang-Wholesale-Price.webp",800,800,false],"1536x1536":["https:\/\/vapebulkp.com\/wp-content\/uploads\/2025\/02\/40000-Puffs-Vape-Bang-Wholesale-Price.webp",800,800,false],"2048x2048":["https:\/\/vapebulkp.com\/wp-content\/uploads\/2025\/02\/40000-Puffs-Vape-Bang-Wholesale-Price.webp",800,800,false],"trp-custom-language-flag":["https:\/\/vapebulkp.com\/wp-content\/uploads\/2025\/02\/40000-Puffs-Vape-Bang-Wholesale-Price.webp",12,12,false],"woocommerce_thumbnail":["https:\/\/vapebulkp.com\/wp-content\/uploads\/2025\/02\/40000-Puffs-Vape-Bang-Wholesale-Price-300x300.webp",300,300,true],"woocommerce_single":["https:\/\/vapebulkp.com\/wp-content\/uploads\/2025\/02\/40000-Puffs-Vape-Bang-Wholesale-Price-600x600.webp",600,600,true],"woocommerce_gallery_thumbnail":["https:\/\/vapebulkp.com\/wp-content\/uploads\/2025\/02\/40000-Puffs-Vape-Bang-Wholesale-Price-100x100.webp",100,100,true],"wcpr-photo-reviews":["https:\/\/vapebulkp.com\/wp-content\/uploads\/2025\/02\/40000-Puffs-Vape-Bang-Wholesale-Price.webp",500,500,false]},"uagb_author_info":{"display_name":"Mandy vape bulk price","author_link":"https:\/\/vapebulkp.com\/sl\/author\/"},"uagb_comment_info":0,"uagb_excerpt":"Bang 40K Refillable Vape \u2013 High-Capacity Battery &amp; Smooth Mesh Coil Performance Bang Refillable 40K: Advanced 40,000 Puff Vape with Safety Features &amp; Type-C Charging Bang 40K Vape \u2013 Refillable Design, 10ml E-Liquid Capacity &amp; 1.0\u03a9 Mesh Coil Pls Contact Mandy's WhatsApp For Discount Price+8618077105796 NOTE: Prices on our website does not include shipping costs&hellip;","_links":{"self":[{"href":"https:\/\/vapebulkp.com\/sl\/wp-json\/wp\/v2\/product\/3446","targetHints":{"allow":["GET"]}}],"collection":[{"href":"https:\/\/vapebulkp.com\/sl\/wp-json\/wp\/v2\/product"}],"about":[{"href":"https:\/\/vapebulkp.com\/sl\/wp-json\/wp\/v2\/types\/product"}],"replies":[{"embeddable":true,"href":"https:\/\/vapebulkp.com\/sl\/wp-json\/wp\/v2\/comments?post=3446"}],"wp:featuredmedia":[{"embeddable":true,"href":"https:\/\/vapebulkp.com\/sl\/wp-json\/wp\/v2\/media\/3447"}],"wp:attachment":[{"href":"https:\/\/vapebulkp.com\/sl\/wp-json\/wp\/v2\/media?parent=3446"}],"wp:term":[{"taxonomy":"product_cat","embeddable":true,"href":"https:\/\/vapebulkp.com\/sl\/wp-json\/wp\/v2\/product_cat?post=3446"},{"taxonomy":"product_tag","embeddable":true,"href":"https:\/\/vapebulkp.com\/sl\/wp-json\/wp\/v2\/product_tag?post=3446"}],"curies":[{"name":"wp","href":"https:\/\/api.w.org\/{rel}","templated":true}]}}