{"id":3496,"date":"2025-02-22T09:29:08","date_gmt":"2025-02-22T08:29:08","guid":{"rendered":"https:\/\/vapebulkp.com\/?post_type=product&#038;p=3496"},"modified":"2025-09-17T10:32:42","modified_gmt":"2025-09-17T08:32:42","slug":"uwin-twins-crystal-40000-puffs-long-lasting-disposable-vape","status":"publish","type":"product","link":"https:\/\/vapebulkp.com\/sl\/product\/uwin-twins-crystal-40000-puffs-long-lasting-disposable-vape\/","title":{"rendered":"Uwin Twins Crystal 40000 Puffs Dolgotrajen Vape za Enkratno Uporabo"},"content":{"rendered":"<h2 style=\"text-align: left\">Uwin Twins Crystal 40000 Puffs Dolgotrajen Vape za Enkratno Uporabo<\/h2>\n<p data-start=\"65\" data-end=\"484\">The <strong data-start=\"69\" data-end=\"119\">Uwin Twins Crystal <a href=\"https:\/\/vapebulkp.com\/sl\/product-category\/40000-puffs-disposable-vape\/\">40000 vdihov e-cigareta za enkratno uporabo<\/a><\/strong> je zasnovan za tiste, ki i\u0161\u010dejo zanesljivo, dolgotrajno re\u0161itev za vaping. Z impresivnimi 40.000 vdihi ta naprava zagotavlja podalj\u0161ano izku\u0161njo vapinga, kot nala\u0161\u010d za vsakodnevno uporabo ali dru\u017eabne dogodke. The <strong data-start=\"323\" data-end=\"349\">30 ml prostornine e-teko\u010dine<\/strong> omogo\u010da neprekinjeno u\u017eivanje, medtem ko <strong data-start=\"396\" data-end=\"417\">0,6 ohmska mre\u017easta tuljava<\/strong> zagotavlja bogat okus in gladko proizvodnjo pare z vsakim vdihom. Izbirajte med ve\u010d <strong data-start=\"507\" data-end=\"536\">mo\u017enostmi jakosti nikotina<\/strong>\u20142%, 5%\u2014, ki ustrezajo va\u0161im \u017eeljam. S <strong data-start=\"585\" data-end=\"606\">10 edinstvenih okusov<\/strong>, vklju\u010dno z me\u0161anicami sadja in mentola, se za vsakogar nekaj najde. Eleganten dizajn ima <strong data-start=\"709\" data-end=\"740\">polnilna baterija 850mAh<\/strong> z <strong data-start=\"748\" data-end=\"763\">vrata Type-C<\/strong>, ki zagotavlja hitro in u\u010dinkovito polnjenje. Idealno za za\u010detnike in izku\u0161ene vaperje, 40000 vdihljajev Uwin Twins Crystal Vape ponuja enostavno izku\u0161njo vapinga brez potrebe po ponovnem polnjenju ali vzdr\u017eevanju. Za kakovost, zmogljivost in udobje je vape Uwin Twins Crystal 40000 vdihljajev va\u0161a idealna izbira.<\/p>\n<p>&nbsp;<\/p>\n<h6>Za popust se obrnite na Mandyin WhatsApp<a href=\"https:\/\/wa.me\/8618077105796\">+8618077105796<\/a><\/h6>\n<p><img decoding=\"async\" class=\"alignnone wp-image-2151\" src=\"http:\/\/vapebulkp.com\/wp-content\/uploads\/2024\/04\/Mandy-WhatsApp-Randm.jpg\" alt=\"Mandy WhatsApp Randm\" width=\"324\" height=\"330\" \/><\/p>\n<div class=\"flex max-w-full flex-col flex-grow\">\n<div class=\"min-h-8 text-message flex w-full flex-col items-end gap-2 whitespace-normal break-words text-start [.text-message+&amp;]:mt-5\" dir=\"auto\" data-message-author-role=\"assistant\" data-message-id=\"d24cf626-c018-4805-80f5-44de047f2ba0\" data-message-model-slug=\"gpt-4o\">\n<div class=\"flex w-full flex-col gap-1 empty:hidden first:pt-[3px]\">\n<div class=\"markdown prose w-full break-words dark:prose-invert light\">\n<h2>Zakaj izbrati vrhunske okusne vapes Twins Crystal 40000 vdihljajev pri <a href=\"https:\/\/vapebulkp.com\/sl\/vape-shop\/\">Vapebulkp.com<\/a>?<\/h2>\n<ul data-start=\"65\" data-end=\"521\">\n<li data-start=\"65\" data-end=\"155\"><strong data-start=\"67\" data-end=\"85\">\u0160irok izbor<\/strong>: Razli\u010dne jakosti nikotina in okusi, ki ustrezajo vsem \u017eeljam.<\/li>\n<li data-start=\"156\" data-end=\"256\"><strong data-start=\"158\" data-end=\"179\">Zagotavljanje kakovosti<\/strong>: Samo vrhunski, dolgotrajni vapes za enkratno uporabo z vrhunsko tehnologijo tuljave.<\/li>\n<li data-start=\"257\" data-end=\"340\"><strong data-start=\"259\" data-end=\"281\">Konkuren\u010dne cene<\/strong>: Ugodne cene in mo\u017enosti nakupa v razsutem stanju za prihranke.<\/li>\n<li data-start=\"341\" data-end=\"431\"><strong data-start=\"343\" data-end=\"360\">Hitra dostava<\/strong>: Hitra dostava znotraj Evrope, ki zagotavlja, da boste svoje izdelke prejeli pravo\u010dasno.<\/li>\n<li data-start=\"432\" data-end=\"521\"><strong data-start=\"434\" data-end=\"454\">Podpora strankam<\/strong>: Zanesljiva slu\u017eba za stranke, ki vam bo pomagala pri kakr\u0161nih koli vpra\u0161anjih ali te\u017eavah.<\/li>\n<li data-start=\"432\" data-end=\"521\"><strong style=\"font-size: 16px\" data-start=\"523\" data-end=\"554\">Prednosti Vapebulkp.com<\/strong><\/li>\n<li data-start=\"557\" data-end=\"609\">\u0160iroka ponudba visokokakovostnih izdelkov za vaping.<\/li>\n<li data-start=\"610\" data-end=\"663\">Enostavno spletno naro\u010danje z varnimi mo\u017enostmi pla\u010dila.<\/li>\n<li data-start=\"664\" data-end=\"739\" data-is-last-node=\"\">Osredoto\u010denost na okolju prijazne re\u0161itve, usmerjene v kupca, za navdu\u0161ence nad vapingom.<\/li>\n<\/ul>\n<\/div>\n<\/div>\n<\/div>\n<\/div>\n<h3>Klju\u010dne specifikacije za Uwin Twins Crystal 40000 Puffs vape z razli\u010dnimi mo\u010dmi nikotina:<\/h3>\n<ul>\n<li data-start=\"241\" data-end=\"337\"><strong data-start=\"243\" data-end=\"272\">Mo\u017enosti jakosti nikotina<\/strong>: 0%, 2%, 3%, 5% nikotinska sol za prilagojeno izku\u0161njo vapinga<\/li>\n<li data-start=\"338\" data-end=\"421\"><strong data-start=\"340\" data-end=\"354\">\u0160tevilo vpihov<\/strong>: 40.000 vdihov, kar ponuja dolgotrajno in gladko izku\u0161njo vapinga<\/li>\n<li data-start=\"422\" data-end=\"520\"><strong data-start=\"424\" data-end=\"445\">Kapaciteta e-teko\u010dine<\/strong>: 30 ml, kar zagotavlja dovolj e-teko\u010dine za dalj\u0161o uporabo brez pogostega ponovnega polnjenja<\/li>\n<li data-start=\"521\" data-end=\"630\"><strong data-start=\"523\" data-end=\"536\">Embala\u017ea<\/strong>: 10 kosov na \u0161katlo, 100 kosov na karton, zaradi \u010desar je idealen za nakup v velikih koli\u010dinah ali za maloprodajne prikaze<\/li>\n<li data-start=\"631\" data-end=\"758\"><strong data-start=\"633\" data-end=\"644\">Okusi<\/strong>: Na voljo je 10 vrhunskih okusov, ki ustrezajo \u0161irokemu spektru okusov, od sadnih do mentolovih in naprej<\/li>\n<li data-start=\"759\" data-end=\"871\"><strong data-start=\"761\" data-end=\"772\">Baterija<\/strong>: 850mAh polnilna kobaltna baterija z vhodom Type-C za hitro polnjenje in maksimalno zmogljivost<\/li>\n<li data-start=\"872\" data-end=\"980\"><strong data-start=\"874\" data-end=\"882\">Tuljava<\/strong>: Napredna tehnologija mre\u017easte tuljave z uporom 0,6 ohm za izbolj\u0161an okus in gladko proizvodnjo pare<\/li>\n<li data-start=\"981\" data-end=\"1086\"><strong data-start=\"983\" data-end=\"993\">Oblikovanje<\/strong>: Kompakten in eleganten, zasnovan za prenosljivost in enostavno uporabo, popoln za vaping na poti<\/li>\n<li data-start=\"1087\" data-end=\"1198\"><strong data-start=\"1089\" data-end=\"1106\">Uporabniku prijazen<\/strong>: Brez ponovnega polnjenja ali zapletenih nastavitev - preprosto odprite in u\u017eivajte v zadovoljujo\u010dem, dolgotrajnem vapingu<\/li>\n<li data-start=\"1199\" data-end=\"1311\"><strong data-start=\"1201\" data-end=\"1214\">Idealno za<\/strong>: Vsakodnevno uporabo, potovanja in dru\u017eabna sre\u010danja - zagotavlja enostavno in zanesljivo re\u0161itev za vaping<\/li>\n<\/ul>\n<h3><strong>Seznam okusov vrhunskih Twins Crystal 40000 Puff Vape Pods<\/strong><\/h3>\n<p>1.Borovnica na ledu\/Ledena poletna breskev<br \/>\n2.Kivi pasijonka guava\/Borovnica malina<br \/>\n3.Jagoda kivi\/Ledeno grozdje<br \/>\n4.Kivi pasijonka guava\/Dvojno jabolko<br \/>\n5.Jagoda lubenica\/Limona limeta<br \/>\n6.Borovnica malina\/Ledena \u010de\u0161nja<br \/>\n7.Jagoda malina \u010de\u0161nja\/Mr. Blue<br \/>\n8.Breskev mango ananas\/Red Bull<br \/>\n9.Ledena lubenica\/Me\u0161ano jagodi\u010dje<br \/>\n10.Jagoda banana\/Ljubezen 66 (Pasijonka melona led)<\/p>\n<p><a href=\"https:\/\/vapebulkp.com\/sl\/product\/aivono-curved-smart-screen-35000-puffs-disposable-vape-wholesale-price\/\"><span style=\"vertical-align: inherit\">Aivono 35000\u00a0 Vpihov <\/span><\/a><\/p>\n<p><span style=\"vertical-align: inherit\">Poi\u0161\u010dite ve\u010d izdelkov, ki bi vam bili morda v\u0161e\u010d:<\/span><em><a href=\"https:\/\/wa.me\/8618077105796\"><span style=\"vertical-align: inherit\">\u00a0Kupite zdaj<\/span><\/a><\/em><\/p>\n<p><span style=\"vertical-align: inherit\">Drugi 'puffs', ki bi vam bili morda v\u0161e\u010d:<\/span><a href=\"https:\/\/vapebulkp.com\/sl\/product\/wholesale-price-bang-kingdoms-rex-32000-puffs-vape-pod\/\"><span style=\"vertical-align: inherit\">Bang Kingdoms\u00a0 32000Vpihov<\/span><\/a><span style=\"vertical-align: inherit\">\u3001<\/span><a href=\"https:\/\/vapebulkp.com\/sl\/product\/bood-pulse-pro-25k-50k-disposable-vape-bar-5000-puffs-nicotine-free\/\"><span style=\"vertical-align: inherit\">Bood pulse pro 50000 vpihov<\/span><\/a><span style=\"vertical-align: inherit\">\/ <\/span><a href=\"https:\/\/vapebulkp.com\/sl\/product\/vapsolo-best-quality-viking-12k-puffs-disposable-vapes\/\"><span style=\"vertical-align: inherit\">Vapsolo viking 12000 Pih<\/span><\/a><span style=\"vertical-align: inherit\">\/ <\/span><a href=\"https:\/\/vapebulkp.com\/sl\/product\/waspe-vape-40000-puff-fihp-double-flavour-disposable-vape\/\"><span style=\"vertical-align: inherit\">WASPE 40000 Pih<\/span><\/a><\/p>\n<p><span style=\"vertical-align: inherit\">E-cigareta posebne oblike steklenice:<\/span><a href=\"https:\/\/vapebulkp.com\/sl\/product\/vapsolo-feed-bar-shisha-vape-15000-puffs-wholesale-price\/\"><span style=\"vertical-align: inherit\"> Vapsolo nargila 15000 vpihov<\/span><\/a><span style=\"vertical-align: inherit\">\/ <\/span><a href=\"https:\/\/vapebulkp.com\/sl\/product\/vopk-ultra-30000-puffs-rgb-light-mesh-coil-rechargeable-vape-wholesale-price\/\"><span style=\"vertical-align: inherit\">\u00a0VOPK ULTRA 30000 vpihov <\/span><\/a><span style=\"vertical-align: inherit\">\/<\/span><a href=\"https:\/\/vapebulkp.com\/sl\/product\/bang-box-35000-puffs-touch-switch-digital-screen-rechargeable-vape\/\"><span style=\"vertical-align: inherit\"> Bang Box 35000 Vpihov<\/span><\/a><\/p>\n<h3>Podrobnosti dostave:<\/h3>\n<p><span style=\"color: #ff6600\">\u010cas proizvodnje: 5\u201310 delovnih dni<\/span><br \/>\n<span style=\"color: #ff6600\">\u010cas dostave: 8\u201314 delovnih dni<\/span><\/p>\n<p>Vsi izdelki v na\u0161i trgovini so 100% originalni in avtenti\u010dni, zato je na\u0161a politika desetkratno nadomestilo za ponarejeno blago. Za dostavo blaga vam uporabljamo logisti\u010dne kanale, kot so UPS\/DHL\/FEDEX\/DPD.<\/p>\n<p>Za pakete, poslane v Slovenijo, obi\u010dajno traja 10 delovnih dni. Po\u0161iljanje v evropske dr\u017eave obi\u010dajno traja 12 do 15 delovnih dni. Logisti\u010dne informacije vam bomo sproti posodabljali.<\/p>","protected":false},"excerpt":{"rendered":"<ul>\n<li data-start=\"115\" data-end=\"211\"><strong data-start=\"118\" data-end=\"209\">Uwin Twins Crystal 40k vdihljajev vape za enkratno uporabo za dolgotrajen okus in zadovoljstvo<\/strong><\/li>\n<li data-start=\"212\" data-end=\"297\"><strong data-start=\"215\" data-end=\"295\">Vrhunski vapes Uwin Twins Crystal 40000 vdihljajev za gladke vdihe in podalj\u0161ano uporabo<\/strong><\/li>\n<li data-start=\"298\" data-end=\"399\"><strong data-start=\"301\" data-end=\"399\">Uwin Twins Crystal 40000 vdihljajev vape za enkratno uporabo \u2013 vrhunska tehnologija tuljave za dosledno paro<\/strong><\/li>\n<\/ul>\n<p>Za popust se obrnite na Mandyin WhatsApp<a href=\"https:\/\/wa.me\/8618077105796\">+8618077105796<\/a><\/p>\n<p><img decoding=\"async\" class=\"alignnone wp-image-2151\" src=\"http:\/\/vapebulkp.com\/wp-content\/uploads\/2024\/04\/Mandy-WhatsApp-Randm.jpg\" alt=\"Mandy WhatsApp Randm\" width=\"297\" height=\"316\" srcset=\"https:\/\/vapebulkp.com\/wp-content\/uploads\/2024\/04\/Mandy-WhatsApp-Randm.jpg 916w, https:\/\/vapebulkp.com\/wp-content\/uploads\/2024\/04\/Mandy-WhatsApp-Randm-282x300.jpg 282w, https:\/\/vapebulkp.com\/wp-content\/uploads\/2024\/04\/Mandy-WhatsApp-Randm-768x817.jpg 768w, https:\/\/vapebulkp.com\/wp-content\/uploads\/2024\/04\/Mandy-WhatsApp-Randm-600x638.jpg 600w\" sizes=\"(max-width: 297px) 100vw, 297px\" \/><\/p>\n<p><span style=\"color: #ff0000\">OPOMBA: Cene na na\u0161i spletni strani ne vklju\u010dujejo stro\u0161kov po\u0161iljanja.<\/span><\/p>\n<p>&nbsp;<\/p>","protected":false},"featured_media":3494,"comment_status":"open","ping_status":"closed","template":"","meta":{"_uag_custom_page_level_css":"","_lmt_disableupdate":"no","_lmt_disable":"","site-sidebar-layout":"default","site-content-layout":"content-boxed-container","ast-site-content-layout":"normal-width-container","site-content-style":"boxed","site-sidebar-style":"unboxed","ast-global-header-display":"","ast-banner-title-visibility":"","ast-main-header-display":"","ast-hfb-above-header-display":"","ast-hfb-below-header-display":"","ast-hfb-mobile-header-display":"","site-post-title":"","ast-breadcrumbs-content":"","ast-featured-img":"","footer-sml-layout":"","theme-transparent-header-meta":"default","adv-header-id-meta":"","stick-header-meta":"","header-above-stick-meta":"","header-main-stick-meta":"","header-below-stick-meta":"","astra-migrate-meta-layouts":"set","_joinchat":[]},"product_cat":[182,153,155,33,59,100,87,34,158,157,154,152,58,84,156,63,360,32],"product_tag":[36,37,41,40,213],"class_list":["post-3496","product","type-product","status-publish","has-post-thumbnail","hentry","product_cat-40000-puffs-disposable-vape","product_cat-hot-disposable-vapes","product_cat-belgium-hot-disposable-vapes","product_cat-france-vape-hot-sale","product_cat-germany-hot-disposable-vape","product_cat-germany-wholesale-vape-shop","product_cat-minimum-order-quantity-50pcs","product_cat-netherlands-vape-good-sale","product_cat-norway-hot-disposable-vapes","product_cat-poland-hot-disposable-vapes","product_cat-portugal-hot-disposable-vapes","product_cat-spain-hot-disposable-vapes","product_cat-sweden-hot-disposable-vape","product_cat-sweden-wholesale-vape","product_cat-switzerland-hot-disposable-vapes","product_cat-top-sale-disposable-vape","product_cat-uwin-vape","product_cat-vape-hot-sale-this-week","product_tag-good-vape","product_tag-hot-sale-disposable-vape","product_tag-poland-hot-vape","product_tag-sweden-hot-vape","product_tag-uwin-twins-crystal-40000-puffs","pa_brand-uwin-vape","desktop-align-left","tablet-align-left","mobile-align-left"],"yoast_head":"<!-- This site is optimized with the Yoast SEO plugin v21.1 - https:\/\/yoast.com\/wordpress\/plugins\/seo\/ -->\n<title>Uwin Twins Crystal 40000 Puffs Long-Lasting Disposable Vape - vapebulkp.com<\/title>\n<meta name=\"description\" content=\"Best Price Uwin Twins Crystal 40000 Puffs Disposable Vape offers long-lasting flavor, multiple nicotine strengths, and a smooth vaping experience.\" \/>\n<meta name=\"robots\" content=\"index, follow, max-snippet:-1, max-image-preview:large, max-video-preview:-1\" \/>\n<link rel=\"canonical\" href=\"https:\/\/vapebulkp.com\/sl\/product\/uwin-twins-crystal-40000-puffs-long-lasting-disposable-vape\/\" \/>\n<meta property=\"og:locale\" content=\"sl_SI\" \/>\n<meta property=\"og:type\" content=\"article\" \/>\n<meta property=\"og:title\" content=\"Uwin Twins Crystal 40000 Puffs Long-Lasting Disposable Vape - vapebulkp.com\" \/>\n<meta property=\"og:description\" content=\"Best Price Uwin Twins Crystal 40000 Puffs Disposable Vape offers long-lasting flavor, multiple nicotine strengths, and a smooth vaping experience.\" \/>\n<meta property=\"og:url\" content=\"https:\/\/vapebulkp.com\/sl\/product\/uwin-twins-crystal-40000-puffs-long-lasting-disposable-vape\/\" \/>\n<meta property=\"og:site_name\" content=\"vapebulkp.com\" \/>\n<meta property=\"article:modified_time\" content=\"2025-09-17T08:32:42+00:00\" \/>\n<meta property=\"og:image\" content=\"http:\/\/vapebulkp.com\/wp-content\/uploads\/2025\/02\/UWIN-Crystal-40000-Puffs-Disposable-Vape-for-Convenient-and-Hassle-Free-Vaping.webp\" \/>\n\t<meta property=\"og:image:width\" content=\"800\" \/>\n\t<meta property=\"og:image:height\" content=\"800\" \/>\n\t<meta property=\"og:image:type\" content=\"image\/webp\" \/>\n<meta name=\"twitter:card\" content=\"summary_large_image\" \/>\n<meta name=\"twitter:label1\" content=\"Est. reading time\" \/>\n\t<meta name=\"twitter:data1\" content=\"3 minute\" \/>\n<script type=\"application\/ld+json\" class=\"yoast-schema-graph\">{\"@context\":\"https:\/\/schema.org\",\"@graph\":[{\"@type\":\"WebPage\",\"@id\":\"https:\/\/vapebulkp.com\/product\/uwin-twins-crystal-40000-puffs-long-lasting-disposable-vape\/\",\"url\":\"https:\/\/vapebulkp.com\/product\/uwin-twins-crystal-40000-puffs-long-lasting-disposable-vape\/\",\"name\":\"Uwin Twins Crystal 40000 Puffs Long-Lasting Disposable Vape - vapebulkp.com\",\"isPartOf\":{\"@id\":\"https:\/\/vapebulkp.com\/#website\"},\"datePublished\":\"2025-02-22T08:29:08+00:00\",\"dateModified\":\"2025-09-17T08:32:42+00:00\",\"description\":\"Best Price Uwin Twins Crystal 40000 Puffs Disposable Vape offers long-lasting flavor, multiple nicotine strengths, and a smooth vaping experience.\",\"breadcrumb\":{\"@id\":\"https:\/\/vapebulkp.com\/product\/uwin-twins-crystal-40000-puffs-long-lasting-disposable-vape\/#breadcrumb\"},\"inLanguage\":\"sl-SI\",\"potentialAction\":[{\"@type\":\"ReadAction\",\"target\":[\"https:\/\/vapebulkp.com\/product\/uwin-twins-crystal-40000-puffs-long-lasting-disposable-vape\/\"]}]},{\"@type\":\"BreadcrumbList\",\"@id\":\"https:\/\/vapebulkp.com\/product\/uwin-twins-crystal-40000-puffs-long-lasting-disposable-vape\/#breadcrumb\",\"itemListElement\":[{\"@type\":\"ListItem\",\"position\":1,\"name\":\"Home\",\"item\":\"https:\/\/vapebulkp.com\/\"},{\"@type\":\"ListItem\",\"position\":2,\"name\":\"Hot Trend Vapes\",\"item\":\"https:\/\/vapebulkp.com\/vape-shop\/\"},{\"@type\":\"ListItem\",\"position\":3,\"name\":\"Uwin Twins Crystal 40000 Puffs Long-Lasting Disposable Vape\"}]},{\"@type\":\"WebSite\",\"@id\":\"https:\/\/vapebulkp.com\/#website\",\"url\":\"https:\/\/vapebulkp.com\/\",\"name\":\"vapebulkp.com\",\"description\":\"Buy Vape In Cheap Bulk Price Near you\",\"publisher\":{\"@id\":\"https:\/\/vapebulkp.com\/#organization\"},\"potentialAction\":[{\"@type\":\"SearchAction\",\"target\":{\"@type\":\"EntryPoint\",\"urlTemplate\":\"https:\/\/vapebulkp.com\/?s={search_term_string}\"},\"query-input\":\"required name=search_term_string\"}],\"inLanguage\":\"sl-SI\"},{\"@type\":\"Organization\",\"@id\":\"https:\/\/vapebulkp.com\/#organization\",\"name\":\"vapebulkp.com\",\"url\":\"https:\/\/vapebulkp.com\/\",\"logo\":{\"@type\":\"ImageObject\",\"inLanguage\":\"sl-SI\",\"@id\":\"https:\/\/vapebulkp.com\/#\/schema\/logo\/image\/\",\"url\":\"https:\/\/vapebulkp.com\/wp-content\/uploads\/2023\/09\/cropped-vapebulkp.png\",\"contentUrl\":\"https:\/\/vapebulkp.com\/wp-content\/uploads\/2023\/09\/cropped-vapebulkp.png\",\"width\":516,\"height\":163,\"caption\":\"vapebulkp.com\"},\"image\":{\"@id\":\"https:\/\/vapebulkp.com\/#\/schema\/logo\/image\/\"}}]}<\/script>\n<!-- \/ Yoast SEO plugin. -->","yoast_head_json":{"title":"Uwin Twins Crystal 40000 Puffs Long-Lasting Disposable Vape - vapebulkp.com","description":"Best Price Uwin Twins Crystal 40000 Puffs Disposable Vape offers long-lasting flavor, multiple nicotine strengths, and a smooth vaping experience.","robots":{"index":"index","follow":"follow","max-snippet":"max-snippet:-1","max-image-preview":"max-image-preview:large","max-video-preview":"max-video-preview:-1"},"canonical":"https:\/\/vapebulkp.com\/sl\/product\/uwin-twins-crystal-40000-puffs-long-lasting-disposable-vape\/","og_locale":"sl_SI","og_type":"article","og_title":"Uwin Twins Crystal 40000 Puffs Long-Lasting Disposable Vape - vapebulkp.com","og_description":"Best Price Uwin Twins Crystal 40000 Puffs Disposable Vape offers long-lasting flavor, multiple nicotine strengths, and a smooth vaping experience.","og_url":"https:\/\/vapebulkp.com\/sl\/product\/uwin-twins-crystal-40000-puffs-long-lasting-disposable-vape\/","og_site_name":"vapebulkp.com","article_modified_time":"2025-09-17T08:32:42+00:00","og_image":[{"width":800,"height":800,"url":"http:\/\/vapebulkp.com\/wp-content\/uploads\/2025\/02\/UWIN-Crystal-40000-Puffs-Disposable-Vape-for-Convenient-and-Hassle-Free-Vaping.webp","type":"image\/webp"}],"twitter_card":"summary_large_image","twitter_misc":{"Est. reading time":"3 minute"},"schema":{"@context":"https:\/\/schema.org","@graph":[{"@type":"WebPage","@id":"https:\/\/vapebulkp.com\/product\/uwin-twins-crystal-40000-puffs-long-lasting-disposable-vape\/","url":"https:\/\/vapebulkp.com\/product\/uwin-twins-crystal-40000-puffs-long-lasting-disposable-vape\/","name":"Uwin Twins Crystal 40000 Puffs Long-Lasting Disposable Vape - vapebulkp.com","isPartOf":{"@id":"https:\/\/vapebulkp.com\/#website"},"datePublished":"2025-02-22T08:29:08+00:00","dateModified":"2025-09-17T08:32:42+00:00","description":"Best Price Uwin Twins Crystal 40000 Puffs Disposable Vape offers long-lasting flavor, multiple nicotine strengths, and a smooth vaping experience.","breadcrumb":{"@id":"https:\/\/vapebulkp.com\/product\/uwin-twins-crystal-40000-puffs-long-lasting-disposable-vape\/#breadcrumb"},"inLanguage":"sl-SI","potentialAction":[{"@type":"ReadAction","target":["https:\/\/vapebulkp.com\/product\/uwin-twins-crystal-40000-puffs-long-lasting-disposable-vape\/"]}]},{"@type":"BreadcrumbList","@id":"https:\/\/vapebulkp.com\/product\/uwin-twins-crystal-40000-puffs-long-lasting-disposable-vape\/#breadcrumb","itemListElement":[{"@type":"ListItem","position":1,"name":"Home","item":"https:\/\/vapebulkp.com\/"},{"@type":"ListItem","position":2,"name":"Hot Trend Vapes","item":"https:\/\/vapebulkp.com\/vape-shop\/"},{"@type":"ListItem","position":3,"name":"Uwin Twins Crystal 40000 Puffs Long-Lasting Disposable Vape"}]},{"@type":"WebSite","@id":"https:\/\/vapebulkp.com\/#website","url":"https:\/\/vapebulkp.com\/","name":"vapebulkp.com","description":"Buy Vape In Cheap Bulk Price Near you","publisher":{"@id":"https:\/\/vapebulkp.com\/#organization"},"potentialAction":[{"@type":"SearchAction","target":{"@type":"EntryPoint","urlTemplate":"https:\/\/vapebulkp.com\/?s={search_term_string}"},"query-input":"required name=search_term_string"}],"inLanguage":"sl-SI"},{"@type":"Organization","@id":"https:\/\/vapebulkp.com\/#organization","name":"vapebulkp.com","url":"https:\/\/vapebulkp.com\/","logo":{"@type":"ImageObject","inLanguage":"sl-SI","@id":"https:\/\/vapebulkp.com\/#\/schema\/logo\/image\/","url":"https:\/\/vapebulkp.com\/wp-content\/uploads\/2023\/09\/cropped-vapebulkp.png","contentUrl":"https:\/\/vapebulkp.com\/wp-content\/uploads\/2023\/09\/cropped-vapebulkp.png","width":516,"height":163,"caption":"vapebulkp.com"},"image":{"@id":"https:\/\/vapebulkp.com\/#\/schema\/logo\/image\/"}}]}},"uagb_featured_image_src":{"full":["https:\/\/vapebulkp.com\/wp-content\/uploads\/2025\/02\/UWIN-Crystal-40000-Puffs-Disposable-Vape-for-Convenient-and-Hassle-Free-Vaping.webp",800,800,false],"thumbnail":["https:\/\/vapebulkp.com\/wp-content\/uploads\/2025\/02\/UWIN-Crystal-40000-Puffs-Disposable-Vape-for-Convenient-and-Hassle-Free-Vaping-150x150.webp",150,150,true],"medium":["https:\/\/vapebulkp.com\/wp-content\/uploads\/2025\/02\/UWIN-Crystal-40000-Puffs-Disposable-Vape-for-Convenient-and-Hassle-Free-Vaping-300x300.webp",300,300,true],"medium_large":["https:\/\/vapebulkp.com\/wp-content\/uploads\/2025\/02\/UWIN-Crystal-40000-Puffs-Disposable-Vape-for-Convenient-and-Hassle-Free-Vaping-768x768.webp",768,768,true],"large":["https:\/\/vapebulkp.com\/wp-content\/uploads\/2025\/02\/UWIN-Crystal-40000-Puffs-Disposable-Vape-for-Convenient-and-Hassle-Free-Vaping.webp",800,800,false],"1536x1536":["https:\/\/vapebulkp.com\/wp-content\/uploads\/2025\/02\/UWIN-Crystal-40000-Puffs-Disposable-Vape-for-Convenient-and-Hassle-Free-Vaping.webp",800,800,false],"2048x2048":["https:\/\/vapebulkp.com\/wp-content\/uploads\/2025\/02\/UWIN-Crystal-40000-Puffs-Disposable-Vape-for-Convenient-and-Hassle-Free-Vaping.webp",800,800,false],"trp-custom-language-flag":["https:\/\/vapebulkp.com\/wp-content\/uploads\/2025\/02\/UWIN-Crystal-40000-Puffs-Disposable-Vape-for-Convenient-and-Hassle-Free-Vaping.webp",12,12,false],"woocommerce_thumbnail":["https:\/\/vapebulkp.com\/wp-content\/uploads\/2025\/02\/UWIN-Crystal-40000-Puffs-Disposable-Vape-for-Convenient-and-Hassle-Free-Vaping-300x300.webp",300,300,true],"woocommerce_single":["https:\/\/vapebulkp.com\/wp-content\/uploads\/2025\/02\/UWIN-Crystal-40000-Puffs-Disposable-Vape-for-Convenient-and-Hassle-Free-Vaping-600x600.webp",600,600,true],"woocommerce_gallery_thumbnail":["https:\/\/vapebulkp.com\/wp-content\/uploads\/2025\/02\/UWIN-Crystal-40000-Puffs-Disposable-Vape-for-Convenient-and-Hassle-Free-Vaping-100x100.webp",100,100,true],"wcpr-photo-reviews":["https:\/\/vapebulkp.com\/wp-content\/uploads\/2025\/02\/UWIN-Crystal-40000-Puffs-Disposable-Vape-for-Convenient-and-Hassle-Free-Vaping.webp",500,500,false]},"uagb_author_info":{"display_name":"Mandy vape bulk price","author_link":"https:\/\/vapebulkp.com\/sl\/author\/"},"uagb_comment_info":0,"uagb_excerpt":"Uwin Twins Crystal 40k Puffs Disposable Vape for Long-Lasting Flavor and Satisfaction Premium Uwin Twins Crystal 40000 Puff Vapes for Smooth Hits and Extended Use Uwin Twins Crystal 40000 Puffs Disposable Vape - Superior Coil Technology for Consistent Vapor Pls Contact Mandy's WhatsApp For Discount Price+8618077105796 NOTE: Prices on our website does not include shipping&hellip;","_links":{"self":[{"href":"https:\/\/vapebulkp.com\/sl\/wp-json\/wp\/v2\/product\/3496","targetHints":{"allow":["GET"]}}],"collection":[{"href":"https:\/\/vapebulkp.com\/sl\/wp-json\/wp\/v2\/product"}],"about":[{"href":"https:\/\/vapebulkp.com\/sl\/wp-json\/wp\/v2\/types\/product"}],"replies":[{"embeddable":true,"href":"https:\/\/vapebulkp.com\/sl\/wp-json\/wp\/v2\/comments?post=3496"}],"wp:featuredmedia":[{"embeddable":true,"href":"https:\/\/vapebulkp.com\/sl\/wp-json\/wp\/v2\/media\/3494"}],"wp:attachment":[{"href":"https:\/\/vapebulkp.com\/sl\/wp-json\/wp\/v2\/media?parent=3496"}],"wp:term":[{"taxonomy":"product_cat","embeddable":true,"href":"https:\/\/vapebulkp.com\/sl\/wp-json\/wp\/v2\/product_cat?post=3496"},{"taxonomy":"product_tag","embeddable":true,"href":"https:\/\/vapebulkp.com\/sl\/wp-json\/wp\/v2\/product_tag?post=3496"}],"curies":[{"name":"wp","href":"https:\/\/api.w.org\/{rel}","templated":true}]}}