{"id":3512,"date":"2025-02-26T08:05:07","date_gmt":"2025-02-26T07:05:07","guid":{"rendered":"https:\/\/vapebulkp.com\/?post_type=product&#038;p=3512"},"modified":"2025-09-17T10:33:06","modified_gmt":"2025-09-17T08:33:06","slug":"wholesale-bang-leader-32000-puffs-disposable-vape-type-c-charging","status":"publish","type":"product","link":"https:\/\/vapebulkp.com\/sl\/product\/wholesale-bang-leader-32000-puffs-disposable-vape-type-c-charging\/","title":{"rendered":"Veleprodaja Bang Leader 32000 Puffs e-cigareta za enkratno uporabo, polnjenje Type-C"},"content":{"rendered":"<h2 style=\"text-align: left\">Veleprodaja Bang Leader 32000 Puffs e-cigareta za enkratno uporabo, polnjenje Type-C<\/h2>\n<p data-start=\"0\" data-end=\"511\">Izbolj\u0161ajte svojo izku\u0161njo vapinga z <strong data-start=\"40\" data-end=\"83\">Bang Leader 32000 Puffs Vape za enkratno uporabo<\/strong>, zasnovano za tiste, ki zahtevajo tako <strong data-start=\"120\" data-end=\"133\">dolgo \u017eivljenjsko dobo<\/strong> in <strong data-start=\"138\" data-end=\"149\">raznolikost<\/strong>. Bang Vape 32k puff visoko zmogljiva vape za enkratno uporabo ponuja izjemno <strong data-start=\"209\" data-end=\"225\">32.000 vpihov<\/strong> gladke, aromati\u010dne pare. Njen <strong data-start=\"258\" data-end=\"277\">sistem dvojnih podov<\/strong> vam omogo\u010da u\u017eivanje v <strong data-start=\"298\" data-end=\"322\">dveh razli\u010dnih okusih<\/strong> hkrati, kar zagotavlja dinami\u010dno izku\u0161njo vapinga, ki ohranja vsak vdih vznemirljiv. Ne glede na to, ali ste razpolo\u017eeni za sadno me\u0161anico ali hladen mentolov udarec, ta vape dostavi z vsakim vdihom.<\/p>\n<p data-start=\"513\" data-end=\"905\">Kot nala\u0161\u010d za podjetja, ki \u017eelijo ponuditi <strong data-start=\"553\" data-end=\"595\">vrhunske, prilagodljive re\u0161itve za vaping<\/strong>, <strong data-start=\"601\" data-end=\"633\">Vodja Bang <a href=\"https:\/\/vapebulkp.com\/sl\/product-category\/32000-puffs-disposable-vape\/\">32000 Puffs Vape za enkratno uporabo<\/a><\/strong> je idealen za veleprodajne nakupe. Z zmogljivo <strong data-start=\"684\" data-end=\"705\">13.300mAh baterijo<\/strong> za dolgotrajno delovanje, a <strong data-start=\"738\" data-end=\"756\">1.0\u03a9 mre\u017easto tuljavo<\/strong> za izbolj\u0161an okus in proizvodnjo pare ter a <strong data-start=\"805\" data-end=\"829\">polnilna vrata tipa C<\/strong> za hitro polnjenje, ta naprava zagotavlja zanesljivo in zadovoljivo uporabo.<\/p>\n<p data-start=\"907\" data-end=\"1127\" data-is-last-node=\"\" data-is-only-node=\"\">Prilagojeno za velika naro\u010dila in <strong data-start=\"936\" data-end=\"961\">OEM\/ODM prilagajanje<\/strong>, ta vape za enkratno uporabo je idealna izbira za tiste, ki \u017eelijo izstopati na trgu vapinga, hkrati pa strankam ponuditi nepozabno izku\u0161njo dvojnega okusa.<\/p>\n<figure id=\"attachment_3507\" aria-describedby=\"caption-attachment-3507\" style=\"width: 519px\" class=\"wp-caption alignnone\"><img decoding=\"async\" class=\"wp-image-3507\" src=\"http:\/\/vapebulkp.com\/wp-content\/uploads\/2025\/02\/Bang-Leader-32K-Puff-Double-Flavor-Mesh-Coil-Disposable-Vape-Wholesale.webp\" alt=\"Bang Leader 32K Puff dvojni okus Mesh Coil Vape za enkratno uporabo Veleprodaja\" width=\"519\" height=\"519\" srcset=\"https:\/\/vapebulkp.com\/wp-content\/uploads\/2025\/02\/Bang-Leader-32K-Puff-Double-Flavor-Mesh-Coil-Disposable-Vape-Wholesale.webp 800w, https:\/\/vapebulkp.com\/wp-content\/uploads\/2025\/02\/Bang-Leader-32K-Puff-Double-Flavor-Mesh-Coil-Disposable-Vape-Wholesale-300x300.webp 300w, https:\/\/vapebulkp.com\/wp-content\/uploads\/2025\/02\/Bang-Leader-32K-Puff-Double-Flavor-Mesh-Coil-Disposable-Vape-Wholesale-150x150.webp 150w, https:\/\/vapebulkp.com\/wp-content\/uploads\/2025\/02\/Bang-Leader-32K-Puff-Double-Flavor-Mesh-Coil-Disposable-Vape-Wholesale-768x768.webp 768w, https:\/\/vapebulkp.com\/wp-content\/uploads\/2025\/02\/Bang-Leader-32K-Puff-Double-Flavor-Mesh-Coil-Disposable-Vape-Wholesale-600x600.webp 600w, https:\/\/vapebulkp.com\/wp-content\/uploads\/2025\/02\/Bang-Leader-32K-Puff-Double-Flavor-Mesh-Coil-Disposable-Vape-Wholesale-100x100.webp 100w\" sizes=\"(max-width: 519px) 100vw, 519px\" \/><figcaption id=\"caption-attachment-3507\" class=\"wp-caption-text\">Bang Leader 32K Puff dvojni okus Mesh Coil Vape za enkratno uporabo Veleprodaja<\/figcaption><\/figure>\n<h6><\/h6>\n<p><img decoding=\"async\" class=\"alignnone wp-image-2151\" src=\"http:\/\/vapebulkp.com\/wp-content\/uploads\/2024\/04\/Mandy-WhatsApp-Randm.jpg\" alt=\"Mandy WhatsApp Randm\" width=\"324\" height=\"330\" \/><\/p>\n<h6>Za popust se obrnite na Mandyin WhatsApp<a href=\"https:\/\/wa.me\/8618077105796\">+8618077105796<\/a><\/h6>\n<p>&nbsp;<\/p>\n<h2>Zakaj izbrati polnilni VapeBang Leader 32000 Puff iz Vapebulkp.com?<\/h2>\n<ul>\n<li data-start=\"1894\" data-end=\"2235\"><strong data-start=\"70\" data-end=\"93\">Zelo dolga \u017eivljenjska doba<\/strong> \u2013 Do <strong data-start=\"102\" data-end=\"118\">32.000 vpihov<\/strong> za dalj\u0161e vapiranje brez pogostih menjav.<\/li>\n<li data-start=\"1894\" data-end=\"2235\"><strong data-start=\"175\" data-end=\"204\">Ogromna kapaciteta e-teko\u010dine<\/strong> \u2013 Vnaprej napolnjeno za <strong data-start=\"222\" data-end=\"243\">konsistenten okus<\/strong> brez potrebe po ponovnem polnjenju.<\/li>\n<li data-start=\"1894\" data-end=\"2235\"><strong data-start=\"273\" data-end=\"300\">Gladke mo\u017enosti nikotina<\/strong> \u2013 Na voljo v <strong data-start=\"316\" data-end=\"337\">razli\u010dne mo\u010di<\/strong> za razli\u010dne preference.<\/li>\n<li data-start=\"1894\" data-end=\"2235\"><strong data-start=\"374\" data-end=\"398\">Tehnologija mre\u017easte spirale<\/strong> \u2013 Zagotavlja <strong data-start=\"410\" data-end=\"427\">bogatej\u0161i okus<\/strong> in <strong data-start=\"432\" data-end=\"461\">izbolj\u0161ana proizvodnja pare<\/strong>.<\/li>\n<li data-start=\"1894\" data-end=\"2235\"><strong data-start=\"468\" data-end=\"492\">Baterija za ponovno polnjenje<\/strong> \u2013 <strong data-start=\"495\" data-end=\"519\">s hitrim polnjenjem Type-C<\/strong> zagotavlja nemoteno uporabo.<\/li>\n<li data-start=\"1894\" data-end=\"2235\"><strong data-start=\"552\" data-end=\"571\">Razli\u010dni okusi<\/strong> \u2013 \u0160irok izbor <strong data-start=\"592\" data-end=\"629\">sadni, mentolovi in mo\u010dni okusi<\/strong>.<\/li>\n<li data-start=\"1894\" data-end=\"2235\"><strong data-start=\"636\" data-end=\"662\">Kupite pri Vapebulkp.com<\/strong> \u2013 <strong data-start=\"665\" data-end=\"746\">Pristni izdelki, konkuren\u010dne cene, hitra dostava in zanesljiva storitev.<\/strong><\/li>\n<\/ul>\n<h3><strong>Bang Leader 32000 Vlekov z visoko kapaciteto <\/strong>Lastnosti izdelka<\/h3>\n<ul>\n<li data-start=\"48\" data-end=\"74\"><strong data-start=\"50\" data-end=\"64\">\u0160tevilo vpihov<\/strong>: 32,000<\/li>\n<li data-start=\"75\" data-end=\"139\"><strong data-start=\"77\" data-end=\"98\">Kapaciteta e-teko\u010dine<\/strong>: 28ml \u00d7 2 (dvojni nastavki za podalj\u0161ano uporabo)<\/li>\n<li data-start=\"140\" data-end=\"198\"><strong data-start=\"142\" data-end=\"158\">Baterijska celica<\/strong>: 13,300mAh visoko zmogljiv vir energije<\/li>\n<li data-start=\"199\" data-end=\"286\"><strong data-start=\"201\" data-end=\"220\">Upornost grelca<\/strong>: 1.0\u03a9 mre\u017easta tuljava za izbolj\u0161an okus in gladko proizvodnjo pare<\/li>\n<li data-start=\"287\" data-end=\"357\" data-is-last-node=\"\"><strong data-start=\"289\" data-end=\"306\">Prilagoditev<\/strong>: Podpira <strong data-start=\"317\" data-end=\"328\" data-is-only-node=\"\">OEM\/ODM<\/strong> za blagovne znamke in naro\u010dila v velikih koli\u010dinah<\/li>\n<\/ul>\n<h3><strong>Bang Leader 32000 Puffs Kapaciteta E-teko\u010dine Okus:<\/strong><\/h3>\n<p>1. LUBENICA Z MENTOLOM, BOROVNI\u010cEV MENTOL<br \/>\n2. LUBENICA Z MENTOLOM, JAGODA IN MANGO<br \/>\n3. JAGODA IN LUBENICA, KIVI MARAKUJA GUAVA<br \/>\n4. JAGODA IN LUBENICA, GROZDJE Z MENTOLOM<br \/>\n5. BOROVNICA MALINA, BRESKEV MANGO LUBENICA<br \/>\n6. BOROVNICA LUBENICA, JAGODA MANGO<br \/>\n7. BOROVNI\u010cEV LED, \u010cRNI ZMAJEV LED<br \/>\n8. BOROVNI\u010cEV LED, JAGODA IN BANANA<br \/>\n9. RED BULL, BOROVNI\u010cEVA LUBENICA<br \/>\n10. RED BULL, LUBENI\u010cNA MEHUR\u010cNA BOMBONA<br \/>\n11. JAGODA KIVI, PE\u010cEN LED<br \/>\n12. JAGODA KIVI, KISEL JABOL\u010cNI MALIN<br \/>\n13.BANANA LED, BOROVNICA \u010cE\u0160NJA<br \/>\n14.AVOKADO LED, LIMONA LIMETA<br \/>\n15.KOLA LED, \u010cE\u0160NJA AMERI\u0160KA BRUSNICA<br \/>\n16.ANANAS LED, TROJNI MANGO<br \/>\n17.LI\u010cI LED, MANGO BRESKEV ANANAS<br \/>\n18.MEDENA MELONA, LUBENICA MALINA<\/p>\n<p><a href=\"https:\/\/vapebulkp.com\/sl\/product\/razzbar-50000-puffs-disposable-electronic-cigarette-wholesale-supplier\/\"><span style=\"vertical-align: inherit\">RAZZBAR Vape 50000 Vdihov <\/span><\/a><\/p>\n<p><span style=\"vertical-align: inherit\">Poi\u0161\u010dite ve\u010d izdelkov, ki bi vam bili morda v\u0161e\u010d:<\/span><em><a href=\"https:\/\/wa.me\/8618077105796\"><span style=\"vertical-align: inherit\">\u00a0Kupite zdaj<\/span><\/a><\/em><\/p>\n<p><span style=\"vertical-align: inherit\">Drugi 'puffs', ki bi vam bili morda v\u0161e\u010d:<\/span><a href=\"https:\/\/vapebulkp.com\/sl\/product\/wga-legend-30000-puffs-factory-price-disposable-vape-europe-warehouse\/\"><span style=\"vertical-align: inherit\">WGA 30K Vpihov <\/span><\/a><span style=\"vertical-align: inherit\">\u3001<\/span><a href=\"https:\/\/vapebulkp.com\/sl\/product\/waspe-4in1-100000-puffs-disposable-vape-wholesale-bulk-buy\/\"><span style=\"vertical-align: inherit\">WASPE 100000 Vdihov<\/span><\/a><span style=\"vertical-align: inherit\">\/ <\/span><a href=\"https:\/\/vapebulkp.com\/sl\/product\/vozol-vista-20000-puff-rechargeable-vape-cheap-price-today\/\"><span style=\"vertical-align: inherit\">Vozol vista 20000 Vpihov<\/span><\/a><span style=\"vertical-align: inherit\">\/ <\/span><a href=\"https:\/\/vapebulkp.com\/sl\/product\/bang-leader-85000-puffs-electronic-cigarette-wholesale-price-15-flavors\/\"><span style=\"vertical-align: inherit\">Bang Leader 85000 Vdihov<\/span><\/a><\/p>\n<p>&nbsp;<\/p>\n<h4>Podrobnosti dostave:<\/h4>\n<p><span style=\"color: #ff6600\">\u010cas proizvodnje: 5\u201310 delovnih dni<\/span><br \/>\n<span style=\"color: #ff6600\">\u010cas dostave: 8\u201314 delovnih dni<\/span><\/p>\n<p>Vsi izdelki v na\u0161i trgovini so 100% originalni in avtenti\u010dni, zato je na\u0161a politika desetkratno nadomestilo za ponarejeno blago. Za dostavo blaga vam uporabljamo logisti\u010dne kanale, kot so UPS\/DHL\/FEDEX\/DPD.<\/p>\n<p>Za pakete, poslane v Slovenijo, obi\u010dajno traja 10 delovnih dni. Po\u0161iljanje v evropske dr\u017eave obi\u010dajno traja 12 do 15 delovnih dni. Logisti\u010dne informacije vam bomo sproti posodabljali.<\/p>","protected":false},"excerpt":{"rendered":"<ul>\n<li data-start=\"0\" data-end=\"112\"><strong data-start=\"3\" data-end=\"110\" data-is-only-node=\"\">Bang Leader 32000 Puffs Vape za enkratno uporabo \u2013 dvojni okus z 32.000 vdihi in polnjenjem Type-C<\/strong><\/li>\n<li data-start=\"113\" data-end=\"225\"><strong data-start=\"116\" data-end=\"223\" data-is-only-node=\"\">Bang Leader 32000 Puffs Vape za enkratno uporabo \u2013 dolgotrajna e-cigareta z dvojnimi podi in 13.300mAh baterijo<\/strong><\/li>\n<li data-start=\"226\" data-end=\"333\" data-is-last-node=\"\"><strong data-start=\"229\" data-end=\"333\" data-is-last-node=\"\" data-is-only-node=\"\">Bang Leader 32000 Puffs Vape \u2013 vrhunska e-cigareta za enkratno uporabo z mre\u017easto tuljavo in mo\u017enostmi dvojnega okusa<\/strong><\/li>\n<\/ul>\n<p>Za popust se obrnite na Mandyin WhatsApp<a href=\"https:\/\/wa.me\/8618077105796\">+8618077105796<\/a><\/p>\n<p><img decoding=\"async\" class=\"alignnone wp-image-2151\" src=\"http:\/\/vapebulkp.com\/wp-content\/uploads\/2024\/04\/Mandy-WhatsApp-Randm.jpg\" alt=\"Mandy WhatsApp Randm\" width=\"297\" height=\"316\" srcset=\"https:\/\/vapebulkp.com\/wp-content\/uploads\/2024\/04\/Mandy-WhatsApp-Randm.jpg 916w, https:\/\/vapebulkp.com\/wp-content\/uploads\/2024\/04\/Mandy-WhatsApp-Randm-282x300.jpg 282w, https:\/\/vapebulkp.com\/wp-content\/uploads\/2024\/04\/Mandy-WhatsApp-Randm-768x817.jpg 768w, https:\/\/vapebulkp.com\/wp-content\/uploads\/2024\/04\/Mandy-WhatsApp-Randm-600x638.jpg 600w\" sizes=\"(max-width: 297px) 100vw, 297px\" \/><\/p>\n<p><span style=\"color: #ff0000\">OPOMBA: Cene na na\u0161i spletni strani ne vklju\u010dujejo stro\u0161kov po\u0161iljanja.<\/span><\/p>\n<p>&nbsp;<\/p>","protected":false},"featured_media":3506,"comment_status":"open","ping_status":"closed","template":"","meta":{"_uag_custom_page_level_css":"","_lmt_disableupdate":"no","_lmt_disable":"","site-sidebar-layout":"default","site-content-layout":"content-boxed-container","ast-site-content-layout":"normal-width-container","site-content-style":"boxed","site-sidebar-style":"unboxed","ast-global-header-display":"","ast-banner-title-visibility":"","ast-main-header-display":"","ast-hfb-above-header-display":"","ast-hfb-below-header-display":"","ast-hfb-mobile-header-display":"","site-post-title":"","ast-breadcrumbs-content":"","ast-featured-img":"","footer-sml-layout":"","theme-transparent-header-meta":"default","adv-header-id-meta":"","stick-header-meta":"","header-above-stick-meta":"","header-main-stick-meta":"","header-below-stick-meta":"","astra-migrate-meta-layouts":"set","_joinchat":[]},"product_cat":[188,153,345,155,33,59,100,34,158,157,154,152,58,84,156,63,32],"product_tag":[189,217,36,37,41,40],"class_list":["post-3512","product","type-product","status-publish","has-post-thumbnail","hentry","product_cat-32000-puffs-disposable-vape","product_cat-hot-disposable-vapes","product_cat-bang-vapes","product_cat-belgium-hot-disposable-vapes","product_cat-france-vape-hot-sale","product_cat-germany-hot-disposable-vape","product_cat-germany-wholesale-vape-shop","product_cat-netherlands-vape-good-sale","product_cat-norway-hot-disposable-vapes","product_cat-poland-hot-disposable-vapes","product_cat-portugal-hot-disposable-vapes","product_cat-spain-hot-disposable-vapes","product_cat-sweden-hot-disposable-vape","product_cat-sweden-wholesale-vape","product_cat-switzerland-hot-disposable-vapes","product_cat-top-sale-disposable-vape","product_cat-vape-hot-sale-this-week","product_tag-32000-puffs","product_tag-bang-leader-32000-puffs","product_tag-good-vape","product_tag-hot-sale-disposable-vape","product_tag-poland-hot-vape","product_tag-sweden-hot-vape","pa_brand-bang-vape","desktop-align-left","tablet-align-left","mobile-align-left"],"yoast_head":"<!-- This site is optimized with the Yoast SEO plugin v21.1 - https:\/\/yoast.com\/wordpress\/plugins\/seo\/ -->\n<title>Wholesale Bang Leader 32000 Puffs Disposable Vape Type-C Charging - vapebulkp.com<\/title>\n<meta name=\"description\" content=\"Wholesale Bang Leader 32000 Puffs Disposable Vape at Vapebulkp.com. Featuring a dual-pod system, 32,000 puffs, 13,300mAh battery, and Type-C charging, this high-performance vape offers rich flavor and long-lasting satisfaction.\" \/>\n<meta name=\"robots\" content=\"index, follow, max-snippet:-1, max-image-preview:large, max-video-preview:-1\" \/>\n<link rel=\"canonical\" href=\"https:\/\/vapebulkp.com\/sl\/product\/wholesale-bang-leader-32000-puffs-disposable-vape-type-c-charging\/\" \/>\n<meta property=\"og:locale\" content=\"sl_SI\" \/>\n<meta property=\"og:type\" content=\"article\" \/>\n<meta property=\"og:title\" content=\"Wholesale Bang Leader 32000 Puffs Disposable Vape Type-C Charging - vapebulkp.com\" \/>\n<meta property=\"og:description\" content=\"Wholesale Bang Leader 32000 Puffs Disposable Vape at Vapebulkp.com. Featuring a dual-pod system, 32,000 puffs, 13,300mAh battery, and Type-C charging, this high-performance vape offers rich flavor and long-lasting satisfaction.\" \/>\n<meta property=\"og:url\" content=\"https:\/\/vapebulkp.com\/sl\/product\/wholesale-bang-leader-32000-puffs-disposable-vape-type-c-charging\/\" \/>\n<meta property=\"og:site_name\" content=\"vapebulkp.com\" \/>\n<meta property=\"article:modified_time\" content=\"2025-09-17T08:33:06+00:00\" \/>\n<meta property=\"og:image\" content=\"http:\/\/vapebulkp.com\/wp-content\/uploads\/2025\/02\/32000-Puffs-Bang-Leader-Dual-Pods-Disposable-Vape-for-Wholesale-Buyers.webp\" \/>\n\t<meta property=\"og:image:width\" content=\"800\" \/>\n\t<meta property=\"og:image:height\" content=\"800\" \/>\n\t<meta property=\"og:image:type\" content=\"image\/webp\" \/>\n<meta name=\"twitter:card\" content=\"summary_large_image\" \/>\n<meta name=\"twitter:label1\" content=\"Est. reading time\" \/>\n\t<meta name=\"twitter:data1\" content=\"3 minute\" \/>\n<script type=\"application\/ld+json\" class=\"yoast-schema-graph\">{\"@context\":\"https:\/\/schema.org\",\"@graph\":[{\"@type\":\"WebPage\",\"@id\":\"https:\/\/vapebulkp.com\/product\/wholesale-bang-leader-32000-puffs-disposable-vape-type-c-charging\/\",\"url\":\"https:\/\/vapebulkp.com\/product\/wholesale-bang-leader-32000-puffs-disposable-vape-type-c-charging\/\",\"name\":\"Wholesale Bang Leader 32000 Puffs Disposable Vape Type-C Charging - vapebulkp.com\",\"isPartOf\":{\"@id\":\"https:\/\/vapebulkp.com\/#website\"},\"datePublished\":\"2025-02-26T07:05:07+00:00\",\"dateModified\":\"2025-09-17T08:33:06+00:00\",\"description\":\"Wholesale Bang Leader 32000 Puffs Disposable Vape at Vapebulkp.com. Featuring a dual-pod system, 32,000 puffs, 13,300mAh battery, and Type-C charging, this high-performance vape offers rich flavor and long-lasting satisfaction.\",\"breadcrumb\":{\"@id\":\"https:\/\/vapebulkp.com\/product\/wholesale-bang-leader-32000-puffs-disposable-vape-type-c-charging\/#breadcrumb\"},\"inLanguage\":\"sl-SI\",\"potentialAction\":[{\"@type\":\"ReadAction\",\"target\":[\"https:\/\/vapebulkp.com\/product\/wholesale-bang-leader-32000-puffs-disposable-vape-type-c-charging\/\"]}]},{\"@type\":\"BreadcrumbList\",\"@id\":\"https:\/\/vapebulkp.com\/product\/wholesale-bang-leader-32000-puffs-disposable-vape-type-c-charging\/#breadcrumb\",\"itemListElement\":[{\"@type\":\"ListItem\",\"position\":1,\"name\":\"Home\",\"item\":\"https:\/\/vapebulkp.com\/\"},{\"@type\":\"ListItem\",\"position\":2,\"name\":\"Hot Trend Vapes\",\"item\":\"https:\/\/vapebulkp.com\/vape-shop\/\"},{\"@type\":\"ListItem\",\"position\":3,\"name\":\"Wholesale Bang Leader 32000 Puffs Disposable Vape Type-C Charging\"}]},{\"@type\":\"WebSite\",\"@id\":\"https:\/\/vapebulkp.com\/#website\",\"url\":\"https:\/\/vapebulkp.com\/\",\"name\":\"vapebulkp.com\",\"description\":\"Buy Vape In Cheap Bulk Price Near you\",\"publisher\":{\"@id\":\"https:\/\/vapebulkp.com\/#organization\"},\"potentialAction\":[{\"@type\":\"SearchAction\",\"target\":{\"@type\":\"EntryPoint\",\"urlTemplate\":\"https:\/\/vapebulkp.com\/?s={search_term_string}\"},\"query-input\":\"required name=search_term_string\"}],\"inLanguage\":\"sl-SI\"},{\"@type\":\"Organization\",\"@id\":\"https:\/\/vapebulkp.com\/#organization\",\"name\":\"vapebulkp.com\",\"url\":\"https:\/\/vapebulkp.com\/\",\"logo\":{\"@type\":\"ImageObject\",\"inLanguage\":\"sl-SI\",\"@id\":\"https:\/\/vapebulkp.com\/#\/schema\/logo\/image\/\",\"url\":\"https:\/\/vapebulkp.com\/wp-content\/uploads\/2023\/09\/cropped-vapebulkp.png\",\"contentUrl\":\"https:\/\/vapebulkp.com\/wp-content\/uploads\/2023\/09\/cropped-vapebulkp.png\",\"width\":516,\"height\":163,\"caption\":\"vapebulkp.com\"},\"image\":{\"@id\":\"https:\/\/vapebulkp.com\/#\/schema\/logo\/image\/\"}}]}<\/script>\n<!-- \/ Yoast SEO plugin. -->","yoast_head_json":{"title":"Wholesale Bang Leader 32000 Puffs Disposable Vape Type-C Charging - vapebulkp.com","description":"Wholesale Bang Leader 32000 Puffs Disposable Vape at Vapebulkp.com. Featuring a dual-pod system, 32,000 puffs, 13,300mAh battery, and Type-C charging, this high-performance vape offers rich flavor and long-lasting satisfaction.","robots":{"index":"index","follow":"follow","max-snippet":"max-snippet:-1","max-image-preview":"max-image-preview:large","max-video-preview":"max-video-preview:-1"},"canonical":"https:\/\/vapebulkp.com\/sl\/product\/wholesale-bang-leader-32000-puffs-disposable-vape-type-c-charging\/","og_locale":"sl_SI","og_type":"article","og_title":"Wholesale Bang Leader 32000 Puffs Disposable Vape Type-C Charging - vapebulkp.com","og_description":"Wholesale Bang Leader 32000 Puffs Disposable Vape at Vapebulkp.com. Featuring a dual-pod system, 32,000 puffs, 13,300mAh battery, and Type-C charging, this high-performance vape offers rich flavor and long-lasting satisfaction.","og_url":"https:\/\/vapebulkp.com\/sl\/product\/wholesale-bang-leader-32000-puffs-disposable-vape-type-c-charging\/","og_site_name":"vapebulkp.com","article_modified_time":"2025-09-17T08:33:06+00:00","og_image":[{"width":800,"height":800,"url":"http:\/\/vapebulkp.com\/wp-content\/uploads\/2025\/02\/32000-Puffs-Bang-Leader-Dual-Pods-Disposable-Vape-for-Wholesale-Buyers.webp","type":"image\/webp"}],"twitter_card":"summary_large_image","twitter_misc":{"Est. reading time":"3 minute"},"schema":{"@context":"https:\/\/schema.org","@graph":[{"@type":"WebPage","@id":"https:\/\/vapebulkp.com\/product\/wholesale-bang-leader-32000-puffs-disposable-vape-type-c-charging\/","url":"https:\/\/vapebulkp.com\/product\/wholesale-bang-leader-32000-puffs-disposable-vape-type-c-charging\/","name":"Wholesale Bang Leader 32000 Puffs Disposable Vape Type-C Charging - vapebulkp.com","isPartOf":{"@id":"https:\/\/vapebulkp.com\/#website"},"datePublished":"2025-02-26T07:05:07+00:00","dateModified":"2025-09-17T08:33:06+00:00","description":"Wholesale Bang Leader 32000 Puffs Disposable Vape at Vapebulkp.com. Featuring a dual-pod system, 32,000 puffs, 13,300mAh battery, and Type-C charging, this high-performance vape offers rich flavor and long-lasting satisfaction.","breadcrumb":{"@id":"https:\/\/vapebulkp.com\/product\/wholesale-bang-leader-32000-puffs-disposable-vape-type-c-charging\/#breadcrumb"},"inLanguage":"sl-SI","potentialAction":[{"@type":"ReadAction","target":["https:\/\/vapebulkp.com\/product\/wholesale-bang-leader-32000-puffs-disposable-vape-type-c-charging\/"]}]},{"@type":"BreadcrumbList","@id":"https:\/\/vapebulkp.com\/product\/wholesale-bang-leader-32000-puffs-disposable-vape-type-c-charging\/#breadcrumb","itemListElement":[{"@type":"ListItem","position":1,"name":"Home","item":"https:\/\/vapebulkp.com\/"},{"@type":"ListItem","position":2,"name":"Hot Trend Vapes","item":"https:\/\/vapebulkp.com\/vape-shop\/"},{"@type":"ListItem","position":3,"name":"Wholesale Bang Leader 32000 Puffs Disposable Vape Type-C Charging"}]},{"@type":"WebSite","@id":"https:\/\/vapebulkp.com\/#website","url":"https:\/\/vapebulkp.com\/","name":"vapebulkp.com","description":"Buy Vape In Cheap Bulk Price Near you","publisher":{"@id":"https:\/\/vapebulkp.com\/#organization"},"potentialAction":[{"@type":"SearchAction","target":{"@type":"EntryPoint","urlTemplate":"https:\/\/vapebulkp.com\/?s={search_term_string}"},"query-input":"required name=search_term_string"}],"inLanguage":"sl-SI"},{"@type":"Organization","@id":"https:\/\/vapebulkp.com\/#organization","name":"vapebulkp.com","url":"https:\/\/vapebulkp.com\/","logo":{"@type":"ImageObject","inLanguage":"sl-SI","@id":"https:\/\/vapebulkp.com\/#\/schema\/logo\/image\/","url":"https:\/\/vapebulkp.com\/wp-content\/uploads\/2023\/09\/cropped-vapebulkp.png","contentUrl":"https:\/\/vapebulkp.com\/wp-content\/uploads\/2023\/09\/cropped-vapebulkp.png","width":516,"height":163,"caption":"vapebulkp.com"},"image":{"@id":"https:\/\/vapebulkp.com\/#\/schema\/logo\/image\/"}}]}},"uagb_featured_image_src":{"full":["https:\/\/vapebulkp.com\/wp-content\/uploads\/2025\/02\/32000-Puffs-Bang-Leader-Dual-Pods-Disposable-Vape-for-Wholesale-Buyers.webp",800,800,false],"thumbnail":["https:\/\/vapebulkp.com\/wp-content\/uploads\/2025\/02\/32000-Puffs-Bang-Leader-Dual-Pods-Disposable-Vape-for-Wholesale-Buyers-150x150.webp",150,150,true],"medium":["https:\/\/vapebulkp.com\/wp-content\/uploads\/2025\/02\/32000-Puffs-Bang-Leader-Dual-Pods-Disposable-Vape-for-Wholesale-Buyers-300x300.webp",300,300,true],"medium_large":["https:\/\/vapebulkp.com\/wp-content\/uploads\/2025\/02\/32000-Puffs-Bang-Leader-Dual-Pods-Disposable-Vape-for-Wholesale-Buyers-768x768.webp",768,768,true],"large":["https:\/\/vapebulkp.com\/wp-content\/uploads\/2025\/02\/32000-Puffs-Bang-Leader-Dual-Pods-Disposable-Vape-for-Wholesale-Buyers.webp",800,800,false],"1536x1536":["https:\/\/vapebulkp.com\/wp-content\/uploads\/2025\/02\/32000-Puffs-Bang-Leader-Dual-Pods-Disposable-Vape-for-Wholesale-Buyers.webp",800,800,false],"2048x2048":["https:\/\/vapebulkp.com\/wp-content\/uploads\/2025\/02\/32000-Puffs-Bang-Leader-Dual-Pods-Disposable-Vape-for-Wholesale-Buyers.webp",800,800,false],"trp-custom-language-flag":["https:\/\/vapebulkp.com\/wp-content\/uploads\/2025\/02\/32000-Puffs-Bang-Leader-Dual-Pods-Disposable-Vape-for-Wholesale-Buyers.webp",12,12,false],"woocommerce_thumbnail":["https:\/\/vapebulkp.com\/wp-content\/uploads\/2025\/02\/32000-Puffs-Bang-Leader-Dual-Pods-Disposable-Vape-for-Wholesale-Buyers-300x300.webp",300,300,true],"woocommerce_single":["https:\/\/vapebulkp.com\/wp-content\/uploads\/2025\/02\/32000-Puffs-Bang-Leader-Dual-Pods-Disposable-Vape-for-Wholesale-Buyers-600x600.webp",600,600,true],"woocommerce_gallery_thumbnail":["https:\/\/vapebulkp.com\/wp-content\/uploads\/2025\/02\/32000-Puffs-Bang-Leader-Dual-Pods-Disposable-Vape-for-Wholesale-Buyers-100x100.webp",100,100,true],"wcpr-photo-reviews":["https:\/\/vapebulkp.com\/wp-content\/uploads\/2025\/02\/32000-Puffs-Bang-Leader-Dual-Pods-Disposable-Vape-for-Wholesale-Buyers.webp",500,500,false]},"uagb_author_info":{"display_name":"Mandy vape bulk price","author_link":"https:\/\/vapebulkp.com\/sl\/author\/"},"uagb_comment_info":0,"uagb_excerpt":"Bang Leader 32000 Puffs Disposable Vape \u2013 Dual-Flavor\u00a0 with 32,000 Puffs and Type-C Charging Bang Leader 32000 Puffs Disposable Vape \u2013 Long-Lasting E-Cigarette with Dual Pods and 13,300mAh Battery Bang Leader 32000 Puffs Vape \u2013 Premium Disposable E-Cigarette with Mesh Coil and Dual-Flavor Options Pls Contact Mandy's WhatsApp For Discount Price+8618077105796 NOTE: Prices on our&hellip;","_links":{"self":[{"href":"https:\/\/vapebulkp.com\/sl\/wp-json\/wp\/v2\/product\/3512","targetHints":{"allow":["GET"]}}],"collection":[{"href":"https:\/\/vapebulkp.com\/sl\/wp-json\/wp\/v2\/product"}],"about":[{"href":"https:\/\/vapebulkp.com\/sl\/wp-json\/wp\/v2\/types\/product"}],"replies":[{"embeddable":true,"href":"https:\/\/vapebulkp.com\/sl\/wp-json\/wp\/v2\/comments?post=3512"}],"wp:featuredmedia":[{"embeddable":true,"href":"https:\/\/vapebulkp.com\/sl\/wp-json\/wp\/v2\/media\/3506"}],"wp:attachment":[{"href":"https:\/\/vapebulkp.com\/sl\/wp-json\/wp\/v2\/media?parent=3512"}],"wp:term":[{"taxonomy":"product_cat","embeddable":true,"href":"https:\/\/vapebulkp.com\/sl\/wp-json\/wp\/v2\/product_cat?post=3512"},{"taxonomy":"product_tag","embeddable":true,"href":"https:\/\/vapebulkp.com\/sl\/wp-json\/wp\/v2\/product_tag?post=3512"}],"curies":[{"name":"wp","href":"https:\/\/api.w.org\/{rel}","templated":true}]}}