{"id":3559,"date":"2025-03-13T09:26:19","date_gmt":"2025-03-13T08:26:19","guid":{"rendered":"https:\/\/vapebulkp.com\/?post_type=product&#038;p=3559"},"modified":"2025-09-17T10:31:39","modified_gmt":"2025-09-17T08:31:39","slug":"bang-leader-50000-puffs-double-flavors-disposable-vape-pen","status":"publish","type":"product","link":"https:\/\/vapebulkp.com\/sl\/product\/bang-leader-50000-puffs-double-flavors-disposable-vape-pen\/","title":{"rendered":"Bang Leader 50000 Puffs Za enkratno uporabo Vape Pen z dvojnimi okusi"},"content":{"rendered":"<h2 style=\"text-align: left\">Bang Leader 50000 Puffs Za enkratno uporabo Vape Pen z dvojnimi okusi<\/h2>\n<p data-start=\"123\" data-end=\"483\">The <strong data-start=\"4\" data-end=\"66\">Bang Leader 50000 Puffs Za enkratno uporabo Vape Pen z dvojnimi okusi<\/strong> je zasnovan za vaperje, ki i\u0161\u010dejo podalj\u0161ano uporabo in vrhunsko izku\u0161njo okusa. Z <strong data-start=\"157\" data-end=\"189\">masivno kapaciteto 50.000 vpihov<\/strong>, ta naprava zagotavlja dolgotrajno delovanje brez pogostih zamenjav. Z <strong data-start=\"274\" data-end=\"312\">36ML prednapolnjeno rezervoarjem za e-teko\u010dino<\/strong>, uporabniki u\u017eivajo v dosledni proizvodnji pare in bogatem okusu.<\/p>\n<p data-start=\"123\" data-end=\"483\">The <strong data-start=\"374\" data-end=\"402\">tehnologija dvojnega okusa<\/strong> omogo\u010da nemoteno preklapljanje med dvema razli\u010dnima okusoma v eni napravi, kar ponuja vsestransko izku\u0161njo vapinga. Opremljen z <strong data-start=\"530\" data-end=\"552\">napredno mre\u017easto tuljavo<\/strong>, izbolj\u0161uje proizvodnjo pare in absorpcijo nikotina za gladek udarec v grlo. Mo\u017enosti <strong data-start=\"632\" data-end=\"679\">nikotinskih soli 2% in 5%<\/strong> ustrezajo razli\u010dnim \u017eeljam uporabnikov. Zmogljiva <strong data-start=\"728\" data-end=\"785\">850mAh polnilna baterija s hitrim polnjenjem Type-C<\/strong> zagotavlja podalj\u0161ane seje vapinga. Zasnovan za udobje, je <strong data-start=\"855\" data-end=\"901\">prenosljiv, neprepusten in ne potrebuje vzdr\u017eevanja<\/strong>, kar ga naredi odli\u010dno izbiro za vaperje na poti. Na voljo v <strong data-start=\"968\" data-end=\"989\">12 edinstvenih okusih<\/strong>, <strong data-start=\"995\" data-end=\"1031\">Vodja Bang <a href=\"https:\/\/vapebulkp.com\/sl\/product-category\/50000-puffs-disposable-vape\/\">Pribli\u017eno 50000 vdihov za enkratno uporabo<\/a> Pero<\/strong> zagotavlja vrhunsko izku\u0161njo vapinga z visoko kakovostjo delovanja.<\/p>\n<h6>Za popust se obrnite na Mandyin WhatsApp<a href=\"https:\/\/wa.me\/8618077105796\">+8618077105796<\/a><\/h6>\n<p><img decoding=\"async\" class=\"alignnone wp-image-2151\" src=\"http:\/\/vapebulkp.com\/wp-content\/uploads\/2024\/04\/Mandy-WhatsApp-Randm.jpg\" alt=\"Mandy WhatsApp Randm\" width=\"324\" height=\"330\" \/><\/p>\n<div class=\"flex max-w-full flex-col flex-grow\">\n<div class=\"min-h-8 text-message flex w-full flex-col items-end gap-2 whitespace-normal break-words text-start [.text-message+&amp;]:mt-5\" dir=\"auto\" data-message-author-role=\"assistant\" data-message-id=\"d24cf626-c018-4805-80f5-44de047f2ba0\" data-message-model-slug=\"gpt-4o\">\n<div class=\"flex w-full flex-col gap-1 empty:hidden first:pt-[3px]\">\n<div class=\"markdown prose w-full break-words dark:prose-invert light\">\n<h2>Zakaj izbrati <strong>\u00a0<\/strong>Bang Vape Leader 50000 vdihov pri <a href=\"https:\/\/vapebulkp.com\/sl\/vape-shop\/\">Vapebulkp.com<\/a>?<\/h2>\n<ul>\n<li data-start=\"68\" data-end=\"205\">\n<p data-start=\"71\" data-end=\"205\"><strong data-start=\"71\" data-end=\"103\">Masivna kapaciteta 50.000 vdihov<\/strong> \u2013 U\u017eivajte v ultra-dolgoro\u010dnem vapingu brez pogostih zamenjav, kar ga naredi stro\u0161kovno u\u010dinkovito izbiro.<\/p>\n<\/li>\n<li data-start=\"207\" data-end=\"310\">\n<p data-start=\"210\" data-end=\"310\"><strong data-start=\"210\" data-end=\"232\">Sistem dvojnega okusa<\/strong> \u2013 Preklapljajte med dvema okusoma v eni napravi za dinami\u010dno izku\u0161njo vapinga.<\/p>\n<\/li>\n<li data-start=\"312\" data-end=\"448\">\n<p data-start=\"315\" data-end=\"448\"><strong data-start=\"315\" data-end=\"341\">Velika kapaciteta e-teko\u010dine<\/strong> \u2013 Predhodno napolnjeno z <strong data-start=\"360\" data-end=\"388\">36 ml vrhunske e-teko\u010dine<\/strong>, kar zagotavlja dosledno proizvodnjo pare in intenziven okus.<\/p>\n<\/li>\n<li data-start=\"450\" data-end=\"565\">\n<p data-start=\"453\" data-end=\"565\"><strong data-start=\"453\" data-end=\"486\">Napredna tehnologija mre\u017easte tuljave<\/strong> \u2013 Zagotavlja gladke vdihe, izbolj\u0161an okus in optimizirano absorpcijo nikotina.<\/p>\n<\/li>\n<li data-start=\"567\" data-end=\"689\">\n<p data-start=\"570\" data-end=\"689\"><strong data-start=\"570\" data-end=\"599\">Ve\u010d mo\u017enosti nikotina<\/strong> \u2013 Na voljo v <strong data-start=\"615\" data-end=\"651\">0%, 2%, 3% in 5% nikotinskih soli<\/strong>, ki ustrezajo razli\u010dnim \u017eeljam.<\/p>\n<\/li>\n<li data-start=\"691\" data-end=\"814\">\n<p data-start=\"694\" data-end=\"814\"><strong data-start=\"694\" data-end=\"725\">Polnilna baterija 850 mAh<\/strong> \u2013 Opremljen z <strong data-start=\"742\" data-end=\"766\">s hitrim polnjenjem Type-C<\/strong>, kar zagotavlja podalj\u0161ano uporabo brez prekinitev.<\/p>\n<\/li>\n<li data-start=\"934\" data-end=\"1047\">\n<p data-start=\"937\" data-end=\"1047\"><strong data-start=\"937\" data-end=\"969\">Neprepustna<\/strong> \u2013 Zasnovan za priro\u010dnost, kar ga naredi idealno mo\u017enost za vaping na poti.<\/p>\n<\/li>\n<li data-start=\"1049\" data-end=\"1184\">\n<p data-start=\"1052\" data-end=\"1184\"><strong data-start=\"1052\" data-end=\"1087\">Najbolj\u0161e cene<\/strong> \u2013 Vapebulkp.com ponuja konkuren\u010dne cene, ekskluzivne ponudbe in nakup v razsutem stanju za trgovce na drobno.<\/p>\n<\/li>\n<li data-start=\"1186\" data-end=\"1334\">\n<p data-start=\"1190\" data-end=\"1334\"><strong data-start=\"1190\" data-end=\"1210\">Zaupanja vreden dobavitelj<\/strong> \u2013 Vapebulkp.com je zanesljiva platforma, specializirana za vrhunske jednokratne vape, ki zagotavlja pristnost in hitro po\u0161iljanje.<\/p>\n<\/li>\n<\/ul>\n<\/div>\n<\/div>\n<\/div>\n<\/div>\n<h2><strong>\u00a0<\/strong>Klju\u010dne specifikacije vape podov Bang Leader 50k Puffs:<\/h2>\n<ul>\n<li data-start=\"0\" data-end=\"63\"><strong data-start=\"2\" data-end=\"32\" data-is-only-node=\"\">Mo\u017enosti jakosti nikotina:<\/strong> 0%, 2%, 3%, 5% Solna nikotinska teko\u010dina<\/li>\n<li data-start=\"64\" data-end=\"95\"><strong data-start=\"66\" data-end=\"88\" data-is-only-node=\"\">Kapaciteta e-teko\u010dine:<\/strong> 36ML<\/li>\n<li data-start=\"96\" data-end=\"144\"><strong data-start=\"98\" data-end=\"112\" data-is-only-node=\"\">Vrsta Grela:<\/strong> Napredna tehnologija mre\u017easte tuljave<\/li>\n<li data-start=\"145\" data-end=\"198\"><strong data-start=\"147\" data-end=\"168\" data-is-only-node=\"\">Izbira okusa:<\/strong> Na voljo 12 edinstvenih okusov<\/li>\n<li data-start=\"199\" data-end=\"259\" data-is-last-node=\"\"><strong data-start=\"201\" data-end=\"222\" data-is-only-node=\"\">Kapaciteta baterije:<\/strong> Vgrajena polnilna baterija 850mAh<\/li>\n<\/ul>\n<h2><strong>\u00a0Seznam okusov Bang Leader 50000 vdihov<\/strong><\/h2>\n<p>1. JAGODA MALINA \u010cRNI LED\/ \u010cRNI\u010c,<br \/>\n2. LUBENICA JAGODA\/LUBENICA<br \/>\n3. \u010cRNO GROZDJE\/ZELENO GROZDJE<br \/>\n4. JABOLKO Hru\u0161ka\/KIVI PASIJONKA GVAJVA<br \/>\n5. KISEL ANANAS LIMONADA\/LIMONA LIMETA<br \/>\n6. BANANA LED\/MANGO<br \/>\n7. BOROVNICA KISELA MALINA\/BOROVNICA<br \/>\n8. \u010cRNI\u010c COLA\/ROZA LIMONADA<br \/>\n9. BOROVNICA MALINA LIMONADA\/JAGODA MALINA \u010cRNI LED<br \/>\n10. JAGODA KIVI\/JAGODA LED<br \/>\n11. ANANAS PASIJONKA \/ANANAS LED<br \/>\n12. MALINA MOJITO\/ \u010cRNI\u010c MALINA LIMETA<\/p>\n<p><a href=\"https:\/\/vapebulkp.com\/sl\/product\/aivono-curved-smart-screen-35000-puffs-disposable-vape-wholesale-price\/\"><span style=\"vertical-align: inherit\">Aivono 35000\u00a0 Vpihov <\/span><\/a><\/p>\n<p><span style=\"vertical-align: inherit\">Poi\u0161\u010dite ve\u010d izdelkov, ki bi vam bili morda v\u0161e\u010d:<\/span><em><a href=\"https:\/\/wa.me\/8618077105796\"><span style=\"vertical-align: inherit\">\u00a0Kupite zdaj<\/span><\/a><\/em><\/p>\n<p><span style=\"vertical-align: inherit\">Drugi 'puffs', ki bi vam bili morda v\u0161e\u010d:<\/span><a href=\"https:\/\/vapebulkp.com\/sl\/product\/wholesale-price-bang-kingdoms-rex-32000-puffs-vape-pod\/\"><span style=\"vertical-align: inherit\">Bang Kingdoms\u00a0 32000Vpihov<\/span><\/a><span style=\"vertical-align: inherit\">\u3001<\/span><a href=\"https:\/\/vapebulkp.com\/sl\/product\/bood-pulse-pro-25k-50k-disposable-vape-bar-5000-puffs-nicotine-free\/\"><span style=\"vertical-align: inherit\">Bood pulse pro 50000 vpihov<\/span><\/a><span style=\"vertical-align: inherit\">\/ <\/span><a href=\"https:\/\/vapebulkp.com\/sl\/product\/vapsolo-best-quality-viking-12k-puffs-disposable-vapes\/\"><span style=\"vertical-align: inherit\">Vapsolo viking 12000 Pih<\/span><\/a><span style=\"vertical-align: inherit\">\/ <\/span><a href=\"https:\/\/vapebulkp.com\/sl\/product\/waspe-vape-40000-puff-fihp-double-flavour-disposable-vape\/\"><span style=\"vertical-align: inherit\">WASPE 40000 Pih<\/span><\/a><\/p>\n<p><span style=\"vertical-align: inherit\">E-cigareta posebne oblike steklenice:<\/span><a href=\"https:\/\/vapebulkp.com\/sl\/product\/vapsolo-feed-bar-shisha-vape-15000-puffs-wholesale-price\/\"><span style=\"vertical-align: inherit\"> Vapsolo nargila 15000 vpihov<\/span><\/a><span style=\"vertical-align: inherit\">\/ <\/span><a href=\"https:\/\/vapebulkp.com\/sl\/product\/vopk-ultra-30000-puffs-rgb-light-mesh-coil-rechargeable-vape-wholesale-price\/\"><span style=\"vertical-align: inherit\">\u00a0VOPK ULTRA 30000 vpihov <\/span><\/a><span style=\"vertical-align: inherit\">\/<\/span><a href=\"https:\/\/vapebulkp.com\/sl\/product\/bang-box-35000-puffs-touch-switch-digital-screen-rechargeable-vape\/\"><span style=\"vertical-align: inherit\"> Bang Box 35000 Vpihov<\/span><\/a><\/p>\n<h3>Podrobnosti dostave:<\/h3>\n<p><span style=\"color: #ff6600\">\u010cas proizvodnje: 5\u201310 delovnih dni<\/span><br \/>\n<span style=\"color: #ff6600\">\u010cas dostave: 8\u201314 delovnih dni<\/span><\/p>\n<p>Vsi izdelki v na\u0161i trgovini so 100% originalni in avtenti\u010dni, zato je na\u0161a politika desetkratno nadomestilo za ponarejeno blago. Za dostavo blaga vam uporabljamo logisti\u010dne kanale, kot so UPS\/DHL\/FEDEX\/DPD.<\/p>\n<p>Za pakete, poslane v Slovenijo, obi\u010dajno traja 10 delovnih dni. Po\u0161iljanje v evropske dr\u017eave obi\u010dajno traja 12 do 15 delovnih dni. Logisti\u010dne informacije vam bomo sproti posodabljali.<\/p>","protected":false},"excerpt":{"rendered":"<ul>\n<li data-start=\"0\" data-end=\"91\">\n<p data-start=\"3\" data-end=\"91\"><strong data-start=\"3\" data-end=\"89\" data-is-only-node=\"\">Veleprodaja Bang Leader 50000 Puffs Velike Kapacitete Za enkratno uporabo Vape Premium Razsuti Posel<\/strong><\/p>\n<\/li>\n<li data-start=\"93\" data-end=\"180\">\n<p data-start=\"96\" data-end=\"180\"><strong data-start=\"96\" data-end=\"178\" data-is-only-node=\"\">Bang Leader 50000 Puffs Ultra Mo\u010d Nikotina Vape Napreden Sistem Mre\u017easte Tuljave<\/strong><\/p>\n<\/li>\n<li data-start=\"182\" data-end=\"270\" data-is-last-node=\"\">\n<p data-start=\"185\" data-end=\"270\" data-is-last-node=\"\"><strong data-start=\"185\" data-end=\"270\" data-is-last-node=\"\" data-is-only-node=\"\">Bang Leader 50K Puffs Luksuzni Vape Za enkratno uporabo Najsodobnej\u0161i Sistem Polnilnih Podov<\/strong><\/p>\n<\/li>\n<\/ul>\n<p>Za popust se obrnite na Mandyin WhatsApp<a href=\"https:\/\/wa.me\/8618077105796\">+8618077105796<\/a><\/p>\n<p><img decoding=\"async\" class=\"alignnone wp-image-2151\" src=\"http:\/\/vapebulkp.com\/wp-content\/uploads\/2024\/04\/Mandy-WhatsApp-Randm.jpg\" alt=\"Mandy WhatsApp Randm\" width=\"297\" height=\"316\" srcset=\"https:\/\/vapebulkp.com\/wp-content\/uploads\/2024\/04\/Mandy-WhatsApp-Randm.jpg 916w, https:\/\/vapebulkp.com\/wp-content\/uploads\/2024\/04\/Mandy-WhatsApp-Randm-282x300.jpg 282w, https:\/\/vapebulkp.com\/wp-content\/uploads\/2024\/04\/Mandy-WhatsApp-Randm-768x817.jpg 768w, https:\/\/vapebulkp.com\/wp-content\/uploads\/2024\/04\/Mandy-WhatsApp-Randm-600x638.jpg 600w\" sizes=\"(max-width: 297px) 100vw, 297px\" \/><\/p>\n<p><span style=\"color: #ff0000\">OPOMBA: Cene na na\u0161i spletni strani ne vklju\u010dujejo stro\u0161kov po\u0161iljanja.<\/span><\/p>\n<p>&nbsp;<\/p>","protected":false},"featured_media":3552,"comment_status":"open","ping_status":"closed","template":"","meta":{"_uag_custom_page_level_css":"","_lmt_disableupdate":"no","_lmt_disable":"","site-sidebar-layout":"default","site-content-layout":"content-boxed-container","ast-site-content-layout":"normal-width-container","site-content-style":"boxed","site-sidebar-style":"unboxed","ast-global-header-display":"","ast-banner-title-visibility":"","ast-main-header-display":"","ast-hfb-above-header-display":"","ast-hfb-below-header-display":"","ast-hfb-mobile-header-display":"","site-post-title":"","ast-breadcrumbs-content":"","ast-featured-img":"","footer-sml-layout":"","theme-transparent-header-meta":"default","adv-header-id-meta":"","stick-header-meta":"","header-above-stick-meta":"","header-main-stick-meta":"","header-below-stick-meta":"","astra-migrate-meta-layouts":"set","_joinchat":[]},"product_cat":[194,153,345,155,33,59,100,87,34,158,157,154,152,58,84,156,63,32],"product_tag":[224,36,37,41,40],"class_list":["post-3559","product","type-product","status-publish","has-post-thumbnail","hentry","product_cat-50000-puffs-disposable-vape","product_cat-hot-disposable-vapes","product_cat-bang-vapes","product_cat-belgium-hot-disposable-vapes","product_cat-france-vape-hot-sale","product_cat-germany-hot-disposable-vape","product_cat-germany-wholesale-vape-shop","product_cat-minimum-order-quantity-50pcs","product_cat-netherlands-vape-good-sale","product_cat-norway-hot-disposable-vapes","product_cat-poland-hot-disposable-vapes","product_cat-portugal-hot-disposable-vapes","product_cat-spain-hot-disposable-vapes","product_cat-sweden-hot-disposable-vape","product_cat-sweden-wholesale-vape","product_cat-switzerland-hot-disposable-vapes","product_cat-top-sale-disposable-vape","product_cat-vape-hot-sale-this-week","product_tag-bang-leader-50000-puffs","product_tag-good-vape","product_tag-hot-sale-disposable-vape","product_tag-poland-hot-vape","product_tag-sweden-hot-vape","pa_brand-bang-vape","desktop-align-left","tablet-align-left","mobile-align-left"],"yoast_head":"<!-- This site is optimized with the Yoast SEO plugin v21.1 - https:\/\/yoast.com\/wordpress\/plugins\/seo\/ -->\n<title>Bang Leader 50000 Puffs Double Flavors Disposable Vape Pen - vapebulkp.com<\/title>\n<meta name=\"description\" content=\"Bang Leader 50000 Puffs Disposable Vape Pen, Double Flavors, 50K Puffs, Rechargeable, 2%\/5% Nicotine, Type-C, Long-lasting, Smooth Draw, Wholesale Price.\" \/>\n<meta name=\"robots\" content=\"index, follow, max-snippet:-1, max-image-preview:large, max-video-preview:-1\" \/>\n<link rel=\"canonical\" href=\"https:\/\/vapebulkp.com\/sl\/product\/bang-leader-50000-puffs-double-flavors-disposable-vape-pen\/\" \/>\n<meta property=\"og:locale\" content=\"sl_SI\" \/>\n<meta property=\"og:type\" content=\"article\" \/>\n<meta property=\"og:title\" content=\"Bang Leader 50000 Puffs Double Flavors Disposable Vape Pen - vapebulkp.com\" \/>\n<meta property=\"og:description\" content=\"Bang Leader 50000 Puffs Disposable Vape Pen, Double Flavors, 50K Puffs, Rechargeable, 2%\/5% Nicotine, Type-C, Long-lasting, Smooth Draw, Wholesale Price.\" \/>\n<meta property=\"og:url\" content=\"https:\/\/vapebulkp.com\/sl\/product\/bang-leader-50000-puffs-double-flavors-disposable-vape-pen\/\" \/>\n<meta property=\"og:site_name\" content=\"vapebulkp.com\" \/>\n<meta property=\"article:modified_time\" content=\"2025-09-17T08:31:39+00:00\" \/>\n<meta property=\"og:image\" content=\"http:\/\/vapebulkp.com\/wp-content\/uploads\/2025\/03\/Bang-Leader-50K-Puffs-Mega-Puff-Count-Disposable-Pod-Kit-With-Bold-Flavor-Selection.webp\" \/>\n\t<meta property=\"og:image:width\" content=\"800\" \/>\n\t<meta property=\"og:image:height\" content=\"800\" \/>\n\t<meta property=\"og:image:type\" content=\"image\/webp\" \/>\n<meta name=\"twitter:card\" content=\"summary_large_image\" \/>\n<meta name=\"twitter:label1\" content=\"Est. reading time\" \/>\n\t<meta name=\"twitter:data1\" content=\"3 minute\" \/>\n<script type=\"application\/ld+json\" class=\"yoast-schema-graph\">{\"@context\":\"https:\/\/schema.org\",\"@graph\":[{\"@type\":\"WebPage\",\"@id\":\"https:\/\/vapebulkp.com\/product\/bang-leader-50000-puffs-double-flavors-disposable-vape-pen\/\",\"url\":\"https:\/\/vapebulkp.com\/product\/bang-leader-50000-puffs-double-flavors-disposable-vape-pen\/\",\"name\":\"Bang Leader 50000 Puffs Double Flavors Disposable Vape Pen - vapebulkp.com\",\"isPartOf\":{\"@id\":\"https:\/\/vapebulkp.com\/#website\"},\"datePublished\":\"2025-03-13T08:26:19+00:00\",\"dateModified\":\"2025-09-17T08:31:39+00:00\",\"description\":\"Bang Leader 50000 Puffs Disposable Vape Pen, Double Flavors, 50K Puffs, Rechargeable, 2%\/5% Nicotine, Type-C, Long-lasting, Smooth Draw, Wholesale Price.\",\"breadcrumb\":{\"@id\":\"https:\/\/vapebulkp.com\/product\/bang-leader-50000-puffs-double-flavors-disposable-vape-pen\/#breadcrumb\"},\"inLanguage\":\"sl-SI\",\"potentialAction\":[{\"@type\":\"ReadAction\",\"target\":[\"https:\/\/vapebulkp.com\/product\/bang-leader-50000-puffs-double-flavors-disposable-vape-pen\/\"]}]},{\"@type\":\"BreadcrumbList\",\"@id\":\"https:\/\/vapebulkp.com\/product\/bang-leader-50000-puffs-double-flavors-disposable-vape-pen\/#breadcrumb\",\"itemListElement\":[{\"@type\":\"ListItem\",\"position\":1,\"name\":\"Home\",\"item\":\"https:\/\/vapebulkp.com\/\"},{\"@type\":\"ListItem\",\"position\":2,\"name\":\"Hot Trend Vapes\",\"item\":\"https:\/\/vapebulkp.com\/vape-shop\/\"},{\"@type\":\"ListItem\",\"position\":3,\"name\":\"Bang Leader 50000 Puffs Double Flavors Disposable Vape Pen\"}]},{\"@type\":\"WebSite\",\"@id\":\"https:\/\/vapebulkp.com\/#website\",\"url\":\"https:\/\/vapebulkp.com\/\",\"name\":\"vapebulkp.com\",\"description\":\"Buy Vape In Cheap Bulk Price Near you\",\"publisher\":{\"@id\":\"https:\/\/vapebulkp.com\/#organization\"},\"potentialAction\":[{\"@type\":\"SearchAction\",\"target\":{\"@type\":\"EntryPoint\",\"urlTemplate\":\"https:\/\/vapebulkp.com\/?s={search_term_string}\"},\"query-input\":\"required name=search_term_string\"}],\"inLanguage\":\"sl-SI\"},{\"@type\":\"Organization\",\"@id\":\"https:\/\/vapebulkp.com\/#organization\",\"name\":\"vapebulkp.com\",\"url\":\"https:\/\/vapebulkp.com\/\",\"logo\":{\"@type\":\"ImageObject\",\"inLanguage\":\"sl-SI\",\"@id\":\"https:\/\/vapebulkp.com\/#\/schema\/logo\/image\/\",\"url\":\"https:\/\/vapebulkp.com\/wp-content\/uploads\/2023\/09\/cropped-vapebulkp.png\",\"contentUrl\":\"https:\/\/vapebulkp.com\/wp-content\/uploads\/2023\/09\/cropped-vapebulkp.png\",\"width\":516,\"height\":163,\"caption\":\"vapebulkp.com\"},\"image\":{\"@id\":\"https:\/\/vapebulkp.com\/#\/schema\/logo\/image\/\"}}]}<\/script>\n<!-- \/ Yoast SEO plugin. -->","yoast_head_json":{"title":"Bang Leader 50000 Puffs Double Flavors Disposable Vape Pen - vapebulkp.com","description":"Bang Leader 50000 Puffs Disposable Vape Pen, Double Flavors, 50K Puffs, Rechargeable, 2%\/5% Nicotine, Type-C, Long-lasting, Smooth Draw, Wholesale Price.","robots":{"index":"index","follow":"follow","max-snippet":"max-snippet:-1","max-image-preview":"max-image-preview:large","max-video-preview":"max-video-preview:-1"},"canonical":"https:\/\/vapebulkp.com\/sl\/product\/bang-leader-50000-puffs-double-flavors-disposable-vape-pen\/","og_locale":"sl_SI","og_type":"article","og_title":"Bang Leader 50000 Puffs Double Flavors Disposable Vape Pen - vapebulkp.com","og_description":"Bang Leader 50000 Puffs Disposable Vape Pen, Double Flavors, 50K Puffs, Rechargeable, 2%\/5% Nicotine, Type-C, Long-lasting, Smooth Draw, Wholesale Price.","og_url":"https:\/\/vapebulkp.com\/sl\/product\/bang-leader-50000-puffs-double-flavors-disposable-vape-pen\/","og_site_name":"vapebulkp.com","article_modified_time":"2025-09-17T08:31:39+00:00","og_image":[{"width":800,"height":800,"url":"http:\/\/vapebulkp.com\/wp-content\/uploads\/2025\/03\/Bang-Leader-50K-Puffs-Mega-Puff-Count-Disposable-Pod-Kit-With-Bold-Flavor-Selection.webp","type":"image\/webp"}],"twitter_card":"summary_large_image","twitter_misc":{"Est. reading time":"3 minute"},"schema":{"@context":"https:\/\/schema.org","@graph":[{"@type":"WebPage","@id":"https:\/\/vapebulkp.com\/product\/bang-leader-50000-puffs-double-flavors-disposable-vape-pen\/","url":"https:\/\/vapebulkp.com\/product\/bang-leader-50000-puffs-double-flavors-disposable-vape-pen\/","name":"Bang Leader 50000 Puffs Double Flavors Disposable Vape Pen - vapebulkp.com","isPartOf":{"@id":"https:\/\/vapebulkp.com\/#website"},"datePublished":"2025-03-13T08:26:19+00:00","dateModified":"2025-09-17T08:31:39+00:00","description":"Bang Leader 50000 Puffs Disposable Vape Pen, Double Flavors, 50K Puffs, Rechargeable, 2%\/5% Nicotine, Type-C, Long-lasting, Smooth Draw, Wholesale Price.","breadcrumb":{"@id":"https:\/\/vapebulkp.com\/product\/bang-leader-50000-puffs-double-flavors-disposable-vape-pen\/#breadcrumb"},"inLanguage":"sl-SI","potentialAction":[{"@type":"ReadAction","target":["https:\/\/vapebulkp.com\/product\/bang-leader-50000-puffs-double-flavors-disposable-vape-pen\/"]}]},{"@type":"BreadcrumbList","@id":"https:\/\/vapebulkp.com\/product\/bang-leader-50000-puffs-double-flavors-disposable-vape-pen\/#breadcrumb","itemListElement":[{"@type":"ListItem","position":1,"name":"Home","item":"https:\/\/vapebulkp.com\/"},{"@type":"ListItem","position":2,"name":"Hot Trend Vapes","item":"https:\/\/vapebulkp.com\/vape-shop\/"},{"@type":"ListItem","position":3,"name":"Bang Leader 50000 Puffs Double Flavors Disposable Vape Pen"}]},{"@type":"WebSite","@id":"https:\/\/vapebulkp.com\/#website","url":"https:\/\/vapebulkp.com\/","name":"vapebulkp.com","description":"Buy Vape In Cheap Bulk Price Near you","publisher":{"@id":"https:\/\/vapebulkp.com\/#organization"},"potentialAction":[{"@type":"SearchAction","target":{"@type":"EntryPoint","urlTemplate":"https:\/\/vapebulkp.com\/?s={search_term_string}"},"query-input":"required name=search_term_string"}],"inLanguage":"sl-SI"},{"@type":"Organization","@id":"https:\/\/vapebulkp.com\/#organization","name":"vapebulkp.com","url":"https:\/\/vapebulkp.com\/","logo":{"@type":"ImageObject","inLanguage":"sl-SI","@id":"https:\/\/vapebulkp.com\/#\/schema\/logo\/image\/","url":"https:\/\/vapebulkp.com\/wp-content\/uploads\/2023\/09\/cropped-vapebulkp.png","contentUrl":"https:\/\/vapebulkp.com\/wp-content\/uploads\/2023\/09\/cropped-vapebulkp.png","width":516,"height":163,"caption":"vapebulkp.com"},"image":{"@id":"https:\/\/vapebulkp.com\/#\/schema\/logo\/image\/"}}]}},"uagb_featured_image_src":{"full":["https:\/\/vapebulkp.com\/wp-content\/uploads\/2025\/03\/Bang-Leader-50K-Puffs-Mega-Puff-Count-Disposable-Pod-Kit-With-Bold-Flavor-Selection.webp",800,800,false],"thumbnail":["https:\/\/vapebulkp.com\/wp-content\/uploads\/2025\/03\/Bang-Leader-50K-Puffs-Mega-Puff-Count-Disposable-Pod-Kit-With-Bold-Flavor-Selection-150x150.webp",150,150,true],"medium":["https:\/\/vapebulkp.com\/wp-content\/uploads\/2025\/03\/Bang-Leader-50K-Puffs-Mega-Puff-Count-Disposable-Pod-Kit-With-Bold-Flavor-Selection-300x300.webp",300,300,true],"medium_large":["https:\/\/vapebulkp.com\/wp-content\/uploads\/2025\/03\/Bang-Leader-50K-Puffs-Mega-Puff-Count-Disposable-Pod-Kit-With-Bold-Flavor-Selection-768x768.webp",768,768,true],"large":["https:\/\/vapebulkp.com\/wp-content\/uploads\/2025\/03\/Bang-Leader-50K-Puffs-Mega-Puff-Count-Disposable-Pod-Kit-With-Bold-Flavor-Selection.webp",800,800,false],"1536x1536":["https:\/\/vapebulkp.com\/wp-content\/uploads\/2025\/03\/Bang-Leader-50K-Puffs-Mega-Puff-Count-Disposable-Pod-Kit-With-Bold-Flavor-Selection.webp",800,800,false],"2048x2048":["https:\/\/vapebulkp.com\/wp-content\/uploads\/2025\/03\/Bang-Leader-50K-Puffs-Mega-Puff-Count-Disposable-Pod-Kit-With-Bold-Flavor-Selection.webp",800,800,false],"trp-custom-language-flag":["https:\/\/vapebulkp.com\/wp-content\/uploads\/2025\/03\/Bang-Leader-50K-Puffs-Mega-Puff-Count-Disposable-Pod-Kit-With-Bold-Flavor-Selection.webp",12,12,false],"woocommerce_thumbnail":["https:\/\/vapebulkp.com\/wp-content\/uploads\/2025\/03\/Bang-Leader-50K-Puffs-Mega-Puff-Count-Disposable-Pod-Kit-With-Bold-Flavor-Selection-300x300.webp",300,300,true],"woocommerce_single":["https:\/\/vapebulkp.com\/wp-content\/uploads\/2025\/03\/Bang-Leader-50K-Puffs-Mega-Puff-Count-Disposable-Pod-Kit-With-Bold-Flavor-Selection-600x600.webp",600,600,true],"woocommerce_gallery_thumbnail":["https:\/\/vapebulkp.com\/wp-content\/uploads\/2025\/03\/Bang-Leader-50K-Puffs-Mega-Puff-Count-Disposable-Pod-Kit-With-Bold-Flavor-Selection-100x100.webp",100,100,true],"wcpr-photo-reviews":["https:\/\/vapebulkp.com\/wp-content\/uploads\/2025\/03\/Bang-Leader-50K-Puffs-Mega-Puff-Count-Disposable-Pod-Kit-With-Bold-Flavor-Selection.webp",500,500,false]},"uagb_author_info":{"display_name":"Mandy vape bulk price","author_link":"https:\/\/vapebulkp.com\/sl\/author\/"},"uagb_comment_info":0,"uagb_excerpt":"Wholesale Bang Leader 50000 Puffs High-Capacity Disposable Vape Premium Bulk Deals Bang Leader 50000 Puffs Ultra Nicotine Strength Vape Advanced Mesh Coil System Bang Leader 50K Puffs Luxury Disposable Vape Cutting-Edge Rechargeable Pod System Pls Contact Mandy's WhatsApp For Discount Price+8618077105796 NOTE: Prices on our website does not include shipping costs &nbsp;","_links":{"self":[{"href":"https:\/\/vapebulkp.com\/sl\/wp-json\/wp\/v2\/product\/3559","targetHints":{"allow":["GET"]}}],"collection":[{"href":"https:\/\/vapebulkp.com\/sl\/wp-json\/wp\/v2\/product"}],"about":[{"href":"https:\/\/vapebulkp.com\/sl\/wp-json\/wp\/v2\/types\/product"}],"replies":[{"embeddable":true,"href":"https:\/\/vapebulkp.com\/sl\/wp-json\/wp\/v2\/comments?post=3559"}],"wp:featuredmedia":[{"embeddable":true,"href":"https:\/\/vapebulkp.com\/sl\/wp-json\/wp\/v2\/media\/3552"}],"wp:attachment":[{"href":"https:\/\/vapebulkp.com\/sl\/wp-json\/wp\/v2\/media?parent=3559"}],"wp:term":[{"taxonomy":"product_cat","embeddable":true,"href":"https:\/\/vapebulkp.com\/sl\/wp-json\/wp\/v2\/product_cat?post=3559"},{"taxonomy":"product_tag","embeddable":true,"href":"https:\/\/vapebulkp.com\/sl\/wp-json\/wp\/v2\/product_tag?post=3559"}],"curies":[{"name":"wp","href":"https:\/\/api.w.org\/{rel}","templated":true}]}}