{"id":3622,"date":"2025-03-27T09:07:22","date_gmt":"2025-03-27T08:07:22","guid":{"rendered":"https:\/\/vapebulkp.com\/?post_type=product&#038;p=3622"},"modified":"2025-09-17T10:40:55","modified_gmt":"2025-09-17T08:40:55","slug":"elfbar-raya-d3-25000-puffs-disposable-vapes-wholesale","status":"publish","type":"product","link":"https:\/\/vapebulkp.com\/sl\/product\/elfbar-raya-d3-25000-puffs-disposable-vapes-wholesale\/","title":{"rendered":"ELFBAR Raya D3 25000 vdihov za enkratno uporabo, veleprodaja"},"content":{"rendered":"<h2>ELFBAR Raya D3 25000 vdihov za enkratno uporabo, veleprodaja<\/h2>\n<p data-start=\"153\" data-end=\"408\">The <strong data-start=\"157\" data-end=\"203\">ELFBAR Raya D3 25000 Puffs Vape za enkratno uporabo<\/strong> je vrhunski <strong data-start=\"217\" data-end=\"250\">visokozmogljiv vape za enkratno uporabo<\/strong> za slovenske vejperje in veleprodajne kupce. Z 23 ml rezervoarjem za e-teko\u010dino in <strong data-start=\"323\" data-end=\"348\">trojna mre\u017easta tuljava vape<\/strong>zagotavlja bogat okus in gosto paro z vsakim vdihom.<\/p>\n<p data-start=\"410\" data-end=\"746\">Ponuja tri nastavljive na\u010dine vdihavanja \u2014 25.000, 20.000 in 15.000 vdihov \u2014 in 850 mAh polnilno baterijo s polnjenjem Type-C, kar <strong data-start=\"546\" data-end=\"578\">za polnljiva jednokratna vape<\/strong> zagotavlja dolgotrajno delovanje. Digitalni stranski zaslon prikazuje \u0161tevilo vdihov in \u017eivljenjsko dobo baterije, medtem ko <strong data-start=\"681\" data-end=\"708\">vape z nastavljivim pretokom zraka<\/strong> omogo\u010da gladko, prilagodljivo vle\u010denje.<\/p>\n<p data-start=\"748\" data-end=\"956\">Na voljo v 15 okusih s 5% vsebnostjo <strong data-start=\"780\" data-end=\"802\">nicotinska solna vape<\/strong>, <strong data-start=\"808\" data-end=\"854\">ELFBAR Raya D3 <a href=\"https:\/\/vapebulkp.com\/sl\/product-category\/25000-puffs-disposable-vape\/\">25000 vdihov e-cigareta za enkratno uporabo<\/a><\/strong> zdru\u017euje zmogljivost, slog in udobje \u2014 idealno za maloprodajo ali <strong data-start=\"922\" data-end=\"943\">veleprodajni vape EU<\/strong> zalogo.<\/p>\n<p>&nbsp;<\/p>\n<h6>Za popust se obrnite na Mandyin WhatsApp<a href=\"https:\/\/wa.me\/8618077105796\">+8618077105796<\/a><\/h6>\n<p>&nbsp;<\/p>\n<p><img decoding=\"async\" class=\"alignnone wp-image-2151\" src=\"http:\/\/vapebulkp.com\/wp-content\/uploads\/2024\/04\/Mandy-WhatsApp-Randm.jpg\" alt=\"Mandy WhatsApp Randm\" width=\"324\" height=\"330\" \/><\/p>\n<h2>ELFBAR Raya D3 25000 Puffs Polnilni vapi Cenik na veliko Specifikacije<\/h2>\n<ul>\n<li class=\"\" data-start=\"158\" data-end=\"328\">\n<p class=\"\" data-start=\"160\" data-end=\"328\">\u2705 <strong data-start=\"162\" data-end=\"195\">Ogromnih 23 ml vnaprej napolnjene e-teko\u010dine<\/strong><br data-start=\"195\" data-end=\"198\" \/>U\u017eivajte v izjemno dolgih seansah vejpanja z izjemno veliko 23-mililitrsko kapaciteto za vape sok, kot nala\u0161\u010d za celodnevno uporabo brez nenehnega dolivanja.<\/p>\n<\/li>\n<li class=\"\" data-start=\"330\" data-end=\"484\">\n<p class=\"\" data-start=\"332\" data-end=\"484\">\u2705 <strong data-start=\"334\" data-end=\"361\">Sistem s trojno mre\u017easto tuljavo<\/strong><br data-start=\"361\" data-end=\"364\" \/>Zgrajen z napredno tehnologijo trojnih mre\u017eastih tuljav za vrhunsko \u010distost okusa, gladke zadetke in masivno proizvodnjo pare.<\/p>\n<\/li>\n<li class=\"\" data-start=\"486\" data-end=\"664\">\n<p class=\"\" data-start=\"488\" data-end=\"664\">\u2705 <strong data-start=\"490\" data-end=\"539\">Nastavljivo \u0161tevilo vdihov \u2013 25K \/ 20K \/ 15K vdihov<\/strong><br data-start=\"539\" data-end=\"542\" \/>Ena naprava, trije na\u010dini vdihovanja! Preprosto preklapljajte med 25.000, 20.000 ali 15.000 vdihi, odvisno od va\u0161ih \u017eelja glede vapinga.<\/p>\n<\/li>\n<li class=\"\" data-start=\"666\" data-end=\"838\">\n<p class=\"\" data-start=\"668\" data-end=\"838\">\u2705 <strong data-start=\"670\" data-end=\"715\">850mAh polnilna baterija + vhod tipa C<\/strong><br data-start=\"715\" data-end=\"718\" \/>Poganja jo visoko zmogljiva baterija s 850 mAh in hitrim polnjenjem Type-C za hitro, zanesljivo in dolgotrajno delovanje.<\/p>\n<\/li>\n<li class=\"\" data-start=\"840\" data-end=\"999\">\n<p class=\"\" data-start=\"842\" data-end=\"999\">\u2705 <strong data-start=\"844\" data-end=\"875\">Stranski digitalni zaslon<\/strong><br data-start=\"875\" data-end=\"878\" \/>Velik in lahko berljiv zaslon prikazuje raven baterije, na\u010din \u0161tevca vdihov in status vapinga za pametnej\u0161o izku\u0161njo vapinga.<\/p>\n<\/li>\n<li class=\"\" data-start=\"1001\" data-end=\"1166\">\n<p class=\"\" data-start=\"1003\" data-end=\"1166\">\u2705 <strong data-start=\"1005\" data-end=\"1042\">Pretok zraka<\/strong><br data-start=\"1042\" data-end=\"1045\" \/>Prilagodite svoj vlek z natan\u010dnimi nastavitvami pretoka zraka in pritiska, da dose\u017eete popoln zadetek v grlu in gostoto pare.<\/p>\n<\/li>\n<li class=\"\" data-start=\"1168\" data-end=\"1305\">\n<p class=\"\" data-start=\"1170\" data-end=\"1305\">\u2705 <strong data-start=\"1172\" data-end=\"1202\">Monokromatska modra obro\u010dasta lu\u010d<\/strong><br data-start=\"1202\" data-end=\"1205\" \/>Odlikuje jo sodoben in minimalisti\u010den modri svetlobni obro\u010d okoli naprave za eleganten in eleganten videz.<\/p>\n<\/li>\n<li class=\"\" data-start=\"1307\" data-end=\"1459\">\n<p class=\"\" data-start=\"1309\" data-end=\"1459\">\u2705 <strong data-start=\"1311\" data-end=\"1340\">15 vrhunskih okusov<\/strong><br data-start=\"1340\" data-end=\"1343\" \/>Izbirajte med izbrano ponudbo 15 izvrstnih okusov za vsak okus, od sadnih do ledenih do klasi\u010dnih me\u0161anic.<\/p>\n<\/li>\n<\/ul>\n<h2>ELFBAR \u0161tevec vdihov Vape Raya D3 25000 vdihi Okus<\/h2>\n<p>1 Kiwi Ananas Led<br \/>\n2 Dvojno jabolko<br \/>\n3 Grozdje z ledom<br \/>\n4 VMT<br \/>\n5 Lubenica Limona<br \/>\n6 Lubenica Led<br \/>\n7 Jagoda Grozdje<br \/>\n8 Breskev Led<br \/>\n9 Breskev Jagoda<br \/>\n10 Mango Breskev Lubenica<br \/>\n11 Mango Breskev<br \/>\n12 Kivi Pasijonka Guava<br \/>\n13 Grozdje \u010ce\u0161nja<br \/>\n14 Borovnica Malina<br \/>\n15 Borovnica Led<\/p>\n<p><a href=\"https:\/\/vapebulkp.com\/sl\/product\/vozol-gear-shisha-25000-puffs-dual-mode-disposable-vape-5mg-nicotine\/\"><span style=\"vertical-align: inherit\">Vozol Gear shisha 25000 vdihov <\/span><\/a><\/p>\n<p><span style=\"vertical-align: inherit\">Poi\u0161\u010dite ve\u010d izdelkov, ki bi vam bili morda v\u0161e\u010d:<\/span><em><a href=\"https:\/\/wa.me\/8618077105796\"><span style=\"vertical-align: inherit\">\u00a0Kupite zdaj<\/span><\/a><\/em><\/p>\n<p><span style=\"vertical-align: inherit\">Drugi 'puffs', ki bi vam bili morda v\u0161e\u010d:<\/span><a href=\"https:\/\/vapebulkp.com\/sl\/fi\/product\/bang-beach-22k-puffs-new-electronic-cigarette\/\"><span style=\"vertical-align: inherit\">\u00a0Bang Beach 22000 vdihov<\/span><\/a><span style=\"vertical-align: inherit\">\/ <\/span><a href=\"https:\/\/vapebulkp.com\/sl\/fi\/product\/best-price-wga-crystal-pro-max-15k-puffs-original-vape\/\"><span style=\"vertical-align: inherit\">\u00a0WGA Crystal pro max 15k Puffs <\/span><\/a><span style=\"vertical-align: inherit\">\/<\/span><a href=\"https:\/\/vapebulkp.com\/sl\/product\/zooy-firzen-35000-puffs-nicotine-ice-control-high-capacity-e-cigarette\/\"><span style=\"vertical-align: inherit\"> ZOOY 350000 vdihov<\/span><\/a><\/p>\n<h3>Zakaj izbrati nakup Vape Podov ELFBAR Raya D3 25000 Puffs pri <a href=\"https:\/\/vapebulkp.com\/sl\/vape-shop\/\">Vapebulkp <\/a>?<\/h3>\n<p class=\"\" data-start=\"0\" data-end=\"230\">Pri Vapebulkp smo ponosni, da ponujamo Vape Podo ELFBAR Raya D3 25000 Puffs na debelo\u2014izdelek, znan po izjemni zmogljivosti in inovativnem dizajnu. Tukaj je razlog, zakaj izbira nas za va\u0161e potrebe po vape podih prina\u0161a pomembno razliko:<\/p>\n<ul>\n<li data-start=\"232\" data-end=\"542\"><strong data-start=\"232\" data-end=\"266\">Vrhunska Kakovost<\/strong><br data-start=\"266\" data-end=\"269\" \/>Na\u0161a zaloga je skrbno izbrana, da vsaka enota ELFBAR Raya D3 ustreza strogim standardom kakovosti. Z originalnimi izdelki, pridobljenimi neposredno od zaupanja vrednih proizvajalcev, lahko samozavestno nakupujete, saj veste, da dobite zanesljivo in zmogljivo elektronsko cigareto za enkratno uporabo.<\/li>\n<li data-start=\"544\" data-end=\"924\"><strong data-start=\"544\" data-end=\"588\">Konkuren\u010dne cene<\/strong><br data-start=\"588\" data-end=\"591\" \/>Vapebulkp je va\u0161a destinacija za veleprodajo vape podov. Ponujamo konkuren\u010dne cenovne strukture, ki vam omogo\u010dajo znatne prihranke pri naro\u010dilih v velikih koli\u010dinah, kar zagotavlja maksimalno vrednost brez kompromisov pri kakovosti. Zaradi tega smo prednostna izbira za trgovce na drobno in preprodajalce, ki \u017eelijo pove\u010dati svojo zalogo z vrhunskimi izdelki.<\/li>\n<li data-start=\"926\" data-end=\"1265\"><strong data-start=\"926\" data-end=\"976\">Obse\u017eno strokovno znanje o izdelkih<\/strong><br data-start=\"976\" data-end=\"979\" \/>Na\u0161a ekipa je dobro seznanjena z industrijo vapinga, zato vam nudi strokovne nasvete in podporo, ki vam pomagajo sprejemati informirane odlo\u010ditve. Ne glede na to, ali ste novi v svetu vape izdelkov ali izku\u0161en trgovec, vam bo na\u0161e strokovno osebje z veseljem pomagalo pri kakr\u0161nih koli vpra\u0161anjih in vam zagotovilo nemoteno izku\u0161njo nakupa.<\/li>\n<li data-start=\"1267\" data-end=\"1564\"><strong data-start=\"1267\" data-end=\"1308\">U\u010dinkovita dostava<\/strong><br data-start=\"1308\" data-end=\"1311\" \/>Ker razumemo pomen pravo\u010dasne dostave, poenostavljamo obdelavo naro\u010dil, da zagotovimo, da vas bodo izdelki dosegli hitro in v popolnem stanju. Na\u0161a zavezanost zanesljivi storitvi nas je naredila za zaupanja vrednega dobavitelja v skupnosti vejperjev.<\/li>\n<li data-start=\"1566\" data-end=\"1927\"><strong data-start=\"1566\" data-end=\"1608\">Optimizirano za SEO<\/strong><br data-start=\"1608\" data-end=\"1611\" \/>Na\u0161e sezname izdelkov in marketin\u0161ke materiale nenehno posodabljamo z najnovej\u0161imi strategijami SEO, zaradi \u010desar so na\u0161i izdelki zelo vidni in jih je enostavno najti na spletu. To ne koristi le na\u0161im maloprodajnim partnerjem, saj pritegne ve\u010d prometa v njihove trgovine, ampak tudi zagotavlja, da imate na zalogi izdelke, ki imajo dokazano tr\u017eno povpra\u0161evanje.<\/li>\n<\/ul>\n<p class=\"\" data-start=\"1929\" data-end=\"2061\">Izberite Vapebulkp za va\u0161e ELFBAR Raya D3 25000 Puffs Vape Pods in u\u017eivajte v neprimerljivi kakovosti, vrednosti in storitvi pri vsakem nakupu.<\/p>\n<h3>Podrobnosti dostave:<\/h3>\n<p><span style=\"color: #ff6600\">\u010cas proizvodnje: 5\u201310 delovnih dni<\/span><br \/>\n<span style=\"color: #ff6600\">\u010cas dostave: 8\u201314 delovnih dni<\/span><\/p>\n<p>Vsi izdelki v na\u0161i trgovini so 100% originalni in avtenti\u010dni, zato je na\u0161a politika desetkratno nadomestilo za ponarejeno blago. Za dostavo blaga vam uporabljamo logisti\u010dne kanale, kot so UPS\/DHL\/FEDEX\/DPD.<\/p>\n<p>Za pakete, poslane v Slovenijo, obi\u010dajno traja 10 delovnih dni. Po\u0161iljanje v evropske dr\u017eave obi\u010dajno traja 12 do 15 delovnih dni. Logisti\u010dne informacije vam bomo sproti posodabljali.<\/p>","protected":false},"excerpt":{"rendered":"<p>Veleprodaja vapov ELFBAR Raya D3 25000 Puffs za enkratno uporabo Neposredna dobava<br data-start=\"66\" data-end=\"69\" \/>ELFBAR Raya D3 Visoka zmogljivost 23 ml Vape za enkratno uporabo 25000 Puffs Veleprodaja<br data-start=\"140\" data-end=\"143\" \/>ELFBAR Raya D3 Napredne trojne mre\u017easte tuljave 25000 Puffs Vapi za enkratno uporabo<\/p>\n<p>Za popust se obrnite na Mandyin WhatsApp<a href=\"https:\/\/wa.me\/8618077105796\">+8618077105796<\/a><\/p>\n<p>&nbsp;<\/p>\n<p><img decoding=\"async\" class=\"alignnone wp-image-2151\" src=\"http:\/\/vapebulkp.com\/wp-content\/uploads\/2024\/04\/Mandy-WhatsApp-Randm.jpg\" alt=\"Mandy WhatsApp Randm\" width=\"297\" height=\"316\" srcset=\"https:\/\/vapebulkp.com\/wp-content\/uploads\/2024\/04\/Mandy-WhatsApp-Randm.jpg 916w, https:\/\/vapebulkp.com\/wp-content\/uploads\/2024\/04\/Mandy-WhatsApp-Randm-282x300.jpg 282w, https:\/\/vapebulkp.com\/wp-content\/uploads\/2024\/04\/Mandy-WhatsApp-Randm-768x817.jpg 768w, https:\/\/vapebulkp.com\/wp-content\/uploads\/2024\/04\/Mandy-WhatsApp-Randm-600x638.jpg 600w\" sizes=\"(max-width: 297px) 100vw, 297px\" \/><\/p>\n<p><span style=\"color: #ff0000\">OPOMBA: Cene na na\u0161i spletni strani ne vklju\u010dujejo stro\u0161kov po\u0161iljanja.<\/span><\/p>\n<p>&nbsp;<\/p>","protected":false},"featured_media":3597,"comment_status":"open","ping_status":"closed","template":"","meta":{"_uag_custom_page_level_css":"","_lmt_disableupdate":"no","_lmt_disable":"","site-sidebar-layout":"default","site-content-layout":"content-boxed-container","ast-site-content-layout":"normal-width-container","site-content-style":"boxed","site-sidebar-style":"unboxed","ast-global-header-display":"","ast-banner-title-visibility":"","ast-main-header-display":"","ast-hfb-above-header-display":"","ast-hfb-below-header-display":"","ast-hfb-mobile-header-display":"","site-post-title":"","ast-breadcrumbs-content":"","ast-featured-img":"","footer-sml-layout":"","theme-transparent-header-meta":"default","adv-header-id-meta":"","stick-header-meta":"","header-above-stick-meta":"","header-main-stick-meta":"","header-below-stick-meta":"","astra-migrate-meta-layouts":"set","_joinchat":[]},"product_cat":[161,153,155,349,33,59,100,87,34,158,157,154,152,58,84,156,63,32],"product_tag":[230,36,37,41,286,40],"class_list":["post-3622","product","type-product","status-publish","has-post-thumbnail","hentry","product_cat-25000-puffs-disposable-vape","product_cat-hot-disposable-vapes","product_cat-belgium-hot-disposable-vapes","product_cat-elfbar-vape","product_cat-france-vape-hot-sale","product_cat-germany-hot-disposable-vape","product_cat-germany-wholesale-vape-shop","product_cat-minimum-order-quantity-50pcs","product_cat-netherlands-vape-good-sale","product_cat-norway-hot-disposable-vapes","product_cat-poland-hot-disposable-vapes","product_cat-portugal-hot-disposable-vapes","product_cat-spain-hot-disposable-vapes","product_cat-sweden-hot-disposable-vape","product_cat-sweden-wholesale-vape","product_cat-switzerland-hot-disposable-vapes","product_cat-top-sale-disposable-vape","product_cat-vape-hot-sale-this-week","product_tag-elfbar-raya-d3-25000-puffs","product_tag-good-vape","product_tag-hot-sale-disposable-vape","product_tag-poland-hot-vape","product_tag-puffs-stock-in-europe","product_tag-sweden-hot-vape","pa_brand-elfbar-vape","desktop-align-left","tablet-align-left","mobile-align-left"],"yoast_head":"<!-- This site is optimized with the Yoast SEO plugin v21.1 - https:\/\/yoast.com\/wordpress\/plugins\/seo\/ -->\n<title>ELFBAR Raya D3 25000 Puffs Disposable Vapes Wholesale - vapebulkp.com<\/title>\n<meta name=\"description\" content=\"Shop ELFBAR Raya D3 25000 Puffs Disposable Vapes Wholesale featuring 23ml e-liquid capacity, 850mAh battery, for a smooth and long-lasting vaping experience.\" \/>\n<meta name=\"robots\" content=\"index, follow, max-snippet:-1, max-image-preview:large, max-video-preview:-1\" \/>\n<link rel=\"canonical\" href=\"https:\/\/vapebulkp.com\/sl\/product\/elfbar-raya-d3-25000-puffs-disposable-vapes-wholesale\/\" \/>\n<meta property=\"og:locale\" content=\"sl_SI\" \/>\n<meta property=\"og:type\" content=\"article\" \/>\n<meta property=\"og:title\" content=\"ELFBAR Raya D3 25000 Puffs Disposable Vapes Wholesale - vapebulkp.com\" \/>\n<meta property=\"og:description\" content=\"Shop ELFBAR Raya D3 25000 Puffs Disposable Vapes Wholesale featuring 23ml e-liquid capacity, 850mAh battery, for a smooth and long-lasting vaping experience.\" \/>\n<meta property=\"og:url\" content=\"https:\/\/vapebulkp.com\/sl\/product\/elfbar-raya-d3-25000-puffs-disposable-vapes-wholesale\/\" \/>\n<meta property=\"og:site_name\" content=\"vapebulkp.com\" \/>\n<meta property=\"article:modified_time\" content=\"2025-09-17T08:40:55+00:00\" \/>\n<meta property=\"og:image\" content=\"http:\/\/vapebulkp.com\/wp-content\/uploads\/2025\/03\/Elfbar-Raya-D3-25000-Puffs-Type-C-Rechargeable-Vape-for-Intense-Flavor.webp\" \/>\n\t<meta property=\"og:image:width\" content=\"800\" \/>\n\t<meta property=\"og:image:height\" content=\"800\" \/>\n\t<meta property=\"og:image:type\" content=\"image\/webp\" \/>\n<meta name=\"twitter:card\" content=\"summary_large_image\" \/>\n<meta name=\"twitter:label1\" content=\"Est. reading time\" \/>\n\t<meta name=\"twitter:data1\" content=\"4 minute\" \/>\n<script type=\"application\/ld+json\" class=\"yoast-schema-graph\">{\"@context\":\"https:\/\/schema.org\",\"@graph\":[{\"@type\":\"WebPage\",\"@id\":\"https:\/\/vapebulkp.com\/product\/elfbar-raya-d3-25000-puffs-disposable-vapes-wholesale\/\",\"url\":\"https:\/\/vapebulkp.com\/product\/elfbar-raya-d3-25000-puffs-disposable-vapes-wholesale\/\",\"name\":\"ELFBAR Raya D3 25000 Puffs Disposable Vapes Wholesale - vapebulkp.com\",\"isPartOf\":{\"@id\":\"https:\/\/vapebulkp.com\/#website\"},\"datePublished\":\"2025-03-27T08:07:22+00:00\",\"dateModified\":\"2025-09-17T08:40:55+00:00\",\"description\":\"Shop ELFBAR Raya D3 25000 Puffs Disposable Vapes Wholesale featuring 23ml e-liquid capacity, 850mAh battery, for a smooth and long-lasting vaping experience.\",\"breadcrumb\":{\"@id\":\"https:\/\/vapebulkp.com\/product\/elfbar-raya-d3-25000-puffs-disposable-vapes-wholesale\/#breadcrumb\"},\"inLanguage\":\"sl-SI\",\"potentialAction\":[{\"@type\":\"ReadAction\",\"target\":[\"https:\/\/vapebulkp.com\/product\/elfbar-raya-d3-25000-puffs-disposable-vapes-wholesale\/\"]}]},{\"@type\":\"BreadcrumbList\",\"@id\":\"https:\/\/vapebulkp.com\/product\/elfbar-raya-d3-25000-puffs-disposable-vapes-wholesale\/#breadcrumb\",\"itemListElement\":[{\"@type\":\"ListItem\",\"position\":1,\"name\":\"Home\",\"item\":\"https:\/\/vapebulkp.com\/\"},{\"@type\":\"ListItem\",\"position\":2,\"name\":\"Hot Trend Vapes\",\"item\":\"https:\/\/vapebulkp.com\/vape-shop\/\"},{\"@type\":\"ListItem\",\"position\":3,\"name\":\"ELFBAR Raya D3 25000 Puffs Disposable Vapes Wholesale\"}]},{\"@type\":\"WebSite\",\"@id\":\"https:\/\/vapebulkp.com\/#website\",\"url\":\"https:\/\/vapebulkp.com\/\",\"name\":\"vapebulkp.com\",\"description\":\"Buy Vape In Cheap Bulk Price Near you\",\"publisher\":{\"@id\":\"https:\/\/vapebulkp.com\/#organization\"},\"potentialAction\":[{\"@type\":\"SearchAction\",\"target\":{\"@type\":\"EntryPoint\",\"urlTemplate\":\"https:\/\/vapebulkp.com\/?s={search_term_string}\"},\"query-input\":\"required name=search_term_string\"}],\"inLanguage\":\"sl-SI\"},{\"@type\":\"Organization\",\"@id\":\"https:\/\/vapebulkp.com\/#organization\",\"name\":\"vapebulkp.com\",\"url\":\"https:\/\/vapebulkp.com\/\",\"logo\":{\"@type\":\"ImageObject\",\"inLanguage\":\"sl-SI\",\"@id\":\"https:\/\/vapebulkp.com\/#\/schema\/logo\/image\/\",\"url\":\"https:\/\/vapebulkp.com\/wp-content\/uploads\/2023\/09\/cropped-vapebulkp.png\",\"contentUrl\":\"https:\/\/vapebulkp.com\/wp-content\/uploads\/2023\/09\/cropped-vapebulkp.png\",\"width\":516,\"height\":163,\"caption\":\"vapebulkp.com\"},\"image\":{\"@id\":\"https:\/\/vapebulkp.com\/#\/schema\/logo\/image\/\"}}]}<\/script>\n<!-- \/ Yoast SEO plugin. -->","yoast_head_json":{"title":"ELFBAR Raya D3 25000 Puffs Disposable Vapes Wholesale - vapebulkp.com","description":"Shop ELFBAR Raya D3 25000 Puffs Disposable Vapes Wholesale featuring 23ml e-liquid capacity, 850mAh battery, for a smooth and long-lasting vaping experience.","robots":{"index":"index","follow":"follow","max-snippet":"max-snippet:-1","max-image-preview":"max-image-preview:large","max-video-preview":"max-video-preview:-1"},"canonical":"https:\/\/vapebulkp.com\/sl\/product\/elfbar-raya-d3-25000-puffs-disposable-vapes-wholesale\/","og_locale":"sl_SI","og_type":"article","og_title":"ELFBAR Raya D3 25000 Puffs Disposable Vapes Wholesale - vapebulkp.com","og_description":"Shop ELFBAR Raya D3 25000 Puffs Disposable Vapes Wholesale featuring 23ml e-liquid capacity, 850mAh battery, for a smooth and long-lasting vaping experience.","og_url":"https:\/\/vapebulkp.com\/sl\/product\/elfbar-raya-d3-25000-puffs-disposable-vapes-wholesale\/","og_site_name":"vapebulkp.com","article_modified_time":"2025-09-17T08:40:55+00:00","og_image":[{"width":800,"height":800,"url":"http:\/\/vapebulkp.com\/wp-content\/uploads\/2025\/03\/Elfbar-Raya-D3-25000-Puffs-Type-C-Rechargeable-Vape-for-Intense-Flavor.webp","type":"image\/webp"}],"twitter_card":"summary_large_image","twitter_misc":{"Est. reading time":"4 minute"},"schema":{"@context":"https:\/\/schema.org","@graph":[{"@type":"WebPage","@id":"https:\/\/vapebulkp.com\/product\/elfbar-raya-d3-25000-puffs-disposable-vapes-wholesale\/","url":"https:\/\/vapebulkp.com\/product\/elfbar-raya-d3-25000-puffs-disposable-vapes-wholesale\/","name":"ELFBAR Raya D3 25000 Puffs Disposable Vapes Wholesale - vapebulkp.com","isPartOf":{"@id":"https:\/\/vapebulkp.com\/#website"},"datePublished":"2025-03-27T08:07:22+00:00","dateModified":"2025-09-17T08:40:55+00:00","description":"Shop ELFBAR Raya D3 25000 Puffs Disposable Vapes Wholesale featuring 23ml e-liquid capacity, 850mAh battery, for a smooth and long-lasting vaping experience.","breadcrumb":{"@id":"https:\/\/vapebulkp.com\/product\/elfbar-raya-d3-25000-puffs-disposable-vapes-wholesale\/#breadcrumb"},"inLanguage":"sl-SI","potentialAction":[{"@type":"ReadAction","target":["https:\/\/vapebulkp.com\/product\/elfbar-raya-d3-25000-puffs-disposable-vapes-wholesale\/"]}]},{"@type":"BreadcrumbList","@id":"https:\/\/vapebulkp.com\/product\/elfbar-raya-d3-25000-puffs-disposable-vapes-wholesale\/#breadcrumb","itemListElement":[{"@type":"ListItem","position":1,"name":"Home","item":"https:\/\/vapebulkp.com\/"},{"@type":"ListItem","position":2,"name":"Hot Trend Vapes","item":"https:\/\/vapebulkp.com\/vape-shop\/"},{"@type":"ListItem","position":3,"name":"ELFBAR Raya D3 25000 Puffs Disposable Vapes Wholesale"}]},{"@type":"WebSite","@id":"https:\/\/vapebulkp.com\/#website","url":"https:\/\/vapebulkp.com\/","name":"vapebulkp.com","description":"Buy Vape In Cheap Bulk Price Near you","publisher":{"@id":"https:\/\/vapebulkp.com\/#organization"},"potentialAction":[{"@type":"SearchAction","target":{"@type":"EntryPoint","urlTemplate":"https:\/\/vapebulkp.com\/?s={search_term_string}"},"query-input":"required name=search_term_string"}],"inLanguage":"sl-SI"},{"@type":"Organization","@id":"https:\/\/vapebulkp.com\/#organization","name":"vapebulkp.com","url":"https:\/\/vapebulkp.com\/","logo":{"@type":"ImageObject","inLanguage":"sl-SI","@id":"https:\/\/vapebulkp.com\/#\/schema\/logo\/image\/","url":"https:\/\/vapebulkp.com\/wp-content\/uploads\/2023\/09\/cropped-vapebulkp.png","contentUrl":"https:\/\/vapebulkp.com\/wp-content\/uploads\/2023\/09\/cropped-vapebulkp.png","width":516,"height":163,"caption":"vapebulkp.com"},"image":{"@id":"https:\/\/vapebulkp.com\/#\/schema\/logo\/image\/"}}]}},"uagb_featured_image_src":{"full":["https:\/\/vapebulkp.com\/wp-content\/uploads\/2025\/03\/Elfbar-Raya-D3-25000-Puffs-Type-C-Rechargeable-Vape-for-Intense-Flavor.webp",800,800,false],"thumbnail":["https:\/\/vapebulkp.com\/wp-content\/uploads\/2025\/03\/Elfbar-Raya-D3-25000-Puffs-Type-C-Rechargeable-Vape-for-Intense-Flavor-150x150.webp",150,150,true],"medium":["https:\/\/vapebulkp.com\/wp-content\/uploads\/2025\/03\/Elfbar-Raya-D3-25000-Puffs-Type-C-Rechargeable-Vape-for-Intense-Flavor-300x300.webp",300,300,true],"medium_large":["https:\/\/vapebulkp.com\/wp-content\/uploads\/2025\/03\/Elfbar-Raya-D3-25000-Puffs-Type-C-Rechargeable-Vape-for-Intense-Flavor-768x768.webp",768,768,true],"large":["https:\/\/vapebulkp.com\/wp-content\/uploads\/2025\/03\/Elfbar-Raya-D3-25000-Puffs-Type-C-Rechargeable-Vape-for-Intense-Flavor.webp",800,800,false],"1536x1536":["https:\/\/vapebulkp.com\/wp-content\/uploads\/2025\/03\/Elfbar-Raya-D3-25000-Puffs-Type-C-Rechargeable-Vape-for-Intense-Flavor.webp",800,800,false],"2048x2048":["https:\/\/vapebulkp.com\/wp-content\/uploads\/2025\/03\/Elfbar-Raya-D3-25000-Puffs-Type-C-Rechargeable-Vape-for-Intense-Flavor.webp",800,800,false],"trp-custom-language-flag":["https:\/\/vapebulkp.com\/wp-content\/uploads\/2025\/03\/Elfbar-Raya-D3-25000-Puffs-Type-C-Rechargeable-Vape-for-Intense-Flavor.webp",12,12,false],"woocommerce_thumbnail":["https:\/\/vapebulkp.com\/wp-content\/uploads\/2025\/03\/Elfbar-Raya-D3-25000-Puffs-Type-C-Rechargeable-Vape-for-Intense-Flavor-300x300.webp",300,300,true],"woocommerce_single":["https:\/\/vapebulkp.com\/wp-content\/uploads\/2025\/03\/Elfbar-Raya-D3-25000-Puffs-Type-C-Rechargeable-Vape-for-Intense-Flavor-600x600.webp",600,600,true],"woocommerce_gallery_thumbnail":["https:\/\/vapebulkp.com\/wp-content\/uploads\/2025\/03\/Elfbar-Raya-D3-25000-Puffs-Type-C-Rechargeable-Vape-for-Intense-Flavor-100x100.webp",100,100,true],"wcpr-photo-reviews":["https:\/\/vapebulkp.com\/wp-content\/uploads\/2025\/03\/Elfbar-Raya-D3-25000-Puffs-Type-C-Rechargeable-Vape-for-Intense-Flavor.webp",500,500,false]},"uagb_author_info":{"display_name":"Mandy vape bulk price","author_link":"https:\/\/vapebulkp.com\/sl\/author\/"},"uagb_comment_info":0,"uagb_excerpt":"LFBAR Raya D3 25000 Puffs Disposable Vape Wholesale Direct SupplyELFBAR Raya D3 High Capacity 23ml Disposable Vape 25000 Puffs WholesaleELFBAR Raya D3 Advanced Triple Mesh Coil 25000 Puffs Disposable Vapes Pls Contact Mandy's WhatsApp For Discount Price+8618077105796 &nbsp; NOTE: Prices on our website does not include shipping costs &nbsp;","_links":{"self":[{"href":"https:\/\/vapebulkp.com\/sl\/wp-json\/wp\/v2\/product\/3622","targetHints":{"allow":["GET"]}}],"collection":[{"href":"https:\/\/vapebulkp.com\/sl\/wp-json\/wp\/v2\/product"}],"about":[{"href":"https:\/\/vapebulkp.com\/sl\/wp-json\/wp\/v2\/types\/product"}],"replies":[{"embeddable":true,"href":"https:\/\/vapebulkp.com\/sl\/wp-json\/wp\/v2\/comments?post=3622"}],"wp:featuredmedia":[{"embeddable":true,"href":"https:\/\/vapebulkp.com\/sl\/wp-json\/wp\/v2\/media\/3597"}],"wp:attachment":[{"href":"https:\/\/vapebulkp.com\/sl\/wp-json\/wp\/v2\/media?parent=3622"}],"wp:term":[{"taxonomy":"product_cat","embeddable":true,"href":"https:\/\/vapebulkp.com\/sl\/wp-json\/wp\/v2\/product_cat?post=3622"},{"taxonomy":"product_tag","embeddable":true,"href":"https:\/\/vapebulkp.com\/sl\/wp-json\/wp\/v2\/product_tag?post=3622"}],"curies":[{"name":"wp","href":"https:\/\/api.w.org\/{rel}","templated":true}]}}