{"id":3624,"date":"2025-03-28T04:29:59","date_gmt":"2025-03-28T03:29:59","guid":{"rendered":"https:\/\/vapebulkp.com\/?post_type=product&#038;p=3624"},"modified":"2025-09-17T10:39:59","modified_gmt":"2025-09-17T08:39:59","slug":"vapme-goat-40000-puffs-wholesale-disposable-vapes","status":"publish","type":"product","link":"https:\/\/vapebulkp.com\/sl\/product\/vapme-goat-40000-puffs-wholesale-disposable-vapes\/","title":{"rendered":"VAPME GOAT 40000 Puffs Veleprodaja E-cigaret za enkratno uporabo"},"content":{"rendered":"<h2>VAPME GOAT 40000 Puffs Veleprodaja E-cigaret za enkratno uporabo<\/h2>\n<p class=\"\" data-start=\"0\" data-end=\"545\">VAPME GOAT 40000 Puffs redefinira vaping za enkratno uporabo z zdru\u017eevanjem dolgotrajne zmogljivosti z izjemnim okusom. <strong data-start=\"114\" data-end=\"127\">Poleg tega<\/strong> je zasnovan z <strong data-start=\"153\" data-end=\"196\">850mAh baterijo in sodobnim priklju\u010dkom Type-C<\/strong>, kar zagotavlja <strong data-start=\"207\" data-end=\"219\">ne le za<\/strong> hitro polnjenje <strong data-start=\"237\" data-end=\"249\">ampak tudi<\/strong> enakomerno dovajanje energije od prvega do zadnjega vdiha. <strong data-start=\"305\" data-end=\"321\">Dodatno<\/strong> vgrajen <strong data-start=\"335\" data-end=\"348\">30mL rezervoar<\/strong> je napolnjen s <strong data-start=\"364\" data-end=\"386\">premium teko\u010dino za vape<\/strong>, ki je na voljo v jakostih nikotina <strong data-start=\"406\" data-end=\"438\">0% in 2%<\/strong>. <strong data-start=\"440\" data-end=\"456\">Kot rezultat,<\/strong> ugotavlja \u0161irokemu krogu preferenc, hkrati pa zagotavlja <strong data-start=\"515\" data-end=\"542\">stalno zadovoljstvo<\/strong>.<\/p>\n<p class=\"\" data-start=\"547\" data-end=\"1048\"><strong data-start=\"547\" data-end=\"578\">V sredi\u0161\u010du njegove zasnove,<\/strong> visoko zmogljiva <strong data-start=\"598\" data-end=\"616\">0.4\u03a9 mre\u017easta tuljava<\/strong> enakomerno segreva e-teko\u010dino in ustvarja <strong data-start=\"655\" data-end=\"691\">goste in aromati\u010dne oblake pare<\/strong>. <strong data-start=\"693\" data-end=\"705\" data-is-only-node=\"\">Zlasti,<\/strong> ta tehnologija <strong data-start=\"722\" data-end=\"734\">ne le za<\/strong> izbolj\u0161a <strong data-start=\"748\" data-end=\"776\">celostno izku\u0161njo okusa<\/strong> <strong data-start=\"777\" data-end=\"789\">ampak tudi<\/strong> podpira tako <strong data-start=\"804\" data-end=\"870\">Direct-to-Lung (DTL) kot Mouth-to-Lung (MTL) na\u010dine inhaliranja<\/strong>. <strong data-start=\"872\" data-end=\"889\">Ne glede na to, ali uporabniki<\/strong> raje imajo <strong data-start=\"897\" data-end=\"916\">globoke vdihe v plju\u010da<\/strong> <strong data-start=\"917\" data-end=\"923\">or<\/strong> a <strong data-start=\"926\" data-end=\"957\">bolj nadzorovan, subtilen zadetek<\/strong>, <strong data-start=\"963\" data-end=\"989\">VAPME KOZA 40000 Vdihov<\/strong> se prilagodi <strong data-start=\"997\" data-end=\"1013\">brez te\u017eav<\/strong> posameznim tehnikam vapinga.<\/p>\n<p class=\"\" data-start=\"1050\" data-end=\"1590\"><strong data-start=\"1050\" data-end=\"1066\">Poleg tega,<\/strong> se naprava pona\u0161a <strong data-start=\"1085\" data-end=\"1129\">impresivna ponudba 10 edinstvenih okusov<\/strong>, vsak <strong data-start=\"1136\" data-end=\"1159\">skrbno razvit<\/strong> da bi prebudil <strong data-start=\"1169\" data-end=\"1197\" data-is-only-node=\"\">\u017eivahne okusne ob\u010dutke<\/strong>. <strong data-start=\"1199\" data-end=\"1207\">Od<\/strong> bogate me\u0161anice z okusom tobaka <strong data-start=\"1238\" data-end=\"1244\">to<\/strong> osve\u017eilne sadne me\u0161anice, vsak vdih prinese izbruh pristnega okusa <strong data-start=\"1320\" data-end=\"1347\">ki se prijetno zadr\u017ei<\/strong> na brbon\u010dicah. <strong data-start=\"1363\" data-end=\"1413\">Z zmogljivostjo ve\u010d kot 40.000 vdihov na enoto,<\/strong> ta e-cigareta ponuja <strong data-start=\"1438\" data-end=\"1462\">izjemno dolgo \u017eivljenjsko dobo<\/strong>, kar znatno zmanj\u0161a <strong data-start=\"1487\" data-end=\"1520\">pogostost menjave<\/strong> <strong data-start=\"1521\" data-end=\"1539\">in hkrati zagotavlja<\/strong> a <strong data-start=\"1542\" data-end=\"1569\">stro\u0161kovno u\u010dinkovito re\u0161itev<\/strong> za <strong data-start=\"1574\" data-end=\"1587\">vsakodnevna uporaba<\/strong>.<\/p>\n<p class=\"\" data-start=\"1592\" data-end=\"2020\"><strong data-start=\"1592\" data-end=\"1628\">Optimizirano za veleprodajo,<\/strong> vsak kov\u010dek vsebuje <strong data-start=\"1648\" data-end=\"1661\">100 enot<\/strong> z <strong data-start=\"1669\" data-end=\"1695\">skupna te\u017ea 13,5 kg<\/strong>, kar ga uvr\u0161\u010da med <strong data-start=\"1709\" data-end=\"1730\" data-is-only-node=\"\">privla\u010dna mo\u017enost<\/strong> za trgovce na drobno <strong data-start=\"1745\" data-end=\"1752\">in<\/strong> veleprodajne kupce. <strong data-start=\"1771\" data-end=\"1786\">Nenazadnje,<\/strong> s svojim <strong data-start=\"1796\" data-end=\"1866\">inovativnim dizajnom, zanesljivim delovanjem in raznolikim profilom okusov,<\/strong> je <strong data-start=\"1871\" data-end=\"1897\">VAPME KOZA <a href=\"https:\/\/vapebulkp.com\/sl\/product-category\/40000-puffs-disposable-vape\/\">40000 vdihov e-cigareta za enkratno uporabo<\/a><\/strong>\u00a0izstopa <strong data-start=\"1909\" data-end=\"1942\">kot vrhunski vape za enkratno uporabo<\/strong>, <strong data-start=\"1944\" data-end=\"1964\">popolnoma primeren<\/strong> tako za <strong data-start=\"1974\" data-end=\"2019\">osebno u\u017eivanje kot tudi komercialni uspeh<\/strong>.<\/p>\n<h6>Za popust se obrnite na Mandyin WhatsApp<a href=\"https:\/\/wa.me\/8618077105796\">+8618077105796<\/a><\/h6>\n<p>&nbsp;<\/p>\n<p><img decoding=\"async\" class=\"alignnone wp-image-2151\" src=\"http:\/\/vapebulkp.com\/wp-content\/uploads\/2024\/04\/Mandy-WhatsApp-Randm.jpg\" alt=\"Mandy WhatsApp Randm\" width=\"324\" height=\"330\" \/><\/p>\n<h2>VAPME GOAT 40000 Puffs Vapes Type-C hitro polnjenje Specifikacije<\/h2>\n<ul>\n<li>\u2705 <strong data-start=\"465\" data-end=\"490\">Masivnih 40.000+ vpihov<\/strong> \u2013 Zasnovan za podalj\u0161ano uporabo, zaradi \u010desar je eden najdlje obstojnih vapeov za enkratno uporabo na trgu.<\/li>\n<li>\u2705 <strong data-start=\"593\" data-end=\"625\">Velika prostornina e-teko\u010dine 30 ml<\/strong> \u2013 Predhodno napolnjen z vrhunsko kakovostno vape teko\u010dino, ki je na voljo v <strong data-start=\"685\" data-end=\"715\">0 % ali 2 % jakosti nikotina<\/strong>, kar ponuja mo\u017enosti za vaping z nikotinom in brez njega.<\/li>\n<li>\u2705 <strong data-start=\"783\" data-end=\"823\">Zmogljiva 850 mAh polnilna baterija<\/strong> \u2013 Opremljen s <strong data-start=\"842\" data-end=\"866\">polnilna vrata tipa C<\/strong> za u\u010dinkovito polnjenje, kar zagotavlja dosledno delovanje do zadnjega vdiha.<\/li>\n<li>\u2705 <strong data-start=\"950\" data-end=\"988\">Napredna tehnologija 0,4\u03a9 mre\u017easte tuljave<\/strong> \u2013 Izbolj\u0161a proizvodnjo pare in okrepi okus, kar ponuja zadovoljivo in gladko izku\u0161njo vapinga.<\/li>\n<li>\u2705 <strong data-start=\"1097\" data-end=\"1134\">Vsestranski DTL<\/strong> \u2013 Popoln za vaperje, ki imajo raje <strong data-start=\"1167\" data-end=\"1231\">globoke vdihe v plju\u010da (DTL) ali omejeno vle\u010denje iz ust v plju\u010da (MTL)<\/strong> za prilagodljivo izku\u0161njo.<\/li>\n<li>\u2705 <strong data-start=\"1267\" data-end=\"1296\">Vrhunskih 10 mo\u017enosti okusov<\/strong> \u2013 Skrbno izbrani okusi zagotavljajo bogate, drzne in osve\u017eilne profile okusov, ki ustrezajo razli\u010dnim \u017eeljam.<\/li>\n<li>\u2705 <strong data-start=\"1410\" data-end=\"1442\">Embala\u017ea, primerna za veleprodajo<\/strong> \u2013 Na voljo v <strong data-start=\"1454\" data-end=\"1491\">100 kosov na \u0161katlo (13.5kg\/\u0161katla)<\/strong>, zaradi \u010desar je odli\u010dna izbira za veleprodajne kupce in trgovce.<\/li>\n<\/ul>\n<h2>Okusi VAPME GOAT 40000 Puffs Vapes<\/h2>\n<p>1.Lubeni\u010dni led<br \/>\n2.Me\u0161ano jagodi\u010dje<br \/>\n3.Borovnica led<br \/>\n4.\u010ce\u0161nja led<br \/>\n5. Jagodna lubenica<br \/>\n6. Jagoda led<br \/>\n7.So\u010dna breskev led<br \/>\n8.Borovnica malina<br \/>\n9.Dvojno jabolko<br \/>\n10.Pasijonka melona led<\/p>\n<p><a href=\"https:\/\/vapebulkp.com\/sl\/product\/vozol-gear-shisha-25000-puffs-dual-mode-disposable-vape-5mg-nicotine\/\"><span style=\"vertical-align: inherit\">Vozol Gear shisha 25000 vdihov <\/span><\/a><\/p>\n<p><span style=\"vertical-align: inherit\">Poi\u0161\u010dite ve\u010d izdelkov, ki bi vam bili morda v\u0161e\u010d:<\/span><em><a href=\"https:\/\/wa.me\/8618077105796\"><span style=\"vertical-align: inherit\">\u00a0Kupite zdaj<\/span><\/a><\/em><\/p>\n<p><span style=\"vertical-align: inherit\">Drugi 'puffs', ki bi vam bili morda v\u0161e\u010d:<\/span><a href=\"https:\/\/vapebulkp.com\/sl\/product\/waspe-vape-40000-puff-fihp-double-flavour-disposable-vape\/\"><span style=\"vertical-align: inherit\">WASPE FIHP 40000 Vpihov<\/span><\/a><span style=\"vertical-align: inherit\">\u3001<\/span><a href=\"https:\/\/vapebulkp.com\/sl\/product\/wholesale-randm-tornado-9000-puffs-germany\/\"><span style=\"vertical-align: inherit\">RandM 9000 Vpihov<\/span><\/a><span style=\"vertical-align: inherit\">\/ <\/span><a href=\"https:\/\/vapebulkp.com\/sl\/fi\/product\/bang-30k-puffs-new-double-taste-good-vape\/\"><span style=\"vertical-align: inherit\">Bang Vape 30000Vpihov<\/span><\/a><span style=\"vertical-align: inherit\">\/ <\/span><a href=\"https:\/\/vapebulkp.com\/sl\/product\/zooy-zero-45000-puffs-nicotine-salt-vape-extra-large-e-liquid-capacity\/\"><span style=\"vertical-align: inherit\">ZOOY ZERO 45000 Vpihov<\/span><\/a><\/p>\n<p><span style=\"vertical-align: inherit\">E-cigareta posebne oblike steklenice:<\/span><a href=\"https:\/\/vapebulkp.com\/sl\/fi\/product\/bang-beach-22k-puffs-new-electronic-cigarette\/\"><span style=\"vertical-align: inherit\"> Bang Beach 22000 vdihov<\/span><\/a><span style=\"vertical-align: inherit\">\/ <\/span><a href=\"https:\/\/vapebulkp.com\/sl\/fi\/product\/best-price-wga-crystal-pro-max-15k-puffs-original-vape\/\"><span style=\"vertical-align: inherit\">\u00a0WGA Crystal pro max 15k Puffs <\/span><\/a><span style=\"vertical-align: inherit\">\/<\/span><a href=\"https:\/\/vapebulkp.com\/sl\/product\/zooy-firzen-35000-puffs-nicotine-ice-control-high-capacity-e-cigarette\/\"><span style=\"vertical-align: inherit\"> ZOOY 350000 vdihov<\/span><\/a><\/p>\n<h3 class=\"\" data-start=\"1557\" data-end=\"1601\"><strong data-start=\"1561\" data-end=\"1599\">Zakaj izbrati VAPME GOAT 40000 vdihov visoko zmogljiv vape za enkratno uporabo?<\/strong><\/h3>\n<p class=\"\" data-start=\"1602\" data-end=\"1987\">Zasnovano za <strong data-start=\"1615\" data-end=\"1652\">navdu\u0161enci nad vapingom in podjetja<\/strong>, je VAPME GOAT 40000 visoko zmogljiva e-cigareta za enkratno uporabo, ki daje prednost <strong data-start=\"1737\" data-end=\"1785\">intenzivnosti okusa, dolgi \u017eivljenjski dobi in priro\u010dnosti<\/strong>. Ne glede na to, ali i\u0161\u010dete vape za vsakodnevno uporabo ali za nakup na debelo za maloprodajo, ta naprava ponuja vrhunsko izku\u0161njo vapinga z <strong data-start=\"1920\" data-end=\"1984\">gladkimi udarci v grlo, gosto paro in dosledno izhodno mo\u010djo<\/strong>.<\/p>\n<h3 class=\"\" data-start=\"1989\" data-end=\"2011\"><strong data-start=\"1993\" data-end=\"2009\">Kot nala\u0161\u010d za:<\/strong><\/h3>\n<ol>\n<li>Vsakodnevno uparjanje<\/li>\n<li>Prijazno za potovanja, enostavna uporaba<\/li>\n<li>Vaping s prednostmi nikotina in brez nikotina<\/li>\n<li>Trgovci na drobno, ki i\u0161\u010dejo zelo zahtevan vape za enkratno uporabo<\/li>\n<\/ol>\n<p class=\"\" data-start=\"2176\" data-end=\"2308\">Za naro\u010dila v velikih koli\u010dinah in veleprodajna povpra\u0161evanja obi\u0161\u010dite <strong data-start=\"2223\" data-end=\"2240\">Vapebulkp.com<\/strong> in razi\u0161\u010dite vrhunske re\u0161itve za vaping, prilagojene za slovenski trg.<\/p>\n<h3>Podrobnosti dostave:<\/h3>\n<p><span style=\"color: #ff6600\">\u010cas proizvodnje: 5\u201310 delovnih dni<\/span><br \/>\n<span style=\"color: #ff6600\">\u010cas dostave: 8\u201314 delovnih dni<\/span><\/p>\n<p>Vsi izdelki v na\u0161i trgovini so 100% originalni in avtenti\u010dni, zato je na\u0161a politika desetkratno nadomestilo za ponarejeno blago. Za dostavo blaga vam uporabljamo logisti\u010dne kanale, kot so UPS\/DHL\/FEDEX\/DPD.<\/p>\n<p>Za pakete, poslane v Slovenijo, obi\u010dajno traja 10 delovnih dni. Po\u0161iljanje v evropske dr\u017eave obi\u010dajno traja 12 do 15 delovnih dni. Logisti\u010dne informacije vam bomo sproti posodabljali.<\/p>","protected":false},"excerpt":{"rendered":"<p>VAPME GOAT 40000 Vpihov je vrhunska <strong data-start=\"135\" data-end=\"164\">veleprodajna e-cigareta za enkratno uporabo<\/strong>, zasnovana za trgovce na drobno in distributerje, ki i\u0161\u010dejo <strong data-start=\"214\" data-end=\"260\">visoko povpra\u0161evanje, dolgotrajne re\u0161itve za vaping<\/strong>. Z <strong data-start=\"275\" data-end=\"332\">850mAh polnilna baterija s hitrim polnjenjem Type-C<\/strong>, ta naprava zagotavlja podalj\u0161ano uporabo z <strong data-start=\"372\" data-end=\"399\">dosledno izhodno mo\u010djo<\/strong>, zaradi \u010desar je izjemna izbira za ob\u010dasne in napredne uporabnike.<\/p>\n<p>Za popust se obrnite na Mandyin WhatsApp<a href=\"https:\/\/wa.me\/8618077105796\">+8618077105796<\/a><\/p>\n<p>&nbsp;<\/p>\n<p><img decoding=\"async\" class=\"alignnone wp-image-2151\" src=\"http:\/\/vapebulkp.com\/wp-content\/uploads\/2024\/04\/Mandy-WhatsApp-Randm.jpg\" alt=\"Mandy WhatsApp Randm\" width=\"297\" height=\"316\" srcset=\"https:\/\/vapebulkp.com\/wp-content\/uploads\/2024\/04\/Mandy-WhatsApp-Randm.jpg 916w, https:\/\/vapebulkp.com\/wp-content\/uploads\/2024\/04\/Mandy-WhatsApp-Randm-282x300.jpg 282w, https:\/\/vapebulkp.com\/wp-content\/uploads\/2024\/04\/Mandy-WhatsApp-Randm-768x817.jpg 768w, https:\/\/vapebulkp.com\/wp-content\/uploads\/2024\/04\/Mandy-WhatsApp-Randm-600x638.jpg 600w\" sizes=\"(max-width: 297px) 100vw, 297px\" \/><\/p>\n<p><span style=\"color: #ff0000\">OPOMBA: Cene na na\u0161i spletni strani ne vklju\u010dujejo stro\u0161kov po\u0161iljanja.<\/span><\/p>\n<p>&nbsp;<\/p>","protected":false},"featured_media":3605,"comment_status":"open","ping_status":"closed","template":"","meta":{"_uag_custom_page_level_css":"","_lmt_disableupdate":"no","_lmt_disable":"","site-sidebar-layout":"default","site-content-layout":"content-boxed-container","ast-site-content-layout":"normal-width-container","site-content-style":"boxed","site-sidebar-style":"unboxed","ast-global-header-display":"","ast-banner-title-visibility":"","ast-main-header-display":"","ast-hfb-above-header-display":"","ast-hfb-below-header-display":"","ast-hfb-mobile-header-display":"","site-post-title":"","ast-breadcrumbs-content":"","ast-featured-img":"","footer-sml-layout":"","theme-transparent-header-meta":"default","adv-header-id-meta":"","stick-header-meta":"","header-above-stick-meta":"","header-main-stick-meta":"","header-below-stick-meta":"","astra-migrate-meta-layouts":"set","_joinchat":[]},"product_cat":[182,153,155,33,59,100,87,34,158,157,154,152,58,84,156,63,32,368],"product_tag":[36,37,41,40,231],"class_list":["post-3624","product","type-product","status-publish","has-post-thumbnail","hentry","product_cat-40000-puffs-disposable-vape","product_cat-hot-disposable-vapes","product_cat-belgium-hot-disposable-vapes","product_cat-france-vape-hot-sale","product_cat-germany-hot-disposable-vape","product_cat-germany-wholesale-vape-shop","product_cat-minimum-order-quantity-50pcs","product_cat-netherlands-vape-good-sale","product_cat-norway-hot-disposable-vapes","product_cat-poland-hot-disposable-vapes","product_cat-portugal-hot-disposable-vapes","product_cat-spain-hot-disposable-vapes","product_cat-sweden-hot-disposable-vape","product_cat-sweden-wholesale-vape","product_cat-switzerland-hot-disposable-vapes","product_cat-top-sale-disposable-vape","product_cat-vape-hot-sale-this-week","product_cat-vapme-vape","product_tag-good-vape","product_tag-hot-sale-disposable-vape","product_tag-poland-hot-vape","product_tag-sweden-hot-vape","product_tag-vapme-goat-40000-puffs","pa_brand-vapme-vape","desktop-align-left","tablet-align-left","mobile-align-left"],"yoast_head":"<!-- This site is optimized with the Yoast SEO plugin v21.1 - https:\/\/yoast.com\/wordpress\/plugins\/seo\/ -->\n<title>VAPME GOAT 40000 Puffs Wholesale Disposable Vapes - vapebulkp.com<\/title>\n<meta name=\"description\" content=\"Buy VAPME GOAT 40000 Puffs Disposable Vape in bulk! Featuring 850mAh rechargeable battery, 30mL e-liquid, Wholesale available at Vapebulkp.com!\" \/>\n<meta name=\"robots\" content=\"index, follow, max-snippet:-1, max-image-preview:large, max-video-preview:-1\" \/>\n<link rel=\"canonical\" href=\"https:\/\/vapebulkp.com\/sl\/product\/vapme-goat-40000-puffs-wholesale-disposable-vapes\/\" \/>\n<meta property=\"og:locale\" content=\"sl_SI\" \/>\n<meta property=\"og:type\" content=\"article\" \/>\n<meta property=\"og:title\" content=\"VAPME GOAT 40000 Puffs Wholesale Disposable Vapes - vapebulkp.com\" \/>\n<meta property=\"og:description\" content=\"Buy VAPME GOAT 40000 Puffs Disposable Vape in bulk! Featuring 850mAh rechargeable battery, 30mL e-liquid, Wholesale available at Vapebulkp.com!\" \/>\n<meta property=\"og:url\" content=\"https:\/\/vapebulkp.com\/sl\/product\/vapme-goat-40000-puffs-wholesale-disposable-vapes\/\" \/>\n<meta property=\"og:site_name\" content=\"vapebulkp.com\" \/>\n<meta property=\"article:modified_time\" content=\"2025-09-17T08:39:59+00:00\" \/>\n<meta property=\"og:image\" content=\"http:\/\/vapebulkp.com\/wp-content\/uploads\/2025\/03\/Long-Lasting-VAPME-GOAT-40000-Puff-Vape-Pen.webp\" \/>\n\t<meta property=\"og:image:width\" content=\"800\" \/>\n\t<meta property=\"og:image:height\" content=\"800\" \/>\n\t<meta property=\"og:image:type\" content=\"image\/webp\" \/>\n<meta name=\"twitter:card\" content=\"summary_large_image\" \/>\n<meta name=\"twitter:label1\" content=\"Est. reading time\" \/>\n\t<meta name=\"twitter:data1\" content=\"4 minute\" \/>\n<script type=\"application\/ld+json\" class=\"yoast-schema-graph\">{\"@context\":\"https:\/\/schema.org\",\"@graph\":[{\"@type\":\"WebPage\",\"@id\":\"https:\/\/vapebulkp.com\/product\/vapme-goat-40000-puffs-wholesale-disposable-vapes\/\",\"url\":\"https:\/\/vapebulkp.com\/product\/vapme-goat-40000-puffs-wholesale-disposable-vapes\/\",\"name\":\"VAPME GOAT 40000 Puffs Wholesale Disposable Vapes - vapebulkp.com\",\"isPartOf\":{\"@id\":\"https:\/\/vapebulkp.com\/#website\"},\"datePublished\":\"2025-03-28T03:29:59+00:00\",\"dateModified\":\"2025-09-17T08:39:59+00:00\",\"description\":\"Buy VAPME GOAT 40000 Puffs Disposable Vape in bulk! Featuring 850mAh rechargeable battery, 30mL e-liquid, Wholesale available at Vapebulkp.com!\",\"breadcrumb\":{\"@id\":\"https:\/\/vapebulkp.com\/product\/vapme-goat-40000-puffs-wholesale-disposable-vapes\/#breadcrumb\"},\"inLanguage\":\"sl-SI\",\"potentialAction\":[{\"@type\":\"ReadAction\",\"target\":[\"https:\/\/vapebulkp.com\/product\/vapme-goat-40000-puffs-wholesale-disposable-vapes\/\"]}]},{\"@type\":\"BreadcrumbList\",\"@id\":\"https:\/\/vapebulkp.com\/product\/vapme-goat-40000-puffs-wholesale-disposable-vapes\/#breadcrumb\",\"itemListElement\":[{\"@type\":\"ListItem\",\"position\":1,\"name\":\"Home\",\"item\":\"https:\/\/vapebulkp.com\/\"},{\"@type\":\"ListItem\",\"position\":2,\"name\":\"Hot Trend Vapes\",\"item\":\"https:\/\/vapebulkp.com\/vape-shop\/\"},{\"@type\":\"ListItem\",\"position\":3,\"name\":\"VAPME GOAT 40000 Puffs Wholesale Disposable Vapes\"}]},{\"@type\":\"WebSite\",\"@id\":\"https:\/\/vapebulkp.com\/#website\",\"url\":\"https:\/\/vapebulkp.com\/\",\"name\":\"vapebulkp.com\",\"description\":\"Buy Vape In Cheap Bulk Price Near you\",\"publisher\":{\"@id\":\"https:\/\/vapebulkp.com\/#organization\"},\"potentialAction\":[{\"@type\":\"SearchAction\",\"target\":{\"@type\":\"EntryPoint\",\"urlTemplate\":\"https:\/\/vapebulkp.com\/?s={search_term_string}\"},\"query-input\":\"required name=search_term_string\"}],\"inLanguage\":\"sl-SI\"},{\"@type\":\"Organization\",\"@id\":\"https:\/\/vapebulkp.com\/#organization\",\"name\":\"vapebulkp.com\",\"url\":\"https:\/\/vapebulkp.com\/\",\"logo\":{\"@type\":\"ImageObject\",\"inLanguage\":\"sl-SI\",\"@id\":\"https:\/\/vapebulkp.com\/#\/schema\/logo\/image\/\",\"url\":\"https:\/\/vapebulkp.com\/wp-content\/uploads\/2023\/09\/cropped-vapebulkp.png\",\"contentUrl\":\"https:\/\/vapebulkp.com\/wp-content\/uploads\/2023\/09\/cropped-vapebulkp.png\",\"width\":516,\"height\":163,\"caption\":\"vapebulkp.com\"},\"image\":{\"@id\":\"https:\/\/vapebulkp.com\/#\/schema\/logo\/image\/\"}}]}<\/script>\n<!-- \/ Yoast SEO plugin. -->","yoast_head_json":{"title":"VAPME GOAT 40000 Puffs Wholesale Disposable Vapes - vapebulkp.com","description":"Buy VAPME GOAT 40000 Puffs Disposable Vape in bulk! Featuring 850mAh rechargeable battery, 30mL e-liquid, Wholesale available at Vapebulkp.com!","robots":{"index":"index","follow":"follow","max-snippet":"max-snippet:-1","max-image-preview":"max-image-preview:large","max-video-preview":"max-video-preview:-1"},"canonical":"https:\/\/vapebulkp.com\/sl\/product\/vapme-goat-40000-puffs-wholesale-disposable-vapes\/","og_locale":"sl_SI","og_type":"article","og_title":"VAPME GOAT 40000 Puffs Wholesale Disposable Vapes - vapebulkp.com","og_description":"Buy VAPME GOAT 40000 Puffs Disposable Vape in bulk! Featuring 850mAh rechargeable battery, 30mL e-liquid, Wholesale available at Vapebulkp.com!","og_url":"https:\/\/vapebulkp.com\/sl\/product\/vapme-goat-40000-puffs-wholesale-disposable-vapes\/","og_site_name":"vapebulkp.com","article_modified_time":"2025-09-17T08:39:59+00:00","og_image":[{"width":800,"height":800,"url":"http:\/\/vapebulkp.com\/wp-content\/uploads\/2025\/03\/Long-Lasting-VAPME-GOAT-40000-Puff-Vape-Pen.webp","type":"image\/webp"}],"twitter_card":"summary_large_image","twitter_misc":{"Est. reading time":"4 minute"},"schema":{"@context":"https:\/\/schema.org","@graph":[{"@type":"WebPage","@id":"https:\/\/vapebulkp.com\/product\/vapme-goat-40000-puffs-wholesale-disposable-vapes\/","url":"https:\/\/vapebulkp.com\/product\/vapme-goat-40000-puffs-wholesale-disposable-vapes\/","name":"VAPME GOAT 40000 Puffs Wholesale Disposable Vapes - vapebulkp.com","isPartOf":{"@id":"https:\/\/vapebulkp.com\/#website"},"datePublished":"2025-03-28T03:29:59+00:00","dateModified":"2025-09-17T08:39:59+00:00","description":"Buy VAPME GOAT 40000 Puffs Disposable Vape in bulk! Featuring 850mAh rechargeable battery, 30mL e-liquid, Wholesale available at Vapebulkp.com!","breadcrumb":{"@id":"https:\/\/vapebulkp.com\/product\/vapme-goat-40000-puffs-wholesale-disposable-vapes\/#breadcrumb"},"inLanguage":"sl-SI","potentialAction":[{"@type":"ReadAction","target":["https:\/\/vapebulkp.com\/product\/vapme-goat-40000-puffs-wholesale-disposable-vapes\/"]}]},{"@type":"BreadcrumbList","@id":"https:\/\/vapebulkp.com\/product\/vapme-goat-40000-puffs-wholesale-disposable-vapes\/#breadcrumb","itemListElement":[{"@type":"ListItem","position":1,"name":"Home","item":"https:\/\/vapebulkp.com\/"},{"@type":"ListItem","position":2,"name":"Hot Trend Vapes","item":"https:\/\/vapebulkp.com\/vape-shop\/"},{"@type":"ListItem","position":3,"name":"VAPME GOAT 40000 Puffs Wholesale Disposable Vapes"}]},{"@type":"WebSite","@id":"https:\/\/vapebulkp.com\/#website","url":"https:\/\/vapebulkp.com\/","name":"vapebulkp.com","description":"Buy Vape In Cheap Bulk Price Near you","publisher":{"@id":"https:\/\/vapebulkp.com\/#organization"},"potentialAction":[{"@type":"SearchAction","target":{"@type":"EntryPoint","urlTemplate":"https:\/\/vapebulkp.com\/?s={search_term_string}"},"query-input":"required name=search_term_string"}],"inLanguage":"sl-SI"},{"@type":"Organization","@id":"https:\/\/vapebulkp.com\/#organization","name":"vapebulkp.com","url":"https:\/\/vapebulkp.com\/","logo":{"@type":"ImageObject","inLanguage":"sl-SI","@id":"https:\/\/vapebulkp.com\/#\/schema\/logo\/image\/","url":"https:\/\/vapebulkp.com\/wp-content\/uploads\/2023\/09\/cropped-vapebulkp.png","contentUrl":"https:\/\/vapebulkp.com\/wp-content\/uploads\/2023\/09\/cropped-vapebulkp.png","width":516,"height":163,"caption":"vapebulkp.com"},"image":{"@id":"https:\/\/vapebulkp.com\/#\/schema\/logo\/image\/"}}]}},"uagb_featured_image_src":{"full":["https:\/\/vapebulkp.com\/wp-content\/uploads\/2025\/03\/Long-Lasting-VAPME-GOAT-40000-Puff-Vape-Pen.webp",800,800,false],"thumbnail":["https:\/\/vapebulkp.com\/wp-content\/uploads\/2025\/03\/Long-Lasting-VAPME-GOAT-40000-Puff-Vape-Pen-150x150.webp",150,150,true],"medium":["https:\/\/vapebulkp.com\/wp-content\/uploads\/2025\/03\/Long-Lasting-VAPME-GOAT-40000-Puff-Vape-Pen-300x300.webp",300,300,true],"medium_large":["https:\/\/vapebulkp.com\/wp-content\/uploads\/2025\/03\/Long-Lasting-VAPME-GOAT-40000-Puff-Vape-Pen-768x768.webp",768,768,true],"large":["https:\/\/vapebulkp.com\/wp-content\/uploads\/2025\/03\/Long-Lasting-VAPME-GOAT-40000-Puff-Vape-Pen.webp",800,800,false],"1536x1536":["https:\/\/vapebulkp.com\/wp-content\/uploads\/2025\/03\/Long-Lasting-VAPME-GOAT-40000-Puff-Vape-Pen.webp",800,800,false],"2048x2048":["https:\/\/vapebulkp.com\/wp-content\/uploads\/2025\/03\/Long-Lasting-VAPME-GOAT-40000-Puff-Vape-Pen.webp",800,800,false],"trp-custom-language-flag":["https:\/\/vapebulkp.com\/wp-content\/uploads\/2025\/03\/Long-Lasting-VAPME-GOAT-40000-Puff-Vape-Pen.webp",12,12,false],"woocommerce_thumbnail":["https:\/\/vapebulkp.com\/wp-content\/uploads\/2025\/03\/Long-Lasting-VAPME-GOAT-40000-Puff-Vape-Pen-300x300.webp",300,300,true],"woocommerce_single":["https:\/\/vapebulkp.com\/wp-content\/uploads\/2025\/03\/Long-Lasting-VAPME-GOAT-40000-Puff-Vape-Pen-600x600.webp",600,600,true],"woocommerce_gallery_thumbnail":["https:\/\/vapebulkp.com\/wp-content\/uploads\/2025\/03\/Long-Lasting-VAPME-GOAT-40000-Puff-Vape-Pen-100x100.webp",100,100,true],"wcpr-photo-reviews":["https:\/\/vapebulkp.com\/wp-content\/uploads\/2025\/03\/Long-Lasting-VAPME-GOAT-40000-Puff-Vape-Pen.webp",500,500,false]},"uagb_author_info":{"display_name":"Mandy vape bulk price","author_link":"https:\/\/vapebulkp.com\/sl\/author\/"},"uagb_comment_info":0,"uagb_excerpt":"VAPME GOAT 40000 Puffs is a top-tier wholesale disposable vape, designed for retailers and distributors seeking high-demand, long-lasting vaping solutions. Featuring an 850mAh rechargeable battery with Type-C fast charging, this device ensures extended use with consistent power output, making it a standout choice for both casual and advanced vapers. Pls Contact Mandy's WhatsApp For Discount&hellip;","_links":{"self":[{"href":"https:\/\/vapebulkp.com\/sl\/wp-json\/wp\/v2\/product\/3624","targetHints":{"allow":["GET"]}}],"collection":[{"href":"https:\/\/vapebulkp.com\/sl\/wp-json\/wp\/v2\/product"}],"about":[{"href":"https:\/\/vapebulkp.com\/sl\/wp-json\/wp\/v2\/types\/product"}],"replies":[{"embeddable":true,"href":"https:\/\/vapebulkp.com\/sl\/wp-json\/wp\/v2\/comments?post=3624"}],"wp:featuredmedia":[{"embeddable":true,"href":"https:\/\/vapebulkp.com\/sl\/wp-json\/wp\/v2\/media\/3605"}],"wp:attachment":[{"href":"https:\/\/vapebulkp.com\/sl\/wp-json\/wp\/v2\/media?parent=3624"}],"wp:term":[{"taxonomy":"product_cat","embeddable":true,"href":"https:\/\/vapebulkp.com\/sl\/wp-json\/wp\/v2\/product_cat?post=3624"},{"taxonomy":"product_tag","embeddable":true,"href":"https:\/\/vapebulkp.com\/sl\/wp-json\/wp\/v2\/product_tag?post=3624"}],"curies":[{"name":"wp","href":"https:\/\/api.w.org\/{rel}","templated":true}]}}