{"id":3700,"date":"2025-04-23T09:53:13","date_gmt":"2025-04-23T07:53:13","guid":{"rendered":"https:\/\/vapebulkp.com\/?post_type=product&#038;p=3700"},"modified":"2025-09-17T10:38:27","modified_gmt":"2025-09-17T08:38:27","slug":"vapme-digital-30000-puffs-disposable-vape-with-smart-screen","status":"publish","type":"product","link":"https:\/\/vapebulkp.com\/sl\/product\/vapme-digital-30000-puffs-disposable-vape-with-smart-screen\/","title":{"rendered":"Vapme Digital 30000 Vpihov Vape za enkratno uporabo s pametnim zaslonom"},"content":{"rendered":"<h2>Vapme Digital 30000 Vpihov Vape za enkratno uporabo s pametnim zaslonom<\/h2>\n<p data-start=\"587\" data-end=\"880\">The <strong data-start=\"591\" data-end=\"620\">Vapme Digital 30000 Vpihov<\/strong> je naslednja generacija <a href=\"https:\/\/vapebulkp.com\/sl\/product-category\/30000-puff-disposable-vape\/\"><strong data-start=\"642\" data-end=\"673\">30000 vdihov, vape za enkratno uporabo<\/strong><\/a> ustvarjena za evropski trg. Zasnovana kot <strong data-start=\"721\" data-end=\"746\">dolgotrajna vape naprava<\/strong>, zagotavlja dosledno paro in mo\u010dan okus skozi tiso\u010de vdihov, zaradi \u010desar je idealna za vsakodnevne uporabnike in veleprodajne kupce.<\/p>\n<p data-start=\"882\" data-end=\"1140\">Zasnovana z napredno <strong data-start=\"907\" data-end=\"925\">mre\u017easte tuljave za vape<\/strong> tehnologijo, zagotavlja gladek pretok zraka, gosto paro in bogat okus, ki traja do zadnjega vpiha. Digitalni zaslon prikazuje nivo baterije in e-teko\u010dine v realnem \u010dasu, s \u010dimer imate vsako sejo pod nadzorom.<\/p>\n<p data-start=\"1142\" data-end=\"1443\">Napajan z 850 mAh baterijo, ta <strong data-start=\"1177\" data-end=\"1209\">za polnljiva jednokratna vape<\/strong> podpira hitro polnjenje Type-C, kar zmanj\u0161uje \u010das nedelovanja in ohranja stabilno delovanje. Z jakostmi nikotinske soli 0%, 2%, 3% in 5% je <strong data-start=\"1347\" data-end=\"1376\">Vapme Digital 30000 Vpihov<\/strong> prilagojena razli\u010dnim preferencam vapinga, ne glede na to, ali so lahke ali mo\u010dne.<\/p>\n<p data-start=\"1445\" data-end=\"1706\">Na voljo v 12 prefinjenih okusih, ta <strong data-start=\"1483\" data-end=\"1505\">nicotinska solna vape<\/strong> zdru\u017euje vrhunsko kakovost s priro\u010dnostjo. Tanka, prenosna in pripravljena za veleprodajo, je pametna izbira za trgovce na drobno in distributerje, ki i\u0161\u010dejo izdelke z visokim povpra\u0161evanjem v Sloveniji <strong data-start=\"1675\" data-end=\"1696\">veleprodajni vape EU<\/strong>.<\/p>\n<h6>Za popust se obrnite na Mandyin WhatsApp<a href=\"https:\/\/wa.me\/8618077105796\">+8618077105796<\/a><\/h6>\n<p>&nbsp;<\/p>\n<p><img decoding=\"async\" class=\"alignnone wp-image-2151\" src=\"http:\/\/vapebulkp.com\/wp-content\/uploads\/2024\/04\/Mandy-WhatsApp-Randm.jpg\" alt=\"Mandy WhatsApp Randm\" width=\"324\" height=\"330\" \/><\/p>\n<h3 class=\"\" data-start=\"104\" data-end=\"182\"><strong data-start=\"108\" data-end=\"182\">Vapme Digital 30000 Vpihov Visoko zmogljive vape za enkratno uporabo \u2013 Specifikacije izdelka<\/strong><\/h3>\n<ul data-start=\"184\" data-end=\"747\">\n<li class=\"\" data-start=\"184\" data-end=\"217\">\n<p class=\"\" data-start=\"186\" data-end=\"217\"><strong data-start=\"186\" data-end=\"200\">\u0160tevilo vpihov<\/strong>: 30000 Vpihov<\/p>\n<\/li>\n<li class=\"\" data-start=\"218\" data-end=\"288\">\n<p class=\"\" data-start=\"220\" data-end=\"288\"><strong data-start=\"220\" data-end=\"231\">Baterija<\/strong>: 850mAh Baterija za ponovno polnjenje s hitrim polnjenjem Type-C<\/p>\n<\/li>\n<li class=\"\" data-start=\"289\" data-end=\"350\">\n<p class=\"\" data-start=\"291\" data-end=\"350\"><strong data-start=\"291\" data-end=\"312\">Kapaciteta e-teko\u010dine<\/strong>: 20mL Predhodno napolnjena Premium Vape Teko\u010dina<\/p>\n<\/li>\n<li class=\"\" data-start=\"351\" data-end=\"414\">\n<p class=\"\" data-start=\"353\" data-end=\"414\"><strong data-start=\"353\" data-end=\"382\">Mo\u017enosti jakosti nikotina<\/strong>: 0%, 2%, 3%, 5% Nikotinova sol<\/p>\n<\/li>\n<li class=\"\" data-start=\"415\" data-end=\"483\">\n<p class=\"\" data-start=\"417\" data-end=\"483\"><strong data-start=\"417\" data-end=\"436\">Tehnologija grelca<\/strong>: Napredna 0.6\u03a9 Mre\u017easta tuljava za izbolj\u0161an okus<\/p>\n<\/li>\n<li class=\"\" data-start=\"484\" data-end=\"555\">\n<p class=\"\" data-start=\"486\" data-end=\"555\"><strong data-start=\"486\" data-end=\"500\">Slog vle\u010denja<\/strong>: MTL (Usta-v-plju\u010da) \u2013 Gladko vdihavanje, podobno cigareti<\/p>\n<\/li>\n<li class=\"\" data-start=\"556\" data-end=\"621\">\n<p class=\"\" data-start=\"558\" data-end=\"621\"><strong data-start=\"558\" data-end=\"569\">Zaslon<\/strong>: Digitalni zaslon za baterijo<\/p>\n<\/li>\n<li class=\"\" data-start=\"622\" data-end=\"677\">\n<p class=\"\" data-start=\"624\" data-end=\"677\"><strong data-start=\"624\" data-end=\"635\">Okusi<\/strong>: 12 Bogatih in izrazitih mo\u017enosti okusa<\/p>\n<\/li>\n<li class=\"\" data-start=\"678\" data-end=\"747\">\n<p class=\"\" data-start=\"680\" data-end=\"747\"><strong data-start=\"680\" data-end=\"693\">Embala\u017ea<\/strong>: 160 Enote na \u0161katlo | Bruto te\u017ea: 20,5 kg na \u0161katlo<\/p>\n<\/li>\n<\/ul>\n<h2>Vapme Digital 30000 Vpihov Type-C Vape Okus<\/h2>\n<p>1. Jagodna ledena<br \/>\n2. Jagoda Kiwi<br \/>\n3. Jagodno grozdje<br \/>\n4. \u010ce\u0161njev led<br \/>\n5. Kivi Pasijonka Guava<br \/>\n6. Jagodni Red Bull7. Breskov led<br \/>\n8. Energijska pija\u010da<br \/>\n9. Gospa Killa<br \/>\n10. Lubenica led<br \/>\n11. Love 66<br \/>\n12. Borovnica Malina<\/p>\n<p><span style=\"vertical-align: inherit\">Poi\u0161\u010dite ve\u010d izdelkov, ki bi vam bili morda v\u0161e\u010d:<\/span><em><a href=\"https:\/\/wa.me\/8618077105796\"><span style=\"vertical-align: inherit\">\u00a0Kupite zdaj<\/span><\/a><\/em><\/p>\n<p><span style=\"vertical-align: inherit\">Drugi 'puffs', ki bi vam bili morda v\u0161e\u010d:<\/span><a href=\"https:\/\/vapebulkp.com\/sl\/product\/waspe-vape-40000-puff-fihp-double-flavour-disposable-vape\/\"><span style=\"vertical-align: inherit\">WASPE FIHP 40000 Vpihov<\/span><\/a><span style=\"vertical-align: inherit\">\u3001<\/span><a href=\"https:\/\/vapebulkp.com\/sl\/product\/uzy-crystal-twin-50000-puffs-rechargeable-vape-with-led-display\/\"><span style=\"vertical-align: inherit\">UZY Crystal Twin 50000 vpihov<\/span><\/a><span style=\"vertical-align: inherit\">\/ <\/span><a href=\"https:\/\/vapebulkp.com\/sl\/fi\/product\/bang-30k-puffs-new-double-taste-good-vape\/\"><span style=\"vertical-align: inherit\">Bang Vape 30000Vpihov<\/span><\/a><span style=\"vertical-align: inherit\">\/ <\/span><a href=\"https:\/\/vapebulkp.com\/sl\/product\/zooy-zero-45000-puffs-nicotine-salt-vape-extra-large-e-liquid-capacity\/\"><span style=\"vertical-align: inherit\">ZOOY ZERO 45000 Vpihov<\/span><\/a><\/p>\n<h3 class=\"\" data-start=\"1557\" data-end=\"1601\"><strong data-start=\"1561\" data-end=\"1599\">Zakaj izbrati Vapme Digital 30000 Puff vape \u0161katlico?<\/strong><\/h3>\n<h4 class=\"\" data-start=\"120\" data-end=\"165\">\ud83d\udd0b<strong data-start=\"128\" data-end=\"163\">Izjemno dolga \u017eivljenjska doba \u2013 30.000+ vpihov<\/strong><\/h4>\n<p class=\"\" data-start=\"166\" data-end=\"320\">Poslovite se od nenehnih zamenjav. Ta naprava zagotavlja izjemno dolgo \u017eivljenjsko dobo, zaradi \u010desar je zanesljiv spremljevalec za vsakodnevno uporabo, potovanja in nadaljnjo prodajo v Sloveniji.<\/p>\n<h4 class=\"\" data-start=\"322\" data-end=\"356\">\ud83d\udcf1 <strong data-start=\"330\" data-end=\"354\">Pametni digitalni zaslon<\/strong><\/h4>\n<p class=\"\" data-start=\"357\" data-end=\"481\">Vgrajeni zaslon prikazuje nivo baterije in e-teko\u010dine v realnem \u010dasu. Jasno, moderno in priro\u010dno \u2013 natan\u010dno veste, kdaj napolniti.<\/p>\n<h4 class=\"\" data-start=\"483\" data-end=\"526\">\ud83d\udca8 <strong data-start=\"491\" data-end=\"524\">Mre\u017easta tuljava za vrhunski okus<\/strong><\/h4>\n<p class=\"\" data-start=\"527\" data-end=\"650\">Opremljen z 0,6\u03a9 mre\u017easto tuljavo, zagotavlja gosto paro in gladke vdihe vsaki\u010d, optimizirano za uporabnike MTL (usta v plju\u010da).<\/p>\n<h4 class=\"\" data-start=\"652\" data-end=\"704\">\ud83c\udf4d <strong data-start=\"660\" data-end=\"702\">12 vrhunskih okusov<\/strong><\/h4>\n<p class=\"\" data-start=\"705\" data-end=\"845\">Izbirajte med izborom 12 strokovno me\u0161anih okusov. Na voljo v nikotinskih jakostih 0%, 2%, 3% in 5%, da ustreza vsakemu okusu in \u017eelji.<\/p>\n<h4 class=\"\" data-start=\"847\" data-end=\"896\">\u26a1 <strong data-start=\"854\" data-end=\"894\">Hitro polnjenje tipa C, baterija 850 mAh<\/strong><\/h4>\n<p class=\"\" data-start=\"897\" data-end=\"973\">U\u010dinkovito napajanje in hitro polnjenje pomenita manj \u010dakanja, ve\u010d vejpanja.<\/p>\n<h4 class=\"\" data-start=\"975\" data-end=\"1025\">\ud83d\udce6 <strong data-start=\"983\" data-end=\"1023\">Pripravljeno za veleprodajo \u2013 160 enot na \u0161katlo<\/strong><\/h4>\n<p class=\"\" data-start=\"1026\" data-end=\"1146\">Idealno za trgovce na drobno in kupce na debelo. Lahka, organizirana embala\u017ea (20,5 kg\/\u0161katlo) zagotavlja enostavno rokovanje in transport.<\/p>\n<h4 class=\"\" data-start=\"1148\" data-end=\"1206\">\ud83c\udf0d <strong data-start=\"1156\" data-end=\"1204\">Eleganten, primeren za potovanja in brez vzdr\u017eevanja<\/strong><\/h4>\n<p class=\"\" data-start=\"1207\" data-end=\"1312\">Kompakten, eleganten in pripravljen za uporabo takoj iz \u0161katle. Brez ponovnega polnjenja, brez menjave tuljav \u2013 samo napolnite in u\u017eivajte.<\/p>\n<h3>Podrobnosti dostave:<\/h3>\n<p><span style=\"color: #ff6600\">\u010cas proizvodnje: 5\u201310 delovnih dni<\/span><br \/>\n<span style=\"color: #ff6600\">\u010cas dostave: 8\u201314 delovnih dni<\/span><\/p>\n<p>Vsi izdelki v na\u0161i trgovini so 100% originalni in avtenti\u010dni, zato je na\u0161a politika desetkratno nadomestilo za ponarejeno blago. Za dostavo blaga vam uporabljamo logisti\u010dne kanale, kot so UPS\/DHL\/FEDEX\/DPD.<\/p>\n<p>Za pakete, poslane v Slovenijo, obi\u010dajno traja 10 delovnih dni. Po\u0161iljanje v evropske dr\u017eave obi\u010dajno traja 12 do 15 delovnih dni. Logisti\u010dne informacije vam bomo sproti posodabljali.<\/p>","protected":false},"excerpt":{"rendered":"<p>VAPME GOAT 40000 Vpihov je vrhunska <strong data-start=\"135\" data-end=\"164\">veleprodajna e-cigareta za enkratno uporabo<\/strong>, zasnovana za trgovce na drobno in distributerje, ki i\u0161\u010dejo <strong data-start=\"214\" data-end=\"260\">visoko povpra\u0161evanje, dolgotrajne re\u0161itve za vaping<\/strong>. Z <strong data-start=\"275\" data-end=\"332\">850mAh polnilna baterija s hitrim polnjenjem Type-C<\/strong>, ta naprava zagotavlja podalj\u0161ano uporabo z <strong data-start=\"372\" data-end=\"399\">dosledno izhodno mo\u010djo<\/strong>, zaradi \u010desar je izjemna izbira za ob\u010dasne in napredne uporabnike.<\/p>\n<p>Za popust se obrnite na Mandyin WhatsApp<a href=\"https:\/\/wa.me\/8618077105796\">+8618077105796<\/a><\/p>\n<p>&nbsp;<\/p>\n<p><img decoding=\"async\" class=\"alignnone wp-image-2151\" src=\"http:\/\/vapebulkp.com\/wp-content\/uploads\/2024\/04\/Mandy-WhatsApp-Randm.jpg\" alt=\"Mandy WhatsApp Randm\" width=\"297\" height=\"316\" srcset=\"https:\/\/vapebulkp.com\/wp-content\/uploads\/2024\/04\/Mandy-WhatsApp-Randm.jpg 916w, https:\/\/vapebulkp.com\/wp-content\/uploads\/2024\/04\/Mandy-WhatsApp-Randm-282x300.jpg 282w, https:\/\/vapebulkp.com\/wp-content\/uploads\/2024\/04\/Mandy-WhatsApp-Randm-768x817.jpg 768w, https:\/\/vapebulkp.com\/wp-content\/uploads\/2024\/04\/Mandy-WhatsApp-Randm-600x638.jpg 600w\" sizes=\"(max-width: 297px) 100vw, 297px\" \/><\/p>\n<p><span style=\"color: #ff0000\">OPOMBA: Cene na na\u0161i spletni strani ne vklju\u010dujejo stro\u0161kov po\u0161iljanja.<\/span><\/p>\n<p>&nbsp;<\/p>","protected":false},"featured_media":3698,"comment_status":"open","ping_status":"closed","template":"","meta":{"_uag_custom_page_level_css":"","_lmt_disableupdate":"no","_lmt_disable":"","site-sidebar-layout":"default","site-content-layout":"content-boxed-container","ast-site-content-layout":"normal-width-container","site-content-style":"boxed","site-sidebar-style":"unboxed","ast-global-header-display":"","ast-banner-title-visibility":"","ast-main-header-display":"","ast-hfb-above-header-display":"","ast-hfb-below-header-display":"","ast-hfb-mobile-header-display":"","site-post-title":"","ast-breadcrumbs-content":"","ast-featured-img":"","footer-sml-layout":"","theme-transparent-header-meta":"default","adv-header-id-meta":"","stick-header-meta":"","header-above-stick-meta":"","header-main-stick-meta":"","header-below-stick-meta":"","astra-migrate-meta-layouts":"set","_joinchat":[]},"product_cat":[160,153,155,33,59,100,87,34,158,157,154,152,58,84,156,63,32,368],"product_tag":[36,37,41,40,241],"class_list":["post-3700","product","type-product","status-publish","has-post-thumbnail","hentry","product_cat-30000-puff-disposable-vape","product_cat-hot-disposable-vapes","product_cat-belgium-hot-disposable-vapes","product_cat-france-vape-hot-sale","product_cat-germany-hot-disposable-vape","product_cat-germany-wholesale-vape-shop","product_cat-minimum-order-quantity-50pcs","product_cat-netherlands-vape-good-sale","product_cat-norway-hot-disposable-vapes","product_cat-poland-hot-disposable-vapes","product_cat-portugal-hot-disposable-vapes","product_cat-spain-hot-disposable-vapes","product_cat-sweden-hot-disposable-vape","product_cat-sweden-wholesale-vape","product_cat-switzerland-hot-disposable-vapes","product_cat-top-sale-disposable-vape","product_cat-vape-hot-sale-this-week","product_cat-vapme-vape","product_tag-good-vape","product_tag-hot-sale-disposable-vape","product_tag-poland-hot-vape","product_tag-sweden-hot-vape","product_tag-vapme-digital-30000-puffs","pa_brand-vapme-vape","desktop-align-left","tablet-align-left","mobile-align-left"],"yoast_head":"<!-- This site is optimized with the Yoast SEO plugin v21.1 - https:\/\/yoast.com\/wordpress\/plugins\/seo\/ -->\n<title>Vapme Digital 30000 Puffs Disposable Vape with Smart Screen - vapebulkp.com<\/title>\n<meta name=\"description\" content=\"Vapme Digital 30000 Puffs Disposable Vape delivers 30,000 puffs of smooth MTL vaping with rich flavors, a smart screen, and a rechargeable 850mAh battery. Enjoy long-lasting performance .\" \/>\n<meta name=\"robots\" content=\"index, follow, max-snippet:-1, max-image-preview:large, max-video-preview:-1\" \/>\n<link rel=\"canonical\" href=\"https:\/\/vapebulkp.com\/sl\/product\/vapme-digital-30000-puffs-disposable-vape-with-smart-screen\/\" \/>\n<meta property=\"og:locale\" content=\"sl_SI\" \/>\n<meta property=\"og:type\" content=\"article\" \/>\n<meta property=\"og:title\" content=\"Vapme Digital 30000 Puffs Disposable Vape with Smart Screen - vapebulkp.com\" \/>\n<meta property=\"og:description\" content=\"Vapme Digital 30000 Puffs Disposable Vape delivers 30,000 puffs of smooth MTL vaping with rich flavors, a smart screen, and a rechargeable 850mAh battery. Enjoy long-lasting performance .\" \/>\n<meta property=\"og:url\" content=\"https:\/\/vapebulkp.com\/sl\/product\/vapme-digital-30000-puffs-disposable-vape-with-smart-screen\/\" \/>\n<meta property=\"og:site_name\" content=\"vapebulkp.com\" \/>\n<meta property=\"article:modified_time\" content=\"2025-09-17T08:38:27+00:00\" \/>\n<meta property=\"og:image\" content=\"http:\/\/vapebulkp.com\/wp-content\/uploads\/2025\/04\/Vapme-Digital-30000-Puffs-Disposable-Vape-Long-Lasting-Vape.webp\" \/>\n\t<meta property=\"og:image:width\" content=\"800\" \/>\n\t<meta property=\"og:image:height\" content=\"800\" \/>\n\t<meta property=\"og:image:type\" content=\"image\/webp\" \/>\n<meta name=\"twitter:card\" content=\"summary_large_image\" \/>\n<meta name=\"twitter:label1\" content=\"Est. reading time\" \/>\n\t<meta name=\"twitter:data1\" content=\"3 minute\" \/>\n<script type=\"application\/ld+json\" class=\"yoast-schema-graph\">{\"@context\":\"https:\/\/schema.org\",\"@graph\":[{\"@type\":\"WebPage\",\"@id\":\"https:\/\/vapebulkp.com\/product\/vapme-digital-30000-puffs-disposable-vape-with-smart-screen\/\",\"url\":\"https:\/\/vapebulkp.com\/product\/vapme-digital-30000-puffs-disposable-vape-with-smart-screen\/\",\"name\":\"Vapme Digital 30000 Puffs Disposable Vape with Smart Screen - vapebulkp.com\",\"isPartOf\":{\"@id\":\"https:\/\/vapebulkp.com\/#website\"},\"datePublished\":\"2025-04-23T07:53:13+00:00\",\"dateModified\":\"2025-09-17T08:38:27+00:00\",\"description\":\"Vapme Digital 30000 Puffs Disposable Vape delivers 30,000 puffs of smooth MTL vaping with rich flavors, a smart screen, and a rechargeable 850mAh battery. Enjoy long-lasting performance .\",\"breadcrumb\":{\"@id\":\"https:\/\/vapebulkp.com\/product\/vapme-digital-30000-puffs-disposable-vape-with-smart-screen\/#breadcrumb\"},\"inLanguage\":\"sl-SI\",\"potentialAction\":[{\"@type\":\"ReadAction\",\"target\":[\"https:\/\/vapebulkp.com\/product\/vapme-digital-30000-puffs-disposable-vape-with-smart-screen\/\"]}]},{\"@type\":\"BreadcrumbList\",\"@id\":\"https:\/\/vapebulkp.com\/product\/vapme-digital-30000-puffs-disposable-vape-with-smart-screen\/#breadcrumb\",\"itemListElement\":[{\"@type\":\"ListItem\",\"position\":1,\"name\":\"Home\",\"item\":\"https:\/\/vapebulkp.com\/\"},{\"@type\":\"ListItem\",\"position\":2,\"name\":\"Hot Trend Vapes\",\"item\":\"https:\/\/vapebulkp.com\/vape-shop\/\"},{\"@type\":\"ListItem\",\"position\":3,\"name\":\"Vapme Digital 30000 Puffs Disposable Vape with Smart Screen\"}]},{\"@type\":\"WebSite\",\"@id\":\"https:\/\/vapebulkp.com\/#website\",\"url\":\"https:\/\/vapebulkp.com\/\",\"name\":\"vapebulkp.com\",\"description\":\"Buy Vape In Cheap Bulk Price Near you\",\"publisher\":{\"@id\":\"https:\/\/vapebulkp.com\/#organization\"},\"potentialAction\":[{\"@type\":\"SearchAction\",\"target\":{\"@type\":\"EntryPoint\",\"urlTemplate\":\"https:\/\/vapebulkp.com\/?s={search_term_string}\"},\"query-input\":\"required name=search_term_string\"}],\"inLanguage\":\"sl-SI\"},{\"@type\":\"Organization\",\"@id\":\"https:\/\/vapebulkp.com\/#organization\",\"name\":\"vapebulkp.com\",\"url\":\"https:\/\/vapebulkp.com\/\",\"logo\":{\"@type\":\"ImageObject\",\"inLanguage\":\"sl-SI\",\"@id\":\"https:\/\/vapebulkp.com\/#\/schema\/logo\/image\/\",\"url\":\"https:\/\/vapebulkp.com\/wp-content\/uploads\/2023\/09\/cropped-vapebulkp.png\",\"contentUrl\":\"https:\/\/vapebulkp.com\/wp-content\/uploads\/2023\/09\/cropped-vapebulkp.png\",\"width\":516,\"height\":163,\"caption\":\"vapebulkp.com\"},\"image\":{\"@id\":\"https:\/\/vapebulkp.com\/#\/schema\/logo\/image\/\"}}]}<\/script>\n<!-- \/ Yoast SEO plugin. -->","yoast_head_json":{"title":"Vapme Digital 30000 Puffs Disposable Vape with Smart Screen - vapebulkp.com","description":"Vapme Digital 30000 Puffs Disposable Vape delivers 30,000 puffs of smooth MTL vaping with rich flavors, a smart screen, and a rechargeable 850mAh battery. Enjoy long-lasting performance .","robots":{"index":"index","follow":"follow","max-snippet":"max-snippet:-1","max-image-preview":"max-image-preview:large","max-video-preview":"max-video-preview:-1"},"canonical":"https:\/\/vapebulkp.com\/sl\/product\/vapme-digital-30000-puffs-disposable-vape-with-smart-screen\/","og_locale":"sl_SI","og_type":"article","og_title":"Vapme Digital 30000 Puffs Disposable Vape with Smart Screen - vapebulkp.com","og_description":"Vapme Digital 30000 Puffs Disposable Vape delivers 30,000 puffs of smooth MTL vaping with rich flavors, a smart screen, and a rechargeable 850mAh battery. Enjoy long-lasting performance .","og_url":"https:\/\/vapebulkp.com\/sl\/product\/vapme-digital-30000-puffs-disposable-vape-with-smart-screen\/","og_site_name":"vapebulkp.com","article_modified_time":"2025-09-17T08:38:27+00:00","og_image":[{"width":800,"height":800,"url":"http:\/\/vapebulkp.com\/wp-content\/uploads\/2025\/04\/Vapme-Digital-30000-Puffs-Disposable-Vape-Long-Lasting-Vape.webp","type":"image\/webp"}],"twitter_card":"summary_large_image","twitter_misc":{"Est. reading time":"3 minute"},"schema":{"@context":"https:\/\/schema.org","@graph":[{"@type":"WebPage","@id":"https:\/\/vapebulkp.com\/product\/vapme-digital-30000-puffs-disposable-vape-with-smart-screen\/","url":"https:\/\/vapebulkp.com\/product\/vapme-digital-30000-puffs-disposable-vape-with-smart-screen\/","name":"Vapme Digital 30000 Puffs Disposable Vape with Smart Screen - vapebulkp.com","isPartOf":{"@id":"https:\/\/vapebulkp.com\/#website"},"datePublished":"2025-04-23T07:53:13+00:00","dateModified":"2025-09-17T08:38:27+00:00","description":"Vapme Digital 30000 Puffs Disposable Vape delivers 30,000 puffs of smooth MTL vaping with rich flavors, a smart screen, and a rechargeable 850mAh battery. Enjoy long-lasting performance .","breadcrumb":{"@id":"https:\/\/vapebulkp.com\/product\/vapme-digital-30000-puffs-disposable-vape-with-smart-screen\/#breadcrumb"},"inLanguage":"sl-SI","potentialAction":[{"@type":"ReadAction","target":["https:\/\/vapebulkp.com\/product\/vapme-digital-30000-puffs-disposable-vape-with-smart-screen\/"]}]},{"@type":"BreadcrumbList","@id":"https:\/\/vapebulkp.com\/product\/vapme-digital-30000-puffs-disposable-vape-with-smart-screen\/#breadcrumb","itemListElement":[{"@type":"ListItem","position":1,"name":"Home","item":"https:\/\/vapebulkp.com\/"},{"@type":"ListItem","position":2,"name":"Hot Trend Vapes","item":"https:\/\/vapebulkp.com\/vape-shop\/"},{"@type":"ListItem","position":3,"name":"Vapme Digital 30000 Puffs Disposable Vape with Smart Screen"}]},{"@type":"WebSite","@id":"https:\/\/vapebulkp.com\/#website","url":"https:\/\/vapebulkp.com\/","name":"vapebulkp.com","description":"Buy Vape In Cheap Bulk Price Near you","publisher":{"@id":"https:\/\/vapebulkp.com\/#organization"},"potentialAction":[{"@type":"SearchAction","target":{"@type":"EntryPoint","urlTemplate":"https:\/\/vapebulkp.com\/?s={search_term_string}"},"query-input":"required name=search_term_string"}],"inLanguage":"sl-SI"},{"@type":"Organization","@id":"https:\/\/vapebulkp.com\/#organization","name":"vapebulkp.com","url":"https:\/\/vapebulkp.com\/","logo":{"@type":"ImageObject","inLanguage":"sl-SI","@id":"https:\/\/vapebulkp.com\/#\/schema\/logo\/image\/","url":"https:\/\/vapebulkp.com\/wp-content\/uploads\/2023\/09\/cropped-vapebulkp.png","contentUrl":"https:\/\/vapebulkp.com\/wp-content\/uploads\/2023\/09\/cropped-vapebulkp.png","width":516,"height":163,"caption":"vapebulkp.com"},"image":{"@id":"https:\/\/vapebulkp.com\/#\/schema\/logo\/image\/"}}]}},"uagb_featured_image_src":{"full":["https:\/\/vapebulkp.com\/wp-content\/uploads\/2025\/04\/Vapme-Digital-30000-Puffs-Disposable-Vape-Long-Lasting-Vape.webp",800,800,false],"thumbnail":["https:\/\/vapebulkp.com\/wp-content\/uploads\/2025\/04\/Vapme-Digital-30000-Puffs-Disposable-Vape-Long-Lasting-Vape-150x150.webp",150,150,true],"medium":["https:\/\/vapebulkp.com\/wp-content\/uploads\/2025\/04\/Vapme-Digital-30000-Puffs-Disposable-Vape-Long-Lasting-Vape-300x300.webp",300,300,true],"medium_large":["https:\/\/vapebulkp.com\/wp-content\/uploads\/2025\/04\/Vapme-Digital-30000-Puffs-Disposable-Vape-Long-Lasting-Vape-768x768.webp",768,768,true],"large":["https:\/\/vapebulkp.com\/wp-content\/uploads\/2025\/04\/Vapme-Digital-30000-Puffs-Disposable-Vape-Long-Lasting-Vape.webp",800,800,false],"1536x1536":["https:\/\/vapebulkp.com\/wp-content\/uploads\/2025\/04\/Vapme-Digital-30000-Puffs-Disposable-Vape-Long-Lasting-Vape.webp",800,800,false],"2048x2048":["https:\/\/vapebulkp.com\/wp-content\/uploads\/2025\/04\/Vapme-Digital-30000-Puffs-Disposable-Vape-Long-Lasting-Vape.webp",800,800,false],"trp-custom-language-flag":["https:\/\/vapebulkp.com\/wp-content\/uploads\/2025\/04\/Vapme-Digital-30000-Puffs-Disposable-Vape-Long-Lasting-Vape.webp",12,12,false],"woocommerce_thumbnail":["https:\/\/vapebulkp.com\/wp-content\/uploads\/2025\/04\/Vapme-Digital-30000-Puffs-Disposable-Vape-Long-Lasting-Vape-300x300.webp",300,300,true],"woocommerce_single":["https:\/\/vapebulkp.com\/wp-content\/uploads\/2025\/04\/Vapme-Digital-30000-Puffs-Disposable-Vape-Long-Lasting-Vape-600x600.webp",600,600,true],"woocommerce_gallery_thumbnail":["https:\/\/vapebulkp.com\/wp-content\/uploads\/2025\/04\/Vapme-Digital-30000-Puffs-Disposable-Vape-Long-Lasting-Vape-100x100.webp",100,100,true],"wcpr-photo-reviews":["https:\/\/vapebulkp.com\/wp-content\/uploads\/2025\/04\/Vapme-Digital-30000-Puffs-Disposable-Vape-Long-Lasting-Vape.webp",500,500,false]},"uagb_author_info":{"display_name":"Mandy vape bulk price","author_link":"https:\/\/vapebulkp.com\/sl\/author\/"},"uagb_comment_info":0,"uagb_excerpt":"VAPME GOAT 40000 Puffs is a top-tier wholesale disposable vape, designed for retailers and distributors seeking high-demand, long-lasting vaping solutions. Featuring an 850mAh rechargeable battery with Type-C fast charging, this device ensures extended use with consistent power output, making it a standout choice for both casual and advanced vapers. Pls Contact Mandy's WhatsApp For Discount&hellip;","_links":{"self":[{"href":"https:\/\/vapebulkp.com\/sl\/wp-json\/wp\/v2\/product\/3700","targetHints":{"allow":["GET"]}}],"collection":[{"href":"https:\/\/vapebulkp.com\/sl\/wp-json\/wp\/v2\/product"}],"about":[{"href":"https:\/\/vapebulkp.com\/sl\/wp-json\/wp\/v2\/types\/product"}],"replies":[{"embeddable":true,"href":"https:\/\/vapebulkp.com\/sl\/wp-json\/wp\/v2\/comments?post=3700"}],"wp:featuredmedia":[{"embeddable":true,"href":"https:\/\/vapebulkp.com\/sl\/wp-json\/wp\/v2\/media\/3698"}],"wp:attachment":[{"href":"https:\/\/vapebulkp.com\/sl\/wp-json\/wp\/v2\/media?parent=3700"}],"wp:term":[{"taxonomy":"product_cat","embeddable":true,"href":"https:\/\/vapebulkp.com\/sl\/wp-json\/wp\/v2\/product_cat?post=3700"},{"taxonomy":"product_tag","embeddable":true,"href":"https:\/\/vapebulkp.com\/sl\/wp-json\/wp\/v2\/product_tag?post=3700"}],"curies":[{"name":"wp","href":"https:\/\/api.w.org\/{rel}","templated":true}]}}