{"id":3752,"date":"2025-05-07T09:27:59","date_gmt":"2025-05-07T07:27:59","guid":{"rendered":"https:\/\/vapebulkp.com\/?post_type=product&#038;p=3752"},"modified":"2025-09-24T05:57:33","modified_gmt":"2025-09-24T03:57:33","slug":"al-fakher-crystal-8000-puffs-crown-bar-wholesale-disposable-vapes","status":"publish","type":"product","link":"https:\/\/vapebulkp.com\/sl\/product\/al-fakher-crystal-8000-puffs-crown-bar-wholesale-disposable-vapes\/","title":{"rendered":"Al Fakher Crystal 8000 Puffs Crown Bar Veleprodaja E-cigaret za enkratno uporabo"},"content":{"rendered":"<h2 style=\"text-align: left\">Al Fakher Crystal 8000 Puffs Crown Bar Veleprodaja E-cigaret za enkratno uporabo<\/h2>\n<p>E-cigareta za enkratno uporabo Al Fakher Crystal 8000 Puffs je zasnovana za vejpere, ki zahtevajo mo\u010d in natan\u010dnost. Ta naprava ni samo visokozmogljiva e-cigareta za enkratno uporabo; je prefinjen instrument za vejp, ki zagotavlja resni\u010dno gladko in mo\u010dno izku\u0161njo. Je odli\u010dna izbira za ljubitelje DTL (Direct-to-Lung) in vse, ki i\u0161\u010dejo drzen, okusen vejp.<\/p>\n<p>Z masivno zmogljivostjo 8000 vdihov Al Fakher Crystal zagotavlja neprimerljivo dolgo \u017eivljenjsko dobo. Integriran pametni zaslon vam daje popoln nadzor, saj prikazuje sprotne posodobitve o \u017eivljenjski dobi baterije, ravni e-teko\u010dine in trenutnem na\u010dinu. Zahvaljujo\u010d tehnologiji Big Puff lahko izbirate med Eco na\u010dinom za podalj\u0161ano uporabo in Boost na\u010dinom za maksimalno paro in intenzivnost okusa.<\/p>\n<p>Naprava ima zmogljivo polnilno baterijo s hitrim polnjenjem Type-C, ki zagotavlja, da ste vedno pripravljeni na vejpanje. Njena vrhunska izdelava in optimiziran pretok zraka skupaj ustvarjata neverjetno goste oblake in dosledno mo\u010dan okus. Idealna za vsakodnevno uporabo ali potovanja, je Al Fakher Crystal najbolj\u0161a izbira za <a href=\"https:\/\/vapebulkp.com\/sl\/ot-disposable-vapes-europe\/\">veleprodajne kupce e-cigaret v Sloveniji<\/a> ki i\u0161\u010dejo izdelek z velikim povpra\u0161evanjem in visoko zmogljivostjo.<\/p>\n<h6>Za popust se obrnite na Mandyin WhatsApp<a href=\"https:\/\/wa.me\/8618077105796\">+8618077105796<\/a><\/h6>\n<p><img decoding=\"async\" class=\"alignnone wp-image-2151\" src=\"http:\/\/vapebulkp.com\/wp-content\/uploads\/2024\/04\/Mandy-WhatsApp-Randm.jpg\" alt=\"Mandy WhatsApp Randm\" width=\"324\" height=\"330\" \/><\/p>\n<div class=\"flex max-w-full flex-col flex-grow\">\n<div class=\"min-h-8 text-message flex w-full flex-col items-end gap-2 whitespace-normal break-words text-start [.text-message+&amp;]:mt-5\" dir=\"auto\" data-message-author-role=\"assistant\" data-message-id=\"d24cf626-c018-4805-80f5-44de047f2ba0\" data-message-model-slug=\"gpt-4o\">\n<div class=\"flex w-full flex-col gap-1 empty:hidden first:pt-[3px]\">\n<div class=\"markdown prose w-full break-words dark:prose-invert light\">\n<h2>Zakaj kupiti Al Fakher Crystal 8000 Puffs Crown Bar v <a href=\"https:\/\/vapebulkp.com\/sl\/vape-shop\/\">Vapebulkp.com<\/a>?<\/h2>\n<p class=\"\" data-start=\"1686\" data-end=\"1863\">Pri Vapebulkp.com dobite najbolj\u0161e veleprodajne ponudbe za Al Fakher Crystal 8000 Puffs Crown Bar, z zajam\u010deno pristnimi izdelki, konkuren\u010dnimi cenami in hitro dostavo po vsej Sloveniji. Ponujamo koli\u010dinske popuste za naro\u010dila nad 1000 kosov, enostavno sledenje in odli\u010dno storitev za stranke. Z dvojnim na\u010dinom vejpanja, polnilno baterijo in bogatimi okusi je ta e-cigareta za enkratno uporabo z velikim vdihom najbolj\u0161a izbira za trgovce na drobno in lastnike trgovin z e-cigaretami. Nakupujte zdaj in si zagotovite zanesljivo dobavo za svoje podjetje.<\/p>\n<\/div>\n<\/div>\n<\/div>\n<\/div>\n<h2>Klju\u010dne specifikacije Al Fakher Crystal 8000 Puffs:<\/h2>\n<ul data-start=\"113\" data-end=\"479\">\n<li class=\"\" data-start=\"113\" data-end=\"149\">\n<p class=\"\" data-start=\"115\" data-end=\"149\"><strong data-start=\"115\" data-end=\"130\">\u0160tevilo vpihov:<\/strong> Do 8000 vdihov<\/p>\n<\/li>\n<li class=\"\" data-start=\"150\" data-end=\"205\">\n<p class=\"\" data-start=\"152\" data-end=\"205\"><strong data-start=\"152\" data-end=\"164\">Baterija:<\/strong> Polnilna s hitrim polnjenjem Type-C<\/p>\n<\/li>\n<li class=\"\" data-start=\"206\" data-end=\"251\">\n<p class=\"\" data-start=\"208\" data-end=\"251\"><strong data-start=\"208\" data-end=\"225\">Na\u010dini vejpanja:<\/strong> Eco na\u010din in Boost na\u010din<\/p>\n<\/li>\n<li class=\"\" data-start=\"252\" data-end=\"315\">\n<p class=\"\" data-start=\"254\" data-end=\"315\"><strong data-start=\"254\" data-end=\"273\">Zaslon:<\/strong> Prikazuje baterijo, raven e-teko\u010dine in na\u010din<\/p>\n<\/li>\n<li class=\"\" data-start=\"316\" data-end=\"365\">\n<p class=\"\" data-start=\"318\" data-end=\"365\"><strong data-start=\"318\" data-end=\"329\">Dizajn:<\/strong> Vrhunska izdelava z gladkim pretokom zraka<\/p>\n<\/li>\n<li class=\"\" data-start=\"366\" data-end=\"429\">\n<p class=\"\" data-start=\"368\" data-end=\"429\"><strong data-start=\"368\" data-end=\"392\">Tehnologija Big Puff:<\/strong> Visoka izhodna mo\u010d pare za goste oblake<\/p>\n<\/li>\n<li class=\"\" data-start=\"430\" data-end=\"479\">\n<p class=\"\" data-start=\"432\" data-end=\"479\"><strong data-start=\"432\" data-end=\"449\">Slog uparjanja:<\/strong> DTL (Direct-To-Lung) vejpanje<\/p>\n<\/li>\n<\/ul>\n<h2><strong>Al Fakher Crystal 8000 Puffs Veleprodajni Seznam Okusov<\/strong><\/h2>\n<p class=\"selectable-text copyable-text x15bjb6t x1n2onr6\" dir=\"ltr\">1.\u010cE\u0160NJA FIESTA<br \/>\n2. LUSH ICE<br \/>\n3.LIMONA MENTA<br \/>\n4.MODRA MALINA LIMONADA<br \/>\n5.\u010cRNI RIBEZ LED<br \/>\n6.BRESKEV LED<br \/>\n7.\u017dVE\u010cILNI GUMI MENTA<br \/>\n8.HLADEN MANGO<br \/>\n9.JAGODI\u010cEVJE LED<br \/>\n10.LJUBEZEN MANGA<br \/>\n11.JAGODNI UDAR<br \/>\n12.DVOJNO JABOLKO<br \/>\n13.GROZDJNA MENTA<br \/>\n14.VESOLJSKE SANJE<br \/>\n15.BOROVNI\u010cEV GUMI<br \/>\n16.\u010cRNI RIBEZ MENTA<br \/>\n17.JAGODI\u010cEVJE MODRA<br \/>\n18. HUBBA<br \/>\n19.LIMONA LIMETA<br \/>\n20.MANGO ANANAS<br \/>\n21.GROZDJE JAGODI\u010cJE<br \/>\n22.BOROVNICA META<br \/>\n23.META<br \/>\n24.POMARAN\u010cA META<br \/>\n25.BOROVNICA MALINA<br \/>\n26.BOROVNICA JAGODA MALINA<br \/>\n27.ME\u0160ANO JAGODI\u010cJE<br \/>\n28.\u010cE\u0160NJA LED<br \/>\n29.\u010cE\u0160NJA GAZIRANO<br \/>\n30.LEDENI ANANAS<br \/>\n31.LUBENICA IN ANANAS<br \/>\n32.MENTOL<br \/>\n33.META<br \/>\n34.POLETNE SANJE<br \/>\n35.BOROVNI\u010cNA LIMONADA<br \/>\n36.PASIJONKA<br \/>\n37.BOROVNICA IN \u010cE\u0160NJA<br \/>\n38.LIMONINA IN \u010cE\u0160NJEVA GAZIRANA PIJA\u010cA<br \/>\n39.JAGODA IN \u010cE\u0160NJA<br \/>\n40.LEDENO MODRA<br \/>\n41.LUBENICA IN KIVI<br \/>\n42.MODRA MALINA<\/p>\n<p><span style=\"vertical-align: inherit\">Poi\u0161\u010dite ve\u010d izdelkov, ki bi vam bili morda v\u0161e\u010d:<\/span><em><a href=\"https:\/\/wa.me\/8618077105796\"><span style=\"vertical-align: inherit\">\u00a0Kupite zdaj<\/span><\/a><\/em><\/p>\n<p><span style=\"vertical-align: inherit\">Drugi 'puffs', ki bi vam bili morda v\u0161e\u010d:<\/span><a href=\"https:\/\/vapebulkp.com\/sl\/product\/vopk-60000-puffs-top-sale-disposable-vape-pen\/\"><span style=\"vertical-align: inherit\">VOPK 60000 vdihov<\/span><\/a><span style=\"vertical-align: inherit\">\u3001<\/span><a href=\"https:\/\/vapebulkp.com\/sl\/product\/bang-king-45000-puffs-disposable-vape-best-selling-high-capacity\/\"><span style=\"vertical-align: inherit\">Bang King 45000 vpihov<\/span><\/a><span style=\"vertical-align: inherit\">\/ <\/span><a href=\"https:\/\/vapebulkp.com\/sl\/product\/waspe-3in1-60000-puffs-disposable-vape-high-capacity\/\"><span style=\"vertical-align: inherit\">WASPE 3 v 1 60000 vpihov<\/span><\/a><span style=\"vertical-align: inherit\">\/ <\/span><a href=\"https:\/\/vapebulkp.com\/sl\/product\/bang-kingdoms-rex-nos-50000-puffs-high-capacity-vape-device\/\"><span style=\"vertical-align: inherit\">\u00a0Bang Kingdoms rex nos 50000 Pufov<\/span><\/a><\/p>\n<h3 class=\"\" data-start=\"62\" data-end=\"118\"><strong data-start=\"66\" data-end=\"118\">Al Fakher Crystal 8000 Vlekov Vape Podi FAQ<\/strong><\/h3>\n<p class=\"\" data-start=\"120\" data-end=\"254\"><strong data-start=\"120\" data-end=\"201\">V: Kak\u0161na je minimalna koli\u010dina naro\u010dila (MOQ) za Al Fakher Crystal 8000 Puffs?<\/strong><br data-start=\"201\" data-end=\"204\" \/>O: Minimalno naro\u010dilo je <strong data-start=\"228\" data-end=\"253\">200 kosov na okus<\/strong>.<\/p>\n<p class=\"\" data-start=\"256\" data-end=\"391\"><strong data-start=\"256\" data-end=\"314\">V: Kako dolgo traja dostava po oddaji naro\u010dila?<\/strong><br data-start=\"314\" data-end=\"317\" \/>O: Dostava obi\u010dajno traja <strong data-start=\"343\" data-end=\"357\">10-15 dni<\/strong> po odpremi po\u0161iljke.<\/p>\n<p class=\"\" data-start=\"393\" data-end=\"564\"><strong data-start=\"393\" data-end=\"428\">V: Koliko stane po\u0161tnina?<\/strong><br data-start=\"428\" data-end=\"431\" \/>A: Stro\u0161ki po\u0161iljanja so odvisni od skupne te\u017ee va\u0161ega naro\u010dila. Prosimo, <strong data-start=\"498\" data-end=\"512\">kontaktirajte nas<\/strong> za natan\u010dno ponudbo po\u0161iljanja glede na va\u0161o koli\u010dino.<\/p>\n<p class=\"\" data-start=\"566\" data-end=\"895\"><strong data-start=\"566\" data-end=\"599\">V: Ali po\u0161iljate v mojo dr\u017eavo?<\/strong><br data-start=\"599\" data-end=\"602\" \/>O: Da, po\u0161iljamo v ve\u010dino evropskih dr\u017eav, vklju\u010dno z <strong data-start=\"656\" data-end=\"880\">Nizozemsko, Nem\u010dijo, Francijo, \u0160panijo, Italijo, Belgijo, Luksemburgom, Avstrijo, \u010ce\u0161ko, Slova\u0161ko, Mad\u017earsko, Slovenijo, Romunijo, Bolgarijo, Gr\u010dijo, Poljsko, \u0160vedsko, Irsko, Portugalsko, Finsko, Estonijo, Latvijo in Litvo<\/strong>, med drugim.<\/p>\n<p class=\"\" data-start=\"897\" data-end=\"1060\"><strong data-start=\"897\" data-end=\"945\">V: Ali lahko dobim bolj\u0161o ceno, \u010de naro\u010dim ve\u010d?<\/strong><br data-start=\"945\" data-end=\"948\" \/>O: Da, naro\u010dila <strong data-start=\"966\" data-end=\"989\">1000 kosov ali ve\u010d<\/strong> so upravi\u010dena do zni\u017eane cene. Prosimo, kontaktirajte nas za veleprodajne cene.<\/p>\n<p class=\"\" data-start=\"1062\" data-end=\"1240\"><strong data-start=\"1062\" data-end=\"1117\">V: Ali bom po po\u0161iljanju prejel \u0161tevilko za sledenje?<\/strong><br data-start=\"1117\" data-end=\"1120\" \/>O: Da, ko bo va\u0161e naro\u010dilo odposlano, vam bomo posredovali <strong data-start=\"1169\" data-end=\"1206\">\u0161tevilko za sledenje in povezavo za sledenje<\/strong> da boste lahko spremljali svojo dostavo.<\/p>\n<p class=\"\" data-start=\"1242\" data-end=\"1442\"><strong data-start=\"1242\" data-end=\"1286\">V: Ali obstaja politika vra\u010dil ali garancija?<\/strong><br data-start=\"1286\" data-end=\"1289\" \/>O: Ne sprejemamo vra\u010dil ali povra\u010dil za te\u017eave, ki niso povezane s kakovostjo. Za <strong data-start=\"1356\" data-end=\"1376\">te\u017eave s kakovostjo<\/strong>, prosimo, predlo\u017eite <strong data-start=\"1393\" data-end=\"1420\">video ali foto dokazila<\/strong> da vam lahko pomagamo.<\/p>\n<h3>Podrobnosti dostave:<\/h3>\n<p><span style=\"color: #ff6600\">\u010cas proizvodnje: 5\u201310 delovnih dni<\/span><br \/>\n<span style=\"color: #ff6600\">\u010cas dostave: 8\u201314 delovnih dni<\/span><\/p>\n<p>Vsi izdelki v na\u0161i trgovini so 100% originalni in avtenti\u010dni, zato je na\u0161a politika desetkratno nadomestilo za ponarejeno blago. Za dostavo blaga vam uporabljamo logisti\u010dne kanale, kot so UPS\/DHL\/FEDEX\/DPD.<\/p>\n<p>Za pakete, poslane v Slovenijo, obi\u010dajno traja 10 delovnih dni. Po\u0161iljanje v evropske dr\u017eave obi\u010dajno traja 12 do 15 delovnih dni. Logisti\u010dne informacije vam bomo sproti posodabljali.<\/p>","protected":false},"excerpt":{"rendered":"<p class=\"\" data-start=\"121\" data-end=\"211\">Pridobite Al Fakher Crystal 8000 Puffs E-cigarete \u2013 z dvojnim na\u010dinom delovanja, polnjenjem Type-C, velikimi oblaki, gladkim DTL vapingom, zaslonom. Hitra dostava.<\/p>\n<p>Za popust se obrnite na Mandyin WhatsApp<a href=\"https:\/\/wa.me\/8618077105796\">+8618077105796<\/a><\/p>\n<p><img decoding=\"async\" class=\"alignnone wp-image-2151\" src=\"http:\/\/vapebulkp.com\/wp-content\/uploads\/2024\/04\/Mandy-WhatsApp-Randm.jpg\" alt=\"Mandy WhatsApp Randm\" width=\"297\" height=\"316\" srcset=\"https:\/\/vapebulkp.com\/wp-content\/uploads\/2024\/04\/Mandy-WhatsApp-Randm.jpg 916w, https:\/\/vapebulkp.com\/wp-content\/uploads\/2024\/04\/Mandy-WhatsApp-Randm-282x300.jpg 282w, https:\/\/vapebulkp.com\/wp-content\/uploads\/2024\/04\/Mandy-WhatsApp-Randm-768x817.jpg 768w, https:\/\/vapebulkp.com\/wp-content\/uploads\/2024\/04\/Mandy-WhatsApp-Randm-600x638.jpg 600w\" sizes=\"(max-width: 297px) 100vw, 297px\" \/><\/p>\n<p><span style=\"color: #ff0000\">OPOMBA: Cene na na\u0161i spletni strani ne vklju\u010dujejo stro\u0161kov po\u0161iljanja.<\/span><\/p>\n<p>&nbsp;<\/p>","protected":false},"featured_media":3751,"comment_status":"open","ping_status":"closed","template":"","meta":{"_uag_custom_page_level_css":"","_lmt_disableupdate":"no","_lmt_disable":"","site-sidebar-layout":"default","site-content-layout":"content-boxed-container","ast-site-content-layout":"normal-width-container","site-content-style":"boxed","site-sidebar-style":"unboxed","ast-global-header-display":"","ast-banner-title-visibility":"","ast-main-header-display":"","ast-hfb-above-header-display":"","ast-hfb-below-header-display":"","ast-hfb-mobile-header-display":"","site-post-title":"","ast-breadcrumbs-content":"","ast-featured-img":"","footer-sml-layout":"","theme-transparent-header-meta":"default","adv-header-id-meta":"","stick-header-meta":"","header-above-stick-meta":"","header-main-stick-meta":"","header-below-stick-meta":"","astra-migrate-meta-layouts":"set","_joinchat":[]},"product_cat":[194,343,153,155,33,59,100,34,158,157,154,152,58,84,156,63,32],"product_tag":[36,37,245,41,286,40],"class_list":["post-3752","product","type-product","status-publish","has-post-thumbnail","hentry","product_cat-50000-puffs-disposable-vape","product_cat-al-fakher-vape","product_cat-hot-disposable-vapes","product_cat-belgium-hot-disposable-vapes","product_cat-france-vape-hot-sale","product_cat-germany-hot-disposable-vape","product_cat-germany-wholesale-vape-shop","product_cat-netherlands-vape-good-sale","product_cat-norway-hot-disposable-vapes","product_cat-poland-hot-disposable-vapes","product_cat-portugal-hot-disposable-vapes","product_cat-spain-hot-disposable-vapes","product_cat-sweden-hot-disposable-vape","product_cat-sweden-wholesale-vape","product_cat-switzerland-hot-disposable-vapes","product_cat-top-sale-disposable-vape","product_cat-vape-hot-sale-this-week","product_tag-good-vape","product_tag-hot-sale-disposable-vape","product_tag-mr-goodie-dual-mode-king-50000-puffs","product_tag-poland-hot-vape","product_tag-puffs-stock-in-europe","product_tag-sweden-hot-vape","pa_brand-al-fakher-vape","desktop-align-left","tablet-align-left","mobile-align-left"],"yoast_head":"<!-- This site is optimized with the Yoast SEO plugin v21.1 - https:\/\/yoast.com\/wordpress\/plugins\/seo\/ -->\n<title>Al Fakher Crystal 8000 Puffs Crown Bar Wholesale Disposable Vapes - vapebulkp.com<\/title>\n<meta name=\"description\" content=\"Get Al Fakher Crystal 8000 Puffs Vape \u2014 dual mode, Type-C rechargeable, big clouds, smooth DTL vaping, screen display. Fast shipping &amp; wholesale deals.\" \/>\n<meta name=\"robots\" content=\"index, follow, max-snippet:-1, max-image-preview:large, max-video-preview:-1\" \/>\n<link rel=\"canonical\" href=\"https:\/\/vapebulkp.com\/sl\/product\/al-fakher-crystal-8000-puffs-crown-bar-wholesale-disposable-vapes\/\" \/>\n<meta property=\"og:locale\" content=\"sl_SI\" \/>\n<meta property=\"og:type\" content=\"article\" \/>\n<meta property=\"og:title\" content=\"Al Fakher Crystal 8000 Puffs Crown Bar Wholesale Disposable Vapes - vapebulkp.com\" \/>\n<meta property=\"og:description\" content=\"Get Al Fakher Crystal 8000 Puffs Vape \u2014 dual mode, Type-C rechargeable, big clouds, smooth DTL vaping, screen display. Fast shipping &amp; wholesale deals.\" \/>\n<meta property=\"og:url\" content=\"https:\/\/vapebulkp.com\/sl\/product\/al-fakher-crystal-8000-puffs-crown-bar-wholesale-disposable-vapes\/\" \/>\n<meta property=\"og:site_name\" content=\"vapebulkp.com\" \/>\n<meta property=\"article:modified_time\" content=\"2025-09-24T03:57:33+00:00\" \/>\n<meta property=\"og:image\" content=\"http:\/\/vapebulkp.com\/wp-content\/uploads\/2025\/05\/Shop-Al-Fakher-Crystal-8000-Puffs-Wholesale-Vape.webp\" \/>\n\t<meta property=\"og:image:width\" content=\"800\" \/>\n\t<meta property=\"og:image:height\" content=\"800\" \/>\n\t<meta property=\"og:image:type\" content=\"image\/webp\" \/>\n<meta name=\"twitter:card\" content=\"summary_large_image\" \/>\n<meta name=\"twitter:label1\" content=\"Est. reading time\" \/>\n\t<meta name=\"twitter:data1\" content=\"4 minute\" \/>\n<script type=\"application\/ld+json\" class=\"yoast-schema-graph\">{\"@context\":\"https:\/\/schema.org\",\"@graph\":[{\"@type\":\"WebPage\",\"@id\":\"https:\/\/vapebulkp.com\/product\/al-fakher-crystal-8000-puffs-crown-bar-wholesale-disposable-vapes\/\",\"url\":\"https:\/\/vapebulkp.com\/product\/al-fakher-crystal-8000-puffs-crown-bar-wholesale-disposable-vapes\/\",\"name\":\"Al Fakher Crystal 8000 Puffs Crown Bar Wholesale Disposable Vapes - vapebulkp.com\",\"isPartOf\":{\"@id\":\"https:\/\/vapebulkp.com\/#website\"},\"datePublished\":\"2025-05-07T07:27:59+00:00\",\"dateModified\":\"2025-09-24T03:57:33+00:00\",\"description\":\"Get Al Fakher Crystal 8000 Puffs Vape \u2014 dual mode, Type-C rechargeable, big clouds, smooth DTL vaping, screen display. Fast shipping & wholesale deals.\",\"breadcrumb\":{\"@id\":\"https:\/\/vapebulkp.com\/product\/al-fakher-crystal-8000-puffs-crown-bar-wholesale-disposable-vapes\/#breadcrumb\"},\"inLanguage\":\"sl-SI\",\"potentialAction\":[{\"@type\":\"ReadAction\",\"target\":[\"https:\/\/vapebulkp.com\/product\/al-fakher-crystal-8000-puffs-crown-bar-wholesale-disposable-vapes\/\"]}]},{\"@type\":\"BreadcrumbList\",\"@id\":\"https:\/\/vapebulkp.com\/product\/al-fakher-crystal-8000-puffs-crown-bar-wholesale-disposable-vapes\/#breadcrumb\",\"itemListElement\":[{\"@type\":\"ListItem\",\"position\":1,\"name\":\"Home\",\"item\":\"https:\/\/vapebulkp.com\/\"},{\"@type\":\"ListItem\",\"position\":2,\"name\":\"Hot Trend Vapes\",\"item\":\"https:\/\/vapebulkp.com\/vape-shop\/\"},{\"@type\":\"ListItem\",\"position\":3,\"name\":\"Al Fakher Crystal 8000 Puffs Crown Bar Wholesale Disposable Vapes\"}]},{\"@type\":\"WebSite\",\"@id\":\"https:\/\/vapebulkp.com\/#website\",\"url\":\"https:\/\/vapebulkp.com\/\",\"name\":\"vapebulkp.com\",\"description\":\"Buy Vape In Cheap Bulk Price Near you\",\"publisher\":{\"@id\":\"https:\/\/vapebulkp.com\/#organization\"},\"potentialAction\":[{\"@type\":\"SearchAction\",\"target\":{\"@type\":\"EntryPoint\",\"urlTemplate\":\"https:\/\/vapebulkp.com\/?s={search_term_string}\"},\"query-input\":\"required name=search_term_string\"}],\"inLanguage\":\"sl-SI\"},{\"@type\":\"Organization\",\"@id\":\"https:\/\/vapebulkp.com\/#organization\",\"name\":\"vapebulkp.com\",\"url\":\"https:\/\/vapebulkp.com\/\",\"logo\":{\"@type\":\"ImageObject\",\"inLanguage\":\"sl-SI\",\"@id\":\"https:\/\/vapebulkp.com\/#\/schema\/logo\/image\/\",\"url\":\"https:\/\/vapebulkp.com\/wp-content\/uploads\/2023\/09\/cropped-vapebulkp.png\",\"contentUrl\":\"https:\/\/vapebulkp.com\/wp-content\/uploads\/2023\/09\/cropped-vapebulkp.png\",\"width\":516,\"height\":163,\"caption\":\"vapebulkp.com\"},\"image\":{\"@id\":\"https:\/\/vapebulkp.com\/#\/schema\/logo\/image\/\"}}]}<\/script>\n<!-- \/ Yoast SEO plugin. -->","yoast_head_json":{"title":"Al Fakher Crystal 8000 Puffs Crown Bar Wholesale Disposable Vapes - vapebulkp.com","description":"Get Al Fakher Crystal 8000 Puffs Vape \u2014 dual mode, Type-C rechargeable, big clouds, smooth DTL vaping, screen display. Fast shipping & wholesale deals.","robots":{"index":"index","follow":"follow","max-snippet":"max-snippet:-1","max-image-preview":"max-image-preview:large","max-video-preview":"max-video-preview:-1"},"canonical":"https:\/\/vapebulkp.com\/sl\/product\/al-fakher-crystal-8000-puffs-crown-bar-wholesale-disposable-vapes\/","og_locale":"sl_SI","og_type":"article","og_title":"Al Fakher Crystal 8000 Puffs Crown Bar Wholesale Disposable Vapes - vapebulkp.com","og_description":"Get Al Fakher Crystal 8000 Puffs Vape \u2014 dual mode, Type-C rechargeable, big clouds, smooth DTL vaping, screen display. Fast shipping & wholesale deals.","og_url":"https:\/\/vapebulkp.com\/sl\/product\/al-fakher-crystal-8000-puffs-crown-bar-wholesale-disposable-vapes\/","og_site_name":"vapebulkp.com","article_modified_time":"2025-09-24T03:57:33+00:00","og_image":[{"width":800,"height":800,"url":"http:\/\/vapebulkp.com\/wp-content\/uploads\/2025\/05\/Shop-Al-Fakher-Crystal-8000-Puffs-Wholesale-Vape.webp","type":"image\/webp"}],"twitter_card":"summary_large_image","twitter_misc":{"Est. reading time":"4 minute"},"schema":{"@context":"https:\/\/schema.org","@graph":[{"@type":"WebPage","@id":"https:\/\/vapebulkp.com\/product\/al-fakher-crystal-8000-puffs-crown-bar-wholesale-disposable-vapes\/","url":"https:\/\/vapebulkp.com\/product\/al-fakher-crystal-8000-puffs-crown-bar-wholesale-disposable-vapes\/","name":"Al Fakher Crystal 8000 Puffs Crown Bar Wholesale Disposable Vapes - vapebulkp.com","isPartOf":{"@id":"https:\/\/vapebulkp.com\/#website"},"datePublished":"2025-05-07T07:27:59+00:00","dateModified":"2025-09-24T03:57:33+00:00","description":"Get Al Fakher Crystal 8000 Puffs Vape \u2014 dual mode, Type-C rechargeable, big clouds, smooth DTL vaping, screen display. Fast shipping & wholesale deals.","breadcrumb":{"@id":"https:\/\/vapebulkp.com\/product\/al-fakher-crystal-8000-puffs-crown-bar-wholesale-disposable-vapes\/#breadcrumb"},"inLanguage":"sl-SI","potentialAction":[{"@type":"ReadAction","target":["https:\/\/vapebulkp.com\/product\/al-fakher-crystal-8000-puffs-crown-bar-wholesale-disposable-vapes\/"]}]},{"@type":"BreadcrumbList","@id":"https:\/\/vapebulkp.com\/product\/al-fakher-crystal-8000-puffs-crown-bar-wholesale-disposable-vapes\/#breadcrumb","itemListElement":[{"@type":"ListItem","position":1,"name":"Home","item":"https:\/\/vapebulkp.com\/"},{"@type":"ListItem","position":2,"name":"Hot Trend Vapes","item":"https:\/\/vapebulkp.com\/vape-shop\/"},{"@type":"ListItem","position":3,"name":"Al Fakher Crystal 8000 Puffs Crown Bar Wholesale Disposable Vapes"}]},{"@type":"WebSite","@id":"https:\/\/vapebulkp.com\/#website","url":"https:\/\/vapebulkp.com\/","name":"vapebulkp.com","description":"Buy Vape In Cheap Bulk Price Near you","publisher":{"@id":"https:\/\/vapebulkp.com\/#organization"},"potentialAction":[{"@type":"SearchAction","target":{"@type":"EntryPoint","urlTemplate":"https:\/\/vapebulkp.com\/?s={search_term_string}"},"query-input":"required name=search_term_string"}],"inLanguage":"sl-SI"},{"@type":"Organization","@id":"https:\/\/vapebulkp.com\/#organization","name":"vapebulkp.com","url":"https:\/\/vapebulkp.com\/","logo":{"@type":"ImageObject","inLanguage":"sl-SI","@id":"https:\/\/vapebulkp.com\/#\/schema\/logo\/image\/","url":"https:\/\/vapebulkp.com\/wp-content\/uploads\/2023\/09\/cropped-vapebulkp.png","contentUrl":"https:\/\/vapebulkp.com\/wp-content\/uploads\/2023\/09\/cropped-vapebulkp.png","width":516,"height":163,"caption":"vapebulkp.com"},"image":{"@id":"https:\/\/vapebulkp.com\/#\/schema\/logo\/image\/"}}]}},"uagb_featured_image_src":{"full":["https:\/\/vapebulkp.com\/wp-content\/uploads\/2025\/05\/Shop-Al-Fakher-Crystal-8000-Puffs-Wholesale-Vape.webp",800,800,false],"thumbnail":["https:\/\/vapebulkp.com\/wp-content\/uploads\/2025\/05\/Shop-Al-Fakher-Crystal-8000-Puffs-Wholesale-Vape-150x150.webp",150,150,true],"medium":["https:\/\/vapebulkp.com\/wp-content\/uploads\/2025\/05\/Shop-Al-Fakher-Crystal-8000-Puffs-Wholesale-Vape-300x300.webp",300,300,true],"medium_large":["https:\/\/vapebulkp.com\/wp-content\/uploads\/2025\/05\/Shop-Al-Fakher-Crystal-8000-Puffs-Wholesale-Vape-768x768.webp",768,768,true],"large":["https:\/\/vapebulkp.com\/wp-content\/uploads\/2025\/05\/Shop-Al-Fakher-Crystal-8000-Puffs-Wholesale-Vape.webp",800,800,false],"1536x1536":["https:\/\/vapebulkp.com\/wp-content\/uploads\/2025\/05\/Shop-Al-Fakher-Crystal-8000-Puffs-Wholesale-Vape.webp",800,800,false],"2048x2048":["https:\/\/vapebulkp.com\/wp-content\/uploads\/2025\/05\/Shop-Al-Fakher-Crystal-8000-Puffs-Wholesale-Vape.webp",800,800,false],"trp-custom-language-flag":["https:\/\/vapebulkp.com\/wp-content\/uploads\/2025\/05\/Shop-Al-Fakher-Crystal-8000-Puffs-Wholesale-Vape.webp",12,12,false],"woocommerce_thumbnail":["https:\/\/vapebulkp.com\/wp-content\/uploads\/2025\/05\/Shop-Al-Fakher-Crystal-8000-Puffs-Wholesale-Vape-300x300.webp",300,300,true],"woocommerce_single":["https:\/\/vapebulkp.com\/wp-content\/uploads\/2025\/05\/Shop-Al-Fakher-Crystal-8000-Puffs-Wholesale-Vape-600x600.webp",600,600,true],"woocommerce_gallery_thumbnail":["https:\/\/vapebulkp.com\/wp-content\/uploads\/2025\/05\/Shop-Al-Fakher-Crystal-8000-Puffs-Wholesale-Vape-100x100.webp",100,100,true],"wcpr-photo-reviews":["https:\/\/vapebulkp.com\/wp-content\/uploads\/2025\/05\/Shop-Al-Fakher-Crystal-8000-Puffs-Wholesale-Vape.webp",500,500,false]},"uagb_author_info":{"display_name":"Mandy vape bulk price","author_link":"https:\/\/vapebulkp.com\/sl\/author\/"},"uagb_comment_info":0,"uagb_excerpt":"Get Al Fakher Crystal 8000 Puffs Vapes \u2014 dual mode, Type-C rechargeable, big clouds, smooth DTL vaping, screen display. Fast shipping &amp; wholesale deals. Pls Contact Mandy's WhatsApp For Discount Price+8618077105796 NOTE: Prices on our website does not include shipping costs &nbsp;","_links":{"self":[{"href":"https:\/\/vapebulkp.com\/sl\/wp-json\/wp\/v2\/product\/3752","targetHints":{"allow":["GET"]}}],"collection":[{"href":"https:\/\/vapebulkp.com\/sl\/wp-json\/wp\/v2\/product"}],"about":[{"href":"https:\/\/vapebulkp.com\/sl\/wp-json\/wp\/v2\/types\/product"}],"replies":[{"embeddable":true,"href":"https:\/\/vapebulkp.com\/sl\/wp-json\/wp\/v2\/comments?post=3752"}],"wp:featuredmedia":[{"embeddable":true,"href":"https:\/\/vapebulkp.com\/sl\/wp-json\/wp\/v2\/media\/3751"}],"wp:attachment":[{"href":"https:\/\/vapebulkp.com\/sl\/wp-json\/wp\/v2\/media?parent=3752"}],"wp:term":[{"taxonomy":"product_cat","embeddable":true,"href":"https:\/\/vapebulkp.com\/sl\/wp-json\/wp\/v2\/product_cat?post=3752"},{"taxonomy":"product_tag","embeddable":true,"href":"https:\/\/vapebulkp.com\/sl\/wp-json\/wp\/v2\/product_tag?post=3752"}],"curies":[{"name":"wp","href":"https:\/\/api.w.org\/{rel}","templated":true}]}}