{"id":3785,"date":"2025-05-23T10:30:15","date_gmt":"2025-05-23T08:30:15","guid":{"rendered":"https:\/\/vapebulkp.com\/?post_type=product&#038;p=3785"},"modified":"2025-09-24T05:56:31","modified_gmt":"2025-09-24T03:56:31","slug":"bang-blaze-60000-puffs-4-in1-disposable-vape-for-wholesale-price","status":"publish","type":"product","link":"https:\/\/vapebulkp.com\/sl\/product\/bang-blaze-60000-puffs-4-in1-disposable-vape-for-wholesale-price\/","title":{"rendered":"Bang Blaze 60000 Puffs 4-v-1 Vape za enkratno uporabo po veleprodajni ceni"},"content":{"rendered":"<h2 style=\"text-align: left\">Bang Blaze 60000 Puffs 4-v-1 Vape za enkratno uporabo po veleprodajni ceni<\/h2>\n<p>Bang Blaze <a href=\"https:\/\/vapebulkp.com\/sl\/product-category\/60000-puffs-disposable-vape\/\">60000 vdihov za enkratno uporabo<\/a> na trgu z zdru\u017eevanjem zmogljivosti brez primere z revolucionarno tehnologijo. Ta elektronska cigareta naslednje generacije je zasnovana za vaperje, ki zahtevajo vsestranskost in zmogljivost. Vsebuje inovativen sistem okusov 4-v-1 s \u0161tirimi neodvisnimi rezervoarji za e-teko\u010dino, kar vam omogo\u010da takoj\u0161nje preklapljanje okusov za dinami\u010dno in privla\u010dno izku\u0161njo.<\/p>\n<p>Ta e-cigareta z veliko vdihi je narejena za izjemno dolgo \u017eivljenjsko dobo. Z masivno 60 ml prostornino e-teko\u010dine in monumentalnimi 60.000 vdihi je Bang Blaze 60K vrhunska dolgotrajna elektronska cigareta. Zagotavlja dosledno zadovoljstvo brez te\u017eav s ponovnim polnjenjem, zaradi \u010desar je zanesljiva izbira za vsakega uporabnika.<\/p>\n<p>Z zmogljivo 650 mAh baterijo za ponovno polnjenje in priklju\u010dkom za hitro polnjenje Type-C ta naprava zagotavlja minimalen \u010das izpada. Vgrajen pametni LED zaslon vam sproti prikazuje podatke o \u017eivljenjski dobi baterije in \u0161tevilu vdihov, kar va\u0161im vapenjem doda sodobno udobje. Znotraj zagotavlja tehnologija Quad Mesh Coil izbolj\u0161an okus in gladko dovajanje nikotinske soli. Bang Blaze 60K je dokon\u010dna elektronska cigareta z visoko zmogljivo mre\u017easto tuljavo za tiste, ki i\u0161\u010dejo najbolj\u0161e v okusu, tehnologiji in vzdr\u017eljivosti.<\/p>\n<h6>Za popust se obrnite na Mandyin WhatsApp<a href=\"https:\/\/wa.me\/8618077105796\">+8618077105796<\/a><\/h6>\n<p><img decoding=\"async\" class=\"alignnone wp-image-2151\" src=\"http:\/\/vapebulkp.com\/wp-content\/uploads\/2024\/04\/Mandy-WhatsApp-Randm.jpg\" alt=\"Mandy WhatsApp Randm\" width=\"324\" height=\"330\" \/><\/p>\n<div class=\"flex max-w-full flex-col flex-grow\">\n<div class=\"min-h-8 text-message flex w-full flex-col items-end gap-2 whitespace-normal break-words text-start [.text-message+&amp;]:mt-5\" dir=\"auto\" data-message-author-role=\"assistant\" data-message-id=\"d24cf626-c018-4805-80f5-44de047f2ba0\" data-message-model-slug=\"gpt-4o\">\n<div class=\"flex w-full flex-col gap-1 empty:hidden first:pt-[3px]\">\n<div class=\"markdown prose w-full break-words dark:prose-invert light\">\n<h2>Zakaj kupiti Bang Blaze 60000 vdihov Mesh Coil Vape pri <a href=\"https:\/\/vapebulkp.com\/sl\/vape-shop\/\">Vapebulkp.com<\/a>?<\/h2>\n<p data-start=\"217\" data-end=\"570\">\u010ce se odlo\u010dite za nakup va\u0161e Bang Blaze 60000 Puffs Mesh Coil Vape na Vapebulkp.com, dobite ve\u010d kot le vrhunsko elektronsko cigareto za enkratno uporabo. Nudimo <strong data-start=\"367\" data-end=\"389\">pristne izdelke<\/strong> neposredno od zaupanja vrednih proizvajalcev, kar zagotavlja kakovost in varnost. Na\u0161e konkuren\u010dne veleprodajne cene so ugodne, ne glede na to, ali kupujete za osebno uporabo ali za preprodajo v razsutem stanju.<\/p>\n<p data-start=\"572\" data-end=\"917\">Na Vapebulkp.com u\u017eivajte v <strong data-start=\"596\" data-end=\"627\">hitro po\u0161iljanje po Evropi<\/strong>, zanesljivi podpori strankam in podrobnih informacijah o izdelkih, ki vam pomagajo pri najbolj\u0161i izbiri e-cigarete. Nudimo \u0161iroko paleto <strong data-start=\"757\" data-end=\"793\">e-cigaret za enkratno uporabo z velikim \u0161tevilom vdihov<\/strong>, vklju\u010dno z inovativnim Bang Blaze 4-v-1 s tehnologijo \u0161tirih mre\u017eastih tuljav, baterijo za ponovno polnjenje in mo\u017enostmi z ve\u010d okusi.<\/p>\n<p data-start=\"919\" data-end=\"1146\">Nakupujte samozavestno z varnimi mo\u017enostmi pla\u010dila in politiko vra\u010danja brez te\u017eav. Vapebulkp.com je va\u0161 zaupanja vreden partner za <strong data-start=\"1039\" data-end=\"1080\">vrhunske e-cigarete za enkratno uporabo za ponovno polnjenje<\/strong> zasnovan za raznolikost okusov in dolgotrajno zadovoljstvo z uparjanjem.<\/p>\n<\/div>\n<\/div>\n<\/div>\n<\/div>\n<h2>Klju\u010dne specifikacije e-cigarete Bang Vape Blaze 60000 high puff:<\/h2>\n<ul data-start=\"276\" data-end=\"1054\">\n<li data-start=\"276\" data-end=\"356\">\n<p data-start=\"278\" data-end=\"356\"><strong data-start=\"278\" data-end=\"292\">\u0160tevilo vpihov<\/strong>: do 60.000 vdihov za dolgotrajno, visoko zmogljivo uparjanje<\/p>\n<\/li>\n<li data-start=\"357\" data-end=\"438\">\n<p data-start=\"359\" data-end=\"438\"><strong data-start=\"359\" data-end=\"380\">Kapaciteta e-teko\u010dine<\/strong>: Napolnjeno s 60 ml vrhunske e-teko\u010dine z nikotinsko soljo<\/p>\n<\/li>\n<li data-start=\"439\" data-end=\"518\">\n<p data-start=\"441\" data-end=\"518\"><strong data-start=\"441\" data-end=\"461\">Kapaciteta baterije<\/strong>: Vgrajena 650 mAh polnilna baterija za podalj\u0161ano uporabo<\/p>\n<\/li>\n<li data-start=\"519\" data-end=\"601\">\n<p data-start=\"521\" data-end=\"601\"><strong data-start=\"521\" data-end=\"538\">Polnilna Vrata<\/strong>: Hitro polnjenje Type-C za priro\u010dno in u\u010dinkovito napajanje<\/p>\n<\/li>\n<li data-start=\"602\" data-end=\"692\">\n<p data-start=\"604\" data-end=\"692\"><strong data-start=\"604\" data-end=\"617\">Vrsta Tuljave<\/strong>: Napredna mre\u017easta tuljava Quad za bolj gladko paro in izbolj\u0161an okus<\/p>\n<\/li>\n<li data-start=\"693\" data-end=\"780\">\n<p data-start=\"695\" data-end=\"780\"><strong data-start=\"695\" data-end=\"713\">Zaslon<\/strong>: Pametni LED zaslon prikazuje stanje baterije in \u0161tevilo vdihov v realnem \u010dasu<\/p>\n<\/li>\n<li data-start=\"781\" data-end=\"880\">\n<p data-start=\"783\" data-end=\"880\"><strong data-start=\"783\" data-end=\"812\">Mo\u017enosti jakosti nikotina<\/strong>: Na voljo v 0%, 2%, 3% in 5%, da ustreza razli\u010dnim \u017eeljam<\/p>\n<\/li>\n<li data-start=\"881\" data-end=\"970\">\n<p data-start=\"883\" data-end=\"970\"><strong data-start=\"883\" data-end=\"900\">Te\u017ea naprave<\/strong>: Pribli\u017eno 150 g (z embala\u017eo), lahek in prenosen<\/p>\n<\/li>\n<li data-start=\"971\" data-end=\"1054\">\n<p data-start=\"973\" data-end=\"1054\"><strong data-start=\"973\" data-end=\"987\">Dimenzije<\/strong>: Pribli\u017eno 120 mm \u00d7 30 mm \u00d7 30 mm, zasnovano za ergonomsko udobje<\/p>\n<\/li>\n<\/ul>\n<h2><strong>Seznam okusov Bang Blaze 60k 4 v 1 Vape Pods<\/strong><\/h2>\n<p class=\"selectable-text copyable-text x15bjb6t x1n2onr6\" dir=\"ltr\">1. Borovnica led<br \/>\n2. Borovnica malina<br \/>\n3. Borovnica malina<br \/>\n4. Energijska pija\u010da<br \/>\n5. Energijska pija\u010da<br \/>\n6. Jagoda mango<br \/>\n7. Jagoda mango<br \/>\n8. Jagoda lubenica<br \/>\n9. Jagoda lubenica<br \/>\n10. Lubenica led<br \/>\n11. Lubenica led<br \/>\n12. Borovnica led<\/p>\n<p><span style=\"vertical-align: inherit\">Poi\u0161\u010dite ve\u010d izdelkov, ki bi vam bili morda v\u0161e\u010d:<\/span><em><a href=\"https:\/\/wa.me\/8618077105796\"><span style=\"vertical-align: inherit\">\u00a0Kupite zdaj<\/span><\/a><\/em><\/p>\n<p><span style=\"vertical-align: inherit\">Drugi 'puffs', ki bi vam bili morda v\u0161e\u010d:<\/span><a href=\"https:\/\/vapebulkp.com\/sl\/product\/vopk-60000-puffs-top-sale-disposable-vape-pen\/\"><span style=\"vertical-align: inherit\">VOPK 60000 vdihov<\/span><\/a><span style=\"vertical-align: inherit\">\u3001<\/span><a href=\"https:\/\/vapebulkp.com\/sl\/product\/bang-king-45000-puffs-disposable-vape-best-selling-high-capacity\/\"><span style=\"vertical-align: inherit\">Bang King 45000 vpihov<\/span><\/a><span style=\"vertical-align: inherit\">\/ <\/span><a href=\"https:\/\/vapebulkp.com\/sl\/product\/waspe-3in1-60000-puffs-disposable-vape-high-capacity\/\"><span style=\"vertical-align: inherit\">WASPE 3 v 1 60000 vpihov<\/span><\/a><span style=\"vertical-align: inherit\">\/<\/span><span style=\"vertical-align: inherit\">\u00a0<\/span><a href=\"https:\/\/vapebulkp.com\/sl\/product\/wholesale-price-bang-leader-80000-puffs-vape-device\/\"><span style=\"vertical-align: inherit\"> Bang Leader 80000 vdihov\u00a0<\/span><\/a><\/p>\n<h3 class=\"\" data-start=\"62\" data-end=\"118\"><strong data-start=\"66\" data-end=\"118\">Bang Blaze 60000 vdihov, FAQ o polnjenju vape za enkratno uporabo<\/strong><\/h3>\n<p data-start=\"221\" data-end=\"444\"><strong data-start=\"221\" data-end=\"283\">V1: Koliko vdihov zagotavlja vape Bang Blaze 60000?<\/strong><br data-start=\"283\" data-end=\"286\" \/>A1: Polnilni vape Bang Blaze za enkratno uporabo ponuja do 60.000 vdihov, zaradi \u010desar je primeren za dolgotrajno vaping, ne da bi bilo treba pogosto menjati.<\/p>\n<p data-start=\"446\" data-end=\"632\"><strong data-start=\"446\" data-end=\"496\">V2: Ali je vape Bang Blaze 60000 mogo\u010de ponovno polniti?<\/strong><br data-start=\"496\" data-end=\"499\" \/>A2: Da, ima vgrajeno 650 mAh polnilno baterijo s priro\u010dnim polnilnim priklju\u010dkom Type-C za hitro in u\u010dinkovito polnjenje.<\/p>\n<p data-start=\"634\" data-end=\"861\"><strong data-start=\"634\" data-end=\"704\">V3: Ali lahko zamenjam okuse na vape Bang Blaze 4-v-1 za enkratno uporabo?<\/strong><br data-start=\"704\" data-end=\"707\" \/>A3: Vsekakor. Ta naprava ima \u0161tiri neodvisne rezervoarje, kar vam omogo\u010da, da takoj preklapljate med \u0161tirimi razli\u010dnimi okusi, ne da bi morali nositi ve\u010d naprav.<\/p>\n<p data-start=\"1213\" data-end=\"1378\"><strong data-start=\"1213\" data-end=\"1268\">Q6: Kak\u0161no tuljavo uporablja vape Bang Blaze?<\/strong><br data-start=\"1268\" data-end=\"1271\" \/>A6: Opremljen je z naprednimi \u0161tirimi mre\u017eastimi tuljavami, ki zagotavljajo gladko paro in bogat okus z vsakim vdihom.<\/p>\n<p data-start=\"1380\" data-end=\"1520\"><strong data-start=\"1380\" data-end=\"1423\">Q7: Kako velika je prostornina e-teko\u010dine za vape Bang Blaze 60k vdihov?<\/strong><br data-start=\"1423\" data-end=\"1426\" \/>A7: Vape vsebuje 60 ml visokokakovostne vnaprej napolnjene e-teko\u010dine z nikotinsko soljo za dalj\u0161o uporabo.<\/p>\n<p data-start=\"1522\" data-end=\"1735\"><strong data-start=\"1522\" data-end=\"1574\">Q8: Ali je ta vape za enkratno uporabo primeren za potovanja?<\/strong><br data-start=\"1574\" data-end=\"1577\" \/>A8: Da, kljub veliki prostornini in naprednim funkcijam je vape Bang Blaze 60000 kompakten in prenosen, zaradi \u010desar je idealen za potovanja in vaping na poti.<\/p>\n<h3>Podrobnosti dostave:<\/h3>\n<p><span style=\"color: #ff6600\">\u010cas proizvodnje: 5\u201310 delovnih dni<\/span><br \/>\n<span style=\"color: #ff6600\">\u010cas dostave: 8\u201314 delovnih dni<\/span><\/p>\n<p>Vsi izdelki v na\u0161i trgovini so 100% originalni in avtenti\u010dni, zato je na\u0161a politika desetkratno nadomestilo za ponarejeno blago. Za dostavo blaga vam uporabljamo logisti\u010dne kanale, kot so UPS\/DHL\/FEDEX\/DPD.<\/p>\n<p>Za pakete, poslane v Slovenijo, obi\u010dajno traja 10 delovnih dni. Po\u0161iljanje v evropske dr\u017eave obi\u010dajno traja 12 do 15 delovnih dni. Logisti\u010dne informacije vam bomo sproti posodabljali.<\/p>","protected":false},"excerpt":{"rendered":"<p class=\"\" data-start=\"121\" data-end=\"211\">Bang Blaze 60K 4v1 e-cigareta ponuja dolgotrajno uparjanje s 60 ml e-teko\u010dine, baterijo za ponovno polnjenje, pametnim LED zaslonom, jakostjo nikotinske soli in vrhunsko tehnologijo mre\u017ene tuljave.<\/p>\n<p>Za popust se obrnite na Mandyin WhatsApp<a href=\"https:\/\/wa.me\/8618077105796\">+8618077105796<\/a><\/p>\n<p><img decoding=\"async\" class=\"alignnone wp-image-2151\" src=\"http:\/\/vapebulkp.com\/wp-content\/uploads\/2024\/04\/Mandy-WhatsApp-Randm.jpg\" alt=\"Mandy WhatsApp Randm\" width=\"297\" height=\"316\" srcset=\"https:\/\/vapebulkp.com\/wp-content\/uploads\/2024\/04\/Mandy-WhatsApp-Randm.jpg 916w, https:\/\/vapebulkp.com\/wp-content\/uploads\/2024\/04\/Mandy-WhatsApp-Randm-282x300.jpg 282w, https:\/\/vapebulkp.com\/wp-content\/uploads\/2024\/04\/Mandy-WhatsApp-Randm-768x817.jpg 768w, https:\/\/vapebulkp.com\/wp-content\/uploads\/2024\/04\/Mandy-WhatsApp-Randm-600x638.jpg 600w\" sizes=\"(max-width: 297px) 100vw, 297px\" \/><\/p>\n<p><span style=\"color: #ff0000\">OPOMBA: Cene na na\u0161i spletni strani ne vklju\u010dujejo stro\u0161kov po\u0161iljanja.<\/span><\/p>\n<p>&nbsp;<\/p>","protected":false},"featured_media":3781,"comment_status":"open","ping_status":"closed","template":"","meta":{"_uag_custom_page_level_css":"","_lmt_disableupdate":"no","_lmt_disable":"","site-sidebar-layout":"default","site-content-layout":"content-boxed-container","ast-site-content-layout":"normal-width-container","site-content-style":"boxed","site-sidebar-style":"unboxed","ast-global-header-display":"","ast-banner-title-visibility":"","ast-main-header-display":"","ast-hfb-above-header-display":"","ast-hfb-below-header-display":"","ast-hfb-mobile-header-display":"","site-post-title":"","ast-breadcrumbs-content":"","ast-featured-img":"","footer-sml-layout":"","theme-transparent-header-meta":"default","adv-header-id-meta":"","stick-header-meta":"","header-above-stick-meta":"","header-main-stick-meta":"","header-below-stick-meta":"","astra-migrate-meta-layouts":"set","_joinchat":[]},"product_cat":[234,153,345,155,33,59,100,34,158,157,154,152,58,84,156,63,32],"product_tag":[250,36,37,41,286,40],"class_list":["post-3785","product","type-product","status-publish","has-post-thumbnail","hentry","product_cat-60000-puffs-disposable-vape","product_cat-hot-disposable-vapes","product_cat-bang-vapes","product_cat-belgium-hot-disposable-vapes","product_cat-france-vape-hot-sale","product_cat-germany-hot-disposable-vape","product_cat-germany-wholesale-vape-shop","product_cat-netherlands-vape-good-sale","product_cat-norway-hot-disposable-vapes","product_cat-poland-hot-disposable-vapes","product_cat-portugal-hot-disposable-vapes","product_cat-spain-hot-disposable-vapes","product_cat-sweden-hot-disposable-vape","product_cat-sweden-wholesale-vape","product_cat-switzerland-hot-disposable-vapes","product_cat-top-sale-disposable-vape","product_cat-vape-hot-sale-this-week","product_tag-bang-blaze-60000-puffs","product_tag-good-vape","product_tag-hot-sale-disposable-vape","product_tag-poland-hot-vape","product_tag-puffs-stock-in-europe","product_tag-sweden-hot-vape","pa_brand-bang-vape","desktop-align-left","tablet-align-left","mobile-align-left"],"yoast_head":"<!-- This site is optimized with the Yoast SEO plugin v21.1 - https:\/\/yoast.com\/wordpress\/plugins\/seo\/ -->\n<title>Bang Blaze 60000 Puffs 4 In1 Disposable Vape For Wholesale Price - vapebulkp.com<\/title>\n<meta name=\"description\" content=\"Bang Blaze 60000 Puffs 4-in-1 Vape offers up to 60,000 puffs, 4 switchable flavors, 60ml e-liquid, mesh coil tech, and a rechargeable battery with LED display.\" \/>\n<meta name=\"robots\" content=\"index, follow, max-snippet:-1, max-image-preview:large, max-video-preview:-1\" \/>\n<link rel=\"canonical\" href=\"https:\/\/vapebulkp.com\/sl\/product\/bang-blaze-60000-puffs-4-in1-disposable-vape-for-wholesale-price\/\" \/>\n<meta property=\"og:locale\" content=\"sl_SI\" \/>\n<meta property=\"og:type\" content=\"article\" \/>\n<meta property=\"og:title\" content=\"Bang Blaze 60000 Puffs 4 In1 Disposable Vape For Wholesale Price - vapebulkp.com\" \/>\n<meta property=\"og:description\" content=\"Bang Blaze 60000 Puffs 4-in-1 Vape offers up to 60,000 puffs, 4 switchable flavors, 60ml e-liquid, mesh coil tech, and a rechargeable battery with LED display.\" \/>\n<meta property=\"og:url\" content=\"https:\/\/vapebulkp.com\/sl\/product\/bang-blaze-60000-puffs-4-in1-disposable-vape-for-wholesale-price\/\" \/>\n<meta property=\"og:site_name\" content=\"vapebulkp.com\" \/>\n<meta property=\"article:modified_time\" content=\"2025-09-24T03:56:31+00:00\" \/>\n<meta property=\"og:image\" content=\"http:\/\/vapebulkp.com\/wp-content\/uploads\/2025\/05\/Bang-Blaze-60K-4In1-Disposable-Vape-Hot-Sale-In-Germany.webp\" \/>\n\t<meta property=\"og:image:width\" content=\"800\" \/>\n\t<meta property=\"og:image:height\" content=\"800\" \/>\n\t<meta property=\"og:image:type\" content=\"image\/webp\" \/>\n<meta name=\"twitter:card\" content=\"summary_large_image\" \/>\n<meta name=\"twitter:label1\" content=\"Est. reading time\" \/>\n\t<meta name=\"twitter:data1\" content=\"5 minut\" \/>\n<script type=\"application\/ld+json\" class=\"yoast-schema-graph\">{\"@context\":\"https:\/\/schema.org\",\"@graph\":[{\"@type\":\"WebPage\",\"@id\":\"https:\/\/vapebulkp.com\/product\/bang-blaze-60000-puffs-4-in1-disposable-vape-for-wholesale-price\/\",\"url\":\"https:\/\/vapebulkp.com\/product\/bang-blaze-60000-puffs-4-in1-disposable-vape-for-wholesale-price\/\",\"name\":\"Bang Blaze 60000 Puffs 4 In1 Disposable Vape For Wholesale Price - vapebulkp.com\",\"isPartOf\":{\"@id\":\"https:\/\/vapebulkp.com\/#website\"},\"datePublished\":\"2025-05-23T08:30:15+00:00\",\"dateModified\":\"2025-09-24T03:56:31+00:00\",\"description\":\"Bang Blaze 60000 Puffs 4-in-1 Vape offers up to 60,000 puffs, 4 switchable flavors, 60ml e-liquid, mesh coil tech, and a rechargeable battery with LED display.\",\"breadcrumb\":{\"@id\":\"https:\/\/vapebulkp.com\/product\/bang-blaze-60000-puffs-4-in1-disposable-vape-for-wholesale-price\/#breadcrumb\"},\"inLanguage\":\"sl-SI\",\"potentialAction\":[{\"@type\":\"ReadAction\",\"target\":[\"https:\/\/vapebulkp.com\/product\/bang-blaze-60000-puffs-4-in1-disposable-vape-for-wholesale-price\/\"]}]},{\"@type\":\"BreadcrumbList\",\"@id\":\"https:\/\/vapebulkp.com\/product\/bang-blaze-60000-puffs-4-in1-disposable-vape-for-wholesale-price\/#breadcrumb\",\"itemListElement\":[{\"@type\":\"ListItem\",\"position\":1,\"name\":\"Home\",\"item\":\"https:\/\/vapebulkp.com\/\"},{\"@type\":\"ListItem\",\"position\":2,\"name\":\"Hot Trend Vapes\",\"item\":\"https:\/\/vapebulkp.com\/vape-shop\/\"},{\"@type\":\"ListItem\",\"position\":3,\"name\":\"Bang Blaze 60000 Puffs 4 In1 Disposable Vape For Wholesale Price\"}]},{\"@type\":\"WebSite\",\"@id\":\"https:\/\/vapebulkp.com\/#website\",\"url\":\"https:\/\/vapebulkp.com\/\",\"name\":\"vapebulkp.com\",\"description\":\"Buy Vape In Cheap Bulk Price Near you\",\"publisher\":{\"@id\":\"https:\/\/vapebulkp.com\/#organization\"},\"potentialAction\":[{\"@type\":\"SearchAction\",\"target\":{\"@type\":\"EntryPoint\",\"urlTemplate\":\"https:\/\/vapebulkp.com\/?s={search_term_string}\"},\"query-input\":\"required name=search_term_string\"}],\"inLanguage\":\"sl-SI\"},{\"@type\":\"Organization\",\"@id\":\"https:\/\/vapebulkp.com\/#organization\",\"name\":\"vapebulkp.com\",\"url\":\"https:\/\/vapebulkp.com\/\",\"logo\":{\"@type\":\"ImageObject\",\"inLanguage\":\"sl-SI\",\"@id\":\"https:\/\/vapebulkp.com\/#\/schema\/logo\/image\/\",\"url\":\"https:\/\/vapebulkp.com\/wp-content\/uploads\/2023\/09\/cropped-vapebulkp.png\",\"contentUrl\":\"https:\/\/vapebulkp.com\/wp-content\/uploads\/2023\/09\/cropped-vapebulkp.png\",\"width\":516,\"height\":163,\"caption\":\"vapebulkp.com\"},\"image\":{\"@id\":\"https:\/\/vapebulkp.com\/#\/schema\/logo\/image\/\"}}]}<\/script>\n<!-- \/ Yoast SEO plugin. -->","yoast_head_json":{"title":"Bang Blaze 60000 Puffs 4 In1 Disposable Vape For Wholesale Price - vapebulkp.com","description":"Bang Blaze 60000 Puffs 4-in-1 Vape offers up to 60,000 puffs, 4 switchable flavors, 60ml e-liquid, mesh coil tech, and a rechargeable battery with LED display.","robots":{"index":"index","follow":"follow","max-snippet":"max-snippet:-1","max-image-preview":"max-image-preview:large","max-video-preview":"max-video-preview:-1"},"canonical":"https:\/\/vapebulkp.com\/sl\/product\/bang-blaze-60000-puffs-4-in1-disposable-vape-for-wholesale-price\/","og_locale":"sl_SI","og_type":"article","og_title":"Bang Blaze 60000 Puffs 4 In1 Disposable Vape For Wholesale Price - vapebulkp.com","og_description":"Bang Blaze 60000 Puffs 4-in-1 Vape offers up to 60,000 puffs, 4 switchable flavors, 60ml e-liquid, mesh coil tech, and a rechargeable battery with LED display.","og_url":"https:\/\/vapebulkp.com\/sl\/product\/bang-blaze-60000-puffs-4-in1-disposable-vape-for-wholesale-price\/","og_site_name":"vapebulkp.com","article_modified_time":"2025-09-24T03:56:31+00:00","og_image":[{"width":800,"height":800,"url":"http:\/\/vapebulkp.com\/wp-content\/uploads\/2025\/05\/Bang-Blaze-60K-4In1-Disposable-Vape-Hot-Sale-In-Germany.webp","type":"image\/webp"}],"twitter_card":"summary_large_image","twitter_misc":{"Est. reading time":"5 minut"},"schema":{"@context":"https:\/\/schema.org","@graph":[{"@type":"WebPage","@id":"https:\/\/vapebulkp.com\/product\/bang-blaze-60000-puffs-4-in1-disposable-vape-for-wholesale-price\/","url":"https:\/\/vapebulkp.com\/product\/bang-blaze-60000-puffs-4-in1-disposable-vape-for-wholesale-price\/","name":"Bang Blaze 60000 Puffs 4 In1 Disposable Vape For Wholesale Price - vapebulkp.com","isPartOf":{"@id":"https:\/\/vapebulkp.com\/#website"},"datePublished":"2025-05-23T08:30:15+00:00","dateModified":"2025-09-24T03:56:31+00:00","description":"Bang Blaze 60000 Puffs 4-in-1 Vape offers up to 60,000 puffs, 4 switchable flavors, 60ml e-liquid, mesh coil tech, and a rechargeable battery with LED display.","breadcrumb":{"@id":"https:\/\/vapebulkp.com\/product\/bang-blaze-60000-puffs-4-in1-disposable-vape-for-wholesale-price\/#breadcrumb"},"inLanguage":"sl-SI","potentialAction":[{"@type":"ReadAction","target":["https:\/\/vapebulkp.com\/product\/bang-blaze-60000-puffs-4-in1-disposable-vape-for-wholesale-price\/"]}]},{"@type":"BreadcrumbList","@id":"https:\/\/vapebulkp.com\/product\/bang-blaze-60000-puffs-4-in1-disposable-vape-for-wholesale-price\/#breadcrumb","itemListElement":[{"@type":"ListItem","position":1,"name":"Home","item":"https:\/\/vapebulkp.com\/"},{"@type":"ListItem","position":2,"name":"Hot Trend Vapes","item":"https:\/\/vapebulkp.com\/vape-shop\/"},{"@type":"ListItem","position":3,"name":"Bang Blaze 60000 Puffs 4 In1 Disposable Vape For Wholesale Price"}]},{"@type":"WebSite","@id":"https:\/\/vapebulkp.com\/#website","url":"https:\/\/vapebulkp.com\/","name":"vapebulkp.com","description":"Buy Vape In Cheap Bulk Price Near you","publisher":{"@id":"https:\/\/vapebulkp.com\/#organization"},"potentialAction":[{"@type":"SearchAction","target":{"@type":"EntryPoint","urlTemplate":"https:\/\/vapebulkp.com\/?s={search_term_string}"},"query-input":"required name=search_term_string"}],"inLanguage":"sl-SI"},{"@type":"Organization","@id":"https:\/\/vapebulkp.com\/#organization","name":"vapebulkp.com","url":"https:\/\/vapebulkp.com\/","logo":{"@type":"ImageObject","inLanguage":"sl-SI","@id":"https:\/\/vapebulkp.com\/#\/schema\/logo\/image\/","url":"https:\/\/vapebulkp.com\/wp-content\/uploads\/2023\/09\/cropped-vapebulkp.png","contentUrl":"https:\/\/vapebulkp.com\/wp-content\/uploads\/2023\/09\/cropped-vapebulkp.png","width":516,"height":163,"caption":"vapebulkp.com"},"image":{"@id":"https:\/\/vapebulkp.com\/#\/schema\/logo\/image\/"}}]}},"uagb_featured_image_src":{"full":["https:\/\/vapebulkp.com\/wp-content\/uploads\/2025\/05\/Bang-Blaze-60K-4In1-Disposable-Vape-Hot-Sale-In-Germany.webp",800,800,false],"thumbnail":["https:\/\/vapebulkp.com\/wp-content\/uploads\/2025\/05\/Bang-Blaze-60K-4In1-Disposable-Vape-Hot-Sale-In-Germany-150x150.webp",150,150,true],"medium":["https:\/\/vapebulkp.com\/wp-content\/uploads\/2025\/05\/Bang-Blaze-60K-4In1-Disposable-Vape-Hot-Sale-In-Germany-300x300.webp",300,300,true],"medium_large":["https:\/\/vapebulkp.com\/wp-content\/uploads\/2025\/05\/Bang-Blaze-60K-4In1-Disposable-Vape-Hot-Sale-In-Germany-768x768.webp",768,768,true],"large":["https:\/\/vapebulkp.com\/wp-content\/uploads\/2025\/05\/Bang-Blaze-60K-4In1-Disposable-Vape-Hot-Sale-In-Germany.webp",800,800,false],"1536x1536":["https:\/\/vapebulkp.com\/wp-content\/uploads\/2025\/05\/Bang-Blaze-60K-4In1-Disposable-Vape-Hot-Sale-In-Germany.webp",800,800,false],"2048x2048":["https:\/\/vapebulkp.com\/wp-content\/uploads\/2025\/05\/Bang-Blaze-60K-4In1-Disposable-Vape-Hot-Sale-In-Germany.webp",800,800,false],"trp-custom-language-flag":["https:\/\/vapebulkp.com\/wp-content\/uploads\/2025\/05\/Bang-Blaze-60K-4In1-Disposable-Vape-Hot-Sale-In-Germany.webp",12,12,false],"woocommerce_thumbnail":["https:\/\/vapebulkp.com\/wp-content\/uploads\/2025\/05\/Bang-Blaze-60K-4In1-Disposable-Vape-Hot-Sale-In-Germany-300x300.webp",300,300,true],"woocommerce_single":["https:\/\/vapebulkp.com\/wp-content\/uploads\/2025\/05\/Bang-Blaze-60K-4In1-Disposable-Vape-Hot-Sale-In-Germany-600x600.webp",600,600,true],"woocommerce_gallery_thumbnail":["https:\/\/vapebulkp.com\/wp-content\/uploads\/2025\/05\/Bang-Blaze-60K-4In1-Disposable-Vape-Hot-Sale-In-Germany-100x100.webp",100,100,true],"wcpr-photo-reviews":["https:\/\/vapebulkp.com\/wp-content\/uploads\/2025\/05\/Bang-Blaze-60K-4In1-Disposable-Vape-Hot-Sale-In-Germany.webp",500,500,false]},"uagb_author_info":{"display_name":"Mandy vape bulk price","author_link":"https:\/\/vapebulkp.com\/sl\/author\/"},"uagb_comment_info":0,"uagb_excerpt":"Bang Blaze 60K 4in1 vape offers long lasting vaping with 60ml e liquid rechargeable battery smart LED display nicotine salt strengths and premium mesh coil technology. Pls Contact Mandy's WhatsApp For Discount Price+8618077105796 NOTE: Prices on our website does not include shipping costs &nbsp;","_links":{"self":[{"href":"https:\/\/vapebulkp.com\/sl\/wp-json\/wp\/v2\/product\/3785","targetHints":{"allow":["GET"]}}],"collection":[{"href":"https:\/\/vapebulkp.com\/sl\/wp-json\/wp\/v2\/product"}],"about":[{"href":"https:\/\/vapebulkp.com\/sl\/wp-json\/wp\/v2\/types\/product"}],"replies":[{"embeddable":true,"href":"https:\/\/vapebulkp.com\/sl\/wp-json\/wp\/v2\/comments?post=3785"}],"wp:featuredmedia":[{"embeddable":true,"href":"https:\/\/vapebulkp.com\/sl\/wp-json\/wp\/v2\/media\/3781"}],"wp:attachment":[{"href":"https:\/\/vapebulkp.com\/sl\/wp-json\/wp\/v2\/media?parent=3785"}],"wp:term":[{"taxonomy":"product_cat","embeddable":true,"href":"https:\/\/vapebulkp.com\/sl\/wp-json\/wp\/v2\/product_cat?post=3785"},{"taxonomy":"product_tag","embeddable":true,"href":"https:\/\/vapebulkp.com\/sl\/wp-json\/wp\/v2\/product_tag?post=3785"}],"curies":[{"name":"wp","href":"https:\/\/api.w.org\/{rel}","templated":true}]}}