{"id":3816,"date":"2025-06-05T11:00:10","date_gmt":"2025-06-05T09:00:10","guid":{"rendered":"https:\/\/vapebulkp.com\/?post_type=product&#038;p=3816"},"modified":"2025-09-04T09:10:10","modified_gmt":"2025-09-04T07:10:10","slug":"airfuze-addon-40000-puffs-high-capacity-vape-device","status":"publish","type":"product","link":"https:\/\/vapebulkp.com\/sl\/product\/airfuze-addon-40000-puffs-high-capacity-vape-device\/","title":{"rendered":"AIRFUZE Dodatek Vape naprava z visoko zmogljivostjo 40000 Puffs"},"content":{"rendered":"<h2 style=\"text-align: left\">AIRFUZE Dodatek Vape naprava z visoko zmogljivostjo 40000 Puffs<\/h2>\n<p data-start=\"182\" data-end=\"506\">The <strong data-start=\"186\" data-end=\"207\">AIRFUZE Dodatek 40K<\/strong> je vrhunski <a href=\"https:\/\/vapebulkp.com\/sl\/product-category\/40000-puffs-disposable-vape\/\"><strong data-start=\"221\" data-end=\"252\">40000 vdihov e-cigareta za enkratno uporabo<\/strong><\/a> zasnovan za evropske vaperje, ki zahtevajo dolgotrajno delovanje in bogat okus. Ta <strong data-start=\"339\" data-end=\"372\">visokozmogljiv vape za enkratno uporabo<\/strong> ponuja Normalni na\u010din do 40.000 vpihov in na\u010din Boost do 20.000 vpihov, kar je kot nala\u0161\u010d za dalj\u0161e vaping seje brez prekinitev.<\/p>\n<p data-start=\"508\" data-end=\"775\">Opremljen z 24-mililitrskim <strong data-start=\"529\" data-end=\"554\">dvorezervoarskim sistemom e-cigaret<\/strong> \u201418 ml glavna komora plus 6 ml rezervna \u2014 naprava zagotavlja neprekinjeno vapiranje z minimalnim \u010dasom polnjenja. <strong data-start=\"663\" data-end=\"687\">Tehnologija mre\u017easte tuljave<\/strong> zagotavlja gladek paru, dosleden okus in zadovoljive udarce v grlo pri vsakem potegu.<\/p>\n<p data-start=\"777\" data-end=\"1086\">Napajan z 850 mAh baterijo, ta <strong data-start=\"812\" data-end=\"844\">za polnljiva jednokratna vape<\/strong> zdru\u017euje priro\u010dnost naprave za enkratno uporabo z zanesljivo, dolgotrajno mo\u010djo. Nastavljivi na\u010dina Sour in Ice omogo\u010data uporabnikom, da prilagodijo vsak vpih, medtem ko 5% nikotinska sol zagotavlja gladek, a mo\u010dan udarec tako za za\u010detnike kot za izku\u0161ene vaperje.<\/p>\n<p data-start=\"1088\" data-end=\"1456\">Lahka in kompaktna, <strong data-start=\"1117\" data-end=\"1138\">prenosna vape peresna<\/strong> zasnova se popolnoma prilega v \u017eepe ali torbe, zaradi \u010desar je idealna za potovanja, vsakodnevno uporabo ali dru\u017eabne prilo\u017enosti. Kupci na debelo po vsej Evropi bodo cenili <strong data-start=\"1292\" data-end=\"1319\">evropsko veleprodajno vape<\/strong> privla\u010dnost <strong data-start=\"1334\" data-end=\"1371\">AIRFUZE Addon 40K Vape za enkratno uporabo<\/strong>, stilsko, visoko zmogljivo napravo, zgrajeno za okus, priro\u010dnost in vzdr\u017eljivost.<\/p>\n<h6>Za popust se obrnite na Mandyin WhatsApp<a href=\"https:\/\/wa.me\/8618077105796\">+8618077105796<\/a><\/h6>\n<p><img decoding=\"async\" class=\"alignnone wp-image-2151\" src=\"http:\/\/vapebulkp.com\/wp-content\/uploads\/2024\/04\/Mandy-WhatsApp-Randm.jpg\" alt=\"Mandy WhatsApp Randm\" width=\"324\" height=\"330\" \/><\/p>\n<div class=\"flex max-w-full flex-col flex-grow\">\n<div class=\"min-h-8 text-message flex w-full flex-col items-end gap-2 whitespace-normal break-words text-start [.text-message+&amp;]:mt-5\" dir=\"auto\" data-message-author-role=\"assistant\" data-message-id=\"d24cf626-c018-4805-80f5-44de047f2ba0\" data-message-model-slug=\"gpt-4o\">\n<div class=\"flex w-full flex-col gap-1 empty:hidden first:pt-[3px]\">\n<div class=\"markdown prose w-full break-words dark:prose-invert light\">\n<h2>Zakaj kupiti veleprodajni vape AIRFUZE Addon 40000 Puffs pri <a href=\"https:\/\/vapebulkp.com\/sl\/vape-shop\/\">Vapebulkp.com<\/a>?<\/h2>\n<p data-start=\"250\" data-end=\"615\">Nakup <strong data-start=\"265\" data-end=\"310\">AIRFUZE Dodatek 40000 Vdihov Enkratna Vapa<\/strong> pri <strong data-start=\"316\" data-end=\"333\">Vapebulkp.com<\/strong> zagotavlja, da dobite verodostojne izdelke, konkuren\u010dne veleprodajne cene in hitro, zanesljivo po\u0161iljanje po Evropi. Kot zaupanja vreden dobavitelj <strong data-start=\"468\" data-end=\"498\">vape z veliko Puffs<\/strong> in <strong data-start=\"503\" data-end=\"533\">e-cigareta z nikotinsko soljo<\/strong>, se Vapebulkp specializira za vrhunske naprave, zasnovane za dolgotrajno zadovoljstvo.<\/p>\n<p data-start=\"617\" data-end=\"670\">Ko nakupujete pri <strong data-start=\"634\" data-end=\"651\">Vapebulkp.com<\/strong>, imate koristi od:<\/p>\n<ul data-start=\"672\" data-end=\"1191\">\n<li data-start=\"672\" data-end=\"743\">\n<p data-start=\"674\" data-end=\"743\">\u2705 <strong data-start=\"676\" data-end=\"705\">Originalni izdelki AIRFUZE<\/strong> \u2013 100% verodostojni in tovarni\u0161ko zaprti<\/p>\n<\/li>\n<li data-start=\"744\" data-end=\"842\">\n<p data-start=\"746\" data-end=\"842\">\u2705 <strong data-start=\"748\" data-end=\"788\">Najbolj\u0161e veleprodajne cene vape v Evropi<\/strong> \u2013 Cene, prijazne do veleprodaje za trgovce na drobno in pogoste uporabnike<\/p>\n<\/li>\n<li data-start=\"843\" data-end=\"929\">\n<p data-start=\"845\" data-end=\"929\">\u2705 <strong data-start=\"847\" data-end=\"867\">Hitra po\u0161iljka v EU<\/strong> \u2013 Hitra dostava v Nem\u010dijo, Italijo, Francijo, \u0160panijo in drugo<\/p>\n<\/li>\n<li data-start=\"930\" data-end=\"1020\">\n<p data-start=\"932\" data-end=\"1020\">\u2705 <strong data-start=\"934\" data-end=\"967\">Izbor e-cigaret z visoko zmogljivostjo<\/strong> \u2013 Dostop do najnovej\u0161ih vape z 20000+ Puffs na enem mestu<\/p>\n<\/li>\n<li data-start=\"1021\" data-end=\"1102\">\n<p data-start=\"1023\" data-end=\"1102\">\u2705 <strong data-start=\"1025\" data-end=\"1049\">Varna spletna naro\u010dila<\/strong> \u2013 Enostavno naro\u010danje s strokovno podporo strankam<\/p>\n<\/li>\n<li data-start=\"1103\" data-end=\"1191\">\n<p data-start=\"1105\" data-end=\"1191\">\u2705 <strong data-start=\"1107\" data-end=\"1134\">Strokovno znanje o industriji vapinga<\/strong> \u2013 Veleprodaja in navdu\u0161enci nad vapingom po vsej Evropi<\/p>\n<\/li>\n<\/ul>\n<\/div>\n<\/div>\n<\/div>\n<\/div>\n<h2>Klju\u010dne specifikacije AIRFUZE Addon 40k Puffs:<\/h2>\n<ul>\n<li data-start=\"127\" data-end=\"250\">\n<p data-start=\"129\" data-end=\"250\"><strong data-start=\"129\" data-end=\"151\">Ogromno \u0161tevilo vpihov<\/strong><br data-start=\"151\" data-end=\"154\" \/>Zagotavlja do 40000 vpihov v obi\u010dajnem na\u010dinu in 20000 vpihov v na\u010dinu Boost za dalj\u0161e u\u017eivanje<\/p>\n<\/li>\n<li data-start=\"252\" data-end=\"393\">\n<p data-start=\"254\" data-end=\"393\"><strong data-start=\"254\" data-end=\"274\">Dvojni sistem rezervoarjev<\/strong><br data-start=\"274\" data-end=\"277\" \/>Vsebuje 18-mililitrski primarni rezervoar in 6-mililitrski sekundarni rezervoar s skupno prostornino 24 ml za dolgotrajno uporabo<\/p>\n<\/li>\n<li data-start=\"395\" data-end=\"526\">\n<p data-start=\"397\" data-end=\"526\"><strong data-start=\"397\" data-end=\"426\">Nastavljiv nadzor okusa<\/strong><br data-start=\"426\" data-end=\"429\" \/>Preklapljajte med osve\u017eujo\u010dim ledenim ob\u010dutkom ali mo\u010dnim kiselim udarcem, da ustreza va\u0161im osebnim \u017eeljam<\/p>\n<\/li>\n<li data-start=\"528\" data-end=\"627\">\n<p data-start=\"530\" data-end=\"627\"><strong data-start=\"530\" data-end=\"551\">Vsebnost nikotina<\/strong><br data-start=\"551\" data-end=\"554\" \/>Vsebuje 5% (50mg) nikotinsko sol za gladek in zadovoljiv udarec v grlo<\/p>\n<\/li>\n<li data-start=\"629\" data-end=\"744\">\n<p data-start=\"631\" data-end=\"744\"><strong data-start=\"631\" data-end=\"651\">Zmogljiva baterija<\/strong><br data-start=\"651\" data-end=\"654\" \/>Opremljen z 850mAh polnilno baterijo za podporo dolgotrajne dosledne zmogljivosti<\/p>\n<\/li>\n<li data-start=\"746\" data-end=\"863\">\n<p data-start=\"748\" data-end=\"863\"><strong data-start=\"748\" data-end=\"776\">Skrivnostni dodatni pripomo\u010dek<\/strong><br data-start=\"776\" data-end=\"779\" \/>Prilo\u017een 1 od 3 presene\u010denj za dodatno prilagajanje in uporabni\u0161ko izku\u0161njo<\/p>\n<\/li>\n<\/ul>\n<h2><strong>AIRFUZE Addon 40000 Puffs jednokratni vapi Seznam okusov<\/strong><\/h2>\n<p>1. Jagode grozdje<br \/>\n2. Modra malina led<br \/>\n3. Borovni\u010deva ovsena krof<br \/>\n4. \u010ce\u0161njeva limonina soda<br \/>\n5. Zamrznjena Fcuking Fab<br \/>\n6. Mango breskev led<br \/>\n7. Miami meta<br \/>\n8. Kisla modra roza limonada<br \/>\n9. Kisla lubenica led<br \/>\n10. Pomladni led<br \/>\n11. Jagoda kivi lubenica<br \/>\n12. Jagoda banana<br \/>\n13. Bela gumi<br \/>\n14.Zimska meta<\/p>\n<p><span style=\"vertical-align: inherit\">Poi\u0161\u010dite ve\u010d izdelkov, ki bi vam bili morda v\u0161e\u010d:<\/span><em><a href=\"https:\/\/wa.me\/8618077105796\"><span style=\"vertical-align: inherit\">\u00a0Kupite zdaj<\/span><\/a><\/em><\/p>\n<p><span style=\"vertical-align: inherit\">Drugi 'puffs', ki bi vam bili morda v\u0161e\u010d:<\/span><a href=\"https:\/\/vapebulkp.com\/sl\/product\/vozol-vista-40000-puffs-vape-wholesale-best-price\/\"><span style=\"vertical-align: inherit\">Vozol Vista 40000 Vdihov<\/span><\/a><span style=\"vertical-align: inherit\">\u3001<\/span><a href=\"https:\/\/vapebulkp.com\/sl\/product\/bang-blaze-60000-puffs-4-in1-disposable-vape-for-wholesale-price\/\"><span style=\"vertical-align: inherit\">Bang Blaze 60000 Vpihov<\/span><\/a><span style=\"vertical-align: inherit\">\/<\/span><a href=\"https:\/\/vapebulkp.com\/sl\/product\/vapme-digital-30000-puffs-disposable-vape-with-smart-screen\/\"><span style=\"vertical-align: inherit\">\u00a0Vapme Digital 30000 Vpihov <\/span><\/a><span style=\"vertical-align: inherit\">\/<\/span><a href=\"https:\/\/vapebulkp.com\/sl\/product\/vozol-rave-40000-puffs-hot-sale-nicotine-salt-disposable-vaporizer\/\"><span style=\"vertical-align: inherit\"> Vozol Vape Rave 40000 Vpihov<\/span><\/a><\/p>\n<h2>Pogosta vpra\u0161anja o vro\u010di razprodaji AIRFUZE Addon 40000 Vpihov Vapes<\/h2>\n<p data-start=\"310\" data-end=\"559\"><strong data-start=\"310\" data-end=\"377\">V1. Koliko vpihov ponuja AIRFUZE Addon Disposable Vapes?<\/strong><br data-start=\"377\" data-end=\"380\" \/>AIRFUZE Addon ponuja do <strong data-start=\"413\" data-end=\"443\">40000 vpihov v Normalnem na\u010dinu<\/strong> in <strong data-start=\"448\" data-end=\"477\">20000 vpihov v Na\u010dinu Boost<\/strong>, kar ga uvr\u0161\u010da med najmo\u010dnej\u0161e <strong data-start=\"514\" data-end=\"544\">za enkratno uporabo z veliko vpihi<\/strong> na trgu.<\/p>\n<p data-start=\"561\" data-end=\"791\"><strong data-start=\"561\" data-end=\"623\">V2. Kak\u0161na je kapaciteta e-teko\u010dine AIRFUZE Addon 40K?<\/strong><br data-start=\"623\" data-end=\"626\" \/>Ima <strong data-start=\"640\" data-end=\"660\">dvojni sistem rezervoarjev<\/strong> z skupno <strong data-start=\"674\" data-end=\"700\">24 ml kapacitete e-teko\u010dine<\/strong> (18 ml primarni + 6 ml sekundarni rezervoar), kar omogo\u010da dalj\u0161o uporabo brez pogostega polnjenja.<\/p>\n<p data-start=\"793\" data-end=\"1024\"><strong data-start=\"793\" data-end=\"839\">V3. Ali je AIRFUZE Addon vape napolnljiv?<\/strong><br data-start=\"839\" data-end=\"842\" \/>Da, vklju\u010duje <strong data-start=\"862\" data-end=\"893\">850mAh baterijo za ponovno polnjenje<\/strong>, kar uporabnikom omogo\u010da dalj\u0161o \u017eivljenjsko dobo v primerjavi s standardnimi <strong data-start=\"947\" data-end=\"991\">ne-polnilne jednokratne e-cigarete<\/strong>. Uporablja polnilna vrata Type-C.<\/p>\n<p data-start=\"1256\" data-end=\"1470\"><strong data-start=\"1256\" data-end=\"1308\">V4. Ali lahko prilagodim okus na AIRFUZE Addon?<\/strong><br data-start=\"1308\" data-end=\"1311\" \/>Da. Vape ima <strong data-start=\"1334\" data-end=\"1367\">nastavljiva na\u010dina za kiselost in led<\/strong>, kar vam omogo\u010da, da svojo izku\u0161njo vapinga prilagodite svojemu okusu \u2013 hladno in osve\u017eujo\u010de ali trpko in drzno.<\/p>\n<h3>Podrobnosti dostave:<\/h3>\n<p><span style=\"color: #ff6600\">\u010cas proizvodnje: 5\u201310 delovnih dni<\/span><br \/>\n<span style=\"color: #ff6600\">\u010cas dostave: 8\u201314 delovnih dni<\/span><\/p>\n<p>Vsi izdelki v na\u0161i trgovini so 100% originalni in avtenti\u010dni, zato je na\u0161a politika desetkratno nadomestilo za ponarejeno blago. Za dostavo blaga vam uporabljamo logisti\u010dne kanale, kot so UPS\/DHL\/FEDEX\/DPD.<\/p>\n<p>Za pakete, poslane v Slovenijo, obi\u010dajno traja 10 delovnih dni. Po\u0161iljanje v evropske dr\u017eave obi\u010dajno traja 12 do 15 delovnih dni. Logisti\u010dne informacije vam bomo sproti posodabljali.<\/p>","protected":false},"excerpt":{"rendered":"<h2>AIRFUZE Addon 40000 Puffs Najbolj prodajane vape v Evropi<\/h2>\n<p>Za popust se obrnite na Mandyin WhatsApp<a href=\"https:\/\/wa.me\/8618077105796\">+8618077105796<\/a><\/p>\n<p><img decoding=\"async\" class=\"alignnone wp-image-2151\" src=\"http:\/\/vapebulkp.com\/wp-content\/uploads\/2024\/04\/Mandy-WhatsApp-Randm.jpg\" alt=\"Mandy WhatsApp Randm\" width=\"297\" height=\"316\" srcset=\"https:\/\/vapebulkp.com\/wp-content\/uploads\/2024\/04\/Mandy-WhatsApp-Randm.jpg 916w, https:\/\/vapebulkp.com\/wp-content\/uploads\/2024\/04\/Mandy-WhatsApp-Randm-282x300.jpg 282w, https:\/\/vapebulkp.com\/wp-content\/uploads\/2024\/04\/Mandy-WhatsApp-Randm-768x817.jpg 768w, https:\/\/vapebulkp.com\/wp-content\/uploads\/2024\/04\/Mandy-WhatsApp-Randm-600x638.jpg 600w\" sizes=\"(max-width: 297px) 100vw, 297px\" \/><\/p>\n<p><span style=\"color: #ff0000\">OPOMBA: Cene na na\u0161i spletni strani ne vklju\u010dujejo stro\u0161kov po\u0161iljanja.<\/span><\/p>\n<p>&nbsp;<\/p>","protected":false},"featured_media":3812,"comment_status":"open","ping_status":"closed","template":"","meta":{"_uag_custom_page_level_css":"","_lmt_disableupdate":"no","_lmt_disable":"","site-sidebar-layout":"default","site-content-layout":"content-boxed-container","ast-site-content-layout":"normal-width-container","site-content-style":"boxed","site-sidebar-style":"unboxed","ast-global-header-display":"","ast-banner-title-visibility":"","ast-main-header-display":"","ast-hfb-above-header-display":"","ast-hfb-below-header-display":"","ast-hfb-mobile-header-display":"","site-post-title":"","ast-breadcrumbs-content":"","ast-featured-img":"","footer-sml-layout":"","theme-transparent-header-meta":"default","adv-header-id-meta":"","stick-header-meta":"","header-above-stick-meta":"","header-main-stick-meta":"","header-below-stick-meta":"","astra-migrate-meta-layouts":"set","_joinchat":[]},"product_cat":[182,153,155,33,59,100,87,34,158,157,154,152,58,84,156,63,32],"product_tag":[253,36,37,41,40],"class_list":["post-3816","product","type-product","status-publish","has-post-thumbnail","hentry","product_cat-40000-puffs-disposable-vape","product_cat-hot-disposable-vapes","product_cat-belgium-hot-disposable-vapes","product_cat-france-vape-hot-sale","product_cat-germany-hot-disposable-vape","product_cat-germany-wholesale-vape-shop","product_cat-minimum-order-quantity-50pcs","product_cat-netherlands-vape-good-sale","product_cat-norway-hot-disposable-vapes","product_cat-poland-hot-disposable-vapes","product_cat-portugal-hot-disposable-vapes","product_cat-spain-hot-disposable-vapes","product_cat-sweden-hot-disposable-vape","product_cat-sweden-wholesale-vape","product_cat-switzerland-hot-disposable-vapes","product_cat-top-sale-disposable-vape","product_cat-vape-hot-sale-this-week","product_tag-airfuze-addon-40000-puffs","product_tag-good-vape","product_tag-hot-sale-disposable-vape","product_tag-poland-hot-vape","product_tag-sweden-hot-vape","desktop-align-left","tablet-align-left","mobile-align-left"],"yoast_head":"<!-- This site is optimized with the Yoast SEO plugin v21.1 - https:\/\/yoast.com\/wordpress\/plugins\/seo\/ -->\n<title>AIRFUZE Addon 40000 Puffs High Capacity Vape Device - vapebulkp.com<\/title>\n<meta name=\"description\" content=\"Shop AIRFUZE Addon 40000 Puffs Disposable Vape with dual-tank design, 5% nicotine, mesh coil, and 850mAh rechargeable battery. Available now at Vapebulkp for fast delivery.\" \/>\n<meta name=\"robots\" content=\"index, follow, max-snippet:-1, max-image-preview:large, max-video-preview:-1\" \/>\n<link rel=\"canonical\" href=\"https:\/\/vapebulkp.com\/sl\/product\/airfuze-addon-40000-puffs-high-capacity-vape-device\/\" \/>\n<meta property=\"og:locale\" content=\"sl_SI\" \/>\n<meta property=\"og:type\" content=\"article\" \/>\n<meta property=\"og:title\" content=\"AIRFUZE Addon 40000 Puffs High Capacity Vape Device - vapebulkp.com\" \/>\n<meta property=\"og:description\" content=\"Shop AIRFUZE Addon 40000 Puffs Disposable Vape with dual-tank design, 5% nicotine, mesh coil, and 850mAh rechargeable battery. Available now at Vapebulkp for fast delivery.\" \/>\n<meta property=\"og:url\" content=\"https:\/\/vapebulkp.com\/sl\/product\/airfuze-addon-40000-puffs-high-capacity-vape-device\/\" \/>\n<meta property=\"og:site_name\" content=\"vapebulkp.com\" \/>\n<meta property=\"article:modified_time\" content=\"2025-09-04T07:10:10+00:00\" \/>\n<meta property=\"og:image\" content=\"http:\/\/vapebulkp.com\/wp-content\/uploads\/2025\/06\/AIRFUZE-Addon-40K-Puff-Vape-Pen-High-Capacity-Disposable-with-Smooth-Flavors.webp\" \/>\n\t<meta property=\"og:image:width\" content=\"800\" \/>\n\t<meta property=\"og:image:height\" content=\"800\" \/>\n\t<meta property=\"og:image:type\" content=\"image\/webp\" \/>\n<meta name=\"twitter:card\" content=\"summary_large_image\" \/>\n<meta name=\"twitter:label1\" content=\"Est. reading time\" \/>\n\t<meta name=\"twitter:data1\" content=\"4 minute\" \/>\n<script type=\"application\/ld+json\" class=\"yoast-schema-graph\">{\"@context\":\"https:\/\/schema.org\",\"@graph\":[{\"@type\":\"WebPage\",\"@id\":\"https:\/\/vapebulkp.com\/product\/airfuze-addon-40000-puffs-high-capacity-vape-device\/\",\"url\":\"https:\/\/vapebulkp.com\/product\/airfuze-addon-40000-puffs-high-capacity-vape-device\/\",\"name\":\"AIRFUZE Addon 40000 Puffs High Capacity Vape Device - vapebulkp.com\",\"isPartOf\":{\"@id\":\"https:\/\/vapebulkp.com\/#website\"},\"datePublished\":\"2025-06-05T09:00:10+00:00\",\"dateModified\":\"2025-09-04T07:10:10+00:00\",\"description\":\"Shop AIRFUZE Addon 40000 Puffs Disposable Vape with dual-tank design, 5% nicotine, mesh coil, and 850mAh rechargeable battery. Available now at Vapebulkp for fast delivery.\",\"breadcrumb\":{\"@id\":\"https:\/\/vapebulkp.com\/product\/airfuze-addon-40000-puffs-high-capacity-vape-device\/#breadcrumb\"},\"inLanguage\":\"sl-SI\",\"potentialAction\":[{\"@type\":\"ReadAction\",\"target\":[\"https:\/\/vapebulkp.com\/product\/airfuze-addon-40000-puffs-high-capacity-vape-device\/\"]}]},{\"@type\":\"BreadcrumbList\",\"@id\":\"https:\/\/vapebulkp.com\/product\/airfuze-addon-40000-puffs-high-capacity-vape-device\/#breadcrumb\",\"itemListElement\":[{\"@type\":\"ListItem\",\"position\":1,\"name\":\"Home\",\"item\":\"https:\/\/vapebulkp.com\/\"},{\"@type\":\"ListItem\",\"position\":2,\"name\":\"Hot Trend Vapes\",\"item\":\"https:\/\/vapebulkp.com\/vape-shop\/\"},{\"@type\":\"ListItem\",\"position\":3,\"name\":\"AIRFUZE Addon 40000 Puffs High Capacity Vape Device\"}]},{\"@type\":\"WebSite\",\"@id\":\"https:\/\/vapebulkp.com\/#website\",\"url\":\"https:\/\/vapebulkp.com\/\",\"name\":\"vapebulkp.com\",\"description\":\"Buy Vape In Cheap Bulk Price Near you\",\"publisher\":{\"@id\":\"https:\/\/vapebulkp.com\/#organization\"},\"potentialAction\":[{\"@type\":\"SearchAction\",\"target\":{\"@type\":\"EntryPoint\",\"urlTemplate\":\"https:\/\/vapebulkp.com\/?s={search_term_string}\"},\"query-input\":\"required name=search_term_string\"}],\"inLanguage\":\"sl-SI\"},{\"@type\":\"Organization\",\"@id\":\"https:\/\/vapebulkp.com\/#organization\",\"name\":\"vapebulkp.com\",\"url\":\"https:\/\/vapebulkp.com\/\",\"logo\":{\"@type\":\"ImageObject\",\"inLanguage\":\"sl-SI\",\"@id\":\"https:\/\/vapebulkp.com\/#\/schema\/logo\/image\/\",\"url\":\"https:\/\/vapebulkp.com\/wp-content\/uploads\/2023\/09\/cropped-vapebulkp.png\",\"contentUrl\":\"https:\/\/vapebulkp.com\/wp-content\/uploads\/2023\/09\/cropped-vapebulkp.png\",\"width\":516,\"height\":163,\"caption\":\"vapebulkp.com\"},\"image\":{\"@id\":\"https:\/\/vapebulkp.com\/#\/schema\/logo\/image\/\"}}]}<\/script>\n<!-- \/ Yoast SEO plugin. -->","yoast_head_json":{"title":"AIRFUZE Addon 40000 Puffs High Capacity Vape Device - vapebulkp.com","description":"Shop AIRFUZE Addon 40000 Puffs Disposable Vape with dual-tank design, 5% nicotine, mesh coil, and 850mAh rechargeable battery. Available now at Vapebulkp for fast delivery.","robots":{"index":"index","follow":"follow","max-snippet":"max-snippet:-1","max-image-preview":"max-image-preview:large","max-video-preview":"max-video-preview:-1"},"canonical":"https:\/\/vapebulkp.com\/sl\/product\/airfuze-addon-40000-puffs-high-capacity-vape-device\/","og_locale":"sl_SI","og_type":"article","og_title":"AIRFUZE Addon 40000 Puffs High Capacity Vape Device - vapebulkp.com","og_description":"Shop AIRFUZE Addon 40000 Puffs Disposable Vape with dual-tank design, 5% nicotine, mesh coil, and 850mAh rechargeable battery. Available now at Vapebulkp for fast delivery.","og_url":"https:\/\/vapebulkp.com\/sl\/product\/airfuze-addon-40000-puffs-high-capacity-vape-device\/","og_site_name":"vapebulkp.com","article_modified_time":"2025-09-04T07:10:10+00:00","og_image":[{"width":800,"height":800,"url":"http:\/\/vapebulkp.com\/wp-content\/uploads\/2025\/06\/AIRFUZE-Addon-40K-Puff-Vape-Pen-High-Capacity-Disposable-with-Smooth-Flavors.webp","type":"image\/webp"}],"twitter_card":"summary_large_image","twitter_misc":{"Est. reading time":"4 minute"},"schema":{"@context":"https:\/\/schema.org","@graph":[{"@type":"WebPage","@id":"https:\/\/vapebulkp.com\/product\/airfuze-addon-40000-puffs-high-capacity-vape-device\/","url":"https:\/\/vapebulkp.com\/product\/airfuze-addon-40000-puffs-high-capacity-vape-device\/","name":"AIRFUZE Addon 40000 Puffs High Capacity Vape Device - vapebulkp.com","isPartOf":{"@id":"https:\/\/vapebulkp.com\/#website"},"datePublished":"2025-06-05T09:00:10+00:00","dateModified":"2025-09-04T07:10:10+00:00","description":"Shop AIRFUZE Addon 40000 Puffs Disposable Vape with dual-tank design, 5% nicotine, mesh coil, and 850mAh rechargeable battery. Available now at Vapebulkp for fast delivery.","breadcrumb":{"@id":"https:\/\/vapebulkp.com\/product\/airfuze-addon-40000-puffs-high-capacity-vape-device\/#breadcrumb"},"inLanguage":"sl-SI","potentialAction":[{"@type":"ReadAction","target":["https:\/\/vapebulkp.com\/product\/airfuze-addon-40000-puffs-high-capacity-vape-device\/"]}]},{"@type":"BreadcrumbList","@id":"https:\/\/vapebulkp.com\/product\/airfuze-addon-40000-puffs-high-capacity-vape-device\/#breadcrumb","itemListElement":[{"@type":"ListItem","position":1,"name":"Home","item":"https:\/\/vapebulkp.com\/"},{"@type":"ListItem","position":2,"name":"Hot Trend Vapes","item":"https:\/\/vapebulkp.com\/vape-shop\/"},{"@type":"ListItem","position":3,"name":"AIRFUZE Addon 40000 Puffs High Capacity Vape Device"}]},{"@type":"WebSite","@id":"https:\/\/vapebulkp.com\/#website","url":"https:\/\/vapebulkp.com\/","name":"vapebulkp.com","description":"Buy Vape In Cheap Bulk Price Near you","publisher":{"@id":"https:\/\/vapebulkp.com\/#organization"},"potentialAction":[{"@type":"SearchAction","target":{"@type":"EntryPoint","urlTemplate":"https:\/\/vapebulkp.com\/?s={search_term_string}"},"query-input":"required name=search_term_string"}],"inLanguage":"sl-SI"},{"@type":"Organization","@id":"https:\/\/vapebulkp.com\/#organization","name":"vapebulkp.com","url":"https:\/\/vapebulkp.com\/","logo":{"@type":"ImageObject","inLanguage":"sl-SI","@id":"https:\/\/vapebulkp.com\/#\/schema\/logo\/image\/","url":"https:\/\/vapebulkp.com\/wp-content\/uploads\/2023\/09\/cropped-vapebulkp.png","contentUrl":"https:\/\/vapebulkp.com\/wp-content\/uploads\/2023\/09\/cropped-vapebulkp.png","width":516,"height":163,"caption":"vapebulkp.com"},"image":{"@id":"https:\/\/vapebulkp.com\/#\/schema\/logo\/image\/"}}]}},"uagb_featured_image_src":{"full":["https:\/\/vapebulkp.com\/wp-content\/uploads\/2025\/06\/AIRFUZE-Addon-40K-Puff-Vape-Pen-High-Capacity-Disposable-with-Smooth-Flavors.webp",800,800,false],"thumbnail":["https:\/\/vapebulkp.com\/wp-content\/uploads\/2025\/06\/AIRFUZE-Addon-40K-Puff-Vape-Pen-High-Capacity-Disposable-with-Smooth-Flavors-150x150.webp",150,150,true],"medium":["https:\/\/vapebulkp.com\/wp-content\/uploads\/2025\/06\/AIRFUZE-Addon-40K-Puff-Vape-Pen-High-Capacity-Disposable-with-Smooth-Flavors-300x300.webp",300,300,true],"medium_large":["https:\/\/vapebulkp.com\/wp-content\/uploads\/2025\/06\/AIRFUZE-Addon-40K-Puff-Vape-Pen-High-Capacity-Disposable-with-Smooth-Flavors-768x768.webp",768,768,true],"large":["https:\/\/vapebulkp.com\/wp-content\/uploads\/2025\/06\/AIRFUZE-Addon-40K-Puff-Vape-Pen-High-Capacity-Disposable-with-Smooth-Flavors.webp",800,800,false],"1536x1536":["https:\/\/vapebulkp.com\/wp-content\/uploads\/2025\/06\/AIRFUZE-Addon-40K-Puff-Vape-Pen-High-Capacity-Disposable-with-Smooth-Flavors.webp",800,800,false],"2048x2048":["https:\/\/vapebulkp.com\/wp-content\/uploads\/2025\/06\/AIRFUZE-Addon-40K-Puff-Vape-Pen-High-Capacity-Disposable-with-Smooth-Flavors.webp",800,800,false],"trp-custom-language-flag":["https:\/\/vapebulkp.com\/wp-content\/uploads\/2025\/06\/AIRFUZE-Addon-40K-Puff-Vape-Pen-High-Capacity-Disposable-with-Smooth-Flavors.webp",12,12,false],"woocommerce_thumbnail":["https:\/\/vapebulkp.com\/wp-content\/uploads\/2025\/06\/AIRFUZE-Addon-40K-Puff-Vape-Pen-High-Capacity-Disposable-with-Smooth-Flavors-300x300.webp",300,300,true],"woocommerce_single":["https:\/\/vapebulkp.com\/wp-content\/uploads\/2025\/06\/AIRFUZE-Addon-40K-Puff-Vape-Pen-High-Capacity-Disposable-with-Smooth-Flavors-600x600.webp",600,600,true],"woocommerce_gallery_thumbnail":["https:\/\/vapebulkp.com\/wp-content\/uploads\/2025\/06\/AIRFUZE-Addon-40K-Puff-Vape-Pen-High-Capacity-Disposable-with-Smooth-Flavors-100x100.webp",100,100,true],"wcpr-photo-reviews":["https:\/\/vapebulkp.com\/wp-content\/uploads\/2025\/06\/AIRFUZE-Addon-40K-Puff-Vape-Pen-High-Capacity-Disposable-with-Smooth-Flavors.webp",500,500,false]},"uagb_author_info":{"display_name":"Mandy vape bulk price","author_link":"https:\/\/vapebulkp.com\/sl\/author\/"},"uagb_comment_info":0,"uagb_excerpt":"AIRFUZE Addon 40000 Puffs Top Sale Vapes In Europe Pls Contact Mandy's WhatsApp For Discount Price+8618077105796 NOTE: Prices on our website does not include shipping costs &nbsp;","_links":{"self":[{"href":"https:\/\/vapebulkp.com\/sl\/wp-json\/wp\/v2\/product\/3816","targetHints":{"allow":["GET"]}}],"collection":[{"href":"https:\/\/vapebulkp.com\/sl\/wp-json\/wp\/v2\/product"}],"about":[{"href":"https:\/\/vapebulkp.com\/sl\/wp-json\/wp\/v2\/types\/product"}],"replies":[{"embeddable":true,"href":"https:\/\/vapebulkp.com\/sl\/wp-json\/wp\/v2\/comments?post=3816"}],"wp:featuredmedia":[{"embeddable":true,"href":"https:\/\/vapebulkp.com\/sl\/wp-json\/wp\/v2\/media\/3812"}],"wp:attachment":[{"href":"https:\/\/vapebulkp.com\/sl\/wp-json\/wp\/v2\/media?parent=3816"}],"wp:term":[{"taxonomy":"product_cat","embeddable":true,"href":"https:\/\/vapebulkp.com\/sl\/wp-json\/wp\/v2\/product_cat?post=3816"},{"taxonomy":"product_tag","embeddable":true,"href":"https:\/\/vapebulkp.com\/sl\/wp-json\/wp\/v2\/product_tag?post=3816"}],"curies":[{"name":"wp","href":"https:\/\/api.w.org\/{rel}","templated":true}]}}