{"id":3866,"date":"2025-06-19T09:39:04","date_gmt":"2025-06-19T07:39:04","guid":{"rendered":"https:\/\/vapebulkp.com\/?post_type=product&#038;p=3866"},"modified":"2025-09-24T05:03:02","modified_gmt":"2025-09-24T03:03:02","slug":"wga-40000-puffs-best-sale-disposable-vape-device","status":"publish","type":"product","link":"https:\/\/vapebulkp.com\/sl\/product\/wga-40000-puffs-best-sale-disposable-vape-device\/","title":{"rendered":"WGA 40000 Puffs Najbolj\u0161a prodaja jednokratne elektronske cigarete"},"content":{"rendered":"<h2>WGA 40000 Puffs Najbolj\u0161a prodaja jednokratne elektronske cigarete<\/h2>\n<p data-start=\"379\" data-end=\"730\">The <strong data-start=\"383\" data-end=\"423\">WGA Vape 40000 Vpihov jednokratna elektronska cigareta<\/strong> je vrhunski <strong data-start=\"437\" data-end=\"470\">visokozmogljiv vape za enkratno uporabo<\/strong> zasnovana za evropske navdu\u0161ence nad vapingom, ki zahtevajo dolgotrajno delovanje in intenziven okus. Prednapolnjena s 35 ml <strong data-start=\"592\" data-end=\"614\">nicotinska solna vape<\/strong>, ta naprava ponuja do 40.000 vpihov, kar zagotavlja zanesljivo in zadovoljivo izku\u0161njo za vsakodnevno ali podalj\u0161ano uporabo.<\/p>\n<p data-start=\"732\" data-end=\"975\">Zgrajena kot <strong data-start=\"743\" data-end=\"775\">za polnljiva jednokratna vape<\/strong> z baterijo 600 mAh in hitrim polnjenjem Type-C zagotavlja dosledno mo\u010d brez zastojev. Sistem <strong data-start=\"875\" data-end=\"893\">mre\u017easte tuljave za vape<\/strong> zagotavlja goste oblake, gladke vleke in izbolj\u0161an okus z vsakim vpihom.<\/p>\n<p data-start=\"977\" data-end=\"1325\">Ta <strong data-start=\"982\" data-end=\"1021\">dolgoro\u010dna jednokratna elektronska cigareta<\/strong> zdru\u017euje priro\u010dnost, prenosljivost in slog. Kompaktna in lahka je kot nala\u0161\u010d za potovanja, dru\u017eabna sre\u010danja ali nakup na debelo s strani evropskih veletrgovcev. <strong data-start=\"1189\" data-end=\"1229\">WGA Vape <a href=\"https:\/\/vapebulkp.com\/sl\/product-category\/40000-puffs-disposable-vape\/\">40000 vdihov e-cigareta za enkratno uporabo<\/a><\/strong> ponuja vrhunsko kakovost, zmogljivost visoke zmogljivosti in vaping brez te\u017eav v eni napravi.<\/p>\n<h6>Za popust se obrnite na Mandyin WhatsApp<a href=\"https:\/\/wa.me\/8618077105796\">+8618077105796<\/a><\/h6>\n<p><img decoding=\"async\" class=\"alignnone wp-image-2151\" src=\"http:\/\/vapebulkp.com\/wp-content\/uploads\/2024\/04\/Mandy-WhatsApp-Randm.jpg\" alt=\"Mandy WhatsApp Randm\" width=\"271\" height=\"289\" srcset=\"https:\/\/vapebulkp.com\/wp-content\/uploads\/2024\/04\/Mandy-WhatsApp-Randm.jpg 916w, https:\/\/vapebulkp.com\/wp-content\/uploads\/2024\/04\/Mandy-WhatsApp-Randm-282x300.jpg 282w, https:\/\/vapebulkp.com\/wp-content\/uploads\/2024\/04\/Mandy-WhatsApp-Randm-768x817.jpg 768w, https:\/\/vapebulkp.com\/wp-content\/uploads\/2024\/04\/Mandy-WhatsApp-Randm-600x638.jpg 600w\" sizes=\"(max-width: 271px) 100vw, 271px\" \/><\/p>\n<h2><strong>Zakaj kupiti Hot Vape WGA 40000 Vpihov pri <a href=\"https:\/\/vapebulkp.com\/sl\/\">Vapebulkp.com<\/a>?<\/strong><\/h2>\n<p>At <em>Vapebulkp.com<\/em>, <em>Crystal Vape WGA LEGEND ULTRA 30K Vdihov<\/em> izstopa po svojem izjemnem delovanju, elegantni zasnovi in vrhunskih funkcijah. Tukaj je razlog, zakaj je popolna izbira za vaperje:<\/p>\n<ul>\n<li><strong>Dolgoro\u010dno delovanje:<\/strong> Z <em>30.000 vpihov<\/em> in <em>24 ml prostornine e-teko\u010dine<\/em>, ponuja podalj\u0161ano uporabo brez potrebe po pogostih zamenjavah, zaradi \u010desar je idealna tako za vsakodnevno uporabo kot za vaping na poti.<\/li>\n<li><strong>Sistem dvojnega okusa:<\/strong> U\u017eivajte v dveh razli\u010dnih okusih v eni napravi, kar omogo\u010da prilagodljivo izku\u0161njo vapinga, ki ustreza va\u0161im osebnim \u017eeljam okusa.<\/li>\n<li><strong>Hitro polnjenje<\/strong> Opremljen z <em>650-mAh polnilno baterijo<\/em> in <em>polnilna vrata tipa C<\/em>, WGA LEGEND ULTRA zagotavlja hitro in u\u010dinkovito polnjenje, kar vas ohranja napolnjene z minimalnim \u010dasom nedelovanja.<\/li>\n<li><strong>Vrhunska kakovost<\/strong> The <em>1,1-ohmska mre\u017ena tuljava<\/em> zagotavlja gladek, dosleden okus z vsakim potegom, kot nala\u0161\u010d za obe <em>DTL<\/em> in <em>MTL<\/em> slogoma. Na voljo je v <em>2%<\/em> in <em>5% jakostih nikotina<\/em>, kar zagotavlja zadovoljujo\u010d udarec za vse vaperje.<\/li>\n<li><strong>Konkuren\u010dne cene<\/strong> Z nakupom pri <em>Vapebulkp.com<\/em>, dostopate do konkuren\u010dnih cen s hitro dostavo neposredno iz na\u0161ega evropskega skladi\u0161\u010da, kar zagotavlja, da boste svojo napravo dobili hitro in po najbolj\u0161i vrednosti.<\/li>\n<li><strong>Zaupanja vredna blagovna znamka:<\/strong> The <em>WGA LEGEND ULTRA<\/em> je zaupanja vreden izdelek, znan po svoji ekolo\u0161ki zasnovi in vrhunski zmogljivosti, zaradi \u010desar je kon\u010dna izbira za zahtevne vaperje, ki cenijo kakovost, inovativnost in udobje.<\/li>\n<\/ul>\n<div class=\"faqs-answer\">\n<h3><strong>Pogosta vpra\u0161anja o WGA 40000 Puffs High Puff Disposable Vape <\/strong><strong>:<\/strong><\/h3>\n<p>&nbsp;<\/p>\n<p data-start=\"204\" data-end=\"407\"><strong data-start=\"204\" data-end=\"269\">1. Koliko vpihov ponuja WGA 40000 Puffs Disposable Vape?<\/strong><br data-start=\"269\" data-end=\"272\" \/>WGA 40000 Disposable Vape ponuja do 40.000 vpihov, kar ga uvr\u0161\u010da med najdlje obstojne vape za enkratno uporabo na trgu.<\/p>\n<p data-start=\"409\" data-end=\"578\"><strong data-start=\"409\" data-end=\"451\">2. Ali je WGA 40000 Vapes ponovno polnljiv?<\/strong><br data-start=\"451\" data-end=\"454\" \/>Da, ima vgrajeno 600mAh baterijo za ponovno polnjenje s priro\u010dnim polnilnim priklju\u010dkom Type-C za hitro in enostavno polnjenje.<\/p>\n<p data-start=\"580\" data-end=\"734\"><strong data-start=\"580\" data-end=\"625\">3. Kak\u0161ne jakosti nikotina so na voljo za WGA 40K PUFF VAPE?<\/strong><br data-start=\"625\" data-end=\"628\" \/>Ta vape je na voljo v dveh mo\u017enostih nikotina: 2% (20mg\/ml) in 5% (50mg\/ml), da ustreza razli\u010dnim \u017eeljam uporabnikov.<\/p>\n<p data-start=\"736\" data-end=\"890\"><strong data-start=\"736\" data-end=\"788\">4. Koliko e-teko\u010dine vsebuje WGA 40000?<\/strong><br data-start=\"788\" data-end=\"791\" \/>Vnaprej je napolnjen s 35 ml visokokakovostne e-teko\u010dine, kar zagotavlja dosleden okus med celotno uporabo.<\/p>\n<\/div>\n<h4><\/h4>\n<h4><span style=\"vertical-align: inherit\"><strong>Veleprodajni Vape WGA 40000 Vpihov S<\/strong>pecifikacija:<\/span><strong><br \/>\n<\/strong><\/h4>\n<ul>\n<li data-start=\"205\" data-end=\"260\">\n<p data-start=\"207\" data-end=\"260\"><strong data-start=\"207\" data-end=\"224\">Ime izdelka:<\/strong><br data-start=\"224\" data-end=\"227\" \/>WGA 40000 Vpustov Za Enkratno Uporabo Vape<\/p>\n<\/li>\n<li data-start=\"262\" data-end=\"387\">\n<p data-start=\"264\" data-end=\"387\"><strong data-start=\"264\" data-end=\"286\">Jakost Nikotina:<\/strong><br data-start=\"286\" data-end=\"289\" \/>Na voljo v 2% (20mg\/ml) in 5% (50mg\/ml) koncentracijah nikotina za razli\u010dne preference<\/p>\n<\/li>\n<li data-start=\"389\" data-end=\"500\">\n<p data-start=\"391\" data-end=\"500\"><strong data-start=\"391\" data-end=\"406\">\u0160tevilo vpihov:<\/strong><br data-start=\"406\" data-end=\"409\" \/>Do 40000 vpihov za izjemno dolgo delovanje vapinga brez pogostih zamenjav<\/p>\n<\/li>\n<li data-start=\"502\" data-end=\"630\">\n<p data-start=\"504\" data-end=\"630\"><strong data-start=\"504\" data-end=\"526\">Kapaciteta E-teko\u010dine:<\/strong><br data-start=\"526\" data-end=\"529\" \/>Prednapolnjeno z ogromnimi 35 ml vrhunske e-teko\u010dine za bogat, dosleden okus od za\u010detka do konca<\/p>\n<\/li>\n<li data-start=\"632\" data-end=\"749\">\n<p data-start=\"634\" data-end=\"749\"><strong data-start=\"634\" data-end=\"655\">Kapaciteta baterije:<\/strong><br data-start=\"655\" data-end=\"658\" \/>Vgrajena polnilna baterija s 600 mAh zagotavlja zanesljivo mo\u010d za dalj\u0161a polnjenja<\/p>\n<\/li>\n<li data-start=\"751\" data-end=\"860\">\n<p data-start=\"753\" data-end=\"860\"><strong data-start=\"753\" data-end=\"771\">Polnilni Vmesnik:<\/strong><br data-start=\"771\" data-end=\"774\" \/>Opremljen s sodobnim polnilnim vmesnikom Type-C za hitro in priro\u010dno polnjenje<\/p>\n<\/li>\n<li data-start=\"862\" data-end=\"970\">\n<p data-start=\"864\" data-end=\"970\"><strong data-start=\"864\" data-end=\"889\">Funkcija Polnjenja:<\/strong><br data-start=\"889\" data-end=\"892\" \/>Zasnova za ponovno polnjenje podalj\u0161uje \u017eivljenjsko dobo izdelka in zmanj\u0161uje skupne stro\u0161ke uporabe<\/p>\n<\/li>\n<li data-start=\"972\" data-end=\"1078\">\n<p data-start=\"974\" data-end=\"1078\"><strong data-start=\"974\" data-end=\"988\">Vrsta Grela:<\/strong><br data-start=\"988\" data-end=\"991\" \/>Napredna tehnologija mre\u017enega grela zagotavlja ve\u010dje oblake pare in izbolj\u0161ano \u010distost okusa<\/p>\n<\/li>\n<\/ul>\n<h4>Seznam Okusov WGA 40000 Vpustov Vape Podov:<\/h4>\n<p>1.Robida Borovnica Malina2.Borovnica Kisla Malina<br \/>\n3.Cola Ledena<br \/>\nFanta<br \/>\n5.Sve\u017ea Meta<br \/>\n6.So\u010dna Breskev<br \/>\n7.Limona Limeta<br \/>\n8. Red Bull<br \/>\n9. Jagoda grozdje<br \/>\n10. Lubenica led<\/p>\n<p><a href=\"https:\/\/vapebulkp.com\/sl\/product\/stag-bar-triple-60000-puffs-for-wholesale-distributors\/\"><span style=\"vertical-align: inherit\">STAG Bar Triple 60000 Pih<\/span><\/a><\/p>\n<p><span style=\"vertical-align: inherit\">Poi\u0161\u010dite ve\u010d izdelkov, ki bi vam bili morda v\u0161e\u010d:<\/span><em><a href=\"https:\/\/wa.me\/8618077105796\"><span style=\"vertical-align: inherit\">\u00a0Kupite zdaj<\/span><\/a><\/em><\/p>\n<p><span style=\"vertical-align: inherit\">Drugi 'puffs', ki bi vam bili morda v\u0161e\u010d:<\/span><a href=\"https:\/\/vapebulkp.com\/sl\/product\/razz-bar-40000-puffs-wholesale-vape-factory-price-eu-warehouse-fast-shipping\/\"><span style=\"vertical-align: inherit\">RAZZBAR VAPE 40000 Pih<\/span><\/a><span style=\"vertical-align: inherit\">\u3001<\/span><a href=\"https:\/\/vapebulkp.com\/sl\/product\/vozol-rave-40000-puffs-hot-sale-nicotine-salt-disposable-vaporizer\/\"><span style=\"vertical-align: inherit\">Vozol Rave 40000 vdihov<\/span><\/a><span style=\"vertical-align: inherit\">\/ <\/span><a href=\"https:\/\/vapebulkp.com\/sl\/product\/bang-box-80000-puffs-3-in-1-wholesale-vape-supply\/\"><span style=\"vertical-align: inherit\">Bang Box 80000 Pih<\/span><\/a><span style=\"vertical-align: inherit\">\/ <\/span><a href=\"https:\/\/vapebulkp.com\/sl\/product\/fizzy-twins-50000-puffs-high-puff-count-vape-kits-bulk-price\/\"><span style=\"vertical-align: inherit\">Fizzy twins 50000 Pih<\/span><\/a><\/p>\n<h4>Podrobnosti dostave:<\/h4>\n<p><span style=\"color: #ff6600\">\u010cas proizvodnje: 5\u201310 delovnih dni<\/span><br \/>\n<span style=\"color: #ff6600\">\u010cas dostave: 8\u201314 delovnih dni<\/span><\/p>\n<p>Vsi izdelki v na\u0161i trgovini so 100% originalni in avtenti\u010dni, zato je na\u0161a politika desetkratno nadomestilo za ponarejeno blago. Za dostavo blaga vam uporabljamo logisti\u010dne kanale, kot so UPS\/DHL\/FEDEX\/DPD.<\/p>\n<p>Za pakete, poslane v Slovenijo, obi\u010dajno traja 10 delovnih dni. Po\u0161iljanje v evropske dr\u017eave obi\u010dajno traja 12 do 15 delovnih dni. Logisti\u010dne informacije vam bomo sproti posodabljali.<\/p>","protected":false},"excerpt":{"rendered":"<p><strong>40000 Vpihov WGA Vape veleprodajna cena Pametna jednokratna elektronska cigareta<\/strong><\/p>\n<p>Za popust se obrnite na Mandyin WhatsApp<a href=\"https:\/\/wa.me\/8618077105796\">+8618077105796<\/a><\/p>\n<p><img decoding=\"async\" class=\"alignnone wp-image-2151\" src=\"http:\/\/vapebulkp.com\/wp-content\/uploads\/2024\/04\/Mandy-WhatsApp-Randm.jpg\" alt=\"Mandy WhatsApp Randm\" width=\"297\" height=\"316\" srcset=\"https:\/\/vapebulkp.com\/wp-content\/uploads\/2024\/04\/Mandy-WhatsApp-Randm.jpg 916w, https:\/\/vapebulkp.com\/wp-content\/uploads\/2024\/04\/Mandy-WhatsApp-Randm-282x300.jpg 282w, https:\/\/vapebulkp.com\/wp-content\/uploads\/2024\/04\/Mandy-WhatsApp-Randm-768x817.jpg 768w, https:\/\/vapebulkp.com\/wp-content\/uploads\/2024\/04\/Mandy-WhatsApp-Randm-600x638.jpg 600w\" sizes=\"(max-width: 297px) 100vw, 297px\" \/><\/p>\n<p><span style=\"color: #ff0000\">OPOMBA: Cene na na\u0161i spletni strani ne vklju\u010dujejo stro\u0161kov po\u0161iljanja.<\/span><\/p>\n<p>Glavni razlog za nakup<br \/>\n1. Odli\u010dna kakovost in neprimerljiva zmogljivost.<\/p>\n<p>2. Konkuren\u010dna cena in hitra vrednost.<\/p>\n<p>3. Ve\u010d mo\u017enosti in pravo\u010dasna dostava.<\/p>\n<p>4. Zadovoljujo\u010da nakupovalna izku\u0161nja.<\/p>","protected":false},"featured_media":3860,"comment_status":"open","ping_status":"closed","template":"","meta":{"_uag_custom_page_level_css":"","_lmt_disableupdate":"no","_lmt_disable":"","site-sidebar-layout":"default","site-content-layout":"content-boxed-container","ast-site-content-layout":"normal-width-container","site-content-style":"boxed","site-sidebar-style":"unboxed","ast-global-header-display":"","ast-banner-title-visibility":"","ast-main-header-display":"","ast-hfb-above-header-display":"","ast-hfb-below-header-display":"","ast-hfb-mobile-header-display":"","site-post-title":"","ast-breadcrumbs-content":"","ast-featured-img":"","footer-sml-layout":"","theme-transparent-header-meta":"default","adv-header-id-meta":"","stick-header-meta":"","header-above-stick-meta":"","header-main-stick-meta":"","header-below-stick-meta":"","astra-migrate-meta-layouts":"set","_joinchat":[]},"product_cat":[182,153,155,33,59,100,87,34,158,157,154,152,58,84,156,63,32,366],"product_tag":[36,37,41,40,258],"class_list":["post-3866","product","type-product","status-publish","has-post-thumbnail","hentry","product_cat-40000-puffs-disposable-vape","product_cat-hot-disposable-vapes","product_cat-belgium-hot-disposable-vapes","product_cat-france-vape-hot-sale","product_cat-germany-hot-disposable-vape","product_cat-germany-wholesale-vape-shop","product_cat-minimum-order-quantity-50pcs","product_cat-netherlands-vape-good-sale","product_cat-norway-hot-disposable-vapes","product_cat-poland-hot-disposable-vapes","product_cat-portugal-hot-disposable-vapes","product_cat-spain-hot-disposable-vapes","product_cat-sweden-hot-disposable-vape","product_cat-sweden-wholesale-vape","product_cat-switzerland-hot-disposable-vapes","product_cat-top-sale-disposable-vape","product_cat-vape-hot-sale-this-week","product_cat-wga-vape","product_tag-good-vape","product_tag-hot-sale-disposable-vape","product_tag-poland-hot-vape","product_tag-sweden-hot-vape","product_tag-wga-40000-puffs","pa_brand-wga-vape","desktop-align-left","tablet-align-left","mobile-align-left"],"yoast_head":"<!-- This site is optimized with the Yoast SEO plugin v21.1 - https:\/\/yoast.com\/wordpress\/plugins\/seo\/ -->\n<title>WGA 40000 Puffs Best Sale Disposable Vape Device - vapebulkp.com<\/title>\n<meta name=\"description\" content=\"Enjoy up to 40000 puffs with the WGA disposable vape featuring 35ml e-liquid, 600mAh rechargeable battery, and smooth mesh coil flavor performance.\" \/>\n<meta name=\"robots\" content=\"index, follow, max-snippet:-1, max-image-preview:large, max-video-preview:-1\" \/>\n<link rel=\"canonical\" href=\"https:\/\/vapebulkp.com\/sl\/product\/wga-40000-puffs-best-sale-disposable-vape-device\/\" \/>\n<meta property=\"og:locale\" content=\"sl_SI\" \/>\n<meta property=\"og:type\" content=\"article\" \/>\n<meta property=\"og:title\" content=\"WGA 40000 Puffs Best Sale Disposable Vape Device - vapebulkp.com\" \/>\n<meta property=\"og:description\" content=\"Enjoy up to 40000 puffs with the WGA disposable vape featuring 35ml e-liquid, 600mAh rechargeable battery, and smooth mesh coil flavor performance.\" \/>\n<meta property=\"og:url\" content=\"https:\/\/vapebulkp.com\/sl\/product\/wga-40000-puffs-best-sale-disposable-vape-device\/\" \/>\n<meta property=\"og:site_name\" content=\"vapebulkp.com\" \/>\n<meta property=\"article:modified_time\" content=\"2025-09-24T03:03:02+00:00\" \/>\n<meta property=\"og:image\" content=\"http:\/\/vapebulkp.com\/wp-content\/uploads\/2025\/06\/Buy-WGA-40000-Puffs-Vape-Ultra-High-Puff-Count-Disposable-Vape-with-Mesh-Coil.webp\" \/>\n\t<meta property=\"og:image:width\" content=\"800\" \/>\n\t<meta property=\"og:image:height\" content=\"800\" \/>\n\t<meta property=\"og:image:type\" content=\"image\/webp\" \/>\n<meta name=\"twitter:card\" content=\"summary_large_image\" \/>\n<meta name=\"twitter:label1\" content=\"Est. reading time\" \/>\n\t<meta name=\"twitter:data1\" content=\"4 minute\" \/>\n<script type=\"application\/ld+json\" class=\"yoast-schema-graph\">{\"@context\":\"https:\/\/schema.org\",\"@graph\":[{\"@type\":\"WebPage\",\"@id\":\"https:\/\/vapebulkp.com\/product\/wga-40000-puffs-best-sale-disposable-vape-device\/\",\"url\":\"https:\/\/vapebulkp.com\/product\/wga-40000-puffs-best-sale-disposable-vape-device\/\",\"name\":\"WGA 40000 Puffs Best Sale Disposable Vape Device - vapebulkp.com\",\"isPartOf\":{\"@id\":\"https:\/\/vapebulkp.com\/#website\"},\"datePublished\":\"2025-06-19T07:39:04+00:00\",\"dateModified\":\"2025-09-24T03:03:02+00:00\",\"description\":\"Enjoy up to 40000 puffs with the WGA disposable vape featuring 35ml e-liquid, 600mAh rechargeable battery, and smooth mesh coil flavor performance.\",\"breadcrumb\":{\"@id\":\"https:\/\/vapebulkp.com\/product\/wga-40000-puffs-best-sale-disposable-vape-device\/#breadcrumb\"},\"inLanguage\":\"sl-SI\",\"potentialAction\":[{\"@type\":\"ReadAction\",\"target\":[\"https:\/\/vapebulkp.com\/product\/wga-40000-puffs-best-sale-disposable-vape-device\/\"]}]},{\"@type\":\"BreadcrumbList\",\"@id\":\"https:\/\/vapebulkp.com\/product\/wga-40000-puffs-best-sale-disposable-vape-device\/#breadcrumb\",\"itemListElement\":[{\"@type\":\"ListItem\",\"position\":1,\"name\":\"Home\",\"item\":\"https:\/\/vapebulkp.com\/\"},{\"@type\":\"ListItem\",\"position\":2,\"name\":\"Hot Trend Vapes\",\"item\":\"https:\/\/vapebulkp.com\/vape-shop\/\"},{\"@type\":\"ListItem\",\"position\":3,\"name\":\"WGA 40000 Puffs Best Sale Disposable Vape Device\"}]},{\"@type\":\"WebSite\",\"@id\":\"https:\/\/vapebulkp.com\/#website\",\"url\":\"https:\/\/vapebulkp.com\/\",\"name\":\"vapebulkp.com\",\"description\":\"Buy Vape In Cheap Bulk Price Near you\",\"publisher\":{\"@id\":\"https:\/\/vapebulkp.com\/#organization\"},\"potentialAction\":[{\"@type\":\"SearchAction\",\"target\":{\"@type\":\"EntryPoint\",\"urlTemplate\":\"https:\/\/vapebulkp.com\/?s={search_term_string}\"},\"query-input\":\"required name=search_term_string\"}],\"inLanguage\":\"sl-SI\"},{\"@type\":\"Organization\",\"@id\":\"https:\/\/vapebulkp.com\/#organization\",\"name\":\"vapebulkp.com\",\"url\":\"https:\/\/vapebulkp.com\/\",\"logo\":{\"@type\":\"ImageObject\",\"inLanguage\":\"sl-SI\",\"@id\":\"https:\/\/vapebulkp.com\/#\/schema\/logo\/image\/\",\"url\":\"https:\/\/vapebulkp.com\/wp-content\/uploads\/2023\/09\/cropped-vapebulkp.png\",\"contentUrl\":\"https:\/\/vapebulkp.com\/wp-content\/uploads\/2023\/09\/cropped-vapebulkp.png\",\"width\":516,\"height\":163,\"caption\":\"vapebulkp.com\"},\"image\":{\"@id\":\"https:\/\/vapebulkp.com\/#\/schema\/logo\/image\/\"}}]}<\/script>\n<!-- \/ Yoast SEO plugin. -->","yoast_head_json":{"title":"WGA 40000 Puffs Best Sale Disposable Vape Device - vapebulkp.com","description":"Enjoy up to 40000 puffs with the WGA disposable vape featuring 35ml e-liquid, 600mAh rechargeable battery, and smooth mesh coil flavor performance.","robots":{"index":"index","follow":"follow","max-snippet":"max-snippet:-1","max-image-preview":"max-image-preview:large","max-video-preview":"max-video-preview:-1"},"canonical":"https:\/\/vapebulkp.com\/sl\/product\/wga-40000-puffs-best-sale-disposable-vape-device\/","og_locale":"sl_SI","og_type":"article","og_title":"WGA 40000 Puffs Best Sale Disposable Vape Device - vapebulkp.com","og_description":"Enjoy up to 40000 puffs with the WGA disposable vape featuring 35ml e-liquid, 600mAh rechargeable battery, and smooth mesh coil flavor performance.","og_url":"https:\/\/vapebulkp.com\/sl\/product\/wga-40000-puffs-best-sale-disposable-vape-device\/","og_site_name":"vapebulkp.com","article_modified_time":"2025-09-24T03:03:02+00:00","og_image":[{"width":800,"height":800,"url":"http:\/\/vapebulkp.com\/wp-content\/uploads\/2025\/06\/Buy-WGA-40000-Puffs-Vape-Ultra-High-Puff-Count-Disposable-Vape-with-Mesh-Coil.webp","type":"image\/webp"}],"twitter_card":"summary_large_image","twitter_misc":{"Est. reading time":"4 minute"},"schema":{"@context":"https:\/\/schema.org","@graph":[{"@type":"WebPage","@id":"https:\/\/vapebulkp.com\/product\/wga-40000-puffs-best-sale-disposable-vape-device\/","url":"https:\/\/vapebulkp.com\/product\/wga-40000-puffs-best-sale-disposable-vape-device\/","name":"WGA 40000 Puffs Best Sale Disposable Vape Device - vapebulkp.com","isPartOf":{"@id":"https:\/\/vapebulkp.com\/#website"},"datePublished":"2025-06-19T07:39:04+00:00","dateModified":"2025-09-24T03:03:02+00:00","description":"Enjoy up to 40000 puffs with the WGA disposable vape featuring 35ml e-liquid, 600mAh rechargeable battery, and smooth mesh coil flavor performance.","breadcrumb":{"@id":"https:\/\/vapebulkp.com\/product\/wga-40000-puffs-best-sale-disposable-vape-device\/#breadcrumb"},"inLanguage":"sl-SI","potentialAction":[{"@type":"ReadAction","target":["https:\/\/vapebulkp.com\/product\/wga-40000-puffs-best-sale-disposable-vape-device\/"]}]},{"@type":"BreadcrumbList","@id":"https:\/\/vapebulkp.com\/product\/wga-40000-puffs-best-sale-disposable-vape-device\/#breadcrumb","itemListElement":[{"@type":"ListItem","position":1,"name":"Home","item":"https:\/\/vapebulkp.com\/"},{"@type":"ListItem","position":2,"name":"Hot Trend Vapes","item":"https:\/\/vapebulkp.com\/vape-shop\/"},{"@type":"ListItem","position":3,"name":"WGA 40000 Puffs Best Sale Disposable Vape Device"}]},{"@type":"WebSite","@id":"https:\/\/vapebulkp.com\/#website","url":"https:\/\/vapebulkp.com\/","name":"vapebulkp.com","description":"Buy Vape In Cheap Bulk Price Near you","publisher":{"@id":"https:\/\/vapebulkp.com\/#organization"},"potentialAction":[{"@type":"SearchAction","target":{"@type":"EntryPoint","urlTemplate":"https:\/\/vapebulkp.com\/?s={search_term_string}"},"query-input":"required name=search_term_string"}],"inLanguage":"sl-SI"},{"@type":"Organization","@id":"https:\/\/vapebulkp.com\/#organization","name":"vapebulkp.com","url":"https:\/\/vapebulkp.com\/","logo":{"@type":"ImageObject","inLanguage":"sl-SI","@id":"https:\/\/vapebulkp.com\/#\/schema\/logo\/image\/","url":"https:\/\/vapebulkp.com\/wp-content\/uploads\/2023\/09\/cropped-vapebulkp.png","contentUrl":"https:\/\/vapebulkp.com\/wp-content\/uploads\/2023\/09\/cropped-vapebulkp.png","width":516,"height":163,"caption":"vapebulkp.com"},"image":{"@id":"https:\/\/vapebulkp.com\/#\/schema\/logo\/image\/"}}]}},"uagb_featured_image_src":{"full":["https:\/\/vapebulkp.com\/wp-content\/uploads\/2025\/06\/Buy-WGA-40000-Puffs-Vape-Ultra-High-Puff-Count-Disposable-Vape-with-Mesh-Coil.webp",800,800,false],"thumbnail":["https:\/\/vapebulkp.com\/wp-content\/uploads\/2025\/06\/Buy-WGA-40000-Puffs-Vape-Ultra-High-Puff-Count-Disposable-Vape-with-Mesh-Coil-150x150.webp",150,150,true],"medium":["https:\/\/vapebulkp.com\/wp-content\/uploads\/2025\/06\/Buy-WGA-40000-Puffs-Vape-Ultra-High-Puff-Count-Disposable-Vape-with-Mesh-Coil-300x300.webp",300,300,true],"medium_large":["https:\/\/vapebulkp.com\/wp-content\/uploads\/2025\/06\/Buy-WGA-40000-Puffs-Vape-Ultra-High-Puff-Count-Disposable-Vape-with-Mesh-Coil-768x768.webp",768,768,true],"large":["https:\/\/vapebulkp.com\/wp-content\/uploads\/2025\/06\/Buy-WGA-40000-Puffs-Vape-Ultra-High-Puff-Count-Disposable-Vape-with-Mesh-Coil.webp",800,800,false],"1536x1536":["https:\/\/vapebulkp.com\/wp-content\/uploads\/2025\/06\/Buy-WGA-40000-Puffs-Vape-Ultra-High-Puff-Count-Disposable-Vape-with-Mesh-Coil.webp",800,800,false],"2048x2048":["https:\/\/vapebulkp.com\/wp-content\/uploads\/2025\/06\/Buy-WGA-40000-Puffs-Vape-Ultra-High-Puff-Count-Disposable-Vape-with-Mesh-Coil.webp",800,800,false],"trp-custom-language-flag":["https:\/\/vapebulkp.com\/wp-content\/uploads\/2025\/06\/Buy-WGA-40000-Puffs-Vape-Ultra-High-Puff-Count-Disposable-Vape-with-Mesh-Coil.webp",12,12,false],"woocommerce_thumbnail":["https:\/\/vapebulkp.com\/wp-content\/uploads\/2025\/06\/Buy-WGA-40000-Puffs-Vape-Ultra-High-Puff-Count-Disposable-Vape-with-Mesh-Coil-300x300.webp",300,300,true],"woocommerce_single":["https:\/\/vapebulkp.com\/wp-content\/uploads\/2025\/06\/Buy-WGA-40000-Puffs-Vape-Ultra-High-Puff-Count-Disposable-Vape-with-Mesh-Coil-600x600.webp",600,600,true],"woocommerce_gallery_thumbnail":["https:\/\/vapebulkp.com\/wp-content\/uploads\/2025\/06\/Buy-WGA-40000-Puffs-Vape-Ultra-High-Puff-Count-Disposable-Vape-with-Mesh-Coil-100x100.webp",100,100,true],"wcpr-photo-reviews":["https:\/\/vapebulkp.com\/wp-content\/uploads\/2025\/06\/Buy-WGA-40000-Puffs-Vape-Ultra-High-Puff-Count-Disposable-Vape-with-Mesh-Coil.webp",500,500,false]},"uagb_author_info":{"display_name":"Mandy vape bulk price","author_link":"https:\/\/vapebulkp.com\/sl\/author\/"},"uagb_comment_info":0,"uagb_excerpt":"40000 Puffs WGA Vape Wholesale Price\u00a0 Smart Disposable Vape Pls Contact Mandy's WhatsApp For Discount Price+8618077105796 NOTE: Prices on our website does not include shipping costs Main reason for purchase 1. Excellent quality and unparalleled performance. 2. Competitive price and fast value. 3. Multiple options and timely delivery. 4. A satisfying shopping experience","_links":{"self":[{"href":"https:\/\/vapebulkp.com\/sl\/wp-json\/wp\/v2\/product\/3866","targetHints":{"allow":["GET"]}}],"collection":[{"href":"https:\/\/vapebulkp.com\/sl\/wp-json\/wp\/v2\/product"}],"about":[{"href":"https:\/\/vapebulkp.com\/sl\/wp-json\/wp\/v2\/types\/product"}],"replies":[{"embeddable":true,"href":"https:\/\/vapebulkp.com\/sl\/wp-json\/wp\/v2\/comments?post=3866"}],"wp:featuredmedia":[{"embeddable":true,"href":"https:\/\/vapebulkp.com\/sl\/wp-json\/wp\/v2\/media\/3860"}],"wp:attachment":[{"href":"https:\/\/vapebulkp.com\/sl\/wp-json\/wp\/v2\/media?parent=3866"}],"wp:term":[{"taxonomy":"product_cat","embeddable":true,"href":"https:\/\/vapebulkp.com\/sl\/wp-json\/wp\/v2\/product_cat?post=3866"},{"taxonomy":"product_tag","embeddable":true,"href":"https:\/\/vapebulkp.com\/sl\/wp-json\/wp\/v2\/product_tag?post=3866"}],"curies":[{"name":"wp","href":"https:\/\/api.w.org\/{rel}","templated":true}]}}