{"id":3925,"date":"2025-07-09T10:46:35","date_gmt":"2025-07-09T08:46:35","guid":{"rendered":"https:\/\/vapebulkp.com\/?post_type=product&#038;p=3925"},"modified":"2025-09-24T04:59:03","modified_gmt":"2025-09-24T02:59:03","slug":"vozol-vista-40000-puffs-vape-wholesale-best-price","status":"publish","type":"product","link":"https:\/\/vapebulkp.com\/sl\/product\/vozol-vista-40000-puffs-vape-wholesale-best-price\/","title":{"rendered":"VOZOL VISTA 40000 Vdihov Vejp Veleprodaja Najbolj\u0161a Cena"},"content":{"rendered":"<h2>VOZOL VISTA 40000 Vdihov Vejp Veleprodaja Najbolj\u0161a Cena<\/h2>\n<p>The <b>VOZOL VISTA 40000 Puffs Vape naprava<\/b>\u00a0je dokaz vrhunske vape inovacije. Ta naprava je ve\u010d kot le <b>za enkratno uporabo<\/b>; je sofisticiran instrument za vaping, narejen za tiste, ki cenijo stil in vsebino. Ikoni\u010dna zasnova z vrtljivim zobnikom ponuja edinstveno taktilno izku\u0161njo, medtem ko <b>270\u00b0 LED zaslon, ki se odziva na utrip<\/b> zagotavlja dinami\u010den vizualni vmesnik, ki je intuitiven in privla\u010den.<\/p>\n<p>VOZOL VISTA je zasnovan za izjemno dolgo \u017eivljenjsko dobo in ga poganja robusten <b>1000 mAh polnilno baterijo<\/b>, kar zagotavlja dosledno in zanesljivo delovanje za monumentalnih <b>40000 vdihov<\/b>. Jedro te naprave je v njeni napredni <b>S.i.L.C. Tech tehnologiji dvojne mre\u017ene tuljave<\/b> , ki zagotavlja dosledno drzen okus in gladko paro z vsakim posameznim vdihom. Uporabniki lahko svojo izku\u0161njo v celoti prilagodijo z <b>4-stopenjskim nadzorom mo\u010di<\/b> in <b>2-stopenjskim nastavljivim pretokom zraka<\/b>, zaradi \u010desar je popoln <b>MTL vape<\/b> za vsako \u017eeljo.<\/p>\n<p>Zasnovan s trajnostjo v mislih, je <strong>VISTA 40k Puffs Vape Podi<\/strong> ima sistem podov za ve\u010dkratno uporabo, ki zmanj\u0161uje koli\u010dino odpadkov, kar ga postavlja kot pametno, okoljsko ozave\u0161\u010deno izbiro. To <a href=\"https:\/\/vapebulkp.com\/sl\/product-category\/40000-puffs-disposable-vape\/\"><b>40000 vdihov e-cigareta za enkratno uporabo<\/b><\/a> je dokon\u010dna re\u0161itev za zahtevne uporabnike vejpa in trgovce na drobno, ki i\u0161\u010dejo visokokakovosten izdelek z velikim povpra\u0161evanjem, ki zdru\u017euje sodobno estetiko z vrhunsko zmogljivostjo.<\/p>\n<h6><span style=\"color: #ff0000\">Za popust se obrnite na Mandyin WhatsApp<a style=\"color: #ff0000\" href=\"https:\/\/wa.me\/8618077105796\">+8618077105796<\/a><\/span><\/h6>\n<p><img decoding=\"async\" class=\"alignnone wp-image-2151\" src=\"http:\/\/vapebulkp.com\/wp-content\/uploads\/2024\/04\/Mandy-WhatsApp-Randm.jpg\" alt=\"Mandy WhatsApp Randm\" width=\"271\" height=\"289\" srcset=\"https:\/\/vapebulkp.com\/wp-content\/uploads\/2024\/04\/Mandy-WhatsApp-Randm.jpg 916w, https:\/\/vapebulkp.com\/wp-content\/uploads\/2024\/04\/Mandy-WhatsApp-Randm-282x300.jpg 282w, https:\/\/vapebulkp.com\/wp-content\/uploads\/2024\/04\/Mandy-WhatsApp-Randm-768x817.jpg 768w, https:\/\/vapebulkp.com\/wp-content\/uploads\/2024\/04\/Mandy-WhatsApp-Randm-600x638.jpg 600w\" sizes=\"(max-width: 271px) 100vw, 271px\" \/><\/p>\n<h2><strong>Zakaj kupiti veleprodajne vape VOZOL VISTA 40000 Puffs pri <a href=\"https:\/\/vapebulkp.com\/sl\/\">Vapebulkp.com<\/a>?<\/strong><\/h2>\n<h3 data-start=\"266\" data-end=\"302\">\u2705 <strong data-start=\"275\" data-end=\"302\">Neposredno tovarni\u0161ko pridobivanje<\/strong><\/h3>\n<p data-start=\"303\" data-end=\"471\">Neposredno sodelujemo z VOZOL in certificiranimi proizvajalci, kar zagotavlja <strong data-start=\"372\" data-end=\"394\">pristne izdelke<\/strong>, <strong data-start=\"396\" data-end=\"416\">stabilno zalogo<\/strong>, in <strong data-start=\"426\" data-end=\"443\">najnovej\u0161e modele<\/strong> \u2014 brez posrednikov, brez pribitkov.<\/p>\n<h3 data-start=\"473\" data-end=\"515\">\u2705 <strong data-start=\"482\" data-end=\"515\">Konkuren\u010dne veleprodajne cene<\/strong><\/h3>\n<p data-start=\"516\" data-end=\"718\">Vapebulkp.com ponuja vodilne veleprodajne cene v industriji, kar trgovcem z vape, distributerjem in preprodajalcem olaj\u0161a maksimiranje dobi\u010dka, medtem ko ponujajo vrhunske naprave, kot je <strong data-start=\"690\" data-end=\"717\">VOZOL VISTA 40000 vdihov<\/strong>.<\/p>\n<h3 data-start=\"720\" data-end=\"757\">\u2705 <strong data-start=\"729\" data-end=\"757\">Hitro<\/strong><\/h3>\n<p data-start=\"758\" data-end=\"932\">Z globalnimi zmogljivostmi izpolnjevanja in mo\u017enostmi hitre logistike, va\u0161a naro\u010dila po\u0161iljamo <strong data-start=\"843\" data-end=\"867\">hitro in varno<\/strong>. Prednost dajemo u\u010dinkovitosti dostave, da va\u0161e podjetje ostane v gibanju.<\/p>\n<h3 data-start=\"934\" data-end=\"970\">\u2705 <strong data-start=\"943\" data-end=\"970\">Velik obseg, brez te\u017eav<\/strong><\/h3>\n<p data-start=\"971\" data-end=\"1131\">Ne glede na to, ali naro\u010date <strong data-start=\"995\" data-end=\"1019\">100 enot ali 10.000+<\/strong>, na\u0161 poenostavljen B2B postopek in namenski upravitelji ra\u010dunov zagotavljajo nemoteno nakupovalno izku\u0161njo \u2014 vsaki\u010d.<\/p>\n<h3 data-start=\"1133\" data-end=\"1179\">\u2705 <strong data-start=\"1142\" data-end=\"1179\">Zagotovljena pristnost<\/strong><\/h3>\n<p data-start=\"1180\" data-end=\"1319\">Vsi izdelki so 100% pristni, varnostno preverjeni in serijsko testirani. Stojimo za vsako po\u0161iljko, zato lahko kupujete in preprodajate z zaupanjem.<\/p>\n<h3 data-start=\"1321\" data-end=\"1371\">\u2705 <strong data-start=\"1330\" data-end=\"1371\">Prilagojeno za trgovce na drobno<\/strong><\/h3>\n<p data-start=\"1372\" data-end=\"1508\">Od <strong data-start=\"1377\" data-end=\"1396\">Fleksibilnost MOQ<\/strong> to <strong data-start=\"1400\" data-end=\"1434\">svetovanje glede zasebne blagovne znamke\/OEM<\/strong>, podpiramo va\u0161e edinstvene veleprodajne potrebe - ne glede na va\u0161 trg ali obseg.<\/p>\n<div class=\"faqs-answer\">\n<h2 data-start=\"55\" data-end=\"63\">Pogosta vpra\u0161anja<\/h2>\n<p data-start=\"65\" data-end=\"223\"><strong data-start=\"65\" data-end=\"97\">Ali po\u0161iljate najbolj\u0161i e-cigaret za enkratno uporabo 2025 v mednarodni promet?<\/strong><br data-start=\"97\" data-end=\"100\" \/>Da, Vapebulkp.com po\u0161ilja v ve\u010dino dr\u017eav po svetu in ureja vse carinske postopke, da zagotovi nemoten postopek dostave.<\/p>\n<p data-start=\"389\" data-end=\"542\"><strong data-start=\"389\" data-end=\"418\">Kako lahko sledim svojemu naro\u010dilu?<\/strong><br data-start=\"418\" data-end=\"421\" \/>Ko bo va\u0161e naro\u010dilo odposlano, boste po e-po\u0161ti prejeli \u0161tevilko za sledenje, da boste lahko enostavno spremljali status svojega paketa.<\/p>\n<p data-start=\"544\" data-end=\"699\"><strong data-start=\"544\" data-end=\"574\">Ali lahko dobim hitrej\u0161o dostavo?<\/strong><br data-start=\"574\" data-end=\"577\" \/>Za hitrej\u0161o dostavo priporo\u010damo naro\u010danje iz na\u0161ega evropskega skladi\u0161\u010da, ki omogo\u010da hitrej\u0161e obdelavo in po\u0161iljanje.<\/p>\n<p data-start=\"888\" data-end=\"1079\"><strong data-start=\"888\" data-end=\"950\">Kaj naj storim, \u010de prejmem po\u0161kodovan ali pokvarjen izdelek?<\/strong><br data-start=\"950\" data-end=\"953\" \/>\u010ce prejmete po\u0161kodovan ali pokvarjen izdelek, se nemudoma obrnite na na\u0161o slu\u017ebo za stranke za zamenjavo ali re\u0161itev.<\/p>\n<p data-start=\"1081\" data-end=\"1235\"><strong data-start=\"1081\" data-end=\"1125\">Kako lahko stopim v stik z va\u0161o slu\u017ebo za stranke?<\/strong><br data-start=\"1125\" data-end=\"1128\" \/>Za hitro pomo\u010d nas lahko kontaktirate prek e-po\u0161te, WhatsAppa ali prek klepeta v \u017eivo na na\u0161i spletni strani.<\/p>\n<\/div>\n<h4><\/h4>\n<h2 data-start=\"52\" data-end=\"122\"><strong data-start=\"52\" data-end=\"122\">VOZOL VISTA 40000 Puffs visoko \u0161tevilo vdihov e-cigaret \u2013 Specifikacije izdelka<\/strong><\/h2>\n<p>Ime izdelka: VOZOL VISTA 40000 Puffs Komplet e-cigaret za ponovno polnjenje<br \/>\nNajve\u010dje \u0161tevilo vdihov: Do 40.000+ vdihov (odvisno od uporabe)<br \/>\nZaslon: 270\u00b0 LED zaslon, ki se odziva na utrip<br \/>\nKapaciteta baterije: Vgrajena 1000 mAh baterija za ponovno polnjenje<br \/>\nVrata za polnjenje: Hitro polnjenje USB tipa C<br \/>\nNastavitev mo\u010di: 4-stopenjsko nastavljiva mo\u010d<br \/>\nNadzor pretoka zraka: 2-stopenjski nastavljiv sistem pretoka zraka<br \/>\nTehnologija tuljave: S.i.L.C. Tech tuljava z dvojno mre\u017eico<br \/>\nNa\u010din aktivacije: Aktiviranje z vdihom (gumb ni potreben)<br \/>\nSlog uparjanja: MTL (iz ust v plju\u010da)<br \/>\nVrsta naprave: Naprava za ponovno polnjenje + posode za ponovno polnjenje<br \/>\nStopnja uporabnika: Primerno za za\u010detnike<\/p>\n<h2>Seznam okusov VOZOL VISTA 40000 Puffs:<\/h2>\n<p>1. Blue Razz Ice (Modri \u200b\u200bRazz Led)<br \/>\n2. Blueberry Ice (Borovni\u010dev Led)<br \/>\n3. \u010ce\u0161nja Kola<br \/>\n4. Hladna Meta<br \/>\n5. Dvojno Jabolko<br \/>\n6. Grozdni Led<br \/>\n7. Ljubezen 777<br \/>\n8. Ledeni Mango<br \/>\n9. Mango Pasijonka<br \/>\n10. Mango Breskev<br \/>\n11. Melona Gumi<br \/>\n12. Breskev Jagodi\u010devje<br \/>\n13. Ledena Breskev<br \/>\n14. Jagoda Banana<br \/>\n15. Ledena Jagoda<br \/>\n16. Jagoda Kivi<br \/>\n17. Jagoda Mango<br \/>\n18. Jagoda Lubenica<br \/>\n19. Lubeni\u010dni \u017dve\u010dilni Gumi<br \/>\n20. Lubenica led<\/p>\n<p><span style=\"vertical-align: inherit\">Poi\u0161\u010dite ve\u010d izdelkov, ki bi vam bili morda v\u0161e\u010d:<\/span><em><a href=\"https:\/\/wa.me\/8618077105796\"><span style=\"vertical-align: inherit\">\u00a0Kupite zdaj<\/span><\/a><\/em><\/p>\n<p><span style=\"vertical-align: inherit\">Drugi 'puffs', ki bi vam bili morda v\u0161e\u010d:<\/span><a href=\"https:\/\/vapebulkp.com\/sl\/product\/aivono-fat-bear-80000-puffs-3-flavors-modes-disposable-vape-bulk-wholesale\/\"><span style=\"vertical-align: inherit\">Aivono Fat Bear 80000 Pihov<\/span><\/a><span style=\"vertical-align: inherit\">\u3001<\/span><a href=\"https:\/\/vapebulkp.com\/sl\/product\/vozol-rave-40000-puffs-hot-sale-nicotine-salt-disposable-vaporizer\/\"><span style=\"vertical-align: inherit\">Vozol Rave 40000 vdihov<\/span><\/a><span style=\"vertical-align: inherit\">\/ <\/span><a href=\"https:\/\/vapebulkp.com\/sl\/product\/bang-box-80000-puffs-3-in-1-wholesale-vape-supply\/\"><span style=\"vertical-align: inherit\">Bang Box 80000 Pih<\/span><\/a><span style=\"vertical-align: inherit\">\/ <\/span><a href=\"https:\/\/vapebulkp.com\/sl\/product\/bood-lumo-60000-puffs-best-price-disposable-vape-2-5-nicotine\/\"><span style=\"vertical-align: inherit\">BOOD LUMO 60000 vpihov<\/span><\/a><\/p>\n<h2 data-start=\"55\" data-end=\"75\">Na\u010dini po\u0161iljanja<\/h2>\n<p data-start=\"77\" data-end=\"345\">Pri Vapebulkp.com sodelujemo z vodilnimi kurirji, kot so UPS, DHL, FedEx in DPD, da zagotovimo hitro in zanesljivo po\u0161iljanje. Odvisno od ciljne dr\u017eave izberemo najprimernej\u0161i na\u010din po\u0161iljanja, da zagotovimo, da va\u0161e naro\u010dilo prispe \u010dim hitreje in varneje.<\/p>\n<ul data-start=\"347\" data-end=\"509\">\n<li data-start=\"347\" data-end=\"429\">\n<p data-start=\"349\" data-end=\"429\"><strong data-start=\"349\" data-end=\"383\">Po\u0161iljanje v Slovenijo:<\/strong> Obi\u010dajno traja pribli\u017eno 10 dni za dostavo.<\/p>\n<\/li>\n<li data-start=\"430\" data-end=\"506\">\n<p data-start=\"432\" data-end=\"506\"><strong data-start=\"432\" data-end=\"467\">Po\u0161iljanje v evropske dr\u017eave:<\/strong> Obi\u010dajno traja od 12 do 15 dni.<\/p>\n<\/li>\n<\/ul>\n<p data-start=\"510\" data-end=\"603\">Zagotavljamo posodobitve sledenja v realnem \u010dasu, tako da lahko spremljate svojo po\u0161iljko na vsakem koraku.<\/p>\n<p data-start=\"605\" data-end=\"856\">Da bi vam ponudili nakupovalno izku\u0161njo brez te\u017eav, v va\u0161em imenu urejamo vse carinske postopke. Ni vam treba skrbeti zaradi dodatnih davkov ali pristojbin, in zagotavljamo, da 100% na\u0161ih po\u0161iljk brez te\u017eav uspe\u0161no prestane carinski pregled.<\/p>\n<p data-start=\"858\" data-end=\"956\">Nakupujte z zaupanjem na Vapebulkp.com, saj veste, da je va\u0161e naro\u010dilo v strokovnih rokah, od nakupa do dostave.<\/p>","protected":false},"excerpt":{"rendered":"<p data-start=\"138\" data-end=\"318\">Nakup VOZOL VISTA 40000 puffs Vape kompleti\u2014visokozmogljiv sistem za ponovno polnjenje vape pod s ponovno uporabno zasnovo. Idealno za veleprodajne kupce, ki i\u0161\u010dejo vrhunske, okolju prijazne vape naprave.<\/p>\n<p>Za popust se obrnite na Mandyin WhatsApp<a href=\"https:\/\/wa.me\/8618077105796\">+8618077105796<\/a><\/p>\n<p><img decoding=\"async\" class=\"alignnone wp-image-2151\" src=\"http:\/\/vapebulkp.com\/wp-content\/uploads\/2024\/04\/Mandy-WhatsApp-Randm.jpg\" alt=\"Mandy WhatsApp Randm\" width=\"297\" height=\"316\" srcset=\"https:\/\/vapebulkp.com\/wp-content\/uploads\/2024\/04\/Mandy-WhatsApp-Randm.jpg 916w, https:\/\/vapebulkp.com\/wp-content\/uploads\/2024\/04\/Mandy-WhatsApp-Randm-282x300.jpg 282w, https:\/\/vapebulkp.com\/wp-content\/uploads\/2024\/04\/Mandy-WhatsApp-Randm-768x817.jpg 768w, https:\/\/vapebulkp.com\/wp-content\/uploads\/2024\/04\/Mandy-WhatsApp-Randm-600x638.jpg 600w\" sizes=\"(max-width: 297px) 100vw, 297px\" \/><\/p>\n<p><span style=\"color: #ff0000\">OPOMBA: Cene na na\u0161i spletni strani ne vklju\u010dujejo stro\u0161kov po\u0161iljanja.<\/span><\/p>\n<p>Glavni razlog za nakup<br \/>\n1. Odli\u010dna kakovost in neprimerljiva zmogljivost.<\/p>\n<p>2. Konkuren\u010dna cena in hitra vrednost.<\/p>\n<p>3. Ve\u010d mo\u017enosti in pravo\u010dasna dostava.<\/p>\n<p>4. Zadovoljujo\u010da nakupovalna izku\u0161nja.<\/p>","protected":false},"featured_media":3920,"comment_status":"open","ping_status":"closed","template":"","meta":{"_uag_custom_page_level_css":"","_lmt_disableupdate":"no","_lmt_disable":"","site-sidebar-layout":"default","site-content-layout":"content-boxed-container","ast-site-content-layout":"normal-width-container","site-content-style":"boxed","site-sidebar-style":"unboxed","ast-global-header-display":"","ast-banner-title-visibility":"","ast-main-header-display":"","ast-hfb-above-header-display":"","ast-hfb-below-header-display":"","ast-hfb-mobile-header-display":"","site-post-title":"","ast-breadcrumbs-content":"","ast-featured-img":"","footer-sml-layout":"","theme-transparent-header-meta":"default","adv-header-id-meta":"","stick-header-meta":"","header-above-stick-meta":"","header-main-stick-meta":"","header-below-stick-meta":"","astra-migrate-meta-layouts":"set","_joinchat":[]},"product_cat":[182,153,155,33,59,100,87,34,158,157,154,152,58,84,156,63,32,364],"product_tag":[36,37,41,286,40,267],"class_list":["post-3925","product","type-product","status-publish","has-post-thumbnail","hentry","product_cat-40000-puffs-disposable-vape","product_cat-hot-disposable-vapes","product_cat-belgium-hot-disposable-vapes","product_cat-france-vape-hot-sale","product_cat-germany-hot-disposable-vape","product_cat-germany-wholesale-vape-shop","product_cat-minimum-order-quantity-50pcs","product_cat-netherlands-vape-good-sale","product_cat-norway-hot-disposable-vapes","product_cat-poland-hot-disposable-vapes","product_cat-portugal-hot-disposable-vapes","product_cat-spain-hot-disposable-vapes","product_cat-sweden-hot-disposable-vape","product_cat-sweden-wholesale-vape","product_cat-switzerland-hot-disposable-vapes","product_cat-top-sale-disposable-vape","product_cat-vape-hot-sale-this-week","product_cat-vozol-vape","product_tag-good-vape","product_tag-hot-sale-disposable-vape","product_tag-poland-hot-vape","product_tag-puffs-stock-in-europe","product_tag-sweden-hot-vape","product_tag-vozol-vista-40000-puffs","pa_brand-vozol-vape","desktop-align-left","tablet-align-left","mobile-align-left"],"yoast_head":"<!-- This site is optimized with the Yoast SEO plugin v21.1 - https:\/\/yoast.com\/wordpress\/plugins\/seo\/ -->\n<title>VOZOL VISTA 40000 Puffs Vape Wholesale Best Price - vapebulkp.com<\/title>\n<meta name=\"description\" content=\"VOZOL VISTA 40000 Puffs features a 270\u00b0 LED display, dual mesh coils, and a 1000mAh rechargeable battery. Adjustable airflow &amp; wattage for the perfect MTL vape.\" \/>\n<meta name=\"robots\" content=\"index, follow, max-snippet:-1, max-image-preview:large, max-video-preview:-1\" \/>\n<link rel=\"canonical\" href=\"https:\/\/vapebulkp.com\/sl\/product\/vozol-vista-40000-puffs-vape-wholesale-best-price\/\" \/>\n<meta property=\"og:locale\" content=\"sl_SI\" \/>\n<meta property=\"og:type\" content=\"article\" \/>\n<meta property=\"og:title\" content=\"VOZOL VISTA 40000 Puffs Vape Wholesale Best Price - vapebulkp.com\" \/>\n<meta property=\"og:description\" content=\"VOZOL VISTA 40000 Puffs features a 270\u00b0 LED display, dual mesh coils, and a 1000mAh rechargeable battery. Adjustable airflow &amp; wattage for the perfect MTL vape.\" \/>\n<meta property=\"og:url\" content=\"https:\/\/vapebulkp.com\/sl\/product\/vozol-vista-40000-puffs-vape-wholesale-best-price\/\" \/>\n<meta property=\"og:site_name\" content=\"vapebulkp.com\" \/>\n<meta property=\"article:modified_time\" content=\"2025-09-24T02:59:03+00:00\" \/>\n<meta property=\"og:image\" content=\"http:\/\/vapebulkp.com\/wp-content\/uploads\/2025\/07\/VOZOL-VISTA-40K-Puffs-Disposable-Vape-Wholesale-Price.jpg\" \/>\n\t<meta property=\"og:image:width\" content=\"800\" \/>\n\t<meta property=\"og:image:height\" content=\"800\" \/>\n\t<meta property=\"og:image:type\" content=\"image\/jpeg\" \/>\n<meta name=\"twitter:card\" content=\"summary_large_image\" \/>\n<meta name=\"twitter:label1\" content=\"Est. reading time\" \/>\n\t<meta name=\"twitter:data1\" content=\"4 minute\" \/>\n<script type=\"application\/ld+json\" class=\"yoast-schema-graph\">{\"@context\":\"https:\/\/schema.org\",\"@graph\":[{\"@type\":\"WebPage\",\"@id\":\"https:\/\/vapebulkp.com\/product\/vozol-vista-40000-puffs-vape-wholesale-best-price\/\",\"url\":\"https:\/\/vapebulkp.com\/product\/vozol-vista-40000-puffs-vape-wholesale-best-price\/\",\"name\":\"VOZOL VISTA 40000 Puffs Vape Wholesale Best Price - vapebulkp.com\",\"isPartOf\":{\"@id\":\"https:\/\/vapebulkp.com\/#website\"},\"datePublished\":\"2025-07-09T08:46:35+00:00\",\"dateModified\":\"2025-09-24T02:59:03+00:00\",\"description\":\"VOZOL VISTA 40000 Puffs features a 270\u00b0 LED display, dual mesh coils, and a 1000mAh rechargeable battery. Adjustable airflow & wattage for the perfect MTL vape.\",\"breadcrumb\":{\"@id\":\"https:\/\/vapebulkp.com\/product\/vozol-vista-40000-puffs-vape-wholesale-best-price\/#breadcrumb\"},\"inLanguage\":\"sl-SI\",\"potentialAction\":[{\"@type\":\"ReadAction\",\"target\":[\"https:\/\/vapebulkp.com\/product\/vozol-vista-40000-puffs-vape-wholesale-best-price\/\"]}]},{\"@type\":\"BreadcrumbList\",\"@id\":\"https:\/\/vapebulkp.com\/product\/vozol-vista-40000-puffs-vape-wholesale-best-price\/#breadcrumb\",\"itemListElement\":[{\"@type\":\"ListItem\",\"position\":1,\"name\":\"Home\",\"item\":\"https:\/\/vapebulkp.com\/\"},{\"@type\":\"ListItem\",\"position\":2,\"name\":\"Hot Trend Vapes\",\"item\":\"https:\/\/vapebulkp.com\/vape-shop\/\"},{\"@type\":\"ListItem\",\"position\":3,\"name\":\"VOZOL VISTA 40000 Puffs Vape Wholesale Best Price\"}]},{\"@type\":\"WebSite\",\"@id\":\"https:\/\/vapebulkp.com\/#website\",\"url\":\"https:\/\/vapebulkp.com\/\",\"name\":\"vapebulkp.com\",\"description\":\"Buy Vape In Cheap Bulk Price Near you\",\"publisher\":{\"@id\":\"https:\/\/vapebulkp.com\/#organization\"},\"potentialAction\":[{\"@type\":\"SearchAction\",\"target\":{\"@type\":\"EntryPoint\",\"urlTemplate\":\"https:\/\/vapebulkp.com\/?s={search_term_string}\"},\"query-input\":\"required name=search_term_string\"}],\"inLanguage\":\"sl-SI\"},{\"@type\":\"Organization\",\"@id\":\"https:\/\/vapebulkp.com\/#organization\",\"name\":\"vapebulkp.com\",\"url\":\"https:\/\/vapebulkp.com\/\",\"logo\":{\"@type\":\"ImageObject\",\"inLanguage\":\"sl-SI\",\"@id\":\"https:\/\/vapebulkp.com\/#\/schema\/logo\/image\/\",\"url\":\"https:\/\/vapebulkp.com\/wp-content\/uploads\/2023\/09\/cropped-vapebulkp.png\",\"contentUrl\":\"https:\/\/vapebulkp.com\/wp-content\/uploads\/2023\/09\/cropped-vapebulkp.png\",\"width\":516,\"height\":163,\"caption\":\"vapebulkp.com\"},\"image\":{\"@id\":\"https:\/\/vapebulkp.com\/#\/schema\/logo\/image\/\"}}]}<\/script>\n<!-- \/ Yoast SEO plugin. -->","yoast_head_json":{"title":"VOZOL VISTA 40000 Puffs Vape Wholesale Best Price - vapebulkp.com","description":"VOZOL VISTA 40000 Puffs features a 270\u00b0 LED display, dual mesh coils, and a 1000mAh rechargeable battery. Adjustable airflow & wattage for the perfect MTL vape.","robots":{"index":"index","follow":"follow","max-snippet":"max-snippet:-1","max-image-preview":"max-image-preview:large","max-video-preview":"max-video-preview:-1"},"canonical":"https:\/\/vapebulkp.com\/sl\/product\/vozol-vista-40000-puffs-vape-wholesale-best-price\/","og_locale":"sl_SI","og_type":"article","og_title":"VOZOL VISTA 40000 Puffs Vape Wholesale Best Price - vapebulkp.com","og_description":"VOZOL VISTA 40000 Puffs features a 270\u00b0 LED display, dual mesh coils, and a 1000mAh rechargeable battery. Adjustable airflow & wattage for the perfect MTL vape.","og_url":"https:\/\/vapebulkp.com\/sl\/product\/vozol-vista-40000-puffs-vape-wholesale-best-price\/","og_site_name":"vapebulkp.com","article_modified_time":"2025-09-24T02:59:03+00:00","og_image":[{"width":800,"height":800,"url":"http:\/\/vapebulkp.com\/wp-content\/uploads\/2025\/07\/VOZOL-VISTA-40K-Puffs-Disposable-Vape-Wholesale-Price.jpg","type":"image\/jpeg"}],"twitter_card":"summary_large_image","twitter_misc":{"Est. reading time":"4 minute"},"schema":{"@context":"https:\/\/schema.org","@graph":[{"@type":"WebPage","@id":"https:\/\/vapebulkp.com\/product\/vozol-vista-40000-puffs-vape-wholesale-best-price\/","url":"https:\/\/vapebulkp.com\/product\/vozol-vista-40000-puffs-vape-wholesale-best-price\/","name":"VOZOL VISTA 40000 Puffs Vape Wholesale Best Price - vapebulkp.com","isPartOf":{"@id":"https:\/\/vapebulkp.com\/#website"},"datePublished":"2025-07-09T08:46:35+00:00","dateModified":"2025-09-24T02:59:03+00:00","description":"VOZOL VISTA 40000 Puffs features a 270\u00b0 LED display, dual mesh coils, and a 1000mAh rechargeable battery. Adjustable airflow & wattage for the perfect MTL vape.","breadcrumb":{"@id":"https:\/\/vapebulkp.com\/product\/vozol-vista-40000-puffs-vape-wholesale-best-price\/#breadcrumb"},"inLanguage":"sl-SI","potentialAction":[{"@type":"ReadAction","target":["https:\/\/vapebulkp.com\/product\/vozol-vista-40000-puffs-vape-wholesale-best-price\/"]}]},{"@type":"BreadcrumbList","@id":"https:\/\/vapebulkp.com\/product\/vozol-vista-40000-puffs-vape-wholesale-best-price\/#breadcrumb","itemListElement":[{"@type":"ListItem","position":1,"name":"Home","item":"https:\/\/vapebulkp.com\/"},{"@type":"ListItem","position":2,"name":"Hot Trend Vapes","item":"https:\/\/vapebulkp.com\/vape-shop\/"},{"@type":"ListItem","position":3,"name":"VOZOL VISTA 40000 Puffs Vape Wholesale Best Price"}]},{"@type":"WebSite","@id":"https:\/\/vapebulkp.com\/#website","url":"https:\/\/vapebulkp.com\/","name":"vapebulkp.com","description":"Buy Vape In Cheap Bulk Price Near you","publisher":{"@id":"https:\/\/vapebulkp.com\/#organization"},"potentialAction":[{"@type":"SearchAction","target":{"@type":"EntryPoint","urlTemplate":"https:\/\/vapebulkp.com\/?s={search_term_string}"},"query-input":"required name=search_term_string"}],"inLanguage":"sl-SI"},{"@type":"Organization","@id":"https:\/\/vapebulkp.com\/#organization","name":"vapebulkp.com","url":"https:\/\/vapebulkp.com\/","logo":{"@type":"ImageObject","inLanguage":"sl-SI","@id":"https:\/\/vapebulkp.com\/#\/schema\/logo\/image\/","url":"https:\/\/vapebulkp.com\/wp-content\/uploads\/2023\/09\/cropped-vapebulkp.png","contentUrl":"https:\/\/vapebulkp.com\/wp-content\/uploads\/2023\/09\/cropped-vapebulkp.png","width":516,"height":163,"caption":"vapebulkp.com"},"image":{"@id":"https:\/\/vapebulkp.com\/#\/schema\/logo\/image\/"}}]}},"uagb_featured_image_src":{"full":["https:\/\/vapebulkp.com\/wp-content\/uploads\/2025\/07\/VOZOL-VISTA-40K-Puffs-Disposable-Vape-Wholesale-Price.jpg",800,800,false],"thumbnail":["https:\/\/vapebulkp.com\/wp-content\/uploads\/2025\/07\/VOZOL-VISTA-40K-Puffs-Disposable-Vape-Wholesale-Price-150x150.jpg",150,150,true],"medium":["https:\/\/vapebulkp.com\/wp-content\/uploads\/2025\/07\/VOZOL-VISTA-40K-Puffs-Disposable-Vape-Wholesale-Price-300x300.jpg",300,300,true],"medium_large":["https:\/\/vapebulkp.com\/wp-content\/uploads\/2025\/07\/VOZOL-VISTA-40K-Puffs-Disposable-Vape-Wholesale-Price-768x768.jpg",768,768,true],"large":["https:\/\/vapebulkp.com\/wp-content\/uploads\/2025\/07\/VOZOL-VISTA-40K-Puffs-Disposable-Vape-Wholesale-Price.jpg",800,800,false],"1536x1536":["https:\/\/vapebulkp.com\/wp-content\/uploads\/2025\/07\/VOZOL-VISTA-40K-Puffs-Disposable-Vape-Wholesale-Price.jpg",800,800,false],"2048x2048":["https:\/\/vapebulkp.com\/wp-content\/uploads\/2025\/07\/VOZOL-VISTA-40K-Puffs-Disposable-Vape-Wholesale-Price.jpg",800,800,false],"trp-custom-language-flag":["https:\/\/vapebulkp.com\/wp-content\/uploads\/2025\/07\/VOZOL-VISTA-40K-Puffs-Disposable-Vape-Wholesale-Price.jpg",12,12,false],"woocommerce_thumbnail":["https:\/\/vapebulkp.com\/wp-content\/uploads\/2025\/07\/VOZOL-VISTA-40K-Puffs-Disposable-Vape-Wholesale-Price-300x300.jpg",300,300,true],"woocommerce_single":["https:\/\/vapebulkp.com\/wp-content\/uploads\/2025\/07\/VOZOL-VISTA-40K-Puffs-Disposable-Vape-Wholesale-Price-600x600.jpg",600,600,true],"woocommerce_gallery_thumbnail":["https:\/\/vapebulkp.com\/wp-content\/uploads\/2025\/07\/VOZOL-VISTA-40K-Puffs-Disposable-Vape-Wholesale-Price-100x100.jpg",100,100,true],"wcpr-photo-reviews":["https:\/\/vapebulkp.com\/wp-content\/uploads\/2025\/07\/VOZOL-VISTA-40K-Puffs-Disposable-Vape-Wholesale-Price.jpg",500,500,false]},"uagb_author_info":{"display_name":"Mandy vape bulk price","author_link":"https:\/\/vapebulkp.com\/sl\/author\/"},"uagb_comment_info":0,"uagb_excerpt":"Shop VOZOL VISTA 40000 puffs Vape Kits\u2014high capacity rechargeable vape pod system with reusable design. Ideal for wholesale buyers seeking premium, eco-friendly vapes devices. Pls Contact Mandy's WhatsApp For Discount Price+8618077105796 NOTE: Prices on our website does not include shipping costs Main reason for purchase 1. Excellent quality and unparalleled performance. 2. Competitive price and&hellip;","_links":{"self":[{"href":"https:\/\/vapebulkp.com\/sl\/wp-json\/wp\/v2\/product\/3925","targetHints":{"allow":["GET"]}}],"collection":[{"href":"https:\/\/vapebulkp.com\/sl\/wp-json\/wp\/v2\/product"}],"about":[{"href":"https:\/\/vapebulkp.com\/sl\/wp-json\/wp\/v2\/types\/product"}],"replies":[{"embeddable":true,"href":"https:\/\/vapebulkp.com\/sl\/wp-json\/wp\/v2\/comments?post=3925"}],"wp:featuredmedia":[{"embeddable":true,"href":"https:\/\/vapebulkp.com\/sl\/wp-json\/wp\/v2\/media\/3920"}],"wp:attachment":[{"href":"https:\/\/vapebulkp.com\/sl\/wp-json\/wp\/v2\/media?parent=3925"}],"wp:term":[{"taxonomy":"product_cat","embeddable":true,"href":"https:\/\/vapebulkp.com\/sl\/wp-json\/wp\/v2\/product_cat?post=3925"},{"taxonomy":"product_tag","embeddable":true,"href":"https:\/\/vapebulkp.com\/sl\/wp-json\/wp\/v2\/product_tag?post=3925"}],"curies":[{"name":"wp","href":"https:\/\/api.w.org\/{rel}","templated":true}]}}