{"id":4020,"date":"2025-07-30T10:04:55","date_gmt":"2025-07-30T08:04:55","guid":{"rendered":"https:\/\/vapebulkp.com\/?post_type=product&#038;p=4020"},"modified":"2025-09-04T10:52:40","modified_gmt":"2025-09-04T08:52:40","slug":"rahdm-tornado-50000-puffs-disposable-vape-bulk-supplier","status":"publish","type":"product","link":"https:\/\/vapebulkp.com\/sl\/product\/rahdm-tornado-50000-puffs-disposable-vape-bulk-supplier\/","title":{"rendered":"RAHDM Tornado 50000 Vpihov Jednokratni uparjalnik Dobavitelj v razsutem stanju"},"content":{"rendered":"<h2>RAHDM Tornado 50000 Vpihov Jednokratni uparjalnik Dobavitelj v razsutem stanju<\/h2>\n<div class=\"pointer-events-none h-px w-px\" aria-hidden=\"true\" data-edge=\"true\">\n<p>The <b>G19-RAHdM <a href=\"https:\/\/vapebulkp.com\/sl\/product-category\/50000-puffs-disposable-vape\/\">50000 vdihov e-cigareta za enkratno uporabo<\/a><\/b> je zasnovan za zahtevnega uporabnika e-cigaret, ki zahteva mo\u010d, zmogljivost in priro\u010dnost v eni napravi. To ni le preprost <b>za enkratno uporabo<\/b>; je vrhunski sistem za vejp, narejen za izjemno vzdr\u017eljivost. Z masivnim <b>50 ml napolnjenim rezervoarjem<\/b> in <b>dvojno mre\u017easto tuljavo<\/b> tehnologijo, zagotavlja neverjetno gosto paro in bogat, dosleden okus \u017ee od prvega vpiha.<\/p>\n<p>Ta <b>vape za dolgo uporabo<\/b> napaja robustna <b>500 mAh polnilna baterija<\/b> z <b>s hitrim polnjenjem Type-C<\/b>, kar zmanj\u0161uje \u010das nedelovanja in zagotavlja stabilno in mo\u010dno izku\u0161njo. Integriran <b>digitalni zaslon<\/b> zagotavlja sprotne posodobitve o nivojih e-teko\u010dine in baterije, kar vam daje popoln nadzor nad vsako sejo.<\/p>\n<p>G19-RAHdM ponuja prilagojeno izku\u0161njo z ve\u010d na\u010dini vejp-anja, vklju\u010dno z na\u010dinom Normal, Pulse+ in Off, kar vam omogo\u010da, da prilagodite svoj vlek. Z <b>nikotinske soli<\/b> jakostjo <b>2%<\/b>, zagotavlja gladek in zadovoljiv vlek na grlo. Narejen iz trpe\u017enega PCTG, je ta <b>vrhunska e-cigareta za enkratno uporabo<\/b> kompaktna in elegantna. Je odli\u010dna <b>veleprodajni vape EU<\/b> mo\u017enost za trgovce na drobno, ki i\u0161\u010dejo donosen izdelek z velikim povpra\u0161evanjem.<\/p>\n<\/div>\n<h6><span style=\"color: #ff0000\">Za popust se obrnite na Mandyin WhatsApp<a style=\"color: #ff0000\" href=\"https:\/\/wa.me\/8618077105796\">+8618077105796<\/a><\/span><\/h6>\n<p><img decoding=\"async\" class=\"alignnone wp-image-2151\" src=\"http:\/\/vapebulkp.com\/wp-content\/uploads\/2024\/04\/Mandy-WhatsApp-Randm.jpg\" alt=\"Mandy WhatsApp Randm\" width=\"271\" height=\"289\" srcset=\"https:\/\/vapebulkp.com\/wp-content\/uploads\/2024\/04\/Mandy-WhatsApp-Randm.jpg 916w, https:\/\/vapebulkp.com\/wp-content\/uploads\/2024\/04\/Mandy-WhatsApp-Randm-282x300.jpg 282w, https:\/\/vapebulkp.com\/wp-content\/uploads\/2024\/04\/Mandy-WhatsApp-Randm-768x817.jpg 768w, https:\/\/vapebulkp.com\/wp-content\/uploads\/2024\/04\/Mandy-WhatsApp-Randm-600x638.jpg 600w\" sizes=\"(max-width: 271px) 100vw, 271px\" \/><\/p>\n<h2><strong>Zakaj kupiti vape z visokim \u0161tevilom vpihov RAHDM tornado 50000 puffs pri <a href=\"https:\/\/vapebulkp.com\/sl\/\">Vapebulkp.com<\/a>?<\/strong><\/h2>\n<p data-start=\"194\" data-end=\"484\">Pri Vapebulkp.com ponujamo avtenti\u010den <strong data-start=\"235\" data-end=\"280\">pametni vape RAHDM Tornado 50000 Puffs<\/strong>\u00a0po konkuren\u010dnih veleprodajnih cenah s hitro in zanesljivo dostavo. Na\u0161e stranke u\u017eivajo v originalnih izdelkih, ki jih podpira zagotavljanje kakovosti, poleg tega pa tudi strokovno podporo strankam, ki vam pomaga izbrati popolno napravo za vejpanje.<\/p>\n<p data-start=\"486\" data-end=\"871\">Ponosni smo na ponudbo \u0161irokega izbora visoko zmogljivih vejperjev za enkratno uporabo s funkcijami, kot so dolgotrajna \u017eivljenjska doba baterije, velika zmogljivost e-teko\u010dine in inovativni dizajni \u2014 vse pripravljeno za po\u0161iljanje v razsutem stanju ali posameznih enotah. Ko kupujete pri Vapebulkp.com, dobite zaupanja vredne izdelke, odli\u010dno vrednost in brezhibno nakupovalno izku\u0161njo, prilagojeno tako trgovcem na drobno kot posameznim vejperjem.<\/p>\n<div class=\"faqs-answer\">\n<h2 data-start=\"55\" data-end=\"63\">Pogosta vpra\u0161anja<\/h2>\n<p data-start=\"65\" data-end=\"223\"><strong data-start=\"65\" data-end=\"97\">Ali po\u0161iljate vape RAHDM tornado wholesale 50k puff mednarodno?<\/strong><br data-start=\"97\" data-end=\"100\" \/>Da, Vapebulkp.com po\u0161ilja v ve\u010dino dr\u017eav po svetu in ureja vse carinske postopke, da zagotovi nemoten postopek dostave.<\/p>\n<p data-start=\"389\" data-end=\"542\"><strong data-start=\"389\" data-end=\"418\">Kako lahko sledim svojemu naro\u010dilu?<\/strong><br data-start=\"418\" data-end=\"421\" \/>Ko bo va\u0161e naro\u010dilo odposlano, boste po e-po\u0161ti prejeli \u0161tevilko za sledenje, da boste lahko enostavno spremljali status svojega paketa.<\/p>\n<p data-start=\"544\" data-end=\"699\"><strong data-start=\"544\" data-end=\"574\">Ali lahko dobim hitrej\u0161o dostavo?<\/strong><br data-start=\"574\" data-end=\"577\" \/>Za hitrej\u0161o dostavo priporo\u010damo naro\u010danje iz na\u0161ega evropskega skladi\u0161\u010da, ki omogo\u010da hitrej\u0161e obdelavo in po\u0161iljanje.<\/p>\n<p data-start=\"888\" data-end=\"1079\"><strong data-start=\"888\" data-end=\"950\">Kaj naj storim, \u010de prejmem po\u0161kodovan ali pokvarjen izdelek?<\/strong><br data-start=\"950\" data-end=\"953\" \/>\u010ce prejmete po\u0161kodovan ali pokvarjen izdelek, se nemudoma obrnite na na\u0161o slu\u017ebo za stranke za zamenjavo ali re\u0161itev.<\/p>\n<p data-start=\"1081\" data-end=\"1235\"><strong data-start=\"1081\" data-end=\"1125\">Kako lahko stopim v stik z va\u0161o slu\u017ebo za stranke?<\/strong><br data-start=\"1125\" data-end=\"1128\" \/>Za hitro pomo\u010d nas lahko kontaktirate prek e-po\u0161te, WhatsAppa ali prek klepeta v \u017eivo na na\u0161i spletni strani.<\/p>\n<\/div>\n<h4><\/h4>\n<h2 data-start=\"52\" data-end=\"122\"><strong data-start=\"52\" data-end=\"122\">RAHDM tornado 50000 Puffs pametni vapi \u2013 Specifikacije izdelka<\/strong><\/h2>\n<p><strong data-start=\"189\" data-end=\"198\">Model<\/strong>: G19-RAHdM Vejper za enkratno uporabo<br data-start=\"225\" data-end=\"228\" \/><strong data-start=\"228\" data-end=\"242\">\u0160tevilo vpihov<\/strong>: Do 50000 vpihov za dolgotrajno vejpanje<br data-start=\"294\" data-end=\"297\" \/><strong data-start=\"297\" data-end=\"318\">Vsebnost nikotina<\/strong>: 2% Nikotinska sol za gladek ob\u010dutek v grlu<br data-start=\"360\" data-end=\"363\" \/><strong data-start=\"363\" data-end=\"384\">Kapaciteta e-teko\u010dine<\/strong>: 50 ml vnaprej napolnjeno za podalj\u0161ano uporabo<br data-start=\"418\" data-end=\"421\" \/><strong data-start=\"421\" data-end=\"441\" data-is-only-node=\"\">Kapaciteta baterije<\/strong>: Vgrajena 500mAh baterija, ki jo je mogo\u010de ponovno napolniti<br data-start=\"479\" data-end=\"482\" \/><strong data-start=\"482\" data-end=\"499\">Vhodna napetost<\/strong>: 3,2V do 3,6V stabilna izhodna mo\u010d<br data-start=\"533\" data-end=\"536\" \/><strong data-start=\"536\" data-end=\"549\">Vrsta Tuljave<\/strong>: Dvojna mre\u017ena tuljava 1.0\u03a9 z na\u010dinom OFF Normal in Pulse Plus za prilagodljivo vejpanje<br data-start=\"641\" data-end=\"644\" \/><strong data-start=\"644\" data-end=\"656\">Material<\/strong>: Vzdr\u017eljivo in varno ohi\u0161je iz PCTG<br data-start=\"684\" data-end=\"687\" \/><strong data-start=\"687\" data-end=\"698\">Zaslon<\/strong>: Vgrajen digitalni zaslon prikazuje stanje baterije in teko\u010dine<br data-start=\"759\" data-end=\"762\" \/><strong data-start=\"762\" data-end=\"779\">Polnilna Vrata<\/strong>: Hitro polnjenje prek vrat USB tipa C<br data-start=\"810\" data-end=\"813\" \/><strong data-start=\"813\" data-end=\"821\">Velikost<\/strong>: Kompaktna zasnova 83 mm \u00d7 53 mm \u00d7 27 mm za enostavno prena\u0161anje<\/p>\n<h2>Seznam okusov RAHDM Tornado 50000 Puffs:<\/h2>\n<p class=\"selectable-text copyable-text x15bjb6t x1n2onr6\" dir=\"ltr\">1. Malina lubenica<br \/>\n2. Jagodni led<br \/>\n3.Rde\u010di bik grozdje<br \/>\n4. Tropsko sadje<br \/>\n5. Banana<br \/>\n6.Borovni\u010dev led<br \/>\n7.Breskov led<br \/>\n8.Ananasov kokos<br \/>\n9.Lubeni\u010dni led<br \/>\n10.Limonina limeta<br \/>\n11.Jagoda banana<br \/>\n12.Gospod modri<br \/>\n13.\u017dve\u010dilni gumi iz jagode in lubenice<br \/>\n14.Roza limonada<br \/>\n15.\u010ce\u0161njeva kola<br \/>\n16.Gumijasti medvedek<\/p>\n<p><span style=\"vertical-align: inherit\">Poi\u0161\u010dite ve\u010d izdelkov, ki bi vam bili morda v\u0161e\u010d:<\/span><em><a href=\"https:\/\/wa.me\/8618077105796\"><span style=\"vertical-align: inherit\">\u00a0Kupite zdaj<\/span><\/a><\/em><\/p>\n<p><span style=\"vertical-align: inherit\">Drugi 'puffs', ki bi vam bili morda v\u0161e\u010d:<\/span><a href=\"https:\/\/vapebulkp.com\/sl\/product\/uzy-triple-60000-puffs-smart-vape-wholesale-3-in-1-flavor\/\"><span style=\"vertical-align: inherit\">UZY Vape 60000 Vpihov<\/span><\/a><span style=\"vertical-align: inherit\">\u3001<\/span><a href=\"https:\/\/vapebulkp.com\/sl\/product\/vozol-rave-40000-puffs-hot-sale-nicotine-salt-disposable-vaporizer\/\"><span style=\"vertical-align: inherit\">Vozol Rave 40000 vdihov<\/span><\/a><span style=\"vertical-align: inherit\">\/ <\/span><a href=\"https:\/\/vapebulkp.com\/sl\/product\/bang-box-80000-puffs-3-in-1-wholesale-vape-supply\/\"><span style=\"vertical-align: inherit\">Bang Box 80000 Pih<\/span><\/a><span style=\"vertical-align: inherit\">\/ <\/span><a href=\"https:\/\/vapebulkp.com\/sl\/product\/bang-leader-85000-puffs-electronic-cigarette-wholesale-price-15-flavors\/\"><span style=\"vertical-align: inherit\">Bang Leader 85000 Vdihov<\/span><\/a><\/p>\n<h2 data-start=\"55\" data-end=\"75\">Na\u010dini po\u0161iljanja<\/h2>\n<p data-start=\"77\" data-end=\"345\">Pri Vapebulkp.com sodelujemo z vodilnimi kurirji, kot so UPS, DHL, FedEx in DPD, da zagotovimo hitro in zanesljivo po\u0161iljanje. Odvisno od ciljne dr\u017eave izberemo najprimernej\u0161i na\u010din po\u0161iljanja, da zagotovimo, da va\u0161e naro\u010dilo prispe \u010dim hitreje in varneje.<\/p>\n<ul data-start=\"347\" data-end=\"509\">\n<li data-start=\"347\" data-end=\"429\">\n<p data-start=\"349\" data-end=\"429\"><strong data-start=\"349\" data-end=\"383\">Po\u0161iljanje v Slovenijo:<\/strong> Obi\u010dajno traja pribli\u017eno 10 dni za dostavo.<\/p>\n<\/li>\n<li data-start=\"430\" data-end=\"506\">\n<p data-start=\"432\" data-end=\"506\"><strong data-start=\"432\" data-end=\"467\">Po\u0161iljanje v evropske dr\u017eave:<\/strong> Obi\u010dajno traja od 12 do 15 dni.<\/p>\n<\/li>\n<\/ul>\n<p data-start=\"510\" data-end=\"603\">Zagotavljamo posodobitve sledenja v realnem \u010dasu, tako da lahko spremljate svojo po\u0161iljko na vsakem koraku.<\/p>\n<p data-start=\"605\" data-end=\"856\">Da bi vam ponudili nakupovalno izku\u0161njo brez te\u017eav, v va\u0161em imenu urejamo vse carinske postopke. Ni vam treba skrbeti zaradi dodatnih davkov ali pristojbin, in zagotavljamo, da 100% na\u0161ih po\u0161iljk brez te\u017eav uspe\u0161no prestane carinski pregled.<\/p>\n<p data-start=\"858\" data-end=\"956\">Nakupujte z zaupanjem na Vapebulkp.com, saj veste, da je va\u0161e naro\u010dilo v strokovnih rokah, od nakupa do dostave.<\/p>","protected":false},"excerpt":{"rendered":"<article class=\"text-token-text-primary w-full\" dir=\"auto\" data-testid=\"conversation-turn-10\" data-scroll-anchor=\"true\">\n<div class=\"text-base my-auto mx-auto pb-10 [--thread-content-margin:--spacing(4)] @[37rem]:[--thread-content-margin:--spacing(6)] @[72rem]:[--thread-content-margin:--spacing(16)] px-(--thread-content-margin)\">\n<div class=\"[--thread-content-max-width:32rem] @[34rem]:[--thread-content-max-width:40rem] @[64rem]:[--thread-content-max-width:48rem] mx-auto flex max-w-(--thread-content-max-width) flex-1 text-base gap-4 md:gap-5 lg:gap-6 group\/turn-messages focus-visible:outline-hidden\">\n<div class=\"group\/conversation-turn relative flex w-full min-w-0 flex-col agent-turn\">\n<div class=\"relative flex-col gap-1 md:gap-3\">\n<div class=\"flex max-w-full flex-col grow\">\n<div class=\"min-h-8 text-message relative flex w-full flex-col items-end gap-2 text-start break-words whitespace-normal [.text-message+&amp;]:mt-5\" dir=\"auto\" data-message-author-role=\"assistant\" data-message-id=\"9612def3-530c-4871-9e19-e5f6b9349475\" data-message-model-slug=\"gpt-4o\">\n<div class=\"flex w-full flex-col gap-1 empty:hidden first:pt-[3px]\">\n<div class=\"markdown prose dark:prose-invert w-full break-words light\">\n<p data-start=\"64\" data-end=\"217\">U\u017eivajte v do 50.000 gladkih vpihih z e-cigareto za enkratno uporabo G19 RAHDM, ki vsebuje 2 % nikotinske soli, 50 ml e-teko\u010dine, pametni zaslon in hitro polnjenje prek vhoda Type-C.<\/p>\n<\/div>\n<\/div>\n<\/div>\n<\/div>\n<\/div>\n<\/div>\n<\/div>\n<\/div>\n<\/article>\n<p>Za popust se obrnite na Mandyin WhatsApp<a href=\"https:\/\/wa.me\/8618077105796\">+8618077105796<\/a><\/p>\n<p><img decoding=\"async\" class=\"alignnone wp-image-2151\" src=\"http:\/\/vapebulkp.com\/wp-content\/uploads\/2024\/04\/Mandy-WhatsApp-Randm.jpg\" alt=\"Mandy WhatsApp Randm\" width=\"297\" height=\"316\" srcset=\"https:\/\/vapebulkp.com\/wp-content\/uploads\/2024\/04\/Mandy-WhatsApp-Randm.jpg 916w, https:\/\/vapebulkp.com\/wp-content\/uploads\/2024\/04\/Mandy-WhatsApp-Randm-282x300.jpg 282w, https:\/\/vapebulkp.com\/wp-content\/uploads\/2024\/04\/Mandy-WhatsApp-Randm-768x817.jpg 768w, https:\/\/vapebulkp.com\/wp-content\/uploads\/2024\/04\/Mandy-WhatsApp-Randm-600x638.jpg 600w\" sizes=\"(max-width: 297px) 100vw, 297px\" \/><\/p>\n<p><span style=\"color: #ff0000\">OPOMBA: Cene na na\u0161i spletni strani ne vklju\u010dujejo stro\u0161kov po\u0161iljanja.<\/span><\/p>\n<p>Glavni razlog za nakup<br \/>\n1. Odli\u010dna kakovost in neprimerljiva zmogljivost.<\/p>\n<p>2. Konkuren\u010dna cena in hitra vrednost.<\/p>\n<p>3. Ve\u010d mo\u017enosti in pravo\u010dasna dostava.<\/p>\n<p>4. Zadovoljujo\u010da nakupovalna izku\u0161nja.<\/p>","protected":false},"featured_media":4017,"comment_status":"open","ping_status":"closed","template":"","meta":{"_uag_custom_page_level_css":"","_lmt_disableupdate":"no","_lmt_disable":"","site-sidebar-layout":"default","site-content-layout":"content-boxed-container","ast-site-content-layout":"normal-width-container","site-content-style":"boxed","site-sidebar-style":"unboxed","ast-global-header-display":"","ast-banner-title-visibility":"","ast-main-header-display":"","ast-hfb-above-header-display":"","ast-hfb-below-header-display":"","ast-hfb-mobile-header-display":"","site-post-title":"","ast-breadcrumbs-content":"","ast-featured-img":"","footer-sml-layout":"","theme-transparent-header-meta":"default","adv-header-id-meta":"","stick-header-meta":"","header-above-stick-meta":"","header-main-stick-meta":"","header-below-stick-meta":"","astra-migrate-meta-layouts":"set","_joinchat":[]},"product_cat":[194,153,155,33,59,100,87,34,158,157,154,152,58,84,156,63,32],"product_tag":[36,37,41,286,278,40],"class_list":["post-4020","product","type-product","status-publish","has-post-thumbnail","hentry","product_cat-50000-puffs-disposable-vape","product_cat-hot-disposable-vapes","product_cat-belgium-hot-disposable-vapes","product_cat-france-vape-hot-sale","product_cat-germany-hot-disposable-vape","product_cat-germany-wholesale-vape-shop","product_cat-minimum-order-quantity-50pcs","product_cat-netherlands-vape-good-sale","product_cat-norway-hot-disposable-vapes","product_cat-poland-hot-disposable-vapes","product_cat-portugal-hot-disposable-vapes","product_cat-spain-hot-disposable-vapes","product_cat-sweden-hot-disposable-vape","product_cat-sweden-wholesale-vape","product_cat-switzerland-hot-disposable-vapes","product_cat-top-sale-disposable-vape","product_cat-vape-hot-sale-this-week","product_tag-good-vape","product_tag-hot-sale-disposable-vape","product_tag-poland-hot-vape","product_tag-puffs-stock-in-europe","product_tag-rahdm-tornado-50000-puffs","product_tag-sweden-hot-vape","desktop-align-left","tablet-align-left","mobile-align-left"],"yoast_head":"<!-- This site is optimized with the Yoast SEO plugin v21.1 - https:\/\/yoast.com\/wordpress\/plugins\/seo\/ -->\n<title>RAHDM Tornado 50000 Puffs Disposable Vape Bulk Supplier - vapebulkp.com<\/title>\n<meta name=\"description\" content=\"Enjoy 50000 puffs of smooth flavor with the G19 RAHDM disposable vape featuring 2% nicotine salt, 50ml juice, smart display, and Type-C fast charging.\" \/>\n<meta name=\"robots\" content=\"index, follow, max-snippet:-1, max-image-preview:large, max-video-preview:-1\" \/>\n<link rel=\"canonical\" href=\"https:\/\/vapebulkp.com\/sl\/product\/rahdm-tornado-50000-puffs-disposable-vape-bulk-supplier\/\" \/>\n<meta property=\"og:locale\" content=\"sl_SI\" \/>\n<meta property=\"og:type\" content=\"article\" \/>\n<meta property=\"og:title\" content=\"RAHDM Tornado 50000 Puffs Disposable Vape Bulk Supplier - vapebulkp.com\" \/>\n<meta property=\"og:description\" content=\"Enjoy 50000 puffs of smooth flavor with the G19 RAHDM disposable vape featuring 2% nicotine salt, 50ml juice, smart display, and Type-C fast charging.\" \/>\n<meta property=\"og:url\" content=\"https:\/\/vapebulkp.com\/sl\/product\/rahdm-tornado-50000-puffs-disposable-vape-bulk-supplier\/\" \/>\n<meta property=\"og:site_name\" content=\"vapebulkp.com\" \/>\n<meta property=\"article:modified_time\" content=\"2025-09-04T08:52:40+00:00\" \/>\n<meta property=\"og:image\" content=\"http:\/\/vapebulkp.com\/wp-content\/uploads\/2025\/07\/RAHDM-Tornado-50000-Best-Long-Lasting-Disposable-Vape.webp\" \/>\n\t<meta property=\"og:image:width\" content=\"800\" \/>\n\t<meta property=\"og:image:height\" content=\"800\" \/>\n\t<meta property=\"og:image:type\" content=\"image\/webp\" \/>\n<meta name=\"twitter:card\" content=\"summary_large_image\" \/>\n<meta name=\"twitter:label1\" content=\"Est. reading time\" \/>\n\t<meta name=\"twitter:data1\" content=\"4 minute\" \/>\n<script type=\"application\/ld+json\" class=\"yoast-schema-graph\">{\"@context\":\"https:\/\/schema.org\",\"@graph\":[{\"@type\":\"WebPage\",\"@id\":\"https:\/\/vapebulkp.com\/product\/rahdm-tornado-50000-puffs-disposable-vape-bulk-supplier\/\",\"url\":\"https:\/\/vapebulkp.com\/product\/rahdm-tornado-50000-puffs-disposable-vape-bulk-supplier\/\",\"name\":\"RAHDM Tornado 50000 Puffs Disposable Vape Bulk Supplier - vapebulkp.com\",\"isPartOf\":{\"@id\":\"https:\/\/vapebulkp.com\/#website\"},\"datePublished\":\"2025-07-30T08:04:55+00:00\",\"dateModified\":\"2025-09-04T08:52:40+00:00\",\"description\":\"Enjoy 50000 puffs of smooth flavor with the G19 RAHDM disposable vape featuring 2% nicotine salt, 50ml juice, smart display, and Type-C fast charging.\",\"breadcrumb\":{\"@id\":\"https:\/\/vapebulkp.com\/product\/rahdm-tornado-50000-puffs-disposable-vape-bulk-supplier\/#breadcrumb\"},\"inLanguage\":\"sl-SI\",\"potentialAction\":[{\"@type\":\"ReadAction\",\"target\":[\"https:\/\/vapebulkp.com\/product\/rahdm-tornado-50000-puffs-disposable-vape-bulk-supplier\/\"]}]},{\"@type\":\"BreadcrumbList\",\"@id\":\"https:\/\/vapebulkp.com\/product\/rahdm-tornado-50000-puffs-disposable-vape-bulk-supplier\/#breadcrumb\",\"itemListElement\":[{\"@type\":\"ListItem\",\"position\":1,\"name\":\"Home\",\"item\":\"https:\/\/vapebulkp.com\/\"},{\"@type\":\"ListItem\",\"position\":2,\"name\":\"Hot Trend Vapes\",\"item\":\"https:\/\/vapebulkp.com\/vape-shop\/\"},{\"@type\":\"ListItem\",\"position\":3,\"name\":\"RAHDM Tornado 50000 Puffs Disposable Vape Bulk Supplier\"}]},{\"@type\":\"WebSite\",\"@id\":\"https:\/\/vapebulkp.com\/#website\",\"url\":\"https:\/\/vapebulkp.com\/\",\"name\":\"vapebulkp.com\",\"description\":\"Buy Vape In Cheap Bulk Price Near you\",\"publisher\":{\"@id\":\"https:\/\/vapebulkp.com\/#organization\"},\"potentialAction\":[{\"@type\":\"SearchAction\",\"target\":{\"@type\":\"EntryPoint\",\"urlTemplate\":\"https:\/\/vapebulkp.com\/?s={search_term_string}\"},\"query-input\":\"required name=search_term_string\"}],\"inLanguage\":\"sl-SI\"},{\"@type\":\"Organization\",\"@id\":\"https:\/\/vapebulkp.com\/#organization\",\"name\":\"vapebulkp.com\",\"url\":\"https:\/\/vapebulkp.com\/\",\"logo\":{\"@type\":\"ImageObject\",\"inLanguage\":\"sl-SI\",\"@id\":\"https:\/\/vapebulkp.com\/#\/schema\/logo\/image\/\",\"url\":\"https:\/\/vapebulkp.com\/wp-content\/uploads\/2023\/09\/cropped-vapebulkp.png\",\"contentUrl\":\"https:\/\/vapebulkp.com\/wp-content\/uploads\/2023\/09\/cropped-vapebulkp.png\",\"width\":516,\"height\":163,\"caption\":\"vapebulkp.com\"},\"image\":{\"@id\":\"https:\/\/vapebulkp.com\/#\/schema\/logo\/image\/\"}}]}<\/script>\n<!-- \/ Yoast SEO plugin. -->","yoast_head_json":{"title":"RAHDM Tornado 50000 Puffs Disposable Vape Bulk Supplier - vapebulkp.com","description":"Enjoy 50000 puffs of smooth flavor with the G19 RAHDM disposable vape featuring 2% nicotine salt, 50ml juice, smart display, and Type-C fast charging.","robots":{"index":"index","follow":"follow","max-snippet":"max-snippet:-1","max-image-preview":"max-image-preview:large","max-video-preview":"max-video-preview:-1"},"canonical":"https:\/\/vapebulkp.com\/sl\/product\/rahdm-tornado-50000-puffs-disposable-vape-bulk-supplier\/","og_locale":"sl_SI","og_type":"article","og_title":"RAHDM Tornado 50000 Puffs Disposable Vape Bulk Supplier - vapebulkp.com","og_description":"Enjoy 50000 puffs of smooth flavor with the G19 RAHDM disposable vape featuring 2% nicotine salt, 50ml juice, smart display, and Type-C fast charging.","og_url":"https:\/\/vapebulkp.com\/sl\/product\/rahdm-tornado-50000-puffs-disposable-vape-bulk-supplier\/","og_site_name":"vapebulkp.com","article_modified_time":"2025-09-04T08:52:40+00:00","og_image":[{"width":800,"height":800,"url":"http:\/\/vapebulkp.com\/wp-content\/uploads\/2025\/07\/RAHDM-Tornado-50000-Best-Long-Lasting-Disposable-Vape.webp","type":"image\/webp"}],"twitter_card":"summary_large_image","twitter_misc":{"Est. reading time":"4 minute"},"schema":{"@context":"https:\/\/schema.org","@graph":[{"@type":"WebPage","@id":"https:\/\/vapebulkp.com\/product\/rahdm-tornado-50000-puffs-disposable-vape-bulk-supplier\/","url":"https:\/\/vapebulkp.com\/product\/rahdm-tornado-50000-puffs-disposable-vape-bulk-supplier\/","name":"RAHDM Tornado 50000 Puffs Disposable Vape Bulk Supplier - vapebulkp.com","isPartOf":{"@id":"https:\/\/vapebulkp.com\/#website"},"datePublished":"2025-07-30T08:04:55+00:00","dateModified":"2025-09-04T08:52:40+00:00","description":"Enjoy 50000 puffs of smooth flavor with the G19 RAHDM disposable vape featuring 2% nicotine salt, 50ml juice, smart display, and Type-C fast charging.","breadcrumb":{"@id":"https:\/\/vapebulkp.com\/product\/rahdm-tornado-50000-puffs-disposable-vape-bulk-supplier\/#breadcrumb"},"inLanguage":"sl-SI","potentialAction":[{"@type":"ReadAction","target":["https:\/\/vapebulkp.com\/product\/rahdm-tornado-50000-puffs-disposable-vape-bulk-supplier\/"]}]},{"@type":"BreadcrumbList","@id":"https:\/\/vapebulkp.com\/product\/rahdm-tornado-50000-puffs-disposable-vape-bulk-supplier\/#breadcrumb","itemListElement":[{"@type":"ListItem","position":1,"name":"Home","item":"https:\/\/vapebulkp.com\/"},{"@type":"ListItem","position":2,"name":"Hot Trend Vapes","item":"https:\/\/vapebulkp.com\/vape-shop\/"},{"@type":"ListItem","position":3,"name":"RAHDM Tornado 50000 Puffs Disposable Vape Bulk Supplier"}]},{"@type":"WebSite","@id":"https:\/\/vapebulkp.com\/#website","url":"https:\/\/vapebulkp.com\/","name":"vapebulkp.com","description":"Buy Vape In Cheap Bulk Price Near you","publisher":{"@id":"https:\/\/vapebulkp.com\/#organization"},"potentialAction":[{"@type":"SearchAction","target":{"@type":"EntryPoint","urlTemplate":"https:\/\/vapebulkp.com\/?s={search_term_string}"},"query-input":"required name=search_term_string"}],"inLanguage":"sl-SI"},{"@type":"Organization","@id":"https:\/\/vapebulkp.com\/#organization","name":"vapebulkp.com","url":"https:\/\/vapebulkp.com\/","logo":{"@type":"ImageObject","inLanguage":"sl-SI","@id":"https:\/\/vapebulkp.com\/#\/schema\/logo\/image\/","url":"https:\/\/vapebulkp.com\/wp-content\/uploads\/2023\/09\/cropped-vapebulkp.png","contentUrl":"https:\/\/vapebulkp.com\/wp-content\/uploads\/2023\/09\/cropped-vapebulkp.png","width":516,"height":163,"caption":"vapebulkp.com"},"image":{"@id":"https:\/\/vapebulkp.com\/#\/schema\/logo\/image\/"}}]}},"uagb_featured_image_src":{"full":["https:\/\/vapebulkp.com\/wp-content\/uploads\/2025\/07\/RAHDM-Tornado-50000-Best-Long-Lasting-Disposable-Vape.webp",800,800,false],"thumbnail":["https:\/\/vapebulkp.com\/wp-content\/uploads\/2025\/07\/RAHDM-Tornado-50000-Best-Long-Lasting-Disposable-Vape-150x150.webp",150,150,true],"medium":["https:\/\/vapebulkp.com\/wp-content\/uploads\/2025\/07\/RAHDM-Tornado-50000-Best-Long-Lasting-Disposable-Vape-300x300.webp",300,300,true],"medium_large":["https:\/\/vapebulkp.com\/wp-content\/uploads\/2025\/07\/RAHDM-Tornado-50000-Best-Long-Lasting-Disposable-Vape-768x768.webp",768,768,true],"large":["https:\/\/vapebulkp.com\/wp-content\/uploads\/2025\/07\/RAHDM-Tornado-50000-Best-Long-Lasting-Disposable-Vape.webp",800,800,false],"1536x1536":["https:\/\/vapebulkp.com\/wp-content\/uploads\/2025\/07\/RAHDM-Tornado-50000-Best-Long-Lasting-Disposable-Vape.webp",800,800,false],"2048x2048":["https:\/\/vapebulkp.com\/wp-content\/uploads\/2025\/07\/RAHDM-Tornado-50000-Best-Long-Lasting-Disposable-Vape.webp",800,800,false],"trp-custom-language-flag":["https:\/\/vapebulkp.com\/wp-content\/uploads\/2025\/07\/RAHDM-Tornado-50000-Best-Long-Lasting-Disposable-Vape.webp",12,12,false],"woocommerce_thumbnail":["https:\/\/vapebulkp.com\/wp-content\/uploads\/2025\/07\/RAHDM-Tornado-50000-Best-Long-Lasting-Disposable-Vape-300x300.webp",300,300,true],"woocommerce_single":["https:\/\/vapebulkp.com\/wp-content\/uploads\/2025\/07\/RAHDM-Tornado-50000-Best-Long-Lasting-Disposable-Vape-600x600.webp",600,600,true],"woocommerce_gallery_thumbnail":["https:\/\/vapebulkp.com\/wp-content\/uploads\/2025\/07\/RAHDM-Tornado-50000-Best-Long-Lasting-Disposable-Vape-100x100.webp",100,100,true],"wcpr-photo-reviews":["https:\/\/vapebulkp.com\/wp-content\/uploads\/2025\/07\/RAHDM-Tornado-50000-Best-Long-Lasting-Disposable-Vape.webp",500,500,false]},"uagb_author_info":{"display_name":"Mandy vape bulk price","author_link":"https:\/\/vapebulkp.com\/sl\/author\/"},"uagb_comment_info":0,"uagb_excerpt":"Enjoy up to 50,000 smooth puffs with the G19 RAHDM disposable vape, featuring 2% nicotine salt, 50ml e-liquid, a smart display, and fast Type-C charging. Pls Contact Mandy's WhatsApp For Discount Price+8618077105796 NOTE: Prices on our website does not include shipping costs Main reason for purchase 1. Excellent quality and unparalleled performance. 2. Competitive price&hellip;","_links":{"self":[{"href":"https:\/\/vapebulkp.com\/sl\/wp-json\/wp\/v2\/product\/4020","targetHints":{"allow":["GET"]}}],"collection":[{"href":"https:\/\/vapebulkp.com\/sl\/wp-json\/wp\/v2\/product"}],"about":[{"href":"https:\/\/vapebulkp.com\/sl\/wp-json\/wp\/v2\/types\/product"}],"replies":[{"embeddable":true,"href":"https:\/\/vapebulkp.com\/sl\/wp-json\/wp\/v2\/comments?post=4020"}],"wp:featuredmedia":[{"embeddable":true,"href":"https:\/\/vapebulkp.com\/sl\/wp-json\/wp\/v2\/media\/4017"}],"wp:attachment":[{"href":"https:\/\/vapebulkp.com\/sl\/wp-json\/wp\/v2\/media?parent=4020"}],"wp:term":[{"taxonomy":"product_cat","embeddable":true,"href":"https:\/\/vapebulkp.com\/sl\/wp-json\/wp\/v2\/product_cat?post=4020"},{"taxonomy":"product_tag","embeddable":true,"href":"https:\/\/vapebulkp.com\/sl\/wp-json\/wp\/v2\/product_tag?post=4020"}],"curies":[{"name":"wp","href":"https:\/\/api.w.org\/{rel}","templated":true}]}}