{"id":2766,"date":"2024-08-26T12:09:38","date_gmt":"2024-08-26T10:09:38","guid":{"rendered":"https:\/\/vapebulkp.com\/?page_id=2766"},"modified":"2024-08-26T13:06:23","modified_gmt":"2024-08-26T11:06:23","slug":"ot-disposable-vapes-europe","status":"publish","type":"page","link":"https:\/\/vapebulkp.com\/sv\/ot-disposable-vapes-europe\/","title":{"rendered":"Heta eng\u00e5ngsvapes i Sverige"},"content":{"rendered":"<p>V\u00e4lkommen till v\u00e5r omfattande samling av Hot Disposable Vapes i Europa, d\u00e4r vi erbjuder ett urval av h\u00f6gkvalitativa vaping-enheter som \u00e4r stors\u00e4ljare i europeiska l\u00e4nder. V\u00e5rt sortiment inkluderar v\u00e4lk\u00e4nda varum\u00e4rken som <strong>AIVONO, Al Fakher, Bang Vape, Bang Box, Elf Box, FluuM, RockMe Vape, RandM Tornado, FIHP, Vapme, Vozol, VOPK, Waspe, Utco, WGA, Uzy, Evape, Grativape, Vbon Vape, <\/strong>och<strong> Rum Bar.<\/strong><\/p>\n\n\n\n<p><strong>Heta eng\u00e5ngs-vapes<\/strong> <strong>i Europa<\/strong> representerar h\u00f6jdpunkten av bekv\u00e4mlighet inom vaping. Dessa enheter \u00e4r kompakta, l\u00e4tta och mycket portabla, vilket g\u00f6r dem idealiska f\u00f6r anv\u00e4ndning p\u00e5 spr\u00e5ng. Utan behov av underh\u00e5ll, laddning eller p\u00e5fyllning \u00e4r de perfekta f\u00f6r b\u00e5de nyb\u00f6rjare och erfarna 'puff' partianv\u00e4ndare.<\/p>\n\n\n\n<p>V\u00e5rt urval inkluderar en m\u00e4ngd olika smaker, nikotinstyrkor och 'puff' antal f\u00f6r att m\u00f6ta de olika behoven hos vape-grossister. Oavsett om du f\u00f6redrar dj\u00e4rva, robusta smaker eller mjuka, subtila, tillgodoser v\u00e5rt sortiment alla smaker och preferenser, och m\u00f6ter kraven fr\u00e5n distribut\u00f6rer i Sverige och bortom.<\/p>\n\n\n\n<p>Fr\u00e5n den kraftfulla <strong>RandM Tornado<\/strong>, som erbjuder upp till 20 000 'puffar', till den eleganta och stilrena<strong> VOZOL<\/strong>, \u00e4r v\u00e5r serie av heta eng\u00e5ngs-vapes i Europa utformad f\u00f6r att leverera enast\u00e5ende prestanda och tillfredsst\u00e4llelse. Utforska v\u00e5r samling idag och hitta den perfekta eng\u00e5ngs-vape som passar din vaping-stil och dina behov.<\/p>\n\n\n\n<p>Njut av bekv\u00e4mligheten och den exceptionella vapingupplevelsen med v\u00e5r <strong>Heta eng\u00e5ngsvapes i Sverige<\/strong>. Med snabb leverans och ett brett urval av popul\u00e4ra produkter s\u00e4kerst\u00e4ller Vapebulkp.com att du f\u00e5r det b\u00e4sta inom vaping-teknologi.<\/p>\n\n\n<div data-block-name=\"woocommerce\/all-products\" data-columns=\"3\" data-rows=\"3\" data-align-buttons=\"false\" data-content-visibility=\"{&quot;orderBy&quot;:true}\" data-orderby=\"date\" data-layout-config=\"[[&quot;woocommerce\\\/product-image&quot;,{&quot;imageSizing&quot;:&quot;thumbnail&quot;}],[&quot;woocommerce\\\/product-title&quot;],[&quot;woocommerce\\\/product-price&quot;],[&quot;woocommerce\\\/product-rating&quot;],[&quot;woocommerce\\\/product-button&quot;]]\" class=\"wp-block-woocommerce-all-products wc-block-all-products\" data-attributes=\"{&quot;UAGAnimationDelay&quot;:0,&quot;UAGAnimationEasing&quot;:&quot;ease&quot;,&quot;UAGAnimationRepeat&quot;:false,&quot;UAGAnimationTime&quot;:400,&quot;UAGAnimationType&quot;:&quot;&quot;,&quot;UAGDay&quot;:[],&quot;UAGHideDesktop&quot;:false,&quot;UAGHideMob&quot;:false,&quot;UAGHideTab&quot;:false,&quot;UAGLoggedIn&quot;:false,&quot;UAGLoggedOut&quot;:false,&quot;UAGPosition&quot;:&quot;&quot;,&quot;UAGResponsiveConditions&quot;:false,&quot;UAGStickyLocation&quot;:&quot;top&quot;,&quot;UAGStickyOffset&quot;:0,&quot;UAGStickyRestricted&quot;:false,&quot;alignButtons&quot;:false,&quot;columns&quot;:3,&quot;contentVisibility&quot;:{&quot;orderBy&quot;:true},&quot;isPreview&quot;:false,&quot;layoutConfig&quot;:[[&quot;woocommerce\/product-image&quot;,{&quot;imageSizing&quot;:&quot;thumbnail&quot;}],[&quot;woocommerce\/product-title&quot;],[&quot;woocommerce\/product-price&quot;],[&quot;woocommerce\/product-rating&quot;],[&quot;woocommerce\/product-button&quot;]],&quot;orderby&quot;:&quot;date&quot;,&quot;rows&quot;:3}\"><\/div>","protected":false},"excerpt":{"rendered":"<p>Welcome to our extensive collection of Hot Disposable Vapes in Europe, where we offer a selection of high-quality vaping devices that are top sellers across European countries. Our range includes renowned brands such as AIVONO, Al Fakher, Bang Vape, Bang Box, Elf Box, FluuM, RockMe Vape, RandM Tornado, FIHP, Vapme, Vozol, VOPK, Waspe, Utco, WGA, &hellip;<\/p>\n<p class=\"read-more\"> <a class=\"\" href=\"https:\/\/vapebulkp.com\/sv\/ot-disposable-vapes-europe\/\"> <span class=\"screen-reader-text\">Heta eng\u00e5ngsvapes i Sverige<\/span> L\u00e4s mer &raquo;<\/a><\/p>","protected":false},"author":1,"featured_media":0,"parent":0,"menu_order":0,"comment_status":"closed","ping_status":"closed","template":"","meta":{"_uag_custom_page_level_css":"","_lmt_disableupdate":"","_lmt_disable":"","site-sidebar-layout":"default","site-content-layout":"","ast-site-content-layout":"default","site-content-style":"default","site-sidebar-style":"default","ast-global-header-display":"","ast-banner-title-visibility":"","ast-main-header-display":"","ast-hfb-above-header-display":"","ast-hfb-below-header-display":"","ast-hfb-mobile-header-display":"","site-post-title":"","ast-breadcrumbs-content":"","ast-featured-img":"","footer-sml-layout":"","theme-transparent-header-meta":"","adv-header-id-meta":"","stick-header-meta":"","header-above-stick-meta":"","header-main-stick-meta":"","header-below-stick-meta":"","astra-migrate-meta-layouts":"set","_joinchat":[],"footnotes":""},"class_list":["post-2766","page","type-page","status-publish","hentry"],"yoast_head":"<!-- This site is optimized with the Yoast SEO plugin v21.1 - https:\/\/yoast.com\/wordpress\/plugins\/seo\/ -->\n<title>Hot Disposable Vapes in Europe - vapebulkp.com<\/title>\n<meta name=\"description\" content=\"Shop the hottest disposable vapes in Europe at wholesale prices. Vapebulkp offers top-selling disposable vape options for bulk purchase, ensuring fast shipping and competitive rates across Europe country like Germany vape\" \/>\n<meta name=\"robots\" content=\"index, follow, max-snippet:-1, max-image-preview:large, max-video-preview:-1\" \/>\n<link rel=\"canonical\" href=\"https:\/\/vapebulkp.com\/sv\/ot-disposable-vapes-europe\/\" \/>\n<meta property=\"og:locale\" content=\"sv_SE\" \/>\n<meta property=\"og:type\" content=\"article\" \/>\n<meta property=\"og:title\" content=\"Hot Disposable Vapes in Europe - vapebulkp.com\" \/>\n<meta property=\"og:description\" content=\"Shop the hottest disposable vapes in Europe at wholesale prices. Vapebulkp offers top-selling disposable vape options for bulk purchase, ensuring fast shipping and competitive rates across Europe country like Germany vape\" \/>\n<meta property=\"og:url\" content=\"https:\/\/vapebulkp.com\/sv\/ot-disposable-vapes-europe\/\" \/>\n<meta property=\"og:site_name\" content=\"vapebulkp.com\" \/>\n<meta property=\"article:modified_time\" content=\"2024-08-26T11:06:23+00:00\" \/>\n<meta name=\"twitter:card\" content=\"summary_large_image\" \/>\n<meta name=\"twitter:label1\" content=\"Ber\u00e4knad l\u00e4stid\" \/>\n\t<meta name=\"twitter:data1\" content=\"2 minuter\" \/>\n<script type=\"application\/ld+json\" class=\"yoast-schema-graph\">{\"@context\":\"https:\/\/schema.org\",\"@graph\":[{\"@type\":\"WebPage\",\"@id\":\"https:\/\/vapebulkp.com\/ot-disposable-vapes-europe\/\",\"url\":\"https:\/\/vapebulkp.com\/ot-disposable-vapes-europe\/\",\"name\":\"Hot Disposable Vapes in Europe - vapebulkp.com\",\"isPartOf\":{\"@id\":\"https:\/\/vapebulkp.com\/#website\"},\"datePublished\":\"2024-08-26T10:09:38+00:00\",\"dateModified\":\"2024-08-26T11:06:23+00:00\",\"description\":\"Shop the hottest disposable vapes in Europe at wholesale prices. Vapebulkp offers top-selling disposable vape options for bulk purchase, ensuring fast shipping and competitive rates across Europe country like Germany vape\",\"breadcrumb\":{\"@id\":\"https:\/\/vapebulkp.com\/ot-disposable-vapes-europe\/#breadcrumb\"},\"inLanguage\":\"sv-SE\",\"potentialAction\":[{\"@type\":\"ReadAction\",\"target\":[\"https:\/\/vapebulkp.com\/ot-disposable-vapes-europe\/\"]}]},{\"@type\":\"BreadcrumbList\",\"@id\":\"https:\/\/vapebulkp.com\/ot-disposable-vapes-europe\/#breadcrumb\",\"itemListElement\":[{\"@type\":\"ListItem\",\"position\":1,\"name\":\"Home\",\"item\":\"https:\/\/vapebulkp.com\/\"},{\"@type\":\"ListItem\",\"position\":2,\"name\":\"Hot Disposable Vapes in Europe\"}]},{\"@type\":\"WebSite\",\"@id\":\"https:\/\/vapebulkp.com\/#website\",\"url\":\"https:\/\/vapebulkp.com\/\",\"name\":\"vapebulkp.com\",\"description\":\"Buy Vape In Cheap Bulk Price Near you\",\"publisher\":{\"@id\":\"https:\/\/vapebulkp.com\/#organization\"},\"potentialAction\":[{\"@type\":\"SearchAction\",\"target\":{\"@type\":\"EntryPoint\",\"urlTemplate\":\"https:\/\/vapebulkp.com\/?s={search_term_string}\"},\"query-input\":\"required name=search_term_string\"}],\"inLanguage\":\"sv-SE\"},{\"@type\":\"Organization\",\"@id\":\"https:\/\/vapebulkp.com\/#organization\",\"name\":\"vapebulkp.com\",\"url\":\"https:\/\/vapebulkp.com\/\",\"logo\":{\"@type\":\"ImageObject\",\"inLanguage\":\"sv-SE\",\"@id\":\"https:\/\/vapebulkp.com\/#\/schema\/logo\/image\/\",\"url\":\"https:\/\/vapebulkp.com\/wp-content\/uploads\/2023\/09\/cropped-vapebulkp.png\",\"contentUrl\":\"https:\/\/vapebulkp.com\/wp-content\/uploads\/2023\/09\/cropped-vapebulkp.png\",\"width\":516,\"height\":163,\"caption\":\"vapebulkp.com\"},\"image\":{\"@id\":\"https:\/\/vapebulkp.com\/#\/schema\/logo\/image\/\"}}]}<\/script>\n<!-- \/ Yoast SEO plugin. -->","yoast_head_json":{"title":"Hot Disposable Vapes in Europe - vapebulkp.com","description":"Shop the hottest disposable vapes in Europe at wholesale prices. Vapebulkp offers top-selling disposable vape options for bulk purchase, ensuring fast shipping and competitive rates across Europe country like Germany vape","robots":{"index":"index","follow":"follow","max-snippet":"max-snippet:-1","max-image-preview":"max-image-preview:large","max-video-preview":"max-video-preview:-1"},"canonical":"https:\/\/vapebulkp.com\/sv\/ot-disposable-vapes-europe\/","og_locale":"sv_SE","og_type":"article","og_title":"Hot Disposable Vapes in Europe - vapebulkp.com","og_description":"Shop the hottest disposable vapes in Europe at wholesale prices. Vapebulkp offers top-selling disposable vape options for bulk purchase, ensuring fast shipping and competitive rates across Europe country like Germany vape","og_url":"https:\/\/vapebulkp.com\/sv\/ot-disposable-vapes-europe\/","og_site_name":"vapebulkp.com","article_modified_time":"2024-08-26T11:06:23+00:00","twitter_card":"summary_large_image","twitter_misc":{"Ber\u00e4knad l\u00e4stid":"2 minuter"},"schema":{"@context":"https:\/\/schema.org","@graph":[{"@type":"WebPage","@id":"https:\/\/vapebulkp.com\/ot-disposable-vapes-europe\/","url":"https:\/\/vapebulkp.com\/ot-disposable-vapes-europe\/","name":"Hot Disposable Vapes in Europe - vapebulkp.com","isPartOf":{"@id":"https:\/\/vapebulkp.com\/#website"},"datePublished":"2024-08-26T10:09:38+00:00","dateModified":"2024-08-26T11:06:23+00:00","description":"Shop the hottest disposable vapes in Europe at wholesale prices. Vapebulkp offers top-selling disposable vape options for bulk purchase, ensuring fast shipping and competitive rates across Europe country like Germany vape","breadcrumb":{"@id":"https:\/\/vapebulkp.com\/ot-disposable-vapes-europe\/#breadcrumb"},"inLanguage":"sv-SE","potentialAction":[{"@type":"ReadAction","target":["https:\/\/vapebulkp.com\/ot-disposable-vapes-europe\/"]}]},{"@type":"BreadcrumbList","@id":"https:\/\/vapebulkp.com\/ot-disposable-vapes-europe\/#breadcrumb","itemListElement":[{"@type":"ListItem","position":1,"name":"Home","item":"https:\/\/vapebulkp.com\/"},{"@type":"ListItem","position":2,"name":"Hot Disposable Vapes in Europe"}]},{"@type":"WebSite","@id":"https:\/\/vapebulkp.com\/#website","url":"https:\/\/vapebulkp.com\/","name":"vapebulkp.com","description":"Buy Vape In Cheap Bulk Price Near you","publisher":{"@id":"https:\/\/vapebulkp.com\/#organization"},"potentialAction":[{"@type":"SearchAction","target":{"@type":"EntryPoint","urlTemplate":"https:\/\/vapebulkp.com\/?s={search_term_string}"},"query-input":"required name=search_term_string"}],"inLanguage":"sv-SE"},{"@type":"Organization","@id":"https:\/\/vapebulkp.com\/#organization","name":"vapebulkp.com","url":"https:\/\/vapebulkp.com\/","logo":{"@type":"ImageObject","inLanguage":"sv-SE","@id":"https:\/\/vapebulkp.com\/#\/schema\/logo\/image\/","url":"https:\/\/vapebulkp.com\/wp-content\/uploads\/2023\/09\/cropped-vapebulkp.png","contentUrl":"https:\/\/vapebulkp.com\/wp-content\/uploads\/2023\/09\/cropped-vapebulkp.png","width":516,"height":163,"caption":"vapebulkp.com"},"image":{"@id":"https:\/\/vapebulkp.com\/#\/schema\/logo\/image\/"}}]}},"uagb_featured_image_src":{"full":false,"thumbnail":false,"medium":false,"medium_large":false,"large":false,"1536x1536":false,"2048x2048":false,"trp-custom-language-flag":false,"woocommerce_thumbnail":false,"woocommerce_single":false,"woocommerce_gallery_thumbnail":false,"wcpr-photo-reviews":false},"uagb_author_info":{"display_name":"vapebulkp.com","author_link":"https:\/\/vapebulkp.com\/sv\/author\/vapebulkp-com\/"},"uagb_comment_info":0,"uagb_excerpt":"Welcome to our extensive collection of Hot Disposable Vapes in Europe, where we offer a selection of high-quality vaping devices that are top sellers across European countries. Our range includes renowned brands such as AIVONO, Al Fakher, Bang Vape, Bang Box, Elf Box, FluuM, RockMe Vape, RandM Tornado, FIHP, Vapme, Vozol, VOPK, Waspe, Utco, WGA,&hellip;","_links":{"self":[{"href":"https:\/\/vapebulkp.com\/sv\/wp-json\/wp\/v2\/pages\/2766","targetHints":{"allow":["GET"]}}],"collection":[{"href":"https:\/\/vapebulkp.com\/sv\/wp-json\/wp\/v2\/pages"}],"about":[{"href":"https:\/\/vapebulkp.com\/sv\/wp-json\/wp\/v2\/types\/page"}],"author":[{"embeddable":true,"href":"https:\/\/vapebulkp.com\/sv\/wp-json\/wp\/v2\/users\/1"}],"replies":[{"embeddable":true,"href":"https:\/\/vapebulkp.com\/sv\/wp-json\/wp\/v2\/comments?post=2766"}],"version-history":[{"count":4,"href":"https:\/\/vapebulkp.com\/sv\/wp-json\/wp\/v2\/pages\/2766\/revisions"}],"predecessor-version":[{"id":2793,"href":"https:\/\/vapebulkp.com\/sv\/wp-json\/wp\/v2\/pages\/2766\/revisions\/2793"}],"wp:attachment":[{"href":"https:\/\/vapebulkp.com\/sv\/wp-json\/wp\/v2\/media?parent=2766"}],"curies":[{"name":"wp","href":"https:\/\/api.w.org\/{rel}","templated":true}]}}