{"id":1512,"date":"2023-09-20T04:47:12","date_gmt":"2023-09-20T02:47:12","guid":{"rendered":"https:\/\/vapebulkp.com\/?post_type=product&#038;p=1512"},"modified":"2025-09-16T11:25:51","modified_gmt":"2025-09-16T09:25:51","slug":"good-sale-bang-king-12000-puffs-disposable-vape-wholesale-2","status":"publish","type":"product","link":"https:\/\/vapebulkp.com\/sv\/product\/good-sale-bang-king-12000-puffs-disposable-vape-wholesale-2\/","title":{"rendered":"Bra F\u00f6rs\u00e4ljning Bang King 12000 Puffs Eng\u00e5ngs-Vape Grossist 2%"},"content":{"rendered":"<h2>Bang King 12000 Puffs Eng\u00e5ngs Vape Partihandelspris<\/h2>\n<p data-start=\"158\" data-end=\"488\">Den <strong data-start=\"162\" data-end=\"203\">Bang King 12000 Puffs Eng\u00e5ngs Vape<\/strong> kombinerar h\u00f6gkapacitets prestanda med b\u00e4rbarhet f\u00f6r europeiska vape-entusiaster som s\u00f6ker bekv\u00e4mlighet och rik smak. Med ett 650mAh uppladdningsbart batteri med Type-C snabbladdning, s\u00e4kerst\u00e4ller denna <strong data-start=\"397\" data-end=\"429\">uppladdningsbara <a href=\"https:\/\/vapebulkp.com\/sv\/product-category\/12000-puffs-disposable-vape\/\">12000 Puffs eng\u00e5ngs vape<\/a><\/strong> j\u00e4mna, konsekventa drag i upp till 12 000 bloss.<\/p>\n<p data-start=\"490\" data-end=\"781\">Utrustad med en 0.8\u03a9 <strong data-start=\"511\" data-end=\"529\">mesh coil vape<\/strong> och 23ml av <strong data-start=\"542\" data-end=\"578\">premium e-v\u00e4tska eng\u00e5ngs vape<\/strong>, levererar den t\u00e4t \u00e5nga och fyllig smak fr\u00e5n f\u00f6rsta bloss till sista. Finns i 2% och 5% nikotin, den <strong data-start=\"696\" data-end=\"729\">eng\u00e5ngsvape med h\u00f6g kapacitet<\/strong> tillgodoser b\u00e5de m\u00e5ttliga och starkare preferenser.<\/p>\n<p data-start=\"783\" data-end=\"1045\">Kompakt, snygg och redo att anv\u00e4ndas, \u00e4r <strong data-start=\"823\" data-end=\"864\">Bang King 12k Puffs Partihandels Vape<\/strong> perfekt f\u00f6r resor, daglig anv\u00e4ndning eller sociala tillf\u00e4llen. Partihandels best\u00e4llningar \u00e4r tillg\u00e4ngliga med en minsta kvantitet p\u00e5 100 enheter, vilket g\u00f6r det till ett idealiskt val f\u00f6r \u00e5terf\u00f6rs\u00e4ljare \u00f6ver hela Sverige.<\/p>\n<h6 style=\"text-align: left\"><img decoding=\"async\" class=\"alignnone wp-image-1640\" src=\"http:\/\/vapebulkp.com\/wp-content\/uploads\/2023\/09\/bang-king-12000-puffs-Hot-Sale-1024x1024.jpg\" alt=\"bang king 12000 puffs Het F\u00f6rs\u00e4ljning\" width=\"408\" height=\"408\" srcset=\"https:\/\/vapebulkp.com\/wp-content\/uploads\/2023\/09\/bang-king-12000-puffs-Hot-Sale-1024x1024.jpg 1024w, https:\/\/vapebulkp.com\/wp-content\/uploads\/2023\/09\/bang-king-12000-puffs-Hot-Sale-300x300.jpg 300w, https:\/\/vapebulkp.com\/wp-content\/uploads\/2023\/09\/bang-king-12000-puffs-Hot-Sale-150x150.jpg 150w, https:\/\/vapebulkp.com\/wp-content\/uploads\/2023\/09\/bang-king-12000-puffs-Hot-Sale-768x768.jpg 768w, https:\/\/vapebulkp.com\/wp-content\/uploads\/2023\/09\/bang-king-12000-puffs-Hot-Sale-600x600.jpg 600w, https:\/\/vapebulkp.com\/wp-content\/uploads\/2023\/09\/bang-king-12000-puffs-Hot-Sale-100x100.jpg 100w, https:\/\/vapebulkp.com\/wp-content\/uploads\/2023\/09\/bang-king-12000-puffs-Hot-Sale.jpg 1280w\" sizes=\"(max-width: 408px) 100vw, 408px\" \/><\/h6>\n<h6><\/h6>\n<p>&nbsp;<\/p>\n<h2><span style=\"vertical-align: inherit\">T\u00e4nkte att du kanske vill veta om Bang King 12000 Puffs B\u00e4sta f\u00f6rs\u00e4ljning Vape Box \uff1a<\/span><\/h2>\n<h6>1.Vad \u00e4r e-v\u00e4tskekapaciteten f\u00f6r Bang King 12000 Puffs?<\/h6>\n<p>Denna enhet har 23 ml e-v\u00e4tska.<\/p>\n<h6>2.Hur l\u00e4nge r\u00e4cker denna vape?<\/h6>\n<p>500 bloss\/dag, kan r\u00e4cka i 24 dagar<br \/>\n1000 bloss\/dag, kan r\u00e4cka i 12 dagar<br \/>\n2000 bloss\/dag, kan r\u00e4cka i 6 dagar<\/p>\n<h6>3.Hur laddar man den eng\u00e5ngsvape-enheten Bang King 12000 Puffs?<\/h6>\n<p>Snabbladdare kan inte anv\u00e4ndas. Den standardm\u00e4ssiga s\u00e4kra effekten f\u00f6r eng\u00e5ngs-e-cigaretter \u00e4r 5V 1A. Varje laddningstid f\u00e5r inte \u00f6verstiga 1 timme, och den s\u00e4kra laddningstiden \u00e4r en halvtimme.<\/p>\n<p><span style=\"color: #ff0000\">Observera: kan inte ladda om hela natten!<\/span><\/p>\n<h3><strong><span style=\"vertical-align: inherit\">Bang King 12000 Puffs Eng\u00e5ngsvape Specifikationer:<\/span><br \/>\n<\/strong><\/h3>\n<ul data-start=\"161\" data-end=\"731\">\n<li data-start=\"161\" data-end=\"209\">\n<p data-start=\"163\" data-end=\"209\"><strong data-start=\"163\" data-end=\"178\">Antal bloss:<\/strong> 12 000 bloss Eng\u00e5ngsvape<\/p>\n<\/li>\n<li data-start=\"210\" data-end=\"263\">\n<p data-start=\"212\" data-end=\"263\"><strong data-start=\"212\" data-end=\"233\">Batterikapacitet:<\/strong> 650mAh uppladdningsbart batteri<\/p>\n<\/li>\n<li data-start=\"264\" data-end=\"302\">\n<p data-start=\"266\" data-end=\"302\"><strong data-start=\"266\" data-end=\"279\">Laddning:<\/strong> Type-C snabbladdning<\/p>\n<\/li>\n<li data-start=\"303\" data-end=\"351\">\n<p data-start=\"305\" data-end=\"351\"><strong data-start=\"305\" data-end=\"327\">E-v\u00e4tskekapacitet:<\/strong> 23 ml premium e-v\u00e4tska<\/p>\n<\/li>\n<li data-start=\"352\" data-end=\"390\">\n<p data-start=\"354\" data-end=\"390\"><strong data-start=\"354\" data-end=\"368\">Spoltyp:<\/strong> 0.8\u03a9 Mesh Coill Vape<\/p>\n<\/li>\n<li data-start=\"391\" data-end=\"447\">\n<p data-start=\"393\" data-end=\"447\"><strong data-start=\"393\" data-end=\"415\">Nikotinstyrka:<\/strong> 2% \/ 5% nikotinsalt alternativ<\/p>\n<\/li>\n<li data-start=\"448\" data-end=\"516\">\n<p data-start=\"450\" data-end=\"516\"><strong data-start=\"450\" data-end=\"461\">Design:<\/strong> Snygg, kompakt och b\u00e4rbar f\u00f6r daglig anv\u00e4ndning eller resor<\/p>\n<\/li>\n<li data-start=\"517\" data-end=\"598\">\n<p data-start=\"519\" data-end=\"598\"><strong data-start=\"519\" data-end=\"536\">Vapingstil:<\/strong> Eng\u00e5ngsvape med h\u00f6g kapacitet och mjuka, konsekventa drag<\/p>\n<\/li>\n<li data-start=\"599\" data-end=\"683\">\n<p data-start=\"601\" data-end=\"683\"><strong data-start=\"601\" data-end=\"618\">M\u00e5lgrupp:<\/strong> Svenska vapingentusiaster, l\u00e4mplig f\u00f6r grossist- och detaljhandel<\/p>\n<\/li>\n<li data-start=\"684\" data-end=\"731\">\n<p data-start=\"686\" data-end=\"731\"><strong data-start=\"686\" data-end=\"719\">Minsta best\u00e4llningskvantitet (MOQ):<\/strong> 50 enheter<\/p>\n<\/li>\n<\/ul>\n<h3><strong><span style=\"vertical-align: inherit\">Bang King 12k Puffs Grossist Vape Smakalternativ:<\/span><\/strong><\/h3>\n<p>1.Ananas Kokos Is<\/p>\n<p>2.Vattenmelon Tuggummi<\/p>\n<p>3.Triple B\u00e4r Is<\/p>\n<p>4. Persika Is<\/p>\n<p>5. Granat\u00e4pple<\/p>\n<p>6. Bl\u00e5 Hallon Is<\/p>\n<p>7. Jordgubb Vattenmelon<\/p>\n<p>8. Melon Mynta<\/p>\n<p>9. Regnb\u00e5ge Sherbert<\/p>\n<p>10. Jordgubb Mango<\/p>\n<p>11. Kunglig Druva<\/p>\n<p>12. Passion Kyss<\/p>\n<p>13. Dubbel \u00c4pple<\/p>\n<p>14. Persika Mango<\/p>\n<p>15. Jordgubb Kiwi<\/p>\n<p>16. Vattenmelon Is<\/p>\n<p>17. Melon Bl\u00e5<\/p>\n<p>18. K\u00e4rlek 66<\/p>\n<p>19. Sex P\u00e5 Stranden<\/p>\n<p>20. Persika B\u00e4r<\/p>\n<p><a href=\"https:\/\/vapebulkp.com\/sv\/product\/popular-randm-tornado-7000puffs-disposable-vape-best-price\/\"><span style=\"vertical-align: inherit\">Popul\u00e4r Vape RandM Tornado 7000 Puffar <\/span><\/a><\/p>\n<p><span style=\"vertical-align: inherit\">Hitta fler produkter du kanske gillar:<\/span><em><a href=\"https:\/\/wa.me\/8618077105796\"><span style=\"vertical-align: inherit\">\u00a0K\u00f6p nu<\/span><\/a><\/em><\/p>\n<p><span style=\"vertical-align: inherit\">Andra Puffs du kanske gillar:<\/span><a href=\"https:\/\/vapebulkp.com\/sv\/product\/popular-bang-king-10000-puffs-vape-good-price\/\"><span style=\"vertical-align: inherit\">Bang King 10000Puffar<\/span><\/a><span style=\"vertical-align: inherit\">\u3001<\/span><a href=\"https:\/\/vapebulkp.com\/sv\/product\/bulk-buy-kulx-8800-puffs-disposable-vape-wholesale-germany\/\"><span style=\"vertical-align: inherit\">Kulx 8800Puffar<\/span><\/a><span style=\"vertical-align: inherit\">\/ <\/span><a href=\"https:\/\/vapebulkp.com\/sv\/product\/bang-box-12000puffs-good-vape-sweden-wholesale-price\/\"><span style=\"vertical-align: inherit\">Bang Box 12000 bloss<\/span><\/a><span style=\"vertical-align: inherit\">\/ <\/span><a href=\"https:\/\/vapebulkp.com\/sv\/product\/popular-randm-tornado-7000puffs-disposable-vape-best-price\/\"><span style=\"vertical-align: inherit\">RandM Tornado 7000 bloss<\/span><\/a><\/p>\n<p><span style=\"vertical-align: inherit\">E-cigarettflaska med specialform:<\/span><a href=\"https:\/\/vapebulkp.com\/sv\/product\/bang-tornado-12000-puffs-rechargeable-disposable-pod\/\"><span style=\"vertical-align: inherit\">Bang Tornado 12K bloss <\/span><\/a><span style=\"vertical-align: inherit\">\/ <\/span><a href=\"https:\/\/vapebulkp.com\/sv\/product\/good-randm-tornado-7000-puffs-disposable-vape-kit-1000mah\/\"><span style=\"vertical-align: inherit\">Randm tornado 7000 bloss <\/span><\/a><span style=\"vertical-align: inherit\">\/<\/span><a href=\"https:\/\/vapebulkp.com\/sv\/product\/popular-kulx-10000puffs-disposable-vape-good-price\/\"><span style=\"vertical-align: inherit\">Kulx 10000 bloss<\/span><\/a><\/p>\n<h4>Saker du kanske vill veta om elektroniska cigaretter (e-cigaretter):<\/h4>\n<p>F: Varf\u00f6r l\u00e4cker elektroniska cigaretter olja?<br \/>\nS: Oljel\u00e4ckage fr\u00e5n e-cigaretter kan orsakas av att f\u00f6r\u00e5ngark\u00e4rnan \u00e4r felaktigt installerad eller att t\u00e4tningsringen \u00e4r skadad vid p\u00e5fyllning. Se till att inte \u00f6verfylla med olja och kontrollera att t\u00e4tningsringen \u00e4r intakt, vilket effektivt kan minska oljel\u00e4ckage.<\/p>\n<p>F: Varf\u00f6r luktar e-cigaretten br\u00e4nt?<br \/>\nS: Den br\u00e4nda lukten orsakas oftast av torrf\u00f6rbr\u00e4nning av f\u00f6r\u00e5ngark\u00e4rnan eller otillr\u00e4cklig olja. Det rekommenderas att byta ut f\u00f6r\u00e5ngark\u00e4rnan regelbundet och se till att det finns tillr\u00e4ckligt med olja f\u00f6r att undvika torrf\u00f6rbr\u00e4nning.<\/p>\n<p>F: Varf\u00f6r blir sugkraften fr\u00e5n e-cigaretter svagare?<br \/>\nS: Svag sugkraft kan bero p\u00e5 otillr\u00e4cklig batterikraft, \u00e5ldrad f\u00f6r\u00e5ngark\u00e4rna eller blockering av f\u00f6r\u00e5ngark\u00e4rnan. Prova att ladda batteriet eller byt ut f\u00f6r\u00e5ngark\u00e4rnan mot en ny f\u00f6r att l\u00f6sa problemet med svag sugkraft.<\/p>\n<p>F: Hur reng\u00f6r man e-cigarettutrustning?<br \/>\nS: Att reng\u00f6ra din e-cigarettenhet regelbundet bibeh\u00e5ller dess prestanda och smak. Anv\u00e4nd en mjuk trasa f\u00f6r att f\u00f6rsiktigt torka av enhetens yta och bomullspinnar f\u00f6r att reng\u00f6ra anslutningar eller inre ytor, men var f\u00f6rsiktig s\u00e5 att du undviker skador.<\/p>\n<p>F: \u00c4r e-cigaretter skadliga f\u00f6r h\u00e4lsan?<br \/>\nS: \u00c4ven om e-cigaretter kan inneh\u00e5lla f\u00e4rre skadliga \u00e4mnen \u00e4n traditionella cigaretter, betyder det inte att de \u00e4r helt ofarliga. L\u00e5ngvarig anv\u00e4ndning av e-cigaretter kan fortfarande ha vissa effekter p\u00e5 h\u00e4lsan. Det \u00e4r b\u00e4st att begr\u00e4nsa anv\u00e4ndningen och s\u00f6ka medicinsk professionell r\u00e5dgivning.<\/p>\n<h4>Leveransdetaljer:<\/h4>\n<p>Produktionstid: 3-5 arbetsdagar<br \/>\nLeveranstid: 8-14 arbetsdagar<\/p>\n<p>Alla produkter i v\u00e5r butik \u00e4r 100% originala och autentiska, d\u00e4rf\u00f6r \u00e4r Tiofaldig ers\u00e4ttning f\u00f6r falska varor v\u00e5r butikspolicy. Vi anv\u00e4nder logistikkanaler som UPS\/DHL\/FEDEX\/DPD f\u00f6r att leverera varor till dig.<\/p>","protected":false},"excerpt":{"rendered":"<p>Bang King 12000Puffs Eng\u00e5ngs E-Cigarettens ergonomiska design passar perfekt i din hand och \u00e4r tillr\u00e4ckligt kompakt f\u00f6r att glida ner i din ficka eller handv\u00e4ska. Oavsett om du har en hektisk dag p\u00e5 jobbet eller \u00e4r ute och reser, s\u00e4kerst\u00e4ller denna eng\u00e5ngs-e-cigarett att du kan njuta av dina favorit smaker var du \u00e4n befinner dig.<\/p>\n<p><img decoding=\"async\" class=\"alignnone wp-image-2151\" src=\"http:\/\/vapebulkp.com\/wp-content\/uploads\/2024\/04\/Mandy-WhatsApp-Randm.jpg\" alt=\"Mandy WhatsApp Randm\" width=\"377\" height=\"401\" srcset=\"https:\/\/vapebulkp.com\/wp-content\/uploads\/2024\/04\/Mandy-WhatsApp-Randm.jpg 916w, https:\/\/vapebulkp.com\/wp-content\/uploads\/2024\/04\/Mandy-WhatsApp-Randm-282x300.jpg 282w, https:\/\/vapebulkp.com\/wp-content\/uploads\/2024\/04\/Mandy-WhatsApp-Randm-768x817.jpg 768w, https:\/\/vapebulkp.com\/wp-content\/uploads\/2024\/04\/Mandy-WhatsApp-Randm-600x638.jpg 600w\" sizes=\"(max-width: 377px) 100vw, 377px\" \/><\/p>\n<p>Kontakta Mandy via WhatsApp f\u00f6r rabatterat pris<a href=\"https:\/\/wa.me\/8618077105796\">+8618077105796<\/a><\/p>\n<p><span style=\"color: #ff0000\">OBS: Priserna p\u00e5 v\u00e5r webbplats inkluderar inte fraktkostnader<\/span><\/p>","protected":false},"featured_media":1635,"comment_status":"open","ping_status":"closed","template":"","meta":{"_uag_custom_page_level_css":"","_lmt_disableupdate":"no","_lmt_disable":"","site-sidebar-layout":"default","site-content-layout":"content-boxed-container","ast-site-content-layout":"normal-width-container","site-content-style":"boxed","site-sidebar-style":"unboxed","ast-global-header-display":"","ast-banner-title-visibility":"","ast-main-header-display":"","ast-hfb-above-header-display":"","ast-hfb-below-header-display":"","ast-hfb-mobile-header-display":"","site-post-title":"","ast-breadcrumbs-content":"","ast-featured-img":"","footer-sml-layout":"","theme-transparent-header-meta":"default","adv-header-id-meta":"","stick-header-meta":"","header-above-stick-meta":"","header-main-stick-meta":"","header-below-stick-meta":"","astra-migrate-meta-layouts":"set","_joinchat":[]},"product_cat":[166,153,344,155,33,59,100,87,34,158,157,154,152,58,84,156,63,32],"product_tag":[45,36,37,41,71,40],"class_list":["post-1512","product","type-product","status-publish","has-post-thumbnail","hentry","product_cat-12000-puffs-disposable-vape","product_cat-hot-disposable-vapes","product_cat-bang-king-vape","product_cat-belgium-hot-disposable-vapes","product_cat-france-vape-hot-sale","product_cat-germany-hot-disposable-vape","product_cat-germany-wholesale-vape-shop","product_cat-minimum-order-quantity-50pcs","product_cat-netherlands-vape-good-sale","product_cat-norway-hot-disposable-vapes","product_cat-poland-hot-disposable-vapes","product_cat-portugal-hot-disposable-vapes","product_cat-spain-hot-disposable-vapes","product_cat-sweden-hot-disposable-vape","product_cat-sweden-wholesale-vape","product_cat-switzerland-hot-disposable-vapes","product_cat-top-sale-disposable-vape","product_cat-vape-hot-sale-this-week","product_tag-12000puffs-good-vape","product_tag-good-vape","product_tag-hot-sale-disposable-vape","product_tag-poland-hot-vape","product_tag-randm","product_tag-sweden-hot-vape","desktop-align-left","tablet-align-left","mobile-align-left"],"yoast_head":"<!-- This site is optimized with the Yoast SEO plugin v21.1 - https:\/\/yoast.com\/wordpress\/plugins\/seo\/ -->\n<title>Good Sale Bang King 12000 Puffs Disposable Vape Wholesale 2% - vapebulkp.com<\/title>\n<meta name=\"description\" content=\"The Bang King 12000Puffs Disposable Vape ergonomic design fits perfectly in your hand and is compact enough to slip into your pocket or purse.\" \/>\n<meta name=\"robots\" content=\"index, follow, max-snippet:-1, max-image-preview:large, max-video-preview:-1\" \/>\n<link rel=\"canonical\" href=\"https:\/\/vapebulkp.com\/sv\/product\/good-sale-bang-king-12000-puffs-disposable-vape-wholesale-2\/\" \/>\n<meta property=\"og:locale\" content=\"sv_SE\" \/>\n<meta property=\"og:type\" content=\"article\" \/>\n<meta property=\"og:title\" content=\"Good Sale Bang King 12000 Puffs Disposable Vape Wholesale 2% - vapebulkp.com\" \/>\n<meta property=\"og:description\" content=\"The Bang King 12000Puffs Disposable Vape ergonomic design fits perfectly in your hand and is compact enough to slip into your pocket or purse.\" \/>\n<meta property=\"og:url\" content=\"https:\/\/vapebulkp.com\/sv\/product\/good-sale-bang-king-12000-puffs-disposable-vape-wholesale-2\/\" \/>\n<meta property=\"og:site_name\" content=\"vapebulkp.com\" \/>\n<meta property=\"article:modified_time\" content=\"2025-09-16T09:25:51+00:00\" \/>\n<meta property=\"og:image\" content=\"http:\/\/vapebulkp.com\/wp-content\/uploads\/2023\/09\/bang-king-12000-puffs-best-flavours.jpg\" \/>\n\t<meta property=\"og:image:width\" content=\"1280\" \/>\n\t<meta property=\"og:image:height\" content=\"1280\" \/>\n\t<meta property=\"og:image:type\" content=\"image\/jpeg\" \/>\n<meta name=\"twitter:card\" content=\"summary_large_image\" \/>\n<meta name=\"twitter:label1\" content=\"Ber\u00e4knad l\u00e4stid\" \/>\n\t<meta name=\"twitter:data1\" content=\"4 minuter\" \/>\n<script type=\"application\/ld+json\" class=\"yoast-schema-graph\">{\"@context\":\"https:\/\/schema.org\",\"@graph\":[{\"@type\":\"WebPage\",\"@id\":\"https:\/\/vapebulkp.com\/product\/good-sale-bang-king-12000-puffs-disposable-vape-wholesale-2\/\",\"url\":\"https:\/\/vapebulkp.com\/product\/good-sale-bang-king-12000-puffs-disposable-vape-wholesale-2\/\",\"name\":\"Good Sale Bang King 12000 Puffs Disposable Vape Wholesale 2% - vapebulkp.com\",\"isPartOf\":{\"@id\":\"https:\/\/vapebulkp.com\/#website\"},\"datePublished\":\"2023-09-20T02:47:12+00:00\",\"dateModified\":\"2025-09-16T09:25:51+00:00\",\"description\":\"The Bang King 12000Puffs Disposable Vape ergonomic design fits perfectly in your hand and is compact enough to slip into your pocket or purse.\",\"breadcrumb\":{\"@id\":\"https:\/\/vapebulkp.com\/product\/good-sale-bang-king-12000-puffs-disposable-vape-wholesale-2\/#breadcrumb\"},\"inLanguage\":\"sv-SE\",\"potentialAction\":[{\"@type\":\"ReadAction\",\"target\":[\"https:\/\/vapebulkp.com\/product\/good-sale-bang-king-12000-puffs-disposable-vape-wholesale-2\/\"]}]},{\"@type\":\"BreadcrumbList\",\"@id\":\"https:\/\/vapebulkp.com\/product\/good-sale-bang-king-12000-puffs-disposable-vape-wholesale-2\/#breadcrumb\",\"itemListElement\":[{\"@type\":\"ListItem\",\"position\":1,\"name\":\"Home\",\"item\":\"https:\/\/vapebulkp.com\/\"},{\"@type\":\"ListItem\",\"position\":2,\"name\":\"Hot Trend Vapes\",\"item\":\"https:\/\/vapebulkp.com\/vape-shop\/\"},{\"@type\":\"ListItem\",\"position\":3,\"name\":\"Good Sale Bang King 12000 Puffs Disposable Vape Wholesale 2%\"}]},{\"@type\":\"WebSite\",\"@id\":\"https:\/\/vapebulkp.com\/#website\",\"url\":\"https:\/\/vapebulkp.com\/\",\"name\":\"vapebulkp.com\",\"description\":\"Buy Vape In Cheap Bulk Price Near you\",\"publisher\":{\"@id\":\"https:\/\/vapebulkp.com\/#organization\"},\"potentialAction\":[{\"@type\":\"SearchAction\",\"target\":{\"@type\":\"EntryPoint\",\"urlTemplate\":\"https:\/\/vapebulkp.com\/?s={search_term_string}\"},\"query-input\":\"required name=search_term_string\"}],\"inLanguage\":\"sv-SE\"},{\"@type\":\"Organization\",\"@id\":\"https:\/\/vapebulkp.com\/#organization\",\"name\":\"vapebulkp.com\",\"url\":\"https:\/\/vapebulkp.com\/\",\"logo\":{\"@type\":\"ImageObject\",\"inLanguage\":\"sv-SE\",\"@id\":\"https:\/\/vapebulkp.com\/#\/schema\/logo\/image\/\",\"url\":\"https:\/\/vapebulkp.com\/wp-content\/uploads\/2023\/09\/cropped-vapebulkp.png\",\"contentUrl\":\"https:\/\/vapebulkp.com\/wp-content\/uploads\/2023\/09\/cropped-vapebulkp.png\",\"width\":516,\"height\":163,\"caption\":\"vapebulkp.com\"},\"image\":{\"@id\":\"https:\/\/vapebulkp.com\/#\/schema\/logo\/image\/\"}}]}<\/script>\n<!-- \/ Yoast SEO plugin. -->","yoast_head_json":{"title":"Good Sale Bang King 12000 Puffs Disposable Vape Wholesale 2% - vapebulkp.com","description":"The Bang King 12000Puffs Disposable Vape ergonomic design fits perfectly in your hand and is compact enough to slip into your pocket or purse.","robots":{"index":"index","follow":"follow","max-snippet":"max-snippet:-1","max-image-preview":"max-image-preview:large","max-video-preview":"max-video-preview:-1"},"canonical":"https:\/\/vapebulkp.com\/sv\/product\/good-sale-bang-king-12000-puffs-disposable-vape-wholesale-2\/","og_locale":"sv_SE","og_type":"article","og_title":"Good Sale Bang King 12000 Puffs Disposable Vape Wholesale 2% - vapebulkp.com","og_description":"The Bang King 12000Puffs Disposable Vape ergonomic design fits perfectly in your hand and is compact enough to slip into your pocket or purse.","og_url":"https:\/\/vapebulkp.com\/sv\/product\/good-sale-bang-king-12000-puffs-disposable-vape-wholesale-2\/","og_site_name":"vapebulkp.com","article_modified_time":"2025-09-16T09:25:51+00:00","og_image":[{"width":1280,"height":1280,"url":"http:\/\/vapebulkp.com\/wp-content\/uploads\/2023\/09\/bang-king-12000-puffs-best-flavours.jpg","type":"image\/jpeg"}],"twitter_card":"summary_large_image","twitter_misc":{"Ber\u00e4knad l\u00e4stid":"4 minuter"},"schema":{"@context":"https:\/\/schema.org","@graph":[{"@type":"WebPage","@id":"https:\/\/vapebulkp.com\/product\/good-sale-bang-king-12000-puffs-disposable-vape-wholesale-2\/","url":"https:\/\/vapebulkp.com\/product\/good-sale-bang-king-12000-puffs-disposable-vape-wholesale-2\/","name":"Good Sale Bang King 12000 Puffs Disposable Vape Wholesale 2% - vapebulkp.com","isPartOf":{"@id":"https:\/\/vapebulkp.com\/#website"},"datePublished":"2023-09-20T02:47:12+00:00","dateModified":"2025-09-16T09:25:51+00:00","description":"The Bang King 12000Puffs Disposable Vape ergonomic design fits perfectly in your hand and is compact enough to slip into your pocket or purse.","breadcrumb":{"@id":"https:\/\/vapebulkp.com\/product\/good-sale-bang-king-12000-puffs-disposable-vape-wholesale-2\/#breadcrumb"},"inLanguage":"sv-SE","potentialAction":[{"@type":"ReadAction","target":["https:\/\/vapebulkp.com\/product\/good-sale-bang-king-12000-puffs-disposable-vape-wholesale-2\/"]}]},{"@type":"BreadcrumbList","@id":"https:\/\/vapebulkp.com\/product\/good-sale-bang-king-12000-puffs-disposable-vape-wholesale-2\/#breadcrumb","itemListElement":[{"@type":"ListItem","position":1,"name":"Home","item":"https:\/\/vapebulkp.com\/"},{"@type":"ListItem","position":2,"name":"Hot Trend Vapes","item":"https:\/\/vapebulkp.com\/vape-shop\/"},{"@type":"ListItem","position":3,"name":"Good Sale Bang King 12000 Puffs Disposable Vape Wholesale 2%"}]},{"@type":"WebSite","@id":"https:\/\/vapebulkp.com\/#website","url":"https:\/\/vapebulkp.com\/","name":"vapebulkp.com","description":"Buy Vape In Cheap Bulk Price Near you","publisher":{"@id":"https:\/\/vapebulkp.com\/#organization"},"potentialAction":[{"@type":"SearchAction","target":{"@type":"EntryPoint","urlTemplate":"https:\/\/vapebulkp.com\/?s={search_term_string}"},"query-input":"required name=search_term_string"}],"inLanguage":"sv-SE"},{"@type":"Organization","@id":"https:\/\/vapebulkp.com\/#organization","name":"vapebulkp.com","url":"https:\/\/vapebulkp.com\/","logo":{"@type":"ImageObject","inLanguage":"sv-SE","@id":"https:\/\/vapebulkp.com\/#\/schema\/logo\/image\/","url":"https:\/\/vapebulkp.com\/wp-content\/uploads\/2023\/09\/cropped-vapebulkp.png","contentUrl":"https:\/\/vapebulkp.com\/wp-content\/uploads\/2023\/09\/cropped-vapebulkp.png","width":516,"height":163,"caption":"vapebulkp.com"},"image":{"@id":"https:\/\/vapebulkp.com\/#\/schema\/logo\/image\/"}}]}},"uagb_featured_image_src":{"full":["https:\/\/vapebulkp.com\/wp-content\/uploads\/2023\/09\/bang-king-12000-puffs-best-flavours.jpg",1280,1280,false],"thumbnail":["https:\/\/vapebulkp.com\/wp-content\/uploads\/2023\/09\/bang-king-12000-puffs-best-flavours-150x150.jpg",150,150,true],"medium":["https:\/\/vapebulkp.com\/wp-content\/uploads\/2023\/09\/bang-king-12000-puffs-best-flavours-300x300.jpg",300,300,true],"medium_large":["https:\/\/vapebulkp.com\/wp-content\/uploads\/2023\/09\/bang-king-12000-puffs-best-flavours-768x768.jpg",768,768,true],"large":["https:\/\/vapebulkp.com\/wp-content\/uploads\/2023\/09\/bang-king-12000-puffs-best-flavours-1024x1024.jpg",1024,1024,true],"1536x1536":["https:\/\/vapebulkp.com\/wp-content\/uploads\/2023\/09\/bang-king-12000-puffs-best-flavours.jpg",1280,1280,false],"2048x2048":["https:\/\/vapebulkp.com\/wp-content\/uploads\/2023\/09\/bang-king-12000-puffs-best-flavours.jpg",1280,1280,false],"trp-custom-language-flag":["https:\/\/vapebulkp.com\/wp-content\/uploads\/2023\/09\/bang-king-12000-puffs-best-flavours.jpg",12,12,false],"woocommerce_thumbnail":["https:\/\/vapebulkp.com\/wp-content\/uploads\/2023\/09\/bang-king-12000-puffs-best-flavours-300x300.jpg",300,300,true],"woocommerce_single":["https:\/\/vapebulkp.com\/wp-content\/uploads\/2023\/09\/bang-king-12000-puffs-best-flavours-600x600.jpg",600,600,true],"woocommerce_gallery_thumbnail":["https:\/\/vapebulkp.com\/wp-content\/uploads\/2023\/09\/bang-king-12000-puffs-best-flavours-100x100.jpg",100,100,true],"wcpr-photo-reviews":["https:\/\/vapebulkp.com\/wp-content\/uploads\/2023\/09\/bang-king-12000-puffs-best-flavours.jpg",500,500,false]},"uagb_author_info":{"display_name":"Mandy vape bulk price","author_link":"https:\/\/vapebulkp.com\/sv\/author\/"},"uagb_comment_info":3,"uagb_excerpt":"The Bang King 12000Puffs Disposable E-Cigarette's ergonomic design fits perfectly in your hand and is compact enough to slip into your pocket or purse. Whether you're on a busy day at work or traveling, this disposable e-cigarette ensures you can enjoy your favorite flavors wherever you are. Pls Contact Mandy's WhatsApp For Discount Price+8618077105796 NOTE:&hellip;","_links":{"self":[{"href":"https:\/\/vapebulkp.com\/sv\/wp-json\/wp\/v2\/product\/1512","targetHints":{"allow":["GET"]}}],"collection":[{"href":"https:\/\/vapebulkp.com\/sv\/wp-json\/wp\/v2\/product"}],"about":[{"href":"https:\/\/vapebulkp.com\/sv\/wp-json\/wp\/v2\/types\/product"}],"replies":[{"embeddable":true,"href":"https:\/\/vapebulkp.com\/sv\/wp-json\/wp\/v2\/comments?post=1512"}],"wp:featuredmedia":[{"embeddable":true,"href":"https:\/\/vapebulkp.com\/sv\/wp-json\/wp\/v2\/media\/1635"}],"wp:attachment":[{"href":"https:\/\/vapebulkp.com\/sv\/wp-json\/wp\/v2\/media?parent=1512"}],"wp:term":[{"taxonomy":"product_cat","embeddable":true,"href":"https:\/\/vapebulkp.com\/sv\/wp-json\/wp\/v2\/product_cat?post=1512"},{"taxonomy":"product_tag","embeddable":true,"href":"https:\/\/vapebulkp.com\/sv\/wp-json\/wp\/v2\/product_tag?post=1512"}],"curies":[{"name":"wp","href":"https:\/\/api.w.org\/{rel}","templated":true}]}}