{"id":1547,"date":"2023-09-20T11:39:19","date_gmt":"2023-09-20T09:39:19","guid":{"rendered":"https:\/\/vapebulkp.com\/?post_type=product&#038;p=1547"},"modified":"2025-09-08T05:39:48","modified_gmt":"2025-09-08T03:39:48","slug":"wholesale-kulx-8000-puffs-disposable-vape","status":"publish","type":"product","link":"https:\/\/vapebulkp.com\/sv\/product\/wholesale-kulx-8000-puffs-disposable-vape\/","title":{"rendered":"Partihandel Kulx 8000 Puffs Eng\u00e5ngs Vape 2% 5% Nikotin"},"content":{"rendered":"<h2>Vad \u00e4r den b\u00e4sta Kulx 8000 Puffs Eng\u00e5ngsvapen till f\u00f6rs\u00e4ljning?<\/h2>\n<p>Kulx 8000 Puffs Eng\u00e5ngsvape \u00e4r en eng\u00e5ngsvape med h\u00f6g kapacitet designad f\u00f6r europeiska vaping-entusiaster som kr\u00e4ver bekv\u00e4mlighet, stil och prestanda. Med en 16 ml f\u00f6rfylld e-v\u00e4tsketank och nikotinsaltalternativ p\u00e5 0%, 2%, 3% eller 5% levererar den j\u00e4mna, tillfredsst\u00e4llande drag i upp till 8 000 bloss.<\/p>\n<p>Med avancerad mesh coil-teknologi producerar denna l\u00e5ngvariga eng\u00e5ngsvape t\u00e4t \u00e5nga och rik smak vid varje bloss. Dess kompakta, b\u00e4rbara vape pod-design g\u00f6r den perfekt f\u00f6r resor, daglig anv\u00e4ndning eller sociala sammanhang.<\/p>\n<p>Tillg\u00e4nglig i en m\u00e4ngd olika premiumsmaker, fr\u00e5n uppfriskande mentol till s\u00f6ta dessertblandningar, s\u00e4kerst\u00e4ller 8000 Puffs Eng\u00e5ngsvapen en konsekvent och njutbar vapingupplevelse. Redo att anv\u00e4ndas direkt ur f\u00f6rpackningen, den kombinerar b\u00e4rbarhet, h\u00f6g prestanda och sofistikerad design, vilket g\u00f6r den till ett idealiskt val f\u00f6r b\u00e5de enskilda anv\u00e4ndare och partihandelsk\u00f6pare i hela Europa.<\/p>\n<h5><\/h5>\n<p><img decoding=\"async\" class=\"alignnone wp-image-1654\" src=\"http:\/\/vapebulkp.com\/wp-content\/uploads\/2023\/09\/kULX-8000-PUFF-8-1024x1024.jpg\" alt=\"kULX 8000 PUFF\" width=\"438\" height=\"438\" srcset=\"https:\/\/vapebulkp.com\/wp-content\/uploads\/2023\/09\/kULX-8000-PUFF-8-1024x1024.jpg 1024w, https:\/\/vapebulkp.com\/wp-content\/uploads\/2023\/09\/kULX-8000-PUFF-8-300x300.jpg 300w, https:\/\/vapebulkp.com\/wp-content\/uploads\/2023\/09\/kULX-8000-PUFF-8-150x150.jpg 150w, https:\/\/vapebulkp.com\/wp-content\/uploads\/2023\/09\/kULX-8000-PUFF-8-768x768.jpg 768w, https:\/\/vapebulkp.com\/wp-content\/uploads\/2023\/09\/kULX-8000-PUFF-8-1536x1536.jpg 1536w, https:\/\/vapebulkp.com\/wp-content\/uploads\/2023\/09\/kULX-8000-PUFF-8-2048x2048.jpg 2048w, https:\/\/vapebulkp.com\/wp-content\/uploads\/2023\/09\/kULX-8000-PUFF-8-600x600.jpg 600w, https:\/\/vapebulkp.com\/wp-content\/uploads\/2023\/09\/kULX-8000-PUFF-8-100x100.jpg 100w\" sizes=\"(max-width: 438px) 100vw, 438px\" \/><\/p>\n<h6>Kontakta Mandy via WhatsApp f\u00f6r rabatterat pris<a href=\"https:\/\/wa.me\/8618077105796\">+8618077105796<\/a><\/h6>\n<p><img decoding=\"async\" class=\"alignnone wp-image-2151\" src=\"http:\/\/vapebulkp.com\/wp-content\/uploads\/2024\/04\/Mandy-WhatsApp-Randm.jpg\" alt=\"Mandy WhatsApp Randm\" width=\"246\" height=\"262\" srcset=\"https:\/\/vapebulkp.com\/wp-content\/uploads\/2024\/04\/Mandy-WhatsApp-Randm.jpg 916w, https:\/\/vapebulkp.com\/wp-content\/uploads\/2024\/04\/Mandy-WhatsApp-Randm-282x300.jpg 282w, https:\/\/vapebulkp.com\/wp-content\/uploads\/2024\/04\/Mandy-WhatsApp-Randm-768x817.jpg 768w, https:\/\/vapebulkp.com\/wp-content\/uploads\/2024\/04\/Mandy-WhatsApp-Randm-600x638.jpg 600w\" sizes=\"(max-width: 246px) 100vw, 246px\" \/><\/p>\n<h2>FAQ Om Kulx Vape 8k puffar:<\/h2>\n<p class=\"style-scope ytd-watch-metadata\">1. Hur anv\u00e4nder man Good Vape Kulx 8000 Vape Pen?<\/p>\n<p>Steg 1. Innan du anv\u00e4nder 8k puffar, koppla ur plastr\u00f6ret.<\/p>\n<p>Steg 2. V\u00e4nta cirka 3 minuter tills juicen kommer in i spolen inuti.<\/p>\n<p>Steg 3. Njut av det.<\/p>\n<p>2. HUR LADDAR MAN ENG\u00c5NGSVAPEN Kulx 8000 PUFFS ENHET?<\/p>\n<p>Snabbladdningsladdare kan inte anv\u00e4ndas, och den s\u00e4kra standardeffekten f\u00f6r eng\u00e5ngs e-cigaretter \u00e4r 5V 1A. Varje laddningstid f\u00e5r inte \u00f6verstiga 1 timme, och den s\u00e4kra laddningstiden \u00e4r en halvtimme.<\/p>\n<p>3. Hur m\u00e5nga bloss kan jag ta av denna Kulx 8000 Puffs?<\/p>\n<p>\u2014\u20138000 Puffar<\/p>\n<p><span style=\"color: #ff6600\">Observera: kan inte ladda om hela natten!<\/span><\/p>\n<h2>Specifikationer F\u00f6r Kulx 8000Puffs:<\/h2>\n<ul>\n<li>Batteri: 650mAh (Typ C)<br \/>\nKapacitet: 18 ml<br \/>\nSpole: 0.8 ohm mesh<br \/>\nUngef\u00e4rlig sugvolym: 8000 bloss<br \/>\nPlus nikotinstyrka: 2%,5%<br \/>\nMOQ: 100ST<\/li>\n<\/ul>\n<h2><strong>Vilka \u00e4r de b\u00e4sta smakerna f\u00f6r Kulx 8000 Puffs?<\/strong><\/h2>\n<p>&nbsp;<\/p>\n<p>1. Mint Is<\/p>\n<p>2. Gr\u00f6nt \u00e4pple is<\/p>\n<p>3. Persika is<\/p>\n<p>4. Hallon is<\/p>\n<p>5. Vattenmelon is<\/p>\n<p>6. Mango is<\/p>\n<p>7. Cola is<\/p>\n<p>8. Frukt<\/p>\n<p>9. Jordgubb vattenmelon is<\/p>\n<p>10. Sockervadd<\/p>\n<p>11. Persika citron is<\/p>\n<p>12. Citronte is<\/p>\n<p>13. Litchi is<\/p>\n<p>14. Jordgubb kiwi<\/p>\n<p><a href=\"https:\/\/vapebulkp.com\/sv\/product\/wholesale-price-disposable-vape-crystal-600-puffs\/\"><span style=\"vertical-align: inherit\">Bra rea Crystal 600 bloss <\/span><\/a><\/p>\n<p><span style=\"vertical-align: inherit\">Hitta fler produkter du kanske gillar:<\/span><em><a href=\"https:\/\/wa.me\/8618077105796\"><span style=\"vertical-align: inherit\">\u00a0K\u00f6p nu<\/span><\/a><\/em><\/p>\n<p><span style=\"vertical-align: inherit\">Andra Puffs du kanske gillar:<\/span><a href=\"https:\/\/vapebulkp.com\/sv\/product\/good-sale-bang-de-8500puffs-wholesale-price\/\"><span style=\"vertical-align: inherit\">Bang DE 8500 bloss<\/span><\/a><span style=\"vertical-align: inherit\">\u3001<\/span><a href=\"https:\/\/vapebulkp.com\/sv\/product\/elf-box-14000-puffs-2-5-nicotine-rechargeable-vape-sweden-wholesale\/\"><span style=\"vertical-align: inherit\">\u00a0ELF BOX 14000 bloss<\/span><\/a><span style=\"vertical-align: inherit\">\/ <\/span><a href=\"https:\/\/vapebulkp.com\/sv\/product\/popular-kulx-10000puffs-disposable-vape-good-price\/\"><span style=\"vertical-align: inherit\">Kulx 10000 bloss<\/span><\/a><span style=\"vertical-align: inherit\">\/ <\/span><a href=\"https:\/\/vapebulkp.com\/sv\/product\/good-randm-tornado-7000-puffs-disposable-vape-kit-1000mah\/\"><span style=\"vertical-align: inherit\">Randm Tornado 7000 bloss<\/span><\/a><\/p>\n<p><span style=\"vertical-align: inherit\">E-cigarettflaska med specialform:<\/span><a href=\"https:\/\/vapebulkp.com\/sv\/product\/bulk-buy-kulx-vape-8800-puffs-wholesale-germany\/\"><span style=\"vertical-align: inherit\">Kulx vape 10000 bloss<\/span><\/a><span style=\"vertical-align: inherit\">\/ <\/span><a href=\"https:\/\/vapebulkp.com\/sv\/product\/bang-tornado-12000-puffs-rechargeable-disposable-pod\/\"><span style=\"vertical-align: inherit\">Bang Tornado 12000 Bloss <\/span><\/a><span style=\"vertical-align: inherit\">\/<\/span><a href=\"https:\/\/vapebulkp.com\/sv\/product\/fumot-digital-box-12000-disposable-vape-wholesale\/\"><span style=\"vertical-align: inherit\">Fomot Digital box 12000 bloss <\/span><\/a><\/p>\n<h4>F\u00f6rpackningsvisning:<\/h4>\n<p><a href=\"http:\/\/vapebulkp.com\/wp-content\/uploads\/2023\/09\/Kulx-8000.jpg\"><img decoding=\"async\" class=\"alignleft wp-image-1724\" src=\"http:\/\/vapebulkp.com\/wp-content\/uploads\/2023\/09\/Kulx-8000.jpg\" alt=\"Bra rea Kulx 8000 VAPE\" width=\"296\" height=\"526\" srcset=\"https:\/\/vapebulkp.com\/wp-content\/uploads\/2023\/09\/Kulx-8000.jpg 1080w, https:\/\/vapebulkp.com\/wp-content\/uploads\/2023\/09\/Kulx-8000-169x300.jpg 169w, https:\/\/vapebulkp.com\/wp-content\/uploads\/2023\/09\/Kulx-8000-576x1024.jpg 576w, https:\/\/vapebulkp.com\/wp-content\/uploads\/2023\/09\/Kulx-8000-768x1365.jpg 768w, https:\/\/vapebulkp.com\/wp-content\/uploads\/2023\/09\/Kulx-8000-864x1536.jpg 864w, https:\/\/vapebulkp.com\/wp-content\/uploads\/2023\/09\/Kulx-8000-600x1067.jpg 600w\" sizes=\"(max-width: 296px) 100vw, 296px\" \/><\/a><\/p>\n<h4>Leveransdetaljer:<\/h4>\n<p><span style=\"color: #ff6600\">Produktionstid: 5-10 arbetsdagar<\/span><br \/>\n<span style=\"color: #ff6600\">Leveranstid: 8-14 arbetsdagar<\/span><\/p>\n<p>Alla produkter i v\u00e5r butik \u00e4r 100% originala och autentiska, d\u00e4rf\u00f6r \u00e4r Tiofaldig ers\u00e4ttning f\u00f6r falska varor v\u00e5r butikspolicy. Vi anv\u00e4nder logistikkanaler som UPS\/DHL\/FEDEX\/DPD f\u00f6r att leverera varor till dig.<\/p>\n<p>F\u00f6r paket som skickas inom Sverige tar det vanligtvis 10 arbetsdagar att anl\u00e4nda. Leveranser till andra europeiska l\u00e4nder tar vanligtvis 12 till 15 arbetsdagar att anl\u00e4nda. Vi uppdaterar logistikinformationen f\u00f6r dig i realtid.<\/p>\n<h4>Bra service efter k\u00f6p:<\/h4>\n<p>Obs: Inga \u00e5terbetalningar eller byten f\u00f6r problem som inte \u00e4r relaterade till kvalitet<br \/>\n1. Kunder kan v\u00e4lja den smak de vill ha, men om smaken \u00e4r slut i lager kommer produktionsavdelningen att v\u00e4lja en popul\u00e4r smak som ers\u00e4ttning. Kunder har inte r\u00e4tt att beg\u00e4ra \u00e5terbetalning eller byte baserat p\u00e5 smaker.<\/p>\n<p>2. N\u00e4r kvalitetsproblem uppst\u00e5r, v\u00e4nligen tillhandah\u00e5ll specifika video- och bildbeskrivningar.<br \/>\nOm du inte kan tillhandah\u00e5lla bevis som videor och foton kan varorna inte bytas ut.<\/p>\n<p>&nbsp;<\/p>","protected":false},"excerpt":{"rendered":"<p>kulx 8000 puffar Eng\u00e5ngs e-cigaretter \u00e4r l\u00e5ngt framf\u00f6r andra e-cigaretter. Denna eng\u00e5ngs e-cigarett kan hantera 8 000 bloss, s\u00e5 du beh\u00f6ver inte oroa dig f\u00f6r att f\u00e5 slut p\u00e5 str\u00f6m under l\u00e5nga resor.<\/p>\n<p><img decoding=\"async\" class=\"alignnone wp-image-2151\" src=\"http:\/\/vapebulkp.com\/wp-content\/uploads\/2024\/04\/Mandy-WhatsApp-Randm.jpg\" alt=\"Mandy WhatsApp Randm\" width=\"256\" height=\"272\" srcset=\"https:\/\/vapebulkp.com\/wp-content\/uploads\/2024\/04\/Mandy-WhatsApp-Randm.jpg 916w, https:\/\/vapebulkp.com\/wp-content\/uploads\/2024\/04\/Mandy-WhatsApp-Randm-282x300.jpg 282w, https:\/\/vapebulkp.com\/wp-content\/uploads\/2024\/04\/Mandy-WhatsApp-Randm-768x817.jpg 768w, https:\/\/vapebulkp.com\/wp-content\/uploads\/2024\/04\/Mandy-WhatsApp-Randm-600x638.jpg 600w\" sizes=\"(max-width: 256px) 100vw, 256px\" \/><\/p>\n<p>Kontakta Mandy via WhatsApp f\u00f6r rabatterat pris<a href=\"https:\/\/wa.me\/8618077105796\">+8618077105796<\/a><\/p>\n<p><span style=\"color: #ff0000\">OBS: Priserna p\u00e5 v\u00e5r webbplats inkluderar inte fraktkostnader<\/span><\/p>","protected":false},"featured_media":1554,"comment_status":"open","ping_status":"closed","template":"","meta":{"_uag_custom_page_level_css":"","_lmt_disableupdate":"no","_lmt_disable":"","site-sidebar-layout":"default","site-content-layout":"content-boxed-container","ast-site-content-layout":"normal-width-container","site-content-style":"boxed","site-sidebar-style":"unboxed","ast-global-header-display":"","ast-banner-title-visibility":"","ast-main-header-display":"","ast-hfb-above-header-display":"","ast-hfb-below-header-display":"","ast-hfb-mobile-header-display":"","site-post-title":"","ast-breadcrumbs-content":"","ast-featured-img":"","footer-sml-layout":"","theme-transparent-header-meta":"default","adv-header-id-meta":"","stick-header-meta":"","header-above-stick-meta":"","header-main-stick-meta":"","header-below-stick-meta":"","astra-migrate-meta-layouts":"set","_joinchat":[]},"product_cat":[169,153,155,33,59,100,34,158,157,154,152,58,84,156,63,32],"product_tag":[52,36,37,94,41,40],"class_list":["post-1547","product","type-product","status-publish","has-post-thumbnail","hentry","product_cat-8000-puffs-disposable-vape","product_cat-hot-disposable-vapes","product_cat-belgium-hot-disposable-vapes","product_cat-france-vape-hot-sale","product_cat-germany-hot-disposable-vape","product_cat-germany-wholesale-vape-shop","product_cat-netherlands-vape-good-sale","product_cat-norway-hot-disposable-vapes","product_cat-poland-hot-disposable-vapes","product_cat-portugal-hot-disposable-vapes","product_cat-spain-hot-disposable-vapes","product_cat-sweden-hot-disposable-vape","product_cat-sweden-wholesale-vape","product_cat-switzerland-hot-disposable-vapes","product_cat-top-sale-disposable-vape","product_cat-vape-hot-sale-this-week","product_tag-8000-puffs","product_tag-good-vape","product_tag-hot-sale-disposable-vape","product_tag-kulx-vapes","product_tag-poland-hot-vape","product_tag-sweden-hot-vape","desktop-align-left","tablet-align-left","mobile-align-left"],"yoast_head":"<!-- This site is optimized with the Yoast SEO plugin v21.1 - https:\/\/yoast.com\/wordpress\/plugins\/seo\/ -->\n<title>Wholesale Kulx 8000 Puffs Disposable Vape 2% 5% Nicotine - vapebulkp.com<\/title>\n<meta name=\"description\" content=\"Wholesale Kulx 8000 Puffs Disposable Vape Germany Vape ergonomic design fits perfectly in your hand and is compact enough to slip into your pocket or purse.\" \/>\n<meta name=\"robots\" content=\"index, follow, max-snippet:-1, max-image-preview:large, max-video-preview:-1\" \/>\n<link rel=\"canonical\" href=\"https:\/\/vapebulkp.com\/sv\/product\/wholesale-kulx-8000-puffs-disposable-vape\/\" \/>\n<meta property=\"og:locale\" content=\"sv_SE\" \/>\n<meta property=\"og:type\" content=\"article\" \/>\n<meta property=\"og:title\" content=\"Wholesale Kulx 8000 Puffs Disposable Vape 2% 5% Nicotine - vapebulkp.com\" \/>\n<meta property=\"og:description\" content=\"Wholesale Kulx 8000 Puffs Disposable Vape Germany Vape ergonomic design fits perfectly in your hand and is compact enough to slip into your pocket or purse.\" \/>\n<meta property=\"og:url\" content=\"https:\/\/vapebulkp.com\/sv\/product\/wholesale-kulx-8000-puffs-disposable-vape\/\" \/>\n<meta property=\"og:site_name\" content=\"vapebulkp.com\" \/>\n<meta property=\"article:modified_time\" content=\"2025-09-08T03:39:48+00:00\" \/>\n<meta property=\"og:image\" content=\"http:\/\/vapebulkp.com\/wp-content\/uploads\/2023\/09\/kULX-8000-PUFF-6-scaled.jpg\" \/>\n\t<meta property=\"og:image:width\" content=\"2560\" \/>\n\t<meta property=\"og:image:height\" content=\"2560\" \/>\n\t<meta property=\"og:image:type\" content=\"image\/jpeg\" \/>\n<meta name=\"twitter:card\" content=\"summary_large_image\" \/>\n<meta name=\"twitter:label1\" content=\"Ber\u00e4knad l\u00e4stid\" \/>\n\t<meta name=\"twitter:data1\" content=\"3 minuter\" \/>\n<script type=\"application\/ld+json\" class=\"yoast-schema-graph\">{\"@context\":\"https:\/\/schema.org\",\"@graph\":[{\"@type\":\"WebPage\",\"@id\":\"https:\/\/vapebulkp.com\/product\/wholesale-kulx-8000-puffs-disposable-vape\/\",\"url\":\"https:\/\/vapebulkp.com\/product\/wholesale-kulx-8000-puffs-disposable-vape\/\",\"name\":\"Wholesale Kulx 8000 Puffs Disposable Vape 2% 5% Nicotine - vapebulkp.com\",\"isPartOf\":{\"@id\":\"https:\/\/vapebulkp.com\/#website\"},\"datePublished\":\"2023-09-20T09:39:19+00:00\",\"dateModified\":\"2025-09-08T03:39:48+00:00\",\"description\":\"Wholesale Kulx 8000 Puffs Disposable Vape Germany Vape ergonomic design fits perfectly in your hand and is compact enough to slip into your pocket or purse.\",\"breadcrumb\":{\"@id\":\"https:\/\/vapebulkp.com\/product\/wholesale-kulx-8000-puffs-disposable-vape\/#breadcrumb\"},\"inLanguage\":\"sv-SE\",\"potentialAction\":[{\"@type\":\"ReadAction\",\"target\":[\"https:\/\/vapebulkp.com\/product\/wholesale-kulx-8000-puffs-disposable-vape\/\"]}]},{\"@type\":\"BreadcrumbList\",\"@id\":\"https:\/\/vapebulkp.com\/product\/wholesale-kulx-8000-puffs-disposable-vape\/#breadcrumb\",\"itemListElement\":[{\"@type\":\"ListItem\",\"position\":1,\"name\":\"Home\",\"item\":\"https:\/\/vapebulkp.com\/\"},{\"@type\":\"ListItem\",\"position\":2,\"name\":\"Hot Trend Vapes\",\"item\":\"https:\/\/vapebulkp.com\/vape-shop\/\"},{\"@type\":\"ListItem\",\"position\":3,\"name\":\"Wholesale Kulx 8000 Puffs Disposable Vape 2% 5% Nicotine\"}]},{\"@type\":\"WebSite\",\"@id\":\"https:\/\/vapebulkp.com\/#website\",\"url\":\"https:\/\/vapebulkp.com\/\",\"name\":\"vapebulkp.com\",\"description\":\"Buy Vape In Cheap Bulk Price Near you\",\"publisher\":{\"@id\":\"https:\/\/vapebulkp.com\/#organization\"},\"potentialAction\":[{\"@type\":\"SearchAction\",\"target\":{\"@type\":\"EntryPoint\",\"urlTemplate\":\"https:\/\/vapebulkp.com\/?s={search_term_string}\"},\"query-input\":\"required name=search_term_string\"}],\"inLanguage\":\"sv-SE\"},{\"@type\":\"Organization\",\"@id\":\"https:\/\/vapebulkp.com\/#organization\",\"name\":\"vapebulkp.com\",\"url\":\"https:\/\/vapebulkp.com\/\",\"logo\":{\"@type\":\"ImageObject\",\"inLanguage\":\"sv-SE\",\"@id\":\"https:\/\/vapebulkp.com\/#\/schema\/logo\/image\/\",\"url\":\"https:\/\/vapebulkp.com\/wp-content\/uploads\/2023\/09\/cropped-vapebulkp.png\",\"contentUrl\":\"https:\/\/vapebulkp.com\/wp-content\/uploads\/2023\/09\/cropped-vapebulkp.png\",\"width\":516,\"height\":163,\"caption\":\"vapebulkp.com\"},\"image\":{\"@id\":\"https:\/\/vapebulkp.com\/#\/schema\/logo\/image\/\"}}]}<\/script>\n<!-- \/ Yoast SEO plugin. -->","yoast_head_json":{"title":"Wholesale Kulx 8000 Puffs Disposable Vape 2% 5% Nicotine - vapebulkp.com","description":"Wholesale Kulx 8000 Puffs Disposable Vape Germany Vape ergonomic design fits perfectly in your hand and is compact enough to slip into your pocket or purse.","robots":{"index":"index","follow":"follow","max-snippet":"max-snippet:-1","max-image-preview":"max-image-preview:large","max-video-preview":"max-video-preview:-1"},"canonical":"https:\/\/vapebulkp.com\/sv\/product\/wholesale-kulx-8000-puffs-disposable-vape\/","og_locale":"sv_SE","og_type":"article","og_title":"Wholesale Kulx 8000 Puffs Disposable Vape 2% 5% Nicotine - vapebulkp.com","og_description":"Wholesale Kulx 8000 Puffs Disposable Vape Germany Vape ergonomic design fits perfectly in your hand and is compact enough to slip into your pocket or purse.","og_url":"https:\/\/vapebulkp.com\/sv\/product\/wholesale-kulx-8000-puffs-disposable-vape\/","og_site_name":"vapebulkp.com","article_modified_time":"2025-09-08T03:39:48+00:00","og_image":[{"width":2560,"height":2560,"url":"http:\/\/vapebulkp.com\/wp-content\/uploads\/2023\/09\/kULX-8000-PUFF-6-scaled.jpg","type":"image\/jpeg"}],"twitter_card":"summary_large_image","twitter_misc":{"Ber\u00e4knad l\u00e4stid":"3 minuter"},"schema":{"@context":"https:\/\/schema.org","@graph":[{"@type":"WebPage","@id":"https:\/\/vapebulkp.com\/product\/wholesale-kulx-8000-puffs-disposable-vape\/","url":"https:\/\/vapebulkp.com\/product\/wholesale-kulx-8000-puffs-disposable-vape\/","name":"Wholesale Kulx 8000 Puffs Disposable Vape 2% 5% Nicotine - vapebulkp.com","isPartOf":{"@id":"https:\/\/vapebulkp.com\/#website"},"datePublished":"2023-09-20T09:39:19+00:00","dateModified":"2025-09-08T03:39:48+00:00","description":"Wholesale Kulx 8000 Puffs Disposable Vape Germany Vape ergonomic design fits perfectly in your hand and is compact enough to slip into your pocket or purse.","breadcrumb":{"@id":"https:\/\/vapebulkp.com\/product\/wholesale-kulx-8000-puffs-disposable-vape\/#breadcrumb"},"inLanguage":"sv-SE","potentialAction":[{"@type":"ReadAction","target":["https:\/\/vapebulkp.com\/product\/wholesale-kulx-8000-puffs-disposable-vape\/"]}]},{"@type":"BreadcrumbList","@id":"https:\/\/vapebulkp.com\/product\/wholesale-kulx-8000-puffs-disposable-vape\/#breadcrumb","itemListElement":[{"@type":"ListItem","position":1,"name":"Home","item":"https:\/\/vapebulkp.com\/"},{"@type":"ListItem","position":2,"name":"Hot Trend Vapes","item":"https:\/\/vapebulkp.com\/vape-shop\/"},{"@type":"ListItem","position":3,"name":"Wholesale Kulx 8000 Puffs Disposable Vape 2% 5% Nicotine"}]},{"@type":"WebSite","@id":"https:\/\/vapebulkp.com\/#website","url":"https:\/\/vapebulkp.com\/","name":"vapebulkp.com","description":"Buy Vape In Cheap Bulk Price Near you","publisher":{"@id":"https:\/\/vapebulkp.com\/#organization"},"potentialAction":[{"@type":"SearchAction","target":{"@type":"EntryPoint","urlTemplate":"https:\/\/vapebulkp.com\/?s={search_term_string}"},"query-input":"required name=search_term_string"}],"inLanguage":"sv-SE"},{"@type":"Organization","@id":"https:\/\/vapebulkp.com\/#organization","name":"vapebulkp.com","url":"https:\/\/vapebulkp.com\/","logo":{"@type":"ImageObject","inLanguage":"sv-SE","@id":"https:\/\/vapebulkp.com\/#\/schema\/logo\/image\/","url":"https:\/\/vapebulkp.com\/wp-content\/uploads\/2023\/09\/cropped-vapebulkp.png","contentUrl":"https:\/\/vapebulkp.com\/wp-content\/uploads\/2023\/09\/cropped-vapebulkp.png","width":516,"height":163,"caption":"vapebulkp.com"},"image":{"@id":"https:\/\/vapebulkp.com\/#\/schema\/logo\/image\/"}}]}},"uagb_featured_image_src":{"full":["https:\/\/vapebulkp.com\/wp-content\/uploads\/2023\/09\/kULX-8000-PUFF-6-scaled.jpg",2560,2560,false],"thumbnail":["https:\/\/vapebulkp.com\/wp-content\/uploads\/2023\/09\/kULX-8000-PUFF-6-150x150.jpg",150,150,true],"medium":["https:\/\/vapebulkp.com\/wp-content\/uploads\/2023\/09\/kULX-8000-PUFF-6-300x300.jpg",300,300,true],"medium_large":["https:\/\/vapebulkp.com\/wp-content\/uploads\/2023\/09\/kULX-8000-PUFF-6-768x768.jpg",768,768,true],"large":["https:\/\/vapebulkp.com\/wp-content\/uploads\/2023\/09\/kULX-8000-PUFF-6-1024x1024.jpg",1024,1024,true],"1536x1536":["https:\/\/vapebulkp.com\/wp-content\/uploads\/2023\/09\/kULX-8000-PUFF-6-1536x1536.jpg",1536,1536,true],"2048x2048":["https:\/\/vapebulkp.com\/wp-content\/uploads\/2023\/09\/kULX-8000-PUFF-6-2048x2048.jpg",2048,2048,true],"trp-custom-language-flag":["https:\/\/vapebulkp.com\/wp-content\/uploads\/2023\/09\/kULX-8000-PUFF-6-scaled.jpg",12,12,false],"woocommerce_thumbnail":["https:\/\/vapebulkp.com\/wp-content\/uploads\/2023\/09\/kULX-8000-PUFF-6-300x300.jpg",300,300,true],"woocommerce_single":["https:\/\/vapebulkp.com\/wp-content\/uploads\/2023\/09\/kULX-8000-PUFF-6-600x600.jpg",600,600,true],"woocommerce_gallery_thumbnail":["https:\/\/vapebulkp.com\/wp-content\/uploads\/2023\/09\/kULX-8000-PUFF-6-100x100.jpg",100,100,true],"wcpr-photo-reviews":["https:\/\/vapebulkp.com\/wp-content\/uploads\/2023\/09\/kULX-8000-PUFF-6-scaled.jpg",500,500,false]},"uagb_author_info":{"display_name":"Mandy vape bulk price","author_link":"https:\/\/vapebulkp.com\/sv\/author\/"},"uagb_comment_info":1,"uagb_excerpt":"kulx 8000 puffs The emergence of disposable e-cigarettes is far ahead of the forefront of e-cigarettes. This disposable e-cigarette can hold 8,000 puffs, so you don\u2019t have to worry about running out of power during long journeys. Pls Contact Mandy's WhatsApp For Discount Price+8618077105796 NOTE: Prices on our website does not include shipping costs","_links":{"self":[{"href":"https:\/\/vapebulkp.com\/sv\/wp-json\/wp\/v2\/product\/1547","targetHints":{"allow":["GET"]}}],"collection":[{"href":"https:\/\/vapebulkp.com\/sv\/wp-json\/wp\/v2\/product"}],"about":[{"href":"https:\/\/vapebulkp.com\/sv\/wp-json\/wp\/v2\/types\/product"}],"replies":[{"embeddable":true,"href":"https:\/\/vapebulkp.com\/sv\/wp-json\/wp\/v2\/comments?post=1547"}],"wp:featuredmedia":[{"embeddable":true,"href":"https:\/\/vapebulkp.com\/sv\/wp-json\/wp\/v2\/media\/1554"}],"wp:attachment":[{"href":"https:\/\/vapebulkp.com\/sv\/wp-json\/wp\/v2\/media?parent=1547"}],"wp:term":[{"taxonomy":"product_cat","embeddable":true,"href":"https:\/\/vapebulkp.com\/sv\/wp-json\/wp\/v2\/product_cat?post=1547"},{"taxonomy":"product_tag","embeddable":true,"href":"https:\/\/vapebulkp.com\/sv\/wp-json\/wp\/v2\/product_tag?post=1547"}],"curies":[{"name":"wp","href":"https:\/\/api.w.org\/{rel}","templated":true}]}}