{"id":1600,"date":"2023-09-28T03:50:03","date_gmt":"2023-09-28T01:50:03","guid":{"rendered":"https:\/\/vapebulkp.com\/?post_type=product&#038;p=1600"},"modified":"2025-09-01T05:27:01","modified_gmt":"2025-09-01T03:27:01","slug":"bulk-buy-kulx-vape-8800-puffs-wholesale-germany","status":"publish","type":"product","link":"https:\/\/vapebulkp.com\/sv\/produkt\/bulk-buy-kulx-vape-8800-puffs-wholesale-germany\/","title":{"rendered":"Partik\u00f6p Kulx vape 8800 bloss Partihandel Sverige"},"content":{"rendered":"<h2>Vad \u00e4r Bulk K\u00f6p Kulx vape 8800 Puffs Grossist Sverige?<\/h2>\n<p data-start=\"157\" data-end=\"407\">Kulx vape 8800 Puffs \u00e4r en h\u00f6gkapacitets <strong data-start=\"205\" data-end=\"237\">uppladdningsbar eng\u00e5ngsvape<\/strong> designad f\u00f6r j\u00e4mna, smakrika drag. Varje enhet levereras fulladdad och f\u00f6rfylld och ger upp till 8 800 bloss av fyllig \u00e5nga med konsekvent nikotintillfredsst\u00e4llelse.<\/p>\n<p data-start=\"409\" data-end=\"673\">Kompakt och portabel, denna Vape Bulkk\u00f6pspris <strong data-start=\"436\" data-end=\"471\">Kulx 8800 Puffs Eng\u00e5ngs Vape<\/strong> \u00e4r perfekt f\u00f6r dagligt bruk, resor eller grossistbest\u00e4llningar i hela Sverige och EU. \u00d6ppna helt enkelt enheten, andas in och njut av t\u00e4ta moln och dj\u00e4rv smak utan kr\u00e5ngel med p\u00e5fyllning eller underh\u00e5ll.<\/p>\n<p data-start=\"675\" data-end=\"988\">Med premium e-v\u00e4tskeformulering och p\u00e5litlig batteriprestanda, den <strong data-start=\"747\" data-end=\"765\">Kulx Vape 8800 puffs vape-pods<\/strong> erbjuder en tillfredsst\u00e4llande hals-tr\u00e4ff och j\u00e4mn \u00e5nga, vilket g\u00f6r den till ett idealiskt val f\u00f6r nikotinsaltentusiaster och erfarna vapers. Finns i flera smaker, den ger ett m\u00e5ngsidigt vaping-alternativ f\u00f6r alla smakpreferenser.<\/p>\n<p><img decoding=\"async\" class=\"alignnone wp-image-1682\" src=\"http:\/\/vapebulkp.com\/wp-content\/uploads\/2023\/09\/Disposable-POD-flavour-Blueberry-Raspberry-ice-1-scaled.jpg\" alt=\"Eng\u00e5ngs POD smak Bl\u00e5b\u00e4r Hallon is\" width=\"595\" height=\"458\" srcset=\"https:\/\/vapebulkp.com\/wp-content\/uploads\/2023\/09\/Disposable-POD-flavour-Blueberry-Raspberry-ice-1-scaled.jpg 2560w, https:\/\/vapebulkp.com\/wp-content\/uploads\/2023\/09\/Disposable-POD-flavour-Blueberry-Raspberry-ice-1-300x231.jpg 300w, https:\/\/vapebulkp.com\/wp-content\/uploads\/2023\/09\/Disposable-POD-flavour-Blueberry-Raspberry-ice-1-1024x787.jpg 1024w, https:\/\/vapebulkp.com\/wp-content\/uploads\/2023\/09\/Disposable-POD-flavour-Blueberry-Raspberry-ice-1-768x591.jpg 768w, https:\/\/vapebulkp.com\/wp-content\/uploads\/2023\/09\/Disposable-POD-flavour-Blueberry-Raspberry-ice-1-1536x1181.jpg 1536w, https:\/\/vapebulkp.com\/wp-content\/uploads\/2023\/09\/Disposable-POD-flavour-Blueberry-Raspberry-ice-1-2048x1575.jpg 2048w, https:\/\/vapebulkp.com\/wp-content\/uploads\/2023\/09\/Disposable-POD-flavour-Blueberry-Raspberry-ice-1-600x461.jpg 600w\" sizes=\"(max-width: 595px) 100vw, 595px\" \/><\/p>\n<h6 style=\"text-align: left\"><\/h6>\n<h6>Kontakta Mandy via WhatsApp f\u00f6r rabatterat pris<a href=\"https:\/\/wa.me\/8618077105796\">+8618077105796<\/a><\/h6>\n<p><img decoding=\"async\" class=\"alignnone wp-image-2151\" src=\"http:\/\/vapebulkp.com\/wp-content\/uploads\/2024\/04\/Mandy-WhatsApp-Randm.jpg\" alt=\"Mandy WhatsApp Randm\" width=\"247\" height=\"263\" srcset=\"https:\/\/vapebulkp.com\/wp-content\/uploads\/2024\/04\/Mandy-WhatsApp-Randm.jpg 916w, https:\/\/vapebulkp.com\/wp-content\/uploads\/2024\/04\/Mandy-WhatsApp-Randm-282x300.jpg 282w, https:\/\/vapebulkp.com\/wp-content\/uploads\/2024\/04\/Mandy-WhatsApp-Randm-768x817.jpg 768w, https:\/\/vapebulkp.com\/wp-content\/uploads\/2024\/04\/Mandy-WhatsApp-Randm-600x638.jpg 600w\" sizes=\"(max-width: 247px) 100vw, 247px\" \/><\/p>\n<h2><span style=\"vertical-align: inherit\">T\u00e4nkte att du kanske vill veta om Bulk K\u00f6p Kulx 8800 Puffs Eng\u00e5ngs VAPE:<\/span><\/h2>\n<p>&nbsp;<\/p>\n<h5 class=\"style-scope ytd-watch-metadata\">1. Hur man anv\u00e4nder Bulk K\u00f6p Kulx 8800 Vape Penna?<\/h5>\n<p>Steg 1. Innan du anv\u00e4nder 8.8k bloss, dra ur plastr\u00f6ret.<\/p>\n<p>Steg 2. V\u00e4nta cirka 3 minuter tills juicen kommer in i spolen inuti.<\/p>\n<p>Steg 3. Njut av det<\/p>\n<h5>2. HUR MAN LADDAR ENG\u00c5NGS VAPE Kulx 8800 BLOSS-ENHETEN?<\/h5>\n<p>Snabbladdare kan inte anv\u00e4ndas, och den s\u00e4kra standardeffekten f\u00f6r eng\u00e5ngs-e-cigaretter \u00e4r 5V 1A.<\/p>\n<p>Varje laddningstid f\u00e5r inte \u00f6verstiga 1 timme, och den s\u00e4kra laddningstiden \u00e4r en halvtimme.<\/p>\n<p><span style=\"color: #ff6600\">Observera: kan inte ladda om hela natten!<\/span><\/p>\n<h5>3. Vad \u00e4r e-v\u00e4tskekapaciteten f\u00f6r Kulx vape 8800 Puff?<\/h5>\n<p>\u2014\u201418ml<\/p>\n<h5>4. Hur m\u00e5nga bloss kan jag ta av denna Kulx 8800 Puffs?<\/h5>\n<p>\u2014\u20138800Bloss<\/p>\n<h3><strong><span style=\"vertical-align: inherit\">Specifikation f\u00f6r Kulx 8800 Puffs:<\/span><br \/>\n<\/strong><\/h3>\n<p>Batteri: 650mAh (Typ C)<br \/>\nKapacitet: 18ml<br \/>\nSpole: 0.8 ohm mesh<br \/>\nBer\u00e4knad sugvolym: 8800 bloss<br \/>\nPlus nikotinstyrka: 2%,5%<br \/>\nMin. best\u00e4llning: 50 stycken<\/p>\n<h3><strong>\u00a0<\/strong><strong style=\"font-size: 19.2px;font-style: normal\">Kulx 8800 Puffs Eng\u00e5ngsvape Grossistpris Smakalternativ:<\/strong><\/h3>\n<ol>\n<li>Vattenmelon Is<\/li>\n<li>Bl\u00e5b\u00e4r Hallon Is<\/li>\n<li>Jordgubb Vattenmelon<\/li>\n<li>Blandade B\u00e4r<\/li>\n<li>Bl\u00e5b\u00e4r P\u00e5 Is<\/li>\n<li>Jordgubb\u00a0Kiwi<\/li>\n<li>Mango Persika Is<\/li>\n<li>Ananas Mango Is<\/li>\n<li>Persika Is<\/li>\n<li>Ananas Mango Is<\/li>\n<li>Bl\u00e5b\u00e4r Mynta<\/li>\n<li>Ensam Druva<\/li>\n<\/ol>\n<p><a href=\"https:\/\/vapebulkp.com\/sv\/produkt\/popular-randm-tornado-7000puffs-disposable-vape-best-price\/\">Randm tornado 7000 bloss\u00a0<\/a><\/p>\n<p><span style=\"vertical-align: inherit\">Hitta fler produkter du kanske gillar:<\/span><em><a href=\"https:\/\/wa.me\/8618077105796\"><span style=\"vertical-align: inherit\">\u00a0K\u00f6p nu<\/span><\/a><\/em><\/p>\n<p><span style=\"vertical-align: inherit\">Andra Puffs du kanske gillar:<\/span><a href=\"https:\/\/vapebulkp.com\/sv\/produkt\/good-sale-bang-de-8500puffs-wholesale-price\/\"><span style=\"vertical-align: inherit\">Bang DE 8500 Puffar<\/span><\/a><span style=\"vertical-align: inherit\">\u3001<\/span><a href=\"https:\/\/vapebulkp.com\/sv\/produkt\/fumot-digital-box-12000-disposable-vape-wholesale\/\"><span style=\"vertical-align: inherit\">Fomot Digital Box 12000 Puffar<\/span><\/a><span style=\"vertical-align: inherit\">\/ <\/span><a href=\"https:\/\/vapebulkp.com\/sv\/produkt\/popular-kulx-10000puffs-disposable-vape-good-price\/\"><span style=\"vertical-align: inherit\">Kulx 10000 bloss<\/span><\/a><span style=\"vertical-align: inherit\">\/ <\/span><a href=\"https:\/\/vapebulkp.com\/sv\/produkt\/bang-king-12000puffs\/\"><span style=\"vertical-align: inherit\">Bang King 12000 Puffar<\/span><\/a><\/p>\n<p><span style=\"vertical-align: inherit\">E-cigarettflaska med specialform:<\/span><a href=\"https:\/\/vapebulkp.com\/sv\/produkt\/wholesale-kulx-8000-puffs-disposable-vape\/\"><span style=\"vertical-align: inherit\">Kulx vape 8800 Puffar<\/span><\/a><span style=\"vertical-align: inherit\">\/ <\/span><a href=\"https:\/\/vapebulkp.com\/sv\/produkt\/popular-bang-king-10000-puffs-vape-good-price\/\"><span style=\"vertical-align: inherit\">Bang king 10k puffar<\/span><\/a><span style=\"vertical-align: inherit\">\/<\/span><a href=\"https:\/\/vapebulkp.com\/sv\/produkt\/wholesale-kulx-8000-puffs-disposable-vape\/\"><span style=\"vertical-align: inherit\">Kulx 8000 puffar<\/span><\/a><\/p>\n<h4>Produktionskvalifikation:<\/h4>\n<p><img decoding=\"async\" class=\"alignnone size-full wp-image-1841\" src=\"http:\/\/vapebulkp.com\/wp-content\/uploads\/2023\/11\/Vape-production-process-2.jpeg\" alt=\"Vape produktionsprocess\" width=\"650\" height=\"434\" srcset=\"https:\/\/vapebulkp.com\/wp-content\/uploads\/2023\/11\/Vape-production-process-2.jpeg 650w, https:\/\/vapebulkp.com\/wp-content\/uploads\/2023\/11\/Vape-production-process-2-300x200.jpeg 300w, https:\/\/vapebulkp.com\/wp-content\/uploads\/2023\/11\/Vape-production-process-2-600x401.jpeg 600w\" sizes=\"(max-width: 650px) 100vw, 650px\" \/><\/p>\n<p><img decoding=\"async\" class=\"alignnone size-full wp-image-1843\" src=\"http:\/\/vapebulkp.com\/wp-content\/uploads\/2023\/11\/Vape-production-process.jpeg\" alt=\"Vape produktionsprocess\" width=\"641\" height=\"1026\" srcset=\"https:\/\/vapebulkp.com\/wp-content\/uploads\/2023\/11\/Vape-production-process.jpeg 641w, https:\/\/vapebulkp.com\/wp-content\/uploads\/2023\/11\/Vape-production-process-187x300.jpeg 187w, https:\/\/vapebulkp.com\/wp-content\/uploads\/2023\/11\/Vape-production-process-640x1024.jpeg 640w, https:\/\/vapebulkp.com\/wp-content\/uploads\/2023\/11\/Vape-production-process-600x960.jpeg 600w\" sizes=\"(max-width: 641px) 100vw, 641px\" \/><\/p>\n<h5>Vanliga fr\u00e5gor och svar:<\/h5>\n<p>F: Vad \u00e4r minsta best\u00e4llningskvantitet (MOQ) f\u00f6r Kulx vape 8800 Puffs?<br \/>\nS: Minsta best\u00e4llning \u00e4r 100st.<br \/>\nF: Vad \u00e4r leveranstiden f\u00f6r den best\u00e4llda vapen?<br \/>\nS: Vanligtvis \u00e4r det 10-15 dagar efter leverans<br \/>\nF: Hur mycket kostar frakten? S: Fraktkostnaden beror p\u00e5 vikten. Olika kvantiteter har olika fraktkostnader, v\u00e4nligen kontakta oss f\u00f6r att bekr\u00e4fta fraktkostnaden.<\/p>\n<h4>Leveransdetaljer:<\/h4>\n<p><span style=\"color: #ff6600\">Produktionstid: 5-10 arbetsdagar<\/span><br \/>\n<span style=\"color: #ff6600\">Leveranstid: 8-14 arbetsdagar<\/span><\/p>\n<p>Alla produkter i v\u00e5r butik \u00e4r 100% originala och autentiska, d\u00e4rf\u00f6r \u00e4r Tiofaldig ers\u00e4ttning f\u00f6r falska varor v\u00e5r butikspolicy. Vi anv\u00e4nder logistikkanaler som UPS\/DHL\/FEDEX\/DPD f\u00f6r att leverera varor till dig.<\/p>\n<p>F\u00f6r paket som skickas inom Sverige tar det vanligtvis 10 arbetsdagar att anl\u00e4nda. Leveranser till andra europeiska l\u00e4nder tar vanligtvis 12 till 15 arbetsdagar att anl\u00e4nda. Vi uppdaterar logistikinformationen f\u00f6r dig i realtid.<\/p>\n<h3>Bra service efter k\u00f6p:<\/h3>\n<p><span style=\"color: #ff6600\">Obs: Inga \u00e5terbetalningar eller byten f\u00f6r problem som inte \u00e4r relaterade till kvalitet<\/span><br \/>\n1. Kunder kan v\u00e4lja den smak de vill ha, men om smaken \u00e4r slut i lager kommer produktionsavdelningen att v\u00e4lja en popul\u00e4r smak som ers\u00e4ttning. Kunder har inte r\u00e4tt att beg\u00e4ra \u00e5terbetalning eller byte baserat p\u00e5 smaker.<\/p>\n<p>2. N\u00e4r kvalitetsproblem uppst\u00e5r, v\u00e4nligen tillhandah\u00e5ll specifika video- och bildbeskrivningar.<br \/>\nOm du inte kan tillhandah\u00e5lla bevis som videor och foton kan varorna inte bytas ut.<\/p>","protected":false},"excerpt":{"rendered":"<p>Bulk Kulx vape 8800 Puffs grossist Sverige framst\u00e5r som det fr\u00e4msta valet f\u00f6r individer som s\u00f6ker b\u00e5de bekv\u00e4mlighet och f\u00f6rstklassig kvalitet. Utrustad med ett robust inbyggt 650mAh-batteri garanterar detta kit konsekvent och l\u00e5ngvarig prestanda.<\/p>\n<p><img decoding=\"async\" class=\"alignnone wp-image-2151\" src=\"http:\/\/vapebulkp.com\/wp-content\/uploads\/2024\/04\/Mandy-WhatsApp-Randm.jpg\" alt=\"Mandy WhatsApp Randm\" width=\"234\" height=\"249\" srcset=\"https:\/\/vapebulkp.com\/wp-content\/uploads\/2024\/04\/Mandy-WhatsApp-Randm.jpg 916w, https:\/\/vapebulkp.com\/wp-content\/uploads\/2024\/04\/Mandy-WhatsApp-Randm-282x300.jpg 282w, https:\/\/vapebulkp.com\/wp-content\/uploads\/2024\/04\/Mandy-WhatsApp-Randm-768x817.jpg 768w, https:\/\/vapebulkp.com\/wp-content\/uploads\/2024\/04\/Mandy-WhatsApp-Randm-600x638.jpg 600w\" sizes=\"(max-width: 234px) 100vw, 234px\" \/><\/p>\n<p>Kontakta Mandy via WhatsApp f\u00f6r rabatterat pris<a href=\"https:\/\/wa.me\/8618077105796\">+8618077105796<\/a><\/p>\n<p><span style=\"color: #ff0000\">OBS: Priserna p\u00e5 v\u00e5r webbplats inkluderar inte fraktkostnader<\/span><\/p>","protected":false},"featured_media":1678,"comment_status":"open","ping_status":"closed","template":"","meta":{"_uag_custom_page_level_css":"","_lmt_disableupdate":"no","_lmt_disable":"","site-sidebar-layout":"default","site-content-layout":"content-boxed-container","ast-site-content-layout":"normal-width-container","site-content-style":"boxed","site-sidebar-style":"unboxed","ast-global-header-display":"","ast-banner-title-visibility":"","ast-main-header-display":"","ast-hfb-above-header-display":"","ast-hfb-below-header-display":"","ast-hfb-mobile-header-display":"","site-post-title":"","ast-breadcrumbs-content":"","ast-featured-img":"","footer-sml-layout":"","theme-transparent-header-meta":"default","adv-header-id-meta":"","stick-header-meta":"","header-above-stick-meta":"","header-main-stick-meta":"","header-below-stick-meta":"","astra-migrate-meta-layouts":"set","_joinchat":[]},"product_cat":[153,155,33,59,100,87,34,158,157,154,152,58,84,156,63,32],"product_tag":[60,36,37,41,40],"class_list":["post-1600","product","type-product","status-publish","has-post-thumbnail","hentry","product_cat-hot-disposable-vapes","product_cat-belgium-hot-disposable-vapes","product_cat-france-vape-hot-sale","product_cat-germany-hot-disposable-vape","product_cat-germany-wholesale-vape-shop","product_cat-minimum-order-quantity-50pcs","product_cat-netherlands-vape-good-sale","product_cat-norway-hot-disposable-vapes","product_cat-poland-hot-disposable-vapes","product_cat-portugal-hot-disposable-vapes","product_cat-spain-hot-disposable-vapes","product_cat-sweden-hot-disposable-vape","product_cat-sweden-wholesale-vape","product_cat-switzerland-hot-disposable-vapes","product_cat-top-sale-disposable-vape","product_cat-vape-hot-sale-this-week","product_tag-8800-puffs","product_tag-good-vape","product_tag-hot-sale-disposable-vape","product_tag-poland-hot-vape","product_tag-sweden-hot-vape","desktop-align-left","tablet-align-left","mobile-align-left"],"yoast_head":"<!-- This site is optimized with the Yoast SEO plugin v21.1 - https:\/\/yoast.com\/wordpress\/plugins\/seo\/ -->\n<title>Bulk Buy Kulx vape 8800 Puffs Wholesale Germany - vapebulkp.com<\/title>\n<meta name=\"description\" content=\"Bulk Buy Kulx vape 8800 Puffs Wholesale Germany stands out as the prime selection for individuals seeking both convenience and top-notch quality. Equipped with a robust built-in 650mAh battery, this kit guarantees consistent and long-lasting performance.\" \/>\n<meta name=\"robots\" content=\"index, follow, max-snippet:-1, max-image-preview:large, max-video-preview:-1\" \/>\n<link rel=\"canonical\" href=\"https:\/\/vapebulkp.com\/sv\/produkt\/bulk-buy-kulx-vape-8800-puffs-wholesale-germany\/\" \/>\n<meta property=\"og:locale\" content=\"sv_SE\" \/>\n<meta property=\"og:type\" content=\"article\" \/>\n<meta property=\"og:title\" content=\"Bulk Buy Kulx vape 8800 Puffs Wholesale Germany - vapebulkp.com\" \/>\n<meta property=\"og:description\" content=\"Bulk Buy Kulx vape 8800 Puffs Wholesale Germany stands out as the prime selection for individuals seeking both convenience and top-notch quality. Equipped with a robust built-in 650mAh battery, this kit guarantees consistent and long-lasting performance.\" \/>\n<meta property=\"og:url\" content=\"https:\/\/vapebulkp.com\/sv\/produkt\/bulk-buy-kulx-vape-8800-puffs-wholesale-germany\/\" \/>\n<meta property=\"og:site_name\" content=\"vapebulkp.com\" \/>\n<meta property=\"article:modified_time\" content=\"2025-09-01T03:27:01+00:00\" \/>\n<meta property=\"og:image\" content=\"http:\/\/vapebulkp.com\/wp-content\/uploads\/2023\/09\/Electronic-Vape-flavour-Mango-peach-ice.jpg\" \/>\n\t<meta property=\"og:image:width\" content=\"1500\" \/>\n\t<meta property=\"og:image:height\" content=\"1500\" \/>\n\t<meta property=\"og:image:type\" content=\"image\/jpeg\" \/>\n<meta name=\"twitter:card\" content=\"summary_large_image\" \/>\n<meta name=\"twitter:label1\" content=\"Ber\u00e4knad l\u00e4stid\" \/>\n\t<meta name=\"twitter:data1\" content=\"4 minuter\" \/>\n<script type=\"application\/ld+json\" class=\"yoast-schema-graph\">{\"@context\":\"https:\/\/schema.org\",\"@graph\":[{\"@type\":\"WebPage\",\"@id\":\"https:\/\/vapebulkp.com\/product\/bulk-buy-kulx-vape-8800-puffs-wholesale-germany\/\",\"url\":\"https:\/\/vapebulkp.com\/product\/bulk-buy-kulx-vape-8800-puffs-wholesale-germany\/\",\"name\":\"Bulk Buy Kulx vape 8800 Puffs Wholesale Germany - vapebulkp.com\",\"isPartOf\":{\"@id\":\"https:\/\/vapebulkp.com\/#website\"},\"datePublished\":\"2023-09-28T01:50:03+00:00\",\"dateModified\":\"2025-09-01T03:27:01+00:00\",\"description\":\"Bulk Buy Kulx vape 8800 Puffs Wholesale Germany stands out as the prime selection for individuals seeking both convenience and top-notch quality. Equipped with a robust built-in 650mAh battery, this kit guarantees consistent and long-lasting performance.\",\"breadcrumb\":{\"@id\":\"https:\/\/vapebulkp.com\/product\/bulk-buy-kulx-vape-8800-puffs-wholesale-germany\/#breadcrumb\"},\"inLanguage\":\"sv-SE\",\"potentialAction\":[{\"@type\":\"ReadAction\",\"target\":[\"https:\/\/vapebulkp.com\/product\/bulk-buy-kulx-vape-8800-puffs-wholesale-germany\/\"]}]},{\"@type\":\"BreadcrumbList\",\"@id\":\"https:\/\/vapebulkp.com\/product\/bulk-buy-kulx-vape-8800-puffs-wholesale-germany\/#breadcrumb\",\"itemListElement\":[{\"@type\":\"ListItem\",\"position\":1,\"name\":\"Home\",\"item\":\"https:\/\/vapebulkp.com\/\"},{\"@type\":\"ListItem\",\"position\":2,\"name\":\"Hot Trend Vapes\",\"item\":\"https:\/\/vapebulkp.com\/vape-shop\/\"},{\"@type\":\"ListItem\",\"position\":3,\"name\":\"Bulk Buy Kulx vape 8800 Puffs Wholesale Germany\"}]},{\"@type\":\"WebSite\",\"@id\":\"https:\/\/vapebulkp.com\/#website\",\"url\":\"https:\/\/vapebulkp.com\/\",\"name\":\"vapebulkp.com\",\"description\":\"Buy Vape In Cheap Bulk Price Near you\",\"publisher\":{\"@id\":\"https:\/\/vapebulkp.com\/#organization\"},\"potentialAction\":[{\"@type\":\"SearchAction\",\"target\":{\"@type\":\"EntryPoint\",\"urlTemplate\":\"https:\/\/vapebulkp.com\/?s={search_term_string}\"},\"query-input\":\"required name=search_term_string\"}],\"inLanguage\":\"sv-SE\"},{\"@type\":\"Organization\",\"@id\":\"https:\/\/vapebulkp.com\/#organization\",\"name\":\"vapebulkp.com\",\"url\":\"https:\/\/vapebulkp.com\/\",\"logo\":{\"@type\":\"ImageObject\",\"inLanguage\":\"sv-SE\",\"@id\":\"https:\/\/vapebulkp.com\/#\/schema\/logo\/image\/\",\"url\":\"https:\/\/vapebulkp.com\/wp-content\/uploads\/2023\/09\/cropped-vapebulkp.png\",\"contentUrl\":\"https:\/\/vapebulkp.com\/wp-content\/uploads\/2023\/09\/cropped-vapebulkp.png\",\"width\":516,\"height\":163,\"caption\":\"vapebulkp.com\"},\"image\":{\"@id\":\"https:\/\/vapebulkp.com\/#\/schema\/logo\/image\/\"}}]}<\/script>\n<!-- \/ Yoast SEO plugin. -->","yoast_head_json":{"title":"Bulk Buy Kulx vape 8800 Puffs Wholesale Germany - vapebulkp.com","description":"Bulk Buy Kulx vape 8800 Puffs Wholesale Germany stands out as the prime selection for individuals seeking both convenience and top-notch quality. Equipped with a robust built-in 650mAh battery, this kit guarantees consistent and long-lasting performance.","robots":{"index":"index","follow":"follow","max-snippet":"max-snippet:-1","max-image-preview":"max-image-preview:large","max-video-preview":"max-video-preview:-1"},"canonical":"https:\/\/vapebulkp.com\/sv\/produkt\/bulk-buy-kulx-vape-8800-puffs-wholesale-germany\/","og_locale":"sv_SE","og_type":"article","og_title":"Bulk Buy Kulx vape 8800 Puffs Wholesale Germany - vapebulkp.com","og_description":"Bulk Buy Kulx vape 8800 Puffs Wholesale Germany stands out as the prime selection for individuals seeking both convenience and top-notch quality. Equipped with a robust built-in 650mAh battery, this kit guarantees consistent and long-lasting performance.","og_url":"https:\/\/vapebulkp.com\/sv\/produkt\/bulk-buy-kulx-vape-8800-puffs-wholesale-germany\/","og_site_name":"vapebulkp.com","article_modified_time":"2025-09-01T03:27:01+00:00","og_image":[{"width":1500,"height":1500,"url":"http:\/\/vapebulkp.com\/wp-content\/uploads\/2023\/09\/Electronic-Vape-flavour-Mango-peach-ice.jpg","type":"image\/jpeg"}],"twitter_card":"summary_large_image","twitter_misc":{"Ber\u00e4knad l\u00e4stid":"4 minuter"},"schema":{"@context":"https:\/\/schema.org","@graph":[{"@type":"WebPage","@id":"https:\/\/vapebulkp.com\/product\/bulk-buy-kulx-vape-8800-puffs-wholesale-germany\/","url":"https:\/\/vapebulkp.com\/product\/bulk-buy-kulx-vape-8800-puffs-wholesale-germany\/","name":"Bulk Buy Kulx vape 8800 Puffs Wholesale Germany - vapebulkp.com","isPartOf":{"@id":"https:\/\/vapebulkp.com\/#website"},"datePublished":"2023-09-28T01:50:03+00:00","dateModified":"2025-09-01T03:27:01+00:00","description":"Bulk Buy Kulx vape 8800 Puffs Wholesale Germany stands out as the prime selection for individuals seeking both convenience and top-notch quality. Equipped with a robust built-in 650mAh battery, this kit guarantees consistent and long-lasting performance.","breadcrumb":{"@id":"https:\/\/vapebulkp.com\/product\/bulk-buy-kulx-vape-8800-puffs-wholesale-germany\/#breadcrumb"},"inLanguage":"sv-SE","potentialAction":[{"@type":"ReadAction","target":["https:\/\/vapebulkp.com\/product\/bulk-buy-kulx-vape-8800-puffs-wholesale-germany\/"]}]},{"@type":"BreadcrumbList","@id":"https:\/\/vapebulkp.com\/product\/bulk-buy-kulx-vape-8800-puffs-wholesale-germany\/#breadcrumb","itemListElement":[{"@type":"ListItem","position":1,"name":"Home","item":"https:\/\/vapebulkp.com\/"},{"@type":"ListItem","position":2,"name":"Hot Trend Vapes","item":"https:\/\/vapebulkp.com\/vape-shop\/"},{"@type":"ListItem","position":3,"name":"Bulk Buy Kulx vape 8800 Puffs Wholesale Germany"}]},{"@type":"WebSite","@id":"https:\/\/vapebulkp.com\/#website","url":"https:\/\/vapebulkp.com\/","name":"vapebulkp.com","description":"Buy Vape In Cheap Bulk Price Near you","publisher":{"@id":"https:\/\/vapebulkp.com\/#organization"},"potentialAction":[{"@type":"SearchAction","target":{"@type":"EntryPoint","urlTemplate":"https:\/\/vapebulkp.com\/?s={search_term_string}"},"query-input":"required name=search_term_string"}],"inLanguage":"sv-SE"},{"@type":"Organization","@id":"https:\/\/vapebulkp.com\/#organization","name":"vapebulkp.com","url":"https:\/\/vapebulkp.com\/","logo":{"@type":"ImageObject","inLanguage":"sv-SE","@id":"https:\/\/vapebulkp.com\/#\/schema\/logo\/image\/","url":"https:\/\/vapebulkp.com\/wp-content\/uploads\/2023\/09\/cropped-vapebulkp.png","contentUrl":"https:\/\/vapebulkp.com\/wp-content\/uploads\/2023\/09\/cropped-vapebulkp.png","width":516,"height":163,"caption":"vapebulkp.com"},"image":{"@id":"https:\/\/vapebulkp.com\/#\/schema\/logo\/image\/"}}]}},"uagb_featured_image_src":{"full":["https:\/\/vapebulkp.com\/wp-content\/uploads\/2023\/09\/Electronic-Vape-flavour-Mango-peach-ice.jpg",1500,1500,false],"thumbnail":["https:\/\/vapebulkp.com\/wp-content\/uploads\/2023\/09\/Electronic-Vape-flavour-Mango-peach-ice-150x150.jpg",150,150,true],"medium":["https:\/\/vapebulkp.com\/wp-content\/uploads\/2023\/09\/Electronic-Vape-flavour-Mango-peach-ice-300x300.jpg",300,300,true],"medium_large":["https:\/\/vapebulkp.com\/wp-content\/uploads\/2023\/09\/Electronic-Vape-flavour-Mango-peach-ice-768x768.jpg",768,768,true],"large":["https:\/\/vapebulkp.com\/wp-content\/uploads\/2023\/09\/Electronic-Vape-flavour-Mango-peach-ice-1024x1024.jpg",1024,1024,true],"1536x1536":["https:\/\/vapebulkp.com\/wp-content\/uploads\/2023\/09\/Electronic-Vape-flavour-Mango-peach-ice.jpg",1500,1500,false],"2048x2048":["https:\/\/vapebulkp.com\/wp-content\/uploads\/2023\/09\/Electronic-Vape-flavour-Mango-peach-ice.jpg",1500,1500,false],"trp-custom-language-flag":["https:\/\/vapebulkp.com\/wp-content\/uploads\/2023\/09\/Electronic-Vape-flavour-Mango-peach-ice.jpg",12,12,false],"woocommerce_thumbnail":["https:\/\/vapebulkp.com\/wp-content\/uploads\/2023\/09\/Electronic-Vape-flavour-Mango-peach-ice-300x300.jpg",300,300,true],"woocommerce_single":["https:\/\/vapebulkp.com\/wp-content\/uploads\/2023\/09\/Electronic-Vape-flavour-Mango-peach-ice-600x600.jpg",600,600,true],"woocommerce_gallery_thumbnail":["https:\/\/vapebulkp.com\/wp-content\/uploads\/2023\/09\/Electronic-Vape-flavour-Mango-peach-ice-100x100.jpg",100,100,true],"wcpr-photo-reviews":["https:\/\/vapebulkp.com\/wp-content\/uploads\/2023\/09\/Electronic-Vape-flavour-Mango-peach-ice.jpg",500,500,false]},"uagb_author_info":{"display_name":"Mandy vape bulk price","author_link":"https:\/\/vapebulkp.com\/sv\/author\/"},"uagb_comment_info":2,"uagb_excerpt":"Bulk Buy Kulx vape 8800 Puffs Wholesale Germany stands out as the prime selection for individuals seeking both convenience and top-notch quality. Equipped with a robust built-in 650mAh battery, this kit guarantees consistent and long-lasting performance. Pls Contact Mandy's WhatsApp For Discount Price+8618077105796 NOTE: Prices on our website does not include shipping costs","_links":{"self":[{"href":"https:\/\/vapebulkp.com\/sv\/wp-json\/wp\/v2\/product\/1600","targetHints":{"allow":["GET"]}}],"collection":[{"href":"https:\/\/vapebulkp.com\/sv\/wp-json\/wp\/v2\/product"}],"about":[{"href":"https:\/\/vapebulkp.com\/sv\/wp-json\/wp\/v2\/types\/product"}],"replies":[{"embeddable":true,"href":"https:\/\/vapebulkp.com\/sv\/wp-json\/wp\/v2\/comments?post=1600"}],"wp:featuredmedia":[{"embeddable":true,"href":"https:\/\/vapebulkp.com\/sv\/wp-json\/wp\/v2\/media\/1678"}],"wp:attachment":[{"href":"https:\/\/vapebulkp.com\/sv\/wp-json\/wp\/v2\/media?parent=1600"}],"wp:term":[{"taxonomy":"product_cat","embeddable":true,"href":"https:\/\/vapebulkp.com\/sv\/wp-json\/wp\/v2\/product_cat?post=1600"},{"taxonomy":"product_tag","embeddable":true,"href":"https:\/\/vapebulkp.com\/sv\/wp-json\/wp\/v2\/product_tag?post=1600"}],"curies":[{"name":"wp","href":"https:\/\/api.w.org\/{rel}","templated":true}]}}