{"id":1609,"date":"2023-09-28T08:50:33","date_gmt":"2023-09-28T06:50:33","guid":{"rendered":"https:\/\/vapebulkp.com\/?post_type=product&#038;p=1609"},"modified":"2025-09-01T05:15:05","modified_gmt":"2025-09-01T03:15:05","slug":"wholesale-tornado-rum-bar-9000-puffs-sweden","status":"publish","type":"product","link":"https:\/\/vapebulkp.com\/sv\/product\/wholesale-tornado-rum-bar-9000-puffs-sweden\/","title":{"rendered":"Grossist Tornado Nya RUM BAR 9000 bloss Sverige"},"content":{"rendered":"<h2>Grossist Tornado RUM BAR 9000 Puffs Sverige<\/h2>\n<p data-start=\"130\" data-end=\"453\">Den <strong data-start=\"134\" data-end=\"178\">Grossist Tornado Ny RUM BAR 9000 Puffs<\/strong> \u00e4r en h\u00f6gpresterande <strong data-start=\"201\" data-end=\"220\">eng\u00e5ngsvape<\/strong> designad f\u00f6r l\u00e5ngvarig tillfredsst\u00e4llelse. Med ett uppladdningsbart 600mAh batteri och Type-C snabbladdning, levererar denna enhet upp till <strong data-start=\"349\" data-end=\"363\">9000 bloss<\/strong> utan avbrott, vilket eliminerar behovet av frekventa omladdningar eller coil-byten.<\/p>\n<p data-start=\"455\" data-end=\"738\">Utrustad med en 18ml e-v\u00e4tsketank och en 0.8\u03a9 mesh coil, producerar den t\u00e4t \u00e5nga och rik smak vid varje bloss. Tillg\u00e4nglig med 2% och 5% nikotinsalt alternativ, erbjuder <strong data-start=\"620\" data-end=\"642\">RUM BAR 9000 Puffar<\/strong> smidiga bloss och konsekvent halsk\u00e4nsla f\u00f6r b\u00e5de nyb\u00f6rjare och erfarna vapers.<\/p>\n<p data-start=\"740\" data-end=\"1002\">Kompakt och b\u00e4rbar, \u00e4r denna premium eng\u00e5ngsvape idealisk f\u00f6r svenska grossistmarknader och detaljhandelsdistribution. Perfekt f\u00f6r kunder som s\u00f6ker en p\u00e5litlig, h\u00f6gkapacitets <strong data-start=\"912\" data-end=\"930\">mesh coil vape<\/strong> med ut\u00f6kad anv\u00e4ndning, snabb smakleverans och problemfritt underh\u00e5ll.<\/p>\n<h6 style=\"text-align: left\"><img decoding=\"async\" class=\"alignnone wp-image-1740\" src=\"http:\/\/vapebulkp.com\/wp-content\/uploads\/2023\/09\/Italy-rum-bar-9000-puff-wholesale-price-1.jpg\" alt=\"Italien rum bar 9000 puff partipris RandM 9000\" width=\"515\" height=\"515\" srcset=\"https:\/\/vapebulkp.com\/wp-content\/uploads\/2023\/09\/Italy-rum-bar-9000-puff-wholesale-price-1.jpg 1280w, https:\/\/vapebulkp.com\/wp-content\/uploads\/2023\/09\/Italy-rum-bar-9000-puff-wholesale-price-1-300x300.jpg 300w, https:\/\/vapebulkp.com\/wp-content\/uploads\/2023\/09\/Italy-rum-bar-9000-puff-wholesale-price-1-1024x1024.jpg 1024w, https:\/\/vapebulkp.com\/wp-content\/uploads\/2023\/09\/Italy-rum-bar-9000-puff-wholesale-price-1-150x150.jpg 150w, https:\/\/vapebulkp.com\/wp-content\/uploads\/2023\/09\/Italy-rum-bar-9000-puff-wholesale-price-1-768x768.jpg 768w, https:\/\/vapebulkp.com\/wp-content\/uploads\/2023\/09\/Italy-rum-bar-9000-puff-wholesale-price-1-600x600.jpg 600w, https:\/\/vapebulkp.com\/wp-content\/uploads\/2023\/09\/Italy-rum-bar-9000-puff-wholesale-price-1-100x100.jpg 100w\" sizes=\"(max-width: 515px) 100vw, 515px\" \/><\/h6>\n<p>&nbsp;<\/p>\n<h6>Kontakta Mandy via WhatsApp f\u00f6r rabatterat pris<a href=\"https:\/\/wa.me\/8618077105796\">+8618077105796<\/a><\/h6>\n<p><img decoding=\"async\" class=\"alignnone wp-image-2151\" src=\"http:\/\/vapebulkp.com\/wp-content\/uploads\/2024\/04\/Mandy-WhatsApp-Randm.jpg\" alt=\"Mandy WhatsApp Randm\" width=\"259\" height=\"275\" srcset=\"https:\/\/vapebulkp.com\/wp-content\/uploads\/2024\/04\/Mandy-WhatsApp-Randm.jpg 916w, https:\/\/vapebulkp.com\/wp-content\/uploads\/2024\/04\/Mandy-WhatsApp-Randm-282x300.jpg 282w, https:\/\/vapebulkp.com\/wp-content\/uploads\/2024\/04\/Mandy-WhatsApp-Randm-768x817.jpg 768w, https:\/\/vapebulkp.com\/wp-content\/uploads\/2024\/04\/Mandy-WhatsApp-Randm-600x638.jpg 600w\" sizes=\"(max-width: 259px) 100vw, 259px\" \/><\/p>\n<h2><span style=\"vertical-align: inherit\">T\u00e4nkte du kanske ville veta om B\u00e4sta Eng\u00e5ngs Vape Rumbar 9000 Puffs\uff1a<\/span><\/h2>\n<p>&nbsp;<\/p>\n<h5>1.VAD \u00c4R E-V\u00c4TSKEKAPACITETEN P\u00c5 RUMBAR 9000 PUFFS?<\/h5>\n<p>Denna enhet har 18ml e-v\u00e4tska.<\/p>\n<h5>2.HUR L\u00c4NGE R\u00c4CKER RUMBAR 9000 Puffs VAPE?<\/h5>\n<p>500 bloss\/dag, kan r\u00e4cka i 24 dagar<br \/>\n1000 bloss\/dag, kan r\u00e4cka i 12 dagar<br \/>\n2000 bloss\/dag, kan r\u00e4cka i 6 dagar<\/p>\n<h5>3.HUR LADDAR MAN ENG\u00c5NGSVAPEN RandM Rumbar 9000PUFFS-ENHETEN\uff1f<\/h5>\n<p>Snabbladdare kan inte anv\u00e4ndas. Den standardm\u00e4ssiga s\u00e4kra effekten f\u00f6r eng\u00e5ngs-e-cigaretter \u00e4r 5V 1A. Varje laddningstid f\u00e5r inte \u00f6verstiga 1 timme, och den s\u00e4kra laddningstiden \u00e4r en halvtimme.<\/p>\n<h3><strong><span style=\"vertical-align: inherit\">Produktspecifikation Vape Rumbar 9000 Puffs\uff1a<\/span><br \/>\n<\/strong><\/h3>\n<p>Batteri: 600mAh (Typ C)<br \/>\nKapacitet: 18 ml<br \/>\nSpole: 0.8 ohm mesh<br \/>\nUngef\u00e4rlig sugvolym: 9000 puffar<br \/>\nPlus nikotinstyrka: 2%,5%<br \/>\nMOQ: 100ST<\/p>\n<h3><strong>Vilka \u00e4r de B\u00e4sta Vape RUM BAR 9000 Puffs Smakerna?<\/strong><\/h3>\n<p>&nbsp;<\/p>\n<p>1)Kall mynta<\/p>\n<p>2)Cola is<\/p>\n<p>3)vattenmelon is<\/p>\n<p>4)Druva is<\/p>\n<p>5)Bl\u00e5b\u00e4r is<\/p>\n<p>6)\u00c4pple is<\/p>\n<p>7)Litchi is<\/p>\n<p>8)Guava is<\/p>\n<p>9)Jordgubbs is<\/p>\n<p>10)Mango is<\/p>\n<p><a href=\"https:\/\/vapebulkp.com\/sv\/product\/wholesale-price-disposable-vape-crystal-600-puffs\/\"><span style=\"vertical-align: inherit\">Bra rea Crystal 600 bloss <\/span><\/a><\/p>\n<p><span style=\"vertical-align: inherit\">Hitta fler produkter du kanske gillar:<\/span><em><a href=\"https:\/\/wa.me\/8618077105796\"><span style=\"vertical-align: inherit\">\u00a0K\u00f6p nu<\/span><\/a><\/em><\/p>\n<p><span style=\"vertical-align: inherit\">Andra Puffs du kanske gillar:<\/span><a href=\"https:\/\/vapebulkp.com\/sv\/product\/bang-king-12000puffs\/\"><span style=\"vertical-align: inherit\">Bang King 12000 Puffar<\/span><\/a><span style=\"vertical-align: inherit\">\u3001<\/span><a href=\"https:\/\/vapebulkp.com\/sv\/product\/wholesale-randm-tornado-9000-puffs-germany\/\"><span style=\"vertical-align: inherit\">RandM Tornado 9000 bloss<\/span><\/a><span style=\"vertical-align: inherit\">\/ <\/span><a href=\"https:\/\/vapebulkp.com\/sv\/product\/popular-kulx-10000puffs-disposable-vape-good-price\/\"><span style=\"vertical-align: inherit\">Kulx 10000 bloss<\/span><\/a><span style=\"vertical-align: inherit\">\/ <\/span><a href=\"https:\/\/vapebulkp.com\/sv\/product\/wholesale-disposbale-vape-sidia-12000puffs\/\"><span style=\"vertical-align: inherit\">SIDIA 12000 Puffar<\/span><\/a><\/p>\n<p><span style=\"vertical-align: inherit\">E-cigarettflaska med specialform:<\/span><a href=\"https:\/\/vapebulkp.com\/sv\/product\/wholesale-kulx-8000-puffs-disposable-vape\/\"><span style=\"vertical-align: inherit\">Kulx 8000 bloss <\/span><\/a><span style=\"vertical-align: inherit\">\/ <\/span><a href=\"https:\/\/vapebulkp.com\/sv\/product\/wholesale-tornado-rum-bar-9000-puffs-sweden\/\"><span style=\"vertical-align: inherit\">Rumbar 9000 bloss\u00a0 <\/span><\/a><span style=\"vertical-align: inherit\">\/<\/span><a href=\"https:\/\/vapebulkp.com\/sv\/product\/fumot-digital-box-12000-disposable-vape-wholesale\/\"><span style=\"vertical-align: inherit\">Fumot Digital Box 12000 bloss <\/span><\/a><\/p>\n<h4>Produktionskvalifikation:<\/h4>\n<p><img decoding=\"async\" class=\"alignnone size-full wp-image-1841\" src=\"http:\/\/vapebulkp.com\/wp-content\/uploads\/2023\/11\/Vape-production-process-2.jpeg\" alt=\"Vape produktionsprocess\" width=\"650\" height=\"434\" srcset=\"https:\/\/vapebulkp.com\/wp-content\/uploads\/2023\/11\/Vape-production-process-2.jpeg 650w, https:\/\/vapebulkp.com\/wp-content\/uploads\/2023\/11\/Vape-production-process-2-300x200.jpeg 300w, https:\/\/vapebulkp.com\/wp-content\/uploads\/2023\/11\/Vape-production-process-2-600x401.jpeg 600w\" sizes=\"(max-width: 650px) 100vw, 650px\" \/><\/p>\n<p><img decoding=\"async\" class=\"alignnone size-full wp-image-1843\" src=\"http:\/\/vapebulkp.com\/wp-content\/uploads\/2023\/11\/Vape-production-process.jpeg\" alt=\"Vape produktionsprocess\" width=\"641\" height=\"1026\" srcset=\"https:\/\/vapebulkp.com\/wp-content\/uploads\/2023\/11\/Vape-production-process.jpeg 641w, https:\/\/vapebulkp.com\/wp-content\/uploads\/2023\/11\/Vape-production-process-187x300.jpeg 187w, https:\/\/vapebulkp.com\/wp-content\/uploads\/2023\/11\/Vape-production-process-640x1024.jpeg 640w, https:\/\/vapebulkp.com\/wp-content\/uploads\/2023\/11\/Vape-production-process-600x960.jpeg 600w\" sizes=\"(max-width: 641px) 100vw, 641px\" \/><\/p>\n<h5>Vanliga fr\u00e5gor och svar:<\/h5>\n<p>F: Vad \u00e4r minsta best\u00e4llningskvantitet f\u00f6r Rumbar 9000 bloss?<br \/>\nS: Minsta best\u00e4llning \u00e4r 100st.<br \/>\nF: Vad \u00e4r leveranstiden f\u00f6r den best\u00e4llda vapen?<br \/>\nS: Vanligtvis \u00e4r det 10-15 dagar efter leverans<br \/>\nF: Hur mycket kostar frakten?S: Fraktkostnaden beror p\u00e5 vikten. Fraktkostnaderna varierar beroende p\u00e5 kvantitet, och fraktkostnaderna i varje land \u00e4r olika. Innan du best\u00e4ller, v\u00e4nligen kontakta oss f\u00f6r att bekr\u00e4fta fraktkostnaden. Vi kommer att ge dig en tillfredsst\u00e4llande shoppingupplevelse.<\/p>\n<h4>Leveransdetaljer:<\/h4>\n<p>Produktionstid: 5-10 arbetsdagar<br \/>\nLeveranstid: 8-14 arbetsdagar<\/p>\n<p>Alla produkter i v\u00e5r butik \u00e4r 100% originala och autentiska, d\u00e4rf\u00f6r \u00e4r Tiofaldig ers\u00e4ttning f\u00f6r falska varor v\u00e5r butikspolicy. Vi anv\u00e4nder logistikkanaler som UPS\/DHL\/FEDEX\/DPD f\u00f6r att leverera varor till dig.<\/p>\n<p>F\u00f6r paket som skickas inom Sverige tar det vanligtvis 10 arbetsdagar att anl\u00e4nda. Leveranser till andra europeiska l\u00e4nder tar vanligtvis 12 till 15 arbetsdagar att anl\u00e4nda. Vi uppdaterar logistikinformationen f\u00f6r dig i realtid.<\/p>\n<h3>Bra service efter k\u00f6p:<\/h3>\n<p>Obs: Inga \u00e5terbetalningar eller byten f\u00f6r problem som inte \u00e4r relaterade till kvalitet<br \/>\n1. Kunder kan v\u00e4lja den smak de vill ha, men om smaken \u00e4r slut i lager kommer produktionsavdelningen att v\u00e4lja en popul\u00e4r smak som ers\u00e4ttning. Kunder har inte r\u00e4tt att beg\u00e4ra \u00e5terbetalning eller byte baserat p\u00e5 smaker.<\/p>\n<p>2. N\u00e4r kvalitetsproblem uppst\u00e5r, v\u00e4nligen tillhandah\u00e5ll specifika video- och bildbeskrivningar.<br \/>\nOm du inte kan tillhandah\u00e5lla bevis som videor och foton kan varorna inte bytas ut.<\/p>","protected":false},"excerpt":{"rendered":"<p>G\u00e5 med i de mest s\u00e5lda e-cigaretterna med RUM BAR 9000Puffs eng\u00e5ngs e-cigaretter. S\u00e4g adj\u00f6 till besv\u00e4ret med traditionella e-cigaretter och njut av friheten med e-cigaretter n\u00e4r som helst och var som helst. Med 18 ml e-cigarettolja kan du uppleva dess unika smak.<\/p>\n<p><img decoding=\"async\" class=\"alignnone wp-image-2151\" src=\"http:\/\/vapebulkp.com\/wp-content\/uploads\/2024\/04\/Mandy-WhatsApp-Randm.jpg\" alt=\"Mandy WhatsApp Randm\" width=\"279\" height=\"296\" srcset=\"https:\/\/vapebulkp.com\/wp-content\/uploads\/2024\/04\/Mandy-WhatsApp-Randm.jpg 916w, https:\/\/vapebulkp.com\/wp-content\/uploads\/2024\/04\/Mandy-WhatsApp-Randm-282x300.jpg 282w, https:\/\/vapebulkp.com\/wp-content\/uploads\/2024\/04\/Mandy-WhatsApp-Randm-768x817.jpg 768w, https:\/\/vapebulkp.com\/wp-content\/uploads\/2024\/04\/Mandy-WhatsApp-Randm-600x638.jpg 600w\" sizes=\"(max-width: 279px) 100vw, 279px\" \/><\/p>\n<p>Kontakta Mandy via WhatsApp f\u00f6r rabatterat pris<a href=\"https:\/\/wa.me\/8618077105796\">+8618077105796<\/a><\/p>\n<p><span style=\"color: #ff0000\">OBS: Priserna p\u00e5 v\u00e5r webbplats inkluderar inte fraktkostnader<\/span><\/p>","protected":false},"featured_media":1733,"comment_status":"open","ping_status":"closed","template":"","meta":{"_uag_custom_page_level_css":"","_lmt_disableupdate":"no","_lmt_disable":"","site-sidebar-layout":"default","site-content-layout":"content-boxed-container","ast-site-content-layout":"normal-width-container","site-content-style":"boxed","site-sidebar-style":"unboxed","ast-global-header-display":"","ast-banner-title-visibility":"","ast-main-header-display":"","ast-hfb-above-header-display":"","ast-hfb-below-header-display":"","ast-hfb-mobile-header-display":"","site-post-title":"","ast-breadcrumbs-content":"","ast-featured-img":"","footer-sml-layout":"","theme-transparent-header-meta":"default","adv-header-id-meta":"","stick-header-meta":"","header-above-stick-meta":"","header-main-stick-meta":"","header-below-stick-meta":"","astra-migrate-meta-layouts":"set","_joinchat":[]},"product_cat":[168,153,155,33,59,100,34,158,157,154,152,58,84,156,63,32],"product_tag":[47,64,36,37,41,74,40],"class_list":["post-1609","product","type-product","status-publish","has-post-thumbnail","hentry","product_cat-9000-puffs-disposable-vape","product_cat-hot-disposable-vapes","product_cat-belgium-hot-disposable-vapes","product_cat-france-vape-hot-sale","product_cat-germany-hot-disposable-vape","product_cat-germany-wholesale-vape-shop","product_cat-netherlands-vape-good-sale","product_cat-norway-hot-disposable-vapes","product_cat-poland-hot-disposable-vapes","product_cat-portugal-hot-disposable-vapes","product_cat-spain-hot-disposable-vapes","product_cat-sweden-hot-disposable-vape","product_cat-sweden-wholesale-vape","product_cat-switzerland-hot-disposable-vapes","product_cat-top-sale-disposable-vape","product_cat-vape-hot-sale-this-week","product_tag-9000puffs","product_tag-france-hot-vape","product_tag-good-vape","product_tag-hot-sale-disposable-vape","product_tag-poland-hot-vape","product_tag-randm-vape","product_tag-sweden-hot-vape","desktop-align-left","tablet-align-left","mobile-align-left"],"yoast_head":"<!-- This site is optimized with the Yoast SEO plugin v21.1 - https:\/\/yoast.com\/wordpress\/plugins\/seo\/ -->\n<title>Wholesale Tornado New RUM BAR 9000 Puffs Sweden - vapebulkp.com<\/title>\n<meta name=\"description\" content=\"Wholesale Price RUM BAR 9000 Puffs German Vape Ergonomically designed perfectly, allows me to carry it easily and has its unique taste\u3002\" \/>\n<meta name=\"robots\" content=\"index, follow, max-snippet:-1, max-image-preview:large, max-video-preview:-1\" \/>\n<link rel=\"canonical\" href=\"https:\/\/vapebulkp.com\/sv\/product\/wholesale-tornado-rum-bar-9000-puffs-sweden\/\" \/>\n<meta property=\"og:locale\" content=\"sv_SE\" \/>\n<meta property=\"og:type\" content=\"article\" \/>\n<meta property=\"og:title\" content=\"Wholesale Tornado New RUM BAR 9000 Puffs Sweden - vapebulkp.com\" \/>\n<meta property=\"og:description\" content=\"Wholesale Price RUM BAR 9000 Puffs German Vape Ergonomically designed perfectly, allows me to carry it easily and has its unique taste\u3002\" \/>\n<meta property=\"og:url\" content=\"https:\/\/vapebulkp.com\/sv\/product\/wholesale-tornado-rum-bar-9000-puffs-sweden\/\" \/>\n<meta property=\"og:site_name\" content=\"vapebulkp.com\" \/>\n<meta property=\"article:modified_time\" content=\"2025-09-01T03:15:05+00:00\" \/>\n<meta property=\"og:image\" content=\"http:\/\/vapebulkp.com\/wp-content\/uploads\/2023\/09\/RAN-TORNADO-9000.jpg\" \/>\n\t<meta property=\"og:image:width\" content=\"600\" \/>\n\t<meta property=\"og:image:height\" content=\"600\" \/>\n\t<meta property=\"og:image:type\" content=\"image\/jpeg\" \/>\n<meta name=\"twitter:card\" content=\"summary_large_image\" \/>\n<meta name=\"twitter:label1\" content=\"Ber\u00e4knad l\u00e4stid\" \/>\n\t<meta name=\"twitter:data1\" content=\"4 minuter\" \/>\n<script type=\"application\/ld+json\" class=\"yoast-schema-graph\">{\"@context\":\"https:\/\/schema.org\",\"@graph\":[{\"@type\":\"WebPage\",\"@id\":\"https:\/\/vapebulkp.com\/product\/wholesale-tornado-rum-bar-9000-puffs-sweden\/\",\"url\":\"https:\/\/vapebulkp.com\/product\/wholesale-tornado-rum-bar-9000-puffs-sweden\/\",\"name\":\"Wholesale Tornado New RUM BAR 9000 Puffs Sweden - vapebulkp.com\",\"isPartOf\":{\"@id\":\"https:\/\/vapebulkp.com\/#website\"},\"datePublished\":\"2023-09-28T06:50:33+00:00\",\"dateModified\":\"2025-09-01T03:15:05+00:00\",\"description\":\"Wholesale Price RUM BAR 9000 Puffs German Vape Ergonomically designed perfectly, allows me to carry it easily and has its unique taste\u3002\",\"breadcrumb\":{\"@id\":\"https:\/\/vapebulkp.com\/product\/wholesale-tornado-rum-bar-9000-puffs-sweden\/#breadcrumb\"},\"inLanguage\":\"sv-SE\",\"potentialAction\":[{\"@type\":\"ReadAction\",\"target\":[\"https:\/\/vapebulkp.com\/product\/wholesale-tornado-rum-bar-9000-puffs-sweden\/\"]}]},{\"@type\":\"BreadcrumbList\",\"@id\":\"https:\/\/vapebulkp.com\/product\/wholesale-tornado-rum-bar-9000-puffs-sweden\/#breadcrumb\",\"itemListElement\":[{\"@type\":\"ListItem\",\"position\":1,\"name\":\"Home\",\"item\":\"https:\/\/vapebulkp.com\/\"},{\"@type\":\"ListItem\",\"position\":2,\"name\":\"Hot Trend Vapes\",\"item\":\"https:\/\/vapebulkp.com\/vape-shop\/\"},{\"@type\":\"ListItem\",\"position\":3,\"name\":\"Wholesale Tornado New RUM BAR 9000 Puffs Sweden\"}]},{\"@type\":\"WebSite\",\"@id\":\"https:\/\/vapebulkp.com\/#website\",\"url\":\"https:\/\/vapebulkp.com\/\",\"name\":\"vapebulkp.com\",\"description\":\"Buy Vape In Cheap Bulk Price Near you\",\"publisher\":{\"@id\":\"https:\/\/vapebulkp.com\/#organization\"},\"potentialAction\":[{\"@type\":\"SearchAction\",\"target\":{\"@type\":\"EntryPoint\",\"urlTemplate\":\"https:\/\/vapebulkp.com\/?s={search_term_string}\"},\"query-input\":\"required name=search_term_string\"}],\"inLanguage\":\"sv-SE\"},{\"@type\":\"Organization\",\"@id\":\"https:\/\/vapebulkp.com\/#organization\",\"name\":\"vapebulkp.com\",\"url\":\"https:\/\/vapebulkp.com\/\",\"logo\":{\"@type\":\"ImageObject\",\"inLanguage\":\"sv-SE\",\"@id\":\"https:\/\/vapebulkp.com\/#\/schema\/logo\/image\/\",\"url\":\"https:\/\/vapebulkp.com\/wp-content\/uploads\/2023\/09\/cropped-vapebulkp.png\",\"contentUrl\":\"https:\/\/vapebulkp.com\/wp-content\/uploads\/2023\/09\/cropped-vapebulkp.png\",\"width\":516,\"height\":163,\"caption\":\"vapebulkp.com\"},\"image\":{\"@id\":\"https:\/\/vapebulkp.com\/#\/schema\/logo\/image\/\"}}]}<\/script>\n<!-- \/ Yoast SEO plugin. -->","yoast_head_json":{"title":"Wholesale Tornado New RUM BAR 9000 Puffs Sweden - vapebulkp.com","description":"Wholesale Price RUM BAR 9000 Puffs German Vape Ergonomically designed perfectly, allows me to carry it easily and has its unique taste\u3002","robots":{"index":"index","follow":"follow","max-snippet":"max-snippet:-1","max-image-preview":"max-image-preview:large","max-video-preview":"max-video-preview:-1"},"canonical":"https:\/\/vapebulkp.com\/sv\/product\/wholesale-tornado-rum-bar-9000-puffs-sweden\/","og_locale":"sv_SE","og_type":"article","og_title":"Wholesale Tornado New RUM BAR 9000 Puffs Sweden - vapebulkp.com","og_description":"Wholesale Price RUM BAR 9000 Puffs German Vape Ergonomically designed perfectly, allows me to carry it easily and has its unique taste\u3002","og_url":"https:\/\/vapebulkp.com\/sv\/product\/wholesale-tornado-rum-bar-9000-puffs-sweden\/","og_site_name":"vapebulkp.com","article_modified_time":"2025-09-01T03:15:05+00:00","og_image":[{"width":600,"height":600,"url":"http:\/\/vapebulkp.com\/wp-content\/uploads\/2023\/09\/RAN-TORNADO-9000.jpg","type":"image\/jpeg"}],"twitter_card":"summary_large_image","twitter_misc":{"Ber\u00e4knad l\u00e4stid":"4 minuter"},"schema":{"@context":"https:\/\/schema.org","@graph":[{"@type":"WebPage","@id":"https:\/\/vapebulkp.com\/product\/wholesale-tornado-rum-bar-9000-puffs-sweden\/","url":"https:\/\/vapebulkp.com\/product\/wholesale-tornado-rum-bar-9000-puffs-sweden\/","name":"Wholesale Tornado New RUM BAR 9000 Puffs Sweden - vapebulkp.com","isPartOf":{"@id":"https:\/\/vapebulkp.com\/#website"},"datePublished":"2023-09-28T06:50:33+00:00","dateModified":"2025-09-01T03:15:05+00:00","description":"Wholesale Price RUM BAR 9000 Puffs German Vape Ergonomically designed perfectly, allows me to carry it easily and has its unique taste\u3002","breadcrumb":{"@id":"https:\/\/vapebulkp.com\/product\/wholesale-tornado-rum-bar-9000-puffs-sweden\/#breadcrumb"},"inLanguage":"sv-SE","potentialAction":[{"@type":"ReadAction","target":["https:\/\/vapebulkp.com\/product\/wholesale-tornado-rum-bar-9000-puffs-sweden\/"]}]},{"@type":"BreadcrumbList","@id":"https:\/\/vapebulkp.com\/product\/wholesale-tornado-rum-bar-9000-puffs-sweden\/#breadcrumb","itemListElement":[{"@type":"ListItem","position":1,"name":"Home","item":"https:\/\/vapebulkp.com\/"},{"@type":"ListItem","position":2,"name":"Hot Trend Vapes","item":"https:\/\/vapebulkp.com\/vape-shop\/"},{"@type":"ListItem","position":3,"name":"Wholesale Tornado New RUM BAR 9000 Puffs Sweden"}]},{"@type":"WebSite","@id":"https:\/\/vapebulkp.com\/#website","url":"https:\/\/vapebulkp.com\/","name":"vapebulkp.com","description":"Buy Vape In Cheap Bulk Price Near you","publisher":{"@id":"https:\/\/vapebulkp.com\/#organization"},"potentialAction":[{"@type":"SearchAction","target":{"@type":"EntryPoint","urlTemplate":"https:\/\/vapebulkp.com\/?s={search_term_string}"},"query-input":"required name=search_term_string"}],"inLanguage":"sv-SE"},{"@type":"Organization","@id":"https:\/\/vapebulkp.com\/#organization","name":"vapebulkp.com","url":"https:\/\/vapebulkp.com\/","logo":{"@type":"ImageObject","inLanguage":"sv-SE","@id":"https:\/\/vapebulkp.com\/#\/schema\/logo\/image\/","url":"https:\/\/vapebulkp.com\/wp-content\/uploads\/2023\/09\/cropped-vapebulkp.png","contentUrl":"https:\/\/vapebulkp.com\/wp-content\/uploads\/2023\/09\/cropped-vapebulkp.png","width":516,"height":163,"caption":"vapebulkp.com"},"image":{"@id":"https:\/\/vapebulkp.com\/#\/schema\/logo\/image\/"}}]}},"uagb_featured_image_src":{"full":["https:\/\/vapebulkp.com\/wp-content\/uploads\/2023\/09\/RAN-TORNADO-9000.jpg",600,600,false],"thumbnail":["https:\/\/vapebulkp.com\/wp-content\/uploads\/2023\/09\/RAN-TORNADO-9000-150x150.jpg",150,150,true],"medium":["https:\/\/vapebulkp.com\/wp-content\/uploads\/2023\/09\/RAN-TORNADO-9000-300x300.jpg",300,300,true],"medium_large":["https:\/\/vapebulkp.com\/wp-content\/uploads\/2023\/09\/RAN-TORNADO-9000.jpg",600,600,false],"large":["https:\/\/vapebulkp.com\/wp-content\/uploads\/2023\/09\/RAN-TORNADO-9000.jpg",600,600,false],"1536x1536":["https:\/\/vapebulkp.com\/wp-content\/uploads\/2023\/09\/RAN-TORNADO-9000.jpg",600,600,false],"2048x2048":["https:\/\/vapebulkp.com\/wp-content\/uploads\/2023\/09\/RAN-TORNADO-9000.jpg",600,600,false],"trp-custom-language-flag":["https:\/\/vapebulkp.com\/wp-content\/uploads\/2023\/09\/RAN-TORNADO-9000.jpg",12,12,false],"woocommerce_thumbnail":["https:\/\/vapebulkp.com\/wp-content\/uploads\/2023\/09\/RAN-TORNADO-9000-300x300.jpg",300,300,true],"woocommerce_single":["https:\/\/vapebulkp.com\/wp-content\/uploads\/2023\/09\/RAN-TORNADO-9000.jpg",600,600,false],"woocommerce_gallery_thumbnail":["https:\/\/vapebulkp.com\/wp-content\/uploads\/2023\/09\/RAN-TORNADO-9000-100x100.jpg",100,100,true],"wcpr-photo-reviews":["https:\/\/vapebulkp.com\/wp-content\/uploads\/2023\/09\/RAN-TORNADO-9000.jpg",500,500,false]},"uagb_author_info":{"display_name":"Mandy vape bulk price","author_link":"https:\/\/vapebulkp.com\/sv\/author\/"},"uagb_comment_info":1,"uagb_excerpt":"Join the ranks of best-selling e-cigarettes with RUM BAR 9000Puffs disposable e-cigarettes. Say goodbye to the troubles of traditional e-cigarettes and enjoy the freedom of e-cigarettes anytime and anywhere. With 18 ml of e-cigarette oil, you can experience its unique taste. Pls Contact Mandy's WhatsApp For Discount Price+8618077105796 NOTE: Prices on our website does not&hellip;","_links":{"self":[{"href":"https:\/\/vapebulkp.com\/sv\/wp-json\/wp\/v2\/product\/1609","targetHints":{"allow":["GET"]}}],"collection":[{"href":"https:\/\/vapebulkp.com\/sv\/wp-json\/wp\/v2\/product"}],"about":[{"href":"https:\/\/vapebulkp.com\/sv\/wp-json\/wp\/v2\/types\/product"}],"replies":[{"embeddable":true,"href":"https:\/\/vapebulkp.com\/sv\/wp-json\/wp\/v2\/comments?post=1609"}],"wp:featuredmedia":[{"embeddable":true,"href":"https:\/\/vapebulkp.com\/sv\/wp-json\/wp\/v2\/media\/1733"}],"wp:attachment":[{"href":"https:\/\/vapebulkp.com\/sv\/wp-json\/wp\/v2\/media?parent=1609"}],"wp:term":[{"taxonomy":"product_cat","embeddable":true,"href":"https:\/\/vapebulkp.com\/sv\/wp-json\/wp\/v2\/product_cat?post=1609"},{"taxonomy":"product_tag","embeddable":true,"href":"https:\/\/vapebulkp.com\/sv\/wp-json\/wp\/v2\/product_tag?post=1609"}],"curies":[{"name":"wp","href":"https:\/\/api.w.org\/{rel}","templated":true}]}}